{"id":3695,"date":"2025-10-02T01:58:23","date_gmt":"2025-10-02T01:58:23","guid":{"rendered":"https:\/\/www.telaled.com\/?post_type=product&#038;p=3695"},"modified":"2026-01-06T09:33:21","modified_gmt":"2026-01-06T09:33:21","slug":"placar-eletronico-para-tenis-serie-tec","status":"publish","type":"product","link":"https:\/\/www.telaled.com\/ko\/fabrica\/placar-eletronico-para-tenis-serie-tec\/","title":{"rendered":"TEC \uc2dc\ub9ac\uc988 \uc804\uc790 \ud14c\ub2c8\uc2a4 \uc2a4\ucf54\uc5b4\ubcf4\ub4dc"},"content":{"rendered":"<div class=\"row\"  id=\"row-771115755\">\n\n\t<div id=\"col-1652740865\" class=\"col small-12 large-12\"  >\n\t\t\t\t<div class=\"col-inner\"  >\n\t\t\t\n\t\t\t\n<h2>\uc758 \ub3c5\uc810\uc801 \uc774\uc810 <span data-sheets-root=\"1\">\ud14c\ub2c8\uc2a4\uc6a9 \uc804\uc790 \uc2a4\ucf54\uc5b4\ubcf4\ub4dc<\/span> TEC \uc2dc\ub9ac\uc988<\/h2>\n<h3><strong>\ub6f0\uc5b4\ub09c \ub0b4\uad6c\uc131<\/strong><\/h3>\n<ul>\n<li>\ud798\ub4e0 \uacbd\uae30 \uc870\uac74\uc5d0 \ub9de\ucdb0 \uac15\ud654\ub41c, \uacf5 \ubc29\uc9c0 \ub514\uc790\uc778.<\/li>\n<li>\uc2e4\ub0b4 \ubc0f \uc2e4\uc678 \ucf54\ud2b8\uc5d0 \uc801\ud569\ud55c \ub0b4\ud6c4\uc131 \uad6c\uc870\uc785\ub2c8\ub2e4.<\/li>\n<li>\uc624\ub798 \uc9c0\uc18d\ub418\uace0 \ub0b4\uad6c\uc131 \uc788\ub294 \uc131\ub2a5.<\/li>\n<\/ul>\n<h3><strong>\ub6f0\uc5b4\ub09c \uc2dc\uac01\uc801 \ud488\uc9c8<\/strong><\/h3>\n<ul>\n<li>\ub9e4\uc6b0 \uc120\uba85\ud558\uace0 \uace0\ud574\uc0c1\ub3c4\uc758 LED \ud654\uba74.<\/li>\n<li>\uc2e4\uc2dc\uac04 \uc810\uc218, \ud1b5\uacc4, \ud0c0\uc774\ubc0d\uc744 \ud55c\ub208\uc5d0 \ud655\uc778\ud558\uc138\uc694.<\/li>\n<li>\uc9c1\uc0ac\uad11\uc120 \uc544\ub798\uc5d0\uc11c\ub3c4 \ub208\uc5d0 \uc798 \ub755\ub2c8\ub2e4.<\/li>\n<\/ul>\n<h3><strong>\uc644\ubcbd\ud55c \uc801\uc751\ub825<\/strong><\/h3>\n<ul>\n<li>\uc5b4\ub5a4 \uc704\uce58\uc5d0\ub3c4 \uc801\ud569\ud55c \uc720\uc5f0\ud55c \ud06c\uae30 \ubc0f \uc219\ubc15 \uc635\uc158.<\/li>\n<li>\uc0ac\uc6a9\uc790\uc758 \uc694\uad6c\uc0ac\ud56d\uc744 \ucda9\uc871\ud558\ub294 \ub9de\ucda4\ud615 \uae30\ub2a5 <a href=\"https:\/\/www.telaled.com\/ko\/telao-de-led-para-eventos\/\">\uc774\ubca4\ud2b8<\/a> \ub610\ub294 \ud074\ub7fd.<\/li>\n<li>\ucd5c\uc2e0 \ud14c\ub2c8\uc2a4 \uc2dc\uc2a4\ud15c\uacfc \uc27d\uac8c \ud1b5\ud569 \uac00\ub2a5.<\/li>\n<\/ul>\n<h3><strong>\uc885\ud569 \uc9c0\uc6d0<\/strong><\/h3>\n<ul>\n<li>24\uc2dc\uac04 \uc5f0\uc911\ubb34\ud734 \uc6d0\uaca9 \uae30\uc220 \uc9c0\uc6d0, \ubaa8\ub4e0 \uc8fc\ubb38\uc5d0 \ub300\ud55c \uc608\ube44 \ubd80\ud488 \ud560\uc778 5% \ud61c\ud0dd\uc744 \ub204\ub9ac\uc138\uc694<\/li>\n<li>3\ub144 \uc5f0\uc7a5 \ubcf4\uc99d. \ubbff\uc744 \uc218 \uc788\ub294 \uc11c\ube44\uc2a4\uc640 \uc7a5\uae30\uc801\uc778 \uc131\ub2a5\uc744 \ubcf4\uc7a5\ud569\ub2c8\ub2e4.<\/li>\n<li>\ub9e4\ubc88 \uad6c\ub9e4\ud560 \ub54c\ub9c8\ub2e4 \ub9c8\uc74c\uc758 \ud3c9\ud654\ub97c \ub204\ub9ac\uc138\uc694.<\/li>\n<\/ul>\n<h2>\uc81c\ud488 \uc0c1\uc138 \uc815\ubcf4<\/h2>\n<div class=\"row\"  id=\"row-1118416054\">\n\n\t<div id=\"col-20454676\" class=\"col medium-10 small-12 large-10\"  >\n\t\t\t\t<div class=\"col-inner text-left\"  >\n\t\t\t\n\t\t\t\n<ul>\n<li>\ubaa8\ub4e0 \uc810\uc744 \uba85\ud655\ud558\uac8c \uc720\uc9c0\ud558\uc2ed\uc2dc\uc624. <em><strong>\ud14c\ub2c8\uc2a4 TEC \uc2dc\ub9ac\uc988\uc6a9 \uc804\uc790 \uc2a4\ucf54\uc5b4\ubcf4\ub4dc<\/strong><\/em>\uc2e4\ub0b4 \ubc0f \uc2e4\uc678 \ucf54\ud2b8\uc6a9\uc73c\ub85c \uc124\uacc4\ub41c \uc774 \uc804\uc790 \ud14c\ub2c8\uc2a4 \uc2a4\ucf54\uc5b4\ubcf4\ub4dc\ub294 \uc2a4\ud2b8\ub85c\ud06c, \uc138\ud2b8, \uadf8\ub9ac\uace0 \uacbd\uae30 \uc138\ubd80 \uc815\ubcf4\ub97c \uc2e4\uc2dc\uac04\uc73c\ub85c \ud45c\uc2dc\ud569\ub2c8\ub2e4. \ub2e4\uc591\ud55c \ud06c\uae30\uc640 \uad6c\uc131\uc73c\ub85c \uc81c\uacf5\ub418\uba70, \ucca8\ub2e8 LED \uae30\uc220\uc744 \ud65c\uc6a9\ud558\uc5ec \uc5b4\ub5a4 \uac01\ub3c4\uc640 \uc870\uba85 \uc870\uac74\uc5d0\uc11c\ub3c4 \ubc1d\uace0 \uc77d\uae30 \uc26c\uc6b4 \uc810\uc218 \ub370\uc774\ud130\ub97c \uc81c\uacf5\ud569\ub2c8\ub2e4.<\/li>\n<\/ul>\n\t<div class=\"img has-hover x md-x lg-x y md-y lg-y\" id=\"image_1991935233\">\n\t\t\t\t\t\t\t\t<div class=\"img-inner dark\" >\n\t\t\t<img loading=\"lazy\" decoding=\"async\" width=\"730\" height=\"600\" src=\"https:\/\/www.telaled.com\/wp-content\/uploads\/2025\/10\/Placar-eletronico-para-tenis7.webp\" class=\"attachment-large size-large\" alt=\"\ud14c\ub2c8\uc2a4\uc6a9 \uc804\uc790 \uc2a4\ucf54\uc5b4\ubcf4\ub4dc7\" srcset=\"https:\/\/www.telaled.com\/wp-content\/uploads\/2025\/10\/Placar-eletronico-para-tenis7.webp 730w, https:\/\/www.telaled.com\/wp-content\/uploads\/2025\/10\/Placar-eletronico-para-tenis7-300x247.webp 300w, https:\/\/www.telaled.com\/wp-content\/uploads\/2025\/10\/Placar-eletronico-para-tenis7-15x12.webp 15w, https:\/\/www.telaled.com\/wp-content\/uploads\/2025\/10\/Placar-eletronico-para-tenis7-600x493.webp 600w\" sizes=\"auto, (max-width: 730px) 100vw, 730px\" \/>\t\t\t\t\t\t\n\t\t\t\t\t<\/div>\n\t\t\t\t\t\t\t\t\n<style>\n#image_1991935233 {\n  width: 80%;\n}\n<\/style>\n\t<\/div>\n\t\n<ul>\n<li>\ud604\ub300\uc801\uc778 \uae30\uc220\ub85c \ud14c\ub2c8\uc2a4 \ucf54\ud2b8\ub97c \ub354\uc6b1 \uba4b\uc9c0\uac8c \ub9cc\ub4e4\uc5b4 \ubcf4\uc138\uc694. <em><strong>\uc804\uc790 \ud14c\ub2c8\uc2a4 \uc2a4\ucf54\uc5b4\ubcf4\ub4dc<\/strong><\/em>, \uc815\ubc00\uc131\uacfc \uc2e0\ub8b0\uc131\uc744 \uc704\ud574 \uc124\uacc4\ub418\uc5c8\uc2b5\ub2c8\ub2e4. \ud1a0\ub108\uba3c\ud2b8, \ud074\ub7fd \uacbd\uae30 \ubc0f \ud6c8\ub828\uc5d0 \uc801\ud569\ud569\ub2c8\ub2e4. <a href=\"https:\/\/www.telaled.com\/ko\/placar-eletronico\/\">\uc810\uc218<\/a> \uc774 \uc81c\ud488\ub4e4\uc740 \uc5b8\uc81c\ub098 \uc120\uba85\ud55c \uc2dc\uc57c\uc640 \uc815\ud655\ud55c \uacb0\uacfc\ub97c \uc81c\uacf5\ud569\ub2c8\ub2e4. \uace0\ud488\uc9c8 \uc18c\uc7ac\ub85c \uc81c\uc791\ub418\uc5b4 \ub0b4\uad6c\uc131\uc774 \ub6f0\uc5b4\ub098\uace0 \uc870\uc791\uc774 \uac04\ud3b8\ud558\uba70, \uace0\uae09 \uae30\ub2a5\uc744 \ud1b5\ud574 \uc120\uc218\uc640 \uad00\uac1d \ubaa8\ub450\uc5d0\uac8c \ud5a5\uc0c1\ub41c \uacbd\ud5d8\uc744 \uc120\uc0ac\ud569\ub2c8\ub2e4.<\/li>\n<\/ul>\n\t<div class=\"img has-hover x md-x lg-x y md-y lg-y\" id=\"image_1331727144\">\n\t\t\t\t\t\t\t\t<div class=\"img-inner dark\" >\n\t\t\t<img loading=\"lazy\" decoding=\"async\" width=\"1728\" height=\"1152\" src=\"https:\/\/www.telaled.com\/wp-content\/uploads\/2025\/10\/Placar-eletronico-para-tenis8.webp\" class=\"attachment-original size-original\" alt=\"\ud14c\ub2c8\uc2a4\uc6a9 \uc804\uc790 \uc2a4\ucf54\uc5b4\ubcf4\ub4dc8\" srcset=\"https:\/\/www.telaled.com\/wp-content\/uploads\/2025\/10\/Placar-eletronico-para-tenis8.webp 1728w, https:\/\/www.telaled.com\/wp-content\/uploads\/2025\/10\/Placar-eletronico-para-tenis8-300x200.webp 300w, https:\/\/www.telaled.com\/wp-content\/uploads\/2025\/10\/Placar-eletronico-para-tenis8-1024x683.webp 1024w, https:\/\/www.telaled.com\/wp-content\/uploads\/2025\/10\/Placar-eletronico-para-tenis8-768x512.webp 768w, https:\/\/www.telaled.com\/wp-content\/uploads\/2025\/10\/Placar-eletronico-para-tenis8-1536x1024.webp 1536w, https:\/\/www.telaled.com\/wp-content\/uploads\/2025\/10\/Placar-eletronico-para-tenis8-18x12.webp 18w, https:\/\/www.telaled.com\/wp-content\/uploads\/2025\/10\/Placar-eletronico-para-tenis8-600x400.webp 600w\" sizes=\"auto, (max-width: 1728px) 100vw, 1728px\" \/>\t\t\t\t\t\t\n\t\t\t\t\t<\/div>\n\t\t\t\t\t\t\t\t\n<style>\n#image_1331727144 {\n  width: 80%;\n}\n<\/style>\n\t<\/div>\n\t\n<ul>\n<li>20\ub144\uc774 \ub118\ub294 \uc138\uc6d4 \ub3d9\uc548 \ub04a\uc784\uc5c6\uc774 \ud601\uc2e0\uc744 \uac70\ub4ed\ud558\uba70 \ubaa8\ub4e0 \uc218\uc900\uc758 \uacbd\uae30\uc5d0 \ucd5c\ucca8\ub2e8 \uc804\uc790 \uc2a4\ucf54\uc5b4\ubcf4\ub4dc \uae30\uc220\uc744 \uc81c\uacf5\ud574 \uc654\uc2b5\ub2c8\ub2e4. \ub3d9\ub124 \uacf5\uc6d0 \uc6b4\ub3d9\uc7a5\uc5d0\uc11c\ubd80\ud130 \ud504\ub85c \uc2a4\ud3ec\uce20 \uacbd\uae30\uc7a5\uc5d0 \uc774\ub974\uae30\uae4c\uc9c0, \uc800\ud76c \uc2a4\ucf54\uc5b4\ubcf4\ub4dc\ub294 \uc815\ubc00\uc131, \ub0b4\uad6c\uc131, \uadf8\ub9ac\uace0 \ub6f0\uc5b4\ub09c \uc131\ub2a5\uc744 \uc790\ub791\ud569\ub2c8\ub2e4. \uacbd\uae30\uc7a5\uc758 \uc885\ub958\uc640 \uad00\uacc4\uc5c6\uc774, \uc800\ud76c \uc194\ub8e8\uc158\uc740 \ud0c0\uc758 \ucd94\uc885\uc744 \ubd88\ud5c8\ud558\ub294 \uc2e0\ub8b0\uc131\uc744 \uc81c\uacf5\ud558\uc5ec \uc804\uad6d \uc2a4\ud3ec\uce20 \ud504\ub85c\uadf8\ub7a8 \ubc0f \uc2dc\uc124\uc5d0\uc11c \uc120\ud638\ub418\ub294 \uc120\ud0dd\uc774 \ub418\uace0 \uc788\uc2b5\ub2c8\ub2e4.<\/li>\n<\/ul>\n\t\t<\/div>\n\t\t\t\t\t<\/div>\n\n\t\n\n\t<div id=\"col-1196130963\" class=\"col medium-10 small-12 large-10\"  >\n\t\t\t\t<div class=\"col-inner text-left\"  >\n\t\t\t\n\t\t\t\n\t<div class=\"img has-hover x md-x lg-x y md-y lg-y\" id=\"image_1191648804\">\n\t\t\t\t\t\t\t\t<div class=\"img-inner dark\" >\n\t\t\t<img loading=\"lazy\" decoding=\"async\" width=\"1020\" height=\"258\" src=\"https:\/\/www.telaled.com\/wp-content\/uploads\/2025\/10\/Placar-eletronico-para-tenis9-1024x259.webp\" class=\"attachment-large size-large\" alt=\"\ud14c\ub2c8\uc2a4\uc6a9 \uc804\uc790 \uc2a4\ucf54\uc5b4\ubcf4\ub4dc9\" srcset=\"https:\/\/www.telaled.com\/wp-content\/uploads\/2025\/10\/Placar-eletronico-para-tenis9-1024x259.webp 1024w, https:\/\/www.telaled.com\/wp-content\/uploads\/2025\/10\/Placar-eletronico-para-tenis9-300x76.webp 300w, https:\/\/www.telaled.com\/wp-content\/uploads\/2025\/10\/Placar-eletronico-para-tenis9-768x195.webp 768w, https:\/\/www.telaled.com\/wp-content\/uploads\/2025\/10\/Placar-eletronico-para-tenis9-18x5.webp 18w, https:\/\/www.telaled.com\/wp-content\/uploads\/2025\/10\/Placar-eletronico-para-tenis9-600x152.webp 600w, https:\/\/www.telaled.com\/wp-content\/uploads\/2025\/10\/Placar-eletronico-para-tenis9.webp 1109w\" sizes=\"auto, (max-width: 1020px) 100vw, 1020px\" \/>\t\t\t\t\t\t\n\t\t\t\t\t<\/div>\n\t\t\t\t\t\t\t\t\n<style>\n#image_1191648804 {\n  width: 80%;\n}\n<\/style>\n\t<\/div>\n\t\n<ul>\n<li><em><strong>\ud14c\ub2c8\uc2a4 TEC \uc2dc\ub9ac\uc988\uc6a9 \uc804\uc790 \uc2a4\ucf54\uc5b4\ubcf4\ub4dc<\/strong><\/em> \ubc30\uc1a1 \uc911 \uc548\uc804\uc744 \uc704\ud574 \uac15\ud654\ub41c \ub098\ubb34 \uc0c1\uc790\uc5d0 \ud3ec\uc7a5\ub429\ub2c8\ub2e4. \uac01 \uc81c\ud488\uc740 \ud574\ucda9, \ucda9\uaca9 \ubc0f \uae30\ud0c0 \uc704\ud5d8 \uc694\uc18c\ub85c \uc778\ud55c \uc190\uc0c1\uc744 \ubc29\uc9c0\ud558\uae30 \uc704\ud574 \uc548\uc804\ud558\uac8c \ud3ec\uc7a5\ub418\uc5b4 \ub0b4\uad6c\uc131\uacfc \uc548\uc804\ud55c \ubc30\uc1a1\uc744 \ubcf4\uc7a5\ud569\ub2c8\ub2e4.<\/li>\n<\/ul>\n\t<div class=\"img has-hover x md-x lg-x y md-y lg-y\" id=\"image_714452112\">\n\t\t\t\t\t\t\t\t<div class=\"img-inner dark\" >\n\t\t\t<img loading=\"lazy\" decoding=\"async\" width=\"760\" height=\"1024\" src=\"https:\/\/www.telaled.com\/wp-content\/uploads\/2025\/08\/36123f2c-de60-488d-af81-255cd4aee54a-760x1024.webp\" class=\"attachment-large size-large\" alt=\"\" srcset=\"https:\/\/www.telaled.com\/wp-content\/uploads\/2025\/08\/36123f2c-de60-488d-af81-255cd4aee54a-760x1024.webp 760w, https:\/\/www.telaled.com\/wp-content\/uploads\/2025\/08\/36123f2c-de60-488d-af81-255cd4aee54a-223x300.webp 223w, https:\/\/www.telaled.com\/wp-content\/uploads\/2025\/08\/36123f2c-de60-488d-af81-255cd4aee54a-768x1035.webp 768w, https:\/\/www.telaled.com\/wp-content\/uploads\/2025\/08\/36123f2c-de60-488d-af81-255cd4aee54a-9x12.webp 9w, https:\/\/www.telaled.com\/wp-content\/uploads\/2025\/08\/36123f2c-de60-488d-af81-255cd4aee54a-600x808.webp 600w, https:\/\/www.telaled.com\/wp-content\/uploads\/2025\/08\/36123f2c-de60-488d-af81-255cd4aee54a.webp 795w\" sizes=\"auto, (max-width: 760px) 100vw, 760px\" \/>\t\t\t\t\t\t\n\t\t\t\t\t<\/div>\n\t\t\t\t\t\t\t\t\n<style>\n#image_714452112 {\n  width: 80%;\n}\n<\/style>\n\t<\/div>\n\t\n\n<table id=\"tablepress-91\" class=\"tablepress tablepress-id-91\">\n<thead>\n<tr class=\"row-1\">\n\t<th class=\"column-1\">\uc720\ud615<\/th><th class=\"column-2\">\uc810\uc218\ud310<\/th><th class=\"column-3\">\uc7ac\ub8cc<\/th><th class=\"column-4\">\uc54c\ub8e8\ubbf8\ub284 \ud569\uae08<\/th>\n<\/tr>\n<\/thead>\n<tbody class=\"row-striping row-hover\">\n<tr class=\"row-2\">\n\t<td class=\"column-1\">\uc911\uc694\uc131<\/td><td class=\"column-2\">\uc810\uc218 \ud45c\uc2dc<\/td><td class=\"column-3\">\uc6d0\uc0b0\uc9c0<\/td><td class=\"column-4\">\uc911\uad6d \uc120\uc804<\/td>\n<\/tr>\n<tr class=\"row-3\">\n\t<td class=\"column-1\">\ubaa8\ub378 \ubc88\ud638<\/td><td class=\"column-2\">TEC \uc2dc\ub9ac\uc988<\/td><td class=\"column-3\">\ud45c\uc2dc<\/td><td class=\"column-4\">LED \uc2a4\ud06c\ub9b0<\/td>\n<\/tr>\n<tr class=\"row-4\">\n\t<td class=\"column-1\">\uc0c9\uc0c1<\/td><td class=\"column-2\">\ube68\uac04\uc0c9 \uc22b\uc790<\/td><td class=\"column-3\">\uc0ac\uc6a9<\/td><td class=\"column-4\">\uc678\ubd80\/\ub0b4\ubd80<\/td>\n<\/tr>\n<tr class=\"row-5\">\n\t<td class=\"column-1\">\uc774\ub984<\/td><td class=\"column-2\">\uc804\uc790 \ud14c\ub2c8\uc2a4 \uc2a4\ucf54\uc5b4\ubcf4\ub4dc<\/td><td class=\"column-3\">\ud06c\uae30<\/td><td class=\"column-4\">1095mm x 400mm x 65mm<\/td>\n<\/tr>\n<tr class=\"row-6\">\n\t<td class=\"column-1\">\ubb38\uc790 \ub192\uc774<\/td><td class=\"column-2\">4\uc778\uce58<\/td><td class=\"column-3\">\uad6c\uc870<\/td><td class=\"column-4\">\uc54c\ub8e8\ubbf8\ub284 \ud569\uae08<\/td>\n<\/tr>\n<tr class=\"row-7\">\n\t<td class=\"column-1\">\uc124\uce58<\/td><td class=\"column-2\">\ubcbd\uba74 \uc7a5\ucc29<\/td><td class=\"column-3\">\uc81c\uc5b4<\/td><td class=\"column-4\">\uc6d0\uaca9 \uc81c\uc5b4<\/td>\n<\/tr>\n<tr class=\"row-8\">\n\t<td class=\"column-1\">\ubcf4\uc7a5\ud558\ub2e4<\/td><td class=\"column-2\">3\ub144<\/td><td class=\"column-3\"><\/td><td class=\"column-4\"><\/td>\n<\/tr>\n<\/tbody>\n<\/table>\n\n\t\t<\/div>\n\t\t\t\t\t<\/div>\n\n\t\n<\/div>\n\t\t<\/div>\n\t\t\t\t\t<\/div>\n\n\t\n<\/div>","protected":false},"excerpt":{"rendered":"<p><strong>TEC \uc2dc\ub9ac\uc988 \uc804\uc790 \ud14c\ub2c8\uc2a4 \uc2a4\ucf54\uc5b4\ubcf4\ub4dc<\/strong> \u2013 \ubaa8\ub4e0 \uacbd\uae30\uc758 \uc815\ud655\uc131<\/p>\n<p>\ud558\ub098<em> <strong>TEC \uc2dc\ub9ac\uc988 \uc804\uc790 \ud14c\ub2c8\uc2a4 \uc2a4\ucf54\uc5b4\ubcf4\ub4dc<\/strong> <\/em>\ubaa8\ub4e0 \uacbd\uae30\uc5d0 \uba85\ud655\uc131, \uc815\ud655\uc131, \uadf8\ub9ac\uace0 \uc804\ubb38\uc131\uc744 \uc81c\uacf5\ud569\ub2c8\ub2e4. \ud074\ub7fd \uacbd\uae30\uc640 \uc8fc\uc694 \ud1a0\ub108\uba3c\ud2b8\uc5d0 \uc801\ud569\ud558\uac8c \uc124\uacc4\ub418\uc5b4, \uc2ec\ud310\uc9c4\uc758 \uc6d0\ud65c\ud55c \uc6b4\uc601\uc744 \ubcf4\uc7a5\ud558\ub294 \ub3d9\uc2dc\uc5d0 \uc120\uc218\uc640 \uad00\uc911\uc758 \ubab0\uc785\ub3c4\ub97c \uadf9\ub300\ud654\ud569\ub2c8\ub2e4.<\/p>\n<p><strong>\uc8fc\uc694 \ud2b9\uc9d5:<\/strong><\/p>\n<ul>\n<li><strong>\ud1b5\ud569 \ud14c\ub2c8\uc2a4 \uaddc\uce59 \uc2dc\uc2a4\ud15c:<\/strong> \ud14c\ub2c8\uc2a4 \uaddc\uce59\uc744 \uc790\ub3d9\uc73c\ub85c \uc900\uc218\ud558\uc5ec \uc2e4\uc218\ub97c \uc904\uc774\uace0 \uc2ec\ud310, \uc120\uc218, \ud32c\uc5d0\uac8c \uc644\ubcbd\ud55c \uc810\uc218\ub97c \ubcf4\uc7a5\ud569\ub2c8\ub2e4.<\/li>\n<li><strong>\uace0\ud574\uc0c1\ub3c4 \ub9e4\uce58 \ub514\uc2a4\ud50c\ub808\uc774:<\/strong> \uacbd\uae30 \uc804\uccb4\ub97c \ud55c \ubc88\uc5d0 \ubcf4\uc5ec\uc90d\ub2c8\ub2e4. \uc810\uc218, \uc2dc\uac04, \uc120\uc218 \ud1b5\uacc4 \ub4f1\uc744 \ubaa8\ub450 \uc120\uba85\ud558\uace0 \uae68\ub057\ud55c LED \ud654\uc9c8\ub85c \ubcf4\uc5ec\uc90d\ub2c8\ub2e4.<\/li>\n<li><strong>\uac04\ub2e8\ud558\uace0 \uc9c1\uad00\uc801\uc778 \ucee8\ud2b8\ub864:<\/strong> \ud2b9\ubcc4\ud788 \uac1c\ubc1c\ub41c \uc81c\uc5b4\ud310 \ub355\ubd84\uc5d0 \uc555\ub825 \ud558\uc5d0\uc11c\ub3c4 \uc2a4\ucf54\uc5b4\ubcf4\ub4dc \uc870\uc791\uc774 \ube60\ub974\uace0 \uc624\ub958 \uc5c6\uc774 \uc774\ub8e8\uc5b4\uc9d1\ub2c8\ub2e4.<\/li>\n<li><strong>\uc0ac\uc6a9\uc790 \uc815\uc758\uac00 \uac00\ub2a5\ud558\uace0 \ub0b4\uad6c\uc131 \uc788\ub294 \ub514\uc790\uc778:<\/strong> \uc720\uc5f0\ud55c \ud558\uc6b0\uc9d5 \uc635\uc158\uacfc \uacf5\uc5d0 \uac15\ud55c \uc804\uba74\uc744 \uac16\ucd98 \uc774 \uc2a4\ucf54\uc5b4\ubcf4\ub4dc\ub294 \uc704\uce58\uc5d0 \ub9de\uac8c \uc870\uc815\ub418\uba70 \uc5b4\ub5a4 \ud658\uacbd\uc5d0\uc11c\ub3c4 \uacac\uace0\ud558\uac8c \uc720\uc9c0\ub429\ub2c8\ub2e4.<\/li>\n<\/ul>\n<p>24\uc2dc\uac04 \uc5f0\uc911\ubb34\ud734 \uc6d0\uaca9 \uc9c0\uc6d0\uacfc 3\ub144 \ubcf4\uc99d\uc744 \uc81c\uacf5\ud569\ub2c8\ub2e4. \uc9c0\uae08 \ubc14\ub85c \ubb38\uc758\ud558\uc2dc\uba74 \uace0\uac1d\ub2d8\uc758 \ub2c8\uc988\uc5d0 \ub9de\ub294 \ub9de\ucda4\ud615 \uacac\uc801\uc744 \ubc1b\uc544\ubcf4\uc2e4 \uc218 \uc788\uc2b5\ub2c8\ub2e4.<\/p>","protected":false},"featured_media":3697,"template":"","meta":[],"product_brand":[],"product_cat":[48,40,44,46],"product_tag":[],"class_list":{"0":"post-3695","1":"product","2":"type-product","3":"status-publish","4":"has-post-thumbnail","6":"product_cat-paineis-personalizados","7":"product_cat-painel-de-led","8":"product_cat-painel-de-led-flexivel","9":"product_cat-painel-de-video","11":"first","12":"instock","13":"shipping-taxable","14":"product-type-simple"},"yoast_head":"<!-- This site is optimized with the Yoast SEO plugin v27.5 - https:\/\/yoast.com\/product\/yoast-seo-wordpress\/ -->\n<title>Placar Eletr\u00f4nico de T\u00eanis S\u00e9rie TEC | Placar personalizado e dur\u00e1vel | TELALED<\/title>\n<meta name=\"description\" content=\"Aprimore sua quadra de t\u00eanis com um placar eletr\u00f4nico. Visores de alta resolu\u00e7\u00e3o, pain\u00e9is de controle intuitivos e design personaliz\u00e1vel.\" \/>\n<meta name=\"robots\" content=\"index, follow, max-snippet:-1, max-image-preview:large, max-video-preview:-1\" \/>\n<link rel=\"canonical\" href=\"https:\/\/www.telaled.com\/ko\/fabrica\/placar-eletronico-para-tenis-serie-tec\/\" \/>\n<meta property=\"og:locale\" content=\"ko_KR\" \/>\n<meta property=\"og:type\" content=\"article\" \/>\n<meta property=\"og:title\" content=\"Placar Eletr\u00f4nico de T\u00eanis S\u00e9rie TEC | Placar personalizado e dur\u00e1vel | TELALED\" \/>\n<meta property=\"og:description\" content=\"Aprimore sua quadra de t\u00eanis com um placar eletr\u00f4nico. Visores de alta resolu\u00e7\u00e3o, pain\u00e9is de controle intuitivos e design personaliz\u00e1vel.\" \/>\n<meta property=\"og:url\" content=\"https:\/\/www.telaled.com\/ko\/fabrica\/placar-eletronico-para-tenis-serie-tec\/\" \/>\n<meta property=\"og:site_name\" content=\"TELALED\" \/>\n<meta property=\"article:modified_time\" content=\"2026-01-06T09:33:21+00:00\" \/>\n<meta property=\"og:image\" content=\"https:\/\/www.telaled.com\/wp-content\/uploads\/2025\/10\/Placar-eletronico-para-tenis-1.webp\" \/>\n\t<meta property=\"og:image:width\" content=\"500\" \/>\n\t<meta property=\"og:image:height\" content=\"500\" \/>\n\t<meta property=\"og:image:type\" content=\"image\/webp\" \/>\n<meta name=\"twitter:card\" content=\"summary_large_image\" \/>\n<meta name=\"twitter:label1\" content=\"\uc608\uc0c1 \ub418\ub294 \ud310\ub3c5 \uc2dc\uac04\" \/>\n\t<meta name=\"twitter:data1\" content=\"3\ubd84\" \/>\n<script type=\"application\/ld+json\" class=\"yoast-schema-graph\">{\"@context\":\"https:\\\/\\\/schema.org\",\"@graph\":[{\"@type\":\"WebPage\",\"@id\":\"https:\\\/\\\/www.telaled.com\\\/fabrica\\\/placar-eletronico-para-tenis-serie-tec\\\/\",\"url\":\"https:\\\/\\\/www.telaled.com\\\/fabrica\\\/placar-eletronico-para-tenis-serie-tec\\\/\",\"name\":\"Placar Eletr\u00f4nico de T\u00eanis S\u00e9rie TEC | Placar personalizado e dur\u00e1vel | TELALED\",\"isPartOf\":{\"@id\":\"https:\\\/\\\/www.telaled.com\\\/#website\"},\"primaryImageOfPage\":{\"@id\":\"https:\\\/\\\/www.telaled.com\\\/fabrica\\\/placar-eletronico-para-tenis-serie-tec\\\/#primaryimage\"},\"image\":{\"@id\":\"https:\\\/\\\/www.telaled.com\\\/fabrica\\\/placar-eletronico-para-tenis-serie-tec\\\/#primaryimage\"},\"thumbnailUrl\":\"https:\\\/\\\/www.telaled.com\\\/wp-content\\\/uploads\\\/2025\\\/10\\\/Placar-eletronico-para-tenis-1.webp\",\"datePublished\":\"2025-10-02T01:58:23+00:00\",\"dateModified\":\"2026-01-06T09:33:21+00:00\",\"description\":\"Aprimore sua quadra de t\u00eanis com um placar eletr\u00f4nico. Visores de alta resolu\u00e7\u00e3o, pain\u00e9is de controle intuitivos e design personaliz\u00e1vel.\",\"breadcrumb\":{\"@id\":\"https:\\\/\\\/www.telaled.com\\\/fabrica\\\/placar-eletronico-para-tenis-serie-tec\\\/#breadcrumb\"},\"inLanguage\":\"ko-KR\",\"potentialAction\":[{\"@type\":\"ReadAction\",\"target\":[\"https:\\\/\\\/www.telaled.com\\\/fabrica\\\/placar-eletronico-para-tenis-serie-tec\\\/\"]}]},{\"@type\":\"ImageObject\",\"inLanguage\":\"ko-KR\",\"@id\":\"https:\\\/\\\/www.telaled.com\\\/fabrica\\\/placar-eletronico-para-tenis-serie-tec\\\/#primaryimage\",\"url\":\"https:\\\/\\\/www.telaled.com\\\/wp-content\\\/uploads\\\/2025\\\/10\\\/Placar-eletronico-para-tenis-1.webp\",\"contentUrl\":\"https:\\\/\\\/www.telaled.com\\\/wp-content\\\/uploads\\\/2025\\\/10\\\/Placar-eletronico-para-tenis-1.webp\",\"width\":500,\"height\":500,\"caption\":\"Placar-eletronico-para-tenis (1)\"},{\"@type\":\"BreadcrumbList\",\"@id\":\"https:\\\/\\\/www.telaled.com\\\/fabrica\\\/placar-eletronico-para-tenis-serie-tec\\\/#breadcrumb\",\"itemListElement\":[{\"@type\":\"ListItem\",\"position\":1,\"name\":\"Home\",\"item\":\"https:\\\/\\\/www.telaled.com\\\/\"},{\"@type\":\"ListItem\",\"position\":2,\"name\":\"Produtos\",\"item\":\"https:\\\/\\\/www.telaled.com\\\/shop\\\/\"},{\"@type\":\"ListItem\",\"position\":3,\"name\":\"Placar Eletronico para Tenis S\u00e9rie TEC\"}]},{\"@type\":\"WebSite\",\"@id\":\"https:\\\/\\\/www.telaled.com\\\/#website\",\"url\":\"https:\\\/\\\/www.telaled.com\\\/\",\"name\":\"TELALED\",\"description\":\"\",\"potentialAction\":[{\"@type\":\"SearchAction\",\"target\":{\"@type\":\"EntryPoint\",\"urlTemplate\":\"https:\\\/\\\/www.telaled.com\\\/?s={search_term_string}\"},\"query-input\":{\"@type\":\"PropertyValueSpecification\",\"valueRequired\":true,\"valueName\":\"search_term_string\"}}],\"inLanguage\":\"ko-KR\"}]}<\/script>\n<!-- \/ Yoast SEO plugin. -->","yoast_head_json":{"title":"TEC \uc2dc\ub9ac\uc988 \uc804\uc790 \ud14c\ub2c8\uc2a4 \uc2a4\ucf54\uc5b4\ubcf4\ub4dc | \ub0b4\uad6c\uc131\uc774 \ub6f0\uc5b4\ub09c \ub9de\ucda4\ud615 \uc2a4\ucf54\uc5b4\ubcf4\ub4dc | LED \uc2a4\ud06c\ub9b0","description":"\uc804\uc790 \uc2a4\ucf54\uc5b4\ubcf4\ub4dc\ub85c \ud14c\ub2c8\uc2a4 \ucf54\ud2b8\ub97c \ub354\uc6b1 \uba4b\uc9c0\uac8c \uafb8\uba70\ubcf4\uc138\uc694. \uace0\ud574\uc0c1\ub3c4 \ub514\uc2a4\ud50c\ub808\uc774, \uc9c1\uad00\uc801\uc778 \uc81c\uc5b4\ud310, \uadf8\ub9ac\uace0 \ub9de\ucda4\ud615 \ub514\uc790\uc778\uae4c\uc9c0.","robots":{"index":"index","follow":"follow","max-snippet":"max-snippet:-1","max-image-preview":"max-image-preview:large","max-video-preview":"max-video-preview:-1"},"canonical":"https:\/\/www.telaled.com\/ko\/fabrica\/placar-eletronico-para-tenis-serie-tec\/","og_locale":"ko_KR","og_type":"article","og_title":"Placar Eletr\u00f4nico de T\u00eanis S\u00e9rie TEC | Placar personalizado e dur\u00e1vel | TELALED","og_description":"Aprimore sua quadra de t\u00eanis com um placar eletr\u00f4nico. Visores de alta resolu\u00e7\u00e3o, pain\u00e9is de controle intuitivos e design personaliz\u00e1vel.","og_url":"https:\/\/www.telaled.com\/ko\/fabrica\/placar-eletronico-para-tenis-serie-tec\/","og_site_name":"TELALED","article_modified_time":"2026-01-06T09:33:21+00:00","og_image":[{"width":500,"height":500,"url":"https:\/\/www.telaled.com\/wp-content\/uploads\/2025\/10\/Placar-eletronico-para-tenis-1.webp","type":"image\/webp"}],"twitter_card":"summary_large_image","twitter_misc":{"\uc608\uc0c1 \ub418\ub294 \ud310\ub3c5 \uc2dc\uac04":"3\ubd84"},"schema":{"@context":"https:\/\/schema.org","@graph":[{"@type":"WebPage","@id":"https:\/\/www.telaled.com\/fabrica\/placar-eletronico-para-tenis-serie-tec\/","url":"https:\/\/www.telaled.com\/fabrica\/placar-eletronico-para-tenis-serie-tec\/","name":"TEC \uc2dc\ub9ac\uc988 \uc804\uc790 \ud14c\ub2c8\uc2a4 \uc2a4\ucf54\uc5b4\ubcf4\ub4dc | \ub0b4\uad6c\uc131\uc774 \ub6f0\uc5b4\ub09c \ub9de\ucda4\ud615 \uc2a4\ucf54\uc5b4\ubcf4\ub4dc | LED \uc2a4\ud06c\ub9b0","isPartOf":{"@id":"https:\/\/www.telaled.com\/#website"},"primaryImageOfPage":{"@id":"https:\/\/www.telaled.com\/fabrica\/placar-eletronico-para-tenis-serie-tec\/#primaryimage"},"image":{"@id":"https:\/\/www.telaled.com\/fabrica\/placar-eletronico-para-tenis-serie-tec\/#primaryimage"},"thumbnailUrl":"https:\/\/www.telaled.com\/wp-content\/uploads\/2025\/10\/Placar-eletronico-para-tenis-1.webp","datePublished":"2025-10-02T01:58:23+00:00","dateModified":"2026-01-06T09:33:21+00:00","description":"\uc804\uc790 \uc2a4\ucf54\uc5b4\ubcf4\ub4dc\ub85c \ud14c\ub2c8\uc2a4 \ucf54\ud2b8\ub97c \ub354\uc6b1 \uba4b\uc9c0\uac8c \uafb8\uba70\ubcf4\uc138\uc694. \uace0\ud574\uc0c1\ub3c4 \ub514\uc2a4\ud50c\ub808\uc774, \uc9c1\uad00\uc801\uc778 \uc81c\uc5b4\ud310, \uadf8\ub9ac\uace0 \ub9de\ucda4\ud615 \ub514\uc790\uc778\uae4c\uc9c0.","breadcrumb":{"@id":"https:\/\/www.telaled.com\/fabrica\/placar-eletronico-para-tenis-serie-tec\/#breadcrumb"},"inLanguage":"ko-KR","potentialAction":[{"@type":"ReadAction","target":["https:\/\/www.telaled.com\/fabrica\/placar-eletronico-para-tenis-serie-tec\/"]}]},{"@type":"ImageObject","inLanguage":"ko-KR","@id":"https:\/\/www.telaled.com\/fabrica\/placar-eletronico-para-tenis-serie-tec\/#primaryimage","url":"https:\/\/www.telaled.com\/wp-content\/uploads\/2025\/10\/Placar-eletronico-para-tenis-1.webp","contentUrl":"https:\/\/www.telaled.com\/wp-content\/uploads\/2025\/10\/Placar-eletronico-para-tenis-1.webp","width":500,"height":500,"caption":"Placar-eletronico-para-tenis (1)"},{"@type":"BreadcrumbList","@id":"https:\/\/www.telaled.com\/fabrica\/placar-eletronico-para-tenis-serie-tec\/#breadcrumb","itemListElement":[{"@type":"ListItem","position":1,"name":"Home","item":"https:\/\/www.telaled.com\/"},{"@type":"ListItem","position":2,"name":"Produtos","item":"https:\/\/www.telaled.com\/shop\/"},{"@type":"ListItem","position":3,"name":"Placar Eletronico para Tenis S\u00e9rie TEC"}]},{"@type":"WebSite","@id":"https:\/\/www.telaled.com\/#website","url":"https:\/\/www.telaled.com\/","name":"LED \uc2a4\ud06c\ub9b0","description":"","potentialAction":[{"@type":"SearchAction","target":{"@type":"EntryPoint","urlTemplate":"https:\/\/www.telaled.com\/?s={search_term_string}"},"query-input":{"@type":"PropertyValueSpecification","valueRequired":true,"valueName":"search_term_string"}}],"inLanguage":"ko-KR"}]}},"_links":{"self":[{"href":"https:\/\/www.telaled.com\/ko\/wp-json\/wp\/v2\/product\/3695","targetHints":{"allow":["GET"]}}],"collection":[{"href":"https:\/\/www.telaled.com\/ko\/wp-json\/wp\/v2\/product"}],"about":[{"href":"https:\/\/www.telaled.com\/ko\/wp-json\/wp\/v2\/types\/product"}],"wp:featuredmedia":[{"embeddable":true,"href":"https:\/\/www.telaled.com\/ko\/wp-json\/wp\/v2\/media\/3697"}],"wp:attachment":[{"href":"https:\/\/www.telaled.com\/ko\/wp-json\/wp\/v2\/media?parent=3695"}],"wp:term":[{"taxonomy":"product_brand","embeddable":true,"href":"https:\/\/www.telaled.com\/ko\/wp-json\/wp\/v2\/product_brand?post=3695"},{"taxonomy":"product_cat","embeddable":true,"href":"https:\/\/www.telaled.com\/ko\/wp-json\/wp\/v2\/product_cat?post=3695"},{"taxonomy":"product_tag","embeddable":true,"href":"https:\/\/www.telaled.com\/ko\/wp-json\/wp\/v2\/product_tag?post=3695"}],"curies":[{"name":"\uc6cc\ub4dc\ud504\ub808\uc2a4","href":"https:\/\/api.w.org\/{rel}","templated":true}]}}