{"id":3692,"date":"2025-10-02T00:42:47","date_gmt":"2025-10-02T00:42:47","guid":{"rendered":"https:\/\/www.telaled.com\/?post_type=product&#038;p=3692"},"modified":"2026-01-06T09:20:04","modified_gmt":"2026-01-06T09:20:04","slug":"placar-eletronico-para-volei-serie-teb","status":"publish","type":"product","link":"https:\/\/www.telaled.com\/ko\/fabrica\/placar-eletronico-para-volei-serie-teb\/","title":{"rendered":"\ubc30\uad6c TEB \uc2dc\ub9ac\uc988\uc6a9 \uc804\uc790 \uc2a4\ucf54\uc5b4\ubcf4\ub4dc"},"content":{"rendered":"<div class=\"row\"  id=\"row-91245720\">\n\n\t<div id=\"col-1748595962\" class=\"col small-12 large-12\"  >\n\t\t\t\t<div class=\"col-inner\"  >\n\t\t\t\n\t\t\t\n<h2><strong>TEB \uc2dc\ub9ac\uc988 \uc804\uc790 \ubc30\uad6c \uc2a4\ucf54\uc5b4\ubcf4\ub4dc\uc758 \ub3c5\ud2b9\ud55c \uc7a5\uc810<\/strong><\/h2>\n<h3><strong>\uc804\ubb38\uac00\uc6a9 \ub9c8\ub354\ubcf4\ub4dc<\/strong><\/h3>\n<ul>\n<li>\ub2e4\uce35 \uc124\uacc4\ub85c \uc548\uc815\uc801\uc778 \uc131\ub2a5\uc744 \ubcf4\uc7a5\ud569\ub2c8\ub2e4.<\/li>\n<li>\ub354 \ud070 \ub808\uc774\uc544\uc6c3\uc73c\ub85c \uc778\ud574 \ubd80\ud488\uc5d0 \uac00\ud574\uc9c0\ub294 \uc5f4\uacfc \uc2a4\ud2b8\ub808\uc2a4\uac00 \uc904\uc5b4\ub4ed\ub2c8\ub2e4.<\/li>\n<li>\uace0\uc7a5\ub960\uc774 \ub0ae\uace0 \uc218\uba85\uc774 \uae38\uc5b4\uc11c \uc81c\uc791\ub418\uc5c8\uc2b5\ub2c8\ub2e4.<\/li>\n<\/ul>\n<h3><strong>\ubb34\uc120 \uc6d0\uaca9 \uc81c\uc5b4<\/strong><\/h3>\n<ul>\n<li>\uac04\ub2e8\ud55c \uc81c\uc5b4 \ub610\ub294 \uc810\uc218 \ub9e4\uae30\uae30 \ubc0f \ud0c0\uc774\ubc0d \uae30\ub2a5.<\/li>\n<li>30~30m \ubc94\uc704 \ub0b4\uc5d0\uc11c \uc6d0\ud65c\ud558\uac8c \uc791\ub3d9\ud569\ub2c8\ub2e4.<\/li>\n<li>\uc720\uc5f0\ud55c \ub9e4\uce58 \uad00\ub9ac\ub97c \uc704\ud574 \uc22b\uc790\ub97c \uc790\uc720\ub86d\uac8c \ud3b8\uc9d1\ud560 \uc218 \uc788\uc2b5\ub2c8\ub2e4.<\/li>\n<\/ul>\n<h3><strong>\uc54c\ub8e8\ubbf8\ub284 \ud569\uae08 \uad6c\uc870<\/strong><\/h3>\n<ul>\n<li>\uac15\ub3c4\uc640 \ub0b4\uad6c\uc131\uc744 \uc704\ud574 \ud2b9\ud5c8\ubc1b\uc740 \uad6c\uc870\uc785\ub2c8\ub2e4.<\/li>\n<li>\uac00\ubcbc\uc6b4 \uad6c\uc870\ub85c \uc124\uce58\uc640 \uc6b4\ubc18\uc774 \uc27d\uc2b5\ub2c8\ub2e4.<\/li>\n<li>\ub0b4\ub9c8\ubaa8\uc131\uc774 \ub6f0\uc5b4\ub098 \uc218\ub144\uac04 \uc548\uc815\uc801\uc73c\ub85c \uc0ac\uc6a9\ud560 \uc218 \uc788\uc2b5\ub2c8\ub2e4.<\/li>\n<\/ul>\n<h3><strong>\uace0\ud654\uc9c8 LED \ub514\uc2a4\ud50c\ub808\uc774<\/strong><\/h3>\n<ul>\n<li>\ubc1d\uc740 \ub514\uc9c0\ud138 \ud29c\ube0c \ub355\ubd84\uc5d0 \uc5b4\ub5a4 \uac01\ub3c4\uc5d0\uc11c\ub3c4 \uc545\ubcf4\ub97c \uc120\uba85\ud558\uac8c \ubcfc \uc218 \uc788\uc2b5\ub2c8\ub2e4.<\/li>\n<li>\uac01 \uc138\ud2b8\uc640 \ub7a0\ub9ac\uc5d0 \ub300\ud55c \uc815\ud655\ud55c \uc2dc\uac04 \uae30\ub85d.<\/li>\n<li>\uc120\uc218\uc640 \uad00\uc911 \ubaa8\ub450\uac00 \uc77d\uae30 \uc27d\uc2b5\ub2c8\ub2e4.<\/li>\n<\/ul>\n<h2>\uc81c\ud488 \uc0c1\uc138 \uc815\ubcf4<\/h2>\n<div class=\"row\"  id=\"row-1060044659\">\n\n\t<div id=\"col-1531266445\" class=\"col medium-10 small-12 large-10\"  >\n\t\t\t\t<div class=\"col-inner text-left\"  >\n\t\t\t\n\t\t\t\n<ul>\n<li><strong>\ucef4\ud329\ud2b8\ud55c \ud06c\uae30<\/strong> \u2013 <span style=\"font-weight: 400;\">\ubc30\uad6c TEB \uc2dc\ub9ac\uc988\uc6a9 \uc804\uc790 \uc2a4\ucf54\uc5b4\ubcf4\ub4dc<\/span> \ud06c\uae30\ub294 \ud3ed 22.83\uc778\uce58(58cm) x \ub192\uc774 13.78\uc778\uce58(35cm)\uc774\uba70, 4\uc778\uce58 LED \uc22b\uc790\uac00 \uc788\uc5b4 \uc120\uba85\ud558\uac8c \ubcf4\uc785\ub2c8\ub2e4.<\/li>\n<\/ul>\n\t<div class=\"img has-hover x md-x lg-x y md-y lg-y\" id=\"image_1841292566\">\n\t\t\t\t\t\t\t\t<div class=\"img-inner dark\" >\n\t\t\t<img loading=\"lazy\" decoding=\"async\" width=\"800\" height=\"813\" src=\"https:\/\/www.telaled.com\/wp-content\/uploads\/2025\/10\/Dimensions.webp\" class=\"attachment-large size-large\" alt=\"\ubc30\uad6c\uc6a9 \uc804\uc790 \uc2a4\ucf54\uc5b4\ubcf4\ub4dc TEB \uc2dc\ub9ac\uc988 \uce58\uc218\" srcset=\"https:\/\/www.telaled.com\/wp-content\/uploads\/2025\/10\/Dimensions.webp 800w, https:\/\/www.telaled.com\/wp-content\/uploads\/2025\/10\/Dimensions-295x300.webp 295w, https:\/\/www.telaled.com\/wp-content\/uploads\/2025\/10\/Dimensions-768x780.webp 768w, https:\/\/www.telaled.com\/wp-content\/uploads\/2025\/10\/Dimensions-12x12.webp 12w, https:\/\/www.telaled.com\/wp-content\/uploads\/2025\/10\/Dimensions-600x610.webp 600w\" sizes=\"auto, (max-width: 800px) 100vw, 800px\" \/>\t\t\t\t\t\t\n\t\t\t\t\t<\/div>\n\t\t\t\t\t\t\t\t\n<style>\n#image_1841292566 {\n  width: 80%;\n}\n<\/style>\n\t<\/div>\n\t\n<ul>\n<li><strong>\uc720\uc5f0\ud55c \uc124\uce58<\/strong> \u2013 \ud14c\uc774\ube14 \uc704\uc5d0 \ub193\uac70\ub098, \ud574\uba39\uc5d0 \uac78\uac70\ub098, \uc0bc\uac01\ub300\uc5d0 \uc7a5\ucc29\ud558\uac70\ub098, \ubcbd\uc5d0 \uace0\uc815\ud560 \uc218 \uc788\uc2b5\ub2c8\ub2e4.<\/li>\n<\/ul>\n\t<div class=\"img has-hover x md-x lg-x y md-y lg-y\" id=\"image_256685187\">\n\t\t\t\t\t\t\t\t<div class=\"img-inner dark\" >\n\t\t\t<img loading=\"lazy\" decoding=\"async\" width=\"788\" height=\"739\" src=\"https:\/\/www.telaled.com\/wp-content\/uploads\/2025\/10\/Installation-Method.webp\" class=\"attachment-original size-original\" alt=\"\" srcset=\"https:\/\/www.telaled.com\/wp-content\/uploads\/2025\/10\/Installation-Method.webp 788w, https:\/\/www.telaled.com\/wp-content\/uploads\/2025\/10\/Installation-Method-300x281.webp 300w, https:\/\/www.telaled.com\/wp-content\/uploads\/2025\/10\/Installation-Method-768x720.webp 768w, https:\/\/www.telaled.com\/wp-content\/uploads\/2025\/10\/Installation-Method-13x12.webp 13w, https:\/\/www.telaled.com\/wp-content\/uploads\/2025\/10\/Installation-Method-600x563.webp 600w\" sizes=\"auto, (max-width: 788px) 100vw, 788px\" \/>\t\t\t\t\t\t\n\t\t\t\t\t<\/div>\n\t\t\t\t\t\t\t\t\n<style>\n#image_256685187 {\n  width: 80%;\n}\n<\/style>\n\t<\/div>\n\t\n<ul>\n<li><strong>\ub4b7\uba74\uc758 \uc2e4\uc6a9\uc801\uc778 \uae30\ub2a5<\/strong> \u2013 \ud3b8\ub9ac\ud55c \uc0ac\uc6a9\uc744 \uc704\ud55c \uc804\uc6d0 \uc2a4\uc704\uce58, \ubc30\ud130\ub9ac \uc218\ub0a9 \uacf5\uac04(18650 \ubc30\ud130\ub9ac 1~3\uac1c \uc9c0\uc6d0), 90dB \ubd80\uc800, Type-C \uc778\ud130\ud398\uc774\uc2a4\uac00 \uc7a5\ucc29\ub418\uc5b4 \uc788\uc2b5\ub2c8\ub2e4.<\/li>\n<\/ul>\n\t<div class=\"img has-hover x md-x lg-x y md-y lg-y\" id=\"image_309782469\">\n\t\t\t\t\t\t\t\t<div class=\"img-inner dark\" >\n\t\t\t<img loading=\"lazy\" decoding=\"async\" width=\"788\" height=\"739\" src=\"https:\/\/www.telaled.com\/wp-content\/uploads\/2025\/10\/Back-Features.webp\" class=\"attachment-large size-large\" alt=\"\ubc30\uad6c TEB \uc2dc\ub9ac\uc988\uc6a9 \uc804\uc790 \uc2a4\ucf54\uc5b4\ubcf4\ub4dc \ud6c4\uba74 \ud2b9\uc9d5\" srcset=\"https:\/\/www.telaled.com\/wp-content\/uploads\/2025\/10\/Back-Features.webp 788w, https:\/\/www.telaled.com\/wp-content\/uploads\/2025\/10\/Back-Features-300x281.webp 300w, https:\/\/www.telaled.com\/wp-content\/uploads\/2025\/10\/Back-Features-768x720.webp 768w, https:\/\/www.telaled.com\/wp-content\/uploads\/2025\/10\/Back-Features-13x12.webp 13w, https:\/\/www.telaled.com\/wp-content\/uploads\/2025\/10\/Back-Features-600x563.webp 600w\" sizes=\"auto, (max-width: 788px) 100vw, 788px\" \/>\t\t\t\t\t\t\n\t\t\t\t\t<\/div>\n\t\t\t\t\t\t\t\t\n<style>\n#image_309782469 {\n  width: 80%;\n}\n<\/style>\n\t<\/div>\n\t\n<ul>\n<li><strong>\uc2dc\uc791 \uae30\ub2a5 \uc9c0\uc6b0\uae30<\/strong> \u2013 \ud648\ud300\uacfc \uc6d0\uc815\ud300\uc758 \uc810\uc218\ub97c \ud45c\uc2dc\ud558\uace0, \uc2b9\ub9ac\ud300\uc744 \uac15\uc870 \ud45c\uc2dc\ud558\uba70, \uc2b9\ub9ac\ud55c \ub77c\uc6b4\ub4dc \uc218\ub97c \ud45c\uc2dc\ud558\uc5ec \uc815\ud655\ud55c \uacbd\uae30 \ucd94\uc801\uc744 \uac00\ub2a5\ud558\uac8c \ud569\ub2c8\ub2e4.<\/li>\n<\/ul>\n\t<div class=\"img has-hover x md-x lg-x y md-y lg-y\" id=\"image_482743780\">\n\t\t\t\t\t\t\t\t<div class=\"img-inner dark\" >\n\t\t\t<img loading=\"lazy\" decoding=\"async\" width=\"790\" height=\"908\" src=\"https:\/\/www.telaled.com\/wp-content\/uploads\/2025\/10\/Product-Function.webp\" class=\"attachment-large size-large\" alt=\"\" srcset=\"https:\/\/www.telaled.com\/wp-content\/uploads\/2025\/10\/Product-Function.webp 790w, https:\/\/www.telaled.com\/wp-content\/uploads\/2025\/10\/Product-Function-261x300.webp 261w, https:\/\/www.telaled.com\/wp-content\/uploads\/2025\/10\/Product-Function-768x883.webp 768w, https:\/\/www.telaled.com\/wp-content\/uploads\/2025\/10\/Product-Function-10x12.webp 10w, https:\/\/www.telaled.com\/wp-content\/uploads\/2025\/10\/Product-Function-600x690.webp 600w\" sizes=\"auto, (max-width: 790px) 100vw, 790px\" \/>\t\t\t\t\t\t\n\t\t\t\t\t<\/div>\n\t\t\t\t\t\t\t\t\n<style>\n#image_482743780 {\n  width: 80%;\n}\n<\/style>\n\t<\/div>\n\t\n<ul>\n<li>\uac01 <strong><em>\ubc30\uad6c TEB \uc2dc\ub9ac\uc988\uc6a9 \uc804\uc790 \uc2a4\ucf54\uc5b4\ubcf4\ub4dc<\/em><\/strong> \ubcf8 \uc81c\ud488\uc740 \ucd5c\ub300\ud55c\uc758 \ubcf4\ud638\ub97c \uc704\ud574 \ud2bc\ud2bc\ud55c \ub098\ubb34 \uc0c1\uc790\uc5d0 \ub2f4\uaca8 \ubc30\uc1a1\ub429\ub2c8\ub2e4. \uc548\uc804\ud55c \ud3ec\uc7a5\uc740 \uac01 \uc81c\ud488\uc744 \ucda9\uaca9, \ud574\ucda9 \ubc0f \uae30\ud0c0 \uc704\ud5d8\uc73c\ub85c\ubd80\ud130 \ubcf4\ud638\ud558\uc5ec \uc548\uc804\ud558\uac8c \ubc30\uc1a1\ub418\uace0 \ubc14\ub85c \uc0ac\uc6a9\ud560 \uc218 \uc788\ub3c4\ub85d \ubcf4\uc7a5\ud569\ub2c8\ub2e4.<\/li>\n<\/ul>\n\t<div class=\"img has-hover x md-x lg-x y md-y lg-y\" id=\"image_2030605385\">\n\t\t\t\t\t\t\t\t<div class=\"img-inner dark\" >\n\t\t\t<img loading=\"lazy\" decoding=\"async\" width=\"760\" height=\"1024\" src=\"https:\/\/www.telaled.com\/wp-content\/uploads\/2025\/08\/36123f2c-de60-488d-af81-255cd4aee54a-760x1024.webp\" class=\"attachment-large size-large\" alt=\"\" srcset=\"https:\/\/www.telaled.com\/wp-content\/uploads\/2025\/08\/36123f2c-de60-488d-af81-255cd4aee54a-760x1024.webp 760w, https:\/\/www.telaled.com\/wp-content\/uploads\/2025\/08\/36123f2c-de60-488d-af81-255cd4aee54a-223x300.webp 223w, https:\/\/www.telaled.com\/wp-content\/uploads\/2025\/08\/36123f2c-de60-488d-af81-255cd4aee54a-768x1035.webp 768w, https:\/\/www.telaled.com\/wp-content\/uploads\/2025\/08\/36123f2c-de60-488d-af81-255cd4aee54a-9x12.webp 9w, https:\/\/www.telaled.com\/wp-content\/uploads\/2025\/08\/36123f2c-de60-488d-af81-255cd4aee54a-600x808.webp 600w, https:\/\/www.telaled.com\/wp-content\/uploads\/2025\/08\/36123f2c-de60-488d-af81-255cd4aee54a.webp 795w\" sizes=\"auto, (max-width: 760px) 100vw, 760px\" \/>\t\t\t\t\t\t\n\t\t\t\t\t<\/div>\n\t\t\t\t\t\t\t\t\n<style>\n#image_2030605385 {\n  width: 80%;\n}\n<\/style>\n\t<\/div>\n\t\n\n<table id=\"tablepress-92\" class=\"tablepress tablepress-id-92\">\n<thead>\n<tr class=\"row-1\">\n\t<th colspan=\"4\" class=\"column-1\">\uc81c\ud488 \ud504\ub808\uc820\ud14c\uc774\uc158<\/th>\n<\/tr>\n<\/thead>\n<tbody class=\"row-striping row-hover\">\n<tr class=\"row-2\">\n\t<td class=\"column-1\">\uc7ac\ub8cc<\/td><td class=\"column-2\">ABS<\/td><td class=\"column-3\"><\/td><td class=\"column-4\"><\/td>\n<\/tr>\n<tr class=\"row-3\">\n\t<td class=\"column-1\">\uc2a4\ucf54\uc5b4\ubcf4\ub4dc \ud06c\uae30<\/td><td class=\"column-2\">58*35*2.3cm(22.83*13.78*0.9\uc778\uce58)<\/td><td class=\"column-3\"><\/td><td class=\"column-4\"><\/td>\n<\/tr>\n<tr class=\"row-4\">\n\t<td class=\"column-1\">\uc81c\ud488 \uae30\ub2a5<\/td><td class=\"column-2\">\uc810\uc218 \ud45c\uc2dc, \uc77c\ubc18 \ubc0f \ubc30\uad6c \ubaa8\ub4dc, \uc18c\ub9ac\ub97c \ucf1c\uac70\ub098 \ub04c \uc218 \uc788\uc2b5\ub2c8\ub2e4.<\/td><td class=\"column-3\"><\/td><td class=\"column-4\"><\/td>\n<\/tr>\n<tr class=\"row-5\">\n\t<td class=\"column-1\">\uc5d0\ub108\uc9c0\uc6d0<\/td><td class=\"column-2\">DC5V\/2A \uc5b4\ub311\ud130, Type-C \ucda9\uc804\uae30(\ub2e4\uc591\ud55c \uad6d\uac00 \uc9c0\uc6d0)<\/td><td class=\"column-3\"><\/td><td class=\"column-4\"><\/td>\n<\/tr>\n<tr class=\"row-6\">\n\t<td class=\"column-1\">\ubc30\ud130\ub9ac \uad6c\ub3d9<\/td><td class=\"column-2\">1~3\uac1c\uc758 \ucda9\uc804\uc2dd 18650 \ub9ac\ud2ac \ubc30\ud130\ub9ac(\ubc30\ud130\ub9ac\ub294 \ud3ec\ud568\ub418\uc9c0 \uc54a\uc74c)<\/td><td class=\"column-3\"><\/td><td class=\"column-4\"><\/td>\n<\/tr>\n<tr class=\"row-7\">\n\t<td class=\"column-1\">\uc124\uce58 \ubc29\ubc95<\/td><td class=\"column-2\">\ud0c1\uc0c1\ud615, \ubcbd\uba74\ud615, \uac78\uc774\ud615, \uc0bc\uac01\ub300\ud615.<br \/>\n(\uac78\uc774\uc6a9 \uc561\uc138\uc11c\ub9ac\uc640 \uc0bc\uac01\ub300\ub294 \ud3ec\ud568\ub418\uc5b4 \uc788\uc9c0 \uc54a\uc2b5\ub2c8\ub2e4. \uad6c\ub9e4\ub97c \uc6d0\ud558\uc2dc\uba74 \uc800\ud76c\uc5d0\uac8c \ubb38\uc758\ud574 \uc8fc\uc138\uc694.)<\/td><td class=\"column-3\"><\/td><td class=\"column-4\"><\/td>\n<\/tr>\n<tr class=\"row-8\">\n\t<td class=\"column-1\">\ud615\uc9c8<\/td><td class=\"column-2\">\uc2e4\ub0b4\/\uc2e4\uc678 \uc0ac\uc6a9, \ud734\ub300\uac00 \uac04\ud3b8\ud558\uace0 \uc870\uc791\uc774 \uac04\ud3b8\ud569\ub2c8\ub2e4.<\/td><td class=\"column-3\"><\/td><td class=\"column-4\"><\/td>\n<\/tr>\n<tr class=\"row-9\">\n\t<td class=\"column-1\">\ud328\ud0a4\uc9c0 \ud3ec\ud568<\/td><td class=\"column-2\">10\uc790\ub9ac \uc2a4\ucf54\uc5b4\ubcf4\ub4dc, \ud384\uc2a4 \uc81c\uc5b4(HOME+VISITOR), 2.4G \ub9ac\ubaa8\ucee8,<br \/>\n\uc5b4\ub311\ud130 \ubc0f \ucda9\uc804\uae30, \uc124\uce58 \uc561\uc138\uc11c\ub9ac, \uc0ac\uc6a9 \uc124\uba85\uc11c<\/td><td class=\"column-3\"><\/td><td class=\"column-4\"><\/td>\n<\/tr>\n<\/tbody>\n<\/table>\n\n\t\t<\/div>\n\t\t\t\t\t<\/div>\n\n\t\n<\/div>\n\t\t<\/div>\n\t\t\t\t\t<\/div>\n\n\t\n<\/div>","protected":false},"excerpt":{"rendered":"<p><strong>\ubc30\uad6c TEB \uc2dc\ub9ac\uc988\uc6a9 \uc804\uc790 \uc2a4\ucf54\uc5b4\ubcf4\ub4dc - \uac04\uc18c\ud654\ub41c \uc2e4\uc2dc\uac04 \uc2a4\ucf54\uc5b4\ub9c1<\/strong><\/p>\n<p>\uadf8\ub9cc\ud07c <em><strong>\ubc30\uad6c TEB \uc2dc\ub9ac\uc988\uc6a9 \uc804\uc790 \uc2a4\ucf54\uc5b4\ubcf4\ub4dc <\/strong><\/em>\ubaa8\ub4e0 \ud50c\ub808\uc774, \uc138\ud2b8, \uadf8\ub9ac\uace0 \uacbd\uae30\ub97c \uc120\uc218\uc640 \uad00\uc911 \ubaa8\ub450\uc5d0\uac8c \uc120\uba85\ud558\uac8c \ubcf4\uc774\ub3c4\ub85d \uc124\uacc4\ub418\uc5c8\uc2b5\ub2c8\ub2e4. \ubc1d\uc740 LED \uc22b\uc790, \uc0ac\uc6a9\ud558\uae30 \uc26c\uc6b4 \uc870\uc791\ubc95, \uadf8\ub9ac\uace0 \uacac\uace0\ud55c \uad6c\uc870\ub85c \uc2e4\ub0b4\uc678 \uc5b4\ub514\uc5d0\uc11c\ub4e0 \uc815\ud655\ud55c \ub4dd\uc810\uacfc \uc6d0\ud65c\ud55c \uac8c\uc784 \ud50c\ub808\uc774\ub97c \ubcf4\uc7a5\ud569\ub2c8\ub2e4.<\/p>\n<p><strong>4\uac00\uc9c0 \uc8fc\uc694 \uc774\uc810:<\/strong><\/p>\n<ul>\n<li><strong>\uc989\uac01\uc801\uc778 \uc810\uc218 \uc5c5\ub370\uc774\ud2b8<\/strong> \u2013 \uc120\uba85\ud55c LED \ub514\uc2a4\ud50c\ub808\uc774\ub85c \uc120\uc218, \uc2ec\ud310, \ud32c\uc774 \uac19\uc740 \uc815\ubcf4\ub97c \uacf5\uc720\ud560 \uc218 \uc788\uc2b5\ub2c8\ub2e4.<\/li>\n<li><strong>\ub0b4\uad6c\uc131 \uc788\ub294 \uad6c\uc870<\/strong> \u2013 \uc624\ub798 \uc9c0\uc18d\ub418\ub294 \uc131\ub2a5\uc73c\ub85c \uac15\ub82c\ud55c \uac8c\uc784 \ud658\uacbd\uc744 \ucc98\ub9ac\ud558\ub3c4\ub85d \uc81c\uc791\ub418\uc5c8\uc2b5\ub2c8\ub2e4.<\/li>\n<li><strong>\uc0ac\uc6a9\ud558\uae30 \uc26c\uc6b4 \ucee8\ud2b8\ub864<\/strong> \u2013 \uac04\ub2e8\ud55c \uc778\ud130\ud398\uc774\uc2a4 \ub355\ubd84\uc5d0 \uc2ec\ud310\uc758 \uc791\uc5c5\uc774 \ube60\ub974\uace0 \ud6a8\uc728\uc801\uc73c\ub85c \uc9c4\ud589\ub429\ub2c8\ub2e4.<\/li>\n<li><strong>\uc0ac\uc6a9\uc790 \uc815\uc758 \uac00\ub2a5\ud55c \ub514\uc790\uc778<\/strong> - \uc0ac\uc6a9\uc790\uc758 \ud544\uc694\uc5d0 \ub9de\ucd98 \ud06c\uae30, \ubc1d\uae30 \ubc0f \uae30\ub2a5 \uc635\uc158. <a href=\"https:\/\/www.telaled.com\/ko\/cronometro-academia\/\">\uccb4\uc721\uad00<\/a>, \ud559\uad50\ub098 \uc804\ubb38 \ubd84\uc57c \ub4f1.<\/li>\n<\/ul>\n<p>\uc800\ud76c \ud300\uc740 24\uc2dc\uac04 \uc5f0\uc911\ubb34\ud734 \uc6d0\uaca9 \uc9c0\uc6d0\uacfc 3\ub144 \ubcf4\uc99d\uc744 \uc81c\uacf5\ud569\ub2c8\ub2e4. \ub9de\ucda4 \uacac\uc801\uc744 \uc6d0\ud558\uc2dc\uba74 \uc9c0\uae08 \ubc14\ub85c \ubb38\uc758\ud558\uc138\uc694.<\/p>","protected":false},"featured_media":3703,"template":"","meta":[],"product_brand":[],"product_cat":[48,40,44,46],"product_tag":[],"class_list":{"0":"post-3692","1":"product","2":"type-product","3":"status-publish","4":"has-post-thumbnail","6":"product_cat-paineis-personalizados","7":"product_cat-painel-de-led","8":"product_cat-painel-de-led-flexivel","9":"product_cat-painel-de-video","11":"first","12":"instock","13":"shipping-taxable","14":"product-type-simple"},"yoast_head":"<!-- This site is optimized with the Yoast SEO plugin v27.5 - https:\/\/yoast.com\/product\/yoast-seo-wordpress\/ -->\n<title>Placar Eletronico Para Volei S\u00e9rie TEB | TELALED<\/title>\n<meta name=\"description\" content=\"Placar Eletronico Para Volei S\u00e9rie TEB oferece resultados claros e em tempo real para todas as partidas. Dur\u00e1vel e f\u00e1cil de usar. Adquira o seu agora!\" \/>\n<meta name=\"robots\" content=\"index, follow, max-snippet:-1, max-image-preview:large, max-video-preview:-1\" \/>\n<link rel=\"canonical\" href=\"https:\/\/www.telaled.com\/ko\/fabrica\/placar-eletronico-para-volei-serie-teb\/\" \/>\n<meta property=\"og:locale\" content=\"ko_KR\" \/>\n<meta property=\"og:type\" content=\"article\" \/>\n<meta property=\"og:title\" content=\"Placar Eletronico Para Volei S\u00e9rie TEB | TELALED\" \/>\n<meta property=\"og:description\" content=\"Placar Eletronico Para Volei S\u00e9rie TEB oferece resultados claros e em tempo real para todas as partidas. Dur\u00e1vel e f\u00e1cil de usar. Adquira o seu agora!\" \/>\n<meta property=\"og:url\" content=\"https:\/\/www.telaled.com\/ko\/fabrica\/placar-eletronico-para-volei-serie-teb\/\" \/>\n<meta property=\"og:site_name\" content=\"TELALED\" \/>\n<meta property=\"article:modified_time\" content=\"2026-01-06T09:20:04+00:00\" \/>\n<meta property=\"og:image\" content=\"https:\/\/www.telaled.com\/wp-content\/uploads\/2025\/10\/Electronic-Volleyball-Scoreboard.webp\" \/>\n\t<meta property=\"og:image:width\" content=\"500\" \/>\n\t<meta property=\"og:image:height\" content=\"500\" \/>\n\t<meta property=\"og:image:type\" content=\"image\/webp\" \/>\n<meta name=\"twitter:card\" content=\"summary_large_image\" \/>\n<meta name=\"twitter:label1\" content=\"\uc608\uc0c1 \ub418\ub294 \ud310\ub3c5 \uc2dc\uac04\" \/>\n\t<meta name=\"twitter:data1\" content=\"2\ubd84\" \/>\n<script type=\"application\/ld+json\" class=\"yoast-schema-graph\">{\"@context\":\"https:\\\/\\\/schema.org\",\"@graph\":[{\"@type\":\"WebPage\",\"@id\":\"https:\\\/\\\/www.telaled.com\\\/fabrica\\\/placar-eletronico-para-volei-serie-teb\\\/\",\"url\":\"https:\\\/\\\/www.telaled.com\\\/fabrica\\\/placar-eletronico-para-volei-serie-teb\\\/\",\"name\":\"Placar Eletronico Para Volei S\u00e9rie TEB | TELALED\",\"isPartOf\":{\"@id\":\"https:\\\/\\\/www.telaled.com\\\/#website\"},\"primaryImageOfPage\":{\"@id\":\"https:\\\/\\\/www.telaled.com\\\/fabrica\\\/placar-eletronico-para-volei-serie-teb\\\/#primaryimage\"},\"image\":{\"@id\":\"https:\\\/\\\/www.telaled.com\\\/fabrica\\\/placar-eletronico-para-volei-serie-teb\\\/#primaryimage\"},\"thumbnailUrl\":\"https:\\\/\\\/www.telaled.com\\\/wp-content\\\/uploads\\\/2025\\\/10\\\/Electronic-Volleyball-Scoreboard.webp\",\"datePublished\":\"2025-10-02T00:42:47+00:00\",\"dateModified\":\"2026-01-06T09:20:04+00:00\",\"description\":\"Placar Eletronico Para Volei S\u00e9rie TEB oferece resultados claros e em tempo real para todas as partidas. Dur\u00e1vel e f\u00e1cil de usar. Adquira o seu agora!\",\"breadcrumb\":{\"@id\":\"https:\\\/\\\/www.telaled.com\\\/fabrica\\\/placar-eletronico-para-volei-serie-teb\\\/#breadcrumb\"},\"inLanguage\":\"ko-KR\",\"potentialAction\":[{\"@type\":\"ReadAction\",\"target\":[\"https:\\\/\\\/www.telaled.com\\\/fabrica\\\/placar-eletronico-para-volei-serie-teb\\\/\"]}]},{\"@type\":\"ImageObject\",\"inLanguage\":\"ko-KR\",\"@id\":\"https:\\\/\\\/www.telaled.com\\\/fabrica\\\/placar-eletronico-para-volei-serie-teb\\\/#primaryimage\",\"url\":\"https:\\\/\\\/www.telaled.com\\\/wp-content\\\/uploads\\\/2025\\\/10\\\/Electronic-Volleyball-Scoreboard.webp\",\"contentUrl\":\"https:\\\/\\\/www.telaled.com\\\/wp-content\\\/uploads\\\/2025\\\/10\\\/Electronic-Volleyball-Scoreboard.webp\",\"width\":500,\"height\":500,\"caption\":\"Placar Eletronico Para Volei S\u00e9rie TEB\"},{\"@type\":\"BreadcrumbList\",\"@id\":\"https:\\\/\\\/www.telaled.com\\\/fabrica\\\/placar-eletronico-para-volei-serie-teb\\\/#breadcrumb\",\"itemListElement\":[{\"@type\":\"ListItem\",\"position\":1,\"name\":\"Home\",\"item\":\"https:\\\/\\\/www.telaled.com\\\/\"},{\"@type\":\"ListItem\",\"position\":2,\"name\":\"Produtos\",\"item\":\"https:\\\/\\\/www.telaled.com\\\/shop\\\/\"},{\"@type\":\"ListItem\",\"position\":3,\"name\":\"Placar Eletronico Para Volei S\u00e9rie TEB\"}]},{\"@type\":\"WebSite\",\"@id\":\"https:\\\/\\\/www.telaled.com\\\/#website\",\"url\":\"https:\\\/\\\/www.telaled.com\\\/\",\"name\":\"TELALED\",\"description\":\"\",\"potentialAction\":[{\"@type\":\"SearchAction\",\"target\":{\"@type\":\"EntryPoint\",\"urlTemplate\":\"https:\\\/\\\/www.telaled.com\\\/?s={search_term_string}\"},\"query-input\":{\"@type\":\"PropertyValueSpecification\",\"valueRequired\":true,\"valueName\":\"search_term_string\"}}],\"inLanguage\":\"ko-KR\"}]}<\/script>\n<!-- \/ Yoast SEO plugin. -->","yoast_head_json":{"title":"\ubc30\uad6c TEB \uc2dc\ub9ac\uc988\uc6a9 \uc804\uc790 \uc2a4\ucf54\uc5b4\ubcf4\ub4dc | TELALED","description":"TEB \uc2dc\ub9ac\uc988 \uc804\uc790 \ubc30\uad6c \uc2a4\ucf54\uc5b4\ubcf4\ub4dc\ub294 \ubaa8\ub4e0 \uacbd\uae30\uc758 \uacb0\uacfc\ub97c \uc2e4\uc2dc\uac04\uc73c\ub85c \uba85\ud655\ud558\uac8c \ubcf4\uc5ec\uc90d\ub2c8\ub2e4. \ub0b4\uad6c\uc131\uc774 \ub6f0\uc5b4\ub098\uace0 \uc0ac\uc6a9\ud558\uae30\ub3c4 \ud3b8\ub9ac\ud569\ub2c8\ub2e4. \uc9c0\uae08 \ubc14\ub85c \uad6c\ub9e4\ud558\uc138\uc694!","robots":{"index":"index","follow":"follow","max-snippet":"max-snippet:-1","max-image-preview":"max-image-preview:large","max-video-preview":"max-video-preview:-1"},"canonical":"https:\/\/www.telaled.com\/ko\/fabrica\/placar-eletronico-para-volei-serie-teb\/","og_locale":"ko_KR","og_type":"article","og_title":"Placar Eletronico Para Volei S\u00e9rie TEB | TELALED","og_description":"Placar Eletronico Para Volei S\u00e9rie TEB oferece resultados claros e em tempo real para todas as partidas. Dur\u00e1vel e f\u00e1cil de usar. Adquira o seu agora!","og_url":"https:\/\/www.telaled.com\/ko\/fabrica\/placar-eletronico-para-volei-serie-teb\/","og_site_name":"TELALED","article_modified_time":"2026-01-06T09:20:04+00:00","og_image":[{"width":500,"height":500,"url":"https:\/\/www.telaled.com\/wp-content\/uploads\/2025\/10\/Electronic-Volleyball-Scoreboard.webp","type":"image\/webp"}],"twitter_card":"summary_large_image","twitter_misc":{"\uc608\uc0c1 \ub418\ub294 \ud310\ub3c5 \uc2dc\uac04":"2\ubd84"},"schema":{"@context":"https:\/\/schema.org","@graph":[{"@type":"WebPage","@id":"https:\/\/www.telaled.com\/fabrica\/placar-eletronico-para-volei-serie-teb\/","url":"https:\/\/www.telaled.com\/fabrica\/placar-eletronico-para-volei-serie-teb\/","name":"\ubc30\uad6c TEB \uc2dc\ub9ac\uc988\uc6a9 \uc804\uc790 \uc2a4\ucf54\uc5b4\ubcf4\ub4dc | TELALED","isPartOf":{"@id":"https:\/\/www.telaled.com\/#website"},"primaryImageOfPage":{"@id":"https:\/\/www.telaled.com\/fabrica\/placar-eletronico-para-volei-serie-teb\/#primaryimage"},"image":{"@id":"https:\/\/www.telaled.com\/fabrica\/placar-eletronico-para-volei-serie-teb\/#primaryimage"},"thumbnailUrl":"https:\/\/www.telaled.com\/wp-content\/uploads\/2025\/10\/Electronic-Volleyball-Scoreboard.webp","datePublished":"2025-10-02T00:42:47+00:00","dateModified":"2026-01-06T09:20:04+00:00","description":"TEB \uc2dc\ub9ac\uc988 \uc804\uc790 \ubc30\uad6c \uc2a4\ucf54\uc5b4\ubcf4\ub4dc\ub294 \ubaa8\ub4e0 \uacbd\uae30\uc758 \uacb0\uacfc\ub97c \uc2e4\uc2dc\uac04\uc73c\ub85c \uba85\ud655\ud558\uac8c \ubcf4\uc5ec\uc90d\ub2c8\ub2e4. \ub0b4\uad6c\uc131\uc774 \ub6f0\uc5b4\ub098\uace0 \uc0ac\uc6a9\ud558\uae30\ub3c4 \ud3b8\ub9ac\ud569\ub2c8\ub2e4. \uc9c0\uae08 \ubc14\ub85c \uad6c\ub9e4\ud558\uc138\uc694!","breadcrumb":{"@id":"https:\/\/www.telaled.com\/fabrica\/placar-eletronico-para-volei-serie-teb\/#breadcrumb"},"inLanguage":"ko-KR","potentialAction":[{"@type":"ReadAction","target":["https:\/\/www.telaled.com\/fabrica\/placar-eletronico-para-volei-serie-teb\/"]}]},{"@type":"ImageObject","inLanguage":"ko-KR","@id":"https:\/\/www.telaled.com\/fabrica\/placar-eletronico-para-volei-serie-teb\/#primaryimage","url":"https:\/\/www.telaled.com\/wp-content\/uploads\/2025\/10\/Electronic-Volleyball-Scoreboard.webp","contentUrl":"https:\/\/www.telaled.com\/wp-content\/uploads\/2025\/10\/Electronic-Volleyball-Scoreboard.webp","width":500,"height":500,"caption":"Placar Eletronico Para Volei S\u00e9rie TEB"},{"@type":"BreadcrumbList","@id":"https:\/\/www.telaled.com\/fabrica\/placar-eletronico-para-volei-serie-teb\/#breadcrumb","itemListElement":[{"@type":"ListItem","position":1,"name":"Home","item":"https:\/\/www.telaled.com\/"},{"@type":"ListItem","position":2,"name":"Produtos","item":"https:\/\/www.telaled.com\/shop\/"},{"@type":"ListItem","position":3,"name":"Placar Eletronico Para Volei S\u00e9rie TEB"}]},{"@type":"WebSite","@id":"https:\/\/www.telaled.com\/#website","url":"https:\/\/www.telaled.com\/","name":"LED \uc2a4\ud06c\ub9b0","description":"","potentialAction":[{"@type":"SearchAction","target":{"@type":"EntryPoint","urlTemplate":"https:\/\/www.telaled.com\/?s={search_term_string}"},"query-input":{"@type":"PropertyValueSpecification","valueRequired":true,"valueName":"search_term_string"}}],"inLanguage":"ko-KR"}]}},"_links":{"self":[{"href":"https:\/\/www.telaled.com\/ko\/wp-json\/wp\/v2\/product\/3692","targetHints":{"allow":["GET"]}}],"collection":[{"href":"https:\/\/www.telaled.com\/ko\/wp-json\/wp\/v2\/product"}],"about":[{"href":"https:\/\/www.telaled.com\/ko\/wp-json\/wp\/v2\/types\/product"}],"wp:featuredmedia":[{"embeddable":true,"href":"https:\/\/www.telaled.com\/ko\/wp-json\/wp\/v2\/media\/3703"}],"wp:attachment":[{"href":"https:\/\/www.telaled.com\/ko\/wp-json\/wp\/v2\/media?parent=3692"}],"wp:term":[{"taxonomy":"product_brand","embeddable":true,"href":"https:\/\/www.telaled.com\/ko\/wp-json\/wp\/v2\/product_brand?post=3692"},{"taxonomy":"product_cat","embeddable":true,"href":"https:\/\/www.telaled.com\/ko\/wp-json\/wp\/v2\/product_cat?post=3692"},{"taxonomy":"product_tag","embeddable":true,"href":"https:\/\/www.telaled.com\/ko\/wp-json\/wp\/v2\/product_tag?post=3692"}],"curies":[{"name":"\uc6cc\ub4dc\ud504\ub808\uc2a4","href":"https:\/\/api.w.org\/{rel}","templated":true}]}}