{"id":3315,"date":"2025-09-15T06:11:40","date_gmt":"2025-09-15T06:11:40","guid":{"rendered":"https:\/\/www.telaled.com\/?post_type=product&#038;p=3315"},"modified":"2026-01-06T01:49:24","modified_gmt":"2026-01-06T01:49:24","slug":"cola-can-led-display-serie-tcj","status":"publish","type":"product","link":"https:\/\/www.telaled.com\/ko\/fabrica\/cola-can-led-display-serie-tcj\/","title":{"rendered":"\uae00\ub8e8\uce94 LED \ub514\uc2a4\ud50c\ub808\uc774 TCJ \uc2dc\ub9ac\uc988"},"content":{"rendered":"<div class=\"row\"  id=\"row-2107182851\">\n\n\t<div id=\"col-1225196534\" class=\"col small-12 large-12\"  >\n\t\t\t\t<div class=\"col-inner\"  >\n\t\t\t\n\t\t\t\n<h2>\ucf5c\ub77c\uce94 LED \ub514\uc2a4\ud50c\ub808\uc774 TCJ \uc2dc\ub9ac\uc988\uc758 \ub3c5\ud2b9\ud55c \uc7a5\uc810<\/h2>\n<h3><strong>\ub6f0\uc5b4\ub09c \ub0b4\uad6c\uc131<\/strong><\/h3>\n<ul>\n<li>\uace0\uc815\ubc00 \uce90\ube44\ub2db \uad6c\uc870\ub85c \uc81c\uc791\ub418\uc5c8\uc2b5\ub2c8\ub2e4.<\/li>\n<li>\ub6f0\uc5b4\ub09c \uac15\ub3c4\uc640 \uc548\uc815\uc131\uc744 \uc81c\uacf5\ud569\ub2c8\ub2e4.<\/li>\n<li>\uc7a5\uae30\uc801\uc778 \uc2e0\ub8b0\uc131\uc744 \uc704\ud574 \ud6a8\uacfc\uc801\uc778 \ubc29\uc5f4 \uae30\ub2a5\uc744 \uac16\ub3c4\ub85d \uc124\uacc4\ub418\uc5c8\uc2b5\ub2c8\ub2e4.<\/li>\n<\/ul>\n<h3><strong>\ub6f0\uc5b4\ub09c \uc2dc\uac01\uc801 \ud488\uc9c8<\/strong><\/h3>\n<ul>\n<li>\uc120\uba85\ud55c \uc774\ubbf8\uc9c0\ub97c \uc704\ud55c 112 x 560 \ud53d\uc140 \ubc00\ub3c4.<\/li>\n<li>\ub300\ud615 \uc2a4\ud06c\ub9b0(\uc9c1\uacbd 713mm x \ub192\uc774 1270mm).<\/li>\n<li>\uc0dd\uc0dd\ud558\uace0 \uba85\ud655\ud558\uba70 \uc0ac\uc2e4\uc801\uc778 \uc81c\uc791 \ud504\ub808\uc820\ud14c\uc774\uc158\uc744 \uc81c\uacf5\ud569\ub2c8\ub2e4.<\/li>\n<\/ul>\n<h3><strong>\uc644\ubcbd\ud55c \uc801\uc751\ub825<\/strong><\/h3>\n<ul>\n<li>\ub3c5\ud2b9\ud55c \uc2dc\uac01\uc801 \uc815\uccb4\uc131\uc744 \uc704\ud55c \ucc3d\uc758\uc801\uc778 \uce94 \ubaa8\uc591 \ub514\uc790\uc778<\/li>\n<li>\ub808\uc2a4\ud1a0\ub791, \uc74c\ub8cc \ubc0f \uc640\uc778 \ud504\ub85c\ubaa8\uc158\uc5d0 \uc720\uc5f0\ud558\uac8c \ud65c\uc6a9 \uac00\ub2a5\ud569\ub2c8\ub2e4.<\/li>\n<li>\ub2e4\uc591\ud55c \ud658\uacbd\uacfc \uc751\uc6a9 \ud504\ub85c\uadf8\ub7a8\uc5d0 \uc27d\uac8c \uc801\uc751 \uac00\ub2a5<\/li>\n<\/ul>\n<h3><strong>\uc885\ud569 \uc9c0\uc6d0<\/strong><\/h3>\n<ul>\n<li>24\uc2dc\uac04 \uc5f0\uc911\ubb34\ud734 \uc6d0\uaca9 \uae30\uc220 \uc9c0\uc6d0: \uc5b8\uc81c \uc5b4\ub514\uc11c\ub098 \uc804\ubb38\uac00\uc758 \ub3c4\uc6c0\uc744 \ubc1b\uc73c\uc138\uc694.<\/li>\n<li>5%\uc758 \uc608\ube44 \ubd80\ud488\uc774 \ud3ec\ud568\ub418\uc5b4 \uc788\uc2b5\ub2c8\ub2e4. \uac01 \uc8fc\ubb38\uc5d0\ub294 \uc2e0\ub8b0\uc131\uc744 \ub192\uc774\uace0 \uc548\uc2ec\uc744 \uc81c\uacf5\ud558\ub294 \ucd94\uac00 \uad6c\uc131 \uc694\uc18c\uac00 \ud3ec\ud568\ub418\uc5b4 \uc788\uc2b5\ub2c8\ub2e4.<\/li>\n<li>3\ub144 \uc5f0\uc7a5 \ubcf4\uc99d: \ub354 \ub098\uc740 \uc131\ub2a5\uacfc \uc548\uc815\uc801\uc778 \uc11c\ube44\uc2a4\ub97c \uc704\ud55c \uc7a5\uae30\uc801\uc778 \uc735\ud569\uc744 \uc990\uaca8\ubcf4\uc138\uc694.<\/li>\n<\/ul>\n<h2>\uc81c\ud488 \uc0c1\uc138 \uc815\ubcf4<\/h2>\n<div class=\"row\"  id=\"row-1427043528\">\n\n\t<div id=\"col-1796057368\" class=\"col medium-10 small-12 large-10\"  >\n\t\t\t\t<div class=\"col-inner text-left\"  >\n\t\t\t\n\t\t\t\n<ul>\n<li>\uc800\ud76c TCJ \uc2dc\ub9ac\uc988 LED \ub514\uc2a4\ud50c\ub808\uc774 \ucf5c\ub77c \uce94\uc740 \ub300\ub2f4\ud55c \uc6d0\ud1b5\ud615 \ub514\uc790\uc778\uc73c\ub85c \uc2dc\uc120\uc744 \uc0ac\ub85c\uc7a1\uc2b5\ub2c8\ub2e4. \ud3c9\uba74 \uc2a4\ud06c\ub9b0\uacfc \ub2ec\ub9ac, \ud55c\ub208\uc5d0 \uc54c\uc544\ubcfc \uc218 \uc788\uace0 \ubb34\uc2dc\ud560 \uc218 \uc5c6\ub294 \ub514\uc790\uc778\uc73c\ub85c \uba54\uc2dc\uc9c0\ub97c \ud6a8\uacfc\uc801\uc73c\ub85c \uc804\ub2ec\ud569\ub2c8\ub2e4. <a href=\"https:\/\/www.telaled.com\/ko\/telao-de-led-para-eventos\/\">\uc774\ubca4\ud2b8<\/a>, \uc0c1\uc810 \ubc0f \uc2a4\ud3ec\uce20 \uacbd\uae30\uc7a5.<\/li>\n<\/ul>\n\t<div class=\"img has-hover x md-x lg-x y md-y lg-y\" id=\"image_2061779568\">\n\t\t\t\t\t\t\t\t<div class=\"img-inner dark\" >\n\t\t\t<img loading=\"lazy\" decoding=\"async\" width=\"640\" height=\"430\" src=\"https:\/\/www.telaled.com\/wp-content\/uploads\/2025\/09\/Aparencia-unica-e-criativa.webp\" class=\"attachment-original size-original\" alt=\"\ub3c5\ud2b9\ud558\uace0 \ucc3d\uc758\uc801\uc778 \ubaa8\uc2b5\" srcset=\"https:\/\/www.telaled.com\/wp-content\/uploads\/2025\/09\/Aparencia-unica-e-criativa.webp 640w, https:\/\/www.telaled.com\/wp-content\/uploads\/2025\/09\/Aparencia-unica-e-criativa-300x202.webp 300w, https:\/\/www.telaled.com\/wp-content\/uploads\/2025\/09\/Aparencia-unica-e-criativa-18x12.webp 18w, https:\/\/www.telaled.com\/wp-content\/uploads\/2025\/09\/Aparencia-unica-e-criativa-600x403.webp 600w\" sizes=\"auto, (max-width: 640px) 100vw, 640px\" \/>\t\t\t\t\t\t\n\t\t\t\t\t<\/div>\n\t\t\t\t\t\t\t\t\n<style>\n#image_2061779568 {\n  width: 95%;\n}\n<\/style>\n\t<\/div>\n\t\n<ul>\n<li>TCJ \uc2dc\ub9ac\uc988 \uae00\ub8e8\uce94 LED \ub514\uc2a4\ud50c\ub808\uc774\ub294 \uc720\uc5f0\uc131\uc744 \uace0\ub824\ud558\uc5ec \uc124\uacc4\ub418\uc5c8\uc2b5\ub2c8\ub2e4. \ubaa8\ub4c8\uc2dd \ub514\uc790\uc778\uc73c\ub85c \uacf5\uac04\uc774\ub098 \ud658\uacbd\uc5d0 \ub9de\ucdb0 \uc811\ud569 \ubc0f \ubab0\ub529\uc774 \uac00\ub2a5\ud569\ub2c8\ub2e4. \uc124\uce58 \ubc0f \uc720\uc9c0 \ubcf4\uc218\uac00 \ube60\ub974\uace0 \ubaa8\ub4c8 \uad50\uccb4\uac00 \uac04\ud3b8\ud558\uc5ec \ube44\uc6a9\uacfc \uac00\ub3d9 \uc911\ub2e8 \uc2dc\uac04\uc744 \uc904\uc5ec\uc90d\ub2c8\ub2e4. \uc774\ub7ec\ud55c \uc720\uc5f0\uc131 \ub355\ubd84\uc5d0 \ub2e4\uc591\ud55c \uc6a9\ub3c4\uc5d0 \uc801\ud569\ud55c \ud604\uba85\ud55c \uc120\ud0dd\uc785\ub2c8\ub2e4.<\/li>\n<\/ul>\n\t\t<\/div>\n\t\t\t\t\t<\/div>\n\n\t\n\n\t<div id=\"col-1441438424\" class=\"col medium-10 small-12 large-10\"  >\n\t\t\t\t<div class=\"col-inner text-left\"  >\n\t\t\t\n\t\t\t\n\t<div class=\"img has-hover x md-x lg-x y md-y lg-y\" id=\"image_1106991917\">\n\t\t\t\t\t\t\t\t<div class=\"img-inner dark\" >\n\t\t\t<img loading=\"lazy\" decoding=\"async\" width=\"640\" height=\"430\" src=\"https:\/\/www.telaled.com\/wp-content\/uploads\/2025\/09\/Flexibilidade-personalizada-e-instalacao-simples.webp\" class=\"attachment-large size-large\" alt=\"\" srcset=\"https:\/\/www.telaled.com\/wp-content\/uploads\/2025\/09\/Flexibilidade-personalizada-e-instalacao-simples.webp 640w, https:\/\/www.telaled.com\/wp-content\/uploads\/2025\/09\/Flexibilidade-personalizada-e-instalacao-simples-300x202.webp 300w, https:\/\/www.telaled.com\/wp-content\/uploads\/2025\/09\/Flexibilidade-personalizada-e-instalacao-simples-18x12.webp 18w, https:\/\/www.telaled.com\/wp-content\/uploads\/2025\/09\/Flexibilidade-personalizada-e-instalacao-simples-600x403.webp 600w\" sizes=\"auto, (max-width: 640px) 100vw, 640px\" \/>\t\t\t\t\t\t\n\t\t\t\t\t<\/div>\n\t\t\t\t\t\t\t\t\n<style>\n#image_1106991917 {\n  width: 95%;\n}\n<\/style>\n\t<\/div>\n\t\n<ul>\n<li>\ucf5c\ub77c\uce94 LED \ub514\uc2a4\ud50c\ub808\uc774 TCJ \uc2dc\ub9ac\uc988\ub294 \ucca8\ub2e8 \uad6c\ub3d9 \uae30\uc220\uacfc \ud504\ub9ac\ubbf8\uc5c4 LED \ubaa8\ub4c8\uc744 \ud1b5\ud574 \uc548\uc815\uc131\uacfc \uc2e0\ub8b0\uc131\uc744 \uc81c\uacf5\ud569\ub2c8\ub2e4. \ud639\ub3c5\ud55c \uc0ac\uc6a9 \ud658\uacbd\uacfc \uc5f4\uc545\ud55c \uc870\uac74\uc5d0\uc11c\ub3c4 \uc644\ubcbd\ud558\uac8c \uc791\ub3d9\ud558\uba70, \ub192\uc740 \uad11\uc804 \ud6a8\uc728\ub85c \uc548\uc815\uc801\uc778 \uc131\ub2a5\uc744 \uc720\uc9c0\ud569\ub2c8\ub2e4. <a href=\"https:\/\/www.telaled.com\/ko\/entendendo-o-consumo-de-energia-painel-de-led-quao-eficientes-sao-os-displays-de-led-modernos\/\">\uc5d0\ub108\uc9c0 \uc18c\ube44<\/a> \uadf8 \uacb0\uacfc, \uae30\uc874 \ub514\uc2a4\ud50c\ub808\uc774\uc5d0 \ube44\ud574 \ub0b4\uad6c\uc131\uc774 \ub6f0\uc5b4\ub098\uace0 \ube44\uc6a9 \ud6a8\uc728\uc801\uc778 \uc5c5\uadf8\ub808\uc774\ub4dc\uac00 \uac00\ub2a5\ud574\uc84c\uc2b5\ub2c8\ub2e4.<\/li>\n<\/ul>\n\t<div class=\"img has-hover x md-x lg-x y md-y lg-y\" id=\"image_1578142635\">\n\t\t\t\t\t\t\t\t<div class=\"img-inner dark\" >\n\t\t\t<img loading=\"lazy\" decoding=\"async\" width=\"640\" height=\"430\" src=\"https:\/\/www.telaled.com\/wp-content\/uploads\/2025\/09\/Confiavel-e-com-baixo-consumo-de-energia.webp\" class=\"attachment-large size-large\" alt=\"\" srcset=\"https:\/\/www.telaled.com\/wp-content\/uploads\/2025\/09\/Confiavel-e-com-baixo-consumo-de-energia.webp 640w, https:\/\/www.telaled.com\/wp-content\/uploads\/2025\/09\/Confiavel-e-com-baixo-consumo-de-energia-300x202.webp 300w, https:\/\/www.telaled.com\/wp-content\/uploads\/2025\/09\/Confiavel-e-com-baixo-consumo-de-energia-18x12.webp 18w, https:\/\/www.telaled.com\/wp-content\/uploads\/2025\/09\/Confiavel-e-com-baixo-consumo-de-energia-600x403.webp 600w\" sizes=\"auto, (max-width: 640px) 100vw, 640px\" \/>\t\t\t\t\t\t\n\t\t\t\t\t<\/div>\n\t\t\t\t\t\t\t\t\n<style>\n#image_1578142635 {\n  width: 95%;\n}\n<\/style>\n\t<\/div>\n\t\n\t\t<\/div>\n\t\t\t\t\t<\/div>\n\n\t\n\n\t<div id=\"col-2106656325\" class=\"col medium-10 small-12 large-10\"  >\n\t\t\t\t<div class=\"col-inner text-left\"  >\n\t\t\t\n\t\t\t\n<ul>\n<li>TCJ \uc2dc\ub9ac\uc988 \uae00\ub8e8\uce94 LED \ub514\uc2a4\ud50c\ub808\uc774\ub294 \ubc30\uc1a1 \uc911 \ubcf4\ud638\ub97c \uc704\ud574 \uac15\ud654 \ubaa9\uc7ac \uc0c1\uc790\uc5d0 \ud3ec\uc7a5\ub429\ub2c8\ub2e4. \uac01 \uc81c\ud488\uc740 \ud574\ucda9, \ucda9\uaca9 \ubc0f \uae30\ud0c0 \uc704\ud5d8\uc73c\ub85c \uc778\ud55c \uc190\uc0c1\uc744 \ubc29\uc9c0\ud558\uae30 \uc704\ud574 \uc548\uc804\ud558\uac8c \ud3ec\uc7a5\ub418\uc5b4 \ub0b4\uad6c\uc131\uacfc \uc548\uc804\ud55c \ubc30\uc1a1\uc744 \ubcf4\uc7a5\ud569\ub2c8\ub2e4.<\/li>\n<\/ul>\n\t<div class=\"img has-hover x md-x lg-x y md-y lg-y\" id=\"image_105619956\">\n\t\t\t\t\t\t\t\t<div class=\"img-inner dark\" >\n\t\t\t<img loading=\"lazy\" decoding=\"async\" width=\"760\" height=\"1024\" src=\"https:\/\/www.telaled.com\/wp-content\/uploads\/2025\/08\/36123f2c-de60-488d-af81-255cd4aee54a-760x1024.webp\" class=\"attachment-large size-large\" alt=\"\" srcset=\"https:\/\/www.telaled.com\/wp-content\/uploads\/2025\/08\/36123f2c-de60-488d-af81-255cd4aee54a-760x1024.webp 760w, https:\/\/www.telaled.com\/wp-content\/uploads\/2025\/08\/36123f2c-de60-488d-af81-255cd4aee54a-223x300.webp 223w, https:\/\/www.telaled.com\/wp-content\/uploads\/2025\/08\/36123f2c-de60-488d-af81-255cd4aee54a-768x1035.webp 768w, https:\/\/www.telaled.com\/wp-content\/uploads\/2025\/08\/36123f2c-de60-488d-af81-255cd4aee54a-9x12.webp 9w, https:\/\/www.telaled.com\/wp-content\/uploads\/2025\/08\/36123f2c-de60-488d-af81-255cd4aee54a-600x808.webp 600w, https:\/\/www.telaled.com\/wp-content\/uploads\/2025\/08\/36123f2c-de60-488d-af81-255cd4aee54a.webp 795w\" sizes=\"auto, (max-width: 760px) 100vw, 760px\" \/>\t\t\t\t\t\t\n\t\t\t\t\t<\/div>\n\t\t\t\t\t\t\t\t\n<style>\n#image_105619956 {\n  width: 95%;\n}\n<\/style>\n\t<\/div>\n\t\n\n<table id=\"tablepress-77\" class=\"tablepress tablepress-id-77\">\n<thead>\n<tr class=\"row-1\">\n\t<th class=\"column-1\">\uc0ac\uc591 \ubc0f \ubaa8\ub4dc<\/th><th class=\"column-2\">TCI-P2LED<\/th>\n<\/tr>\n<\/thead>\n<tbody class=\"row-striping row-hover\">\n<tr class=\"row-2\">\n\t<td class=\"column-1\">\ud53d\uc140<\/td><td class=\"column-2\">1120\uc810 x 560\uc810<\/td>\n<\/tr>\n<tr class=\"row-3\">\n\t<td class=\"column-1\">\uc5c5\ub370\uc774\ud2b8<\/td><td class=\"column-2\">3840Hz<\/td>\n<\/tr>\n<tr class=\"row-4\">\n\t<td class=\"column-1\">\ud06c\uae30<\/td><td class=\"column-2\">\uc9c1\uacbd 713mm x \ub192\uc774 1270mm<\/td>\n<\/tr>\n<tr class=\"row-5\">\n\t<td class=\"column-1\">\uc81c\uc5b4 \uc2dc\uc2a4\ud15c: <\/td><td class=\"column-2\">MB2 \uc7ac\uc0dd \ubc15\uc2a4<\/td>\n<\/tr>\n<tr class=\"row-6\">\n\t<td class=\"column-1\"><\/td><td class=\"column-2\">\ud504\ub85c\uc138\uc11c: \ucffc\ub4dc\ucf54\uc5b4 CPU + GPU<\/td>\n<\/tr>\n<tr class=\"row-7\">\n\t<td class=\"column-1\"><\/td><td class=\"column-2\">\uba54\ubaa8\ub9ac: 1GB DDR3 \uace0\uc18d<\/td>\n<\/tr>\n<tr class=\"row-8\">\n\t<td class=\"column-1\"><\/td><td class=\"column-2\">\ud50c\ub798\uc2dc \uc2a4\ud1a0\ub9ac\uc9c0: 8GB \uace0\uc18d EMMC<\/td>\n<\/tr>\n<tr class=\"row-9\">\n\t<td class=\"column-1\"><\/td><td class=\"column-2\">\uc800\uc7a5 \ud574\uc0c1\ub3c4: 1080 PHD \ub514\ucf54\ub529 \ubc0f \uc7ac\uc0dd \uc9c0\uc6d0<\/td>\n<\/tr>\n<tr class=\"row-10\">\n\t<td class=\"column-1\">\ub124\ud2b8\uc6cc\ud06c \ud1b5\uc2e0: LAN\/WiFi\/4G \ub124\ud2b8\uc6cc\ud06c \ud504\ub85c\uadf8\ub7a8 \ud30c\ud2f0\uc158. \ubaa8\ub4e0 Windows \ud504\ub85c\uadf8\ub7a8 \ud30c\ud2f0\uc158 \ubc0f \ubaa8\ub4e0 Windows \uacc4\uce35 \uc9c0\uc6d0. \ube44\ub514\uc624 \ud615\uc2dd: MPG, MOV, MP4, MKV \ubc0f \uae30\ud0c0 \uc77c\ubc18\uc801\uc778 \ube44\ub514\uc624 \ud615\uc2dd. \uc624\ub514\uc624: MPEG-1 Layer III, AAC \ubc0f \uae30\ud0c0 \uc774\ubbf8\uc9c0 \ud615\uc2dd. JPG, PNG, GIF \ub4f1\uc744 \uc9c0\uc6d0\ud569\ub2c8\ub2e4.<\/td><td class=\"column-2\"><\/td>\n<\/tr>\n<tr class=\"row-11\">\n\t<td class=\"column-1\">\uc218\uc720 \ubaa8\ub4dc: <\/td><td class=\"column-2\">110-220V<\/td>\n<\/tr>\n<tr class=\"row-12\">\n\t<td class=\"column-1\">\ucd5c\ub300 \uc804\ub825: <\/td><td class=\"column-2\">1200\uc640\ud2b8<\/td>\n<\/tr>\n<tr class=\"row-13\">\n\t<td class=\"column-1\">\ud3c9\uade0 \uc804\ub825: <\/td><td class=\"column-2\">600\uc640\ud2b8<\/td>\n<\/tr>\n<tr class=\"row-14\">\n\t<td class=\"column-1\">\uc21c\uc911\ub7c9: <\/td><td class=\"column-2\">75kg\/\uac1c<\/td>\n<\/tr>\n<tr class=\"row-15\">\n\t<td class=\"column-1\">\ucd1d \uc911\ub7c9 \uc911\ub7c9<\/td><td class=\"column-2\">120kg\/\uac1c<\/td>\n<\/tr>\n<tr class=\"row-16\">\n\t<td class=\"column-1\">\ub098\ubb34 \uc0c1\uc790 \ud3ec\uc7a5 \uce58\uc218<\/td><td class=\"column-2\">820mm x 820mm x 1500mm<\/td>\n<\/tr>\n<\/tbody>\n<\/table>\n<!-- #tablepress-77 from cache -->\n\t\t<\/div>\n\t\t\t\t\t<\/div>\n\n\t\n<\/div>\n\t\t<\/div>\n\t\t\t\t\t<\/div>\n\n\t\n<\/div>","protected":false},"excerpt":{"rendered":"<p><strong>\uc811\ucc29\uc81c \uce94 LED \ub514\uc2a4\ud50c\ub808\uc774 TCJ \uc2dc\ub9ac\uc988 \u2013 \uce94 \ubab0\ub4dc \uc6d0\ud1b5\ud615 LED \uc2a4\ud06c\ub9b0<\/strong><\/p>\n<p>\uc2e4\uc81c \uce94 \ud615\ud0dc\ub85c \uc81c\ud488\uc744 \uc0dd\uc0b0\ud560 \uc218 \uc788\ub3c4\ub85d \uc124\uacc4\ub418\uc5b4 \ub808\uc2a4\ud1a0\ub791\uc5d0 \ub9e4\ub825\uc801\uc778 \uc194\ub8e8\uc158\uc785\ub2c8\ub2e4., <a href=\"https:\/\/www.telaled.com\/ko\/painel-de-led-para-loja\/\">\ubc31\ud654\uc810<\/a> \uc74c\ub8cc, \ube0c\ub79c\ub4dc \ubc0f <a href=\"https:\/\/www.telaled.com\/ko\/painel-de-led-para-eventos\/\">\uc774\ubca4\ud2b8<\/a> \ud310\ucd09\uc6a9 \ub514\uc2a4\ud50c\ub808\uc774. \uc9c1\uacbd 713mm, \ub192\uc774 1270mm\uc758 \uc774 \ub514\uc2a4\ud50c\ub808\uc774\ub294 \ucc3d\uc758\uc131, \uc720\uc5f0\uc131 \ubc0f \uace0\ud574\uc0c1\ub3c4 \uc131\ub2a5\uc744 \uacb0\ud569\ud588\uc2b5\ub2c8\ub2e4.<\/p>\n<p><strong>\uc8fc\uc694 \ud2b9\uc9d5:<\/strong><\/p>\n<ul>\n<li><strong>\uc0ac\uc2e4\uc801\uc778 \uce94 \ubaa8\uc591 \ub514\uc790\uc778:<\/strong> \uc81c\ud488\uc744 \uc815\ud655\ud558\uac8c \ubcf5\uc81c\ud558\uc5ec \ube0c\ub79c\ub4dc\uc5d0 \uac15\ub825\ud55c \uc601\ud5a5\uc744 \ubbf8\uce69\ub2c8\ub2e4.<\/li>\n<li><strong>\uace0\ud574\uc0c1\ub3c4 \ud654\uba74:<\/strong> \uadf8\ub9cc\ud07c <a href=\"https:\/\/www.telaled.com\/ko\/densidade-de-pixels-em-telas-de-led-e-lcd\/\">\ud53d\uc140 \ubc00\ub3c4<\/a> 1120 x 560 \ud574\uc0c1\ub3c4\ub294 \uc120\uba85\ud558\uace0 \uc0dd\uc0dd\ud55c \uc601\uc0c1\uc744 \ubcf4\uc7a5\ud569\ub2c8\ub2e4.<\/li>\n<li><strong>\ucc3d\uc758\uc801\uc774\uace0 \uc720\uc5f0\ud55c \uc0ac\uc6a9:<\/strong> \ub808\uc2a4\ud1a0\ub791\ubd80\ud130 \uc74c\ub8cc \ud504\ub85c\ubaa8\uc158\uae4c\uc9c0 \ub2e4\uc591\ud55c \ubd84\uc57c\uc5d0 \uc801\uc6a9 \uac00\ub2a5\ud569\ub2c8\ub2e4.<\/li>\n<li><strong>\ub208\uae38\uc744 \ub044\ub294 \uce58\uc218:<\/strong> \ub300\ud615 \ud3ec\ub9f7(\uc9c1\uacbd 713mm x \ub192\uc774 1270mm)\uc73c\ub85c \uace0\uac1d\uc758 \uc2dc\uc120\uc744 \uc0ac\ub85c\uc7a1\uc2b5\ub2c8\ub2e4.<\/li>\n<\/ul>\n<p>\uc800\ud76c \ud300\uc740 24\uc2dc\uac04 \uc5f0\uc911\ubb34\ud734 \uc6d0\uaca9 \uc9c0\uc6d0\uacfc 3\ub144 \ubcf4\uc99d\uc744 \uc81c\uacf5\ud569\ub2c8\ub2e4. \ub9de\ucda4 \uacac\uc801\uc744 \uc6d0\ud558\uc2dc\uba74 \uc9c0\uae08 \ubc14\ub85c \ubb38\uc758\ud558\uc138\uc694.<\/p>","protected":false},"featured_media":3316,"template":"","meta":[],"product_brand":[],"product_cat":[48,40,46],"product_tag":[],"class_list":{"0":"post-3315","1":"product","2":"type-product","3":"status-publish","4":"has-post-thumbnail","6":"product_cat-paineis-personalizados","7":"product_cat-painel-de-led","8":"product_cat-painel-de-video","10":"first","11":"instock","12":"shipping-taxable","13":"product-type-simple"},"yoast_head":"<!-- This site is optimized with the Yoast SEO plugin v27.5 - https:\/\/yoast.com\/product\/yoast-seo-wordpress\/ -->\n<title>Cola Can LED Display S\u00e9rie TCJ | Tela LED Criativa em Formato de Lata 3D TELALED<\/title>\n<meta name=\"description\" content=\"Cola Can LED Display S\u00e9rie TCJ - A tela de LED 3D em formato de lata proporciona visuais v\u00edvidos, ideal para restaurantes, marcas de bebidas e promo\u00e7\u00f5es de varejo. Tamanhos personalizados e instala\u00e7\u00e3o flex\u00edvel dispon\u00edveis.\" \/>\n<meta name=\"robots\" content=\"index, follow, max-snippet:-1, max-image-preview:large, max-video-preview:-1\" \/>\n<link rel=\"canonical\" href=\"https:\/\/www.telaled.com\/ko\/fabrica\/cola-can-led-display-serie-tcj\/\" \/>\n<meta property=\"og:locale\" content=\"ko_KR\" \/>\n<meta property=\"og:type\" content=\"article\" \/>\n<meta property=\"og:title\" content=\"Cola Can LED Display S\u00e9rie TCJ | Tela LED Criativa em Formato de Lata 3D TELALED\" \/>\n<meta property=\"og:description\" content=\"Cola Can LED Display S\u00e9rie TCJ - A tela de LED 3D em formato de lata proporciona visuais v\u00edvidos, ideal para restaurantes, marcas de bebidas e promo\u00e7\u00f5es de varejo. Tamanhos personalizados e instala\u00e7\u00e3o flex\u00edvel dispon\u00edveis.\" \/>\n<meta property=\"og:url\" content=\"https:\/\/www.telaled.com\/ko\/fabrica\/cola-can-led-display-serie-tcj\/\" \/>\n<meta property=\"og:site_name\" content=\"TELALED\" \/>\n<meta property=\"article:modified_time\" content=\"2026-01-06T01:49:24+00:00\" \/>\n<meta property=\"og:image\" content=\"https:\/\/www.telaled.com\/wp-content\/uploads\/2025\/09\/Cola-Can-LED-Display-1.webp\" \/>\n\t<meta property=\"og:image:width\" content=\"500\" \/>\n\t<meta property=\"og:image:height\" content=\"500\" \/>\n\t<meta property=\"og:image:type\" content=\"image\/webp\" \/>\n<meta name=\"twitter:card\" content=\"summary_large_image\" \/>\n<meta name=\"twitter:label1\" content=\"\uc608\uc0c1 \ub418\ub294 \ud310\ub3c5 \uc2dc\uac04\" \/>\n\t<meta name=\"twitter:data1\" content=\"3\ubd84\" \/>\n<script type=\"application\/ld+json\" class=\"yoast-schema-graph\">{\"@context\":\"https:\\\/\\\/schema.org\",\"@graph\":[{\"@type\":\"WebPage\",\"@id\":\"https:\\\/\\\/www.telaled.com\\\/fabrica\\\/cola-can-led-display-serie-tcj\\\/\",\"url\":\"https:\\\/\\\/www.telaled.com\\\/fabrica\\\/cola-can-led-display-serie-tcj\\\/\",\"name\":\"Cola Can LED Display S\u00e9rie TCJ | Tela LED Criativa em Formato de Lata 3D TELALED\",\"isPartOf\":{\"@id\":\"https:\\\/\\\/www.telaled.com\\\/#website\"},\"primaryImageOfPage\":{\"@id\":\"https:\\\/\\\/www.telaled.com\\\/fabrica\\\/cola-can-led-display-serie-tcj\\\/#primaryimage\"},\"image\":{\"@id\":\"https:\\\/\\\/www.telaled.com\\\/fabrica\\\/cola-can-led-display-serie-tcj\\\/#primaryimage\"},\"thumbnailUrl\":\"https:\\\/\\\/www.telaled.com\\\/wp-content\\\/uploads\\\/2025\\\/09\\\/Cola-Can-LED-Display-1.webp\",\"datePublished\":\"2025-09-15T06:11:40+00:00\",\"dateModified\":\"2026-01-06T01:49:24+00:00\",\"description\":\"Cola Can LED Display S\u00e9rie TCJ - A tela de LED 3D em formato de lata proporciona visuais v\u00edvidos, ideal para restaurantes, marcas de bebidas e promo\u00e7\u00f5es de varejo. Tamanhos personalizados e instala\u00e7\u00e3o flex\u00edvel dispon\u00edveis.\",\"breadcrumb\":{\"@id\":\"https:\\\/\\\/www.telaled.com\\\/fabrica\\\/cola-can-led-display-serie-tcj\\\/#breadcrumb\"},\"inLanguage\":\"ko-KR\",\"potentialAction\":[{\"@type\":\"ReadAction\",\"target\":[\"https:\\\/\\\/www.telaled.com\\\/fabrica\\\/cola-can-led-display-serie-tcj\\\/\"]}]},{\"@type\":\"ImageObject\",\"inLanguage\":\"ko-KR\",\"@id\":\"https:\\\/\\\/www.telaled.com\\\/fabrica\\\/cola-can-led-display-serie-tcj\\\/#primaryimage\",\"url\":\"https:\\\/\\\/www.telaled.com\\\/wp-content\\\/uploads\\\/2025\\\/09\\\/Cola-Can-LED-Display-1.webp\",\"contentUrl\":\"https:\\\/\\\/www.telaled.com\\\/wp-content\\\/uploads\\\/2025\\\/09\\\/Cola-Can-LED-Display-1.webp\",\"width\":500,\"height\":500,\"caption\":\"Cola-Can-LED-Display (1)\"},{\"@type\":\"BreadcrumbList\",\"@id\":\"https:\\\/\\\/www.telaled.com\\\/fabrica\\\/cola-can-led-display-serie-tcj\\\/#breadcrumb\",\"itemListElement\":[{\"@type\":\"ListItem\",\"position\":1,\"name\":\"Home\",\"item\":\"https:\\\/\\\/www.telaled.com\\\/\"},{\"@type\":\"ListItem\",\"position\":2,\"name\":\"Produtos\",\"item\":\"https:\\\/\\\/www.telaled.com\\\/shop\\\/\"},{\"@type\":\"ListItem\",\"position\":3,\"name\":\"Cola Can LED Display S\u00e9rie TCJ\"}]},{\"@type\":\"WebSite\",\"@id\":\"https:\\\/\\\/www.telaled.com\\\/#website\",\"url\":\"https:\\\/\\\/www.telaled.com\\\/\",\"name\":\"TELALED\",\"description\":\"\",\"potentialAction\":[{\"@type\":\"SearchAction\",\"target\":{\"@type\":\"EntryPoint\",\"urlTemplate\":\"https:\\\/\\\/www.telaled.com\\\/?s={search_term_string}\"},\"query-input\":{\"@type\":\"PropertyValueSpecification\",\"valueRequired\":true,\"valueName\":\"search_term_string\"}}],\"inLanguage\":\"ko-KR\"}]}<\/script>\n<!-- \/ Yoast SEO plugin. -->","yoast_head_json":{"title":"\ucf5c\ub77c\uce94 LED \ub514\uc2a4\ud50c\ub808\uc774 TCJ \uc2dc\ub9ac\uc988 | \ucc3d\uc758\uc801\uc778 3D \uce94 \ubaa8\uc591 LED \ub514\uc2a4\ud50c\ub808\uc774 TELALED","description":"\ucf5c\ub77c \uce94 LED \ub514\uc2a4\ud50c\ub808\uc774 TCJ \uc2dc\ub9ac\uc988 - \uce94 \ubaa8\uc591\uc758 3D LED \ub514\uc2a4\ud50c\ub808\uc774\ub294 \uc0dd\uc0dd\ud55c \uc2dc\uac01\uc801 \ud6a8\uacfc\ub97c \uc120\uc0ac\ud558\uc5ec \ub808\uc2a4\ud1a0\ub791, \uc74c\ub8cc \ube0c\ub79c\ub4dc, \uc18c\ub9e4\uc810 \ud504\ub85c\ubaa8\uc158\uc5d0 \uc774\uc0c1\uc801\uc785\ub2c8\ub2e4. \ub9de\ucda4 \ud06c\uae30\uc640 \uc720\uc5f0\ud55c \uc124\uce58 \uc635\uc158\uc744 \uc81c\uacf5\ud569\ub2c8\ub2e4.","robots":{"index":"index","follow":"follow","max-snippet":"max-snippet:-1","max-image-preview":"max-image-preview:large","max-video-preview":"max-video-preview:-1"},"canonical":"https:\/\/www.telaled.com\/ko\/fabrica\/cola-can-led-display-serie-tcj\/","og_locale":"ko_KR","og_type":"article","og_title":"Cola Can LED Display S\u00e9rie TCJ | Tela LED Criativa em Formato de Lata 3D TELALED","og_description":"Cola Can LED Display S\u00e9rie TCJ - A tela de LED 3D em formato de lata proporciona visuais v\u00edvidos, ideal para restaurantes, marcas de bebidas e promo\u00e7\u00f5es de varejo. Tamanhos personalizados e instala\u00e7\u00e3o flex\u00edvel dispon\u00edveis.","og_url":"https:\/\/www.telaled.com\/ko\/fabrica\/cola-can-led-display-serie-tcj\/","og_site_name":"TELALED","article_modified_time":"2026-01-06T01:49:24+00:00","og_image":[{"width":500,"height":500,"url":"https:\/\/www.telaled.com\/wp-content\/uploads\/2025\/09\/Cola-Can-LED-Display-1.webp","type":"image\/webp"}],"twitter_card":"summary_large_image","twitter_misc":{"\uc608\uc0c1 \ub418\ub294 \ud310\ub3c5 \uc2dc\uac04":"3\ubd84"},"schema":{"@context":"https:\/\/schema.org","@graph":[{"@type":"WebPage","@id":"https:\/\/www.telaled.com\/fabrica\/cola-can-led-display-serie-tcj\/","url":"https:\/\/www.telaled.com\/fabrica\/cola-can-led-display-serie-tcj\/","name":"\ucf5c\ub77c\uce94 LED \ub514\uc2a4\ud50c\ub808\uc774 TCJ \uc2dc\ub9ac\uc988 | \ucc3d\uc758\uc801\uc778 3D \uce94 \ubaa8\uc591 LED \ub514\uc2a4\ud50c\ub808\uc774 TELALED","isPartOf":{"@id":"https:\/\/www.telaled.com\/#website"},"primaryImageOfPage":{"@id":"https:\/\/www.telaled.com\/fabrica\/cola-can-led-display-serie-tcj\/#primaryimage"},"image":{"@id":"https:\/\/www.telaled.com\/fabrica\/cola-can-led-display-serie-tcj\/#primaryimage"},"thumbnailUrl":"https:\/\/www.telaled.com\/wp-content\/uploads\/2025\/09\/Cola-Can-LED-Display-1.webp","datePublished":"2025-09-15T06:11:40+00:00","dateModified":"2026-01-06T01:49:24+00:00","description":"\ucf5c\ub77c \uce94 LED \ub514\uc2a4\ud50c\ub808\uc774 TCJ \uc2dc\ub9ac\uc988 - \uce94 \ubaa8\uc591\uc758 3D LED \ub514\uc2a4\ud50c\ub808\uc774\ub294 \uc0dd\uc0dd\ud55c \uc2dc\uac01\uc801 \ud6a8\uacfc\ub97c \uc120\uc0ac\ud558\uc5ec \ub808\uc2a4\ud1a0\ub791, \uc74c\ub8cc \ube0c\ub79c\ub4dc, \uc18c\ub9e4\uc810 \ud504\ub85c\ubaa8\uc158\uc5d0 \uc774\uc0c1\uc801\uc785\ub2c8\ub2e4. \ub9de\ucda4 \ud06c\uae30\uc640 \uc720\uc5f0\ud55c \uc124\uce58 \uc635\uc158\uc744 \uc81c\uacf5\ud569\ub2c8\ub2e4.","breadcrumb":{"@id":"https:\/\/www.telaled.com\/fabrica\/cola-can-led-display-serie-tcj\/#breadcrumb"},"inLanguage":"ko-KR","potentialAction":[{"@type":"ReadAction","target":["https:\/\/www.telaled.com\/fabrica\/cola-can-led-display-serie-tcj\/"]}]},{"@type":"ImageObject","inLanguage":"ko-KR","@id":"https:\/\/www.telaled.com\/fabrica\/cola-can-led-display-serie-tcj\/#primaryimage","url":"https:\/\/www.telaled.com\/wp-content\/uploads\/2025\/09\/Cola-Can-LED-Display-1.webp","contentUrl":"https:\/\/www.telaled.com\/wp-content\/uploads\/2025\/09\/Cola-Can-LED-Display-1.webp","width":500,"height":500,"caption":"Cola-Can-LED-Display (1)"},{"@type":"BreadcrumbList","@id":"https:\/\/www.telaled.com\/fabrica\/cola-can-led-display-serie-tcj\/#breadcrumb","itemListElement":[{"@type":"ListItem","position":1,"name":"Home","item":"https:\/\/www.telaled.com\/"},{"@type":"ListItem","position":2,"name":"Produtos","item":"https:\/\/www.telaled.com\/shop\/"},{"@type":"ListItem","position":3,"name":"Cola Can LED Display S\u00e9rie TCJ"}]},{"@type":"WebSite","@id":"https:\/\/www.telaled.com\/#website","url":"https:\/\/www.telaled.com\/","name":"LED \uc2a4\ud06c\ub9b0","description":"","potentialAction":[{"@type":"SearchAction","target":{"@type":"EntryPoint","urlTemplate":"https:\/\/www.telaled.com\/?s={search_term_string}"},"query-input":{"@type":"PropertyValueSpecification","valueRequired":true,"valueName":"search_term_string"}}],"inLanguage":"ko-KR"}]}},"_links":{"self":[{"href":"https:\/\/www.telaled.com\/ko\/wp-json\/wp\/v2\/product\/3315","targetHints":{"allow":["GET"]}}],"collection":[{"href":"https:\/\/www.telaled.com\/ko\/wp-json\/wp\/v2\/product"}],"about":[{"href":"https:\/\/www.telaled.com\/ko\/wp-json\/wp\/v2\/types\/product"}],"wp:featuredmedia":[{"embeddable":true,"href":"https:\/\/www.telaled.com\/ko\/wp-json\/wp\/v2\/media\/3316"}],"wp:attachment":[{"href":"https:\/\/www.telaled.com\/ko\/wp-json\/wp\/v2\/media?parent=3315"}],"wp:term":[{"taxonomy":"product_brand","embeddable":true,"href":"https:\/\/www.telaled.com\/ko\/wp-json\/wp\/v2\/product_brand?post=3315"},{"taxonomy":"product_cat","embeddable":true,"href":"https:\/\/www.telaled.com\/ko\/wp-json\/wp\/v2\/product_cat?post=3315"},{"taxonomy":"product_tag","embeddable":true,"href":"https:\/\/www.telaled.com\/ko\/wp-json\/wp\/v2\/product_tag?post=3315"}],"curies":[{"name":"\uc6cc\ub4dc\ud504\ub808\uc2a4","href":"https:\/\/api.w.org\/{rel}","templated":true}]}}