{"id":3288,"date":"2025-09-10T09:41:55","date_gmt":"2025-09-10T09:41:55","guid":{"rendered":"https:\/\/www.telaled.com\/?post_type=product&#038;p=3288"},"modified":"2026-01-06T01:09:29","modified_gmt":"2026-01-06T01:09:29","slug":"tela-led-em-forma-de-rosto-serie-tch","status":"publish","type":"product","link":"https:\/\/www.telaled.com\/ko\/fabrica\/tela-led-em-forma-de-rosto-serie-tch\/","title":{"rendered":"TCH \uc2dc\ub9ac\uc988 \uc5bc\uad74 \ubaa8\uc591 LED \ub514\uc2a4\ud50c\ub808\uc774"},"content":{"rendered":"<div class=\"row\"  id=\"row-285733924\">\n\n\t<div id=\"col-505945594\" class=\"col small-12 large-12\"  >\n\t\t\t\t<div class=\"col-inner\"  >\n\t\t\t\n\t\t\t\n<h2>TCH \uc2dc\ub9ac\uc988 \ud398\uc774\uc2a4\ud615 LED \ub514\uc2a4\ud50c\ub808\uc774\uc758 \ub3c5\ud2b9\ud55c \uc7a5\uc810<\/h2>\n<h3><strong>\ub6f0\uc5b4\ub09c \ub0b4\uad6c\uc131<\/strong><\/h3>\n<ul>\n<li>\uad6c\ubd80\ub7ec\uc9c0\uac70\ub098 \uc190\uc0c1\ub418\ub294 \uac83\uc744 \ubc29\uc9c0\ud558\ub294 \uac15\ud654\ub41c \uce90\ube44\ub2db \uc18c\uc7ac\ub85c \uc81c\uc791\ub418\uc5c8\uc2b5\ub2c8\ub2e4.<\/li>\n<li>\uacfc\uc5f4\uc774\ub098 \uc131\ub2a5 \uc800\ud558 \uc5c6\uc774 24\uc2dc\uac04 \uc5f0\uc911\ubb34\ud734 \uc791\ub3d9\ud558\ub3c4\ub85d \uc124\uacc4\ub418\uc5c8\uc2b5\ub2c8\ub2e4.<\/li>\n<li>10\ub9cc \uc2dc\uac04 \uc774\uc0c1 \uc9c0\uc18d\uc801\uc73c\ub85c \uc0ac\uc6a9\ud560 \uc218 \uc788\ub294 \uc7a5\uc218\uba85 LED\uc785\ub2c8\ub2e4.<\/li>\n<li>\uc7a6\uc740 \uc124\uce58, \uc6b4\ubc18 \ub610\ub294 \uc57c\uc678 \ub178\ucd9c\uc5d0\ub3c4 \uc548\uc815\uc801\uc785\ub2c8\ub2e4.<\/li>\n<\/ul>\n<h3><strong>\ub6f0\uc5b4\ub09c \uc2dc\uac01\uc801 \ud488\uc9c8<\/strong><\/h3>\n<ul>\n<li><a href=\"https:\/\/www.telaled.com\/ko\/pixel-pitch\/\">\ud53d\uc140 \ud53c\uce58<\/a> \uc120\uba85\ud55c \uc774\ubbf8\uc9c0 \ub514\ud14c\uc77c\uc744 \uc704\ud55c \uace0\ud574\uc0c1\ub3c4(\ucd5c\uc800 P4) \uc9c0\uc6d0.<\/li>\n<li>\uc815\ud655\ud558\uace0 \uc0dd\uc0dd\ud55c \uc7ac\ud604\uc744 \uc704\ud55c \ub113\uc740 \uc0c9 \uc601\uc5ed.<\/li>\n<li>\ucd5c\ub300 5,000\ub2c8\ud2b8\uc758 \ubc1d\uae30\ub85c \uc2e4\ub0b4\uc678\uc5d0\uc11c \uc120\uba85\ud55c \uac00\uc2dc\uc131\uc744 \uc81c\uacf5\ud569\ub2c8\ub2e4.<\/li>\n<li>\ubd80\ub4dc\ub7fd\uace0 \ub04a\uae40 \uc5c6\ub294 \ube44\ub514\uc624 \uc7ac\uc0dd\uc744 \uc704\ud55c \ub192\uc740 \ud654\uba74 \uc8fc\uc0ac\uc728(\u22651920Hz)<\/li>\n<\/ul>\n<h3><strong>\uc644\ubcbd\ud55c \uc801\uc751\ub825<\/strong><\/h3>\n<ul>\n<li>\uc5bc\uad74 \ud504\ub85c\ud544\uacfc \ubd88\uaddc\uce59\ud55c \ub808\uc774\uc544\uc6c3\uc744 \ud3ec\ud568\ud55c \uc0ac\uc6a9\uc790 \uc815\uc758 \ubaa8\uc591\uc73c\ub85c \uc81c\uacf5\ub429\ub2c8\ub2e4.<\/li>\n<li>\uc791\uc740 \ud328\ub110\ubd80\ud130 \ub300\uaddc\ubaa8 \uc124\uce58\uae4c\uc9c0 \uc720\uc5f0\ud55c \ud06c\uae30 \uc635\uc158\uc774 \uc81c\uacf5\ub429\ub2c8\ub2e4.<\/li>\n<li>\ub0b4\ubd80 \ubc0f \uc678\ubd80 \uc560\ud50c\ub9ac\ucf00\uc774\uc158\uc744 \uc9c0\uc6d0\ud569\ub2c8\ub2e4.<\/li>\n<li>\uae30\uc874 \uc81c\uc5b4 \uc2dc\uc2a4\ud15c\uacfc \uc27d\uac8c \ud1b5\ud569\ub418\uc5b4 \ucc3d\uc758\uc801\uc778 \ub514\uc2a4\ud50c\ub808\uc774\ub97c \uad6c\ud604\ud560 \uc218 \uc788\uc2b5\ub2c8\ub2e4.<\/li>\n<\/ul>\n<h3><strong>\uc885\ud569 \uc9c0\uc6d0<\/strong><\/h3>\n<ul>\n<li>24\uc2dc\uac04 \uc5f0\uc911\ubb34\ud734 \uc6d0\uaca9 \uae30\uc220 \uc9c0\uc6d0: \uc5b8\uc81c \uc5b4\ub514\uc11c\ub098 \uc804\ubb38\uac00\uc758 \ub3c4\uc6c0\uc744 \ubc1b\uc73c\uc138\uc694.<\/li>\n<li>5%\uc758 \uc608\ube44 \ubd80\ud488\uc774 \ud3ec\ud568\ub418\uc5b4 \uc788\uc2b5\ub2c8\ub2e4. \uac01 \uc8fc\ubb38\uc5d0\ub294 \uc2e0\ub8b0\uc131\uc744 \ub192\uc774\uace0 \uc548\uc2ec\uc744 \uc81c\uacf5\ud558\ub294 \ucd94\uac00 \uad6c\uc131 \uc694\uc18c\uac00 \ud3ec\ud568\ub418\uc5b4 \uc788\uc2b5\ub2c8\ub2e4.<\/li>\n<li>3\ub144 \uc5f0\uc7a5 \ubcf4\uc99d: \ub354 \ub098\uc740 \uc131\ub2a5\uacfc \uc548\uc815\uc801\uc778 \uc11c\ube44\uc2a4\ub97c \uc704\ud55c \uc7a5\uae30\uc801\uc778 \uc735\ud569\uc744 \uc990\uaca8\ubcf4\uc138\uc694.<\/li>\n<\/ul>\n<h2>\uc81c\ud488 \uc0c1\uc138 \uc815\ubcf4<\/h2>\n<div class=\"row\"  id=\"row-622345827\">\n\n\t<div id=\"col-1291668509\" class=\"col medium-10 small-12 large-10\"  >\n\t\t\t\t<div class=\"col-inner text-left\"  >\n\t\t\t\n\t\t\t\n<ul>\n<li>\ud48d\ubd80\ud55c \uc0c9\uc0c1\uacfc \uac15\ub82c\ud55c \ub300\ube44\ub85c \uc120\uba85\ud558\uace0 \uace0\ud574\uc0c1\ub3c4\uc758 \uc601\uc0c1\uc744 \uc81c\uacf5\ud569\ub2c8\ub2e4. HD \uc774\ubbf8\uc9c0\ub294 \uc120\uba85\ud558\uace0 \uc815\ubc00\ud558\uc5ec \ucf58\ud150\uce20\ub97c \uc0dd\uc0dd\ud558\uace0 \ub9e4\ub825\uc801\uc73c\ub85c \ub9cc\ub4ed\ub2c8\ub2e4. \uc5b4\ub5a4 \ud658\uacbd\uc5d0\uc11c\ub3c4 \ub6f0\uc5b4\ub09c \ud654\uc9c8\uc744 \uc81c\uacf5\ud558\uc5ec \uc2dc\uac01\uc801\uc778 \ud6a8\uacfc\ub97c \uc624\ub798\ub3c4\ub85d \ub0a8\uae41\ub2c8\ub2e4.<\/li>\n<\/ul>\n\t<div class=\"img has-hover x md-x lg-x y md-y lg-y\" id=\"image_1349725652\">\n\t\t\t\t\t\t\t\t<div class=\"img-inner dark\" >\n\t\t\t<img loading=\"lazy\" decoding=\"async\" width=\"600\" height=\"400\" src=\"https:\/\/www.telaled.com\/wp-content\/uploads\/2025\/09\/Excelente-desempenho.webp\" class=\"attachment-original size-original\" alt=\"\uc6b0\uc218\ud55c \uc131\ub2a5\" srcset=\"https:\/\/www.telaled.com\/wp-content\/uploads\/2025\/09\/Excelente-desempenho.webp 600w, https:\/\/www.telaled.com\/wp-content\/uploads\/2025\/09\/Excelente-desempenho-300x200.webp 300w, https:\/\/www.telaled.com\/wp-content\/uploads\/2025\/09\/Excelente-desempenho-18x12.webp 18w\" sizes=\"auto, (max-width: 600px) 100vw, 600px\" \/>\t\t\t\t\t\t\n\t\t\t\t\t<\/div>\n\t\t\t\t\t\t\t\t\n<style>\n#image_1349725652 {\n  width: 95%;\n}\n<\/style>\n\t<\/div>\n\t\n<ul>\n<li>\ubd80\ub4dc\ub7ec\uc6b4 \ubaa8\ub4c8\uc744 \uc0ac\uc6a9\ud558\uc5ec \ub9e4\ub044\ub7ec\uc6b4 \uc774\uc74c\uc0c8\ub97c \uad6c\ud604\ud558\uc5ec \ub9e4\ub044\ub7fd\uace0 \ub04a\uae40 \uc5c6\ub294 \ub514\uc2a4\ud50c\ub808\uc774\ub97c \uad6c\ud604\ud569\ub2c8\ub2e4. \ub113\uc740 \uc2dc\uc57c\uac01\uacfc \ub6f0\uc5b4\ub09c \ud45c\uba74 \ub9c8\uac10\uc73c\ub85c \uc5b4\ub5a4 \uc704\uce58\uc5d0\uc11c\ub4e0 \uc120\uba85\ud558\uace0 \uc77c\uad00\ub418\uba70 \ud0c1\uc6d4\ud55c \uc2dc\uac01\uc801 \uacbd\ud5d8\uc744 \uc81c\uacf5\ud569\ub2c8\ub2e4.<\/li>\n<\/ul>\n\t\t<\/div>\n\t\t\t\t\t<\/div>\n\n\t\n\n\t<div id=\"col-1384736400\" class=\"col medium-10 small-12 large-10\"  >\n\t\t\t\t<div class=\"col-inner text-left\"  >\n\t\t\t\n\t\t\t\n\t<div class=\"img has-hover x md-x lg-x y md-y lg-y\" id=\"image_135791552\">\n\t\t\t\t\t\t\t\t<div class=\"img-inner dark\" >\n\t\t\t<img loading=\"lazy\" decoding=\"async\" width=\"640\" height=\"430\" src=\"https:\/\/www.telaled.com\/wp-content\/uploads\/2025\/09\/Emenda-perfeita-visualizacao-superior.webp\" class=\"attachment-large size-large\" alt=\"\uc644\ubcbd\ud55c \uc194\uae30, \uc704\uc5d0\uc11c \ubcf8 \ubaa8\uc2b5\" srcset=\"https:\/\/www.telaled.com\/wp-content\/uploads\/2025\/09\/Emenda-perfeita-visualizacao-superior.webp 640w, https:\/\/www.telaled.com\/wp-content\/uploads\/2025\/09\/Emenda-perfeita-visualizacao-superior-300x202.webp 300w, https:\/\/www.telaled.com\/wp-content\/uploads\/2025\/09\/Emenda-perfeita-visualizacao-superior-18x12.webp 18w, https:\/\/www.telaled.com\/wp-content\/uploads\/2025\/09\/Emenda-perfeita-visualizacao-superior-600x403.webp 600w\" sizes=\"auto, (max-width: 640px) 100vw, 640px\" \/>\t\t\t\t\t\t\n\t\t\t\t\t<\/div>\n\t\t\t\t\t\t\t\t\n<style>\n#image_135791552 {\n  width: 95%;\n}\n<\/style>\n\t<\/div>\n\t\n<ul>\n<li>\uc0ac\uc6a9 \ud3b8\uc758\uc131\uc744 \uace0\ub824\ud558\uc5ec \uc124\uacc4\ub418\uc5c8\uc73c\uba70, \uc6d0\ud65c\ud55c \uc791\ub3d9\uacfc \ud3b8\ub9ac\ud55c \uacbd\ud5d8\uc744 \uc81c\uacf5\ud569\ub2c8\ub2e4. \uc124\uce58\uac00 \ube60\ub974\uace0 \uc6b4\ubc18\uc774 \ud3b8\ub9ac\ud55c \ub514\uc790\uc778\uc73c\ub85c \uc548\uc815\uc801\uc778 \uc124\uce58\uc640 \uc720\uc5f0\uc131\uc774 \ud544\uc694\ud55c \ud589\uc0ac \ubc0f \uc7a5\uc18c\uc5d0 \uc774\uc0c1\uc801\uc785\ub2c8\ub2e4.<\/li>\n<\/ul>\n\t<div class=\"img has-hover x md-x lg-x y md-y lg-y\" id=\"image_632640444\">\n\t\t\t\t\t\t\t\t<div class=\"img-inner dark\" >\n\t\t\t<img loading=\"lazy\" decoding=\"async\" width=\"640\" height=\"430\" src=\"https:\/\/www.telaled.com\/wp-content\/uploads\/2025\/09\/Operacao-facil.webp\" class=\"attachment-large size-large\" alt=\"\uac04\ud3b8\ud55c \uc870\uc791\" srcset=\"https:\/\/www.telaled.com\/wp-content\/uploads\/2025\/09\/Operacao-facil.webp 640w, https:\/\/www.telaled.com\/wp-content\/uploads\/2025\/09\/Operacao-facil-300x202.webp 300w, https:\/\/www.telaled.com\/wp-content\/uploads\/2025\/09\/Operacao-facil-18x12.webp 18w, https:\/\/www.telaled.com\/wp-content\/uploads\/2025\/09\/Operacao-facil-600x403.webp 600w\" sizes=\"auto, (max-width: 640px) 100vw, 640px\" \/>\t\t\t\t\t\t\n\t\t\t\t\t<\/div>\n\t\t\t\t\t\t\t\t\n<style>\n#image_632640444 {\n  width: 95%;\n}\n<\/style>\n\t<\/div>\n\t\n\t\t<\/div>\n\t\t\t\t\t<\/div>\n\n\t\n\n\t<div id=\"col-1057362140\" class=\"col medium-10 small-12 large-10\"  >\n\t\t\t\t<div class=\"col-inner text-left\"  >\n\t\t\t\n\t\t\t\n<ul>\n<li>TCH \uc2dc\ub9ac\uc988 \uc5bc\uad74\ud615 LED \ub514\uc2a4\ud50c\ub808\uc774\ub294 \ubc30\uc1a1 \uc911 \uc548\uc804\uc744 \uc704\ud574 \uac15\ud654 \ubaa9\uc7ac \uc0c1\uc790\uc5d0 \ud3ec\uc7a5\ub429\ub2c8\ub2e4. \uac01 \uc81c\ud488\uc740 \ud574\ucda9, \ucda9\uaca9 \ubc0f \uae30\ud0c0 \uc704\ud5d8 \uc694\uc18c\ub85c \uc778\ud55c \uc190\uc0c1\uc744 \ubc29\uc9c0\ud558\uae30 \uc704\ud574 \uc548\uc804\ud558\uac8c \ud3ec\uc7a5\ub418\uc5b4 \ub0b4\uad6c\uc131\uacfc \uc548\uc804\ud55c \ubc30\uc1a1\uc744 \ubcf4\uc7a5\ud569\ub2c8\ub2e4.<\/li>\n<\/ul>\n\t<div class=\"img has-hover x md-x lg-x y md-y lg-y\" id=\"image_288019686\">\n\t\t\t\t\t\t\t\t<div class=\"img-inner dark\" >\n\t\t\t<img loading=\"lazy\" decoding=\"async\" width=\"760\" height=\"1024\" src=\"https:\/\/www.telaled.com\/wp-content\/uploads\/2025\/08\/36123f2c-de60-488d-af81-255cd4aee54a-760x1024.webp\" class=\"attachment-large size-large\" alt=\"\" srcset=\"https:\/\/www.telaled.com\/wp-content\/uploads\/2025\/08\/36123f2c-de60-488d-af81-255cd4aee54a-760x1024.webp 760w, https:\/\/www.telaled.com\/wp-content\/uploads\/2025\/08\/36123f2c-de60-488d-af81-255cd4aee54a-223x300.webp 223w, https:\/\/www.telaled.com\/wp-content\/uploads\/2025\/08\/36123f2c-de60-488d-af81-255cd4aee54a-768x1035.webp 768w, https:\/\/www.telaled.com\/wp-content\/uploads\/2025\/08\/36123f2c-de60-488d-af81-255cd4aee54a-9x12.webp 9w, https:\/\/www.telaled.com\/wp-content\/uploads\/2025\/08\/36123f2c-de60-488d-af81-255cd4aee54a-600x808.webp 600w, https:\/\/www.telaled.com\/wp-content\/uploads\/2025\/08\/36123f2c-de60-488d-af81-255cd4aee54a.webp 795w\" sizes=\"auto, (max-width: 760px) 100vw, 760px\" \/>\t\t\t\t\t\t\n\t\t\t\t\t<\/div>\n\t\t\t\t\t\t\t\t\n<style>\n#image_288019686 {\n  width: 95%;\n}\n<\/style>\n\t<\/div>\n\t\n\n<table id=\"tablepress-52\" class=\"tablepress tablepress-id-52\">\n<thead>\n<tr class=\"row-1\">\n\t<th class=\"column-1\">\uba85\uc138\uc11c:<\/th><th class=\"column-2\">TCH-P4-S118<\/th>\n<\/tr>\n<\/thead>\n<tbody class=\"row-striping row-hover\">\n<tr class=\"row-2\">\n\t<td class=\"column-1\">\ud53d\uc140 \ud3ec\uc778\ud2b8 \uad6c\uc131:<\/td><td class=\"column-2\">2121 (3 in 1)<\/td>\n<\/tr>\n<tr class=\"row-3\">\n\t<td class=\"column-1\">\ud53d\uc140 \ud574\uc0c1\ub3c4:<\/td><td class=\"column-2\">550*370<\/td>\n<\/tr>\n<tr class=\"row-4\">\n\t<td class=\"column-1\">\ud654\uba74 \ud06c\uae30(mm):<\/td><td class=\"column-2\">2200*1480<\/td>\n<\/tr>\n<tr class=\"row-5\">\n\t<td class=\"column-1\">\ub514\uc2a4\ud50c\ub808\uc774 \ubc00\ub3c4:<\/td><td class=\"column-2\">62500\ud3ec\uc778\ud2b8\/\u33a1<\/td>\n<\/tr>\n<tr class=\"row-6\">\n\t<td class=\"column-1\">\uc774\uc0c1\uc801\uc778 \uc2dc\uccad \uac70\ub9ac(m):<\/td><td class=\"column-2\">4-100m<\/td>\n<\/tr>\n<tr class=\"row-7\">\n\t<td class=\"column-1\">\ucd5c\ub300 \uc804\ub825 \uc18c\ube44\ub7c9:<\/td><td class=\"column-2\">800w\/\u33a1<\/td>\n<\/tr>\n<tr class=\"row-8\">\n\t<td class=\"column-1\">\uc2a4\uce90\ub2dd \ubc29\ubc95:<\/td><td class=\"column-2\">16\ud68c \uc2a4\uce94<\/td>\n<\/tr>\n<tr class=\"row-9\">\n\t<td class=\"column-1\">\ubc1d\uae30: (CD\/\u33a1)<\/td><td class=\"column-2\">1600<\/td>\n<\/tr>\n<tr class=\"row-10\">\n\t<td class=\"column-1\">\uad00\uc810:<\/td><td class=\"column-2\">H 360\u00b0 V 360\u00b0<\/td>\n<\/tr>\n<tr class=\"row-11\">\n\t<td class=\"column-1\">\uc791\ub3d9 \uc804\uc555:<\/td><td class=\"column-2\">AC 220V\/100V\u00b115% 47~64HZ<\/td>\n<\/tr>\n<tr class=\"row-12\">\n\t<td class=\"column-1\">\uacf5\uae09 \uc804\uc555:<\/td><td class=\"column-2\">5V<\/td>\n<\/tr>\n<tr class=\"row-13\">\n\t<td class=\"column-1\">\uc2dc\uc2a4\ud15c \uc791\ub3d9 \uc8fc\ubcc0 \uc628\ub3c4:<\/td><td class=\"column-2\">-20~60\u00b0C<\/td>\n<\/tr>\n<tr class=\"row-14\">\n\t<td class=\"column-1\">\uc774 \uc2dc\uc2a4\ud15c\uc740 \uc801\ub2f9\ud55c \ud658\uacbd\uc5d0\uc11c \uc791\ub3d9\ud569\ub2c8\ub2e4.<\/td><td class=\"column-2\">10%~90% UR<\/td>\n<\/tr>\n<tr class=\"row-15\">\n\t<td class=\"column-1\">\ud654\uba74 \uc0c9\uc0c1:<\/td><td class=\"column-2\">16.7M<\/td>\n<\/tr>\n<tr class=\"row-16\">\n\t<td class=\"column-1\">\ud68c\uc0c9\uc870 \ub808\ubca8:<\/td><td class=\"column-2\">16384<\/td>\n<\/tr>\n<tr class=\"row-17\">\n\t<td class=\"column-1\">\ud1b5\uc2e0 \ubc29\ubc95:<\/td><td class=\"column-2\">\ub3d9\uae30\ud654<\/td>\n<\/tr>\n<\/tbody>\n<\/table>\n\n\t\t<\/div>\n\t\t\t\t\t<\/div>\n\n\t\n<\/div>\n\t\t<\/div>\n\t\t\t\t\t<\/div>\n\n\t\n<\/div>","protected":false},"excerpt":{"rendered":"<p><strong>TCH \uc2dc\ub9ac\uc988 \uc5bc\uad74 \ubaa8\uc591 LED \ub514\uc2a4\ud50c\ub808\uc774: \ucc3d\uc758\uc801\uc774\uace0 \uac1c\uc778\ud654\ub41c LED \ub514\uc2a4\ud50c\ub808\uc774<\/strong><\/p>\n<p>\uc5bb\uc73c\uc138\uc694 <strong><em>TCH \uc2dc\ub9ac\uc988 \uc5bc\uad74 \ubaa8\uc591 LED \ub514\uc2a4\ud50c\ub808\uc774<\/em><\/strong>, 4mm\uc758 \ud53d\uc140 \ud53c\uce58, \ub9de\ucda4\ud615 \ub514\uc790\uc778, \uadf8\ub9ac\uace0 \ud504\ub9ac\ubbf8\uc5c4 \ud488\uc9c8\uc744 \uc790\ub791\ud558\ub294 \uc800\ud76c \ub514\uc2a4\ud50c\ub808\uc774\ub294 \ubaa8\ub4e0 \uc774\ubca4\ud2b8\uc640 \uc7a5\uc18c\uc5d0 \uc0dd\ub3d9\uac10\uc744 \ubd88\uc5b4\ub123\ub294 \ucc3d\uc758\uc801\uc778 \uc601\uc0c1 \uc194\ub8e8\uc158\uc744 \uc81c\uacf5\ud569\ub2c8\ub2e4. \uc9c0\uae08 \ubc14\ub85c \uc194\ub8e8\uc158\uc744 \ubb38\uc758\ud558\uc138\uc694!<\/p>\n<p><strong>\uc8fc\uc694 \ud2b9\uc9d5:<\/strong><\/p>\n<ul>\n<li><span class=\"jCAhz ChMk0b\"><span class=\"ryNqvb\"><strong>\uc0ac\uc6a9\uc790 \uc9c0\uc815 \uac00\ub2a5\ud55c \ud615\uc2dd:<\/strong> \ud45c\uc900 \ub514\uc2a4\ud50c\ub808\uc774\uc758 \ud55c\uacc4\ub97c \ub6f0\uc5b4\ub118\ub294 \ub514\uc790\uc778\uc73c\ub85c \ucc28\ubcc4\ud654\ub97c \uaf80\ud558\uc138\uc694. <strong>\ub9de\ucda4\ud615 \uba74\uc774 \uc788\ub294 LED \ub514\uc2a4\ud50c\ub808\uc774<\/strong> \uadc0\ud558\uc758 \ud14c\ub9c8\ub098 \ube0c\ub79c\ub4dc\uc5d0 \ub9de\uac8c.<\/span><\/span><\/li>\n<li><span class=\"jCAhz ChMk0b\"><span class=\"ryNqvb\"><strong> \ub6f0\uc5b4\ub09c \uc2dc\uac01\uc801 \uc120\uba85\ub3c4:<\/strong> 4mm \ud53d\uc140 \ud53c\uce58\ub294 \uac00\uae4c\uc6b4 \uc2dc\uccad \uac70\ub9ac\uc5d0\uc11c\ub3c4 \uc120\uba85\ud558\uace0 \ub514\ud14c\uc77c\ud55c \uc774\ubbf8\uc9c0\ub97c \uc81c\uacf5\ud569\ub2c8\ub2e4.<\/span><\/span><\/li>\n<li><span class=\"jCAhz ChMk0b\"><span class=\"ryNqvb\"><strong>\ucc3d\uc758\uc801\uc778 \ud65c\uc6a9 \uc0ac\ub840:<\/strong> ~\uc5d0 \ub531 \ub9de\uc2b5\ub2c8\ub2e4 <a href=\"https:\/\/www.telaled.com\/ko\/telao-de-led-para-eventos\/\">\uc774\ubca4\ud2b8<\/a>, \uc804\uc2dc\ud68c, \uad11\uace0 \ubc0f \uc608\uc220 \uc124\uce58\ubb3c\uacfc \uac19\uc774 \uc2dc\uac01\uc801 \ud6a8\uacfc\uac00 \uc911\uc694\ud55c \ubd84\uc57c.<\/span><\/span><\/li>\n<li>\ub300\ud615 \ud3ec\ub9f7 \uc635\uc158: \ud45c\uc900 \ud06c\uae30\ub294 2200 x 1480mm\uc774\uba70, \ub2e4\uc591\ud55c \uc6a9\ub3c4\uc5d0 \ub9de\uac8c \uc0ac\uc6a9\uc790 \uc815\uc758 \ud06c\uae30\ub3c4 \uc81c\uacf5\ub429\ub2c8\ub2e4.<\/li>\n<\/ul>\n<p>\uc800\ud76c \ud300\uc740 24\uc2dc\uac04 \uc5f0\uc911\ubb34\ud734 \uc6d0\uaca9 \uc9c0\uc6d0\uacfc 3\ub144 \ubcf4\uc99d\uc744 \uc81c\uacf5\ud569\ub2c8\ub2e4. \ub9de\ucda4 \uacac\uc801\uc744 \uc6d0\ud558\uc2dc\uba74 \uc9c0\uae08 \ubc14\ub85c \ubb38\uc758\ud558\uc138\uc694.<\/p>","protected":false},"featured_media":3289,"template":"","meta":[],"product_brand":[],"product_cat":[48,40,46],"product_tag":[],"class_list":{"0":"post-3288","1":"product","2":"type-product","3":"status-publish","4":"has-post-thumbnail","6":"product_cat-paineis-personalizados","7":"product_cat-painel-de-led","8":"product_cat-painel-de-video","10":"first","11":"instock","12":"shipping-taxable","13":"product-type-simple"},"yoast_head":"<!-- This site is optimized with the Yoast SEO plugin v27.5 - https:\/\/yoast.com\/product\/yoast-seo-wordpress\/ -->\n<title>Tela LED em Forma de Rosto S\u00e9rie TCH | Designs e Displays de Alta Qualidade | TELALED<\/title>\n<meta name=\"description\" content=\"A Tela LED em Forma de Rosto S\u00e9rie TCH oferece um design personaliz\u00e1vel com pixel pitch de 4 mm e qualidade superior. Perfeita para projetos criativos e displays chamativos. Solicite sua solu\u00e7\u00e3o hoje mesmo!\" \/>\n<meta name=\"robots\" content=\"index, follow, max-snippet:-1, max-image-preview:large, max-video-preview:-1\" \/>\n<link rel=\"canonical\" href=\"https:\/\/www.telaled.com\/ko\/fabrica\/tela-led-em-forma-de-rosto-serie-tch\/\" \/>\n<meta property=\"og:locale\" content=\"ko_KR\" \/>\n<meta property=\"og:type\" content=\"article\" \/>\n<meta property=\"og:title\" content=\"Tela LED em Forma de Rosto S\u00e9rie TCH | Designs e Displays de Alta Qualidade | TELALED\" \/>\n<meta property=\"og:description\" content=\"A Tela LED em Forma de Rosto S\u00e9rie TCH oferece um design personaliz\u00e1vel com pixel pitch de 4 mm e qualidade superior. Perfeita para projetos criativos e displays chamativos. Solicite sua solu\u00e7\u00e3o hoje mesmo!\" \/>\n<meta property=\"og:url\" content=\"https:\/\/www.telaled.com\/ko\/fabrica\/tela-led-em-forma-de-rosto-serie-tch\/\" \/>\n<meta property=\"og:site_name\" content=\"TELALED\" \/>\n<meta property=\"article:modified_time\" content=\"2026-01-06T01:09:29+00:00\" \/>\n<meta property=\"og:image\" content=\"https:\/\/www.telaled.com\/wp-content\/uploads\/2025\/09\/Tela-LED-em-Forma-de-Rosto.webp\" \/>\n\t<meta property=\"og:image:width\" content=\"500\" \/>\n\t<meta property=\"og:image:height\" content=\"500\" \/>\n\t<meta property=\"og:image:type\" content=\"image\/webp\" \/>\n<meta name=\"twitter:card\" content=\"summary_large_image\" \/>\n<meta name=\"twitter:label1\" content=\"\uc608\uc0c1 \ub418\ub294 \ud310\ub3c5 \uc2dc\uac04\" \/>\n\t<meta name=\"twitter:data1\" content=\"3\ubd84\" \/>\n<script type=\"application\/ld+json\" class=\"yoast-schema-graph\">{\"@context\":\"https:\\\/\\\/schema.org\",\"@graph\":[{\"@type\":\"WebPage\",\"@id\":\"https:\\\/\\\/www.telaled.com\\\/fabrica\\\/tela-led-em-forma-de-rosto-serie-tch\\\/\",\"url\":\"https:\\\/\\\/www.telaled.com\\\/fabrica\\\/tela-led-em-forma-de-rosto-serie-tch\\\/\",\"name\":\"Tela LED em Forma de Rosto S\u00e9rie TCH | Designs e Displays de Alta Qualidade | TELALED\",\"isPartOf\":{\"@id\":\"https:\\\/\\\/www.telaled.com\\\/#website\"},\"primaryImageOfPage\":{\"@id\":\"https:\\\/\\\/www.telaled.com\\\/fabrica\\\/tela-led-em-forma-de-rosto-serie-tch\\\/#primaryimage\"},\"image\":{\"@id\":\"https:\\\/\\\/www.telaled.com\\\/fabrica\\\/tela-led-em-forma-de-rosto-serie-tch\\\/#primaryimage\"},\"thumbnailUrl\":\"https:\\\/\\\/www.telaled.com\\\/wp-content\\\/uploads\\\/2025\\\/09\\\/Tela-LED-em-Forma-de-Rosto.webp\",\"datePublished\":\"2025-09-10T09:41:55+00:00\",\"dateModified\":\"2026-01-06T01:09:29+00:00\",\"description\":\"A Tela LED em Forma de Rosto S\u00e9rie TCH oferece um design personaliz\u00e1vel com pixel pitch de 4 mm e qualidade superior. Perfeita para projetos criativos e displays chamativos. Solicite sua solu\u00e7\u00e3o hoje mesmo!\",\"breadcrumb\":{\"@id\":\"https:\\\/\\\/www.telaled.com\\\/fabrica\\\/tela-led-em-forma-de-rosto-serie-tch\\\/#breadcrumb\"},\"inLanguage\":\"ko-KR\",\"potentialAction\":[{\"@type\":\"ReadAction\",\"target\":[\"https:\\\/\\\/www.telaled.com\\\/fabrica\\\/tela-led-em-forma-de-rosto-serie-tch\\\/\"]}]},{\"@type\":\"ImageObject\",\"inLanguage\":\"ko-KR\",\"@id\":\"https:\\\/\\\/www.telaled.com\\\/fabrica\\\/tela-led-em-forma-de-rosto-serie-tch\\\/#primaryimage\",\"url\":\"https:\\\/\\\/www.telaled.com\\\/wp-content\\\/uploads\\\/2025\\\/09\\\/Tela-LED-em-Forma-de-Rosto.webp\",\"contentUrl\":\"https:\\\/\\\/www.telaled.com\\\/wp-content\\\/uploads\\\/2025\\\/09\\\/Tela-LED-em-Forma-de-Rosto.webp\",\"width\":500,\"height\":500,\"caption\":\"Tela-LED-em-Forma-de-Rosto\"},{\"@type\":\"BreadcrumbList\",\"@id\":\"https:\\\/\\\/www.telaled.com\\\/fabrica\\\/tela-led-em-forma-de-rosto-serie-tch\\\/#breadcrumb\",\"itemListElement\":[{\"@type\":\"ListItem\",\"position\":1,\"name\":\"Home\",\"item\":\"https:\\\/\\\/www.telaled.com\\\/\"},{\"@type\":\"ListItem\",\"position\":2,\"name\":\"Produtos\",\"item\":\"https:\\\/\\\/www.telaled.com\\\/shop\\\/\"},{\"@type\":\"ListItem\",\"position\":3,\"name\":\"Tela LED em Forma de Rosto S\u00e9rie TCH\"}]},{\"@type\":\"WebSite\",\"@id\":\"https:\\\/\\\/www.telaled.com\\\/#website\",\"url\":\"https:\\\/\\\/www.telaled.com\\\/\",\"name\":\"TELALED\",\"description\":\"\",\"potentialAction\":[{\"@type\":\"SearchAction\",\"target\":{\"@type\":\"EntryPoint\",\"urlTemplate\":\"https:\\\/\\\/www.telaled.com\\\/?s={search_term_string}\"},\"query-input\":{\"@type\":\"PropertyValueSpecification\",\"valueRequired\":true,\"valueName\":\"search_term_string\"}}],\"inLanguage\":\"ko-KR\"}]}<\/script>\n<!-- \/ Yoast SEO plugin. -->","yoast_head_json":{"title":"TCH \uc2dc\ub9ac\uc988 \uc5bc\uad74\ud615 LED \ub514\uc2a4\ud50c\ub808\uc774 | \uace0\ud488\uc9c8 \ub514\uc790\uc778 \ubc0f \ub514\uc2a4\ud50c\ub808\uc774 | TELALED","description":"TCH \uc2dc\ub9ac\uc988 \uc5bc\uad74\ud615 LED \ub514\uc2a4\ud50c\ub808\uc774\ub294 4mm \ud53d\uc140 \ud53c\uce58\uc640 \ub6f0\uc5b4\ub09c \ud488\uc9c8\ub85c \ub9de\ucda4\ud615 \ub514\uc790\uc778\uc744 \uc81c\uacf5\ud569\ub2c8\ub2e4. \ucc3d\uc758\uc801\uc778 \ud504\ub85c\uc81d\ud2b8\uc640 \uc2dc\uc120\uc744 \uc0ac\ub85c\uc7a1\ub294 \ub514\uc2a4\ud50c\ub808\uc774\uc5d0 \uc774\uc0c1\uc801\uc785\ub2c8\ub2e4. \uc9c0\uae08 \ubc14\ub85c \uc194\ub8e8\uc158\uc744 \uc2e0\uccad\ud558\uc138\uc694!","robots":{"index":"index","follow":"follow","max-snippet":"max-snippet:-1","max-image-preview":"max-image-preview:large","max-video-preview":"max-video-preview:-1"},"canonical":"https:\/\/www.telaled.com\/ko\/fabrica\/tela-led-em-forma-de-rosto-serie-tch\/","og_locale":"ko_KR","og_type":"article","og_title":"Tela LED em Forma de Rosto S\u00e9rie TCH | Designs e Displays de Alta Qualidade | TELALED","og_description":"A Tela LED em Forma de Rosto S\u00e9rie TCH oferece um design personaliz\u00e1vel com pixel pitch de 4 mm e qualidade superior. Perfeita para projetos criativos e displays chamativos. Solicite sua solu\u00e7\u00e3o hoje mesmo!","og_url":"https:\/\/www.telaled.com\/ko\/fabrica\/tela-led-em-forma-de-rosto-serie-tch\/","og_site_name":"TELALED","article_modified_time":"2026-01-06T01:09:29+00:00","og_image":[{"width":500,"height":500,"url":"https:\/\/www.telaled.com\/wp-content\/uploads\/2025\/09\/Tela-LED-em-Forma-de-Rosto.webp","type":"image\/webp"}],"twitter_card":"summary_large_image","twitter_misc":{"\uc608\uc0c1 \ub418\ub294 \ud310\ub3c5 \uc2dc\uac04":"3\ubd84"},"schema":{"@context":"https:\/\/schema.org","@graph":[{"@type":"WebPage","@id":"https:\/\/www.telaled.com\/fabrica\/tela-led-em-forma-de-rosto-serie-tch\/","url":"https:\/\/www.telaled.com\/fabrica\/tela-led-em-forma-de-rosto-serie-tch\/","name":"TCH \uc2dc\ub9ac\uc988 \uc5bc\uad74\ud615 LED \ub514\uc2a4\ud50c\ub808\uc774 | \uace0\ud488\uc9c8 \ub514\uc790\uc778 \ubc0f \ub514\uc2a4\ud50c\ub808\uc774 | TELALED","isPartOf":{"@id":"https:\/\/www.telaled.com\/#website"},"primaryImageOfPage":{"@id":"https:\/\/www.telaled.com\/fabrica\/tela-led-em-forma-de-rosto-serie-tch\/#primaryimage"},"image":{"@id":"https:\/\/www.telaled.com\/fabrica\/tela-led-em-forma-de-rosto-serie-tch\/#primaryimage"},"thumbnailUrl":"https:\/\/www.telaled.com\/wp-content\/uploads\/2025\/09\/Tela-LED-em-Forma-de-Rosto.webp","datePublished":"2025-09-10T09:41:55+00:00","dateModified":"2026-01-06T01:09:29+00:00","description":"TCH \uc2dc\ub9ac\uc988 \uc5bc\uad74\ud615 LED \ub514\uc2a4\ud50c\ub808\uc774\ub294 4mm \ud53d\uc140 \ud53c\uce58\uc640 \ub6f0\uc5b4\ub09c \ud488\uc9c8\ub85c \ub9de\ucda4\ud615 \ub514\uc790\uc778\uc744 \uc81c\uacf5\ud569\ub2c8\ub2e4. \ucc3d\uc758\uc801\uc778 \ud504\ub85c\uc81d\ud2b8\uc640 \uc2dc\uc120\uc744 \uc0ac\ub85c\uc7a1\ub294 \ub514\uc2a4\ud50c\ub808\uc774\uc5d0 \uc774\uc0c1\uc801\uc785\ub2c8\ub2e4. \uc9c0\uae08 \ubc14\ub85c \uc194\ub8e8\uc158\uc744 \uc2e0\uccad\ud558\uc138\uc694!","breadcrumb":{"@id":"https:\/\/www.telaled.com\/fabrica\/tela-led-em-forma-de-rosto-serie-tch\/#breadcrumb"},"inLanguage":"ko-KR","potentialAction":[{"@type":"ReadAction","target":["https:\/\/www.telaled.com\/fabrica\/tela-led-em-forma-de-rosto-serie-tch\/"]}]},{"@type":"ImageObject","inLanguage":"ko-KR","@id":"https:\/\/www.telaled.com\/fabrica\/tela-led-em-forma-de-rosto-serie-tch\/#primaryimage","url":"https:\/\/www.telaled.com\/wp-content\/uploads\/2025\/09\/Tela-LED-em-Forma-de-Rosto.webp","contentUrl":"https:\/\/www.telaled.com\/wp-content\/uploads\/2025\/09\/Tela-LED-em-Forma-de-Rosto.webp","width":500,"height":500,"caption":"Tela-LED-em-Forma-de-Rosto"},{"@type":"BreadcrumbList","@id":"https:\/\/www.telaled.com\/fabrica\/tela-led-em-forma-de-rosto-serie-tch\/#breadcrumb","itemListElement":[{"@type":"ListItem","position":1,"name":"Home","item":"https:\/\/www.telaled.com\/"},{"@type":"ListItem","position":2,"name":"Produtos","item":"https:\/\/www.telaled.com\/shop\/"},{"@type":"ListItem","position":3,"name":"Tela LED em Forma de Rosto S\u00e9rie TCH"}]},{"@type":"WebSite","@id":"https:\/\/www.telaled.com\/#website","url":"https:\/\/www.telaled.com\/","name":"LED \uc2a4\ud06c\ub9b0","description":"","potentialAction":[{"@type":"SearchAction","target":{"@type":"EntryPoint","urlTemplate":"https:\/\/www.telaled.com\/?s={search_term_string}"},"query-input":{"@type":"PropertyValueSpecification","valueRequired":true,"valueName":"search_term_string"}}],"inLanguage":"ko-KR"}]}},"_links":{"self":[{"href":"https:\/\/www.telaled.com\/ko\/wp-json\/wp\/v2\/product\/3288","targetHints":{"allow":["GET"]}}],"collection":[{"href":"https:\/\/www.telaled.com\/ko\/wp-json\/wp\/v2\/product"}],"about":[{"href":"https:\/\/www.telaled.com\/ko\/wp-json\/wp\/v2\/types\/product"}],"wp:featuredmedia":[{"embeddable":true,"href":"https:\/\/www.telaled.com\/ko\/wp-json\/wp\/v2\/media\/3289"}],"wp:attachment":[{"href":"https:\/\/www.telaled.com\/ko\/wp-json\/wp\/v2\/media?parent=3288"}],"wp:term":[{"taxonomy":"product_brand","embeddable":true,"href":"https:\/\/www.telaled.com\/ko\/wp-json\/wp\/v2\/product_brand?post=3288"},{"taxonomy":"product_cat","embeddable":true,"href":"https:\/\/www.telaled.com\/ko\/wp-json\/wp\/v2\/product_cat?post=3288"},{"taxonomy":"product_tag","embeddable":true,"href":"https:\/\/www.telaled.com\/ko\/wp-json\/wp\/v2\/product_tag?post=3288"}],"curies":[{"name":"\uc6cc\ub4dc\ud504\ub808\uc2a4","href":"https:\/\/api.w.org\/{rel}","templated":true}]}}