{"id":3221,"date":"2025-09-04T01:46:58","date_gmt":"2025-09-04T01:46:58","guid":{"rendered":"https:\/\/www.telaled.com\/?post_type=product&#038;p=3221"},"modified":"2026-01-05T23:38:53","modified_gmt":"2026-01-05T23:38:53","slug":"led-dome-screen-serie-tcc","status":"publish","type":"product","link":"https:\/\/www.telaled.com\/ko\/fabrica\/led-dome-screen-serie-tcc\/","title":{"rendered":"LED \ub3d4 \uc2a4\ud06c\ub9b0 TCC \uc2dc\ub9ac\uc988"},"content":{"rendered":"<div class=\"row\"  id=\"row-2055479049\">\n\n\t<div id=\"col-1144666122\" class=\"col small-12 large-12\"  >\n\t\t\t\t<div class=\"col-inner\"  >\n\t\t\t\n\t\t\t\n<h2>TCC \uc2dc\ub9ac\uc988 LED \ub3d4 \uc2a4\ud06c\ub9b0\uc758 \ub3c5\uc810\uc801 \uc7a5\uc810<\/h2>\n<h3><strong>\ub6f0\uc5b4\ub09c \ub0b4\uad6c\uc131<\/strong><\/h3>\n<ul>\n<li>\ud2bc\ud2bc\ud55c \uac15\ucca0 \ud504\ub808\uc784<\/li>\n<li>\uc544\uc5f0 \ub3c4\uae08 \ud30c\uc774\ud504(40\/80\/100)<\/li>\n<li>\uac15\ud310 150x150x5\/m\u00b2<\/li>\n<li>\ubc29\uccad\ucc98\ub9ac\ub41c \uc6a9\uc811\ubd80<\/li>\n<\/ul>\n<h3><strong>\ub6f0\uc5b4\ub09c \uc2dc\uac01\uc801 \ud488\uc9c8<\/strong><\/h3>\n<ul>\n<li>180\u00ba-360\u00ba \uace1\uba74 \uc2a4\ud06c\ub9b0<\/li>\n<li>3D \ubab0\uc785 \ud6a8\uacfc<\/li>\n<li>\ubaa8\ub4e0 \uac01\ub3c4\uc5d0\uc11c \uc120\uba85\ud55c \uc601\uc0c1<\/li>\n<\/ul>\n<h3><strong>\uc644\ubcbd\ud55c \uc801\uc751\ub825<\/strong><\/h3>\n<ul>\n<li>\uc0ac\uc6a9\uc790 \uc815\uc758 \ub3d4 \uc9c1\uacbd<\/li>\n<li>\uc870\uc815 \uac00\ub2a5\ud55c \ub514\uc2a4\ud50c\ub808\uc774 \uc601\uc5ed<\/li>\n<li>\uc720\uc5f0\ud55c \uace0\uc815 \uc704\uce58<\/li>\n<\/ul>\n<h3><strong>\uc885\ud569 \uc9c0\uc6d0<\/strong><\/h3>\n<ul>\n<li>24\uc2dc\uac04 \uc5f0\uc911\ubb34\ud734 \uc6d0\uaca9 \uae30\uc220 \uc9c0\uc6d0: \uc5b8\uc81c \uc5b4\ub514\uc11c\ub098 \uc804\ubb38\uac00\uc758 \ub3c4\uc6c0\uc744 \ubc1b\uc73c\uc138\uc694.<\/li>\n<li>5%\uc758 \uc608\ube44 \ubd80\ud488\uc774 \ud3ec\ud568\ub418\uc5b4 \uc788\uc2b5\ub2c8\ub2e4. \uac01 \uc8fc\ubb38\uc5d0\ub294 \uc2e0\ub8b0\uc131\uc744 \ub192\uc774\uace0 \uc548\uc2ec\uc744 \uc81c\uacf5\ud558\ub294 \ucd94\uac00 \uad6c\uc131 \uc694\uc18c\uac00 \ud3ec\ud568\ub418\uc5b4 \uc788\uc2b5\ub2c8\ub2e4.<\/li>\n<li>3\ub144 \uc5f0\uc7a5 \ubcf4\uc99d: \ub354 \ub098\uc740 \uc131\ub2a5\uacfc \uc548\uc815\uc801\uc778 \uc11c\ube44\uc2a4\ub97c \uc704\ud55c \uc7a5\uae30\uc801\uc778 \uc735\ud569\uc744 \uc990\uaca8\ubcf4\uc138\uc694.<\/li>\n<\/ul>\n<h2>\uc81c\ud488 \uc0c1\uc138 \uc815\ubcf4<\/h2>\n<div class=\"row\"  id=\"row-1307163573\">\n\n\t<div id=\"col-1103033879\" class=\"col medium-10 small-12 large-10\"  >\n\t\t\t\t<div class=\"col-inner text-left\"  >\n\t\t\t\n\t\t\t\n<ul>\n<li>LED \ub3d4 \ub514\uc2a4\ud50c\ub808\uc774\uc758 \uad6c\uc870\uc640 \uce90\ube44\ub2db \uc2dc\uc2a4\ud15c\uc740 \uc124\uce58 \uc2dc\uac04\uacfc \uc778\uac74\ube44\ub97c \uc808\uac10\ud574 \uc90d\ub2c8\ub2e4. \ud6a8\uc728\uc801\uc778 \uc124\uacc4\ub294 \ubb3c\ub860 \ud504\ub85c\uc81d\ud2b8 \uc9c4\ud589 \uc18d\ub3c4\uae4c\uc9c0 \ub192\uc5ec\uc90d\ub2c8\ub2e4. \uc774\ub97c \ud1b5\ud574 \ube44\uc6a9 \uc808\uac10 \ubc0f \ud655\uc7a5\uc131 \uce21\uba74\uc5d0\uc11c \ud655\uc2e4\ud55c \uacbd\uc7c1 \uc6b0\uc704\ub97c \ud655\ubcf4\ud560 \uc218 \uc788\uc2b5\ub2c8\ub2e4.<\/li>\n<\/ul>\n\t<div class=\"img has-hover x md-x lg-x y md-y lg-y\" id=\"image_1709953525\">\n\t\t\t\t\t\t\t\t<div class=\"img-inner dark\" >\n\t\t\t<img loading=\"lazy\" decoding=\"async\" width=\"1313\" height=\"840\" src=\"https:\/\/www.telaled.com\/wp-content\/uploads\/2025\/09\/Design-modularizado-para-facil-instalacao-1.webp\" class=\"attachment-original size-original\" alt=\"\uac04\ud3b8\ud55c \uc124\uce58\ub97c \uc704\ud55c \ubaa8\ub4c8\ud654\ub41c \ub514\uc790\uc778(1)\" srcset=\"https:\/\/www.telaled.com\/wp-content\/uploads\/2025\/09\/Design-modularizado-para-facil-instalacao-1.webp 1313w, https:\/\/www.telaled.com\/wp-content\/uploads\/2025\/09\/Design-modularizado-para-facil-instalacao-1-300x192.webp 300w, https:\/\/www.telaled.com\/wp-content\/uploads\/2025\/09\/Design-modularizado-para-facil-instalacao-1-1024x655.webp 1024w, https:\/\/www.telaled.com\/wp-content\/uploads\/2025\/09\/Design-modularizado-para-facil-instalacao-1-768x491.webp 768w, https:\/\/www.telaled.com\/wp-content\/uploads\/2025\/09\/Design-modularizado-para-facil-instalacao-1-18x12.webp 18w, https:\/\/www.telaled.com\/wp-content\/uploads\/2025\/09\/Design-modularizado-para-facil-instalacao-1-600x384.webp 600w\" sizes=\"auto, (max-width: 1313px) 100vw, 1313px\" \/>\t\t\t\t\t\t\n\t\t\t\t\t<\/div>\n\t\t\t\t\t\t\t\t\n<style>\n#image_1709953525 {\n  width: 95%;\n}\n<\/style>\n\t<\/div>\n\t\n<ul>\n<li>\ucd08\uace0\ud654\uc9c8 \uc601\uc0c1\uacfc \uc2e4\uac10 \ub098\ub294 \uc0ac\uc6b4\ub4dc\ub85c \uad00\uac1d\ub4e4\uc740 \uc601\ud654\uc5d0 \ubab0\uc785\ud558\uac8c \ub429\ub2c8\ub2e4. \ud654\uba74\uc5d0 \uac00\uae4c\uc6cc\uc9c8\uc218\ub85d \ubab0\uc785\uac10\uc740 \ub354\uc6b1 \uac15\ub82c\ud574\uc9d1\ub2c8\ub2e4.<\/li>\n<\/ul>\n\t\t<\/div>\n\t\t\t\t\t<\/div>\n\n\t\n\n\t<div id=\"col-1336207914\" class=\"col medium-10 small-12 large-10\"  >\n\t\t\t\t<div class=\"col-inner text-left\"  >\n\t\t\t\n\t\t\t\n\t<div class=\"img has-hover x md-x lg-x y md-y lg-y\" id=\"image_1348798025\">\n\t\t\t\t\t\t\t\t<div class=\"img-inner dark\" >\n\t\t\t<img loading=\"lazy\" decoding=\"async\" width=\"700\" height=\"490\" src=\"https:\/\/www.telaled.com\/wp-content\/uploads\/2025\/09\/Cinema-panoramico.webp\" class=\"attachment-large size-large\" alt=\"\ud30c\ub178\ub77c\ub9c8 \uc2dc\ub124\ub9c8\" srcset=\"https:\/\/www.telaled.com\/wp-content\/uploads\/2025\/09\/Cinema-panoramico.webp 700w, https:\/\/www.telaled.com\/wp-content\/uploads\/2025\/09\/Cinema-panoramico-300x210.webp 300w, https:\/\/www.telaled.com\/wp-content\/uploads\/2025\/09\/Cinema-panoramico-18x12.webp 18w, https:\/\/www.telaled.com\/wp-content\/uploads\/2025\/09\/Cinema-panoramico-600x420.webp 600w\" sizes=\"auto, (max-width: 700px) 100vw, 700px\" \/>\t\t\t\t\t\t\n\t\t\t\t\t<\/div>\n\t\t\t\t\t\t\t\t\n<style>\n#image_1348798025 {\n  width: 95%;\n}\n<\/style>\n\t<\/div>\n\t\n<ul>\n<li>TCC \uc2dc\ub9ac\uc988 LED \ub3d4 \uc2a4\ud06c\ub9b0\uc740 \ub2f9\uc2e0\uc758 \uc0c1\uc601\uc744 \uac10\uac01\uc801\uc778 \uacbd\ud5d8\uc73c\ub85c \ubc14\uafd4\uc90d\ub2c8\ub2e4. \ubc18\uad6c\ud615 \uc2a4\ud06c\ub9b0\uc774 \uad00\uac1d\uc758 \uc2dc\uc57c\ub97c \uac10\uc2f8\ub294 \ub3d9\uc2dc\uc5d0, \uc6c0\uc9c1\uc774\ub294 \uc88c\uc11d, \uc544\ub85c\ub9c8 \ud6a8\uacfc, \uad11\ud65c\ud55c \uc601\uc0c1, \uadf8\ub9ac\uace0 \uc11c\ub77c\uc6b4\ub4dc \uc0ac\uc6b4\ub4dc\ub294 4D\uc5d0\uc11c 5D\ub85c \ucc28\uc6d0\uc774 \ub2e4\ub978 \ubab0\uc785\uac10\uc744 \uc120\uc0ac\ud569\ub2c8\ub2e4. \uc804\uba74\ubd80\ud130 \ud6c4\uba74\uae4c\uc9c0, \ubaa8\ub4e0 \ub514\ud14c\uc77c\uc774 \uad00\uac1d\uc744 \uc0dd\uc0dd\ud558\uace0 \ud3b8\uc548\ud55c \uc7a5\uba74\uc73c\ub85c \ubab0\uc785\uc2dc\ucf1c \ud3c9\uc0dd \uc78a\uc9c0 \ubabb\ud560 \uacbd\ud5d8\uc744 \uc120\uc0ac\ud569\ub2c8\ub2e4.<\/li>\n<\/ul>\n\t<div class=\"img has-hover x md-x lg-x y md-y lg-y\" id=\"image_390166868\">\n\t\t\t\t\t\t\t\t<div class=\"img-inner dark\" >\n\t\t\t<img loading=\"lazy\" decoding=\"async\" width=\"640\" height=\"318\" src=\"https:\/\/www.telaled.com\/wp-content\/uploads\/2025\/09\/Experiencia-Imersiva-Realista.jpg\" class=\"attachment-large size-large\" alt=\"\ubab0\uc785\ud615-\ud604\uc2e4\uc801 \uacbd\ud5d8\" srcset=\"https:\/\/www.telaled.com\/wp-content\/uploads\/2025\/09\/Experiencia-Imersiva-Realista.jpg 640w, https:\/\/www.telaled.com\/wp-content\/uploads\/2025\/09\/Experiencia-Imersiva-Realista-300x149.jpg 300w, https:\/\/www.telaled.com\/wp-content\/uploads\/2025\/09\/Experiencia-Imersiva-Realista-18x9.jpg 18w, https:\/\/www.telaled.com\/wp-content\/uploads\/2025\/09\/Experiencia-Imersiva-Realista-600x298.jpg 600w\" sizes=\"auto, (max-width: 640px) 100vw, 640px\" \/>\t\t\t\t\t\t\n\t\t\t\t\t<\/div>\n\t\t\t\t\t\t\t\t\n<style>\n#image_390166868 {\n  width: 95%;\n}\n<\/style>\n\t<\/div>\n\t\n\t\t<\/div>\n\t\t\t\t\t<\/div>\n\n\t\n\n\t<div id=\"col-1115879784\" class=\"col medium-10 small-12 large-10\"  >\n\t\t\t\t<div class=\"col-inner text-left\"  >\n\t\t\t\n\t\t\t\n<ul>\n<li>\ub2f9\uc0ac\uc758 TCC \uc2dc\ub9ac\uc988 LED \ub3d4 \uc2a4\ud06c\ub9b0\uc740 \uc6b4\uc1a1 \uc911 \ud30c\uc190\uc744 \ubc29\uc9c0\ud558\uae30 \uc704\ud574 \uac15\ud654 \ubaa9\uc7ac \uc0c1\uc790\uc5d0 \uc548\uc804\ud558\uac8c \ud3ec\uc7a5\ub429\ub2c8\ub2e4. \uac01 \uc81c\ud488\uc740 \ubcf4\ud638 \uc6a9\uae30\uc5d0 \ub2f4\uaca8 \uba3c\uc9c0, \ucda9\uaca9 \ubc0f \uae30\ud0c0 \uc704\ud5d8\uc73c\ub85c\ubd80\ud130 \ubcf4\ud638\ub429\ub2c8\ub2e4. \uc774\ub7ec\ud55c \ud3ec\uc7a5 \ubc29\uc2dd\uc740 \ubcf4\uad00\ubd80\ud130 \ucd5c\uc885 \ubc30\uc1a1\uae4c\uc9c0 \uc81c\ud488\uc758 \ub0b4\uad6c\uc131\uacfc \uc548\uc804\ud55c \ucde8\uae09\uc744 \ubcf4\uc7a5\ud569\ub2c8\ub2e4.<\/li>\n<\/ul>\n\t<div class=\"img has-hover x md-x lg-x y md-y lg-y\" id=\"image_1844799726\">\n\t\t\t\t\t\t\t\t<div class=\"img-inner dark\" >\n\t\t\t<img loading=\"lazy\" decoding=\"async\" width=\"760\" height=\"1024\" src=\"https:\/\/www.telaled.com\/wp-content\/uploads\/2025\/08\/36123f2c-de60-488d-af81-255cd4aee54a-760x1024.webp\" class=\"attachment-large size-large\" alt=\"\" srcset=\"https:\/\/www.telaled.com\/wp-content\/uploads\/2025\/08\/36123f2c-de60-488d-af81-255cd4aee54a-760x1024.webp 760w, https:\/\/www.telaled.com\/wp-content\/uploads\/2025\/08\/36123f2c-de60-488d-af81-255cd4aee54a-223x300.webp 223w, https:\/\/www.telaled.com\/wp-content\/uploads\/2025\/08\/36123f2c-de60-488d-af81-255cd4aee54a-768x1035.webp 768w, https:\/\/www.telaled.com\/wp-content\/uploads\/2025\/08\/36123f2c-de60-488d-af81-255cd4aee54a-9x12.webp 9w, https:\/\/www.telaled.com\/wp-content\/uploads\/2025\/08\/36123f2c-de60-488d-af81-255cd4aee54a-600x808.webp 600w, https:\/\/www.telaled.com\/wp-content\/uploads\/2025\/08\/36123f2c-de60-488d-af81-255cd4aee54a.webp 795w\" sizes=\"auto, (max-width: 760px) 100vw, 760px\" \/>\t\t\t\t\t\t\n\t\t\t\t\t<\/div>\n\t\t\t\t\t\t\t\t\n<style>\n#image_1844799726 {\n  width: 95%;\n}\n<\/style>\n\t<\/div>\n\t\n\n<table id=\"tablepress-74\" class=\"tablepress tablepress-id-74\">\n<thead>\n<tr class=\"row-1\">\n\t<th class=\"column-1\">\ubaa8\ub378<\/th><th class=\"column-2\">TCC1.45<\/th><th class=\"column-3\">TCC1.875<\/th><th class=\"column-4\">TCC2<\/th><th class=\"column-5\">\ud2f0\uc528\uc5284<\/th>\n<\/tr>\n<\/thead>\n<tbody class=\"row-striping row-hover\">\n<tr class=\"row-2\">\n\t<td class=\"column-1\">\ud53d\uc140 \ud53c\uce58(mm)<\/td><td class=\"column-2\">1.45<\/td><td class=\"column-3\">1.875<\/td><td class=\"column-4\">2<\/td><td class=\"column-5\">4<\/td>\n<\/tr>\n<tr class=\"row-3\">\n\t<td class=\"column-1\">\ud53d\uc140 \uad6c\uc131<\/td><td class=\"column-2\">1R1G1B<\/td><td class=\"column-3\">1R1G1B<\/td><td class=\"column-4\">1R1G1B<\/td><td class=\"column-5\">1R1G1B<\/td>\n<\/tr>\n<tr class=\"row-4\">\n\t<td class=\"column-1\">LED \uc720\ud615<\/td><td class=\"column-2\">SMD1010<\/td><td class=\"column-3\">SMD1212<\/td><td class=\"column-4\">SMD1212<\/td><td class=\"column-5\">SMD1515<\/td>\n<\/tr>\n<tr class=\"row-5\">\n\t<td class=\"column-1\">\ud53d\uc140 \ubc00\ub3c4(\ub3c4\ud2b8\/m\u00b2)<\/td><td class=\"column-2\">475, 624<\/td><td class=\"column-3\">284,444<\/td><td class=\"column-4\">250,000<\/td><td class=\"column-5\">62500<\/td>\n<\/tr>\n<tr class=\"row-6\">\n\t<td class=\"column-1\">\uc2a4\uce90\ub2dd \ubc29\ubc95<\/td><td class=\"column-2\">1\/35<\/td><td class=\"column-3\">1\/32<\/td><td class=\"column-4\">1\/32<\/td><td class=\"column-5\">1\/16<\/td>\n<\/tr>\n<tr class=\"row-7\">\n\t<td class=\"column-1\">\ubc1d\uae30(cd\/m\u00b2)<\/td><td class=\"column-2\">300<\/td><td class=\"column-3\">800-1000<\/td><td class=\"column-4\">800-1000<\/td><td class=\"column-5\">800<\/td>\n<\/tr>\n<tr class=\"row-8\">\n\t<td class=\"column-1\">\ud3c9\uade0 \uc804\ub825(W\/m\u00b2)<\/td><td class=\"column-2\">140<\/td><td class=\"column-3\">150-200<\/td><td class=\"column-4\">150-200<\/td><td class=\"column-5\">150-200<\/td>\n<\/tr>\n<tr class=\"row-9\">\n\t<td class=\"column-1\">\ucd5c\ub300 \uc804\ub825(W\/m\u00b2)<\/td><td class=\"column-2\">300<\/td><td class=\"column-3\">600<\/td><td class=\"column-4\">600<\/td><td class=\"column-5\">600<\/td>\n<\/tr>\n<tr class=\"row-10\">\n\t<td class=\"column-1\">\uc0c8\ub85c \uace0\uce68 \ube48\ub3c4(Hz)<\/td><td class=\"column-2\">3840<\/td><td class=\"column-3\">3840<\/td><td class=\"column-4\">3840<\/td><td class=\"column-5\">3840<\/td>\n<\/tr>\n<tr class=\"row-11\">\n\t<td class=\"column-1\">\uadf8\ub808\uc774\uc2a4\ucf00\uc77c(\ube44\ud2b8)<\/td><td class=\"column-2\">16<\/td><td class=\"column-3\">12-16<\/td><td class=\"column-4\">12-16<\/td><td class=\"column-5\">12-16<\/td>\n<\/tr>\n<tr class=\"row-12\">\n\t<td class=\"column-1\">\ud638\uc758 \uc911\uc2ec\uac01<\/td><td class=\"column-2\">\ud544\uc694\uc5d0 \ub530\ub77c \ub9de\ucda4\ud654<\/td><td class=\"column-3\">\ud544\uc694\uc5d0 \ub530\ub77c \ub9de\ucda4\ud654<\/td><td class=\"column-4\">\ud544\uc694\uc5d0 \ub530\ub77c \ub9de\ucda4\ud654<\/td><td class=\"column-5\">\ud544\uc694\uc5d0 \ub530\ub77c \ub9de\ucda4\ud654<\/td>\n<\/tr>\n<tr class=\"row-13\">\n\t<td class=\"column-1\">LED \uce90\ube44\ub2db \ubb34\uac8c(kg\/\uac1c)<\/td><td class=\"column-2\">5<\/td><td class=\"column-3\">40<\/td><td class=\"column-4\">40<\/td><td class=\"column-5\">50<\/td>\n<\/tr>\n<tr class=\"row-14\">\n\t<td class=\"column-1\">\ucd1d \uc911\ub7c9(kg\/m\u00b2)<\/td><td class=\"column-2\">\u226460<\/td><td class=\"column-3\">\u226460<\/td><td class=\"column-4\">\u226460<\/td><td class=\"column-5\">\u226460<\/td>\n<\/tr>\n<tr class=\"row-15\">\n\t<td class=\"column-1\">\uc5f0\uc18d \uc0ac\uc6a9 \uc2dc\uac04(\uc2dc\uac04)<\/td><td class=\"column-2\">>72<\/td><td class=\"column-3\">>72<\/td><td class=\"column-4\">>72<\/td><td class=\"column-5\">>72<\/td>\n<\/tr>\n<tr class=\"row-16\">\n\t<td class=\"column-1\">\uc218\uba85(\uc2dc\uac04)<\/td><td class=\"column-2\">>10,000<\/td><td class=\"column-3\">>10,000<\/td><td class=\"column-4\">>10,000<\/td><td class=\"column-5\">>10,000<\/td>\n<\/tr>\n<tr class=\"row-17\">\n\t<td class=\"column-1\">\uc81c\uc5b4 \ubd88\ub2a5\uc758 \uc774\uc0b0\uc810(%)<\/td><td class=\"column-2\"><0.01<\/td><td class=\"column-3\"><0.01<\/td><td class=\"column-4\"><0.01<\/td><td class=\"column-5\"><0.01<\/td>\n<\/tr>\n<\/tbody>\n<\/table>\n<!-- #tablepress-74 from cache -->\n\t\t<\/div>\n\t\t\t\t\t<\/div>\n\n\t\n<\/div>\n\t\t<\/div>\n\t\t\t\t\t<\/div>\n\n\t\n<\/div>","protected":false},"excerpt":{"rendered":"<p><strong>LED \ub3d4 \uc2a4\ud06c\ub9b0 TCC \uc2dc\ub9ac\uc988 - \ucd08\uad11\uac01 \ubab0\uc785\ud615 \uc2a4\ud06c\ub9b0<\/strong><\/p>\n<p>\uadf8\ub9cc\ud07c <em><strong>LED \ub3d4 \uc2a4\ud06c\ub9b0 TCC \uc2dc\ub9ac\uc988<\/strong><\/em> \uc774 \uc81c\ud488\uc740 \ub113\uc740 \uc2dc\uc57c\uac01, \uc120\uba85\ub3c4 \ubc0f \ub0ae\uc740 \ub178\uc774\uc988\ub97c \uac16\ucd98 4D \uc774\ubbf8\uc9c0\ub97c \uc81c\uacf5\ud569\ub2c8\ub2e4. P1.45\ubd80\ud130 P4\uae4c\uc9c0 \ub2e4\uc591\ud55c \ubaa8\ub378\uc774 \uc788\uc73c\uba70, \uc9c1\uacbd\uc740 5m\uc5d0\uc11c 35m\uae4c\uc9c0\uc785\ub2c8\ub2e4.<\/p>\n<p><strong>\uc8fc\uc694 \ud2b9\uc9d5:<\/strong><\/p>\n<ul>\n<li>\ubab0\uc785\ud615 \uadf9\uc7a5\uacfc \ub300\ud654\ud615 \uacbd\ud5d8\uc744 \uc704\ud55c 4D LED \ud575\uc2ec \uae30\uc220.<\/li>\n<li>\ub113\uc740 \uc2dc\uc57c\uac01\uacfc \ub9e4\ub044\ub7ec\uc6b4 \ud45c\uba74\uc73c\ub85c \uc0ac\uc2e4\uc801\uc778 \uc2dc\uac01 \ud6a8\uacfc\uc640 \uad00\uac1d \ucc38\uc5ec\ub97c \uc720\ub3c4\ud569\ub2c8\ub2e4.<\/li>\n<li>\ub178\uc774\uc988\uc640 \uc5d0\ucf54\ub97c \ucd5c\uc18c\ud654\ud55c \ucd08\uace0\ud654\uc9c8 \uc601\uc0c1; \uc0ac\uc2e4\uc801\uc778 \uc0ac\uc6b4\ub4dc\ub97c \uc9c0\uc6d0\ud569\ub2c8\ub2e4.<\/li>\n<li>\ubc15\ubb3c\uad00, \ucc9c\ubb38\uad00, \uc804\uc2dc\uc7a5, \uad50\uc721 \uc13c\ud130, \uc2dc\ubbac\ub808\uc774\uc158 \ubc0f \uc0b0\uc5c5 \ud6c8\ub828\uc5d0 \uc801\ud569\ud55c \uc720\uc5f0\ud55c \uc0ac\uc591\uc785\ub2c8\ub2e4.<\/li>\n<\/ul>\n<p>24\uc2dc\uac04 \uc5f0\uc911\ubb34\ud734 \uc6d0\uaca9 \uc9c0\uc6d0\uacfc 3\ub144 \ubcf4\uc99d\uc744 \uc81c\uacf5\ud569\ub2c8\ub2e4. \ub9de\ucda4 \uacac\uc801\uc744 \uc6d0\ud558\uc2dc\uba74 \ubb38\uc758\ud574 \uc8fc\uc138\uc694.<\/p>","protected":false},"featured_media":3222,"template":"","meta":[],"product_brand":[],"product_cat":[48,40,44,46],"product_tag":[],"class_list":{"0":"post-3221","1":"product","2":"type-product","3":"status-publish","4":"has-post-thumbnail","6":"product_cat-paineis-personalizados","7":"product_cat-painel-de-led","8":"product_cat-painel-de-led-flexivel","9":"product_cat-painel-de-video","11":"first","12":"instock","13":"shipping-taxable","14":"product-type-simple"},"yoast_head":"<!-- This site is optimized with the Yoast SEO plugin v27.5 - https:\/\/yoast.com\/product\/yoast-seo-wordpress\/ -->\n<title>LED Dome Screen S\u00e9rie TCC | Experi\u00eancia Visual Imersiva 4D | TELALED<\/title>\n<meta name=\"description\" content=\"LED Dome Screen S\u00e9rie TCC com tecnologia de n\u00facleo 4D, modelos P1.45-P4 e di\u00e2metros de 5 a 35 m. Ideal para museus, planet\u00e1rios, exposi\u00e7\u00f5es, treinamentos e teatro imersivo\" \/>\n<meta name=\"robots\" content=\"index, follow, max-snippet:-1, max-image-preview:large, max-video-preview:-1\" \/>\n<link rel=\"canonical\" href=\"https:\/\/www.telaled.com\/ko\/fabrica\/led-dome-screen-serie-tcc\/\" \/>\n<meta property=\"og:locale\" content=\"ko_KR\" \/>\n<meta property=\"og:type\" content=\"article\" \/>\n<meta property=\"og:title\" content=\"LED Dome Screen S\u00e9rie TCC | Experi\u00eancia Visual Imersiva 4D | TELALED\" \/>\n<meta property=\"og:description\" content=\"LED Dome Screen S\u00e9rie TCC com tecnologia de n\u00facleo 4D, modelos P1.45-P4 e di\u00e2metros de 5 a 35 m. Ideal para museus, planet\u00e1rios, exposi\u00e7\u00f5es, treinamentos e teatro imersivo\" \/>\n<meta property=\"og:url\" content=\"https:\/\/www.telaled.com\/ko\/fabrica\/led-dome-screen-serie-tcc\/\" \/>\n<meta property=\"og:site_name\" content=\"TELALED\" \/>\n<meta property=\"article:modified_time\" content=\"2026-01-05T23:38:53+00:00\" \/>\n<meta property=\"og:image\" content=\"https:\/\/www.telaled.com\/wp-content\/uploads\/2025\/09\/LED-Dome-Screen-Serie-TCC.webp\" \/>\n\t<meta property=\"og:image:width\" content=\"500\" \/>\n\t<meta property=\"og:image:height\" content=\"500\" \/>\n\t<meta property=\"og:image:type\" content=\"image\/webp\" \/>\n<meta name=\"twitter:card\" content=\"summary_large_image\" \/>\n<meta name=\"twitter:label1\" content=\"\uc608\uc0c1 \ub418\ub294 \ud310\ub3c5 \uc2dc\uac04\" \/>\n\t<meta name=\"twitter:data1\" content=\"3\ubd84\" \/>\n<script type=\"application\/ld+json\" class=\"yoast-schema-graph\">{\"@context\":\"https:\\\/\\\/schema.org\",\"@graph\":[{\"@type\":\"WebPage\",\"@id\":\"https:\\\/\\\/www.telaled.com\\\/fabrica\\\/led-dome-screen-serie-tcc\\\/\",\"url\":\"https:\\\/\\\/www.telaled.com\\\/fabrica\\\/led-dome-screen-serie-tcc\\\/\",\"name\":\"LED Dome Screen S\u00e9rie TCC | Experi\u00eancia Visual Imersiva 4D | TELALED\",\"isPartOf\":{\"@id\":\"https:\\\/\\\/www.telaled.com\\\/#website\"},\"primaryImageOfPage\":{\"@id\":\"https:\\\/\\\/www.telaled.com\\\/fabrica\\\/led-dome-screen-serie-tcc\\\/#primaryimage\"},\"image\":{\"@id\":\"https:\\\/\\\/www.telaled.com\\\/fabrica\\\/led-dome-screen-serie-tcc\\\/#primaryimage\"},\"thumbnailUrl\":\"https:\\\/\\\/www.telaled.com\\\/wp-content\\\/uploads\\\/2025\\\/09\\\/LED-Dome-Screen-Serie-TCC.webp\",\"datePublished\":\"2025-09-04T01:46:58+00:00\",\"dateModified\":\"2026-01-05T23:38:53+00:00\",\"description\":\"LED Dome Screen S\u00e9rie TCC com tecnologia de n\u00facleo 4D, modelos P1.45-P4 e di\u00e2metros de 5 a 35 m. Ideal para museus, planet\u00e1rios, exposi\u00e7\u00f5es, treinamentos e teatro imersivo\",\"breadcrumb\":{\"@id\":\"https:\\\/\\\/www.telaled.com\\\/fabrica\\\/led-dome-screen-serie-tcc\\\/#breadcrumb\"},\"inLanguage\":\"ko-KR\",\"potentialAction\":[{\"@type\":\"ReadAction\",\"target\":[\"https:\\\/\\\/www.telaled.com\\\/fabrica\\\/led-dome-screen-serie-tcc\\\/\"]}]},{\"@type\":\"ImageObject\",\"inLanguage\":\"ko-KR\",\"@id\":\"https:\\\/\\\/www.telaled.com\\\/fabrica\\\/led-dome-screen-serie-tcc\\\/#primaryimage\",\"url\":\"https:\\\/\\\/www.telaled.com\\\/wp-content\\\/uploads\\\/2025\\\/09\\\/LED-Dome-Screen-Serie-TCC.webp\",\"contentUrl\":\"https:\\\/\\\/www.telaled.com\\\/wp-content\\\/uploads\\\/2025\\\/09\\\/LED-Dome-Screen-Serie-TCC.webp\",\"width\":500,\"height\":500,\"caption\":\"LED-Dome-Screen-S\u00e9rie-TCC\"},{\"@type\":\"BreadcrumbList\",\"@id\":\"https:\\\/\\\/www.telaled.com\\\/fabrica\\\/led-dome-screen-serie-tcc\\\/#breadcrumb\",\"itemListElement\":[{\"@type\":\"ListItem\",\"position\":1,\"name\":\"Home\",\"item\":\"https:\\\/\\\/www.telaled.com\\\/\"},{\"@type\":\"ListItem\",\"position\":2,\"name\":\"Produtos\",\"item\":\"https:\\\/\\\/www.telaled.com\\\/shop\\\/\"},{\"@type\":\"ListItem\",\"position\":3,\"name\":\"LED Dome Screen S\u00e9rie TCC\"}]},{\"@type\":\"WebSite\",\"@id\":\"https:\\\/\\\/www.telaled.com\\\/#website\",\"url\":\"https:\\\/\\\/www.telaled.com\\\/\",\"name\":\"TELALED\",\"description\":\"\",\"potentialAction\":[{\"@type\":\"SearchAction\",\"target\":{\"@type\":\"EntryPoint\",\"urlTemplate\":\"https:\\\/\\\/www.telaled.com\\\/?s={search_term_string}\"},\"query-input\":{\"@type\":\"PropertyValueSpecification\",\"valueRequired\":true,\"valueName\":\"search_term_string\"}}],\"inLanguage\":\"ko-KR\"}]}<\/script>\n<!-- \/ Yoast SEO plugin. -->","yoast_head_json":{"title":"LED \ub3d4 \uc2a4\ud06c\ub9b0 TCC \uc2dc\ub9ac\uc988 | 4D \ubab0\uc785\ud615 \uc2dc\uac01 \uacbd\ud5d8 | TELALED","description":"4D \ucf54\uc5b4 \uae30\uc220\uc774 \uc801\uc6a9\ub41c TCC \uc2dc\ub9ac\uc988 LED \ub3d4 \uc2a4\ud06c\ub9b0(P1.45~P4 \ubaa8\ub378, \uc9c1\uacbd 5~35m). \ubc15\ubb3c\uad00, \ucc9c\ubb38\uad00, \uc804\uc2dc\ud68c, \uad50\uc721 \ubc0f \ubab0\uc785\ud615 \uadf9\uc7a5\uc5d0 \uc774\uc0c1\uc801\uc785\ub2c8\ub2e4.","robots":{"index":"index","follow":"follow","max-snippet":"max-snippet:-1","max-image-preview":"max-image-preview:large","max-video-preview":"max-video-preview:-1"},"canonical":"https:\/\/www.telaled.com\/ko\/fabrica\/led-dome-screen-serie-tcc\/","og_locale":"ko_KR","og_type":"article","og_title":"LED Dome Screen S\u00e9rie TCC | Experi\u00eancia Visual Imersiva 4D | TELALED","og_description":"LED Dome Screen S\u00e9rie TCC com tecnologia de n\u00facleo 4D, modelos P1.45-P4 e di\u00e2metros de 5 a 35 m. Ideal para museus, planet\u00e1rios, exposi\u00e7\u00f5es, treinamentos e teatro imersivo","og_url":"https:\/\/www.telaled.com\/ko\/fabrica\/led-dome-screen-serie-tcc\/","og_site_name":"TELALED","article_modified_time":"2026-01-05T23:38:53+00:00","og_image":[{"width":500,"height":500,"url":"https:\/\/www.telaled.com\/wp-content\/uploads\/2025\/09\/LED-Dome-Screen-Serie-TCC.webp","type":"image\/webp"}],"twitter_card":"summary_large_image","twitter_misc":{"\uc608\uc0c1 \ub418\ub294 \ud310\ub3c5 \uc2dc\uac04":"3\ubd84"},"schema":{"@context":"https:\/\/schema.org","@graph":[{"@type":"WebPage","@id":"https:\/\/www.telaled.com\/fabrica\/led-dome-screen-serie-tcc\/","url":"https:\/\/www.telaled.com\/fabrica\/led-dome-screen-serie-tcc\/","name":"LED \ub3d4 \uc2a4\ud06c\ub9b0 TCC \uc2dc\ub9ac\uc988 | 4D \ubab0\uc785\ud615 \uc2dc\uac01 \uacbd\ud5d8 | TELALED","isPartOf":{"@id":"https:\/\/www.telaled.com\/#website"},"primaryImageOfPage":{"@id":"https:\/\/www.telaled.com\/fabrica\/led-dome-screen-serie-tcc\/#primaryimage"},"image":{"@id":"https:\/\/www.telaled.com\/fabrica\/led-dome-screen-serie-tcc\/#primaryimage"},"thumbnailUrl":"https:\/\/www.telaled.com\/wp-content\/uploads\/2025\/09\/LED-Dome-Screen-Serie-TCC.webp","datePublished":"2025-09-04T01:46:58+00:00","dateModified":"2026-01-05T23:38:53+00:00","description":"4D \ucf54\uc5b4 \uae30\uc220\uc774 \uc801\uc6a9\ub41c TCC \uc2dc\ub9ac\uc988 LED \ub3d4 \uc2a4\ud06c\ub9b0(P1.45~P4 \ubaa8\ub378, \uc9c1\uacbd 5~35m). \ubc15\ubb3c\uad00, \ucc9c\ubb38\uad00, \uc804\uc2dc\ud68c, \uad50\uc721 \ubc0f \ubab0\uc785\ud615 \uadf9\uc7a5\uc5d0 \uc774\uc0c1\uc801\uc785\ub2c8\ub2e4.","breadcrumb":{"@id":"https:\/\/www.telaled.com\/fabrica\/led-dome-screen-serie-tcc\/#breadcrumb"},"inLanguage":"ko-KR","potentialAction":[{"@type":"ReadAction","target":["https:\/\/www.telaled.com\/fabrica\/led-dome-screen-serie-tcc\/"]}]},{"@type":"ImageObject","inLanguage":"ko-KR","@id":"https:\/\/www.telaled.com\/fabrica\/led-dome-screen-serie-tcc\/#primaryimage","url":"https:\/\/www.telaled.com\/wp-content\/uploads\/2025\/09\/LED-Dome-Screen-Serie-TCC.webp","contentUrl":"https:\/\/www.telaled.com\/wp-content\/uploads\/2025\/09\/LED-Dome-Screen-Serie-TCC.webp","width":500,"height":500,"caption":"LED-Dome-Screen-S\u00e9rie-TCC"},{"@type":"BreadcrumbList","@id":"https:\/\/www.telaled.com\/fabrica\/led-dome-screen-serie-tcc\/#breadcrumb","itemListElement":[{"@type":"ListItem","position":1,"name":"Home","item":"https:\/\/www.telaled.com\/"},{"@type":"ListItem","position":2,"name":"Produtos","item":"https:\/\/www.telaled.com\/shop\/"},{"@type":"ListItem","position":3,"name":"LED Dome Screen S\u00e9rie TCC"}]},{"@type":"WebSite","@id":"https:\/\/www.telaled.com\/#website","url":"https:\/\/www.telaled.com\/","name":"LED \uc2a4\ud06c\ub9b0","description":"","potentialAction":[{"@type":"SearchAction","target":{"@type":"EntryPoint","urlTemplate":"https:\/\/www.telaled.com\/?s={search_term_string}"},"query-input":{"@type":"PropertyValueSpecification","valueRequired":true,"valueName":"search_term_string"}}],"inLanguage":"ko-KR"}]}},"_links":{"self":[{"href":"https:\/\/www.telaled.com\/ko\/wp-json\/wp\/v2\/product\/3221","targetHints":{"allow":["GET"]}}],"collection":[{"href":"https:\/\/www.telaled.com\/ko\/wp-json\/wp\/v2\/product"}],"about":[{"href":"https:\/\/www.telaled.com\/ko\/wp-json\/wp\/v2\/types\/product"}],"wp:featuredmedia":[{"embeddable":true,"href":"https:\/\/www.telaled.com\/ko\/wp-json\/wp\/v2\/media\/3222"}],"wp:attachment":[{"href":"https:\/\/www.telaled.com\/ko\/wp-json\/wp\/v2\/media?parent=3221"}],"wp:term":[{"taxonomy":"product_brand","embeddable":true,"href":"https:\/\/www.telaled.com\/ko\/wp-json\/wp\/v2\/product_brand?post=3221"},{"taxonomy":"product_cat","embeddable":true,"href":"https:\/\/www.telaled.com\/ko\/wp-json\/wp\/v2\/product_cat?post=3221"},{"taxonomy":"product_tag","embeddable":true,"href":"https:\/\/www.telaled.com\/ko\/wp-json\/wp\/v2\/product_tag?post=3221"}],"curies":[{"name":"\uc6cc\ub4dc\ud504\ub808\uc2a4","href":"https:\/\/api.w.org\/{rel}","templated":true}]}}