{"id":3162,"date":"2025-08-27T09:40:42","date_gmt":"2025-08-27T09:40:42","guid":{"rendered":"https:\/\/www.telaled.com\/?post_type=product&#038;p=3162"},"modified":"2026-01-05T08:55:31","modified_gmt":"2026-01-05T08:55:31","slug":"telas-oled-transparentes-serie-thu","status":"publish","type":"product","link":"https:\/\/www.telaled.com\/ko\/fabrica\/telas-oled-transparentes-serie-thu\/","title":{"rendered":"\ud22c\uba85 OLED \ub514\uc2a4\ud50c\ub808\uc774 THU \uc2dc\ub9ac\uc988"},"content":{"rendered":"<div class=\"row\"  id=\"row-1230651681\">\n\n\t<div id=\"col-132518809\" class=\"col small-12 large-12\"  >\n\t\t\t\t<div class=\"col-inner\"  >\n\t\t\t\n\t\t\t\n<h2>THU \uc2dc\ub9ac\uc988 \ud22c\uba85 OLED \ub514\uc2a4\ud50c\ub808\uc774\uc758 \ub3c5\uc810\uc801 \uc7a5\uc810<\/h2>\n<h3><strong>\ub6f0\uc5b4\ub09c \ub0b4\uad6c\uc131<\/strong><\/h3>\n<ul>\n<li>\uac15\ud654 \uc720\ub9ac \uc804\uba74: \ub6f0\uc5b4\ub09c \ucda9\uaca9 \ubcf4\ud638 \uae30\ub2a5\uc744 \uc81c\uacf5\ud558\uc5ec \ud654\uba74\uc774 \uc678\ubd80 \ucda9\uaca9\uacfc \uc9c4\ub3d9\uc744 \uacac\ub51c \uc218 \uc788\ub3c4\ub85d \ubcf4\uc7a5\ud569\ub2c8\ub2e4.<\/li>\n<li>\uacac\uace0\ud55c \ub514\uc790\uc778: \ud639\ub3c5\ud55c \ud658\uacbd\uc744 \uacac\ub51c \uc218 \uc788\ub3c4\ub85d \uc124\uacc4\ub418\uc5b4 \uc2e4\ub0b4\uc640 \uc2e4\uc678 \ubaa8\ub450\uc5d0 \uc801\ud569\ud569\ub2c8\ub2e4.<\/li>\n<li>\uc720\uc9c0 \uad00\ub9ac \ube44\uc6a9 \uc808\uac10: \uc790\uccb4 \ubc1c\uad11 OLED \uae30\uc220\uc740 \uc7a6\uc740 \uc720\uc9c0 \uad00\ub9ac \ud544\uc694\uc131\uc744 \uc904\uc5ec \uc624\ub798 \uc9c0\uc18d\ub418\ub294 \uc194\ub8e8\uc158\uc744 \uc81c\uacf5\ud569\ub2c8\ub2e4.<\/li>\n<\/ul>\n<h3><strong>\ub6f0\uc5b4\ub09c \uc2dc\uac01\uc801 \ud488\uc9c8<\/strong><\/h3>\n<ul>\n<li>\uace0\ud654\uc9c8: 1920 x 1080 \ud53d\uc140 \ud574\uc0c1\ub3c4\uc640 16:9 \uc885\ud6a1\ube44\uac00 \uc120\uba85\ud55c \uc774\ubbf8\uc9c0\uc640 \uc0dd\uc0dd\ud55c \uc0c9\uc0c1\uc744 \uc81c\uacf5\ud569\ub2c8\ub2e4.<\/li>\n<li>\uae4a\uc740 \uac80\uc740\uc0c9\uacfc \ub192\uc740 \ub300\ube44: OLED \uae30\uc220\uc740 \ub354 \ub098\uc740 \ud654\uc9c8\uc744 \uc704\ud574 \ud48d\ubd80\ud55c \uac80\uc740\uc0c9\uacfc \ub192\uc740 \ub300\ube44\ub97c \ubcf4\uc7a5\ud569\ub2c8\ub2e4.<\/li>\n<li>\ub113\uc740 \uc2dc\uc57c\uac01: \ub2e4\uc591\ud55c \uac01\ub3c4\uc5d0\uc11c\ub3c4 \ud0c1\uc6d4\ud55c \uc0c9\uc0c1 \uc815\ud655\ub3c4\uc640 \uc774\ubbf8\uc9c0 \uc120\uba85\ub3c4\ub97c \uc720\uc9c0\ud569\ub2c8\ub2e4.<\/li>\n<li>\uc6d0\ud65c\ud55c \ud1b5\ud569: 38%\uc758 \ub192\uc740 \ud22c\uacfc\uc728\uc740 \ud654\uba74 \ub4a4\uc5d0 \uc788\ub294 \ubb3c\uccb4\uc640 \ucf58\ud150\uce20\ub97c \uc644\ubcbd\ud558\uac8c \uc735\ud569\ud558\uc5ec \ubab0\uc785\uac10 \ub118\uce58\ub294 \uc2dc\uac01\uc801 \uacbd\ud5d8\uc744 \uc120\uc0ac\ud569\ub2c8\ub2e4.<\/li>\n<\/ul>\n<h3><strong>\uc644\ubcbd\ud55c \uc801\uc751\ub825<\/strong><\/h3>\n<ul>\n<li>\uc0ac\uc6a9\uc790 \uc815\uc758 \uac00\ub2a5\ud55c \ub514\uc790\uc778: \ub2e4\uc591\ud55c \uc694\uad6c \uc0ac\ud56d\uc744 \ucda9\uc871\ud558\uae30 \uc704\ud574 \ud654\uba74 \ud06c\uae30\uc640 \ub2e4\uc911 \ud654\uba74 \uad6c\uc131\uc5d0 \uc788\uc5b4 \uc720\uc5f0\uc131\uc744 \uc81c\uacf5\ud569\ub2c8\ub2e4.<\/li>\n<li>\ubaa8\ub4c8\uc2dd \ud1b5\ud569: \uc18c\ub9e4, \uc6b4\uc1a1, \ucc3d\uc758\uc801 \uc124\ube44 \ub4f1 \ub2e4\uc591\ud55c \ud658\uacbd\uc5d0 \uc27d\uac8c \ud1b5\ud569\ud560 \uc218 \uc788\uc2b5\ub2c8\ub2e4.<\/li>\n<li>\ub3d9\uc801 \uae30\ub2a5: \ub2e4\uc591\ud55c \ud504\ub808\uc820\ud14c\uc774\uc158\uc744 \uc704\ud574 \uc774\ubbf8\uc9c0 \ud68c\uc804, \ubc18\ubcf5 \uc7ac\uc0dd, \uc2dc\uac04 \uc9c0\uc815 \uc7ac\uc0dd\uc744 \uc9c0\uc6d0\ud569\ub2c8\ub2e4.<\/li>\n<li>\uc720\uc5f0\ud55c \ucf58\ud150\uce20 \ud615\uc2dd: \ub2e4\uc591\ud55c \ucf58\ud150\uce20 \uc720\ud615\uc5d0 \uc801\uc751\ud558\uc5ec \uc5ec\ub7ec \ud658\uacbd\uc5d0\uc11c \uc0ac\uc6a9\uc790 \ucc38\uc5ec\ub97c \uac1c\uc120\ud560 \uc218 \uc788\uc2b5\ub2c8\ub2e4.<\/li>\n<\/ul>\n<h3><strong>\uc885\ud569 \uc9c0\uc6d0<\/strong><\/h3>\n<ul>\n<li>24\uc2dc\uac04 \uc5f0\uc911\ubb34\ud734 \uc6d0\uaca9 \uae30\uc220 \uc9c0\uc6d0: \uc5b8\uc81c \uc5b4\ub514\uc11c\ub098 \uc804\ubb38\uac00\uc758 \ub3c4\uc6c0\uc744 \ubc1b\uc73c\uc138\uc694.<\/li>\n<li>5%\uc758 \uc608\ube44 \ubd80\ud488\uc774 \ud3ec\ud568\ub418\uc5b4 \uc788\uc2b5\ub2c8\ub2e4. \uac01 \uc8fc\ubb38\uc5d0\ub294 \uc2e0\ub8b0\uc131\uc744 \ub192\uc774\uace0 \uc548\uc2ec\uc744 \uc81c\uacf5\ud558\ub294 \ucd94\uac00 \uad6c\uc131 \uc694\uc18c\uac00 \ud3ec\ud568\ub418\uc5b4 \uc788\uc2b5\ub2c8\ub2e4.<\/li>\n<li>3\ub144 \uc5f0\uc7a5 \ubcf4\uc99d: \ub354 \ub098\uc740 \uc131\ub2a5\uacfc \uc548\uc815\uc801\uc778 \uc11c\ube44\uc2a4\ub97c \uc704\ud55c \uc7a5\uae30\uc801\uc778 \uc735\ud569\uc744 \uc990\uaca8\ubcf4\uc138\uc694.<\/li>\n<\/ul>\n<h2>\uc81c\ud488 \uc0c1\uc138 \uc815\ubcf4<\/h2>\n<div class=\"row\"  id=\"row-1422695607\">\n\n\t<div id=\"col-448545938\" class=\"col medium-10 small-12 large-10\"  >\n\t\t\t\t<div class=\"col-inner text-left\"  >\n\t\t\t\n\t\t\t\n<ul>\n<li>\uc635\ud2f0\uceec \ubcf8\ub529 \uae30\uc220\uc774 \uc801\uc6a9\ub418\uc5b4 \uace0\uc131\ub2a5 \ub514\uc2a4\ud50c\ub808\uc774 \uc194\ub8e8\uc158\uc774 \ud544\uc694\ud55c \uc0b0\uc5c5\uc5d0 \uc801\ud569\ud569\ub2c8\ub2e4. \uc774 \ucca8\ub2e8 \uae30\uc220\uc740 \ub208\ubd80\uc2ec\uc744 \uc904\uc774\uace0 \ubc1d\uae30\uc640 \uc120\uba85\ub3c4\ub97c \ub192\uc774\uba70 \ub514\uc2a4\ud50c\ub808\uc774 \ub0b4\uad6c\uc131\uc744 \uc5f0\uc7a5\ud569\ub2c8\ub2e4. \ub610\ud55c \uc2dc\uc57c\uac01\uc744 \uac1c\uc120\ud558\uc5ec \ud0c1\uc6d4\ud55c \uc2dc\uccad \uacbd\ud5d8\uc744 \uc81c\uacf5\ud569\ub2c8\ub2e4.<\/li>\n<\/ul>\n\t<div class=\"img has-hover x md-x lg-x y md-y lg-y\" id=\"image_1551473867\">\n\t\t\t\t\t\t\t\t<div class=\"img-inner dark\" >\n\t\t\t<img loading=\"lazy\" decoding=\"async\" width=\"1000\" height=\"400\" src=\"https:\/\/www.telaled.com\/wp-content\/uploads\/2025\/08\/Tecnologia-de-colagem-optica.webp\" class=\"attachment-original size-original\" alt=\"\uad11\ud559\uc801 \uacb0\ud569 \uae30\uc220\" srcset=\"https:\/\/www.telaled.com\/wp-content\/uploads\/2025\/08\/Tecnologia-de-colagem-optica.webp 1000w, https:\/\/www.telaled.com\/wp-content\/uploads\/2025\/08\/Tecnologia-de-colagem-optica-300x120.webp 300w, https:\/\/www.telaled.com\/wp-content\/uploads\/2025\/08\/Tecnologia-de-colagem-optica-768x307.webp 768w, https:\/\/www.telaled.com\/wp-content\/uploads\/2025\/08\/Tecnologia-de-colagem-optica-18x7.webp 18w, https:\/\/www.telaled.com\/wp-content\/uploads\/2025\/08\/Tecnologia-de-colagem-optica-600x240.webp 600w\" sizes=\"auto, (max-width: 1000px) 100vw, 1000px\" \/>\t\t\t\t\t\t\n\t\t\t\t\t<\/div>\n\t\t\t\t\t\t\t\t\n<style>\n#image_1551473867 {\n  width: 95%;\n}\n<\/style>\n\t<\/div>\n\t\n<ul>\n<li>\uc790\uccb4 \ubc1c\uad11 \uae30\uc220\uc744 \uc0ac\uc6a9\ud558\uc5ec 38% \ud22c\uacfc\uc728\ub85c \uc120\uba85\ud55c \uc0c9\uc0c1\uc744 \uad6c\ud604\ud569\ub2c8\ub2e4. \ub514\uc9c0\ud138 \ucf58\ud150\uce20\uc640 \uc2e4\uc81c \uc0ac\ubb3c\uc744 \uacb0\ud569\ud558\uc5ec \ud55c \uac01\ub3c4\uc5d0\uc11c\ub9cc \ubcfc \uc218 \uc788\ub3c4\ub85d \ud558\uba74\uc11c\ub3c4 \ub6f0\uc5b4\ub09c \ud654\uc9c8\uacfc \ub113\uc740 \uc2dc\uc57c\uac01\uc744 \uc720\uc9c0\ud569\ub2c8\ub2e4.<\/li>\n<\/ul>\n\t\t<\/div>\n\t\t\t\t\t<\/div>\n\n\t\n\n\t<div id=\"col-1072124938\" class=\"col medium-10 small-12 large-10\"  >\n\t\t\t\t<div class=\"col-inner text-left\"  >\n\t\t\t\n\t\t\t\n\t<div class=\"img has-hover x md-x lg-x y md-y lg-y\" id=\"image_930619056\">\n\t\t\t\t\t\t\t\t<div class=\"img-inner dark\" >\n\t\t\t<img loading=\"lazy\" decoding=\"async\" width=\"989\" height=\"500\" src=\"https:\/\/www.telaled.com\/wp-content\/uploads\/2025\/08\/Alta-Transmitancia.webp\" class=\"attachment-large size-large\" alt=\"\" srcset=\"https:\/\/www.telaled.com\/wp-content\/uploads\/2025\/08\/Alta-Transmitancia.webp 989w, https:\/\/www.telaled.com\/wp-content\/uploads\/2025\/08\/Alta-Transmitancia-300x152.webp 300w, https:\/\/www.telaled.com\/wp-content\/uploads\/2025\/08\/Alta-Transmitancia-768x388.webp 768w, https:\/\/www.telaled.com\/wp-content\/uploads\/2025\/08\/Alta-Transmitancia-18x9.webp 18w, https:\/\/www.telaled.com\/wp-content\/uploads\/2025\/08\/Alta-Transmitancia-600x303.webp 600w\" sizes=\"auto, (max-width: 989px) 100vw, 989px\" \/>\t\t\t\t\t\t\n\t\t\t\t\t<\/div>\n\t\t\t\t\t\t\t\t\n<style>\n#image_930619056 {\n  width: 95%;\n}\n<\/style>\n\t<\/div>\n\t\n<ul>\n<li>\uc720\uc5f0\ud558\uace0 \ud655\uc7a5 \uac00\ub2a5\ud55c \uc194\ub8e8\uc158\uc744 \uc81c\uacf5\ud558\uc5ec \uc0ac\uc6a9\uc790\uc758 \uc815\ud655\ud55c \uc694\uad6c\uc5d0 \ub9de\ucdb0 \ub514\uc2a4\ud50c\ub808\uc774\ub97c \ub9de\ucda4 \uc124\uc815\ud560 \uc218 \uc788\uc2b5\ub2c8\ub2e4. \ud2b9\uc815 \ud06c\uae30 \ub610\ub294 \ub2e4\uc911 \ud654\uba74 \uad6c\uc131\uc5d0 \uad00\uacc4\uc5c6\uc774, \uc774 \uc801\uc751\ud615 \ubaa8\ub2c8\ud130\ub294 \uc5ed\ub3d9\uc801\uc774\uace0 \ub3c5\ud2b9\ud55c \uc2dc\uac01\uc801 \uacbd\ud5d8\uc744 \uc81c\uacf5\ud558\ub3c4\ub85d \ub9de\ucda4 \uc124\uc815\ud560 \uc218 \uc788\uc2b5\ub2c8\ub2e4.<\/li>\n<\/ul>\n\t<div class=\"img has-hover x md-x lg-x y md-y lg-y\" id=\"image_428506544\">\n\t\t\t\t\t\t\t\t<div class=\"img-inner dark\" >\n\t\t\t<img loading=\"lazy\" decoding=\"async\" width=\"1020\" height=\"592\" src=\"https:\/\/www.telaled.com\/wp-content\/uploads\/2025\/08\/Design-personalizavel-e-escalavel-1024x594.webp\" class=\"attachment-large size-large\" alt=\"\uc0ac\uc6a9\uc790 \uc815\uc758 \ubc0f \ud655\uc7a5 \uac00\ub2a5\ud55c \ub514\uc790\uc778\" srcset=\"https:\/\/www.telaled.com\/wp-content\/uploads\/2025\/08\/Design-personalizavel-e-escalavel-1024x594.webp 1024w, https:\/\/www.telaled.com\/wp-content\/uploads\/2025\/08\/Design-personalizavel-e-escalavel-300x174.webp 300w, https:\/\/www.telaled.com\/wp-content\/uploads\/2025\/08\/Design-personalizavel-e-escalavel-768x446.webp 768w, https:\/\/www.telaled.com\/wp-content\/uploads\/2025\/08\/Design-personalizavel-e-escalavel-18x10.webp 18w, https:\/\/www.telaled.com\/wp-content\/uploads\/2025\/08\/Design-personalizavel-e-escalavel-600x348.webp 600w, https:\/\/www.telaled.com\/wp-content\/uploads\/2025\/08\/Design-personalizavel-e-escalavel.webp 1034w\" sizes=\"auto, (max-width: 1020px) 100vw, 1020px\" \/>\t\t\t\t\t\t\n\t\t\t\t\t<\/div>\n\t\t\t\t\t\t\t\t\n<style>\n#image_428506544 {\n  width: 95%;\n}\n<\/style>\n\t<\/div>\n\t\n\t\t<\/div>\n\t\t\t\t\t<\/div>\n\n\t\n\n\t<div id=\"col-582436300\" class=\"col medium-10 small-12 large-10\"  >\n\t\t\t\t<div class=\"col-inner text-left\"  >\n\t\t\t\n\t\t\t\n<ul>\n<li>\uc6b0\ub9ac \uac83 <a href=\"https:\/\/www.telaled.com\/ko\/?attachment_id=3175\">LED \ub514\uc2a4\ud50c\ub808\uc774<\/a> \uc81c\ud488\ub4e4\uc740 \uc0ac\uc591 \ubc0f \uc6a9\ub3c4\uc5d0 \ub530\ub77c \uc138\uc2ec\ud558\uac8c \ud3ec\uc7a5\ub429\ub2c8\ub2e4. \uc870\ub9bd\ub41c \uc81c\ud488\uc740 \uc6b4\uc1a1 \uc911 \ud30c\uc190\uc744 \ubc29\uc9c0\ud558\uae30 \uc704\ud574 \uac15\ud654 \ubaa9\uc7ac \uc0c1\uc790\ub098 \uacac\uace0\ud55c \uace8\ud310\uc9c0 \uc0c1\uc790\uc5d0 \ud3ec\uc7a5\ub418\ub294 \uac83\uc774 \uc77c\ubc18\uc801\uc785\ub2c8\ub2e4. \uba3c\uc9c0 \ubc0f \uae30\ud0c0 \uc7a0\uc7ac\uc801 \uc704\ud5d8\uc73c\ub85c\ubd80\ud130 \ubcf4\ud638\ud558\uae30 \uc704\ud574 LED \ubaa8\ub4c8\uc740 \ubcf4\ud638 \uc6a9\uae30\uc5d0 \ud3ec\uc7a5\ub418\uc5b4 \ucde8\uae09 \ubc0f \uc6b4\uc1a1 \uc911 \ub0b4\uad6c\uc131\uacfc \uc548\uc804\uc131\uc744 \ubcf4\uc7a5\ud569\ub2c8\ub2e4.<\/li>\n<\/ul>\n\t<div class=\"img has-hover x md-x lg-x y md-y lg-y\" id=\"image_1432014420\">\n\t\t\t\t\t\t\t\t<div class=\"img-inner dark\" >\n\t\t\t<img loading=\"lazy\" decoding=\"async\" width=\"760\" height=\"1024\" src=\"https:\/\/www.telaled.com\/wp-content\/uploads\/2025\/08\/36123f2c-de60-488d-af81-255cd4aee54a-760x1024.webp\" class=\"attachment-large size-large\" alt=\"\" srcset=\"https:\/\/www.telaled.com\/wp-content\/uploads\/2025\/08\/36123f2c-de60-488d-af81-255cd4aee54a-760x1024.webp 760w, https:\/\/www.telaled.com\/wp-content\/uploads\/2025\/08\/36123f2c-de60-488d-af81-255cd4aee54a-223x300.webp 223w, https:\/\/www.telaled.com\/wp-content\/uploads\/2025\/08\/36123f2c-de60-488d-af81-255cd4aee54a-768x1035.webp 768w, https:\/\/www.telaled.com\/wp-content\/uploads\/2025\/08\/36123f2c-de60-488d-af81-255cd4aee54a-9x12.webp 9w, https:\/\/www.telaled.com\/wp-content\/uploads\/2025\/08\/36123f2c-de60-488d-af81-255cd4aee54a-600x808.webp 600w, https:\/\/www.telaled.com\/wp-content\/uploads\/2025\/08\/36123f2c-de60-488d-af81-255cd4aee54a.webp 795w\" sizes=\"auto, (max-width: 760px) 100vw, 760px\" \/>\t\t\t\t\t\t\n\t\t\t\t\t<\/div>\n\t\t\t\t\t\t\t\t\n<style>\n#image_1432014420 {\n  width: 95%;\n}\n<\/style>\n\t<\/div>\n\t\n\t\t<\/div>\n\t\t\t\t\t<\/div>\n\n\t\n<\/div>\n\t\t<\/div>\n\t\t\t\t\t<\/div>\n\n\t\n<\/div>","protected":false},"excerpt":{"rendered":"<p><strong>THU \uc2dc\ub9ac\uc988 \ud22c\uba85 OLED \ub514\uc2a4\ud50c\ub808\uc774: \ud0c1\uc6d4\ud55c \uc120\uba85\ub3c4\uc640 \ub0b4\uad6c\uc131<\/strong><\/p>\n<p>\uc2a4\ud06c\ub9b0 <strong><em>\ud22c\uba85 OLED THI \uc2dc\ub9ac\uc988<\/em> <\/strong>\ud601\uc2e0\uc801\uc778 \uace0\ud718\ub3c4 \uae30\ub2a5, \ud0c1\uc6d4\ud55c \ud22c\uba85\ub3c4, \uac15\ud654 \uc720\ub9ac \ubcf4\ud638 \uae30\ub2a5\uc744 \uc81c\uacf5\ud558\ub294 \uc774 \ucd5c\ucca8\ub2e8 \ub514\uc2a4\ud50c\ub808\uc774\ub294 \ubaa8\ub4e0 \ud604\ub300\uc801\uc778 \uacf5\uac04\uc5d0\uc11c \uc5ed\ub3d9\uc801\uc774\uace0 \uc720\ub824\ud55c \ucf58\ud150\uce20 \ud45c\ud604\uc5d0 \ucd5c\uc801\uc785\ub2c8\ub2e4.<\/p>\n<p><strong>\uc8fc\uc694 \ud2b9\uc9d5:<\/strong><\/p>\n<ul>\n<li><strong>\ud0c1\uc6d4\ud55c \ud22c\uba85\uc131:<\/strong> 40% \ud22c\uba85 \ud328\ub110\uc740 \ubaa8\ub2c8\ud130 \ub4a4\uc5d0\uc11c\ub3c4 \uc120\uba85\ud55c \ud654\uba74\uc744 \uc81c\uacf5\ud558\uc5ec \uc5ed\ub3d9\uc801\uc778 \ucf58\ud150\uce20 \ud1b5\ud569\uc5d0 \uc801\ud569\ud569\ub2c8\ub2e4.<\/li>\n<li><strong>\uc778\uc0c1\uc801\uc778 \uc2dc\uac01\uc801 \ud488\uc9c8:<\/strong> \ud574\uacb0 <a href=\"https:\/\/www.telaled.com\/ko\/fabrica\/painel-led-full-hd-da-serie-the\/\">\ud480 HD<\/a> 1920\u00d71080 \ud574\uc0c1\ub3c4\uc5d0 \uc0dd\uc0dd\ud55c \uc0c9\uc0c1\uacfc \uae4a\uc740 \uac80\uc815\uc0c9\uc744 \ud45c\ud604\ud569\ub2c8\ub2e4.<\/li>\n<li><strong>\ub0b4\uad6c\uc131\uc774 \ub6f0\uc5b4\ub098\uace0 \ucda9\uaca9\uc5d0 \uac15\ud569\ub2c8\ub2e4.<\/strong> \ub0b4\uad6c\uc131\uacfc \ucda9\uaca9 \uc800\ud56d\uc131\uc744 \ub192\uc774\uae30 \uc704\ud574 4mm \uac15\ud654\uc720\ub9ac\ub97c \uc0ac\uc6a9\ud588\uc2b5\ub2c8\ub2e4.<\/li>\n<li><strong>\ub3d9\uc801 \ucf58\ud150\uce20\uc758 \uc720\uc5f0\uc131:<\/strong> \uc774 \uae30\ub2a5\uc5d0\ub294 \ub04a\uae40 \uc5c6\ub294 \uc774\ubbf8\uc9c0 \uc5f0\uacb0, \uc774\ubbf8\uc9c0 \ud68c\uc804 \ubc0f \uc2dc\uac04 \uc124\uc815 \uc7ac\uc0dd\uacfc \uac19\uc740 \ub300\ud654\ud615 \ub514\uc2a4\ud50c\ub808\uc774\ub97c \uc704\ud55c \uae30\ub2a5\uc774 \ud3ec\ud568\ub429\ub2c8\ub2e4.<\/li>\n<\/ul>\n<p>24\uc2dc\uac04 \uc5f0\uc911\ubb34\ud734 \uc6d0\uaca9 \uc9c0\uc6d0\uacfc 3\ub144 \ubcf4\uc99d\uc744 \uc81c\uacf5\ud569\ub2c8\ub2e4. \ub9de\ucda4 \uacac\uc801\uc744 \uc6d0\ud558\uc2dc\uba74 \ubb38\uc758\ud574 \uc8fc\uc138\uc694.<\/p>","protected":false},"featured_media":3166,"template":"","meta":[],"product_brand":[],"product_cat":[40,45],"product_tag":[],"class_list":{"0":"post-3162","1":"product","2":"type-product","3":"status-publish","4":"has-post-thumbnail","6":"product_cat-painel-de-led","7":"product_cat-painel-de-led-transparente","9":"first","10":"instock","11":"shipping-taxable","12":"product-type-simple"},"yoast_head":"<!-- This site is optimized with the Yoast SEO plugin v27.5 - https:\/\/yoast.com\/product\/yoast-seo-wordpress\/ -->\n<title>Telas OLED Transparentes\u200b S\u00e9rie THU | Exibi\u00e7\u00e3o de Alta Clareza e Durabilidade |TELALED<\/title>\n<meta name=\"description\" content=\"Telas OLED Transparentes\u200b S\u00e9rie THU com brilho excepcional, alta transpar\u00eancia e prote\u00e7\u00e3o em vidro temperado. Perfeitas para apresenta\u00e7\u00f5es de conte\u00fado din\u00e2micas e flex\u00edveis. Entre em contato para obter solu\u00e7\u00f5es.\" \/>\n<meta name=\"robots\" content=\"index, follow, max-snippet:-1, max-image-preview:large, max-video-preview:-1\" \/>\n<link rel=\"canonical\" href=\"https:\/\/www.telaled.com\/ko\/fabrica\/telas-oled-transparentes-serie-thu\/\" \/>\n<meta property=\"og:locale\" content=\"ko_KR\" \/>\n<meta property=\"og:type\" content=\"article\" \/>\n<meta property=\"og:title\" content=\"Telas OLED Transparentes\u200b S\u00e9rie THU | Exibi\u00e7\u00e3o de Alta Clareza e Durabilidade |TELALED\" \/>\n<meta property=\"og:description\" content=\"Telas OLED Transparentes\u200b S\u00e9rie THU com brilho excepcional, alta transpar\u00eancia e prote\u00e7\u00e3o em vidro temperado. Perfeitas para apresenta\u00e7\u00f5es de conte\u00fado din\u00e2micas e flex\u00edveis. Entre em contato para obter solu\u00e7\u00f5es.\" \/>\n<meta property=\"og:url\" content=\"https:\/\/www.telaled.com\/ko\/fabrica\/telas-oled-transparentes-serie-thu\/\" \/>\n<meta property=\"og:site_name\" content=\"TELALED\" \/>\n<meta property=\"article:modified_time\" content=\"2026-01-05T08:55:31+00:00\" \/>\n<meta property=\"og:image\" content=\"https:\/\/www.telaled.com\/wp-content\/uploads\/2025\/08\/telas-oled-transparentes_.jpg\" \/>\n\t<meta property=\"og:image:width\" content=\"500\" \/>\n\t<meta property=\"og:image:height\" content=\"500\" \/>\n\t<meta property=\"og:image:type\" content=\"image\/jpeg\" \/>\n<meta name=\"twitter:card\" content=\"summary_large_image\" \/>\n<meta name=\"twitter:label1\" content=\"\uc608\uc0c1 \ub418\ub294 \ud310\ub3c5 \uc2dc\uac04\" \/>\n\t<meta name=\"twitter:data1\" content=\"3\ubd84\" \/>\n<script type=\"application\/ld+json\" class=\"yoast-schema-graph\">{\"@context\":\"https:\\\/\\\/schema.org\",\"@graph\":[{\"@type\":\"WebPage\",\"@id\":\"https:\\\/\\\/www.telaled.com\\\/fabrica\\\/telas-oled-transparentes-serie-thu\\\/\",\"url\":\"https:\\\/\\\/www.telaled.com\\\/fabrica\\\/telas-oled-transparentes-serie-thu\\\/\",\"name\":\"Telas OLED Transparentes\u200b S\u00e9rie THU | Exibi\u00e7\u00e3o de Alta Clareza e Durabilidade |TELALED\",\"isPartOf\":{\"@id\":\"https:\\\/\\\/www.telaled.com\\\/#website\"},\"primaryImageOfPage\":{\"@id\":\"https:\\\/\\\/www.telaled.com\\\/fabrica\\\/telas-oled-transparentes-serie-thu\\\/#primaryimage\"},\"image\":{\"@id\":\"https:\\\/\\\/www.telaled.com\\\/fabrica\\\/telas-oled-transparentes-serie-thu\\\/#primaryimage\"},\"thumbnailUrl\":\"https:\\\/\\\/www.telaled.com\\\/wp-content\\\/uploads\\\/2025\\\/08\\\/telas-oled-transparentes_.jpg\",\"datePublished\":\"2025-08-27T09:40:42+00:00\",\"dateModified\":\"2026-01-05T08:55:31+00:00\",\"description\":\"Telas OLED Transparentes\u200b S\u00e9rie THU com brilho excepcional, alta transpar\u00eancia e prote\u00e7\u00e3o em vidro temperado. Perfeitas para apresenta\u00e7\u00f5es de conte\u00fado din\u00e2micas e flex\u00edveis. Entre em contato para obter solu\u00e7\u00f5es.\",\"breadcrumb\":{\"@id\":\"https:\\\/\\\/www.telaled.com\\\/fabrica\\\/telas-oled-transparentes-serie-thu\\\/#breadcrumb\"},\"inLanguage\":\"ko-KR\",\"potentialAction\":[{\"@type\":\"ReadAction\",\"target\":[\"https:\\\/\\\/www.telaled.com\\\/fabrica\\\/telas-oled-transparentes-serie-thu\\\/\"]}]},{\"@type\":\"ImageObject\",\"inLanguage\":\"ko-KR\",\"@id\":\"https:\\\/\\\/www.telaled.com\\\/fabrica\\\/telas-oled-transparentes-serie-thu\\\/#primaryimage\",\"url\":\"https:\\\/\\\/www.telaled.com\\\/wp-content\\\/uploads\\\/2025\\\/08\\\/telas-oled-transparentes_.jpg\",\"contentUrl\":\"https:\\\/\\\/www.telaled.com\\\/wp-content\\\/uploads\\\/2025\\\/08\\\/telas-oled-transparentes_.jpg\",\"width\":500,\"height\":500,\"caption\":\"telas-oled-transparentes_\"},{\"@type\":\"BreadcrumbList\",\"@id\":\"https:\\\/\\\/www.telaled.com\\\/fabrica\\\/telas-oled-transparentes-serie-thu\\\/#breadcrumb\",\"itemListElement\":[{\"@type\":\"ListItem\",\"position\":1,\"name\":\"Home\",\"item\":\"https:\\\/\\\/www.telaled.com\\\/\"},{\"@type\":\"ListItem\",\"position\":2,\"name\":\"Produtos\",\"item\":\"https:\\\/\\\/www.telaled.com\\\/shop\\\/\"},{\"@type\":\"ListItem\",\"position\":3,\"name\":\"Telas OLED Transparentes\u200b S\u00e9rie THU\"}]},{\"@type\":\"WebSite\",\"@id\":\"https:\\\/\\\/www.telaled.com\\\/#website\",\"url\":\"https:\\\/\\\/www.telaled.com\\\/\",\"name\":\"TELALED\",\"description\":\"\",\"potentialAction\":[{\"@type\":\"SearchAction\",\"target\":{\"@type\":\"EntryPoint\",\"urlTemplate\":\"https:\\\/\\\/www.telaled.com\\\/?s={search_term_string}\"},\"query-input\":{\"@type\":\"PropertyValueSpecification\",\"valueRequired\":true,\"valueName\":\"search_term_string\"}}],\"inLanguage\":\"ko-KR\"}]}<\/script>\n<!-- \/ Yoast SEO plugin. -->","yoast_head_json":{"title":"\ud22c\uba85 OLED \ub514\uc2a4\ud50c\ub808\uc774 THU \uc2dc\ub9ac\uc988 | \ub192\uc740 \uc120\uba85\ub3c4\uc640 \ub0b4\uad6c\uc131\uc744 \uac16\ucd98 \ub514\uc2a4\ud50c\ub808\uc774 |TELALED","description":"THU \uc2dc\ub9ac\uc988 \ud22c\uba85 OLED \ub514\uc2a4\ud50c\ub808\uc774\ub294 \ud0c1\uc6d4\ud55c \ubc1d\uae30, \ub192\uc740 \ud22c\uba85\ub3c4, \uadf8\ub9ac\uace0 \uac15\ud654 \uc720\ub9ac \ubcf4\ud638 \uae30\ub2a5\uc744 \uac16\ucd94\uace0 \uc788\uc2b5\ub2c8\ub2e4. \uc5ed\ub3d9\uc801\uc774\uace0 \uc720\uc5f0\ud55c \ucf58\ud150\uce20 \ud504\ub808\uc820\ud14c\uc774\uc158\uc5d0 \uc801\ud569\ud569\ub2c8\ub2e4. \uc194\ub8e8\uc158\uc774 \ud544\uc694\ud558\uc2dc\uba74 \ubb38\uc758\ud574 \uc8fc\uc138\uc694.","robots":{"index":"index","follow":"follow","max-snippet":"max-snippet:-1","max-image-preview":"max-image-preview:large","max-video-preview":"max-video-preview:-1"},"canonical":"https:\/\/www.telaled.com\/ko\/fabrica\/telas-oled-transparentes-serie-thu\/","og_locale":"ko_KR","og_type":"article","og_title":"Telas OLED Transparentes\u200b S\u00e9rie THU | Exibi\u00e7\u00e3o de Alta Clareza e Durabilidade |TELALED","og_description":"Telas OLED Transparentes\u200b S\u00e9rie THU com brilho excepcional, alta transpar\u00eancia e prote\u00e7\u00e3o em vidro temperado. Perfeitas para apresenta\u00e7\u00f5es de conte\u00fado din\u00e2micas e flex\u00edveis. Entre em contato para obter solu\u00e7\u00f5es.","og_url":"https:\/\/www.telaled.com\/ko\/fabrica\/telas-oled-transparentes-serie-thu\/","og_site_name":"TELALED","article_modified_time":"2026-01-05T08:55:31+00:00","og_image":[{"width":500,"height":500,"url":"https:\/\/www.telaled.com\/wp-content\/uploads\/2025\/08\/telas-oled-transparentes_.jpg","type":"image\/jpeg"}],"twitter_card":"summary_large_image","twitter_misc":{"\uc608\uc0c1 \ub418\ub294 \ud310\ub3c5 \uc2dc\uac04":"3\ubd84"},"schema":{"@context":"https:\/\/schema.org","@graph":[{"@type":"WebPage","@id":"https:\/\/www.telaled.com\/fabrica\/telas-oled-transparentes-serie-thu\/","url":"https:\/\/www.telaled.com\/fabrica\/telas-oled-transparentes-serie-thu\/","name":"\ud22c\uba85 OLED \ub514\uc2a4\ud50c\ub808\uc774 THU \uc2dc\ub9ac\uc988 | \ub192\uc740 \uc120\uba85\ub3c4\uc640 \ub0b4\uad6c\uc131\uc744 \uac16\ucd98 \ub514\uc2a4\ud50c\ub808\uc774 |TELALED","isPartOf":{"@id":"https:\/\/www.telaled.com\/#website"},"primaryImageOfPage":{"@id":"https:\/\/www.telaled.com\/fabrica\/telas-oled-transparentes-serie-thu\/#primaryimage"},"image":{"@id":"https:\/\/www.telaled.com\/fabrica\/telas-oled-transparentes-serie-thu\/#primaryimage"},"thumbnailUrl":"https:\/\/www.telaled.com\/wp-content\/uploads\/2025\/08\/telas-oled-transparentes_.jpg","datePublished":"2025-08-27T09:40:42+00:00","dateModified":"2026-01-05T08:55:31+00:00","description":"THU \uc2dc\ub9ac\uc988 \ud22c\uba85 OLED \ub514\uc2a4\ud50c\ub808\uc774\ub294 \ud0c1\uc6d4\ud55c \ubc1d\uae30, \ub192\uc740 \ud22c\uba85\ub3c4, \uadf8\ub9ac\uace0 \uac15\ud654 \uc720\ub9ac \ubcf4\ud638 \uae30\ub2a5\uc744 \uac16\ucd94\uace0 \uc788\uc2b5\ub2c8\ub2e4. \uc5ed\ub3d9\uc801\uc774\uace0 \uc720\uc5f0\ud55c \ucf58\ud150\uce20 \ud504\ub808\uc820\ud14c\uc774\uc158\uc5d0 \uc801\ud569\ud569\ub2c8\ub2e4. \uc194\ub8e8\uc158\uc774 \ud544\uc694\ud558\uc2dc\uba74 \ubb38\uc758\ud574 \uc8fc\uc138\uc694.","breadcrumb":{"@id":"https:\/\/www.telaled.com\/fabrica\/telas-oled-transparentes-serie-thu\/#breadcrumb"},"inLanguage":"ko-KR","potentialAction":[{"@type":"ReadAction","target":["https:\/\/www.telaled.com\/fabrica\/telas-oled-transparentes-serie-thu\/"]}]},{"@type":"ImageObject","inLanguage":"ko-KR","@id":"https:\/\/www.telaled.com\/fabrica\/telas-oled-transparentes-serie-thu\/#primaryimage","url":"https:\/\/www.telaled.com\/wp-content\/uploads\/2025\/08\/telas-oled-transparentes_.jpg","contentUrl":"https:\/\/www.telaled.com\/wp-content\/uploads\/2025\/08\/telas-oled-transparentes_.jpg","width":500,"height":500,"caption":"telas-oled-transparentes_"},{"@type":"BreadcrumbList","@id":"https:\/\/www.telaled.com\/fabrica\/telas-oled-transparentes-serie-thu\/#breadcrumb","itemListElement":[{"@type":"ListItem","position":1,"name":"Home","item":"https:\/\/www.telaled.com\/"},{"@type":"ListItem","position":2,"name":"Produtos","item":"https:\/\/www.telaled.com\/shop\/"},{"@type":"ListItem","position":3,"name":"Telas OLED Transparentes\u200b S\u00e9rie THU"}]},{"@type":"WebSite","@id":"https:\/\/www.telaled.com\/#website","url":"https:\/\/www.telaled.com\/","name":"LED \uc2a4\ud06c\ub9b0","description":"","potentialAction":[{"@type":"SearchAction","target":{"@type":"EntryPoint","urlTemplate":"https:\/\/www.telaled.com\/?s={search_term_string}"},"query-input":{"@type":"PropertyValueSpecification","valueRequired":true,"valueName":"search_term_string"}}],"inLanguage":"ko-KR"}]}},"_links":{"self":[{"href":"https:\/\/www.telaled.com\/ko\/wp-json\/wp\/v2\/product\/3162","targetHints":{"allow":["GET"]}}],"collection":[{"href":"https:\/\/www.telaled.com\/ko\/wp-json\/wp\/v2\/product"}],"about":[{"href":"https:\/\/www.telaled.com\/ko\/wp-json\/wp\/v2\/types\/product"}],"wp:featuredmedia":[{"embeddable":true,"href":"https:\/\/www.telaled.com\/ko\/wp-json\/wp\/v2\/media\/3166"}],"wp:attachment":[{"href":"https:\/\/www.telaled.com\/ko\/wp-json\/wp\/v2\/media?parent=3162"}],"wp:term":[{"taxonomy":"product_brand","embeddable":true,"href":"https:\/\/www.telaled.com\/ko\/wp-json\/wp\/v2\/product_brand?post=3162"},{"taxonomy":"product_cat","embeddable":true,"href":"https:\/\/www.telaled.com\/ko\/wp-json\/wp\/v2\/product_cat?post=3162"},{"taxonomy":"product_tag","embeddable":true,"href":"https:\/\/www.telaled.com\/ko\/wp-json\/wp\/v2\/product_tag?post=3162"}],"curies":[{"name":"\uc6cc\ub4dc\ud504\ub808\uc2a4","href":"https:\/\/api.w.org\/{rel}","templated":true}]}}