{"id":2572,"date":"2025-07-16T02:57:31","date_gmt":"2025-07-16T02:57:31","guid":{"rendered":"https:\/\/www.telaled.com\/?post_type=product&#038;p=2572"},"modified":"2026-01-02T08:59:09","modified_gmt":"2026-01-02T08:59:09","slug":"modulo-painel-de-led-p4-81","status":"publish","type":"product","link":"https:\/\/www.telaled.com\/ko\/fabrica\/modulo-painel-de-led-p4-81\/","title":{"rendered":"P4.81 LED \ud328\ub110 \ubaa8\ub4c8"},"content":{"rendered":"<div id=\"featurebullets_feature_div\" class=\"celwidget\" data-feature-name=\"featurebullets\" data-csa-c-type=\"widget\" data-csa-c-content-id=\"featurebullets\" data-csa-c-slot-id=\"featurebullets_feature_div\" data-csa-c-asin=\"B07DF32D6Q\" data-csa-c-is-in-initial-active-row=\"false\" data-csa-c-id=\"3j0pnl-7cjnp-9t8psx-tspeog\">\n<div id=\"feature-bullets\" class=\"a-section a-spacing-medium a-spacing-top-small\">\n<div data-zone-id=\"0\" data-line-index=\"0\" data-line=\"true\">\n<p><strong>\uc8fc\uc694 \uc751\uc6a9 \ubd84\uc57c:<\/strong><\/p>\n<ul>\n<li><strong>\ub514\uc9c0\ud138 \uc0ac\uc774\ub2c8\uc9c0 \ubc0f \uad11\uace0:<\/strong> \uc18c\ub9e4\uc810, \uc1fc\ud551\ubab0, \uacf5\ud56d\uc5d0 \uad11\uace0\uc640 \ud504\ub85c\ubaa8\uc158\uc744 \ub208\uc5d0 \uc798 \ub744\uac8c \ud45c\uc2dc\ud558\ub294 \ub370 \uc801\ud569\ud569\ub2c8\ub2e4.<\/li>\n<li><strong>\uae30\uc5c5\uc6a9 \ub514\uc2a4\ud50c\ub808\uc774:<\/strong> \uc774\uc0c1\uc801 <a href=\"https:\/\/www.telaled.com\/ko\/fabrica\/painel-de-led-para-sala-de-conferencia-serie-tid\/\">\ud68c\uc758\uc2e4<\/a>, \ub85c\ube44\uc640 \ud68c\uc758\uc2e4 \ub4f1\uc5d0\uc11c \uae30\uc5c5 \ud504\ub808\uc820\ud14c\uc774\uc158\uacfc \uba54\uc2dc\uc9c0\ub97c \uba85\ud655\ud558\uac8c \ubcf4\uc5ec\uc8fc\ub294 \ub370 \uc0ac\uc6a9\ub429\ub2c8\ub2e4.<\/li>\n<li><strong>\uc804\uc2dc\ud68c \ubc0f \ubb34\uc5ed \ubc15\ub78c\ud68c:<\/strong> \uc804\uc2dc\ud68c, \ucee8\ubca4\uc158, \ubb34\uc5ed \ubc15\ub78c\ud68c\uc5d0\uc11c \ub208\uae38\uc744 \ub044\ub294 \ub300\ud615 \ub514\uc2a4\ud50c\ub808\uc774\ub97c \uc81c\uc791\ud560 \uc218 \uc788\ub3c4\ub85d \ud655\uc7a5 \uac00\ub2a5\ud569\ub2c8\ub2e4.<\/li>\n<li><strong>\uc5d4\ud130\ud14c\uc778\uba3c\ud2b8 \ubc0f \uc2a4\ud3ec\uce20 \uacbd\uae30\uc7a5:<\/strong> \uacbd\uae30\uc7a5\uacfc \ucf58\uc11c\ud2b8 \ud640\uc5d0\uc11c \ub77c\uc774\ube0c \uc2a4\ucf54\uc5b4, \uc774\ubca4\ud2b8 \ucf58\ud150\uce20, \uad11\uace0\ub97c \uc120\uba85\ud558\uace0 \uc0dd\uc0dd\ud558\uac8c \ud45c\uc2dc\ud558\ub294 \ub370 \uc0ac\uc6a9\ub429\ub2c8\ub2e4.<\/li>\n<li><strong>\uc1a1\uc804 \ubc0f \uc81c\uc5b4\uc2e4:<\/strong> \ubc29\uc1a1 \uc2a4\ud29c\ub514\uc624\uc640 \uc81c\uc5b4\uc2e4\uc5d0 \uc120\uba85\ud558\uace0 \uc2e4\uc2dc\uac04\uc758 \ube44\ub514\uc624 \ud53c\ub4dc\uc640 \ucf58\ud150\uce20\ub97c \uc81c\uacf5\ud569\ub2c8\ub2e4.<\/li>\n<\/ul>\n<p><strong>\uac80\uc99d\ub41c \uae30\uc220:<\/strong><\/p>\n<ul>\n<li>IP40\/IP50 \u2013 \uba3c\uc9c0 \ubc0f \uc2b5\uae30 \ubc29\uc9c0.<\/li>\n<li>16\ube44\ud2b8 \uadf8\ub77c\ub370\uc774\uc158(281\uc870 \uc0c9\uc0c1). \u2013 \uc0ac\uc2e4\uc801.<\/li>\n<li>CE\/RoHS\/ISO9001 \uc778\uc99d \u2013 \uc0b0\uc5c5 \ud488\uc9c8\uc774 \ubcf4\uc7a5\ub429\ub2c8\ub2e4.<\/li>\n<\/ul>\n<p><img loading=\"lazy\" decoding=\"async\" class=\"alignnone wp-image-2017 size-full\" src=\"https:\/\/www.telaled.com\/wp-content\/uploads\/2023\/06\/quality-led-module-materials-1.webp\" alt=\"\ud488\uc9c8 \uc8fc\ub3c4 \ubaa8\ub4c8 \uc18c\uc7ac\" width=\"768\" height=\"555\" srcset=\"https:\/\/www.telaled.com\/wp-content\/uploads\/2023\/06\/quality-led-module-materials-1.webp 768w, https:\/\/www.telaled.com\/wp-content\/uploads\/2023\/06\/quality-led-module-materials-1-300x217.webp 300w, https:\/\/www.telaled.com\/wp-content\/uploads\/2023\/06\/quality-led-module-materials-1-18x12.webp 18w, https:\/\/www.telaled.com\/wp-content\/uploads\/2023\/06\/quality-led-module-materials-1-600x434.webp 600w\" sizes=\"auto, (max-width: 768px) 100vw, 768px\" \/><\/p>\n<\/div>\n<\/div>\n<\/div>\n<div data-feature-name=\"acf-carousel\" data-csa-c-type=\"widget\" data-csa-c-content-id=\"acf-carousel\" data-csa-c-slot-id=\"acf-carousel_feature_div\" data-csa-c-asin=\"B07DF32D6Q\" data-csa-c-is-in-initial-active-row=\"false\" data-csa-c-id=\"oqpgyr-mh4egp-nntzd2-kyiiqq\">\n<table id=\"tablepress-36\" class=\"tablepress tablepress-id-36\">\n<thead>\n<tr class=\"row-1\">\n\t<th colspan=\"4\" class=\"column-1\">\uae30\uc220\uc801 \uc138\ubd80 \uc0ac\ud56d<\/th>\n<\/tr>\n<\/thead>\n<tbody class=\"row-striping row-hover\">\n<tr class=\"row-2\">\n\t<td class=\"column-1\">\ubaa8\ub378 \ubc88\ud638<\/td><td class=\"column-2\">TL \u2013 P4.81 LED \ud328\ub110 \ubaa8\ub4c8<\/td><td class=\"column-3\"><\/td><td class=\"column-4\"><\/td>\n<\/tr>\n<tr class=\"row-3\">\n\t<td class=\"column-1\">\ube0c\ub79c\ub4dc \uc774\ub984<\/td><td class=\"column-2\">TELALED \uc81c\uc870\uc5c5\uccb4<\/td><td class=\"column-3\">\ud654\uba74 \ud3c9\ud0c4\ub3c4<\/td><td class=\"column-4\">&lt;\u00b11mm<\/td>\n<\/tr>\n<tr class=\"row-4\">\n\t<td class=\"column-1\">\uc6d0\uc0b0\uc9c0<\/td><td class=\"column-2\">\uad11\ub465, \uc911\uad6d<\/td><td class=\"column-3\">\ud3c9\uade0 \uace0\uc7a5 \uac04\uaca9(MTBF)<\/td><td class=\"column-4\">10,000\uc2dc\uac04<\/td>\n<\/tr>\n<tr class=\"row-5\">\n\t<td class=\"column-1\">\ud53d\uc140 \uac70\ub9ac<\/td><td class=\"column-2\">P4.81<\/td><td class=\"column-3\">\uc720\uc6a9\ud55c \uc218\uba85<\/td><td class=\"column-4\">10\ub9cc \uc2dc\uac04<\/td>\n<\/tr>\n<tr class=\"row-6\">\n\t<td class=\"column-1\">\ucd5c\uc18c \uc2dc\uccad \uac70\ub9ac<\/td><td class=\"column-2\">4.8m<\/td><td class=\"column-3\">\ub514\uc2a4\ud50c\ub808\uc774 \uc791\ub3d9 \uc804\uc555<\/td><td class=\"column-4\">AC46\uff5e54HZ, 220V\u00b115%\/110V\u00b115%<\/td>\n<\/tr>\n<tr class=\"row-7\">\n\t<td class=\"column-1\">LED \uad6c\uc131<\/td><td class=\"column-2\">SMD2121<\/td><td class=\"column-3\">\uad11 \uac10\uc1e0<\/td><td class=\"column-4\">\uff1c3%<\/td>\n<\/tr>\n<tr class=\"row-8\">\n\t<td class=\"column-1\">\ubaa8\ub4c8 \ud574\uc0c1\ub3c4<\/td><td class=\"column-2\">52\u00d752 \ud53d\uc140<\/td><td class=\"column-3\">\ub204\uc124 \uc804\ub958<\/td><td class=\"column-4\">&lt;3mA<\/td>\n<\/tr>\n<tr class=\"row-9\">\n\t<td class=\"column-1\">\ubaa8\ub4c8 \ud53d\uc140<\/td><td class=\"column-2\">2704\ud53d\uc140<\/td><td class=\"column-3\">5408\ud53d\uc140<\/td><td class=\"column-4\">\ud6c4\uba74: IP40 \/ \uc804\uba74: IP50<\/td>\n<\/tr>\n<tr class=\"row-10\">\n\t<td class=\"column-1\">\ubaa8\ub4c8 \ud06c\uae30<\/td><td class=\"column-2\">\ud3ed 250mm*\ub192\uc774 250mm*\ub450\uaed8 14<\/td><td class=\"column-3\">\uc791\uc5c5 \ud658\uacbd\uc758 \uc628\ub3c4 \ubc0f \uc2b5\ub3c4<\/td><td class=\"column-4\">\uc628\ub3c4: -20\u00b0C~+60\u00b0C \/ \uc2b5\ub3c4: 10%~90% RH<\/td>\n<\/tr>\n<tr class=\"row-11\">\n\t<td class=\"column-1\">\uce90\ube44\ub2db \ud06c\uae30<\/td><td class=\"column-2\">500mm*500mm<\/td><td class=\"column-3\">\uc9c0\uc6d0\ub418\ub294 \ubbf8\ub514\uc5b4<\/td><td class=\"column-4\">\uae30\uc220 \ub370\uc774\ud130, \uc0ac\uc9c4, CAD \ubaa8\ub378, \ube44\ub514\uc624<\/td>\n<\/tr>\n<tr class=\"row-12\">\n\t<td class=\"column-1\">\ud53d\uc140 \uad6c\uc131<\/td><td class=\"column-2\">SMD3in1, \ud480 \uceec\ub7ec R\/G\/B 1:1:1<\/td><td class=\"column-3\">\uae30\ub2a5<\/td><td class=\"column-4\">SDK<\/td>\n<\/tr>\n<tr class=\"row-13\">\n\t<td class=\"column-1\">\uade0\ud615 \uc7a1\ud78c \ube5b<\/td><td class=\"column-2\">1000cd\/m\u00b2 (\uc2e4\ub0b4)<\/td><td class=\"column-3\">\uc81c\uc5b4 \ubaa8\ub4dc<\/td><td class=\"column-4\">\uc81c\uc5b4 PC\uc640 DVI\ub97c \ud1b5\ud55c \ub3d9\uae30\ud654<\/td>\n<\/tr>\n<tr class=\"row-14\">\n\t<td class=\"column-1\">\uad6c\ub3d9 \ubc29\ubc95<\/td><td class=\"column-2\">1\/13 \uc2a4\uce94<\/td><td class=\"column-3\">\uc9c0\uc6d0\ub418\ub294 \uc18c\ud504\ud2b8\uc6e8\uc5b4<\/td><td class=\"column-4\">\uc708\ub3c4\uc6b0 XP\/W7\/\ube44\uc2a4\ud0c0<\/td>\n<\/tr>\n<tr class=\"row-15\">\n\t<td class=\"column-1\">\uc5c5\ub370\uc774\ud2b8 \uc18d\ub3c4<\/td><td class=\"column-2\">\u22651920Hz<\/td><td class=\"column-3\">\uc81c\uc5b4 \uc2dc\uc2a4\ud15c<\/td><td class=\"column-4\">DVI \uce74\ub4dc + \ud480 \uceec\ub7ec \ucee8\ud2b8\ub864\ub7ec + \uad11\uc12c\uc720(\uc635\uc158)<\/td>\n<\/tr>\n<tr class=\"row-16\">\n\t<td class=\"column-1\">\ubcc0\uacbd \uac10\uc9c0 \ube48\ub3c4<\/td><td class=\"column-2\">50-60Hz<\/td><td class=\"column-3\">\uba54\uc778 \uc81c\uc5b4 \uc2dc\uc2a4\ud15c \ub9c8\ud06c<\/td><td class=\"column-4\">\ub178\ubc14\uc2a4\ud0c0, \ub9b0\uc2a8, \ud6c4\uc774\ub450, \uceec\ub7ec\ub77c\uc774\ud2b8<\/td>\n<\/tr>\n<tr class=\"row-17\">\n\t<td class=\"column-1\">\uc2dc\uc57c\uac01<\/td><td class=\"column-2\">H140\u00b0 V120\u00b0<\/td><td class=\"column-3\">\uc778\ud130\ud398\uc774\uc2a4<\/td><td class=\"column-4\">\ud45c\uc900 \uc774\ub354\ub137<\/td>\n<\/tr>\n<tr class=\"row-18\">\n\t<td class=\"column-1\">\ube44\ud65c\uc131 \uc870\uba85 \uc18d\ub3c4<\/td><td class=\"column-2\">\u22641%<\/td><td class=\"column-3\">\uc804\uc1a1 \uac70\ub9ac<\/td><td class=\"column-4\">\uba40\ud2f0\ubaa8\ub4dc \ud30c\uc774\ubc84 <500m >\n<\/tr>\n<tr class=\"row-19\">\n\t<td class=\"column-1\">\uc5d0\ub108\uc9c0 \ub0ad\ube44<\/td><td class=\"column-2\">700*1000W\/m2<\/td><td class=\"column-3\">\ubcf4\uc7a5\ud558\ub2e4<\/td><td class=\"column-4\">5\ub144<\/td>\n<\/tr>\n<tr class=\"row-20\">\n\t<td class=\"column-1\">\ud3c9\uade0 \uc5d0\ub108\uc9c0 \uc18c\ube44\ub7c9<\/td><td class=\"column-2\">420W\/m2<\/td><td class=\"column-3\">\uacf5\uae09\uc5c5\uccb4 \uc720\ud615<\/td><td class=\"column-4\">\uc6d0\ub798 \uc81c\uc870\uc5c5\uccb4\/ODM\/OEM<\/td>\n<\/tr>\n<tr class=\"row-21\">\n\t<td class=\"column-1\">\ud68c\uc0c9 \ub808\ubca8<\/td><td class=\"column-2\">16\ube44\ud2b8(281\uc870 \uc0c9\uc0c1) \/ 1\ucc28 \uc0c9\uc0c1\ub2f9 65,536\uac00\uc9c0 \uc74c\uc601<\/td><td class=\"column-3\">\ubc30\uc1a1 \uc2dc\uac04<\/td><td class=\"column-4\">25 (\ub610\ub294 \ud611\uc0c1 \uac00\ub2a5)<\/td>\n<\/tr>\n<tr class=\"row-22\">\n\t<td class=\"column-1\">\ub514\uc2a4\ud50c\ub808\uc774 \uc0c9\uc0c1<\/td><td class=\"column-2\">16\uac1c\uc6d4<\/td><td class=\"column-3\">\uc560\ud50c\ub9ac\ucf00\uc774\uc158<\/td><td class=\"column-4\">\uad11\uace0\/\uc778\ud14c\ub9ac\uc5b4\/\uc775\uc2a4\ud14c\ub9ac\uc5b4<\/td>\n<\/tr>\n<tr class=\"row-23\">\n\t<td class=\"column-1\">\uc911\ub2e8 \uc5c6\ub294 \uadfc\ubb34 \uc2dc\uac04<\/td><td class=\"column-2\">\u226572\uc2dc\uac04<\/td><td class=\"column-3\">\uc0ac\uc6a9<\/td><td class=\"column-4\">\ub514\uc9c0\ud138 \uad11\uace0, \uc1fc\ud551\ubab0, \uc6f0\ucef4 \ub514\uc2a4\ud50c\ub808\uc774, \uc804\uc2dc\uc7a5, \uacf5\ud56d, \uad50\ud68c, \uc2a4\ud3ec\uce20, \uc774\ubca4\ud2b8, \ud68c\uc758, \ub80c\ud138, \ubb34\ub300, \uc790\ub3d9\ucc28, \uc18c\ub9e4, \uc6e8\ub529<\/td>\n<\/tr>\n<tr class=\"row-24\">\n\t<td class=\"column-1\">\uc774\uc0b0 \uc0ac\uac01\uc9c0\ub300 \ube44\uc728<\/td><td class=\"column-2\"><1><td class=\"column-3\">\ud3ec\uc7a5 \uc138\ubd80 \uc815\ubcf4<\/td><td class=\"column-4\">\uac15\ud654\ub41c \uace8\ud310\uc9c0 \uc0c1\uc790 + \ubaa9\uc7ac<\/td>\n<\/tr>\n<tr class=\"row-25\">\n\t<td class=\"column-1\">\uc5f0\uc18d \uc0ac\uac01\uc9c0\ub300 \ube44\uc728<\/td><td class=\"column-2\">\uc5c6\uc74c<\/td><td class=\"column-3\">\uacf5\uae09 \ub2a5\ub825<\/td><td class=\"column-4\">5,000\ub300\/\uc6d4<\/td>\n<\/tr>\n<tr class=\"row-26\">\n\t<td class=\"column-1\">\uc0ac\uac01\uc9c0\ub300 \ube44\uc728<\/td><td class=\"column-2\"><1><td class=\"column-3\">\ud56d\uad6c<\/td><td class=\"column-4\">\uc120\uc804<\/td>\n<\/tr>\n<\/tbody>\n<\/table>\n<!-- #tablepress-36 from cache --><\/div>\n<div id=\"provenanceCertifications_feature_div\" class=\"celwidget\" data-feature-name=\"provenanceCertifications\" data-csa-c-type=\"widget\" data-csa-c-content-id=\"provenanceCertifications\" data-csa-c-slot-id=\"provenanceCertifications_feature_div\" data-csa-c-asin=\"B07DF32D6Q\" data-csa-c-is-in-initial-active-row=\"false\" data-csa-c-id=\"6t8ho-xbknmj-nqaso5-ne24gd\">\n<div id=\"provenance-certifications\" class=\"a-section a-spacing-medium a-spacing-top-micro\">\u00a0<\/div>\n<\/div>","protected":false},"excerpt":{"rendered":"<p><strong>P4.81 LED \ud328\ub110 \ubaa8\ub4c8: \ud655\uc7a5 \uac00\ub2a5\ud558\uace0 \uace0\ud574\uc0c1\ub3c4\uc758 \ub514\uc2a4\ud50c\ub808\uc774 \uc194\ub8e8\uc158<\/strong><\/p>\n<p>\uadf8\ub9cc\ud07c <strong>P4.81 LED \ud328\ub110 \ubaa8\ub4c8<\/strong> \uc2e4\ub0b4\uc6a9\uc73c\ub85c \uc124\uacc4\ub41c \uc774 \uc81c\ud488\uc740 4.81mm\uc758 \ud53d\uc140 \ud53c\uce58\ub85c \uc0dd\uc0dd\ud558\uace0 \uace0\ud488\uc9c8\uc758 \ub514\uc2a4\ud50c\ub808\uc774\ub97c \uc81c\uacf5\ud569\ub2c8\ub2e4. \ub6f0\uc5b4\ub09c \uc774\ubbf8\uc9c0 \uc120\uba85\ub3c4\uc640 \uc0c9 \uc815\ud655\ub3c4\ub97c \uc790\ub791\ud558\uba70, \uc5d0\ub108\uc9c0 \ud6a8\uc728\uc131\uacfc \ubaa8\ub4c8\uc2dd \uc720\uc5f0\uc131\uc744 \ud1b5\ud574 \ud0c1\uc6d4\ud55c \uc131\ub2a5, \uae34 \uc218\uba85 \ubc0f \uc190\uc26c\uc6b4 \ud655\uc7a5\uc131\uc744 \ubcf4\uc7a5\ud569\ub2c8\ub2e4.<\/p>\n<p><strong>\uc8fc\uc694 \uc774\uc810:<\/strong><br \/>\n<strong><br \/>\n\u2714\ub192\uc74c <a href=\"https:\/\/www.telaled.com\/ko\/densidade-de-pixels-em-telas-de-led-e-lcd\/\">\ud53d\uc140 \ubc00\ub3c4<\/a> (4.81mm \ud53c\uce58): <\/strong>\ud574\uc0c1\ub3c4\uc640 \uc2dc\uccad \uac70\ub9ac\uc758 \uade0\ud615\uc744 \ub9de\ucdb0 \ub6f0\uc5b4\ub09c \uc120\uba85\ub3c4\uc758 \uc120\uba85\ud55c \uc774\ubbf8\uc9c0\ub97c \uc81c\uacf5\ud569\ub2c8\ub2e4.<strong><br \/>\n<\/strong><\/p>\n<p><strong>\u2714 \uc0dd\uc0dd\ud558\uace0 \uc815\ud655\ud55c \uc0c9\uc0c1 \uc7ac\ud604: <\/strong>\uc774 \uc81c\ud488\uc740 \ub192\uc740 \ub300\ube44\ub85c \uc0dd\uc0dd\ud558\uace0 \ubc1d\uc740 \uc0c9\uc0c1\uc744 \uc804\ub2ec\ud558\ub294 \ub370 \ud0c1\uc6d4\ud558\uc5ec \ucf58\ud150\uce20\uac00 \ub208\uc5d0 \ub744\ub3c4\ub85d \ubcf4\uc7a5\ud569\ub2c8\ub2e4.<strong><br \/>\n<\/strong><\/p>\n<p><strong>\u2714 <a href=\"https:\/\/www.telaled.com\/ko\/fabrica\/painel-led-economizador-de-energia-serie-toc\/\">\uc5d0\ub108\uc9c0 \ud6a8\uc728\uc131<\/a>: <\/strong>\uc5d0\ub108\uc9c0 \uc808\uc57d \uae30\uc220\ub85c \uc124\uacc4\ub41c \uc774 \ud328\ub110\uc740 \uae30\uc5c5\uc774 \uc6b4\uc601 \ube44\uc6a9\uc744 \uc808\uac10\ud558\ub294 \ub370 \ub3c4\uc6c0\uc774 \ub429\ub2c8\ub2e4.<strong><br \/>\n<\/strong><\/p>\n<p><strong>\u2714 \ubaa8\ub4c8\uc2dd \uc720\uc5f0\uc131 \ubc0f \ud655\uc7a5\uc131:<\/strong> \ub2e4\uc591\ud55c \uacf5\uac04\uc5d0 \ub9de\uac8c \uc0ac\uc6a9\uc790 \uc815\uc758 \ud654\uba74 \ud06c\uae30\ub97c \ub9cc\ub4e4 \uc218 \uc788\uc2b5\ub2c8\ub2e4.<\/p>","protected":false},"featured_media":2703,"template":"","meta":[],"product_brand":[],"product_cat":[41],"product_tag":[],"class_list":{"0":"post-2572","1":"product","2":"type-product","3":"status-publish","4":"has-post-thumbnail","6":"product_cat-modulo-painel-de-led","8":"first","9":"instock","10":"shipping-taxable","11":"product-type-simple"},"yoast_head":"<!-- This site is optimized with the Yoast SEO plugin v27.5 - https:\/\/yoast.com\/product\/yoast-seo-wordpress\/ -->\n<title>Modulo Painel de LED P4.81 | Tela de Exibi\u00e7\u00e3o Interna de Alta Resolu\u00e7\u00e3o |TELALED<\/title>\n<meta name=\"description\" content=\"Descubra o Modulo Painel de LED P4.81, que oferece brilho e precis\u00e3o de cores superiores para projetos de exibi\u00e7\u00e3o e sinaliza\u00e7\u00e3o digital. Adquira o seu hoje mesmo e eleve sua experi\u00eancia de exibi\u00e7\u00e3o!\" \/>\n<meta name=\"robots\" content=\"index, follow, max-snippet:-1, max-image-preview:large, max-video-preview:-1\" \/>\n<link rel=\"canonical\" href=\"https:\/\/www.telaled.com\/ko\/fabrica\/modulo-painel-de-led-p4-81\/\" \/>\n<meta property=\"og:locale\" content=\"ko_KR\" \/>\n<meta property=\"og:type\" content=\"article\" \/>\n<meta property=\"og:title\" content=\"Modulo Painel de LED P4.81 | Tela de Exibi\u00e7\u00e3o Interna de Alta Resolu\u00e7\u00e3o |TELALED\" \/>\n<meta property=\"og:description\" content=\"Descubra o Modulo Painel de LED P4.81, que oferece brilho e precis\u00e3o de cores superiores para projetos de exibi\u00e7\u00e3o e sinaliza\u00e7\u00e3o digital. Adquira o seu hoje mesmo e eleve sua experi\u00eancia de exibi\u00e7\u00e3o!\" \/>\n<meta property=\"og:url\" content=\"https:\/\/www.telaled.com\/ko\/fabrica\/modulo-painel-de-led-p4-81\/\" \/>\n<meta property=\"og:site_name\" content=\"TELALED\" \/>\n<meta property=\"article:modified_time\" content=\"2026-01-02T08:59:09+00:00\" \/>\n<meta property=\"og:image\" content=\"https:\/\/www.telaled.com\/wp-content\/uploads\/2025\/07\/Modulo-Painel-de-LED-P4.81.jpg\" \/>\n\t<meta property=\"og:image:width\" content=\"500\" \/>\n\t<meta property=\"og:image:height\" content=\"500\" \/>\n\t<meta property=\"og:image:type\" content=\"image\/jpeg\" \/>\n<meta name=\"twitter:card\" content=\"summary_large_image\" \/>\n<meta name=\"twitter:label1\" content=\"\uc608\uc0c1 \ub418\ub294 \ud310\ub3c5 \uc2dc\uac04\" \/>\n\t<meta name=\"twitter:data1\" content=\"2\ubd84\" \/>\n<script type=\"application\/ld+json\" class=\"yoast-schema-graph\">{\"@context\":\"https:\\\/\\\/schema.org\",\"@graph\":[{\"@type\":\"WebPage\",\"@id\":\"https:\\\/\\\/www.telaled.com\\\/fabrica\\\/modulo-painel-de-led-p4-81\\\/\",\"url\":\"https:\\\/\\\/www.telaled.com\\\/fabrica\\\/modulo-painel-de-led-p4-81\\\/\",\"name\":\"Modulo Painel de LED P4.81 | Tela de Exibi\u00e7\u00e3o Interna de Alta Resolu\u00e7\u00e3o |TELALED\",\"isPartOf\":{\"@id\":\"https:\\\/\\\/www.telaled.com\\\/#website\"},\"primaryImageOfPage\":{\"@id\":\"https:\\\/\\\/www.telaled.com\\\/fabrica\\\/modulo-painel-de-led-p4-81\\\/#primaryimage\"},\"image\":{\"@id\":\"https:\\\/\\\/www.telaled.com\\\/fabrica\\\/modulo-painel-de-led-p4-81\\\/#primaryimage\"},\"thumbnailUrl\":\"https:\\\/\\\/www.telaled.com\\\/wp-content\\\/uploads\\\/2025\\\/07\\\/Modulo-Painel-de-LED-P4.81.jpg\",\"datePublished\":\"2025-07-16T02:57:31+00:00\",\"dateModified\":\"2026-01-02T08:59:09+00:00\",\"description\":\"Descubra o Modulo Painel de LED P4.81, que oferece brilho e precis\u00e3o de cores superiores para projetos de exibi\u00e7\u00e3o e sinaliza\u00e7\u00e3o digital. Adquira o seu hoje mesmo e eleve sua experi\u00eancia de exibi\u00e7\u00e3o!\",\"breadcrumb\":{\"@id\":\"https:\\\/\\\/www.telaled.com\\\/fabrica\\\/modulo-painel-de-led-p4-81\\\/#breadcrumb\"},\"inLanguage\":\"ko-KR\",\"potentialAction\":[{\"@type\":\"ReadAction\",\"target\":[\"https:\\\/\\\/www.telaled.com\\\/fabrica\\\/modulo-painel-de-led-p4-81\\\/\"]}]},{\"@type\":\"ImageObject\",\"inLanguage\":\"ko-KR\",\"@id\":\"https:\\\/\\\/www.telaled.com\\\/fabrica\\\/modulo-painel-de-led-p4-81\\\/#primaryimage\",\"url\":\"https:\\\/\\\/www.telaled.com\\\/wp-content\\\/uploads\\\/2025\\\/07\\\/Modulo-Painel-de-LED-P4.81.jpg\",\"contentUrl\":\"https:\\\/\\\/www.telaled.com\\\/wp-content\\\/uploads\\\/2025\\\/07\\\/Modulo-Painel-de-LED-P4.81.jpg\",\"width\":500,\"height\":500,\"caption\":\"Modulo-Painel-de-LED-P4.81\"},{\"@type\":\"BreadcrumbList\",\"@id\":\"https:\\\/\\\/www.telaled.com\\\/fabrica\\\/modulo-painel-de-led-p4-81\\\/#breadcrumb\",\"itemListElement\":[{\"@type\":\"ListItem\",\"position\":1,\"name\":\"Home\",\"item\":\"https:\\\/\\\/www.telaled.com\\\/\"},{\"@type\":\"ListItem\",\"position\":2,\"name\":\"Produtos\",\"item\":\"https:\\\/\\\/www.telaled.com\\\/shop\\\/\"},{\"@type\":\"ListItem\",\"position\":3,\"name\":\"Modulo Painel de LED P4.81\"}]},{\"@type\":\"WebSite\",\"@id\":\"https:\\\/\\\/www.telaled.com\\\/#website\",\"url\":\"https:\\\/\\\/www.telaled.com\\\/\",\"name\":\"TELALED\",\"description\":\"\",\"potentialAction\":[{\"@type\":\"SearchAction\",\"target\":{\"@type\":\"EntryPoint\",\"urlTemplate\":\"https:\\\/\\\/www.telaled.com\\\/?s={search_term_string}\"},\"query-input\":{\"@type\":\"PropertyValueSpecification\",\"valueRequired\":true,\"valueName\":\"search_term_string\"}}],\"inLanguage\":\"ko-KR\"}]}<\/script>\n<!-- \/ Yoast SEO plugin. -->","yoast_head_json":{"title":"P4.81 LED \ud328\ub110 \ubaa8\ub4c8 | \uace0\ud574\uc0c1\ub3c4 \uc2e4\ub0b4 \ub514\uc2a4\ud50c\ub808\uc774 \ud654\uba74 |TELALED","description":"\ub514\uc2a4\ud50c\ub808\uc774 \ubc0f \ub514\uc9c0\ud138 \uc0ac\uc774\ub2c8\uc9c0 \ud504\ub85c\uc81d\ud2b8\uc5d0 \ud0c1\uc6d4\ud55c \ubc1d\uae30\uc640 \uc0c9\uc0c1 \uc815\ud655\ub3c4\ub97c \uc81c\uacf5\ud558\ub294 P4.81 LED \ud328\ub110 \ubaa8\ub4c8\uc744 \ub9cc\ub098\ubcf4\uc138\uc694. \uc9c0\uae08 \ubc14\ub85c \uad6c\ub9e4\ud558\uace0 \ub514\uc2a4\ud50c\ub808\uc774 \uacbd\ud5d8\uc744 \ud55c \ub2e8\uacc4 \uc5c5\uadf8\ub808\uc774\ub4dc\ud558\uc138\uc694!","robots":{"index":"index","follow":"follow","max-snippet":"max-snippet:-1","max-image-preview":"max-image-preview:large","max-video-preview":"max-video-preview:-1"},"canonical":"https:\/\/www.telaled.com\/ko\/fabrica\/modulo-painel-de-led-p4-81\/","og_locale":"ko_KR","og_type":"article","og_title":"Modulo Painel de LED P4.81 | Tela de Exibi\u00e7\u00e3o Interna de Alta Resolu\u00e7\u00e3o |TELALED","og_description":"Descubra o Modulo Painel de LED P4.81, que oferece brilho e precis\u00e3o de cores superiores para projetos de exibi\u00e7\u00e3o e sinaliza\u00e7\u00e3o digital. Adquira o seu hoje mesmo e eleve sua experi\u00eancia de exibi\u00e7\u00e3o!","og_url":"https:\/\/www.telaled.com\/ko\/fabrica\/modulo-painel-de-led-p4-81\/","og_site_name":"TELALED","article_modified_time":"2026-01-02T08:59:09+00:00","og_image":[{"width":500,"height":500,"url":"https:\/\/www.telaled.com\/wp-content\/uploads\/2025\/07\/Modulo-Painel-de-LED-P4.81.jpg","type":"image\/jpeg"}],"twitter_card":"summary_large_image","twitter_misc":{"\uc608\uc0c1 \ub418\ub294 \ud310\ub3c5 \uc2dc\uac04":"2\ubd84"},"schema":{"@context":"https:\/\/schema.org","@graph":[{"@type":"WebPage","@id":"https:\/\/www.telaled.com\/fabrica\/modulo-painel-de-led-p4-81\/","url":"https:\/\/www.telaled.com\/fabrica\/modulo-painel-de-led-p4-81\/","name":"P4.81 LED \ud328\ub110 \ubaa8\ub4c8 | \uace0\ud574\uc0c1\ub3c4 \uc2e4\ub0b4 \ub514\uc2a4\ud50c\ub808\uc774 \ud654\uba74 |TELALED","isPartOf":{"@id":"https:\/\/www.telaled.com\/#website"},"primaryImageOfPage":{"@id":"https:\/\/www.telaled.com\/fabrica\/modulo-painel-de-led-p4-81\/#primaryimage"},"image":{"@id":"https:\/\/www.telaled.com\/fabrica\/modulo-painel-de-led-p4-81\/#primaryimage"},"thumbnailUrl":"https:\/\/www.telaled.com\/wp-content\/uploads\/2025\/07\/Modulo-Painel-de-LED-P4.81.jpg","datePublished":"2025-07-16T02:57:31+00:00","dateModified":"2026-01-02T08:59:09+00:00","description":"\ub514\uc2a4\ud50c\ub808\uc774 \ubc0f \ub514\uc9c0\ud138 \uc0ac\uc774\ub2c8\uc9c0 \ud504\ub85c\uc81d\ud2b8\uc5d0 \ud0c1\uc6d4\ud55c \ubc1d\uae30\uc640 \uc0c9\uc0c1 \uc815\ud655\ub3c4\ub97c \uc81c\uacf5\ud558\ub294 P4.81 LED \ud328\ub110 \ubaa8\ub4c8\uc744 \ub9cc\ub098\ubcf4\uc138\uc694. \uc9c0\uae08 \ubc14\ub85c \uad6c\ub9e4\ud558\uace0 \ub514\uc2a4\ud50c\ub808\uc774 \uacbd\ud5d8\uc744 \ud55c \ub2e8\uacc4 \uc5c5\uadf8\ub808\uc774\ub4dc\ud558\uc138\uc694!","breadcrumb":{"@id":"https:\/\/www.telaled.com\/fabrica\/modulo-painel-de-led-p4-81\/#breadcrumb"},"inLanguage":"ko-KR","potentialAction":[{"@type":"ReadAction","target":["https:\/\/www.telaled.com\/fabrica\/modulo-painel-de-led-p4-81\/"]}]},{"@type":"ImageObject","inLanguage":"ko-KR","@id":"https:\/\/www.telaled.com\/fabrica\/modulo-painel-de-led-p4-81\/#primaryimage","url":"https:\/\/www.telaled.com\/wp-content\/uploads\/2025\/07\/Modulo-Painel-de-LED-P4.81.jpg","contentUrl":"https:\/\/www.telaled.com\/wp-content\/uploads\/2025\/07\/Modulo-Painel-de-LED-P4.81.jpg","width":500,"height":500,"caption":"Modulo-Painel-de-LED-P4.81"},{"@type":"BreadcrumbList","@id":"https:\/\/www.telaled.com\/fabrica\/modulo-painel-de-led-p4-81\/#breadcrumb","itemListElement":[{"@type":"ListItem","position":1,"name":"Home","item":"https:\/\/www.telaled.com\/"},{"@type":"ListItem","position":2,"name":"Produtos","item":"https:\/\/www.telaled.com\/shop\/"},{"@type":"ListItem","position":3,"name":"Modulo Painel de LED P4.81"}]},{"@type":"WebSite","@id":"https:\/\/www.telaled.com\/#website","url":"https:\/\/www.telaled.com\/","name":"LED \uc2a4\ud06c\ub9b0","description":"","potentialAction":[{"@type":"SearchAction","target":{"@type":"EntryPoint","urlTemplate":"https:\/\/www.telaled.com\/?s={search_term_string}"},"query-input":{"@type":"PropertyValueSpecification","valueRequired":true,"valueName":"search_term_string"}}],"inLanguage":"ko-KR"}]}},"_links":{"self":[{"href":"https:\/\/www.telaled.com\/ko\/wp-json\/wp\/v2\/product\/2572","targetHints":{"allow":["GET"]}}],"collection":[{"href":"https:\/\/www.telaled.com\/ko\/wp-json\/wp\/v2\/product"}],"about":[{"href":"https:\/\/www.telaled.com\/ko\/wp-json\/wp\/v2\/types\/product"}],"wp:featuredmedia":[{"embeddable":true,"href":"https:\/\/www.telaled.com\/ko\/wp-json\/wp\/v2\/media\/2703"}],"wp:attachment":[{"href":"https:\/\/www.telaled.com\/ko\/wp-json\/wp\/v2\/media?parent=2572"}],"wp:term":[{"taxonomy":"product_brand","embeddable":true,"href":"https:\/\/www.telaled.com\/ko\/wp-json\/wp\/v2\/product_brand?post=2572"},{"taxonomy":"product_cat","embeddable":true,"href":"https:\/\/www.telaled.com\/ko\/wp-json\/wp\/v2\/product_cat?post=2572"},{"taxonomy":"product_tag","embeddable":true,"href":"https:\/\/www.telaled.com\/ko\/wp-json\/wp\/v2\/product_tag?post=2572"}],"curies":[{"name":"\uc6cc\ub4dc\ud504\ub808\uc2a4","href":"https:\/\/api.w.org\/{rel}","templated":true}]}}