{"id":2542,"date":"2025-07-14T03:51:55","date_gmt":"2025-07-14T03:51:55","guid":{"rendered":"https:\/\/www.telaled.com\/?post_type=product&#038;p=2542"},"modified":"2026-01-02T08:46:54","modified_gmt":"2026-01-02T08:46:54","slug":"modulo-painel-de-led-p4-exteriores","status":"publish","type":"product","link":"https:\/\/www.telaled.com\/ko\/fabrica\/modulo-painel-de-led-p4-exteriores\/","title":{"rendered":"P4 \uc2e4\uc678 LED \ud328\ub110 \ubaa8\ub4c8"},"content":{"rendered":"<div id=\"featurebullets_feature_div\" class=\"celwidget\" data-feature-name=\"featurebullets\" data-csa-c-type=\"widget\" data-csa-c-content-id=\"featurebullets\" data-csa-c-slot-id=\"featurebullets_feature_div\" data-csa-c-asin=\"B07DF32D6Q\" data-csa-c-is-in-initial-active-row=\"false\" data-csa-c-id=\"3j0pnl-7cjnp-9t8psx-tspeog\">\n<div id=\"feature-bullets\" class=\"a-section a-spacing-medium a-spacing-top-small\">\n<div data-zone-id=\"0\" data-line-index=\"0\" data-line=\"true\">\n<p><strong>\uc8fc\uc694 \uc751\uc6a9 \ubd84\uc57c:<\/strong><\/p>\n<ul>\n<li><strong>\uc2e4\uc678 \ud328\ub110:<\/strong> \ub3c4\ub85c, \uace0\uc18d\ub3c4\ub85c, \uc0c1\uc5c5 \uc9c0\uc5ed\uc744 \ub530\ub77c \uc124\uce58\ub418\ub294 \ub514\uc9c0\ud138 \uad11\uace0\ud310\uc5d0 \uc774\uc0c1\uc801\uc785\ub2c8\ub2e4.<\/li>\n<li><strong><a href=\"https:\/\/www.telaled.com\/ko\/painel-de-led-para-eventos\/\">\uc774\ubca4\ud2b8\uc6a9 \uc2a4\ud06c\ub9b0<\/a> \ubc0f \ubb34\ub300 \uc138\ud2b8:<\/strong> \ubc1d\uace0 \uc911\uac04 \ubc94\uc704\uc758 \ud654\uba74\uc774 \ud544\uc694\ud55c \ucf58\uc11c\ud2b8, \ucd95\uc81c, \uc57c\uc678 \uc774\ubca4\ud2b8\uc5d0\uc11c \uc790\uc8fc \uc0ac\uc6a9\ub429\ub2c8\ub2e4.<\/li>\n<li><strong>\uad50\ud1b5 \ud5c8\ube0c:<\/strong> \uacf5\ud56d, \ubc84\uc2a4 \uc815\ub958\uc7a5, \ucca0\ub3c4 \ud50c\ub7ab\ud3fc\uc758 \uc2e4\uc2dc\uac04 \uc815\ubcf4 \ud328\ub110\uc5d0 \ud6a8\uacfc\uc801\uc785\ub2c8\ub2e4.<\/li>\n<li><strong>\uc18c\ub9e4\uc810 \ubc0f \uc1fc\ud551\uc13c\ud130 \ucc3d\ubb38:<\/strong> \uac74\ubb3c \uc678\ubcbd\uc774\ub098 \uc0c1\uc810 \uac04\ud310\uc5d0 \uac15\ub825\ud55c \ud6a8\uacfc\ub97c \ub0b4\ub294 \uad11\uace0\uc5d0 \uc0ac\uc6a9\ub429\ub2c8\ub2e4.<\/li>\n<\/ul>\n<p><strong>\uac80\uc99d\ub41c \uae30\uc220:<\/strong><\/p>\n<ul>\n<li>IP40\/IP50 \u2013 \uba3c\uc9c0 \ubc0f \uc2b5\uae30 \ubc29\uc9c0.<\/li>\n<li>16\ube44\ud2b8 \uadf8\ub77c\ub370\uc774\uc158(281\uc870 \uc0c9\uc0c1). \u2013 \uc0ac\uc2e4\uc801.<\/li>\n<li>CE\/RoHS\/ISO9001 \uc778\uc99d \u2013 \uc0b0\uc5c5 \ud488\uc9c8\uc774 \ubcf4\uc7a5\ub429\ub2c8\ub2e4.<\/li>\n<\/ul>\n<p><img loading=\"lazy\" decoding=\"async\" class=\"alignnone wp-image-2017 size-full\" src=\"https:\/\/www.telaled.com\/wp-content\/uploads\/2023\/06\/quality-led-module-materials-1.webp\" alt=\"\ud488\uc9c8 \uc8fc\ub3c4 \ubaa8\ub4c8 \uc18c\uc7ac\" width=\"768\" height=\"555\" srcset=\"https:\/\/www.telaled.com\/wp-content\/uploads\/2023\/06\/quality-led-module-materials-1.webp 768w, https:\/\/www.telaled.com\/wp-content\/uploads\/2023\/06\/quality-led-module-materials-1-300x217.webp 300w, https:\/\/www.telaled.com\/wp-content\/uploads\/2023\/06\/quality-led-module-materials-1-18x12.webp 18w, https:\/\/www.telaled.com\/wp-content\/uploads\/2023\/06\/quality-led-module-materials-1-600x434.webp 600w\" sizes=\"auto, (max-width: 768px) 100vw, 768px\" \/><\/p>\n<\/div>\n<\/div>\n<\/div>\n<div data-feature-name=\"acf-carousel\" data-csa-c-type=\"widget\" data-csa-c-content-id=\"acf-carousel\" data-csa-c-slot-id=\"acf-carousel_feature_div\" data-csa-c-asin=\"B07DF32D6Q\" data-csa-c-is-in-initial-active-row=\"false\" data-csa-c-id=\"oqpgyr-mh4egp-nntzd2-kyiiqq\">\n<table id=\"tablepress-31\" class=\"tablepress tablepress-id-31\">\n<thead>\n<tr class=\"row-1\">\n\t<th class=\"column-1\">\uba85\uc138\uc11c:<\/th><th class=\"column-2\">TCF-P2.5-S840<\/th>\n<\/tr>\n<\/thead>\n<tbody class=\"row-striping row-hover\">\n<tr class=\"row-2\">\n\t<td class=\"column-1\">\ud53d\uc140 \uad6c\uc131:<\/td><td class=\"column-2\">2121 (3 in 1)<\/td>\n<\/tr>\n<tr class=\"row-3\">\n\t<td class=\"column-1\">\ub514\uc2a4\ud50c\ub808\uc774 \ubc00\ub3c4: (\ub3c4\ud2b8)<\/td><td class=\"column-2\">160000\u33a1<\/td>\n<\/tr>\n<tr class=\"row-4\">\n\t<td class=\"column-1\">\uc774\uc0c1\uc801\uc778 \uc2dc\uccad \uac70\ub9ac: (m)<\/td><td class=\"column-2\">2.5~100m<\/td>\n<\/tr>\n<tr class=\"row-5\">\n\t<td class=\"column-1\">\ucd5c\ub300 \uc804\ub825 \uc18c\ube44\ub7c9:<\/td><td class=\"column-2\">800w\/\u33a1<\/td>\n<\/tr>\n<tr class=\"row-6\">\n\t<td class=\"column-1\">\uc2a4\uce94 \ubaa8\ub4dc:<\/td><td class=\"column-2\">32\ud68c \uc2a4\uce94<\/td>\n<\/tr>\n<tr class=\"row-7\">\n\t<td class=\"column-1\">\ubc1d\uae30: (CD\/\u33a1)<\/td><td class=\"column-2\">1200<\/td>\n<\/tr>\n<tr class=\"row-8\">\n\t<td class=\"column-1\">\uc2dc\uc57c\uac01 : (m)<\/td><td class=\"column-2\">H 120\u00b0 V 120\u00b0 (50mm \ub7a9\uc5b4\ub77c\uc6b4\ub4dc \ud504\ub808\uc784) \/ H 360\u00b0 V 360\u00b0 (\uc5d0\uc9c0\ub9ac\uc2a4)<\/td>\n<\/tr>\n<tr class=\"row-9\">\n\t<td class=\"column-1\">\uc791\ub3d9 \uc804\uc555:<\/td><td class=\"column-2\">AC 220V\/100V\u00b115% 47~64HZ<\/td>\n<\/tr>\n<tr class=\"row-10\">\n\t<td class=\"column-1\">\uacf5\uae09 \uc804\uc555:<\/td><td class=\"column-2\">5V<\/td>\n<\/tr>\n<tr class=\"row-11\">\n\t<td class=\"column-1\">\uc2dc\uc2a4\ud15c \uc791\ub3d9 \uc8fc\ubcc0 \uc628\ub3c4:<\/td><td class=\"column-2\">-20~60\u00b0C<\/td>\n<\/tr>\n<tr class=\"row-12\">\n\t<td class=\"column-1\">\uc774 \uc2dc\uc2a4\ud15c\uc740 \uc801\ub2f9\ud55c \ud658\uacbd\uc5d0\uc11c \uc791\ub3d9\ud569\ub2c8\ub2e4.<\/td><td class=\"column-2\">10%~90% UR<\/td>\n<\/tr>\n<tr class=\"row-13\">\n\t<td class=\"column-1\">\ud654\uba74 \uc0c9\uc0c1:<\/td><td class=\"column-2\">16.7M<\/td>\n<\/tr>\n<tr class=\"row-14\">\n\t<td class=\"column-1\">\ud68c\uc0c9\uc870 \ub808\ubca8:<\/td><td class=\"column-2\">16384<\/td>\n<\/tr>\n<tr class=\"row-15\">\n\t<td class=\"column-1\">\ud1b5\uc2e0 \ubc29\ubc95:<\/td><td class=\"column-2\">\ub3d9\uae30\ud654 \/ \ube44\ub3d9\uae30\ud654<\/td>\n<\/tr>\n<\/tbody>\n<\/table>\n<!-- #tablepress-31 from cache --><\/div>\n<div id=\"provenanceCertifications_feature_div\" class=\"celwidget\" data-feature-name=\"provenanceCertifications\" data-csa-c-type=\"widget\" data-csa-c-content-id=\"provenanceCertifications\" data-csa-c-slot-id=\"provenanceCertifications_feature_div\" data-csa-c-asin=\"B07DF32D6Q\" data-csa-c-is-in-initial-active-row=\"false\" data-csa-c-id=\"6t8ho-xbknmj-nqaso5-ne24gd\">\n<div id=\"provenance-certifications\" class=\"a-section a-spacing-medium a-spacing-top-micro\">\u00a0<\/div>\n<\/div>","protected":false},"excerpt":{"rendered":"<p><strong>P4 \uc2e4\uc678\uc6a9 LED \ud328\ub110 \ubaa8\ub4c8 - \uc2e4\uc678 \ud658\uacbd\uc5d0\uc11c \uc120\uba85\ud55c \uc2dc\uc57c\ub97c \uc704\ud55c 4mm \ud53d\uc140 \ud53c\uce58\uc758 \uc548\uc815\uc801\uc778 \ub514\uc2a4\ud50c\ub808\uc774<\/strong><\/p>\n<p>\uadf8\ub9cc\ud07c <strong>P4 \uc2e4\uc678 LED \ud328\ub110 \ubaa8\ub4c8<\/strong> \uc911\uac70\ub9ac \ubc0f \ub2e8\uac70\ub9ac \uc2e4\uc678 \uc2dc\uccad\uc5d0 \uc801\ud569\ud558\ub3c4\ub85d \uc124\uacc4\ub418\uc5c8\uc2b5\ub2c8\ub2e4. 4mm \ud53d\uc140 \ud53c\uce58\ub85c \ubc1d\uc740 \ub0ae\uc5d0\ub3c4 \uc120\uba85\ud55c \ud574\uc0c1\ub3c4\uc640 \ubd80\ub4dc\ub7ec\uc6b4 \ud654\uba74\uc744 \uc81c\uacf5\ud569\ub2c8\ub2e4. \uc774 \ubaa8\ub4c8\uc740 \uc774\ubbf8\uc9c0 \uc120\uba85\ub3c4\uc640 \ube44\uc6a9 \ud6a8\uc728\uc131\uc758 \uade0\ud615\uc744 \uc798 \uc7a1\uc558\uc2b5\ub2c8\ub2e4.<\/p>\n<p><strong>\uc8fc\uc694 \uc774\uc810:<\/strong><br \/>\n<strong><br \/>\n\u2714 \uc77c\uad11\uc5d0\uc11c\ub3c4 \ubcfc \uc218 \uc788\ub294 \ud654\uba74:<\/strong> \ud587\ube5b \uc544\ub798\uc5d0\uc11c\ub3c4 \uc120\uba85\ud55c \uc774\ubbf8\uc9c0\ub97c \uc81c\uacf5\ud558\ub294 \ub192\uc740 \ubc1d\uae30(7000cd\/\u33a1)<strong><br \/>\n<\/strong><\/p>\n<p><strong>\u2714 \uc720\uc5f0\ud55c \ud06c\uae30:<\/strong> \ubaa8\ub4c8\uc2dd \uc124\uacc4\ub85c \ub9e4\ub044\ub7ec\uc6b4 \uc870\uc778\ud2b8\ub97c \ud1b5\ud574 \uc0ac\uc6a9\uc790 \uc815\uc758 \ud654\uba74 \ud06c\uae30\uac00 \uac00\ub2a5\ud569\ub2c8\ub2e4.<strong><br \/>\n<\/strong><\/p>\n<p><strong>\u2714 \ub0b4\ud6c4\uc131:<\/strong> IP65 \ub4f1\uae09\uc73c\ub85c \ube44, \uba3c\uc9c0, \uc2b5\ub3c4\uc5d0\uc11c\ub3c4 \uc548\uc815\uc801\uc778 \uc131\ub2a5\uc744 \ubc1c\ud718\ud569\ub2c8\ub2e4.<strong><br \/>\n<\/strong><\/p>\n<p><strong>\u2714 \ud6a8\uc728\uc801\uc774\uace0 \uc6d0\ud65c\ud568: <\/strong>\ub0ae\uc740 <a href=\"https:\/\/www.telaled.com\/ko\/entendendo-o-consumo-de-energia-painel-de-led-quao-eficientes-sao-os-displays-de-led-modernos\/\">\uc5d0\ub108\uc9c0 \uc18c\ube44<\/a> \ud654\uba74 \uae5c\ube61\uc784 \uc5c6\ub294 \uc7ac\uc0dd\uc744 \uc704\ud55c \uc548\uc815\uc801\uc778 \uc0c8\ub85c \uace0\uce68\ub960\uc744 \uc81c\uacf5\ud569\ub2c8\ub2e4.<\/p>","protected":false},"featured_media":2700,"template":"","meta":[],"product_brand":[],"product_cat":[41],"product_tag":[],"class_list":{"0":"post-2542","1":"product","2":"type-product","3":"status-publish","4":"has-post-thumbnail","6":"product_cat-modulo-painel-de-led","8":"first","9":"instock","10":"shipping-taxable","11":"product-type-simple"},"yoast_head":"<!-- This site is optimized with the Yoast SEO plugin v27.5 - https:\/\/yoast.com\/product\/yoast-seo-wordpress\/ -->\n<title>Modulo Painel de LED P4 Exteriores | Tela de Ata Resolu\u00e7\u00e3o para Publicidade Externa |TELALED<\/title>\n<meta name=\"description\" content=\"Atualize sua sinaliza\u00e7\u00e3o externa com nosso Modulo Painel de LED P4 Exteriores. Com uma densidade de pixels de 4 mm, ele oferece imagens n\u00edtidas mesmo \u00e0 luz do dia. Criado para durabilidade e desempenho de longo prazo. Fa\u00e7a uma cota\u00e7\u00e3o agora!\" \/>\n<meta name=\"robots\" content=\"index, follow, max-snippet:-1, max-image-preview:large, max-video-preview:-1\" \/>\n<link rel=\"canonical\" href=\"https:\/\/www.telaled.com\/ko\/fabrica\/modulo-painel-de-led-p4-exteriores\/\" \/>\n<meta property=\"og:locale\" content=\"ko_KR\" \/>\n<meta property=\"og:type\" content=\"article\" \/>\n<meta property=\"og:title\" content=\"Modulo Painel de LED P4 Exteriores | Tela de Ata Resolu\u00e7\u00e3o para Publicidade Externa |TELALED\" \/>\n<meta property=\"og:description\" content=\"Atualize sua sinaliza\u00e7\u00e3o externa com nosso Modulo Painel de LED P4 Exteriores. Com uma densidade de pixels de 4 mm, ele oferece imagens n\u00edtidas mesmo \u00e0 luz do dia. Criado para durabilidade e desempenho de longo prazo. Fa\u00e7a uma cota\u00e7\u00e3o agora!\" \/>\n<meta property=\"og:url\" content=\"https:\/\/www.telaled.com\/ko\/fabrica\/modulo-painel-de-led-p4-exteriores\/\" \/>\n<meta property=\"og:site_name\" content=\"TELALED\" \/>\n<meta property=\"article:modified_time\" content=\"2026-01-02T08:46:54+00:00\" \/>\n<meta property=\"og:image\" content=\"https:\/\/www.telaled.com\/wp-content\/uploads\/2025\/07\/modulo-painel-de-led-p4-exteriores-1-1.webp\" \/>\n\t<meta property=\"og:image:width\" content=\"500\" \/>\n\t<meta property=\"og:image:height\" content=\"500\" \/>\n\t<meta property=\"og:image:type\" content=\"image\/webp\" \/>\n<meta name=\"twitter:card\" content=\"summary_large_image\" \/>\n<meta name=\"twitter:label1\" content=\"\uc608\uc0c1 \ub418\ub294 \ud310\ub3c5 \uc2dc\uac04\" \/>\n\t<meta name=\"twitter:data1\" content=\"2\ubd84\" \/>\n<script type=\"application\/ld+json\" class=\"yoast-schema-graph\">{\"@context\":\"https:\\\/\\\/schema.org\",\"@graph\":[{\"@type\":\"WebPage\",\"@id\":\"https:\\\/\\\/www.telaled.com\\\/fabrica\\\/modulo-painel-de-led-p4-exteriores\\\/\",\"url\":\"https:\\\/\\\/www.telaled.com\\\/fabrica\\\/modulo-painel-de-led-p4-exteriores\\\/\",\"name\":\"Modulo Painel de LED P4 Exteriores | Tela de Ata Resolu\u00e7\u00e3o para Publicidade Externa |TELALED\",\"isPartOf\":{\"@id\":\"https:\\\/\\\/www.telaled.com\\\/#website\"},\"primaryImageOfPage\":{\"@id\":\"https:\\\/\\\/www.telaled.com\\\/fabrica\\\/modulo-painel-de-led-p4-exteriores\\\/#primaryimage\"},\"image\":{\"@id\":\"https:\\\/\\\/www.telaled.com\\\/fabrica\\\/modulo-painel-de-led-p4-exteriores\\\/#primaryimage\"},\"thumbnailUrl\":\"https:\\\/\\\/www.telaled.com\\\/wp-content\\\/uploads\\\/2025\\\/07\\\/modulo-painel-de-led-p4-exteriores-1-1.webp\",\"datePublished\":\"2025-07-14T03:51:55+00:00\",\"dateModified\":\"2026-01-02T08:46:54+00:00\",\"description\":\"Atualize sua sinaliza\u00e7\u00e3o externa com nosso Modulo Painel de LED P4 Exteriores. Com uma densidade de pixels de 4 mm, ele oferece imagens n\u00edtidas mesmo \u00e0 luz do dia. Criado para durabilidade e desempenho de longo prazo. Fa\u00e7a uma cota\u00e7\u00e3o agora!\",\"breadcrumb\":{\"@id\":\"https:\\\/\\\/www.telaled.com\\\/fabrica\\\/modulo-painel-de-led-p4-exteriores\\\/#breadcrumb\"},\"inLanguage\":\"ko-KR\",\"potentialAction\":[{\"@type\":\"ReadAction\",\"target\":[\"https:\\\/\\\/www.telaled.com\\\/fabrica\\\/modulo-painel-de-led-p4-exteriores\\\/\"]}]},{\"@type\":\"ImageObject\",\"inLanguage\":\"ko-KR\",\"@id\":\"https:\\\/\\\/www.telaled.com\\\/fabrica\\\/modulo-painel-de-led-p4-exteriores\\\/#primaryimage\",\"url\":\"https:\\\/\\\/www.telaled.com\\\/wp-content\\\/uploads\\\/2025\\\/07\\\/modulo-painel-de-led-p4-exteriores-1-1.webp\",\"contentUrl\":\"https:\\\/\\\/www.telaled.com\\\/wp-content\\\/uploads\\\/2025\\\/07\\\/modulo-painel-de-led-p4-exteriores-1-1.webp\",\"width\":500,\"height\":500,\"caption\":\"modulo-painel-de-led-p4-exteriores (1)\"},{\"@type\":\"BreadcrumbList\",\"@id\":\"https:\\\/\\\/www.telaled.com\\\/fabrica\\\/modulo-painel-de-led-p4-exteriores\\\/#breadcrumb\",\"itemListElement\":[{\"@type\":\"ListItem\",\"position\":1,\"name\":\"Home\",\"item\":\"https:\\\/\\\/www.telaled.com\\\/\"},{\"@type\":\"ListItem\",\"position\":2,\"name\":\"Produtos\",\"item\":\"https:\\\/\\\/www.telaled.com\\\/shop\\\/\"},{\"@type\":\"ListItem\",\"position\":3,\"name\":\"Modulo Painel de LED P4 Exteriores\"}]},{\"@type\":\"WebSite\",\"@id\":\"https:\\\/\\\/www.telaled.com\\\/#website\",\"url\":\"https:\\\/\\\/www.telaled.com\\\/\",\"name\":\"TELALED\",\"description\":\"\",\"potentialAction\":[{\"@type\":\"SearchAction\",\"target\":{\"@type\":\"EntryPoint\",\"urlTemplate\":\"https:\\\/\\\/www.telaled.com\\\/?s={search_term_string}\"},\"query-input\":{\"@type\":\"PropertyValueSpecification\",\"valueRequired\":true,\"valueName\":\"search_term_string\"}}],\"inLanguage\":\"ko-KR\"}]}<\/script>\n<!-- \/ Yoast SEO plugin. -->","yoast_head_json":{"title":"P4 \uc2e4\uc678\uc6a9 LED \ud328\ub110 \ubaa8\ub4c8 | \uc625\uc678 \uad11\uace0\uc6a9 \uace0\ud574\uc0c1\ub3c4 \uc2a4\ud06c\ub9b0 | TELALED","description":"P4 \uc2e4\uc678\uc6a9 LED \ud328\ub110 \ubaa8\ub4c8\ub85c \uc2e4\uc678 \uac04\ud310\uc744 \uc5c5\uadf8\ub808\uc774\ub4dc\ud558\uc138\uc694. 4mm \ud53d\uc140 \ud53c\uce58\ub85c \ub0ae\uc5d0\ub3c4 \uc120\uba85\ud55c \uc774\ubbf8\uc9c0\ub97c \uc81c\uacf5\ud569\ub2c8\ub2e4. \ub0b4\uad6c\uc131\uacfc \uc7a5\uae30\uc801\uc778 \uc131\ub2a5\uc744 \uc704\ud574 \uc124\uacc4\ub418\uc5c8\uc2b5\ub2c8\ub2e4. \uc9c0\uae08 \ubc14\ub85c \uacac\uc801\uc744 \ubc1b\uc544\ubcf4\uc138\uc694!","robots":{"index":"index","follow":"follow","max-snippet":"max-snippet:-1","max-image-preview":"max-image-preview:large","max-video-preview":"max-video-preview:-1"},"canonical":"https:\/\/www.telaled.com\/ko\/fabrica\/modulo-painel-de-led-p4-exteriores\/","og_locale":"ko_KR","og_type":"article","og_title":"Modulo Painel de LED P4 Exteriores | Tela de Ata Resolu\u00e7\u00e3o para Publicidade Externa |TELALED","og_description":"Atualize sua sinaliza\u00e7\u00e3o externa com nosso Modulo Painel de LED P4 Exteriores. Com uma densidade de pixels de 4 mm, ele oferece imagens n\u00edtidas mesmo \u00e0 luz do dia. Criado para durabilidade e desempenho de longo prazo. Fa\u00e7a uma cota\u00e7\u00e3o agora!","og_url":"https:\/\/www.telaled.com\/ko\/fabrica\/modulo-painel-de-led-p4-exteriores\/","og_site_name":"TELALED","article_modified_time":"2026-01-02T08:46:54+00:00","og_image":[{"width":500,"height":500,"url":"https:\/\/www.telaled.com\/wp-content\/uploads\/2025\/07\/modulo-painel-de-led-p4-exteriores-1-1.webp","type":"image\/webp"}],"twitter_card":"summary_large_image","twitter_misc":{"\uc608\uc0c1 \ub418\ub294 \ud310\ub3c5 \uc2dc\uac04":"2\ubd84"},"schema":{"@context":"https:\/\/schema.org","@graph":[{"@type":"WebPage","@id":"https:\/\/www.telaled.com\/fabrica\/modulo-painel-de-led-p4-exteriores\/","url":"https:\/\/www.telaled.com\/fabrica\/modulo-painel-de-led-p4-exteriores\/","name":"P4 \uc2e4\uc678\uc6a9 LED \ud328\ub110 \ubaa8\ub4c8 | \uc625\uc678 \uad11\uace0\uc6a9 \uace0\ud574\uc0c1\ub3c4 \uc2a4\ud06c\ub9b0 | TELALED","isPartOf":{"@id":"https:\/\/www.telaled.com\/#website"},"primaryImageOfPage":{"@id":"https:\/\/www.telaled.com\/fabrica\/modulo-painel-de-led-p4-exteriores\/#primaryimage"},"image":{"@id":"https:\/\/www.telaled.com\/fabrica\/modulo-painel-de-led-p4-exteriores\/#primaryimage"},"thumbnailUrl":"https:\/\/www.telaled.com\/wp-content\/uploads\/2025\/07\/modulo-painel-de-led-p4-exteriores-1-1.webp","datePublished":"2025-07-14T03:51:55+00:00","dateModified":"2026-01-02T08:46:54+00:00","description":"P4 \uc2e4\uc678\uc6a9 LED \ud328\ub110 \ubaa8\ub4c8\ub85c \uc2e4\uc678 \uac04\ud310\uc744 \uc5c5\uadf8\ub808\uc774\ub4dc\ud558\uc138\uc694. 4mm \ud53d\uc140 \ud53c\uce58\ub85c \ub0ae\uc5d0\ub3c4 \uc120\uba85\ud55c \uc774\ubbf8\uc9c0\ub97c \uc81c\uacf5\ud569\ub2c8\ub2e4. \ub0b4\uad6c\uc131\uacfc \uc7a5\uae30\uc801\uc778 \uc131\ub2a5\uc744 \uc704\ud574 \uc124\uacc4\ub418\uc5c8\uc2b5\ub2c8\ub2e4. \uc9c0\uae08 \ubc14\ub85c \uacac\uc801\uc744 \ubc1b\uc544\ubcf4\uc138\uc694!","breadcrumb":{"@id":"https:\/\/www.telaled.com\/fabrica\/modulo-painel-de-led-p4-exteriores\/#breadcrumb"},"inLanguage":"ko-KR","potentialAction":[{"@type":"ReadAction","target":["https:\/\/www.telaled.com\/fabrica\/modulo-painel-de-led-p4-exteriores\/"]}]},{"@type":"ImageObject","inLanguage":"ko-KR","@id":"https:\/\/www.telaled.com\/fabrica\/modulo-painel-de-led-p4-exteriores\/#primaryimage","url":"https:\/\/www.telaled.com\/wp-content\/uploads\/2025\/07\/modulo-painel-de-led-p4-exteriores-1-1.webp","contentUrl":"https:\/\/www.telaled.com\/wp-content\/uploads\/2025\/07\/modulo-painel-de-led-p4-exteriores-1-1.webp","width":500,"height":500,"caption":"modulo-painel-de-led-p4-exteriores (1)"},{"@type":"BreadcrumbList","@id":"https:\/\/www.telaled.com\/fabrica\/modulo-painel-de-led-p4-exteriores\/#breadcrumb","itemListElement":[{"@type":"ListItem","position":1,"name":"Home","item":"https:\/\/www.telaled.com\/"},{"@type":"ListItem","position":2,"name":"Produtos","item":"https:\/\/www.telaled.com\/shop\/"},{"@type":"ListItem","position":3,"name":"Modulo Painel de LED P4 Exteriores"}]},{"@type":"WebSite","@id":"https:\/\/www.telaled.com\/#website","url":"https:\/\/www.telaled.com\/","name":"LED \uc2a4\ud06c\ub9b0","description":"","potentialAction":[{"@type":"SearchAction","target":{"@type":"EntryPoint","urlTemplate":"https:\/\/www.telaled.com\/?s={search_term_string}"},"query-input":{"@type":"PropertyValueSpecification","valueRequired":true,"valueName":"search_term_string"}}],"inLanguage":"ko-KR"}]}},"_links":{"self":[{"href":"https:\/\/www.telaled.com\/ko\/wp-json\/wp\/v2\/product\/2542","targetHints":{"allow":["GET"]}}],"collection":[{"href":"https:\/\/www.telaled.com\/ko\/wp-json\/wp\/v2\/product"}],"about":[{"href":"https:\/\/www.telaled.com\/ko\/wp-json\/wp\/v2\/types\/product"}],"wp:featuredmedia":[{"embeddable":true,"href":"https:\/\/www.telaled.com\/ko\/wp-json\/wp\/v2\/media\/2700"}],"wp:attachment":[{"href":"https:\/\/www.telaled.com\/ko\/wp-json\/wp\/v2\/media?parent=2542"}],"wp:term":[{"taxonomy":"product_brand","embeddable":true,"href":"https:\/\/www.telaled.com\/ko\/wp-json\/wp\/v2\/product_brand?post=2542"},{"taxonomy":"product_cat","embeddable":true,"href":"https:\/\/www.telaled.com\/ko\/wp-json\/wp\/v2\/product_cat?post=2542"},{"taxonomy":"product_tag","embeddable":true,"href":"https:\/\/www.telaled.com\/ko\/wp-json\/wp\/v2\/product_tag?post=2542"}],"curies":[{"name":"\uc6cc\ub4dc\ud504\ub808\uc2a4","href":"https:\/\/api.w.org\/{rel}","templated":true}]}}