{"id":1402,"date":"2023-06-08T08:15:42","date_gmt":"2023-06-08T08:15:42","guid":{"rendered":"https:\/\/plum-wolverine-723597.hostingersite.com\/?post_type=product&#038;p=1402"},"modified":"2026-01-02T03:41:52","modified_gmt":"2026-01-02T03:41:52","slug":"modulo-painel-de-led-p1","status":"publish","type":"product","link":"https:\/\/www.telaled.com\/ko\/fabrica\/modulo-painel-de-led-p1\/","title":{"rendered":"P1 LED \ud328\ub110 \ubaa8\ub4c8"},"content":{"rendered":"<h2>\uc65c P1 LED \ud328\ub110\uc744 \uc120\ud0dd\ud574\uc57c \ud560\uae4c\uc694?<\/h2>\n<p><strong>\uace0\ud654\uc9c8(Exceptional HD)<\/strong><br \/>\n1.0~1.5mm\uc758 \ud53d\uc140 \ud53c\uce58\ub85c \uac00\uae4c\uc6b4 \uac70\ub9ac\uc5d0\uc11c\ub3c4 \ub9e4\uc6b0 \uc120\uba85\ud55c \uc774\ubbf8\uc9c0\ub97c \ubcf4\uc7a5\ud569\ub2c8\ub2e4. \ub2e4\uc74c\uacfc \uac19\uc740 \uc6a9\ub3c4\uc5d0 \uc774\uc0c1\uc801\uc785\ub2c8\ub2e4. <a href=\"https:\/\/www.telaled.com\/ko\/led-para-vitrine-de-loja\/\">\uc1fc\uc708\ub3c4<\/a>, \ud1b5\uc81c\uc2e4 \ubc0f \ud504\ub9ac\ubbf8\uc5c4 \uad11\uace0.<\/p>\n<p><strong>\uc800\uc5d0\ub108\uc9c0 \uc18c\ube44(\uc2a4\ub9c8\ud2b8 \uacbd\uc81c)<\/strong><br \/>\n\uae30\uc874 \ud328\ub110\ubcf4\ub2e4 \ucd5c\ub300 50% \uc801\uc740 \uc5d0\ub108\uc9c0\ub97c \uc18c\ubaa8\ud558\uc5ec \ubc1d\uae30(900\ub2c8\ud2b8)\ub97c \ud76c\uc0dd\ud558\uc9c0 \uc54a\uace0\ub3c4 \uc804\uae30 \uc694\uae08\uc744 \uc808\uac10\ud569\ub2c8\ub2e4.<\/p>\n<p><strong>\uae34 \uc11c\ube44\uc2a4 \uc218\uba85(\uac80\uc99d\ub41c \ub0b4\uad6c\uc131)<\/strong><br \/>\n10\ub9cc \uc2dc\uac04 \uc774\uc0c1\uc758 \uc5f0\uc18d \uc0ac\uc6a9\uc774 \uac00\ub2a5\ud558\uba70, \ubc1d\uae30 \uc800\ud558\uac00 \ub0ae\uc544(&lt;3%) \uc7a5\uae30\uc801\uc778 \uc0c1\uc5c5\uc801 \uc6a9\ub3c4\uc5d0 \uc801\ud569\ud569\ub2c8\ub2e4.<\/p>\n<p><strong>\uac04\ud3b8\ud55c \uc124\uce58 \ubc0f \uc720\uc9c0 \uad00\ub9ac<\/strong><br \/>\n\ud45c\uc900\ud654\ub41c \ubaa8\ub4c8(320x160mm)\uc744 \uc0ac\uc6a9\ud558\uba74 \ube60\ub978 \uc870\ub9bd\uacfc \uac1c\ubcc4 \uad50\uccb4\uac00 \uac00\ub2a5\ud558\uc5ec \uac00\ub3d9 \uc911\uc9c0 \uc2dc\uac04\uc744 \ucd5c\uc18c\ud654\ud560 \uc218 \uc788\uc2b5\ub2c8\ub2e4.<\/p>\n<p><strong>\ucee8\ud2b8\ub864\ub7ec \ud638\ud658\uc131(\uc804\uccb4 \uc720\uc5f0\uc131)<\/strong><br \/>\nNovastar, Huidu, Colorlight \uc2dc\uc2a4\ud15c\uacfc \uc644\ubcbd\ud558\uac8c \ud1b5\ud569\ub418\uc5b4 \ub3d9\uc801 \ube44\ub514\uc624\uc5d0 \ub300\ud55c \uc815\ubc00\ud55c \uc0c9\uc0c1 \uc81c\uc5b4\uc640 \ub3d9\uae30\ud654\ub97c \uc81c\uacf5\ud569\ub2c8\ub2e4.<\/p>\n<p><strong style=\"color: #555555; font-size: 14.4px;\">\uc774\uc0c1\uc801\uc778 \uc751\uc6a9 \ubd84\uc57c:<\/strong><\/p>\n<ul>\n<li>\uc1fc\ud551\ubab0 \ucc3d\ubb38(P1 \uc2e4\ub0b4: 900\ub2c8\ud2b8)<\/li>\n<li>TV \uc2a4\ud29c\ub514\uc624(\uc7ac\uc0dd \ube48\ub3c4 \u22653840Hz)<\/li>\n<li>\uae30\uc5c5\uc6a9 \uac04\ud310(320x160mm \ubaa8\ub4c8, 51200\ud53d\uc140)<\/li>\n<\/ul>\n<p><img loading=\"lazy\" decoding=\"async\" class=\"alignnone wp-image-2017 size-full\" src=\"https:\/\/www.telaled.com\/wp-content\/uploads\/2023\/06\/quality-led-module-materials-1.webp\" alt=\"\ud488\uc9c8 \uc8fc\ub3c4 \ubaa8\ub4c8 \uc18c\uc7ac\" width=\"768\" height=\"555\" srcset=\"https:\/\/www.telaled.com\/wp-content\/uploads\/2023\/06\/quality-led-module-materials-1.webp 768w, https:\/\/www.telaled.com\/wp-content\/uploads\/2023\/06\/quality-led-module-materials-1-300x217.webp 300w, https:\/\/www.telaled.com\/wp-content\/uploads\/2023\/06\/quality-led-module-materials-1-18x12.webp 18w, https:\/\/www.telaled.com\/wp-content\/uploads\/2023\/06\/quality-led-module-materials-1-600x434.webp 600w\" sizes=\"auto, (max-width: 768px) 100vw, 768px\" \/><\/p>\n\n<table id=\"tablepress-2\" class=\"tablepress tablepress-id-2\">\n<thead>\n<tr class=\"row-1\">\n\t<th colspan=\"4\" class=\"column-1\">\uae30\uc220\uc801 \uc138\ubd80 \uc0ac\ud56d<\/th>\n<\/tr>\n<\/thead>\n<tbody class=\"row-striping row-hover\">\n<tr class=\"row-2\">\n\t<td class=\"column-1\">\ubaa8\ub378 \ubc88\ud638<\/td><td class=\"column-2\">TL \u2013 P1 \ub0b4\ubd80 LED \ud328\ub110 \ubaa8\ub4c8<\/td><td class=\"column-3\"><\/td><td class=\"column-4\"><\/td>\n<\/tr>\n<tr class=\"row-3\">\n\t<td class=\"column-1\">\ube0c\ub79c\ub4dc \uc774\ub984<\/td><td class=\"column-2\">TELALED \uc81c\uc870\uc5c5\uccb4<\/td><td class=\"column-3\">\ud654\uba74 \ud3c9\ud0c4\ub3c4<\/td><td class=\"column-4\">&lt;\u00b11mm<\/td>\n<\/tr>\n<tr class=\"row-4\">\n\t<td class=\"column-1\">\uc6d0\uc0b0\uc9c0<\/td><td class=\"column-2\">\uad11\ub465, \uc911\uad6d<\/td><td class=\"column-3\">\ud3c9\uade0 \uace0\uc7a5 \uac04\uaca9(MTBF)<\/td><td class=\"column-4\">10,000\uc2dc\uac04<\/td>\n<\/tr>\n<tr class=\"row-5\">\n\t<td class=\"column-1\">\ud53d\uc140 \uac70\ub9ac<\/td><td class=\"column-2\">\ud53c1<\/td><td class=\"column-3\">\uc720\uc6a9\ud55c \uc218\uba85<\/td><td class=\"column-4\">10\ub9cc \uc2dc\uac04<\/td>\n<\/tr>\n<tr class=\"row-6\">\n\t<td class=\"column-1\">\ucd5c\uc18c \uc2dc\uccad \uac70\ub9ac<\/td><td class=\"column-2\">1m<\/td><td class=\"column-3\">\ub514\uc2a4\ud50c\ub808\uc774 \uc791\ub3d9 \uc804\uc555<\/td><td class=\"column-4\">AC46\uff5e54HZ, 220V\u00b115%\/110V\u00b115%<\/td>\n<\/tr>\n<tr class=\"row-7\">\n\t<td class=\"column-1\">LED \uad6c\uc131<\/td><td class=\"column-2\">SMD0808<\/td><td class=\"column-3\">\uad11 \uac10\uc1e0<\/td><td class=\"column-4\">\uff1c3%<\/td>\n<\/tr>\n<tr class=\"row-8\">\n\t<td class=\"column-1\">\ubaa8\ub4c8 \ud574\uc0c1\ub3c4<\/td><td class=\"column-2\">320\u00d7160 \ud53d\uc140<\/td><td class=\"column-3\">\ub204\uc124 \uc804\ub958<\/td><td class=\"column-4\">&lt;3mA<\/td>\n<\/tr>\n<tr class=\"row-9\">\n\t<td class=\"column-1\">\ubaa8\ub4c8 \ud53d\uc140<\/td><td class=\"column-2\">51200\ud53d\uc140<\/td><td class=\"column-3\">IP \ubcf4\ud638 \ub4f1\uae09<\/td><td class=\"column-4\">\ud6c4\uba74: IP40 \/ \uc804\uba74: IP50<\/td>\n<\/tr>\n<tr class=\"row-10\">\n\t<td class=\"column-1\">\ubaa8\ub4c8 \ud06c\uae30<\/td><td class=\"column-2\">\ud3ed 320mm*\ub192\uc774 160mm*\ub450\uaed8 13<\/td><td class=\"column-3\">\uc791\uc5c5 \ud658\uacbd\uc758 \uc628\ub3c4 \ubc0f \uc2b5\ub3c4<\/td><td class=\"column-4\">\uc628\ub3c4: -20\u00b0C~+60\u00b0C \/ \uc2b5\ub3c4: 10%~90% RH<\/td>\n<\/tr>\n<tr class=\"row-11\">\n\t<td class=\"column-1\">\uce90\ube44\ub2db \ud06c\uae30<\/td><td class=\"column-2\">640mm*640mm<\/td><td class=\"column-3\">\uc9c0\uc6d0\ub418\ub294 \ubbf8\ub514\uc5b4<\/td><td class=\"column-4\">\uae30\uc220 \ub370\uc774\ud130, \uc0ac\uc9c4, CAD \ubaa8\ub378, \ube44\ub514\uc624<\/td>\n<\/tr>\n<tr class=\"row-12\">\n\t<td class=\"column-1\">\ud53d\uc140 \uad6c\uc131<\/td><td class=\"column-2\">SMD3in1, \ud480 \uceec\ub7ec R\/G\/B 1:1:1<\/td><td class=\"column-3\">\uae30\ub2a5<\/td><td class=\"column-4\">SDK<\/td>\n<\/tr>\n<tr class=\"row-13\">\n\t<td class=\"column-1\">\uade0\ud615 \uc7a1\ud78c \ube5b<\/td><td class=\"column-2\">1000cd\/m\u00b2 (\uc2e4\ub0b4)<\/td><td class=\"column-3\">\uc81c\uc5b4 \ubaa8\ub4dc<\/td><td class=\"column-4\">\uc81c\uc5b4 PC\uc640 DVI\ub97c \ud1b5\ud55c \ub3d9\uae30\ud654<\/td>\n<\/tr>\n<tr class=\"row-14\">\n\t<td class=\"column-1\">\uad6c\ub3d9 \ubc29\ubc95<\/td><td class=\"column-2\">1\/40<\/td><td class=\"column-3\">\uc9c0\uc6d0\ub418\ub294 \uc18c\ud504\ud2b8\uc6e8\uc5b4<\/td><td class=\"column-4\">\uc708\ub3c4\uc6b0 XP\/W7\/\ube44\uc2a4\ud0c0<\/td>\n<\/tr>\n<tr class=\"row-15\">\n\t<td class=\"column-1\">\uc5c5\ub370\uc774\ud2b8 \uc18d\ub3c4<\/td><td class=\"column-2\">\u22651920Hz<\/td><td class=\"column-3\">\uc81c\uc5b4 \uc2dc\uc2a4\ud15c<\/td><td class=\"column-4\">DVI \uce74\ub4dc + \ud480 \uceec\ub7ec \ucee8\ud2b8\ub864\ub7ec + \uad11\uc12c\uc720(\uc635\uc158)<\/td>\n<\/tr>\n<tr class=\"row-16\">\n\t<td class=\"column-1\">\ubcc0\uacbd \uac10\uc9c0 \ube48\ub3c4<\/td><td class=\"column-2\">50-60Hz<\/td><td class=\"column-3\">\uba54\uc778 \uc81c\uc5b4 \uc2dc\uc2a4\ud15c \ub9c8\ud06c<\/td><td class=\"column-4\">\ub178\ubc14\uc2a4\ud0c0, \ub9b0\uc2a8, \ud6c4\uc774\ub450, \uceec\ub7ec\ub77c\uc774\ud2b8<\/td>\n<\/tr>\n<tr class=\"row-17\">\n\t<td class=\"column-1\">\uc2dc\uc57c\uac01<\/td><td class=\"column-2\">H140\u00b0 V120\u00b0<\/td><td class=\"column-3\">\uc778\ud130\ud398\uc774\uc2a4<\/td><td class=\"column-4\">\ud45c\uc900 \uc774\ub354\ub137<\/td>\n<\/tr>\n<tr class=\"row-18\">\n\t<td class=\"column-1\">\ube44\ud65c\uc131 \uc870\uba85 \uc18d\ub3c4<\/td><td class=\"column-2\">\u22641%<\/td><td class=\"column-3\">\uc804\uc1a1 \uac70\ub9ac<\/td><td class=\"column-4\">\uba40\ud2f0\ubaa8\ub4dc \ud30c\uc774\ubc84 <500m >\n<\/tr>\n<tr class=\"row-19\">\n\t<td class=\"column-1\">\uc5d0\ub108\uc9c0 \ub0ad\ube44<\/td><td class=\"column-2\">700*1000W\/m2<\/td><td class=\"column-3\">\ubcf4\uc7a5\ud558\ub2e4<\/td><td class=\"column-4\">5\ub144<\/td>\n<\/tr>\n<tr class=\"row-20\">\n\t<td class=\"column-1\">\ud3c9\uade0 \uc5d0\ub108\uc9c0 \uc18c\ube44\ub7c9<\/td><td class=\"column-2\">316W\/m2<\/td><td class=\"column-3\">\uacf5\uae09\uc5c5\uccb4 \uc720\ud615<\/td><td class=\"column-4\">\uc6d0\ub798 \uc81c\uc870\uc5c5\uccb4\/ODM\/OEM<\/td>\n<\/tr>\n<tr class=\"row-21\">\n\t<td class=\"column-1\">\ud68c\uc0c9 \ub808\ubca8<\/td><td class=\"column-2\">16\ube44\ud2b8(4096\ub808\ubca8)(212)<\/td><td class=\"column-3\">\ubc30\uc1a1 \uc2dc\uac04<\/td><td class=\"column-4\">25 (\ub610\ub294 \ud611\uc0c1 \uac00\ub2a5)<\/td>\n<\/tr>\n<tr class=\"row-22\">\n\t<td class=\"column-1\">\ub514\uc2a4\ud50c\ub808\uc774 \uc0c9\uc0c1<\/td><td class=\"column-2\">16\uac1c\uc6d4<\/td><td class=\"column-3\">\uc560\ud50c\ub9ac\ucf00\uc774\uc158<\/td><td class=\"column-4\">\uad11\uace0\/\uc778\ud14c\ub9ac\uc5b4\/\uc775\uc2a4\ud14c\ub9ac\uc5b4<\/td>\n<\/tr>\n<tr class=\"row-23\">\n\t<td class=\"column-1\">\uc911\ub2e8 \uc5c6\ub294 \uadfc\ubb34 \uc2dc\uac04<\/td><td class=\"column-2\">\u226572\uc2dc\uac04<\/td><td class=\"column-3\">\uc0ac\uc6a9<\/td><td class=\"column-4\">\ub514\uc9c0\ud138 \uad11\uace0, \uc1fc\ud551\ubab0, \uc6f0\ucef4 \ub514\uc2a4\ud50c\ub808\uc774, \uc804\uc2dc\uc7a5, \uacf5\ud56d, \uad50\ud68c, \uc2a4\ud3ec\uce20, \uc774\ubca4\ud2b8, \ud68c\uc758, \ub80c\ud138, \ubb34\ub300, \uc790\ub3d9\ucc28, \uc18c\ub9e4, \uc6e8\ub529<\/td>\n<\/tr>\n<tr class=\"row-24\">\n\t<td class=\"column-1\">\uc774\uc0b0 \uc0ac\uac01\uc9c0\ub300 \ube44\uc728<\/td><td class=\"column-2\"><1><td class=\"column-3\">\ud3ec\uc7a5 \uc138\ubd80 \uc815\ubcf4<\/td><td class=\"column-4\">\uac15\ud654\ub41c \uace8\ud310\uc9c0 \uc0c1\uc790 + \ubaa9\uc7ac<\/td>\n<\/tr>\n<tr class=\"row-25\">\n\t<td class=\"column-1\">\uc5f0\uc18d \uc0ac\uac01\uc9c0\ub300 \ube44\uc728<\/td><td class=\"column-2\">\uc5c6\uc74c<\/td><td class=\"column-3\">\uacf5\uae09 \ub2a5\ub825<\/td><td class=\"column-4\">5,000\ub300\/\uc6d4<\/td>\n<\/tr>\n<tr class=\"row-26\">\n\t<td class=\"column-1\">\uc0ac\uac01\uc9c0\ub300 \ube44\uc728<\/td><td class=\"column-2\"><1><td class=\"column-3\">\ud56d\uad6c<\/td><td class=\"column-4\">\uc120\uc804<\/td>\n<\/tr>\n<\/tbody>\n<\/table>","protected":false},"excerpt":{"rendered":"<p>P1 LED \ubaa8\ub4c8\uc758 \ud2b9\uc9d5\uc740 \ub2e4\uc74c\uacfc \uac19\uc2b5\ub2c8\ub2e4. <a href=\"https:\/\/www.telaled.com\/ko\/pixel-pitch\/\">\ud53d\uc140 \ud53c\uce58<\/a> \ub450\uaed8 1mm\uc758 \ucd08\uc18c\ud615 \ub514\uc790\uc778\uc5d0 \ub192\uc740 \ud654\uc18c \ubc00\ub3c4(1,000,000\/m\u00b2)\ub97c \uc81c\uacf5\ud558\uc5ec \uac00\uae4c\uc6b4 \uac70\ub9ac\uc5d0\uc11c\ub3c4 \uc120\uba85\ud55c \uc774\ubbf8\uc9c0\ub97c \uad6c\ud604\ud569\ub2c8\ub2e4. 600~1000\ub2c8\ud2b8\uc758 \ubc1d\uae30 \uc870\uc808 \uae30\ub2a5\uacfc 140\u00b0(\uc218\ud3c9)\/120\u00b0(\uc218\uc9c1)\uc758 \ub113\uc740 \uc2dc\uc57c\uac01\uc73c\ub85c \uc5b4\ub290 \uc704\uce58\uc5d0\uc11c\ub3c4 \ucd5c\uc801\uc758 \uc2dc\uc778\uc131\uc744 \ubcf4\uc7a5\ud569\ub2c8\ub2e4.<\/p>\n<p><strong>P1 LED\uc758 \uae30\uc220\uc801 \ud558\uc774\ub77c\uc774\ud2b8:<\/strong><\/p>\n<ul>\n<li>3-in-1 SMD \uae30\uc220: 16\ube44\ud2b8 \uae4a\uc774(680\uc5b5 \uc0c9\uc0c1)\uc758 \uc21c\uc218 RGB \uc0c9\uc0c1<\/li>\n<li>\uc5d0\ub108\uc9c0 \ud6a8\uc728 : \uae30\uc874 \ubaa8\ub4c8 \ub300\ube44 316W\/m\u00b2\uc758 \uc18c\ube44\ub7c9\uc73c\ub85c 30% \uac10\uc18c<\/li>\n<li>\uc778\uc99d\ub41c \ub0b4\uad6c\uc131: IP50 \uc804\uba74\/IP40 \ud6c4\uba74 \ubcf4\ud638 \uae30\ub2a5\uc73c\ub85c 100,000\uc2dc\uac04 \uc774\uc0c1 \uc218\uba85<\/li>\n<li>\uc5f0\uc7a5 \ubcf4\uc99d: \uc804\uccb4 \uae30\uacc4\uc5d0 \ub300\ud55c 3\ub144 + 5% \uc608\ube44 \ubd80\ud488 \uad50\uccb4\ub97c \ud3ec\ud568\ud55c \ud3c9\uc0dd \uc720\uc9c0 \uad00\ub9ac<\/li>\n<\/ul>","protected":false},"featured_media":2005,"template":"","meta":[],"product_brand":[],"product_cat":[41],"product_tag":[],"class_list":{"0":"post-1402","1":"product","2":"type-product","3":"status-publish","4":"has-post-thumbnail","6":"product_cat-modulo-painel-de-led","8":"first","9":"instock","10":"shipping-taxable","11":"product-type-simple"},"yoast_head":"<!-- This site is optimized with the Yoast SEO plugin v27.5 - https:\/\/yoast.com\/product\/yoast-seo-wordpress\/ -->\n<title>Modulo Painel de LED P1 - F\u00e1brica Chinesa | TELALED<\/title>\n<meta name=\"description\" content=\"M\u00f3dulo LED P1 com pitch de 1mm para alta defini\u00e7\u00e3o. F\u00e1brica direta oferece 3 anos de garantia, ideal para est\u00e1dios e shows. Solicite or\u00e7amento personalizado!\" \/>\n<meta name=\"robots\" content=\"index, follow, max-snippet:-1, max-image-preview:large, max-video-preview:-1\" \/>\n<link rel=\"canonical\" href=\"https:\/\/www.telaled.com\/ko\/fabrica\/modulo-painel-de-led-p1\/\" \/>\n<meta property=\"og:locale\" content=\"ko_KR\" \/>\n<meta property=\"og:type\" content=\"article\" \/>\n<meta property=\"og:title\" content=\"Modulo Painel de LED P1 - F\u00e1brica Chinesa | TELALED\" \/>\n<meta property=\"og:description\" content=\"M\u00f3dulo LED P1 com pitch de 1mm para alta defini\u00e7\u00e3o. F\u00e1brica direta oferece 3 anos de garantia, ideal para est\u00e1dios e shows. Solicite or\u00e7amento personalizado!\" \/>\n<meta property=\"og:url\" content=\"https:\/\/www.telaled.com\/ko\/fabrica\/modulo-painel-de-led-p1\/\" \/>\n<meta property=\"og:site_name\" content=\"TELALED\" \/>\n<meta property=\"article:modified_time\" content=\"2026-01-02T03:41:52+00:00\" \/>\n<meta property=\"og:image\" content=\"https:\/\/www.telaled.com\/wp-content\/uploads\/2023\/06\/Modulo-Painel-de-LED-P1_3.webp\" \/>\n\t<meta property=\"og:image:width\" content=\"500\" \/>\n\t<meta property=\"og:image:height\" content=\"500\" \/>\n\t<meta property=\"og:image:type\" content=\"image\/webp\" \/>\n<meta name=\"twitter:card\" content=\"summary_large_image\" \/>\n<meta name=\"twitter:label1\" content=\"\uc608\uc0c1 \ub418\ub294 \ud310\ub3c5 \uc2dc\uac04\" \/>\n\t<meta name=\"twitter:data1\" content=\"2\ubd84\" \/>\n<script type=\"application\/ld+json\" class=\"yoast-schema-graph\">{\"@context\":\"https:\\\/\\\/schema.org\",\"@graph\":[{\"@type\":\"WebPage\",\"@id\":\"https:\\\/\\\/www.telaled.com\\\/fabrica\\\/modulo-painel-de-led-p1\\\/\",\"url\":\"https:\\\/\\\/www.telaled.com\\\/fabrica\\\/modulo-painel-de-led-p1\\\/\",\"name\":\"Modulo Painel de LED P1 - F\u00e1brica Chinesa | TELALED\",\"isPartOf\":{\"@id\":\"https:\\\/\\\/www.telaled.com\\\/#website\"},\"primaryImageOfPage\":{\"@id\":\"https:\\\/\\\/www.telaled.com\\\/fabrica\\\/modulo-painel-de-led-p1\\\/#primaryimage\"},\"image\":{\"@id\":\"https:\\\/\\\/www.telaled.com\\\/fabrica\\\/modulo-painel-de-led-p1\\\/#primaryimage\"},\"thumbnailUrl\":\"https:\\\/\\\/www.telaled.com\\\/wp-content\\\/uploads\\\/2023\\\/06\\\/Modulo-Painel-de-LED-P1_3.webp\",\"datePublished\":\"2023-06-08T08:15:42+00:00\",\"dateModified\":\"2026-01-02T03:41:52+00:00\",\"description\":\"M\u00f3dulo LED P1 com pitch de 1mm para alta defini\u00e7\u00e3o. F\u00e1brica direta oferece 3 anos de garantia, ideal para est\u00e1dios e shows. Solicite or\u00e7amento personalizado!\",\"breadcrumb\":{\"@id\":\"https:\\\/\\\/www.telaled.com\\\/fabrica\\\/modulo-painel-de-led-p1\\\/#breadcrumb\"},\"inLanguage\":\"ko-KR\",\"potentialAction\":[{\"@type\":\"ReadAction\",\"target\":[\"https:\\\/\\\/www.telaled.com\\\/fabrica\\\/modulo-painel-de-led-p1\\\/\"]}]},{\"@type\":\"ImageObject\",\"inLanguage\":\"ko-KR\",\"@id\":\"https:\\\/\\\/www.telaled.com\\\/fabrica\\\/modulo-painel-de-led-p1\\\/#primaryimage\",\"url\":\"https:\\\/\\\/www.telaled.com\\\/wp-content\\\/uploads\\\/2023\\\/06\\\/Modulo-Painel-de-LED-P1_3.webp\",\"contentUrl\":\"https:\\\/\\\/www.telaled.com\\\/wp-content\\\/uploads\\\/2023\\\/06\\\/Modulo-Painel-de-LED-P1_3.webp\",\"width\":500,\"height\":500,\"caption\":\"Modulo Painel de LED P1\"},{\"@type\":\"BreadcrumbList\",\"@id\":\"https:\\\/\\\/www.telaled.com\\\/fabrica\\\/modulo-painel-de-led-p1\\\/#breadcrumb\",\"itemListElement\":[{\"@type\":\"ListItem\",\"position\":1,\"name\":\"Home\",\"item\":\"https:\\\/\\\/www.telaled.com\\\/\"},{\"@type\":\"ListItem\",\"position\":2,\"name\":\"Produtos\",\"item\":\"https:\\\/\\\/www.telaled.com\\\/shop\\\/\"},{\"@type\":\"ListItem\",\"position\":3,\"name\":\"Modulo Painel de LED P1\"}]},{\"@type\":\"WebSite\",\"@id\":\"https:\\\/\\\/www.telaled.com\\\/#website\",\"url\":\"https:\\\/\\\/www.telaled.com\\\/\",\"name\":\"TELALED\",\"description\":\"\",\"potentialAction\":[{\"@type\":\"SearchAction\",\"target\":{\"@type\":\"EntryPoint\",\"urlTemplate\":\"https:\\\/\\\/www.telaled.com\\\/?s={search_term_string}\"},\"query-input\":{\"@type\":\"PropertyValueSpecification\",\"valueRequired\":true,\"valueName\":\"search_term_string\"}}],\"inLanguage\":\"ko-KR\"}]}<\/script>\n<!-- \/ Yoast SEO plugin. -->","yoast_head_json":{"title":"P1 LED \ud328\ub110 \ubaa8\ub4c8 - \uc911\uad6d \uacf5\uc7a5 | TELALED","description":"\uace0\ud654\uc9c8\uc744 \uc704\ud55c 1mm \ud53c\uce58\uc758 P1 LED \ubaa8\ub4c8\uc785\ub2c8\ub2e4. \uacf5\uc7a5 \uc9c1\uc1a1\uc73c\ub85c 3\ub144 \ubcf4\uc99d\uc744 \uc81c\uacf5\ud558\uba70, \uacbd\uae30\uc7a5 \ubc0f \ucf58\uc11c\ud2b8\uc5d0 \uc774\uc0c1\uc801\uc785\ub2c8\ub2e4. \ub9de\ucda4 \uacac\uc801\uc744 \uc694\uccad\ud558\uc138\uc694!","robots":{"index":"index","follow":"follow","max-snippet":"max-snippet:-1","max-image-preview":"max-image-preview:large","max-video-preview":"max-video-preview:-1"},"canonical":"https:\/\/www.telaled.com\/ko\/fabrica\/modulo-painel-de-led-p1\/","og_locale":"ko_KR","og_type":"article","og_title":"Modulo Painel de LED P1 - F\u00e1brica Chinesa | TELALED","og_description":"M\u00f3dulo LED P1 com pitch de 1mm para alta defini\u00e7\u00e3o. F\u00e1brica direta oferece 3 anos de garantia, ideal para est\u00e1dios e shows. Solicite or\u00e7amento personalizado!","og_url":"https:\/\/www.telaled.com\/ko\/fabrica\/modulo-painel-de-led-p1\/","og_site_name":"TELALED","article_modified_time":"2026-01-02T03:41:52+00:00","og_image":[{"width":500,"height":500,"url":"https:\/\/www.telaled.com\/wp-content\/uploads\/2023\/06\/Modulo-Painel-de-LED-P1_3.webp","type":"image\/webp"}],"twitter_card":"summary_large_image","twitter_misc":{"\uc608\uc0c1 \ub418\ub294 \ud310\ub3c5 \uc2dc\uac04":"2\ubd84"},"schema":{"@context":"https:\/\/schema.org","@graph":[{"@type":"WebPage","@id":"https:\/\/www.telaled.com\/fabrica\/modulo-painel-de-led-p1\/","url":"https:\/\/www.telaled.com\/fabrica\/modulo-painel-de-led-p1\/","name":"P1 LED \ud328\ub110 \ubaa8\ub4c8 - \uc911\uad6d \uacf5\uc7a5 | TELALED","isPartOf":{"@id":"https:\/\/www.telaled.com\/#website"},"primaryImageOfPage":{"@id":"https:\/\/www.telaled.com\/fabrica\/modulo-painel-de-led-p1\/#primaryimage"},"image":{"@id":"https:\/\/www.telaled.com\/fabrica\/modulo-painel-de-led-p1\/#primaryimage"},"thumbnailUrl":"https:\/\/www.telaled.com\/wp-content\/uploads\/2023\/06\/Modulo-Painel-de-LED-P1_3.webp","datePublished":"2023-06-08T08:15:42+00:00","dateModified":"2026-01-02T03:41:52+00:00","description":"\uace0\ud654\uc9c8\uc744 \uc704\ud55c 1mm \ud53c\uce58\uc758 P1 LED \ubaa8\ub4c8\uc785\ub2c8\ub2e4. \uacf5\uc7a5 \uc9c1\uc1a1\uc73c\ub85c 3\ub144 \ubcf4\uc99d\uc744 \uc81c\uacf5\ud558\uba70, \uacbd\uae30\uc7a5 \ubc0f \ucf58\uc11c\ud2b8\uc5d0 \uc774\uc0c1\uc801\uc785\ub2c8\ub2e4. \ub9de\ucda4 \uacac\uc801\uc744 \uc694\uccad\ud558\uc138\uc694!","breadcrumb":{"@id":"https:\/\/www.telaled.com\/fabrica\/modulo-painel-de-led-p1\/#breadcrumb"},"inLanguage":"ko-KR","potentialAction":[{"@type":"ReadAction","target":["https:\/\/www.telaled.com\/fabrica\/modulo-painel-de-led-p1\/"]}]},{"@type":"ImageObject","inLanguage":"ko-KR","@id":"https:\/\/www.telaled.com\/fabrica\/modulo-painel-de-led-p1\/#primaryimage","url":"https:\/\/www.telaled.com\/wp-content\/uploads\/2023\/06\/Modulo-Painel-de-LED-P1_3.webp","contentUrl":"https:\/\/www.telaled.com\/wp-content\/uploads\/2023\/06\/Modulo-Painel-de-LED-P1_3.webp","width":500,"height":500,"caption":"Modulo Painel de LED P1"},{"@type":"BreadcrumbList","@id":"https:\/\/www.telaled.com\/fabrica\/modulo-painel-de-led-p1\/#breadcrumb","itemListElement":[{"@type":"ListItem","position":1,"name":"Home","item":"https:\/\/www.telaled.com\/"},{"@type":"ListItem","position":2,"name":"Produtos","item":"https:\/\/www.telaled.com\/shop\/"},{"@type":"ListItem","position":3,"name":"Modulo Painel de LED P1"}]},{"@type":"WebSite","@id":"https:\/\/www.telaled.com\/#website","url":"https:\/\/www.telaled.com\/","name":"LED \uc2a4\ud06c\ub9b0","description":"","potentialAction":[{"@type":"SearchAction","target":{"@type":"EntryPoint","urlTemplate":"https:\/\/www.telaled.com\/?s={search_term_string}"},"query-input":{"@type":"PropertyValueSpecification","valueRequired":true,"valueName":"search_term_string"}}],"inLanguage":"ko-KR"}]}},"_links":{"self":[{"href":"https:\/\/www.telaled.com\/ko\/wp-json\/wp\/v2\/product\/1402","targetHints":{"allow":["GET"]}}],"collection":[{"href":"https:\/\/www.telaled.com\/ko\/wp-json\/wp\/v2\/product"}],"about":[{"href":"https:\/\/www.telaled.com\/ko\/wp-json\/wp\/v2\/types\/product"}],"wp:featuredmedia":[{"embeddable":true,"href":"https:\/\/www.telaled.com\/ko\/wp-json\/wp\/v2\/media\/2005"}],"wp:attachment":[{"href":"https:\/\/www.telaled.com\/ko\/wp-json\/wp\/v2\/media?parent=1402"}],"wp:term":[{"taxonomy":"product_brand","embeddable":true,"href":"https:\/\/www.telaled.com\/ko\/wp-json\/wp\/v2\/product_brand?post=1402"},{"taxonomy":"product_cat","embeddable":true,"href":"https:\/\/www.telaled.com\/ko\/wp-json\/wp\/v2\/product_cat?post=1402"},{"taxonomy":"product_tag","embeddable":true,"href":"https:\/\/www.telaled.com\/ko\/wp-json\/wp\/v2\/product_tag?post=1402"}],"curies":[{"name":"\uc6cc\ub4dc\ud504\ub808\uc2a4","href":"https:\/\/api.w.org\/{rel}","templated":true}]}}