{"id":1393,"date":"2023-06-08T07:38:38","date_gmt":"2023-06-08T07:38:38","guid":{"rendered":"https:\/\/plum-wolverine-723597.hostingersite.com\/?post_type=product&#038;p=1393"},"modified":"2026-01-02T06:36:07","modified_gmt":"2026-01-02T06:36:07","slug":"modulo-painel-de-led-p1-56","status":"publish","type":"product","link":"https:\/\/www.telaled.com\/ko\/fabrica\/modulo-painel-de-led-p1-56\/","title":{"rendered":"P1.56 LED \ud328\ub110 \ubaa8\ub4c8"},"content":{"rendered":"<div id=\"featurebullets_feature_div\" class=\"celwidget\" data-feature-name=\"featurebullets\" data-csa-c-type=\"widget\" data-csa-c-content-id=\"featurebullets\" data-csa-c-slot-id=\"featurebullets_feature_div\" data-csa-c-asin=\"B07DF32D6Q\" data-csa-c-is-in-initial-active-row=\"false\" data-csa-c-id=\"3j0pnl-7cjnp-9t8psx-tspeog\">\n<div id=\"feature-bullets\" class=\"a-section a-spacing-medium a-spacing-top-small\">\n<div data-zone-id=\"0\" data-line-index=\"0\" data-line=\"true\">\n<p><strong>P1.56 LED \ud328\ub110 \ubaa8\ub4c8 \ud2b9\uc9d5:<\/strong><\/p>\n<ul>\n<li><strong><a href=\"https:\/\/www.telaled.com\/ko\/pixel-pitch\/\">\ud53d\uc140 \ud53c\uce58<\/a> 1.56mm<\/strong> \u2013 \uc9e7\uc740 \uac70\ub9ac\uc5d0\uc11c \uc120\uba85\ud55c \ub514\uc2a4\ud50c\ub808\uc774\ub97c \uad6c\ud604\ud558\uae30\uc5d0 \uc801\ud569\ud558\uba70 \ud68c\uc758\uc2e4\uacfc \uc2a4\ud29c\ub514\uc624\uc5d0 \uc801\ud569\ud569\ub2c8\ub2e4.<\/li>\n<li><strong>\uace0\ud574\uc0c1\ub3c4(409,600\ud53d\uc140\/m\u00b2)<\/strong> \u2013 \uace0\uae09 \ud53d\uc140 \ubc00\ub3c4\ub85c \uc138\ubd80\uc801\uc774\uace0 \uc0dd\uc0dd\ud55c \uc774\ubbf8\uc9c0\ub97c \ubcf4\uc7a5\ud569\ub2c8\ub2e4.<\/li>\n<li><strong>\uae30\uc220 <a href=\"https:\/\/www.telaled.com\/ko\/led-smd\/\">SMD<\/a> 1R1G1B<\/strong> \u2013 \uba40\ud2f0\ubbf8\ub514\uc5b4 \ucf58\ud150\uce20\ub97c \uc704\ud55c \uc0dd\uc0dd\ud55c RGB \uc0c9\uc0c1\uacfc \uc815\ud655\ud55c \uadf8\ub77c\ub370\uc774\uc158 \uc7ac\ud604(16\ube44\ud2b8).<\/li>\n<li><strong>\uc870\uc808 \uac00\ub2a5\ud55c \ubc1d\uae30(1000-1500\ub2c8\ud2b8)<\/strong> \u2013 \ub2e4\uc591\ud55c \uc2e4\ub0b4 \uc870\uba85 \uc870\uac74\uc5d0 \uc801\uc751 \uac00\ub2a5\ud569\ub2c8\ub2e4.<\/li>\n<li><strong>\ubaa8\ub4c8\uc2dd \ub514\uc790\uc778<\/strong> - \ub9de\ucda4\ud615 \uc2a4\ud06c\ub9b0\uc5d0 \uc720\uc5f0\ud558\uac8c \uc7a5\ucc29\ud560 \uc218 \uc788\uc73c\uba70, \uc644\ubcbd\ud55c \ud54f\uacfc \uc2ac\ub9bc\ud55c \ub514\uc790\uc778\uc744 \uc81c\uacf5\ud569\ub2c8\ub2e4. <a href=\"https:\/\/www.telaled.com\/ko\/entendendo-o-consumo-de-energia-painel-de-led-quao-eficientes-sao-os-displays-de-led-modernos\/\">\uc5d0\ub108\uc9c0 \uc18c\ube44<\/a>.<\/li>\n<li><strong>\uc5f0\uc7a5\ub41c \uc11c\ube44\uc2a4 \uc218\uba85<\/strong> \u2013 \uac04\uc18c\ud654\ub41c \uc720\uc9c0\uad00\ub9ac\ub85c 10\ub9cc \uc2dc\uac04 \uc774\uc0c1\uc758 \uc5f0\uc18d \uc791\ub3d9\uc774 \uac00\ub2a5\ud569\ub2c8\ub2e4.<\/li>\n<li><strong>IP65 \ud638\ud658\uc131(\uc120\ud0dd \uc0ac\ud56d)<\/strong> \u2013 \uae4c\ub2e4\ub85c\uc6b4 \ud658\uacbd\uc744 \uc704\ud574 \uba3c\uc9c0\uc640 \uc2b5\uae30\ub85c\ubd80\ud130 \ubcf4\ud638\ud558\ub294 \ubc84\uc804\ub3c4 \uc788\uc2b5\ub2c8\ub2e4.<\/li>\n<\/ul>\n<p><strong>\uc751\uc6a9 \ud504\ub85c\uadf8\ub7a8:<\/strong> \ub514\uc9c0\ud138 \uad11\uace0, \uae30\uc5c5 \ud1b5\uc81c\uc2e4, \ubc29\uc1a1 \uc2a4\ud29c\ub514\uc624 \ubc0f \uc0ac\ub0b4 \uc774\ubca4\ud2b8.<\/p>\n<p><img loading=\"lazy\" decoding=\"async\" class=\"alignnone wp-image-2017 size-full\" src=\"https:\/\/www.telaled.com\/wp-content\/uploads\/2023\/06\/quality-led-module-materials-1.webp\" alt=\"\ud488\uc9c8 \uc8fc\ub3c4 \ubaa8\ub4c8 \uc18c\uc7ac\" width=\"768\" height=\"555\" srcset=\"https:\/\/www.telaled.com\/wp-content\/uploads\/2023\/06\/quality-led-module-materials-1.webp 768w, https:\/\/www.telaled.com\/wp-content\/uploads\/2023\/06\/quality-led-module-materials-1-300x217.webp 300w, https:\/\/www.telaled.com\/wp-content\/uploads\/2023\/06\/quality-led-module-materials-1-18x12.webp 18w, https:\/\/www.telaled.com\/wp-content\/uploads\/2023\/06\/quality-led-module-materials-1-600x434.webp 600w\" sizes=\"auto, (max-width: 768px) 100vw, 768px\" \/><\/p>\n<\/div>\n<\/div>\n<\/div>\n<div data-feature-name=\"acf-carousel\" data-csa-c-type=\"widget\" data-csa-c-content-id=\"acf-carousel\" data-csa-c-slot-id=\"acf-carousel_feature_div\" data-csa-c-asin=\"B07DF32D6Q\" data-csa-c-is-in-initial-active-row=\"false\" data-csa-c-id=\"oqpgyr-mh4egp-nntzd2-kyiiqq\">\n<table id=\"tablepress-6\" class=\"tablepress tablepress-id-6\">\n<thead>\n<tr class=\"row-1\">\n\t<th colspan=\"4\" class=\"column-1\">\uae30\uc220\uc801 \uc138\ubd80 \uc0ac\ud56d<\/th>\n<\/tr>\n<\/thead>\n<tbody class=\"row-striping row-hover\">\n<tr class=\"row-2\">\n\t<td class=\"column-1\">\ubaa8\ub378 \ubc88\ud638<\/td><td class=\"column-2\">TL \u2013 P1.56 \uc2e4\ub0b4 LED \ud328\ub110 \ubaa8\ub4c8<\/td><td class=\"column-3\"><\/td><td class=\"column-4\"><\/td>\n<\/tr>\n<tr class=\"row-3\">\n\t<td class=\"column-1\">\ube0c\ub79c\ub4dc \uc774\ub984<\/td><td class=\"column-2\">TELALED \uc81c\uc870\uc5c5\uccb4<\/td><td class=\"column-3\">\ud654\uba74 \ud3c9\ud0c4\ub3c4<\/td><td class=\"column-4\">&lt;\u00b11mm<\/td>\n<\/tr>\n<tr class=\"row-4\">\n\t<td class=\"column-1\">\uc6d0\uc0b0\uc9c0<\/td><td class=\"column-2\">\uad11\ub465, \uc911\uad6d<\/td><td class=\"column-3\">\ud3c9\uade0 \uace0\uc7a5 \uac04\uaca9(MTBF)<\/td><td class=\"column-4\">10,000\uc2dc\uac04<\/td>\n<\/tr>\n<tr class=\"row-5\">\n\t<td class=\"column-1\">\ud53d\uc140 \uac70\ub9ac<\/td><td class=\"column-2\">P1.56<\/td><td class=\"column-3\">\uc720\uc6a9\ud55c \uc218\uba85<\/td><td class=\"column-4\">10\ub9cc \uc2dc\uac04<\/td>\n<\/tr>\n<tr class=\"row-6\">\n\t<td class=\"column-1\">\ucd5c\uc18c \uc2dc\uccad \uac70\ub9ac<\/td><td class=\"column-2\">1.56m<\/td><td class=\"column-3\">\ub514\uc2a4\ud50c\ub808\uc774 \uc791\ub3d9 \uc804\uc555<\/td><td class=\"column-4\">AC46\uff5e54HZ, 220V\u00b115%\/110V\u00b115%<\/td>\n<\/tr>\n<tr class=\"row-7\">\n\t<td class=\"column-1\">LED \uad6c\uc131<\/td><td class=\"column-2\">SMD1010<\/td><td class=\"column-3\">\uad11 \uac10\uc1e0<\/td><td class=\"column-4\">\uff1c3%<\/td>\n<\/tr>\n<tr class=\"row-8\">\n\t<td class=\"column-1\">\ubaa8\ub4c8 \ud574\uc0c1\ub3c4<\/td><td class=\"column-2\">128\u00d764 \ud53d\uc140<\/td><td class=\"column-3\">\ub204\uc124 \uc804\ub958<\/td><td class=\"column-4\">&lt;3mA<\/td>\n<\/tr>\n<tr class=\"row-9\">\n\t<td class=\"column-1\">\ubaa8\ub4c8 \ud53d\uc140<\/td><td class=\"column-2\">12288\ud53d\uc140<\/td><td class=\"column-3\">IP \ubcf4\ud638 \ub4f1\uae09<\/td><td class=\"column-4\">\ud6c4\uba74: IP40 \/ \uc804\uba74: IP50<\/td>\n<\/tr>\n<tr class=\"row-10\">\n\t<td class=\"column-1\">\ubaa8\ub4c8 \ud06c\uae30<\/td><td class=\"column-2\">\ud3ed 200mm*\ub192\uc774 150mm*\ub450\uaed8 17<\/td><td class=\"column-3\">\uc791\uc5c5 \ud658\uacbd\uc758 \uc628\ub3c4 \ubc0f \uc2b5\ub3c4<\/td><td class=\"column-4\">\uc628\ub3c4: -20\u00b0C~+60\u00b0C \/ \uc2b5\ub3c4: 10%~90% RH<\/td>\n<\/tr>\n<tr class=\"row-11\">\n\t<td class=\"column-1\">\uce90\ube44\ub2db \ud06c\uae30<\/td><td class=\"column-2\">400mm*300mm<\/td><td class=\"column-3\">\uc9c0\uc6d0\ub418\ub294 \ubbf8\ub514\uc5b4<\/td><td class=\"column-4\">\uae30\uc220 \ub370\uc774\ud130, \uc0ac\uc9c4, CAD \ubaa8\ub378, \ube44\ub514\uc624<\/td>\n<\/tr>\n<tr class=\"row-12\">\n\t<td class=\"column-1\">\ud53d\uc140 \uad6c\uc131<\/td><td class=\"column-2\">SMD3in1, \ud480 \uceec\ub7ec R\/G\/B 1:1:1<\/td><td class=\"column-3\">\uae30\ub2a5<\/td><td class=\"column-4\">SDK<\/td>\n<\/tr>\n<tr class=\"row-13\">\n\t<td class=\"column-1\">\uade0\ud615 \uc7a1\ud78c \ube5b<\/td><td class=\"column-2\">1000cd\/m\u00b2 (\uc2e4\ub0b4)<\/td><td class=\"column-3\">\uc81c\uc5b4 \ubaa8\ub4dc<\/td><td class=\"column-4\">\uc81c\uc5b4 PC\uc640 DVI\ub97c \ud1b5\ud55c \ub3d9\uae30\ud654<\/td>\n<\/tr>\n<tr class=\"row-14\">\n\t<td class=\"column-1\">\uad6c\ub3d9 \ubc29\ubc95<\/td><td class=\"column-2\">1\/32 \uc2a4\uce94<\/td><td class=\"column-3\">\uc9c0\uc6d0\ub418\ub294 \uc18c\ud504\ud2b8\uc6e8\uc5b4<\/td><td class=\"column-4\">\uc708\ub3c4\uc6b0 XP\/W7\/\ube44\uc2a4\ud0c0<\/td>\n<\/tr>\n<tr class=\"row-15\">\n\t<td class=\"column-1\">\uc5c5\ub370\uc774\ud2b8 \uc18d\ub3c4<\/td><td class=\"column-2\">\u22651920Hz<\/td><td class=\"column-3\">\uc81c\uc5b4 \uc2dc\uc2a4\ud15c<\/td><td class=\"column-4\">DVI \uce74\ub4dc + \ud480 \uceec\ub7ec \ucee8\ud2b8\ub864\ub7ec + \uad11\uc12c\uc720(\uc635\uc158)<\/td>\n<\/tr>\n<tr class=\"row-16\">\n\t<td class=\"column-1\">\ubcc0\uacbd \uac10\uc9c0 \ube48\ub3c4<\/td><td class=\"column-2\">50-60Hz<\/td><td class=\"column-3\">\uba54\uc778 \uc81c\uc5b4 \uc2dc\uc2a4\ud15c \ub9c8\ud06c<\/td><td class=\"column-4\">\ub178\ubc14\uc2a4\ud0c0, \ub9b0\uc2a8, \ud6c4\uc774\ub450, \uceec\ub7ec\ub77c\uc774\ud2b8<\/td>\n<\/tr>\n<tr class=\"row-17\">\n\t<td class=\"column-1\">\uc2dc\uc57c\uac01<\/td><td class=\"column-2\">H140\u00b0 V120\u00b0<\/td><td class=\"column-3\">\uc778\ud130\ud398\uc774\uc2a4<\/td><td class=\"column-4\">\ud45c\uc900 \uc774\ub354\ub137<\/td>\n<\/tr>\n<tr class=\"row-18\">\n\t<td class=\"column-1\">\ube44\ud65c\uc131 \uc870\uba85 \uc18d\ub3c4<\/td><td class=\"column-2\">\u22641%<\/td><td class=\"column-3\">\uc804\uc1a1 \uac70\ub9ac<\/td><td class=\"column-4\">\uba40\ud2f0\ubaa8\ub4dc \ud30c\uc774\ubc84 <500m >\n<\/tr>\n<tr class=\"row-19\">\n\t<td class=\"column-1\">\uc5d0\ub108\uc9c0 \ub0ad\ube44<\/td><td class=\"column-2\">700*1000W\/m2<\/td><td class=\"column-3\">\ubcf4\uc7a5\ud558\ub2e4<\/td><td class=\"column-4\">5\ub144<\/td>\n<\/tr>\n<tr class=\"row-20\">\n\t<td class=\"column-1\">\ud3c9\uade0 \uc5d0\ub108\uc9c0 \uc18c\ube44\ub7c9<\/td><td class=\"column-2\">260W\/m2<\/td><td class=\"column-3\">\uacf5\uae09\uc5c5\uccb4 \uc720\ud615<\/td><td class=\"column-4\">\uc6d0\ub798 \uc81c\uc870\uc5c5\uccb4\/ODM\/OEM<\/td>\n<\/tr>\n<tr class=\"row-21\">\n\t<td class=\"column-1\">\ud68c\uc0c9 \ub808\ubca8<\/td><td class=\"column-2\">16\ube44\ud2b8(281\uc870 \uc0c9\uc0c1) \/ 1\ucc28 \uc0c9\uc0c1\ub2f9 65,536\uac00\uc9c0 \uc74c\uc601<\/td><td class=\"column-3\">\ubc30\uc1a1 \uc2dc\uac04<\/td><td class=\"column-4\">25 (\ub610\ub294 \ud611\uc0c1 \uac00\ub2a5)<\/td>\n<\/tr>\n<tr class=\"row-22\">\n\t<td class=\"column-1\">\ub514\uc2a4\ud50c\ub808\uc774 \uc0c9\uc0c1<\/td><td class=\"column-2\">16\uac1c\uc6d4<\/td><td class=\"column-3\">\uc560\ud50c\ub9ac\ucf00\uc774\uc158<\/td><td class=\"column-4\">\uad11\uace0\/\uc778\ud14c\ub9ac\uc5b4\/\uc775\uc2a4\ud14c\ub9ac\uc5b4<\/td>\n<\/tr>\n<tr class=\"row-23\">\n\t<td class=\"column-1\">\uc911\ub2e8 \uc5c6\ub294 \uadfc\ubb34 \uc2dc\uac04<\/td><td class=\"column-2\">\u226572\uc2dc\uac04<\/td><td class=\"column-3\">\uc0ac\uc6a9<\/td><td class=\"column-4\">\ub514\uc9c0\ud138 \uad11\uace0, \uc1fc\ud551\ubab0, \uc6f0\ucef4 \ub514\uc2a4\ud50c\ub808\uc774, \uc804\uc2dc\uc7a5, \uacf5\ud56d, \uad50\ud68c, \uc2a4\ud3ec\uce20, \uc774\ubca4\ud2b8, \ud68c\uc758, \ub80c\ud138, \ubb34\ub300, \uc790\ub3d9\ucc28, \uc18c\ub9e4, \uc6e8\ub529<\/td>\n<\/tr>\n<tr class=\"row-24\">\n\t<td class=\"column-1\">\uc774\uc0b0 \uc0ac\uac01\uc9c0\ub300 \ube44\uc728<\/td><td class=\"column-2\"><1><td class=\"column-3\">\ud3ec\uc7a5 \uc138\ubd80 \uc815\ubcf4<\/td><td class=\"column-4\">\uac15\ud654\ub41c \uace8\ud310\uc9c0 \uc0c1\uc790 + \ubaa9\uc7ac<\/td>\n<\/tr>\n<tr class=\"row-25\">\n\t<td class=\"column-1\">\uc5f0\uc18d \uc0ac\uac01\uc9c0\ub300 \ube44\uc728<\/td><td class=\"column-2\">\uc5c6\uc74c<\/td><td class=\"column-3\">\uacf5\uae09 \ub2a5\ub825<\/td><td class=\"column-4\">5,000\ub300\/\uc6d4<\/td>\n<\/tr>\n<tr class=\"row-26\">\n\t<td class=\"column-1\">\uc0ac\uac01\uc9c0\ub300 \ube44\uc728<\/td><td class=\"column-2\"><1><td class=\"column-3\">\ud56d\uad6c<\/td><td class=\"column-4\">\uc120\uc804<\/td>\n<\/tr>\n<\/tbody>\n<\/table>\n<!-- #tablepress-6 from cache --><\/div>\n<div id=\"provenanceCertifications_feature_div\" class=\"celwidget\" data-feature-name=\"provenanceCertifications\" data-csa-c-type=\"widget\" data-csa-c-content-id=\"provenanceCertifications\" data-csa-c-slot-id=\"provenanceCertifications_feature_div\" data-csa-c-asin=\"B07DF32D6Q\" data-csa-c-is-in-initial-active-row=\"false\" data-csa-c-id=\"6t8ho-xbknmj-nqaso5-ne24gd\">\n<div id=\"provenance-certifications\" class=\"a-section a-spacing-medium a-spacing-top-micro\">\u00a0<\/div>\n<\/div>","protected":false},"excerpt":{"rendered":"<p><strong>P1.56 LED \uc2a4\ud06c\ub9b0 \ubaa8\ub4c8 - \uc2e4\ub0b4 \ud658\uacbd\uc744 \uc704\ud55c \uace0\ud654\uc9c8<\/strong><\/p>\n<p>\uadf8\ub9cc\ud07c <strong>P1.56 LED \ubaa8\ub4c8<\/strong> \ud68c\uc758\uc2e4, \uc2a4\ud29c\ub514\uc624, \uc81c\uc5b4 \uc13c\ud130 \ub4f1 \uc2e4\ub0b4 \ud658\uacbd\uc5d0\uc11c \uc120\uba85\ud558\uace0 \uc0dd\uc0dd\ud55c \ub514\uc2a4\ud50c\ub808\uc774\ub97c \uad6c\ud604\ud558\ub294 \ub370 \uc774\uc0c1\uc801\uc778 \uc194\ub8e8\uc158\uc785\ub2c8\ub2e4. <strong>\ud53d\uc140 \ud53c\uce58\ub294 1.56mm\uc5d0 \ubd88\uacfc\ud569\ub2c8\ub2e4.<\/strong>\uc9e7\uc740 \uc2dc\uccad \uac70\ub9ac\uc5d0\uc11c\ub3c4 \ub9e4\uc6b0 \uc120\uba85\ud55c \uc774\ubbf8\uc9c0\ub97c \uc81c\uacf5\ud569\ub2c8\ub2e4.<\/p>\n<p><strong>\uc8fc\uc694 \ud2b9\uc9d5:<\/strong><\/p>\n<p><strong>\uace0\ud574\uc0c1\ub3c4:<\/strong> \ub180\ub77c\uc6b4 \ub514\ud14c\uc77c\uc744 \uad6c\ud604\ud558\ub294 1.56mm \ud53d\uc140 \ud53c\uce58.<br \/>\n<strong>\ubc1d\uc740 \uc0c9\uc0c1:<\/strong> RGB LED \uae30\uc220\uc744 \ud0d1\uc7ac\ud55c <strong>16\ube44\ud2b8 \uadf8\ub798\ub514\uc5b8\ud2b8<\/strong>, \ucda9\uc2e4\ud55c \uc0c9\uc0c1 \uc7ac\ud604\uc744 \ubcf4\uc7a5\ud569\ub2c8\ub2e4.<br \/>\n<strong>\uc870\uc808 \uac00\ub2a5\ud55c \ubc1d\uae30:<\/strong> \ub2e4\uc591\ud55c \uc870\uba85 \uc870\uac74(1000~1500\ub2c8\ud2b8)\uc5d0 \uc801\uc751 \uac00\ub2a5\ud569\ub2c8\ub2e4.<br \/>\n<strong>\ubaa8\ub4c8\uc2dd \ub514\uc790\uc778:<\/strong> \ubaa8\ub4e0 \ud06c\uae30\uc758 \ud654\uba74\uc5d0 \uc720\uc5f0\ud558\uac8c \uc7a5\ucc29 \uac00\ub2a5 <strong>\uc644\ubcbd\ud55c \ud54f\uc73c\ub85c<\/strong>.<br \/>\n<strong>\uc5d0\ub108\uc9c0 \ud6a8\uc728\uc131:<\/strong> \uc18c\ube44 \uac10\uc18c \ubc0f <strong>10\ub9cc \uc2dc\uac04 \uc774\uc0c1\uc758 \uc720\ud6a8 \uc218\uba85<\/strong>.<br \/>\n<strong>\uc751\uc6a9 \ud504\ub85c\uadf8\ub7a8:<\/strong> \ub514\uc9c0\ud138 \uad11\uace0\uc5d0 \uc801\ud569\ud569\ub2c8\ub2e4., <a href=\"https:\/\/www.telaled.com\/ko\/painel-de-led-para-eventos-corporativos-blog\/\">\uae30\uc5c5 \ubc0f \uc774\ubca4\ud2b8<\/a> \uc2dc\uac01\uc801 \ud488\uc9c8\uc774 \ud544\uc218\uc801\uc778 \uacbd\uc6b0. \ud3ec\ud568 \uc0ac\ud56d <strong>5\ub144 \ubcf4\uc99d<\/strong> \uc644\ubcbd\ud55c \ub9c8\uc74c\uc758 \ud3c9\ud654\ub97c \uc704\ud574.<\/p>","protected":false},"featured_media":2034,"template":"","meta":[],"product_brand":[],"product_cat":[41],"product_tag":[],"class_list":{"0":"post-1393","1":"product","2":"type-product","3":"status-publish","4":"has-post-thumbnail","6":"product_cat-modulo-painel-de-led","8":"first","9":"instock","10":"shipping-taxable","11":"product-type-simple"},"yoast_head":"<!-- This site is optimized with the Yoast SEO plugin v27.5 - https:\/\/yoast.com\/product\/yoast-seo-wordpress\/ -->\n<title>M\u00f3dulo de Painel LED P1.56 - Alta Resolu\u00e7\u00e3o para Ambientes Internos | TELALED<\/title>\n<meta name=\"description\" content=\"O m\u00f3dulo LED P1.56 da TELALED oferece pixel pitch de 1.56mm para imagens ultradefinidas em salas de reuni\u00e3o e est\u00fadios. Design modular, 100.000 horas de vida \u00fatil e 5 anos de garantia. Solu\u00e7\u00e3o profissional para publicidade digital e controle de m\u00eddia.\" \/>\n<meta name=\"robots\" content=\"index, follow, max-snippet:-1, max-image-preview:large, max-video-preview:-1\" \/>\n<link rel=\"canonical\" href=\"https:\/\/www.telaled.com\/ko\/fabrica\/modulo-painel-de-led-p1-56\/\" \/>\n<meta property=\"og:locale\" content=\"ko_KR\" \/>\n<meta property=\"og:type\" content=\"article\" \/>\n<meta property=\"og:title\" content=\"M\u00f3dulo de Painel LED P1.56 - Alta Resolu\u00e7\u00e3o para Ambientes Internos | TELALED\" \/>\n<meta property=\"og:description\" content=\"O m\u00f3dulo LED P1.56 da TELALED oferece pixel pitch de 1.56mm para imagens ultradefinidas em salas de reuni\u00e3o e est\u00fadios. Design modular, 100.000 horas de vida \u00fatil e 5 anos de garantia. Solu\u00e7\u00e3o profissional para publicidade digital e controle de m\u00eddia.\" \/>\n<meta property=\"og:url\" content=\"https:\/\/www.telaled.com\/ko\/fabrica\/modulo-painel-de-led-p1-56\/\" \/>\n<meta property=\"og:site_name\" content=\"TELALED\" \/>\n<meta property=\"article:modified_time\" content=\"2026-01-02T06:36:07+00:00\" \/>\n<meta property=\"og:image\" content=\"https:\/\/www.telaled.com\/wp-content\/uploads\/2023\/06\/p1.56-led-module-1.webp\" \/>\n\t<meta property=\"og:image:width\" content=\"500\" \/>\n\t<meta property=\"og:image:height\" content=\"500\" \/>\n\t<meta property=\"og:image:type\" content=\"image\/webp\" \/>\n<meta name=\"twitter:card\" content=\"summary_large_image\" \/>\n<meta name=\"twitter:label1\" content=\"\uc608\uc0c1 \ub418\ub294 \ud310\ub3c5 \uc2dc\uac04\" \/>\n\t<meta name=\"twitter:data1\" content=\"2\ubd84\" \/>\n<script type=\"application\/ld+json\" class=\"yoast-schema-graph\">{\"@context\":\"https:\\\/\\\/schema.org\",\"@graph\":[{\"@type\":\"WebPage\",\"@id\":\"https:\\\/\\\/www.telaled.com\\\/fabrica\\\/modulo-painel-de-led-p1-56\\\/\",\"url\":\"https:\\\/\\\/www.telaled.com\\\/fabrica\\\/modulo-painel-de-led-p1-56\\\/\",\"name\":\"M\u00f3dulo de Painel LED P1.56 - Alta Resolu\u00e7\u00e3o para Ambientes Internos | TELALED\",\"isPartOf\":{\"@id\":\"https:\\\/\\\/www.telaled.com\\\/#website\"},\"primaryImageOfPage\":{\"@id\":\"https:\\\/\\\/www.telaled.com\\\/fabrica\\\/modulo-painel-de-led-p1-56\\\/#primaryimage\"},\"image\":{\"@id\":\"https:\\\/\\\/www.telaled.com\\\/fabrica\\\/modulo-painel-de-led-p1-56\\\/#primaryimage\"},\"thumbnailUrl\":\"https:\\\/\\\/www.telaled.com\\\/wp-content\\\/uploads\\\/2023\\\/06\\\/p1.56-led-module-1.webp\",\"datePublished\":\"2023-06-08T07:38:38+00:00\",\"dateModified\":\"2026-01-02T06:36:07+00:00\",\"description\":\"O m\u00f3dulo LED P1.56 da TELALED oferece pixel pitch de 1.56mm para imagens ultradefinidas em salas de reuni\u00e3o e est\u00fadios. Design modular, 100.000 horas de vida \u00fatil e 5 anos de garantia. Solu\u00e7\u00e3o profissional para publicidade digital e controle de m\u00eddia.\",\"breadcrumb\":{\"@id\":\"https:\\\/\\\/www.telaled.com\\\/fabrica\\\/modulo-painel-de-led-p1-56\\\/#breadcrumb\"},\"inLanguage\":\"ko-KR\",\"potentialAction\":[{\"@type\":\"ReadAction\",\"target\":[\"https:\\\/\\\/www.telaled.com\\\/fabrica\\\/modulo-painel-de-led-p1-56\\\/\"]}]},{\"@type\":\"ImageObject\",\"inLanguage\":\"ko-KR\",\"@id\":\"https:\\\/\\\/www.telaled.com\\\/fabrica\\\/modulo-painel-de-led-p1-56\\\/#primaryimage\",\"url\":\"https:\\\/\\\/www.telaled.com\\\/wp-content\\\/uploads\\\/2023\\\/06\\\/p1.56-led-module-1.webp\",\"contentUrl\":\"https:\\\/\\\/www.telaled.com\\\/wp-content\\\/uploads\\\/2023\\\/06\\\/p1.56-led-module-1.webp\",\"width\":500,\"height\":500,\"caption\":\"p1.56-led-module\"},{\"@type\":\"BreadcrumbList\",\"@id\":\"https:\\\/\\\/www.telaled.com\\\/fabrica\\\/modulo-painel-de-led-p1-56\\\/#breadcrumb\",\"itemListElement\":[{\"@type\":\"ListItem\",\"position\":1,\"name\":\"Home\",\"item\":\"https:\\\/\\\/www.telaled.com\\\/\"},{\"@type\":\"ListItem\",\"position\":2,\"name\":\"Produtos\",\"item\":\"https:\\\/\\\/www.telaled.com\\\/shop\\\/\"},{\"@type\":\"ListItem\",\"position\":3,\"name\":\"Modulo Painel de LED P1.56\"}]},{\"@type\":\"WebSite\",\"@id\":\"https:\\\/\\\/www.telaled.com\\\/#website\",\"url\":\"https:\\\/\\\/www.telaled.com\\\/\",\"name\":\"TELALED\",\"description\":\"\",\"potentialAction\":[{\"@type\":\"SearchAction\",\"target\":{\"@type\":\"EntryPoint\",\"urlTemplate\":\"https:\\\/\\\/www.telaled.com\\\/?s={search_term_string}\"},\"query-input\":{\"@type\":\"PropertyValueSpecification\",\"valueRequired\":true,\"valueName\":\"search_term_string\"}}],\"inLanguage\":\"ko-KR\"}]}<\/script>\n<!-- \/ Yoast SEO plugin. -->","yoast_head_json":{"title":"P1.56 LED \ud328\ub110 \ubaa8\ub4c8 - \uc2e4\ub0b4 \ud658\uacbd\uc5d0 \uc801\ud569\ud55c \uace0\ud574\uc0c1\ub3c4 | TELALED","description":"TELALED\uc758 P1.56 LED \ubaa8\ub4c8\uc740 1.56mm \ud53d\uc140 \ud53c\uce58\ub85c \ud68c\uc758\uc2e4\uacfc \uc2a4\ud29c\ub514\uc624\uc5d0\uc11c \ub9e4\uc6b0 \uc120\uba85\ud55c \uc774\ubbf8\uc9c0\ub97c \uc81c\uacf5\ud569\ub2c8\ub2e4. \ubaa8\ub4c8\uc2dd \ub514\uc790\uc778, 10\ub9cc \uc2dc\uac04\uc758 \uc218\uba85, 5\ub144 \ubcf4\uc99d\uc744 \uc81c\uacf5\ud569\ub2c8\ub2e4. \ub514\uc9c0\ud138 \uad11\uace0 \ubc0f \ubbf8\ub514\uc5b4 \ucee8\ud2b8\ub864\uc744 \uc704\ud55c \uc804\ubb38 \uc194\ub8e8\uc158\uc785\ub2c8\ub2e4.","robots":{"index":"index","follow":"follow","max-snippet":"max-snippet:-1","max-image-preview":"max-image-preview:large","max-video-preview":"max-video-preview:-1"},"canonical":"https:\/\/www.telaled.com\/ko\/fabrica\/modulo-painel-de-led-p1-56\/","og_locale":"ko_KR","og_type":"article","og_title":"M\u00f3dulo de Painel LED P1.56 - Alta Resolu\u00e7\u00e3o para Ambientes Internos | TELALED","og_description":"O m\u00f3dulo LED P1.56 da TELALED oferece pixel pitch de 1.56mm para imagens ultradefinidas em salas de reuni\u00e3o e est\u00fadios. Design modular, 100.000 horas de vida \u00fatil e 5 anos de garantia. Solu\u00e7\u00e3o profissional para publicidade digital e controle de m\u00eddia.","og_url":"https:\/\/www.telaled.com\/ko\/fabrica\/modulo-painel-de-led-p1-56\/","og_site_name":"TELALED","article_modified_time":"2026-01-02T06:36:07+00:00","og_image":[{"width":500,"height":500,"url":"https:\/\/www.telaled.com\/wp-content\/uploads\/2023\/06\/p1.56-led-module-1.webp","type":"image\/webp"}],"twitter_card":"summary_large_image","twitter_misc":{"\uc608\uc0c1 \ub418\ub294 \ud310\ub3c5 \uc2dc\uac04":"2\ubd84"},"schema":{"@context":"https:\/\/schema.org","@graph":[{"@type":"WebPage","@id":"https:\/\/www.telaled.com\/fabrica\/modulo-painel-de-led-p1-56\/","url":"https:\/\/www.telaled.com\/fabrica\/modulo-painel-de-led-p1-56\/","name":"P1.56 LED \ud328\ub110 \ubaa8\ub4c8 - \uc2e4\ub0b4 \ud658\uacbd\uc5d0 \uc801\ud569\ud55c \uace0\ud574\uc0c1\ub3c4 | TELALED","isPartOf":{"@id":"https:\/\/www.telaled.com\/#website"},"primaryImageOfPage":{"@id":"https:\/\/www.telaled.com\/fabrica\/modulo-painel-de-led-p1-56\/#primaryimage"},"image":{"@id":"https:\/\/www.telaled.com\/fabrica\/modulo-painel-de-led-p1-56\/#primaryimage"},"thumbnailUrl":"https:\/\/www.telaled.com\/wp-content\/uploads\/2023\/06\/p1.56-led-module-1.webp","datePublished":"2023-06-08T07:38:38+00:00","dateModified":"2026-01-02T06:36:07+00:00","description":"TELALED\uc758 P1.56 LED \ubaa8\ub4c8\uc740 1.56mm \ud53d\uc140 \ud53c\uce58\ub85c \ud68c\uc758\uc2e4\uacfc \uc2a4\ud29c\ub514\uc624\uc5d0\uc11c \ub9e4\uc6b0 \uc120\uba85\ud55c \uc774\ubbf8\uc9c0\ub97c \uc81c\uacf5\ud569\ub2c8\ub2e4. \ubaa8\ub4c8\uc2dd \ub514\uc790\uc778, 10\ub9cc \uc2dc\uac04\uc758 \uc218\uba85, 5\ub144 \ubcf4\uc99d\uc744 \uc81c\uacf5\ud569\ub2c8\ub2e4. \ub514\uc9c0\ud138 \uad11\uace0 \ubc0f \ubbf8\ub514\uc5b4 \ucee8\ud2b8\ub864\uc744 \uc704\ud55c \uc804\ubb38 \uc194\ub8e8\uc158\uc785\ub2c8\ub2e4.","breadcrumb":{"@id":"https:\/\/www.telaled.com\/fabrica\/modulo-painel-de-led-p1-56\/#breadcrumb"},"inLanguage":"ko-KR","potentialAction":[{"@type":"ReadAction","target":["https:\/\/www.telaled.com\/fabrica\/modulo-painel-de-led-p1-56\/"]}]},{"@type":"ImageObject","inLanguage":"ko-KR","@id":"https:\/\/www.telaled.com\/fabrica\/modulo-painel-de-led-p1-56\/#primaryimage","url":"https:\/\/www.telaled.com\/wp-content\/uploads\/2023\/06\/p1.56-led-module-1.webp","contentUrl":"https:\/\/www.telaled.com\/wp-content\/uploads\/2023\/06\/p1.56-led-module-1.webp","width":500,"height":500,"caption":"p1.56-led-module"},{"@type":"BreadcrumbList","@id":"https:\/\/www.telaled.com\/fabrica\/modulo-painel-de-led-p1-56\/#breadcrumb","itemListElement":[{"@type":"ListItem","position":1,"name":"Home","item":"https:\/\/www.telaled.com\/"},{"@type":"ListItem","position":2,"name":"Produtos","item":"https:\/\/www.telaled.com\/shop\/"},{"@type":"ListItem","position":3,"name":"Modulo Painel de LED P1.56"}]},{"@type":"WebSite","@id":"https:\/\/www.telaled.com\/#website","url":"https:\/\/www.telaled.com\/","name":"LED \uc2a4\ud06c\ub9b0","description":"","potentialAction":[{"@type":"SearchAction","target":{"@type":"EntryPoint","urlTemplate":"https:\/\/www.telaled.com\/?s={search_term_string}"},"query-input":{"@type":"PropertyValueSpecification","valueRequired":true,"valueName":"search_term_string"}}],"inLanguage":"ko-KR"}]}},"_links":{"self":[{"href":"https:\/\/www.telaled.com\/ko\/wp-json\/wp\/v2\/product\/1393","targetHints":{"allow":["GET"]}}],"collection":[{"href":"https:\/\/www.telaled.com\/ko\/wp-json\/wp\/v2\/product"}],"about":[{"href":"https:\/\/www.telaled.com\/ko\/wp-json\/wp\/v2\/types\/product"}],"wp:featuredmedia":[{"embeddable":true,"href":"https:\/\/www.telaled.com\/ko\/wp-json\/wp\/v2\/media\/2034"}],"wp:attachment":[{"href":"https:\/\/www.telaled.com\/ko\/wp-json\/wp\/v2\/media?parent=1393"}],"wp:term":[{"taxonomy":"product_brand","embeddable":true,"href":"https:\/\/www.telaled.com\/ko\/wp-json\/wp\/v2\/product_brand?post=1393"},{"taxonomy":"product_cat","embeddable":true,"href":"https:\/\/www.telaled.com\/ko\/wp-json\/wp\/v2\/product_cat?post=1393"},{"taxonomy":"product_tag","embeddable":true,"href":"https:\/\/www.telaled.com\/ko\/wp-json\/wp\/v2\/product_tag?post=1393"}],"curies":[{"name":"\uc6cc\ub4dc\ud504\ub808\uc2a4","href":"https:\/\/api.w.org\/{rel}","templated":true}]}}