{"id":5698,"date":"2025-11-18T06:54:38","date_gmt":"2025-11-18T06:54:38","guid":{"rendered":"https:\/\/www.telaled.com\/?post_type=product&#038;p=5698"},"modified":"2026-01-11T06:43:34","modified_gmt":"2026-01-11T06:43:34","slug":"letreiro-digital-para-loja","status":"publish","type":"product","link":"https:\/\/www.telaled.com\/ja\/fabrica\/letreiro-digital-para-loja\/","title":{"rendered":"\u5e97\u8217\u7528\u30c7\u30b8\u30bf\u30eb\u30b5\u30a4\u30cd\u30fc\u30b8"},"content":{"rendered":"<div class=\"row\"  id=\"row-30421334\">\n\n\t<div id=\"col-998920086\" class=\"col small-12 large-12\"  >\n\t\t\t\t<div class=\"col-inner\"  >\n\t\t\t\n\t\t\t\n<h2>\u30d5\u30ec\u30ad\u30b7\u30d6\u30ebLED\u30ab\u30fc\u30b9\u30af\u30ea\u30fc\u30f3\u306e\u72ec\u81ea\u306e\u5229\u70b9<\/h2>\n<h3><strong>\u512a\u308c\u305f\u8010\u4e45\u6027<\/strong><\/h3>\n<ul>\n<li>\u9ad8\u54c1\u8cea\u306e\u5de5\u696d\u30b0\u30ec\u30fc\u30c9\u306e\u30b3\u30f3\u30dd\u30fc\u30cd\u30f3\u30c8\u3092\u4f7f\u7528\u3057\u3066\u88fd\u9020\u3055\u308c\u3066\u3044\u307e\u3059\u3002.<\/li>\n<li>\u4ea4\u901a\u91cf\u306e\u591a\u3044\u74b0\u5883\u3084\u904e\u9177\u306a\u6761\u4ef6\u306b\u8010\u3048\u3089\u308c\u308b\u3088\u3046\u8a2d\u8a08\u3055\u308c\u3066\u3044\u307e\u3059\u3002.<\/li>\n<li>\u8010\u71b1\u6027\u304c\u3042\u308a\u3001\u76f4\u5c04\u65e5\u5149\u304b\u3089\u4fdd\u8b77\u3055\u308c\u3066\u3044\u308b\u305f\u3081\u3001\u9577\u671f\u9593\u306e\u6027\u80fd\u7dad\u6301\u304c\u4fdd\u8a3c\u3055\u308c\u307e\u3059\u3002.<\/li>\n<\/ul>\n<h3><strong>\u512a\u308c\u305f\u30d3\u30b8\u30e5\u30a2\u30eb\u54c1\u8cea<\/strong><\/h3>\n<ul>\n<li>\u9bae\u660e\u3067\u9bae\u660e\u306a\u8272\u5f69\u306e\u3001\u9ad8\u89e3\u50cf\u5ea6\u306e\u753b\u50cf\u3092\u5b9f\u73fe\u3057\u307e\u3059\u3002.<\/li>\n<li>\u3088\u308a\u6df1\u3044\u9ed2\u3068\u5f37\u5316\u3055\u308c\u305f\u660e\u308b\u3055\u3092\u5b9f\u73fe\u3059\u308b\u9ad8\u30b3\u30f3\u30c8\u30e9\u30b9\u30c8\u3002.<\/li>\n<li>\u3042\u3089\u3086\u308b\u7167\u660e\u6761\u4ef6\u3067\u8996\u8a8d\u3067\u304d\u3001\u4e00\u8cab\u6027\u306e\u3042\u308b\u9b45\u529b\u7684\u306a\u753b\u50cf\u3092\u63d0\u4f9b\u3057\u307e\u3059\u3002.<\/li>\n<\/ul>\n<h3><strong>\u5b8c\u5168\u306a\u9069\u5fdc\u6027<\/strong><\/h3>\n<ul>\n<li>\u3055\u307e\u3056\u307e\u306a\u5e97\u8217\u30ec\u30a4\u30a2\u30a6\u30c8\u306b\u5408\u308f\u305b\u3066\u30b5\u30a4\u30ba\u3068\u69cb\u6210\u3092\u30ab\u30b9\u30bf\u30de\u30a4\u30ba\u3067\u304d\u307e\u3059\u3002.<\/li>\n<li>\u65e2\u5b58\u306e\u30b7\u30b9\u30c6\u30e0\u3068\u7c21\u5358\u306b\u7d71\u5408\u3067\u304d\u3001\u30b7\u30fc\u30e0\u30ec\u30b9\u306a\u30b3\u30f3\u30c6\u30f3\u30c4\u7ba1\u7406\u3092\u5b9f\u73fe\u3057\u307e\u3059\u3002.<\/li>\n<li>\u30ea\u30a2\u30eb\u30bf\u30a4\u30e0\u66f4\u65b0\u3092\u30b5\u30dd\u30fc\u30c8\u3057\u3001\u30d7\u30ed\u30e2\u30fc\u30b7\u30e7\u30f3\u3084\u30e1\u30c3\u30bb\u30fc\u30b8\u306e\u52d5\u7684\u306a\u30b3\u30f3\u30c6\u30f3\u30c4\u5909\u66f4\u3092\u53ef\u80fd\u306b\u3057\u307e\u3059\u3002.<\/li>\n<\/ul>\n<h3><strong>\u5305\u62ec\u7684\u306a\u30b5\u30dd\u30fc\u30c8<\/strong><\/h3>\n<ul>\n<li>\u5c02\u9580\u30b5\u30dd\u30fc\u30c8\u304c 24 \u6642\u9593 365 \u65e5\u5bfe\u5fdc\u3057\u3001\u4e2d\u65ad\u306e\u306a\u3044\u30b5\u30dd\u30fc\u30c8\u3067\u30b7\u30b9\u30c6\u30e0\u306e\u30b9\u30e0\u30fc\u30ba\u306a\u7a3c\u50cd\u3092\u7dad\u6301\u3057\u307e\u3059\u3002.<\/li>\n<li>5% \u90e8\u54c1\u4fdd\u8a3c\u306b\u3088\u308a\u4fe1\u983c\u6027\u304c\u5411\u4e0a\u3057\u3001\u30c0\u30a6\u30f3\u30bf\u30a4\u30e0\u304c\u6700\u5c0f\u9650\u306b\u6291\u3048\u3089\u308c\u307e\u3059\u3002.<\/li>\n<li>\u30d1\u30d5\u30a9\u30fc\u30de\u30f3\u30b9\u3068\u5b89\u5fc3\u3092\u4fdd\u8a3c\u3059\u308b 3 \u5e74\u9593\u306e\u4fdd\u8a3c\u3002.<\/li>\n<li>\u5305\u62ec\u7684\u306a\u88dc\u511f\u3067\u3042\u306a\u305f\u306e\u6295\u8cc7\u3092\u4fdd\u8b77\u3057\u307e\u3059\u3002.<\/li>\n<\/ul>\n<h2>\u88fd\u54c1\u8a73\u7d30<\/h2>\n<div class=\"row\"  id=\"row-1974895982\">\n\n\t<div id=\"col-377195969\" class=\"col medium-10 small-12 large-10\"  >\n\t\t\t\t<div class=\"col-inner text-left\"  >\n\t\t\t\n\t\t\t\n<ul>\n<li>TELALED\u306f\u3001POS\u30b3\u30df\u30e5\u30cb\u30b1\u30fc\u30b7\u30e7\u30f3\u30d5\u30ed\u30fc\u306e\u4f5c\u6210\u3068\u66f4\u65b0\u3092\u76f4\u611f\u7684\u306b\u884c\u3048\u308b\u30d7\u30e9\u30c3\u30c8\u30d5\u30a9\u30fc\u30e0\u3092\u63d0\u4f9b\u3057\u307e\u3059\u3002\u9867\u5ba2\u30c8\u30e9\u30d5\u30a3\u30c3\u30af\u306e\u5897\u52a0\u3084\u53ce\u76ca\u306e\u5411\u4e0a\u3068\u3044\u3063\u305f\u91cd\u8981\u306a\u76ee\u6a19\u306e\u9054\u6210\u3092\u652f\u63f4\u3057\u307e\u3059\u3002\u30ab\u30b9\u30bf\u30de\u30a4\u30ba\u53ef\u80fd\u306a\u30c6\u30f3\u30d7\u30ec\u30fc\u30c8\u3092\u4f7f\u7528\u3059\u308b\u3053\u3068\u3067\u3001\u30c1\u30fc\u30e0\u306f\u30e1\u30c3\u30bb\u30fc\u30b8\u3092\u5bb9\u6613\u306b\u7ba1\u7406\u30fb\u66f4\u65b0\u3067\u304d\u3001\u30d6\u30e9\u30f3\u30c9\u306e\u4e00\u8cab\u6027\u3092\u4fdd\u3061\u306a\u304c\u3089\u3001\u30aa\u30f3\u30c7\u30de\u30f3\u30c9\u3067\u72ec\u81ea\u306e\u30d3\u30b8\u30e5\u30a2\u30eb\u30a2\u30a4\u30c7\u30f3\u30c6\u30a3\u30c6\u30a3\u3092\u69cb\u7bc9\u3067\u304d\u307e\u3059\u3002.<\/li>\n<\/ul>\n\t<div class=\"img has-hover x md-x lg-x y md-y lg-y\" id=\"image_176046941\">\n\t\t\t\t\t\t\t\t<div class=\"img-inner dark\" >\n\t\t\t<img loading=\"lazy\" decoding=\"async\" width=\"800\" height=\"512\" src=\"https:\/\/www.telaled.com\/wp-content\/uploads\/2025\/11\/letreiro-digital-para-loja-1.webp\" class=\"attachment-original size-original\" alt=\"\u5e97\u8217\u5411\u3051\u30c7\u30b8\u30bf\u30eb\u30b5\u30a4\u30f3\" srcset=\"https:\/\/www.telaled.com\/wp-content\/uploads\/2025\/11\/letreiro-digital-para-loja-1.webp 800w, https:\/\/www.telaled.com\/wp-content\/uploads\/2025\/11\/letreiro-digital-para-loja-1-300x192.webp 300w, https:\/\/www.telaled.com\/wp-content\/uploads\/2025\/11\/letreiro-digital-para-loja-1-768x492.webp 768w, https:\/\/www.telaled.com\/wp-content\/uploads\/2025\/11\/letreiro-digital-para-loja-1-18x12.webp 18w, https:\/\/www.telaled.com\/wp-content\/uploads\/2025\/11\/letreiro-digital-para-loja-1-600x384.webp 600w\" sizes=\"auto, (max-width: 800px) 100vw, 800px\" \/>\t\t\t\t\t\t\n\t\t\t\t\t<\/div>\n\t\t\t\t\t\t\t\t\n<style>\n#image_176046941 {\n  width: 80%;\n}\n<\/style>\n\t<\/div>\n\t\n<ul>\n<li>\u30c7\u30b8\u30bf\u30eb\u30b5\u30a4\u30cd\u30fc\u30b8\u306f\u3001\u4f01\u696d\u304c\u516c\u5171\u30b9\u30da\u30fc\u30b9\u3001\u5e97\u8217\u3001\u30aa\u30d5\u30a3\u30b9\u306a\u3069\u306e\u30c7\u30b8\u30bf\u30eb\u30b9\u30af\u30ea\u30fc\u30f3\u4e0a\u3067\u30b3\u30f3\u30c6\u30f3\u30c4\u3092\u7ba1\u7406\u30fb\u914d\u4fe1\u3059\u308b\u3053\u3068\u3092\u53ef\u80fd\u306b\u3057\u307e\u3059\u3002\u30b9\u30af\u30ea\u30fc\u30f3\u30cd\u30c3\u30c8\u30ef\u30fc\u30af\u3092\u4e00\u5143\u7684\u306b\u5236\u5fa1\u3059\u308b\u30d7\u30e9\u30c3\u30c8\u30d5\u30a9\u30fc\u30e0\u3092\u63d0\u4f9b\u3057\u3001\u7279\u5b9a\u306e\u8996\u8074\u8005\u5c64\u306b\u5408\u308f\u305b\u305f\u52d5\u7684\u306a\u30b3\u30f3\u30c6\u30f3\u30c4\u306e\u63d0\u4f9b\u3001\u30b3\u30df\u30e5\u30cb\u30b1\u30fc\u30b7\u30e7\u30f3\u306e\u6539\u5584\u3001\u305d\u3057\u3066\u30ea\u30a2\u30eb\u30bf\u30a4\u30e0\u306e\u30a4\u30f3\u30bf\u30e9\u30af\u30b7\u30e7\u30f3\u306b\u3088\u308b\u9b45\u529b\u7684\u306a\u4f53\u9a13\u306e\u63d0\u4f9b\u3092\u53ef\u80fd\u306b\u3057\u307e\u3059\u3002.<\/li>\n<\/ul>\n\t<div class=\"img has-hover x md-x lg-x y md-y lg-y\" id=\"image_642390820\">\n\t\t\t\t\t\t\t\t<div class=\"img-inner dark\" >\n\t\t\t<img loading=\"lazy\" decoding=\"async\" width=\"1020\" height=\"711\" src=\"https:\/\/www.telaled.com\/wp-content\/uploads\/2025\/11\/letreiro-digital-para-loja1-1-1024x714.webp\" class=\"attachment-large size-large\" alt=\"\u5e97\u8217\u7528\u30c7\u30b8\u30bf\u30eb\u30b5\u30a4\u30f31 (1)\" srcset=\"https:\/\/www.telaled.com\/wp-content\/uploads\/2025\/11\/letreiro-digital-para-loja1-1-1024x714.webp 1024w, https:\/\/www.telaled.com\/wp-content\/uploads\/2025\/11\/letreiro-digital-para-loja1-1-300x209.webp 300w, https:\/\/www.telaled.com\/wp-content\/uploads\/2025\/11\/letreiro-digital-para-loja1-1-768x536.webp 768w, https:\/\/www.telaled.com\/wp-content\/uploads\/2025\/11\/letreiro-digital-para-loja1-1-1536x1071.webp 1536w, https:\/\/www.telaled.com\/wp-content\/uploads\/2025\/11\/letreiro-digital-para-loja1-1-18x12.webp 18w, https:\/\/www.telaled.com\/wp-content\/uploads\/2025\/11\/letreiro-digital-para-loja1-1-600x419.webp 600w, https:\/\/www.telaled.com\/wp-content\/uploads\/2025\/11\/letreiro-digital-para-loja1-1.webp 2000w\" sizes=\"auto, (max-width: 1020px) 100vw, 1020px\" \/>\t\t\t\t\t\t\n\t\t\t\t\t<\/div>\n\t\t\t\t\t\t\t\t\n<style>\n#image_642390820 {\n  width: 80%;\n}\n<\/style>\n\t<\/div>\n\t\n<ul>\n<li>\u58f2\u4e0a\u5897\u52a0\u306f\u3042\u3089\u3086\u308b\u4f01\u696d\u306b\u3068\u3063\u3066\u7a76\u6975\u306e\u76ee\u6a19\u3067\u3042\u308a\u3001\u30c7\u30b8\u30bf\u30eb\u30b5\u30a4\u30cd\u30fc\u30b8\u306f\u305d\u306e\u9054\u6210\u306b\u4e0d\u53ef\u6b20\u306a\u5f79\u5272\u3092\u679c\u305f\u3057\u307e\u3059\u3002\u30c7\u30b8\u30bf\u30eb\u30c7\u30a3\u30b9\u30d7\u30ec\u30a4\u3092\u6226\u7565\u7684\u306b\u914d\u7f6e\u3059\u308b\u3053\u3068\u3067\u3001\u4f01\u696d\u306f\u9867\u5ba2\u306e\u6ce8\u76ee\u3092\u96c6\u3081\u3001\u4e3b\u8981\u5546\u54c1\u3092\u30a2\u30d4\u30fc\u30eb\u3057\u3001\u30d7\u30ed\u30e2\u30fc\u30b7\u30e7\u30f3\u306e\u6587\u8108\u3092\u63d0\u4f9b\u3059\u308b\u3053\u3068\u304c\u3067\u304d\u307e\u3059\u3002\u3053\u308c\u306f\u5358\u306b\u697d\u3057\u307e\u305b\u308b\u3060\u3051\u3067\u306a\u304f\u3001\u8cfc\u8cb7\u610f\u6b32\u3092\u559a\u8d77\u3057\u3001\u696d\u7e3e\u306b\u76f4\u63a5\u7684\u306a\u5f71\u97ff\u3092\u4e0e\u3048\u307e\u3059\u3002.<\/li>\n<\/ul>\n\t<div class=\"img has-hover x md-x lg-x y md-y lg-y\" id=\"image_1960683025\">\n\t\t\t\t\t\t\t\t<div class=\"img-inner dark\" >\n\t\t\t<img loading=\"lazy\" decoding=\"async\" width=\"1020\" height=\"574\" src=\"https:\/\/www.telaled.com\/wp-content\/uploads\/2025\/11\/letreiro-digital-para-loja3-1.webp\" class=\"attachment-large size-large\" alt=\"\u5e97\u8217\u5411\u3051\u30c7\u30b8\u30bf\u30eb\u30b5\u30a4\u30cd\u30fc\u30b83 (1)\" srcset=\"https:\/\/www.telaled.com\/wp-content\/uploads\/2025\/11\/letreiro-digital-para-loja3-1.webp 1024w, https:\/\/www.telaled.com\/wp-content\/uploads\/2025\/11\/letreiro-digital-para-loja3-1-300x169.webp 300w, https:\/\/www.telaled.com\/wp-content\/uploads\/2025\/11\/letreiro-digital-para-loja3-1-768x432.webp 768w, https:\/\/www.telaled.com\/wp-content\/uploads\/2025\/11\/letreiro-digital-para-loja3-1-18x10.webp 18w, https:\/\/www.telaled.com\/wp-content\/uploads\/2025\/11\/letreiro-digital-para-loja3-1-600x338.webp 600w\" sizes=\"auto, (max-width: 1020px) 100vw, 1020px\" \/>\t\t\t\t\t\t\n\t\t\t\t\t<\/div>\n\t\t\t\t\t\t\t\t\n<style>\n#image_1960683025 {\n  width: 80%;\n}\n<\/style>\n\t<\/div>\n\t\n<ul>\n<li>\u30a4\u30f3\u30bf\u30e9\u30af\u30c6\u30a3\u30d6\u306a\u30b3\u30f3\u30c6\u30f3\u30c4\u306f\u3001\u9867\u5ba2\u3092\u60f9\u304d\u3064\u3051\u3001\u8cfc\u8cb7\u6c7a\u5b9a\u306b\u5f71\u97ff\u3092\u4e0e\u3048\u308b\u3053\u3068\u3067\u3001\u30b7\u30e7\u30c3\u30d4\u30f3\u30b0\u4f53\u9a13\u3092\u5411\u4e0a\u3055\u305b\u308b\u3053\u3068\u304c\u5b9f\u8a3c\u3055\u308c\u3066\u3044\u307e\u3059\u3002\u30a4\u30f3\u30bf\u30e9\u30af\u30c6\u30a3\u30d6\u3067\u30d1\u30fc\u30bd\u30ca\u30e9\u30a4\u30ba\u3055\u308c\u305f\u30c7\u30a3\u30b9\u30d7\u30ec\u30a4\u3092\u63d0\u4f9b\u3059\u308b\u3053\u3068\u3067\u3001\u8cb7\u3044\u7269\u5ba2\u306e\u6e80\u8db3\u5ea6\u3092\u7dad\u6301\u3057\u3001\u53c2\u52a0\u3092\u4fc3\u3059\u3053\u3068\u304c\u3067\u304d\u307e\u3059\u3002\u3053\u308c\u3089\u306e\u30c0\u30a4\u30ca\u30df\u30c3\u30af\u306a\u6a5f\u80fd\u306f\u3001\u9867\u5ba2\u6e80\u8db3\u5ea6\u3092\u9ad8\u3081\u308b\u3060\u3051\u3067\u306a\u304f\u3001\u30e1\u30c3\u30bb\u30fc\u30b8\u3092\u52b9\u679c\u7684\u306b\u4f1d\u3048\u3001\u30b3\u30f3\u30d0\u30fc\u30b8\u30e7\u30f3\u3068\u58f2\u4e0a\u306e\u5411\u4e0a\u306b\u3064\u306a\u304c\u308a\u307e\u3059\u3002.<\/li>\n<\/ul>\n\t<div class=\"img has-hover x md-x lg-x y md-y lg-y\" id=\"image_1468853367\">\n\t\t\t\t\t\t\t\t<div class=\"img-inner dark\" >\n\t\t\t<img loading=\"lazy\" decoding=\"async\" width=\"835\" height=\"440\" src=\"https:\/\/www.telaled.com\/wp-content\/uploads\/2025\/11\/letreiro-digital-para-loja5-1.webp\" class=\"attachment-large size-large\" alt=\"\u5e97\u8217\u5411\u3051\u30c7\u30b8\u30bf\u30eb\u30b5\u30a4\u30cd\u30fc\u30b85 (1)\" srcset=\"https:\/\/www.telaled.com\/wp-content\/uploads\/2025\/11\/letreiro-digital-para-loja5-1.webp 835w, https:\/\/www.telaled.com\/wp-content\/uploads\/2025\/11\/letreiro-digital-para-loja5-1-300x158.webp 300w, https:\/\/www.telaled.com\/wp-content\/uploads\/2025\/11\/letreiro-digital-para-loja5-1-768x405.webp 768w, https:\/\/www.telaled.com\/wp-content\/uploads\/2025\/11\/letreiro-digital-para-loja5-1-18x9.webp 18w, https:\/\/www.telaled.com\/wp-content\/uploads\/2025\/11\/letreiro-digital-para-loja5-1-600x316.webp 600w\" sizes=\"auto, (max-width: 835px) 100vw, 835px\" \/>\t\t\t\t\t\t\n\t\t\t\t\t<\/div>\n\t\t\t\t\t\t\t\t\n<style>\n#image_1468853367 {\n  width: 80%;\n}\n<\/style>\n\t<\/div>\n\t\n\t\t<\/div>\n\t\t\t\t\t<\/div>\n\n\t\n<\/div>\n\t\t<\/div>\n\t\t\t\t\t<\/div>\n\n\t\n<\/div>","protected":false},"excerpt":{"rendered":"<div><strong>\u5e97\u8217\u5411\u3051\u30c7\u30b8\u30bf\u30eb\u30b5\u30a4\u30cd\u30fc\u30b8: \u9867\u5ba2\u3092\u5f15\u304d\u4ed8\u3051\u3001\u6765\u5e97\u8005\u6570\u3092\u5897\u3084\u3059\u30b9\u30de\u30fc\u30c8\u306a\u65b9\u6cd5\u3002<\/strong><\/div>\n<div><\/div>\n<div>\u5c0f\u58f2\u74b0\u5883\u5411\u3051\u306e\u30c7\u30b8\u30bf\u30eb\u30b5\u30a4\u30cd\u30fc\u30b8\u306f\u3001\u30ea\u30a2\u30eb\u30bf\u30a4\u30e0\u306e\u30d7\u30ed\u30e2\u30fc\u30b7\u30e7\u30f3\u306e\u8868\u793a\u3001\u65b0\u5546\u54c1\u306e\u30a2\u30d4\u30fc\u30eb\u3001\u305d\u3057\u3066\u9bae\u3084\u304b\u3067\u30c0\u30a4\u30ca\u30df\u30c3\u30af\u306a\u30d3\u30b8\u30e5\u30a2\u30eb\u3067\u9867\u5ba2\u3092\u5e97\u8217\u306b\u60f9\u304d\u3064\u3051\u308b\u306e\u306b\u5f79\u7acb\u3061\u307e\u3059\u3002\u9759\u6b62\u753b\u306e\u30dd\u30b9\u30bf\u30fc\u3068\u306f\u7570\u306a\u308a\u3001\u3053\u308c\u3089\u306e\u30b9\u30af\u30ea\u30fc\u30f3\u306f\u77ac\u6642\u306b\u66f4\u65b0\u3055\u308c\u3001\u5f37\u3044\u5c4b\u5185\u7167\u660e\u4e0b\u3067\u3082\u9bae\u660e\u306a\u753b\u50cf\u3092\u7dad\u6301\u3059\u308b\u305f\u3081\u3001\u73fe\u4ee3\u306e\u5c0f\u58f2\u696d\u306b\u3068\u3063\u3066\u6700\u3082\u52b9\u679c\u7684\u306a\u30c4\u30fc\u30eb\u306e\u4e00\u3064\u3068\u306a\u3063\u3066\u3044\u307e\u3059\u3002.<\/div>\n<div><\/div>\n<div><strong>\u4e3b\u306a\u7279\u5fb4:<\/strong><\/div>\n<ul>\n<li><strong>\u9ad8\u5149\u6ca2:<\/strong> 800 \uff5e 1200 nits \u3067\u3001\u30ac\u30e9\u30b9\u8d8a\u3057\u3084\u660e\u308b\u3044\u5e97\u5185\u306e\u7167\u660e\u306e\u4e0b\u3067\u3082\u9bae\u660e\u306b\u898b\u3048\u307e\u3059\u3002.<\/li>\n<li><strong>\u30b7\u30e3\u30fc\u30d7\u306a\u89e3\u50cf\u5ea6:<\/strong> <a href=\"https:\/\/www.telaled.com\/ja\/fabrica\/painel-de-led-hd-serie-tho\/\">HD\u30b9\u30af\u30ea\u30fc\u30f3<\/a>- \u9bae\u660e\u306a\u88fd\u54c1\u5199\u771f\u3068\u6b63\u78ba\u306a\u8272\u3092\u5b9f\u73fe\u3059\u308b 4K\u3002.<\/li>\n<li><strong>\u30af\u30a4\u30c3\u30af\u30b3\u30f3\u30c6\u30f3\u30c4\u66f4\u65b0:<\/strong> Wi-Fi\/LAN \u7d4c\u7531\u306e\u5236\u5fa1\u306b\u3088\u308a\u3001\u6570\u79d2\u3067\u30d7\u30ed\u30e2\u30fc\u30b7\u30e7\u30f3\u3092\u5909\u66f4\u3067\u304d\u307e\u3059\u3002.<\/li>\n<li><strong>24\u6642\u9593365\u65e5\u4f7f\u7528\u3067\u304d\u308b\u3088\u3046\u306b\u8a2d\u8a08\uff1a<\/strong> \u904e\u71b1\u305b\u305a\u306b\u9023\u7d9a\u52d5\u4f5c\u3059\u308b\u3088\u3046\u306b\u8a2d\u8a08\u3055\u308c\u305f\u7523\u696d\u30b0\u30ec\u30fc\u30c9\u306e\u30d1\u30cd\u30eb\u3002.<\/li>\n<\/ul>","protected":false},"featured_media":5700,"template":"","meta":[],"product_brand":[],"product_cat":[49],"product_tag":[],"class_list":{"0":"post-5698","1":"product","2":"type-product","3":"status-publish","4":"has-post-thumbnail","6":"product_cat-digital-signage","8":"first","9":"instock","10":"shipping-taxable","11":"product-type-simple"},"yoast_head":"<!-- This site is optimized with the Yoast SEO plugin v27.5 - https:\/\/yoast.com\/product\/yoast-seo-wordpress\/ -->\n<title>Letreiro Digital para Loja | Aumente a visibilidade e as vendas com displays de alto impacto| TELALED<\/title>\n<meta name=\"description\" content=\"Modernize a fachada da sua loja com um painel digital que oferece imagens mais vibrantes, conte\u00fado din\u00e2mico e maior intera\u00e7\u00e3o com os clientes. Entre em contato agora mesmo para solicitar um or\u00e7amento!\" \/>\n<meta name=\"robots\" content=\"index, follow, max-snippet:-1, max-image-preview:large, max-video-preview:-1\" \/>\n<link rel=\"canonical\" href=\"https:\/\/www.telaled.com\/ja\/fabrica\/letreiro-digital-para-loja\/\" \/>\n<meta property=\"og:locale\" content=\"ja_JP\" \/>\n<meta property=\"og:type\" content=\"article\" \/>\n<meta property=\"og:title\" content=\"Letreiro Digital para Loja | Aumente a visibilidade e as vendas com displays de alto impacto| TELALED\" \/>\n<meta property=\"og:description\" content=\"Modernize a fachada da sua loja com um painel digital que oferece imagens mais vibrantes, conte\u00fado din\u00e2mico e maior intera\u00e7\u00e3o com os clientes. Entre em contato agora mesmo para solicitar um or\u00e7amento!\" \/>\n<meta property=\"og:url\" content=\"https:\/\/www.telaled.com\/ja\/fabrica\/letreiro-digital-para-loja\/\" \/>\n<meta property=\"og:site_name\" content=\"TELALED\" \/>\n<meta property=\"article:modified_time\" content=\"2026-01-11T06:43:34+00:00\" \/>\n<meta property=\"og:image\" content=\"https:\/\/www.telaled.com\/wp-content\/uploads\/2025\/11\/letreiro-digital-para-loja.webp\" \/>\n\t<meta property=\"og:image:width\" content=\"500\" \/>\n\t<meta property=\"og:image:height\" content=\"500\" \/>\n\t<meta property=\"og:image:type\" content=\"image\/webp\" \/>\n<meta name=\"twitter:card\" content=\"summary_large_image\" \/>\n<meta name=\"twitter:label1\" content=\"\u63a8\u5b9a\u8aad\u307f\u53d6\u308a\u6642\u9593\" \/>\n\t<meta name=\"twitter:data1\" content=\"3\u5206\" \/>\n<script type=\"application\/ld+json\" class=\"yoast-schema-graph\">{\"@context\":\"https:\\\/\\\/schema.org\",\"@graph\":[{\"@type\":\"WebPage\",\"@id\":\"https:\\\/\\\/www.telaled.com\\\/fabrica\\\/letreiro-digital-para-loja\\\/\",\"url\":\"https:\\\/\\\/www.telaled.com\\\/fabrica\\\/letreiro-digital-para-loja\\\/\",\"name\":\"Letreiro Digital para Loja | Aumente a visibilidade e as vendas com displays de alto impacto| TELALED\",\"isPartOf\":{\"@id\":\"https:\\\/\\\/www.telaled.com\\\/#website\"},\"primaryImageOfPage\":{\"@id\":\"https:\\\/\\\/www.telaled.com\\\/fabrica\\\/letreiro-digital-para-loja\\\/#primaryimage\"},\"image\":{\"@id\":\"https:\\\/\\\/www.telaled.com\\\/fabrica\\\/letreiro-digital-para-loja\\\/#primaryimage\"},\"thumbnailUrl\":\"https:\\\/\\\/www.telaled.com\\\/wp-content\\\/uploads\\\/2025\\\/11\\\/letreiro-digital-para-loja.webp\",\"datePublished\":\"2025-11-18T06:54:38+00:00\",\"dateModified\":\"2026-01-11T06:43:34+00:00\",\"description\":\"Modernize a fachada da sua loja com um painel digital que oferece imagens mais vibrantes, conte\u00fado din\u00e2mico e maior intera\u00e7\u00e3o com os clientes. Entre em contato agora mesmo para solicitar um or\u00e7amento!\",\"breadcrumb\":{\"@id\":\"https:\\\/\\\/www.telaled.com\\\/fabrica\\\/letreiro-digital-para-loja\\\/#breadcrumb\"},\"inLanguage\":\"ja\",\"potentialAction\":[{\"@type\":\"ReadAction\",\"target\":[\"https:\\\/\\\/www.telaled.com\\\/fabrica\\\/letreiro-digital-para-loja\\\/\"]}]},{\"@type\":\"ImageObject\",\"inLanguage\":\"ja\",\"@id\":\"https:\\\/\\\/www.telaled.com\\\/fabrica\\\/letreiro-digital-para-loja\\\/#primaryimage\",\"url\":\"https:\\\/\\\/www.telaled.com\\\/wp-content\\\/uploads\\\/2025\\\/11\\\/letreiro-digital-para-loja.webp\",\"contentUrl\":\"https:\\\/\\\/www.telaled.com\\\/wp-content\\\/uploads\\\/2025\\\/11\\\/letreiro-digital-para-loja.webp\",\"width\":500,\"height\":500,\"caption\":\"letreiro digital para loja\"},{\"@type\":\"BreadcrumbList\",\"@id\":\"https:\\\/\\\/www.telaled.com\\\/fabrica\\\/letreiro-digital-para-loja\\\/#breadcrumb\",\"itemListElement\":[{\"@type\":\"ListItem\",\"position\":1,\"name\":\"Home\",\"item\":\"https:\\\/\\\/www.telaled.com\\\/\"},{\"@type\":\"ListItem\",\"position\":2,\"name\":\"Produtos\",\"item\":\"https:\\\/\\\/www.telaled.com\\\/shop\\\/\"},{\"@type\":\"ListItem\",\"position\":3,\"name\":\"letreiro digital para loja\"}]},{\"@type\":\"WebSite\",\"@id\":\"https:\\\/\\\/www.telaled.com\\\/#website\",\"url\":\"https:\\\/\\\/www.telaled.com\\\/\",\"name\":\"TELALED\",\"description\":\"\",\"potentialAction\":[{\"@type\":\"SearchAction\",\"target\":{\"@type\":\"EntryPoint\",\"urlTemplate\":\"https:\\\/\\\/www.telaled.com\\\/?s={search_term_string}\"},\"query-input\":{\"@type\":\"PropertyValueSpecification\",\"valueRequired\":true,\"valueName\":\"search_term_string\"}}],\"inLanguage\":\"ja\"}]}<\/script>\n<!-- \/ Yoast SEO plugin. -->","yoast_head_json":{"title":"\u5e97\u8217\u5411\u3051\u30c7\u30b8\u30bf\u30eb\u30b5\u30a4\u30cd\u30fc\u30b8 | \u30a4\u30f3\u30d1\u30af\u30c8\u306e\u3042\u308b\u30c7\u30a3\u30b9\u30d7\u30ec\u30a4\u3067\u8996\u8a8d\u6027\u3068\u58f2\u4e0a\u3092\u5411\u4e0a | TELALED","description":"\u3088\u308a\u9bae\u3084\u304b\u306a\u753b\u50cf\u3001\u30c0\u30a4\u30ca\u30df\u30c3\u30af\u306a\u30b3\u30f3\u30c6\u30f3\u30c4\u3001\u305d\u3057\u3066\u3088\u308a\u5145\u5b9f\u3057\u305f\u9867\u5ba2\u30a4\u30f3\u30bf\u30e9\u30af\u30b7\u30e7\u30f3\u3092\u63d0\u4f9b\u3059\u308b\u30c7\u30b8\u30bf\u30eb\u30b5\u30a4\u30cd\u30fc\u30b8\u3067\u3001\u5e97\u8217\u306e\u5916\u89b3\u3092\u30e2\u30c0\u30f3\u306b\u6f14\u51fa\u3057\u307e\u3057\u3087\u3046\u3002\u4eca\u3059\u3050\u304a\u898b\u7a4d\u308a\u3092\u3054\u4f9d\u983c\u304f\u3060\u3055\u3044\uff01","robots":{"index":"index","follow":"follow","max-snippet":"max-snippet:-1","max-image-preview":"max-image-preview:large","max-video-preview":"max-video-preview:-1"},"canonical":"https:\/\/www.telaled.com\/ja\/fabrica\/letreiro-digital-para-loja\/","og_locale":"ja_JP","og_type":"article","og_title":"Letreiro Digital para Loja | Aumente a visibilidade e as vendas com displays de alto impacto| TELALED","og_description":"Modernize a fachada da sua loja com um painel digital que oferece imagens mais vibrantes, conte\u00fado din\u00e2mico e maior intera\u00e7\u00e3o com os clientes. Entre em contato agora mesmo para solicitar um or\u00e7amento!","og_url":"https:\/\/www.telaled.com\/ja\/fabrica\/letreiro-digital-para-loja\/","og_site_name":"TELALED","article_modified_time":"2026-01-11T06:43:34+00:00","og_image":[{"width":500,"height":500,"url":"https:\/\/www.telaled.com\/wp-content\/uploads\/2025\/11\/letreiro-digital-para-loja.webp","type":"image\/webp"}],"twitter_card":"summary_large_image","twitter_misc":{"\u63a8\u5b9a\u8aad\u307f\u53d6\u308a\u6642\u9593":"3\u5206"},"schema":{"@context":"https:\/\/schema.org","@graph":[{"@type":"WebPage","@id":"https:\/\/www.telaled.com\/fabrica\/letreiro-digital-para-loja\/","url":"https:\/\/www.telaled.com\/fabrica\/letreiro-digital-para-loja\/","name":"\u5e97\u8217\u5411\u3051\u30c7\u30b8\u30bf\u30eb\u30b5\u30a4\u30cd\u30fc\u30b8 | \u30a4\u30f3\u30d1\u30af\u30c8\u306e\u3042\u308b\u30c7\u30a3\u30b9\u30d7\u30ec\u30a4\u3067\u8996\u8a8d\u6027\u3068\u58f2\u4e0a\u3092\u5411\u4e0a | TELALED","isPartOf":{"@id":"https:\/\/www.telaled.com\/#website"},"primaryImageOfPage":{"@id":"https:\/\/www.telaled.com\/fabrica\/letreiro-digital-para-loja\/#primaryimage"},"image":{"@id":"https:\/\/www.telaled.com\/fabrica\/letreiro-digital-para-loja\/#primaryimage"},"thumbnailUrl":"https:\/\/www.telaled.com\/wp-content\/uploads\/2025\/11\/letreiro-digital-para-loja.webp","datePublished":"2025-11-18T06:54:38+00:00","dateModified":"2026-01-11T06:43:34+00:00","description":"\u3088\u308a\u9bae\u3084\u304b\u306a\u753b\u50cf\u3001\u30c0\u30a4\u30ca\u30df\u30c3\u30af\u306a\u30b3\u30f3\u30c6\u30f3\u30c4\u3001\u305d\u3057\u3066\u3088\u308a\u5145\u5b9f\u3057\u305f\u9867\u5ba2\u30a4\u30f3\u30bf\u30e9\u30af\u30b7\u30e7\u30f3\u3092\u63d0\u4f9b\u3059\u308b\u30c7\u30b8\u30bf\u30eb\u30b5\u30a4\u30cd\u30fc\u30b8\u3067\u3001\u5e97\u8217\u306e\u5916\u89b3\u3092\u30e2\u30c0\u30f3\u306b\u6f14\u51fa\u3057\u307e\u3057\u3087\u3046\u3002\u4eca\u3059\u3050\u304a\u898b\u7a4d\u308a\u3092\u3054\u4f9d\u983c\u304f\u3060\u3055\u3044\uff01","breadcrumb":{"@id":"https:\/\/www.telaled.com\/fabrica\/letreiro-digital-para-loja\/#breadcrumb"},"inLanguage":"ja","potentialAction":[{"@type":"ReadAction","target":["https:\/\/www.telaled.com\/fabrica\/letreiro-digital-para-loja\/"]}]},{"@type":"ImageObject","inLanguage":"ja","@id":"https:\/\/www.telaled.com\/fabrica\/letreiro-digital-para-loja\/#primaryimage","url":"https:\/\/www.telaled.com\/wp-content\/uploads\/2025\/11\/letreiro-digital-para-loja.webp","contentUrl":"https:\/\/www.telaled.com\/wp-content\/uploads\/2025\/11\/letreiro-digital-para-loja.webp","width":500,"height":500,"caption":"letreiro digital para loja"},{"@type":"BreadcrumbList","@id":"https:\/\/www.telaled.com\/fabrica\/letreiro-digital-para-loja\/#breadcrumb","itemListElement":[{"@type":"ListItem","position":1,"name":"Home","item":"https:\/\/www.telaled.com\/"},{"@type":"ListItem","position":2,"name":"Produtos","item":"https:\/\/www.telaled.com\/shop\/"},{"@type":"ListItem","position":3,"name":"letreiro digital para loja"}]},{"@type":"WebSite","@id":"https:\/\/www.telaled.com\/#website","url":"https:\/\/www.telaled.com\/","name":"LED\u30b9\u30af\u30ea\u30fc\u30f3","description":"","potentialAction":[{"@type":"SearchAction","target":{"@type":"EntryPoint","urlTemplate":"https:\/\/www.telaled.com\/?s={search_term_string}"},"query-input":{"@type":"PropertyValueSpecification","valueRequired":true,"valueName":"search_term_string"}}],"inLanguage":"ja"}]}},"_links":{"self":[{"href":"https:\/\/www.telaled.com\/ja\/wp-json\/wp\/v2\/product\/5698","targetHints":{"allow":["GET"]}}],"collection":[{"href":"https:\/\/www.telaled.com\/ja\/wp-json\/wp\/v2\/product"}],"about":[{"href":"https:\/\/www.telaled.com\/ja\/wp-json\/wp\/v2\/types\/product"}],"wp:featuredmedia":[{"embeddable":true,"href":"https:\/\/www.telaled.com\/ja\/wp-json\/wp\/v2\/media\/5700"}],"wp:attachment":[{"href":"https:\/\/www.telaled.com\/ja\/wp-json\/wp\/v2\/media?parent=5698"}],"wp:term":[{"taxonomy":"product_brand","embeddable":true,"href":"https:\/\/www.telaled.com\/ja\/wp-json\/wp\/v2\/product_brand?post=5698"},{"taxonomy":"product_cat","embeddable":true,"href":"https:\/\/www.telaled.com\/ja\/wp-json\/wp\/v2\/product_cat?post=5698"},{"taxonomy":"product_tag","embeddable":true,"href":"https:\/\/www.telaled.com\/ja\/wp-json\/wp\/v2\/product_tag?post=5698"}],"curies":[{"name":"wp","href":"https:\/\/api.w.org\/{rel}","templated":true}]}}