{"id":5483,"date":"2025-11-13T09:51:41","date_gmt":"2025-11-13T09:51:41","guid":{"rendered":"https:\/\/www.telaled.com\/?post_type=product&#038;p=5483"},"modified":"2026-01-11T05:45:03","modified_gmt":"2026-01-11T05:45:03","slug":"tela-de-led-flexivel-para-caminhao","status":"publish","type":"product","link":"https:\/\/www.telaled.com\/ja\/fabrica\/tela-de-led-flexivel-para-caminhao\/","title":{"rendered":"\u30c8\u30e9\u30c3\u30af\u7528\u30d5\u30ec\u30ad\u30b7\u30d6\u30ebLED\u30b9\u30af\u30ea\u30fc\u30f3"},"content":{"rendered":"<div class=\"row\"  id=\"row-2131167217\">\n\n\t<div id=\"col-456359136\" class=\"col small-12 large-12\"  >\n\t\t\t\t<div class=\"col-inner\"  >\n\t\t\t\n\t\t\t\n<h2>\u30d5\u30ec\u30ad\u30b7\u30d6\u30ebLED\u30ab\u30fc\u30b9\u30af\u30ea\u30fc\u30f3\u306e\u72ec\u81ea\u306e\u5229\u70b9<\/h2>\n<h3><strong>\u512a\u308c\u305f\u8010\u4e45\u6027<\/strong><\/h3>\n<ul>\n<li><strong><em>\u8010\u4e45\u6027\u306e\u3042\u308bPU\u30b9\u30c6\u30c3\u30ab\u30fc\uff1a<\/em><\/strong> \u5f37\u529b\u3067\u8010\u4e45\u6027\u306e\u3042\u308b\u63a5\u7740\u529b\u3067\u3001\u30c8\u30e9\u30c3\u30af\u3067\u306e\u5805\u7262\u306a\u4f7f\u7528\u306b\u6700\u9069\u3067\u3059\u3002.<\/li>\n<li><strong><em>\u9632\u6c34\u30fb\u9632\u5875IP67\uff1a<\/em> <\/strong>\u3042\u3089\u3086\u308b\u6c17\u8c61\u6761\u4ef6\u3001\u96e8\u3001\u307b\u3053\u308a\u306b\u8010\u3048\u307e\u3059\u3002.<\/li>\n<li><strong><em>\u8010\u885d\u6483\u6027<\/em><\/strong>\u8f38\u9001\u4e2d\u306e\u632f\u52d5\u3084\u885d\u6483\u306b\u5f37\u3044\u3002.<\/li>\n<\/ul>\n<h3><strong>\u512a\u308c\u305f\u30d3\u30b8\u30e5\u30a2\u30eb\u54c1\u8cea<\/strong><\/h3>\n<ul>\n<li><em><strong>\u89e3\u6c7a <a href=\"https:\/\/www.telaled.com\/ja\/fabrica\/painel-de-led-hd-serie-tho\/\">\u30d5\u30ebHD<\/a>\/4K:<\/strong><\/em> \u9bae\u660e\u3067\u9bae\u3084\u304b\u306a\u753b\u50cf\u3067\u660e\u78ba\u306a\u30e1\u30c3\u30bb\u30fc\u30b8\u3092\u4f1d\u3048\u307e\u3059\u3002.<\/li>\n<li><em><strong>4000\u30cb\u30c3\u30c8\u306e\u660e\u308b\u3055\uff1a<\/strong><\/em> \u76f4\u5c04\u65e5\u5149\u4e0b\u3067\u3082\u8996\u8a8d\u53ef\u80fd\u3067\u3059\u3002.<\/li>\n<li><em><strong>\u5e83\u3044\u8996\u91ce\uff1a<\/strong><\/em> \u3069\u306e\u65b9\u5411\u304b\u3089\u3082\u898b\u3048\u308b\u3002.<\/li>\n<\/ul>\n<h3><strong>\u5b8c\u5168\u306a\u9069\u5fdc\u6027<\/strong><\/h3>\n<ul>\n<li><strong><em>\u67d4\u8edf\u3067\u6e7e\u66f2\uff1a<\/em><\/strong> \u3042\u3089\u3086\u308b\u8868\u9762\u306b\u5408\u308f\u305b\u3066\u30ab\u30b9\u30bf\u30e0\u30d5\u30a3\u30c3\u30c8\u3057\u307e\u3059\u3002.<\/li>\n<li><em><strong>\u30e2\u30b8\u30e5\u30e9\u30fc\u8a2d\u8a08:<\/strong><\/em> \u3042\u3089\u3086\u308b\u753b\u9762\u30b5\u30a4\u30ba\u306b\u5408\u308f\u305b\u3066\u62e1\u5f35\u53ef\u80fd\u3067\u3059\u3002.<\/li>\n<li><em><strong>\u5b8c\u5168\u306b\u30ab\u30b9\u30bf\u30de\u30a4\u30ba\u53ef\u80fd:<\/strong><\/em> \u660e\u308b\u3055\u3001\u8272\u3001\u30b3\u30f3\u30c8\u30e9\u30b9\u30c8\u3092\u4efb\u610f\u306e\u8a2d\u5b9a\u306b\u8abf\u6574\u3057\u307e\u3059\u3002.<\/li>\n<\/ul>\n<h3><strong>\u5305\u62ec\u7684\u306a\u30b5\u30dd\u30fc\u30c8<\/strong><\/h3>\n<ul>\n<li><em><strong>24\u6642\u9593365\u65e5\u5bfe\u5fdc\u306e\u5c02\u9580\u5bb6\u30b5\u30dd\u30fc\u30c8:<\/strong> <\/em>\u30b7\u30b9\u30c6\u30e0\u3092\u30b9\u30e0\u30fc\u30ba\u306b\u7a3c\u50cd\u3055\u305b\u307e\u3057\u3087\u3046\u3002.<\/li>\n<li><em><strong>5%\u30b9\u30da\u30a2\u30d1\u30fc\u30c4:<\/strong><\/em> \u4fe1\u983c\u6027\u3092\u9ad8\u3081\u3001\u30c0\u30a6\u30f3\u30bf\u30a4\u30e0\u3092\u6700\u5c0f\u9650\u306b\u6291\u3048\u307e\u3059\u3002.<\/li>\n<li><strong><em>3\u5e74\u9593\u306e\u4fdd\u8a3c:<\/em> <\/strong>\u30d1\u30d5\u30a9\u30fc\u30de\u30f3\u30b9\u3068\u5b89\u5fc3\u3092\u4fdd\u8a3c\u3057\u307e\u3059\u3002.<\/li>\n<li><em><strong>\u5b8c\u5168\u306a\u4fdd\u8b77:<\/strong> <\/em>\u3042\u306a\u305f\u306e\u6295\u8cc7\u3092\u4fdd\u8b77\u3057\u307e\u3059\u3002.<\/li>\n<\/ul>\n<h2>\u88fd\u54c1\u8a73\u7d30<\/h2>\n<div class=\"row\"  id=\"row-1158945347\">\n\n\t<div id=\"col-1021729999\" class=\"col medium-10 small-12 large-10\"  >\n\t\t\t\t<div class=\"col-inner text-left\"  >\n\t\t\t\n\t\t\t\n<ul>\n<li>\u672c\u88fd\u54c1\u306b\u4f7f\u7528\u3055\u308c\u3066\u3044\u308b\u9ad8\u6027\u80fdPU\u63a5\u7740\u5264\u306f\u3001\u512a\u308c\u305f\u74b0\u5883\u4fdd\u8b77\u6027\u3068\u8010\u71b1\u6027\u3092\u5099\u3048\u3066\u3044\u307e\u3059\u3002\u7121\u6bd2\u3067\u9ec4\u5909\u3057\u306b\u304f\u304f\u3001\u5f37\u529b\u306a\u63a5\u7740\u529b\u3092\u78ba\u4fdd\u3057\u3001LED\u30b9\u30c8\u30ea\u30c3\u30d7\u3068\u52b9\u679c\u7684\u306b\u4e00\u4f53\u5316\u3057\u307e\u3059\u3002\u52a0\u5de5\u5f8c\u3001\u30c8\u30e9\u30c3\u30af\u7528\u30d5\u30ec\u30ad\u30b7\u30d6\u30ebLED\u30b9\u30af\u30ea\u30fc\u30f3\u306fIP67\u306e\u9632\u6c34\u30fb\u9632\u5875\u6027\u80fd\u3092\u9054\u6210\u3057\u3001\u5185\u90e8\u90e8\u54c1\u3092\u78ba\u5b9f\u306b\u4fdd\u8b77\u3057\u307e\u3059\u3002.<\/li>\n<\/ul>\n\t<div class=\"img has-hover x md-x lg-x y md-y lg-y\" id=\"image_611789529\">\n\t\t\t\t\t\t\t\t<div class=\"img-inner dark\" >\n\t\t\t<img loading=\"lazy\" decoding=\"async\" width=\"800\" height=\"500\" src=\"https:\/\/www.telaled.com\/wp-content\/uploads\/2025\/11\/A-prova-de-poeira-e-agua-brinque-sem-preocupacoes.webp\" class=\"attachment-original size-original\" alt=\"\u9632\u5875\u30fb\u9632\u6c34\u4ed5\u69d8\u3067\u5b89\u5fc3\u3057\u3066\u30d7\u30ec\u30a4\u3067\u304d\u307e\u3059\u3002\" srcset=\"https:\/\/www.telaled.com\/wp-content\/uploads\/2025\/11\/A-prova-de-poeira-e-agua-brinque-sem-preocupacoes.webp 800w, https:\/\/www.telaled.com\/wp-content\/uploads\/2025\/11\/A-prova-de-poeira-e-agua-brinque-sem-preocupacoes-300x188.webp 300w, https:\/\/www.telaled.com\/wp-content\/uploads\/2025\/11\/A-prova-de-poeira-e-agua-brinque-sem-preocupacoes-768x480.webp 768w, https:\/\/www.telaled.com\/wp-content\/uploads\/2025\/11\/A-prova-de-poeira-e-agua-brinque-sem-preocupacoes-18x12.webp 18w, https:\/\/www.telaled.com\/wp-content\/uploads\/2025\/11\/A-prova-de-poeira-e-agua-brinque-sem-preocupacoes-600x375.webp 600w\" sizes=\"auto, (max-width: 800px) 100vw, 800px\" \/>\t\t\t\t\t\t\n\t\t\t\t\t<\/div>\n\t\t\t\t\t\t\t\t\n<style>\n#image_611789529 {\n  width: 80%;\n}\n<\/style>\n\t<\/div>\n\t\n<ul>\n<li>\u67d4\u8edf\u6027\u3068\u6298\u308a\u305f\u305f\u307f\u6027\u3092\u5099\u3048\u3001\u5fc5\u8981\u306b\u5fdc\u3058\u3066\u66f2\u3052\u305f\u308a\u6298\u308a\u305f\u305f\u3093\u3060\u308a\u3067\u304d\u308b\u305f\u3081\u3001\u6301\u3061\u904b\u3073\u306b\u4fbf\u5229\u3067\u3059\u3002\u9577\u671f\u4fdd\u7ba1\u306e\u969b\u306f\u3001\u30d1\u30cd\u30eb\u306e\u753b\u9762\u3092\u5185\u5074\u306b\u5411\u3051\u3066\u8a2d\u7f6e\u3057\u3001\u30d1\u30cd\u30eb\u306e\u4e0a\u306b\u91cd\u3044\u3082\u306e\u3092\u7f6e\u304b\u306a\u3044\u3088\u3046\u306b\u3059\u308b\u3053\u3068\u3067\u3001\u30d1\u30cd\u30eb\u306e\u5805\u7262\u6027\u3092\u4fdd\u3064\u3053\u3068\u304c\u3067\u304d\u307e\u3059\u3002.<\/li>\n<\/ul>\n\t<div class=\"img has-hover x md-x lg-x y md-y lg-y\" id=\"image_792234050\">\n\t\t\t\t\t\t\t\t<div class=\"img-inner dark\" >\n\t\t\t<img loading=\"lazy\" decoding=\"async\" width=\"800\" height=\"500\" src=\"https:\/\/www.telaled.com\/wp-content\/uploads\/2025\/11\/macio-e-dobravel.webp\" class=\"attachment-large size-large\" alt=\"\u67d4\u3089\u304b\u304f\u3066\u6298\u308a\u7573\u307f\u53ef\u80fd\u306a\" srcset=\"https:\/\/www.telaled.com\/wp-content\/uploads\/2025\/11\/macio-e-dobravel.webp 800w, https:\/\/www.telaled.com\/wp-content\/uploads\/2025\/11\/macio-e-dobravel-300x188.webp 300w, https:\/\/www.telaled.com\/wp-content\/uploads\/2025\/11\/macio-e-dobravel-768x480.webp 768w, https:\/\/www.telaled.com\/wp-content\/uploads\/2025\/11\/macio-e-dobravel-18x12.webp 18w, https:\/\/www.telaled.com\/wp-content\/uploads\/2025\/11\/macio-e-dobravel-600x375.webp 600w\" sizes=\"auto, (max-width: 800px) 100vw, 800px\" \/>\t\t\t\t\t\t\n\t\t\t\t\t<\/div>\n\t\t\t\t\t\t\t\t\n<style>\n#image_792234050 {\n  width: 80%;\n}\n<\/style>\n\t<\/div>\n\t\n<ul>\n<li>\u5927\u5e45\u306b\u5927\u578b\u5316\u3057\u3001\u3088\u308a\u30ef\u30a4\u30c9\u306a\u30c7\u30a3\u30b9\u30d7\u30ec\u30a4\u3092\u5b9f\u73fe\u3002\u5927\u578b\u5316\u3055\u308c\u305f\u30c7\u30a3\u30b9\u30d7\u30ec\u30a4\u306f\u3001\u30b2\u30fc\u30e0\u4f53\u9a13\u3068\u8996\u8074\u4f53\u9a13\u306e\u4e21\u65b9\u3092\u5411\u4e0a\u3055\u305b\u3001\u5e83\u3044\u30b9\u30da\u30fc\u30b9\u306b\u6700\u9069\u3067\u3059\u3002\u9060\u304f\u304b\u3089\u898b\u3066\u3082\u3088\u308a\u9b45\u529b\u7684\u3067\u3001\u3088\u308a\u6ca1\u5165\u611f\u3068\u9b45\u529b\u306b\u6ea2\u308c\u305f\u30d3\u30b8\u30e5\u30a2\u30eb\u4f53\u9a13\u3092\u63d0\u4f9b\u3057\u307e\u3059\u3002.<\/li>\n<\/ul>\n\t<div class=\"img has-hover x md-x lg-x y md-y lg-y\" id=\"image_1423892746\">\n\t\t\t\t\t\t\t\t<div class=\"img-inner dark\" >\n\t\t\t<img loading=\"lazy\" decoding=\"async\" width=\"800\" height=\"500\" src=\"https:\/\/www.telaled.com\/wp-content\/uploads\/2025\/11\/Tela-enorme-totalmente-ampliada.webp\" class=\"attachment-large size-large\" alt=\"\u5de8\u5927\u306a\u3001\u5b8c\u5168\u306b\u62e1\u5927\u3055\u308c\u305f\u30b9\u30af\u30ea\u30fc\u30f3\" srcset=\"https:\/\/www.telaled.com\/wp-content\/uploads\/2025\/11\/Tela-enorme-totalmente-ampliada.webp 800w, https:\/\/www.telaled.com\/wp-content\/uploads\/2025\/11\/Tela-enorme-totalmente-ampliada-300x188.webp 300w, https:\/\/www.telaled.com\/wp-content\/uploads\/2025\/11\/Tela-enorme-totalmente-ampliada-768x480.webp 768w, https:\/\/www.telaled.com\/wp-content\/uploads\/2025\/11\/Tela-enorme-totalmente-ampliada-18x12.webp 18w, https:\/\/www.telaled.com\/wp-content\/uploads\/2025\/11\/Tela-enorme-totalmente-ampliada-600x375.webp 600w\" sizes=\"auto, (max-width: 800px) 100vw, 800px\" \/>\t\t\t\t\t\t\n\t\t\t\t\t<\/div>\n\t\t\t\t\t\t\t\t\n<style>\n#image_1423892746 {\n  width: 80%;\n}\n<\/style>\n\t<\/div>\n\t\n<ul>\n<li>\u3042\u3089\u3086\u308b\u8eca\u4e21\u306e\u30ea\u30a2\u30a6\u30a3\u30f3\u30c9\u30a6\u306e\u66f2\u9762\u306b\u5408\u308f\u305b\u3066\u30d5\u30a3\u30c3\u30c8\u3057\u3001\u3088\u308a\u660e\u308b\u304f\u30af\u30ea\u30a2\u306a\u8996\u754c\u3092\u63d0\u4f9b\u3057\u307e\u3059\u3002\u7570\u306a\u308b\u30e2\u30c7\u30eb\u9593\u3067\u8d77\u3053\u308a\u304c\u3061\u306a\u4e92\u63db\u6027\u306e\u554f\u984c\u3092\u89e3\u6c7a\u3057\u3001\u30c8\u30e9\u30c3\u30af\u3001\u4e57\u7528\u8eca\u3001SUV\u306a\u3069\u3001\u3042\u3089\u3086\u308b\u8eca\u4e21\u306b\u6700\u9069\u3067\u3059\u3002.<\/li>\n<\/ul>\n\t<div class=\"img has-hover x md-x lg-x y md-y lg-y\" id=\"image_1970415333\">\n\t\t\t\t\t\t\t\t<div class=\"img-inner dark\" >\n\t\t\t<img loading=\"lazy\" decoding=\"async\" width=\"800\" height=\"500\" src=\"https:\/\/www.telaled.com\/wp-content\/uploads\/2025\/11\/Ajuste-flexivel-e-universal-para-todos-os-tipos-de-veiculos.webp\" class=\"attachment-large size-large\" alt=\"\u3042\u3089\u3086\u308b\u30bf\u30a4\u30d7\u306e\u8eca\u4e21\u306b\u67d4\u8edf\u304b\u3064\u6c4e\u7528\u7684\u306b\u8abf\u6574\u3067\u304d\u307e\u3059\u3002.\" srcset=\"https:\/\/www.telaled.com\/wp-content\/uploads\/2025\/11\/Ajuste-flexivel-e-universal-para-todos-os-tipos-de-veiculos.webp 800w, https:\/\/www.telaled.com\/wp-content\/uploads\/2025\/11\/Ajuste-flexivel-e-universal-para-todos-os-tipos-de-veiculos-300x188.webp 300w, https:\/\/www.telaled.com\/wp-content\/uploads\/2025\/11\/Ajuste-flexivel-e-universal-para-todos-os-tipos-de-veiculos-768x480.webp 768w, https:\/\/www.telaled.com\/wp-content\/uploads\/2025\/11\/Ajuste-flexivel-e-universal-para-todos-os-tipos-de-veiculos-18x12.webp 18w, https:\/\/www.telaled.com\/wp-content\/uploads\/2025\/11\/Ajuste-flexivel-e-universal-para-todos-os-tipos-de-veiculos-600x375.webp 600w\" sizes=\"auto, (max-width: 800px) 100vw, 800px\" \/>\t\t\t\t\t\t\n\t\t\t\t\t<\/div>\n\t\t\t\t\t\t\t\t\n<style>\n#image_1970415333 {\n  width: 80%;\n}\n<\/style>\n\t<\/div>\n\t\n\t\t<\/div>\n\t\t\t\t\t<\/div>\n\n\t\n<\/div>\n\t\t<\/div>\n\t\t\t\t\t<\/div>\n\n\t\n<\/div>","protected":false},"excerpt":{"rendered":"<div><strong>\u30c8\u30e9\u30c3\u30af\u7528\u306e\u30d5\u30ec\u30ad\u30b7\u30d6\u30eb LED \u30b9\u30af\u30ea\u30fc\u30f3: \u30b9\u30de\u30fc\u30c8\u3067\u9632\u6c34\u6027\u304c\u3042\u308a\u3001\u5b8c\u5168\u306b\u30d7\u30ed\u30b0\u30e9\u30e0\u53ef\u80fd\u306a\u30c7\u30a3\u30b9\u30d7\u30ec\u30a4 \u30bd\u30ea\u30e5\u30fc\u30b7\u30e7\u30f3\u3002.<\/strong><\/div>\n<div><\/div>\n<div>\u3053\u306e\u30d5\u30ec\u30ad\u30b7\u30d6\u30ebLED\u8eca\u8f09\u30c7\u30a3\u30b9\u30d7\u30ec\u30a4\u306f\u3001\u30e1\u30c3\u30bb\u30fc\u30b8\u3001\u8b66\u544a\u3001\u30a2\u30ca\u30a6\u30f3\u30b9\u3001\u30ab\u30b9\u30bf\u30e0\u30a2\u30cb\u30e1\u30fc\u30b7\u30e7\u30f3\u306a\u3069\u3092\u8def\u4e0a\u306b\u30c0\u30a4\u30ca\u30df\u30c3\u30af\u306b\u8868\u793a\u3057\u307e\u3059\u3002Bluetooth\u30a2\u30d7\u30ea\u306b\u3088\u308b\u64cd\u4f5c\u3068\u9632\u6c34\u69cb\u9020\u3092\u5099\u3048\u3001\u3042\u3089\u3086\u308b\u5929\u5019\u3084\u904b\u8ee2\u72b6\u6cc1\u3067\u30e2\u30d0\u30a4\u30eb\u4f7f\u7528\u304c\u53ef\u80fd\u3067\u3059\u3002.<\/div>\n<div><\/div>\n<div><strong>\u4e3b\u306a\u7279\u5fb4:<\/strong><\/div>\n<ul>\n<li><strong>\u30ea\u30a2\u30eb\u30bf\u30a4\u30e0\u66f4\u65b0\u306e\u305f\u3081\u306e\u30b9\u30de\u30fc\u30c8\u306a\u30a2\u30d7\u30ea\u30d9\u30fc\u30b9\u306e\u5236\u5fa1:<\/strong> \u30a2\u30d7\u30ea\u3092\u4f7f\u7528\u3057\u3066 Bluetooth \u7d4c\u7531\u3067\u30b3\u30f3\u30c6\u30f3\u30c4\u3092\u77ac\u6642\u306b\u5909\u66f4\u3067\u304d\u307e\u3059\u3002 <a href=\"https:\/\/www.telaled.com\/ja\/painel-de-led-outdoor-movel\/\">\u643a\u5e2f<\/a>; \u30c6\u30ad\u30b9\u30c8\u3001\u753b\u50cf\u3001\u30a2\u30cb\u30e1\u30fc\u30b7\u30e7\u30f3\u3092\u5909\u66f4\u3057\u305f\u308a\u3001\u72ec\u81ea\u306e\u753b\u50cf\u3092\u30a2\u30c3\u30d7\u30ed\u30fc\u30c9\u3057\u305f\u308a\u3067\u304d\u307e\u3059\u3002\u753b\u9762\u306b\u89e6\u308c\u308b\u3053\u3068\u306a\u304f\u3001\u8b66\u544a\u30b5\u30a4\u30f3\u3084\u7279\u6b8a\u306a\u7167\u660e\u52b9\u679c\u306a\u3069\u3001\u3055\u307e\u3056\u307e\u306a\u30d7\u30ea\u30bb\u30c3\u30c8\u30e2\u30fc\u30c9\u306b\u30a2\u30af\u30bb\u30b9\u3067\u304d\u307e\u3059\u3002.<\/li>\n<li><strong>\u5b8c\u5168\u306b\u30d7\u30ed\u30b0\u30e9\u30e0\u53ef\u80fd\u306a\u753b\u9762:<\/strong> \u72b6\u6cc1\u306b\u5408\u308f\u305b\u3066\u30b9\u30af\u30ed\u30fc\u30eb\u3059\u308b\u30c6\u30ad\u30b9\u30c8\u3001GIF\u3001\u307e\u305f\u306f\u30ab\u30b9\u30bf\u30e0\u753b\u50cf\u3092\u4f5c\u6210\u3067\u304d\u307e\u3059\u3002\u5e83\u544a\u3001\u30a2\u30ca\u30a6\u30f3\u30b9\u3001\u4ea4\u901a\u60c5\u5831\u3001\u307e\u305f\u306f\u30c8\u30e9\u30c3\u30af\u8d70\u884c\u4e2d\u306e\u30d6\u30e9\u30f3\u30c9\u30a4\u30e1\u30fc\u30b8\u5f37\u5316\u306b\u6700\u9069\u3067\u3059\u3002.<\/li>\n<li><strong>\u67d4\u8edf\u6027\u3001\u8010\u4e45\u6027\u3001IP67 \u5b9a\u683c:<\/strong> \u6301\u3061\u904b\u3073\u3084\u4fdd\u7ba1\u306e\u969b\u306b\u7c21\u5358\u306b\u6298\u308a\u66f2\u3052\u3089\u308c\u308b\u3001\u67d4\u3089\u304b\u3044\u30dd\u30ea\u30de\u30fc\u88fdLED\u30d1\u30cd\u30eb\u3092\u63a1\u7528\u3057\u3066\u3044\u307e\u3059\u3002IP67\u9632\u5875\u30fb\u9632\u6c34\u30b3\u30fc\u30c6\u30a3\u30f3\u30b0\u306b\u3088\u308a\u3001\u5c4b\u5916\u74b0\u5883\u3084\u904e\u9177\u306a\u6c17\u8c61\u6761\u4ef6\u3067\u3082\u4fe1\u983c\u6027\u306e\u9ad8\u3044\u30d1\u30d5\u30a9\u30fc\u30de\u30f3\u30b9\u3092\u767a\u63ee\u3057\u307e\u3059\u3002.<\/li>\n<\/ul>","protected":false},"featured_media":5490,"template":"","meta":[],"product_brand":[],"product_cat":[50,48,40,44],"product_tag":[],"class_list":{"0":"post-5483","1":"product","2":"type-product","3":"status-publish","4":"has-post-thumbnail","6":"product_cat-aluguel-de-painel-de-led","7":"product_cat-paineis-personalizados","8":"product_cat-painel-de-led","9":"product_cat-painel-de-led-flexivel","11":"first","12":"instock","13":"shipping-taxable","14":"product-type-simple"},"yoast_head":"<!-- This site is optimized with the Yoast SEO plugin v27.5 - https:\/\/yoast.com\/product\/yoast-seo-wordpress\/ -->\n<title>Tela de LED flex\u00edvel para Caminh\u00e3o | Solu\u00e7\u00f5es de publicidade m\u00f3vel | TELALED<\/title>\n<meta name=\"description\" content=\"Tela de LED flex\u00edvel para caminh\u00e3o, com controle por aplicativo Bluetooth, painel de LED male\u00e1vel e dobr\u00e1vel, texto personalizado, \u00edcones e anima\u00e7\u00f5es para uso em dispositivos m\u00f3veis. Solicite um or\u00e7amento agora!\" \/>\n<meta name=\"robots\" content=\"index, follow, max-snippet:-1, max-image-preview:large, max-video-preview:-1\" \/>\n<link rel=\"canonical\" href=\"https:\/\/www.telaled.com\/ja\/fabrica\/tela-de-led-flexivel-para-caminhao\/\" \/>\n<meta property=\"og:locale\" content=\"ja_JP\" \/>\n<meta property=\"og:type\" content=\"article\" \/>\n<meta property=\"og:title\" content=\"Tela de LED flex\u00edvel para Caminh\u00e3o | Solu\u00e7\u00f5es de publicidade m\u00f3vel | TELALED\" \/>\n<meta property=\"og:description\" content=\"Tela de LED flex\u00edvel para caminh\u00e3o, com controle por aplicativo Bluetooth, painel de LED male\u00e1vel e dobr\u00e1vel, texto personalizado, \u00edcones e anima\u00e7\u00f5es para uso em dispositivos m\u00f3veis. Solicite um or\u00e7amento agora!\" \/>\n<meta property=\"og:url\" content=\"https:\/\/www.telaled.com\/ja\/fabrica\/tela-de-led-flexivel-para-caminhao\/\" \/>\n<meta property=\"og:site_name\" content=\"TELALED\" \/>\n<meta property=\"article:modified_time\" content=\"2026-01-11T05:45:03+00:00\" \/>\n<meta property=\"og:image\" content=\"https:\/\/www.telaled.com\/wp-content\/uploads\/2025\/11\/Tela-de-LED-flexivel-para-Caminhao.webp\" \/>\n\t<meta property=\"og:image:width\" content=\"500\" \/>\n\t<meta property=\"og:image:height\" content=\"500\" \/>\n\t<meta property=\"og:image:type\" content=\"image\/webp\" \/>\n<meta name=\"twitter:card\" content=\"summary_large_image\" \/>\n<meta name=\"twitter:label1\" content=\"\u63a8\u5b9a\u8aad\u307f\u53d6\u308a\u6642\u9593\" \/>\n\t<meta name=\"twitter:data1\" content=\"3\u5206\" \/>\n<script type=\"application\/ld+json\" class=\"yoast-schema-graph\">{\"@context\":\"https:\\\/\\\/schema.org\",\"@graph\":[{\"@type\":\"WebPage\",\"@id\":\"https:\\\/\\\/www.telaled.com\\\/fabrica\\\/tela-de-led-flexivel-para-caminhao\\\/\",\"url\":\"https:\\\/\\\/www.telaled.com\\\/fabrica\\\/tela-de-led-flexivel-para-caminhao\\\/\",\"name\":\"Tela de LED flex\u00edvel para Caminh\u00e3o | Solu\u00e7\u00f5es de publicidade m\u00f3vel | TELALED\",\"isPartOf\":{\"@id\":\"https:\\\/\\\/www.telaled.com\\\/#website\"},\"primaryImageOfPage\":{\"@id\":\"https:\\\/\\\/www.telaled.com\\\/fabrica\\\/tela-de-led-flexivel-para-caminhao\\\/#primaryimage\"},\"image\":{\"@id\":\"https:\\\/\\\/www.telaled.com\\\/fabrica\\\/tela-de-led-flexivel-para-caminhao\\\/#primaryimage\"},\"thumbnailUrl\":\"https:\\\/\\\/www.telaled.com\\\/wp-content\\\/uploads\\\/2025\\\/11\\\/Tela-de-LED-flexivel-para-Caminhao.webp\",\"datePublished\":\"2025-11-13T09:51:41+00:00\",\"dateModified\":\"2026-01-11T05:45:03+00:00\",\"description\":\"Tela de LED flex\u00edvel para caminh\u00e3o, com controle por aplicativo Bluetooth, painel de LED male\u00e1vel e dobr\u00e1vel, texto personalizado, \u00edcones e anima\u00e7\u00f5es para uso em dispositivos m\u00f3veis. Solicite um or\u00e7amento agora!\",\"breadcrumb\":{\"@id\":\"https:\\\/\\\/www.telaled.com\\\/fabrica\\\/tela-de-led-flexivel-para-caminhao\\\/#breadcrumb\"},\"inLanguage\":\"ja\",\"potentialAction\":[{\"@type\":\"ReadAction\",\"target\":[\"https:\\\/\\\/www.telaled.com\\\/fabrica\\\/tela-de-led-flexivel-para-caminhao\\\/\"]}]},{\"@type\":\"ImageObject\",\"inLanguage\":\"ja\",\"@id\":\"https:\\\/\\\/www.telaled.com\\\/fabrica\\\/tela-de-led-flexivel-para-caminhao\\\/#primaryimage\",\"url\":\"https:\\\/\\\/www.telaled.com\\\/wp-content\\\/uploads\\\/2025\\\/11\\\/Tela-de-LED-flexivel-para-Caminhao.webp\",\"contentUrl\":\"https:\\\/\\\/www.telaled.com\\\/wp-content\\\/uploads\\\/2025\\\/11\\\/Tela-de-LED-flexivel-para-Caminhao.webp\",\"width\":500,\"height\":500,\"caption\":\"Tela-de-LED-flex\u00edvel-para-Caminh\u00e3o\"},{\"@type\":\"BreadcrumbList\",\"@id\":\"https:\\\/\\\/www.telaled.com\\\/fabrica\\\/tela-de-led-flexivel-para-caminhao\\\/#breadcrumb\",\"itemListElement\":[{\"@type\":\"ListItem\",\"position\":1,\"name\":\"Home\",\"item\":\"https:\\\/\\\/www.telaled.com\\\/\"},{\"@type\":\"ListItem\",\"position\":2,\"name\":\"Produtos\",\"item\":\"https:\\\/\\\/www.telaled.com\\\/shop\\\/\"},{\"@type\":\"ListItem\",\"position\":3,\"name\":\"Tela de LED flex\u00edvel para Caminh\u00e3o\"}]},{\"@type\":\"WebSite\",\"@id\":\"https:\\\/\\\/www.telaled.com\\\/#website\",\"url\":\"https:\\\/\\\/www.telaled.com\\\/\",\"name\":\"TELALED\",\"description\":\"\",\"potentialAction\":[{\"@type\":\"SearchAction\",\"target\":{\"@type\":\"EntryPoint\",\"urlTemplate\":\"https:\\\/\\\/www.telaled.com\\\/?s={search_term_string}\"},\"query-input\":{\"@type\":\"PropertyValueSpecification\",\"valueRequired\":true,\"valueName\":\"search_term_string\"}}],\"inLanguage\":\"ja\"}]}<\/script>\n<!-- \/ Yoast SEO plugin. -->","yoast_head_json":{"title":"\u30c8\u30e9\u30c3\u30af\u7528\u30d5\u30ec\u30ad\u30b7\u30d6\u30ebLED\u30b9\u30af\u30ea\u30fc\u30f3 | \u30e2\u30d0\u30a4\u30eb\u5e83\u544a\u30bd\u30ea\u30e5\u30fc\u30b7\u30e7\u30f3 | TELALED","description":"\u30c8\u30e9\u30c3\u30af\u7528\u30d5\u30ec\u30ad\u30b7\u30d6\u30ebLED\u30c7\u30a3\u30b9\u30d7\u30ec\u30a4\u3002Bluetooth\u30a2\u30d7\u30ea\u5236\u5fa1\u3001\u30d5\u30ec\u30ad\u30b7\u30d6\u30eb\u3067\u6298\u308a\u305f\u305f\u307f\u53ef\u80fd\u306aLED\u30d1\u30cd\u30eb\u3001\u30e2\u30d0\u30a4\u30eb\u30c7\u30d0\u30a4\u30b9\u3067\u4f7f\u7528\u3067\u304d\u308b\u30ab\u30b9\u30bf\u30de\u30a4\u30ba\u53ef\u80fd\u306a\u30c6\u30ad\u30b9\u30c8\u3001\u30a2\u30a4\u30b3\u30f3\u3001\u30a2\u30cb\u30e1\u30fc\u30b7\u30e7\u30f3\u3092\u5099\u3048\u3066\u3044\u307e\u3059\u3002\u4eca\u3059\u3050\u898b\u7a4d\u3082\u308a\u3092\u3054\u4f9d\u983c\u304f\u3060\u3055\u3044\uff01","robots":{"index":"index","follow":"follow","max-snippet":"max-snippet:-1","max-image-preview":"max-image-preview:large","max-video-preview":"max-video-preview:-1"},"canonical":"https:\/\/www.telaled.com\/ja\/fabrica\/tela-de-led-flexivel-para-caminhao\/","og_locale":"ja_JP","og_type":"article","og_title":"Tela de LED flex\u00edvel para Caminh\u00e3o | Solu\u00e7\u00f5es de publicidade m\u00f3vel | TELALED","og_description":"Tela de LED flex\u00edvel para caminh\u00e3o, com controle por aplicativo Bluetooth, painel de LED male\u00e1vel e dobr\u00e1vel, texto personalizado, \u00edcones e anima\u00e7\u00f5es para uso em dispositivos m\u00f3veis. Solicite um or\u00e7amento agora!","og_url":"https:\/\/www.telaled.com\/ja\/fabrica\/tela-de-led-flexivel-para-caminhao\/","og_site_name":"TELALED","article_modified_time":"2026-01-11T05:45:03+00:00","og_image":[{"width":500,"height":500,"url":"https:\/\/www.telaled.com\/wp-content\/uploads\/2025\/11\/Tela-de-LED-flexivel-para-Caminhao.webp","type":"image\/webp"}],"twitter_card":"summary_large_image","twitter_misc":{"\u63a8\u5b9a\u8aad\u307f\u53d6\u308a\u6642\u9593":"3\u5206"},"schema":{"@context":"https:\/\/schema.org","@graph":[{"@type":"WebPage","@id":"https:\/\/www.telaled.com\/fabrica\/tela-de-led-flexivel-para-caminhao\/","url":"https:\/\/www.telaled.com\/fabrica\/tela-de-led-flexivel-para-caminhao\/","name":"\u30c8\u30e9\u30c3\u30af\u7528\u30d5\u30ec\u30ad\u30b7\u30d6\u30ebLED\u30b9\u30af\u30ea\u30fc\u30f3 | \u30e2\u30d0\u30a4\u30eb\u5e83\u544a\u30bd\u30ea\u30e5\u30fc\u30b7\u30e7\u30f3 | TELALED","isPartOf":{"@id":"https:\/\/www.telaled.com\/#website"},"primaryImageOfPage":{"@id":"https:\/\/www.telaled.com\/fabrica\/tela-de-led-flexivel-para-caminhao\/#primaryimage"},"image":{"@id":"https:\/\/www.telaled.com\/fabrica\/tela-de-led-flexivel-para-caminhao\/#primaryimage"},"thumbnailUrl":"https:\/\/www.telaled.com\/wp-content\/uploads\/2025\/11\/Tela-de-LED-flexivel-para-Caminhao.webp","datePublished":"2025-11-13T09:51:41+00:00","dateModified":"2026-01-11T05:45:03+00:00","description":"\u30c8\u30e9\u30c3\u30af\u7528\u30d5\u30ec\u30ad\u30b7\u30d6\u30ebLED\u30c7\u30a3\u30b9\u30d7\u30ec\u30a4\u3002Bluetooth\u30a2\u30d7\u30ea\u5236\u5fa1\u3001\u30d5\u30ec\u30ad\u30b7\u30d6\u30eb\u3067\u6298\u308a\u305f\u305f\u307f\u53ef\u80fd\u306aLED\u30d1\u30cd\u30eb\u3001\u30e2\u30d0\u30a4\u30eb\u30c7\u30d0\u30a4\u30b9\u3067\u4f7f\u7528\u3067\u304d\u308b\u30ab\u30b9\u30bf\u30de\u30a4\u30ba\u53ef\u80fd\u306a\u30c6\u30ad\u30b9\u30c8\u3001\u30a2\u30a4\u30b3\u30f3\u3001\u30a2\u30cb\u30e1\u30fc\u30b7\u30e7\u30f3\u3092\u5099\u3048\u3066\u3044\u307e\u3059\u3002\u4eca\u3059\u3050\u898b\u7a4d\u3082\u308a\u3092\u3054\u4f9d\u983c\u304f\u3060\u3055\u3044\uff01","breadcrumb":{"@id":"https:\/\/www.telaled.com\/fabrica\/tela-de-led-flexivel-para-caminhao\/#breadcrumb"},"inLanguage":"ja","potentialAction":[{"@type":"ReadAction","target":["https:\/\/www.telaled.com\/fabrica\/tela-de-led-flexivel-para-caminhao\/"]}]},{"@type":"ImageObject","inLanguage":"ja","@id":"https:\/\/www.telaled.com\/fabrica\/tela-de-led-flexivel-para-caminhao\/#primaryimage","url":"https:\/\/www.telaled.com\/wp-content\/uploads\/2025\/11\/Tela-de-LED-flexivel-para-Caminhao.webp","contentUrl":"https:\/\/www.telaled.com\/wp-content\/uploads\/2025\/11\/Tela-de-LED-flexivel-para-Caminhao.webp","width":500,"height":500,"caption":"Tela-de-LED-flex\u00edvel-para-Caminh\u00e3o"},{"@type":"BreadcrumbList","@id":"https:\/\/www.telaled.com\/fabrica\/tela-de-led-flexivel-para-caminhao\/#breadcrumb","itemListElement":[{"@type":"ListItem","position":1,"name":"Home","item":"https:\/\/www.telaled.com\/"},{"@type":"ListItem","position":2,"name":"Produtos","item":"https:\/\/www.telaled.com\/shop\/"},{"@type":"ListItem","position":3,"name":"Tela de LED flex\u00edvel para Caminh\u00e3o"}]},{"@type":"WebSite","@id":"https:\/\/www.telaled.com\/#website","url":"https:\/\/www.telaled.com\/","name":"LED\u30b9\u30af\u30ea\u30fc\u30f3","description":"","potentialAction":[{"@type":"SearchAction","target":{"@type":"EntryPoint","urlTemplate":"https:\/\/www.telaled.com\/?s={search_term_string}"},"query-input":{"@type":"PropertyValueSpecification","valueRequired":true,"valueName":"search_term_string"}}],"inLanguage":"ja"}]}},"_links":{"self":[{"href":"https:\/\/www.telaled.com\/ja\/wp-json\/wp\/v2\/product\/5483","targetHints":{"allow":["GET"]}}],"collection":[{"href":"https:\/\/www.telaled.com\/ja\/wp-json\/wp\/v2\/product"}],"about":[{"href":"https:\/\/www.telaled.com\/ja\/wp-json\/wp\/v2\/types\/product"}],"wp:featuredmedia":[{"embeddable":true,"href":"https:\/\/www.telaled.com\/ja\/wp-json\/wp\/v2\/media\/5490"}],"wp:attachment":[{"href":"https:\/\/www.telaled.com\/ja\/wp-json\/wp\/v2\/media?parent=5483"}],"wp:term":[{"taxonomy":"product_brand","embeddable":true,"href":"https:\/\/www.telaled.com\/ja\/wp-json\/wp\/v2\/product_brand?post=5483"},{"taxonomy":"product_cat","embeddable":true,"href":"https:\/\/www.telaled.com\/ja\/wp-json\/wp\/v2\/product_cat?post=5483"},{"taxonomy":"product_tag","embeddable":true,"href":"https:\/\/www.telaled.com\/ja\/wp-json\/wp\/v2\/product_tag?post=5483"}],"curies":[{"name":"wp","href":"https:\/\/api.w.org\/{rel}","templated":true}]}}