{"id":3928,"date":"2025-10-09T02:28:13","date_gmt":"2025-10-09T02:28:13","guid":{"rendered":"https:\/\/www.telaled.com\/?post_type=product&#038;p=3928"},"modified":"2026-01-07T01:14:05","modified_gmt":"2026-01-07T01:14:05","slug":"electronic-gym-scoreboard-serie-tei","status":"publish","type":"product","link":"https:\/\/www.telaled.com\/ja\/fabrica\/electronic-gym-scoreboard-serie-tei\/","title":{"rendered":"\u96fb\u5b50\u4f53\u64cd\u30b9\u30b3\u30a2\u30dc\u30fc\u30c9TEI\u30b7\u30ea\u30fc\u30ba"},"content":{"rendered":"<div class=\"row\"  id=\"row-91516139\">\n\n\t<div id=\"col-975605094\" class=\"col small-12 large-12\"  >\n\t\t\t\t<div class=\"col-inner\"  >\n\t\t\t\n\t\t\t\n<h2>\u96fb\u5b50\u4f53\u64cd\u30b9\u30b3\u30a2\u30dc\u30fc\u30c9TEI\u30b7\u30ea\u30fc\u30ba<\/h2>\n<h3><strong>\u512a\u308c\u305f\u8010\u4e45\u6027<\/strong><\/h3>\n<ul>\n<li>\u307b\u3053\u308a\u3001\u96e8\u3001\u71b1\u306b\u8010\u6027\u306e\u3042\u308b IP65 \u5b9a\u683c\u306e\u9244\u88fd\u7b50\u4f53\u3002<\/li>\n<li>960\u00d7960 mm\u300140 kg\u306e\u69cb\u9020\u306b\u3088\u308a\u3001\u79fb\u52d5\u5f0f\u30b9\u30c6\u30c3\u30d7\u306e\u5b89\u5b9a\u6027\u3092\u4fdd\u8a3c\u3057\u307e\u3059\u3002<\/li>\n<li>LED <a href=\"https:\/\/www.telaled.com\/ja\/led-smd\/\">\u8868\u9762\u5b9f\u88c5<\/a> 1G1R1B \u30d0\u30c3\u30c6\u30ea\u30fc\u306e\u5bff\u547d\u306f 100,000 \u6642\u9593\u4ee5\u4e0a\u3067\u3059\u3002.<\/li>\n<li>\u52b9\u7387\u7684\u306a\u51b7\u5374\u6a5f\u80fd\u3092\u5099\u3048\u305f\u8010\u8150\u98df\u6027\u90e8\u54c1\u3002<\/li>\n<\/ul>\n<h3><strong>\u512a\u308c\u305f\u30d3\u30b8\u30e5\u30a2\u30eb\u54c1\u8cea<\/strong><\/h3>\n<ul>\n<li>4mm \u306e\u30d4\u30af\u30bb\u30eb \u30d4\u30c3\u30c1\u3068 62,500 \u30c9\u30c3\u30c8\/m\u00b2 \u306e\u30d4\u30af\u30bb\u30eb\u5bc6\u5ea6\u306b\u3088\u308a\u3001\u9bae\u660e\u306a\u30c7\u30a3\u30c6\u30fc\u30eb\u3092\u5b9f\u73fe\u3057\u307e\u3059\u3002<\/li>\n<li>\u65e5\u5149\u4e0b\u3067\u3082\u8996\u8a8d\u3067\u304d\u308b 5,000 \uff5e 7,000 nits \u306e\u660e\u308b\u3055\u3002<\/li>\n<li>10,000:1 \u306e\u30b3\u30f3\u30c8\u30e9\u30b9\u30c8\u6bd4\u3001687 \u5104\u8272\u3002.<\/li>\n<li>\u30b9\u30e0\u30fc\u30ba\u306a\u30d3\u30c7\u30aa\u3092\u5b9f\u73fe\u3059\u308b 1920 \uff5e 3840Hz \u306e\u30ea\u30d5\u30ec\u30c3\u30b7\u30e5 \u30ec\u30fc\u30c8\u3002<\/li>\n<\/ul>\n<h3><strong>\u5b8c\u5168\u306a\u9069\u5fdc\u6027<\/strong><\/h3>\n<ul>\n<li>\u30ea\u30e2\u30fc\u30c8\u66f4\u65b0\u304a\u3088\u3073\u5236\u5fa1\u306e\u305f\u3081\u306e SDK \u30b5\u30dd\u30fc\u30c8\u3002<\/li>\n<li>140\u00b0\u306e\u5e83\u3044\u8996\u91ce\u89d2\u3067\u9bae\u660e\u3055\u3092\u4fdd\u3061\u307e\u3059\u3002<\/li>\n<li>\u7c21\u5358\u306b\u8a2d\u7f6e\u3067\u304d\u308b250\u00d7250 mm\u306e\u30e2\u30b8\u30e5\u30e9\u30fc\u30d1\u30cd\u30eb\u3002<\/li>\n<li>\u30c8\u30e9\u30c3\u30af\u3001\u30b7\u30e7\u30c3\u30d4\u30f3\u30b0\u30e2\u30fc\u30eb\u3001\u7a7a\u6e2f\u3001\u30a4\u30d9\u30f3\u30c8\u306a\u3069\u306b\u6700\u9069\u3067\u3059\u3002<\/li>\n<\/ul>\n<h3><strong>\u5305\u62ec\u7684\u306a\u30b5\u30dd\u30fc\u30c8<\/strong><\/h3>\n<ul>\n<li>24 \u6642\u9593 365 \u65e5\u306e\u5c02\u9580\u30c6\u30af\u30cb\u30ab\u30eb \u30b5\u30dd\u30fc\u30c8\u300224 \u6642\u9593 365 \u65e5\u306e\u30ea\u30e2\u30fc\u30c8 \u30b5\u30dd\u30fc\u30c8 \u30c1\u30fc\u30e0\u306b\u3088\u308a\u3001\u3044\u3064\u3067\u3082\u3069\u3053\u3067\u3082\u4fe1\u983c\u3067\u304d\u308b\u30b5\u30dd\u30fc\u30c8\u3092\u53d7\u3051\u308b\u3053\u3068\u304c\u3067\u304d\u307e\u3059\u3002<\/li>\n<li>\u8ffd\u52a0\u306e 5% \u30b9\u30da\u30a2\u30d1\u30fc\u30c4\u3002\u5404\u6ce8\u6587\u306b\u306f\u8ffd\u52a0\u306e\u4ea4\u63db\u30b3\u30f3\u30dd\u30fc\u30cd\u30f3\u30c8\u304c\u4ed8\u5c5e\u3057\u3066\u304a\u308a\u3001\u4fe1\u983c\u6027\u304c\u5411\u4e0a\u3057\u3001\u5b89\u5fc3\u611f\u304c\u5897\u3057\u307e\u3059\u3002<\/li>\n<li>3 \u5e74\u9593\u306e\u5ef6\u9577\u4fdd\u8a3c \u6700\u5927\u9650\u306e\u4fdd\u8b77\u3092\u5b9f\u73fe\u3059\u308b 3 \u5e74\u9593\u306e\u5ef6\u9577\u4fdd\u8a3c\u306b\u3088\u308a\u3001\u9577\u671f\u306b\u308f\u305f\u308b\u30d1\u30d5\u30a9\u30fc\u30de\u30f3\u30b9\u3068\u4fe1\u983c\u6027\u306e\u9ad8\u3044\u30b5\u30fc\u30d3\u30b9\u3092\u304a\u697d\u3057\u307f\u304f\u3060\u3055\u3044\u3002<\/li>\n<\/ul>\n<h2>\u88fd\u54c1\u8a73\u7d30<\/h2>\n<div class=\"row\"  id=\"row-1682250208\">\n\n\t<div id=\"col-1319371688\" class=\"col medium-10 small-12 large-10\"  >\n\t\t\t\t<div class=\"col-inner text-left\"  >\n\t\t\t\n\t\t\t\n<ul>\n<li>\u5404\u30ec\u30c3\u30d7\u3068\u30e9\u30a6\u30f3\u30c9\u3092\u8ffd\u8de1\u3059\u308b\u306b\u306f <em><strong>\u96fb\u5b50\u30b8\u30e0\u30b9\u30b3\u30a2\u30dc\u30fc\u30c9<\/strong><\/em>\u660e\u308b\u3044\u7dd1\u8272\u306e\u30d7\u30ed\u30b0\u30ec\u30b9\u30d0\u30fc\u3068LED\u30ab\u30a6\u30f3\u30c8\u30c0\u30a6\u30f3\u30c7\u30a3\u30b9\u30d7\u30ec\u30a4\u3092\u5099\u3048\u305f\u3053\u306e\u30bf\u30a4\u30de\u30fc\u306f\u3001\u307e\u308b\u3067\u30d1\u30fc\u30bd\u30ca\u30eb\u30c8\u30ec\u30fc\u30ca\u30fc\u306e\u3088\u3046\u306b\u3001\u30a4\u30f3\u30bf\u30fc\u30d0\u30eb\u3001\u4f11\u61a9\u6642\u9593\u3001\u305d\u3057\u3066\u5408\u8a08\u30ef\u30fc\u30af\u30a2\u30a6\u30c8\u6642\u9593\u3092\u8ffd\u8de1\u3059\u308b\u306e\u306b\u5f79\u7acb\u3061\u307e\u3059\u3002\u3053\u306e\u30b9\u30de\u30fc\u30c8\u30bf\u30a4\u30de\u30fc\u3092\u4f7f\u3048\u3070\u3001\u30ef\u30fc\u30af\u30a2\u30a6\u30c8\u306e\u9032\u6357\u72b6\u6cc1\u3092\u4e00\u76ee\u3067\u78ba\u8a8d\u3067\u304d\u3001\u5404\u30bb\u30c3\u30b7\u30e7\u30f3\u3092\u6574\u7406\u3057\u3066\u52b9\u7387\u7684\u306b\u9032\u3081\u308b\u3053\u3068\u304c\u3067\u304d\u307e\u3059\u3002<\/li>\n<\/ul>\n\t<div class=\"img has-hover x md-x lg-x y md-y lg-y\" id=\"image_2094663533\">\n\t\t\t\t\t\t\t\t<div class=\"img-inner dark\" >\n\t\t\t<img loading=\"lazy\" decoding=\"async\" width=\"970\" height=\"600\" src=\"https:\/\/www.telaled.com\/wp-content\/uploads\/2025\/10\/Electronic-gym-scoreboard7.jpg\" class=\"attachment-original size-original\" alt=\"\u96fb\u5b50\u30b8\u30e0\u30b9\u30b3\u30a2\u30dc\u30fc\u30c97\" srcset=\"https:\/\/www.telaled.com\/wp-content\/uploads\/2025\/10\/Electronic-gym-scoreboard7.jpg 970w, https:\/\/www.telaled.com\/wp-content\/uploads\/2025\/10\/Electronic-gym-scoreboard7-300x186.jpg 300w, https:\/\/www.telaled.com\/wp-content\/uploads\/2025\/10\/Electronic-gym-scoreboard7-768x475.jpg 768w, https:\/\/www.telaled.com\/wp-content\/uploads\/2025\/10\/Electronic-gym-scoreboard7-18x12.jpg 18w, https:\/\/www.telaled.com\/wp-content\/uploads\/2025\/10\/Electronic-gym-scoreboard7-600x371.jpg 600w\" sizes=\"auto, (max-width: 970px) 100vw, 970px\" \/>\t\t\t\t\t\t\n\t\t\t\t\t<\/div>\n\t\t\t\t\t\t\t\t\n<style>\n#image_2094663533 {\n  width: 80%;\n}\n<\/style>\n\t<\/div>\n\t\n<ul>\n<li>1\u3064 <em><strong>\u96fb\u5b50\u30b8\u30e0\u30b9\u30b3\u30a2\u30dc\u30fc\u30c9<\/strong><\/em> \u898b\u3084\u3059\u3044LED\u30bf\u30a4\u30de\u30fc\u3068\u9032\u6357\u30a4\u30f3\u30b8\u30b1\u30fc\u30bf\u30fc\u3092\u8868\u793a\u3059\u308b\u3053\u3068\u3067\u3001\u30c8\u30ec\u30fc\u30cb\u30f3\u30b0\u306e\u5b89\u5168\u6027\u3068\u52b9\u7387\u6027\u3092\u9ad8\u3081\u307e\u3059\u3002\u30e6\u30fc\u30b6\u30fc\u306f\u904b\u52d5\u6642\u9593\u3001\u4f11\u61a9\u6642\u9593\u3001\u30d1\u30d5\u30a9\u30fc\u30de\u30f3\u30b9\u3092\u30ea\u30a2\u30eb\u30bf\u30a4\u30e0\u3067\u78ba\u8a8d\u3067\u304d\u307e\u3059\u3002\u30c8\u30ec\u30fc\u30ca\u30fc\u306f\u9032\u6357\u72b6\u6cc1\u3092\u7c21\u5358\u306b\u78ba\u8a8d\u3057\u3001\u30eb\u30fc\u30c6\u30a3\u30f3\u3092\u8abf\u6574\u3067\u304d\u307e\u3059\u3002 <a href=\"https:\/\/www.telaled.com\/ja\/cronometro-academia\/\">\u30b8\u30e0<\/a> \u5f7c\u306e\u30b9\u30bf\u30b8\u30aa\u3067\u306f\u3001\u3042\u3089\u3086\u308b\u30d5\u30a3\u30c3\u30c8\u30cd\u30b9 \u30ec\u30d9\u30eb\u306b\u5bfe\u3057\u3066\u3001\u4f53\u7cfb\u7684\u304b\u3064\u4e00\u8cab\u6027\u304c\u3042\u308a\u52b9\u679c\u7684\u306a\u30c8\u30ec\u30fc\u30cb\u30f3\u30b0 \u30bb\u30c3\u30b7\u30e7\u30f3\u3092\u4fdd\u8a3c\u3057\u307e\u3059\u3002.<\/li>\n<\/ul>\n\t<div class=\"img has-hover x md-x lg-x y md-y lg-y\" id=\"image_751221444\">\n\t\t\t\t\t\t\t\t<div class=\"img-inner dark\" >\n\t\t\t<img loading=\"lazy\" decoding=\"async\" width=\"568\" height=\"438\" src=\"https:\/\/www.telaled.com\/wp-content\/uploads\/2025\/10\/Electronic-gym-scoreboard8.webp\" class=\"attachment-large size-large\" alt=\"\" srcset=\"https:\/\/www.telaled.com\/wp-content\/uploads\/2025\/10\/Electronic-gym-scoreboard8.webp 568w, https:\/\/www.telaled.com\/wp-content\/uploads\/2025\/10\/Electronic-gym-scoreboard8-300x231.webp 300w, https:\/\/www.telaled.com\/wp-content\/uploads\/2025\/10\/Electronic-gym-scoreboard8-16x12.webp 16w\" sizes=\"auto, (max-width: 568px) 100vw, 568px\" \/>\t\t\t\t\t\t\n\t\t\t\t\t<\/div>\n\t\t\t\t\t\t\t\t\n<style>\n#image_751221444 {\n  width: 80%;\n}\n<\/style>\n\t<\/div>\n\t\n<ul>\n<li><strong><em>\u96fb\u5b50\u30b8\u30e0\u30b9\u30b3\u30a2\u30dc\u30fc\u30c9<\/em> TEI\u30b7\u30ea\u30fc\u30ba<\/strong>\u00a0 \u8f38\u9001\u4e2d\u306e\u640d\u50b7\u3092\u9632\u3050\u305f\u3081\u3001\u5f37\u5316\u6728\u7bb1\u306b\u68b1\u5305\u3055\u308c\u3066\u3044\u307e\u3059\u3002\u5404\u30e6\u30cb\u30c3\u30c8\u306f\u5bb3\u866b\u3001\u885d\u6483\u3001\u305d\u306e\u4ed6\u306e\u5371\u967a\u306b\u3088\u308b\u640d\u50b7\u3092\u9632\u3050\u305f\u3081\u306b\u3057\u3063\u304b\u308a\u3068\u68b1\u5305\u3055\u308c\u3066\u304a\u308a\u3001\u8010\u4e45\u6027\u3068\u5b89\u5168\u306a\u914d\u9001\u3092\u4fdd\u8a3c\u3057\u307e\u3059\u3002<\/li>\n<\/ul>\n\t<div class=\"img has-hover x md-x lg-x y md-y lg-y\" id=\"image_195654946\">\n\t\t\t\t\t\t\t\t<div class=\"img-inner dark\" >\n\t\t\t<img loading=\"lazy\" decoding=\"async\" width=\"760\" height=\"1024\" src=\"https:\/\/www.telaled.com\/wp-content\/uploads\/2025\/08\/36123f2c-de60-488d-af81-255cd4aee54a-760x1024.webp\" class=\"attachment-large size-large\" alt=\"\" srcset=\"https:\/\/www.telaled.com\/wp-content\/uploads\/2025\/08\/36123f2c-de60-488d-af81-255cd4aee54a-760x1024.webp 760w, https:\/\/www.telaled.com\/wp-content\/uploads\/2025\/08\/36123f2c-de60-488d-af81-255cd4aee54a-223x300.webp 223w, https:\/\/www.telaled.com\/wp-content\/uploads\/2025\/08\/36123f2c-de60-488d-af81-255cd4aee54a-768x1035.webp 768w, https:\/\/www.telaled.com\/wp-content\/uploads\/2025\/08\/36123f2c-de60-488d-af81-255cd4aee54a-9x12.webp 9w, https:\/\/www.telaled.com\/wp-content\/uploads\/2025\/08\/36123f2c-de60-488d-af81-255cd4aee54a-600x808.webp 600w, https:\/\/www.telaled.com\/wp-content\/uploads\/2025\/08\/36123f2c-de60-488d-af81-255cd4aee54a.webp 795w\" sizes=\"auto, (max-width: 760px) 100vw, 760px\" \/>\t\t\t\t\t\t\n\t\t\t\t\t<\/div>\n\t\t\t\t\t\t\t\t\n<style>\n#image_195654946 {\n  width: 80%;\n}\n<\/style>\n\t<\/div>\n\t\n\n<table id=\"tablepress-102\" class=\"tablepress tablepress-id-102\">\n<thead>\n<tr class=\"row-1\">\n\t<th class=\"column-1\">\u6700\u5927\u6e96\u5099\u6642\u9593<\/th><th class=\"column-2\">24\u6642\u9593<\/th><th class=\"column-3\">\u6700\u5c0f\u9650\u306e\u6e96\u5099\u6642\u9593<\/th><th class=\"column-4\">10\u79d2<\/th>\n<\/tr>\n<\/thead>\n<tbody class=\"row-striping row-hover\">\n<tr class=\"row-2\">\n\t<td class=\"column-1\">\u516c\u79f0\u96fb\u5727<\/td><td class=\"column-2\">220V<\/td><td class=\"column-3\">\u30e2\u30c7\u30eb\u756a\u53f7<\/td><td class=\"column-4\">TEI\u30b7\u30ea\u30fc\u30ba<\/td>\n<\/tr>\n<tr class=\"row-3\">\n\t<td class=\"column-1\">\u30de\u30fc\u30af<\/td><td class=\"column-2\">LED\u30b9\u30af\u30ea\u30fc\u30f3<\/td><td class=\"column-3\">\u539f\u7523\u5730<\/td><td class=\"column-4\">\u6df1\u30bb\u30f3\u3001\u4e2d\u56fd<\/td>\n<\/tr>\n<tr class=\"row-4\">\n\t<td class=\"column-1\">\u30b3\u30f3\u30c8\u30ed\u30fc\u30eb<\/td><td class=\"column-2\">\u30ea\u30e2\u30b3\u30f3<\/td><td class=\"column-3\">\u8a34\u3048\u308b<\/td><td class=\"column-4\">\u30dd\u30fc\u30bf\u30d6\u30eb<\/td>\n<\/tr>\n<tr class=\"row-5\">\n\t<td class=\"column-1\">\u983b\u5ea6<\/td><td class=\"column-2\">50 Hz<\/td><td class=\"column-3\">\u6750\u6599<\/td><td class=\"column-4\">\u30a2\u30eb\u30df\u30cb\u30a6\u30e0\u5408\u91d1<\/td>\n<\/tr>\n<tr class=\"row-6\">\n\t<td class=\"column-1\">\u7406\u8ad6<\/td><td class=\"column-2\">\u30c7\u30b8\u30bf\u30eb<\/td><td class=\"column-3\">\u30bf\u30a4\u30d7<\/td><td class=\"column-4\">\u30ab\u30a6\u30f3\u30c8\u30c0\u30a6\u30f3\u30bf\u30a4\u30de\u30fc<\/td>\n<\/tr>\n<tr class=\"row-7\">\n\t<td class=\"column-1\">\u5fdc\u7528<\/td><td class=\"column-2\">\u591a\u6a5f\u80fd<\/td><td class=\"column-3\">\u624b\u8853<\/td><td class=\"column-4\">\u30ea\u30e2\u30b3\u30f3<\/td>\n<\/tr>\n<tr class=\"row-8\">\n\t<td class=\"column-1\">\u6587\u5b57\u306e\u9ad8\u3055<\/td><td class=\"column-2\">4\u30a4\u30f3\u30c1<\/td><td class=\"column-3\">\u69cb\u9020<\/td><td class=\"column-4\">\u30a2\u30eb\u30df\u30cb\u30a6\u30e0\u5408\u91d1<\/td>\n<\/tr>\n<tr class=\"row-9\">\n\t<td class=\"column-1\">\u88fd\u54c1\u540d<\/td><td class=\"column-2\">\u6642\u8a08\u3001\u30ab\u30a6\u30f3\u30c8\u30a2\u30c3\u30d7\/\u30c0\u30a6\u30f3\u3001\u30b9\u30c8\u30c3\u30d7\u30a6\u30a9\u30c3\u30c1\u3001\u30a4\u30f3\u30bf\u30fc\u30d0\u30eb\u30c8\u30ec\u30fc\u30cb\u30f3\u30b0\/\u4f11\u61a9<\/td><td class=\"column-3\">\u8a8d\u8a3c<\/td><td class=\"column-4\">CE\u3001RoHS<\/td>\n<\/tr>\n<\/tbody>\n<\/table>\n\n\t\t<\/div>\n\t\t\t\t\t<\/div>\n\n\t\n<\/div>\n\t\t<\/div>\n\t\t\t\t\t<\/div>\n\n\t\n<\/div>","protected":false},"excerpt":{"rendered":"<p><em><strong>\u96fb\u5b50\u4f53\u64cd\u30b9\u30b3\u30a2\u30dc\u30fc\u30c9TEI\u30b7\u30ea\u30fc\u30ba<\/strong><\/em> \u2013 \u591a\u6a5f\u80fd LED \u30bf\u30a4\u30de\u30fc\u3068\u30b9\u30c8\u30c3\u30d7\u30a6\u30a9\u30c3\u30c1\u3002<\/p>\n<p>\u30b6 <em><strong>\u96fb\u5b50\u4f53\u64cd\u30b9\u30b3\u30a2\u30dc\u30fc\u30c9TEI\u30b7\u30ea\u30fc\u30ba<\/strong><\/em>\u00a04\u30a4\u30f3\u30c1LED\u30c7\u30a3\u30b9\u30d7\u30ec\u30a4\u3068\u30a2\u30eb\u30df\u5408\u91d1\u88fd\u306e\u30cf\u30a6\u30b8\u30f3\u30b0\u3092\u5099\u3048\u305f220V\u30c7\u30b8\u30bf\u30eb\u30bf\u30a4\u30de\u30fc\u3067\u3059\u3002\u30ab\u30a6\u30f3\u30c8\u30a2\u30c3\u30d7\u3001\u30ab\u30a6\u30f3\u30c8\u30c0\u30a6\u30f3\u3001\u30b9\u30c8\u30c3\u30d7\u30a6\u30a9\u30c3\u30c1\u3001\u30a4\u30f3\u30bf\u30fc\u30d0\u30eb\u30e2\u30fc\u30c9\u306b\u5bfe\u5fdc\u3057\u3001\u3059\u3079\u3066\u30ea\u30e2\u30b3\u30f3\u3067\u64cd\u4f5c\u3067\u304d\u307e\u3059\u3002<\/p>\n<p><strong>\u4e3b\u306a\u7279\u5fb4:<\/strong><\/p>\n<ul>\n<li><strong>\u6b63\u78ba\u306a\u6642\u9593\u7bc4\u56f2:<\/strong> \u30ef\u30fc\u30af\u30a2\u30a6\u30c8\u306b\u5408\u308f\u305b\u3066 10 \u79d2\u304b\u3089 24 \u6642\u9593\u307e\u3067\u8abf\u6574\u53ef\u80fd\u3067\u3059\u3002, <a href=\"https:\/\/www.telaled.com\/ja\/telao-de-led-para-eventos\/\">\u30a4\u30d9\u30f3\u30c8<\/a> \u307e\u305f\u306f\u5de5\u696d\u7528\u9014\u306b\u3082\u4f7f\u7528\u3067\u304d\u307e\u3059\u3002.<\/li>\n<li><strong>\u30b7\u30e3\u30fc\u30d74\u30a4\u30f3\u30c1LED\u30c7\u30a3\u30b9\u30d7\u30ec\u30a4\uff1a<\/strong> \u660e\u308b\u3044\u6570\u5b57\u306b\u3088\u308a\u3001\u660e\u308b\u3044\u5834\u6240\u3067\u3082\u8996\u8a8d\u6027\u304c\u78ba\u4fdd\u3055\u308c\u307e\u3059\u3002<\/li>\n<li><strong>\u8010\u4e45\u6027\u3068\u5229\u4fbf\u6027\uff1a<\/strong> \u30ea\u30e2\u30fc\u30c8\u64cd\u4f5c\u3068 CE\/RoHS \u8a8d\u8a3c\u306e\u4fe1\u983c\u6027\u3092\u5099\u3048\u305f\u30a2\u30eb\u30df\u30cb\u30a6\u30e0\u88fd\u30dc\u30c7\u30a3\u3002<\/li>\n<\/ul>\n<p>\u5f0a\u793e\u306e\u30a8\u30ad\u30b9\u30d1\u30fc\u30c8\u306f\u300124\u6642\u9593365\u65e5\u3001\u663c\u591c\u3092\u554f\u308f\u305a\u5bfe\u5fdc\u3044\u305f\u3057\u307e\u3059\u3002\u30ea\u30e2\u30fc\u30c8\u30b5\u30dd\u30fc\u30c8\u30683\u5e74\u9593\u306e\u88fd\u54c1\u4fdd\u8a3c\u3082\u3054\u7528\u610f\u3057\u3066\u304a\u308a\u307e\u3059\u3002\u4eca\u3059\u3050\u304a\u898b\u7a4d\u308a\u3092\u3054\u4f9d\u983c\u304f\u3060\u3055\u3044\u3002<\/p>","protected":false},"featured_media":3944,"template":"","meta":[],"product_brand":[],"product_cat":[48,40],"product_tag":[],"class_list":{"0":"post-3928","1":"product","2":"type-product","3":"status-publish","4":"has-post-thumbnail","6":"product_cat-paineis-personalizados","7":"product_cat-painel-de-led","9":"first","10":"instock","11":"shipping-taxable","12":"product-type-simple"},"yoast_head":"<!-- This site is optimized with the Yoast SEO plugin v27.4 - https:\/\/yoast.com\/product\/yoast-seo-wordpress\/ -->\n<title>Electronic Gym Scoreboard S\u00e9rie TEI | Temporizador digital LED para esportes e fitness | TELALED<\/title>\n<meta name=\"description\" content=\"Obtenha o Electronic Gym Scoreboard S\u00e9rie TEI com cron\u00f4metro, contagem regressiva e controle remoto sem fio; ideal para treinos e sess\u00f5es de treino.\" \/>\n<meta name=\"robots\" content=\"index, follow, max-snippet:-1, max-image-preview:large, max-video-preview:-1\" \/>\n<link rel=\"canonical\" href=\"https:\/\/www.telaled.com\/ja\/fabrica\/electronic-gym-scoreboard-serie-tei\/\" \/>\n<meta property=\"og:locale\" content=\"ja_JP\" \/>\n<meta property=\"og:type\" content=\"article\" \/>\n<meta property=\"og:title\" content=\"Electronic Gym Scoreboard S\u00e9rie TEI | Temporizador digital LED para esportes e fitness | TELALED\" \/>\n<meta property=\"og:description\" content=\"Obtenha o Electronic Gym Scoreboard S\u00e9rie TEI com cron\u00f4metro, contagem regressiva e controle remoto sem fio; ideal para treinos e sess\u00f5es de treino.\" \/>\n<meta property=\"og:url\" content=\"https:\/\/www.telaled.com\/ja\/fabrica\/electronic-gym-scoreboard-serie-tei\/\" \/>\n<meta property=\"og:site_name\" content=\"TELALED\" \/>\n<meta property=\"article:modified_time\" content=\"2026-01-07T01:14:05+00:00\" \/>\n<meta property=\"og:image\" content=\"https:\/\/www.telaled.com\/wp-content\/uploads\/2025\/10\/Electronic-gym-scoreboard.webp\" \/>\n\t<meta property=\"og:image:width\" content=\"500\" \/>\n\t<meta property=\"og:image:height\" content=\"500\" \/>\n\t<meta property=\"og:image:type\" content=\"image\/webp\" \/>\n<meta name=\"twitter:card\" content=\"summary_large_image\" \/>\n<meta name=\"twitter:label1\" content=\"\u63a8\u5b9a\u8aad\u307f\u53d6\u308a\u6642\u9593\" \/>\n\t<meta name=\"twitter:data1\" content=\"3\u5206\" \/>\n<script type=\"application\/ld+json\" class=\"yoast-schema-graph\">{\"@context\":\"https:\\\/\\\/schema.org\",\"@graph\":[{\"@type\":\"WebPage\",\"@id\":\"https:\\\/\\\/www.telaled.com\\\/fabrica\\\/electronic-gym-scoreboard-serie-tei\\\/\",\"url\":\"https:\\\/\\\/www.telaled.com\\\/fabrica\\\/electronic-gym-scoreboard-serie-tei\\\/\",\"name\":\"Electronic Gym Scoreboard S\u00e9rie TEI | Temporizador digital LED para esportes e fitness | TELALED\",\"isPartOf\":{\"@id\":\"https:\\\/\\\/www.telaled.com\\\/#website\"},\"primaryImageOfPage\":{\"@id\":\"https:\\\/\\\/www.telaled.com\\\/fabrica\\\/electronic-gym-scoreboard-serie-tei\\\/#primaryimage\"},\"image\":{\"@id\":\"https:\\\/\\\/www.telaled.com\\\/fabrica\\\/electronic-gym-scoreboard-serie-tei\\\/#primaryimage\"},\"thumbnailUrl\":\"https:\\\/\\\/www.telaled.com\\\/wp-content\\\/uploads\\\/2025\\\/10\\\/Electronic-gym-scoreboard.webp\",\"datePublished\":\"2025-10-09T02:28:13+00:00\",\"dateModified\":\"2026-01-07T01:14:05+00:00\",\"description\":\"Obtenha o Electronic Gym Scoreboard S\u00e9rie TEI com cron\u00f4metro, contagem regressiva e controle remoto sem fio; ideal para treinos e sess\u00f5es de treino.\",\"breadcrumb\":{\"@id\":\"https:\\\/\\\/www.telaled.com\\\/fabrica\\\/electronic-gym-scoreboard-serie-tei\\\/#breadcrumb\"},\"inLanguage\":\"ja\",\"potentialAction\":[{\"@type\":\"ReadAction\",\"target\":[\"https:\\\/\\\/www.telaled.com\\\/fabrica\\\/electronic-gym-scoreboard-serie-tei\\\/\"]}]},{\"@type\":\"ImageObject\",\"inLanguage\":\"ja\",\"@id\":\"https:\\\/\\\/www.telaled.com\\\/fabrica\\\/electronic-gym-scoreboard-serie-tei\\\/#primaryimage\",\"url\":\"https:\\\/\\\/www.telaled.com\\\/wp-content\\\/uploads\\\/2025\\\/10\\\/Electronic-gym-scoreboard.webp\",\"contentUrl\":\"https:\\\/\\\/www.telaled.com\\\/wp-content\\\/uploads\\\/2025\\\/10\\\/Electronic-gym-scoreboard.webp\",\"width\":500,\"height\":500,\"caption\":\"Electronic-gym-scoreboard\"},{\"@type\":\"BreadcrumbList\",\"@id\":\"https:\\\/\\\/www.telaled.com\\\/fabrica\\\/electronic-gym-scoreboard-serie-tei\\\/#breadcrumb\",\"itemListElement\":[{\"@type\":\"ListItem\",\"position\":1,\"name\":\"Home\",\"item\":\"https:\\\/\\\/www.telaled.com\\\/\"},{\"@type\":\"ListItem\",\"position\":2,\"name\":\"Produtos\",\"item\":\"https:\\\/\\\/www.telaled.com\\\/shop\\\/\"},{\"@type\":\"ListItem\",\"position\":3,\"name\":\"Electronic Gym Scoreboard S\u00e9rie TEI\"}]},{\"@type\":\"WebSite\",\"@id\":\"https:\\\/\\\/www.telaled.com\\\/#website\",\"url\":\"https:\\\/\\\/www.telaled.com\\\/\",\"name\":\"TELALED\",\"description\":\"\",\"potentialAction\":[{\"@type\":\"SearchAction\",\"target\":{\"@type\":\"EntryPoint\",\"urlTemplate\":\"https:\\\/\\\/www.telaled.com\\\/?s={search_term_string}\"},\"query-input\":{\"@type\":\"PropertyValueSpecification\",\"valueRequired\":true,\"valueName\":\"search_term_string\"}}],\"inLanguage\":\"ja\"}]}<\/script>\n<!-- \/ Yoast SEO plugin. -->","yoast_head_json":{"title":"\u96fb\u5b50\u30b8\u30e0\u30b9\u30b3\u30a2\u30dc\u30fc\u30c9TEI\u30b7\u30ea\u30fc\u30ba | \u30b9\u30dd\u30fc\u30c4\u3068\u30d5\u30a3\u30c3\u30c8\u30cd\u30b9\u7528LED\u30c7\u30b8\u30bf\u30eb\u30bf\u30a4\u30de\u30fc | LED\u30b9\u30af\u30ea\u30fc\u30f3","description":"\u30b9\u30c8\u30c3\u30d7\u30a6\u30a9\u30c3\u30c1\u3001\u30ab\u30a6\u30f3\u30c8\u30c0\u30a6\u30f3 \u30bf\u30a4\u30de\u30fc\u3001\u30ef\u30a4\u30e4\u30ec\u30b9 \u30ea\u30e2\u30b3\u30f3\u3092\u5099\u3048\u305f TEI \u30b7\u30ea\u30fc\u30ba\u96fb\u5b50\u30b8\u30e0 \u30b9\u30b3\u30a2\u30dc\u30fc\u30c9\u3092\u5165\u624b\u3057\u3066\u304f\u3060\u3055\u3044\u3002\u30ef\u30fc\u30af\u30a2\u30a6\u30c8\u3084\u30c8\u30ec\u30fc\u30cb\u30f3\u30b0 \u30bb\u30c3\u30b7\u30e7\u30f3\u306b\u6700\u9069\u3067\u3059\u3002","robots":{"index":"index","follow":"follow","max-snippet":"max-snippet:-1","max-image-preview":"max-image-preview:large","max-video-preview":"max-video-preview:-1"},"canonical":"https:\/\/www.telaled.com\/ja\/fabrica\/electronic-gym-scoreboard-serie-tei\/","og_locale":"ja_JP","og_type":"article","og_title":"Electronic Gym Scoreboard S\u00e9rie TEI | Temporizador digital LED para esportes e fitness | TELALED","og_description":"Obtenha o Electronic Gym Scoreboard S\u00e9rie TEI com cron\u00f4metro, contagem regressiva e controle remoto sem fio; ideal para treinos e sess\u00f5es de treino.","og_url":"https:\/\/www.telaled.com\/ja\/fabrica\/electronic-gym-scoreboard-serie-tei\/","og_site_name":"TELALED","article_modified_time":"2026-01-07T01:14:05+00:00","og_image":[{"width":500,"height":500,"url":"https:\/\/www.telaled.com\/wp-content\/uploads\/2025\/10\/Electronic-gym-scoreboard.webp","type":"image\/webp"}],"twitter_card":"summary_large_image","twitter_misc":{"\u63a8\u5b9a\u8aad\u307f\u53d6\u308a\u6642\u9593":"3\u5206"},"schema":{"@context":"https:\/\/schema.org","@graph":[{"@type":"WebPage","@id":"https:\/\/www.telaled.com\/fabrica\/electronic-gym-scoreboard-serie-tei\/","url":"https:\/\/www.telaled.com\/fabrica\/electronic-gym-scoreboard-serie-tei\/","name":"\u96fb\u5b50\u30b8\u30e0\u30b9\u30b3\u30a2\u30dc\u30fc\u30c9TEI\u30b7\u30ea\u30fc\u30ba | \u30b9\u30dd\u30fc\u30c4\u3068\u30d5\u30a3\u30c3\u30c8\u30cd\u30b9\u7528LED\u30c7\u30b8\u30bf\u30eb\u30bf\u30a4\u30de\u30fc | LED\u30b9\u30af\u30ea\u30fc\u30f3","isPartOf":{"@id":"https:\/\/www.telaled.com\/#website"},"primaryImageOfPage":{"@id":"https:\/\/www.telaled.com\/fabrica\/electronic-gym-scoreboard-serie-tei\/#primaryimage"},"image":{"@id":"https:\/\/www.telaled.com\/fabrica\/electronic-gym-scoreboard-serie-tei\/#primaryimage"},"thumbnailUrl":"https:\/\/www.telaled.com\/wp-content\/uploads\/2025\/10\/Electronic-gym-scoreboard.webp","datePublished":"2025-10-09T02:28:13+00:00","dateModified":"2026-01-07T01:14:05+00:00","description":"\u30b9\u30c8\u30c3\u30d7\u30a6\u30a9\u30c3\u30c1\u3001\u30ab\u30a6\u30f3\u30c8\u30c0\u30a6\u30f3 \u30bf\u30a4\u30de\u30fc\u3001\u30ef\u30a4\u30e4\u30ec\u30b9 \u30ea\u30e2\u30b3\u30f3\u3092\u5099\u3048\u305f TEI \u30b7\u30ea\u30fc\u30ba\u96fb\u5b50\u30b8\u30e0 \u30b9\u30b3\u30a2\u30dc\u30fc\u30c9\u3092\u5165\u624b\u3057\u3066\u304f\u3060\u3055\u3044\u3002\u30ef\u30fc\u30af\u30a2\u30a6\u30c8\u3084\u30c8\u30ec\u30fc\u30cb\u30f3\u30b0 \u30bb\u30c3\u30b7\u30e7\u30f3\u306b\u6700\u9069\u3067\u3059\u3002","breadcrumb":{"@id":"https:\/\/www.telaled.com\/fabrica\/electronic-gym-scoreboard-serie-tei\/#breadcrumb"},"inLanguage":"ja","potentialAction":[{"@type":"ReadAction","target":["https:\/\/www.telaled.com\/fabrica\/electronic-gym-scoreboard-serie-tei\/"]}]},{"@type":"ImageObject","inLanguage":"ja","@id":"https:\/\/www.telaled.com\/fabrica\/electronic-gym-scoreboard-serie-tei\/#primaryimage","url":"https:\/\/www.telaled.com\/wp-content\/uploads\/2025\/10\/Electronic-gym-scoreboard.webp","contentUrl":"https:\/\/www.telaled.com\/wp-content\/uploads\/2025\/10\/Electronic-gym-scoreboard.webp","width":500,"height":500,"caption":"Electronic-gym-scoreboard"},{"@type":"BreadcrumbList","@id":"https:\/\/www.telaled.com\/fabrica\/electronic-gym-scoreboard-serie-tei\/#breadcrumb","itemListElement":[{"@type":"ListItem","position":1,"name":"Home","item":"https:\/\/www.telaled.com\/"},{"@type":"ListItem","position":2,"name":"Produtos","item":"https:\/\/www.telaled.com\/shop\/"},{"@type":"ListItem","position":3,"name":"Electronic Gym Scoreboard S\u00e9rie TEI"}]},{"@type":"WebSite","@id":"https:\/\/www.telaled.com\/#website","url":"https:\/\/www.telaled.com\/","name":"LED\u30b9\u30af\u30ea\u30fc\u30f3","description":"","potentialAction":[{"@type":"SearchAction","target":{"@type":"EntryPoint","urlTemplate":"https:\/\/www.telaled.com\/?s={search_term_string}"},"query-input":{"@type":"PropertyValueSpecification","valueRequired":true,"valueName":"search_term_string"}}],"inLanguage":"ja"}]}},"_links":{"self":[{"href":"https:\/\/www.telaled.com\/ja\/wp-json\/wp\/v2\/product\/3928","targetHints":{"allow":["GET"]}}],"collection":[{"href":"https:\/\/www.telaled.com\/ja\/wp-json\/wp\/v2\/product"}],"about":[{"href":"https:\/\/www.telaled.com\/ja\/wp-json\/wp\/v2\/types\/product"}],"wp:featuredmedia":[{"embeddable":true,"href":"https:\/\/www.telaled.com\/ja\/wp-json\/wp\/v2\/media\/3944"}],"wp:attachment":[{"href":"https:\/\/www.telaled.com\/ja\/wp-json\/wp\/v2\/media?parent=3928"}],"wp:term":[{"taxonomy":"product_brand","embeddable":true,"href":"https:\/\/www.telaled.com\/ja\/wp-json\/wp\/v2\/product_brand?post=3928"},{"taxonomy":"product_cat","embeddable":true,"href":"https:\/\/www.telaled.com\/ja\/wp-json\/wp\/v2\/product_cat?post=3928"},{"taxonomy":"product_tag","embeddable":true,"href":"https:\/\/www.telaled.com\/ja\/wp-json\/wp\/v2\/product_tag?post=3928"}],"curies":[{"name":"wp","href":"https:\/\/api.w.org\/{rel}","templated":true}]}}