{"id":3843,"date":"2025-10-07T12:59:53","date_gmt":"2025-10-07T12:59:53","guid":{"rendered":"https:\/\/www.telaled.com\/?post_type=product&#038;p=3843"},"modified":"2026-01-07T02:11:30","modified_gmt":"2026-01-07T02:11:30","slug":"bus-led-display-serie-tcs","status":"publish","type":"product","link":"https:\/\/www.telaled.com\/ja\/fabrica\/bus-led-display-serie-tcs\/","title":{"rendered":"\u30d0\u30b9LED\u30c7\u30a3\u30b9\u30d7\u30ec\u30a4 TCS\u30b7\u30ea\u30fc\u30ba"},"content":{"rendered":"<div class=\"row\"  id=\"row-1315872044\">\n\n\t<div id=\"col-873273362\" class=\"col small-12 large-12\"  >\n\t\t\t\t<div class=\"col-inner\"  >\n\t\t\t\n\t\t\t\n<h2><strong>TCS\u30b7\u30ea\u30fc\u30ba\u30d0\u30b9LED\u30c7\u30a3\u30b9\u30d7\u30ec\u30a4\u306e\u72ec\u81ea\u306e\u5229\u70b9<\/strong><\/h2>\n<h3><strong>\u8010\u4e45\u6027\u306e\u3042\u308b\u5916\u88c5\u30c7\u30b6\u30a4\u30f3<\/strong><\/h3>\n<ul>\n<li>\u5c4b\u5916\u3067\u306e\u9577\u671f\u4f7f\u7528\u306b\u8010\u3048\u308b\u9632\u6c34\u30fb\u9632\u5875\u30cf\u30a6\u30b8\u30f3\u30b0\u3092\u63a1\u7528\u3057\u3066\u3044\u307e\u3059\u3002<\/li>\n<li>\u79fb\u52d5\u4e2d\u306e\u632f\u52d5\u3084\u6e29\u5ea6\u5909\u5316\u306b\u3082\u5f37\u3044\u3002<\/li>\n<li>\u3069\u306e\u3088\u3046\u306a\u6c17\u8c61\u6761\u4ef6\u3067\u3082\u4e00\u8cab\u3057\u305f\u30d1\u30d5\u30a9\u30fc\u30de\u30f3\u30b9\u3092\u4fdd\u8a3c\u3057\u307e\u3059\u3002<\/li>\n<\/ul>\n<h3><strong>\u9ad8\u5ea6\u306a\u5236\u5fa1\u30b7\u30b9\u30c6\u30e0<\/strong><\/h3>\n<ul>\n<li>\u81ea\u52d5\u30eb\u30fc\u30c8\u8868\u793a\u306e\u305f\u3081\u306e GPS \u3068\u30ef\u30a4\u30e4\u30ec\u30b9 \u30a2\u30c3\u30d7\u30c7\u30fc\u30c8\u3092\u30b5\u30dd\u30fc\u30c8\u3057\u307e\u3059\u3002<\/li>\n<li>\u30d5\u30ea\u30fc\u30c8\u5168\u4f53\u306e\u540c\u671f\u306e\u305f\u3081\u306e\u30ea\u30e2\u30fc\u30c8 \u30b3\u30f3\u30c6\u30f3\u30c4\u7ba1\u7406\u3092\u53ef\u80fd\u306b\u3057\u307e\u3059\u3002<\/li>\n<li>\u8907\u6570\u306e\u30c7\u30fc\u30bf\u5165\u529b\u5f62\u5f0f\u3092\u30b5\u30dd\u30fc\u30c8\u3057\u3001\u7c21\u5358\u306b\u7d71\u5408\u3067\u304d\u307e\u3059\u3002<\/li>\n<\/ul>\n<h3><strong>\u9ad8\u8f1d\u5ea6\u3068\u9bae\u660e\u3055<\/strong><\/h3>\n<ul>\n<li>\u30d7\u30ec\u30df\u30a2\u30e0 LED \u30e2\u30b8\u30e5\u30fc\u30eb\u3092\u4f7f\u7528\u3057\u3001\u3042\u3089\u3086\u308b\u7167\u660e\u6761\u4ef6\u3067\u30af\u30ea\u30a2\u306a\u8996\u8a8d\u6027\u3092\u5b9f\u73fe\u3057\u307e\u3059\u3002<\/li>\n<li>\u660e\u308b\u3055\u3092\u8abf\u6574\u3067\u304d\u3001\u663c\u591c\u306e\u74b0\u5883\u306b\u5408\u308f\u305b\u3066\u8abf\u6574\u3067\u304d\u307e\u3059\u3002<\/li>\n<li>\u9bae\u660e\u306a\u30c6\u30ad\u30b9\u30c8\u3068\u30b9\u30e0\u30fc\u30ba\u306a\u30b9\u30af\u30ed\u30fc\u30eb\u306b\u3088\u308a\u3001\u4e57\u5ba2\u306e\u8aad\u307f\u3084\u3059\u3055\u304c\u5411\u4e0a\u3057\u307e\u3059\u3002<\/li>\n<\/ul>\n<h3><strong>\u67d4\u8edf\u306a\u30a4\u30f3\u30b9\u30c8\u30fc\u30eb\u30aa\u30d7\u30b7\u30e7\u30f3<\/strong><\/h3>\n<ul>\n<li>\u30d0\u30b9\u306e\u524d\u9762\u3001\u80cc\u9762\u3001\u5074\u9762\u306b\u53d6\u308a\u4ed8\u3051\u308b\u3053\u3068\u304c\u3067\u304d\u307e\u3059\u3002<\/li>\n<li>\u30b3\u30f3\u30d1\u30af\u30c8\u306a\u30c7\u30b6\u30a4\u30f3\u306f\u3001\u3055\u307e\u3056\u307e\u306a\u8eca\u4e21\u30e2\u30c7\u30eb\u3084\u30ec\u30a4\u30a2\u30a6\u30c8\u306b\u9069\u5fdc\u3057\u307e\u3059\u3002<\/li>\n<li>\u7c21\u5358\u306a\u8a2d\u7f6e\u3068\u30e1\u30f3\u30c6\u30ca\u30f3\u30b9\u30d7\u30ed\u30bb\u30b9\u306b\u3088\u308a\u30c0\u30a6\u30f3\u30bf\u30a4\u30e0\u3092\u524a\u6e1b<\/li>\n<\/ul>\n<h2>\u88fd\u54c1\u8a73\u7d30<\/h2>\n<div class=\"row\"  id=\"row-1218632\">\n\n\t<div id=\"col-934393673\" class=\"col medium-10 small-12 large-10\"  >\n\t\t\t\t<div class=\"col-inner text-left\"  >\n\t\t\t\n\t\t\t\n<ul>\n<li style=\"font-weight: 400;\" aria-level=\"1\"><strong>\u9577\u5bff\u547d\u3068\u30a4\u30f3\u30c6\u30ea\u30b8\u30a7\u30f3\u30c8\u306a\u7d71\u5408<\/strong> \u2013 \u9ad8\u54c1\u8cea\u306eLED\u30c9\u30c3\u30c8\u30de\u30c8\u30ea\u30c3\u30af\u30b9\u30e2\u30b8\u30e5\u30fc\u30eb\u3067\u69cb\u7bc9\u3055\u308c\u305f <strong>\u30d0\u30b9LED\u30c7\u30a3\u30b9\u30d7\u30ec\u30a4 TCS\u30b7\u30ea\u30fc\u30ba<\/strong> \u6700\u592710\u4e07\u6642\u9593\u306e\u9577\u5bff\u547d\u3092\u8a87\u308a\u307e\u3059\u3002\u30b9\u30de\u30fc\u30c8\u30c7\u30a3\u30b9\u30d1\u30c3\u30c1\u30b7\u30b9\u30c6\u30e0\u306b\u63a5\u7d9a\u3057\u3066\u5916\u90e8\u60c5\u5831\u3092\u8868\u793a\u3057\u305f\u308a\u3001\u5546\u696d\u5e83\u544a\u3084\u516c\u5171\u5e83\u544a\u3092\u633f\u5165\u3057\u305f\u308a\u3059\u308b\u3053\u3068\u3067\u3001\u6a5f\u80fd\u6027\u3092\u3055\u3089\u306b\u9ad8\u3081\u308b\u3053\u3068\u304c\u3067\u304d\u307e\u3059\u3002<\/li>\n<\/ul>\n\t<div class=\"img has-hover x md-x lg-x y md-y lg-y\" id=\"image_239943418\">\n\t\t\t\t\t\t\t\t<div class=\"img-inner dark\" >\n\t\t\t<img loading=\"lazy\" decoding=\"async\" width=\"500\" height=\"500\" src=\"https:\/\/www.telaled.com\/wp-content\/uploads\/2025\/10\/Frente-Bus-LED-Display.webp\" class=\"attachment-large size-large\" alt=\"\u30d5\u30ed\u30f3\u30c8\u30d0\u30b9LED\u30c7\u30a3\u30b9\u30d7\u30ec\u30a4\" srcset=\"https:\/\/www.telaled.com\/wp-content\/uploads\/2025\/10\/Frente-Bus-LED-Display.webp 500w, https:\/\/www.telaled.com\/wp-content\/uploads\/2025\/10\/Frente-Bus-LED-Display-300x300.webp 300w, https:\/\/www.telaled.com\/wp-content\/uploads\/2025\/10\/Frente-Bus-LED-Display-150x150.webp 150w, https:\/\/www.telaled.com\/wp-content\/uploads\/2025\/10\/Frente-Bus-LED-Display-12x12.webp 12w, https:\/\/www.telaled.com\/wp-content\/uploads\/2025\/10\/Frente-Bus-LED-Display-100x100.webp 100w\" sizes=\"auto, (max-width: 500px) 100vw, 500px\" \/>\t\t\t\t\t\t\n\t\t\t\t\t<\/div>\n\t\t\t\t\t\t\t\t\n<style>\n#image_239943418 {\n  width: 80%;\n}\n<\/style>\n\t<\/div>\n\t\n<ul>\n<li><strong>\u30ea\u30a2\u30eb\u30bf\u30a4\u30e0\u30eb\u30fc\u30c8\u8868\u793a<\/strong> \u2013 \u30d0\u30b9\u8def\u7dda\u3001\u8def\u7dda\u540d\u3001\u76ee\u7684\u5730\u306e\u8a73\u7d30\u3092\u5206\u304b\u308a\u3084\u3059\u304f\u8868\u793a\u3057\u307e\u3059\u3002\u8eca\u4e21\u306e\u7d71\u5408\u5236\u5fa1\u30b7\u30b9\u30c6\u30e0\u306b\u30ea\u30a2\u30eb\u30bf\u30a4\u30e0\u3067\u63a5\u7d9a\u3057\u3001\u30ea\u30e2\u30fc\u30c8\u66f4\u65b0\u306b\u3082\u5bfe\u5fdc\u3057\u3066\u3044\u308b\u305f\u3081\u3001\u79fb\u52d5\u4e2d\u3067\u3082\u77ac\u6642\u306b\u60c5\u5831\u3092\u5909\u66f4\u3067\u304d\u307e\u3059\u3002<\/li>\n<\/ul>\n\t<div class=\"img has-hover x md-x lg-x y md-y lg-y\" id=\"image_1004343075\">\n\t\t\t\t\t\t\t\t<div class=\"img-inner dark\" >\n\t\t\t<img loading=\"lazy\" decoding=\"async\" width=\"2000\" height=\"1333\" src=\"https:\/\/www.telaled.com\/wp-content\/uploads\/2025\/10\/Bus-LED-Display-Details.webp\" class=\"attachment-original size-original\" alt=\"\" srcset=\"https:\/\/www.telaled.com\/wp-content\/uploads\/2025\/10\/Bus-LED-Display-Details.webp 2000w, https:\/\/www.telaled.com\/wp-content\/uploads\/2025\/10\/Bus-LED-Display-Details-300x200.webp 300w, https:\/\/www.telaled.com\/wp-content\/uploads\/2025\/10\/Bus-LED-Display-Details-1024x682.webp 1024w, https:\/\/www.telaled.com\/wp-content\/uploads\/2025\/10\/Bus-LED-Display-Details-768x512.webp 768w, https:\/\/www.telaled.com\/wp-content\/uploads\/2025\/10\/Bus-LED-Display-Details-1536x1024.webp 1536w, https:\/\/www.telaled.com\/wp-content\/uploads\/2025\/10\/Bus-LED-Display-Details-18x12.webp 18w, https:\/\/www.telaled.com\/wp-content\/uploads\/2025\/10\/Bus-LED-Display-Details-600x400.webp 600w\" sizes=\"auto, (max-width: 2000px) 100vw, 2000px\" \/>\t\t\t\t\t\t\n\t\t\t\t\t<\/div>\n\t\t\t\t\t\t\t\t\n<style>\n#image_1004343075 {\n  width: 80%;\n}\n<\/style>\n\t<\/div>\n\t\n<ul>\n<li><strong>\u9ad8\u89e3\u50cf\u5ea6\u30b9\u30af\u30ea\u30fc\u30f3<\/strong> \u2013 144\u00d716\u30d4\u30af\u30bb\u30eb\u69cb\u6210\u3001684\u00d776mm\u306e\u8868\u793a\u9818\u57df\u3092\u5099\u3048\u305f\u30c7\u30a3\u30b9\u30d7\u30ec\u30a4\u306f\u3001\u9bae\u660e\u3067\u8aad\u307f\u3084\u3059\u3044\u30c6\u30ad\u30b9\u30c8\u3068\u30b9\u30e0\u30fc\u30ba\u306a\u30b9\u30af\u30ed\u30fc\u30eb\u3092\u5b9f\u73fe\u3057\u307e\u3059\u3002\u660e\u308b\u3044LED\u51fa\u529b\u306b\u3088\u308a\u3001\u76f4\u5c04\u65e5\u5149\u4e0b\u3067\u3082\u8996\u8a8d\u6027\u3092\u78ba\u4fdd\u3057\u3001\u4e57\u5ba2\u306e\u8996\u8a8d\u6027\u3092\u5411\u4e0a\u3055\u305b\u307e\u3059\u3002<\/li>\n<\/ul>\n\t<div class=\"img has-hover x md-x lg-x y md-y lg-y\" id=\"image_810077036\">\n\t\t\t\t\t\t\t\t<div class=\"img-inner dark\" >\n\t\t\t<img loading=\"lazy\" decoding=\"async\" width=\"500\" height=\"500\" src=\"https:\/\/www.telaled.com\/wp-content\/uploads\/2025\/10\/Bus-LED-Display-Details-3.webp\" class=\"attachment-large size-large\" alt=\"\" srcset=\"https:\/\/www.telaled.com\/wp-content\/uploads\/2025\/10\/Bus-LED-Display-Details-3.webp 500w, https:\/\/www.telaled.com\/wp-content\/uploads\/2025\/10\/Bus-LED-Display-Details-3-300x300.webp 300w, https:\/\/www.telaled.com\/wp-content\/uploads\/2025\/10\/Bus-LED-Display-Details-3-150x150.webp 150w, https:\/\/www.telaled.com\/wp-content\/uploads\/2025\/10\/Bus-LED-Display-Details-3-12x12.webp 12w, https:\/\/www.telaled.com\/wp-content\/uploads\/2025\/10\/Bus-LED-Display-Details-3-100x100.webp 100w\" sizes=\"auto, (max-width: 500px) 100vw, 500px\" \/>\t\t\t\t\t\t\n\t\t\t\t\t<\/div>\n\t\t\t\t\t\t\t\t\n<style>\n#image_810077036 {\n  width: 80%;\n}\n<\/style>\n\t<\/div>\n\t\n<ul>\n<li><strong>\u5e45\u5e83\u3044\u96fb\u5727\u4e92\u63db\u6027<\/strong> \u2013 9\uff5e36V\u3067\u52d5\u4f5c\u3057\u3001\u6a19\u6e96\u6d88\u8cbb\u96fb\u529b\u306f20W\u672a\u6e80\u3002 <strong>\u30d0\u30b9LED\u30c7\u30a3\u30b9\u30d7\u30ec\u30a4 TCS\u30b7\u30ea\u30fc\u30ba<\/strong> \u6700\u5c0f\u9650\u306e\u30a8\u30cd\u30eb\u30ae\u30fc\u6d88\u8cbb\u3067\u5b89\u5b9a\u3057\u305f\u30d1\u30d5\u30a9\u30fc\u30de\u30f3\u30b9\u3092\u63d0\u4f9b\u3057\u307e\u3059\u3002\u3053\u306e\u52b9\u7387\u6027\u306b\u3088\u308a\u3001\u69d8\u3005\u306a\u7528\u9014\u306b\u6700\u9069\u3067\u3042\u308a\u3001\u904e\u5270\u306a\u904b\u7528\u30b3\u30b9\u30c8\u306e\u524a\u6e1b\u306b\u3082\u5f79\u7acb\u3061\u307e\u3059\u3002<\/li>\n<\/ul>\n\t<div class=\"img has-hover x md-x lg-x y md-y lg-y\" id=\"image_1552663097\">\n\t\t\t\t\t\t\t\t<div class=\"img-inner dark\" >\n\t\t\t<img loading=\"lazy\" decoding=\"async\" width=\"500\" height=\"500\" src=\"https:\/\/www.telaled.com\/wp-content\/uploads\/2025\/10\/Bus-LED-Display-1-1.webp\" class=\"attachment-large size-large\" alt=\"\u30d0\u30b9LED\u30c7\u30a3\u30b9\u30d7\u30ec\u30a4\" srcset=\"https:\/\/www.telaled.com\/wp-content\/uploads\/2025\/10\/Bus-LED-Display-1-1.webp 500w, https:\/\/www.telaled.com\/wp-content\/uploads\/2025\/10\/Bus-LED-Display-1-1-300x300.webp 300w, https:\/\/www.telaled.com\/wp-content\/uploads\/2025\/10\/Bus-LED-Display-1-1-150x150.webp 150w, https:\/\/www.telaled.com\/wp-content\/uploads\/2025\/10\/Bus-LED-Display-1-1-12x12.webp 12w, https:\/\/www.telaled.com\/wp-content\/uploads\/2025\/10\/Bus-LED-Display-1-1-100x100.webp 100w\" sizes=\"auto, (max-width: 500px) 100vw, 500px\" \/>\t\t\t\t\t\t\n\t\t\t\t\t<\/div>\n\t\t\t\t\t\t\t\t\n<style>\n#image_1552663097 {\n  width: 80%;\n}\n<\/style>\n\t<\/div>\n\t\n<ul>\n<li>\u30b6 <strong>\u30d0\u30b9LED\u30c7\u30a3\u30b9\u30d7\u30ec\u30a4 TCS\u30b7\u30ea\u30fc\u30ba<\/strong> \u4e08\u592b\u3067\u88dc\u5f37\u3055\u308c\u305f\u6728\u7bb1\u306b\u68b1\u5305\u3055\u308c\u3066\u3044\u308b\u306e\u3067\u3001\u8f38\u9001\u3082\u7c21\u5358\u3067\u3059\u3002\u5404\u30e6\u30cb\u30c3\u30c8\u306f\u3057\u3063\u304b\u308a\u3068\u56fa\u5b9a\u3055\u308c\u3066\u3044\u308b\u305f\u3081\u3001\u885d\u6483\u3084\u5bb3\u866b\u306b\u3088\u308b\u640d\u50b7\u3092\u9632\u304e\u3001\u5b8c\u74a7\u306a\u72b6\u614b\u3067\u304a\u5c4a\u3051\u3057\u3001\u3059\u3050\u306b\u8a2d\u7f6e\u3067\u304d\u307e\u3059\u3002<\/li>\n<\/ul>\n\t<div class=\"img has-hover x md-x lg-x y md-y lg-y\" id=\"image_2120913994\">\n\t\t\t\t\t\t\t\t<div class=\"img-inner dark\" >\n\t\t\t<img loading=\"lazy\" decoding=\"async\" width=\"760\" height=\"1024\" src=\"https:\/\/www.telaled.com\/wp-content\/uploads\/2025\/08\/36123f2c-de60-488d-af81-255cd4aee54a-760x1024.webp\" class=\"attachment-large size-large\" alt=\"\" srcset=\"https:\/\/www.telaled.com\/wp-content\/uploads\/2025\/08\/36123f2c-de60-488d-af81-255cd4aee54a-760x1024.webp 760w, https:\/\/www.telaled.com\/wp-content\/uploads\/2025\/08\/36123f2c-de60-488d-af81-255cd4aee54a-223x300.webp 223w, https:\/\/www.telaled.com\/wp-content\/uploads\/2025\/08\/36123f2c-de60-488d-af81-255cd4aee54a-768x1035.webp 768w, https:\/\/www.telaled.com\/wp-content\/uploads\/2025\/08\/36123f2c-de60-488d-af81-255cd4aee54a-9x12.webp 9w, https:\/\/www.telaled.com\/wp-content\/uploads\/2025\/08\/36123f2c-de60-488d-af81-255cd4aee54a-600x808.webp 600w, https:\/\/www.telaled.com\/wp-content\/uploads\/2025\/08\/36123f2c-de60-488d-af81-255cd4aee54a.webp 795w\" sizes=\"auto, (max-width: 760px) 100vw, 760px\" \/>\t\t\t\t\t\t\n\t\t\t\t\t<\/div>\n\t\t\t\t\t\t\t\t\n<style>\n#image_2120913994 {\n  width: 80%;\n}\n<\/style>\n\t<\/div>\n\t\n\n<table id=\"tablepress-98\" class=\"tablepress tablepress-id-98\">\n<thead>\n<tr class=\"row-1\">\n\t<th colspan=\"4\" class=\"column-1\">\u4e3b\u306a\u5c5e\u6027<\/th>\n<\/tr>\n<\/thead>\n<tbody class=\"row-striping row-hover\">\n<tr class=\"row-2\">\n\t<td class=\"column-1\">\u95a2\u6570<\/td><td class=\"column-2\">\u30d0\u30b9LED\u30c7\u30a3\u30b9\u30d7\u30ec\u30a4<\/td><td class=\"column-3\">\u8868\u793a\u6a5f\u80fd<\/td><td class=\"column-4\">\u8a00\u8449<\/td>\n<\/tr>\n<tr class=\"row-3\">\n\t<td class=\"column-1\">\u4fdd\u8a3c<\/td><td class=\"column-2\">1\u5e74<\/td><td class=\"column-3\">\u6750\u6599<\/td><td class=\"column-4\">PCB+LED<\/td>\n<\/tr>\n<tr class=\"row-4\">\n\t<td class=\"column-1\">\u89e3\u6c7a<\/td><td class=\"column-2\">16\u30dd\u30a4\u30f3\u30c8<\/td><td class=\"column-3\">\u96fb\u6e90<\/td><td class=\"column-4\">12V DC<\/td>\n<\/tr>\n<tr class=\"row-5\">\n\t<td class=\"column-1\">\u96fb\u5727<\/td><td class=\"column-2\">9-36V<\/td><td class=\"column-3\">\u5149\u5b66\u89d2\u5ea6<\/td><td class=\"column-4\">\u6c34\u5e7375\uff5e95\u00b0\u3001\u5782\u76f440\u00b0<\/td>\n<\/tr>\n<tr class=\"row-6\">\n\t<td class=\"column-1\">\u30b3\u30ed\u30a4\u30c9\u8272<\/td><td class=\"column-2\">\u8d64\u3044\u9727\u306e\u3088\u3046\u306a\u5206\u6563<\/td><td class=\"column-3\">\u30d1\u30cd\u30eb\u30b5\u30a4\u30ba<\/td><td class=\"column-4\">1194\u30e1\u30fc\u30c8\u30eb\u00d7206\u30df\u30ea\u30e1\u30fc\u30c8\u30eb\u00d745\u30df\u30ea\u30e1\u30fc\u30c8\u30eb<\/td>\n<\/tr>\n<\/tbody>\n<\/table>\n<!-- #tablepress-98 from cache -->\n\t\t<\/div>\n\t\t\t\t\t<\/div>\n\n\t\n<\/div>\n\t\t<\/div>\n\t\t\t\t\t<\/div>\n\n\t\n<\/div>","protected":false},"excerpt":{"rendered":"<p><strong>\u30d0\u30b9\u7528LED\u30c7\u30a3\u30b9\u30d7\u30ec\u30a4 \u2013 \u73fe\u4ee3\u306e\u4ea4\u901a\u6a5f\u95a2\u306e\u305f\u3081\u306e\u3088\u308a\u30b9\u30de\u30fc\u30c8\u306a\u6a19\u8b58<\/strong><\/p>\n<p>\u30b6 <em><strong>\u30d0\u30b9LED\u30c7\u30a3\u30b9\u30d7\u30ec\u30a4 TCS\u30b7\u30ea\u30fc\u30ba<\/strong><\/em> \u516c\u5171\u4ea4\u901a\u6a5f\u95a2\u306b\u660e\u77ad\u6027\u3068\u30b3\u30df\u30e5\u30cb\u30b1\u30fc\u30b7\u30e7\u30f3\u3092\u3082\u305f\u3089\u3057\u307e\u3059\u3002\u30d0\u30b9\u3084\u30d5\u30ea\u30fc\u30c8\u5411\u3051\u306b\u8a2d\u8a08\u3055\u308c\u3066\u304a\u308a\u3001\u9bae\u3084\u304b\u306aLED\u306b\u30eb\u30fc\u30c8\u3001\u505c\u8eca\u99c5\u3001\u30e1\u30c3\u30bb\u30fc\u30b8\u3092\u8868\u793a\u3059\u308b\u3053\u3068\u3067\u3001\u4e57\u5ba2\u306e\u4f53\u9a13\u3068\u904b\u884c\u52b9\u7387\u3092\u5411\u4e0a\u3055\u305b\u307e\u3059\u3002<\/p>\n<p><strong>\u4e3b\u306a\u5229\u70b9:<\/strong><\/p>\n<ul>\n<li><strong>\u30ea\u30a2\u30eb\u30bf\u30a4\u30e0\u60c5\u5831<\/strong> \u2013 \u30eb\u30fc\u30c8\u3001\u76ee\u7684\u5730\u3001\u30b5\u30fc\u30d3\u30b9 \u30e1\u30c3\u30bb\u30fc\u30b8\u3092\u5373\u5ea7\u306b\u8868\u793a\u3057\u307e\u3059\u3002<\/li>\n<li><strong>\u30a8\u30cd\u30eb\u30ae\u30fc\u52b9\u7387<\/strong> - \u4f4e\u3044 <a href=\"https:\/\/www.telaled.com\/ja\/fabrica\/placar-eletronico-esportivo-serie-tea\/\">\u30a8\u30cd\u30eb\u30ae\u30fc\u6d88\u8cbb<\/a> \u7d4c\u6e08\u7684\u3067\u9577\u671f\u7684\u306a\u904b\u7528\u3092\u5b9f\u73fe\u3057\u307e\u3059\u3002.<\/li>\n<li><strong>\u9ad8\u3044\u8996\u8a8d\u6027<\/strong> \u2013 \u660e\u308b\u3044 LED \u306b\u3088\u308a\u3001\u65e5\u5149\u4e0b\u3084\u6697\u3044\u5834\u6240\u3067\u3082\u9bae\u660e\u306a\u8868\u793a\u304c\u4fdd\u8a3c\u3055\u308c\u307e\u3059\u3002<\/li>\n<li><strong>\u30ab\u30b9\u30bf\u30de\u30a4\u30ba\u53ef\u80fd\u306a\u30e1\u30c3\u30bb\u30fc\u30b8<\/strong> - \u67d4\u8edf\u306a\u30b9\u30b1\u30b8\u30e5\u30fc\u30eb\u8a2d\u5b9a\u306b\u3088\u308a\u3001\u30c6\u30ad\u30b9\u30c8\u3001\u30eb\u30fc\u30c8\u3001\u5e83\u544a\u3092\u7c21\u5358\u306b\u66f4\u65b0\u3067\u304d\u307e\u3059\u3002<\/li>\n<\/ul>\n<p><span style=\"font-weight: 400;\">24\u6642\u9593365\u65e5\u5bfe\u5fdc\u306e\u30ea\u30e2\u30fc\u30c8\u30b5\u30dd\u30fc\u30c8\u30683\u5e74\u9593\u306e\u4fdd\u8a3c\u3092\u3054\u63d0\u4f9b\u3044\u305f\u3057\u307e\u3059\u3002\u4eca\u3059\u3050\u304a\u554f\u3044\u5408\u308f\u305b\u3044\u305f\u3060\u304d\u3001\u500b\u5225\u306e\u304a\u898b\u7a4d\u3082\u308a\u3092\u3054\u4f9d\u983c\u304f\u3060\u3055\u3044\u3002<\/span><\/p>","protected":false},"featured_media":3849,"template":"","meta":[],"product_brand":[],"product_cat":[48,40,44,46],"product_tag":[],"class_list":{"0":"post-3843","1":"product","2":"type-product","3":"status-publish","4":"has-post-thumbnail","6":"product_cat-paineis-personalizados","7":"product_cat-painel-de-led","8":"product_cat-painel-de-led-flexivel","9":"product_cat-painel-de-video","11":"first","12":"instock","13":"shipping-taxable","14":"product-type-simple"},"yoast_head":"<!-- This site is optimized with the Yoast SEO plugin v27.5 - https:\/\/yoast.com\/product\/yoast-seo-wordpress\/ -->\n<title>Bus LED Display S\u00e9rie TCS | TELALED<\/title>\n<meta name=\"description\" content=\"Bus LED Display sinaliza\u00e7\u00e3o clara e din\u00e2mica para transporte p\u00fablico. Projetado para atualiza\u00e7\u00f5es de rotas, publicidade e informa\u00e7\u00f5es em tempo real.\" \/>\n<meta name=\"robots\" content=\"index, follow, max-snippet:-1, max-image-preview:large, max-video-preview:-1\" \/>\n<link rel=\"canonical\" href=\"https:\/\/www.telaled.com\/ja\/fabrica\/bus-led-display-serie-tcs\/\" \/>\n<meta property=\"og:locale\" content=\"ja_JP\" \/>\n<meta property=\"og:type\" content=\"article\" \/>\n<meta property=\"og:title\" content=\"Bus LED Display S\u00e9rie TCS | TELALED\" \/>\n<meta property=\"og:description\" content=\"Bus LED Display sinaliza\u00e7\u00e3o clara e din\u00e2mica para transporte p\u00fablico. Projetado para atualiza\u00e7\u00f5es de rotas, publicidade e informa\u00e7\u00f5es em tempo real.\" \/>\n<meta property=\"og:url\" content=\"https:\/\/www.telaled.com\/ja\/fabrica\/bus-led-display-serie-tcs\/\" \/>\n<meta property=\"og:site_name\" content=\"TELALED\" \/>\n<meta property=\"article:modified_time\" content=\"2026-01-07T02:11:30+00:00\" \/>\n<meta property=\"og:image\" content=\"https:\/\/www.telaled.com\/wp-content\/uploads\/2025\/10\/Bus-LED-Display-3.webp\" \/>\n\t<meta property=\"og:image:width\" content=\"500\" \/>\n\t<meta property=\"og:image:height\" content=\"500\" \/>\n\t<meta property=\"og:image:type\" content=\"image\/webp\" \/>\n<meta name=\"twitter:card\" content=\"summary_large_image\" \/>\n<meta name=\"twitter:label1\" content=\"\u63a8\u5b9a\u8aad\u307f\u53d6\u308a\u6642\u9593\" \/>\n\t<meta name=\"twitter:data1\" content=\"3\u5206\" \/>\n<script type=\"application\/ld+json\" class=\"yoast-schema-graph\">{\"@context\":\"https:\\\/\\\/schema.org\",\"@graph\":[{\"@type\":\"WebPage\",\"@id\":\"https:\\\/\\\/www.telaled.com\\\/fabrica\\\/bus-led-display-serie-tcs\\\/\",\"url\":\"https:\\\/\\\/www.telaled.com\\\/fabrica\\\/bus-led-display-serie-tcs\\\/\",\"name\":\"Bus LED Display S\u00e9rie TCS | TELALED\",\"isPartOf\":{\"@id\":\"https:\\\/\\\/www.telaled.com\\\/#website\"},\"primaryImageOfPage\":{\"@id\":\"https:\\\/\\\/www.telaled.com\\\/fabrica\\\/bus-led-display-serie-tcs\\\/#primaryimage\"},\"image\":{\"@id\":\"https:\\\/\\\/www.telaled.com\\\/fabrica\\\/bus-led-display-serie-tcs\\\/#primaryimage\"},\"thumbnailUrl\":\"https:\\\/\\\/www.telaled.com\\\/wp-content\\\/uploads\\\/2025\\\/10\\\/Bus-LED-Display-3.webp\",\"datePublished\":\"2025-10-07T12:59:53+00:00\",\"dateModified\":\"2026-01-07T02:11:30+00:00\",\"description\":\"Bus LED Display sinaliza\u00e7\u00e3o clara e din\u00e2mica para transporte p\u00fablico. Projetado para atualiza\u00e7\u00f5es de rotas, publicidade e informa\u00e7\u00f5es em tempo real.\",\"breadcrumb\":{\"@id\":\"https:\\\/\\\/www.telaled.com\\\/fabrica\\\/bus-led-display-serie-tcs\\\/#breadcrumb\"},\"inLanguage\":\"ja\",\"potentialAction\":[{\"@type\":\"ReadAction\",\"target\":[\"https:\\\/\\\/www.telaled.com\\\/fabrica\\\/bus-led-display-serie-tcs\\\/\"]}]},{\"@type\":\"ImageObject\",\"inLanguage\":\"ja\",\"@id\":\"https:\\\/\\\/www.telaled.com\\\/fabrica\\\/bus-led-display-serie-tcs\\\/#primaryimage\",\"url\":\"https:\\\/\\\/www.telaled.com\\\/wp-content\\\/uploads\\\/2025\\\/10\\\/Bus-LED-Display-3.webp\",\"contentUrl\":\"https:\\\/\\\/www.telaled.com\\\/wp-content\\\/uploads\\\/2025\\\/10\\\/Bus-LED-Display-3.webp\",\"width\":500,\"height\":500,\"caption\":\"Multiple Bus LED Display\"},{\"@type\":\"BreadcrumbList\",\"@id\":\"https:\\\/\\\/www.telaled.com\\\/fabrica\\\/bus-led-display-serie-tcs\\\/#breadcrumb\",\"itemListElement\":[{\"@type\":\"ListItem\",\"position\":1,\"name\":\"Home\",\"item\":\"https:\\\/\\\/www.telaled.com\\\/\"},{\"@type\":\"ListItem\",\"position\":2,\"name\":\"Produtos\",\"item\":\"https:\\\/\\\/www.telaled.com\\\/shop\\\/\"},{\"@type\":\"ListItem\",\"position\":3,\"name\":\"Bus LED Display S\u00e9rie TCS\"}]},{\"@type\":\"WebSite\",\"@id\":\"https:\\\/\\\/www.telaled.com\\\/#website\",\"url\":\"https:\\\/\\\/www.telaled.com\\\/\",\"name\":\"TELALED\",\"description\":\"\",\"potentialAction\":[{\"@type\":\"SearchAction\",\"target\":{\"@type\":\"EntryPoint\",\"urlTemplate\":\"https:\\\/\\\/www.telaled.com\\\/?s={search_term_string}\"},\"query-input\":{\"@type\":\"PropertyValueSpecification\",\"valueRequired\":true,\"valueName\":\"search_term_string\"}}],\"inLanguage\":\"ja\"}]}<\/script>\n<!-- \/ Yoast SEO plugin. -->","yoast_head_json":{"title":"\u30d0\u30b9\u7528LED\u30c7\u30a3\u30b9\u30d7\u30ec\u30a4 TCS\u30b7\u30ea\u30fc\u30ba | LED\u30b9\u30af\u30ea\u30fc\u30f3","description":"\u30d0\u30b9LED\u30c7\u30a3\u30b9\u30d7\u30ec\u30a4\uff1a\u516c\u5171\u4ea4\u901a\u6a5f\u95a2\u5411\u3051\u306e\u660e\u77ad\u3067\u30c0\u30a4\u30ca\u30df\u30c3\u30af\u306a\u8868\u793a\u3002\u8def\u7dda\u66f4\u65b0\u3001\u5e83\u544a\u3001\u30ea\u30a2\u30eb\u30bf\u30a4\u30e0\u60c5\u5831\u306e\u8868\u793a\u306b\u6700\u9069\u3067\u3059\u3002","robots":{"index":"index","follow":"follow","max-snippet":"max-snippet:-1","max-image-preview":"max-image-preview:large","max-video-preview":"max-video-preview:-1"},"canonical":"https:\/\/www.telaled.com\/ja\/fabrica\/bus-led-display-serie-tcs\/","og_locale":"ja_JP","og_type":"article","og_title":"Bus LED Display S\u00e9rie TCS | TELALED","og_description":"Bus LED Display sinaliza\u00e7\u00e3o clara e din\u00e2mica para transporte p\u00fablico. Projetado para atualiza\u00e7\u00f5es de rotas, publicidade e informa\u00e7\u00f5es em tempo real.","og_url":"https:\/\/www.telaled.com\/ja\/fabrica\/bus-led-display-serie-tcs\/","og_site_name":"TELALED","article_modified_time":"2026-01-07T02:11:30+00:00","og_image":[{"width":500,"height":500,"url":"https:\/\/www.telaled.com\/wp-content\/uploads\/2025\/10\/Bus-LED-Display-3.webp","type":"image\/webp"}],"twitter_card":"summary_large_image","twitter_misc":{"\u63a8\u5b9a\u8aad\u307f\u53d6\u308a\u6642\u9593":"3\u5206"},"schema":{"@context":"https:\/\/schema.org","@graph":[{"@type":"WebPage","@id":"https:\/\/www.telaled.com\/fabrica\/bus-led-display-serie-tcs\/","url":"https:\/\/www.telaled.com\/fabrica\/bus-led-display-serie-tcs\/","name":"\u30d0\u30b9\u7528LED\u30c7\u30a3\u30b9\u30d7\u30ec\u30a4 TCS\u30b7\u30ea\u30fc\u30ba | LED\u30b9\u30af\u30ea\u30fc\u30f3","isPartOf":{"@id":"https:\/\/www.telaled.com\/#website"},"primaryImageOfPage":{"@id":"https:\/\/www.telaled.com\/fabrica\/bus-led-display-serie-tcs\/#primaryimage"},"image":{"@id":"https:\/\/www.telaled.com\/fabrica\/bus-led-display-serie-tcs\/#primaryimage"},"thumbnailUrl":"https:\/\/www.telaled.com\/wp-content\/uploads\/2025\/10\/Bus-LED-Display-3.webp","datePublished":"2025-10-07T12:59:53+00:00","dateModified":"2026-01-07T02:11:30+00:00","description":"\u30d0\u30b9LED\u30c7\u30a3\u30b9\u30d7\u30ec\u30a4\uff1a\u516c\u5171\u4ea4\u901a\u6a5f\u95a2\u5411\u3051\u306e\u660e\u77ad\u3067\u30c0\u30a4\u30ca\u30df\u30c3\u30af\u306a\u8868\u793a\u3002\u8def\u7dda\u66f4\u65b0\u3001\u5e83\u544a\u3001\u30ea\u30a2\u30eb\u30bf\u30a4\u30e0\u60c5\u5831\u306e\u8868\u793a\u306b\u6700\u9069\u3067\u3059\u3002","breadcrumb":{"@id":"https:\/\/www.telaled.com\/fabrica\/bus-led-display-serie-tcs\/#breadcrumb"},"inLanguage":"ja","potentialAction":[{"@type":"ReadAction","target":["https:\/\/www.telaled.com\/fabrica\/bus-led-display-serie-tcs\/"]}]},{"@type":"ImageObject","inLanguage":"ja","@id":"https:\/\/www.telaled.com\/fabrica\/bus-led-display-serie-tcs\/#primaryimage","url":"https:\/\/www.telaled.com\/wp-content\/uploads\/2025\/10\/Bus-LED-Display-3.webp","contentUrl":"https:\/\/www.telaled.com\/wp-content\/uploads\/2025\/10\/Bus-LED-Display-3.webp","width":500,"height":500,"caption":"Multiple Bus LED Display"},{"@type":"BreadcrumbList","@id":"https:\/\/www.telaled.com\/fabrica\/bus-led-display-serie-tcs\/#breadcrumb","itemListElement":[{"@type":"ListItem","position":1,"name":"Home","item":"https:\/\/www.telaled.com\/"},{"@type":"ListItem","position":2,"name":"Produtos","item":"https:\/\/www.telaled.com\/shop\/"},{"@type":"ListItem","position":3,"name":"Bus LED Display S\u00e9rie TCS"}]},{"@type":"WebSite","@id":"https:\/\/www.telaled.com\/#website","url":"https:\/\/www.telaled.com\/","name":"LED\u30b9\u30af\u30ea\u30fc\u30f3","description":"","potentialAction":[{"@type":"SearchAction","target":{"@type":"EntryPoint","urlTemplate":"https:\/\/www.telaled.com\/?s={search_term_string}"},"query-input":{"@type":"PropertyValueSpecification","valueRequired":true,"valueName":"search_term_string"}}],"inLanguage":"ja"}]}},"_links":{"self":[{"href":"https:\/\/www.telaled.com\/ja\/wp-json\/wp\/v2\/product\/3843","targetHints":{"allow":["GET"]}}],"collection":[{"href":"https:\/\/www.telaled.com\/ja\/wp-json\/wp\/v2\/product"}],"about":[{"href":"https:\/\/www.telaled.com\/ja\/wp-json\/wp\/v2\/types\/product"}],"wp:featuredmedia":[{"embeddable":true,"href":"https:\/\/www.telaled.com\/ja\/wp-json\/wp\/v2\/media\/3849"}],"wp:attachment":[{"href":"https:\/\/www.telaled.com\/ja\/wp-json\/wp\/v2\/media?parent=3843"}],"wp:term":[{"taxonomy":"product_brand","embeddable":true,"href":"https:\/\/www.telaled.com\/ja\/wp-json\/wp\/v2\/product_brand?post=3843"},{"taxonomy":"product_cat","embeddable":true,"href":"https:\/\/www.telaled.com\/ja\/wp-json\/wp\/v2\/product_cat?post=3843"},{"taxonomy":"product_tag","embeddable":true,"href":"https:\/\/www.telaled.com\/ja\/wp-json\/wp\/v2\/product_tag?post=3843"}],"curies":[{"name":"wp","href":"https:\/\/api.w.org\/{rel}","templated":true}]}}