{"id":2644,"date":"2025-07-18T09:27:58","date_gmt":"2025-07-18T09:27:58","guid":{"rendered":"https:\/\/www.telaled.com\/?post_type=product&#038;p=2644"},"modified":"2026-01-03T05:58:57","modified_gmt":"2026-01-03T05:58:57","slug":"modulo-painel-de-led-exteriores-p10","status":"publish","type":"product","link":"https:\/\/www.telaled.com\/ja\/fabrica\/modulo-painel-de-led-exteriores-p10\/","title":{"rendered":"P10\u5c4b\u5916\u7528LED\u30d1\u30cd\u30eb\u30e2\u30b8\u30e5\u30fc\u30eb"},"content":{"rendered":"<div id=\"featurebullets_feature_div\" class=\"celwidget\" data-feature-name=\"featurebullets\" data-csa-c-type=\"widget\" data-csa-c-content-id=\"featurebullets\" data-csa-c-slot-id=\"featurebullets_feature_div\" data-csa-c-asin=\"B07DF32D6Q\" data-csa-c-is-in-initial-active-row=\"false\" data-csa-c-id=\"3j0pnl-7cjnp-9t8psx-tspeog\">\n<div id=\"feature-bullets\" class=\"a-section a-spacing-medium a-spacing-top-small\">\n<div data-zone-id=\"0\" data-line-index=\"0\" data-line=\"true\">\n<p><strong>\u4e3b\u306a\u7528\u9014:<\/strong><\/p>\n<ul>\n<li><strong>\u5c4b\u5916\u5e83\u544a\u30d1\u30cd\u30eb\uff1a<\/strong> \u9bae\u660e\u306a\u30d5\u30eb\u30ab\u30e9\u30fc\u306e\u30d3\u30b8\u30e5\u30a2\u30eb\u3092\u63d0\u4f9b\u3057\u3001\u9053\u8def\u6cbf\u3044\u306e\u30c7\u30a3\u30b9\u30d7\u30ec\u30a4\u3084\u4ea4\u901a\u91cf\u306e\u591a\u3044\u5efa\u7269\u306b\u6700\u9069\u3067\u3059\u3002<\/li>\n<li><strong>\u5546\u696d\u7528\u770b\u677f:<\/strong> \u5c0f\u58f2\u5e97\u3001\u30e2\u30fc\u30eb\u3001\u30b7\u30e7\u30c3\u30d4\u30f3\u30b0 \u30bb\u30f3\u30bf\u30fc\u3067\u30d7\u30ed\u30e2\u30fc\u30b7\u30e7\u30f3\u3001\u30d6\u30e9\u30f3\u30c9\u3001\u30ea\u30a2\u30eb\u30bf\u30a4\u30e0\u306e\u66f4\u65b0\u3092\u8868\u793a\u3059\u308b\u305f\u3081\u306b\u4f7f\u7528\u3055\u308c\u307e\u3059\u3002<\/li>\n<li><strong>\u4ea4\u901a\u30bb\u30f3\u30bf\u30fc\uff1a<\/strong> \u7a7a\u6e2f\u3001\u30d0\u30b9\u30bf\u30fc\u30df\u30ca\u30eb\u3001\u99c5\u306a\u3069\u3067\u30b9\u30b1\u30b8\u30e5\u30fc\u30eb\u3001\u30a2\u30ca\u30a6\u30f3\u30b9\u3001\u65b9\u5411\u6a19\u8b58\u3092\u8868\u793a\u3059\u308b\u306e\u306b\u6700\u9069\u3067\u3059\u3002<\/li>\n<li><strong>\u30b9\u30dd\u30fc\u30c4\u4f1a\u5834\u304a\u3088\u3073\u30a2\u30ea\u30fc\u30ca:<\/strong> \u8a66\u5408\u4e2d\u306b\u30b9\u30b3\u30a2\u3001\u30e9\u30a4\u30d6\u30d3\u30c7\u30aa\u3001\u30b9\u30dd\u30f3\u30b5\u30fc\u30b7\u30c3\u30d7\u3001\u30ab\u30e9\u30b9\u30a2\u30e9\u30fc\u30c8\u3092\u8868\u793a\u3057\u3001 <a href=\"https:\/\/www.telaled.com\/ja\/painel-de-led-para-eventos\/\">\u30a4\u30d9\u30f3\u30c8<\/a>.<\/li>\n<\/ul>\n<p><strong>\u5b9f\u8a3c\u6e08\u307f\u306e\u30c6\u30af\u30ce\u30ed\u30b8\u30fc:<\/strong><\/p>\n<ul>\n<li>IP65 \u2013 \u9632\u5875\u30fb\u9632\u6e7f\u6027\u3002<\/li>\n<li>16 \u30d3\u30c3\u30c8 \u30b0\u30e9\u30c7\u30fc\u30b7\u30e7\u30f3 (281 \u5146\u8272)\u3002 \u2013 \u30d5\u30a9\u30c8\u30ea\u30a2\u30ea\u30b9\u30c6\u30a3\u30c3\u30af\u3002<\/li>\n<li>CE\/RoHS\/ISO9001 \u8a8d\u8a3c \u2013 \u7523\u696d\u54c1\u8cea\u3092\u4fdd\u8a3c\u3057\u307e\u3059\u3002<\/li>\n<\/ul>\n<p><img loading=\"lazy\" decoding=\"async\" class=\"alignnone wp-image-2017 size-full\" src=\"https:\/\/www.telaled.com\/wp-content\/uploads\/2023\/06\/quality-led-module-materials-1.webp\" alt=\"\u9ad8\u54c1\u8ceaLED\u30e2\u30b8\u30e5\u30fc\u30eb\u6750\u6599\" width=\"768\" height=\"555\" srcset=\"https:\/\/www.telaled.com\/wp-content\/uploads\/2023\/06\/quality-led-module-materials-1.webp 768w, https:\/\/www.telaled.com\/wp-content\/uploads\/2023\/06\/quality-led-module-materials-1-300x217.webp 300w, https:\/\/www.telaled.com\/wp-content\/uploads\/2023\/06\/quality-led-module-materials-1-18x12.webp 18w, https:\/\/www.telaled.com\/wp-content\/uploads\/2023\/06\/quality-led-module-materials-1-600x434.webp 600w\" sizes=\"auto, (max-width: 768px) 100vw, 768px\" \/><\/p>\n<\/div>\n<\/div>\n<\/div>\n<div data-feature-name=\"acf-carousel\" data-csa-c-type=\"widget\" data-csa-c-content-id=\"acf-carousel\" data-csa-c-slot-id=\"acf-carousel_feature_div\" data-csa-c-asin=\"B07DF32D6Q\" data-csa-c-is-in-initial-active-row=\"false\" data-csa-c-id=\"oqpgyr-mh4egp-nntzd2-kyiiqq\">\n<table id=\"tablepress-42\" class=\"tablepress tablepress-id-42\">\n<thead>\n<tr class=\"row-1\">\n\t<th colspan=\"4\" class=\"column-1\">\u6280\u8853\u7684\u306a\u8a73\u7d30<\/th>\n<\/tr>\n<\/thead>\n<tbody class=\"row-striping row-hover\">\n<tr class=\"row-2\">\n\t<td class=\"column-1\">\u30e2\u30c7\u30eb\u756a\u53f7<\/td><td class=\"column-2\">TL \u2013 P10 \u5c4b\u5916\u7528LED\u30d1\u30cd\u30eb\u30e2\u30b8\u30e5\u30fc\u30eb<\/td><td class=\"column-3\"><\/td><td class=\"column-4\"><\/td>\n<\/tr>\n<tr class=\"row-3\">\n\t<td class=\"column-1\">\u30d6\u30e9\u30f3\u30c9\u540d<\/td><td class=\"column-2\">TELALED\u30e1\u30fc\u30ab\u30fc<\/td><td class=\"column-3\">\u30b9\u30af\u30ea\u30fc\u30f3\u306e\u5e73\u5766\u6027<\/td><td class=\"column-4\">\u00b11mm\u672a\u6e80<\/td>\n<\/tr>\n<tr class=\"row-4\">\n\t<td class=\"column-1\">\u539f\u7523\u5730<\/td><td class=\"column-2\">\u4e2d\u56fd\u5e83\u6771\u7701<\/td><td class=\"column-3\">\u5e73\u5747\u6545\u969c\u9593\u9694\uff08MTBF\uff09<\/td><td class=\"column-4\">1\u4e07\u6642\u9593<\/td>\n<\/tr>\n<tr class=\"row-5\">\n\t<td class=\"column-1\">\u30d4\u30af\u30bb\u30eb\u8ddd\u96e2<\/td><td class=\"column-2\">P10<\/td><td class=\"column-3\">\u8010\u7528\u5e74\u6570<\/td><td class=\"column-4\">10\u4e07\u6642\u9593<\/td>\n<\/tr>\n<tr class=\"row-6\">\n\t<td class=\"column-1\">\u6700\u5c0f\u8996\u8074\u8ddd\u96e2<\/td><td class=\"column-2\">10\u30e1\u30fc\u30c8\u30eb<\/td><td class=\"column-3\">\u30c7\u30a3\u30b9\u30d7\u30ec\u30a4\u52d5\u4f5c\u96fb\u5727<\/td><td class=\"column-4\">AC46\uff5e54HZ\u3001220V\u00b115%\/110V\u00b115%<\/td>\n<\/tr>\n<tr class=\"row-7\">\n\t<td class=\"column-1\">LED\u69cb\u6210<\/td><td class=\"column-2\">SMD3535<\/td><td class=\"column-3\">\u5149\u306e\u6e1b\u8870<\/td><td class=\"column-4\">\uff1c3%<\/td>\n<\/tr>\n<tr class=\"row-8\">\n\t<td class=\"column-1\">\u30e2\u30b8\u30e5\u30fc\u30eb\u89e3\u50cf\u5ea6<\/td><td class=\"column-2\">32\u00d716\u30d4\u30af\u30bb\u30eb<\/td><td class=\"column-3\">\u6f0f\u308c\u96fb\u6d41<\/td><td class=\"column-4\">\uff1c3mA<\/td>\n<\/tr>\n<tr class=\"row-9\">\n\t<td class=\"column-1\">\u30e2\u30b8\u30e5\u30fc\u30eb\u30d4\u30af\u30bb\u30eb<\/td><td class=\"column-2\">512\u30d4\u30af\u30bb\u30eb<\/td><td class=\"column-3\">IP\u4fdd\u8b77\u7b49\u7d1a<\/td><td class=\"column-4\">IP65<\/td>\n<\/tr>\n<tr class=\"row-10\">\n\t<td class=\"column-1\">\u30e2\u30b8\u30e5\u30fc\u30eb\u30b5\u30a4\u30ba<\/td><td class=\"column-2\">\u5e45320mm\u00d7\u9ad8\u3055160mm\u00d7\u539a\u305518.5mm<\/td><td class=\"column-3\">\u4f5c\u696d\u74b0\u5883\u306e\u6e29\u5ea6\u3068\u6e7f\u5ea6<\/td><td class=\"column-4\">\u6e29\u5ea6: -20\u00b0C~+60\u00b0C \/ \u6e7f\u5ea6: 10%~90% RH<\/td>\n<\/tr>\n<tr class=\"row-11\">\n\t<td class=\"column-1\">\u30ad\u30e3\u30d3\u30cd\u30c3\u30c8\u30b5\u30a4\u30ba<\/td><td class=\"column-2\">960mm\u00d7960mm<\/td><td class=\"column-3\">\u30b5\u30dd\u30fc\u30c8\u3055\u308c\u3066\u3044\u308b\u30e1\u30c7\u30a3\u30a2<\/td><td class=\"column-4\">\u6280\u8853\u30c7\u30fc\u30bf\u3001\u5199\u771f\u3001CAD\u30e2\u30c7\u30eb\u3001\u30d3\u30c7\u30aa<\/td>\n<\/tr>\n<tr class=\"row-12\">\n\t<td class=\"column-1\">\u30d4\u30af\u30bb\u30eb\u69cb\u6210<\/td><td class=\"column-2\">SMD3in1\u3001\u30d5\u30eb\u30ab\u30e9\u30fc R\/G\/B 1:1:1<\/td><td class=\"column-3\">\u95a2\u6570<\/td><td class=\"column-4\">SDK<\/td>\n<\/tr>\n<tr class=\"row-13\">\n\t<td class=\"column-1\">\u30d0\u30e9\u30f3\u30b9\u306e\u3068\u308c\u305f\u8f1d\u304d<\/td><td class=\"column-2\">7000cd\/\u33a1\uff08\u5c4b\u5916\uff09<\/td><td class=\"column-3\">\u5236\u5fa1\u30e2\u30fc\u30c9<\/td><td class=\"column-4\">DVI\u7d4c\u7531\u3067\u5236\u5fa1PC\u3068\u540c\u671f<\/td>\n<\/tr>\n<tr class=\"row-14\">\n\t<td class=\"column-1\">\u99c6\u52d5\u65b9\u5f0f<\/td><td class=\"column-2\">1\/4\u30b9\u30ad\u30e3\u30f3\u307e\u305f\u306f1\/2\u30b9\u30ad\u30e3\u30f3<\/td><td class=\"column-3\">\u30b5\u30dd\u30fc\u30c8\u3055\u308c\u3066\u3044\u308b\u30bd\u30d5\u30c8\u30a6\u30a7\u30a2<\/td><td class=\"column-4\">Windows XP\/Windows 7\/Windows Vista<\/td>\n<\/tr>\n<tr class=\"row-15\">\n\t<td class=\"column-1\">\u66f4\u65b0\u30ec\u30fc\u30c8<\/td><td class=\"column-2\">\u22651920 Hz<\/td><td class=\"column-3\">\u5236\u5fa1\u30b7\u30b9\u30c6\u30e0<\/td><td class=\"column-4\">DVI \u30ab\u30fc\u30c9 + \u30d5\u30eb\u30ab\u30e9\u30fc \u30b3\u30f3\u30c8\u30ed\u30fc\u30e9 + \u5149\u30d5\u30a1\u30a4\u30d0\u30fc (\u30aa\u30d7\u30b7\u30e7\u30f3)<\/td>\n<\/tr>\n<tr class=\"row-16\">\n\t<td class=\"column-1\">\u5909\u66f4\u691c\u51fa\u983b\u5ea6<\/td><td class=\"column-2\">50\uff5e60Hz<\/td><td class=\"column-3\">\u4e3b\u5236\u5fa1\u30b7\u30b9\u30c6\u30e0\u30de\u30fc\u30af<\/td><td class=\"column-4\">\u30ce\u30f4\u30a1\u30b9\u30bf\u30fc\u3001\u30ea\u30f3\u30b9\u30f3\u3001\u30d5\u30a4\u30c9\u30a5\u3001\u30ab\u30e9\u30fc\u30e9\u30a4\u30c8<\/td>\n<\/tr>\n<tr class=\"row-17\">\n\t<td class=\"column-1\">\u8996\u91ce\u89d2<\/td><td class=\"column-2\">\u9ad8\u3055140\u00b0 \u5782\u76f4120\u00b0<\/td><td class=\"column-3\">\u30a4\u30f3\u30bf\u30d5\u30a7\u30fc\u30b9<\/td><td class=\"column-4\">\u6a19\u6e96\u30a4\u30fc\u30b5\u30cd\u30c3\u30c8<\/td>\n<\/tr>\n<tr class=\"row-18\">\n\t<td class=\"column-1\">\u975e\u30a2\u30af\u30c6\u30a3\u30d6\u30e9\u30a4\u30c8\u30ec\u30fc\u30c8<\/td><td class=\"column-2\">\u22641%<\/td><td class=\"column-3\">\u4f1d\u9001\u8ddd\u96e2<\/td><td class=\"column-4\">\u30de\u30eb\u30c1\u30e2\u30fc\u30c9\u30d5\u30a1\u30a4\u30d0\u30fc <500m >\n<\/tr>\n<tr class=\"row-19\">\n\t<td class=\"column-1\">\u30a8\u30cd\u30eb\u30ae\u30fc\u306e\u7121\u99c4<\/td><td class=\"column-2\">700*1000 W\/m2<\/td><td class=\"column-3\">\u4fdd\u8a3c<\/td><td class=\"column-4\">5\u5e74<\/td>\n<\/tr>\n<tr class=\"row-20\">\n\t<td class=\"column-1\">\u5e73\u5747\u30a8\u30cd\u30eb\u30ae\u30fc\u6d88\u8cbb\u91cf<\/td><td class=\"column-2\">300 W\/m2<\/td><td class=\"column-3\">\u30b5\u30d7\u30e9\u30a4\u30e4\u30fc\u30bf\u30a4\u30d7<\/td><td class=\"column-4\">\u30aa\u30ea\u30b8\u30ca\u30eb\u30e1\u30fc\u30ab\u30fc\/ODM\/OEM<\/td>\n<\/tr>\n<tr class=\"row-21\">\n\t<td class=\"column-1\">\u30b0\u30ec\u30fc\u30ec\u30d9\u30eb<\/td><td class=\"column-2\">16\u30d3\u30c3\u30c8\uff08281\u5146\u8272\uff09\/\u539f\u8272\u3042\u305f\u308a65,536\u968e\u8abf<\/td><td class=\"column-3\">\u7d0d\u671f<\/td><td class=\"column-4\">25\uff08\u307e\u305f\u306f\u4ea4\u6e09\u53ef\u80fd\uff09<\/td>\n<\/tr>\n<tr class=\"row-22\">\n\t<td class=\"column-1\">\u8868\u793a\u8272<\/td><td class=\"column-2\">16M<\/td><td class=\"column-3\">\u5fdc\u7528<\/td><td class=\"column-4\">\u5e83\u544a\/\u5185\u88c5\/\u5916\u88c5<\/td>\n<\/tr>\n<tr class=\"row-23\">\n\t<td class=\"column-1\">\u4e2d\u65ad\u306e\u306a\u3044\u52e4\u52d9\u6642\u9593<\/td><td class=\"column-2\">72\u6642\u9593\u4ee5\u4e0a<\/td><td class=\"column-3\">\u4f7f\u7528<\/td><td class=\"column-4\">\u30c7\u30b8\u30bf\u30eb\u5e83\u544a\u3001\u30b7\u30e7\u30c3\u30d4\u30f3\u30b0\u30e2\u30fc\u30eb\u3001\u30a6\u30a7\u30eb\u30ab\u30e0\u30c7\u30a3\u30b9\u30d7\u30ec\u30a4\u3001\u5c55\u793a\u30db\u30fc\u30eb\u3001\u7a7a\u6e2f\u3001\u6559\u4f1a\u3001\u30b9\u30dd\u30fc\u30c4\u3001\u30a4\u30d9\u30f3\u30c8\u3001\u4f1a\u8b70\u3001\u30ec\u30f3\u30bf\u30eb\u3001\u30b9\u30c6\u30fc\u30b8\u3001\u81ea\u52d5\u8eca\u3001\u5c0f\u58f2\u3001\u7d50\u5a5a\u5f0f<\/td>\n<\/tr>\n<tr class=\"row-24\">\n\t<td class=\"column-1\">\u96e2\u6563\u7684\u6b7b\u89d2\u7387<\/td><td class=\"column-2\"><1><td class=\"column-3\">\u30d1\u30c3\u30b1\u30fc\u30b8\u306e\u8a73\u7d30<\/td><td class=\"column-4\">\u5f37\u5316\u6bb5\u30dc\u30fc\u30eb\u7bb1\uff0b\u6728\u6750<\/td>\n<\/tr>\n<tr class=\"row-25\">\n\t<td class=\"column-1\">\u9023\u7d9a\u6b7b\u89d2\u7387<\/td><td class=\"column-2\">\u306a\u3057<\/td><td class=\"column-3\">\u4f9b\u7d66\u80fd\u529b<\/td><td class=\"column-4\">\u6708\u95935,000\u53f0<\/td>\n<\/tr>\n<tr class=\"row-26\">\n\t<td class=\"column-1\">\u6b7b\u89d2\u7387<\/td><td class=\"column-2\"><1><td class=\"column-3\">\u6e2f<\/td><td class=\"column-4\">\u6df1\u30bb\u30f3<\/td>\n<\/tr>\n<\/tbody>\n<\/table>\n<!-- #tablepress-42 from cache --><\/div>\n<div id=\"provenanceCertifications_feature_div\" class=\"celwidget\" data-feature-name=\"provenanceCertifications\" data-csa-c-type=\"widget\" data-csa-c-content-id=\"provenanceCertifications\" data-csa-c-slot-id=\"provenanceCertifications_feature_div\" data-csa-c-asin=\"B07DF32D6Q\" data-csa-c-is-in-initial-active-row=\"false\" data-csa-c-id=\"6t8ho-xbknmj-nqaso5-ne24gd\">\n<div id=\"provenance-certifications\" class=\"a-section a-spacing-medium a-spacing-top-micro\">\u00a0<\/div>\n<\/div>","protected":false},"excerpt":{"rendered":"<p><strong>P10\u5c4b\u5916\u7528LED\u30d1\u30cd\u30eb\u30e2\u30b8\u30e5\u30fc\u30eb\uff1a\u5e83\u544a\u7528\u9ad8\u8f1d\u5ea6\u30ab\u30e9\u30fc\u30b9\u30af\u30ea\u30fc\u30f3<\/strong><\/p>\n<p>\u79c1\u305f\u3061\u306e <strong>P10\u5c4b\u5916\u7528LED\u30d1\u30cd\u30eb\u30e2\u30b8\u30e5\u30fc\u30eb<\/strong> \u904e\u9177\u306a\u5c4b\u5916\u74b0\u5883\u3067\u3082\u52d5\u4f5c\u3059\u308b\u3088\u3046\u306b\u8a2d\u8a08\u3055\u308c\u305f\u30d5\u30eb\u30ab\u30e9\u30fcSMD3535\u30c7\u30a3\u30b9\u30d7\u30ec\u30a4\u3067\u3059\u300210mm\u306e\u30d4\u30af\u30bb\u30eb\u30d4\u30c3\u30c1\u30687000cd\/m\u00b2\u306e\u9ad8\u8f1d\u5ea6\u306b\u3088\u308a\u3001\u9060\u8ddd\u96e2\u304b\u3089\u3067\u3082\u9bae\u660e\u306a\u753b\u50cf\u3092\u8868\u793a\u3057\u307e\u3059\u3002<\/p>\n<p><strong>\u4e3b\u306a\u5229\u70b9:<\/strong><br \/>\n<strong><br \/>\n\u2714 \u512a\u308c\u305f\u8996\u8a8d\u6027\uff1a<\/strong> 7000cd\/m2 \u306e\u660e\u308b\u3055\u3067\u76f4\u5c04\u65e5\u5149\u4e0b\u3067\u3082\u30b3\u30f3\u30c6\u30f3\u30c4\u304c\u8aad\u307f\u3084\u3059\u304f\u306a\u308a\u307e\u3059\u3002<strong><br \/>\n<\/strong><\/p>\n<p><strong>\u2714 \u9577\u671f\u7684\u306a\u30d1\u30d5\u30a9\u30fc\u30de\u30f3\u30b9\uff1a <\/strong>\u30e1\u30f3\u30c6\u30ca\u30f3\u30b9\u304c\u6700\u5c0f\u9650\u3067\u3001\u8010\u7528\u5e74\u6570\u306f 100,000 \u6642\u9593\u3092\u8d85\u3048\u307e\u3059\u3002<strong><br \/>\n<\/strong><\/p>\n<p><strong>\u2714 \u3069\u3093\u306a\u5929\u5019\u3067\u3082\u4f7f\u7528\u53ef\u80fd: <\/strong>IP65 \u4fdd\u8b77\u306f\u96e8\u3001\u307b\u3053\u308a\u3001\u6e29\u5ea6\u5909\u5316\u306b\u8010\u3048\u307e\u3059\u3002<strong><br \/>\n<\/strong><\/p>\n<p><strong>\u2714 \u30b9\u30e0\u30fc\u30ba\u306a\u30d3\u30b8\u30e5\u30a2\u30eb: <\/strong>\u22651920Hz \u306e\u30ea\u30d5\u30ec\u30c3\u30b7\u30e5 \u30ec\u30fc\u30c8\u306b\u3088\u308a\u3001\u3061\u3089\u3064\u304d\u306e\u306a\u3044\u30d3\u30c7\u30aa\u3068\u30e2\u30fc\u30b7\u30e7\u30f3 \u30b0\u30e9\u30d5\u30a3\u30c3\u30af\u30b9\u3092\u5b9f\u73fe\u3057\u307e\u3059\u3002<\/p>","protected":false},"featured_media":2712,"template":"","meta":[],"product_brand":[],"product_cat":[41],"product_tag":[],"class_list":{"0":"post-2644","1":"product","2":"type-product","3":"status-publish","4":"has-post-thumbnail","6":"product_cat-modulo-painel-de-led","8":"first","9":"instock","10":"shipping-taxable","11":"product-type-simple"},"yoast_head":"<!-- This site is optimized with the Yoast SEO plugin v27.5 - https:\/\/yoast.com\/product\/yoast-seo-wordpress\/ -->\n<title>Modulo Painel de LED Exteriores P10 | Tela de Alto Brilho para Publicidade Externa |TELALED<\/title>\n<meta name=\"description\" content=\"Obtenha um Modulo Painel de LED Exteriores P10 | Tela de Alto Brilho para Publicidade Externa para uso externo, constru\u00eddo para proporcionar imagens claras e brilhantes em qualquer clima. Perfeito para outdoors, sinais digitais e grandes telas externas. Est\u00e1vel, de longa dura\u00e7\u00e3o e f\u00e1cil de instalar.\" \/>\n<meta name=\"robots\" content=\"index, follow, max-snippet:-1, max-image-preview:large, max-video-preview:-1\" \/>\n<link rel=\"canonical\" href=\"https:\/\/www.telaled.com\/ja\/fabrica\/modulo-painel-de-led-exteriores-p10\/\" \/>\n<meta property=\"og:locale\" content=\"ja_JP\" \/>\n<meta property=\"og:type\" content=\"article\" \/>\n<meta property=\"og:title\" content=\"Modulo Painel de LED Exteriores P10 | Tela de Alto Brilho para Publicidade Externa |TELALED\" \/>\n<meta property=\"og:description\" content=\"Obtenha um Modulo Painel de LED Exteriores P10 | Tela de Alto Brilho para Publicidade Externa para uso externo, constru\u00eddo para proporcionar imagens claras e brilhantes em qualquer clima. Perfeito para outdoors, sinais digitais e grandes telas externas. Est\u00e1vel, de longa dura\u00e7\u00e3o e f\u00e1cil de instalar.\" \/>\n<meta property=\"og:url\" content=\"https:\/\/www.telaled.com\/ja\/fabrica\/modulo-painel-de-led-exteriores-p10\/\" \/>\n<meta property=\"og:site_name\" content=\"TELALED\" \/>\n<meta property=\"article:modified_time\" content=\"2026-01-03T05:58:57+00:00\" \/>\n<meta property=\"og:image\" content=\"https:\/\/www.telaled.com\/wp-content\/uploads\/2025\/07\/modulo-painel-de-led-exteriores-p10-1-1.webp\" \/>\n\t<meta property=\"og:image:width\" content=\"500\" \/>\n\t<meta property=\"og:image:height\" content=\"500\" \/>\n\t<meta property=\"og:image:type\" content=\"image\/webp\" \/>\n<meta name=\"twitter:card\" content=\"summary_large_image\" \/>\n<meta name=\"twitter:label1\" content=\"\u63a8\u5b9a\u8aad\u307f\u53d6\u308a\u6642\u9593\" \/>\n\t<meta name=\"twitter:data1\" content=\"2\u5206\" \/>\n<script type=\"application\/ld+json\" class=\"yoast-schema-graph\">{\"@context\":\"https:\\\/\\\/schema.org\",\"@graph\":[{\"@type\":\"WebPage\",\"@id\":\"https:\\\/\\\/www.telaled.com\\\/fabrica\\\/modulo-painel-de-led-exteriores-p10\\\/\",\"url\":\"https:\\\/\\\/www.telaled.com\\\/fabrica\\\/modulo-painel-de-led-exteriores-p10\\\/\",\"name\":\"Modulo Painel de LED Exteriores P10 | Tela de Alto Brilho para Publicidade Externa |TELALED\",\"isPartOf\":{\"@id\":\"https:\\\/\\\/www.telaled.com\\\/#website\"},\"primaryImageOfPage\":{\"@id\":\"https:\\\/\\\/www.telaled.com\\\/fabrica\\\/modulo-painel-de-led-exteriores-p10\\\/#primaryimage\"},\"image\":{\"@id\":\"https:\\\/\\\/www.telaled.com\\\/fabrica\\\/modulo-painel-de-led-exteriores-p10\\\/#primaryimage\"},\"thumbnailUrl\":\"https:\\\/\\\/www.telaled.com\\\/wp-content\\\/uploads\\\/2025\\\/07\\\/modulo-painel-de-led-exteriores-p10-1-1.webp\",\"datePublished\":\"2025-07-18T09:27:58+00:00\",\"dateModified\":\"2026-01-03T05:58:57+00:00\",\"description\":\"Obtenha um Modulo Painel de LED Exteriores P10 | Tela de Alto Brilho para Publicidade Externa para uso externo, constru\u00eddo para proporcionar imagens claras e brilhantes em qualquer clima. Perfeito para outdoors, sinais digitais e grandes telas externas. Est\u00e1vel, de longa dura\u00e7\u00e3o e f\u00e1cil de instalar.\",\"breadcrumb\":{\"@id\":\"https:\\\/\\\/www.telaled.com\\\/fabrica\\\/modulo-painel-de-led-exteriores-p10\\\/#breadcrumb\"},\"inLanguage\":\"ja\",\"potentialAction\":[{\"@type\":\"ReadAction\",\"target\":[\"https:\\\/\\\/www.telaled.com\\\/fabrica\\\/modulo-painel-de-led-exteriores-p10\\\/\"]}]},{\"@type\":\"ImageObject\",\"inLanguage\":\"ja\",\"@id\":\"https:\\\/\\\/www.telaled.com\\\/fabrica\\\/modulo-painel-de-led-exteriores-p10\\\/#primaryimage\",\"url\":\"https:\\\/\\\/www.telaled.com\\\/wp-content\\\/uploads\\\/2025\\\/07\\\/modulo-painel-de-led-exteriores-p10-1-1.webp\",\"contentUrl\":\"https:\\\/\\\/www.telaled.com\\\/wp-content\\\/uploads\\\/2025\\\/07\\\/modulo-painel-de-led-exteriores-p10-1-1.webp\",\"width\":500,\"height\":500,\"caption\":\"modulo-painel-de-led-exteriores-p10 (1)\"},{\"@type\":\"BreadcrumbList\",\"@id\":\"https:\\\/\\\/www.telaled.com\\\/fabrica\\\/modulo-painel-de-led-exteriores-p10\\\/#breadcrumb\",\"itemListElement\":[{\"@type\":\"ListItem\",\"position\":1,\"name\":\"Home\",\"item\":\"https:\\\/\\\/www.telaled.com\\\/\"},{\"@type\":\"ListItem\",\"position\":2,\"name\":\"Produtos\",\"item\":\"https:\\\/\\\/www.telaled.com\\\/shop\\\/\"},{\"@type\":\"ListItem\",\"position\":3,\"name\":\"Modulo Painel de LED Exteriores P10\"}]},{\"@type\":\"WebSite\",\"@id\":\"https:\\\/\\\/www.telaled.com\\\/#website\",\"url\":\"https:\\\/\\\/www.telaled.com\\\/\",\"name\":\"TELALED\",\"description\":\"\",\"potentialAction\":[{\"@type\":\"SearchAction\",\"target\":{\"@type\":\"EntryPoint\",\"urlTemplate\":\"https:\\\/\\\/www.telaled.com\\\/?s={search_term_string}\"},\"query-input\":{\"@type\":\"PropertyValueSpecification\",\"valueRequired\":true,\"valueName\":\"search_term_string\"}}],\"inLanguage\":\"ja\"}]}<\/script>\n<!-- \/ Yoast SEO plugin. -->","yoast_head_json":{"title":"P10\u5c4b\u5916\u7528LED\u30d1\u30cd\u30eb\u30e2\u30b8\u30e5\u30fc\u30eb\uff5c\u5c4b\u5916\u5e83\u544a\u7528\u9ad8\u8f1d\u5ea6\u30b9\u30af\u30ea\u30fc\u30f3\uff5cTELALED","description":"P10\u5c4b\u5916\u7528LED\u30d1\u30cd\u30eb\u30e2\u30b8\u30e5\u30fc\u30eb | \u5c4b\u5916\u5e83\u544a\u306b\u6700\u9069\u306a\u9ad8\u8f1d\u5ea6\u30c7\u30a3\u30b9\u30d7\u30ec\u30a4\u3002\u3069\u3093\u306a\u5929\u5019\u3067\u3082\u9bae\u660e\u3067\u660e\u308b\u3044\u753b\u50cf\u3092\u63d0\u4f9b\u3057\u307e\u3059\u3002\u770b\u677f\u3001\u30c7\u30b8\u30bf\u30eb\u30b5\u30a4\u30cd\u30fc\u30b8\u3001\u5927\u578b\u5c4b\u5916\u30c7\u30a3\u30b9\u30d7\u30ec\u30a4\u306b\u6700\u9069\u3067\u3059\u3002\u5b89\u5b9a\u6027\u3001\u9577\u5bff\u547d\u3001\u8a2d\u7f6e\u3082\u7c21\u5358\u3067\u3059\u3002","robots":{"index":"index","follow":"follow","max-snippet":"max-snippet:-1","max-image-preview":"max-image-preview:large","max-video-preview":"max-video-preview:-1"},"canonical":"https:\/\/www.telaled.com\/ja\/fabrica\/modulo-painel-de-led-exteriores-p10\/","og_locale":"ja_JP","og_type":"article","og_title":"Modulo Painel de LED Exteriores P10 | Tela de Alto Brilho para Publicidade Externa |TELALED","og_description":"Obtenha um Modulo Painel de LED Exteriores P10 | Tela de Alto Brilho para Publicidade Externa para uso externo, constru\u00eddo para proporcionar imagens claras e brilhantes em qualquer clima. Perfeito para outdoors, sinais digitais e grandes telas externas. Est\u00e1vel, de longa dura\u00e7\u00e3o e f\u00e1cil de instalar.","og_url":"https:\/\/www.telaled.com\/ja\/fabrica\/modulo-painel-de-led-exteriores-p10\/","og_site_name":"TELALED","article_modified_time":"2026-01-03T05:58:57+00:00","og_image":[{"width":500,"height":500,"url":"https:\/\/www.telaled.com\/wp-content\/uploads\/2025\/07\/modulo-painel-de-led-exteriores-p10-1-1.webp","type":"image\/webp"}],"twitter_card":"summary_large_image","twitter_misc":{"\u63a8\u5b9a\u8aad\u307f\u53d6\u308a\u6642\u9593":"2\u5206"},"schema":{"@context":"https:\/\/schema.org","@graph":[{"@type":"WebPage","@id":"https:\/\/www.telaled.com\/fabrica\/modulo-painel-de-led-exteriores-p10\/","url":"https:\/\/www.telaled.com\/fabrica\/modulo-painel-de-led-exteriores-p10\/","name":"P10\u5c4b\u5916\u7528LED\u30d1\u30cd\u30eb\u30e2\u30b8\u30e5\u30fc\u30eb\uff5c\u5c4b\u5916\u5e83\u544a\u7528\u9ad8\u8f1d\u5ea6\u30b9\u30af\u30ea\u30fc\u30f3\uff5cTELALED","isPartOf":{"@id":"https:\/\/www.telaled.com\/#website"},"primaryImageOfPage":{"@id":"https:\/\/www.telaled.com\/fabrica\/modulo-painel-de-led-exteriores-p10\/#primaryimage"},"image":{"@id":"https:\/\/www.telaled.com\/fabrica\/modulo-painel-de-led-exteriores-p10\/#primaryimage"},"thumbnailUrl":"https:\/\/www.telaled.com\/wp-content\/uploads\/2025\/07\/modulo-painel-de-led-exteriores-p10-1-1.webp","datePublished":"2025-07-18T09:27:58+00:00","dateModified":"2026-01-03T05:58:57+00:00","description":"P10\u5c4b\u5916\u7528LED\u30d1\u30cd\u30eb\u30e2\u30b8\u30e5\u30fc\u30eb | \u5c4b\u5916\u5e83\u544a\u306b\u6700\u9069\u306a\u9ad8\u8f1d\u5ea6\u30c7\u30a3\u30b9\u30d7\u30ec\u30a4\u3002\u3069\u3093\u306a\u5929\u5019\u3067\u3082\u9bae\u660e\u3067\u660e\u308b\u3044\u753b\u50cf\u3092\u63d0\u4f9b\u3057\u307e\u3059\u3002\u770b\u677f\u3001\u30c7\u30b8\u30bf\u30eb\u30b5\u30a4\u30cd\u30fc\u30b8\u3001\u5927\u578b\u5c4b\u5916\u30c7\u30a3\u30b9\u30d7\u30ec\u30a4\u306b\u6700\u9069\u3067\u3059\u3002\u5b89\u5b9a\u6027\u3001\u9577\u5bff\u547d\u3001\u8a2d\u7f6e\u3082\u7c21\u5358\u3067\u3059\u3002","breadcrumb":{"@id":"https:\/\/www.telaled.com\/fabrica\/modulo-painel-de-led-exteriores-p10\/#breadcrumb"},"inLanguage":"ja","potentialAction":[{"@type":"ReadAction","target":["https:\/\/www.telaled.com\/fabrica\/modulo-painel-de-led-exteriores-p10\/"]}]},{"@type":"ImageObject","inLanguage":"ja","@id":"https:\/\/www.telaled.com\/fabrica\/modulo-painel-de-led-exteriores-p10\/#primaryimage","url":"https:\/\/www.telaled.com\/wp-content\/uploads\/2025\/07\/modulo-painel-de-led-exteriores-p10-1-1.webp","contentUrl":"https:\/\/www.telaled.com\/wp-content\/uploads\/2025\/07\/modulo-painel-de-led-exteriores-p10-1-1.webp","width":500,"height":500,"caption":"modulo-painel-de-led-exteriores-p10 (1)"},{"@type":"BreadcrumbList","@id":"https:\/\/www.telaled.com\/fabrica\/modulo-painel-de-led-exteriores-p10\/#breadcrumb","itemListElement":[{"@type":"ListItem","position":1,"name":"Home","item":"https:\/\/www.telaled.com\/"},{"@type":"ListItem","position":2,"name":"Produtos","item":"https:\/\/www.telaled.com\/shop\/"},{"@type":"ListItem","position":3,"name":"Modulo Painel de LED Exteriores P10"}]},{"@type":"WebSite","@id":"https:\/\/www.telaled.com\/#website","url":"https:\/\/www.telaled.com\/","name":"LED\u30b9\u30af\u30ea\u30fc\u30f3","description":"","potentialAction":[{"@type":"SearchAction","target":{"@type":"EntryPoint","urlTemplate":"https:\/\/www.telaled.com\/?s={search_term_string}"},"query-input":{"@type":"PropertyValueSpecification","valueRequired":true,"valueName":"search_term_string"}}],"inLanguage":"ja"}]}},"_links":{"self":[{"href":"https:\/\/www.telaled.com\/ja\/wp-json\/wp\/v2\/product\/2644","targetHints":{"allow":["GET"]}}],"collection":[{"href":"https:\/\/www.telaled.com\/ja\/wp-json\/wp\/v2\/product"}],"about":[{"href":"https:\/\/www.telaled.com\/ja\/wp-json\/wp\/v2\/types\/product"}],"wp:featuredmedia":[{"embeddable":true,"href":"https:\/\/www.telaled.com\/ja\/wp-json\/wp\/v2\/media\/2712"}],"wp:attachment":[{"href":"https:\/\/www.telaled.com\/ja\/wp-json\/wp\/v2\/media?parent=2644"}],"wp:term":[{"taxonomy":"product_brand","embeddable":true,"href":"https:\/\/www.telaled.com\/ja\/wp-json\/wp\/v2\/product_brand?post=2644"},{"taxonomy":"product_cat","embeddable":true,"href":"https:\/\/www.telaled.com\/ja\/wp-json\/wp\/v2\/product_cat?post=2644"},{"taxonomy":"product_tag","embeddable":true,"href":"https:\/\/www.telaled.com\/ja\/wp-json\/wp\/v2\/product_tag?post=2644"}],"curies":[{"name":"wp","href":"https:\/\/api.w.org\/{rel}","templated":true}]}}