{"id":2597,"date":"2025-07-17T03:32:18","date_gmt":"2025-07-17T03:32:18","guid":{"rendered":"https:\/\/www.telaled.com\/?post_type=product&#038;p=2597"},"modified":"2026-01-02T09:55:56","modified_gmt":"2026-01-02T09:55:56","slug":"modulo-painel-de-led-p6","status":"publish","type":"product","link":"https:\/\/www.telaled.com\/ja\/fabrica\/modulo-painel-de-led-p6\/","title":{"rendered":"P6 LED\u30d1\u30cd\u30eb\u30e2\u30b8\u30e5\u30fc\u30eb"},"content":{"rendered":"<div id=\"featurebullets_feature_div\" class=\"celwidget\" data-feature-name=\"featurebullets\" data-csa-c-type=\"widget\" data-csa-c-content-id=\"featurebullets\" data-csa-c-slot-id=\"featurebullets_feature_div\" data-csa-c-asin=\"B07DF32D6Q\" data-csa-c-is-in-initial-active-row=\"false\" data-csa-c-id=\"3j0pnl-7cjnp-9t8psx-tspeog\">\n<div id=\"feature-bullets\" class=\"a-section a-spacing-medium a-spacing-top-small\">\n<div data-zone-id=\"0\" data-line-index=\"0\" data-line=\"true\">\n<p><strong>\u4e3b\u306a\u7528\u9014:<\/strong><\/p>\n<ul>\n<li><strong>\u5c4b\u5916\u5e83\u544a\uff1a<\/strong> \u5c4b\u5916\u3067\u306e\u4f7f\u7528\u306b\u6700\u9069\u3067\u3059\u3002, <a href=\"https:\/\/www.telaled.com\/ja\/led-para-vitrine-de-loja\/\">\u30b7\u30e7\u30fc\u30a6\u30a3\u30f3\u30c9\u30a6<\/a> \u516c\u5171\u30b9\u30da\u30fc\u30b9\u3067\u306e\u30c0\u30a4\u30ca\u30df\u30c3\u30af\u5e83\u544a\u3002.<\/li>\n<li><strong>\u30c7\u30a3\u30b9\u30d7\u30ec\u30a4 <a href=\"https:\/\/www.telaled.com\/ja\/painel-de-led-para-eventos\/\">\u30a4\u30d9\u30f3\u30c8<\/a>:<\/strong> \u8996\u8a8d\u6027\u304c\u91cd\u8981\u306a\u30b3\u30f3\u30b5\u30fc\u30c8\u30b9\u30c6\u30fc\u30b8\u3001\u30b9\u30dd\u30fc\u30c4\u30a4\u30d9\u30f3\u30c8\u3001\u30d5\u30a7\u30b9\u30c6\u30a3\u30d0\u30eb\u306b\u6700\u9069\u3067\u3059\u3002<\/li>\n<li><strong>\u516c\u5171\u60c5\u5831\u30c7\u30a3\u30b9\u30d7\u30ec\u30a4<\/strong>: \u7a7a\u6e2f\u3001\u30b7\u30e7\u30c3\u30d4\u30f3\u30b0\u30e2\u30fc\u30eb\u3001\u4ea4\u901a\u30cf\u30d6\u306a\u3069\u3067\u30ea\u30a2\u30eb\u30bf\u30a4\u30e0\u30e1\u30c3\u30bb\u30fc\u30b8\u30f3\u30b0\u306b\u4f7f\u7528\u3055\u308c\u307e\u3059\u3002<\/li>\n<li><strong>\u4f01\u696d\u30fb\u5c55\u793a\u4f1a\u3067\u306e\u4f7f\u7528\uff1a<\/strong> \u898b\u672c\u5e02\u3001\u5c55\u793a\u4f1a\u3001\u4f1a\u8b70\u3067\u306e\u30d6\u30e9\u30f3\u30c9\u306e\u8a8d\u77e5\u5ea6\u3092\u9ad8\u3081\u307e\u3059\u3002<\/li>\n<\/ul>\n<p><strong>\u5b9f\u8a3c\u6e08\u307f\u306e\u30c6\u30af\u30ce\u30ed\u30b8\u30fc:<\/strong><\/p>\n<ul>\n<li>IP40\/IP50 \u2013 \u9632\u5875\u30fb\u9632\u6e7f\u6027\u3002<\/li>\n<li>16 \u30d3\u30c3\u30c8 \u30b0\u30e9\u30c7\u30fc\u30b7\u30e7\u30f3 (281 \u5146\u8272)\u3002 \u2013 \u30d5\u30a9\u30c8\u30ea\u30a2\u30ea\u30b9\u30c6\u30a3\u30c3\u30af\u3002<\/li>\n<li>CE\/RoHS\/ISO9001 \u8a8d\u8a3c \u2013 \u7523\u696d\u54c1\u8cea\u3092\u4fdd\u8a3c\u3057\u307e\u3059\u3002<\/li>\n<\/ul>\n<p><img loading=\"lazy\" decoding=\"async\" class=\"alignnone wp-image-2017 size-full\" src=\"https:\/\/www.telaled.com\/wp-content\/uploads\/2023\/06\/quality-led-module-materials-1.webp\" alt=\"\u9ad8\u54c1\u8ceaLED\u30e2\u30b8\u30e5\u30fc\u30eb\u6750\u6599\" width=\"768\" height=\"555\" srcset=\"https:\/\/www.telaled.com\/wp-content\/uploads\/2023\/06\/quality-led-module-materials-1.webp 768w, https:\/\/www.telaled.com\/wp-content\/uploads\/2023\/06\/quality-led-module-materials-1-300x217.webp 300w, https:\/\/www.telaled.com\/wp-content\/uploads\/2023\/06\/quality-led-module-materials-1-18x12.webp 18w, https:\/\/www.telaled.com\/wp-content\/uploads\/2023\/06\/quality-led-module-materials-1-600x434.webp 600w\" sizes=\"auto, (max-width: 768px) 100vw, 768px\" \/><\/p>\n<\/div>\n<\/div>\n<\/div>\n<div data-feature-name=\"acf-carousel\" data-csa-c-type=\"widget\" data-csa-c-content-id=\"acf-carousel\" data-csa-c-slot-id=\"acf-carousel_feature_div\" data-csa-c-asin=\"B07DF32D6Q\" data-csa-c-is-in-initial-active-row=\"false\" data-csa-c-id=\"oqpgyr-mh4egp-nntzd2-kyiiqq\">\n<table id=\"tablepress-38\" class=\"tablepress tablepress-id-38\">\n<thead>\n<tr class=\"row-1\">\n\t<th colspan=\"4\" class=\"column-1\">\u6280\u8853\u7684\u306a\u8a73\u7d30<\/th>\n<\/tr>\n<\/thead>\n<tbody class=\"row-striping row-hover\">\n<tr class=\"row-2\">\n\t<td class=\"column-1\">\u30e2\u30c7\u30eb\u756a\u53f7<\/td><td class=\"column-2\">TL \u2013 P6 LED\u30d1\u30cd\u30eb\u30e2\u30b8\u30e5\u30fc\u30eb<\/td><td class=\"column-3\"><\/td><td class=\"column-4\"><\/td>\n<\/tr>\n<tr class=\"row-3\">\n\t<td class=\"column-1\">\u30d6\u30e9\u30f3\u30c9\u540d<\/td><td class=\"column-2\">TELALED\u30e1\u30fc\u30ab\u30fc<\/td><td class=\"column-3\">\u30b9\u30af\u30ea\u30fc\u30f3\u306e\u5e73\u5766\u6027<\/td><td class=\"column-4\">\u00b11mm\u672a\u6e80<\/td>\n<\/tr>\n<tr class=\"row-4\">\n\t<td class=\"column-1\">\u539f\u7523\u5730<\/td><td class=\"column-2\">\u4e2d\u56fd\u5e83\u6771\u7701<\/td><td class=\"column-3\">\u5e73\u5747\u6545\u969c\u9593\u9694\uff08MTBF\uff09<\/td><td class=\"column-4\">1\u4e07\u6642\u9593<\/td>\n<\/tr>\n<tr class=\"row-5\">\n\t<td class=\"column-1\">\u30d4\u30af\u30bb\u30eb\u8ddd\u96e2<\/td><td class=\"column-2\">P6<\/td><td class=\"column-3\">\u8010\u7528\u5e74\u6570<\/td><td class=\"column-4\">10\u4e07\u6642\u9593<\/td>\n<\/tr>\n<tr class=\"row-6\">\n\t<td class=\"column-1\">\u6700\u5c0f\u8996\u8074\u8ddd\u96e2<\/td><td class=\"column-2\">6\u30e1\u30fc\u30c8\u30eb<\/td><td class=\"column-3\">\u30c7\u30a3\u30b9\u30d7\u30ec\u30a4\u52d5\u4f5c\u96fb\u5727<\/td><td class=\"column-4\">AC46\uff5e54HZ\u3001220V\u00b115%\/110V\u00b115%<\/td>\n<\/tr>\n<tr class=\"row-7\">\n\t<td class=\"column-1\">LED\u69cb\u6210<\/td><td class=\"column-2\">SMD3528<\/td><td class=\"column-3\">\u5149\u306e\u6e1b\u8870<\/td><td class=\"column-4\">\uff1c3%<\/td>\n<\/tr>\n<tr class=\"row-8\">\n\t<td class=\"column-1\">\u30e2\u30b8\u30e5\u30fc\u30eb\u89e3\u50cf\u5ea6<\/td><td class=\"column-2\">32\u00d732\u30d4\u30af\u30bb\u30eb<\/td><td class=\"column-3\">\u6f0f\u308c\u96fb\u6d41<\/td><td class=\"column-4\">\uff1c3mA<\/td>\n<\/tr>\n<tr class=\"row-9\">\n\t<td class=\"column-1\">\u30e2\u30b8\u30e5\u30fc\u30eb\u30d4\u30af\u30bb\u30eb<\/td><td class=\"column-2\">1024\u30d4\u30af\u30bb\u30eb<\/td><td class=\"column-3\">IP\u4fdd\u8b77\u7b49\u7d1a<\/td><td class=\"column-4\">\u80cc\u9762: IP40 \/ \u524d\u9762: IP50<\/td>\n<\/tr>\n<tr class=\"row-10\">\n\t<td class=\"column-1\">\u30e2\u30b8\u30e5\u30fc\u30eb\u30b5\u30a4\u30ba<\/td><td class=\"column-2\">\t\u5e45192mm\u00d7\u9ad8\u3055192mm\u00d7\u539a\u305514mm<\/td><td class=\"column-3\">\u4f5c\u696d\u74b0\u5883\u306e\u6e29\u5ea6\u3068\u6e7f\u5ea6<\/td><td class=\"column-4\">\u6e29\u5ea6: -20\u00b0C~+60\u00b0C \/ \u6e7f\u5ea6: 10%~90% RH<\/td>\n<\/tr>\n<tr class=\"row-11\">\n\t<td class=\"column-1\">\u30ad\u30e3\u30d3\u30cd\u30c3\u30c8\u30b5\u30a4\u30ba<\/td><td class=\"column-2\">576mm\u00d7576mm<\/td><td class=\"column-3\">\u30b5\u30dd\u30fc\u30c8\u3055\u308c\u3066\u3044\u308b\u30e1\u30c7\u30a3\u30a2<\/td><td class=\"column-4\">\u6280\u8853\u30c7\u30fc\u30bf\u3001\u5199\u771f\u3001CAD\u30e2\u30c7\u30eb\u3001\u30d3\u30c7\u30aa<\/td>\n<\/tr>\n<tr class=\"row-12\">\n\t<td class=\"column-1\">\u30d4\u30af\u30bb\u30eb\u69cb\u6210<\/td><td class=\"column-2\">SMD3in1\u3001\u30d5\u30eb\u30ab\u30e9\u30fc R\/G\/B 1:1:1<\/td><td class=\"column-3\">\u95a2\u6570<\/td><td class=\"column-4\">SDK<\/td>\n<\/tr>\n<tr class=\"row-13\">\n\t<td class=\"column-1\">\u30d0\u30e9\u30f3\u30b9\u306e\u3068\u308c\u305f\u8f1d\u304d<\/td><td class=\"column-2\">1000cd\/m\u00b2\uff08\u5c4b\u5185\uff09<\/td><td class=\"column-3\">\u5236\u5fa1\u30e2\u30fc\u30c9<\/td><td class=\"column-4\">DVI\u7d4c\u7531\u3067\u5236\u5fa1PC\u3068\u540c\u671f<\/td>\n<\/tr>\n<tr class=\"row-14\">\n\t<td class=\"column-1\">\u99c6\u52d5\u65b9\u5f0f<\/td><td class=\"column-2\">1\/16\u30b9\u30ad\u30e3\u30f3<\/td><td class=\"column-3\">\u30b5\u30dd\u30fc\u30c8\u3055\u308c\u3066\u3044\u308b\u30bd\u30d5\u30c8\u30a6\u30a7\u30a2<\/td><td class=\"column-4\">Windows XP\/Windows 7\/Windows Vista<\/td>\n<\/tr>\n<tr class=\"row-15\">\n\t<td class=\"column-1\">\u66f4\u65b0\u30ec\u30fc\u30c8<\/td><td class=\"column-2\">\u22651920 Hz<\/td><td class=\"column-3\">\u5236\u5fa1\u30b7\u30b9\u30c6\u30e0<\/td><td class=\"column-4\">DVI \u30ab\u30fc\u30c9 + \u30d5\u30eb\u30ab\u30e9\u30fc \u30b3\u30f3\u30c8\u30ed\u30fc\u30e9 + \u5149\u30d5\u30a1\u30a4\u30d0\u30fc (\u30aa\u30d7\u30b7\u30e7\u30f3)<\/td>\n<\/tr>\n<tr class=\"row-16\">\n\t<td class=\"column-1\">\u5909\u66f4\u691c\u51fa\u983b\u5ea6<\/td><td class=\"column-2\">50\uff5e60Hz<\/td><td class=\"column-3\">\u4e3b\u5236\u5fa1\u30b7\u30b9\u30c6\u30e0\u30de\u30fc\u30af<\/td><td class=\"column-4\">\u30ce\u30f4\u30a1\u30b9\u30bf\u30fc\u3001\u30ea\u30f3\u30b9\u30f3\u3001\u30d5\u30a4\u30c9\u30a5\u3001\u30ab\u30e9\u30fc\u30e9\u30a4\u30c8<\/td>\n<\/tr>\n<tr class=\"row-17\">\n\t<td class=\"column-1\">\u8996\u91ce\u89d2<\/td><td class=\"column-2\">\u9ad8\u3055140\u00b0 \u5782\u76f4120\u00b0<\/td><td class=\"column-3\">\u30a4\u30f3\u30bf\u30d5\u30a7\u30fc\u30b9<\/td><td class=\"column-4\">\u6a19\u6e96\u30a4\u30fc\u30b5\u30cd\u30c3\u30c8<\/td>\n<\/tr>\n<tr class=\"row-18\">\n\t<td class=\"column-1\">\u975e\u30a2\u30af\u30c6\u30a3\u30d6\u30e9\u30a4\u30c8\u30ec\u30fc\u30c8<\/td><td class=\"column-2\">\u22641%<\/td><td class=\"column-3\">\u4f1d\u9001\u8ddd\u96e2<\/td><td class=\"column-4\">\u30de\u30eb\u30c1\u30e2\u30fc\u30c9\u30d5\u30a1\u30a4\u30d0\u30fc <500m >\n<\/tr>\n<tr class=\"row-19\">\n\t<td class=\"column-1\">\u30a8\u30cd\u30eb\u30ae\u30fc\u306e\u7121\u99c4<\/td><td class=\"column-2\">700*1000 W\/m2<\/td><td class=\"column-3\">\u4fdd\u8a3c<\/td><td class=\"column-4\">5\u5e74<\/td>\n<\/tr>\n<tr class=\"row-20\">\n\t<td class=\"column-1\">\u5e73\u5747\u30a8\u30cd\u30eb\u30ae\u30fc\u6d88\u8cbb\u91cf<\/td><td class=\"column-2\">400 W\/m2<\/td><td class=\"column-3\">\u30b5\u30d7\u30e9\u30a4\u30e4\u30fc\u30bf\u30a4\u30d7<\/td><td class=\"column-4\">\u30aa\u30ea\u30b8\u30ca\u30eb\u30e1\u30fc\u30ab\u30fc\/ODM\/OEM<\/td>\n<\/tr>\n<tr class=\"row-21\">\n\t<td class=\"column-1\">\u30b0\u30ec\u30fc\u30ec\u30d9\u30eb<\/td><td class=\"column-2\">16\u30d3\u30c3\u30c8\uff08281\u5146\u8272\uff09\/\u539f\u8272\u3042\u305f\u308a65,536\u968e\u8abf<\/td><td class=\"column-3\">\u7d0d\u671f<\/td><td class=\"column-4\">25\uff08\u307e\u305f\u306f\u4ea4\u6e09\u53ef\u80fd\uff09<\/td>\n<\/tr>\n<tr class=\"row-22\">\n\t<td class=\"column-1\">\u8868\u793a\u8272<\/td><td class=\"column-2\">16M<\/td><td class=\"column-3\">\u5fdc\u7528<\/td><td class=\"column-4\">\u5e83\u544a\/\u5185\u88c5\/\u5916\u88c5<\/td>\n<\/tr>\n<tr class=\"row-23\">\n\t<td class=\"column-1\">\u4e2d\u65ad\u306e\u306a\u3044\u52e4\u52d9\u6642\u9593<\/td><td class=\"column-2\">72\u6642\u9593\u4ee5\u4e0a<\/td><td class=\"column-3\">\u4f7f\u7528<\/td><td class=\"column-4\">\u30c7\u30b8\u30bf\u30eb\u5e83\u544a\u3001\u30b7\u30e7\u30c3\u30d4\u30f3\u30b0\u30e2\u30fc\u30eb\u3001\u30a6\u30a7\u30eb\u30ab\u30e0\u30c7\u30a3\u30b9\u30d7\u30ec\u30a4\u3001\u5c55\u793a\u30db\u30fc\u30eb\u3001\u7a7a\u6e2f\u3001\u6559\u4f1a\u3001\u30b9\u30dd\u30fc\u30c4\u3001\u30a4\u30d9\u30f3\u30c8\u3001\u4f1a\u8b70\u3001\u30ec\u30f3\u30bf\u30eb\u3001\u30b9\u30c6\u30fc\u30b8\u3001\u81ea\u52d5\u8eca\u3001\u5c0f\u58f2\u3001\u7d50\u5a5a\u5f0f<\/td>\n<\/tr>\n<tr class=\"row-24\">\n\t<td class=\"column-1\">\u96e2\u6563\u7684\u6b7b\u89d2\u7387<\/td><td class=\"column-2\"><1><td class=\"column-3\">\u30d1\u30c3\u30b1\u30fc\u30b8\u306e\u8a73\u7d30<\/td><td class=\"column-4\">\u5f37\u5316\u6bb5\u30dc\u30fc\u30eb\u7bb1\uff0b\u6728\u6750<\/td>\n<\/tr>\n<tr class=\"row-25\">\n\t<td class=\"column-1\">\u9023\u7d9a\u6b7b\u89d2\u7387<\/td><td class=\"column-2\">\u306a\u3057<\/td><td class=\"column-3\">\u4f9b\u7d66\u80fd\u529b<\/td><td class=\"column-4\">\u6708\u95935,000\u53f0<\/td>\n<\/tr>\n<tr class=\"row-26\">\n\t<td class=\"column-1\">\u6b7b\u89d2\u7387<\/td><td class=\"column-2\"><1><td class=\"column-3\">\u6e2f<\/td><td class=\"column-4\">\u6df1\u30bb\u30f3<\/td>\n<\/tr>\n<\/tbody>\n<\/table>\n<\/div>\n<div id=\"provenanceCertifications_feature_div\" class=\"celwidget\" data-feature-name=\"provenanceCertifications\" data-csa-c-type=\"widget\" data-csa-c-content-id=\"provenanceCertifications\" data-csa-c-slot-id=\"provenanceCertifications_feature_div\" data-csa-c-asin=\"B07DF32D6Q\" data-csa-c-is-in-initial-active-row=\"false\" data-csa-c-id=\"6t8ho-xbknmj-nqaso5-ne24gd\">\n<div id=\"provenance-certifications\" class=\"a-section a-spacing-medium a-spacing-top-micro\">\u00a0<\/div>\n<\/div>","protected":false},"excerpt":{"rendered":"<p><strong>P6 LED\u30d1\u30cd\u30eb\u30e2\u30b8\u30e5\u30fc\u30eb\uff1a\u9a5a\u7570\u7684\u306a\u30d3\u30b8\u30e5\u30a2\u30eb\u3092\u5b9f\u73fe\u3059\u308b\u9ad8\u6027\u80fd\u30c7\u30a3\u30b9\u30d7\u30ec\u30a4<\/strong><\/p>\n<p>\u30b6 <strong>P6 LED\u30d1\u30cd\u30eb\u30e2\u30b8\u30e5\u30fc\u30eb<\/strong> 6mm\u306e\u30d4\u30af\u30bb\u30eb\u30d4\u30c3\u30c1\u3067\u3001\u9bae\u3084\u304b\u3067\u9ad8\u54c1\u8cea\u306a\u753b\u50cf\u3092\u5b9f\u73fe\u3057\u307e\u3059\u3002\u5c4b\u5185\u5916\u3067\u306e\u4f7f\u7528\u306b\u6700\u9069\u3067\u3001\u8010\u4e45\u6027\u3001\u30a8\u30cd\u30eb\u30ae\u30fc\u52b9\u7387\u3001\u305d\u3057\u3066\u9577\u5bff\u547d\u3092\u5b9f\u73fe\u3057\u3066\u3044\u307e\u3059\u3002<\/p>\n<p><strong>\u4e3b\u306a\u5229\u70b9:<\/strong><br \/>\n<strong><br \/>\n\u2714 \u9ad8\u54c1\u8cea\u306e\u753b\u9762\uff1a <\/strong>\u9bae\u660e\u3067\u660e\u308b\u3044\u6620\u50cf\u3092\u5b9f\u73fe\u3059\u308b SMD3528 \u30ab\u30e9\u30fc LED \u3092\u5099\u3048\u305f 32 x 32 \u30d4\u30af\u30bb\u30eb\u89e3\u50cf\u5ea6\u3002<\/p>\n<p><strong>\u2714 L<\/strong><strong>\u9577\u3044\u8010\u7528\u5e74\u6570\uff1a <\/strong>100,000 \u6642\u9593\u3092\u8d85\u3048\u308b\u4fe1\u983c\u6027\u306e\u9ad8\u3044\u30d1\u30d5\u30a9\u30fc\u30de\u30f3\u30b9\u3002<\/p>\n<p><strong>\u2714 <a href=\"https:\/\/www.telaled.com\/ja\/fabrica\/painel-led-economizador-de-energia-serie-toc\/\">\u30a8\u30cd\u30eb\u30ae\u30fc\u52b9\u7387<\/a>: <\/strong>\u5e73\u5747\u30a8\u30cd\u30eb\u30ae\u30fc\u6d88\u8cbb\u91cf\u306f\u308f\u305a\u304b400 w\/m2\u3002<\/p>\n<p><strong>\u2714 \u8010\u5019\u6027\uff1a<\/strong> \u3042\u3089\u3086\u308b\u74b0\u5883\u3067\u306e\u4fdd\u8b77\u3092\u5b9f\u73fe\u3059\u308b\u3001\u524d\u9762\u306f IP-50 \u5b9a\u683c\u3001\u80cc\u9762\u306f IP40 \u5b9a\u683c\u3067\u3059\u3002<\/p>","protected":false},"featured_media":2708,"template":"","meta":[],"product_brand":[],"product_cat":[41],"product_tag":[],"class_list":{"0":"post-2597","1":"product","2":"type-product","3":"status-publish","4":"has-post-thumbnail","6":"product_cat-modulo-painel-de-led","8":"first","9":"instock","10":"shipping-taxable","11":"product-type-simple"},"yoast_head":"<!-- This site is optimized with the Yoast SEO plugin v27.5 - https:\/\/yoast.com\/product\/yoast-seo-wordpress\/ -->\n<title>Modulo Painel de LED P6 | Tel\u00e3o de LED Externo de Alta Qualidade para Visibilidade Superior |TELALED<\/title>\n<meta name=\"description\" content=\"Descubra o Modulo Painel de LED P6 para telas vibrantes e de alta defini\u00e7\u00e3o. Ideal para publicidade, eventos e espa\u00e7os p\u00fablicos. Compre agora!\" \/>\n<meta name=\"robots\" content=\"index, follow, max-snippet:-1, max-image-preview:large, max-video-preview:-1\" \/>\n<link rel=\"canonical\" href=\"https:\/\/www.telaled.com\/ja\/fabrica\/modulo-painel-de-led-p6\/\" \/>\n<meta property=\"og:locale\" content=\"ja_JP\" \/>\n<meta property=\"og:type\" content=\"article\" \/>\n<meta property=\"og:title\" content=\"Modulo Painel de LED P6 | Tel\u00e3o de LED Externo de Alta Qualidade para Visibilidade Superior |TELALED\" \/>\n<meta property=\"og:description\" content=\"Descubra o Modulo Painel de LED P6 para telas vibrantes e de alta defini\u00e7\u00e3o. Ideal para publicidade, eventos e espa\u00e7os p\u00fablicos. Compre agora!\" \/>\n<meta property=\"og:url\" content=\"https:\/\/www.telaled.com\/ja\/fabrica\/modulo-painel-de-led-p6\/\" \/>\n<meta property=\"og:site_name\" content=\"TELALED\" \/>\n<meta property=\"article:modified_time\" content=\"2026-01-02T09:55:56+00:00\" \/>\n<meta property=\"og:image\" content=\"https:\/\/www.telaled.com\/wp-content\/uploads\/2025\/07\/Modulo-Painel-de-LED-P6-2-1.webp\" \/>\n\t<meta property=\"og:image:width\" content=\"500\" \/>\n\t<meta property=\"og:image:height\" content=\"500\" \/>\n\t<meta property=\"og:image:type\" content=\"image\/webp\" \/>\n<meta name=\"twitter:card\" content=\"summary_large_image\" \/>\n<meta name=\"twitter:label1\" content=\"\u63a8\u5b9a\u8aad\u307f\u53d6\u308a\u6642\u9593\" \/>\n\t<meta name=\"twitter:data1\" content=\"1\u5206\" \/>\n<script type=\"application\/ld+json\" class=\"yoast-schema-graph\">{\"@context\":\"https:\\\/\\\/schema.org\",\"@graph\":[{\"@type\":\"WebPage\",\"@id\":\"https:\\\/\\\/www.telaled.com\\\/fabrica\\\/modulo-painel-de-led-p6\\\/\",\"url\":\"https:\\\/\\\/www.telaled.com\\\/fabrica\\\/modulo-painel-de-led-p6\\\/\",\"name\":\"Modulo Painel de LED P6 | Tel\u00e3o de LED Externo de Alta Qualidade para Visibilidade Superior |TELALED\",\"isPartOf\":{\"@id\":\"https:\\\/\\\/www.telaled.com\\\/#website\"},\"primaryImageOfPage\":{\"@id\":\"https:\\\/\\\/www.telaled.com\\\/fabrica\\\/modulo-painel-de-led-p6\\\/#primaryimage\"},\"image\":{\"@id\":\"https:\\\/\\\/www.telaled.com\\\/fabrica\\\/modulo-painel-de-led-p6\\\/#primaryimage\"},\"thumbnailUrl\":\"https:\\\/\\\/www.telaled.com\\\/wp-content\\\/uploads\\\/2025\\\/07\\\/Modulo-Painel-de-LED-P6-2-1.webp\",\"datePublished\":\"2025-07-17T03:32:18+00:00\",\"dateModified\":\"2026-01-02T09:55:56+00:00\",\"description\":\"Descubra o Modulo Painel de LED P6 para telas vibrantes e de alta defini\u00e7\u00e3o. Ideal para publicidade, eventos e espa\u00e7os p\u00fablicos. Compre agora!\",\"breadcrumb\":{\"@id\":\"https:\\\/\\\/www.telaled.com\\\/fabrica\\\/modulo-painel-de-led-p6\\\/#breadcrumb\"},\"inLanguage\":\"ja\",\"potentialAction\":[{\"@type\":\"ReadAction\",\"target\":[\"https:\\\/\\\/www.telaled.com\\\/fabrica\\\/modulo-painel-de-led-p6\\\/\"]}]},{\"@type\":\"ImageObject\",\"inLanguage\":\"ja\",\"@id\":\"https:\\\/\\\/www.telaled.com\\\/fabrica\\\/modulo-painel-de-led-p6\\\/#primaryimage\",\"url\":\"https:\\\/\\\/www.telaled.com\\\/wp-content\\\/uploads\\\/2025\\\/07\\\/Modulo-Painel-de-LED-P6-2-1.webp\",\"contentUrl\":\"https:\\\/\\\/www.telaled.com\\\/wp-content\\\/uploads\\\/2025\\\/07\\\/Modulo-Painel-de-LED-P6-2-1.webp\",\"width\":500,\"height\":500,\"caption\":\"Modulo-Painel-de-LED-P6 (2)\"},{\"@type\":\"BreadcrumbList\",\"@id\":\"https:\\\/\\\/www.telaled.com\\\/fabrica\\\/modulo-painel-de-led-p6\\\/#breadcrumb\",\"itemListElement\":[{\"@type\":\"ListItem\",\"position\":1,\"name\":\"Home\",\"item\":\"https:\\\/\\\/www.telaled.com\\\/\"},{\"@type\":\"ListItem\",\"position\":2,\"name\":\"Produtos\",\"item\":\"https:\\\/\\\/www.telaled.com\\\/shop\\\/\"},{\"@type\":\"ListItem\",\"position\":3,\"name\":\"Modulo Painel de LED P6\"}]},{\"@type\":\"WebSite\",\"@id\":\"https:\\\/\\\/www.telaled.com\\\/#website\",\"url\":\"https:\\\/\\\/www.telaled.com\\\/\",\"name\":\"TELALED\",\"description\":\"\",\"potentialAction\":[{\"@type\":\"SearchAction\",\"target\":{\"@type\":\"EntryPoint\",\"urlTemplate\":\"https:\\\/\\\/www.telaled.com\\\/?s={search_term_string}\"},\"query-input\":{\"@type\":\"PropertyValueSpecification\",\"valueRequired\":true,\"valueName\":\"search_term_string\"}}],\"inLanguage\":\"ja\"}]}<\/script>\n<!-- \/ Yoast SEO plugin. -->","yoast_head_json":{"title":"P6 LED\u30d1\u30cd\u30eb\u30e2\u30b8\u30e5\u30fc\u30eb | \u512a\u308c\u305f\u8996\u8a8d\u6027\u3092\u5b9f\u73fe\u3059\u308b\u9ad8\u54c1\u8cea\u5c4b\u5916LED\u30c7\u30a3\u30b9\u30d7\u30ec\u30a4 | TELALED","description":"\u9bae\u3084\u304b\u306a\u9ad8\u89e3\u50cf\u5ea6\u30c7\u30a3\u30b9\u30d7\u30ec\u30a4\u3092\u5b9f\u73fe\u3059\u308bP6 LED\u30d1\u30cd\u30eb\u30e2\u30b8\u30e5\u30fc\u30eb\u3092\u3054\u89a7\u304f\u3060\u3055\u3044\u3002\u5e83\u544a\u3001\u30a4\u30d9\u30f3\u30c8\u3001\u516c\u5171\u30b9\u30da\u30fc\u30b9\u306b\u6700\u9069\u3067\u3059\u3002\u4eca\u3059\u3050\u8cfc\u5165\uff01","robots":{"index":"index","follow":"follow","max-snippet":"max-snippet:-1","max-image-preview":"max-image-preview:large","max-video-preview":"max-video-preview:-1"},"canonical":"https:\/\/www.telaled.com\/ja\/fabrica\/modulo-painel-de-led-p6\/","og_locale":"ja_JP","og_type":"article","og_title":"Modulo Painel de LED P6 | Tel\u00e3o de LED Externo de Alta Qualidade para Visibilidade Superior |TELALED","og_description":"Descubra o Modulo Painel de LED P6 para telas vibrantes e de alta defini\u00e7\u00e3o. Ideal para publicidade, eventos e espa\u00e7os p\u00fablicos. Compre agora!","og_url":"https:\/\/www.telaled.com\/ja\/fabrica\/modulo-painel-de-led-p6\/","og_site_name":"TELALED","article_modified_time":"2026-01-02T09:55:56+00:00","og_image":[{"width":500,"height":500,"url":"https:\/\/www.telaled.com\/wp-content\/uploads\/2025\/07\/Modulo-Painel-de-LED-P6-2-1.webp","type":"image\/webp"}],"twitter_card":"summary_large_image","twitter_misc":{"\u63a8\u5b9a\u8aad\u307f\u53d6\u308a\u6642\u9593":"1\u5206"},"schema":{"@context":"https:\/\/schema.org","@graph":[{"@type":"WebPage","@id":"https:\/\/www.telaled.com\/fabrica\/modulo-painel-de-led-p6\/","url":"https:\/\/www.telaled.com\/fabrica\/modulo-painel-de-led-p6\/","name":"P6 LED\u30d1\u30cd\u30eb\u30e2\u30b8\u30e5\u30fc\u30eb | \u512a\u308c\u305f\u8996\u8a8d\u6027\u3092\u5b9f\u73fe\u3059\u308b\u9ad8\u54c1\u8cea\u5c4b\u5916LED\u30c7\u30a3\u30b9\u30d7\u30ec\u30a4 | TELALED","isPartOf":{"@id":"https:\/\/www.telaled.com\/#website"},"primaryImageOfPage":{"@id":"https:\/\/www.telaled.com\/fabrica\/modulo-painel-de-led-p6\/#primaryimage"},"image":{"@id":"https:\/\/www.telaled.com\/fabrica\/modulo-painel-de-led-p6\/#primaryimage"},"thumbnailUrl":"https:\/\/www.telaled.com\/wp-content\/uploads\/2025\/07\/Modulo-Painel-de-LED-P6-2-1.webp","datePublished":"2025-07-17T03:32:18+00:00","dateModified":"2026-01-02T09:55:56+00:00","description":"\u9bae\u3084\u304b\u306a\u9ad8\u89e3\u50cf\u5ea6\u30c7\u30a3\u30b9\u30d7\u30ec\u30a4\u3092\u5b9f\u73fe\u3059\u308bP6 LED\u30d1\u30cd\u30eb\u30e2\u30b8\u30e5\u30fc\u30eb\u3092\u3054\u89a7\u304f\u3060\u3055\u3044\u3002\u5e83\u544a\u3001\u30a4\u30d9\u30f3\u30c8\u3001\u516c\u5171\u30b9\u30da\u30fc\u30b9\u306b\u6700\u9069\u3067\u3059\u3002\u4eca\u3059\u3050\u8cfc\u5165\uff01","breadcrumb":{"@id":"https:\/\/www.telaled.com\/fabrica\/modulo-painel-de-led-p6\/#breadcrumb"},"inLanguage":"ja","potentialAction":[{"@type":"ReadAction","target":["https:\/\/www.telaled.com\/fabrica\/modulo-painel-de-led-p6\/"]}]},{"@type":"ImageObject","inLanguage":"ja","@id":"https:\/\/www.telaled.com\/fabrica\/modulo-painel-de-led-p6\/#primaryimage","url":"https:\/\/www.telaled.com\/wp-content\/uploads\/2025\/07\/Modulo-Painel-de-LED-P6-2-1.webp","contentUrl":"https:\/\/www.telaled.com\/wp-content\/uploads\/2025\/07\/Modulo-Painel-de-LED-P6-2-1.webp","width":500,"height":500,"caption":"Modulo-Painel-de-LED-P6 (2)"},{"@type":"BreadcrumbList","@id":"https:\/\/www.telaled.com\/fabrica\/modulo-painel-de-led-p6\/#breadcrumb","itemListElement":[{"@type":"ListItem","position":1,"name":"Home","item":"https:\/\/www.telaled.com\/"},{"@type":"ListItem","position":2,"name":"Produtos","item":"https:\/\/www.telaled.com\/shop\/"},{"@type":"ListItem","position":3,"name":"Modulo Painel de LED P6"}]},{"@type":"WebSite","@id":"https:\/\/www.telaled.com\/#website","url":"https:\/\/www.telaled.com\/","name":"LED\u30b9\u30af\u30ea\u30fc\u30f3","description":"","potentialAction":[{"@type":"SearchAction","target":{"@type":"EntryPoint","urlTemplate":"https:\/\/www.telaled.com\/?s={search_term_string}"},"query-input":{"@type":"PropertyValueSpecification","valueRequired":true,"valueName":"search_term_string"}}],"inLanguage":"ja"}]}},"_links":{"self":[{"href":"https:\/\/www.telaled.com\/ja\/wp-json\/wp\/v2\/product\/2597","targetHints":{"allow":["GET"]}}],"collection":[{"href":"https:\/\/www.telaled.com\/ja\/wp-json\/wp\/v2\/product"}],"about":[{"href":"https:\/\/www.telaled.com\/ja\/wp-json\/wp\/v2\/types\/product"}],"wp:featuredmedia":[{"embeddable":true,"href":"https:\/\/www.telaled.com\/ja\/wp-json\/wp\/v2\/media\/2708"}],"wp:attachment":[{"href":"https:\/\/www.telaled.com\/ja\/wp-json\/wp\/v2\/media?parent=2597"}],"wp:term":[{"taxonomy":"product_brand","embeddable":true,"href":"https:\/\/www.telaled.com\/ja\/wp-json\/wp\/v2\/product_brand?post=2597"},{"taxonomy":"product_cat","embeddable":true,"href":"https:\/\/www.telaled.com\/ja\/wp-json\/wp\/v2\/product_cat?post=2597"},{"taxonomy":"product_tag","embeddable":true,"href":"https:\/\/www.telaled.com\/ja\/wp-json\/wp\/v2\/product_tag?post=2597"}],"curies":[{"name":"wp","href":"https:\/\/api.w.org\/{rel}","templated":true}]}}