{"id":2542,"date":"2025-07-14T03:51:55","date_gmt":"2025-07-14T03:51:55","guid":{"rendered":"https:\/\/www.telaled.com\/?post_type=product&#038;p=2542"},"modified":"2026-01-02T08:46:54","modified_gmt":"2026-01-02T08:46:54","slug":"modulo-painel-de-led-p4-exteriores","status":"publish","type":"product","link":"https:\/\/www.telaled.com\/ja\/fabrica\/modulo-painel-de-led-p4-exteriores\/","title":{"rendered":"P4\u5c4b\u5916\u7528LED\u30d1\u30cd\u30eb\u30e2\u30b8\u30e5\u30fc\u30eb"},"content":{"rendered":"<div id=\"featurebullets_feature_div\" class=\"celwidget\" data-feature-name=\"featurebullets\" data-csa-c-type=\"widget\" data-csa-c-content-id=\"featurebullets\" data-csa-c-slot-id=\"featurebullets_feature_div\" data-csa-c-asin=\"B07DF32D6Q\" data-csa-c-is-in-initial-active-row=\"false\" data-csa-c-id=\"3j0pnl-7cjnp-9t8psx-tspeog\">\n<div id=\"feature-bullets\" class=\"a-section a-spacing-medium a-spacing-top-small\">\n<div data-zone-id=\"0\" data-line-index=\"0\" data-line=\"true\">\n<p><strong>\u4e3b\u306a\u7528\u9014:<\/strong><\/p>\n<ul>\n<li><strong>\u5c4b\u5916\u30d1\u30cd\u30eb\uff1a<\/strong> \u9053\u8def\u3001\u9ad8\u901f\u9053\u8def\u3001\u5546\u696d\u30a8\u30ea\u30a2\u6cbf\u3044\u306b\u8a2d\u7f6e\u3055\u308c\u308b\u30c7\u30b8\u30bf\u30eb\u770b\u677f\u306b\u6700\u9069\u3067\u3059\u3002<\/li>\n<li><strong><a href=\"https:\/\/www.telaled.com\/ja\/painel-de-led-para-eventos\/\">\u30a4\u30d9\u30f3\u30c8\u7528\u30b9\u30af\u30ea\u30fc\u30f3<\/a> \u305d\u3057\u3066\u821e\u53f0\u30bb\u30c3\u30c8\uff1a<\/strong> \u660e\u308b\u3044\u4e2d\u7a0b\u5ea6\u306e\u30b9\u30af\u30ea\u30fc\u30f3\u3092\u5fc5\u8981\u3068\u3059\u308b\u30b3\u30f3\u30b5\u30fc\u30c8\u3001\u30d5\u30a7\u30b9\u30c6\u30a3\u30d0\u30eb\u3001\u5c4b\u5916\u30a4\u30d9\u30f3\u30c8\u3067\u3088\u304f\u4f7f\u7528\u3055\u308c\u307e\u3059\u3002<\/li>\n<li><strong>\u4ea4\u901a\u30bb\u30f3\u30bf\u30fc\uff1a<\/strong> \u7a7a\u6e2f\u3001\u30d0\u30b9\u505c\u3001\u9244\u9053\u30d7\u30e9\u30c3\u30c8\u30db\u30fc\u30e0\u306a\u3069\u306e\u30ea\u30a2\u30eb\u30bf\u30a4\u30e0\u60c5\u5831\u30d1\u30cd\u30eb\u306b\u52b9\u679c\u7684\u3067\u3059\u3002<\/li>\n<li><strong>\u5c0f\u58f2\u5e97\u304a\u3088\u3073\u30b7\u30e7\u30c3\u30d4\u30f3\u30b0\u30bb\u30f3\u30bf\u30fc\u306e\u7a93:<\/strong> \u5efa\u7269\u306e\u30d5\u30a1\u30b5\u30fc\u30c9\u3084\u5e97\u982d\u306e\u770b\u677f\u306b\u30a4\u30f3\u30d1\u30af\u30c8\u306e\u3042\u308b\u5e83\u544a\u3092\u63b2\u8f09\u3059\u308b\u305f\u3081\u306b\u4f7f\u7528\u3055\u308c\u307e\u3059\u3002<\/li>\n<\/ul>\n<p><strong>\u5b9f\u8a3c\u6e08\u307f\u306e\u30c6\u30af\u30ce\u30ed\u30b8\u30fc:<\/strong><\/p>\n<ul>\n<li>IP40\/IP50 \u2013 \u9632\u5875\u30fb\u9632\u6e7f\u6027\u3002<\/li>\n<li>16 \u30d3\u30c3\u30c8 \u30b0\u30e9\u30c7\u30fc\u30b7\u30e7\u30f3 (281 \u5146\u8272)\u3002 \u2013 \u30d5\u30a9\u30c8\u30ea\u30a2\u30ea\u30b9\u30c6\u30a3\u30c3\u30af\u3002<\/li>\n<li>CE\/RoHS\/ISO9001 \u8a8d\u8a3c \u2013 \u7523\u696d\u54c1\u8cea\u3092\u4fdd\u8a3c\u3057\u307e\u3059\u3002<\/li>\n<\/ul>\n<p><img loading=\"lazy\" decoding=\"async\" class=\"alignnone wp-image-2017 size-full\" src=\"https:\/\/www.telaled.com\/wp-content\/uploads\/2023\/06\/quality-led-module-materials-1.webp\" alt=\"\u9ad8\u54c1\u8ceaLED\u30e2\u30b8\u30e5\u30fc\u30eb\u6750\u6599\" width=\"768\" height=\"555\" srcset=\"https:\/\/www.telaled.com\/wp-content\/uploads\/2023\/06\/quality-led-module-materials-1.webp 768w, https:\/\/www.telaled.com\/wp-content\/uploads\/2023\/06\/quality-led-module-materials-1-300x217.webp 300w, https:\/\/www.telaled.com\/wp-content\/uploads\/2023\/06\/quality-led-module-materials-1-18x12.webp 18w, https:\/\/www.telaled.com\/wp-content\/uploads\/2023\/06\/quality-led-module-materials-1-600x434.webp 600w\" sizes=\"auto, (max-width: 768px) 100vw, 768px\" \/><\/p>\n<\/div>\n<\/div>\n<\/div>\n<div data-feature-name=\"acf-carousel\" data-csa-c-type=\"widget\" data-csa-c-content-id=\"acf-carousel\" data-csa-c-slot-id=\"acf-carousel_feature_div\" data-csa-c-asin=\"B07DF32D6Q\" data-csa-c-is-in-initial-active-row=\"false\" data-csa-c-id=\"oqpgyr-mh4egp-nntzd2-kyiiqq\">\n<table id=\"tablepress-31\" class=\"tablepress tablepress-id-31\">\n<thead>\n<tr class=\"row-1\">\n\t<th class=\"column-1\">\u4ed5\u69d8:<\/th><th class=\"column-2\">TCF-P2.5-S840<\/th>\n<\/tr>\n<\/thead>\n<tbody class=\"row-striping row-hover\">\n<tr class=\"row-2\">\n\t<td class=\"column-1\">\u30d4\u30af\u30bb\u30eb\u69cb\u6210:<\/td><td class=\"column-2\">2121\uff083 in 1\uff09<\/td>\n<\/tr>\n<tr class=\"row-3\">\n\t<td class=\"column-1\">\u8868\u793a\u5bc6\u5ea6: (\u30c9\u30c3\u30c8)<\/td><td class=\"column-2\">160000\u33a1<\/td>\n<\/tr>\n<tr class=\"row-4\">\n\t<td class=\"column-1\">\u7406\u60f3\u7684\u306a\u8996\u8074\u8ddd\u96e2: (m)<\/td><td class=\"column-2\">2.5\uff5e100m<\/td>\n<\/tr>\n<tr class=\"row-5\">\n\t<td class=\"column-1\">\u6700\u5927\u6d88\u8cbb\u96fb\u529b:<\/td><td class=\"column-2\">800w\/\u33a1<\/td>\n<\/tr>\n<tr class=\"row-6\">\n\t<td class=\"column-1\">\u30b9\u30ad\u30e3\u30f3\u30e2\u30fc\u30c9:<\/td><td class=\"column-2\">32\u56de\u306e\u30b9\u30ad\u30e3\u30f3<\/td>\n<\/tr>\n<tr class=\"row-7\">\n\t<td class=\"column-1\">\u660e\u308b\u3055: (CD\/\u33a1)<\/td><td class=\"column-2\">1200<\/td>\n<\/tr>\n<tr class=\"row-8\">\n\t<td class=\"column-1\">\u8996\u91ce\u89d2: (m)<\/td><td class=\"column-2\">H 120\u00b0 V 120\u00b0\uff0850mm\u30e9\u30c3\u30d7\u30a2\u30e9\u30a6\u30f3\u30c9\u30d5\u30ec\u30fc\u30e0\uff09\/ H 360\u00b0 V 360\u00b0\uff08\u30a8\u30c3\u30b8\u30ec\u30b9\uff09<\/td>\n<\/tr>\n<tr class=\"row-9\">\n\t<td class=\"column-1\">\u52d5\u4f5c\u96fb\u5727:<\/td><td class=\"column-2\">AC 220V\/100V\u00b115% 47~64HZ<\/td>\n<\/tr>\n<tr class=\"row-10\">\n\t<td class=\"column-1\">\u4f9b\u7d66\u96fb\u5727:<\/td><td class=\"column-2\">5V<\/td>\n<\/tr>\n<tr class=\"row-11\">\n\t<td class=\"column-1\">\u30b7\u30b9\u30c6\u30e0\u52d5\u4f5c\u5468\u56f2\u6e29\u5ea6:<\/td><td class=\"column-2\">-20\uff5e60\u2103<\/td>\n<\/tr>\n<tr class=\"row-12\">\n\t<td class=\"column-1\">\u30b7\u30b9\u30c6\u30e0\u306f\u4e2d\u7a0b\u5ea6\u306e\u74b0\u5883\u3067\u52d5\u4f5c\u3057\u307e\u3059:<\/td><td class=\"column-2\">10%~90% UR<\/td>\n<\/tr>\n<tr class=\"row-13\">\n\t<td class=\"column-1\">\u753b\u9762\u306e\u8272:<\/td><td class=\"column-2\">1670\u4e07<\/td>\n<\/tr>\n<tr class=\"row-14\">\n\t<td class=\"column-1\">\u30b0\u30ec\u30fc\u30b9\u30b1\u30fc\u30eb\u30ec\u30d9\u30eb:<\/td><td class=\"column-2\">16384<\/td>\n<\/tr>\n<tr class=\"row-15\">\n\t<td class=\"column-1\">\u901a\u4fe1\u65b9\u6cd5:<\/td><td class=\"column-2\">\u540c\u671f\/\u975e\u540c\u671f<\/td>\n<\/tr>\n<\/tbody>\n<\/table>\n<\/div>\n<div id=\"provenanceCertifications_feature_div\" class=\"celwidget\" data-feature-name=\"provenanceCertifications\" data-csa-c-type=\"widget\" data-csa-c-content-id=\"provenanceCertifications\" data-csa-c-slot-id=\"provenanceCertifications_feature_div\" data-csa-c-asin=\"B07DF32D6Q\" data-csa-c-is-in-initial-active-row=\"false\" data-csa-c-id=\"6t8ho-xbknmj-nqaso5-ne24gd\">\n<div id=\"provenance-certifications\" class=\"a-section a-spacing-medium a-spacing-top-micro\">\u00a0<\/div>\n<\/div>","protected":false},"excerpt":{"rendered":"<p><strong>P4\u5c4b\u5916\u7528LED\u30d1\u30cd\u30eb\u30e2\u30b8\u30e5\u30fc\u30eb \u2013 4mm\u30d4\u30af\u30bb\u30eb\u30d4\u30c3\u30c1\u306e\u4fe1\u983c\u6027\u306e\u9ad8\u3044\u30c7\u30a3\u30b9\u30d7\u30ec\u30a4\u3067\u5c4b\u5916\u74b0\u5883\u3067\u3082\u9bae\u660e\u306a\u8868\u793a\u3092\u5b9f\u73fe<\/strong><\/p>\n<p>\u30b6 <strong>P4\u5c4b\u5916\u7528LED\u30d1\u30cd\u30eb\u30e2\u30b8\u30e5\u30fc\u30eb<\/strong> \u4e2d\u8ddd\u96e2\u304b\u3089\u8fd1\u8ddd\u96e2\u306e\u5c4b\u5916\u8996\u8074\u5411\u3051\u306b\u8a2d\u8a08\u3055\u308c\u3066\u3044\u307e\u3059\u30024mm\u306e\u30d4\u30af\u30bb\u30eb\u30d4\u30c3\u30c1\u306b\u3088\u308a\u3001\u660e\u308b\u3044\u65e5\u4e2d\u3067\u3082\u9bae\u660e\u306a\u89e3\u50cf\u5ea6\u3068\u6ed1\u3089\u304b\u306a\u6620\u50cf\u3092\u5b9f\u73fe\u3057\u307e\u3059\u3002\u3053\u306e\u30e2\u30b8\u30e5\u30fc\u30eb\u306f\u3001\u753b\u50cf\u306e\u9bae\u660e\u3055\u3068\u30b3\u30b9\u30c8\u52b9\u7387\u306e\u30d0\u30e9\u30f3\u30b9\u306b\u512a\u308c\u3066\u3044\u307e\u3059\u3002<\/p>\n<p><strong>\u4e3b\u306a\u5229\u70b9:<\/strong><br \/>\n<strong><br \/>\n\u2714 \u65e5\u5149\u4e0b\u3067\u3082\u898b\u3084\u3059\u3044\u30b9\u30af\u30ea\u30fc\u30f3\uff1a<\/strong> \u9ad8\u8f1d\u5ea6(7000cd\/\u33a1)\u3067\u592a\u967d\u5149\u4e0b\u3067\u3082\u9bae\u660e\u306a\u6620\u50cf\u3092\u6620\u3057\u51fa\u3057\u307e\u3059\u3002<strong><br \/>\n<\/strong><\/p>\n<p><strong>\u2714 \u67d4\u8edf\u306a\u30b5\u30a4\u30ba:<\/strong> \u30e2\u30b8\u30e5\u30e9\u30fc\u8a2d\u8a08\u306b\u3088\u308a\u3001\u30b7\u30fc\u30e0\u30ec\u30b9\u306a\u30b8\u30e7\u30a4\u30f3\u30c8\u3067\u753b\u9762\u30b5\u30a4\u30ba\u3092\u30ab\u30b9\u30bf\u30de\u30a4\u30ba\u3067\u304d\u307e\u3059\u3002<strong><br \/>\n<\/strong><\/p>\n<p><strong>\u2714 \u8010\u5019\u6027\uff1a<\/strong> IP65 \u5b9a\u683c\u306b\u3088\u308a\u3001\u96e8\u3001\u307b\u3053\u308a\u3001\u6e7f\u6c17\u306e\u4e2d\u3067\u3082\u4fe1\u983c\u6027\u306e\u9ad8\u3044\u30d1\u30d5\u30a9\u30fc\u30de\u30f3\u30b9\u3092\u5b9f\u73fe\u3057\u307e\u3059\u3002<strong><br \/>\n<\/strong><\/p>\n<p><strong>\u2714 \u52b9\u7387\u7684\u3067\u30b9\u30e0\u30fc\u30ba\uff1a <\/strong>\u4f4e\u3044 <a href=\"https:\/\/www.telaled.com\/ja\/entendendo-o-consumo-de-energia-painel-de-led-quao-eficientes-sao-os-displays-de-led-modernos\/\">\u30a8\u30cd\u30eb\u30ae\u30fc\u6d88\u8cbb<\/a> \u5b89\u5b9a\u3057\u305f\u30ea\u30d5\u30ec\u30c3\u30b7\u30e5 \u30ec\u30fc\u30c8\u306b\u3088\u308a\u3001\u3061\u3089\u3064\u304d\u306e\u306a\u3044\u518d\u751f\u3092\u5b9f\u73fe\u3057\u307e\u3059\u3002.<\/p>","protected":false},"featured_media":2700,"template":"","meta":[],"product_brand":[],"product_cat":[41],"product_tag":[],"class_list":{"0":"post-2542","1":"product","2":"type-product","3":"status-publish","4":"has-post-thumbnail","6":"product_cat-modulo-painel-de-led","8":"first","9":"instock","10":"shipping-taxable","11":"product-type-simple"},"yoast_head":"<!-- This site is optimized with the Yoast SEO plugin v27.5 - https:\/\/yoast.com\/product\/yoast-seo-wordpress\/ -->\n<title>Modulo Painel de LED P4 Exteriores | Tela de Ata Resolu\u00e7\u00e3o para Publicidade Externa |TELALED<\/title>\n<meta name=\"description\" content=\"Atualize sua sinaliza\u00e7\u00e3o externa com nosso Modulo Painel de LED P4 Exteriores. Com uma densidade de pixels de 4 mm, ele oferece imagens n\u00edtidas mesmo \u00e0 luz do dia. Criado para durabilidade e desempenho de longo prazo. Fa\u00e7a uma cota\u00e7\u00e3o agora!\" \/>\n<meta name=\"robots\" content=\"index, follow, max-snippet:-1, max-image-preview:large, max-video-preview:-1\" \/>\n<link rel=\"canonical\" href=\"https:\/\/www.telaled.com\/ja\/fabrica\/modulo-painel-de-led-p4-exteriores\/\" \/>\n<meta property=\"og:locale\" content=\"ja_JP\" \/>\n<meta property=\"og:type\" content=\"article\" \/>\n<meta property=\"og:title\" content=\"Modulo Painel de LED P4 Exteriores | Tela de Ata Resolu\u00e7\u00e3o para Publicidade Externa |TELALED\" \/>\n<meta property=\"og:description\" content=\"Atualize sua sinaliza\u00e7\u00e3o externa com nosso Modulo Painel de LED P4 Exteriores. Com uma densidade de pixels de 4 mm, ele oferece imagens n\u00edtidas mesmo \u00e0 luz do dia. Criado para durabilidade e desempenho de longo prazo. Fa\u00e7a uma cota\u00e7\u00e3o agora!\" \/>\n<meta property=\"og:url\" content=\"https:\/\/www.telaled.com\/ja\/fabrica\/modulo-painel-de-led-p4-exteriores\/\" \/>\n<meta property=\"og:site_name\" content=\"TELALED\" \/>\n<meta property=\"article:modified_time\" content=\"2026-01-02T08:46:54+00:00\" \/>\n<meta property=\"og:image\" content=\"https:\/\/www.telaled.com\/wp-content\/uploads\/2025\/07\/modulo-painel-de-led-p4-exteriores-1-1.webp\" \/>\n\t<meta property=\"og:image:width\" content=\"500\" \/>\n\t<meta property=\"og:image:height\" content=\"500\" \/>\n\t<meta property=\"og:image:type\" content=\"image\/webp\" \/>\n<meta name=\"twitter:card\" content=\"summary_large_image\" \/>\n<meta name=\"twitter:label1\" content=\"\u63a8\u5b9a\u8aad\u307f\u53d6\u308a\u6642\u9593\" \/>\n\t<meta name=\"twitter:data1\" content=\"2\u5206\" \/>\n<script type=\"application\/ld+json\" class=\"yoast-schema-graph\">{\"@context\":\"https:\\\/\\\/schema.org\",\"@graph\":[{\"@type\":\"WebPage\",\"@id\":\"https:\\\/\\\/www.telaled.com\\\/fabrica\\\/modulo-painel-de-led-p4-exteriores\\\/\",\"url\":\"https:\\\/\\\/www.telaled.com\\\/fabrica\\\/modulo-painel-de-led-p4-exteriores\\\/\",\"name\":\"Modulo Painel de LED P4 Exteriores | Tela de Ata Resolu\u00e7\u00e3o para Publicidade Externa |TELALED\",\"isPartOf\":{\"@id\":\"https:\\\/\\\/www.telaled.com\\\/#website\"},\"primaryImageOfPage\":{\"@id\":\"https:\\\/\\\/www.telaled.com\\\/fabrica\\\/modulo-painel-de-led-p4-exteriores\\\/#primaryimage\"},\"image\":{\"@id\":\"https:\\\/\\\/www.telaled.com\\\/fabrica\\\/modulo-painel-de-led-p4-exteriores\\\/#primaryimage\"},\"thumbnailUrl\":\"https:\\\/\\\/www.telaled.com\\\/wp-content\\\/uploads\\\/2025\\\/07\\\/modulo-painel-de-led-p4-exteriores-1-1.webp\",\"datePublished\":\"2025-07-14T03:51:55+00:00\",\"dateModified\":\"2026-01-02T08:46:54+00:00\",\"description\":\"Atualize sua sinaliza\u00e7\u00e3o externa com nosso Modulo Painel de LED P4 Exteriores. Com uma densidade de pixels de 4 mm, ele oferece imagens n\u00edtidas mesmo \u00e0 luz do dia. Criado para durabilidade e desempenho de longo prazo. Fa\u00e7a uma cota\u00e7\u00e3o agora!\",\"breadcrumb\":{\"@id\":\"https:\\\/\\\/www.telaled.com\\\/fabrica\\\/modulo-painel-de-led-p4-exteriores\\\/#breadcrumb\"},\"inLanguage\":\"ja\",\"potentialAction\":[{\"@type\":\"ReadAction\",\"target\":[\"https:\\\/\\\/www.telaled.com\\\/fabrica\\\/modulo-painel-de-led-p4-exteriores\\\/\"]}]},{\"@type\":\"ImageObject\",\"inLanguage\":\"ja\",\"@id\":\"https:\\\/\\\/www.telaled.com\\\/fabrica\\\/modulo-painel-de-led-p4-exteriores\\\/#primaryimage\",\"url\":\"https:\\\/\\\/www.telaled.com\\\/wp-content\\\/uploads\\\/2025\\\/07\\\/modulo-painel-de-led-p4-exteriores-1-1.webp\",\"contentUrl\":\"https:\\\/\\\/www.telaled.com\\\/wp-content\\\/uploads\\\/2025\\\/07\\\/modulo-painel-de-led-p4-exteriores-1-1.webp\",\"width\":500,\"height\":500,\"caption\":\"modulo-painel-de-led-p4-exteriores (1)\"},{\"@type\":\"BreadcrumbList\",\"@id\":\"https:\\\/\\\/www.telaled.com\\\/fabrica\\\/modulo-painel-de-led-p4-exteriores\\\/#breadcrumb\",\"itemListElement\":[{\"@type\":\"ListItem\",\"position\":1,\"name\":\"Home\",\"item\":\"https:\\\/\\\/www.telaled.com\\\/\"},{\"@type\":\"ListItem\",\"position\":2,\"name\":\"Produtos\",\"item\":\"https:\\\/\\\/www.telaled.com\\\/shop\\\/\"},{\"@type\":\"ListItem\",\"position\":3,\"name\":\"Modulo Painel de LED P4 Exteriores\"}]},{\"@type\":\"WebSite\",\"@id\":\"https:\\\/\\\/www.telaled.com\\\/#website\",\"url\":\"https:\\\/\\\/www.telaled.com\\\/\",\"name\":\"TELALED\",\"description\":\"\",\"potentialAction\":[{\"@type\":\"SearchAction\",\"target\":{\"@type\":\"EntryPoint\",\"urlTemplate\":\"https:\\\/\\\/www.telaled.com\\\/?s={search_term_string}\"},\"query-input\":{\"@type\":\"PropertyValueSpecification\",\"valueRequired\":true,\"valueName\":\"search_term_string\"}}],\"inLanguage\":\"ja\"}]}<\/script>\n<!-- \/ Yoast SEO plugin. -->","yoast_head_json":{"title":"P4\u5c4b\u5916\u7528LED\u30d1\u30cd\u30eb\u30e2\u30b8\u30e5\u30fc\u30eb | \u5c4b\u5916\u5e83\u544a\u7528\u9ad8\u89e3\u50cf\u5ea6\u30b9\u30af\u30ea\u30fc\u30f3 | TELALED","description":"P4\u5c4b\u5916\u7528LED\u30d1\u30cd\u30eb\u30e2\u30b8\u30e5\u30fc\u30eb\u3067\u3001\u5c4b\u5916\u30b5\u30a4\u30cd\u30fc\u30b8\u3092\u30a2\u30c3\u30d7\u30b0\u30ec\u30fc\u30c9\u3057\u307e\u3057\u3087\u3046\u30024mm\u306e\u30d4\u30af\u30bb\u30eb\u30d4\u30c3\u30c1\u3067\u3001\u65e5\u4e2d\u3067\u3082\u9bae\u660e\u306a\u753b\u50cf\u3092\u5b9f\u73fe\u3057\u307e\u3059\u3002\u8010\u4e45\u6027\u3068\u9577\u671f\u7684\u306a\u30d1\u30d5\u30a9\u30fc\u30de\u30f3\u30b9\u3092\u91cd\u8996\u3057\u305f\u8a2d\u8a08\u3067\u3059\u3002\u4eca\u3059\u3050\u304a\u898b\u7a4d\u3082\u308a\u3092\u3054\u4f9d\u983c\u304f\u3060\u3055\u3044\uff01","robots":{"index":"index","follow":"follow","max-snippet":"max-snippet:-1","max-image-preview":"max-image-preview:large","max-video-preview":"max-video-preview:-1"},"canonical":"https:\/\/www.telaled.com\/ja\/fabrica\/modulo-painel-de-led-p4-exteriores\/","og_locale":"ja_JP","og_type":"article","og_title":"Modulo Painel de LED P4 Exteriores | Tela de Ata Resolu\u00e7\u00e3o para Publicidade Externa |TELALED","og_description":"Atualize sua sinaliza\u00e7\u00e3o externa com nosso Modulo Painel de LED P4 Exteriores. Com uma densidade de pixels de 4 mm, ele oferece imagens n\u00edtidas mesmo \u00e0 luz do dia. Criado para durabilidade e desempenho de longo prazo. Fa\u00e7a uma cota\u00e7\u00e3o agora!","og_url":"https:\/\/www.telaled.com\/ja\/fabrica\/modulo-painel-de-led-p4-exteriores\/","og_site_name":"TELALED","article_modified_time":"2026-01-02T08:46:54+00:00","og_image":[{"width":500,"height":500,"url":"https:\/\/www.telaled.com\/wp-content\/uploads\/2025\/07\/modulo-painel-de-led-p4-exteriores-1-1.webp","type":"image\/webp"}],"twitter_card":"summary_large_image","twitter_misc":{"\u63a8\u5b9a\u8aad\u307f\u53d6\u308a\u6642\u9593":"2\u5206"},"schema":{"@context":"https:\/\/schema.org","@graph":[{"@type":"WebPage","@id":"https:\/\/www.telaled.com\/fabrica\/modulo-painel-de-led-p4-exteriores\/","url":"https:\/\/www.telaled.com\/fabrica\/modulo-painel-de-led-p4-exteriores\/","name":"P4\u5c4b\u5916\u7528LED\u30d1\u30cd\u30eb\u30e2\u30b8\u30e5\u30fc\u30eb | \u5c4b\u5916\u5e83\u544a\u7528\u9ad8\u89e3\u50cf\u5ea6\u30b9\u30af\u30ea\u30fc\u30f3 | TELALED","isPartOf":{"@id":"https:\/\/www.telaled.com\/#website"},"primaryImageOfPage":{"@id":"https:\/\/www.telaled.com\/fabrica\/modulo-painel-de-led-p4-exteriores\/#primaryimage"},"image":{"@id":"https:\/\/www.telaled.com\/fabrica\/modulo-painel-de-led-p4-exteriores\/#primaryimage"},"thumbnailUrl":"https:\/\/www.telaled.com\/wp-content\/uploads\/2025\/07\/modulo-painel-de-led-p4-exteriores-1-1.webp","datePublished":"2025-07-14T03:51:55+00:00","dateModified":"2026-01-02T08:46:54+00:00","description":"P4\u5c4b\u5916\u7528LED\u30d1\u30cd\u30eb\u30e2\u30b8\u30e5\u30fc\u30eb\u3067\u3001\u5c4b\u5916\u30b5\u30a4\u30cd\u30fc\u30b8\u3092\u30a2\u30c3\u30d7\u30b0\u30ec\u30fc\u30c9\u3057\u307e\u3057\u3087\u3046\u30024mm\u306e\u30d4\u30af\u30bb\u30eb\u30d4\u30c3\u30c1\u3067\u3001\u65e5\u4e2d\u3067\u3082\u9bae\u660e\u306a\u753b\u50cf\u3092\u5b9f\u73fe\u3057\u307e\u3059\u3002\u8010\u4e45\u6027\u3068\u9577\u671f\u7684\u306a\u30d1\u30d5\u30a9\u30fc\u30de\u30f3\u30b9\u3092\u91cd\u8996\u3057\u305f\u8a2d\u8a08\u3067\u3059\u3002\u4eca\u3059\u3050\u304a\u898b\u7a4d\u3082\u308a\u3092\u3054\u4f9d\u983c\u304f\u3060\u3055\u3044\uff01","breadcrumb":{"@id":"https:\/\/www.telaled.com\/fabrica\/modulo-painel-de-led-p4-exteriores\/#breadcrumb"},"inLanguage":"ja","potentialAction":[{"@type":"ReadAction","target":["https:\/\/www.telaled.com\/fabrica\/modulo-painel-de-led-p4-exteriores\/"]}]},{"@type":"ImageObject","inLanguage":"ja","@id":"https:\/\/www.telaled.com\/fabrica\/modulo-painel-de-led-p4-exteriores\/#primaryimage","url":"https:\/\/www.telaled.com\/wp-content\/uploads\/2025\/07\/modulo-painel-de-led-p4-exteriores-1-1.webp","contentUrl":"https:\/\/www.telaled.com\/wp-content\/uploads\/2025\/07\/modulo-painel-de-led-p4-exteriores-1-1.webp","width":500,"height":500,"caption":"modulo-painel-de-led-p4-exteriores (1)"},{"@type":"BreadcrumbList","@id":"https:\/\/www.telaled.com\/fabrica\/modulo-painel-de-led-p4-exteriores\/#breadcrumb","itemListElement":[{"@type":"ListItem","position":1,"name":"Home","item":"https:\/\/www.telaled.com\/"},{"@type":"ListItem","position":2,"name":"Produtos","item":"https:\/\/www.telaled.com\/shop\/"},{"@type":"ListItem","position":3,"name":"Modulo Painel de LED P4 Exteriores"}]},{"@type":"WebSite","@id":"https:\/\/www.telaled.com\/#website","url":"https:\/\/www.telaled.com\/","name":"LED\u30b9\u30af\u30ea\u30fc\u30f3","description":"","potentialAction":[{"@type":"SearchAction","target":{"@type":"EntryPoint","urlTemplate":"https:\/\/www.telaled.com\/?s={search_term_string}"},"query-input":{"@type":"PropertyValueSpecification","valueRequired":true,"valueName":"search_term_string"}}],"inLanguage":"ja"}]}},"_links":{"self":[{"href":"https:\/\/www.telaled.com\/ja\/wp-json\/wp\/v2\/product\/2542","targetHints":{"allow":["GET"]}}],"collection":[{"href":"https:\/\/www.telaled.com\/ja\/wp-json\/wp\/v2\/product"}],"about":[{"href":"https:\/\/www.telaled.com\/ja\/wp-json\/wp\/v2\/types\/product"}],"wp:featuredmedia":[{"embeddable":true,"href":"https:\/\/www.telaled.com\/ja\/wp-json\/wp\/v2\/media\/2700"}],"wp:attachment":[{"href":"https:\/\/www.telaled.com\/ja\/wp-json\/wp\/v2\/media?parent=2542"}],"wp:term":[{"taxonomy":"product_brand","embeddable":true,"href":"https:\/\/www.telaled.com\/ja\/wp-json\/wp\/v2\/product_brand?post=2542"},{"taxonomy":"product_cat","embeddable":true,"href":"https:\/\/www.telaled.com\/ja\/wp-json\/wp\/v2\/product_cat?post=2542"},{"taxonomy":"product_tag","embeddable":true,"href":"https:\/\/www.telaled.com\/ja\/wp-json\/wp\/v2\/product_tag?post=2542"}],"curies":[{"name":"wp","href":"https:\/\/api.w.org\/{rel}","templated":true}]}}