{"id":2511,"date":"2025-07-10T09:00:47","date_gmt":"2025-07-10T09:00:47","guid":{"rendered":"https:\/\/www.telaled.com\/?post_type=product&#038;p=2511"},"modified":"2026-01-02T08:24:47","modified_gmt":"2026-01-02T08:24:47","slug":"modulo-painel-de-led-p3-076","status":"publish","type":"product","link":"https:\/\/www.telaled.com\/ja\/fabrica\/modulo-painel-de-led-p3-076\/","title":{"rendered":"P3.076 LED\u30d1\u30cd\u30eb\u30e2\u30b8\u30e5\u30fc\u30eb"},"content":{"rendered":"<div id=\"featurebullets_feature_div\" class=\"celwidget\" data-feature-name=\"featurebullets\" data-csa-c-type=\"widget\" data-csa-c-content-id=\"featurebullets\" data-csa-c-slot-id=\"featurebullets_feature_div\" data-csa-c-asin=\"B07DF32D6Q\" data-csa-c-is-in-initial-active-row=\"false\" data-csa-c-id=\"3j0pnl-7cjnp-9t8psx-tspeog\">\n<div id=\"feature-bullets\" class=\"a-section a-spacing-medium a-spacing-top-small\">\n<div data-zone-id=\"0\" data-line-index=\"0\" data-line=\"true\">\n<p><strong>\u4e3b\u306a\u7528\u9014:<\/strong><\/p>\n<ul>\n<li><strong>\u5c4b\u5916\u30d1\u30cd\u30eb\uff1a<\/strong> \u8996\u8074\u8005\u304c\u8fd1\u304f\u306b\u3044\u308b\u90fd\u5e02\u4e2d\u5fc3\u90e8\u3084\u9053\u8def\u6cbf\u3044\u306e\u5e83\u544a\u306b\u6700\u9069\u3067\u3059\u3002\u30c6\u30ad\u30b9\u30c8\u3001\u52d5\u753b\u3001\u30d6\u30e9\u30f3\u30c7\u30a3\u30f3\u30b0\u3092\u9bae\u660e\u306b\u8868\u73fe\u3057\u307e\u3059\u3002<strong><br \/><\/strong><\/li>\n<li><strong>\u5c0f\u58f2\u5e97\u306e\u30c7\u30a3\u30b9\u30d7\u30ec\u30a4: <\/strong>\u4f7f\u7528\u5834\u6240 <a href=\"https:\/\/www.telaled.com\/ja\/led-para-vitrine-de-loja\/\">\u30b7\u30e7\u30fc\u30a6\u30a3\u30f3\u30c9\u30a6<\/a> \u4ea4\u901a\u91cf\u306e\u591a\u3044\u6b69\u884c\u8005\u30a8\u30ea\u30a2\u306e\u5efa\u7269\u30d5\u30a1\u30b5\u30fc\u30c9\u306b\u30c7\u30b8\u30bf\u30eb\u30d7\u30ed\u30e2\u30fc\u30b7\u30e7\u30f3\u3084\u5e83\u544a\u3092\u8868\u793a\u3059\u308b\u3053\u3068\u3082\u3067\u304d\u307e\u3059\u3002.<strong><br \/><\/strong><\/li>\n<li><strong>\u4ea4\u901a\u30bb\u30f3\u30bf\u30fc\uff1a <\/strong>\u8fd1\u8ddd\u96e2\u3067\u306e\u660e\u77ad\u3055\u304c\u91cd\u8981\u306a\u7a7a\u6e2f\u3001\u99c5\u3001\u30bf\u30fc\u30df\u30ca\u30eb\u3067\u306e\u30ea\u30a2\u30eb\u30bf\u30a4\u30e0\u60c5\u5831\u3084\u30a2\u30ca\u30a6\u30f3\u30b9\u306b\u6700\u9069\u3067\u3059\u3002<strong><br \/><\/strong><\/li>\n<li><strong>\u30b9\u30bf\u30b8\u30a2\u30e0\u3068\u4f1a\u5834 <a href=\"https:\/\/www.telaled.com\/ja\/painel-de-led-para-eventos\/\">\u30a4\u30d9\u30f3\u30c8<\/a>:<\/strong> \u30b9\u30dd\u30f3\u30b5\u30fc\u30b3\u30f3\u30c6\u30f3\u30c4\u3084\u30e9\u30a4\u30d6\u30b9\u30c8\u30ea\u30fc\u30e0\u3092\u5468\u56f2\u306e\u30dc\u30fc\u30c9\u3084\u5c4b\u5916\u306e\u30d5\u30a1\u30f3\u30be\u30fc\u30f3\u306b\u9bae\u660e\u306b\u8868\u793a\u3057\u307e\u3059\u3002<strong><br \/><\/strong><\/li>\n<li><strong>\u516c\u5171\u60c5\u5831\u8868\u793a\uff1a <\/strong>\u653f\u5e9c\u6a5f\u95a2\u306b\u3088\u308b\u8b66\u5831\u3001\u4ea4\u901a\u60c5\u5831\u3001\u7a7a\u304d\u5730\u306e\u30a2\u30ca\u30a6\u30f3\u30b9\u306a\u3069\u306b\u4f7f\u7528\u3055\u308c\u307e\u3059\u3002<\/li>\n<\/ul>\n<p><strong>\u5b9f\u8a3c\u6e08\u307f\u306e\u30c6\u30af\u30ce\u30ed\u30b8\u30fc:<\/strong><\/p>\n<ul>\n<li>IP40\/IP50 \u2013 \u9632\u5875\u30fb\u9632\u6e7f\u6027\u3002<\/li>\n<li>16 \u30d3\u30c3\u30c8 \u30b0\u30e9\u30c7\u30fc\u30b7\u30e7\u30f3 (281 \u5146\u8272)\u3002 \u2013 \u30d5\u30a9\u30c8\u30ea\u30a2\u30ea\u30b9\u30c6\u30a3\u30c3\u30af\u3002<\/li>\n<li>CE\/RoHS\/ISO9001 \u8a8d\u8a3c \u2013 \u7523\u696d\u54c1\u8cea\u3092\u4fdd\u8a3c\u3057\u307e\u3059\u3002<\/li>\n<\/ul>\n<p><img loading=\"lazy\" decoding=\"async\" class=\"alignnone wp-image-2017 size-full\" src=\"https:\/\/www.telaled.com\/wp-content\/uploads\/2023\/06\/quality-led-module-materials-1.webp\" alt=\"\u9ad8\u54c1\u8ceaLED\u30e2\u30b8\u30e5\u30fc\u30eb\u6750\u6599\" width=\"768\" height=\"555\" srcset=\"https:\/\/www.telaled.com\/wp-content\/uploads\/2023\/06\/quality-led-module-materials-1.webp 768w, https:\/\/www.telaled.com\/wp-content\/uploads\/2023\/06\/quality-led-module-materials-1-300x217.webp 300w, https:\/\/www.telaled.com\/wp-content\/uploads\/2023\/06\/quality-led-module-materials-1-18x12.webp 18w, https:\/\/www.telaled.com\/wp-content\/uploads\/2023\/06\/quality-led-module-materials-1-600x434.webp 600w\" sizes=\"auto, (max-width: 768px) 100vw, 768px\" \/><\/p>\n<\/div>\n<\/div>\n<\/div>\n<div data-feature-name=\"acf-carousel\" data-csa-c-type=\"widget\" data-csa-c-content-id=\"acf-carousel\" data-csa-c-slot-id=\"acf-carousel_feature_div\" data-csa-c-asin=\"B07DF32D6Q\" data-csa-c-is-in-initial-active-row=\"false\" data-csa-c-id=\"oqpgyr-mh4egp-nntzd2-kyiiqq\">\n<table id=\"tablepress-25\" class=\"tablepress tablepress-id-25\">\n<thead>\n<tr class=\"row-1\">\n\t<th colspan=\"4\" class=\"column-1\">\u6280\u8853\u7684\u306a\u8a73\u7d30<\/th>\n<\/tr>\n<\/thead>\n<tbody class=\"row-striping row-hover\">\n<tr class=\"row-2\">\n\t<td class=\"column-1\">\u30e2\u30c7\u30eb\u756a\u53f7<\/td><td class=\"column-2\">TL \u2013 P3.076 LED\u30d1\u30cd\u30eb\u30e2\u30b8\u30e5\u30fc\u30eb<\/td><td class=\"column-3\"><\/td><td class=\"column-4\"><\/td>\n<\/tr>\n<tr class=\"row-3\">\n\t<td class=\"column-1\">\u30d6\u30e9\u30f3\u30c9\u540d<\/td><td class=\"column-2\">TELALED\u30e1\u30fc\u30ab\u30fc<\/td><td class=\"column-3\">\u30b9\u30af\u30ea\u30fc\u30f3\u306e\u5e73\u5766\u6027<\/td><td class=\"column-4\">\u00b11mm\u672a\u6e80<\/td>\n<\/tr>\n<tr class=\"row-4\">\n\t<td class=\"column-1\">\u539f\u7523\u5730<\/td><td class=\"column-2\">\u4e2d\u56fd\u5e83\u6771\u7701<\/td><td class=\"column-3\">\u5e73\u5747\u6545\u969c\u9593\u9694\uff08MTBF\uff09<\/td><td class=\"column-4\">1\u4e07\u6642\u9593<\/td>\n<\/tr>\n<tr class=\"row-5\">\n\t<td class=\"column-1\">\u30d4\u30af\u30bb\u30eb\u8ddd\u96e2<\/td><td class=\"column-2\">P3.076<\/td><td class=\"column-3\">\u8010\u7528\u5e74\u6570<\/td><td class=\"column-4\">10\u4e07\u6642\u9593<\/td>\n<\/tr>\n<tr class=\"row-6\">\n\t<td class=\"column-1\">\u6700\u5c0f\u8996\u8074\u8ddd\u96e2<\/td><td class=\"column-2\">3\u30e1\u30fc\u30c8\u30eb<\/td><td class=\"column-3\">\u30c7\u30a3\u30b9\u30d7\u30ec\u30a4\u52d5\u4f5c\u96fb\u5727<\/td><td class=\"column-4\">AC46\uff5e54HZ\u3001220V\u00b115%\/110V\u00b115%<\/td>\n<\/tr>\n<tr class=\"row-7\">\n\t<td class=\"column-1\">LED\u69cb\u6210<\/td><td class=\"column-2\">SMD2121<\/td><td class=\"column-3\">\u5149\u306e\u6e1b\u8870<\/td><td class=\"column-4\">\uff1c3%<\/td>\n<\/tr>\n<tr class=\"row-8\">\n\t<td class=\"column-1\">\u30e2\u30b8\u30e5\u30fc\u30eb\u89e3\u50cf\u5ea6<\/td><td class=\"column-2\">104\u00d752\u30d4\u30af\u30bb\u30eb<\/td><td class=\"column-3\">\u6f0f\u308c\u96fb\u6d41<\/td><td class=\"column-4\">\uff1c3mA<\/td>\n<\/tr>\n<tr class=\"row-9\">\n\t<td class=\"column-1\">\u30e2\u30b8\u30e5\u30fc\u30eb\u30d4\u30af\u30bb\u30eb<\/td><td class=\"column-2\">5408\u30d4\u30af\u30bb\u30eb<\/td><td class=\"column-3\">5408\u30d4\u30af\u30bb\u30eb<\/td><td class=\"column-4\">\u80cc\u9762: IP40 \/ \u524d\u9762: IP50<\/td>\n<\/tr>\n<tr class=\"row-10\">\n\t<td class=\"column-1\">\u30e2\u30b8\u30e5\u30fc\u30eb\u30b5\u30a4\u30ba<\/td><td class=\"column-2\">\u5e45320mm\u00d7\u9ad8\u3055160mm\u00d7\u539a\u305517mm<\/td><td class=\"column-3\">\u4f5c\u696d\u74b0\u5883\u306e\u6e29\u5ea6\u3068\u6e7f\u5ea6<\/td><td class=\"column-4\">\u6e29\u5ea6: -20\u00b0C~+60\u00b0C \/ \u6e7f\u5ea6: 10%~90% RH<\/td>\n<\/tr>\n<tr class=\"row-11\">\n\t<td class=\"column-1\">\u30ad\u30e3\u30d3\u30cd\u30c3\u30c8\u30b5\u30a4\u30ba<\/td><td class=\"column-2\">640mm\u00d7640mm<\/td><td class=\"column-3\">\u30b5\u30dd\u30fc\u30c8\u3055\u308c\u3066\u3044\u308b\u30e1\u30c7\u30a3\u30a2<\/td><td class=\"column-4\">\u6280\u8853\u30c7\u30fc\u30bf\u3001\u5199\u771f\u3001CAD\u30e2\u30c7\u30eb\u3001\u30d3\u30c7\u30aa<\/td>\n<\/tr>\n<tr class=\"row-12\">\n\t<td class=\"column-1\">\u30d4\u30af\u30bb\u30eb\u69cb\u6210<\/td><td class=\"column-2\">SMD3in1\u3001\u30d5\u30eb\u30ab\u30e9\u30fc R\/G\/B 1:1:1<\/td><td class=\"column-3\">\u95a2\u6570<\/td><td class=\"column-4\">SDK<\/td>\n<\/tr>\n<tr class=\"row-13\">\n\t<td class=\"column-1\">\u30d0\u30e9\u30f3\u30b9\u306e\u3068\u308c\u305f\u8f1d\u304d<\/td><td class=\"column-2\">1000cd\/m\u00b2\uff08\u5c4b\u5185\uff09<\/td><td class=\"column-3\">\u5236\u5fa1\u30e2\u30fc\u30c9<\/td><td class=\"column-4\">DVI\u7d4c\u7531\u3067\u5236\u5fa1PC\u3068\u540c\u671f<\/td>\n<\/tr>\n<tr class=\"row-14\">\n\t<td class=\"column-1\">\u99c6\u52d5\u65b9\u5f0f<\/td><td class=\"column-2\">1\/26\u30b9\u30ad\u30e3\u30f3<\/td><td class=\"column-3\">\u30b5\u30dd\u30fc\u30c8\u3055\u308c\u3066\u3044\u308b\u30bd\u30d5\u30c8\u30a6\u30a7\u30a2<\/td><td class=\"column-4\">Windows XP\/Windows 7\/Windows Vista<\/td>\n<\/tr>\n<tr class=\"row-15\">\n\t<td class=\"column-1\">\u66f4\u65b0\u30ec\u30fc\u30c8<\/td><td class=\"column-2\">\u22651920 Hz<\/td><td class=\"column-3\">\u5236\u5fa1\u30b7\u30b9\u30c6\u30e0<\/td><td class=\"column-4\">DVI \u30ab\u30fc\u30c9 + \u30d5\u30eb\u30ab\u30e9\u30fc \u30b3\u30f3\u30c8\u30ed\u30fc\u30e9 + \u5149\u30d5\u30a1\u30a4\u30d0\u30fc (\u30aa\u30d7\u30b7\u30e7\u30f3)<\/td>\n<\/tr>\n<tr class=\"row-16\">\n\t<td class=\"column-1\">\u5909\u66f4\u691c\u51fa\u983b\u5ea6<\/td><td class=\"column-2\">50\uff5e60Hz<\/td><td class=\"column-3\">\u4e3b\u5236\u5fa1\u30b7\u30b9\u30c6\u30e0\u30de\u30fc\u30af<\/td><td class=\"column-4\">\u30ce\u30f4\u30a1\u30b9\u30bf\u30fc\u3001\u30ea\u30f3\u30b9\u30f3\u3001\u30d5\u30a4\u30c9\u30a5\u3001\u30ab\u30e9\u30fc\u30e9\u30a4\u30c8<\/td>\n<\/tr>\n<tr class=\"row-17\">\n\t<td class=\"column-1\">\u8996\u91ce\u89d2<\/td><td class=\"column-2\">\u9ad8\u3055140\u00b0 \u5782\u76f4120\u00b0<\/td><td class=\"column-3\">\u30a4\u30f3\u30bf\u30d5\u30a7\u30fc\u30b9<\/td><td class=\"column-4\">\u6a19\u6e96\u30a4\u30fc\u30b5\u30cd\u30c3\u30c8<\/td>\n<\/tr>\n<tr class=\"row-18\">\n\t<td class=\"column-1\">\u975e\u30a2\u30af\u30c6\u30a3\u30d6\u30e9\u30a4\u30c8\u30ec\u30fc\u30c8<\/td><td class=\"column-2\">\u22641%<\/td><td class=\"column-3\">\u4f1d\u9001\u8ddd\u96e2<\/td><td class=\"column-4\">\u30de\u30eb\u30c1\u30e2\u30fc\u30c9\u30d5\u30a1\u30a4\u30d0\u30fc <500m >\n<\/tr>\n<tr class=\"row-19\">\n\t<td class=\"column-1\">\u30a8\u30cd\u30eb\u30ae\u30fc\u306e\u7121\u99c4<\/td><td class=\"column-2\">700*1000 W\/m2<\/td><td class=\"column-3\">\u4fdd\u8a3c<\/td><td class=\"column-4\">5\u5e74<\/td>\n<\/tr>\n<tr class=\"row-20\">\n\t<td class=\"column-1\">\u5e73\u5747\u30a8\u30cd\u30eb\u30ae\u30fc\u6d88\u8cbb\u91cf<\/td><td class=\"column-2\">500 W\/m2<\/td><td class=\"column-3\">\u30b5\u30d7\u30e9\u30a4\u30e4\u30fc\u30bf\u30a4\u30d7<\/td><td class=\"column-4\">\u30aa\u30ea\u30b8\u30ca\u30eb\u30e1\u30fc\u30ab\u30fc\/ODM\/OEM<\/td>\n<\/tr>\n<tr class=\"row-21\">\n\t<td class=\"column-1\">\u30b0\u30ec\u30fc\u30ec\u30d9\u30eb<\/td><td class=\"column-2\">16\u30d3\u30c3\u30c8\uff08281\u5146\u8272\uff09\/\u539f\u8272\u3042\u305f\u308a65,536\u968e\u8abf<\/td><td class=\"column-3\">\u7d0d\u671f<\/td><td class=\"column-4\">25\uff08\u307e\u305f\u306f\u4ea4\u6e09\u53ef\u80fd\uff09<\/td>\n<\/tr>\n<tr class=\"row-22\">\n\t<td class=\"column-1\">\u8868\u793a\u8272<\/td><td class=\"column-2\">16M<\/td><td class=\"column-3\">\u5fdc\u7528<\/td><td class=\"column-4\">\u5e83\u544a\/\u5185\u88c5\/\u5916\u88c5<\/td>\n<\/tr>\n<tr class=\"row-23\">\n\t<td class=\"column-1\">\u4e2d\u65ad\u306e\u306a\u3044\u52e4\u52d9\u6642\u9593<\/td><td class=\"column-2\">72\u6642\u9593\u4ee5\u4e0a<\/td><td class=\"column-3\">\u4f7f\u7528<\/td><td class=\"column-4\">\u30c7\u30b8\u30bf\u30eb\u5e83\u544a\u3001\u30b7\u30e7\u30c3\u30d4\u30f3\u30b0\u30e2\u30fc\u30eb\u3001\u30a6\u30a7\u30eb\u30ab\u30e0\u30c7\u30a3\u30b9\u30d7\u30ec\u30a4\u3001\u5c55\u793a\u30db\u30fc\u30eb\u3001\u7a7a\u6e2f\u3001\u6559\u4f1a\u3001\u30b9\u30dd\u30fc\u30c4\u3001\u30a4\u30d9\u30f3\u30c8\u3001\u4f1a\u8b70\u3001\u30ec\u30f3\u30bf\u30eb\u3001\u30b9\u30c6\u30fc\u30b8\u3001\u81ea\u52d5\u8eca\u3001\u5c0f\u58f2\u3001\u7d50\u5a5a\u5f0f<\/td>\n<\/tr>\n<tr class=\"row-24\">\n\t<td class=\"column-1\">\u96e2\u6563\u7684\u6b7b\u89d2\u7387<\/td><td class=\"column-2\"><1><td class=\"column-3\">\u30d1\u30c3\u30b1\u30fc\u30b8\u306e\u8a73\u7d30<\/td><td class=\"column-4\">\u5f37\u5316\u6bb5\u30dc\u30fc\u30eb\u7bb1\uff0b\u6728\u6750<\/td>\n<\/tr>\n<tr class=\"row-25\">\n\t<td class=\"column-1\">\u9023\u7d9a\u6b7b\u89d2\u7387<\/td><td class=\"column-2\">\u306a\u3057<\/td><td class=\"column-3\">\u4f9b\u7d66\u80fd\u529b<\/td><td class=\"column-4\">\u6708\u95935,000\u53f0<\/td>\n<\/tr>\n<tr class=\"row-26\">\n\t<td class=\"column-1\">\u6b7b\u89d2\u7387<\/td><td class=\"column-2\"><1><td class=\"column-3\">\u6e2f<\/td><td class=\"column-4\">\u6df1\u30bb\u30f3<\/td>\n<\/tr>\n<\/tbody>\n<\/table>\n<\/div>\n<div id=\"provenanceCertifications_feature_div\" class=\"celwidget\" data-feature-name=\"provenanceCertifications\" data-csa-c-type=\"widget\" data-csa-c-content-id=\"provenanceCertifications\" data-csa-c-slot-id=\"provenanceCertifications_feature_div\" data-csa-c-asin=\"B07DF32D6Q\" data-csa-c-is-in-initial-active-row=\"false\" data-csa-c-id=\"6t8ho-xbknmj-nqaso5-ne24gd\">\n<div id=\"provenance-certifications\" class=\"a-section a-spacing-medium a-spacing-top-micro\">\u00a0<\/div>\n<\/div>","protected":false},"excerpt":{"rendered":"<p><strong>P3.076 LED\u30d1\u30cd\u30eb\u30e2\u30b8\u30e5\u30fc\u30eb<\/strong> \u30af\u30ea\u30a2\u3067\u9ad8\u5bc6\u5ea6\u306a\u5c4b\u5916\u753b\u50cf\u3092\u5b9f\u73fe<\/p>\n<p>\u30b6 <strong>P3.076 LED\u30d1\u30cd\u30eb\u30e2\u30b8\u30e5\u30fc\u30eb<\/strong> \u30af\u30ea\u30a2\u3067\u9ad8\u5bc6\u5ea6\u306a\u5c4b\u5916\u753b\u50cf\u3092\u63d0\u4f9b\u3059\u308b\u305f\u3081\u306b\u958b\u767a\u3055\u308c\u307e\u3057\u305f\u3002 <a href=\"https:\/\/www.telaled.com\/ja\/pixel-pitch\/\">\u30d4\u30af\u30bb\u30eb\u30d4\u30c3\u30c1<\/a> 3,076mm\u306e\u9577\u5c3a\u30c7\u30a3\u30b9\u30d7\u30ec\u30a4\u306f\u3001\u8fd1\u8ddd\u96e2\u3067\u3082\u9bae\u660e\u306a\u30b3\u30f3\u30c6\u30f3\u30c4\u3092\u6620\u3057\u51fa\u3057\u307e\u3059\u3002\u30d3\u30eb\u30dc\u30fc\u30c9\u3001\u30d3\u30c7\u30aa\u30df\u30e5\u30fc\u30e9\u30eb\u3001\u5e97\u8217\u30b5\u30a4\u30cd\u30fc\u30b8\u306e\u30a2\u30c3\u30d7\u30b0\u30ec\u30fc\u30c9\u306a\u3069\u3001\u3042\u3089\u3086\u308b\u7528\u9014\u306b\u6700\u9069\u306a\u3053\u306e\u30e2\u30b8\u30e5\u30fc\u30eb\u306f\u3001\u7cbe\u5ea6\u3001\u8010\u4e45\u6027\u3001\u305d\u3057\u3066\u5bb9\u6613\u306a\u8a2d\u7f6e\u3092\u4e21\u7acb\u3057\u3066\u3044\u307e\u3059\u3002.<\/p>\n<p><strong>\u4e3b\u306a\u5229\u70b9:<\/strong><br \/>\n<strong><br \/>\n\u2714 \u9ad8\u89e3\u50cf\u5ea6\u51fa\u529b\uff083,076 mm\u30d4\u30af\u30bb\u30eb\u30d4\u30c3\u30c1\uff09\uff1a <\/strong>3\u301c5\u30e1\u30fc\u30c8\u30eb\u306e\u8996\u8074\u8ddd\u96e2\u3067\u3082\u9bae\u660e\u306a\u753b\u50cf\u3092\u63d0\u4f9b\u3057\u307e\u3059\u3002<strong><br \/>\n<\/strong><\/p>\n<p><strong>\u2714 \u65e5\u5149\u306e\u4e0b\u3067\u306e\u660e\u308b\u3055\u3068\u9bae\u3084\u304b\u3055\uff1a <\/strong>\u9ad8\u8f1d\u5ea6 (5,000 \u30cb\u30c3\u30c8\u4ee5\u4e0a) \u3068\u5f37\u529b\u306a\u30b3\u30f3\u30c8\u30e9\u30b9\u30c8\u306b\u3088\u308a\u3001\u65e5\u5149\u306e\u4e0b\u3067\u3082\u30b3\u30f3\u30c6\u30f3\u30c4\u304c\u9bae\u660e\u306b\u8868\u793a\u3055\u308c\u307e\u3059\u3002<strong><br \/>\n<\/strong><\/p>\n<p><strong>\u2714 \u53b3\u3057\u3044\u6c17\u8c61\u6761\u4ef6\u306b\u3082\u5bfe\u5fdc: <\/strong>\u80cc\u9762\u306fIP40\u3001\u524d\u9762\u306fIP50\u306e\u9632\u6c34\u30fb\u9632\u5875\u6027\u80fd\u3092\u5099\u3048\u3066\u3044\u307e\u3059\u3002<strong><br \/>\n<\/strong><\/p>\n<p><strong>\u2714 <a href=\"https:\/\/www.telaled.com\/ja\/fabrica\/painel-led-economizador-de-energia-serie-toc\/\">\u30a8\u30cd\u30eb\u30ae\u30fc\u52b9\u7387<\/a> \u30e1\u30f3\u30c6\u30ca\u30f3\u30b9\u3082\u7c21\u5358:<\/strong> \u9577\u5bff\u547d\u306eLED\u3092\u642d\u8f09\u3057\u305f\u7701\u30a8\u30cd\u8a2d\u8a08\u3002\u524d\u9762\u307e\u305f\u306f\u80cc\u9762\u306e\u30e2\u30b8\u30e5\u30fc\u30eb\u5f0f\u4fee\u7406\u304c\u5bb9\u6613\u3067\u3001\u30c0\u30a6\u30f3\u30bf\u30a4\u30e0\u3092\u524a\u6e1b\u3057\u307e\u3059\u3002<strong><br \/>\n<\/strong><\/p>","protected":false},"featured_media":2696,"template":"","meta":[],"product_brand":[],"product_cat":[41],"product_tag":[],"class_list":{"0":"post-2511","1":"product","2":"type-product","3":"status-publish","4":"has-post-thumbnail","6":"product_cat-modulo-painel-de-led","8":"first","9":"instock","10":"shipping-taxable","11":"product-type-simple"},"yoast_head":"<!-- This site is optimized with the Yoast SEO plugin v27.5 - https:\/\/yoast.com\/product\/yoast-seo-wordpress\/ -->\n<title>Modulo Painel de LED P3.076 | Painel de LED de Alta Precis\u00e3o para Exterior |TELALED<\/title>\n<meta name=\"description\" content=\"Obtenha um Modulo Painel de LED P3.076 confi\u00e1vel para displays digitais externos. Visuais n\u00edtidos, desempenho est\u00e1vel e f\u00e1cil manuten\u00e7\u00e3o. Solicite uma cota\u00e7\u00e3o hoje mesmo!\" \/>\n<meta name=\"robots\" content=\"index, follow, max-snippet:-1, max-image-preview:large, max-video-preview:-1\" \/>\n<link rel=\"canonical\" href=\"https:\/\/www.telaled.com\/ja\/fabrica\/modulo-painel-de-led-p3-076\/\" \/>\n<meta property=\"og:locale\" content=\"ja_JP\" \/>\n<meta property=\"og:type\" content=\"article\" \/>\n<meta property=\"og:title\" content=\"Modulo Painel de LED P3.076 | Painel de LED de Alta Precis\u00e3o para Exterior |TELALED\" \/>\n<meta property=\"og:description\" content=\"Obtenha um Modulo Painel de LED P3.076 confi\u00e1vel para displays digitais externos. Visuais n\u00edtidos, desempenho est\u00e1vel e f\u00e1cil manuten\u00e7\u00e3o. Solicite uma cota\u00e7\u00e3o hoje mesmo!\" \/>\n<meta property=\"og:url\" content=\"https:\/\/www.telaled.com\/ja\/fabrica\/modulo-painel-de-led-p3-076\/\" \/>\n<meta property=\"og:site_name\" content=\"TELALED\" \/>\n<meta property=\"article:modified_time\" content=\"2026-01-02T08:24:47+00:00\" \/>\n<meta property=\"og:image\" content=\"https:\/\/www.telaled.com\/wp-content\/uploads\/2025\/07\/modulo-painel-de-led-p3.076-2-1.webp\" \/>\n\t<meta property=\"og:image:width\" content=\"500\" \/>\n\t<meta property=\"og:image:height\" content=\"500\" \/>\n\t<meta property=\"og:image:type\" content=\"image\/webp\" \/>\n<meta name=\"twitter:card\" content=\"summary_large_image\" \/>\n<meta name=\"twitter:label1\" content=\"\u63a8\u5b9a\u8aad\u307f\u53d6\u308a\u6642\u9593\" \/>\n\t<meta name=\"twitter:data1\" content=\"2\u5206\" \/>\n<script type=\"application\/ld+json\" class=\"yoast-schema-graph\">{\"@context\":\"https:\\\/\\\/schema.org\",\"@graph\":[{\"@type\":\"WebPage\",\"@id\":\"https:\\\/\\\/www.telaled.com\\\/fabrica\\\/modulo-painel-de-led-p3-076\\\/\",\"url\":\"https:\\\/\\\/www.telaled.com\\\/fabrica\\\/modulo-painel-de-led-p3-076\\\/\",\"name\":\"Modulo Painel de LED P3.076 | Painel de LED de Alta Precis\u00e3o para Exterior |TELALED\",\"isPartOf\":{\"@id\":\"https:\\\/\\\/www.telaled.com\\\/#website\"},\"primaryImageOfPage\":{\"@id\":\"https:\\\/\\\/www.telaled.com\\\/fabrica\\\/modulo-painel-de-led-p3-076\\\/#primaryimage\"},\"image\":{\"@id\":\"https:\\\/\\\/www.telaled.com\\\/fabrica\\\/modulo-painel-de-led-p3-076\\\/#primaryimage\"},\"thumbnailUrl\":\"https:\\\/\\\/www.telaled.com\\\/wp-content\\\/uploads\\\/2025\\\/07\\\/modulo-painel-de-led-p3.076-2-1.webp\",\"datePublished\":\"2025-07-10T09:00:47+00:00\",\"dateModified\":\"2026-01-02T08:24:47+00:00\",\"description\":\"Obtenha um Modulo Painel de LED P3.076 confi\u00e1vel para displays digitais externos. Visuais n\u00edtidos, desempenho est\u00e1vel e f\u00e1cil manuten\u00e7\u00e3o. Solicite uma cota\u00e7\u00e3o hoje mesmo!\",\"breadcrumb\":{\"@id\":\"https:\\\/\\\/www.telaled.com\\\/fabrica\\\/modulo-painel-de-led-p3-076\\\/#breadcrumb\"},\"inLanguage\":\"ja\",\"potentialAction\":[{\"@type\":\"ReadAction\",\"target\":[\"https:\\\/\\\/www.telaled.com\\\/fabrica\\\/modulo-painel-de-led-p3-076\\\/\"]}]},{\"@type\":\"ImageObject\",\"inLanguage\":\"ja\",\"@id\":\"https:\\\/\\\/www.telaled.com\\\/fabrica\\\/modulo-painel-de-led-p3-076\\\/#primaryimage\",\"url\":\"https:\\\/\\\/www.telaled.com\\\/wp-content\\\/uploads\\\/2025\\\/07\\\/modulo-painel-de-led-p3.076-2-1.webp\",\"contentUrl\":\"https:\\\/\\\/www.telaled.com\\\/wp-content\\\/uploads\\\/2025\\\/07\\\/modulo-painel-de-led-p3.076-2-1.webp\",\"width\":500,\"height\":500,\"caption\":\"modulo-painel-de-led-p3.076 (2)\"},{\"@type\":\"BreadcrumbList\",\"@id\":\"https:\\\/\\\/www.telaled.com\\\/fabrica\\\/modulo-painel-de-led-p3-076\\\/#breadcrumb\",\"itemListElement\":[{\"@type\":\"ListItem\",\"position\":1,\"name\":\"Home\",\"item\":\"https:\\\/\\\/www.telaled.com\\\/\"},{\"@type\":\"ListItem\",\"position\":2,\"name\":\"Produtos\",\"item\":\"https:\\\/\\\/www.telaled.com\\\/shop\\\/\"},{\"@type\":\"ListItem\",\"position\":3,\"name\":\"Modulo Painel de LED P3.076\"}]},{\"@type\":\"WebSite\",\"@id\":\"https:\\\/\\\/www.telaled.com\\\/#website\",\"url\":\"https:\\\/\\\/www.telaled.com\\\/\",\"name\":\"TELALED\",\"description\":\"\",\"potentialAction\":[{\"@type\":\"SearchAction\",\"target\":{\"@type\":\"EntryPoint\",\"urlTemplate\":\"https:\\\/\\\/www.telaled.com\\\/?s={search_term_string}\"},\"query-input\":{\"@type\":\"PropertyValueSpecification\",\"valueRequired\":true,\"valueName\":\"search_term_string\"}}],\"inLanguage\":\"ja\"}]}<\/script>\n<!-- \/ Yoast SEO plugin. -->","yoast_head_json":{"title":"P3.076 LED\u30d1\u30cd\u30eb\u30e2\u30b8\u30e5\u30fc\u30eb | \u9ad8\u7cbe\u5ea6\u5c4b\u5916\u7528LED\u30d1\u30cd\u30eb | TELALED","description":"\u5c4b\u5916\u30c7\u30b8\u30bf\u30eb\u30c7\u30a3\u30b9\u30d7\u30ec\u30a4\u306b\u6700\u9069\u306a\u3001\u4fe1\u983c\u6027\u306e\u9ad8\u3044P3.076 LED\u30d1\u30cd\u30eb\u30e2\u30b8\u30e5\u30fc\u30eb\u3092\u305c\u3072\u3054\u691c\u8a0e\u304f\u3060\u3055\u3044\u3002\u9bae\u660e\u306a\u6620\u50cf\u3001\u5b89\u5b9a\u3057\u305f\u30d1\u30d5\u30a9\u30fc\u30de\u30f3\u30b9\u3001\u305d\u3057\u3066\u5bb9\u6613\u306a\u30e1\u30f3\u30c6\u30ca\u30f3\u30b9\u3092\u5b9f\u73fe\u3057\u307e\u3059\u3002\u4eca\u3059\u3050\u304a\u898b\u7a4d\u3082\u308a\u3092\u3054\u4f9d\u983c\u304f\u3060\u3055\u3044\uff01","robots":{"index":"index","follow":"follow","max-snippet":"max-snippet:-1","max-image-preview":"max-image-preview:large","max-video-preview":"max-video-preview:-1"},"canonical":"https:\/\/www.telaled.com\/ja\/fabrica\/modulo-painel-de-led-p3-076\/","og_locale":"ja_JP","og_type":"article","og_title":"Modulo Painel de LED P3.076 | Painel de LED de Alta Precis\u00e3o para Exterior |TELALED","og_description":"Obtenha um Modulo Painel de LED P3.076 confi\u00e1vel para displays digitais externos. Visuais n\u00edtidos, desempenho est\u00e1vel e f\u00e1cil manuten\u00e7\u00e3o. Solicite uma cota\u00e7\u00e3o hoje mesmo!","og_url":"https:\/\/www.telaled.com\/ja\/fabrica\/modulo-painel-de-led-p3-076\/","og_site_name":"TELALED","article_modified_time":"2026-01-02T08:24:47+00:00","og_image":[{"width":500,"height":500,"url":"https:\/\/www.telaled.com\/wp-content\/uploads\/2025\/07\/modulo-painel-de-led-p3.076-2-1.webp","type":"image\/webp"}],"twitter_card":"summary_large_image","twitter_misc":{"\u63a8\u5b9a\u8aad\u307f\u53d6\u308a\u6642\u9593":"2\u5206"},"schema":{"@context":"https:\/\/schema.org","@graph":[{"@type":"WebPage","@id":"https:\/\/www.telaled.com\/fabrica\/modulo-painel-de-led-p3-076\/","url":"https:\/\/www.telaled.com\/fabrica\/modulo-painel-de-led-p3-076\/","name":"P3.076 LED\u30d1\u30cd\u30eb\u30e2\u30b8\u30e5\u30fc\u30eb | \u9ad8\u7cbe\u5ea6\u5c4b\u5916\u7528LED\u30d1\u30cd\u30eb | TELALED","isPartOf":{"@id":"https:\/\/www.telaled.com\/#website"},"primaryImageOfPage":{"@id":"https:\/\/www.telaled.com\/fabrica\/modulo-painel-de-led-p3-076\/#primaryimage"},"image":{"@id":"https:\/\/www.telaled.com\/fabrica\/modulo-painel-de-led-p3-076\/#primaryimage"},"thumbnailUrl":"https:\/\/www.telaled.com\/wp-content\/uploads\/2025\/07\/modulo-painel-de-led-p3.076-2-1.webp","datePublished":"2025-07-10T09:00:47+00:00","dateModified":"2026-01-02T08:24:47+00:00","description":"\u5c4b\u5916\u30c7\u30b8\u30bf\u30eb\u30c7\u30a3\u30b9\u30d7\u30ec\u30a4\u306b\u6700\u9069\u306a\u3001\u4fe1\u983c\u6027\u306e\u9ad8\u3044P3.076 LED\u30d1\u30cd\u30eb\u30e2\u30b8\u30e5\u30fc\u30eb\u3092\u305c\u3072\u3054\u691c\u8a0e\u304f\u3060\u3055\u3044\u3002\u9bae\u660e\u306a\u6620\u50cf\u3001\u5b89\u5b9a\u3057\u305f\u30d1\u30d5\u30a9\u30fc\u30de\u30f3\u30b9\u3001\u305d\u3057\u3066\u5bb9\u6613\u306a\u30e1\u30f3\u30c6\u30ca\u30f3\u30b9\u3092\u5b9f\u73fe\u3057\u307e\u3059\u3002\u4eca\u3059\u3050\u304a\u898b\u7a4d\u3082\u308a\u3092\u3054\u4f9d\u983c\u304f\u3060\u3055\u3044\uff01","breadcrumb":{"@id":"https:\/\/www.telaled.com\/fabrica\/modulo-painel-de-led-p3-076\/#breadcrumb"},"inLanguage":"ja","potentialAction":[{"@type":"ReadAction","target":["https:\/\/www.telaled.com\/fabrica\/modulo-painel-de-led-p3-076\/"]}]},{"@type":"ImageObject","inLanguage":"ja","@id":"https:\/\/www.telaled.com\/fabrica\/modulo-painel-de-led-p3-076\/#primaryimage","url":"https:\/\/www.telaled.com\/wp-content\/uploads\/2025\/07\/modulo-painel-de-led-p3.076-2-1.webp","contentUrl":"https:\/\/www.telaled.com\/wp-content\/uploads\/2025\/07\/modulo-painel-de-led-p3.076-2-1.webp","width":500,"height":500,"caption":"modulo-painel-de-led-p3.076 (2)"},{"@type":"BreadcrumbList","@id":"https:\/\/www.telaled.com\/fabrica\/modulo-painel-de-led-p3-076\/#breadcrumb","itemListElement":[{"@type":"ListItem","position":1,"name":"Home","item":"https:\/\/www.telaled.com\/"},{"@type":"ListItem","position":2,"name":"Produtos","item":"https:\/\/www.telaled.com\/shop\/"},{"@type":"ListItem","position":3,"name":"Modulo Painel de LED P3.076"}]},{"@type":"WebSite","@id":"https:\/\/www.telaled.com\/#website","url":"https:\/\/www.telaled.com\/","name":"LED\u30b9\u30af\u30ea\u30fc\u30f3","description":"","potentialAction":[{"@type":"SearchAction","target":{"@type":"EntryPoint","urlTemplate":"https:\/\/www.telaled.com\/?s={search_term_string}"},"query-input":{"@type":"PropertyValueSpecification","valueRequired":true,"valueName":"search_term_string"}}],"inLanguage":"ja"}]}},"_links":{"self":[{"href":"https:\/\/www.telaled.com\/ja\/wp-json\/wp\/v2\/product\/2511","targetHints":{"allow":["GET"]}}],"collection":[{"href":"https:\/\/www.telaled.com\/ja\/wp-json\/wp\/v2\/product"}],"about":[{"href":"https:\/\/www.telaled.com\/ja\/wp-json\/wp\/v2\/types\/product"}],"wp:featuredmedia":[{"embeddable":true,"href":"https:\/\/www.telaled.com\/ja\/wp-json\/wp\/v2\/media\/2696"}],"wp:attachment":[{"href":"https:\/\/www.telaled.com\/ja\/wp-json\/wp\/v2\/media?parent=2511"}],"wp:term":[{"taxonomy":"product_brand","embeddable":true,"href":"https:\/\/www.telaled.com\/ja\/wp-json\/wp\/v2\/product_brand?post=2511"},{"taxonomy":"product_cat","embeddable":true,"href":"https:\/\/www.telaled.com\/ja\/wp-json\/wp\/v2\/product_cat?post=2511"},{"taxonomy":"product_tag","embeddable":true,"href":"https:\/\/www.telaled.com\/ja\/wp-json\/wp\/v2\/product_tag?post=2511"}],"curies":[{"name":"wp","href":"https:\/\/api.w.org\/{rel}","templated":true}]}}