{"id":1402,"date":"2023-06-08T08:15:42","date_gmt":"2023-06-08T08:15:42","guid":{"rendered":"https:\/\/plum-wolverine-723597.hostingersite.com\/?post_type=product&#038;p=1402"},"modified":"2026-01-02T03:41:52","modified_gmt":"2026-01-02T03:41:52","slug":"modulo-painel-de-led-p1","status":"publish","type":"product","link":"https:\/\/www.telaled.com\/ja\/fabrica\/modulo-painel-de-led-p1\/","title":{"rendered":"P1 LED\u30d1\u30cd\u30eb\u30e2\u30b8\u30e5\u30fc\u30eb"},"content":{"rendered":"<h2>P1 LED \u30d1\u30cd\u30eb\u3092\u9078\u3076\u7406\u7531<\/h2>\n<p><strong>\u9ad8\u89e3\u50cf\u5ea6\uff08\u30a8\u30af\u30bb\u30ec\u30f3\u30c8HD\uff09<\/strong><br \/>\n\u30d4\u30af\u30bb\u30eb\u30d4\u30c3\u30c1\u306f\u308f\u305a\u304b1.0\uff5e1.5mm\u3067\u3001\u8fd1\u8ddd\u96e2\u3067\u3082\u975e\u5e38\u306b\u9bae\u660e\u306a\u753b\u50cf\u3092\u4fdd\u8a3c\u3057\u307e\u3059\u3002 <a href=\"https:\/\/www.telaled.com\/ja\/led-para-vitrine-de-loja\/\">\u30b7\u30e7\u30fc\u30a6\u30a3\u30f3\u30c9\u30a6<\/a>, \u3001\u30b3\u30f3\u30c8\u30ed\u30fc\u30eb\u30eb\u30fc\u30e0\u3001\u30d7\u30ec\u30df\u30a2\u30e0\u5e83\u544a\u306a\u3069\u3002.<\/p>\n<p><strong>\u4f4e\u30a8\u30cd\u30eb\u30ae\u30fc\u6d88\u8cbb\uff08\u30b9\u30de\u30fc\u30c8\u30a8\u30b3\u30ce\u30df\u30fc\uff09<\/strong><br \/>\n\u5f93\u6765\u306e\u30d1\u30cd\u30eb\u306b\u6bd4\u3079\u3066\u6700\u5927 50% \u306e\u30a8\u30cd\u30eb\u30ae\u30fc\u6d88\u8cbb\u91cf\u3092\u524a\u6e1b\u3057\u3001\u660e\u308b\u3055 (900 nits) \u3092\u72a0\u7272\u306b\u3059\u308b\u3053\u3068\u306a\u304f\u96fb\u6c17\u4ee3\u3092\u524a\u6e1b\u3057\u307e\u3059\u3002<\/p>\n<p><strong>\u9577\u5bff\u547d\uff08\u5b9f\u8a3c\u6e08\u307f\u306e\u8010\u4e45\u6027\uff09<\/strong><br \/>\n100,000 \u6642\u9593\u4ee5\u4e0a\u306e\u9023\u7d9a\u4f7f\u7528\u304c\u53ef\u80fd\u3067\u3001\u8f1d\u5ea6\u306e\u4f4e\u4e0b\u304c\u5c11\u306a\u3044 (&lt;3%) \u305f\u3081\u3001\u9577\u671f\u306e\u5546\u7528\u30a2\u30d7\u30ea\u30b1\u30fc\u30b7\u30e7\u30f3\u306b\u6700\u9069\u3067\u3059\u3002<\/p>\n<p><strong>\u7c21\u5358\u306a\u8a2d\u7f6e\u3068\u30e1\u30f3\u30c6\u30ca\u30f3\u30b9<\/strong><br \/>\n\u6a19\u6e96\u5316\u3055\u308c\u305f\u30e2\u30b8\u30e5\u30fc\u30eb (320 x 160 mm) \u306b\u3088\u308a\u3001\u7d20\u65e9\u3044\u7d44\u307f\u7acb\u3066\u3068\u500b\u5225\u306e\u4ea4\u63db\u304c\u53ef\u80fd\u306b\u306a\u308a\u3001\u30c0\u30a6\u30f3\u30bf\u30a4\u30e0\u304c\u6700\u5c0f\u9650\u306b\u6291\u3048\u3089\u308c\u307e\u3059\u3002<\/p>\n<p><strong>\u30b3\u30f3\u30c8\u30ed\u30fc\u30e9\u30fc\u306e\u4e92\u63db\u6027\uff08\u5b8c\u5168\u306a\u67d4\u8edf\u6027\uff09<\/strong><br \/>\nNovastar\u3001Huidu\u3001Colorlight \u30b7\u30b9\u30c6\u30e0\u3068\u30b7\u30fc\u30e0\u30ec\u30b9\u306b\u7d71\u5408\u3057\u3001\u30c0\u30a4\u30ca\u30df\u30c3\u30af\u306a\u30d3\u30c7\u30aa\u306e\u6b63\u78ba\u306a\u30ab\u30e9\u30fc\u30b3\u30f3\u30c8\u30ed\u30fc\u30eb\u3068\u540c\u671f\u3092\u5b9f\u73fe\u3057\u307e\u3059\u3002<\/p>\n<p><strong style=\"color: #555555; font-size: 14.4px;\">\u7406\u60f3\u7684\u306a\u7528\u9014:<\/strong><\/p>\n<ul>\n<li>\u30b7\u30e7\u30c3\u30d4\u30f3\u30b0\u30e2\u30fc\u30eb\u306e\u7a93\uff08P1\u5c4b\u5185\uff1a900nits\uff09<\/li>\n<li>\u30c6\u30ec\u30d3\u30b9\u30bf\u30b8\u30aa\uff08\u30ea\u30d5\u30ec\u30c3\u30b7\u30e5\u30ec\u30fc\u30c8\u22653840Hz\uff09<\/li>\n<li>\u4f01\u696d\u770b\u677f\uff08320x160mm\u30e2\u30b8\u30e5\u30fc\u30eb\u300151200\u30d4\u30af\u30bb\u30eb\uff09<\/li>\n<\/ul>\n<p><img loading=\"lazy\" decoding=\"async\" class=\"alignnone wp-image-2017 size-full\" src=\"https:\/\/www.telaled.com\/wp-content\/uploads\/2023\/06\/quality-led-module-materials-1.webp\" alt=\"\u9ad8\u54c1\u8ceaLED\u30e2\u30b8\u30e5\u30fc\u30eb\u6750\u6599\" width=\"768\" height=\"555\" srcset=\"https:\/\/www.telaled.com\/wp-content\/uploads\/2023\/06\/quality-led-module-materials-1.webp 768w, https:\/\/www.telaled.com\/wp-content\/uploads\/2023\/06\/quality-led-module-materials-1-300x217.webp 300w, https:\/\/www.telaled.com\/wp-content\/uploads\/2023\/06\/quality-led-module-materials-1-18x12.webp 18w, https:\/\/www.telaled.com\/wp-content\/uploads\/2023\/06\/quality-led-module-materials-1-600x434.webp 600w\" sizes=\"auto, (max-width: 768px) 100vw, 768px\" \/><\/p>\n\n<table id=\"tablepress-2\" class=\"tablepress tablepress-id-2\">\n<thead>\n<tr class=\"row-1\">\n\t<th colspan=\"4\" class=\"column-1\">\u6280\u8853\u7684\u306a\u8a73\u7d30<\/th>\n<\/tr>\n<\/thead>\n<tbody class=\"row-striping row-hover\">\n<tr class=\"row-2\">\n\t<td class=\"column-1\">\u30e2\u30c7\u30eb\u756a\u53f7<\/td><td class=\"column-2\">TL \u2013 P1\u5c4b\u5185\u7528LED\u30d1\u30cd\u30eb\u30e2\u30b8\u30e5\u30fc\u30eb<\/td><td class=\"column-3\"><\/td><td class=\"column-4\"><\/td>\n<\/tr>\n<tr class=\"row-3\">\n\t<td class=\"column-1\">\u30d6\u30e9\u30f3\u30c9\u540d<\/td><td class=\"column-2\">TELALED\u30e1\u30fc\u30ab\u30fc<\/td><td class=\"column-3\">\u30b9\u30af\u30ea\u30fc\u30f3\u306e\u5e73\u5766\u6027<\/td><td class=\"column-4\">\u00b11mm\u672a\u6e80<\/td>\n<\/tr>\n<tr class=\"row-4\">\n\t<td class=\"column-1\">\u539f\u7523\u5730<\/td><td class=\"column-2\">\u4e2d\u56fd\u5e83\u6771\u7701<\/td><td class=\"column-3\">\u5e73\u5747\u6545\u969c\u9593\u9694\uff08MTBF\uff09<\/td><td class=\"column-4\">1\u4e07\u6642\u9593<\/td>\n<\/tr>\n<tr class=\"row-5\">\n\t<td class=\"column-1\">\u30d4\u30af\u30bb\u30eb\u8ddd\u96e2<\/td><td class=\"column-2\">P1<\/td><td class=\"column-3\">\u8010\u7528\u5e74\u6570<\/td><td class=\"column-4\">10\u4e07\u6642\u9593<\/td>\n<\/tr>\n<tr class=\"row-6\">\n\t<td class=\"column-1\">\u6700\u5c0f\u8996\u8074\u8ddd\u96e2<\/td><td class=\"column-2\">1\u30e1\u30fc\u30c8\u30eb<\/td><td class=\"column-3\">\u30c7\u30a3\u30b9\u30d7\u30ec\u30a4\u52d5\u4f5c\u96fb\u5727<\/td><td class=\"column-4\">AC46\uff5e54HZ\u3001220V\u00b115%\/110V\u00b115%<\/td>\n<\/tr>\n<tr class=\"row-7\">\n\t<td class=\"column-1\">LED\u69cb\u6210<\/td><td class=\"column-2\">SMD0808<\/td><td class=\"column-3\">\u5149\u306e\u6e1b\u8870<\/td><td class=\"column-4\">\uff1c3%<\/td>\n<\/tr>\n<tr class=\"row-8\">\n\t<td class=\"column-1\">\u30e2\u30b8\u30e5\u30fc\u30eb\u89e3\u50cf\u5ea6<\/td><td class=\"column-2\">320\u00d7160\u30d4\u30af\u30bb\u30eb<\/td><td class=\"column-3\">\u6f0f\u308c\u96fb\u6d41<\/td><td class=\"column-4\">\uff1c3mA<\/td>\n<\/tr>\n<tr class=\"row-9\">\n\t<td class=\"column-1\">\u30e2\u30b8\u30e5\u30fc\u30eb\u30d4\u30af\u30bb\u30eb<\/td><td class=\"column-2\">51200\u30d4\u30af\u30bb\u30eb<\/td><td class=\"column-3\">IP\u4fdd\u8b77\u7b49\u7d1a<\/td><td class=\"column-4\">\u80cc\u9762: IP40 \/ \u524d\u9762: IP50<\/td>\n<\/tr>\n<tr class=\"row-10\">\n\t<td class=\"column-1\">\u30e2\u30b8\u30e5\u30fc\u30eb\u30b5\u30a4\u30ba<\/td><td class=\"column-2\">\u5e45320mm\u00d7\u9ad8\u3055160mm\u00d7\u539a\u305513mm<\/td><td class=\"column-3\">\u4f5c\u696d\u74b0\u5883\u306e\u6e29\u5ea6\u3068\u6e7f\u5ea6<\/td><td class=\"column-4\">\u6e29\u5ea6: -20\u00b0C~+60\u00b0C \/ \u6e7f\u5ea6: 10%~90% RH<\/td>\n<\/tr>\n<tr class=\"row-11\">\n\t<td class=\"column-1\">\u30ad\u30e3\u30d3\u30cd\u30c3\u30c8\u30b5\u30a4\u30ba<\/td><td class=\"column-2\">640mm\u00d7640mm<\/td><td class=\"column-3\">\u30b5\u30dd\u30fc\u30c8\u3055\u308c\u3066\u3044\u308b\u30e1\u30c7\u30a3\u30a2<\/td><td class=\"column-4\">\u6280\u8853\u30c7\u30fc\u30bf\u3001\u5199\u771f\u3001CAD\u30e2\u30c7\u30eb\u3001\u30d3\u30c7\u30aa<\/td>\n<\/tr>\n<tr class=\"row-12\">\n\t<td class=\"column-1\">\u30d4\u30af\u30bb\u30eb\u69cb\u6210<\/td><td class=\"column-2\">SMD3in1\u3001\u30d5\u30eb\u30ab\u30e9\u30fc R\/G\/B 1:1:1<\/td><td class=\"column-3\">\u95a2\u6570<\/td><td class=\"column-4\">SDK<\/td>\n<\/tr>\n<tr class=\"row-13\">\n\t<td class=\"column-1\">\u30d0\u30e9\u30f3\u30b9\u306e\u3068\u308c\u305f\u8f1d\u304d<\/td><td class=\"column-2\">1000cd\/m\u00b2\uff08\u5c4b\u5185\uff09<\/td><td class=\"column-3\">\u5236\u5fa1\u30e2\u30fc\u30c9<\/td><td class=\"column-4\">DVI\u7d4c\u7531\u3067\u5236\u5fa1PC\u3068\u540c\u671f<\/td>\n<\/tr>\n<tr class=\"row-14\">\n\t<td class=\"column-1\">\u99c6\u52d5\u65b9\u5f0f<\/td><td class=\"column-2\">1\/40<\/td><td class=\"column-3\">\u30b5\u30dd\u30fc\u30c8\u3055\u308c\u3066\u3044\u308b\u30bd\u30d5\u30c8\u30a6\u30a7\u30a2<\/td><td class=\"column-4\">Windows XP\/Windows 7\/Windows Vista<\/td>\n<\/tr>\n<tr class=\"row-15\">\n\t<td class=\"column-1\">\u66f4\u65b0\u30ec\u30fc\u30c8<\/td><td class=\"column-2\">\u22651920 Hz<\/td><td class=\"column-3\">\u5236\u5fa1\u30b7\u30b9\u30c6\u30e0<\/td><td class=\"column-4\">DVI \u30ab\u30fc\u30c9 + \u30d5\u30eb\u30ab\u30e9\u30fc \u30b3\u30f3\u30c8\u30ed\u30fc\u30e9 + \u5149\u30d5\u30a1\u30a4\u30d0\u30fc (\u30aa\u30d7\u30b7\u30e7\u30f3)<\/td>\n<\/tr>\n<tr class=\"row-16\">\n\t<td class=\"column-1\">\u5909\u66f4\u691c\u51fa\u983b\u5ea6<\/td><td class=\"column-2\">50\uff5e60Hz<\/td><td class=\"column-3\">\u4e3b\u5236\u5fa1\u30b7\u30b9\u30c6\u30e0\u30de\u30fc\u30af<\/td><td class=\"column-4\">\u30ce\u30f4\u30a1\u30b9\u30bf\u30fc\u3001\u30ea\u30f3\u30b9\u30f3\u3001\u30d5\u30a4\u30c9\u30a5\u3001\u30ab\u30e9\u30fc\u30e9\u30a4\u30c8<\/td>\n<\/tr>\n<tr class=\"row-17\">\n\t<td class=\"column-1\">\u8996\u91ce\u89d2<\/td><td class=\"column-2\">\u9ad8\u3055140\u00b0 \u5782\u76f4120\u00b0<\/td><td class=\"column-3\">\u30a4\u30f3\u30bf\u30d5\u30a7\u30fc\u30b9<\/td><td class=\"column-4\">\u6a19\u6e96\u30a4\u30fc\u30b5\u30cd\u30c3\u30c8<\/td>\n<\/tr>\n<tr class=\"row-18\">\n\t<td class=\"column-1\">\u975e\u30a2\u30af\u30c6\u30a3\u30d6\u30e9\u30a4\u30c8\u30ec\u30fc\u30c8<\/td><td class=\"column-2\">\u22641%<\/td><td class=\"column-3\">\u4f1d\u9001\u8ddd\u96e2<\/td><td class=\"column-4\">\u30de\u30eb\u30c1\u30e2\u30fc\u30c9\u30d5\u30a1\u30a4\u30d0\u30fc <500m >\n<\/tr>\n<tr class=\"row-19\">\n\t<td class=\"column-1\">\u30a8\u30cd\u30eb\u30ae\u30fc\u306e\u7121\u99c4<\/td><td class=\"column-2\">700*1000 W\/m2<\/td><td class=\"column-3\">\u4fdd\u8a3c<\/td><td class=\"column-4\">5\u5e74<\/td>\n<\/tr>\n<tr class=\"row-20\">\n\t<td class=\"column-1\">\u5e73\u5747\u30a8\u30cd\u30eb\u30ae\u30fc\u6d88\u8cbb\u91cf<\/td><td class=\"column-2\">316 W\/m2<\/td><td class=\"column-3\">\u30b5\u30d7\u30e9\u30a4\u30e4\u30fc\u30bf\u30a4\u30d7<\/td><td class=\"column-4\">\u30aa\u30ea\u30b8\u30ca\u30eb\u30e1\u30fc\u30ab\u30fc\/ODM\/OEM<\/td>\n<\/tr>\n<tr class=\"row-21\">\n\t<td class=\"column-1\">\u30b0\u30ec\u30fc\u30ec\u30d9\u30eb<\/td><td class=\"column-2\">16\u30d3\u30c3\u30c8\uff084096\u30ec\u30d9\u30eb\uff09(212)<\/td><td class=\"column-3\">\u7d0d\u671f<\/td><td class=\"column-4\">25\uff08\u307e\u305f\u306f\u4ea4\u6e09\u53ef\u80fd\uff09<\/td>\n<\/tr>\n<tr class=\"row-22\">\n\t<td class=\"column-1\">\u8868\u793a\u8272<\/td><td class=\"column-2\">16M<\/td><td class=\"column-3\">\u5fdc\u7528<\/td><td class=\"column-4\">\u5e83\u544a\/\u5185\u88c5\/\u5916\u88c5<\/td>\n<\/tr>\n<tr class=\"row-23\">\n\t<td class=\"column-1\">\u4e2d\u65ad\u306e\u306a\u3044\u52e4\u52d9\u6642\u9593<\/td><td class=\"column-2\">72\u6642\u9593\u4ee5\u4e0a<\/td><td class=\"column-3\">\u4f7f\u7528<\/td><td class=\"column-4\">\u30c7\u30b8\u30bf\u30eb\u5e83\u544a\u3001\u30b7\u30e7\u30c3\u30d4\u30f3\u30b0\u30e2\u30fc\u30eb\u3001\u30a6\u30a7\u30eb\u30ab\u30e0\u30c7\u30a3\u30b9\u30d7\u30ec\u30a4\u3001\u5c55\u793a\u30db\u30fc\u30eb\u3001\u7a7a\u6e2f\u3001\u6559\u4f1a\u3001\u30b9\u30dd\u30fc\u30c4\u3001\u30a4\u30d9\u30f3\u30c8\u3001\u4f1a\u8b70\u3001\u30ec\u30f3\u30bf\u30eb\u3001\u30b9\u30c6\u30fc\u30b8\u3001\u81ea\u52d5\u8eca\u3001\u5c0f\u58f2\u3001\u7d50\u5a5a\u5f0f<\/td>\n<\/tr>\n<tr class=\"row-24\">\n\t<td class=\"column-1\">\u96e2\u6563\u7684\u6b7b\u89d2\u7387<\/td><td class=\"column-2\"><1><td class=\"column-3\">\u30d1\u30c3\u30b1\u30fc\u30b8\u306e\u8a73\u7d30<\/td><td class=\"column-4\">\u5f37\u5316\u6bb5\u30dc\u30fc\u30eb\u7bb1\uff0b\u6728\u6750<\/td>\n<\/tr>\n<tr class=\"row-25\">\n\t<td class=\"column-1\">\u9023\u7d9a\u6b7b\u89d2\u7387<\/td><td class=\"column-2\">\u306a\u3057<\/td><td class=\"column-3\">\u4f9b\u7d66\u80fd\u529b<\/td><td class=\"column-4\">\u6708\u95935,000\u53f0<\/td>\n<\/tr>\n<tr class=\"row-26\">\n\t<td class=\"column-1\">\u6b7b\u89d2\u7387<\/td><td class=\"column-2\"><1><td class=\"column-3\">\u6e2f<\/td><td class=\"column-4\">\u6df1\u30bb\u30f3<\/td>\n<\/tr>\n<\/tbody>\n<\/table>\n<!-- #tablepress-2 from cache -->","protected":false},"excerpt":{"rendered":"<p>P1 LED\u30e2\u30b8\u30e5\u30fc\u30eb\u306e\u7279\u5fb4 <a href=\"https:\/\/www.telaled.com\/ja\/pixel-pitch\/\">\u30d4\u30af\u30bb\u30eb\u30d4\u30c3\u30c1<\/a> \u308f\u305a\u304b1mm\u306e\u8d85\u5c0f\u578b\u30b5\u30a4\u30ba\u306a\u304c\u3089\u3001\u9ad8\u30d4\u30af\u30bb\u30eb\u5bc6\u5ea6\uff081,000,000\/m\u00b2\uff09\u3092\u5b9f\u73fe\u3057\u3001\u8fd1\u8ddd\u96e2\u3067\u3082\u9bae\u660e\u306a\u6620\u50cf\u3092\u6620\u3057\u51fa\u3057\u307e\u3059\u3002600\uff5e1000nits\u306e\u8f1d\u5ea6\u8abf\u6574\u304c\u53ef\u80fd\u3067\u3001\u8996\u91ce\u89d2\u306f\u6c34\u5e73140\u00b0\/\u5782\u76f4120\u00b0\u3068\u3001\u3042\u3089\u3086\u308b\u89d2\u5ea6\u304b\u3089\u512a\u308c\u305f\u8996\u8a8d\u6027\u3092\u78ba\u4fdd\u3057\u307e\u3059\u3002.<\/p>\n<p><strong>P1 LED \u306e\u6280\u8853\u7684\u306a\u30cf\u30a4\u30e9\u30a4\u30c8:<\/strong><\/p>\n<ul>\n<li>3-in-1 SMD\u30c6\u30af\u30ce\u30ed\u30b8\u30fc: 16\u30d3\u30c3\u30c8\u6df1\u5ea6\u306e\u7d14\u7c8b\u306aRGB\u30ab\u30e9\u30fc\uff08680\u5104\u8272\uff09<\/li>\n<li>\u30a8\u30cd\u30eb\u30ae\u30fc\u52b9\u7387: \u6d88\u8cbb\u96fb\u529b\u306f\u308f\u305a\u304b316W\/m\u00b2\u3001\u5f93\u6765\u306e\u30e2\u30b8\u30e5\u30fc\u30eb\u3088\u308a30%\u5c11\u306a\u3044<\/li>\n<li>\u8a8d\u5b9a\u8010\u4e45\u6027: IP50 \u524d\u9762\u4fdd\u8b77\/IP40 \u80cc\u9762\u4fdd\u8b77\u3067 100,000 \u6642\u9593\u4ee5\u4e0a\u306e\u5bff\u547d<\/li>\n<li>\u5ef6\u9577\u4fdd\u8a3c\uff1a\u6a5f\u68b0\u5168\u4f53\u306b\u5bfe\u3057\u30663\u5e74\u9593\u306e\u4fdd\u8a3c\uff0b5%\u306e\u4ea4\u63db\u90e8\u54c1\u3092\u542b\u3080\u751f\u6daf\u30e1\u30f3\u30c6\u30ca\u30f3\u30b9<\/li>\n<\/ul>","protected":false},"featured_media":2005,"template":"","meta":[],"product_brand":[],"product_cat":[41],"product_tag":[],"class_list":{"0":"post-1402","1":"product","2":"type-product","3":"status-publish","4":"has-post-thumbnail","6":"product_cat-modulo-painel-de-led","8":"first","9":"instock","10":"shipping-taxable","11":"product-type-simple"},"yoast_head":"<!-- This site is optimized with the Yoast SEO plugin v27.5 - https:\/\/yoast.com\/product\/yoast-seo-wordpress\/ -->\n<title>Modulo Painel de LED P1 - F\u00e1brica Chinesa | TELALED<\/title>\n<meta name=\"description\" content=\"M\u00f3dulo LED P1 com pitch de 1mm para alta defini\u00e7\u00e3o. F\u00e1brica direta oferece 3 anos de garantia, ideal para est\u00e1dios e shows. Solicite or\u00e7amento personalizado!\" \/>\n<meta name=\"robots\" content=\"index, follow, max-snippet:-1, max-image-preview:large, max-video-preview:-1\" \/>\n<link rel=\"canonical\" href=\"https:\/\/www.telaled.com\/ja\/fabrica\/modulo-painel-de-led-p1\/\" \/>\n<meta property=\"og:locale\" content=\"ja_JP\" \/>\n<meta property=\"og:type\" content=\"article\" \/>\n<meta property=\"og:title\" content=\"Modulo Painel de LED P1 - F\u00e1brica Chinesa | TELALED\" \/>\n<meta property=\"og:description\" content=\"M\u00f3dulo LED P1 com pitch de 1mm para alta defini\u00e7\u00e3o. F\u00e1brica direta oferece 3 anos de garantia, ideal para est\u00e1dios e shows. Solicite or\u00e7amento personalizado!\" \/>\n<meta property=\"og:url\" content=\"https:\/\/www.telaled.com\/ja\/fabrica\/modulo-painel-de-led-p1\/\" \/>\n<meta property=\"og:site_name\" content=\"TELALED\" \/>\n<meta property=\"article:modified_time\" content=\"2026-01-02T03:41:52+00:00\" \/>\n<meta property=\"og:image\" content=\"https:\/\/www.telaled.com\/wp-content\/uploads\/2023\/06\/Modulo-Painel-de-LED-P1_3.webp\" \/>\n\t<meta property=\"og:image:width\" content=\"500\" \/>\n\t<meta property=\"og:image:height\" content=\"500\" \/>\n\t<meta property=\"og:image:type\" content=\"image\/webp\" \/>\n<meta name=\"twitter:card\" content=\"summary_large_image\" \/>\n<meta name=\"twitter:label1\" content=\"\u63a8\u5b9a\u8aad\u307f\u53d6\u308a\u6642\u9593\" \/>\n\t<meta name=\"twitter:data1\" content=\"2\u5206\" \/>\n<script type=\"application\/ld+json\" class=\"yoast-schema-graph\">{\"@context\":\"https:\\\/\\\/schema.org\",\"@graph\":[{\"@type\":\"WebPage\",\"@id\":\"https:\\\/\\\/www.telaled.com\\\/fabrica\\\/modulo-painel-de-led-p1\\\/\",\"url\":\"https:\\\/\\\/www.telaled.com\\\/fabrica\\\/modulo-painel-de-led-p1\\\/\",\"name\":\"Modulo Painel de LED P1 - F\u00e1brica Chinesa | TELALED\",\"isPartOf\":{\"@id\":\"https:\\\/\\\/www.telaled.com\\\/#website\"},\"primaryImageOfPage\":{\"@id\":\"https:\\\/\\\/www.telaled.com\\\/fabrica\\\/modulo-painel-de-led-p1\\\/#primaryimage\"},\"image\":{\"@id\":\"https:\\\/\\\/www.telaled.com\\\/fabrica\\\/modulo-painel-de-led-p1\\\/#primaryimage\"},\"thumbnailUrl\":\"https:\\\/\\\/www.telaled.com\\\/wp-content\\\/uploads\\\/2023\\\/06\\\/Modulo-Painel-de-LED-P1_3.webp\",\"datePublished\":\"2023-06-08T08:15:42+00:00\",\"dateModified\":\"2026-01-02T03:41:52+00:00\",\"description\":\"M\u00f3dulo LED P1 com pitch de 1mm para alta defini\u00e7\u00e3o. F\u00e1brica direta oferece 3 anos de garantia, ideal para est\u00e1dios e shows. Solicite or\u00e7amento personalizado!\",\"breadcrumb\":{\"@id\":\"https:\\\/\\\/www.telaled.com\\\/fabrica\\\/modulo-painel-de-led-p1\\\/#breadcrumb\"},\"inLanguage\":\"ja\",\"potentialAction\":[{\"@type\":\"ReadAction\",\"target\":[\"https:\\\/\\\/www.telaled.com\\\/fabrica\\\/modulo-painel-de-led-p1\\\/\"]}]},{\"@type\":\"ImageObject\",\"inLanguage\":\"ja\",\"@id\":\"https:\\\/\\\/www.telaled.com\\\/fabrica\\\/modulo-painel-de-led-p1\\\/#primaryimage\",\"url\":\"https:\\\/\\\/www.telaled.com\\\/wp-content\\\/uploads\\\/2023\\\/06\\\/Modulo-Painel-de-LED-P1_3.webp\",\"contentUrl\":\"https:\\\/\\\/www.telaled.com\\\/wp-content\\\/uploads\\\/2023\\\/06\\\/Modulo-Painel-de-LED-P1_3.webp\",\"width\":500,\"height\":500,\"caption\":\"Modulo Painel de LED P1\"},{\"@type\":\"BreadcrumbList\",\"@id\":\"https:\\\/\\\/www.telaled.com\\\/fabrica\\\/modulo-painel-de-led-p1\\\/#breadcrumb\",\"itemListElement\":[{\"@type\":\"ListItem\",\"position\":1,\"name\":\"Home\",\"item\":\"https:\\\/\\\/www.telaled.com\\\/\"},{\"@type\":\"ListItem\",\"position\":2,\"name\":\"Produtos\",\"item\":\"https:\\\/\\\/www.telaled.com\\\/shop\\\/\"},{\"@type\":\"ListItem\",\"position\":3,\"name\":\"Modulo Painel de LED P1\"}]},{\"@type\":\"WebSite\",\"@id\":\"https:\\\/\\\/www.telaled.com\\\/#website\",\"url\":\"https:\\\/\\\/www.telaled.com\\\/\",\"name\":\"TELALED\",\"description\":\"\",\"potentialAction\":[{\"@type\":\"SearchAction\",\"target\":{\"@type\":\"EntryPoint\",\"urlTemplate\":\"https:\\\/\\\/www.telaled.com\\\/?s={search_term_string}\"},\"query-input\":{\"@type\":\"PropertyValueSpecification\",\"valueRequired\":true,\"valueName\":\"search_term_string\"}}],\"inLanguage\":\"ja\"}]}<\/script>\n<!-- \/ Yoast SEO plugin. -->","yoast_head_json":{"title":"P1 LED\u30d1\u30cd\u30eb\u30e2\u30b8\u30e5\u30fc\u30eb - \u4e2d\u56fd\u5de5\u5834 | TELALED","description":"\u9ad8\u89e3\u50cf\u5ea6\u3092\u5b9f\u73fe\u3059\u308b1mm\u30d4\u30c3\u30c1\u306eP1 LED\u30e2\u30b8\u30e5\u30fc\u30eb\u3002\u5de5\u5834\u76f4\u9001\u30013\u5e74\u9593\u4fdd\u8a3c\u4ed8\u304d\u3002\u30b9\u30bf\u30b8\u30a2\u30e0\u3084\u30b3\u30f3\u30b5\u30fc\u30c8\u4f1a\u5834\u306b\u6700\u9069\u3067\u3059\u3002\u304a\u898b\u7a4d\u308a\u3092\u3054\u5e0c\u671b\u306e\u65b9\u306f\u3001\u304a\u6c17\u8efd\u306b\u304a\u554f\u3044\u5408\u308f\u305b\u304f\u3060\u3055\u3044\u3002","robots":{"index":"index","follow":"follow","max-snippet":"max-snippet:-1","max-image-preview":"max-image-preview:large","max-video-preview":"max-video-preview:-1"},"canonical":"https:\/\/www.telaled.com\/ja\/fabrica\/modulo-painel-de-led-p1\/","og_locale":"ja_JP","og_type":"article","og_title":"Modulo Painel de LED P1 - F\u00e1brica Chinesa | TELALED","og_description":"M\u00f3dulo LED P1 com pitch de 1mm para alta defini\u00e7\u00e3o. F\u00e1brica direta oferece 3 anos de garantia, ideal para est\u00e1dios e shows. Solicite or\u00e7amento personalizado!","og_url":"https:\/\/www.telaled.com\/ja\/fabrica\/modulo-painel-de-led-p1\/","og_site_name":"TELALED","article_modified_time":"2026-01-02T03:41:52+00:00","og_image":[{"width":500,"height":500,"url":"https:\/\/www.telaled.com\/wp-content\/uploads\/2023\/06\/Modulo-Painel-de-LED-P1_3.webp","type":"image\/webp"}],"twitter_card":"summary_large_image","twitter_misc":{"\u63a8\u5b9a\u8aad\u307f\u53d6\u308a\u6642\u9593":"2\u5206"},"schema":{"@context":"https:\/\/schema.org","@graph":[{"@type":"WebPage","@id":"https:\/\/www.telaled.com\/fabrica\/modulo-painel-de-led-p1\/","url":"https:\/\/www.telaled.com\/fabrica\/modulo-painel-de-led-p1\/","name":"P1 LED\u30d1\u30cd\u30eb\u30e2\u30b8\u30e5\u30fc\u30eb - \u4e2d\u56fd\u5de5\u5834 | TELALED","isPartOf":{"@id":"https:\/\/www.telaled.com\/#website"},"primaryImageOfPage":{"@id":"https:\/\/www.telaled.com\/fabrica\/modulo-painel-de-led-p1\/#primaryimage"},"image":{"@id":"https:\/\/www.telaled.com\/fabrica\/modulo-painel-de-led-p1\/#primaryimage"},"thumbnailUrl":"https:\/\/www.telaled.com\/wp-content\/uploads\/2023\/06\/Modulo-Painel-de-LED-P1_3.webp","datePublished":"2023-06-08T08:15:42+00:00","dateModified":"2026-01-02T03:41:52+00:00","description":"\u9ad8\u89e3\u50cf\u5ea6\u3092\u5b9f\u73fe\u3059\u308b1mm\u30d4\u30c3\u30c1\u306eP1 LED\u30e2\u30b8\u30e5\u30fc\u30eb\u3002\u5de5\u5834\u76f4\u9001\u30013\u5e74\u9593\u4fdd\u8a3c\u4ed8\u304d\u3002\u30b9\u30bf\u30b8\u30a2\u30e0\u3084\u30b3\u30f3\u30b5\u30fc\u30c8\u4f1a\u5834\u306b\u6700\u9069\u3067\u3059\u3002\u304a\u898b\u7a4d\u308a\u3092\u3054\u5e0c\u671b\u306e\u65b9\u306f\u3001\u304a\u6c17\u8efd\u306b\u304a\u554f\u3044\u5408\u308f\u305b\u304f\u3060\u3055\u3044\u3002","breadcrumb":{"@id":"https:\/\/www.telaled.com\/fabrica\/modulo-painel-de-led-p1\/#breadcrumb"},"inLanguage":"ja","potentialAction":[{"@type":"ReadAction","target":["https:\/\/www.telaled.com\/fabrica\/modulo-painel-de-led-p1\/"]}]},{"@type":"ImageObject","inLanguage":"ja","@id":"https:\/\/www.telaled.com\/fabrica\/modulo-painel-de-led-p1\/#primaryimage","url":"https:\/\/www.telaled.com\/wp-content\/uploads\/2023\/06\/Modulo-Painel-de-LED-P1_3.webp","contentUrl":"https:\/\/www.telaled.com\/wp-content\/uploads\/2023\/06\/Modulo-Painel-de-LED-P1_3.webp","width":500,"height":500,"caption":"Modulo Painel de LED P1"},{"@type":"BreadcrumbList","@id":"https:\/\/www.telaled.com\/fabrica\/modulo-painel-de-led-p1\/#breadcrumb","itemListElement":[{"@type":"ListItem","position":1,"name":"Home","item":"https:\/\/www.telaled.com\/"},{"@type":"ListItem","position":2,"name":"Produtos","item":"https:\/\/www.telaled.com\/shop\/"},{"@type":"ListItem","position":3,"name":"Modulo Painel de LED P1"}]},{"@type":"WebSite","@id":"https:\/\/www.telaled.com\/#website","url":"https:\/\/www.telaled.com\/","name":"LED\u30b9\u30af\u30ea\u30fc\u30f3","description":"","potentialAction":[{"@type":"SearchAction","target":{"@type":"EntryPoint","urlTemplate":"https:\/\/www.telaled.com\/?s={search_term_string}"},"query-input":{"@type":"PropertyValueSpecification","valueRequired":true,"valueName":"search_term_string"}}],"inLanguage":"ja"}]}},"_links":{"self":[{"href":"https:\/\/www.telaled.com\/ja\/wp-json\/wp\/v2\/product\/1402","targetHints":{"allow":["GET"]}}],"collection":[{"href":"https:\/\/www.telaled.com\/ja\/wp-json\/wp\/v2\/product"}],"about":[{"href":"https:\/\/www.telaled.com\/ja\/wp-json\/wp\/v2\/types\/product"}],"wp:featuredmedia":[{"embeddable":true,"href":"https:\/\/www.telaled.com\/ja\/wp-json\/wp\/v2\/media\/2005"}],"wp:attachment":[{"href":"https:\/\/www.telaled.com\/ja\/wp-json\/wp\/v2\/media?parent=1402"}],"wp:term":[{"taxonomy":"product_brand","embeddable":true,"href":"https:\/\/www.telaled.com\/ja\/wp-json\/wp\/v2\/product_brand?post=1402"},{"taxonomy":"product_cat","embeddable":true,"href":"https:\/\/www.telaled.com\/ja\/wp-json\/wp\/v2\/product_cat?post=1402"},{"taxonomy":"product_tag","embeddable":true,"href":"https:\/\/www.telaled.com\/ja\/wp-json\/wp\/v2\/product_tag?post=1402"}],"curies":[{"name":"wp","href":"https:\/\/api.w.org\/{rel}","templated":true}]}}