{"id":5483,"date":"2025-11-13T09:51:41","date_gmt":"2025-11-13T09:51:41","guid":{"rendered":"https:\/\/www.telaled.com\/?post_type=product&#038;p=5483"},"modified":"2026-01-11T05:45:03","modified_gmt":"2026-01-11T05:45:03","slug":"tela-de-led-flexivel-para-caminhao","status":"publish","type":"product","link":"https:\/\/www.telaled.com\/it\/fabrica\/tela-de-led-flexivel-para-caminhao\/","title":{"rendered":"Schermo LED flessibile per camion"},"content":{"rendered":"<div class=\"row\"  id=\"row-879324095\">\n\n\t<div id=\"col-661751046\" class=\"col small-12 large-12\"  >\n\t\t\t\t<div class=\"col-inner\"  >\n\t\t\t\n\t\t\t\n<h2>Vantaggi esclusivi dello schermo LED flessibile per auto<\/h2>\n<h3><strong>Durata superiore<\/strong><\/h3>\n<ul>\n<li><strong><em>Adesivi in PU resistenti:<\/em><\/strong> Adesione forte e duratura per un utilizzo robusto sui camion.<\/li>\n<li><strong><em>Impermeabile e antipolvere IP67:<\/em> <\/strong>Resiste a tutte le condizioni atmosferiche, alla pioggia e alla polvere.<\/li>\n<li><strong><em>Antiurto<\/em><\/strong>Resistente alle vibrazioni e agli urti durante il trasporto.<\/li>\n<\/ul>\n<h3><strong>Qualit\u00e0 visiva eccezionale<\/strong><\/h3>\n<ul>\n<li><em><strong>Risoluzione <a href=\"https:\/\/www.telaled.com\/it\/fabrica\/painel-de-led-hd-serie-tho\/\">Full HD<\/a>\/4K:<\/strong><\/em> Immagini nitide e vivaci per messaggi chiari.<\/li>\n<li><em><strong>Luminosit\u00e0 di 4000 nit:<\/strong><\/em> Visibile anche alla luce diretta del sole.<\/li>\n<li><em><strong>Ampio campo visivo:<\/strong><\/em> Visibile da qualsiasi direzione.<\/li>\n<\/ul>\n<h3><strong>Completa adattabilit\u00e0<\/strong><\/h3>\n<ul>\n<li><strong><em>Flessibile e curvo:<\/em><\/strong> Adatto a qualsiasi superficie.<\/li>\n<li><em><strong>Design modulare:<\/strong><\/em> Adattabile a qualsiasi dimensione dello schermo.<\/li>\n<li><em><strong>Completamente personalizzabile:<\/strong><\/em> Regola la luminosit\u00e0, il colore e il contrasto in base alle tue esigenze.<\/li>\n<\/ul>\n<h3><strong>Supporto completo<\/strong><\/h3>\n<ul>\n<li><em><strong>Assistenza esperta 24 ore su 24, 7 giorni su 7:<\/strong> <\/em>Mantieni il tuo sistema sempre funzionante.<\/li>\n<li><em><strong>Ricambi 5%:<\/strong><\/em> Aumenta l&#039;affidabilit\u00e0 e riduci al minimo i tempi di inattivit\u00e0.<\/li>\n<li><strong><em>Garanzia di 3 anni:<\/em> <\/strong>Prestazioni garantite e tranquillit\u00e0.<\/li>\n<li><em><strong>Protezione completa:<\/strong> <\/em>Proteggi i tuoi investimenti.<\/li>\n<\/ul>\n<h2>Dettagli del prodotto<\/h2>\n<div class=\"row\"  id=\"row-682581755\">\n\n\t<div id=\"col-1385109530\" class=\"col medium-10 small-12 large-10\"  >\n\t\t\t\t<div class=\"col-inner text-left\"  >\n\t\t\t\n\t\t\t\n<ul>\n<li>L&#039;adesivo PU ad alte prestazioni utilizzato in questo prodotto offre un&#039;eccellente protezione ambientale e resistenza al calore. \u00c8 atossico, resistente all&#039;ingiallimento e garantisce una forte adesione, integrandosi efficacemente con la striscia LED. Dopo la lavorazione, lo schermo LED flessibile per camion raggiunge un grado di protezione IP67 per la resistenza all&#039;acqua e alla polvere, garantendo una protezione affidabile per i componenti interni.<\/li>\n<\/ul>\n\t<div class=\"img has-hover x md-x lg-x y md-y lg-y\" id=\"image_1186555548\">\n\t\t\t\t\t\t\t\t<div class=\"img-inner dark\" >\n\t\t\t<img loading=\"lazy\" decoding=\"async\" width=\"800\" height=\"500\" src=\"https:\/\/www.telaled.com\/wp-content\/uploads\/2025\/11\/A-prova-de-poeira-e-agua-brinque-sem-preocupacoes.webp\" class=\"attachment-original size-original\" alt=\"Resistente alla polvere e all&#039;acqua, gioca senza preoccupazioni.\" srcset=\"https:\/\/www.telaled.com\/wp-content\/uploads\/2025\/11\/A-prova-de-poeira-e-agua-brinque-sem-preocupacoes.webp 800w, https:\/\/www.telaled.com\/wp-content\/uploads\/2025\/11\/A-prova-de-poeira-e-agua-brinque-sem-preocupacoes-300x188.webp 300w, https:\/\/www.telaled.com\/wp-content\/uploads\/2025\/11\/A-prova-de-poeira-e-agua-brinque-sem-preocupacoes-768x480.webp 768w, https:\/\/www.telaled.com\/wp-content\/uploads\/2025\/11\/A-prova-de-poeira-e-agua-brinque-sem-preocupacoes-18x12.webp 18w, https:\/\/www.telaled.com\/wp-content\/uploads\/2025\/11\/A-prova-de-poeira-e-agua-brinque-sem-preocupacoes-600x375.webp 600w\" sizes=\"auto, (max-width: 800px) 100vw, 800px\" \/>\t\t\t\t\t\t\n\t\t\t\t\t<\/div>\n\t\t\t\t\t\t\t\t\n<style>\n#image_1186555548 {\n  width: 80%;\n}\n<\/style>\n\t<\/div>\n\t\n<ul>\n<li>Flessibile e pieghevole, pu\u00f2 essere piegato o ripiegato a seconda delle esigenze, rendendolo estremamente portatile e facile da trasportare. Per la conservazione a lungo termine, \u00e8 importante posizionare il pannello con lo schermo rivolto verso l&#039;interno ed evitare di appoggiarvi oggetti pesanti per preservarne l&#039;integrit\u00e0.<\/li>\n<\/ul>\n\t<div class=\"img has-hover x md-x lg-x y md-y lg-y\" id=\"image_63541030\">\n\t\t\t\t\t\t\t\t<div class=\"img-inner dark\" >\n\t\t\t<img loading=\"lazy\" decoding=\"async\" width=\"800\" height=\"500\" src=\"https:\/\/www.telaled.com\/wp-content\/uploads\/2025\/11\/macio-e-dobravel.webp\" class=\"attachment-large size-large\" alt=\"morbido e pieghevole\" srcset=\"https:\/\/www.telaled.com\/wp-content\/uploads\/2025\/11\/macio-e-dobravel.webp 800w, https:\/\/www.telaled.com\/wp-content\/uploads\/2025\/11\/macio-e-dobravel-300x188.webp 300w, https:\/\/www.telaled.com\/wp-content\/uploads\/2025\/11\/macio-e-dobravel-768x480.webp 768w, https:\/\/www.telaled.com\/wp-content\/uploads\/2025\/11\/macio-e-dobravel-18x12.webp 18w, https:\/\/www.telaled.com\/wp-content\/uploads\/2025\/11\/macio-e-dobravel-600x375.webp 600w\" sizes=\"auto, (max-width: 800px) 100vw, 800px\" \/>\t\t\t\t\t\t\n\t\t\t\t\t<\/div>\n\t\t\t\t\t\t\t\t\n<style>\n#image_63541030 {\n  width: 80%;\n}\n<\/style>\n\t<\/div>\n\t\n<ul>\n<li>Significativamente pi\u00f9 grande e con un display pi\u00f9 ampio. Le dimensioni maggiorate migliorano sia l&#039;esperienza di gioco che quella visiva, rendendolo ideale per spazi pi\u00f9 ampi. Diventa pi\u00f9 accattivante e vantaggioso se visto da lontano, offrendo un&#039;esperienza visiva pi\u00f9 immersiva e coinvolgente.<\/li>\n<\/ul>\n\t<div class=\"img has-hover x md-x lg-x y md-y lg-y\" id=\"image_1452637187\">\n\t\t\t\t\t\t\t\t<div class=\"img-inner dark\" >\n\t\t\t<img loading=\"lazy\" decoding=\"async\" width=\"800\" height=\"500\" src=\"https:\/\/www.telaled.com\/wp-content\/uploads\/2025\/11\/Tela-enorme-totalmente-ampliada.webp\" class=\"attachment-large size-large\" alt=\"Schermo enorme, completamente ingrandito\" srcset=\"https:\/\/www.telaled.com\/wp-content\/uploads\/2025\/11\/Tela-enorme-totalmente-ampliada.webp 800w, https:\/\/www.telaled.com\/wp-content\/uploads\/2025\/11\/Tela-enorme-totalmente-ampliada-300x188.webp 300w, https:\/\/www.telaled.com\/wp-content\/uploads\/2025\/11\/Tela-enorme-totalmente-ampliada-768x480.webp 768w, https:\/\/www.telaled.com\/wp-content\/uploads\/2025\/11\/Tela-enorme-totalmente-ampliada-18x12.webp 18w, https:\/\/www.telaled.com\/wp-content\/uploads\/2025\/11\/Tela-enorme-totalmente-ampliada-600x375.webp 600w\" sizes=\"auto, (max-width: 800px) 100vw, 800px\" \/>\t\t\t\t\t\t\n\t\t\t\t\t<\/div>\n\t\t\t\t\t\t\t\t\n<style>\n#image_1452637187 {\n  width: 80%;\n}\n<\/style>\n\t<\/div>\n\t\n<ul>\n<li>Si adatta alla curvatura del lunotto posteriore di qualsiasi veicolo, offrendo una visuale pi\u00f9 luminosa e chiara. Risolve il comune problema di compatibilit\u00e0 tra diversi modelli, rendendolo perfetto per camion, auto, SUV e molto altro.<\/li>\n<\/ul>\n\t<div class=\"img has-hover x md-x lg-x y md-y lg-y\" id=\"image_587017288\">\n\t\t\t\t\t\t\t\t<div class=\"img-inner dark\" >\n\t\t\t<img loading=\"lazy\" decoding=\"async\" width=\"800\" height=\"500\" src=\"https:\/\/www.telaled.com\/wp-content\/uploads\/2025\/11\/Ajuste-flexivel-e-universal-para-todos-os-tipos-de-veiculos.webp\" class=\"attachment-large size-large\" alt=\"Regolazione flessibile e universale per tutti i tipi di veicoli.\" srcset=\"https:\/\/www.telaled.com\/wp-content\/uploads\/2025\/11\/Ajuste-flexivel-e-universal-para-todos-os-tipos-de-veiculos.webp 800w, https:\/\/www.telaled.com\/wp-content\/uploads\/2025\/11\/Ajuste-flexivel-e-universal-para-todos-os-tipos-de-veiculos-300x188.webp 300w, https:\/\/www.telaled.com\/wp-content\/uploads\/2025\/11\/Ajuste-flexivel-e-universal-para-todos-os-tipos-de-veiculos-768x480.webp 768w, https:\/\/www.telaled.com\/wp-content\/uploads\/2025\/11\/Ajuste-flexivel-e-universal-para-todos-os-tipos-de-veiculos-18x12.webp 18w, https:\/\/www.telaled.com\/wp-content\/uploads\/2025\/11\/Ajuste-flexivel-e-universal-para-todos-os-tipos-de-veiculos-600x375.webp 600w\" sizes=\"auto, (max-width: 800px) 100vw, 800px\" \/>\t\t\t\t\t\t\n\t\t\t\t\t<\/div>\n\t\t\t\t\t\t\t\t\n<style>\n#image_587017288 {\n  width: 80%;\n}\n<\/style>\n\t<\/div>\n\t\n\t\t<\/div>\n\t\t\t\t\t<\/div>\n\n\t\n<\/div>\n\t\t<\/div>\n\t\t\t\t\t<\/div>\n\n\t\n<\/div>","protected":false},"excerpt":{"rendered":"<div><strong>Schermo LED flessibile per camion: una soluzione di visualizzazione intelligente, impermeabile e completamente programmabile.<\/strong><\/div>\n<div><\/div>\n<div>Questo display LED flessibile per auto offre un modo dinamico per visualizzare messaggi, avvisi, annunci o animazioni personalizzate sulla strada. Grazie al controllo tramite app Bluetooth e alla struttura impermeabile, \u00e8 progettato per l&#039;uso mobile in qualsiasi condizione atmosferica e di guida.<\/div>\n<div><\/div>\n<div><strong>Caratteristiche principali:<\/strong><\/div>\n<ul>\n<li><strong>Controllo intelligente tramite app per aggiornamenti in tempo reale:<\/strong> Cambia il contenuto all&#039;istante tramite Bluetooth utilizzando l&#039;app. <a href=\"https:\/\/www.telaled.com\/it\/painel-de-led-outdoor-movel\/\">mobile<\/a>; Modifica testo, immagini, animazioni o carica le tue immagini. Accedi a diverse modalit\u00e0 preimpostate, come segnali di avvertimento o effetti di luce speciali, senza toccare lo schermo.<\/li>\n<li><strong>Schermo completamente programmabile:<\/strong> Crea testi scorrevoli, GIF o immagini personalizzate in base alla situazione. Perfetti per pubblicit\u00e0, annunci, avvisi sul traffico o per rafforzare il tuo brand mentre il camion \u00e8 in movimento.<\/li>\n<li><strong>Flessibile, durevole e con grado di protezione IP67:<\/strong> Realizzato con un pannello LED in polimero morbido, facilmente ripiegabile e adattabile per il trasporto o lo stoccaggio. Il rivestimento antipolvere e impermeabile IP67 garantisce prestazioni affidabili in ambienti esterni e in condizioni meteorologiche avverse.<\/li>\n<\/ul>","protected":false},"featured_media":5490,"template":"","meta":[],"product_brand":[],"product_cat":[50,48,40,44],"product_tag":[],"class_list":{"0":"post-5483","1":"product","2":"type-product","3":"status-publish","4":"has-post-thumbnail","6":"product_cat-aluguel-de-painel-de-led","7":"product_cat-paineis-personalizados","8":"product_cat-painel-de-led","9":"product_cat-painel-de-led-flexivel","11":"first","12":"instock","13":"shipping-taxable","14":"product-type-simple"},"yoast_head":"<!-- This site is optimized with the Yoast SEO plugin v27.5 - https:\/\/yoast.com\/product\/yoast-seo-wordpress\/ -->\n<title>Tela de LED flex\u00edvel para Caminh\u00e3o | Solu\u00e7\u00f5es de publicidade m\u00f3vel | TELALED<\/title>\n<meta name=\"description\" content=\"Tela de LED flex\u00edvel para caminh\u00e3o, com controle por aplicativo Bluetooth, painel de LED male\u00e1vel e dobr\u00e1vel, texto personalizado, \u00edcones e anima\u00e7\u00f5es para uso em dispositivos m\u00f3veis. Solicite um or\u00e7amento agora!\" \/>\n<meta name=\"robots\" content=\"index, follow, max-snippet:-1, max-image-preview:large, max-video-preview:-1\" \/>\n<link rel=\"canonical\" href=\"https:\/\/www.telaled.com\/it\/fabrica\/tela-de-led-flexivel-para-caminhao\/\" \/>\n<meta property=\"og:locale\" content=\"it_IT\" \/>\n<meta property=\"og:type\" content=\"article\" \/>\n<meta property=\"og:title\" content=\"Tela de LED flex\u00edvel para Caminh\u00e3o | Solu\u00e7\u00f5es de publicidade m\u00f3vel | TELALED\" \/>\n<meta property=\"og:description\" content=\"Tela de LED flex\u00edvel para caminh\u00e3o, com controle por aplicativo Bluetooth, painel de LED male\u00e1vel e dobr\u00e1vel, texto personalizado, \u00edcones e anima\u00e7\u00f5es para uso em dispositivos m\u00f3veis. Solicite um or\u00e7amento agora!\" \/>\n<meta property=\"og:url\" content=\"https:\/\/www.telaled.com\/it\/fabrica\/tela-de-led-flexivel-para-caminhao\/\" \/>\n<meta property=\"og:site_name\" content=\"TELALED\" \/>\n<meta property=\"article:modified_time\" content=\"2026-01-11T05:45:03+00:00\" \/>\n<meta property=\"og:image\" content=\"https:\/\/www.telaled.com\/wp-content\/uploads\/2025\/11\/Tela-de-LED-flexivel-para-Caminhao.webp\" \/>\n\t<meta property=\"og:image:width\" content=\"500\" \/>\n\t<meta property=\"og:image:height\" content=\"500\" \/>\n\t<meta property=\"og:image:type\" content=\"image\/webp\" \/>\n<meta name=\"twitter:card\" content=\"summary_large_image\" \/>\n<meta name=\"twitter:label1\" content=\"Tempo di lettura stimato\" \/>\n\t<meta name=\"twitter:data1\" content=\"3 minuti\" \/>\n<script type=\"application\/ld+json\" class=\"yoast-schema-graph\">{\"@context\":\"https:\\\/\\\/schema.org\",\"@graph\":[{\"@type\":\"WebPage\",\"@id\":\"https:\\\/\\\/www.telaled.com\\\/fabrica\\\/tela-de-led-flexivel-para-caminhao\\\/\",\"url\":\"https:\\\/\\\/www.telaled.com\\\/fabrica\\\/tela-de-led-flexivel-para-caminhao\\\/\",\"name\":\"Tela de LED flex\u00edvel para Caminh\u00e3o | Solu\u00e7\u00f5es de publicidade m\u00f3vel | TELALED\",\"isPartOf\":{\"@id\":\"https:\\\/\\\/www.telaled.com\\\/#website\"},\"primaryImageOfPage\":{\"@id\":\"https:\\\/\\\/www.telaled.com\\\/fabrica\\\/tela-de-led-flexivel-para-caminhao\\\/#primaryimage\"},\"image\":{\"@id\":\"https:\\\/\\\/www.telaled.com\\\/fabrica\\\/tela-de-led-flexivel-para-caminhao\\\/#primaryimage\"},\"thumbnailUrl\":\"https:\\\/\\\/www.telaled.com\\\/wp-content\\\/uploads\\\/2025\\\/11\\\/Tela-de-LED-flexivel-para-Caminhao.webp\",\"datePublished\":\"2025-11-13T09:51:41+00:00\",\"dateModified\":\"2026-01-11T05:45:03+00:00\",\"description\":\"Tela de LED flex\u00edvel para caminh\u00e3o, com controle por aplicativo Bluetooth, painel de LED male\u00e1vel e dobr\u00e1vel, texto personalizado, \u00edcones e anima\u00e7\u00f5es para uso em dispositivos m\u00f3veis. Solicite um or\u00e7amento agora!\",\"breadcrumb\":{\"@id\":\"https:\\\/\\\/www.telaled.com\\\/fabrica\\\/tela-de-led-flexivel-para-caminhao\\\/#breadcrumb\"},\"inLanguage\":\"it-IT\",\"potentialAction\":[{\"@type\":\"ReadAction\",\"target\":[\"https:\\\/\\\/www.telaled.com\\\/fabrica\\\/tela-de-led-flexivel-para-caminhao\\\/\"]}]},{\"@type\":\"ImageObject\",\"inLanguage\":\"it-IT\",\"@id\":\"https:\\\/\\\/www.telaled.com\\\/fabrica\\\/tela-de-led-flexivel-para-caminhao\\\/#primaryimage\",\"url\":\"https:\\\/\\\/www.telaled.com\\\/wp-content\\\/uploads\\\/2025\\\/11\\\/Tela-de-LED-flexivel-para-Caminhao.webp\",\"contentUrl\":\"https:\\\/\\\/www.telaled.com\\\/wp-content\\\/uploads\\\/2025\\\/11\\\/Tela-de-LED-flexivel-para-Caminhao.webp\",\"width\":500,\"height\":500,\"caption\":\"Tela-de-LED-flex\u00edvel-para-Caminh\u00e3o\"},{\"@type\":\"BreadcrumbList\",\"@id\":\"https:\\\/\\\/www.telaled.com\\\/fabrica\\\/tela-de-led-flexivel-para-caminhao\\\/#breadcrumb\",\"itemListElement\":[{\"@type\":\"ListItem\",\"position\":1,\"name\":\"Home\",\"item\":\"https:\\\/\\\/www.telaled.com\\\/\"},{\"@type\":\"ListItem\",\"position\":2,\"name\":\"Produtos\",\"item\":\"https:\\\/\\\/www.telaled.com\\\/shop\\\/\"},{\"@type\":\"ListItem\",\"position\":3,\"name\":\"Tela de LED flex\u00edvel para Caminh\u00e3o\"}]},{\"@type\":\"WebSite\",\"@id\":\"https:\\\/\\\/www.telaled.com\\\/#website\",\"url\":\"https:\\\/\\\/www.telaled.com\\\/\",\"name\":\"TELALED\",\"description\":\"\",\"potentialAction\":[{\"@type\":\"SearchAction\",\"target\":{\"@type\":\"EntryPoint\",\"urlTemplate\":\"https:\\\/\\\/www.telaled.com\\\/?s={search_term_string}\"},\"query-input\":{\"@type\":\"PropertyValueSpecification\",\"valueRequired\":true,\"valueName\":\"search_term_string\"}}],\"inLanguage\":\"it-IT\"}]}<\/script>\n<!-- \/ Yoast SEO plugin. -->","yoast_head_json":{"title":"Schermo LED flessibile per camion | Soluzioni pubblicitarie mobili | TELALED","description":"Display LED flessibile per camion, con controllo tramite app Bluetooth, pannello LED malleabile e pieghevole, testo, icone e animazioni personalizzabili per l&#039;utilizzo su dispositivi mobili. Richiedi subito un preventivo!","robots":{"index":"index","follow":"follow","max-snippet":"max-snippet:-1","max-image-preview":"max-image-preview:large","max-video-preview":"max-video-preview:-1"},"canonical":"https:\/\/www.telaled.com\/it\/fabrica\/tela-de-led-flexivel-para-caminhao\/","og_locale":"it_IT","og_type":"article","og_title":"Tela de LED flex\u00edvel para Caminh\u00e3o | Solu\u00e7\u00f5es de publicidade m\u00f3vel | TELALED","og_description":"Tela de LED flex\u00edvel para caminh\u00e3o, com controle por aplicativo Bluetooth, painel de LED male\u00e1vel e dobr\u00e1vel, texto personalizado, \u00edcones e anima\u00e7\u00f5es para uso em dispositivos m\u00f3veis. Solicite um or\u00e7amento agora!","og_url":"https:\/\/www.telaled.com\/it\/fabrica\/tela-de-led-flexivel-para-caminhao\/","og_site_name":"TELALED","article_modified_time":"2026-01-11T05:45:03+00:00","og_image":[{"width":500,"height":500,"url":"https:\/\/www.telaled.com\/wp-content\/uploads\/2025\/11\/Tela-de-LED-flexivel-para-Caminhao.webp","type":"image\/webp"}],"twitter_card":"summary_large_image","twitter_misc":{"Tempo di lettura stimato":"3 minuti"},"schema":{"@context":"https:\/\/schema.org","@graph":[{"@type":"WebPage","@id":"https:\/\/www.telaled.com\/fabrica\/tela-de-led-flexivel-para-caminhao\/","url":"https:\/\/www.telaled.com\/fabrica\/tela-de-led-flexivel-para-caminhao\/","name":"Schermo LED flessibile per camion | Soluzioni pubblicitarie mobili | TELALED","isPartOf":{"@id":"https:\/\/www.telaled.com\/#website"},"primaryImageOfPage":{"@id":"https:\/\/www.telaled.com\/fabrica\/tela-de-led-flexivel-para-caminhao\/#primaryimage"},"image":{"@id":"https:\/\/www.telaled.com\/fabrica\/tela-de-led-flexivel-para-caminhao\/#primaryimage"},"thumbnailUrl":"https:\/\/www.telaled.com\/wp-content\/uploads\/2025\/11\/Tela-de-LED-flexivel-para-Caminhao.webp","datePublished":"2025-11-13T09:51:41+00:00","dateModified":"2026-01-11T05:45:03+00:00","description":"Display LED flessibile per camion, con controllo tramite app Bluetooth, pannello LED malleabile e pieghevole, testo, icone e animazioni personalizzabili per l&#039;utilizzo su dispositivi mobili. Richiedi subito un preventivo!","breadcrumb":{"@id":"https:\/\/www.telaled.com\/fabrica\/tela-de-led-flexivel-para-caminhao\/#breadcrumb"},"inLanguage":"it-IT","potentialAction":[{"@type":"ReadAction","target":["https:\/\/www.telaled.com\/fabrica\/tela-de-led-flexivel-para-caminhao\/"]}]},{"@type":"ImageObject","inLanguage":"it-IT","@id":"https:\/\/www.telaled.com\/fabrica\/tela-de-led-flexivel-para-caminhao\/#primaryimage","url":"https:\/\/www.telaled.com\/wp-content\/uploads\/2025\/11\/Tela-de-LED-flexivel-para-Caminhao.webp","contentUrl":"https:\/\/www.telaled.com\/wp-content\/uploads\/2025\/11\/Tela-de-LED-flexivel-para-Caminhao.webp","width":500,"height":500,"caption":"Tela-de-LED-flex\u00edvel-para-Caminh\u00e3o"},{"@type":"BreadcrumbList","@id":"https:\/\/www.telaled.com\/fabrica\/tela-de-led-flexivel-para-caminhao\/#breadcrumb","itemListElement":[{"@type":"ListItem","position":1,"name":"Home","item":"https:\/\/www.telaled.com\/"},{"@type":"ListItem","position":2,"name":"Produtos","item":"https:\/\/www.telaled.com\/shop\/"},{"@type":"ListItem","position":3,"name":"Tela de LED flex\u00edvel para Caminh\u00e3o"}]},{"@type":"WebSite","@id":"https:\/\/www.telaled.com\/#website","url":"https:\/\/www.telaled.com\/","name":"schermo LED","description":"","potentialAction":[{"@type":"SearchAction","target":{"@type":"EntryPoint","urlTemplate":"https:\/\/www.telaled.com\/?s={search_term_string}"},"query-input":{"@type":"PropertyValueSpecification","valueRequired":true,"valueName":"search_term_string"}}],"inLanguage":"it-IT"}]}},"_links":{"self":[{"href":"https:\/\/www.telaled.com\/it\/wp-json\/wp\/v2\/product\/5483","targetHints":{"allow":["GET"]}}],"collection":[{"href":"https:\/\/www.telaled.com\/it\/wp-json\/wp\/v2\/product"}],"about":[{"href":"https:\/\/www.telaled.com\/it\/wp-json\/wp\/v2\/types\/product"}],"wp:featuredmedia":[{"embeddable":true,"href":"https:\/\/www.telaled.com\/it\/wp-json\/wp\/v2\/media\/5490"}],"wp:attachment":[{"href":"https:\/\/www.telaled.com\/it\/wp-json\/wp\/v2\/media?parent=5483"}],"wp:term":[{"taxonomy":"product_brand","embeddable":true,"href":"https:\/\/www.telaled.com\/it\/wp-json\/wp\/v2\/product_brand?post=5483"},{"taxonomy":"product_cat","embeddable":true,"href":"https:\/\/www.telaled.com\/it\/wp-json\/wp\/v2\/product_cat?post=5483"},{"taxonomy":"product_tag","embeddable":true,"href":"https:\/\/www.telaled.com\/it\/wp-json\/wp\/v2\/product_tag?post=5483"}],"curies":[{"name":"parola chiave","href":"https:\/\/api.w.org\/{rel}","templated":true}]}}