{"id":3971,"date":"2025-10-09T13:35:49","date_gmt":"2025-10-09T13:35:49","guid":{"rendered":"https:\/\/www.telaled.com\/?post_type=product&#038;p=3971"},"modified":"2026-01-07T00:52:28","modified_gmt":"2026-01-07T00:52:28","slug":"cronometro-digital-para-basquete-serie-teg","status":"publish","type":"product","link":"https:\/\/www.telaled.com\/it\/fabrica\/cronometro-digital-para-basquete-serie-teg\/","title":{"rendered":"Cronometro digitale da basket serie TEG"},"content":{"rendered":"<div class=\"row\"  id=\"row-878633573\">\n\n\t<div id=\"col-592423593\" class=\"col small-12 large-12\"  >\n\t\t\t\t<div class=\"col-inner\"  >\n\t\t\t\n\t\t\t\n<h2><strong>Vantaggi unici del timer digitale per basket della serie TEG<\/strong><\/h2>\n<h3><strong>Tecnologia di controllo intelligente<\/strong><\/h3>\n<ul>\n<li>Dotato di un chip di controllo avanzato che mantiene la precisione temporale e la rapida risposta del segnale.<\/li>\n<li>Previene i ritardi durante il funzionamento e garantisce prestazioni stabili durante l&#039;intera partita.<\/li>\n<li>Progettato per resistere all&#039;uso continuo senza surriscaldamento o errori di sistema.<\/li>\n<\/ul>\n<h3><strong>Telaio in alluminio robusto<\/strong><\/h3>\n<ul>\n<li>Realizzato con un alloggiamento in alluminio ad alta resistenza che resiste agli urti e alla corrosione.<\/li>\n<li>Protegge i circuiti interni da danni durante il trasporto o l&#039;installazione frequenti.<\/li>\n<li>Combina leggerezza e portabilit\u00e0 con una durevolezza a lungo termine.<\/li>\n<\/ul>\n<h3><strong>Sistema di luminosit\u00e0 regolabile<\/strong><\/h3>\n<ul>\n<li>Regola automaticamente la luminosit\u00e0 dei LED in base alla luce ambientale.<\/li>\n<li>Migliora la visibilit\u00e0 in ambienti interni e semi-esterni.<\/li>\n<li><a href=\"https:\/\/www.telaled.com\/it\/entendendo-o-consumo-de-energia-painel-de-led-quao-eficientes-sao-os-displays-de-led-modernos\/\">Consumo energetico<\/a> Dimensioni ridotte mantenendo una nitida qualit\u00e0 di visualizzazione.<\/li>\n<\/ul>\n<h3><strong>Lunga durata della batteria e flessibilit\u00e0 di alimentazione<\/strong><\/h3>\n<ul>\n<li>Supporta l&#039;alimentazione tramite spina diretta e il funzionamento a batteria per prestazioni ininterrotte.<\/li>\n<li>Il design a risparmio energetico aumenta l&#039;autonomia tra una ricarica e l&#039;altra.<\/li>\n<li>Ideale per installazioni portatili o luoghi con accesso limitato all&#039;alimentazione.<\/li>\n<\/ul>\n<h2><strong>Dettagli del prodotto<\/strong><\/h2>\n<div class=\"row\"  id=\"row-1117952358\">\n\n\t<div id=\"col-788889405\" class=\"col medium-10 small-12 large-10\"  >\n\t\t\t\t<div class=\"col-inner text-left\"  >\n\t\t\t\n\t\t\t\n<ul>\n<li><strong>Dimensioni dello schermo<\/strong> - IL<strong> Timer digitale per basket serie TEG<\/strong> misura 80 x 30 cm, con un&#039;altezza digitale di 13 cm, garantendo una chiara visibilit\u00e0 su tutto il campo per giocatori e spettatori.<\/li>\n<\/ul>\n\t<div class=\"img has-hover x md-x lg-x y md-y lg-y\" id=\"image_894789737\">\n\t\t\t\t\t\t\t\t<div class=\"img-inner dark\" >\n\t\t\t<img loading=\"lazy\" decoding=\"async\" width=\"800\" height=\"800\" src=\"https:\/\/www.telaled.com\/wp-content\/uploads\/2025\/10\/Sizes.webp\" class=\"attachment-large size-large\" alt=\"Cronometro digitale da basket di dimensioni\" srcset=\"https:\/\/www.telaled.com\/wp-content\/uploads\/2025\/10\/Sizes.webp 800w, https:\/\/www.telaled.com\/wp-content\/uploads\/2025\/10\/Sizes-300x300.webp 300w, https:\/\/www.telaled.com\/wp-content\/uploads\/2025\/10\/Sizes-150x150.webp 150w, https:\/\/www.telaled.com\/wp-content\/uploads\/2025\/10\/Sizes-768x768.webp 768w, https:\/\/www.telaled.com\/wp-content\/uploads\/2025\/10\/Sizes-12x12.webp 12w, https:\/\/www.telaled.com\/wp-content\/uploads\/2025\/10\/Sizes-600x600.webp 600w, https:\/\/www.telaled.com\/wp-content\/uploads\/2025\/10\/Sizes-100x100.webp 100w\" sizes=\"auto, (max-width: 800px) 100vw, 800px\" \/>\t\t\t\t\t\t\n\t\t\t\t\t<\/div>\n\t\t\t\t\t\t\t\t\n<style>\n#image_894789737 {\n  width: 80%;\n}\n<\/style>\n\t<\/div>\n\t\n<ul>\n<li><strong>Opzioni di colore<\/strong> \u2013 Personalizza il display del tuo tabellone segnapunti con cifre LED rosse, blu, gialle, verdi o multicolori, per adattarlo al tema della tua squadra o al design della sede.<\/li>\n<\/ul>\n\t<div class=\"img has-hover x md-x lg-x y md-y lg-y\" id=\"image_1011789779\">\n\t\t\t\t\t\t\t\t<div class=\"img-inner dark\" >\n\t\t\t<img loading=\"lazy\" decoding=\"async\" width=\"800\" height=\"800\" src=\"https:\/\/www.telaled.com\/wp-content\/uploads\/2025\/10\/Customize.webp\" class=\"attachment-original size-original\" alt=\"\" srcset=\"https:\/\/www.telaled.com\/wp-content\/uploads\/2025\/10\/Customize.webp 800w, https:\/\/www.telaled.com\/wp-content\/uploads\/2025\/10\/Customize-300x300.webp 300w, https:\/\/www.telaled.com\/wp-content\/uploads\/2025\/10\/Customize-150x150.webp 150w, https:\/\/www.telaled.com\/wp-content\/uploads\/2025\/10\/Customize-768x768.webp 768w, https:\/\/www.telaled.com\/wp-content\/uploads\/2025\/10\/Customize-12x12.webp 12w, https:\/\/www.telaled.com\/wp-content\/uploads\/2025\/10\/Customize-600x600.webp 600w, https:\/\/www.telaled.com\/wp-content\/uploads\/2025\/10\/Customize-100x100.webp 100w\" sizes=\"auto, (max-width: 800px) 100vw, 800px\" \/>\t\t\t\t\t\t\n\t\t\t\t\t<\/div>\n\t\t\t\t\t\t\t\t\n<style>\n#image_1011789779 {\n  width: 80%;\n}\n<\/style>\n\t<\/div>\n\t\n<ul>\n<li><strong>Ampia applicazione<\/strong> \u2013 Perfetto per partite di basket, centri di allenamento, palestre scolastiche e palazzetti dello sport al coperto, garantisce tempi precisi e una visualizzazione chiara del punteggio per ogni partita.<\/li>\n<\/ul>\n\t<div class=\"img has-hover x md-x lg-x y md-y lg-y\" id=\"image_254587040\">\n\t\t\t\t\t\t\t\t<div class=\"img-inner dark\" >\n\t\t\t<img loading=\"lazy\" decoding=\"async\" width=\"600\" height=\"400\" src=\"https:\/\/www.telaled.com\/wp-content\/uploads\/2025\/10\/Application.webp\" class=\"attachment-large size-large\" alt=\"Applicazione\" srcset=\"https:\/\/www.telaled.com\/wp-content\/uploads\/2025\/10\/Application.webp 600w, https:\/\/www.telaled.com\/wp-content\/uploads\/2025\/10\/Application-300x200.webp 300w, https:\/\/www.telaled.com\/wp-content\/uploads\/2025\/10\/Application-18x12.webp 18w\" sizes=\"auto, (max-width: 600px) 100vw, 600px\" \/>\t\t\t\t\t\t\n\t\t\t\t\t<\/div>\n\t\t\t\t\t\t\t\t\n<style>\n#image_254587040 {\n  width: 80%;\n}\n<\/style>\n\t<\/div>\n\t\n<ul>\n<li><strong>Design intuitivo<\/strong> \u2013 \u00c8 dotato di un&#039;interfaccia di controllo semplice, tempi di risposta rapidi e una struttura leggera, che semplificano l&#039;installazione, il funzionamento e lo stoccaggio anche per gli utenti non tecnici.<\/li>\n<\/ul>\n\t<div class=\"img has-hover x md-x lg-x y md-y lg-y\" id=\"image_1022650497\">\n\t\t\t\t\t\t\t\t<div class=\"img-inner dark\" >\n\t\t\t<img loading=\"lazy\" decoding=\"async\" width=\"800\" height=\"800\" src=\"https:\/\/www.telaled.com\/wp-content\/uploads\/2025\/10\/User-Friendly.webp\" class=\"attachment-large size-large\" alt=\"\" srcset=\"https:\/\/www.telaled.com\/wp-content\/uploads\/2025\/10\/User-Friendly.webp 800w, https:\/\/www.telaled.com\/wp-content\/uploads\/2025\/10\/User-Friendly-300x300.webp 300w, https:\/\/www.telaled.com\/wp-content\/uploads\/2025\/10\/User-Friendly-150x150.webp 150w, https:\/\/www.telaled.com\/wp-content\/uploads\/2025\/10\/User-Friendly-768x768.webp 768w, https:\/\/www.telaled.com\/wp-content\/uploads\/2025\/10\/User-Friendly-12x12.webp 12w, https:\/\/www.telaled.com\/wp-content\/uploads\/2025\/10\/User-Friendly-600x600.webp 600w, https:\/\/www.telaled.com\/wp-content\/uploads\/2025\/10\/User-Friendly-100x100.webp 100w\" sizes=\"auto, (max-width: 800px) 100vw, 800px\" \/>\t\t\t\t\t\t\n\t\t\t\t\t<\/div>\n\t\t\t\t\t\t\t\t\n<style>\n#image_1022650497 {\n  width: 80%;\n}\n<\/style>\n\t<\/div>\n\t\n<ul>\n<li>Ogni <strong>Cronometro digitale da basket serie TEG<\/strong> \u00c8 imballato in robuste casse di legno, rinforzate per resistere al trasporto a lunga distanza. Ogni unit\u00e0 \u00e8 fissata saldamente per prevenire urti o danni causati da parassiti, garantendo che arrivi in \u200b\u200bperfette condizioni, pronta all&#039;uso.<\/li>\n<\/ul>\n\t<div class=\"img has-hover x md-x lg-x y md-y lg-y\" id=\"image_535907123\">\n\t\t\t\t\t\t\t\t<div class=\"img-inner dark\" >\n\t\t\t<img loading=\"lazy\" decoding=\"async\" width=\"760\" height=\"1024\" src=\"https:\/\/www.telaled.com\/wp-content\/uploads\/2025\/08\/36123f2c-de60-488d-af81-255cd4aee54a-760x1024.webp\" class=\"attachment-large size-large\" alt=\"\" srcset=\"https:\/\/www.telaled.com\/wp-content\/uploads\/2025\/08\/36123f2c-de60-488d-af81-255cd4aee54a-760x1024.webp 760w, https:\/\/www.telaled.com\/wp-content\/uploads\/2025\/08\/36123f2c-de60-488d-af81-255cd4aee54a-223x300.webp 223w, https:\/\/www.telaled.com\/wp-content\/uploads\/2025\/08\/36123f2c-de60-488d-af81-255cd4aee54a-768x1035.webp 768w, https:\/\/www.telaled.com\/wp-content\/uploads\/2025\/08\/36123f2c-de60-488d-af81-255cd4aee54a-9x12.webp 9w, https:\/\/www.telaled.com\/wp-content\/uploads\/2025\/08\/36123f2c-de60-488d-af81-255cd4aee54a-600x808.webp 600w, https:\/\/www.telaled.com\/wp-content\/uploads\/2025\/08\/36123f2c-de60-488d-af81-255cd4aee54a.webp 795w\" sizes=\"auto, (max-width: 760px) 100vw, 760px\" \/>\t\t\t\t\t\t\n\t\t\t\t\t<\/div>\n\t\t\t\t\t\t\t\t\n<style>\n#image_535907123 {\n  width: 80%;\n}\n<\/style>\n\t<\/div>\n\t\n\n<table id=\"tablepress-103\" class=\"tablepress tablepress-id-103\">\n<thead>\n<tr class=\"row-1\">\n\t<th colspan=\"4\" class=\"column-1\">Descrizione del prodotto<\/th>\n<\/tr>\n<\/thead>\n<tbody class=\"row-striping row-hover\">\n<tr class=\"row-2\">\n\t<td class=\"column-1\">Specifiche<\/td><td class=\"column-2\">Cronometro digitale da basket serie TEG<\/td><td class=\"column-3\"><\/td><td class=\"column-4\"><\/td>\n<\/tr>\n<tr class=\"row-3\">\n\t<td class=\"column-1\">Colore LED<\/td><td class=\"column-2\">Multicolore<\/td><td class=\"column-3\"><\/td><td class=\"column-4\"><\/td>\n<\/tr>\n<tr class=\"row-4\">\n\t<td class=\"column-1\">Altezza delle cifre<\/td><td class=\"column-2\">5 pollici<\/td><td class=\"column-3\"><\/td><td class=\"column-4\"><\/td>\n<\/tr>\n<tr class=\"row-5\">\n\t<td class=\"column-1\">Dimensione<\/td><td class=\"column-2\">800X300X60 mm (31,4x11,8x2,7 pollici)<\/td><td class=\"column-3\"><\/td><td class=\"column-4\"><\/td>\n<\/tr>\n<tr class=\"row-6\">\n\t<td class=\"column-1\">Operazione<\/td><td class=\"column-2\">Telecomando a infrarossi<\/td><td class=\"column-3\"><\/td><td class=\"column-4\"><\/td>\n<\/tr>\n<tr class=\"row-7\">\n\t<td class=\"column-1\">Energia<\/td><td class=\"column-2\">AC 110V-240V DC 5V 2A (sono disponibili spine diverse per ogni paese)<\/td><td class=\"column-3\"><\/td><td class=\"column-4\"><\/td>\n<\/tr>\n<tr class=\"row-8\">\n\t<td class=\"column-1\">Caso<\/td><td class=\"column-2\">Telaio in lega di alluminio resistente, lente acrilica antiriflesso<\/td><td class=\"column-3\"><\/td><td class=\"column-4\"><\/td>\n<\/tr>\n<tr class=\"row-9\">\n\t<td class=\"column-1\">Peso<\/td><td class=\"column-2\">3,9 kg<\/td><td class=\"column-3\"><\/td><td class=\"column-4\"><\/td>\n<\/tr>\n<tr class=\"row-10\">\n\t<td class=\"column-1\">Funzione<\/td><td class=\"column-2\">Visualizzazione del punteggio, visualizzazione del conto alla rovescia\/incremento MM:SS<\/td><td class=\"column-3\"><\/td><td class=\"column-4\"><\/td>\n<\/tr>\n<tr class=\"row-11\">\n\t<td class=\"column-1\">Appello<\/td><td class=\"column-2\">Supporta l&#039;alimentazione tramite caricabatterie portatile o batteria ricaricabile.<br \/>\nRegolazione della luminosit\u00e0 a 5 livelli.<br \/>\nIl timer pu\u00f2 essere fissato direttamente alla parete o appoggiato su un tavolo.<\/td><td class=\"column-3\"><\/td><td class=\"column-4\"><\/td>\n<\/tr>\n<\/tbody>\n<\/table>\n<!-- #tablepress-103 from cache -->\n\t\t<\/div>\n\t\t\t\t\t<\/div>\n\n\t\n<\/div>\n\t\t<\/div>\n\t\t\t\t\t<\/div>\n\n\t\n<\/div>","protected":false},"excerpt":{"rendered":"<p><strong>Timer digitale per basket serie TEG: cronometraggio di precisione semplificato<\/strong><\/p>\n<p>IL <em><strong>Cronometro digitale da basket serie TEG<\/strong><\/em> Fornisce punteggi accurati e di facile lettura per il basket e altri sport. Il suo luminoso display LED, le molteplici modalit\u00e0 di punteggio e il design portatile lo rendono ideale per le scuole., <a href=\"https:\/\/www.telaled.com\/it\/cronometro-academia\/\">palestre<\/a> e centri di formazione.<\/p>\n<p><strong>Principali vantaggi:<\/strong><\/p>\n<ul>\n<li><strong>Controllo wireless a lunga distanza<\/strong> \u2013 Gestisci punteggi e tempi da remoto utilizzando la console di controllo per una maggiore comodit\u00e0.<\/li>\n<li><strong>Tempistica precisa<\/strong> \u2013 Monitora accuratamente le partite per mantenere un gameplay corretto e professionale.<\/li>\n<li><strong>Installazione e funzionamento rapidi<\/strong> \u2013 Portatile e facile da usare, puoi installarlo in pochi minuti, non sono richieste conoscenze tecniche.<\/li>\n<li><strong>Durevole e affidabile<\/strong> \u2013 Realizzato con materiali di alta qualit\u00e0 per garantire prestazioni costanti e lunga durata.<\/li>\n<\/ul>\n<p><span style=\"font-weight: 400;\">Il nostro team offre supporto remoto 24 ore su 24, 7 giorni su 7 e una garanzia di 3 anni. Contattaci oggi stesso per un preventivo personalizzato.<\/span><\/p>","protected":false},"featured_media":3975,"template":"","meta":[],"product_brand":[],"product_cat":[48,40,44,46],"product_tag":[],"class_list":{"0":"post-3971","1":"product","2":"type-product","3":"status-publish","4":"has-post-thumbnail","6":"product_cat-paineis-personalizados","7":"product_cat-painel-de-led","8":"product_cat-painel-de-led-flexivel","9":"product_cat-painel-de-video","11":"first","12":"instock","13":"shipping-taxable","14":"product-type-simple"},"yoast_head":"<!-- This site is optimized with the Yoast SEO plugin v27.5 - https:\/\/yoast.com\/product\/yoast-seo-wordpress\/ -->\n<title>Cronometro Digital Para Basquete S\u00e9rie TEG | TELALED<\/title>\n<meta name=\"description\" content=\"Melhore seu jogo com um cronometro digital para basquete. Placar LED multifuncional com visor n\u00edtido e design dur\u00e1vel para qualquer arena esportiva.\" \/>\n<meta name=\"robots\" content=\"index, follow, max-snippet:-1, max-image-preview:large, max-video-preview:-1\" \/>\n<link rel=\"canonical\" href=\"https:\/\/www.telaled.com\/it\/fabrica\/cronometro-digital-para-basquete-serie-teg\/\" \/>\n<meta property=\"og:locale\" content=\"it_IT\" \/>\n<meta property=\"og:type\" content=\"article\" \/>\n<meta property=\"og:title\" content=\"Cronometro Digital Para Basquete S\u00e9rie TEG | TELALED\" \/>\n<meta property=\"og:description\" content=\"Melhore seu jogo com um cronometro digital para basquete. Placar LED multifuncional com visor n\u00edtido e design dur\u00e1vel para qualquer arena esportiva.\" \/>\n<meta property=\"og:url\" content=\"https:\/\/www.telaled.com\/it\/fabrica\/cronometro-digital-para-basquete-serie-teg\/\" \/>\n<meta property=\"og:site_name\" content=\"TELALED\" \/>\n<meta property=\"article:modified_time\" content=\"2026-01-07T00:52:28+00:00\" \/>\n<meta property=\"og:image\" content=\"https:\/\/www.telaled.com\/wp-content\/uploads\/2025\/10\/Digital-basketball-timer.webp\" \/>\n\t<meta property=\"og:image:width\" content=\"500\" \/>\n\t<meta property=\"og:image:height\" content=\"500\" \/>\n\t<meta property=\"og:image:type\" content=\"image\/webp\" \/>\n<meta name=\"twitter:card\" content=\"summary_large_image\" \/>\n<meta name=\"twitter:label1\" content=\"Tempo di lettura stimato\" \/>\n\t<meta name=\"twitter:data1\" content=\"3 minuti\" \/>\n<script type=\"application\/ld+json\" class=\"yoast-schema-graph\">{\"@context\":\"https:\\\/\\\/schema.org\",\"@graph\":[{\"@type\":\"WebPage\",\"@id\":\"https:\\\/\\\/www.telaled.com\\\/fabrica\\\/cronometro-digital-para-basquete-serie-teg\\\/\",\"url\":\"https:\\\/\\\/www.telaled.com\\\/fabrica\\\/cronometro-digital-para-basquete-serie-teg\\\/\",\"name\":\"Cronometro Digital Para Basquete S\u00e9rie TEG | TELALED\",\"isPartOf\":{\"@id\":\"https:\\\/\\\/www.telaled.com\\\/#website\"},\"primaryImageOfPage\":{\"@id\":\"https:\\\/\\\/www.telaled.com\\\/fabrica\\\/cronometro-digital-para-basquete-serie-teg\\\/#primaryimage\"},\"image\":{\"@id\":\"https:\\\/\\\/www.telaled.com\\\/fabrica\\\/cronometro-digital-para-basquete-serie-teg\\\/#primaryimage\"},\"thumbnailUrl\":\"https:\\\/\\\/www.telaled.com\\\/wp-content\\\/uploads\\\/2025\\\/10\\\/Digital-basketball-timer.webp\",\"datePublished\":\"2025-10-09T13:35:49+00:00\",\"dateModified\":\"2026-01-07T00:52:28+00:00\",\"description\":\"Melhore seu jogo com um cronometro digital para basquete. Placar LED multifuncional com visor n\u00edtido e design dur\u00e1vel para qualquer arena esportiva.\",\"breadcrumb\":{\"@id\":\"https:\\\/\\\/www.telaled.com\\\/fabrica\\\/cronometro-digital-para-basquete-serie-teg\\\/#breadcrumb\"},\"inLanguage\":\"it-IT\",\"potentialAction\":[{\"@type\":\"ReadAction\",\"target\":[\"https:\\\/\\\/www.telaled.com\\\/fabrica\\\/cronometro-digital-para-basquete-serie-teg\\\/\"]}]},{\"@type\":\"ImageObject\",\"inLanguage\":\"it-IT\",\"@id\":\"https:\\\/\\\/www.telaled.com\\\/fabrica\\\/cronometro-digital-para-basquete-serie-teg\\\/#primaryimage\",\"url\":\"https:\\\/\\\/www.telaled.com\\\/wp-content\\\/uploads\\\/2025\\\/10\\\/Digital-basketball-timer.webp\",\"contentUrl\":\"https:\\\/\\\/www.telaled.com\\\/wp-content\\\/uploads\\\/2025\\\/10\\\/Digital-basketball-timer.webp\",\"width\":500,\"height\":500,\"caption\":\"Cronometro digital para basquete\"},{\"@type\":\"BreadcrumbList\",\"@id\":\"https:\\\/\\\/www.telaled.com\\\/fabrica\\\/cronometro-digital-para-basquete-serie-teg\\\/#breadcrumb\",\"itemListElement\":[{\"@type\":\"ListItem\",\"position\":1,\"name\":\"Home\",\"item\":\"https:\\\/\\\/www.telaled.com\\\/\"},{\"@type\":\"ListItem\",\"position\":2,\"name\":\"Produtos\",\"item\":\"https:\\\/\\\/www.telaled.com\\\/shop\\\/\"},{\"@type\":\"ListItem\",\"position\":3,\"name\":\"Cronometro Digital Para Basquete S\u00e9rie TEG\"}]},{\"@type\":\"WebSite\",\"@id\":\"https:\\\/\\\/www.telaled.com\\\/#website\",\"url\":\"https:\\\/\\\/www.telaled.com\\\/\",\"name\":\"TELALED\",\"description\":\"\",\"potentialAction\":[{\"@type\":\"SearchAction\",\"target\":{\"@type\":\"EntryPoint\",\"urlTemplate\":\"https:\\\/\\\/www.telaled.com\\\/?s={search_term_string}\"},\"query-input\":{\"@type\":\"PropertyValueSpecification\",\"valueRequired\":true,\"valueName\":\"search_term_string\"}}],\"inLanguage\":\"it-IT\"}]}<\/script>\n<!-- \/ Yoast SEO plugin. -->","yoast_head_json":{"title":"Cronometro digitale da basket serie TEG | Schermo LED","description":"Migliora il tuo gioco con un tabellone segnapunti digitale per il basket. Questo tabellone segnapunti LED multifunzionale presenta un display nitido e un design resistente, perfetto per qualsiasi impianto sportivo.","robots":{"index":"index","follow":"follow","max-snippet":"max-snippet:-1","max-image-preview":"max-image-preview:large","max-video-preview":"max-video-preview:-1"},"canonical":"https:\/\/www.telaled.com\/it\/fabrica\/cronometro-digital-para-basquete-serie-teg\/","og_locale":"it_IT","og_type":"article","og_title":"Cronometro Digital Para Basquete S\u00e9rie TEG | TELALED","og_description":"Melhore seu jogo com um cronometro digital para basquete. Placar LED multifuncional com visor n\u00edtido e design dur\u00e1vel para qualquer arena esportiva.","og_url":"https:\/\/www.telaled.com\/it\/fabrica\/cronometro-digital-para-basquete-serie-teg\/","og_site_name":"TELALED","article_modified_time":"2026-01-07T00:52:28+00:00","og_image":[{"width":500,"height":500,"url":"https:\/\/www.telaled.com\/wp-content\/uploads\/2025\/10\/Digital-basketball-timer.webp","type":"image\/webp"}],"twitter_card":"summary_large_image","twitter_misc":{"Tempo di lettura stimato":"3 minuti"},"schema":{"@context":"https:\/\/schema.org","@graph":[{"@type":"WebPage","@id":"https:\/\/www.telaled.com\/fabrica\/cronometro-digital-para-basquete-serie-teg\/","url":"https:\/\/www.telaled.com\/fabrica\/cronometro-digital-para-basquete-serie-teg\/","name":"Cronometro digitale da basket serie TEG | Schermo LED","isPartOf":{"@id":"https:\/\/www.telaled.com\/#website"},"primaryImageOfPage":{"@id":"https:\/\/www.telaled.com\/fabrica\/cronometro-digital-para-basquete-serie-teg\/#primaryimage"},"image":{"@id":"https:\/\/www.telaled.com\/fabrica\/cronometro-digital-para-basquete-serie-teg\/#primaryimage"},"thumbnailUrl":"https:\/\/www.telaled.com\/wp-content\/uploads\/2025\/10\/Digital-basketball-timer.webp","datePublished":"2025-10-09T13:35:49+00:00","dateModified":"2026-01-07T00:52:28+00:00","description":"Migliora il tuo gioco con un tabellone segnapunti digitale per il basket. Questo tabellone segnapunti LED multifunzionale presenta un display nitido e un design resistente, perfetto per qualsiasi impianto sportivo.","breadcrumb":{"@id":"https:\/\/www.telaled.com\/fabrica\/cronometro-digital-para-basquete-serie-teg\/#breadcrumb"},"inLanguage":"it-IT","potentialAction":[{"@type":"ReadAction","target":["https:\/\/www.telaled.com\/fabrica\/cronometro-digital-para-basquete-serie-teg\/"]}]},{"@type":"ImageObject","inLanguage":"it-IT","@id":"https:\/\/www.telaled.com\/fabrica\/cronometro-digital-para-basquete-serie-teg\/#primaryimage","url":"https:\/\/www.telaled.com\/wp-content\/uploads\/2025\/10\/Digital-basketball-timer.webp","contentUrl":"https:\/\/www.telaled.com\/wp-content\/uploads\/2025\/10\/Digital-basketball-timer.webp","width":500,"height":500,"caption":"Cronometro digital para basquete"},{"@type":"BreadcrumbList","@id":"https:\/\/www.telaled.com\/fabrica\/cronometro-digital-para-basquete-serie-teg\/#breadcrumb","itemListElement":[{"@type":"ListItem","position":1,"name":"Home","item":"https:\/\/www.telaled.com\/"},{"@type":"ListItem","position":2,"name":"Produtos","item":"https:\/\/www.telaled.com\/shop\/"},{"@type":"ListItem","position":3,"name":"Cronometro Digital Para Basquete S\u00e9rie TEG"}]},{"@type":"WebSite","@id":"https:\/\/www.telaled.com\/#website","url":"https:\/\/www.telaled.com\/","name":"schermo LED","description":"","potentialAction":[{"@type":"SearchAction","target":{"@type":"EntryPoint","urlTemplate":"https:\/\/www.telaled.com\/?s={search_term_string}"},"query-input":{"@type":"PropertyValueSpecification","valueRequired":true,"valueName":"search_term_string"}}],"inLanguage":"it-IT"}]}},"_links":{"self":[{"href":"https:\/\/www.telaled.com\/it\/wp-json\/wp\/v2\/product\/3971","targetHints":{"allow":["GET"]}}],"collection":[{"href":"https:\/\/www.telaled.com\/it\/wp-json\/wp\/v2\/product"}],"about":[{"href":"https:\/\/www.telaled.com\/it\/wp-json\/wp\/v2\/types\/product"}],"wp:featuredmedia":[{"embeddable":true,"href":"https:\/\/www.telaled.com\/it\/wp-json\/wp\/v2\/media\/3975"}],"wp:attachment":[{"href":"https:\/\/www.telaled.com\/it\/wp-json\/wp\/v2\/media?parent=3971"}],"wp:term":[{"taxonomy":"product_brand","embeddable":true,"href":"https:\/\/www.telaled.com\/it\/wp-json\/wp\/v2\/product_brand?post=3971"},{"taxonomy":"product_cat","embeddable":true,"href":"https:\/\/www.telaled.com\/it\/wp-json\/wp\/v2\/product_cat?post=3971"},{"taxonomy":"product_tag","embeddable":true,"href":"https:\/\/www.telaled.com\/it\/wp-json\/wp\/v2\/product_tag?post=3971"}],"curies":[{"name":"parola chiave","href":"https:\/\/api.w.org\/{rel}","templated":true}]}}