{"id":3906,"date":"2025-10-08T14:42:58","date_gmt":"2025-10-08T14:42:58","guid":{"rendered":"https:\/\/www.telaled.com\/?post_type=product&#038;p=3906"},"modified":"2026-01-06T09:51:58","modified_gmt":"2026-01-06T09:51:58","slug":"placar-eletronico-de-futebol-serie-tef","status":"publish","type":"product","link":"https:\/\/www.telaled.com\/it\/fabrica\/placar-eletronico-de-futebol-serie-tef\/","title":{"rendered":"Tabellone segnapunti elettronico per calcio serie TEF"},"content":{"rendered":"<div class=\"row\"  id=\"row-649772679\">\n\n\t<div id=\"col-1661181559\" class=\"col small-12 large-12\"  >\n\t\t\t\t<div class=\"col-inner\"  >\n\t\t\t\n\t\t\t\n<h2><strong>Vantaggi unici del tabellone segnapunti elettronico per il calcio della serie TEF<\/strong><\/h2>\n<h3><strong>Tecnologia LED professionale<\/strong><\/h3>\n<ul>\n<li>I LED ad alta luminosit\u00e0 mantengono la visibilit\u00e0 anche sotto la luce diretta del sole.<\/li>\n<li>Il design a risparmio energetico consente lunghe ore di utilizzo.<\/li>\n<li>La luminosit\u00e0 costante garantisce una lettura chiara per giocatori e spettatori.<\/li>\n<\/ul>\n<h3><strong>Sistema integrato di punteggio e cronometraggio<\/strong><\/h3>\n<ul>\n<li>Combina cronometraggio e monitoraggio del punteggio in un&#039;unica unit\u00e0 compatta.<\/li>\n<li>Supporta il controllo manuale o wireless per un funzionamento flessibile.<\/li>\n<li>Ideale per campi scolastici, complessi sportivi e partite di club.<\/li>\n<\/ul>\n<h3><strong>Costruzione robusta e prestazioni affidabili<\/strong><\/h3>\n<ul>\n<li>Struttura in lega di alluminio resistente agli urti e alla corrosione.<\/li>\n<li>Il sistema interno stabile previene il surriscaldamento durante le partite lunghe.<\/li>\n<li>Progettato per il funzionamento continuo all&#039;aperto, in qualsiasi condizione atmosferica.<\/li>\n<\/ul>\n<h3><strong>Installazione flessibile<\/strong><\/h3>\n<ul>\n<li>Supporta il montaggio a parete, su treppiede o sul campo.<\/li>\n<li>La struttura leggera consente un montaggio e un trasporto rapidi.<\/li>\n<li>Funziona perfettamente sia in luoghi permanenti che temporanei.<\/li>\n<\/ul>\n<h2><strong>Dettagli del prodotto<\/strong><\/h2>\n<div class=\"row\"  id=\"row-1581241952\">\n\n\t<div id=\"col-924925779\" class=\"col medium-10 small-12 large-10\"  >\n\t\t\t\t<div class=\"col-inner text-left\"  >\n\t\t\t\n\t\t\t\n<ul>\n<li><strong>Modalit\u00e0 di punteggio multiple<\/strong> - IL <strong>Tabellone segnapunti elettronico per calcio serie TEF<\/strong> Supporta vari sport, tra cui <a href=\"https:\/\/www.telaled.com\/it\/fabrica\/placar-eletronico-para-basquete-serie-tee\/\">pallacanestro<\/a>, calcio, <a href=\"https:\/\/www.telaled.com\/it\/fabrica\/placar-eletronico-para-volei-serie-teb\/\">pallavolo<\/a> E <a href=\"https:\/\/www.telaled.com\/it\/fabrica\/placar-eletronico-para-badminton-serie-ted\/\">badminton<\/a>. La sua programmazione versatile lo rende ideale per le scuole., <a href=\"https:\/\/www.telaled.com\/it\/cronometro-academia\/\">palestre<\/a> e impianti sportivi che ospitano diverse partite.<\/li>\n<\/ul>\n\t<div class=\"img has-hover x md-x lg-x y md-y lg-y\" id=\"image_1746748218\">\n\t\t\t\t\t\t\t\t<div class=\"img-inner dark\" >\n\t\t\t<img loading=\"lazy\" decoding=\"async\" width=\"648\" height=\"1024\" src=\"https:\/\/www.telaled.com\/wp-content\/uploads\/2025\/10\/Multi-scoring-modes-648x1024.webp\" class=\"attachment-large size-large\" alt=\"Molteplici modalit\u00e0 di punteggio\" srcset=\"https:\/\/www.telaled.com\/wp-content\/uploads\/2025\/10\/Multi-scoring-modes-648x1024.webp 648w, https:\/\/www.telaled.com\/wp-content\/uploads\/2025\/10\/Multi-scoring-modes-190x300.webp 190w, https:\/\/www.telaled.com\/wp-content\/uploads\/2025\/10\/Multi-scoring-modes-768x1214.webp 768w, https:\/\/www.telaled.com\/wp-content\/uploads\/2025\/10\/Multi-scoring-modes-8x12.webp 8w, https:\/\/www.telaled.com\/wp-content\/uploads\/2025\/10\/Multi-scoring-modes-600x949.webp 600w, https:\/\/www.telaled.com\/wp-content\/uploads\/2025\/10\/Multi-scoring-modes.webp 790w\" sizes=\"auto, (max-width: 648px) 100vw, 648px\" \/>\t\t\t\t\t\t\n\t\t\t\t\t<\/div>\n\t\t\t\t\t\t\t\t\n<style>\n#image_1746748218 {\n  width: 80%;\n}\n<\/style>\n\t<\/div>\n\t\n<ul>\n<li><strong>Design multifunzionale<\/strong> Questo tabellone segnapunti portatile \u00e8 dotato di cicalino integrato, interruttore di alimentazione, porta di connessione alla console, interfaccia per antenna e supporto estensibile per una facile installazione. Ogni componente ne migliora l&#039;usabilit\u00e0, garantendo un funzionamento fluido e affidabile in qualsiasi ambiente.<\/li>\n<\/ul>\n\t<div class=\"img has-hover x md-x lg-x y md-y lg-y\" id=\"image_453383940\">\n\t\t\t\t\t\t\t\t<div class=\"img-inner dark\" >\n\t\t\t<img loading=\"lazy\" decoding=\"async\" width=\"790\" height=\"1646\" src=\"https:\/\/www.telaled.com\/wp-content\/uploads\/2025\/10\/Function.webp\" class=\"attachment-original size-original\" alt=\"Tabellone segnapunti elettronico per calcio serie TEF\" srcset=\"https:\/\/www.telaled.com\/wp-content\/uploads\/2025\/10\/Function.webp 790w, https:\/\/www.telaled.com\/wp-content\/uploads\/2025\/10\/Function-144x300.webp 144w, https:\/\/www.telaled.com\/wp-content\/uploads\/2025\/10\/Function-491x1024.webp 491w, https:\/\/www.telaled.com\/wp-content\/uploads\/2025\/10\/Function-768x1600.webp 768w, https:\/\/www.telaled.com\/wp-content\/uploads\/2025\/10\/Function-737x1536.webp 737w, https:\/\/www.telaled.com\/wp-content\/uploads\/2025\/10\/Function-6x12.webp 6w, https:\/\/www.telaled.com\/wp-content\/uploads\/2025\/10\/Function-600x1250.webp 600w\" sizes=\"auto, (max-width: 790px) 100vw, 790px\" \/>\t\t\t\t\t\t\n\t\t\t\t\t<\/div>\n\t\t\t\t\t\t\t\t\n<style>\n#image_453383940 {\n  width: 79%;\n}\n<\/style>\n\t<\/div>\n\t\n<ul>\n<li><strong>Con console di controllo<\/strong> \u2013 La console di controllo multifunzionale \u00e8 dotata di un display chiaro e di una batteria ricaricabile integrata. Offre un funzionamento semplice, una trasmissione stabile del segnale e un controllo a lunga distanza, offrendo agli utenti il controllo completo durante il gioco.<\/li>\n<\/ul>\n\t<div class=\"img has-hover x md-x lg-x y md-y lg-y\" id=\"image_1234316973\">\n\t\t\t\t\t\t\t\t<div class=\"img-inner dark\" >\n\t\t\t<img loading=\"lazy\" decoding=\"async\" width=\"790\" height=\"926\" src=\"https:\/\/www.telaled.com\/wp-content\/uploads\/2025\/10\/Control-Console.webp\" class=\"attachment-large size-large\" alt=\"\" srcset=\"https:\/\/www.telaled.com\/wp-content\/uploads\/2025\/10\/Control-Console.webp 790w, https:\/\/www.telaled.com\/wp-content\/uploads\/2025\/10\/Control-Console-256x300.webp 256w, https:\/\/www.telaled.com\/wp-content\/uploads\/2025\/10\/Control-Console-768x900.webp 768w, https:\/\/www.telaled.com\/wp-content\/uploads\/2025\/10\/Control-Console-10x12.webp 10w, https:\/\/www.telaled.com\/wp-content\/uploads\/2025\/10\/Control-Console-600x703.webp 600w\" sizes=\"auto, (max-width: 790px) 100vw, 790px\" \/>\t\t\t\t\t\t\n\t\t\t\t\t<\/div>\n\t\t\t\t\t\t\t\t\n<style>\n#image_1234316973 {\n  width: 80%;\n}\n<\/style>\n\t<\/div>\n\t\n<ul>\n<li><strong>Dimensioni compatte e facile posizionamento<\/strong> - IL <strong>Tabellone segnapunti elettronico per calcio serie TEF<\/strong> misura 592 mm x 374 mm, mentre la console di controllo misura 275 mm x 170 mm. Entrambe le unit\u00e0 sono leggere e compatte, il che le rende facili da trasportare, riporre e installare sul campo.<\/li>\n<\/ul>\n\t<div class=\"img has-hover x md-x lg-x y md-y lg-y\" id=\"image_6768622\">\n\t\t\t\t\t\t\t\t<div class=\"img-inner dark\" >\n\t\t\t<img loading=\"lazy\" decoding=\"async\" width=\"790\" height=\"814\" src=\"https:\/\/www.telaled.com\/wp-content\/uploads\/2025\/10\/Size.webp\" class=\"attachment-large size-large\" alt=\"\" srcset=\"https:\/\/www.telaled.com\/wp-content\/uploads\/2025\/10\/Size.webp 790w, https:\/\/www.telaled.com\/wp-content\/uploads\/2025\/10\/Size-291x300.webp 291w, https:\/\/www.telaled.com\/wp-content\/uploads\/2025\/10\/Size-768x791.webp 768w, https:\/\/www.telaled.com\/wp-content\/uploads\/2025\/10\/Size-12x12.webp 12w, https:\/\/www.telaled.com\/wp-content\/uploads\/2025\/10\/Size-600x618.webp 600w\" sizes=\"auto, (max-width: 790px) 100vw, 790px\" \/>\t\t\t\t\t\t\n\t\t\t\t\t<\/div>\n\t\t\t\t\t\t\t\t\n<style>\n#image_6768622 {\n  width: 80%;\n}\n<\/style>\n\t<\/div>\n\t\n<ul>\n<li>IL <strong>Tabellone segnapunti elettronico per calcio serie TEF<\/strong>\u00a0\u00c8 imballato in robuste casse di legno, rinforzate per resistere al trasporto su lunghe distanze. Ogni unit\u00e0 \u00e8 fissata saldamente per prevenire danni da parassiti o urti, garantendo che arrivi in \u200b\u200bperfette condizioni e pronta all&#039;uso.<\/li>\n<\/ul>\n\t<div class=\"img has-hover x md-x lg-x y md-y lg-y\" id=\"image_902935939\">\n\t\t\t\t\t\t\t\t<div class=\"img-inner dark\" >\n\t\t\t<img loading=\"lazy\" decoding=\"async\" width=\"760\" height=\"1024\" src=\"https:\/\/www.telaled.com\/wp-content\/uploads\/2025\/08\/36123f2c-de60-488d-af81-255cd4aee54a-760x1024.webp\" class=\"attachment-large size-large\" alt=\"\" srcset=\"https:\/\/www.telaled.com\/wp-content\/uploads\/2025\/08\/36123f2c-de60-488d-af81-255cd4aee54a-760x1024.webp 760w, https:\/\/www.telaled.com\/wp-content\/uploads\/2025\/08\/36123f2c-de60-488d-af81-255cd4aee54a-223x300.webp 223w, https:\/\/www.telaled.com\/wp-content\/uploads\/2025\/08\/36123f2c-de60-488d-af81-255cd4aee54a-768x1035.webp 768w, https:\/\/www.telaled.com\/wp-content\/uploads\/2025\/08\/36123f2c-de60-488d-af81-255cd4aee54a-9x12.webp 9w, https:\/\/www.telaled.com\/wp-content\/uploads\/2025\/08\/36123f2c-de60-488d-af81-255cd4aee54a-600x808.webp 600w, https:\/\/www.telaled.com\/wp-content\/uploads\/2025\/08\/36123f2c-de60-488d-af81-255cd4aee54a.webp 795w\" sizes=\"auto, (max-width: 760px) 100vw, 760px\" \/>\t\t\t\t\t\t\n\t\t\t\t\t<\/div>\n\t\t\t\t\t\t\t\t\n<style>\n#image_902935939 {\n  width: 80%;\n}\n<\/style>\n\t<\/div>\n\t\n\n<table id=\"tablepress-101\" class=\"tablepress tablepress-id-101\">\n<thead>\n<tr class=\"row-1\">\n\t<th colspan=\"4\" class=\"column-1\">Attributi principali<\/th>\n<\/tr>\n<\/thead>\n<tbody class=\"row-striping row-hover\">\n<tr class=\"row-2\">\n\t<td class=\"column-1\">Materiale<\/td><td class=\"column-2\">ABS<\/td><td class=\"column-3\"><\/td><td class=\"column-4\"><\/td>\n<\/tr>\n<tr class=\"row-3\">\n\t<td class=\"column-1\">Dimensioni del pannello<\/td><td class=\"column-2\">59,2*37,4 centimetri<\/td><td class=\"column-3\"><\/td><td class=\"column-4\"><\/td>\n<\/tr>\n<tr class=\"row-4\">\n\t<td class=\"column-1\">Controllare<\/td><td class=\"column-2\">Consolle<\/td><td class=\"column-3\"><\/td><td class=\"column-4\"><\/td>\n<\/tr>\n<tr class=\"row-5\">\n\t<td class=\"column-1\">Tensione di uscita<\/td><td class=\"column-2\">12,6 V 1 A<\/td><td class=\"column-3\"><\/td><td class=\"column-4\"><\/td>\n<\/tr>\n<tr class=\"row-6\">\n\t<td class=\"column-1\">Distanza visibile<\/td><td class=\"column-2\">&lt;50m<\/td><td class=\"column-3\"><\/td><td class=\"column-4\"><\/td>\n<\/tr>\n<tr class=\"row-7\">\n\t<td class=\"column-1\">Materiale del telaio<\/td><td class=\"column-2\">ABS<\/td><td class=\"column-3\"><\/td><td class=\"column-4\"><\/td>\n<\/tr>\n<tr class=\"row-8\">\n\t<td class=\"column-1\">Tensione di ingresso<\/td><td class=\"column-2\">100-240 V CA 50\/60 Hz<\/td><td class=\"column-3\"><\/td><td class=\"column-4\"><\/td>\n<\/tr>\n<tr class=\"row-9\">\n\t<td class=\"column-1\">Energia<\/td><td class=\"column-2\">&lt;7W<\/td><td class=\"column-3\"><\/td><td class=\"column-4\"><\/td>\n<\/tr>\n<\/tbody>\n<\/table>\n\n\t\t<\/div>\n\t\t\t\t\t<\/div>\n\n\t\n<\/div>\n\t\t<\/div>\n\t\t\t\t\t<\/div>\n\n\t\n<\/div>","protected":false},"excerpt":{"rendered":"<p><strong> Tabellone elettronico per il punteggio di calcio TEF Series: cronometraggio preciso per ogni partita<\/strong><\/p>\n<p>IL <em><strong>Tabellone segnapunti elettronico per calcio serie TEF<\/strong><\/em> Fornisce cronometraggio e punteggio accurati in un unico e moderno display. Progettato per allenamenti e partite ufficiali, garantisce che ogni gol, secondo e punteggio siano chiaramente visibili sul campo.<\/p>\n<p><strong>4 vantaggi principali:<\/strong><\/p>\n<ul>\n<li><strong>Tempismo di gioco preciso<\/strong> \u2013 Tiene traccia con precisione della durata della partita, aiutando arbitri e giocatori a rispettare i tempi previsti.<\/li>\n<li><strong>Display ad alta visibilit\u00e0<\/strong> \u2013 Utilizza cifre LED luminose per una visione chiara da qualsiasi angolazione o distanza.<\/li>\n<li><strong>Resistente per uso esterno<\/strong> \u2013 Realizzato con materiali resistenti alle intemperie per affrontare qualsiasi condizione sul campo.<\/li>\n<li><strong>Facile da usare<\/strong> \u2013 I controlli semplici consentono agli utenti di avviare, mettere in pausa e riavviare il cronometraggio senza ritardi.<\/li>\n<\/ul>\n<p><span style=\"font-weight: 400;\">Il nostro team offre supporto remoto 24 ore su 24, 7 giorni su 7 e una garanzia di 3 anni. Contattaci oggi stesso per un preventivo personalizzato.<\/span><\/p>","protected":false},"featured_media":3918,"template":"","meta":[],"product_brand":[],"product_cat":[48,40,44,46],"product_tag":[],"class_list":{"0":"post-3906","1":"product","2":"type-product","3":"status-publish","4":"has-post-thumbnail","6":"product_cat-paineis-personalizados","7":"product_cat-painel-de-led","8":"product_cat-painel-de-led-flexivel","9":"product_cat-painel-de-video","11":"first","12":"instock","13":"shipping-taxable","14":"product-type-simple"},"yoast_head":"<!-- This site is optimized with the Yoast SEO plugin v27.5 - https:\/\/yoast.com\/product\/yoast-seo-wordpress\/ -->\n<title>Placar Eletronico de Futebol S\u00e9rie TEF | TELALED<\/title>\n<meta name=\"description\" content=\"Placar Eletronico de Futebol S\u00e9rie TEF: um placar LED profissional com cronometragem precisa e exibi\u00e7\u00e3o de pontua\u00e7\u00e3o clara. Encomende agora!\" \/>\n<meta name=\"robots\" content=\"index, follow, max-snippet:-1, max-image-preview:large, max-video-preview:-1\" \/>\n<link rel=\"canonical\" href=\"https:\/\/www.telaled.com\/it\/fabrica\/placar-eletronico-de-futebol-serie-tef\/\" \/>\n<meta property=\"og:locale\" content=\"it_IT\" \/>\n<meta property=\"og:type\" content=\"article\" \/>\n<meta property=\"og:title\" content=\"Placar Eletronico de Futebol S\u00e9rie TEF | TELALED\" \/>\n<meta property=\"og:description\" content=\"Placar Eletronico de Futebol S\u00e9rie TEF: um placar LED profissional com cronometragem precisa e exibi\u00e7\u00e3o de pontua\u00e7\u00e3o clara. Encomende agora!\" \/>\n<meta property=\"og:url\" content=\"https:\/\/www.telaled.com\/it\/fabrica\/placar-eletronico-de-futebol-serie-tef\/\" \/>\n<meta property=\"og:site_name\" content=\"TELALED\" \/>\n<meta property=\"article:modified_time\" content=\"2026-01-06T09:51:58+00:00\" \/>\n<meta property=\"og:image\" content=\"https:\/\/www.telaled.com\/wp-content\/uploads\/2025\/10\/Placar-eletronico-de-futebol.webp\" \/>\n\t<meta property=\"og:image:width\" content=\"500\" \/>\n\t<meta property=\"og:image:height\" content=\"500\" \/>\n\t<meta property=\"og:image:type\" content=\"image\/webp\" \/>\n<meta name=\"twitter:card\" content=\"summary_large_image\" \/>\n<meta name=\"twitter:label1\" content=\"Tempo di lettura stimato\" \/>\n\t<meta name=\"twitter:data1\" content=\"3 minuti\" \/>\n<script type=\"application\/ld+json\" class=\"yoast-schema-graph\">{\"@context\":\"https:\\\/\\\/schema.org\",\"@graph\":[{\"@type\":\"WebPage\",\"@id\":\"https:\\\/\\\/www.telaled.com\\\/fabrica\\\/placar-eletronico-de-futebol-serie-tef\\\/\",\"url\":\"https:\\\/\\\/www.telaled.com\\\/fabrica\\\/placar-eletronico-de-futebol-serie-tef\\\/\",\"name\":\"Placar Eletronico de Futebol S\u00e9rie TEF | TELALED\",\"isPartOf\":{\"@id\":\"https:\\\/\\\/www.telaled.com\\\/#website\"},\"primaryImageOfPage\":{\"@id\":\"https:\\\/\\\/www.telaled.com\\\/fabrica\\\/placar-eletronico-de-futebol-serie-tef\\\/#primaryimage\"},\"image\":{\"@id\":\"https:\\\/\\\/www.telaled.com\\\/fabrica\\\/placar-eletronico-de-futebol-serie-tef\\\/#primaryimage\"},\"thumbnailUrl\":\"https:\\\/\\\/www.telaled.com\\\/wp-content\\\/uploads\\\/2025\\\/10\\\/Placar-eletronico-de-futebol.webp\",\"datePublished\":\"2025-10-08T14:42:58+00:00\",\"dateModified\":\"2026-01-06T09:51:58+00:00\",\"description\":\"Placar Eletronico de Futebol S\u00e9rie TEF: um placar LED profissional com cronometragem precisa e exibi\u00e7\u00e3o de pontua\u00e7\u00e3o clara. Encomende agora!\",\"breadcrumb\":{\"@id\":\"https:\\\/\\\/www.telaled.com\\\/fabrica\\\/placar-eletronico-de-futebol-serie-tef\\\/#breadcrumb\"},\"inLanguage\":\"it-IT\",\"potentialAction\":[{\"@type\":\"ReadAction\",\"target\":[\"https:\\\/\\\/www.telaled.com\\\/fabrica\\\/placar-eletronico-de-futebol-serie-tef\\\/\"]}]},{\"@type\":\"ImageObject\",\"inLanguage\":\"it-IT\",\"@id\":\"https:\\\/\\\/www.telaled.com\\\/fabrica\\\/placar-eletronico-de-futebol-serie-tef\\\/#primaryimage\",\"url\":\"https:\\\/\\\/www.telaled.com\\\/wp-content\\\/uploads\\\/2025\\\/10\\\/Placar-eletronico-de-futebol.webp\",\"contentUrl\":\"https:\\\/\\\/www.telaled.com\\\/wp-content\\\/uploads\\\/2025\\\/10\\\/Placar-eletronico-de-futebol.webp\",\"width\":500,\"height\":500,\"caption\":\"Placar eletronico de futebol\"},{\"@type\":\"BreadcrumbList\",\"@id\":\"https:\\\/\\\/www.telaled.com\\\/fabrica\\\/placar-eletronico-de-futebol-serie-tef\\\/#breadcrumb\",\"itemListElement\":[{\"@type\":\"ListItem\",\"position\":1,\"name\":\"Home\",\"item\":\"https:\\\/\\\/www.telaled.com\\\/\"},{\"@type\":\"ListItem\",\"position\":2,\"name\":\"Produtos\",\"item\":\"https:\\\/\\\/www.telaled.com\\\/shop\\\/\"},{\"@type\":\"ListItem\",\"position\":3,\"name\":\"Placar Eletronico de Futebol S\u00e9rie TEF\"}]},{\"@type\":\"WebSite\",\"@id\":\"https:\\\/\\\/www.telaled.com\\\/#website\",\"url\":\"https:\\\/\\\/www.telaled.com\\\/\",\"name\":\"TELALED\",\"description\":\"\",\"potentialAction\":[{\"@type\":\"SearchAction\",\"target\":{\"@type\":\"EntryPoint\",\"urlTemplate\":\"https:\\\/\\\/www.telaled.com\\\/?s={search_term_string}\"},\"query-input\":{\"@type\":\"PropertyValueSpecification\",\"valueRequired\":true,\"valueName\":\"search_term_string\"}}],\"inLanguage\":\"it-IT\"}]}<\/script>\n<!-- \/ Yoast SEO plugin. -->","yoast_head_json":{"title":"Tabellone segnapunti elettronico per calcio serie TEF | TELALED","description":"Tabellone segnapunti elettronico per calcio serie TEF: un tabellone segnapunti LED professionale con cronometraggio preciso e visualizzazione chiara del punteggio. Ordinalo subito!","robots":{"index":"index","follow":"follow","max-snippet":"max-snippet:-1","max-image-preview":"max-image-preview:large","max-video-preview":"max-video-preview:-1"},"canonical":"https:\/\/www.telaled.com\/it\/fabrica\/placar-eletronico-de-futebol-serie-tef\/","og_locale":"it_IT","og_type":"article","og_title":"Placar Eletronico de Futebol S\u00e9rie TEF | TELALED","og_description":"Placar Eletronico de Futebol S\u00e9rie TEF: um placar LED profissional com cronometragem precisa e exibi\u00e7\u00e3o de pontua\u00e7\u00e3o clara. Encomende agora!","og_url":"https:\/\/www.telaled.com\/it\/fabrica\/placar-eletronico-de-futebol-serie-tef\/","og_site_name":"TELALED","article_modified_time":"2026-01-06T09:51:58+00:00","og_image":[{"width":500,"height":500,"url":"https:\/\/www.telaled.com\/wp-content\/uploads\/2025\/10\/Placar-eletronico-de-futebol.webp","type":"image\/webp"}],"twitter_card":"summary_large_image","twitter_misc":{"Tempo di lettura stimato":"3 minuti"},"schema":{"@context":"https:\/\/schema.org","@graph":[{"@type":"WebPage","@id":"https:\/\/www.telaled.com\/fabrica\/placar-eletronico-de-futebol-serie-tef\/","url":"https:\/\/www.telaled.com\/fabrica\/placar-eletronico-de-futebol-serie-tef\/","name":"Tabellone segnapunti elettronico per calcio serie TEF | TELALED","isPartOf":{"@id":"https:\/\/www.telaled.com\/#website"},"primaryImageOfPage":{"@id":"https:\/\/www.telaled.com\/fabrica\/placar-eletronico-de-futebol-serie-tef\/#primaryimage"},"image":{"@id":"https:\/\/www.telaled.com\/fabrica\/placar-eletronico-de-futebol-serie-tef\/#primaryimage"},"thumbnailUrl":"https:\/\/www.telaled.com\/wp-content\/uploads\/2025\/10\/Placar-eletronico-de-futebol.webp","datePublished":"2025-10-08T14:42:58+00:00","dateModified":"2026-01-06T09:51:58+00:00","description":"Tabellone segnapunti elettronico per calcio serie TEF: un tabellone segnapunti LED professionale con cronometraggio preciso e visualizzazione chiara del punteggio. Ordinalo subito!","breadcrumb":{"@id":"https:\/\/www.telaled.com\/fabrica\/placar-eletronico-de-futebol-serie-tef\/#breadcrumb"},"inLanguage":"it-IT","potentialAction":[{"@type":"ReadAction","target":["https:\/\/www.telaled.com\/fabrica\/placar-eletronico-de-futebol-serie-tef\/"]}]},{"@type":"ImageObject","inLanguage":"it-IT","@id":"https:\/\/www.telaled.com\/fabrica\/placar-eletronico-de-futebol-serie-tef\/#primaryimage","url":"https:\/\/www.telaled.com\/wp-content\/uploads\/2025\/10\/Placar-eletronico-de-futebol.webp","contentUrl":"https:\/\/www.telaled.com\/wp-content\/uploads\/2025\/10\/Placar-eletronico-de-futebol.webp","width":500,"height":500,"caption":"Placar eletronico de futebol"},{"@type":"BreadcrumbList","@id":"https:\/\/www.telaled.com\/fabrica\/placar-eletronico-de-futebol-serie-tef\/#breadcrumb","itemListElement":[{"@type":"ListItem","position":1,"name":"Home","item":"https:\/\/www.telaled.com\/"},{"@type":"ListItem","position":2,"name":"Produtos","item":"https:\/\/www.telaled.com\/shop\/"},{"@type":"ListItem","position":3,"name":"Placar Eletronico de Futebol S\u00e9rie TEF"}]},{"@type":"WebSite","@id":"https:\/\/www.telaled.com\/#website","url":"https:\/\/www.telaled.com\/","name":"schermo LED","description":"","potentialAction":[{"@type":"SearchAction","target":{"@type":"EntryPoint","urlTemplate":"https:\/\/www.telaled.com\/?s={search_term_string}"},"query-input":{"@type":"PropertyValueSpecification","valueRequired":true,"valueName":"search_term_string"}}],"inLanguage":"it-IT"}]}},"_links":{"self":[{"href":"https:\/\/www.telaled.com\/it\/wp-json\/wp\/v2\/product\/3906","targetHints":{"allow":["GET"]}}],"collection":[{"href":"https:\/\/www.telaled.com\/it\/wp-json\/wp\/v2\/product"}],"about":[{"href":"https:\/\/www.telaled.com\/it\/wp-json\/wp\/v2\/types\/product"}],"wp:featuredmedia":[{"embeddable":true,"href":"https:\/\/www.telaled.com\/it\/wp-json\/wp\/v2\/media\/3918"}],"wp:attachment":[{"href":"https:\/\/www.telaled.com\/it\/wp-json\/wp\/v2\/media?parent=3906"}],"wp:term":[{"taxonomy":"product_brand","embeddable":true,"href":"https:\/\/www.telaled.com\/it\/wp-json\/wp\/v2\/product_brand?post=3906"},{"taxonomy":"product_cat","embeddable":true,"href":"https:\/\/www.telaled.com\/it\/wp-json\/wp\/v2\/product_cat?post=3906"},{"taxonomy":"product_tag","embeddable":true,"href":"https:\/\/www.telaled.com\/it\/wp-json\/wp\/v2\/product_tag?post=3906"}],"curies":[{"name":"parola chiave","href":"https:\/\/api.w.org\/{rel}","templated":true}]}}