{"id":3856,"date":"2025-10-08T02:12:15","date_gmt":"2025-10-08T02:12:15","guid":{"rendered":"https:\/\/www.telaled.com\/?post_type=product&#038;p=3856"},"modified":"2026-01-07T01:00:48","modified_gmt":"2026-01-07T01:00:48","slug":"cronometro-academia-serie-teh","status":"publish","type":"product","link":"https:\/\/www.telaled.com\/it\/fabrica\/cronometro-academia-serie-teh\/","title":{"rendered":"Serie Academy Chronometer TEH"},"content":{"rendered":"<div class=\"row\"  id=\"row-734693291\">\n\n\t<div id=\"col-981501177\" class=\"col small-12 large-12\"  >\n\t\t\t\t<div class=\"col-inner\"  >\n\t\t\t\n\t\t\t\n<h2>Serie Academy Chronometer TEH<\/h2>\n<h3><strong><span dir=\"auto\" style=\"vertical-align: inherit;\"><span dir=\"auto\" style=\"vertical-align: inherit;\"><span dir=\"auto\" style=\"vertical-align: inherit;\"><span dir=\"auto\" style=\"vertical-align: inherit;\"><span dir=\"auto\" style=\"vertical-align: inherit;\"><span dir=\"auto\" style=\"vertical-align: inherit;\">Durata superiore<\/span><\/span><\/span><\/span><\/span><\/span><\/strong><\/h3>\n<ul>\n<li>Realizzato con un telaio in alluminio di alta qualit\u00e0 che resiste agli urti, alla corrosione e al calore.<\/li>\n<li>L&#039;involucro sigillato protegge i circuiti da polvere e umidit\u00e0, garantendo un&#039;affidabilit\u00e0 a lungo termine.<\/li>\n<li>Le staffe rinforzate mantengono l&#039;unit\u00e0 stabile su supporti a parete, a soffitto o su treppiede.<\/li>\n<\/ul>\n<h3><strong><span dir=\"auto\" style=\"vertical-align: inherit;\"><span dir=\"auto\" style=\"vertical-align: inherit;\"><span dir=\"auto\" style=\"vertical-align: inherit;\"><span dir=\"auto\" style=\"vertical-align: inherit;\"><span dir=\"auto\" style=\"vertical-align: inherit;\"><span dir=\"auto\" style=\"vertical-align: inherit;\">Qualit\u00e0 visiva eccezionale<\/span><\/span><\/span><\/span><\/span><\/span><\/strong><\/h3>\n<ul>\n<li>Utilizza LED rossi e gialli ad alta luminosit\u00e0 da 5 pollici (12,7 cm) per una visibilit\u00e0 fino a 40 m.<\/li>\n<li>Le lenti acriliche antiriflesso migliorano il contrasto e prevengono il riflesso della luce.<\/li>\n<li>Mantiene una luminosit\u00e0 costante e un&#039;uniformit\u00e0 del colore anche in condizioni di forte illuminazione.<\/li>\n<\/ul>\n<h3><strong><span dir=\"auto\" style=\"vertical-align: inherit;\"><span dir=\"auto\" style=\"vertical-align: inherit;\"><span dir=\"auto\" style=\"vertical-align: inherit;\"><span dir=\"auto\" style=\"vertical-align: inherit;\"><span dir=\"auto\" style=\"vertical-align: inherit;\"><span dir=\"auto\" style=\"vertical-align: inherit;\">Completa adattabilit\u00e0<\/span><\/span><\/span><\/span><\/span><\/span><\/strong><\/h3>\n<ul>\n<li>Funziona con 110-260 V CA o 12 V CC per configurazioni interne o esterne.<\/li>\n<li>Controllato tramite telecomando wireless o app per una rapida regolazione.<\/li>\n<li>Pu\u00f2 essere facilmente montato su pareti, soffitti o treppiedi per un utilizzo flessibile in palestre o campi da gioco.<\/li>\n<\/ul>\n<h3><strong><span dir=\"auto\" style=\"vertical-align: inherit;\"><span dir=\"auto\" style=\"vertical-align: inherit;\"><span dir=\"auto\" style=\"vertical-align: inherit;\"><span dir=\"auto\" style=\"vertical-align: inherit;\"><span dir=\"auto\" style=\"vertical-align: inherit;\"><span dir=\"auto\" style=\"vertical-align: inherit;\">Supporto completo<\/span><\/span><\/span><\/span><\/span><\/span><\/strong><\/h3>\n<ul>\n<li><em><strong>Supporto tecnico remoto 24 ore su 24, 7 giorni su 7:<\/strong><\/em> Ricevi assistenza professionale ogni volta che ne hai bisogno. Il nostro team di supporto dedicato \u00e8 disponibile 24 ore su 24, 7 giorni su 7, per garantire che il tuo timer da palestra TEH Series funzioni al massimo delle prestazioni, senza interruzioni.<\/li>\n<li><em><strong>Ricambi 5% inclusi:<\/strong><\/em> Ogni unit\u00e0 \u00e8 dotata di componenti aggiuntivi per aumentare l&#039;affidabilit\u00e0 e ridurre al minimo i tempi di fermo per manutenzione, aiutandoti a far funzionare la tua palestra senza intoppi.<\/li>\n<li><strong><em>Garanzia estesa di 3 anni:<\/em><\/strong> Goditi una protezione a lungo termine e prestazioni affidabili con la nostra garanzia estesa di 3 anni, pensata per offrirti la massima tranquillit\u00e0 e una qualit\u00e0 del servizio costante.<\/li>\n<\/ul>\n<h2><span dir=\"auto\" style=\"vertical-align: inherit;\"><span dir=\"auto\" style=\"vertical-align: inherit;\"><span dir=\"auto\" style=\"vertical-align: inherit;\"><span dir=\"auto\" style=\"vertical-align: inherit;\"><span dir=\"auto\" style=\"vertical-align: inherit;\"><span dir=\"auto\" style=\"vertical-align: inherit;\">Dettagli del prodotto<\/span><\/span><\/span><\/span><\/span><\/span><\/h2>\n<div class=\"row\"  id=\"row-357479708\">\n\n\t<div id=\"col-1945228965\" class=\"col medium-10 small-12 large-10\"  >\n\t\t\t\t<div class=\"col-inner text-left\"  >\n\t\t\t\n\t\t\t\n<ul>\n<li>Uno <em><strong>Cronometro TEH Series Academy<\/strong><\/em> Offre benefici a lungo termine migliorando sicurezza, costanza e prestazioni. Aiuta a prevenire gli infortuni grazie a intervalli di riposo adeguati e a un ritmo costante durante gli allenamenti. Gli allenatori possono facilmente monitorare i progressi, regolare l&#039;intensit\u00e0 e garantire sessioni efficienti. Motiva i clienti a raggiungere i propri obiettivi pi\u00f9 velocemente, mantenendo la forma e il ritmo corretti per un successo a lungo termine.<\/li>\n<\/ul>\n\t<div class=\"img has-hover x md-x lg-x y md-y lg-y\" id=\"image_1999419983\">\n\t\t\t\t\t\t\t\t<div class=\"img-inner dark\" >\n\t\t\t<img loading=\"lazy\" decoding=\"async\" width=\"800\" height=\"450\" src=\"https:\/\/www.telaled.com\/wp-content\/uploads\/2025\/10\/cronometro-academia7.webp\" class=\"attachment-large size-large\" alt=\"cronometro-palestra7\" srcset=\"https:\/\/www.telaled.com\/wp-content\/uploads\/2025\/10\/cronometro-academia7.webp 800w, https:\/\/www.telaled.com\/wp-content\/uploads\/2025\/10\/cronometro-academia7-300x169.webp 300w, https:\/\/www.telaled.com\/wp-content\/uploads\/2025\/10\/cronometro-academia7-768x432.webp 768w, https:\/\/www.telaled.com\/wp-content\/uploads\/2025\/10\/cronometro-academia7-18x10.webp 18w, https:\/\/www.telaled.com\/wp-content\/uploads\/2025\/10\/cronometro-academia7-600x338.webp 600w\" sizes=\"auto, (max-width: 800px) 100vw, 800px\" \/>\t\t\t\t\t\t\n\t\t\t\t\t<\/div>\n\t\t\t\t\t\t\t\t\n<style>\n#image_1999419983 {\n  width: 80%;\n}\n<\/style>\n\t<\/div>\n\t\n<ul>\n<li>Uno <em><strong>Cronometro TEH Series Academy<\/strong><\/em> Ti aiuta a gestire con precisione gli intervalli di riposo e di allenamento. Impostalo in modo che segnali ogni pochi minuti per un ritmo costante durante le sessioni cardio, di forza o HIIT. Ad esempio, alterna la velocit\u00e0 di camminata e di corsa su un tapis roulant o pedala tra intervalli veloci e lenti su una cyclette. Questa struttura aumenta la sicurezza, previene l&#039;affaticamento e ti garantisce di ottenere i migliori risultati da ogni allenamento.<\/li>\n<\/ul>\n\t<div class=\"img has-hover x md-x lg-x y md-y lg-y\" id=\"image_164131217\">\n\t\t\t\t\t\t\t\t<div class=\"img-inner dark\" >\n\t\t\t<img loading=\"lazy\" decoding=\"async\" width=\"500\" height=\"430\" src=\"https:\/\/www.telaled.com\/wp-content\/uploads\/2025\/10\/cronometro-academia8.webp\" class=\"attachment-original size-original\" alt=\"\" srcset=\"https:\/\/www.telaled.com\/wp-content\/uploads\/2025\/10\/cronometro-academia8.webp 500w, https:\/\/www.telaled.com\/wp-content\/uploads\/2025\/10\/cronometro-academia8-300x258.webp 300w, https:\/\/www.telaled.com\/wp-content\/uploads\/2025\/10\/cronometro-academia8-14x12.webp 14w\" sizes=\"auto, (max-width: 500px) 100vw, 500px\" \/>\t\t\t\t\t\t\n\t\t\t\t\t<\/div>\n\t\t\t\t\t\t\t\t\n<style>\n#image_164131217 {\n  width: 80%;\n}\n<\/style>\n\t<\/div>\n\t\n<ul>\n<li>Goditi un controllo senza sforzo con la connettivit\u00e0 Bluetooth integrata. Il nostro <em><strong>Cronometro TEH Series Academy<\/strong><\/em> Si collega al tuo smartphone, consentendoti di avviare, mettere in pausa o personalizzare gli allenamenti direttamente dal tuo dispositivo. Monitora le prestazioni, salva i progressi e gestisci le sessioni in tempo reale, il tutto tramite le tue app di fitness preferite, per un&#039;esperienza di allenamento pi\u00f9 intelligente e pratica.<\/li>\n<\/ul>\n\t<div class=\"img has-hover x md-x lg-x y md-y lg-y\" id=\"image_370980303\">\n\t\t\t\t\t\t\t\t<div class=\"img-inner dark\" >\n\t\t\t<img loading=\"lazy\" decoding=\"async\" width=\"1020\" height=\"421\" src=\"https:\/\/www.telaled.com\/wp-content\/uploads\/2025\/10\/cronometro-academia9.webp\" class=\"attachment-large size-large\" alt=\"\" srcset=\"https:\/\/www.telaled.com\/wp-content\/uploads\/2025\/10\/cronometro-academia9.webp 1024w, https:\/\/www.telaled.com\/wp-content\/uploads\/2025\/10\/cronometro-academia9-300x124.webp 300w, https:\/\/www.telaled.com\/wp-content\/uploads\/2025\/10\/cronometro-academia9-768x317.webp 768w, https:\/\/www.telaled.com\/wp-content\/uploads\/2025\/10\/cronometro-academia9-18x7.webp 18w, https:\/\/www.telaled.com\/wp-content\/uploads\/2025\/10\/cronometro-academia9-600x248.webp 600w\" sizes=\"auto, (max-width: 1020px) 100vw, 1020px\" \/>\t\t\t\t\t\t\n\t\t\t\t\t<\/div>\n\t\t\t\t\t\t\t\t\n<style>\n#image_370980303 {\n  width: 80%;\n}\n<\/style>\n\t<\/div>\n\t\n<ul>\n<li>Il nostro <em><strong>Cronometro TEH Series Academy<\/strong><\/em> Sono imballati in casse di legno rinforzate per proteggerli durante il trasporto. Ogni unit\u00e0 \u00e8 imballata in modo sicuro per prevenire danni causati da parassiti, urti e altri pericoli. Questo garantisce durata e consegna sicura.<\/li>\n<\/ul>\n\t<div class=\"img has-hover x md-x lg-x y md-y lg-y\" id=\"image_1061719058\">\n\t\t\t\t\t\t\t\t<div class=\"img-inner dark\" >\n\t\t\t<img loading=\"lazy\" decoding=\"async\" width=\"760\" height=\"1024\" src=\"https:\/\/www.telaled.com\/wp-content\/uploads\/2025\/08\/36123f2c-de60-488d-af81-255cd4aee54a-760x1024.webp\" class=\"attachment-large size-large\" alt=\"\" srcset=\"https:\/\/www.telaled.com\/wp-content\/uploads\/2025\/08\/36123f2c-de60-488d-af81-255cd4aee54a-760x1024.webp 760w, https:\/\/www.telaled.com\/wp-content\/uploads\/2025\/08\/36123f2c-de60-488d-af81-255cd4aee54a-223x300.webp 223w, https:\/\/www.telaled.com\/wp-content\/uploads\/2025\/08\/36123f2c-de60-488d-af81-255cd4aee54a-768x1035.webp 768w, https:\/\/www.telaled.com\/wp-content\/uploads\/2025\/08\/36123f2c-de60-488d-af81-255cd4aee54a-9x12.webp 9w, https:\/\/www.telaled.com\/wp-content\/uploads\/2025\/08\/36123f2c-de60-488d-af81-255cd4aee54a-600x808.webp 600w, https:\/\/www.telaled.com\/wp-content\/uploads\/2025\/08\/36123f2c-de60-488d-af81-255cd4aee54a.webp 795w\" sizes=\"auto, (max-width: 760px) 100vw, 760px\" \/>\t\t\t\t\t\t\n\t\t\t\t\t<\/div>\n\t\t\t\t\t\t\t\t\n<style>\n#image_1061719058 {\n  width: 80%;\n}\n<\/style>\n\t<\/div>\n\t\n\n<table id=\"tablepress-100\" class=\"tablepress tablepress-id-100\">\n<thead>\n<tr class=\"row-1\">\n\t<th class=\"column-1\">Tempo massimo di preparazione<\/th><th class=\"column-2\">24 ore<\/th><th class=\"column-3\">Tempo minimo di preparazione<\/th><th class=\"column-4\">10 secondi<\/th>\n<\/tr>\n<\/thead>\n<tbody class=\"row-striping row-hover\">\n<tr class=\"row-2\">\n\t<td class=\"column-1\">Tensione nominale<\/td><td class=\"column-2\">220 V<\/td><td class=\"column-3\">Numero di modello<\/td><td class=\"column-4\">Serie TEH<\/td>\n<\/tr>\n<tr class=\"row-3\">\n\t<td class=\"column-1\">Segno<\/td><td class=\"column-2\">schermo LED<\/td><td class=\"column-3\">Luogo di origine<\/td><td class=\"column-4\">Shenzhen, Cina<\/td>\n<\/tr>\n<tr class=\"row-4\">\n\t<td class=\"column-1\">Controllare<\/td><td class=\"column-2\">Telecomando<\/td><td class=\"column-3\">Appello<\/td><td class=\"column-4\">Portatile<\/td>\n<\/tr>\n<tr class=\"row-5\">\n\t<td class=\"column-1\">Frequenza<\/td><td class=\"column-2\">50 Hz<\/td><td class=\"column-3\">Materiale<\/td><td class=\"column-4\">Lega di alluminio<\/td>\n<\/tr>\n<tr class=\"row-6\">\n\t<td class=\"column-1\">Teoria<\/td><td class=\"column-2\">Digitale<\/td><td class=\"column-3\">Tipo<\/td><td class=\"column-4\">Timer per il conto alla rovescia<\/td>\n<\/tr>\n<tr class=\"row-7\">\n\t<td class=\"column-1\">Applicazione<\/td><td class=\"column-2\">Multifunzionale<\/td><td class=\"column-3\">Operazione<\/td><td class=\"column-4\">Telecomando<\/td>\n<\/tr>\n<tr class=\"row-8\">\n\t<td class=\"column-1\">Altezza del carattere<\/td><td class=\"column-2\">4 pollici<\/td><td class=\"column-3\">Struttura<\/td><td class=\"column-4\">lega di alluminio<\/td>\n<\/tr>\n<tr class=\"row-9\">\n\t<td class=\"column-1\">Nome del prodotto<\/td><td class=\"column-2\">Cronometro da palestra<\/td><td class=\"column-3\">Certificazione<\/td><td class=\"column-4\">CE, RoHS<\/td>\n<\/tr>\n<\/tbody>\n<\/table>\n<!-- #tablepress-100 from cache -->\n\t\t<\/div>\n\t\t\t\t\t<\/div>\n\n\t\n<\/div>\n\t\t<\/div>\n\t\t\t\t\t<\/div>\n\n\t\n<\/div>","protected":false},"excerpt":{"rendered":"<p><em><strong>Chronometro Academia Series TEH resta in pista Ripetizione<\/strong><\/em><\/p>\n<p>Questo <em><strong>Cronometro TEH della serie Academia<\/strong><\/em> \u00c8 dotato di un timer con conto alla rovescia di 24 secondi e di un display con cifre LED rosse e gialle da 5 pollici, visibili fino a 40 m di distanza. Realizzato in alluminio, misura 52 x 34 x 4 cm e funziona a 110-260 V CA o 12 V CC, il che lo rende adatto sia per ambienti interni che esterni.<\/p>\n<ul>\n<li><strong>Schermo ad alta visibilit\u00e0:<\/strong> I LED rossi e gialli da 5 pollici (12,7 cm) garantiscono una visione nitida e senza riflessi a distanze fino a 40 m.<\/li>\n<li><strong>Controllo wireless affidabile:<\/strong> Dotato di telecomando per un controllo preciso dell&#039;avvio, dell&#039;arresto e del ripristino del conto alla rovescia o delle funzioni di conto alla rovescia.<\/li>\n<li><strong>Installazione versatile:<\/strong> Supporta il montaggio a parete, a soffitto o su treppiede per un utilizzo flessibile in palestre, centri di allenamento e campi sportivi. <a href=\"https:\/\/www.telaled.com\/it\/fabrica\/placar-eletronico-para-basquete-serie-tee\/\">pallacanestro<\/a>.<\/li>\n<\/ul>\n<p>Offriamo assistenza remota 24 ore su 24, 7 giorni su 7 e una garanzia di 3 anni. Contattaci oggi stesso per un preventivo personalizzato.<\/p>","protected":false},"featured_media":4020,"template":"","meta":[],"product_brand":[],"product_cat":[41,48,44,46],"product_tag":[],"class_list":{"0":"post-3856","1":"product","2":"type-product","3":"status-publish","4":"has-post-thumbnail","6":"product_cat-modulo-painel-de-led","7":"product_cat-paineis-personalizados","8":"product_cat-painel-de-led-flexivel","9":"product_cat-painel-de-video","11":"first","12":"instock","13":"shipping-taxable","14":"product-type-simple"},"yoast_head":"<!-- This site is optimized with the Yoast SEO plugin v27.5 - https:\/\/yoast.com\/product\/yoast-seo-wordpress\/ -->\n<title>Cronometro Academia S\u00e9rie TEH para treinos mais inteligentes | Aumente os resultados do treinamento com cronometragem precisa | TELALED<\/title>\n<meta name=\"description\" content=\"Aprimore sua rotina de exerc\u00edcios. Explore os melhores recursos do Cronometro Academia S\u00e9rie TEH e dicas de especialistas para planejar treinos como um profissional.\" \/>\n<meta name=\"robots\" content=\"index, follow, max-snippet:-1, max-image-preview:large, max-video-preview:-1\" \/>\n<link rel=\"canonical\" href=\"https:\/\/www.telaled.com\/it\/fabrica\/cronometro-academia-serie-teh\/\" \/>\n<meta property=\"og:locale\" content=\"it_IT\" \/>\n<meta property=\"og:type\" content=\"article\" \/>\n<meta property=\"og:title\" content=\"Cronometro Academia S\u00e9rie TEH para treinos mais inteligentes | Aumente os resultados do treinamento com cronometragem precisa | TELALED\" \/>\n<meta property=\"og:description\" content=\"Aprimore sua rotina de exerc\u00edcios. Explore os melhores recursos do Cronometro Academia S\u00e9rie TEH e dicas de especialistas para planejar treinos como um profissional.\" \/>\n<meta property=\"og:url\" content=\"https:\/\/www.telaled.com\/it\/fabrica\/cronometro-academia-serie-teh\/\" \/>\n<meta property=\"og:site_name\" content=\"TELALED\" \/>\n<meta property=\"article:modified_time\" content=\"2026-01-07T01:00:48+00:00\" \/>\n<meta property=\"og:image\" content=\"https:\/\/www.telaled.com\/wp-content\/uploads\/2025\/10\/cronometro-academianew.webp\" \/>\n\t<meta property=\"og:image:width\" content=\"500\" \/>\n\t<meta property=\"og:image:height\" content=\"500\" \/>\n\t<meta property=\"og:image:type\" content=\"image\/webp\" \/>\n<meta name=\"twitter:card\" content=\"summary_large_image\" \/>\n<meta name=\"twitter:label1\" content=\"Tempo di lettura stimato\" \/>\n\t<meta name=\"twitter:data1\" content=\"4 minuti\" \/>\n<script type=\"application\/ld+json\" class=\"yoast-schema-graph\">{\"@context\":\"https:\\\/\\\/schema.org\",\"@graph\":[{\"@type\":\"WebPage\",\"@id\":\"https:\\\/\\\/www.telaled.com\\\/fabrica\\\/cronometro-academia-serie-teh\\\/\",\"url\":\"https:\\\/\\\/www.telaled.com\\\/fabrica\\\/cronometro-academia-serie-teh\\\/\",\"name\":\"Cronometro Academia S\u00e9rie TEH para treinos mais inteligentes | Aumente os resultados do treinamento com cronometragem precisa | TELALED\",\"isPartOf\":{\"@id\":\"https:\\\/\\\/www.telaled.com\\\/#website\"},\"primaryImageOfPage\":{\"@id\":\"https:\\\/\\\/www.telaled.com\\\/fabrica\\\/cronometro-academia-serie-teh\\\/#primaryimage\"},\"image\":{\"@id\":\"https:\\\/\\\/www.telaled.com\\\/fabrica\\\/cronometro-academia-serie-teh\\\/#primaryimage\"},\"thumbnailUrl\":\"https:\\\/\\\/www.telaled.com\\\/wp-content\\\/uploads\\\/2025\\\/10\\\/cronometro-academianew.webp\",\"datePublished\":\"2025-10-08T02:12:15+00:00\",\"dateModified\":\"2026-01-07T01:00:48+00:00\",\"description\":\"Aprimore sua rotina de exerc\u00edcios. Explore os melhores recursos do Cronometro Academia S\u00e9rie TEH e dicas de especialistas para planejar treinos como um profissional.\",\"breadcrumb\":{\"@id\":\"https:\\\/\\\/www.telaled.com\\\/fabrica\\\/cronometro-academia-serie-teh\\\/#breadcrumb\"},\"inLanguage\":\"it-IT\",\"potentialAction\":[{\"@type\":\"ReadAction\",\"target\":[\"https:\\\/\\\/www.telaled.com\\\/fabrica\\\/cronometro-academia-serie-teh\\\/\"]}]},{\"@type\":\"ImageObject\",\"inLanguage\":\"it-IT\",\"@id\":\"https:\\\/\\\/www.telaled.com\\\/fabrica\\\/cronometro-academia-serie-teh\\\/#primaryimage\",\"url\":\"https:\\\/\\\/www.telaled.com\\\/wp-content\\\/uploads\\\/2025\\\/10\\\/cronometro-academianew.webp\",\"contentUrl\":\"https:\\\/\\\/www.telaled.com\\\/wp-content\\\/uploads\\\/2025\\\/10\\\/cronometro-academianew.webp\",\"width\":500,\"height\":500,\"caption\":\"cronometro-academianew\"},{\"@type\":\"BreadcrumbList\",\"@id\":\"https:\\\/\\\/www.telaled.com\\\/fabrica\\\/cronometro-academia-serie-teh\\\/#breadcrumb\",\"itemListElement\":[{\"@type\":\"ListItem\",\"position\":1,\"name\":\"Home\",\"item\":\"https:\\\/\\\/www.telaled.com\\\/\"},{\"@type\":\"ListItem\",\"position\":2,\"name\":\"Produtos\",\"item\":\"https:\\\/\\\/www.telaled.com\\\/shop\\\/\"},{\"@type\":\"ListItem\",\"position\":3,\"name\":\"Cronometro Academia S\u00e9rie TEH\"}]},{\"@type\":\"WebSite\",\"@id\":\"https:\\\/\\\/www.telaled.com\\\/#website\",\"url\":\"https:\\\/\\\/www.telaled.com\\\/\",\"name\":\"TELALED\",\"description\":\"\",\"potentialAction\":[{\"@type\":\"SearchAction\",\"target\":{\"@type\":\"EntryPoint\",\"urlTemplate\":\"https:\\\/\\\/www.telaled.com\\\/?s={search_term_string}\"},\"query-input\":{\"@type\":\"PropertyValueSpecification\",\"valueRequired\":true,\"valueName\":\"search_term_string\"}}],\"inLanguage\":\"it-IT\"}]}<\/script>\n<!-- \/ Yoast SEO plugin. -->","yoast_head_json":{"title":"Cronometro da palestra serie TEH per allenamenti pi\u00f9 intelligenti | Migliora i risultati del tuo allenamento con un cronometraggio preciso | Schermo LED","description":"Migliora la tua routine di allenamento. Scopri le migliori caratteristiche del Gym Timer della serie TEH e i consigli degli esperti per pianificare gli allenamenti come un professionista.","robots":{"index":"index","follow":"follow","max-snippet":"max-snippet:-1","max-image-preview":"max-image-preview:large","max-video-preview":"max-video-preview:-1"},"canonical":"https:\/\/www.telaled.com\/it\/fabrica\/cronometro-academia-serie-teh\/","og_locale":"it_IT","og_type":"article","og_title":"Cronometro Academia S\u00e9rie TEH para treinos mais inteligentes | Aumente os resultados do treinamento com cronometragem precisa | TELALED","og_description":"Aprimore sua rotina de exerc\u00edcios. Explore os melhores recursos do Cronometro Academia S\u00e9rie TEH e dicas de especialistas para planejar treinos como um profissional.","og_url":"https:\/\/www.telaled.com\/it\/fabrica\/cronometro-academia-serie-teh\/","og_site_name":"TELALED","article_modified_time":"2026-01-07T01:00:48+00:00","og_image":[{"width":500,"height":500,"url":"https:\/\/www.telaled.com\/wp-content\/uploads\/2025\/10\/cronometro-academianew.webp","type":"image\/webp"}],"twitter_card":"summary_large_image","twitter_misc":{"Tempo di lettura stimato":"4 minuti"},"schema":{"@context":"https:\/\/schema.org","@graph":[{"@type":"WebPage","@id":"https:\/\/www.telaled.com\/fabrica\/cronometro-academia-serie-teh\/","url":"https:\/\/www.telaled.com\/fabrica\/cronometro-academia-serie-teh\/","name":"Cronometro da palestra serie TEH per allenamenti pi\u00f9 intelligenti | Migliora i risultati del tuo allenamento con un cronometraggio preciso | Schermo LED","isPartOf":{"@id":"https:\/\/www.telaled.com\/#website"},"primaryImageOfPage":{"@id":"https:\/\/www.telaled.com\/fabrica\/cronometro-academia-serie-teh\/#primaryimage"},"image":{"@id":"https:\/\/www.telaled.com\/fabrica\/cronometro-academia-serie-teh\/#primaryimage"},"thumbnailUrl":"https:\/\/www.telaled.com\/wp-content\/uploads\/2025\/10\/cronometro-academianew.webp","datePublished":"2025-10-08T02:12:15+00:00","dateModified":"2026-01-07T01:00:48+00:00","description":"Migliora la tua routine di allenamento. Scopri le migliori caratteristiche del Gym Timer della serie TEH e i consigli degli esperti per pianificare gli allenamenti come un professionista.","breadcrumb":{"@id":"https:\/\/www.telaled.com\/fabrica\/cronometro-academia-serie-teh\/#breadcrumb"},"inLanguage":"it-IT","potentialAction":[{"@type":"ReadAction","target":["https:\/\/www.telaled.com\/fabrica\/cronometro-academia-serie-teh\/"]}]},{"@type":"ImageObject","inLanguage":"it-IT","@id":"https:\/\/www.telaled.com\/fabrica\/cronometro-academia-serie-teh\/#primaryimage","url":"https:\/\/www.telaled.com\/wp-content\/uploads\/2025\/10\/cronometro-academianew.webp","contentUrl":"https:\/\/www.telaled.com\/wp-content\/uploads\/2025\/10\/cronometro-academianew.webp","width":500,"height":500,"caption":"cronometro-academianew"},{"@type":"BreadcrumbList","@id":"https:\/\/www.telaled.com\/fabrica\/cronometro-academia-serie-teh\/#breadcrumb","itemListElement":[{"@type":"ListItem","position":1,"name":"Home","item":"https:\/\/www.telaled.com\/"},{"@type":"ListItem","position":2,"name":"Produtos","item":"https:\/\/www.telaled.com\/shop\/"},{"@type":"ListItem","position":3,"name":"Cronometro Academia S\u00e9rie TEH"}]},{"@type":"WebSite","@id":"https:\/\/www.telaled.com\/#website","url":"https:\/\/www.telaled.com\/","name":"schermo LED","description":"","potentialAction":[{"@type":"SearchAction","target":{"@type":"EntryPoint","urlTemplate":"https:\/\/www.telaled.com\/?s={search_term_string}"},"query-input":{"@type":"PropertyValueSpecification","valueRequired":true,"valueName":"search_term_string"}}],"inLanguage":"it-IT"}]}},"_links":{"self":[{"href":"https:\/\/www.telaled.com\/it\/wp-json\/wp\/v2\/product\/3856","targetHints":{"allow":["GET"]}}],"collection":[{"href":"https:\/\/www.telaled.com\/it\/wp-json\/wp\/v2\/product"}],"about":[{"href":"https:\/\/www.telaled.com\/it\/wp-json\/wp\/v2\/types\/product"}],"wp:featuredmedia":[{"embeddable":true,"href":"https:\/\/www.telaled.com\/it\/wp-json\/wp\/v2\/media\/4020"}],"wp:attachment":[{"href":"https:\/\/www.telaled.com\/it\/wp-json\/wp\/v2\/media?parent=3856"}],"wp:term":[{"taxonomy":"product_brand","embeddable":true,"href":"https:\/\/www.telaled.com\/it\/wp-json\/wp\/v2\/product_brand?post=3856"},{"taxonomy":"product_cat","embeddable":true,"href":"https:\/\/www.telaled.com\/it\/wp-json\/wp\/v2\/product_cat?post=3856"},{"taxonomy":"product_tag","embeddable":true,"href":"https:\/\/www.telaled.com\/it\/wp-json\/wp\/v2\/product_tag?post=3856"}],"curies":[{"name":"parola chiave","href":"https:\/\/api.w.org\/{rel}","templated":true}]}}