{"id":3807,"date":"2025-10-06T23:00:34","date_gmt":"2025-10-06T23:00:34","guid":{"rendered":"https:\/\/www.telaled.com\/?post_type=product&#038;p=3807"},"modified":"2026-01-07T01:51:29","modified_gmt":"2026-01-07T01:51:29","slug":"e-paper-digital-signage-serie-taa","status":"publish","type":"product","link":"https:\/\/www.telaled.com\/it\/fabrica\/e-paper-digital-signage-serie-taa\/","title":{"rendered":"Segnaletica digitale E-paper serie TAA"},"content":{"rendered":"<div class=\"row\"  id=\"row-487455706\">\n\n\t<div id=\"col-1245553040\" class=\"col small-12 large-12\"  >\n\t\t\t\t<div class=\"col-inner\"  >\n\t\t\t\n\t\t\t\n<h2>Segnaletica digitale E-paper serie TAA<\/h2>\n<h3><strong>Durata superiore<\/strong><\/h3>\n<ul>\n<li>Realizzato con telaio in ferro zincato, vetro temperato antiriflesso e involucro IP65 con protezione UV.<\/li>\n<li>Resistente all&#039;abbagliamento, al calore, all&#039;umidit\u00e0 e alle condizioni esterne.<\/li>\n<\/ul>\n<h3><strong>Qualit\u00e0 visiva eccezionale<\/strong><\/h3>\n<ul>\n<li>IL <strong>Segnaletica digitale E-Paper serie TAA<\/strong> Garantisce una chiara visibilit\u00e0 alla luce diretta del sole.<\/li>\n<li>Basso consumo energetico e lunga durata.<\/li>\n<li>Funzionamento affidabile in ambienti con temperature comprese tra 15\u00b0C e 60\u00b0C.<\/li>\n<\/ul>\n<h3><strong>Completa adattabilit\u00e0<\/strong><\/h3>\n<ul>\n<li>Disponibile nei formati schermo A2 e A4 da 31,5&quot;.<\/li>\n<li>Supporta Wi-Fi e USB 2.0 per aggiornamenti rapidi dei contenuti.<\/li>\n<li>Alimentato a batteria o a corrente continua per installazione portatile o fissa.<\/li>\n<\/ul>\n<h3><strong>Supporto completo<\/strong><\/h3>\n<ul>\n<li><em><strong>Assistenza esperta 24 ore su 24, 7 giorni su 7:<\/strong><\/em> Affidatevi al nostro team tecnico sempre e ovunque per garantire il perfetto funzionamento del vostro sistema.<\/li>\n<li><strong><em>Pezzi di ricambio gratuiti inclusi:<\/em><\/strong> Ogni ordine include 5% di parti di ricambio, cos\u00ec il tuo display rimarr\u00e0 affidabile e pronto per qualsiasi progetto.<\/li>\n<li><em><strong>Costruito per l&#039;affidabilit\u00e0:<\/strong><\/em> I componenti aggiuntivi contribuiscono a ridurre al minimo i tempi di fermo, garantendo un funzionamento regolare e una maggiore durata.<\/li>\n<li><em><strong>Garanzia di 3 anni:<\/strong><\/em> Goditi la massima tranquillit\u00e0 con una garanzia completa di 3 anni, un servizio affidabile e una protezione duratura per il tuo investimento.<\/li>\n<\/ul>\n<h2>Dettagli del prodotto<\/h2>\n<div class=\"row\"  id=\"row-1352077107\">\n\n\t<div id=\"col-1137514609\" class=\"col medium-10 small-12 large-10\"  >\n\t\t\t\t<div class=\"col-inner text-left\"  >\n\t\t\t\n\t\t\t\n<ul>\n<li><em><strong>E-paper digitale S<\/strong><\/em><span data-sheets-root=\"1\"><em><strong>Accensione serie TAA<\/strong><\/em> IL<\/span>Offrono un&#039;alternativa moderna ed ecologica ai poster cartacei. Ideali per promozioni POS, menu, orari e aggiornamenti sui trasporti, offrono una visibilit\u00e0 chiara e costante sia in ambienti luminosi che in penombra. I PPP sono antiriflesso, piacevoli alla vista e riducono la luce blu. Perfetti per negozi, hotel e spazi pubblici.<\/li>\n<\/ul>\n\t<div class=\"img has-hover x md-x lg-x y md-y lg-y\" id=\"image_780293583\">\n\t\t\t\t\t\t\t\t<div class=\"img-inner dark\" >\n\t\t\t<img loading=\"lazy\" decoding=\"async\" width=\"1200\" height=\"900\" src=\"https:\/\/www.telaled.com\/wp-content\/uploads\/2025\/10\/e-paper-digital-signage7.webp\" class=\"attachment-original size-original\" alt=\"e-paper-digital-signage7\" srcset=\"https:\/\/www.telaled.com\/wp-content\/uploads\/2025\/10\/e-paper-digital-signage7.webp 1200w, https:\/\/www.telaled.com\/wp-content\/uploads\/2025\/10\/e-paper-digital-signage7-300x225.webp 300w, https:\/\/www.telaled.com\/wp-content\/uploads\/2025\/10\/e-paper-digital-signage7-1024x768.webp 1024w, https:\/\/www.telaled.com\/wp-content\/uploads\/2025\/10\/e-paper-digital-signage7-768x576.webp 768w, https:\/\/www.telaled.com\/wp-content\/uploads\/2025\/10\/e-paper-digital-signage7-16x12.webp 16w, https:\/\/www.telaled.com\/wp-content\/uploads\/2025\/10\/e-paper-digital-signage7-600x450.webp 600w\" sizes=\"auto, (max-width: 1200px) 100vw, 1200px\" \/>\t\t\t\t\t\t\n\t\t\t\t\t<\/div>\n\t\t\t\t\t\t\t\t\n<style>\n#image_780293583 {\n  width: 80%;\n}\n<\/style>\n\t<\/div>\n\t\n<ul>\n<li>IL <em><strong>Segnaletica digitale E-paper serie TAA<\/strong><\/em> Leggero, offre un&#039;installazione semplice e un design innovativo. Supporta un funzionamento intelligente e semplici aggiornamenti dei contenuti tramite USB, Wi-Fi o Bluetooth. Offre un controllo dei contenuti impeccabile. Alimentato a batteria e senza cavi, pu\u00f2 essere montato a parete o in qualsiasi posizione, garantendo flessibilit\u00e0 di utilizzo, manutenzione minima e prestazioni affidabili per le moderne soluzioni di digital signage.<\/li>\n<\/ul>\n\t<div class=\"img has-hover x md-x lg-x y md-y lg-y\" id=\"image_829026401\">\n\t\t\t\t\t\t\t\t<div class=\"img-inner dark\" >\n\t\t\t<img loading=\"lazy\" decoding=\"async\" width=\"1020\" height=\"765\" src=\"https:\/\/www.telaled.com\/wp-content\/uploads\/2025\/10\/e-paper-digital-signage8-1024x768.webp\" class=\"attachment-large size-large\" alt=\"e-paper-digital-signage8\" srcset=\"https:\/\/www.telaled.com\/wp-content\/uploads\/2025\/10\/e-paper-digital-signage8-1024x768.webp 1024w, https:\/\/www.telaled.com\/wp-content\/uploads\/2025\/10\/e-paper-digital-signage8-300x225.webp 300w, https:\/\/www.telaled.com\/wp-content\/uploads\/2025\/10\/e-paper-digital-signage8-768x576.webp 768w, https:\/\/www.telaled.com\/wp-content\/uploads\/2025\/10\/e-paper-digital-signage8-16x12.webp 16w, https:\/\/www.telaled.com\/wp-content\/uploads\/2025\/10\/e-paper-digital-signage8-600x450.webp 600w, https:\/\/www.telaled.com\/wp-content\/uploads\/2025\/10\/e-paper-digital-signage8.webp 1200w\" sizes=\"auto, (max-width: 1020px) 100vw, 1020px\" \/>\t\t\t\t\t\t\n\t\t\t\t\t<\/div>\n\t\t\t\t\t\t\t\t\n<style>\n#image_829026401 {\n  width: 80%;\n}\n<\/style>\n\t<\/div>\n\t\n<ul>\n<li>Nostro <em><strong>Segnaletica digitale E-paper serie TAA<\/strong><\/em> Offre immagini animate che catturano l&#039;attenzione del pubblico e aumentano la riconoscibilit\u00e0 del marchio. Progettato per un utilizzo continuo 24 ore su 24, 7 giorni su 7, offre una durata della batteria da 6 a 9 mesi, con un alimentatore integrato opzionale per una configurazione autonoma. Leggero e resistente, \u00e8 perfetto per soluzioni pubblicitarie moderne ed efficienti dal punto di vista energetico e per display digitali di lunga durata.<\/li>\n<\/ul>\n\t<div class=\"img has-hover x md-x lg-x y md-y lg-y\" id=\"image_1634833683\">\n\t\t\t\t\t\t\t\t<div class=\"img-inner dark\" >\n\t\t\t<img loading=\"lazy\" decoding=\"async\" width=\"650\" height=\"487\" src=\"https:\/\/www.telaled.com\/wp-content\/uploads\/2025\/10\/e-paper-displays.gif\" class=\"attachment-large size-large\" alt=\"segnaletica digitale e-paper9\" \/>\t\t\t\t\t\t\n\t\t\t\t\t<\/div>\n\t\t\t\t\t\t\t\t\n<style>\n#image_1634833683 {\n  width: 80%;\n}\n<\/style>\n\t<\/div>\n\t\n<ul>\n<li><em><strong>Segnaletica digitale E-paper serie TAA<\/strong><\/em> Sono imballati in casse di legno rinforzate per proteggerli durante il trasporto. Ogni unit\u00e0 \u00e8 imballata in modo sicuro per prevenire danni causati da parassiti, urti e altri pericoli. Questo garantisce durata e consegna sicura.<\/li>\n<\/ul>\n\t<div class=\"img has-hover x md-x lg-x y md-y lg-y\" id=\"image_1069502681\">\n\t\t\t\t\t\t\t\t<div class=\"img-inner dark\" >\n\t\t\t<img loading=\"lazy\" decoding=\"async\" width=\"760\" height=\"1024\" src=\"https:\/\/www.telaled.com\/wp-content\/uploads\/2025\/08\/36123f2c-de60-488d-af81-255cd4aee54a-760x1024.webp\" class=\"attachment-large size-large\" alt=\"\" srcset=\"https:\/\/www.telaled.com\/wp-content\/uploads\/2025\/08\/36123f2c-de60-488d-af81-255cd4aee54a-760x1024.webp 760w, https:\/\/www.telaled.com\/wp-content\/uploads\/2025\/08\/36123f2c-de60-488d-af81-255cd4aee54a-223x300.webp 223w, https:\/\/www.telaled.com\/wp-content\/uploads\/2025\/08\/36123f2c-de60-488d-af81-255cd4aee54a-768x1035.webp 768w, https:\/\/www.telaled.com\/wp-content\/uploads\/2025\/08\/36123f2c-de60-488d-af81-255cd4aee54a-9x12.webp 9w, https:\/\/www.telaled.com\/wp-content\/uploads\/2025\/08\/36123f2c-de60-488d-af81-255cd4aee54a-600x808.webp 600w, https:\/\/www.telaled.com\/wp-content\/uploads\/2025\/08\/36123f2c-de60-488d-af81-255cd4aee54a.webp 795w\" sizes=\"auto, (max-width: 760px) 100vw, 760px\" \/>\t\t\t\t\t\t\n\t\t\t\t\t<\/div>\n\t\t\t\t\t\t\t\t\n<style>\n#image_1069502681 {\n  width: 80%;\n}\n<\/style>\n\t<\/div>\n\t\n\n<table id=\"tablepress-96\" class=\"tablepress tablepress-id-96\">\n<thead>\n<tr class=\"row-1\">\n\t<th class=\"column-1\">Descrizione generale<\/th><td class=\"column-2\"><\/td>\n<\/tr>\n<\/thead>\n<tbody class=\"row-striping row-hover\">\n<tr class=\"row-2\">\n\t<td class=\"column-1\">Materiale<\/td><td class=\"column-2\">Ferro zincato<\/td>\n<\/tr>\n<tr class=\"row-3\">\n\t<td class=\"column-1\">Colore della scatola<\/td><td class=\"column-2\">Bianco\/Nero<\/td>\n<\/tr>\n<tr class=\"row-4\">\n\t<td class=\"column-1\">Interfaccia (per la riproduzione multimediale)<\/td><td class=\"column-2\">USB 2.0 \/ Wi-Fi<\/td>\n<\/tr>\n<tr class=\"row-5\">\n\t<td class=\"column-1\">Consumo energetico<\/td><td class=\"column-2\">12 V 5000 mA<\/td>\n<\/tr>\n<tr class=\"row-6\">\n\t<td class=\"column-1\">Tempo di funzionamento<\/td><td class=\"column-2\">0 W (stato statico) da 6 a 12 mesi (il tempo di utilizzo varia a seconda della quantit\u00e0 di contenuto aggiornato)<\/td>\n<\/tr>\n<tr class=\"row-7\">\n\t<td class=\"column-1\">Parametri del modulo<\/td><td class=\"column-2\"><\/td>\n<\/tr>\n<tr class=\"row-8\">\n\t<td class=\"column-1\">Misurare<\/td><td class=\"column-2\">31,5<\/td>\n<\/tr>\n<tr class=\"row-9\">\n\t<td class=\"column-1\">Risoluzione dello schermo<\/td><td class=\"column-2\">1920(O)x1080(V)<\/td>\n<\/tr>\n<tr class=\"row-10\">\n\t<td class=\"column-1\">Schermo<\/td><td class=\"column-2\">Schermo e-paper a colori<\/td>\n<\/tr>\n<tr class=\"row-11\">\n\t<td class=\"column-1\">Mostra<\/td><td class=\"column-2\">Colore totale<\/td>\n<\/tr>\n<tr class=\"row-12\">\n\t<td class=\"column-1\">Proporzioni dello schermo<\/td><td class=\"column-2\">16:9<\/td>\n<\/tr>\n<tr class=\"row-13\">\n\t<td class=\"column-1\">Area di visualizzazione del display (HXV)<\/td><td class=\"column-2\">363,38 mm x 697,68 mm<\/td>\n<\/tr>\n<tr class=\"row-14\">\n\t<td class=\"column-1\">Angolo di visione<\/td><td class=\"column-2\">178\u00b0 x 178\u00b0<\/td>\n<\/tr>\n<tr class=\"row-15\">\n\t<td class=\"column-1\">Tempo di risposta<\/td><td class=\"column-2\">1 millisecondo<\/td>\n<\/tr>\n<tr class=\"row-16\">\n\t<td class=\"column-1\">Lettore interno a bassissimo consumo energetico<\/td><td class=\"column-2\"><\/td>\n<\/tr>\n<tr class=\"row-17\">\n\t<td class=\"column-1\">MCU<\/td><td class=\"column-2\">Xtensa @ Dual Core a 32 bit<\/td>\n<\/tr>\n<tr class=\"row-18\">\n\t<td class=\"column-1\">Magazzinaggio<\/td><td class=\"column-2\">120M EMMC<\/td>\n<\/tr>\n<tr class=\"row-19\">\n\t<td class=\"column-1\">Temperatura e umidit\u00e0<\/td><td class=\"column-2\"><\/td>\n<\/tr>\n<tr class=\"row-20\">\n\t<td class=\"column-1\">Temperatura di conservazione<\/td><td class=\"column-2\">-25\u2103~ 70\u2103<\/td>\n<\/tr>\n<tr class=\"row-21\">\n\t<td class=\"column-1\">Temperatura di esercizio<\/td><td class=\"column-2\">-20\u2103~ 60\u2103<\/td>\n<\/tr>\n<tr class=\"row-22\">\n\t<td class=\"column-1\">Umidit\u00e0<\/td><td class=\"column-2\">10% ~ 90%<\/td>\n<\/tr>\n<tr class=\"row-23\">\n\t<td class=\"column-1\">Dimensioni\/Peso<\/td><td class=\"column-2\">Peso netto: 5 kg, Peso netto: 5 kg, Peso lordo: 7,5 kg, Dimensioni fisiche: 728 mm x 423 mm x 20 mm Dimensioni imballaggio: 870 mm x 590 mm x 160 mm<\/td>\n<\/tr>\n<tr class=\"row-24\">\n\t<td class=\"column-1\">Montaggio a parete<\/td><td class=\"column-2\">Supporto VESA 100x100mm, 200x200mm<\/td>\n<\/tr>\n<tr class=\"row-25\">\n\t<td class=\"column-1\">Controllo di rete APL<\/td><td class=\"column-2\">Gestione account, Gestione dispositivi terminali, Impostazioni di connessione heartbeat del server e del terminale, Impostazioni carosello immagini, Sospensione e riattivazione terminale, Impostazioni di sospensione e riattivazione terminale (Modalit\u00e0 a bassissimo consumo energetico)<\/td>\n<\/tr>\n<tr class=\"row-26\">\n\t<td class=\"column-1\"><\/td><td class=\"column-2\"><\/td>\n<\/tr>\n<tr class=\"row-27\">\n\t<td class=\"column-1\"><\/td><td class=\"column-2\"><\/td>\n<\/tr>\n<tr class=\"row-28\">\n\t<td class=\"column-1\"><\/td><td class=\"column-2\"><\/td>\n<\/tr>\n<tr class=\"row-29\">\n\t<td class=\"column-1\"><\/td><td class=\"column-2\"><\/td>\n<\/tr>\n<tr class=\"row-30\">\n\t<td class=\"column-1\"><\/td><td class=\"column-2\"><\/td>\n<\/tr>\n<tr class=\"row-31\">\n\t<td class=\"column-1\"><\/td><td class=\"column-2\"><\/td>\n<\/tr>\n<\/tbody>\n<\/table>\n<!-- #tablepress-96 from cache -->\n\t\t<\/div>\n\t\t\t\t\t<\/div>\n\n\t\n<\/div>\n\t\t<\/div>\n\t\t\t\t\t<\/div>\n\n\t\n<\/div>","protected":false},"excerpt":{"rendered":"<p><strong>Segnaletica digitale E-paper serie TAA: display E-ink a colori intelligenti per la pubblicit\u00e0<\/strong><\/p>\n<p>Vivi una nuova era di pubblicit\u00e0 sostenibile con il nostro <strong>Segnaletica digitale E-paper serie TAA<\/strong>. Progettato con la tecnologia E-Ink all&#039;avanguardia, offre immagini vivide con costi di inchiostro molto bassi. <a href=\"https:\/\/www.telaled.com\/it\/entendendo-o-consumo-de-energia-painel-de-led-quao-eficientes-sao-os-displays-de-led-modernos\/\">consumo di energia<\/a>; Ideale per le aziende moderne che danno valore all&#039;efficienza e alla responsabilit\u00e0 ambientale.<\/p>\n<p><strong>Caratteristiche principali:<\/strong><\/p>\n<ul>\n<li>Utilizza la tecnologia E-Ink riflettente per visualizzare contenuti statici senza elettricit\u00e0 continua, riducendo i costi energetici.<\/li>\n<li>Mantiene un contrasto elevato e una visibilit\u00e0 elevata anche in condizioni di luce esterna intensa, perfetto per pannelli informativi pubblici e segnaletica per negozi.<\/li>\n<li>Disponibile con interfacce USB 2.0 e Wi-Fi, supporta la gestione flessibile dei contenuti multimediali.<\/li>\n<li>Costruito per la sostenibilit\u00e0, con una generazione minima di calore, materiali riciclabili e una lunga durata operativa per una minore manutenzione.<\/li>\n<\/ul>\n<p>Approfitta di un&#039;assistenza remota affidabile 24 ore su 24, 7 giorni su 7, supportata da una garanzia completa di 3 anni. Contattaci oggi stesso per un preventivo gratuito e personalizzato in base alle esigenze del tuo progetto.<\/p>","protected":false},"featured_media":3810,"template":"","meta":[],"product_brand":[],"product_cat":[15],"product_tag":[],"class_list":{"0":"post-3807","1":"product","2":"type-product","3":"status-publish","4":"has-post-thumbnail","6":"product_cat-sem-categoria","8":"first","9":"instock","10":"shipping-taxable","11":"product-type-simple"},"yoast_head":"<!-- This site is optimized with the Yoast SEO plugin v27.5 - https:\/\/yoast.com\/product\/yoast-seo-wordpress\/ -->\n<title>E-paper Digital Signage S\u00e9rie TAA | Tela de tinta eletr\u00f4nica colorida para publicidade externa com economia de energia | TELALED<\/title>\n<meta name=\"description\" content=\"Conhe\u00e7a a S\u00e9rie TAA de Sinaliza\u00e7\u00e3o Digital em Papel Eletr\u00f4nico com tecnologia full-color. Ideal para publicidade externa, oferece baix\u00edssimo consumo de energia, alta visibilidade e desempenho ecol\u00f3gico para sinaliza\u00e7\u00e3o digital inteligente.\" \/>\n<meta name=\"robots\" content=\"index, follow, max-snippet:-1, max-image-preview:large, max-video-preview:-1\" \/>\n<link rel=\"canonical\" href=\"https:\/\/www.telaled.com\/it\/fabrica\/e-paper-digital-signage-serie-taa\/\" \/>\n<meta property=\"og:locale\" content=\"it_IT\" \/>\n<meta property=\"og:type\" content=\"article\" \/>\n<meta property=\"og:title\" content=\"E-paper Digital Signage S\u00e9rie TAA | Tela de tinta eletr\u00f4nica colorida para publicidade externa com economia de energia | TELALED\" \/>\n<meta property=\"og:description\" content=\"Conhe\u00e7a a S\u00e9rie TAA de Sinaliza\u00e7\u00e3o Digital em Papel Eletr\u00f4nico com tecnologia full-color. Ideal para publicidade externa, oferece baix\u00edssimo consumo de energia, alta visibilidade e desempenho ecol\u00f3gico para sinaliza\u00e7\u00e3o digital inteligente.\" \/>\n<meta property=\"og:url\" content=\"https:\/\/www.telaled.com\/it\/fabrica\/e-paper-digital-signage-serie-taa\/\" \/>\n<meta property=\"og:site_name\" content=\"TELALED\" \/>\n<meta property=\"article:modified_time\" content=\"2026-01-07T01:51:29+00:00\" \/>\n<meta property=\"og:image\" content=\"https:\/\/www.telaled.com\/wp-content\/uploads\/2025\/10\/e-paper-digital-signage-1.webp\" \/>\n\t<meta property=\"og:image:width\" content=\"500\" \/>\n\t<meta property=\"og:image:height\" content=\"500\" \/>\n\t<meta property=\"og:image:type\" content=\"image\/webp\" \/>\n<meta name=\"twitter:card\" content=\"summary_large_image\" \/>\n<meta name=\"twitter:label1\" content=\"Tempo di lettura stimato\" \/>\n\t<meta name=\"twitter:data1\" content=\"3 minuti\" \/>\n<script type=\"application\/ld+json\" class=\"yoast-schema-graph\">{\"@context\":\"https:\\\/\\\/schema.org\",\"@graph\":[{\"@type\":\"WebPage\",\"@id\":\"https:\\\/\\\/www.telaled.com\\\/fabrica\\\/e-paper-digital-signage-serie-taa\\\/\",\"url\":\"https:\\\/\\\/www.telaled.com\\\/fabrica\\\/e-paper-digital-signage-serie-taa\\\/\",\"name\":\"E-paper Digital Signage S\u00e9rie TAA | Tela de tinta eletr\u00f4nica colorida para publicidade externa com economia de energia | TELALED\",\"isPartOf\":{\"@id\":\"https:\\\/\\\/www.telaled.com\\\/#website\"},\"primaryImageOfPage\":{\"@id\":\"https:\\\/\\\/www.telaled.com\\\/fabrica\\\/e-paper-digital-signage-serie-taa\\\/#primaryimage\"},\"image\":{\"@id\":\"https:\\\/\\\/www.telaled.com\\\/fabrica\\\/e-paper-digital-signage-serie-taa\\\/#primaryimage\"},\"thumbnailUrl\":\"https:\\\/\\\/www.telaled.com\\\/wp-content\\\/uploads\\\/2025\\\/10\\\/e-paper-digital-signage-1.webp\",\"datePublished\":\"2025-10-06T23:00:34+00:00\",\"dateModified\":\"2026-01-07T01:51:29+00:00\",\"description\":\"Conhe\u00e7a a S\u00e9rie TAA de Sinaliza\u00e7\u00e3o Digital em Papel Eletr\u00f4nico com tecnologia full-color. Ideal para publicidade externa, oferece baix\u00edssimo consumo de energia, alta visibilidade e desempenho ecol\u00f3gico para sinaliza\u00e7\u00e3o digital inteligente.\",\"breadcrumb\":{\"@id\":\"https:\\\/\\\/www.telaled.com\\\/fabrica\\\/e-paper-digital-signage-serie-taa\\\/#breadcrumb\"},\"inLanguage\":\"it-IT\",\"potentialAction\":[{\"@type\":\"ReadAction\",\"target\":[\"https:\\\/\\\/www.telaled.com\\\/fabrica\\\/e-paper-digital-signage-serie-taa\\\/\"]}]},{\"@type\":\"ImageObject\",\"inLanguage\":\"it-IT\",\"@id\":\"https:\\\/\\\/www.telaled.com\\\/fabrica\\\/e-paper-digital-signage-serie-taa\\\/#primaryimage\",\"url\":\"https:\\\/\\\/www.telaled.com\\\/wp-content\\\/uploads\\\/2025\\\/10\\\/e-paper-digital-signage-1.webp\",\"contentUrl\":\"https:\\\/\\\/www.telaled.com\\\/wp-content\\\/uploads\\\/2025\\\/10\\\/e-paper-digital-signage-1.webp\",\"width\":500,\"height\":500,\"caption\":\"e-paper-digital-signage (1)\"},{\"@type\":\"BreadcrumbList\",\"@id\":\"https:\\\/\\\/www.telaled.com\\\/fabrica\\\/e-paper-digital-signage-serie-taa\\\/#breadcrumb\",\"itemListElement\":[{\"@type\":\"ListItem\",\"position\":1,\"name\":\"Home\",\"item\":\"https:\\\/\\\/www.telaled.com\\\/\"},{\"@type\":\"ListItem\",\"position\":2,\"name\":\"Produtos\",\"item\":\"https:\\\/\\\/www.telaled.com\\\/shop\\\/\"},{\"@type\":\"ListItem\",\"position\":3,\"name\":\"E-paper Digital Signage S\u00e9rie TAA\"}]},{\"@type\":\"WebSite\",\"@id\":\"https:\\\/\\\/www.telaled.com\\\/#website\",\"url\":\"https:\\\/\\\/www.telaled.com\\\/\",\"name\":\"TELALED\",\"description\":\"\",\"potentialAction\":[{\"@type\":\"SearchAction\",\"target\":{\"@type\":\"EntryPoint\",\"urlTemplate\":\"https:\\\/\\\/www.telaled.com\\\/?s={search_term_string}\"},\"query-input\":{\"@type\":\"PropertyValueSpecification\",\"valueRequired\":true,\"valueName\":\"search_term_string\"}}],\"inLanguage\":\"it-IT\"}]}<\/script>\n<!-- \/ Yoast SEO plugin. -->","yoast_head_json":{"title":"Segnaletica digitale E-paper serie TAA | Display a inchiostro elettronico a colori per pubblicit\u00e0 esterna a risparmio energetico | TELALED","description":"Scopri la serie TAA di segnaletica digitale elettronica su carta con tecnologia full-color. Ideale per la pubblicit\u00e0 esterna, offre consumi energetici estremamente bassi, elevata visibilit\u00e0 e prestazioni ecosostenibili per una segnaletica digitale intelligente.","robots":{"index":"index","follow":"follow","max-snippet":"max-snippet:-1","max-image-preview":"max-image-preview:large","max-video-preview":"max-video-preview:-1"},"canonical":"https:\/\/www.telaled.com\/it\/fabrica\/e-paper-digital-signage-serie-taa\/","og_locale":"it_IT","og_type":"article","og_title":"E-paper Digital Signage S\u00e9rie TAA | Tela de tinta eletr\u00f4nica colorida para publicidade externa com economia de energia | TELALED","og_description":"Conhe\u00e7a a S\u00e9rie TAA de Sinaliza\u00e7\u00e3o Digital em Papel Eletr\u00f4nico com tecnologia full-color. Ideal para publicidade externa, oferece baix\u00edssimo consumo de energia, alta visibilidade e desempenho ecol\u00f3gico para sinaliza\u00e7\u00e3o digital inteligente.","og_url":"https:\/\/www.telaled.com\/it\/fabrica\/e-paper-digital-signage-serie-taa\/","og_site_name":"TELALED","article_modified_time":"2026-01-07T01:51:29+00:00","og_image":[{"width":500,"height":500,"url":"https:\/\/www.telaled.com\/wp-content\/uploads\/2025\/10\/e-paper-digital-signage-1.webp","type":"image\/webp"}],"twitter_card":"summary_large_image","twitter_misc":{"Tempo di lettura stimato":"3 minuti"},"schema":{"@context":"https:\/\/schema.org","@graph":[{"@type":"WebPage","@id":"https:\/\/www.telaled.com\/fabrica\/e-paper-digital-signage-serie-taa\/","url":"https:\/\/www.telaled.com\/fabrica\/e-paper-digital-signage-serie-taa\/","name":"Segnaletica digitale E-paper serie TAA | Display a inchiostro elettronico a colori per pubblicit\u00e0 esterna a risparmio energetico | TELALED","isPartOf":{"@id":"https:\/\/www.telaled.com\/#website"},"primaryImageOfPage":{"@id":"https:\/\/www.telaled.com\/fabrica\/e-paper-digital-signage-serie-taa\/#primaryimage"},"image":{"@id":"https:\/\/www.telaled.com\/fabrica\/e-paper-digital-signage-serie-taa\/#primaryimage"},"thumbnailUrl":"https:\/\/www.telaled.com\/wp-content\/uploads\/2025\/10\/e-paper-digital-signage-1.webp","datePublished":"2025-10-06T23:00:34+00:00","dateModified":"2026-01-07T01:51:29+00:00","description":"Scopri la serie TAA di segnaletica digitale elettronica su carta con tecnologia full-color. Ideale per la pubblicit\u00e0 esterna, offre consumi energetici estremamente bassi, elevata visibilit\u00e0 e prestazioni ecosostenibili per una segnaletica digitale intelligente.","breadcrumb":{"@id":"https:\/\/www.telaled.com\/fabrica\/e-paper-digital-signage-serie-taa\/#breadcrumb"},"inLanguage":"it-IT","potentialAction":[{"@type":"ReadAction","target":["https:\/\/www.telaled.com\/fabrica\/e-paper-digital-signage-serie-taa\/"]}]},{"@type":"ImageObject","inLanguage":"it-IT","@id":"https:\/\/www.telaled.com\/fabrica\/e-paper-digital-signage-serie-taa\/#primaryimage","url":"https:\/\/www.telaled.com\/wp-content\/uploads\/2025\/10\/e-paper-digital-signage-1.webp","contentUrl":"https:\/\/www.telaled.com\/wp-content\/uploads\/2025\/10\/e-paper-digital-signage-1.webp","width":500,"height":500,"caption":"e-paper-digital-signage (1)"},{"@type":"BreadcrumbList","@id":"https:\/\/www.telaled.com\/fabrica\/e-paper-digital-signage-serie-taa\/#breadcrumb","itemListElement":[{"@type":"ListItem","position":1,"name":"Home","item":"https:\/\/www.telaled.com\/"},{"@type":"ListItem","position":2,"name":"Produtos","item":"https:\/\/www.telaled.com\/shop\/"},{"@type":"ListItem","position":3,"name":"E-paper Digital Signage S\u00e9rie TAA"}]},{"@type":"WebSite","@id":"https:\/\/www.telaled.com\/#website","url":"https:\/\/www.telaled.com\/","name":"schermo LED","description":"","potentialAction":[{"@type":"SearchAction","target":{"@type":"EntryPoint","urlTemplate":"https:\/\/www.telaled.com\/?s={search_term_string}"},"query-input":{"@type":"PropertyValueSpecification","valueRequired":true,"valueName":"search_term_string"}}],"inLanguage":"it-IT"}]}},"_links":{"self":[{"href":"https:\/\/www.telaled.com\/it\/wp-json\/wp\/v2\/product\/3807","targetHints":{"allow":["GET"]}}],"collection":[{"href":"https:\/\/www.telaled.com\/it\/wp-json\/wp\/v2\/product"}],"about":[{"href":"https:\/\/www.telaled.com\/it\/wp-json\/wp\/v2\/types\/product"}],"wp:featuredmedia":[{"embeddable":true,"href":"https:\/\/www.telaled.com\/it\/wp-json\/wp\/v2\/media\/3810"}],"wp:attachment":[{"href":"https:\/\/www.telaled.com\/it\/wp-json\/wp\/v2\/media?parent=3807"}],"wp:term":[{"taxonomy":"product_brand","embeddable":true,"href":"https:\/\/www.telaled.com\/it\/wp-json\/wp\/v2\/product_brand?post=3807"},{"taxonomy":"product_cat","embeddable":true,"href":"https:\/\/www.telaled.com\/it\/wp-json\/wp\/v2\/product_cat?post=3807"},{"taxonomy":"product_tag","embeddable":true,"href":"https:\/\/www.telaled.com\/it\/wp-json\/wp\/v2\/product_tag?post=3807"}],"curies":[{"name":"parola chiave","href":"https:\/\/api.w.org\/{rel}","templated":true}]}}