{"id":3751,"date":"2025-10-02T18:10:45","date_gmt":"2025-10-02T18:10:45","guid":{"rendered":"https:\/\/www.telaled.com\/?post_type=product&#038;p=3751"},"modified":"2025-12-27T08:01:12","modified_gmt":"2025-12-27T08:01:12","slug":"placar-eletronico-para-basquete-serie-tee","status":"publish","type":"product","link":"https:\/\/www.telaled.com\/it\/fabrica\/placar-eletronico-para-basquete-serie-tee\/","title":{"rendered":"Tabellone segnapunti elettronico per basket serie TEE"},"content":{"rendered":"<div class=\"row\"  id=\"row-327940400\">\n\n\t<div id=\"col-1093213973\" class=\"col small-12 large-12\"  >\n\t\t\t\t<div class=\"col-inner\"  >\n\t\t\t\n\t\t\t\n<h2><strong>Vantaggi esclusivi del tabellone segnapunti elettronico da basket della serie TEE<\/strong><\/h2>\n<h3><strong>Scheda madre professionale<\/strong><\/h3>\n<ul>\n<li>Il design multistrato stabile garantisce prestazioni di gioco costanti.<\/li>\n<li>Il layout ottimizzato previene il surriscaldamento e il malfunzionamento.<\/li>\n<li>Lunga durata con manutenzione minima.<\/li>\n<\/ul>\n<h3><strong>Telecomando senza fili<\/strong><\/h3>\n<ul>\n<li>Punteggio e regolazione del tempo facili con la semplice pressione di un pulsante.<\/li>\n<li>Raggio d&#039;azione effettivo fino a 30 metri.<\/li>\n<li>Funzioni di modifica flessibili per una rapida gestione delle partite.<\/li>\n<\/ul>\n<h3><strong>Telaio in lega resistente<\/strong><\/h3>\n<ul>\n<li>Telaio robusto e leggero per stabilit\u00e0 e portabilit\u00e0.<\/li>\n<li>Resistente agli urti e all&#039;usura quotidiana durante le sessioni di gioco pi\u00f9 intense.<\/li>\n<li>Realizzato per durare per pi\u00f9 stagioni.<\/li>\n<\/ul>\n<h3><strong>Display LED ad alta definizione<\/strong><\/h3>\n<ul>\n<li>Numeri grandi e luminosi, visibili anche nelle arene pi\u00f9 grandi.<\/li>\n<li>Monitorare con precisione punti, assenze, periodi e tempo.<\/li>\n<li>Coinvolgi il pubblico mantenendo i punteggi chiari da tutte le angolazioni.<\/li>\n<\/ul>\n<h2><strong>Dettagli del prodotto<\/strong><\/h2>\n<div class=\"row\"  id=\"row-1657658455\">\n\n\t<div id=\"col-690311867\" class=\"col medium-10 small-12 large-10\"  >\n\t\t\t\t<div class=\"col-inner text-left\"  >\n\t\t\t\n\t\t\t\n<ul>\n<li><strong>Pannello di gioco completo<\/strong> - IL <strong>Tabellone segnapunti elettronico per basket serie TEE<\/strong> Visualizza pause, falli, punteggi di casa e trasferta e un cronometro dei tiri da 14\/24 secondi. \u00c8 dotato di un controller di gioco dedicato per un funzionamento fluido e di un cicalino integrato per segnalare i momenti chiave, garantendo una gestione della partita accurata e professionale.<\/li>\n<\/ul>\n\t<div class=\"img has-hover x md-x lg-x y md-y lg-y\" id=\"image_2119046155\">\n\t\t\t\t\t\t\t\t<div class=\"img-inner dark\" >\n\t\t\t<img loading=\"lazy\" decoding=\"async\" width=\"800\" height=\"800\" src=\"https:\/\/www.telaled.com\/wp-content\/uploads\/2025\/10\/Scoreboard-Features-Game-Display.webp\" class=\"attachment-large size-large\" alt=\"Tabellone segnapunti elettronico per la visualizzazione delle partite di basket\" srcset=\"https:\/\/www.telaled.com\/wp-content\/uploads\/2025\/10\/Scoreboard-Features-Game-Display.webp 800w, https:\/\/www.telaled.com\/wp-content\/uploads\/2025\/10\/Scoreboard-Features-Game-Display-300x300.webp 300w, https:\/\/www.telaled.com\/wp-content\/uploads\/2025\/10\/Scoreboard-Features-Game-Display-150x150.webp 150w, https:\/\/www.telaled.com\/wp-content\/uploads\/2025\/10\/Scoreboard-Features-Game-Display-768x768.webp 768w, https:\/\/www.telaled.com\/wp-content\/uploads\/2025\/10\/Scoreboard-Features-Game-Display-12x12.webp 12w, https:\/\/www.telaled.com\/wp-content\/uploads\/2025\/10\/Scoreboard-Features-Game-Display-600x600.webp 600w, https:\/\/www.telaled.com\/wp-content\/uploads\/2025\/10\/Scoreboard-Features-Game-Display-100x100.webp 100w\" sizes=\"auto, (max-width: 800px) 100vw, 800px\" \/>\t\t\t\t\t\t\n\t\t\t\t\t<\/div>\n\t\t\t\t\t\t\t\t\n<style>\n#image_2119046155 {\n  width: 80%;\n}\n<\/style>\n\t<\/div>\n\t\n<ul>\n<li><strong>Dimensioni compatte, ma visibili<\/strong> \u2013 Il tabellone segnapunti principale misura 58 cm x 35 cm (22,8 x 13,8 pollici), mentre il cronometro dei tiri misura 33 cm x 25 cm (13 x 9,8 pollici). Progettato per chiarezza ed efficienza, le sue dimensioni complessive offrono il perfetto equilibrio tra portabilit\u00e0 e alta visibilit\u00e0, rendendolo ideale per diversi impianti da basket.<\/li>\n<\/ul>\n\t<div class=\"img has-hover x md-x lg-x y md-y lg-y\" id=\"image_1023481461\">\n\t\t\t\t\t\t\t\t<div class=\"img-inner dark\" >\n\t\t\t<img loading=\"lazy\" decoding=\"async\" width=\"1080\" height=\"1080\" src=\"https:\/\/www.telaled.com\/wp-content\/uploads\/2025\/10\/Sizing.webp\" class=\"attachment-original size-original\" alt=\"\" srcset=\"https:\/\/www.telaled.com\/wp-content\/uploads\/2025\/10\/Sizing.webp 1080w, https:\/\/www.telaled.com\/wp-content\/uploads\/2025\/10\/Sizing-300x300.webp 300w, https:\/\/www.telaled.com\/wp-content\/uploads\/2025\/10\/Sizing-1024x1024.webp 1024w, https:\/\/www.telaled.com\/wp-content\/uploads\/2025\/10\/Sizing-150x150.webp 150w, https:\/\/www.telaled.com\/wp-content\/uploads\/2025\/10\/Sizing-768x768.webp 768w, https:\/\/www.telaled.com\/wp-content\/uploads\/2025\/10\/Sizing-12x12.webp 12w, https:\/\/www.telaled.com\/wp-content\/uploads\/2025\/10\/Sizing-600x600.webp 600w, https:\/\/www.telaled.com\/wp-content\/uploads\/2025\/10\/Sizing-100x100.webp 100w\" sizes=\"auto, (max-width: 1080px) 100vw, 1080px\" \/>\t\t\t\t\t\t\n\t\t\t\t\t<\/div>\n\t\t\t\t\t\t\t\t\n<style>\n#image_1023481461 {\n  width: 80%;\n}\n<\/style>\n\t<\/div>\n\t\n<ul>\n<li><strong>Consolle con schermo LCD touch<\/strong> \u2013 Progettato per il <strong>Tabellone segnapunti elettronico per basket serie TEE<\/strong>Questa console \u00e8 dotata di antenna, porta di ricarica Type-C, touchscreen e schermo reattivo. Permette agli operatori di aggiornare i punteggi, controllare il cronometro dei tiri e registrare falli o timeout in modo rapido e preciso.<\/li>\n<\/ul>\n\t<div class=\"img has-hover x md-x lg-x y md-y lg-y\" id=\"image_1465150386\">\n\t\t\t\t\t\t\t\t<div class=\"img-inner dark\" >\n\t\t\t<img loading=\"lazy\" decoding=\"async\" width=\"750\" height=\"750\" src=\"https:\/\/www.telaled.com\/wp-content\/uploads\/2025\/10\/Controller.webp\" class=\"attachment-large size-large\" alt=\"\" srcset=\"https:\/\/www.telaled.com\/wp-content\/uploads\/2025\/10\/Controller.webp 750w, https:\/\/www.telaled.com\/wp-content\/uploads\/2025\/10\/Controller-300x300.webp 300w, https:\/\/www.telaled.com\/wp-content\/uploads\/2025\/10\/Controller-150x150.webp 150w, https:\/\/www.telaled.com\/wp-content\/uploads\/2025\/10\/Controller-12x12.webp 12w, https:\/\/www.telaled.com\/wp-content\/uploads\/2025\/10\/Controller-600x600.webp 600w, https:\/\/www.telaled.com\/wp-content\/uploads\/2025\/10\/Controller-100x100.webp 100w\" sizes=\"auto, (max-width: 750px) 100vw, 750px\" \/>\t\t\t\t\t\t\n\t\t\t\t\t<\/div>\n\t\t\t\t\t\t\t\t\n<style>\n#image_1465150386 {\n  width: 80%;\n}\n<\/style>\n\t<\/div>\n\t\n<ul>\n<li><strong>Opzioni di alimentazione e connettivit\u00e0<\/strong> \u2013 Sia il tabellone segnapunti che l&#039;orologio antiurto supportano la ricarica Type-C per un&#039;alimentazione rapida e affidabile. Sono compatibili con batterie ricaricabili, offrendo flessibilit\u00e0 per un utilizzo continuo, sia durante le sessioni di allenamento che nelle partite ufficiali.<\/li>\n<\/ul>\n\t<div class=\"img has-hover x md-x lg-x y md-y lg-y\" id=\"image_456363231\">\n\t\t\t\t\t\t\t\t<div class=\"img-inner dark\" >\n\t\t\t<img loading=\"lazy\" decoding=\"async\" width=\"800\" height=\"694\" src=\"https:\/\/www.telaled.com\/wp-content\/uploads\/2025\/10\/Other-Details.webp\" class=\"attachment-large size-large\" alt=\"\" srcset=\"https:\/\/www.telaled.com\/wp-content\/uploads\/2025\/10\/Other-Details.webp 800w, https:\/\/www.telaled.com\/wp-content\/uploads\/2025\/10\/Other-Details-300x260.webp 300w, https:\/\/www.telaled.com\/wp-content\/uploads\/2025\/10\/Other-Details-768x666.webp 768w, https:\/\/www.telaled.com\/wp-content\/uploads\/2025\/10\/Other-Details-14x12.webp 14w, https:\/\/www.telaled.com\/wp-content\/uploads\/2025\/10\/Other-Details-600x521.webp 600w\" sizes=\"auto, (max-width: 800px) 100vw, 800px\" \/>\t\t\t\t\t\t\n\t\t\t\t\t<\/div>\n\t\t\t\t\t\t\t\t\n<style>\n#image_456363231 {\n  width: 80%;\n}\n<\/style>\n\t<\/div>\n\t\n<ul>\n<li><strong>Tabellone segnapunti elettronico per basket serie TEE <\/strong>Sono imballati in casse di legno rinforzate per garantire un trasporto sicuro. Ogni unit\u00e0 \u00e8 fissata saldamente per proteggerla da urti e parassiti, garantendone l&#039;integrit\u00e0 e una lunga conservazione.<\/li>\n<\/ul>\n\t<div class=\"img has-hover x md-x lg-x y md-y lg-y\" id=\"image_235580303\">\n\t\t\t\t\t\t\t\t<div class=\"img-inner dark\" >\n\t\t\t<img loading=\"lazy\" decoding=\"async\" width=\"760\" height=\"1024\" src=\"https:\/\/www.telaled.com\/wp-content\/uploads\/2025\/08\/36123f2c-de60-488d-af81-255cd4aee54a-760x1024.webp\" class=\"attachment-large size-large\" alt=\"\" srcset=\"https:\/\/www.telaled.com\/wp-content\/uploads\/2025\/08\/36123f2c-de60-488d-af81-255cd4aee54a-760x1024.webp 760w, https:\/\/www.telaled.com\/wp-content\/uploads\/2025\/08\/36123f2c-de60-488d-af81-255cd4aee54a-223x300.webp 223w, https:\/\/www.telaled.com\/wp-content\/uploads\/2025\/08\/36123f2c-de60-488d-af81-255cd4aee54a-768x1035.webp 768w, https:\/\/www.telaled.com\/wp-content\/uploads\/2025\/08\/36123f2c-de60-488d-af81-255cd4aee54a-9x12.webp 9w, https:\/\/www.telaled.com\/wp-content\/uploads\/2025\/08\/36123f2c-de60-488d-af81-255cd4aee54a-600x808.webp 600w, https:\/\/www.telaled.com\/wp-content\/uploads\/2025\/08\/36123f2c-de60-488d-af81-255cd4aee54a.webp 795w\" sizes=\"auto, (max-width: 760px) 100vw, 760px\" \/>\t\t\t\t\t\t\n\t\t\t\t\t<\/div>\n\t\t\t\t\t\t\t\t\n<style>\n#image_235580303 {\n  width: 80%;\n}\n<\/style>\n\t<\/div>\n\t\n\n<table id=\"tablepress-94\" class=\"tablepress tablepress-id-94\">\n<thead>\n<tr class=\"row-1\">\n\t<th colspan=\"4\" class=\"column-1\">Presentazione del prodotto<\/th>\n<\/tr>\n<\/thead>\n<tbody class=\"row-striping row-hover\">\n<tr class=\"row-2\">\n\t<td class=\"column-1\">Definisci includendo<\/td><td class=\"column-2\">1*Tabellone segnapunti, 2*Cronometro dei tiri, 1*Console di gioco, 1*Possesso palla, 1*Clacson<\/td><td class=\"column-3\"><\/td><td class=\"column-4\"><\/td>\n<\/tr>\n<tr class=\"row-3\">\n\t<td class=\"column-1\">Dimensioni del prodotto<\/td><td class=\"column-2\">Tabellone segnapunti: 58*35*2,3 cm (22,8*13,8*0,9 pollici)<br \/>\nOrologio da 24 secondi: 33*25*2,3 cm (13*9,8*0,9 pollici)<br \/>\nPossesso palla: 48*18*2,3 cm (18,9*7,1*0,9 pollici)<br \/>\nConsole di gioco: 18,7*13*3 cm (7,36*5,1*1,18 pollici)<\/td><td class=\"column-3\"><\/td><td class=\"column-4\"><\/td>\n<\/tr>\n<tr class=\"row-4\">\n\t<td class=\"column-1\">Fonte di alimentazione<\/td><td class=\"column-2\">Da 1 a 3 batterie 18650 per tabellone segnapunti\/orologio dei tiri\/eventualmente (batterie non incluse)<br \/>\n3 batterie AA per il clacson (batterie non incluse)<br \/>\nAlimentatore di tipo C per console di gioco<\/td><td class=\"column-3\"><\/td><td class=\"column-4\"><\/td>\n<\/tr>\n<tr class=\"row-5\">\n\t<td class=\"column-1\">Appello<\/td><td class=\"column-2\">Portatile, Professionale, Sincronizzazione<\/td><td class=\"column-3\"><\/td><td class=\"column-4\"><\/td>\n<\/tr>\n<tr class=\"row-6\">\n\t<td class=\"column-1\">Applicazione<\/td><td class=\"column-2\">Campo da basket al coperto e all&#039;aperto, visualizzazione del punteggio delle partite di basket<\/td><td class=\"column-3\"><\/td><td class=\"column-4\"><\/td>\n<\/tr>\n<\/tbody>\n<\/table>\n<!-- #tablepress-94 from cache -->\n\t\t<\/div>\n\t\t\t\t\t<\/div>\n\n\t\n<\/div>\n\t\t<\/div>\n\t\t\t\t\t<\/div>\n\n\t\n<\/div>","protected":false},"excerpt":{"rendered":"<p><strong>Tabellone segnapunti elettronico per basket serie TEE: punteggi precisi per ogni partita<\/strong><\/p>\n<p>IL <em><strong>Tabellone segnapunti elettronico per basket serie TEE<\/strong><\/em> \u00c8 progettato per garantire che ogni punto, quarto e timeout tecnico sia visibile a giocatori e tifosi. Con cifre LED luminose, prestazioni affidabili e comandi facili da usare, offre un punteggio di livello professionale per scuole, palestre e palazzetti dello sport.<\/p>\n<p><strong>Principali vantaggi:<\/strong><\/p>\n<ul>\n<li><strong>Aggiornamenti immediati sui punteggi<\/strong> \u2013 Visualizza punti, falli e quarti in tempo reale per un gioco fluido.<\/li>\n<li><strong>LED ad alta visibilit\u00e0<\/strong> \u2013 Le cifre grandi e luminose rendono il punteggio chiaro da qualsiasi angolo del campo.<\/li>\n<li><strong>Costruzione durevole<\/strong> \u2013 Progettato per gestire il ritmo veloce dei giochi con componenti di lunga durata.<\/li>\n<li><strong>Facile da usare<\/strong> \u2013 Il semplice sistema di controllo garantisce che arbitri e funzionari possano aggiornare rapidamente i punteggi.<\/li>\n<\/ul>\n<p><span style=\"font-weight: 400;\">Il nostro team offre supporto remoto 24 ore su 24, 7 giorni su 7 e una garanzia di 3 anni. Contattaci oggi stesso per un preventivo personalizzato.<\/span><\/p>","protected":false},"featured_media":3756,"template":"","meta":[],"product_brand":[],"product_cat":[48,40,44,46],"product_tag":[],"class_list":{"0":"post-3751","1":"product","2":"type-product","3":"status-publish","4":"has-post-thumbnail","6":"product_cat-paineis-personalizados","7":"product_cat-painel-de-led","8":"product_cat-painel-de-led-flexivel","9":"product_cat-painel-de-video","11":"first","12":"instock","13":"shipping-taxable","14":"product-type-simple"},"yoast_head":"<!-- This site is optimized with the Yoast SEO plugin v27.5 - https:\/\/yoast.com\/product\/yoast-seo-wordpress\/ -->\n<title>Placar Eletr\u00f4nico Para Basquete S\u00e9rie TEE | TELALED<\/title>\n<meta name=\"description\" content=\"O placar eletr\u00f4nico para basquete s\u00e9rie TEE mant\u00e9m cada jogo preciso e emocionante com pontua\u00e7\u00e3o em LED brilhante. Pe\u00e7a j\u00e1!\" \/>\n<meta name=\"robots\" content=\"index, follow, max-snippet:-1, max-image-preview:large, max-video-preview:-1\" \/>\n<link rel=\"canonical\" href=\"https:\/\/www.telaled.com\/it\/fabrica\/placar-eletronico-para-basquete-serie-tee\/\" \/>\n<meta property=\"og:locale\" content=\"it_IT\" \/>\n<meta property=\"og:type\" content=\"article\" \/>\n<meta property=\"og:title\" content=\"Placar Eletr\u00f4nico Para Basquete S\u00e9rie TEE | TELALED\" \/>\n<meta property=\"og:description\" content=\"O placar eletr\u00f4nico para basquete s\u00e9rie TEE mant\u00e9m cada jogo preciso e emocionante com pontua\u00e7\u00e3o em LED brilhante. Pe\u00e7a j\u00e1!\" \/>\n<meta property=\"og:url\" content=\"https:\/\/www.telaled.com\/it\/fabrica\/placar-eletronico-para-basquete-serie-tee\/\" \/>\n<meta property=\"og:site_name\" content=\"TELALED\" \/>\n<meta property=\"article:modified_time\" content=\"2025-12-27T08:01:12+00:00\" \/>\n<meta property=\"og:image\" content=\"https:\/\/www.telaled.com\/wp-content\/uploads\/2025\/10\/Electronic-Basketball-Scoreboard-2.webp\" \/>\n\t<meta property=\"og:image:width\" content=\"500\" \/>\n\t<meta property=\"og:image:height\" content=\"500\" \/>\n\t<meta property=\"og:image:type\" content=\"image\/webp\" \/>\n<meta name=\"twitter:card\" content=\"summary_large_image\" \/>\n<meta name=\"twitter:label1\" content=\"Tempo di lettura stimato\" \/>\n\t<meta name=\"twitter:data1\" content=\"3 minuti\" \/>\n<script type=\"application\/ld+json\" class=\"yoast-schema-graph\">{\"@context\":\"https:\\\/\\\/schema.org\",\"@graph\":[{\"@type\":\"WebPage\",\"@id\":\"https:\\\/\\\/www.telaled.com\\\/fabrica\\\/placar-eletronico-para-basquete-serie-tee\\\/\",\"url\":\"https:\\\/\\\/www.telaled.com\\\/fabrica\\\/placar-eletronico-para-basquete-serie-tee\\\/\",\"name\":\"Placar Eletr\u00f4nico Para Basquete S\u00e9rie TEE | TELALED\",\"isPartOf\":{\"@id\":\"https:\\\/\\\/www.telaled.com\\\/#website\"},\"primaryImageOfPage\":{\"@id\":\"https:\\\/\\\/www.telaled.com\\\/fabrica\\\/placar-eletronico-para-basquete-serie-tee\\\/#primaryimage\"},\"image\":{\"@id\":\"https:\\\/\\\/www.telaled.com\\\/fabrica\\\/placar-eletronico-para-basquete-serie-tee\\\/#primaryimage\"},\"thumbnailUrl\":\"https:\\\/\\\/www.telaled.com\\\/wp-content\\\/uploads\\\/2025\\\/10\\\/Electronic-Basketball-Scoreboard-2.webp\",\"datePublished\":\"2025-10-02T18:10:45+00:00\",\"dateModified\":\"2025-12-27T08:01:12+00:00\",\"description\":\"O placar eletr\u00f4nico para basquete s\u00e9rie TEE mant\u00e9m cada jogo preciso e emocionante com pontua\u00e7\u00e3o em LED brilhante. Pe\u00e7a j\u00e1!\",\"breadcrumb\":{\"@id\":\"https:\\\/\\\/www.telaled.com\\\/fabrica\\\/placar-eletronico-para-basquete-serie-tee\\\/#breadcrumb\"},\"inLanguage\":\"it-IT\",\"potentialAction\":[{\"@type\":\"ReadAction\",\"target\":[\"https:\\\/\\\/www.telaled.com\\\/fabrica\\\/placar-eletronico-para-basquete-serie-tee\\\/\"]}]},{\"@type\":\"ImageObject\",\"inLanguage\":\"it-IT\",\"@id\":\"https:\\\/\\\/www.telaled.com\\\/fabrica\\\/placar-eletronico-para-basquete-serie-tee\\\/#primaryimage\",\"url\":\"https:\\\/\\\/www.telaled.com\\\/wp-content\\\/uploads\\\/2025\\\/10\\\/Electronic-Basketball-Scoreboard-2.webp\",\"contentUrl\":\"https:\\\/\\\/www.telaled.com\\\/wp-content\\\/uploads\\\/2025\\\/10\\\/Electronic-Basketball-Scoreboard-2.webp\",\"width\":500,\"height\":500,\"caption\":\"Placar Eletr\u00f4nico Para Basquete S\u00e9rie TEE\"},{\"@type\":\"BreadcrumbList\",\"@id\":\"https:\\\/\\\/www.telaled.com\\\/fabrica\\\/placar-eletronico-para-basquete-serie-tee\\\/#breadcrumb\",\"itemListElement\":[{\"@type\":\"ListItem\",\"position\":1,\"name\":\"Home\",\"item\":\"https:\\\/\\\/www.telaled.com\\\/\"},{\"@type\":\"ListItem\",\"position\":2,\"name\":\"Produtos\",\"item\":\"https:\\\/\\\/www.telaled.com\\\/shop\\\/\"},{\"@type\":\"ListItem\",\"position\":3,\"name\":\"Placar Eletr\u00f4nico Para Basquete S\u00e9rie TEE\"}]},{\"@type\":\"WebSite\",\"@id\":\"https:\\\/\\\/www.telaled.com\\\/#website\",\"url\":\"https:\\\/\\\/www.telaled.com\\\/\",\"name\":\"TELALED\",\"description\":\"\",\"potentialAction\":[{\"@type\":\"SearchAction\",\"target\":{\"@type\":\"EntryPoint\",\"urlTemplate\":\"https:\\\/\\\/www.telaled.com\\\/?s={search_term_string}\"},\"query-input\":{\"@type\":\"PropertyValueSpecification\",\"valueRequired\":true,\"valueName\":\"search_term_string\"}}],\"inLanguage\":\"it-IT\"}]}<\/script>\n<!-- \/ Yoast SEO plugin. -->","yoast_head_json":{"title":"Tabellone segnapunti elettronico per basket serie TEE | TELALED","description":"Il tabellone segnapunti elettronico della serie TEE per il basket assicura che ogni partita sia precisa ed emozionante grazie ai LED luminosi. Ordinalo subito!","robots":{"index":"index","follow":"follow","max-snippet":"max-snippet:-1","max-image-preview":"max-image-preview:large","max-video-preview":"max-video-preview:-1"},"canonical":"https:\/\/www.telaled.com\/it\/fabrica\/placar-eletronico-para-basquete-serie-tee\/","og_locale":"it_IT","og_type":"article","og_title":"Placar Eletr\u00f4nico Para Basquete S\u00e9rie TEE | TELALED","og_description":"O placar eletr\u00f4nico para basquete s\u00e9rie TEE mant\u00e9m cada jogo preciso e emocionante com pontua\u00e7\u00e3o em LED brilhante. Pe\u00e7a j\u00e1!","og_url":"https:\/\/www.telaled.com\/it\/fabrica\/placar-eletronico-para-basquete-serie-tee\/","og_site_name":"TELALED","article_modified_time":"2025-12-27T08:01:12+00:00","og_image":[{"width":500,"height":500,"url":"https:\/\/www.telaled.com\/wp-content\/uploads\/2025\/10\/Electronic-Basketball-Scoreboard-2.webp","type":"image\/webp"}],"twitter_card":"summary_large_image","twitter_misc":{"Tempo di lettura stimato":"3 minuti"},"schema":{"@context":"https:\/\/schema.org","@graph":[{"@type":"WebPage","@id":"https:\/\/www.telaled.com\/fabrica\/placar-eletronico-para-basquete-serie-tee\/","url":"https:\/\/www.telaled.com\/fabrica\/placar-eletronico-para-basquete-serie-tee\/","name":"Tabellone segnapunti elettronico per basket serie TEE | TELALED","isPartOf":{"@id":"https:\/\/www.telaled.com\/#website"},"primaryImageOfPage":{"@id":"https:\/\/www.telaled.com\/fabrica\/placar-eletronico-para-basquete-serie-tee\/#primaryimage"},"image":{"@id":"https:\/\/www.telaled.com\/fabrica\/placar-eletronico-para-basquete-serie-tee\/#primaryimage"},"thumbnailUrl":"https:\/\/www.telaled.com\/wp-content\/uploads\/2025\/10\/Electronic-Basketball-Scoreboard-2.webp","datePublished":"2025-10-02T18:10:45+00:00","dateModified":"2025-12-27T08:01:12+00:00","description":"Il tabellone segnapunti elettronico della serie TEE per il basket assicura che ogni partita sia precisa ed emozionante grazie ai LED luminosi. Ordinalo subito!","breadcrumb":{"@id":"https:\/\/www.telaled.com\/fabrica\/placar-eletronico-para-basquete-serie-tee\/#breadcrumb"},"inLanguage":"it-IT","potentialAction":[{"@type":"ReadAction","target":["https:\/\/www.telaled.com\/fabrica\/placar-eletronico-para-basquete-serie-tee\/"]}]},{"@type":"ImageObject","inLanguage":"it-IT","@id":"https:\/\/www.telaled.com\/fabrica\/placar-eletronico-para-basquete-serie-tee\/#primaryimage","url":"https:\/\/www.telaled.com\/wp-content\/uploads\/2025\/10\/Electronic-Basketball-Scoreboard-2.webp","contentUrl":"https:\/\/www.telaled.com\/wp-content\/uploads\/2025\/10\/Electronic-Basketball-Scoreboard-2.webp","width":500,"height":500,"caption":"Placar Eletr\u00f4nico Para Basquete S\u00e9rie TEE"},{"@type":"BreadcrumbList","@id":"https:\/\/www.telaled.com\/fabrica\/placar-eletronico-para-basquete-serie-tee\/#breadcrumb","itemListElement":[{"@type":"ListItem","position":1,"name":"Home","item":"https:\/\/www.telaled.com\/"},{"@type":"ListItem","position":2,"name":"Produtos","item":"https:\/\/www.telaled.com\/shop\/"},{"@type":"ListItem","position":3,"name":"Placar Eletr\u00f4nico Para Basquete S\u00e9rie TEE"}]},{"@type":"WebSite","@id":"https:\/\/www.telaled.com\/#website","url":"https:\/\/www.telaled.com\/","name":"schermo LED","description":"","potentialAction":[{"@type":"SearchAction","target":{"@type":"EntryPoint","urlTemplate":"https:\/\/www.telaled.com\/?s={search_term_string}"},"query-input":{"@type":"PropertyValueSpecification","valueRequired":true,"valueName":"search_term_string"}}],"inLanguage":"it-IT"}]}},"_links":{"self":[{"href":"https:\/\/www.telaled.com\/it\/wp-json\/wp\/v2\/product\/3751","targetHints":{"allow":["GET"]}}],"collection":[{"href":"https:\/\/www.telaled.com\/it\/wp-json\/wp\/v2\/product"}],"about":[{"href":"https:\/\/www.telaled.com\/it\/wp-json\/wp\/v2\/types\/product"}],"wp:featuredmedia":[{"embeddable":true,"href":"https:\/\/www.telaled.com\/it\/wp-json\/wp\/v2\/media\/3756"}],"wp:attachment":[{"href":"https:\/\/www.telaled.com\/it\/wp-json\/wp\/v2\/media?parent=3751"}],"wp:term":[{"taxonomy":"product_brand","embeddable":true,"href":"https:\/\/www.telaled.com\/it\/wp-json\/wp\/v2\/product_brand?post=3751"},{"taxonomy":"product_cat","embeddable":true,"href":"https:\/\/www.telaled.com\/it\/wp-json\/wp\/v2\/product_cat?post=3751"},{"taxonomy":"product_tag","embeddable":true,"href":"https:\/\/www.telaled.com\/it\/wp-json\/wp\/v2\/product_tag?post=3751"}],"curies":[{"name":"parola chiave","href":"https:\/\/api.w.org\/{rel}","templated":true}]}}