{"id":3735,"date":"2025-10-02T10:10:21","date_gmt":"2025-10-02T10:10:21","guid":{"rendered":"https:\/\/www.telaled.com\/?post_type=product&#038;p=3735"},"modified":"2026-01-06T09:43:41","modified_gmt":"2026-01-06T09:43:41","slug":"placar-eletronico-para-badminton-serie-ted","status":"publish","type":"product","link":"https:\/\/www.telaled.com\/it\/fabrica\/placar-eletronico-para-badminton-serie-ted\/","title":{"rendered":"Tabellone segnapunti elettronico per la serie TED di badminton"},"content":{"rendered":"<div class=\"row\"  id=\"row-809490354\">\n\n\t<div id=\"col-882179278\" class=\"col small-12 large-12\"  >\n\t\t\t\t<div class=\"col-inner\"  >\n\t\t\t\n\t\t\t\n<h2><span data-sheets-root=\"1\">Tabellone elettronico per il badminton<\/span> Serie TED<\/h2>\n<h3><strong>Durata superiore<\/strong><\/h3>\n<ul>\n<li>Realizzato in lega di alluminio ad alta resistenza per una struttura robusta e leggera.<\/li>\n<li>Alloggiamento resistente alla corrosione e agli urti, progettato per un uso interno a lungo termine.<\/li>\n<li>Certificati CE e RoHS per soddisfare gli standard internazionali di sicurezza e qualit\u00e0.<\/li>\n<li>La struttura sigillata impedisce che polvere e detriti possano danneggiare i componenti interni.<\/li>\n<li>Prestazioni stabili durante il funzionamento continuo negli impianti sportivi.<\/li>\n<\/ul>\n<h3><strong>Qualit\u00e0 visiva eccezionale<\/strong><\/h3>\n<ul>\n<li>\u00c8 dotato di 22 cifre LED rosse luminose con caratteri alti 1,8 pollici.<\/li>\n<li>Visibile fino a 30 metri con contrasto netto e illuminazione uniforme.<\/li>\n<li>Cinque livelli di luminosit\u00e0 regolabili per una visualizzazione nitida in qualsiasi condizione di illuminazione.<\/li>\n<li>L&#039;uscita LED senza sfarfallio garantisce una visibilit\u00e0 fluida e continua durante il gioco.<\/li>\n<li>Le cifre grandi e ben distanziate rendono i punteggi facili da leggere da qualsiasi angolazione.<\/li>\n<\/ul>\n<h3><strong>Completa adattabilit\u00e0<\/strong><\/h3>\n<ul>\n<li>Supporta il montaggio a parete, su tavolo o su treppiede (treppiede venduto separatamente)<\/li>\n<li>Doppia opzione di alimentazione: ingresso CA o CC 5 V per compatibilit\u00e0 di alimentazione. <a href=\"https:\/\/www.telaled.com\/it\/o-guia-definitivo-para-painels-de-led-flexiveis\/\">flessibile<\/a>.<\/li>\n<li>Funziona tramite telecomando wireless 2.4G con una portata fino a 30 metri.<\/li>\n<li>Le funzionalit\u00e0 includono il punteggio in casa\/trasferta e la visualizzazione di 5 inning con suoni opzionali.<\/li>\n<li>Adatto per eventi di badminton., <a href=\"https:\/\/www.telaled.com\/it\/fabrica\/placar-eletronico-para-volei-serie-teb\/\">pallavolo<\/a>, <a href=\"https:\/\/www.telaled.com\/it\/fabrica\/placar-eletronico-para-tenis-serie-tec\/\">tennis<\/a> e ping-pong.<\/li>\n<\/ul>\n<h3><strong>Supporto completo<\/strong><\/h3>\n<ul>\n<li>Supporto tecnico esperto 24 ore su 24, 7 giorni su 7. Ottieni assistenza affidabile sempre e ovunque con il nostro team di supporto remoto 24 ore su 24, 7 giorni su 7.<\/li>\n<li>Ricambi extra 5%: ogni ordine include componenti sostitutivi aggiuntivi, garantendo maggiore affidabilit\u00e0 e dandoti maggiore tranquillit\u00e0.<\/li>\n<li>Garanzia estesa di 3 anni Goditi prestazioni durature e un servizio affidabile supportati da una garanzia estesa di 3 anni per la massima protezione.<\/li>\n<\/ul>\n<h2>Dettagli del prodotto<\/h2>\n<div class=\"row\"  id=\"row-1310849457\">\n\n\t<div id=\"col-81833112\" class=\"col medium-10 small-12 large-10\"  >\n\t\t\t\t<div class=\"col-inner text-left\"  >\n\t\t\t\n\t\t\t\n<ul>\n<li>I tabelloni segnapunti per il badminton, sia per interni che per esterni, offrono un punteggio affidabile e preciso, garantendo al contempo un&#039;eccellente visibilit\u00e0. Visualizzano chiaramente set, game e punti, mentre un indicatore luminoso indica quale squadra ha effettuato il servizio. Progettato per garantire resistenza e prestazioni, questo tabellone segnapunti \u00e8 ideale per scuole, club e impianti sportivi che desiderano migliorare l&#039;esperienza di allenamento e competizione.<\/li>\n<\/ul>\n\t<div class=\"img has-hover x md-x lg-x y md-y lg-y\" id=\"image_1923909421\">\n\t\t\t\t\t\t\t\t<div class=\"img-inner dark\" >\n\t\t\t<img loading=\"lazy\" decoding=\"async\" width=\"877\" height=\"431\" src=\"https:\/\/www.telaled.com\/wp-content\/uploads\/2025\/10\/Placar-eletronico-para-badminton6.webp\" class=\"attachment-original size-original\" alt=\"Tabellone elettronico per il badminton6\" srcset=\"https:\/\/www.telaled.com\/wp-content\/uploads\/2025\/10\/Placar-eletronico-para-badminton6.webp 877w, https:\/\/www.telaled.com\/wp-content\/uploads\/2025\/10\/Placar-eletronico-para-badminton6-300x147.webp 300w, https:\/\/www.telaled.com\/wp-content\/uploads\/2025\/10\/Placar-eletronico-para-badminton6-768x377.webp 768w, https:\/\/www.telaled.com\/wp-content\/uploads\/2025\/10\/Placar-eletronico-para-badminton6-18x9.webp 18w, https:\/\/www.telaled.com\/wp-content\/uploads\/2025\/10\/Placar-eletronico-para-badminton6-600x295.webp 600w\" sizes=\"auto, (max-width: 877px) 100vw, 877px\" \/>\t\t\t\t\t\t\n\t\t\t\t\t<\/div>\n\t\t\t\t\t\t\t\t\n<style>\n#image_1923909421 {\n  width: 80%;\n}\n<\/style>\n\t<\/div>\n\t\n<ul>\n<li>IL <em><strong>Tabellone elettronico per il badminton<\/strong><\/em> Mette in risalto ogni momento in modo chiaro. Offre pacchetti pronti all&#039;uso che migliorano l&#039;esperienza dei tifosi, rendendoli un prezioso investimento a lungo termine per eventi e competizioni sportive.<\/li>\n<\/ul>\n\t<div class=\"img has-hover x md-x lg-x y md-y lg-y\" id=\"image_240534477\">\n\t\t\t\t\t\t\t\t<div class=\"img-inner dark\" >\n\t\t\t<img loading=\"lazy\" decoding=\"async\" width=\"1020\" height=\"1020\" src=\"https:\/\/www.telaled.com\/wp-content\/uploads\/2025\/10\/Placar-eletronico-para-badminton7-1024x1024.webp\" class=\"attachment-large size-large\" alt=\"\" srcset=\"https:\/\/www.telaled.com\/wp-content\/uploads\/2025\/10\/Placar-eletronico-para-badminton7-1024x1024.webp 1024w, https:\/\/www.telaled.com\/wp-content\/uploads\/2025\/10\/Placar-eletronico-para-badminton7-300x300.webp 300w, https:\/\/www.telaled.com\/wp-content\/uploads\/2025\/10\/Placar-eletronico-para-badminton7-150x150.webp 150w, https:\/\/www.telaled.com\/wp-content\/uploads\/2025\/10\/Placar-eletronico-para-badminton7-768x768.webp 768w, https:\/\/www.telaled.com\/wp-content\/uploads\/2025\/10\/Placar-eletronico-para-badminton7-1536x1536.webp 1536w, https:\/\/www.telaled.com\/wp-content\/uploads\/2025\/10\/Placar-eletronico-para-badminton7-12x12.webp 12w, https:\/\/www.telaled.com\/wp-content\/uploads\/2025\/10\/Placar-eletronico-para-badminton7-600x600.webp 600w, https:\/\/www.telaled.com\/wp-content\/uploads\/2025\/10\/Placar-eletronico-para-badminton7-100x100.webp 100w, https:\/\/www.telaled.com\/wp-content\/uploads\/2025\/10\/Placar-eletronico-para-badminton7.webp 1600w\" sizes=\"auto, (max-width: 1020px) 100vw, 1020px\" \/>\t\t\t\t\t\t\n\t\t\t\t\t<\/div>\n\t\t\t\t\t\t\t\t\n<style>\n#image_240534477 {\n  width: 80%;\n}\n<\/style>\n\t<\/div>\n\t\n\t\t<\/div>\n\t\t\t\t\t<\/div>\n\n\t\n\n\t<div id=\"col-1842413977\" class=\"col medium-10 small-12 large-10\"  >\n\t\t\t\t<div class=\"col-inner text-left\"  >\n\t\t\t\n\t\t\t\n<ul>\n<li><strong>Tabellone segnapunti elettronico per la serie TED di badminton<\/strong>\u00a0 Sono imballati in casse di legno rinforzate per proteggerli durante il trasporto. Ogni unit\u00e0 \u00e8 imballata in modo sicuro per prevenire danni causati da parassiti, urti e altri pericoli. Questo garantisce durata e consegna sicura.<\/li>\n<\/ul>\n\t<div class=\"img has-hover x md-x lg-x y md-y lg-y\" id=\"image_1661260770\">\n\t\t\t\t\t\t\t\t<div class=\"img-inner dark\" >\n\t\t\t<img loading=\"lazy\" decoding=\"async\" width=\"760\" height=\"1024\" src=\"https:\/\/www.telaled.com\/wp-content\/uploads\/2025\/08\/36123f2c-de60-488d-af81-255cd4aee54a-760x1024.webp\" class=\"attachment-large size-large\" alt=\"\" srcset=\"https:\/\/www.telaled.com\/wp-content\/uploads\/2025\/08\/36123f2c-de60-488d-af81-255cd4aee54a-760x1024.webp 760w, https:\/\/www.telaled.com\/wp-content\/uploads\/2025\/08\/36123f2c-de60-488d-af81-255cd4aee54a-223x300.webp 223w, https:\/\/www.telaled.com\/wp-content\/uploads\/2025\/08\/36123f2c-de60-488d-af81-255cd4aee54a-768x1035.webp 768w, https:\/\/www.telaled.com\/wp-content\/uploads\/2025\/08\/36123f2c-de60-488d-af81-255cd4aee54a-9x12.webp 9w, https:\/\/www.telaled.com\/wp-content\/uploads\/2025\/08\/36123f2c-de60-488d-af81-255cd4aee54a-600x808.webp 600w, https:\/\/www.telaled.com\/wp-content\/uploads\/2025\/08\/36123f2c-de60-488d-af81-255cd4aee54a.webp 795w\" sizes=\"auto, (max-width: 760px) 100vw, 760px\" \/>\t\t\t\t\t\t\n\t\t\t\t\t<\/div>\n\t\t\t\t\t\t\t\t\n<style>\n#image_1661260770 {\n  width: 80%;\n}\n<\/style>\n\t<\/div>\n\t\n\n<table id=\"tablepress-93\" class=\"tablepress tablepress-id-93\">\n<thead>\n<tr class=\"row-1\">\n\t<th class=\"column-1\">Tipo<\/th><th class=\"column-2\">Tabellone segnapunti per badminton, tabellone segnapunti per pallavolo<\/th><th class=\"column-3\">Appello<\/th><th class=\"column-4\">Visualizzazione del punteggio, visualizzazione dell&#039;inning<\/th>\n<\/tr>\n<\/thead>\n<tbody class=\"row-striping row-hover\">\n<tr class=\"row-2\">\n\t<td class=\"column-1\">Luogo di origine<\/td><td class=\"column-2\">Shenzhen, Cina<\/td><td class=\"column-3\">Segno<\/td><td class=\"column-4\">schermo LED<\/td>\n<\/tr>\n<tr class=\"row-3\">\n\t<td class=\"column-1\">Numero di modello<\/td><td class=\"column-2\">Serie TED<\/td><td class=\"column-3\">Materiale<\/td><td class=\"column-4\">Lega di alluminio<\/td>\n<\/tr>\n<tr class=\"row-4\">\n\t<td class=\"column-1\">Materiale del telaio<\/td><td class=\"column-2\">Lega di alluminio<\/td><td class=\"column-3\">Misurare<\/td><td class=\"column-4\">790 mm x 255 mm x 55 mm (31,1&quot; x 10,0&quot; x 2,2&quot;)<\/td>\n<\/tr>\n<tr class=\"row-5\">\n\t<td class=\"column-1\">Altezza del carattere<\/td><td class=\"column-2\">1,8 pollici - 22 cifre<\/td><td class=\"column-3\">Funzione<\/td><td class=\"column-4\">Risultati in casa e in trasferta, visualizzazione di 5 inning<\/td>\n<\/tr>\n<tr class=\"row-6\">\n\t<td class=\"column-1\">Controllare<\/td><td class=\"column-2\">Telecomando<\/td><td class=\"column-3\">Installazione<\/td><td class=\"column-4\">Montaggio a parete<\/td>\n<\/tr>\n<tr class=\"row-7\">\n\t<td class=\"column-1\">Certificato<\/td><td class=\"column-2\">CE, RoHS<\/td><td class=\"column-3\"><\/td><td class=\"column-4\"><\/td>\n<\/tr>\n<\/tbody>\n<\/table>\n<!-- #tablepress-93 from cache -->\n\t\t<\/div>\n\t\t\t\t\t<\/div>\n\n\t\n<\/div>\n\t\t<\/div>\n\t\t\t\t\t<\/div>\n\n\t\n<\/div>","protected":false},"excerpt":{"rendered":"<p><strong>Tabellone segnapunti elettronico per la serie TED di badminton<\/strong> \u2013 Display LED con punteggio in tempo reale per club e tornei.<\/p>\n<p>Uno <em><strong>tabellone elettronico per il badminton<\/strong><\/em> Permette di seguire facilmente ogni partita, mostrando risultati accurati in tempo reale con una chiara visibilit\u00e0 a LED. Perfetto per allenamenti, tornei o partite di club.<\/p>\n<p><strong>Caratteristiche principali:<\/strong><\/p>\n<ul>\n<li>La struttura rigida in lega di alluminio con certificazione CE e RoHS garantisce una lunga durata.<\/li>\n<li>Le cifre rosse brillanti da 1,8 pollici con 5 livelli di luminosit\u00e0 garantiscono una visibilit\u00e0 chiara fino a 30 m.<\/li>\n<li>Funziona con alimentazione CA o CC a 5 V e supporta il montaggio a parete, su tavolo o su treppiede con un telecomando wireless 2.4G.<\/li>\n<\/ul>\n<p>I nostri esperti sono disponibili 24 ore su 24, 7 giorni su 7, giorno e notte, con supporto remoto e una garanzia di 3 anni sul prodotto. Richiedi oggi stesso il tuo preventivo personalizzato.<\/p>","protected":false},"featured_media":3736,"template":"","meta":[],"product_brand":[],"product_cat":[48,40],"product_tag":[],"class_list":{"0":"post-3735","1":"product","2":"type-product","3":"status-publish","4":"has-post-thumbnail","6":"product_cat-paineis-personalizados","7":"product_cat-painel-de-led","9":"first","10":"instock","11":"shipping-taxable","12":"product-type-simple"},"yoast_head":"<!-- This site is optimized with the Yoast SEO plugin v27.5 - https:\/\/yoast.com\/product\/yoast-seo-wordpress\/ -->\n<title>Placar Eletr\u00f4nico de Badminton S\u00e9rie TED | Solu\u00e7\u00f5es de pontua\u00e7\u00e3o digital para clubes e torneios | TELALED<\/title>\n<meta name=\"description\" content=\"Descubra o Placar Eletr\u00f4nico de Badminton S\u00e9rie TED projetado para precis\u00e3o e praticidade. Perfeito para clubes, escolas e competi\u00e7\u00f5es, com displays de LED, controles de \u00e1rbitro e aplicativos de auto\u00e1rbitro.\" \/>\n<meta name=\"robots\" content=\"index, follow, max-snippet:-1, max-image-preview:large, max-video-preview:-1\" \/>\n<link rel=\"canonical\" href=\"https:\/\/www.telaled.com\/it\/fabrica\/placar-eletronico-para-badminton-serie-ted\/\" \/>\n<meta property=\"og:locale\" content=\"it_IT\" \/>\n<meta property=\"og:type\" content=\"article\" \/>\n<meta property=\"og:title\" content=\"Placar Eletr\u00f4nico de Badminton S\u00e9rie TED | Solu\u00e7\u00f5es de pontua\u00e7\u00e3o digital para clubes e torneios | TELALED\" \/>\n<meta property=\"og:description\" content=\"Descubra o Placar Eletr\u00f4nico de Badminton S\u00e9rie TED projetado para precis\u00e3o e praticidade. Perfeito para clubes, escolas e competi\u00e7\u00f5es, com displays de LED, controles de \u00e1rbitro e aplicativos de auto\u00e1rbitro.\" \/>\n<meta property=\"og:url\" content=\"https:\/\/www.telaled.com\/it\/fabrica\/placar-eletronico-para-badminton-serie-ted\/\" \/>\n<meta property=\"og:site_name\" content=\"TELALED\" \/>\n<meta property=\"article:modified_time\" content=\"2026-01-06T09:43:41+00:00\" \/>\n<meta property=\"og:image\" content=\"https:\/\/www.telaled.com\/wp-content\/uploads\/2025\/10\/Placar-eletronico-para-badminton.webp\" \/>\n\t<meta property=\"og:image:width\" content=\"500\" \/>\n\t<meta property=\"og:image:height\" content=\"500\" \/>\n\t<meta property=\"og:image:type\" content=\"image\/webp\" \/>\n<meta name=\"twitter:card\" content=\"summary_large_image\" \/>\n<meta name=\"twitter:label1\" content=\"Tempo di lettura stimato\" \/>\n\t<meta name=\"twitter:data1\" content=\"3 minuti\" \/>\n<script type=\"application\/ld+json\" class=\"yoast-schema-graph\">{\"@context\":\"https:\\\/\\\/schema.org\",\"@graph\":[{\"@type\":\"WebPage\",\"@id\":\"https:\\\/\\\/www.telaled.com\\\/fabrica\\\/placar-eletronico-para-badminton-serie-ted\\\/\",\"url\":\"https:\\\/\\\/www.telaled.com\\\/fabrica\\\/placar-eletronico-para-badminton-serie-ted\\\/\",\"name\":\"Placar Eletr\u00f4nico de Badminton S\u00e9rie TED | Solu\u00e7\u00f5es de pontua\u00e7\u00e3o digital para clubes e torneios | TELALED\",\"isPartOf\":{\"@id\":\"https:\\\/\\\/www.telaled.com\\\/#website\"},\"primaryImageOfPage\":{\"@id\":\"https:\\\/\\\/www.telaled.com\\\/fabrica\\\/placar-eletronico-para-badminton-serie-ted\\\/#primaryimage\"},\"image\":{\"@id\":\"https:\\\/\\\/www.telaled.com\\\/fabrica\\\/placar-eletronico-para-badminton-serie-ted\\\/#primaryimage\"},\"thumbnailUrl\":\"https:\\\/\\\/www.telaled.com\\\/wp-content\\\/uploads\\\/2025\\\/10\\\/Placar-eletronico-para-badminton.webp\",\"datePublished\":\"2025-10-02T10:10:21+00:00\",\"dateModified\":\"2026-01-06T09:43:41+00:00\",\"description\":\"Descubra o Placar Eletr\u00f4nico de Badminton S\u00e9rie TED projetado para precis\u00e3o e praticidade. Perfeito para clubes, escolas e competi\u00e7\u00f5es, com displays de LED, controles de \u00e1rbitro e aplicativos de auto\u00e1rbitro.\",\"breadcrumb\":{\"@id\":\"https:\\\/\\\/www.telaled.com\\\/fabrica\\\/placar-eletronico-para-badminton-serie-ted\\\/#breadcrumb\"},\"inLanguage\":\"it-IT\",\"potentialAction\":[{\"@type\":\"ReadAction\",\"target\":[\"https:\\\/\\\/www.telaled.com\\\/fabrica\\\/placar-eletronico-para-badminton-serie-ted\\\/\"]}]},{\"@type\":\"ImageObject\",\"inLanguage\":\"it-IT\",\"@id\":\"https:\\\/\\\/www.telaled.com\\\/fabrica\\\/placar-eletronico-para-badminton-serie-ted\\\/#primaryimage\",\"url\":\"https:\\\/\\\/www.telaled.com\\\/wp-content\\\/uploads\\\/2025\\\/10\\\/Placar-eletronico-para-badminton.webp\",\"contentUrl\":\"https:\\\/\\\/www.telaled.com\\\/wp-content\\\/uploads\\\/2025\\\/10\\\/Placar-eletronico-para-badminton.webp\",\"width\":500,\"height\":500,\"caption\":\"Placar-eletronico-para-badminton\"},{\"@type\":\"BreadcrumbList\",\"@id\":\"https:\\\/\\\/www.telaled.com\\\/fabrica\\\/placar-eletronico-para-badminton-serie-ted\\\/#breadcrumb\",\"itemListElement\":[{\"@type\":\"ListItem\",\"position\":1,\"name\":\"Home\",\"item\":\"https:\\\/\\\/www.telaled.com\\\/\"},{\"@type\":\"ListItem\",\"position\":2,\"name\":\"Produtos\",\"item\":\"https:\\\/\\\/www.telaled.com\\\/shop\\\/\"},{\"@type\":\"ListItem\",\"position\":3,\"name\":\"Placar Eletronico para Badminton S\u00e9rie TED\"}]},{\"@type\":\"WebSite\",\"@id\":\"https:\\\/\\\/www.telaled.com\\\/#website\",\"url\":\"https:\\\/\\\/www.telaled.com\\\/\",\"name\":\"TELALED\",\"description\":\"\",\"potentialAction\":[{\"@type\":\"SearchAction\",\"target\":{\"@type\":\"EntryPoint\",\"urlTemplate\":\"https:\\\/\\\/www.telaled.com\\\/?s={search_term_string}\"},\"query-input\":{\"@type\":\"PropertyValueSpecification\",\"valueRequired\":true,\"valueName\":\"search_term_string\"}}],\"inLanguage\":\"it-IT\"}]}<\/script>\n<!-- \/ Yoast SEO plugin. -->","yoast_head_json":{"title":"Tabellone segnapunti elettronico per badminton della serie TED | Soluzioni di punteggio digitale per club e tornei | TELALED","description":"Scopri il tabellone segnapunti elettronico per badminton della serie TED, progettato per garantire precisione e praticit\u00e0. Perfetto per club, scuole e competizioni, con display LED, controlli arbitrali e app per l&#039;auto-arbitraggio.","robots":{"index":"index","follow":"follow","max-snippet":"max-snippet:-1","max-image-preview":"max-image-preview:large","max-video-preview":"max-video-preview:-1"},"canonical":"https:\/\/www.telaled.com\/it\/fabrica\/placar-eletronico-para-badminton-serie-ted\/","og_locale":"it_IT","og_type":"article","og_title":"Placar Eletr\u00f4nico de Badminton S\u00e9rie TED | Solu\u00e7\u00f5es de pontua\u00e7\u00e3o digital para clubes e torneios | TELALED","og_description":"Descubra o Placar Eletr\u00f4nico de Badminton S\u00e9rie TED projetado para precis\u00e3o e praticidade. Perfeito para clubes, escolas e competi\u00e7\u00f5es, com displays de LED, controles de \u00e1rbitro e aplicativos de auto\u00e1rbitro.","og_url":"https:\/\/www.telaled.com\/it\/fabrica\/placar-eletronico-para-badminton-serie-ted\/","og_site_name":"TELALED","article_modified_time":"2026-01-06T09:43:41+00:00","og_image":[{"width":500,"height":500,"url":"https:\/\/www.telaled.com\/wp-content\/uploads\/2025\/10\/Placar-eletronico-para-badminton.webp","type":"image\/webp"}],"twitter_card":"summary_large_image","twitter_misc":{"Tempo di lettura stimato":"3 minuti"},"schema":{"@context":"https:\/\/schema.org","@graph":[{"@type":"WebPage","@id":"https:\/\/www.telaled.com\/fabrica\/placar-eletronico-para-badminton-serie-ted\/","url":"https:\/\/www.telaled.com\/fabrica\/placar-eletronico-para-badminton-serie-ted\/","name":"Tabellone segnapunti elettronico per badminton della serie TED | Soluzioni di punteggio digitale per club e tornei | TELALED","isPartOf":{"@id":"https:\/\/www.telaled.com\/#website"},"primaryImageOfPage":{"@id":"https:\/\/www.telaled.com\/fabrica\/placar-eletronico-para-badminton-serie-ted\/#primaryimage"},"image":{"@id":"https:\/\/www.telaled.com\/fabrica\/placar-eletronico-para-badminton-serie-ted\/#primaryimage"},"thumbnailUrl":"https:\/\/www.telaled.com\/wp-content\/uploads\/2025\/10\/Placar-eletronico-para-badminton.webp","datePublished":"2025-10-02T10:10:21+00:00","dateModified":"2026-01-06T09:43:41+00:00","description":"Scopri il tabellone segnapunti elettronico per badminton della serie TED, progettato per garantire precisione e praticit\u00e0. Perfetto per club, scuole e competizioni, con display LED, controlli arbitrali e app per l&#039;auto-arbitraggio.","breadcrumb":{"@id":"https:\/\/www.telaled.com\/fabrica\/placar-eletronico-para-badminton-serie-ted\/#breadcrumb"},"inLanguage":"it-IT","potentialAction":[{"@type":"ReadAction","target":["https:\/\/www.telaled.com\/fabrica\/placar-eletronico-para-badminton-serie-ted\/"]}]},{"@type":"ImageObject","inLanguage":"it-IT","@id":"https:\/\/www.telaled.com\/fabrica\/placar-eletronico-para-badminton-serie-ted\/#primaryimage","url":"https:\/\/www.telaled.com\/wp-content\/uploads\/2025\/10\/Placar-eletronico-para-badminton.webp","contentUrl":"https:\/\/www.telaled.com\/wp-content\/uploads\/2025\/10\/Placar-eletronico-para-badminton.webp","width":500,"height":500,"caption":"Placar-eletronico-para-badminton"},{"@type":"BreadcrumbList","@id":"https:\/\/www.telaled.com\/fabrica\/placar-eletronico-para-badminton-serie-ted\/#breadcrumb","itemListElement":[{"@type":"ListItem","position":1,"name":"Home","item":"https:\/\/www.telaled.com\/"},{"@type":"ListItem","position":2,"name":"Produtos","item":"https:\/\/www.telaled.com\/shop\/"},{"@type":"ListItem","position":3,"name":"Placar Eletronico para Badminton S\u00e9rie TED"}]},{"@type":"WebSite","@id":"https:\/\/www.telaled.com\/#website","url":"https:\/\/www.telaled.com\/","name":"schermo LED","description":"","potentialAction":[{"@type":"SearchAction","target":{"@type":"EntryPoint","urlTemplate":"https:\/\/www.telaled.com\/?s={search_term_string}"},"query-input":{"@type":"PropertyValueSpecification","valueRequired":true,"valueName":"search_term_string"}}],"inLanguage":"it-IT"}]}},"_links":{"self":[{"href":"https:\/\/www.telaled.com\/it\/wp-json\/wp\/v2\/product\/3735","targetHints":{"allow":["GET"]}}],"collection":[{"href":"https:\/\/www.telaled.com\/it\/wp-json\/wp\/v2\/product"}],"about":[{"href":"https:\/\/www.telaled.com\/it\/wp-json\/wp\/v2\/types\/product"}],"wp:featuredmedia":[{"embeddable":true,"href":"https:\/\/www.telaled.com\/it\/wp-json\/wp\/v2\/media\/3736"}],"wp:attachment":[{"href":"https:\/\/www.telaled.com\/it\/wp-json\/wp\/v2\/media?parent=3735"}],"wp:term":[{"taxonomy":"product_brand","embeddable":true,"href":"https:\/\/www.telaled.com\/it\/wp-json\/wp\/v2\/product_brand?post=3735"},{"taxonomy":"product_cat","embeddable":true,"href":"https:\/\/www.telaled.com\/it\/wp-json\/wp\/v2\/product_cat?post=3735"},{"taxonomy":"product_tag","embeddable":true,"href":"https:\/\/www.telaled.com\/it\/wp-json\/wp\/v2\/product_tag?post=3735"}],"curies":[{"name":"parola chiave","href":"https:\/\/api.w.org\/{rel}","templated":true}]}}