{"id":3692,"date":"2025-10-02T00:42:47","date_gmt":"2025-10-02T00:42:47","guid":{"rendered":"https:\/\/www.telaled.com\/?post_type=product&#038;p=3692"},"modified":"2026-01-06T09:20:04","modified_gmt":"2026-01-06T09:20:04","slug":"placar-eletronico-para-volei-serie-teb","status":"publish","type":"product","link":"https:\/\/www.telaled.com\/it\/fabrica\/placar-eletronico-para-volei-serie-teb\/","title":{"rendered":"Tabellone elettronico per pallavolo serie TEB"},"content":{"rendered":"<div class=\"row\"  id=\"row-2084081766\">\n\n\t<div id=\"col-289899000\" class=\"col small-12 large-12\"  >\n\t\t\t\t<div class=\"col-inner\"  >\n\t\t\t\n\t\t\t\n<h2><strong>Vantaggi unici del tabellone segnapunti elettronico per pallavolo della serie TEB<\/strong><\/h2>\n<h3><strong>Scheda madre professionale<\/strong><\/h3>\n<ul>\n<li>Il design multistrato garantisce prestazioni stabili.<\/li>\n<li>Il layout pi\u00f9 ampio riduce il calore e lo stress sui componenti.<\/li>\n<li>Costruito per durare a lungo con un basso tasso di guasti.<\/li>\n<\/ul>\n<h3><strong>Telecomando senza fili<\/strong><\/h3>\n<ul>\n<li>Semplici controlli o funzioni di punteggio e cronometraggio.<\/li>\n<li>Funziona senza problemi entro un raggio di 30 metri.<\/li>\n<li>Numeri liberamente modificabili per una gestione flessibile delle partite.<\/li>\n<\/ul>\n<h3><strong>Struttura in lega di alluminio<\/strong><\/h3>\n<ul>\n<li>Costruzione brevettata per resistenza e durata.<\/li>\n<li>La struttura leggera ne facilita l&#039;installazione e il trasporto.<\/li>\n<li>Resistente all&#039;usura, garantisce anni di utilizzo affidabile.<\/li>\n<\/ul>\n<h3><strong>Display LED ad alta definizione<\/strong><\/h3>\n<ul>\n<li>I tubi digitali luminosi mantengono i punteggi nitidi da qualsiasi angolazione.<\/li>\n<li>Registrazione precisa dei tempi per ogni set e scambio.<\/li>\n<li>Facile da leggere sia per i giocatori che per gli spettatori.<\/li>\n<\/ul>\n<h2>Dettagli del prodotto<\/h2>\n<div class=\"row\"  id=\"row-714618993\">\n\n\t<div id=\"col-281365280\" class=\"col medium-10 small-12 large-10\"  >\n\t\t\t\t<div class=\"col-inner text-left\"  >\n\t\t\t\n\t\t\t\n<ul>\n<li><strong>Dimensioni compatte<\/strong> \u2013 <span style=\"font-weight: 400;\">Tabellone elettronico per pallavolo serie TEB<\/span> misura 58 cm di larghezza x 35 cm di altezza, con cifre LED da 4 pollici per una chiara visibilit\u00e0.<\/li>\n<\/ul>\n\t<div class=\"img has-hover x md-x lg-x y md-y lg-y\" id=\"image_925116473\">\n\t\t\t\t\t\t\t\t<div class=\"img-inner dark\" >\n\t\t\t<img loading=\"lazy\" decoding=\"async\" width=\"800\" height=\"813\" src=\"https:\/\/www.telaled.com\/wp-content\/uploads\/2025\/10\/Dimensions.webp\" class=\"attachment-large size-large\" alt=\"Tabellone elettronico per pallavolo serie TEB Dimension\" srcset=\"https:\/\/www.telaled.com\/wp-content\/uploads\/2025\/10\/Dimensions.webp 800w, https:\/\/www.telaled.com\/wp-content\/uploads\/2025\/10\/Dimensions-295x300.webp 295w, https:\/\/www.telaled.com\/wp-content\/uploads\/2025\/10\/Dimensions-768x780.webp 768w, https:\/\/www.telaled.com\/wp-content\/uploads\/2025\/10\/Dimensions-12x12.webp 12w, https:\/\/www.telaled.com\/wp-content\/uploads\/2025\/10\/Dimensions-600x610.webp 600w\" sizes=\"auto, (max-width: 800px) 100vw, 800px\" \/>\t\t\t\t\t\t\n\t\t\t\t\t<\/div>\n\t\t\t\t\t\t\t\t\n<style>\n#image_925116473 {\n  width: 80%;\n}\n<\/style>\n\t<\/div>\n\t\n<ul>\n<li><strong>Installazione flessibile<\/strong> \u2013 Pu\u00f2 essere posizionato su un tavolo, appeso a un&#039;amaca, montato su un treppiede o fissato alla parete.<\/li>\n<\/ul>\n\t<div class=\"img has-hover x md-x lg-x y md-y lg-y\" id=\"image_2026774932\">\n\t\t\t\t\t\t\t\t<div class=\"img-inner dark\" >\n\t\t\t<img loading=\"lazy\" decoding=\"async\" width=\"788\" height=\"739\" src=\"https:\/\/www.telaled.com\/wp-content\/uploads\/2025\/10\/Installation-Method.webp\" class=\"attachment-original size-original\" alt=\"\" srcset=\"https:\/\/www.telaled.com\/wp-content\/uploads\/2025\/10\/Installation-Method.webp 788w, https:\/\/www.telaled.com\/wp-content\/uploads\/2025\/10\/Installation-Method-300x281.webp 300w, https:\/\/www.telaled.com\/wp-content\/uploads\/2025\/10\/Installation-Method-768x720.webp 768w, https:\/\/www.telaled.com\/wp-content\/uploads\/2025\/10\/Installation-Method-13x12.webp 13w, https:\/\/www.telaled.com\/wp-content\/uploads\/2025\/10\/Installation-Method-600x563.webp 600w\" sizes=\"auto, (max-width: 788px) 100vw, 788px\" \/>\t\t\t\t\t\t\n\t\t\t\t\t<\/div>\n\t\t\t\t\t\t\t\t\n<style>\n#image_2026774932 {\n  width: 80%;\n}\n<\/style>\n\t<\/div>\n\t\n<ul>\n<li><strong>Caratteristiche pratiche sul retro<\/strong> \u2013 Dotato di interruttore di alimentazione, vano batteria (supporta da 1 a 3 batterie 18650), cicalino da 90 dB e interfaccia Type-C per un utilizzo pratico.<\/li>\n<\/ul>\n\t<div class=\"img has-hover x md-x lg-x y md-y lg-y\" id=\"image_1592550468\">\n\t\t\t\t\t\t\t\t<div class=\"img-inner dark\" >\n\t\t\t<img loading=\"lazy\" decoding=\"async\" width=\"788\" height=\"739\" src=\"https:\/\/www.telaled.com\/wp-content\/uploads\/2025\/10\/Back-Features.webp\" class=\"attachment-large size-large\" alt=\"Caratteristiche posteriori Tabellone elettronico segnapunti per pallavolo serie TEB\" srcset=\"https:\/\/www.telaled.com\/wp-content\/uploads\/2025\/10\/Back-Features.webp 788w, https:\/\/www.telaled.com\/wp-content\/uploads\/2025\/10\/Back-Features-300x281.webp 300w, https:\/\/www.telaled.com\/wp-content\/uploads\/2025\/10\/Back-Features-768x720.webp 768w, https:\/\/www.telaled.com\/wp-content\/uploads\/2025\/10\/Back-Features-13x12.webp 13w, https:\/\/www.telaled.com\/wp-content\/uploads\/2025\/10\/Back-Features-600x563.webp 600w\" sizes=\"auto, (max-width: 788px) 100vw, 788px\" \/>\t\t\t\t\t\t\n\t\t\t\t\t<\/div>\n\t\t\t\t\t\t\t\t\n<style>\n#image_1592550468 {\n  width: 80%;\n}\n<\/style>\n\t<\/div>\n\t\n<ul>\n<li><strong>Cancella funzioni di avvio<\/strong> \u2013 Visualizza i punteggi delle squadre di casa e in trasferta, evidenzia la squadra vincente e mostra il numero di round vinti per un monitoraggio accurato della partita.<\/li>\n<\/ul>\n\t<div class=\"img has-hover x md-x lg-x y md-y lg-y\" id=\"image_1824233427\">\n\t\t\t\t\t\t\t\t<div class=\"img-inner dark\" >\n\t\t\t<img loading=\"lazy\" decoding=\"async\" width=\"790\" height=\"908\" src=\"https:\/\/www.telaled.com\/wp-content\/uploads\/2025\/10\/Product-Function.webp\" class=\"attachment-large size-large\" alt=\"\" srcset=\"https:\/\/www.telaled.com\/wp-content\/uploads\/2025\/10\/Product-Function.webp 790w, https:\/\/www.telaled.com\/wp-content\/uploads\/2025\/10\/Product-Function-261x300.webp 261w, https:\/\/www.telaled.com\/wp-content\/uploads\/2025\/10\/Product-Function-768x883.webp 768w, https:\/\/www.telaled.com\/wp-content\/uploads\/2025\/10\/Product-Function-10x12.webp 10w, https:\/\/www.telaled.com\/wp-content\/uploads\/2025\/10\/Product-Function-600x690.webp 600w\" sizes=\"auto, (max-width: 790px) 100vw, 790px\" \/>\t\t\t\t\t\t\n\t\t\t\t\t<\/div>\n\t\t\t\t\t\t\t\t\n<style>\n#image_1824233427 {\n  width: 80%;\n}\n<\/style>\n\t<\/div>\n\t\n<ul>\n<li>Ogni <strong><em>Tabellone elettronico per pallavolo serie TEB<\/em><\/strong> L&#039;unit\u00e0 viene spedita in robuste casse di legno per la massima protezione. L&#039;imballaggio sicuro protegge ogni unit\u00e0 da urti, parassiti e altri pericoli, garantendo che arrivi sana e salva e pronta all&#039;uso.<\/li>\n<\/ul>\n\t<div class=\"img has-hover x md-x lg-x y md-y lg-y\" id=\"image_2047200930\">\n\t\t\t\t\t\t\t\t<div class=\"img-inner dark\" >\n\t\t\t<img loading=\"lazy\" decoding=\"async\" width=\"760\" height=\"1024\" src=\"https:\/\/www.telaled.com\/wp-content\/uploads\/2025\/08\/36123f2c-de60-488d-af81-255cd4aee54a-760x1024.webp\" class=\"attachment-large size-large\" alt=\"\" srcset=\"https:\/\/www.telaled.com\/wp-content\/uploads\/2025\/08\/36123f2c-de60-488d-af81-255cd4aee54a-760x1024.webp 760w, https:\/\/www.telaled.com\/wp-content\/uploads\/2025\/08\/36123f2c-de60-488d-af81-255cd4aee54a-223x300.webp 223w, https:\/\/www.telaled.com\/wp-content\/uploads\/2025\/08\/36123f2c-de60-488d-af81-255cd4aee54a-768x1035.webp 768w, https:\/\/www.telaled.com\/wp-content\/uploads\/2025\/08\/36123f2c-de60-488d-af81-255cd4aee54a-9x12.webp 9w, https:\/\/www.telaled.com\/wp-content\/uploads\/2025\/08\/36123f2c-de60-488d-af81-255cd4aee54a-600x808.webp 600w, https:\/\/www.telaled.com\/wp-content\/uploads\/2025\/08\/36123f2c-de60-488d-af81-255cd4aee54a.webp 795w\" sizes=\"auto, (max-width: 760px) 100vw, 760px\" \/>\t\t\t\t\t\t\n\t\t\t\t\t<\/div>\n\t\t\t\t\t\t\t\t\n<style>\n#image_2047200930 {\n  width: 80%;\n}\n<\/style>\n\t<\/div>\n\t\n\n<table id=\"tablepress-92\" class=\"tablepress tablepress-id-92\">\n<thead>\n<tr class=\"row-1\">\n\t<th colspan=\"4\" class=\"column-1\">Presentazione del prodotto<\/th>\n<\/tr>\n<\/thead>\n<tbody class=\"row-striping row-hover\">\n<tr class=\"row-2\">\n\t<td class=\"column-1\">Materiale<\/td><td class=\"column-2\">ABS<\/td><td class=\"column-3\"><\/td><td class=\"column-4\"><\/td>\n<\/tr>\n<tr class=\"row-3\">\n\t<td class=\"column-1\">Dimensioni del tabellone segnapunti<\/td><td class=\"column-2\">58*35*2,3 cm (22,83*13,78*0,9 pollici)<\/td><td class=\"column-3\"><\/td><td class=\"column-4\"><\/td>\n<\/tr>\n<tr class=\"row-4\">\n\t<td class=\"column-1\">Funzione del prodotto<\/td><td class=\"column-2\">Visualizzazione del punteggio, modalit\u00e0 Normale e Pallavolo, possibilit\u00e0 di attivare\/disattivare l&#039;audio.<\/td><td class=\"column-3\"><\/td><td class=\"column-4\"><\/td>\n<\/tr>\n<tr class=\"row-5\">\n\t<td class=\"column-1\">Fonte di energia<\/td><td class=\"column-2\">Adattatore DC5V\/2A, caricabatterie di tipo C (supporta diversi paesi)<\/td><td class=\"column-3\"><\/td><td class=\"column-4\"><\/td>\n<\/tr>\n<tr class=\"row-6\">\n\t<td class=\"column-1\">Alimentato a batteria<\/td><td class=\"column-2\">1-3 batterie al litio 18650 ricaricabili (batteria non inclusa)<\/td><td class=\"column-3\"><\/td><td class=\"column-4\"><\/td>\n<\/tr>\n<tr class=\"row-7\">\n\t<td class=\"column-1\">Metodo di installazione<\/td><td class=\"column-2\">Da tavolo, da parete, sospeso, treppiede.<br \/>\n(Accessorio per appendere e treppiede non inclusi. Contattateci per l&#039;acquisto.)<\/td><td class=\"column-3\"><\/td><td class=\"column-4\"><\/td>\n<\/tr>\n<tr class=\"row-8\">\n\t<td class=\"column-1\">Caratteristiche<\/td><td class=\"column-2\">Per uso interno\/esterno, portatile, facile da usare.<\/td><td class=\"column-3\"><\/td><td class=\"column-4\"><\/td>\n<\/tr>\n<tr class=\"row-9\">\n\t<td class=\"column-1\">Pacchetto comprensivo di<\/td><td class=\"column-2\">Tabellone segnapunti a 10 cifre, controllo a impulsi (CASA+VISITATORE), telecomando 2.4G,<br \/>\nAdattatore e caricabatterie, Accessori per l&#039;installazione, Manuale utente<\/td><td class=\"column-3\"><\/td><td class=\"column-4\"><\/td>\n<\/tr>\n<\/tbody>\n<\/table>\n<!-- #tablepress-92 from cache -->\n\t\t<\/div>\n\t\t\t\t\t<\/div>\n\n\t\n<\/div>\n\t\t<\/div>\n\t\t\t\t\t<\/div>\n\n\t\n<\/div>","protected":false},"excerpt":{"rendered":"<p><strong>Tabellone elettronico per la pallavolo serie TEB \u2013 Punteggio semplificato in tempo reale<\/strong><\/p>\n<p>IL <em><strong>Tabellone elettronico per pallavolo serie TEB <\/strong><\/em>Progettato per garantire la massima visibilit\u00e0 a giocatori e spettatori in ogni partita, set e incontro. Grazie ai display LED luminosi, ai comandi facili da usare e alla struttura resistente, garantisce punteggi precisi e un gameplay fluido, sia al chiuso che all&#039;aperto.<\/p>\n<p><strong>4 vantaggi principali:<\/strong><\/p>\n<ul>\n<li><strong>Aggiornamenti immediati dei punteggi<\/strong> \u2013 Il display LED chiaro mantiene giocatori, arbitri e tifosi sulla stessa lunghezza d&#039;onda.<\/li>\n<li><strong>Costruzione durevole<\/strong> \u2013 Progettato per gestire ambienti di gioco intensi con prestazioni di lunga durata.<\/li>\n<li><strong>Comandi facili da usare<\/strong> \u2013 L\u2019interfaccia semplice rende le operazioni rapide ed efficienti per gli arbitri.<\/li>\n<li><strong>Design personalizzabile<\/strong> \u2013 Dimensioni, luminosit\u00e0 e opzioni di funzionalit\u00e0 adatte alle tue esigenze. <a href=\"https:\/\/www.telaled.com\/it\/cronometro-academia\/\">palestre<\/a>, scuole o ambiti professionali.<\/li>\n<\/ul>\n<p>Il nostro team offre supporto remoto 24 ore su 24, 7 giorni su 7 e una garanzia di 3 anni. Contattaci oggi stesso per un preventivo personalizzato.<\/p>","protected":false},"featured_media":3703,"template":"","meta":[],"product_brand":[],"product_cat":[48,40,44,46],"product_tag":[],"class_list":{"0":"post-3692","1":"product","2":"type-product","3":"status-publish","4":"has-post-thumbnail","6":"product_cat-paineis-personalizados","7":"product_cat-painel-de-led","8":"product_cat-painel-de-led-flexivel","9":"product_cat-painel-de-video","11":"first","12":"instock","13":"shipping-taxable","14":"product-type-simple"},"yoast_head":"<!-- This site is optimized with the Yoast SEO plugin v27.5 - https:\/\/yoast.com\/product\/yoast-seo-wordpress\/ -->\n<title>Placar Eletronico Para Volei S\u00e9rie TEB | TELALED<\/title>\n<meta name=\"description\" content=\"Placar Eletronico Para Volei S\u00e9rie TEB oferece resultados claros e em tempo real para todas as partidas. Dur\u00e1vel e f\u00e1cil de usar. Adquira o seu agora!\" \/>\n<meta name=\"robots\" content=\"index, follow, max-snippet:-1, max-image-preview:large, max-video-preview:-1\" \/>\n<link rel=\"canonical\" href=\"https:\/\/www.telaled.com\/it\/fabrica\/placar-eletronico-para-volei-serie-teb\/\" \/>\n<meta property=\"og:locale\" content=\"it_IT\" \/>\n<meta property=\"og:type\" content=\"article\" \/>\n<meta property=\"og:title\" content=\"Placar Eletronico Para Volei S\u00e9rie TEB | TELALED\" \/>\n<meta property=\"og:description\" content=\"Placar Eletronico Para Volei S\u00e9rie TEB oferece resultados claros e em tempo real para todas as partidas. Dur\u00e1vel e f\u00e1cil de usar. Adquira o seu agora!\" \/>\n<meta property=\"og:url\" content=\"https:\/\/www.telaled.com\/it\/fabrica\/placar-eletronico-para-volei-serie-teb\/\" \/>\n<meta property=\"og:site_name\" content=\"TELALED\" \/>\n<meta property=\"article:modified_time\" content=\"2026-01-06T09:20:04+00:00\" \/>\n<meta property=\"og:image\" content=\"https:\/\/www.telaled.com\/wp-content\/uploads\/2025\/10\/Electronic-Volleyball-Scoreboard.webp\" \/>\n\t<meta property=\"og:image:width\" content=\"500\" \/>\n\t<meta property=\"og:image:height\" content=\"500\" \/>\n\t<meta property=\"og:image:type\" content=\"image\/webp\" \/>\n<meta name=\"twitter:card\" content=\"summary_large_image\" \/>\n<meta name=\"twitter:label1\" content=\"Tempo di lettura stimato\" \/>\n\t<meta name=\"twitter:data1\" content=\"2 minuti\" \/>\n<script type=\"application\/ld+json\" class=\"yoast-schema-graph\">{\"@context\":\"https:\\\/\\\/schema.org\",\"@graph\":[{\"@type\":\"WebPage\",\"@id\":\"https:\\\/\\\/www.telaled.com\\\/fabrica\\\/placar-eletronico-para-volei-serie-teb\\\/\",\"url\":\"https:\\\/\\\/www.telaled.com\\\/fabrica\\\/placar-eletronico-para-volei-serie-teb\\\/\",\"name\":\"Placar Eletronico Para Volei S\u00e9rie TEB | TELALED\",\"isPartOf\":{\"@id\":\"https:\\\/\\\/www.telaled.com\\\/#website\"},\"primaryImageOfPage\":{\"@id\":\"https:\\\/\\\/www.telaled.com\\\/fabrica\\\/placar-eletronico-para-volei-serie-teb\\\/#primaryimage\"},\"image\":{\"@id\":\"https:\\\/\\\/www.telaled.com\\\/fabrica\\\/placar-eletronico-para-volei-serie-teb\\\/#primaryimage\"},\"thumbnailUrl\":\"https:\\\/\\\/www.telaled.com\\\/wp-content\\\/uploads\\\/2025\\\/10\\\/Electronic-Volleyball-Scoreboard.webp\",\"datePublished\":\"2025-10-02T00:42:47+00:00\",\"dateModified\":\"2026-01-06T09:20:04+00:00\",\"description\":\"Placar Eletronico Para Volei S\u00e9rie TEB oferece resultados claros e em tempo real para todas as partidas. Dur\u00e1vel e f\u00e1cil de usar. Adquira o seu agora!\",\"breadcrumb\":{\"@id\":\"https:\\\/\\\/www.telaled.com\\\/fabrica\\\/placar-eletronico-para-volei-serie-teb\\\/#breadcrumb\"},\"inLanguage\":\"it-IT\",\"potentialAction\":[{\"@type\":\"ReadAction\",\"target\":[\"https:\\\/\\\/www.telaled.com\\\/fabrica\\\/placar-eletronico-para-volei-serie-teb\\\/\"]}]},{\"@type\":\"ImageObject\",\"inLanguage\":\"it-IT\",\"@id\":\"https:\\\/\\\/www.telaled.com\\\/fabrica\\\/placar-eletronico-para-volei-serie-teb\\\/#primaryimage\",\"url\":\"https:\\\/\\\/www.telaled.com\\\/wp-content\\\/uploads\\\/2025\\\/10\\\/Electronic-Volleyball-Scoreboard.webp\",\"contentUrl\":\"https:\\\/\\\/www.telaled.com\\\/wp-content\\\/uploads\\\/2025\\\/10\\\/Electronic-Volleyball-Scoreboard.webp\",\"width\":500,\"height\":500,\"caption\":\"Placar Eletronico Para Volei S\u00e9rie TEB\"},{\"@type\":\"BreadcrumbList\",\"@id\":\"https:\\\/\\\/www.telaled.com\\\/fabrica\\\/placar-eletronico-para-volei-serie-teb\\\/#breadcrumb\",\"itemListElement\":[{\"@type\":\"ListItem\",\"position\":1,\"name\":\"Home\",\"item\":\"https:\\\/\\\/www.telaled.com\\\/\"},{\"@type\":\"ListItem\",\"position\":2,\"name\":\"Produtos\",\"item\":\"https:\\\/\\\/www.telaled.com\\\/shop\\\/\"},{\"@type\":\"ListItem\",\"position\":3,\"name\":\"Placar Eletronico Para Volei S\u00e9rie TEB\"}]},{\"@type\":\"WebSite\",\"@id\":\"https:\\\/\\\/www.telaled.com\\\/#website\",\"url\":\"https:\\\/\\\/www.telaled.com\\\/\",\"name\":\"TELALED\",\"description\":\"\",\"potentialAction\":[{\"@type\":\"SearchAction\",\"target\":{\"@type\":\"EntryPoint\",\"urlTemplate\":\"https:\\\/\\\/www.telaled.com\\\/?s={search_term_string}\"},\"query-input\":{\"@type\":\"PropertyValueSpecification\",\"valueRequired\":true,\"valueName\":\"search_term_string\"}}],\"inLanguage\":\"it-IT\"}]}<\/script>\n<!-- \/ Yoast SEO plugin. -->","yoast_head_json":{"title":"Tabellone elettronico per pallavolo serie TEB | TELALED","description":"Il tabellone segnapunti elettronico per pallavolo della serie TEB offre risultati chiari e in tempo reale per ogni partita. Resistente e facile da usare. Acquistalo subito!","robots":{"index":"index","follow":"follow","max-snippet":"max-snippet:-1","max-image-preview":"max-image-preview:large","max-video-preview":"max-video-preview:-1"},"canonical":"https:\/\/www.telaled.com\/it\/fabrica\/placar-eletronico-para-volei-serie-teb\/","og_locale":"it_IT","og_type":"article","og_title":"Placar Eletronico Para Volei S\u00e9rie TEB | TELALED","og_description":"Placar Eletronico Para Volei S\u00e9rie TEB oferece resultados claros e em tempo real para todas as partidas. Dur\u00e1vel e f\u00e1cil de usar. Adquira o seu agora!","og_url":"https:\/\/www.telaled.com\/it\/fabrica\/placar-eletronico-para-volei-serie-teb\/","og_site_name":"TELALED","article_modified_time":"2026-01-06T09:20:04+00:00","og_image":[{"width":500,"height":500,"url":"https:\/\/www.telaled.com\/wp-content\/uploads\/2025\/10\/Electronic-Volleyball-Scoreboard.webp","type":"image\/webp"}],"twitter_card":"summary_large_image","twitter_misc":{"Tempo di lettura stimato":"2 minuti"},"schema":{"@context":"https:\/\/schema.org","@graph":[{"@type":"WebPage","@id":"https:\/\/www.telaled.com\/fabrica\/placar-eletronico-para-volei-serie-teb\/","url":"https:\/\/www.telaled.com\/fabrica\/placar-eletronico-para-volei-serie-teb\/","name":"Tabellone elettronico per pallavolo serie TEB | TELALED","isPartOf":{"@id":"https:\/\/www.telaled.com\/#website"},"primaryImageOfPage":{"@id":"https:\/\/www.telaled.com\/fabrica\/placar-eletronico-para-volei-serie-teb\/#primaryimage"},"image":{"@id":"https:\/\/www.telaled.com\/fabrica\/placar-eletronico-para-volei-serie-teb\/#primaryimage"},"thumbnailUrl":"https:\/\/www.telaled.com\/wp-content\/uploads\/2025\/10\/Electronic-Volleyball-Scoreboard.webp","datePublished":"2025-10-02T00:42:47+00:00","dateModified":"2026-01-06T09:20:04+00:00","description":"Il tabellone segnapunti elettronico per pallavolo della serie TEB offre risultati chiari e in tempo reale per ogni partita. Resistente e facile da usare. Acquistalo subito!","breadcrumb":{"@id":"https:\/\/www.telaled.com\/fabrica\/placar-eletronico-para-volei-serie-teb\/#breadcrumb"},"inLanguage":"it-IT","potentialAction":[{"@type":"ReadAction","target":["https:\/\/www.telaled.com\/fabrica\/placar-eletronico-para-volei-serie-teb\/"]}]},{"@type":"ImageObject","inLanguage":"it-IT","@id":"https:\/\/www.telaled.com\/fabrica\/placar-eletronico-para-volei-serie-teb\/#primaryimage","url":"https:\/\/www.telaled.com\/wp-content\/uploads\/2025\/10\/Electronic-Volleyball-Scoreboard.webp","contentUrl":"https:\/\/www.telaled.com\/wp-content\/uploads\/2025\/10\/Electronic-Volleyball-Scoreboard.webp","width":500,"height":500,"caption":"Placar Eletronico Para Volei S\u00e9rie TEB"},{"@type":"BreadcrumbList","@id":"https:\/\/www.telaled.com\/fabrica\/placar-eletronico-para-volei-serie-teb\/#breadcrumb","itemListElement":[{"@type":"ListItem","position":1,"name":"Home","item":"https:\/\/www.telaled.com\/"},{"@type":"ListItem","position":2,"name":"Produtos","item":"https:\/\/www.telaled.com\/shop\/"},{"@type":"ListItem","position":3,"name":"Placar Eletronico Para Volei S\u00e9rie TEB"}]},{"@type":"WebSite","@id":"https:\/\/www.telaled.com\/#website","url":"https:\/\/www.telaled.com\/","name":"schermo LED","description":"","potentialAction":[{"@type":"SearchAction","target":{"@type":"EntryPoint","urlTemplate":"https:\/\/www.telaled.com\/?s={search_term_string}"},"query-input":{"@type":"PropertyValueSpecification","valueRequired":true,"valueName":"search_term_string"}}],"inLanguage":"it-IT"}]}},"_links":{"self":[{"href":"https:\/\/www.telaled.com\/it\/wp-json\/wp\/v2\/product\/3692","targetHints":{"allow":["GET"]}}],"collection":[{"href":"https:\/\/www.telaled.com\/it\/wp-json\/wp\/v2\/product"}],"about":[{"href":"https:\/\/www.telaled.com\/it\/wp-json\/wp\/v2\/types\/product"}],"wp:featuredmedia":[{"embeddable":true,"href":"https:\/\/www.telaled.com\/it\/wp-json\/wp\/v2\/media\/3703"}],"wp:attachment":[{"href":"https:\/\/www.telaled.com\/it\/wp-json\/wp\/v2\/media?parent=3692"}],"wp:term":[{"taxonomy":"product_brand","embeddable":true,"href":"https:\/\/www.telaled.com\/it\/wp-json\/wp\/v2\/product_brand?post=3692"},{"taxonomy":"product_cat","embeddable":true,"href":"https:\/\/www.telaled.com\/it\/wp-json\/wp\/v2\/product_cat?post=3692"},{"taxonomy":"product_tag","embeddable":true,"href":"https:\/\/www.telaled.com\/it\/wp-json\/wp\/v2\/product_tag?post=3692"}],"curies":[{"name":"parola chiave","href":"https:\/\/api.w.org\/{rel}","templated":true}]}}