{"id":3661,"date":"2025-09-30T03:19:49","date_gmt":"2025-09-30T03:19:49","guid":{"rendered":"https:\/\/www.telaled.com\/?post_type=product&#038;p=3661"},"modified":"2026-01-06T09:11:26","modified_gmt":"2026-01-06T09:11:26","slug":"placar-eletronico-esportivo-serie-tea","status":"publish","type":"product","link":"https:\/\/www.telaled.com\/it\/fabrica\/placar-eletronico-esportivo-serie-tea\/","title":{"rendered":"Tabellone segnapunti elettronico sportivo serie TEA"},"content":{"rendered":"<div class=\"row\"  id=\"row-2045359457\">\n\n\t<div id=\"col-98216834\" class=\"col small-12 large-12\"  >\n\t\t\t\t<div class=\"col-inner\"  >\n\t\t\t\n\t\t\t\n<h2><span data-sheets-root=\"1\">Tabellone elettronico per i punteggi sportivi<\/span> Serie TEA<\/h2>\n<h3><strong>Durata superiore<\/strong><\/h3>\n<ul>\n<li>Realizzato con alloggiamento in alluminio o ferro e moduli LED a 7 segmenti sigillati con grado di protezione IP65 per esterni.<\/li>\n<li>Funziona in modo affidabile da -40\u00b0C a 75\u00b0C con una durata di oltre 100.000 ore.<\/li>\n<li>Il driver LED a corrente costante garantisce prestazioni stabili e previene il burnout nel tempo.<\/li>\n<\/ul>\n<h3><strong>Qualit\u00e0 visiva eccezionale<\/strong><\/h3>\n<ul>\n<li>Il sistema di oscuramento automatico a 8 livelli regola la luminosit\u00e0 per l&#039;uso diurno o notturno.<\/li>\n<li>I chip LED ad alta luminosit\u00e0 fino a 12.000 mcd garantiscono una visibilit\u00e0 nitida anche alla luce diretta del sole.<\/li>\n<li>Gli ampi angoli di visione da 60\u00b0 a 120\u00b0 mantengono una chiara leggibilit\u00e0 su tutto il campo.<\/li>\n<\/ul>\n<h3><strong>Completa adattabilit\u00e0<\/strong><\/h3>\n<ul>\n<li>Supporta display monofacciali o bifacciali con accesso frontale o posteriore.<\/li>\n<li>Molteplici opzioni di montaggio: a parete, sospeso o indipendente.<\/li>\n<li>Compatibile con sistemi di controllo remoto RF, RS232\/485 e TCP\/IP per un funzionamento flessibile.<\/li>\n<\/ul>\n<h3><strong>Supporto completo<\/strong><\/h3>\n<ul>\n<li><strong>Assistenza di esperti 24 ore su 24, 7 giorni su 7:<\/strong> Accedi al supporto professionale 24 ore su 24, 7 giorni su 7 per mantenere il tuo sistema sempre al massimo delle prestazioni.<\/li>\n<li><strong>Ricambi integrati:<\/strong> Ogni ordine include 5% di parti extra per garantire un utilizzo regolare e senza interruzioni.<\/li>\n<li><strong>Massima affidabilit\u00e0:<\/strong> I componenti aggiunti riducono i ritardi di manutenzione e prolungano la durata delle apparecchiature.<\/li>\n<li><strong>Garanzia senza pensieri:<\/strong> Approfitta di una garanzia di 3 anni che protegge il tuo investimento con una copertura affidabile.<\/li>\n<\/ul>\n<h2>Dettagli del prodotto<\/h2>\n<div class=\"row\"  id=\"row-1477545372\">\n\n\t<div id=\"col-621866282\" class=\"col medium-10 small-12 large-10\"  >\n\t\t\t\t<div class=\"col-inner text-left\"  >\n\t\t\t\n\t\t\t\n<ul>\n<li>Nostro <strong><em>Tabellone segnapunti elettronico sportivo serie TEA<\/em>\u00a0<\/strong> Fornisce tabelloni segnapunti e cronometraggi in tempo reale, tenendo giocatori e tifosi aggiornati su ogni momento della partita. Completamente personalizzabili per adattarsi a qualsiasi sport o luogo, questi resistenti tabelloni segnapunti elettronici sono progettati per l&#039;uso interno ed esterno. Con display nitidi e prestazioni affidabili, sono la soluzione perfetta per scuole, stadi e impianti sportivi.<\/li>\n<\/ul>\n\t<div class=\"img has-hover x md-x lg-x y md-y lg-y\" id=\"image_1669155287\">\n\t\t\t\t\t\t\t\t<div class=\"img-inner dark\" >\n\t\t\t<img loading=\"lazy\" decoding=\"async\" width=\"1536\" height=\"1152\" src=\"https:\/\/www.telaled.com\/wp-content\/uploads\/2025\/10\/Placar-Eeletronico-Esportivo-Serie-TEA6-1.webp\" class=\"attachment-original size-original\" alt=\"Tabellone segnapunti elettronico sportivo serie TEA6 (1)\" srcset=\"https:\/\/www.telaled.com\/wp-content\/uploads\/2025\/10\/Placar-Eeletronico-Esportivo-Serie-TEA6-1.webp 1536w, https:\/\/www.telaled.com\/wp-content\/uploads\/2025\/10\/Placar-Eeletronico-Esportivo-Serie-TEA6-1-300x225.webp 300w, https:\/\/www.telaled.com\/wp-content\/uploads\/2025\/10\/Placar-Eeletronico-Esportivo-Serie-TEA6-1-1024x768.webp 1024w, https:\/\/www.telaled.com\/wp-content\/uploads\/2025\/10\/Placar-Eeletronico-Esportivo-Serie-TEA6-1-768x576.webp 768w, https:\/\/www.telaled.com\/wp-content\/uploads\/2025\/10\/Placar-Eeletronico-Esportivo-Serie-TEA6-1-16x12.webp 16w, https:\/\/www.telaled.com\/wp-content\/uploads\/2025\/10\/Placar-Eeletronico-Esportivo-Serie-TEA6-1-600x450.webp 600w\" sizes=\"auto, (max-width: 1536px) 100vw, 1536px\" \/>\t\t\t\t\t\t\n\t\t\t\t\t<\/div>\n\t\t\t\t\t\t\t\t\n<style>\n#image_1669155287 {\n  width: 80%;\n}\n<\/style>\n\t<\/div>\n\t\n<ul>\n<li>Il nostro <em><strong>Tabelloni elettronici per i punteggi sportivi<\/strong> <strong>Serie TEA<\/strong><\/em>\u00a0Sono progettati per la massima durata, costruiti per resistere a pioggia, vento, neve e luce solare diretta senza compromettere le prestazioni. Grazie al design robusto, durano pi\u00f9 a lungo dei tabelloni elettronici e resistono all&#039;uso intensivo con facilit\u00e0, offrendo prestazioni affidabili e un valore duraturo per impianti sportivi e stadi.<\/li>\n<\/ul>\n\t<div class=\"img has-hover x md-x lg-x y md-y lg-y\" id=\"image_2092361165\">\n\t\t\t\t\t\t\t\t<div class=\"img-inner dark\" >\n\t\t\t<img loading=\"lazy\" decoding=\"async\" width=\"1020\" height=\"938\" src=\"https:\/\/www.telaled.com\/wp-content\/uploads\/2025\/10\/Placar-Eeletronico-Esportivo-Serie-TEA7-1024x942.webp\" class=\"attachment-large size-large\" alt=\"\" srcset=\"https:\/\/www.telaled.com\/wp-content\/uploads\/2025\/10\/Placar-Eeletronico-Esportivo-Serie-TEA7-1024x942.webp 1024w, https:\/\/www.telaled.com\/wp-content\/uploads\/2025\/10\/Placar-Eeletronico-Esportivo-Serie-TEA7-300x276.webp 300w, https:\/\/www.telaled.com\/wp-content\/uploads\/2025\/10\/Placar-Eeletronico-Esportivo-Serie-TEA7-768x706.webp 768w, https:\/\/www.telaled.com\/wp-content\/uploads\/2025\/10\/Placar-Eeletronico-Esportivo-Serie-TEA7-1536x1413.webp 1536w, https:\/\/www.telaled.com\/wp-content\/uploads\/2025\/10\/Placar-Eeletronico-Esportivo-Serie-TEA7-13x12.webp 13w, https:\/\/www.telaled.com\/wp-content\/uploads\/2025\/10\/Placar-Eeletronico-Esportivo-Serie-TEA7-600x552.webp 600w, https:\/\/www.telaled.com\/wp-content\/uploads\/2025\/10\/Placar-Eeletronico-Esportivo-Serie-TEA7.webp 1920w\" sizes=\"auto, (max-width: 1020px) 100vw, 1020px\" \/>\t\t\t\t\t\t\n\t\t\t\t\t<\/div>\n\t\t\t\t\t\t\t\t\n<style>\n#image_2092361165 {\n  width: 80%;\n}\n<\/style>\n\t<\/div>\n\t\n<ul>\n<li>Scegli il <em><strong>Tabellone segnapunti elettronico sportivo serie TEA<\/strong><\/em> Un punteggio corretto \u00e8 essenziale per qualsiasi palestra, scuola o palazzetto dello sport. I nostri tabelloni elettronici per il punteggio sportivo sono progettati per scuole elementari, superiori, universit\u00e0 e strutture professionali. Dai tabelloni segnapunti ai tabelloni digitali, offriamo soluzioni di punteggio complete e personalizzabili. Collabora con noi e ottieni un tabellone elettronico per il punteggio sportivo durevole e di alta qualit\u00e0, progettato per garantire precisione, visibilit\u00e0 e prestazioni a lungo termine.<\/li>\n<\/ul>\n\t<div class=\"img has-hover x md-x lg-x y md-y lg-y\" id=\"image_1694601510\">\n\t\t\t\t\t\t\t\t<div class=\"img-inner dark\" >\n\t\t\t<img loading=\"lazy\" decoding=\"async\" width=\"1020\" height=\"790\" src=\"https:\/\/www.telaled.com\/wp-content\/uploads\/2025\/10\/Placar-Eeletronico-Esportivo-Serie-TEA8-1024x793.webp\" class=\"attachment-large size-large\" alt=\"\" srcset=\"https:\/\/www.telaled.com\/wp-content\/uploads\/2025\/10\/Placar-Eeletronico-Esportivo-Serie-TEA8-1024x793.webp 1024w, https:\/\/www.telaled.com\/wp-content\/uploads\/2025\/10\/Placar-Eeletronico-Esportivo-Serie-TEA8-300x232.webp 300w, https:\/\/www.telaled.com\/wp-content\/uploads\/2025\/10\/Placar-Eeletronico-Esportivo-Serie-TEA8-768x595.webp 768w, https:\/\/www.telaled.com\/wp-content\/uploads\/2025\/10\/Placar-Eeletronico-Esportivo-Serie-TEA8-1536x1190.webp 1536w, https:\/\/www.telaled.com\/wp-content\/uploads\/2025\/10\/Placar-Eeletronico-Esportivo-Serie-TEA8-15x12.webp 15w, https:\/\/www.telaled.com\/wp-content\/uploads\/2025\/10\/Placar-Eeletronico-Esportivo-Serie-TEA8-600x465.webp 600w, https:\/\/www.telaled.com\/wp-content\/uploads\/2025\/10\/Placar-Eeletronico-Esportivo-Serie-TEA8.webp 1590w\" sizes=\"auto, (max-width: 1020px) 100vw, 1020px\" \/>\t\t\t\t\t\t\n\t\t\t\t\t<\/div>\n\t\t\t\t\t\t\t\t\n<style>\n#image_1694601510 {\n  width: 80%;\n}\n<\/style>\n\t<\/div>\n\t\n<ul>\n<li><strong>Tabellone segnapunti elettronico sportivo serie TEA<\/strong> Sono imballati in casse di legno rinforzate per proteggerli durante il trasporto. Ogni unit\u00e0 \u00e8 imballata in modo sicuro per prevenire danni causati da parassiti, urti e altri pericoli. Questo garantisce durata e consegna sicura.<\/li>\n<\/ul>\n\t<div class=\"img has-hover x md-x lg-x y md-y lg-y\" id=\"image_377297844\">\n\t\t\t\t\t\t\t\t<div class=\"img-inner dark\" >\n\t\t\t<img loading=\"lazy\" decoding=\"async\" width=\"760\" height=\"1024\" src=\"https:\/\/www.telaled.com\/wp-content\/uploads\/2025\/08\/36123f2c-de60-488d-af81-255cd4aee54a-760x1024.webp\" class=\"attachment-large size-large\" alt=\"\" srcset=\"https:\/\/www.telaled.com\/wp-content\/uploads\/2025\/08\/36123f2c-de60-488d-af81-255cd4aee54a-760x1024.webp 760w, https:\/\/www.telaled.com\/wp-content\/uploads\/2025\/08\/36123f2c-de60-488d-af81-255cd4aee54a-223x300.webp 223w, https:\/\/www.telaled.com\/wp-content\/uploads\/2025\/08\/36123f2c-de60-488d-af81-255cd4aee54a-768x1035.webp 768w, https:\/\/www.telaled.com\/wp-content\/uploads\/2025\/08\/36123f2c-de60-488d-af81-255cd4aee54a-9x12.webp 9w, https:\/\/www.telaled.com\/wp-content\/uploads\/2025\/08\/36123f2c-de60-488d-af81-255cd4aee54a-600x808.webp 600w, https:\/\/www.telaled.com\/wp-content\/uploads\/2025\/08\/36123f2c-de60-488d-af81-255cd4aee54a.webp 795w\" sizes=\"auto, (max-width: 760px) 100vw, 760px\" \/>\t\t\t\t\t\t\n\t\t\t\t\t<\/div>\n\t\t\t\t\t\t\t\t\n<style>\n#image_377297844 {\n  width: 80%;\n}\n<\/style>\n\t<\/div>\n\t\n\n<table id=\"tablepress-90\" class=\"tablepress tablepress-id-90\">\n<thead>\n<tr class=\"row-1\">\n\t<th class=\"column-1\">Articolo<\/th><th class=\"column-2\">Parametri tecnici<\/th>\n<\/tr>\n<\/thead>\n<tbody class=\"row-striping row-hover\">\n<tr class=\"row-2\">\n\t<td class=\"column-1\">Colore:<\/td><td class=\"column-2\">Rosso, Ambra, Verde, Blu, Bianco<\/td>\n<\/tr>\n<tr class=\"row-3\">\n\t<td class=\"column-1\">Altezza delle cifre:<\/td><td class=\"column-2\">6'', 8'', 10'', 12'', 15'', 18'', 20'', 22'', 24'', 32'', 64'', 72''<\/td>\n<\/tr>\n<tr class=\"row-4\">\n\t<td class=\"column-1\">Progettazione digitale:<\/td><td class=\"column-2\">I moduli a 7 segmenti sono sigillati con colla, raggiungono il grado di impermeabilit\u00e0 IP67 e sono dotati di protezione dalla polvere che consente ai LED di funzionare normalmente in ogni momento.<\/td>\n<\/tr>\n<tr class=\"row-5\">\n\t<td class=\"column-1\">Controllo della luminosit\u00e0:<\/td><td class=\"column-2\">Oscuramento automatico tramite sensore di luminosit\u00e0<\/td>\n<\/tr>\n<tr class=\"row-6\">\n\t<td class=\"column-1\">Oscuramento dello schermo:<\/td><td class=\"column-2\">Pi\u00f9 di 8 livelli di regolazione automatica dell&#039;intensit\u00e0<\/td>\n<\/tr>\n<tr class=\"row-7\">\n\t<td class=\"column-1\">Angolo di visione:<\/td><td class=\"column-2\">Orizzontale: 60\u00b0-120\u00b0, Verticale: 60\u00b0-120\u00b0 o personalizzato<\/td>\n<\/tr>\n<tr class=\"row-8\">\n\t<td class=\"column-1\">Accesso al servizio:<\/td><td class=\"column-2\">Apertura anteriore o posteriore<\/td>\n<\/tr>\n<tr class=\"row-9\">\n\t<td class=\"column-1\">Padrone\/schiavo:<\/td><td class=\"column-2\">Disponibile con lato singolo o doppio, master\/slave<\/td>\n<\/tr>\n<tr class=\"row-10\">\n\t<td class=\"column-1\">Materiale del mobile:<\/td><td class=\"column-2\">Mobile in ferro o telaio in lega di alluminio<\/td>\n<\/tr>\n<tr class=\"row-11\">\n\t<td class=\"column-1\">Livello di impermeabilizzazione:<\/td><td class=\"column-2\">IP53 con telaio in lega di alluminio, IP65 con involucro in ferro<\/td>\n<\/tr>\n<tr class=\"row-12\">\n\t<td class=\"column-1\">Modalit\u00e0 di guida LED:<\/td><td class=\"column-2\">Corrente costante<\/td>\n<\/tr>\n<tr class=\"row-13\">\n\t<td class=\"column-1\">Potenza assorbita:<\/td><td class=\"column-2\">110\/220 V CA, 50-60 Hz<\/td>\n<\/tr>\n<tr class=\"row-14\">\n\t<td class=\"column-1\">Comunicazione con il PC:<\/td><td class=\"column-2\">RS232\/485; LAN (TCP\/IP) cablata o wireless, il cliente pu\u00f2 scegliere<\/td>\n<\/tr>\n<tr class=\"row-15\">\n\t<td class=\"column-1\">Tipo di telecomando:<\/td><td class=\"column-2\">Telecomando RF (normale telecomando a 6 pulsanti o LCD)<\/td>\n<\/tr>\n<tr class=\"row-16\">\n\t<td class=\"column-1\">Tempo di lavoro continuo:<\/td><td class=\"column-2\">Illimitato<\/td>\n<\/tr>\n<tr class=\"row-17\">\n\t<td class=\"column-1\">Durata del LED:<\/td><td class=\"column-2\">&gt;100.000 ore<\/td>\n<\/tr>\n<tr class=\"row-18\">\n\t<td class=\"column-1\">Metodo di installazione:<\/td><td class=\"column-2\">Sospeso, montato o secondo design personalizzato<\/td>\n<\/tr>\n<tr class=\"row-19\">\n\t<td class=\"column-1\">Temperatura di lavoro:<\/td><td class=\"column-2\">-40\u2103~75\u2103<\/td>\n<\/tr>\n<\/tbody>\n<\/table>\n<!-- #tablepress-90 from cache -->\n\t\t<\/div>\n\t\t\t\t\t<\/div>\n\n\t\n<\/div>\n\t\t<\/div>\n\t\t\t\t\t<\/div>\n\n\t\n<\/div>","protected":false},"excerpt":{"rendered":"<p><strong><span data-sheets-root=\"1\">Tabellone elettronico per i punteggi sportivi<\/span> Serie TEA \u2013 Display LED per tutti i giochi<\/strong><\/p>\n<p>Questo <strong><span data-sheets-root=\"1\">Tabellone elettronico per i punteggi sportivi<\/span> Serie TEA <\/strong>TELALED offre cifre LED nitide e ad alta luminosit\u00e0 per esterni. Realizzato con tecnologia di visualizzazione a infrarossi, telaio in alluminio o ferro e controllo automatico della luminosit\u00e0, offre un punteggio accurato in tempo reale e un&#039;affidabilit\u00e0 a lungo termine in tutte le condizioni atmosferiche.<\/p>\n<p><strong>Caratteristiche principali:<\/strong><\/p>\n<ul>\n<li><strong>Struttura durevole:<\/strong> Alloggiamento impermeabile e antipolvere IP65 con moduli LED sigillati, con durata stimata di oltre 100.000 ore di utilizzo a temperature da -40\u00b0C a 75\u00b0C.<\/li>\n<li><strong>Visibilit\u00e0 chiara:<\/strong> I chip LED ad alta intensit\u00e0 fino a 12.000 mcd e un ampio angolo di visione da 60\u00b0 a 120\u00b0 garantiscono che i punteggi rimangano leggibili alla luce del sole o sotto i riflettori.<\/li>\n<li><strong>Controllo flessibile:<\/strong> Supporta il controllo remoto RF, RS232\/485 e TCP\/IP, con molteplici opzioni di installazione: a parete, sospeso o indipendente per diverse applicazioni sportive.<\/li>\n<\/ul>\n<p>Approfitta di un&#039;assistenza remota affidabile 24 ore su 24, 7 giorni su 7, con una garanzia completa di 3 anni. Contattaci oggi stesso per un preventivo gratuito e personalizzato in base alle specifiche esigenze della tua azienda.<\/p>","protected":false},"featured_media":3662,"template":"","meta":[],"product_brand":[],"product_cat":[50,48,40,15],"product_tag":[],"class_list":{"0":"post-3661","1":"product","2":"type-product","3":"status-publish","4":"has-post-thumbnail","6":"product_cat-aluguel-de-painel-de-led","7":"product_cat-paineis-personalizados","8":"product_cat-painel-de-led","9":"product_cat-sem-categoria","11":"first","12":"instock","13":"shipping-taxable","14":"product-type-simple"},"yoast_head":"<!-- This site is optimized with the Yoast SEO plugin v27.5 - https:\/\/yoast.com\/product\/yoast-seo-wordpress\/ -->\n<title>Placar Esportivo Eletr\u00f4nico S\u00e9rie TEA | Placares de LED para ambientes internos e externos. | TELALED<\/title>\n<meta name=\"description\" content=\"Placar Esportivo Eletr\u00f4nicos S\u00e9rie TEA com displays de LED coloridos. Melhore a experi\u00eancia dos f\u00e3s, exiba an\u00fancios e mantenha os placares claros em qualquer condi\u00e7\u00e3o clim\u00e1tica.\" \/>\n<meta name=\"robots\" content=\"index, follow, max-snippet:-1, max-image-preview:large, max-video-preview:-1\" \/>\n<link rel=\"canonical\" href=\"https:\/\/www.telaled.com\/it\/fabrica\/placar-eletronico-esportivo-serie-tea\/\" \/>\n<meta property=\"og:locale\" content=\"it_IT\" \/>\n<meta property=\"og:type\" content=\"article\" \/>\n<meta property=\"og:title\" content=\"Placar Esportivo Eletr\u00f4nico S\u00e9rie TEA | Placares de LED para ambientes internos e externos. | TELALED\" \/>\n<meta property=\"og:description\" content=\"Placar Esportivo Eletr\u00f4nicos S\u00e9rie TEA com displays de LED coloridos. Melhore a experi\u00eancia dos f\u00e3s, exiba an\u00fancios e mantenha os placares claros em qualquer condi\u00e7\u00e3o clim\u00e1tica.\" \/>\n<meta property=\"og:url\" content=\"https:\/\/www.telaled.com\/it\/fabrica\/placar-eletronico-esportivo-serie-tea\/\" \/>\n<meta property=\"og:site_name\" content=\"TELALED\" \/>\n<meta property=\"article:modified_time\" content=\"2026-01-06T09:11:26+00:00\" \/>\n<meta property=\"og:image\" content=\"https:\/\/www.telaled.com\/wp-content\/uploads\/2025\/09\/Placar-Eeletronico-Esportivo-Serie-TEA.jpg\" \/>\n\t<meta property=\"og:image:width\" content=\"500\" \/>\n\t<meta property=\"og:image:height\" content=\"500\" \/>\n\t<meta property=\"og:image:type\" content=\"image\/jpeg\" \/>\n<meta name=\"twitter:card\" content=\"summary_large_image\" \/>\n<meta name=\"twitter:label1\" content=\"Tempo di lettura stimato\" \/>\n\t<meta name=\"twitter:data1\" content=\"3 minuti\" \/>\n<script type=\"application\/ld+json\" class=\"yoast-schema-graph\">{\"@context\":\"https:\\\/\\\/schema.org\",\"@graph\":[{\"@type\":\"WebPage\",\"@id\":\"https:\\\/\\\/www.telaled.com\\\/fabrica\\\/placar-eletronico-esportivo-serie-tea\\\/\",\"url\":\"https:\\\/\\\/www.telaled.com\\\/fabrica\\\/placar-eletronico-esportivo-serie-tea\\\/\",\"name\":\"Placar Esportivo Eletr\u00f4nico S\u00e9rie TEA | Placares de LED para ambientes internos e externos. | TELALED\",\"isPartOf\":{\"@id\":\"https:\\\/\\\/www.telaled.com\\\/#website\"},\"primaryImageOfPage\":{\"@id\":\"https:\\\/\\\/www.telaled.com\\\/fabrica\\\/placar-eletronico-esportivo-serie-tea\\\/#primaryimage\"},\"image\":{\"@id\":\"https:\\\/\\\/www.telaled.com\\\/fabrica\\\/placar-eletronico-esportivo-serie-tea\\\/#primaryimage\"},\"thumbnailUrl\":\"https:\\\/\\\/www.telaled.com\\\/wp-content\\\/uploads\\\/2025\\\/09\\\/Placar-Eeletronico-Esportivo-Serie-TEA.jpg\",\"datePublished\":\"2025-09-30T03:19:49+00:00\",\"dateModified\":\"2026-01-06T09:11:26+00:00\",\"description\":\"Placar Esportivo Eletr\u00f4nicos S\u00e9rie TEA com displays de LED coloridos. Melhore a experi\u00eancia dos f\u00e3s, exiba an\u00fancios e mantenha os placares claros em qualquer condi\u00e7\u00e3o clim\u00e1tica.\",\"breadcrumb\":{\"@id\":\"https:\\\/\\\/www.telaled.com\\\/fabrica\\\/placar-eletronico-esportivo-serie-tea\\\/#breadcrumb\"},\"inLanguage\":\"it-IT\",\"potentialAction\":[{\"@type\":\"ReadAction\",\"target\":[\"https:\\\/\\\/www.telaled.com\\\/fabrica\\\/placar-eletronico-esportivo-serie-tea\\\/\"]}]},{\"@type\":\"ImageObject\",\"inLanguage\":\"it-IT\",\"@id\":\"https:\\\/\\\/www.telaled.com\\\/fabrica\\\/placar-eletronico-esportivo-serie-tea\\\/#primaryimage\",\"url\":\"https:\\\/\\\/www.telaled.com\\\/wp-content\\\/uploads\\\/2025\\\/09\\\/Placar-Eeletronico-Esportivo-Serie-TEA.jpg\",\"contentUrl\":\"https:\\\/\\\/www.telaled.com\\\/wp-content\\\/uploads\\\/2025\\\/09\\\/Placar-Eeletronico-Esportivo-Serie-TEA.jpg\",\"width\":500,\"height\":500,\"caption\":\"Placar-Eeletr\u00f4nico-Esportivo-S\u00e9rie-TEA\"},{\"@type\":\"BreadcrumbList\",\"@id\":\"https:\\\/\\\/www.telaled.com\\\/fabrica\\\/placar-eletronico-esportivo-serie-tea\\\/#breadcrumb\",\"itemListElement\":[{\"@type\":\"ListItem\",\"position\":1,\"name\":\"Home\",\"item\":\"https:\\\/\\\/www.telaled.com\\\/\"},{\"@type\":\"ListItem\",\"position\":2,\"name\":\"Produtos\",\"item\":\"https:\\\/\\\/www.telaled.com\\\/shop\\\/\"},{\"@type\":\"ListItem\",\"position\":3,\"name\":\"Placar Eletr\u00f4nico Esportivo S\u00e9rie TEA\"}]},{\"@type\":\"WebSite\",\"@id\":\"https:\\\/\\\/www.telaled.com\\\/#website\",\"url\":\"https:\\\/\\\/www.telaled.com\\\/\",\"name\":\"TELALED\",\"description\":\"\",\"potentialAction\":[{\"@type\":\"SearchAction\",\"target\":{\"@type\":\"EntryPoint\",\"urlTemplate\":\"https:\\\/\\\/www.telaled.com\\\/?s={search_term_string}\"},\"query-input\":{\"@type\":\"PropertyValueSpecification\",\"valueRequired\":true,\"valueName\":\"search_term_string\"}}],\"inLanguage\":\"it-IT\"}]}<\/script>\n<!-- \/ Yoast SEO plugin. -->","yoast_head_json":{"title":"Tabellone segnapunti elettronico sportivo serie TEA | Tabelloni segnapunti a LED per ambienti interni ed esterni. | TELALED","description":"Tabelloni elettronici segnapunti sportivi della serie TEA con display LED a colori. Migliora l&#039;esperienza dei tifosi, visualizza annunci pubblicitari e mantieni i tabelloni trasparenti in qualsiasi condizione atmosferica.","robots":{"index":"index","follow":"follow","max-snippet":"max-snippet:-1","max-image-preview":"max-image-preview:large","max-video-preview":"max-video-preview:-1"},"canonical":"https:\/\/www.telaled.com\/it\/fabrica\/placar-eletronico-esportivo-serie-tea\/","og_locale":"it_IT","og_type":"article","og_title":"Placar Esportivo Eletr\u00f4nico S\u00e9rie TEA | Placares de LED para ambientes internos e externos. | TELALED","og_description":"Placar Esportivo Eletr\u00f4nicos S\u00e9rie TEA com displays de LED coloridos. Melhore a experi\u00eancia dos f\u00e3s, exiba an\u00fancios e mantenha os placares claros em qualquer condi\u00e7\u00e3o clim\u00e1tica.","og_url":"https:\/\/www.telaled.com\/it\/fabrica\/placar-eletronico-esportivo-serie-tea\/","og_site_name":"TELALED","article_modified_time":"2026-01-06T09:11:26+00:00","og_image":[{"width":500,"height":500,"url":"https:\/\/www.telaled.com\/wp-content\/uploads\/2025\/09\/Placar-Eeletronico-Esportivo-Serie-TEA.jpg","type":"image\/jpeg"}],"twitter_card":"summary_large_image","twitter_misc":{"Tempo di lettura stimato":"3 minuti"},"schema":{"@context":"https:\/\/schema.org","@graph":[{"@type":"WebPage","@id":"https:\/\/www.telaled.com\/fabrica\/placar-eletronico-esportivo-serie-tea\/","url":"https:\/\/www.telaled.com\/fabrica\/placar-eletronico-esportivo-serie-tea\/","name":"Tabellone segnapunti elettronico sportivo serie TEA | Tabelloni segnapunti a LED per ambienti interni ed esterni. | TELALED","isPartOf":{"@id":"https:\/\/www.telaled.com\/#website"},"primaryImageOfPage":{"@id":"https:\/\/www.telaled.com\/fabrica\/placar-eletronico-esportivo-serie-tea\/#primaryimage"},"image":{"@id":"https:\/\/www.telaled.com\/fabrica\/placar-eletronico-esportivo-serie-tea\/#primaryimage"},"thumbnailUrl":"https:\/\/www.telaled.com\/wp-content\/uploads\/2025\/09\/Placar-Eeletronico-Esportivo-Serie-TEA.jpg","datePublished":"2025-09-30T03:19:49+00:00","dateModified":"2026-01-06T09:11:26+00:00","description":"Tabelloni elettronici segnapunti sportivi della serie TEA con display LED a colori. Migliora l&#039;esperienza dei tifosi, visualizza annunci pubblicitari e mantieni i tabelloni trasparenti in qualsiasi condizione atmosferica.","breadcrumb":{"@id":"https:\/\/www.telaled.com\/fabrica\/placar-eletronico-esportivo-serie-tea\/#breadcrumb"},"inLanguage":"it-IT","potentialAction":[{"@type":"ReadAction","target":["https:\/\/www.telaled.com\/fabrica\/placar-eletronico-esportivo-serie-tea\/"]}]},{"@type":"ImageObject","inLanguage":"it-IT","@id":"https:\/\/www.telaled.com\/fabrica\/placar-eletronico-esportivo-serie-tea\/#primaryimage","url":"https:\/\/www.telaled.com\/wp-content\/uploads\/2025\/09\/Placar-Eeletronico-Esportivo-Serie-TEA.jpg","contentUrl":"https:\/\/www.telaled.com\/wp-content\/uploads\/2025\/09\/Placar-Eeletronico-Esportivo-Serie-TEA.jpg","width":500,"height":500,"caption":"Placar-Eeletr\u00f4nico-Esportivo-S\u00e9rie-TEA"},{"@type":"BreadcrumbList","@id":"https:\/\/www.telaled.com\/fabrica\/placar-eletronico-esportivo-serie-tea\/#breadcrumb","itemListElement":[{"@type":"ListItem","position":1,"name":"Home","item":"https:\/\/www.telaled.com\/"},{"@type":"ListItem","position":2,"name":"Produtos","item":"https:\/\/www.telaled.com\/shop\/"},{"@type":"ListItem","position":3,"name":"Placar Eletr\u00f4nico Esportivo S\u00e9rie TEA"}]},{"@type":"WebSite","@id":"https:\/\/www.telaled.com\/#website","url":"https:\/\/www.telaled.com\/","name":"schermo LED","description":"","potentialAction":[{"@type":"SearchAction","target":{"@type":"EntryPoint","urlTemplate":"https:\/\/www.telaled.com\/?s={search_term_string}"},"query-input":{"@type":"PropertyValueSpecification","valueRequired":true,"valueName":"search_term_string"}}],"inLanguage":"it-IT"}]}},"_links":{"self":[{"href":"https:\/\/www.telaled.com\/it\/wp-json\/wp\/v2\/product\/3661","targetHints":{"allow":["GET"]}}],"collection":[{"href":"https:\/\/www.telaled.com\/it\/wp-json\/wp\/v2\/product"}],"about":[{"href":"https:\/\/www.telaled.com\/it\/wp-json\/wp\/v2\/types\/product"}],"wp:featuredmedia":[{"embeddable":true,"href":"https:\/\/www.telaled.com\/it\/wp-json\/wp\/v2\/media\/3662"}],"wp:attachment":[{"href":"https:\/\/www.telaled.com\/it\/wp-json\/wp\/v2\/media?parent=3661"}],"wp:term":[{"taxonomy":"product_brand","embeddable":true,"href":"https:\/\/www.telaled.com\/it\/wp-json\/wp\/v2\/product_brand?post=3661"},{"taxonomy":"product_cat","embeddable":true,"href":"https:\/\/www.telaled.com\/it\/wp-json\/wp\/v2\/product_cat?post=3661"},{"taxonomy":"product_tag","embeddable":true,"href":"https:\/\/www.telaled.com\/it\/wp-json\/wp\/v2\/product_tag?post=3661"}],"curies":[{"name":"parola chiave","href":"https:\/\/api.w.org\/{rel}","templated":true}]}}