{"id":3624,"date":"2025-09-29T06:06:11","date_gmt":"2025-09-29T06:06:11","guid":{"rendered":"https:\/\/www.telaled.com\/?post_type=product&#038;p=3624"},"modified":"2026-01-06T08:56:07","modified_gmt":"2026-01-06T08:56:07","slug":"totem-led-vertical-serie-twc","status":"publish","type":"product","link":"https:\/\/www.telaled.com\/it\/fabrica\/totem-led-vertical-serie-twc\/","title":{"rendered":"Totem LED verticale serie TWC"},"content":{"rendered":"<div class=\"row\"  id=\"row-561661371\">\n\n\t<div id=\"col-1250316406\" class=\"col small-12 large-12\"  >\n\t\t\t\t<div class=\"col-inner\"  >\n\t\t\t\n\t\t\t\n<h2>Vantaggi esclusivi del totem LED verticale della serie TWC<\/h2>\n<h3><strong>Durata superiore<\/strong><\/h3>\n<ul>\n<li>Progettato per un utilizzo continuo senza perdita di prestazioni.<\/li>\n<li>Resistente all&#039;usura, garantisce una lunga durata.<\/li>\n<li>Realizzato con moduli LED di alta qualit\u00e0 per garantire stabilit\u00e0.<\/li>\n<\/ul>\n<h3><strong>Qualit\u00e0 visiva eccezionale<\/strong><\/h3>\n<ul>\n<li>Elevata luminosit\u00e0 fino a 7500 cd\/m\u00b2 per display vividi.<\/li>\n<li>Passaggi di pixel fini (fino a <a href=\"https:\/\/www.telaled.com\/it\/painel-de-led-p2-5\/\">P2 mm<\/a>).<\/li>\n<li>Colori realistici che catturano immediatamente l&#039;attenzione.<\/li>\n<\/ul>\n<h3><strong>Completa adattabilit\u00e0<\/strong><\/h3>\n<ul>\n<li>Disponibile in diverse dimensioni e proporzioni.<\/li>\n<li>Opzioni di visualizzazione mono o bifacciale.<\/li>\n<li>Personalizzabile per adattarsi a vari ambienti interni.<\/li>\n<\/ul>\n<h3><strong>Supporto completo<\/strong><\/h3>\n<ul>\n<li><strong>Assistenza specializzata 24 ore su 24, 7 giorni su 7: <\/strong>Ricevi assistenza professionale sempre e ovunque per far s\u00ec che il tuo sistema funzioni senza problemi.<strong>.<\/strong><\/li>\n<li><strong>Pezzi di ricambio inclusi: <\/strong>Ogni ordine include 5% di parti di ricambio per garantire prestazioni costanti.<\/li>\n<li><strong>Aumentare l&#039;affidabilit\u00e0:\u00a0<\/strong>I componenti aggiuntivi riducono le interruzioni del servizio e aumentano la durata delle apparecchiature.<\/li>\n<li><strong>Garanzia di tranquillit\u00e0:\u00a0<\/strong>Approfitta di una garanzia di 3 anni con un servizio affidabile e una protezione duratura per il tuo investimento.<\/li>\n<\/ul>\n<h2>Dettagli del prodotto<\/h2>\n<div class=\"row\"  id=\"row-576950200\">\n\n\t<div id=\"col-885355287\" class=\"col medium-10 small-12 large-10\"  >\n\t\t\t\t<div class=\"col-inner text-left\"  >\n\t\t\t\n\t\t\t\n<ul>\n<li>I totem LED verticali sono display digitali eleganti e mobili, disponibili in diverse dimensioni e risoluzioni. Pronti all&#039;uso immediatamente dopo la consegna, offrono immagini nitide e luminose senza la necessit\u00e0 di complicate configurazioni. Perfetti per centri commerciali, spazi di vendita al dettaglio e sale conferenze, il loro insolito rapporto di aspetto li distingue dagli LCD standard, offrendo una personalizzazione flessibile per qualsiasi marchio.<\/li>\n<\/ul>\n\t<div class=\"img has-hover x md-x lg-x y md-y lg-y\" id=\"image_2124543554\">\n\t\t\t\t\t\t\t\t<div class=\"img-inner dark\" >\n\t\t\t<img loading=\"lazy\" decoding=\"async\" width=\"1500\" height=\"841\" src=\"https:\/\/www.telaled.com\/wp-content\/uploads\/2025\/09\/vertical-led-totem8.webp\" class=\"attachment-original size-original\" alt=\"totem-led-verticale8\" srcset=\"https:\/\/www.telaled.com\/wp-content\/uploads\/2025\/09\/vertical-led-totem8.webp 1500w, https:\/\/www.telaled.com\/wp-content\/uploads\/2025\/09\/vertical-led-totem8-300x168.webp 300w, https:\/\/www.telaled.com\/wp-content\/uploads\/2025\/09\/vertical-led-totem8-1024x574.webp 1024w, https:\/\/www.telaled.com\/wp-content\/uploads\/2025\/09\/vertical-led-totem8-768x431.webp 768w, https:\/\/www.telaled.com\/wp-content\/uploads\/2025\/09\/vertical-led-totem8-18x10.webp 18w, https:\/\/www.telaled.com\/wp-content\/uploads\/2025\/09\/vertical-led-totem8-600x336.webp 600w\" sizes=\"auto, (max-width: 1500px) 100vw, 1500px\" \/>\t\t\t\t\t\t\n\t\t\t\t\t<\/div>\n\t\t\t\t\t\t\t\t\n<style>\n#image_2124543554 {\n  width: 80%;\n}\n<\/style>\n\t<\/div>\n\t\n<ul>\n<li>IL <em><strong>Totem LED verticale serie TWC<\/strong><\/em> Possono essere affiancati per visualizzare un&#039;immagine pi\u00f9 grande o per ripetere lo stesso contenuto su pi\u00f9 schermi. \u00c8 possibile collegare fino a 5 totem in cascata, adatti per installazioni a appoggio o sospese.<\/li>\n<\/ul>\n\t<div class=\"img has-hover x md-x lg-x y md-y lg-y\" id=\"image_1255499462\">\n\t\t\t\t\t\t\t\t<div class=\"img-inner dark\" >\n\t\t\t<img loading=\"lazy\" decoding=\"async\" width=\"675\" height=\"675\" src=\"https:\/\/www.telaled.com\/wp-content\/uploads\/2025\/09\/Configuracao-em-cascata.webp\" class=\"attachment-large size-large\" alt=\"Configurazione a cascata\" srcset=\"https:\/\/www.telaled.com\/wp-content\/uploads\/2025\/09\/Configuracao-em-cascata.webp 675w, https:\/\/www.telaled.com\/wp-content\/uploads\/2025\/09\/Configuracao-em-cascata-300x300.webp 300w, https:\/\/www.telaled.com\/wp-content\/uploads\/2025\/09\/Configuracao-em-cascata-150x150.webp 150w, https:\/\/www.telaled.com\/wp-content\/uploads\/2025\/09\/Configuracao-em-cascata-12x12.webp 12w, https:\/\/www.telaled.com\/wp-content\/uploads\/2025\/09\/Configuracao-em-cascata-600x600.webp 600w, https:\/\/www.telaled.com\/wp-content\/uploads\/2025\/09\/Configuracao-em-cascata-100x100.webp 100w\" sizes=\"auto, (max-width: 675px) 100vw, 675px\" \/>\t\t\t\t\t\t\n\t\t\t\t\t<\/div>\n\t\t\t\t\t\t\t\t\n<style>\n#image_1255499462 {\n  width: 80%;\n}\n<\/style>\n\t<\/div>\n\t\n<ul>\n<li>\u00c8 dotato di numerose opzioni di interfaccia, rendendo gli aggiornamenti dei contenuti semplici ed efficienti.<\/li>\n<\/ul>\n\t<div class=\"img has-hover x md-x lg-x y md-y lg-y\" id=\"image_328321693\">\n\t\t\t\t\t\t\t\t<div class=\"img-inner dark\" >\n\t\t\t<img loading=\"lazy\" decoding=\"async\" width=\"675\" height=\"675\" src=\"https:\/\/www.telaled.com\/wp-content\/uploads\/2025\/09\/Metodos-de-controle-1.webp\" class=\"attachment-large size-large\" alt=\"Metodi di controllo (1)\" srcset=\"https:\/\/www.telaled.com\/wp-content\/uploads\/2025\/09\/Metodos-de-controle-1.webp 675w, https:\/\/www.telaled.com\/wp-content\/uploads\/2025\/09\/Metodos-de-controle-1-300x300.webp 300w, https:\/\/www.telaled.com\/wp-content\/uploads\/2025\/09\/Metodos-de-controle-1-150x150.webp 150w, https:\/\/www.telaled.com\/wp-content\/uploads\/2025\/09\/Metodos-de-controle-1-12x12.webp 12w, https:\/\/www.telaled.com\/wp-content\/uploads\/2025\/09\/Metodos-de-controle-1-600x600.webp 600w, https:\/\/www.telaled.com\/wp-content\/uploads\/2025\/09\/Metodos-de-controle-1-100x100.webp 100w\" sizes=\"auto, (max-width: 675px) 100vw, 675px\" \/>\t\t\t\t\t\t\n\t\t\t\t\t<\/div>\n\t\t\t\t\t\t\t\t\n<style>\n#image_328321693 {\n  width: 80%;\n}\n<\/style>\n\t<\/div>\n\t\n\t\t<\/div>\n\t\t\t\t\t<\/div>\n\n\t\n\n\t<div id=\"col-277997632\" class=\"col medium-10 small-12 large-10\"  >\n\t\t\t\t<div class=\"col-inner text-left\"  >\n\t\t\t\n\t\t\t\n<ul>\n<li>Distinguiti con un totem LED verticale che cattura l&#039;attenzione. Aumenta la visibilit\u00e0 del tuo brand con soluzioni visive efficaci, progettate per coinvolgere il tuo pubblico. Dai display LCD monofacciali a quelli bifacciali, fino ai totem LED verticali, i nostri display rendono il tuo messaggio chiaro e coinvolgente. Racconta la tua storia con impatto, raggiungi i clienti esattamente dove si trovano e connettiti con loro quando \u00e8 pi\u00f9 importante.<\/li>\n<\/ul>\n\t<div class=\"img has-hover x md-x lg-x y md-y lg-y\" id=\"image_642718293\">\n\t\t\t\t\t\t\t\t<div class=\"img-inner dark\" >\n\t\t\t<img loading=\"lazy\" decoding=\"async\" width=\"675\" height=\"675\" src=\"https:\/\/www.telaled.com\/wp-content\/uploads\/2025\/09\/vertical-led-totem12.webp\" class=\"attachment-large size-large\" alt=\"totem-led-verticale12\" srcset=\"https:\/\/www.telaled.com\/wp-content\/uploads\/2025\/09\/vertical-led-totem12.webp 675w, https:\/\/www.telaled.com\/wp-content\/uploads\/2025\/09\/vertical-led-totem12-300x300.webp 300w, https:\/\/www.telaled.com\/wp-content\/uploads\/2025\/09\/vertical-led-totem12-150x150.webp 150w, https:\/\/www.telaled.com\/wp-content\/uploads\/2025\/09\/vertical-led-totem12-12x12.webp 12w, https:\/\/www.telaled.com\/wp-content\/uploads\/2025\/09\/vertical-led-totem12-600x600.webp 600w, https:\/\/www.telaled.com\/wp-content\/uploads\/2025\/09\/vertical-led-totem12-100x100.webp 100w\" sizes=\"auto, (max-width: 675px) 100vw, 675px\" \/>\t\t\t\t\t\t\n\t\t\t\t\t<\/div>\n\t\t\t\t\t\t\t\t\n<style>\n#image_642718293 {\n  width: 80%;\n}\n<\/style>\n\t<\/div>\n\t\n<ul>\n<li>I totem LED verticali della serie TWC sono imballati in casse di legno rinforzate per proteggerli durante la spedizione. Ogni unit\u00e0 \u00e8 imballata in modo sicuro per prevenire danni causati da parassiti, urti e altri pericoli. Questo garantisce durata e consegna sicura.<\/li>\n<\/ul>\n\t<div class=\"img has-hover x md-x lg-x y md-y lg-y\" id=\"image_1475429711\">\n\t\t\t\t\t\t\t\t<div class=\"img-inner dark\" >\n\t\t\t<img loading=\"lazy\" decoding=\"async\" width=\"760\" height=\"1024\" src=\"https:\/\/www.telaled.com\/wp-content\/uploads\/2025\/08\/36123f2c-de60-488d-af81-255cd4aee54a-760x1024.webp\" class=\"attachment-large size-large\" alt=\"\" srcset=\"https:\/\/www.telaled.com\/wp-content\/uploads\/2025\/08\/36123f2c-de60-488d-af81-255cd4aee54a-760x1024.webp 760w, https:\/\/www.telaled.com\/wp-content\/uploads\/2025\/08\/36123f2c-de60-488d-af81-255cd4aee54a-223x300.webp 223w, https:\/\/www.telaled.com\/wp-content\/uploads\/2025\/08\/36123f2c-de60-488d-af81-255cd4aee54a-768x1035.webp 768w, https:\/\/www.telaled.com\/wp-content\/uploads\/2025\/08\/36123f2c-de60-488d-af81-255cd4aee54a-9x12.webp 9w, https:\/\/www.telaled.com\/wp-content\/uploads\/2025\/08\/36123f2c-de60-488d-af81-255cd4aee54a-600x808.webp 600w, https:\/\/www.telaled.com\/wp-content\/uploads\/2025\/08\/36123f2c-de60-488d-af81-255cd4aee54a.webp 795w\" sizes=\"auto, (max-width: 760px) 100vw, 760px\" \/>\t\t\t\t\t\t\n\t\t\t\t\t<\/div>\n\t\t\t\t\t\t\t\t\n<style>\n#image_1475429711 {\n  width: 80%;\n}\n<\/style>\n\t<\/div>\n\t\n\n<table id=\"tablepress-88\" class=\"tablepress tablepress-id-88\">\n<thead>\n<tr class=\"row-1\">\n\t<th class=\"column-1\">Tipo di modello<\/th><th class=\"column-2\">TWC-P2.5<\/th><th class=\"column-3\">TWC-P3<\/th><th class=\"column-4\">TWC-P4<\/th><th class=\"column-5\">TWC-P4<\/th>\n<\/tr>\n<\/thead>\n<tbody class=\"row-striping row-hover\">\n<tr class=\"row-2\">\n\t<td class=\"column-1\">Passo dei pixel <\/td><td class=\"column-2\">2,5 mm<\/td><td class=\"column-3\">3 millimetri<\/td><td class=\"column-4\">4 millimetri<\/td><td class=\"column-5\">4 millimetri<\/td>\n<\/tr>\n<tr class=\"row-3\">\n\t<td class=\"column-1\">Tipo di LED<\/td><td class=\"column-2\">SMD2121 (nero)<\/td><td class=\"column-3\">SMD2121 (nero)<\/td><td class=\"column-4\">SMD2121 (nero)<\/td><td class=\"column-5\">SMD1921<\/td>\n<\/tr>\n<tr class=\"row-4\">\n\t<td class=\"column-1\">Risoluzione del modulo<\/td><td class=\"column-2\">64 * 32 punti<\/td><td class=\"column-3\">64 * 64 punti<\/td><td class=\"column-4\">64 * 32 punti<\/td><td class=\"column-5\">64 * 32 punti<\/td>\n<\/tr>\n<tr class=\"row-5\">\n\t<td class=\"column-1\">Dimensioni dello schermo (A*L)<\/td><td class=\"column-2\">800*1600mm<\/td><td class=\"column-3\">960*1920mm<\/td><td class=\"column-4\">1024*1536mm<\/td><td class=\"column-5\">1024*2048mm<\/td>\n<\/tr>\n<tr class=\"row-6\">\n\t<td class=\"column-1\">Misura del piede<\/td><td class=\"column-2\">2,62*5,25 piedi<\/td><td class=\"column-3\">3,15*6,30 piedi<\/td><td class=\"column-4\">3,36*6,72 piedi<\/td><td class=\"column-5\">3,36*6,72 piedi<\/td>\n<\/tr>\n<tr class=\"row-7\">\n\t<td class=\"column-1\">Risoluzione dello schermo<\/td><td class=\"column-2\">320 * 640 pixel<\/td><td class=\"column-3\">320 * 640 pixel<\/td><td class=\"column-4\">256 * 512 pixel<\/td><td class=\"column-5\">256 * 512 pixel<\/td>\n<\/tr>\n<tr class=\"row-8\">\n\t<td class=\"column-1\">Armadio dei materiali<\/td><td class=\"column-2\">Alluminio<\/td><td class=\"column-3\">Alluminio<\/td><td class=\"column-4\">Alluminio<\/td><td class=\"column-5\">Alluminio<\/td>\n<\/tr>\n<tr class=\"row-9\">\n\t<td class=\"column-1\">Peso del mobile<\/td><td class=\"column-2\">100 kg<\/td><td class=\"column-3\">140 kg<\/td><td class=\"column-4\">115 chili<\/td><td class=\"column-5\">170 kg<\/td>\n<\/tr>\n<tr class=\"row-10\">\n\t<td class=\"column-1\">Procedura di guida<\/td><td class=\"column-2\">\u22653m<\/td><td class=\"column-3\">\u22653m<\/td><td class=\"column-4\">&gt; 4m<\/td><td class=\"column-5\">&gt; 4m<\/td>\n<\/tr>\n<tr class=\"row-11\">\n\t<td class=\"column-1\">Leggero<\/td><td class=\"column-2\">\u22651000 nit<\/td><td class=\"column-3\">\u22651000 nit<\/td><td class=\"column-4\">\u22651000 nit<\/td><td class=\"column-5\">\u22655000 nit<\/td>\n<\/tr>\n<tr class=\"row-12\">\n\t<td class=\"column-1\">Angolo di visione<\/td><td class=\"column-2\">140\u00b0 (O)\/140\u00b0 (V)<\/td><td class=\"column-3\">140\u00b0 (O)\/140\u00b0 (V)<\/td><td class=\"column-4\">140\u00b0 (O)\/140\u00b0 (V)<\/td><td class=\"column-5\">140\u00b0 (O)\/140\u00b0 (V)<\/td>\n<\/tr>\n<tr class=\"row-13\">\n\t<td class=\"column-1\">Frequenza di aggiornamento<\/td><td class=\"column-2\">1920 Hz<\/td><td class=\"column-3\">1920 Hz<\/td><td class=\"column-4\">1920 Hz<\/td><td class=\"column-5\">1920 Hz<\/td>\n<\/tr>\n<tr class=\"row-14\">\n\t<td class=\"column-1\">Tensione di ingresso<\/td><td class=\"column-2\">CA 220\/110 \u00b1 15%<\/td><td class=\"column-3\">CA 220\/110 \u00b1 15%<\/td><td class=\"column-4\">CA 220\/110 \u00b1 15%<\/td><td class=\"column-5\">CA 220\/110 \u00b1 15%<\/td>\n<\/tr>\n<tr class=\"row-15\">\n\t<td class=\"column-1\">Consumo energetico massimo<\/td><td class=\"column-2\">1000W<\/td><td class=\"column-3\">1100W<\/td><td class=\"column-4\">860W<\/td><td class=\"column-5\">1200W<\/td>\n<\/tr>\n<tr class=\"row-16\">\n\t<td class=\"column-1\">Temperatura di esercizio (\u2103)<\/td><td class=\"column-2\">da -30\u2103 a 60\u2103<\/td><td class=\"column-3\">da -30\u2103 a 60\u2103<\/td><td class=\"column-4\">da -30\u2103 a 60\u2103<\/td><td class=\"column-5\">da -30\u2103 a 60\u2103<\/td>\n<\/tr>\n<tr class=\"row-17\">\n\t<td class=\"column-1\">Produzione di umidit\u00e0<\/td><td class=\"column-2\">10% ~ 75%<\/td><td class=\"column-3\">10% ~ 75%<\/td><td class=\"column-4\">10% ~ 75%<\/td><td class=\"column-5\">10% ~ 75%<\/td>\n<\/tr>\n<tr class=\"row-18\">\n\t<td class=\"column-1\">Certificato<\/td><td class=\"column-2\">CE, ROHS<\/td><td class=\"column-3\">CE, ROHS<\/td><td class=\"column-4\">CE, ROHS<\/td><td class=\"column-5\">CE, ROHS<\/td>\n<\/tr>\n<\/tbody>\n<\/table>\n\n\t\t<\/div>\n\t\t\t\t\t<\/div>\n\n\t\n<\/div>\n\t\t<\/div>\n\t\t\t\t\t<\/div>\n\n\t\n<\/div>","protected":false},"excerpt":{"rendered":"<p><strong>Totem LED verticale serie TWC: display digitale intelligente per la pubblicit\u00e0 24 ore su 24, 7 giorni su 7<\/strong><\/p>\n<p>Il nostro <strong>Totem LED verticale serie TWC<\/strong> Si tratta di display digitali versatili, ideali per il funzionamento continuo in qualsiasi ambiente. Disponibili in una variet\u00e0 di modelli, facili da installare e con metodi di controllo flessibili, offrono immagini vivide e ad alta luminosit\u00e0, massimizzando il ritorno sull&#039;investimento nella pubblicit\u00e0 indoor e outdoor.<\/p>\n<p><strong>Caratteristiche principali:<\/strong><\/p>\n<ul>\n<li>Funziona 24 ore su 24, 7 giorni su 7 con un&#039;elevata luminosit\u00e0 che protegge da pioggia, nebbia o luce solare diretta.<\/li>\n<li>Aggiorna i contenuti tramite 4G, WiFi, USB, Bluetooth o Ethernet.<\/li>\n<li>Installazioni autoportanti, su ruote, a parete o sospese per adattarsi a qualsiasi ambiente.<\/li>\n<li>Realizzato con componenti di alta qualit\u00e0, protezione in vetro temperato e parametri personalizzabili.<\/li>\n<\/ul>\n<p>Approfitta di un supporto remoto 24 ore su 24, 7 giorni su 7, su cui puoi contare, supportato da una garanzia completa di 3 anni. Contattaci oggi stesso per un preventivo gratuito e personalizzato in base alle tue esigenze specifiche.<\/p>","protected":false},"featured_media":3625,"template":"","meta":[],"product_brand":[],"product_cat":[50,48,40,43],"product_tag":[],"class_list":{"0":"post-3624","1":"product","2":"type-product","3":"status-publish","4":"has-post-thumbnail","6":"product_cat-aluguel-de-painel-de-led","7":"product_cat-paineis-personalizados","8":"product_cat-painel-de-led","9":"product_cat-totem-de-led","11":"first","12":"instock","13":"shipping-taxable","14":"product-type-simple"},"yoast_head":"<!-- This site is optimized with the Yoast SEO plugin v27.5 - https:\/\/yoast.com\/product\/yoast-seo-wordpress\/ -->\n<title>Totem LED Vertical S\u00e9rie TWC | Displays Digitais Atraentes para An\u00fancios Internos e Externos | TELALED<\/title>\n<meta name=\"description\" content=\"Aprimore sua publicidade com um Totem LED Vertical S\u00e9rie TWC. Telas finas, m\u00f3veis e de alto brilho para shoppings, lojas e eventos. Solicite um or\u00e7amento hoje mesmo!\" \/>\n<meta name=\"robots\" content=\"index, follow, max-snippet:-1, max-image-preview:large, max-video-preview:-1\" \/>\n<link rel=\"canonical\" href=\"https:\/\/www.telaled.com\/it\/fabrica\/totem-led-vertical-serie-twc\/\" \/>\n<meta property=\"og:locale\" content=\"it_IT\" \/>\n<meta property=\"og:type\" content=\"article\" \/>\n<meta property=\"og:title\" content=\"Totem LED Vertical S\u00e9rie TWC | Displays Digitais Atraentes para An\u00fancios Internos e Externos | TELALED\" \/>\n<meta property=\"og:description\" content=\"Aprimore sua publicidade com um Totem LED Vertical S\u00e9rie TWC. Telas finas, m\u00f3veis e de alto brilho para shoppings, lojas e eventos. Solicite um or\u00e7amento hoje mesmo!\" \/>\n<meta property=\"og:url\" content=\"https:\/\/www.telaled.com\/it\/fabrica\/totem-led-vertical-serie-twc\/\" \/>\n<meta property=\"og:site_name\" content=\"TELALED\" \/>\n<meta property=\"article:modified_time\" content=\"2026-01-06T08:56:07+00:00\" \/>\n<meta property=\"og:image\" content=\"https:\/\/www.telaled.com\/wp-content\/uploads\/2025\/09\/vertical-led-totem.webp\" \/>\n\t<meta property=\"og:image:width\" content=\"500\" \/>\n\t<meta property=\"og:image:height\" content=\"500\" \/>\n\t<meta property=\"og:image:type\" content=\"image\/webp\" \/>\n<meta name=\"twitter:card\" content=\"summary_large_image\" \/>\n<meta name=\"twitter:label1\" content=\"Tempo di lettura stimato\" \/>\n\t<meta name=\"twitter:data1\" content=\"3 minuti\" \/>\n<script type=\"application\/ld+json\" class=\"yoast-schema-graph\">{\"@context\":\"https:\\\/\\\/schema.org\",\"@graph\":[{\"@type\":\"WebPage\",\"@id\":\"https:\\\/\\\/www.telaled.com\\\/fabrica\\\/totem-led-vertical-serie-twc\\\/\",\"url\":\"https:\\\/\\\/www.telaled.com\\\/fabrica\\\/totem-led-vertical-serie-twc\\\/\",\"name\":\"Totem LED Vertical S\u00e9rie TWC | Displays Digitais Atraentes para An\u00fancios Internos e Externos | TELALED\",\"isPartOf\":{\"@id\":\"https:\\\/\\\/www.telaled.com\\\/#website\"},\"primaryImageOfPage\":{\"@id\":\"https:\\\/\\\/www.telaled.com\\\/fabrica\\\/totem-led-vertical-serie-twc\\\/#primaryimage\"},\"image\":{\"@id\":\"https:\\\/\\\/www.telaled.com\\\/fabrica\\\/totem-led-vertical-serie-twc\\\/#primaryimage\"},\"thumbnailUrl\":\"https:\\\/\\\/www.telaled.com\\\/wp-content\\\/uploads\\\/2025\\\/09\\\/vertical-led-totem.webp\",\"datePublished\":\"2025-09-29T06:06:11+00:00\",\"dateModified\":\"2026-01-06T08:56:07+00:00\",\"description\":\"Aprimore sua publicidade com um Totem LED Vertical S\u00e9rie TWC. Telas finas, m\u00f3veis e de alto brilho para shoppings, lojas e eventos. Solicite um or\u00e7amento hoje mesmo!\",\"breadcrumb\":{\"@id\":\"https:\\\/\\\/www.telaled.com\\\/fabrica\\\/totem-led-vertical-serie-twc\\\/#breadcrumb\"},\"inLanguage\":\"it-IT\",\"potentialAction\":[{\"@type\":\"ReadAction\",\"target\":[\"https:\\\/\\\/www.telaled.com\\\/fabrica\\\/totem-led-vertical-serie-twc\\\/\"]}]},{\"@type\":\"ImageObject\",\"inLanguage\":\"it-IT\",\"@id\":\"https:\\\/\\\/www.telaled.com\\\/fabrica\\\/totem-led-vertical-serie-twc\\\/#primaryimage\",\"url\":\"https:\\\/\\\/www.telaled.com\\\/wp-content\\\/uploads\\\/2025\\\/09\\\/vertical-led-totem.webp\",\"contentUrl\":\"https:\\\/\\\/www.telaled.com\\\/wp-content\\\/uploads\\\/2025\\\/09\\\/vertical-led-totem.webp\",\"width\":500,\"height\":500,\"caption\":\"vertical-led-totem\"},{\"@type\":\"BreadcrumbList\",\"@id\":\"https:\\\/\\\/www.telaled.com\\\/fabrica\\\/totem-led-vertical-serie-twc\\\/#breadcrumb\",\"itemListElement\":[{\"@type\":\"ListItem\",\"position\":1,\"name\":\"Home\",\"item\":\"https:\\\/\\\/www.telaled.com\\\/\"},{\"@type\":\"ListItem\",\"position\":2,\"name\":\"Produtos\",\"item\":\"https:\\\/\\\/www.telaled.com\\\/shop\\\/\"},{\"@type\":\"ListItem\",\"position\":3,\"name\":\"Totem LED Vertical S\u00e9rie TWC\"}]},{\"@type\":\"WebSite\",\"@id\":\"https:\\\/\\\/www.telaled.com\\\/#website\",\"url\":\"https:\\\/\\\/www.telaled.com\\\/\",\"name\":\"TELALED\",\"description\":\"\",\"potentialAction\":[{\"@type\":\"SearchAction\",\"target\":{\"@type\":\"EntryPoint\",\"urlTemplate\":\"https:\\\/\\\/www.telaled.com\\\/?s={search_term_string}\"},\"query-input\":{\"@type\":\"PropertyValueSpecification\",\"valueRequired\":true,\"valueName\":\"search_term_string\"}}],\"inLanguage\":\"it-IT\"}]}<\/script>\n<!-- \/ Yoast SEO plugin. -->","yoast_head_json":{"title":"Totem LED verticali serie TWC | Display digitali accattivanti per pubblicit\u00e0 interna ed esterna | TELALED","description":"Migliora la tua pubblicit\u00e0 con un totem LED verticale della serie TWC. Display sottili, mobili e ad alta luminosit\u00e0 per centri commerciali, negozi ed eventi. Richiedi un preventivo oggi stesso!","robots":{"index":"index","follow":"follow","max-snippet":"max-snippet:-1","max-image-preview":"max-image-preview:large","max-video-preview":"max-video-preview:-1"},"canonical":"https:\/\/www.telaled.com\/it\/fabrica\/totem-led-vertical-serie-twc\/","og_locale":"it_IT","og_type":"article","og_title":"Totem LED Vertical S\u00e9rie TWC | Displays Digitais Atraentes para An\u00fancios Internos e Externos | TELALED","og_description":"Aprimore sua publicidade com um Totem LED Vertical S\u00e9rie TWC. Telas finas, m\u00f3veis e de alto brilho para shoppings, lojas e eventos. Solicite um or\u00e7amento hoje mesmo!","og_url":"https:\/\/www.telaled.com\/it\/fabrica\/totem-led-vertical-serie-twc\/","og_site_name":"TELALED","article_modified_time":"2026-01-06T08:56:07+00:00","og_image":[{"width":500,"height":500,"url":"https:\/\/www.telaled.com\/wp-content\/uploads\/2025\/09\/vertical-led-totem.webp","type":"image\/webp"}],"twitter_card":"summary_large_image","twitter_misc":{"Tempo di lettura stimato":"3 minuti"},"schema":{"@context":"https:\/\/schema.org","@graph":[{"@type":"WebPage","@id":"https:\/\/www.telaled.com\/fabrica\/totem-led-vertical-serie-twc\/","url":"https:\/\/www.telaled.com\/fabrica\/totem-led-vertical-serie-twc\/","name":"Totem LED verticali serie TWC | Display digitali accattivanti per pubblicit\u00e0 interna ed esterna | TELALED","isPartOf":{"@id":"https:\/\/www.telaled.com\/#website"},"primaryImageOfPage":{"@id":"https:\/\/www.telaled.com\/fabrica\/totem-led-vertical-serie-twc\/#primaryimage"},"image":{"@id":"https:\/\/www.telaled.com\/fabrica\/totem-led-vertical-serie-twc\/#primaryimage"},"thumbnailUrl":"https:\/\/www.telaled.com\/wp-content\/uploads\/2025\/09\/vertical-led-totem.webp","datePublished":"2025-09-29T06:06:11+00:00","dateModified":"2026-01-06T08:56:07+00:00","description":"Migliora la tua pubblicit\u00e0 con un totem LED verticale della serie TWC. Display sottili, mobili e ad alta luminosit\u00e0 per centri commerciali, negozi ed eventi. Richiedi un preventivo oggi stesso!","breadcrumb":{"@id":"https:\/\/www.telaled.com\/fabrica\/totem-led-vertical-serie-twc\/#breadcrumb"},"inLanguage":"it-IT","potentialAction":[{"@type":"ReadAction","target":["https:\/\/www.telaled.com\/fabrica\/totem-led-vertical-serie-twc\/"]}]},{"@type":"ImageObject","inLanguage":"it-IT","@id":"https:\/\/www.telaled.com\/fabrica\/totem-led-vertical-serie-twc\/#primaryimage","url":"https:\/\/www.telaled.com\/wp-content\/uploads\/2025\/09\/vertical-led-totem.webp","contentUrl":"https:\/\/www.telaled.com\/wp-content\/uploads\/2025\/09\/vertical-led-totem.webp","width":500,"height":500,"caption":"vertical-led-totem"},{"@type":"BreadcrumbList","@id":"https:\/\/www.telaled.com\/fabrica\/totem-led-vertical-serie-twc\/#breadcrumb","itemListElement":[{"@type":"ListItem","position":1,"name":"Home","item":"https:\/\/www.telaled.com\/"},{"@type":"ListItem","position":2,"name":"Produtos","item":"https:\/\/www.telaled.com\/shop\/"},{"@type":"ListItem","position":3,"name":"Totem LED Vertical S\u00e9rie TWC"}]},{"@type":"WebSite","@id":"https:\/\/www.telaled.com\/#website","url":"https:\/\/www.telaled.com\/","name":"schermo LED","description":"","potentialAction":[{"@type":"SearchAction","target":{"@type":"EntryPoint","urlTemplate":"https:\/\/www.telaled.com\/?s={search_term_string}"},"query-input":{"@type":"PropertyValueSpecification","valueRequired":true,"valueName":"search_term_string"}}],"inLanguage":"it-IT"}]}},"_links":{"self":[{"href":"https:\/\/www.telaled.com\/it\/wp-json\/wp\/v2\/product\/3624","targetHints":{"allow":["GET"]}}],"collection":[{"href":"https:\/\/www.telaled.com\/it\/wp-json\/wp\/v2\/product"}],"about":[{"href":"https:\/\/www.telaled.com\/it\/wp-json\/wp\/v2\/types\/product"}],"wp:featuredmedia":[{"embeddable":true,"href":"https:\/\/www.telaled.com\/it\/wp-json\/wp\/v2\/media\/3625"}],"wp:attachment":[{"href":"https:\/\/www.telaled.com\/it\/wp-json\/wp\/v2\/media?parent=3624"}],"wp:term":[{"taxonomy":"product_brand","embeddable":true,"href":"https:\/\/www.telaled.com\/it\/wp-json\/wp\/v2\/product_brand?post=3624"},{"taxonomy":"product_cat","embeddable":true,"href":"https:\/\/www.telaled.com\/it\/wp-json\/wp\/v2\/product_cat?post=3624"},{"taxonomy":"product_tag","embeddable":true,"href":"https:\/\/www.telaled.com\/it\/wp-json\/wp\/v2\/product_tag?post=3624"}],"curies":[{"name":"parola chiave","href":"https:\/\/api.w.org\/{rel}","templated":true}]}}