{"id":3349,"date":"2025-09-17T01:29:01","date_gmt":"2025-09-17T01:29:01","guid":{"rendered":"https:\/\/www.telaled.com\/?post_type=product&#038;p=3349"},"modified":"2026-01-06T02:20:16","modified_gmt":"2026-01-06T02:20:16","slug":"shelf-led-screen-serie-tcl","status":"publish","type":"product","link":"https:\/\/www.telaled.com\/it\/fabrica\/shelf-led-screen-serie-tcl\/","title":{"rendered":"Schermo LED da scaffale serie TCL"},"content":{"rendered":"<div class=\"row\"  id=\"row-286108556\">\n\n\t<div id=\"col-494199590\" class=\"col small-12 large-12\"  >\n\t\t\t\t<div class=\"col-inner\"  >\n\t\t\t\n\t\t\t\n<h2>Vantaggi esclusivi della serie di schermi LED TCL Shelf<\/h2>\n<h3><strong>Durata superiore<\/strong><\/h3>\n<ul>\n<li>Certificazione secondo gli standard CCC\/CE\/ETL\/FCC per sicurezza e affidabilit\u00e0.<\/li>\n<li>Funziona in un intervallo di temperatura da -10\u00b0C a 40\u00b0C con una tolleranza all&#039;umidit\u00e0 di 10-90%.<\/li>\n<li>Realizzato con robusti moduli LED progettati per un utilizzo a lungo termine.<\/li>\n<\/ul>\n<h3><strong>Qualit\u00e0 visiva eccezionale<\/strong><\/h3>\n<ul>\n<li><a href=\"https:\/\/www.telaled.com\/it\/fabrica\/painel-led-full-hd-da-serie-the\/\">Schermo Full HD<\/a> con colori nitidi e vivaci.<\/li>\n<li>Elevata luminosit\u00e0 di 800 cd\/m\u00b2 per una visibilit\u00e0 nitida.<\/li>\n<li>Angoli di visione ultra-ampi da 160\u00b0\/120\u00b0 per una nitidezza costante.<\/li>\n<li>Frequenza di aggiornamento di 3840 Hz per una riproduzione fluida e senza sfarfallio.<\/li>\n<\/ul>\n<h3><strong>Completa adattabilit\u00e0<\/strong><\/h3>\n<ul>\n<li>Commutazione orizzontale e verticale per layout di visualizzazione flessibili.<\/li>\n<li>Riproduzione automatica in loop per contenuti fluidi e senza intoppi.<\/li>\n<li>Connettivit\u00e0 senza interruzioni con opzioni WiFi, USB ed Ethernet.<\/li>\n<\/ul>\n<h3><strong>Supporto completo<\/strong><\/h3>\n<ul>\n<li>Supporto tecnico remoto 24 ore su 24, 7 giorni su 7: accedi all&#039;assistenza di esperti sempre e ovunque.<\/li>\n<li>5% di pezzi di ricambio inclusi: ogni ordine include componenti aggiuntivi per aumentare l&#039;affidabilit\u00e0 e garantire tranquillit\u00e0.<\/li>\n<li>Garanzia estesa di 3 anni: goditi una convergenza a lungo termine per prestazioni migliori e un servizio affidabile.<\/li>\n<\/ul>\n<h2>Dettagli del prodotto<\/h2>\n<div class=\"row\"  id=\"row-1079874153\">\n\n\t<div id=\"col-2143367762\" class=\"col medium-10 small-12 large-10\"  >\n\t\t\t\t<div class=\"col-inner text-left\"  >\n\t\t\t\n\t\t\t\n<ul>\n<li>Offre la massima semplicit\u00e0: passa istantaneamente dalla visualizzazione orizzontale a quella verticale grazie alla tecnologia di conversione intelligente che si adatta a qualsiasi configurazione. Uno schermo, pi\u00f9 applicazioni; progettato per soddisfare le tue esigenze senza compromessi.<\/li>\n<\/ul>\n\t<div class=\"img has-hover x md-x lg-x y md-y lg-y\" id=\"image_1717574837\">\n\t\t\t\t\t\t\t\t<div class=\"img-inner dark\" >\n\t\t\t<img loading=\"lazy\" decoding=\"async\" width=\"640\" height=\"430\" src=\"https:\/\/www.telaled.com\/wp-content\/uploads\/2025\/09\/Alternancia-horizontal-e-retrato.webp\" class=\"attachment-original size-original\" alt=\"Alternanza orizzontale e verticale\" srcset=\"https:\/\/www.telaled.com\/wp-content\/uploads\/2025\/09\/Alternancia-horizontal-e-retrato.webp 640w, https:\/\/www.telaled.com\/wp-content\/uploads\/2025\/09\/Alternancia-horizontal-e-retrato-300x202.webp 300w, https:\/\/www.telaled.com\/wp-content\/uploads\/2025\/09\/Alternancia-horizontal-e-retrato-18x12.webp 18w, https:\/\/www.telaled.com\/wp-content\/uploads\/2025\/09\/Alternancia-horizontal-e-retrato-600x403.webp 600w\" sizes=\"auto, (max-width: 640px) 100vw, 640px\" \/>\t\t\t\t\t\t\n\t\t\t\t\t<\/div>\n\t\t\t\t\t\t\t\t\n<style>\n#image_1717574837 {\n  width: 95%;\n}\n<\/style>\n\t<\/div>\n\t\n<ul>\n<li>Facilita la distribuzione dei contenuti grazie alla connettivit\u00e0 Wi-Fi e alla riproduzione automatica, riproducendo immagini, video e musica in loop continuo. Compatibile con file MP3, MP4, Flash, JPG, AVI, PDF, PPT e Word, garantisce la fluidit\u00e0 del messaggio in qualsiasi formato.<\/li>\n<\/ul>\n\t\t<\/div>\n\t\t\t\t\t<\/div>\n\n\t\n\n\t<div id=\"col-1737503207\" class=\"col medium-10 small-12 large-10\"  >\n\t\t\t\t<div class=\"col-inner text-left\"  >\n\t\t\t\n\t\t\t\n\t<div class=\"img has-hover x md-x lg-x y md-y lg-y\" id=\"image_387253418\">\n\t\t\t\t\t\t\t\t<div class=\"img-inner dark\" >\n\t\t\t<img loading=\"lazy\" decoding=\"async\" width=\"804\" height=\"494\" src=\"https:\/\/www.telaled.com\/wp-content\/uploads\/2025\/09\/Conectividade-perfeita.webp\" class=\"attachment-large size-large\" alt=\"\" srcset=\"https:\/\/www.telaled.com\/wp-content\/uploads\/2025\/09\/Conectividade-perfeita.webp 804w, https:\/\/www.telaled.com\/wp-content\/uploads\/2025\/09\/Conectividade-perfeita-300x184.webp 300w, https:\/\/www.telaled.com\/wp-content\/uploads\/2025\/09\/Conectividade-perfeita-768x472.webp 768w, https:\/\/www.telaled.com\/wp-content\/uploads\/2025\/09\/Conectividade-perfeita-18x12.webp 18w, https:\/\/www.telaled.com\/wp-content\/uploads\/2025\/09\/Conectividade-perfeita-600x369.webp 600w\" sizes=\"auto, (max-width: 804px) 100vw, 804px\" \/>\t\t\t\t\t\t\n\t\t\t\t\t<\/div>\n\t\t\t\t\t\t\t\t\n<style>\n#image_387253418 {\n  width: 95%;\n}\n<\/style>\n\t<\/div>\n\t\n<ul>\n<li>Offre immagini nitide in <a href=\"https:\/\/www.telaled.com\/it\/fabrica\/painel-de-led-hd-serie-tho\/\">Alta definizione<\/a>, Accesso remoto per un controllo semplice e un angolo di visione ultra-ampio che rimane nitido da ogni angolazione. Un timer integrato controlla le funzioni di accensione\/spegnimento programmate, mentre l&#039;elevata frequenza di aggiornamento mantiene la riproduzione fluida e senza sfarfallio.<\/li>\n<\/ul>\n\t<div class=\"img has-hover x md-x lg-x y md-y lg-y\" id=\"image_1464548110\">\n\t\t\t\t\t\t\t\t<div class=\"img-inner dark\" >\n\t\t\t<img loading=\"lazy\" decoding=\"async\" width=\"1020\" height=\"355\" src=\"https:\/\/www.telaled.com\/wp-content\/uploads\/2025\/09\/Recursos-avancados-1024x356.webp\" class=\"attachment-large size-large\" alt=\"Funzionalit\u00e0 avanzate\" srcset=\"https:\/\/www.telaled.com\/wp-content\/uploads\/2025\/09\/Recursos-avancados-1024x356.webp 1024w, https:\/\/www.telaled.com\/wp-content\/uploads\/2025\/09\/Recursos-avancados-300x104.webp 300w, https:\/\/www.telaled.com\/wp-content\/uploads\/2025\/09\/Recursos-avancados-768x267.webp 768w, https:\/\/www.telaled.com\/wp-content\/uploads\/2025\/09\/Recursos-avancados-18x6.webp 18w, https:\/\/www.telaled.com\/wp-content\/uploads\/2025\/09\/Recursos-avancados-600x208.webp 600w, https:\/\/www.telaled.com\/wp-content\/uploads\/2025\/09\/Recursos-avancados.webp 1440w\" sizes=\"auto, (max-width: 1020px) 100vw, 1020px\" \/>\t\t\t\t\t\t\n\t\t\t\t\t<\/div>\n\t\t\t\t\t\t\t\t\n<style>\n#image_1464548110 {\n  width: 95%;\n}\n<\/style>\n\t<\/div>\n\t\n\t\t<\/div>\n\t\t\t\t\t<\/div>\n\n\t\n\n\t<div id=\"col-1587303719\" class=\"col medium-10 small-12 large-10\"  >\n\t\t\t\t<div class=\"col-inner text-left\"  >\n\t\t\t\n\t\t\t\n<ul>\n<li>Mantieni i tuoi annunci fluidi con il looping automatico. Imposta intervalli personalizzati per controllare il flusso dei tuoi contenuti e mantenere le promozioni semplici, coerenti e coinvolgenti.<\/li>\n<\/ul>\n\t<div class=\"img has-hover x md-x lg-x y md-y lg-y\" id=\"image_165810533\">\n\t\t\t\t\t\t\t\t<div class=\"img-inner dark\" >\n\t\t\t<img loading=\"lazy\" decoding=\"async\" width=\"1020\" height=\"345\" src=\"https:\/\/www.telaled.com\/wp-content\/uploads\/2025\/09\/Reproducao-Automatica-de-Loop-1024x346.webp\" class=\"attachment-large size-large\" alt=\"\" srcset=\"https:\/\/www.telaled.com\/wp-content\/uploads\/2025\/09\/Reproducao-Automatica-de-Loop-1024x346.webp 1024w, https:\/\/www.telaled.com\/wp-content\/uploads\/2025\/09\/Reproducao-Automatica-de-Loop-300x101.webp 300w, https:\/\/www.telaled.com\/wp-content\/uploads\/2025\/09\/Reproducao-Automatica-de-Loop-768x259.webp 768w, https:\/\/www.telaled.com\/wp-content\/uploads\/2025\/09\/Reproducao-Automatica-de-Loop-18x6.webp 18w, https:\/\/www.telaled.com\/wp-content\/uploads\/2025\/09\/Reproducao-Automatica-de-Loop-600x203.webp 600w, https:\/\/www.telaled.com\/wp-content\/uploads\/2025\/09\/Reproducao-Automatica-de-Loop.webp 1184w\" sizes=\"auto, (max-width: 1020px) 100vw, 1020px\" \/>\t\t\t\t\t\t\n\t\t\t\t\t<\/div>\n\t\t\t\t\t\t\t\t\n<style>\n#image_165810533 {\n  width: 95%;\n}\n<\/style>\n\t<\/div>\n\t\n<ul>\n<li>I nostri schermi LED da scaffale della serie TCL sono imballati in casse di legno rinforzate per proteggerli durante il trasporto. Ogni unit\u00e0 \u00e8 imballata in modo sicuro per prevenire danni causati da parassiti, urti e altri pericoli. Questo garantisce durata e consegna sicura.<\/li>\n<\/ul>\n\t<div class=\"img has-hover x md-x lg-x y md-y lg-y\" id=\"image_1310767106\">\n\t\t\t\t\t\t\t\t<div class=\"img-inner dark\" >\n\t\t\t<img loading=\"lazy\" decoding=\"async\" width=\"760\" height=\"1024\" src=\"https:\/\/www.telaled.com\/wp-content\/uploads\/2025\/08\/36123f2c-de60-488d-af81-255cd4aee54a-760x1024.webp\" class=\"attachment-large size-large\" alt=\"\" srcset=\"https:\/\/www.telaled.com\/wp-content\/uploads\/2025\/08\/36123f2c-de60-488d-af81-255cd4aee54a-760x1024.webp 760w, https:\/\/www.telaled.com\/wp-content\/uploads\/2025\/08\/36123f2c-de60-488d-af81-255cd4aee54a-223x300.webp 223w, https:\/\/www.telaled.com\/wp-content\/uploads\/2025\/08\/36123f2c-de60-488d-af81-255cd4aee54a-768x1035.webp 768w, https:\/\/www.telaled.com\/wp-content\/uploads\/2025\/08\/36123f2c-de60-488d-af81-255cd4aee54a-9x12.webp 9w, https:\/\/www.telaled.com\/wp-content\/uploads\/2025\/08\/36123f2c-de60-488d-af81-255cd4aee54a-600x808.webp 600w, https:\/\/www.telaled.com\/wp-content\/uploads\/2025\/08\/36123f2c-de60-488d-af81-255cd4aee54a.webp 795w\" sizes=\"auto, (max-width: 760px) 100vw, 760px\" \/>\t\t\t\t\t\t\n\t\t\t\t\t<\/div>\n\t\t\t\t\t\t\t\t\n<style>\n#image_1310767106 {\n  width: 95%;\n}\n<\/style>\n\t<\/div>\n\t\n\n<table id=\"tablepress-79\" class=\"tablepress tablepress-id-79\">\n<thead>\n<tr class=\"row-1\">\n\t<th class=\"column-1\">Passo pixel (mm)<\/th><th class=\"column-2\">P1,2 mm<\/th><th class=\"column-3\">P1,5 mm<\/th><th class=\"column-4\">P1.875mm<\/th>\n<\/tr>\n<\/thead>\n<tbody class=\"row-striping row-hover\">\n<tr class=\"row-2\">\n\t<td class=\"column-1\">Angolo di visione (H\/V)<\/td><td class=\"column-2\">160\u00b0\/120\u00b0<\/td><td class=\"column-3\">160\u00b0\/120\u00b0<\/td><td class=\"column-4\">160\u00b0\/120\u00b0<\/td>\n<\/tr>\n<tr class=\"row-3\">\n\t<td class=\"column-1\">Luminosit\u00e0 (cd\/m\u00b2)<\/td><td class=\"column-2\">800<\/td><td class=\"column-3\">800<\/td><td class=\"column-4\">800<\/td>\n<\/tr>\n<tr class=\"row-4\">\n\t<td class=\"column-1\">Frequenza di aggiornamento (Hz)<\/td><td class=\"column-2\">>3840<\/td><td class=\"column-3\">>3840<\/td><td class=\"column-4\">>3840<\/td>\n<\/tr>\n<tr class=\"row-5\">\n\t<td class=\"column-1\">Distanza di visione ottimizzata (m)<\/td><td class=\"column-2\">1~10<\/td><td class=\"column-3\">1~10<\/td><td class=\"column-4\">1~10<\/td>\n<\/tr>\n<tr class=\"row-6\">\n\t<td class=\"column-1\">Tensione di ingresso<\/td><td class=\"column-2\">AC110V o AC220V+10\/60Hz<\/td><td class=\"column-3\"><\/td><td class=\"column-4\"><\/td>\n<\/tr>\n<tr class=\"row-7\">\n\t<td class=\"column-1\">Interfaccia di input<\/td><td class=\"column-2\">Ethernet\/USB\/Wi-Fi<\/td><td class=\"column-3\">Ethernet\/USB\/Wi-Fi<\/td><td class=\"column-4\">Ethernet\/USB\/Wi-Fi<\/td>\n<\/tr>\n<tr class=\"row-8\">\n\t<td class=\"column-1\">Dimensioni del modulo in pixel (LxA)<\/td><td class=\"column-2\">250x50<\/td><td class=\"column-3\">200x40<\/td><td class=\"column-4\">160x32<\/td>\n<\/tr>\n<tr class=\"row-9\">\n\t<td class=\"column-1\">Dimensioni del modulo in mm (LxA)<\/td><td class=\"column-2\">300x60mm<\/td><td class=\"column-3\">300x60mm<\/td><td class=\"column-4\">300x60mm<\/td>\n<\/tr>\n<tr class=\"row-10\">\n\t<td class=\"column-1\">Grado di protezione IP<\/td><td class=\"column-2\">IP40<\/td><td class=\"column-3\">IP40<\/td><td class=\"column-4\">IP40<\/td>\n<\/tr>\n<tr class=\"row-11\">\n\t<td class=\"column-1\">Manutenzione<\/td><td class=\"column-2\">Posteriore<\/td><td class=\"column-3\">Posteriore<\/td><td class=\"column-4\">Posteriore<\/td>\n<\/tr>\n<tr class=\"row-12\">\n\t<td class=\"column-1\">Temperatura\/umidit\u00e0 di esercizio per la manutenzione (\u2103\/RH)<\/td><td class=\"column-2\">-10*C-40*C\/10-90RH%<\/td><td class=\"column-3\">-10*C-40*C\/10-90RH%<\/td><td class=\"column-4\">-10*C-40*C\/10-90RH%<\/td>\n<\/tr>\n<tr class=\"row-13\">\n\t<td class=\"column-1\">Certificazione<\/td><td class=\"column-2\">CCC\/CE\/ETL\/FCC<\/td><td class=\"column-3\">CCC\/CE\/ETL\/FCC<\/td><td class=\"column-4\">CCC\/CE\/ETL\/FCC<\/td>\n<\/tr>\n<\/tbody>\n<\/table>\n\n\t\t<\/div>\n\t\t\t\t\t<\/div>\n\n\t\n<\/div>\n\t\t<\/div>\n\t\t\t\t\t<\/div>\n\n\t\n<\/div>","protected":false},"excerpt":{"rendered":"<p><strong>Schermo LED da scaffale della serie TCL: espositore innovativo per la vendita al dettaglio<\/strong><\/p>\n<p>Un espositore meccanico progettato per spazi commerciali. Con opzioni per <a href=\"https:\/\/www.telaled.com\/it\/pixel-pitch\/\">passo dei pixel<\/a> Modulo compatto personalizzabile da 300\u00d760 mm e commutazione intelligente tra modalit\u00e0 orizzontale e verticale.<\/p>\n<p><strong>Caratteristiche principali:<\/strong><\/p>\n<ul>\n<li><strong>Pixel pitch personalizzabile<\/strong>Disponibili in 1,2 mm, 1,5 mm e 1,85 mm per immagini chiare e nitide.<\/li>\n<li><strong>Dimensioni compatte del modulo:<\/strong> Il design da 300\u00d760 mm lo rende adattabile a diverse disposizioni degli scaffali.<\/li>\n<li><strong>Commutazione orizzontale e verticale:<\/strong> La tecnologia intelligente consente rapidi adattamenti tra i layout.<\/li>\n<li><strong>Design innovativo e intelligente:<\/strong> Una soluzione espositiva moderna che valorizza l&#039;aspetto degli ambienti di vendita al dettaglio.<\/li>\n<\/ul>\n<p>Il nostro team offre supporto remoto 24 ore su 24, 7 giorni su 7 e una garanzia di 3 anni. Contattaci oggi stesso per un preventivo personalizzato.<\/p>","protected":false},"featured_media":3350,"template":"","meta":[],"product_brand":[],"product_cat":[48,40],"product_tag":[],"class_list":{"0":"post-3349","1":"product","2":"type-product","3":"status-publish","4":"has-post-thumbnail","6":"product_cat-paineis-personalizados","7":"product_cat-painel-de-led","9":"first","10":"instock","11":"shipping-taxable","12":"product-type-simple"},"yoast_head":"<!-- This site is optimized with the Yoast SEO plugin v27.5 - https:\/\/yoast.com\/product\/yoast-seo-wordpress\/ -->\n<title>Shelf LED Screen S\u00e9rie TCL | Tela LED Personalizada para Varejo | TELALED<\/title>\n<meta name=\"description\" content=\"Nossa Shelf LED Screen S\u00e9rie TCL oferece altern\u00e2ncia inovadora entre horizontal e vertical, design fino e pixel pitch personaliz\u00e1vel. Perfeita para prateleiras de varejo e solu\u00e7\u00f5es de display inteligente. Entre em contato para obter pre\u00e7os de atacado.\" \/>\n<meta name=\"robots\" content=\"index, follow, max-snippet:-1, max-image-preview:large, max-video-preview:-1\" \/>\n<link rel=\"canonical\" href=\"https:\/\/www.telaled.com\/it\/fabrica\/shelf-led-screen-serie-tcl\/\" \/>\n<meta property=\"og:locale\" content=\"it_IT\" \/>\n<meta property=\"og:type\" content=\"article\" \/>\n<meta property=\"og:title\" content=\"Shelf LED Screen S\u00e9rie TCL | Tela LED Personalizada para Varejo | TELALED\" \/>\n<meta property=\"og:description\" content=\"Nossa Shelf LED Screen S\u00e9rie TCL oferece altern\u00e2ncia inovadora entre horizontal e vertical, design fino e pixel pitch personaliz\u00e1vel. Perfeita para prateleiras de varejo e solu\u00e7\u00f5es de display inteligente. Entre em contato para obter pre\u00e7os de atacado.\" \/>\n<meta property=\"og:url\" content=\"https:\/\/www.telaled.com\/it\/fabrica\/shelf-led-screen-serie-tcl\/\" \/>\n<meta property=\"og:site_name\" content=\"TELALED\" \/>\n<meta property=\"article:modified_time\" content=\"2026-01-06T02:20:16+00:00\" \/>\n<meta property=\"og:image\" content=\"https:\/\/www.telaled.com\/wp-content\/uploads\/2025\/09\/Shelf-LED-Screen-Serie-TCL.webp\" \/>\n\t<meta property=\"og:image:width\" content=\"500\" \/>\n\t<meta property=\"og:image:height\" content=\"500\" \/>\n\t<meta property=\"og:image:type\" content=\"image\/webp\" \/>\n<meta name=\"twitter:card\" content=\"summary_large_image\" \/>\n<meta name=\"twitter:label1\" content=\"Tempo di lettura stimato\" \/>\n\t<meta name=\"twitter:data1\" content=\"3 minuti\" \/>\n<script type=\"application\/ld+json\" class=\"yoast-schema-graph\">{\"@context\":\"https:\\\/\\\/schema.org\",\"@graph\":[{\"@type\":\"WebPage\",\"@id\":\"https:\\\/\\\/www.telaled.com\\\/fabrica\\\/shelf-led-screen-serie-tcl\\\/\",\"url\":\"https:\\\/\\\/www.telaled.com\\\/fabrica\\\/shelf-led-screen-serie-tcl\\\/\",\"name\":\"Shelf LED Screen S\u00e9rie TCL | Tela LED Personalizada para Varejo | TELALED\",\"isPartOf\":{\"@id\":\"https:\\\/\\\/www.telaled.com\\\/#website\"},\"primaryImageOfPage\":{\"@id\":\"https:\\\/\\\/www.telaled.com\\\/fabrica\\\/shelf-led-screen-serie-tcl\\\/#primaryimage\"},\"image\":{\"@id\":\"https:\\\/\\\/www.telaled.com\\\/fabrica\\\/shelf-led-screen-serie-tcl\\\/#primaryimage\"},\"thumbnailUrl\":\"https:\\\/\\\/www.telaled.com\\\/wp-content\\\/uploads\\\/2025\\\/09\\\/Shelf-LED-Screen-Serie-TCL.webp\",\"datePublished\":\"2025-09-17T01:29:01+00:00\",\"dateModified\":\"2026-01-06T02:20:16+00:00\",\"description\":\"Nossa Shelf LED Screen S\u00e9rie TCL oferece altern\u00e2ncia inovadora entre horizontal e vertical, design fino e pixel pitch personaliz\u00e1vel. Perfeita para prateleiras de varejo e solu\u00e7\u00f5es de display inteligente. Entre em contato para obter pre\u00e7os de atacado.\",\"breadcrumb\":{\"@id\":\"https:\\\/\\\/www.telaled.com\\\/fabrica\\\/shelf-led-screen-serie-tcl\\\/#breadcrumb\"},\"inLanguage\":\"it-IT\",\"potentialAction\":[{\"@type\":\"ReadAction\",\"target\":[\"https:\\\/\\\/www.telaled.com\\\/fabrica\\\/shelf-led-screen-serie-tcl\\\/\"]}]},{\"@type\":\"ImageObject\",\"inLanguage\":\"it-IT\",\"@id\":\"https:\\\/\\\/www.telaled.com\\\/fabrica\\\/shelf-led-screen-serie-tcl\\\/#primaryimage\",\"url\":\"https:\\\/\\\/www.telaled.com\\\/wp-content\\\/uploads\\\/2025\\\/09\\\/Shelf-LED-Screen-Serie-TCL.webp\",\"contentUrl\":\"https:\\\/\\\/www.telaled.com\\\/wp-content\\\/uploads\\\/2025\\\/09\\\/Shelf-LED-Screen-Serie-TCL.webp\",\"width\":500,\"height\":500,\"caption\":\"Shelf-LED-Screen-S\u00e9rie-TCL\"},{\"@type\":\"BreadcrumbList\",\"@id\":\"https:\\\/\\\/www.telaled.com\\\/fabrica\\\/shelf-led-screen-serie-tcl\\\/#breadcrumb\",\"itemListElement\":[{\"@type\":\"ListItem\",\"position\":1,\"name\":\"Home\",\"item\":\"https:\\\/\\\/www.telaled.com\\\/\"},{\"@type\":\"ListItem\",\"position\":2,\"name\":\"Produtos\",\"item\":\"https:\\\/\\\/www.telaled.com\\\/shop\\\/\"},{\"@type\":\"ListItem\",\"position\":3,\"name\":\"Shelf LED Screen S\u00e9rie TCL\"}]},{\"@type\":\"WebSite\",\"@id\":\"https:\\\/\\\/www.telaled.com\\\/#website\",\"url\":\"https:\\\/\\\/www.telaled.com\\\/\",\"name\":\"TELALED\",\"description\":\"\",\"potentialAction\":[{\"@type\":\"SearchAction\",\"target\":{\"@type\":\"EntryPoint\",\"urlTemplate\":\"https:\\\/\\\/www.telaled.com\\\/?s={search_term_string}\"},\"query-input\":{\"@type\":\"PropertyValueSpecification\",\"valueRequired\":true,\"valueName\":\"search_term_string\"}}],\"inLanguage\":\"it-IT\"}]}<\/script>\n<!-- \/ Yoast SEO plugin. -->","yoast_head_json":{"title":"Schermo LED da scaffale serie TCL | Schermo LED personalizzato per la vendita al dettaglio | TELALED","description":"La nostra serie di schermi LED TCL Shelf offre un&#039;innovativa commutazione orizzontale e verticale, un design sottile e un pixel pitch personalizzabile. Perfetta per scaffali di negozi e soluzioni di visualizzazione intelligenti. Contattateci per i prezzi all&#039;ingrosso.","robots":{"index":"index","follow":"follow","max-snippet":"max-snippet:-1","max-image-preview":"max-image-preview:large","max-video-preview":"max-video-preview:-1"},"canonical":"https:\/\/www.telaled.com\/it\/fabrica\/shelf-led-screen-serie-tcl\/","og_locale":"it_IT","og_type":"article","og_title":"Shelf LED Screen S\u00e9rie TCL | Tela LED Personalizada para Varejo | TELALED","og_description":"Nossa Shelf LED Screen S\u00e9rie TCL oferece altern\u00e2ncia inovadora entre horizontal e vertical, design fino e pixel pitch personaliz\u00e1vel. Perfeita para prateleiras de varejo e solu\u00e7\u00f5es de display inteligente. Entre em contato para obter pre\u00e7os de atacado.","og_url":"https:\/\/www.telaled.com\/it\/fabrica\/shelf-led-screen-serie-tcl\/","og_site_name":"TELALED","article_modified_time":"2026-01-06T02:20:16+00:00","og_image":[{"width":500,"height":500,"url":"https:\/\/www.telaled.com\/wp-content\/uploads\/2025\/09\/Shelf-LED-Screen-Serie-TCL.webp","type":"image\/webp"}],"twitter_card":"summary_large_image","twitter_misc":{"Tempo di lettura stimato":"3 minuti"},"schema":{"@context":"https:\/\/schema.org","@graph":[{"@type":"WebPage","@id":"https:\/\/www.telaled.com\/fabrica\/shelf-led-screen-serie-tcl\/","url":"https:\/\/www.telaled.com\/fabrica\/shelf-led-screen-serie-tcl\/","name":"Schermo LED da scaffale serie TCL | Schermo LED personalizzato per la vendita al dettaglio | TELALED","isPartOf":{"@id":"https:\/\/www.telaled.com\/#website"},"primaryImageOfPage":{"@id":"https:\/\/www.telaled.com\/fabrica\/shelf-led-screen-serie-tcl\/#primaryimage"},"image":{"@id":"https:\/\/www.telaled.com\/fabrica\/shelf-led-screen-serie-tcl\/#primaryimage"},"thumbnailUrl":"https:\/\/www.telaled.com\/wp-content\/uploads\/2025\/09\/Shelf-LED-Screen-Serie-TCL.webp","datePublished":"2025-09-17T01:29:01+00:00","dateModified":"2026-01-06T02:20:16+00:00","description":"La nostra serie di schermi LED TCL Shelf offre un&#039;innovativa commutazione orizzontale e verticale, un design sottile e un pixel pitch personalizzabile. Perfetta per scaffali di negozi e soluzioni di visualizzazione intelligenti. Contattateci per i prezzi all&#039;ingrosso.","breadcrumb":{"@id":"https:\/\/www.telaled.com\/fabrica\/shelf-led-screen-serie-tcl\/#breadcrumb"},"inLanguage":"it-IT","potentialAction":[{"@type":"ReadAction","target":["https:\/\/www.telaled.com\/fabrica\/shelf-led-screen-serie-tcl\/"]}]},{"@type":"ImageObject","inLanguage":"it-IT","@id":"https:\/\/www.telaled.com\/fabrica\/shelf-led-screen-serie-tcl\/#primaryimage","url":"https:\/\/www.telaled.com\/wp-content\/uploads\/2025\/09\/Shelf-LED-Screen-Serie-TCL.webp","contentUrl":"https:\/\/www.telaled.com\/wp-content\/uploads\/2025\/09\/Shelf-LED-Screen-Serie-TCL.webp","width":500,"height":500,"caption":"Shelf-LED-Screen-S\u00e9rie-TCL"},{"@type":"BreadcrumbList","@id":"https:\/\/www.telaled.com\/fabrica\/shelf-led-screen-serie-tcl\/#breadcrumb","itemListElement":[{"@type":"ListItem","position":1,"name":"Home","item":"https:\/\/www.telaled.com\/"},{"@type":"ListItem","position":2,"name":"Produtos","item":"https:\/\/www.telaled.com\/shop\/"},{"@type":"ListItem","position":3,"name":"Shelf LED Screen S\u00e9rie TCL"}]},{"@type":"WebSite","@id":"https:\/\/www.telaled.com\/#website","url":"https:\/\/www.telaled.com\/","name":"schermo LED","description":"","potentialAction":[{"@type":"SearchAction","target":{"@type":"EntryPoint","urlTemplate":"https:\/\/www.telaled.com\/?s={search_term_string}"},"query-input":{"@type":"PropertyValueSpecification","valueRequired":true,"valueName":"search_term_string"}}],"inLanguage":"it-IT"}]}},"_links":{"self":[{"href":"https:\/\/www.telaled.com\/it\/wp-json\/wp\/v2\/product\/3349","targetHints":{"allow":["GET"]}}],"collection":[{"href":"https:\/\/www.telaled.com\/it\/wp-json\/wp\/v2\/product"}],"about":[{"href":"https:\/\/www.telaled.com\/it\/wp-json\/wp\/v2\/types\/product"}],"wp:featuredmedia":[{"embeddable":true,"href":"https:\/\/www.telaled.com\/it\/wp-json\/wp\/v2\/media\/3350"}],"wp:attachment":[{"href":"https:\/\/www.telaled.com\/it\/wp-json\/wp\/v2\/media?parent=3349"}],"wp:term":[{"taxonomy":"product_brand","embeddable":true,"href":"https:\/\/www.telaled.com\/it\/wp-json\/wp\/v2\/product_brand?post=3349"},{"taxonomy":"product_cat","embeddable":true,"href":"https:\/\/www.telaled.com\/it\/wp-json\/wp\/v2\/product_cat?post=3349"},{"taxonomy":"product_tag","embeddable":true,"href":"https:\/\/www.telaled.com\/it\/wp-json\/wp\/v2\/product_tag?post=3349"}],"curies":[{"name":"parola chiave","href":"https:\/\/api.w.org\/{rel}","templated":true}]}}