{"id":3262,"date":"2025-09-08T08:40:22","date_gmt":"2025-09-08T08:40:22","guid":{"rendered":"https:\/\/www.telaled.com\/?post_type=product&#038;p=3262"},"modified":"2026-01-06T00:37:31","modified_gmt":"2026-01-06T00:37:31","slug":"circular-led-display-serie-tcf","status":"publish","type":"product","link":"https:\/\/www.telaled.com\/it\/fabrica\/circular-led-display-serie-tcf\/","title":{"rendered":"Display LED circolare serie TCF"},"content":{"rendered":"<div class=\"row\"  id=\"row-1381473966\">\n\n\t<div id=\"col-442718157\" class=\"col small-12 large-12\"  >\n\t\t\t\t<div class=\"col-inner\"  >\n\t\t\t\n\t\t\t\n<h2>Vantaggi unici del display LED circolare serie TCF<\/h2>\n<h3><strong>Durata superiore<\/strong><\/h3>\n<ul>\n<li>Telaio in alluminio rivettato ad alta precisione per garantire resistenza e stabilit\u00e0.<\/li>\n<li>Leggero e robusto, garantisce prestazioni durature.<\/li>\n<li>Resistente alle intemperie, in grado di sopportare condizioni ambientali difficili.<\/li>\n<li>Progettato per uso interno ed esterno.<\/li>\n<\/ul>\n<h3><strong>Qualit\u00e0 visiva eccezionale<\/strong><\/h3>\n<ul>\n<li>Elevata frequenza di aggiornamento (fino a 3849 Hz) per immagini fluide e senza sfarfallio.<\/li>\n<li>Pixel pitch personalizzabile per una risoluzione cristallina.<\/li>\n<li>Elevata luminosit\u00e0 (1200 cd\/m\u00b2) per display nitidi e accattivanti.<\/li>\n<li>Contrasto cromatico e scala di grigi eccellenti per immagini realistiche.<\/li>\n<\/ul>\n<h3><strong>Completa adattabilit\u00e0<\/strong><\/h3>\n<ul>\n<li>Opzioni di dimensioni personalizzabili: 1 m, 1,3 m, 1,5 m, 1,6 m, 2 m, 2,5 m e 3 m di diametro.<\/li>\n<li>Disponibile in configurazioni monofacciali o bifacciali.<\/li>\n<li>Molteplici metodi di controllo: Wi-Fi, USB, 4G e altro ancora.<\/li>\n<li>Integrazione perfetta in diversi ambienti, dal commercio al dettaglio agli ambienti organizzativi. <a href=\"https:\/\/www.telaled.com\/it\/telao-de-led-para-eventos\/\">eventi<\/a>.<\/li>\n<\/ul>\n<h3><strong>Supporto completo<\/strong><\/h3>\n<ul>\n<li>Supporto tecnico remoto 24 ore su 24, 7 giorni su 7: accedi all&#039;assistenza di esperti sempre e ovunque.<\/li>\n<li>5% di pezzi di ricambio inclusi: ogni ordine include componenti aggiuntivi per aumentare l&#039;affidabilit\u00e0 e garantire tranquillit\u00e0.<\/li>\n<li>Garanzia estesa di 3 anni: goditi una convergenza a lungo termine per prestazioni migliori e un servizio affidabile.<\/li>\n<\/ul>\n<h2>Dettagli del prodotto<\/h2>\n<div class=\"row\"  id=\"row-122600248\">\n\n\t<div id=\"col-365880147\" class=\"col medium-10 small-12 large-10\"  >\n\t\t\t\t<div class=\"col-inner text-left\"  >\n\t\t\t\n\t\t\t\n<ul>\n<li>Progettati per garantire impatto e flessibilit\u00e0. Offriamo opzioni a una o due dimensioni, con diametri che vanno da 1 m a 3 m, offrendo la dimensione ideale per qualsiasi spazio. Questi display supportano diversi metodi di controllo, tra cui LAN, Wi-Fi, 4G e USB, con un semplice funzionamento plug-and-play.<\/li>\n<\/ul>\n\t<div class=\"img has-hover x md-x lg-x y md-y lg-y\" id=\"image_675759598\">\n\t\t\t\t\t\t\t\t<div class=\"img-inner dark\" >\n\t\t\t<img loading=\"lazy\" decoding=\"async\" width=\"1000\" height=\"720\" src=\"https:\/\/www.telaled.com\/wp-content\/uploads\/2025\/09\/Vista-Estrutural-Simples-e-Dupla-Face.webp\" class=\"attachment-original size-original\" alt=\"Vista strutturale mono e bifacciale\" srcset=\"https:\/\/www.telaled.com\/wp-content\/uploads\/2025\/09\/Vista-Estrutural-Simples-e-Dupla-Face.webp 1000w, https:\/\/www.telaled.com\/wp-content\/uploads\/2025\/09\/Vista-Estrutural-Simples-e-Dupla-Face-300x216.webp 300w, https:\/\/www.telaled.com\/wp-content\/uploads\/2025\/09\/Vista-Estrutural-Simples-e-Dupla-Face-768x553.webp 768w, https:\/\/www.telaled.com\/wp-content\/uploads\/2025\/09\/Vista-Estrutural-Simples-e-Dupla-Face-18x12.webp 18w, https:\/\/www.telaled.com\/wp-content\/uploads\/2025\/09\/Vista-Estrutural-Simples-e-Dupla-Face-600x432.webp 600w\" sizes=\"auto, (max-width: 1000px) 100vw, 1000px\" \/>\t\t\t\t\t\t\n\t\t\t\t\t<\/div>\n\t\t\t\t\t\t\t\t\n<style>\n#image_675759598 {\n  width: 95%;\n}\n<\/style>\n\t<\/div>\n\t\n<ul>\n<li>Il nostro sistema supporta la connettivit\u00e0 RJ45 e il controllo remoto tramite Wi-Fi o 4G. Che si tratti di un dispositivo mobile, un laptop o un PC, puoi caricare contenuti in modo rapido e semplice, offrendo una soluzione altamente flessibile ed efficiente per le tue esigenze aziendali.<\/li>\n<\/ul>\n\t\t<\/div>\n\t\t\t\t\t<\/div>\n\n\t\n\n\t<div id=\"col-929647524\" class=\"col medium-10 small-12 large-10\"  >\n\t\t\t\t<div class=\"col-inner text-left\"  >\n\t\t\t\n\t\t\t\n\t<div class=\"img has-hover x md-x lg-x y md-y lg-y\" id=\"image_208201835\">\n\t\t\t\t\t\t\t\t<div class=\"img-inner dark\" >\n\t\t\t<img loading=\"lazy\" decoding=\"async\" width=\"838\" height=\"499\" src=\"https:\/\/www.telaled.com\/wp-content\/uploads\/2025\/09\/Controle-remoto-de-rede.webp\" class=\"attachment-large size-large\" alt=\"\" srcset=\"https:\/\/www.telaled.com\/wp-content\/uploads\/2025\/09\/Controle-remoto-de-rede.webp 838w, https:\/\/www.telaled.com\/wp-content\/uploads\/2025\/09\/Controle-remoto-de-rede-300x179.webp 300w, https:\/\/www.telaled.com\/wp-content\/uploads\/2025\/09\/Controle-remoto-de-rede-768x457.webp 768w, https:\/\/www.telaled.com\/wp-content\/uploads\/2025\/09\/Controle-remoto-de-rede-18x12.webp 18w, https:\/\/www.telaled.com\/wp-content\/uploads\/2025\/09\/Controle-remoto-de-rede-600x357.webp 600w\" sizes=\"auto, (max-width: 838px) 100vw, 838px\" \/>\t\t\t\t\t\t\n\t\t\t\t\t<\/div>\n\t\t\t\t\t\t\t\t\n<style>\n#image_208201835 {\n  width: 95%;\n}\n<\/style>\n\t<\/div>\n\t\n<ul>\n<li>I display LED circolari possono essere installati in vari modi per adattarsi a diversi spazi. Montati su <a href=\"https:\/\/www.telaled.com\/it\/painel-led-parede\/\">parete<\/a> A<a href=\"https:\/\/www.telaled.com\/it\/painel-de-led-para-loja\/\"> negozi<\/a> e uffici, appesi a ganci o cavi per hall ed eventi, fissati al soffitto rivolti verso il basso negli spazi commerciali, montati su un supporto per la regolazione dell&#039;altezza e dell&#039;angolazione negli ambienti di vendita al dettaglio e fissati a terra per aree aperte come piazze e patii.<\/li>\n<\/ul>\n\t<div class=\"img has-hover x md-x lg-x y md-y lg-y\" id=\"image_1274533145\">\n\t\t\t\t\t\t\t\t<div class=\"img-inner dark\" >\n\t\t\t<img loading=\"lazy\" decoding=\"async\" width=\"838\" height=\"499\" src=\"https:\/\/www.telaled.com\/wp-content\/uploads\/2025\/09\/Formas-de-instalacao-do-display-LED-circular.webp\" class=\"attachment-large size-large\" alt=\"Metodi di installazione del display LED circolare\" srcset=\"https:\/\/www.telaled.com\/wp-content\/uploads\/2025\/09\/Formas-de-instalacao-do-display-LED-circular.webp 838w, https:\/\/www.telaled.com\/wp-content\/uploads\/2025\/09\/Formas-de-instalacao-do-display-LED-circular-300x179.webp 300w, https:\/\/www.telaled.com\/wp-content\/uploads\/2025\/09\/Formas-de-instalacao-do-display-LED-circular-768x457.webp 768w, https:\/\/www.telaled.com\/wp-content\/uploads\/2025\/09\/Formas-de-instalacao-do-display-LED-circular-18x12.webp 18w, https:\/\/www.telaled.com\/wp-content\/uploads\/2025\/09\/Formas-de-instalacao-do-display-LED-circular-600x357.webp 600w\" sizes=\"auto, (max-width: 838px) 100vw, 838px\" \/>\t\t\t\t\t\t\n\t\t\t\t\t<\/div>\n\t\t\t\t\t\t\t\t\n<style>\n#image_1274533145 {\n  width: 95%;\n}\n<\/style>\n\t<\/div>\n\t\n\t\t<\/div>\n\t\t\t\t\t<\/div>\n\n\t\n\n\t<div id=\"col-737061598\" class=\"col medium-10 small-12 large-10\"  >\n\t\t\t\t<div class=\"col-inner text-left\"  >\n\t\t\t\n\t\t\t\n<ul>\n<li>I nostri display LED circolari sono imballati in casse di legno rinforzate per proteggerli durante la spedizione. Ogni unit\u00e0 \u00e8 imballata in modo sicuro per prevenire danni causati da parassiti, urti e altri pericoli. Questo garantisce durata e consegna sicura.<\/li>\n<\/ul>\n\t<div class=\"img has-hover x md-x lg-x y md-y lg-y\" id=\"image_149649607\">\n\t\t\t\t\t\t\t\t<div class=\"img-inner dark\" >\n\t\t\t<img loading=\"lazy\" decoding=\"async\" width=\"760\" height=\"1024\" src=\"https:\/\/www.telaled.com\/wp-content\/uploads\/2025\/08\/36123f2c-de60-488d-af81-255cd4aee54a-760x1024.webp\" class=\"attachment-large size-large\" alt=\"\" srcset=\"https:\/\/www.telaled.com\/wp-content\/uploads\/2025\/08\/36123f2c-de60-488d-af81-255cd4aee54a-760x1024.webp 760w, https:\/\/www.telaled.com\/wp-content\/uploads\/2025\/08\/36123f2c-de60-488d-af81-255cd4aee54a-223x300.webp 223w, https:\/\/www.telaled.com\/wp-content\/uploads\/2025\/08\/36123f2c-de60-488d-af81-255cd4aee54a-768x1035.webp 768w, https:\/\/www.telaled.com\/wp-content\/uploads\/2025\/08\/36123f2c-de60-488d-af81-255cd4aee54a-9x12.webp 9w, https:\/\/www.telaled.com\/wp-content\/uploads\/2025\/08\/36123f2c-de60-488d-af81-255cd4aee54a-600x808.webp 600w, https:\/\/www.telaled.com\/wp-content\/uploads\/2025\/08\/36123f2c-de60-488d-af81-255cd4aee54a.webp 795w\" sizes=\"auto, (max-width: 760px) 100vw, 760px\" \/>\t\t\t\t\t\t\n\t\t\t\t\t<\/div>\n\t\t\t\t\t\t\t\t\n<style>\n#image_149649607 {\n  width: 95%;\n}\n<\/style>\n\t<\/div>\n\t\n\n<table id=\"tablepress-31\" class=\"tablepress tablepress-id-31\">\n<thead>\n<tr class=\"row-1\">\n\t<th class=\"column-1\">Specifiche:<\/th><th class=\"column-2\">TCF-P2.5-S840<\/th>\n<\/tr>\n<\/thead>\n<tbody class=\"row-striping row-hover\">\n<tr class=\"row-2\">\n\t<td class=\"column-1\">Composizione dei pixel:<\/td><td class=\"column-2\">2121 (3 in 1)<\/td>\n<\/tr>\n<tr class=\"row-3\">\n\t<td class=\"column-1\">Densit\u00e0 di visualizzazione: (punti)<\/td><td class=\"column-2\">160000\u33a1<\/td>\n<\/tr>\n<tr class=\"row-4\">\n\t<td class=\"column-1\">Distanza di visione ideale: (m)<\/td><td class=\"column-2\">2,5-100 m<\/td>\n<\/tr>\n<tr class=\"row-5\">\n\t<td class=\"column-1\">Consumo energetico massimo:<\/td><td class=\"column-2\">800w\/m\u00b2<\/td>\n<\/tr>\n<tr class=\"row-6\">\n\t<td class=\"column-1\">Modalit\u00e0 di scansione:<\/td><td class=\"column-2\">32 scansioni<\/td>\n<\/tr>\n<tr class=\"row-7\">\n\t<td class=\"column-1\">Luminosit\u00e0: (CD\/\u33a1)<\/td><td class=\"column-2\">1200<\/td>\n<\/tr>\n<tr class=\"row-8\">\n\t<td class=\"column-1\">Angolo di visione: (m)<\/td><td class=\"column-2\">H 120\u00b0 V 120\u00b0 (telaio avvolgente da 50 mm) \/ H 360\u00b0 V 360\u00b0 (senza bordi)<\/td>\n<\/tr>\n<tr class=\"row-9\">\n\t<td class=\"column-1\">Tensione di esercizio:<\/td><td class=\"column-2\">CA 220 V\/100 V\u00b115% 47~64 HZ<\/td>\n<\/tr>\n<tr class=\"row-10\">\n\t<td class=\"column-1\">Tensione di alimentazione:<\/td><td class=\"column-2\">5V<\/td>\n<\/tr>\n<tr class=\"row-11\">\n\t<td class=\"column-1\">Temperatura ambiente di funzionamento del sistema:<\/td><td class=\"column-2\">-20~60\u00b0C<\/td>\n<\/tr>\n<tr class=\"row-12\">\n\t<td class=\"column-1\">Il sistema funziona in un ambiente moderato:<\/td><td class=\"column-2\">10%~90% UR<\/td>\n<\/tr>\n<tr class=\"row-13\">\n\t<td class=\"column-1\">Colore dello schermo:<\/td><td class=\"column-2\">16,7 milioni<\/td>\n<\/tr>\n<tr class=\"row-14\">\n\t<td class=\"column-1\">Livello di scala di grigi:<\/td><td class=\"column-2\">16384<\/td>\n<\/tr>\n<tr class=\"row-15\">\n\t<td class=\"column-1\">Metodo di comunicazione:<\/td><td class=\"column-2\">Sincronizzazione \/ Asincronizzazione<\/td>\n<\/tr>\n<\/tbody>\n<\/table>\n\n\t\t<\/div>\n\t\t\t\t\t<\/div>\n\n\t\n<\/div>\n\t\t<\/div>\n\t\t\t\t\t<\/div>\n\n\t\n<\/div>","protected":false},"excerpt":{"rendered":"<p><strong>Display LED circolari personalizzati serie TCF: soluzioni visive innovative<\/strong><\/p>\n<p>IL <em><strong>Display LED circolare serie TCF<\/strong><\/em> Offriamo display LED circolari personalizzati, luminosi e accattivanti. Questi display offrono un effetto visivo unico e distintivo, donando una nuova dimensione al vostro spazio. Con <a href=\"https:\/\/www.telaled.com\/it\/densidade-de-pixels-em-telas-de-led-e-lcd\/\">densit\u00e0 di pixel<\/a> Grazie ai diametri personalizzabili, puoi creare una soluzione che si adatta perfettamente alle tue esigenze.<\/p>\n<p><strong>Caratteristiche principali:<\/strong><\/p>\n<ul>\n<li><strong>Design personalizzabile:<\/strong> Scegli tra configurazioni con o senza cornice, in base al tuo stile e al tuo spazio.<\/li>\n<li><strong>Spaziatura e diametro dei pixel flessibili:<\/strong> Regola il passo e il diametro dei pixel in base alle esigenze specifiche del tuo monitor, garantendo immagini ottimali.<\/li>\n<li><strong>Effetti visivi creativi:<\/strong> Godetevi un&#039;esperienza visiva realistica e onirica con display LED circolari, progettati per catturare l&#039;attenzione del pubblico.<\/li>\n<li><strong>Impostazioni versatili<\/strong>Disponibili in configurazioni monofacciali o bifacciali per adattarsi a un&#039;ampia variet\u00e0 di ambienti.<\/li>\n<\/ul>\n<p>Il nostro team offre supporto remoto 24 ore su 24, 7 giorni su 7 e una garanzia di 3 anni. Contattaci oggi stesso per un preventivo personalizzato.<\/p>","protected":false},"featured_media":3263,"template":"","meta":[],"product_brand":[],"product_cat":[48,40,46],"product_tag":[],"class_list":{"0":"post-3262","1":"product","2":"type-product","3":"status-publish","4":"has-post-thumbnail","6":"product_cat-paineis-personalizados","7":"product_cat-painel-de-led","8":"product_cat-painel-de-video","10":"first","11":"instock","12":"shipping-taxable","13":"product-type-simple"},"yoast_head":"<!-- This site is optimized with the Yoast SEO plugin v27.5 - https:\/\/yoast.com\/product\/yoast-seo-wordpress\/ -->\n<title>Circular LED Display S\u00e9rie TCF | Experi\u00eancias Visuais \u00danicas | TELALED<\/title>\n<meta name=\"description\" content=\"Explore nossa Circular LED Display S\u00e9rie TCF, perfeita para esta\u00e7\u00f5es, aeroportos, shoppings e muito mais. Com configura\u00e7\u00f5es flex\u00edveis e visuais de alta qualidade, ela oferece uma solu\u00e7\u00e3o de display diferenciada e cativante. Entre em contato conosco hoje mesmo!\" \/>\n<meta name=\"robots\" content=\"index, follow, max-snippet:-1, max-image-preview:large, max-video-preview:-1\" \/>\n<link rel=\"canonical\" href=\"https:\/\/www.telaled.com\/it\/fabrica\/circular-led-display-serie-tcf\/\" \/>\n<meta property=\"og:locale\" content=\"it_IT\" \/>\n<meta property=\"og:type\" content=\"article\" \/>\n<meta property=\"og:title\" content=\"Circular LED Display S\u00e9rie TCF | Experi\u00eancias Visuais \u00danicas | TELALED\" \/>\n<meta property=\"og:description\" content=\"Explore nossa Circular LED Display S\u00e9rie TCF, perfeita para esta\u00e7\u00f5es, aeroportos, shoppings e muito mais. Com configura\u00e7\u00f5es flex\u00edveis e visuais de alta qualidade, ela oferece uma solu\u00e7\u00e3o de display diferenciada e cativante. Entre em contato conosco hoje mesmo!\" \/>\n<meta property=\"og:url\" content=\"https:\/\/www.telaled.com\/it\/fabrica\/circular-led-display-serie-tcf\/\" \/>\n<meta property=\"og:site_name\" content=\"TELALED\" \/>\n<meta property=\"article:modified_time\" content=\"2026-01-06T00:37:31+00:00\" \/>\n<meta property=\"og:image\" content=\"https:\/\/www.telaled.com\/wp-content\/uploads\/2025\/09\/circular-led-display.webp\" \/>\n\t<meta property=\"og:image:width\" content=\"500\" \/>\n\t<meta property=\"og:image:height\" content=\"500\" \/>\n\t<meta property=\"og:image:type\" content=\"image\/webp\" \/>\n<meta name=\"twitter:card\" content=\"summary_large_image\" \/>\n<meta name=\"twitter:label1\" content=\"Tempo di lettura stimato\" \/>\n\t<meta name=\"twitter:data1\" content=\"3 minuti\" \/>\n<script type=\"application\/ld+json\" class=\"yoast-schema-graph\">{\"@context\":\"https:\\\/\\\/schema.org\",\"@graph\":[{\"@type\":\"WebPage\",\"@id\":\"https:\\\/\\\/www.telaled.com\\\/fabrica\\\/circular-led-display-serie-tcf\\\/\",\"url\":\"https:\\\/\\\/www.telaled.com\\\/fabrica\\\/circular-led-display-serie-tcf\\\/\",\"name\":\"Circular LED Display S\u00e9rie TCF | Experi\u00eancias Visuais \u00danicas | TELALED\",\"isPartOf\":{\"@id\":\"https:\\\/\\\/www.telaled.com\\\/#website\"},\"primaryImageOfPage\":{\"@id\":\"https:\\\/\\\/www.telaled.com\\\/fabrica\\\/circular-led-display-serie-tcf\\\/#primaryimage\"},\"image\":{\"@id\":\"https:\\\/\\\/www.telaled.com\\\/fabrica\\\/circular-led-display-serie-tcf\\\/#primaryimage\"},\"thumbnailUrl\":\"https:\\\/\\\/www.telaled.com\\\/wp-content\\\/uploads\\\/2025\\\/09\\\/circular-led-display.webp\",\"datePublished\":\"2025-09-08T08:40:22+00:00\",\"dateModified\":\"2026-01-06T00:37:31+00:00\",\"description\":\"Explore nossa Circular LED Display S\u00e9rie TCF, perfeita para esta\u00e7\u00f5es, aeroportos, shoppings e muito mais. Com configura\u00e7\u00f5es flex\u00edveis e visuais de alta qualidade, ela oferece uma solu\u00e7\u00e3o de display diferenciada e cativante. Entre em contato conosco hoje mesmo!\",\"breadcrumb\":{\"@id\":\"https:\\\/\\\/www.telaled.com\\\/fabrica\\\/circular-led-display-serie-tcf\\\/#breadcrumb\"},\"inLanguage\":\"it-IT\",\"potentialAction\":[{\"@type\":\"ReadAction\",\"target\":[\"https:\\\/\\\/www.telaled.com\\\/fabrica\\\/circular-led-display-serie-tcf\\\/\"]}]},{\"@type\":\"ImageObject\",\"inLanguage\":\"it-IT\",\"@id\":\"https:\\\/\\\/www.telaled.com\\\/fabrica\\\/circular-led-display-serie-tcf\\\/#primaryimage\",\"url\":\"https:\\\/\\\/www.telaled.com\\\/wp-content\\\/uploads\\\/2025\\\/09\\\/circular-led-display.webp\",\"contentUrl\":\"https:\\\/\\\/www.telaled.com\\\/wp-content\\\/uploads\\\/2025\\\/09\\\/circular-led-display.webp\",\"width\":500,\"height\":500,\"caption\":\"circular-led-display\"},{\"@type\":\"BreadcrumbList\",\"@id\":\"https:\\\/\\\/www.telaled.com\\\/fabrica\\\/circular-led-display-serie-tcf\\\/#breadcrumb\",\"itemListElement\":[{\"@type\":\"ListItem\",\"position\":1,\"name\":\"Home\",\"item\":\"https:\\\/\\\/www.telaled.com\\\/\"},{\"@type\":\"ListItem\",\"position\":2,\"name\":\"Produtos\",\"item\":\"https:\\\/\\\/www.telaled.com\\\/shop\\\/\"},{\"@type\":\"ListItem\",\"position\":3,\"name\":\"Circular LED Display S\u00e9rie TCF\"}]},{\"@type\":\"WebSite\",\"@id\":\"https:\\\/\\\/www.telaled.com\\\/#website\",\"url\":\"https:\\\/\\\/www.telaled.com\\\/\",\"name\":\"TELALED\",\"description\":\"\",\"potentialAction\":[{\"@type\":\"SearchAction\",\"target\":{\"@type\":\"EntryPoint\",\"urlTemplate\":\"https:\\\/\\\/www.telaled.com\\\/?s={search_term_string}\"},\"query-input\":{\"@type\":\"PropertyValueSpecification\",\"valueRequired\":true,\"valueName\":\"search_term_string\"}}],\"inLanguage\":\"it-IT\"}]}<\/script>\n<!-- \/ Yoast SEO plugin. -->","yoast_head_json":{"title":"Display LED circolari serie TCF | Esperienze visive uniche | TELALED","description":"Scoprite i nostri display LED circolari della serie TCF, perfetti per stazioni, aeroporti, centri commerciali e altro ancora. Grazie alle configurazioni flessibili e alle immagini di alta qualit\u00e0, offrono una soluzione espositiva distintiva e accattivante. Contattateci oggi stesso!","robots":{"index":"index","follow":"follow","max-snippet":"max-snippet:-1","max-image-preview":"max-image-preview:large","max-video-preview":"max-video-preview:-1"},"canonical":"https:\/\/www.telaled.com\/it\/fabrica\/circular-led-display-serie-tcf\/","og_locale":"it_IT","og_type":"article","og_title":"Circular LED Display S\u00e9rie TCF | Experi\u00eancias Visuais \u00danicas | TELALED","og_description":"Explore nossa Circular LED Display S\u00e9rie TCF, perfeita para esta\u00e7\u00f5es, aeroportos, shoppings e muito mais. Com configura\u00e7\u00f5es flex\u00edveis e visuais de alta qualidade, ela oferece uma solu\u00e7\u00e3o de display diferenciada e cativante. Entre em contato conosco hoje mesmo!","og_url":"https:\/\/www.telaled.com\/it\/fabrica\/circular-led-display-serie-tcf\/","og_site_name":"TELALED","article_modified_time":"2026-01-06T00:37:31+00:00","og_image":[{"width":500,"height":500,"url":"https:\/\/www.telaled.com\/wp-content\/uploads\/2025\/09\/circular-led-display.webp","type":"image\/webp"}],"twitter_card":"summary_large_image","twitter_misc":{"Tempo di lettura stimato":"3 minuti"},"schema":{"@context":"https:\/\/schema.org","@graph":[{"@type":"WebPage","@id":"https:\/\/www.telaled.com\/fabrica\/circular-led-display-serie-tcf\/","url":"https:\/\/www.telaled.com\/fabrica\/circular-led-display-serie-tcf\/","name":"Display LED circolari serie TCF | Esperienze visive uniche | TELALED","isPartOf":{"@id":"https:\/\/www.telaled.com\/#website"},"primaryImageOfPage":{"@id":"https:\/\/www.telaled.com\/fabrica\/circular-led-display-serie-tcf\/#primaryimage"},"image":{"@id":"https:\/\/www.telaled.com\/fabrica\/circular-led-display-serie-tcf\/#primaryimage"},"thumbnailUrl":"https:\/\/www.telaled.com\/wp-content\/uploads\/2025\/09\/circular-led-display.webp","datePublished":"2025-09-08T08:40:22+00:00","dateModified":"2026-01-06T00:37:31+00:00","description":"Scoprite i nostri display LED circolari della serie TCF, perfetti per stazioni, aeroporti, centri commerciali e altro ancora. Grazie alle configurazioni flessibili e alle immagini di alta qualit\u00e0, offrono una soluzione espositiva distintiva e accattivante. Contattateci oggi stesso!","breadcrumb":{"@id":"https:\/\/www.telaled.com\/fabrica\/circular-led-display-serie-tcf\/#breadcrumb"},"inLanguage":"it-IT","potentialAction":[{"@type":"ReadAction","target":["https:\/\/www.telaled.com\/fabrica\/circular-led-display-serie-tcf\/"]}]},{"@type":"ImageObject","inLanguage":"it-IT","@id":"https:\/\/www.telaled.com\/fabrica\/circular-led-display-serie-tcf\/#primaryimage","url":"https:\/\/www.telaled.com\/wp-content\/uploads\/2025\/09\/circular-led-display.webp","contentUrl":"https:\/\/www.telaled.com\/wp-content\/uploads\/2025\/09\/circular-led-display.webp","width":500,"height":500,"caption":"circular-led-display"},{"@type":"BreadcrumbList","@id":"https:\/\/www.telaled.com\/fabrica\/circular-led-display-serie-tcf\/#breadcrumb","itemListElement":[{"@type":"ListItem","position":1,"name":"Home","item":"https:\/\/www.telaled.com\/"},{"@type":"ListItem","position":2,"name":"Produtos","item":"https:\/\/www.telaled.com\/shop\/"},{"@type":"ListItem","position":3,"name":"Circular LED Display S\u00e9rie TCF"}]},{"@type":"WebSite","@id":"https:\/\/www.telaled.com\/#website","url":"https:\/\/www.telaled.com\/","name":"schermo LED","description":"","potentialAction":[{"@type":"SearchAction","target":{"@type":"EntryPoint","urlTemplate":"https:\/\/www.telaled.com\/?s={search_term_string}"},"query-input":{"@type":"PropertyValueSpecification","valueRequired":true,"valueName":"search_term_string"}}],"inLanguage":"it-IT"}]}},"_links":{"self":[{"href":"https:\/\/www.telaled.com\/it\/wp-json\/wp\/v2\/product\/3262","targetHints":{"allow":["GET"]}}],"collection":[{"href":"https:\/\/www.telaled.com\/it\/wp-json\/wp\/v2\/product"}],"about":[{"href":"https:\/\/www.telaled.com\/it\/wp-json\/wp\/v2\/types\/product"}],"wp:featuredmedia":[{"embeddable":true,"href":"https:\/\/www.telaled.com\/it\/wp-json\/wp\/v2\/media\/3263"}],"wp:attachment":[{"href":"https:\/\/www.telaled.com\/it\/wp-json\/wp\/v2\/media?parent=3262"}],"wp:term":[{"taxonomy":"product_brand","embeddable":true,"href":"https:\/\/www.telaled.com\/it\/wp-json\/wp\/v2\/product_brand?post=3262"},{"taxonomy":"product_cat","embeddable":true,"href":"https:\/\/www.telaled.com\/it\/wp-json\/wp\/v2\/product_cat?post=3262"},{"taxonomy":"product_tag","embeddable":true,"href":"https:\/\/www.telaled.com\/it\/wp-json\/wp\/v2\/product_tag?post=3262"}],"curies":[{"name":"parola chiave","href":"https:\/\/api.w.org\/{rel}","templated":true}]}}