{"id":2913,"date":"2025-08-11T01:33:20","date_gmt":"2025-08-11T01:33:20","guid":{"rendered":"https:\/\/www.telaled.com\/?post_type=product&#038;p=2913"},"modified":"2026-01-05T04:15:53","modified_gmt":"2026-01-05T04:15:53","slug":"painel-led-full-hd-da-serie-the","status":"publish","type":"product","link":"https:\/\/www.telaled.com\/it\/fabrica\/painel-led-full-hd-da-serie-the\/","title":{"rendered":"Pannello LED Full HD serie THE"},"content":{"rendered":"<div class=\"row\"  id=\"row-32651935\">\n\n\t<div id=\"col-733499374\" class=\"col small-12 large-12\"  >\n\t\t\t\t<div class=\"col-inner\"  >\n\t\t\t\n\t\t\t\n<h2>Vantaggi esclusivi del pannello LED Full HD della serie THE<\/h2>\n<h3><strong>Durata superiore<\/strong><\/h3>\n<ul>\n<li>Costruzione del cabinet I cabinet in alluminio pressofuso offrono robustezza, allineamento preciso e resistenza alla deformazione, garantendo prestazioni stabili e a lungo termine in ambienti difficili.<\/li>\n<li>Moduli LED: la tecnologia <a href=\"https:\/\/www.telaled.com\/it\/fabrica\/painel-de-led-cob-serie-tha\/\">PANNOCCHIA<\/a> Sigilla i chip LED per proteggerli da sporco, umidit\u00e0 e urti, garantendo una maggiore durata, una migliore dissipazione del calore e una qualit\u00e0 visiva costante.<\/li>\n<\/ul>\n<h3><strong>Qualit\u00e0 visiva eccezionale<\/strong><\/h3>\n<ul>\n<li>Elevata luminosit\u00e0: con oltre 5.000 nit, i contenuti rimangono nitidi e vivaci anche alla luce diretta del sole o in ambienti interni molto illuminati.<\/li>\n<li>Opzioni di densit\u00e0 di pixel fine: offrono immagini fluide e senza interruzioni, senza spazi visibili, garantendo un&#039;esperienza visiva coinvolgente sia da vicino che da lontano.<\/li>\n<\/ul>\n<h3><strong>Completa adattabilit\u00e0<\/strong><\/h3>\n<ul>\n<li>Adatto per interni ed esterni: mantiene prestazioni affidabili e nitidezza delle immagini sia in ambienti interni che esterni.<\/li>\n<li>Distanze di visualizzazione flessibili: le opzioni di pixel pitch ridotti garantiscono immagini nitide per il pubblico a qualsiasi distanza.<\/li>\n<li>Design modulare: consente dimensioni e configurazioni personalizzate per soddisfare diverse esigenze di installazione.<\/li>\n<\/ul>\n<h3><strong>Supporto completo<\/strong><\/h3>\n<ul>\n<li>Supporto tecnico remoto 24 ore su 24, 7 giorni su 7: ricevi assistenza quando ne hai bisogno, ovunque tu sia.<\/li>\n<li>5% di pezzi di ricambio forniti: ogni spedizione include componenti extra per una maggiore affidabilit\u00e0 e tranquillit\u00e0.<\/li>\n<li>Garanzia estesa di 3 anni: beneficia di una protezione a lungo termine per prestazioni migliori e un supporto affidabile.<\/li>\n<\/ul>\n<h2>Dettagli del prodotto<\/h2>\n<div class=\"row\"  id=\"row-927940442\">\n\n\t<div id=\"col-1418241557\" class=\"col medium-10 small-12 large-10\"  >\n\t\t\t\t<div class=\"col-inner text-left\"  >\n\t\t\t\n\t\t\t\n<ul>\n<li>Progettato per soddisfare i requisiti di frame rate elevati, \u00e8 ideale per applicazioni dinamiche come streaming live, sport e intrattenimento. Supportando frame rate fino a 7680Hz\/1920Hz\/3840Hz, offre una riproduzione fluida e priva di sfarfallio di immagini in rapido movimento, garantendo standard di visualizzazione professionali.<\/li>\n<\/ul>\n\t<div class=\"img has-hover x md-x lg-x y md-y lg-y\" id=\"image_991237512\">\n\t\t\t\t\t\t\t\t<div class=\"img-inner dark\" >\n\t\t\t<img loading=\"lazy\" decoding=\"async\" width=\"660\" height=\"440\" src=\"https:\/\/www.telaled.com\/wp-content\/uploads\/2025\/08\/Alta-taxa-de-quadros.webp\" class=\"attachment-original size-original\" alt=\"Frame rate elevato\" srcset=\"https:\/\/www.telaled.com\/wp-content\/uploads\/2025\/08\/Alta-taxa-de-quadros.webp 660w, https:\/\/www.telaled.com\/wp-content\/uploads\/2025\/08\/Alta-taxa-de-quadros-300x200.webp 300w, https:\/\/www.telaled.com\/wp-content\/uploads\/2025\/08\/Alta-taxa-de-quadros-18x12.webp 18w, https:\/\/www.telaled.com\/wp-content\/uploads\/2025\/08\/Alta-taxa-de-quadros-600x400.webp 600w\" sizes=\"auto, (max-width: 660px) 100vw, 660px\" \/>\t\t\t\t\t\t\n\t\t\t\t\t<\/div>\n\t\t\t\t\t\t\t\t\n<style>\n#image_991237512 {\n  width: 95%;\n}\n<\/style>\n\t<\/div>\n\t\n\t\t<\/div>\n\t\t\t\t\t<\/div>\n\n\t\n\n\t<div id=\"col-1965774180\" class=\"col medium-10 small-12 large-10\"  >\n\t\t\t\t<div class=\"col-inner text-left\"  >\n\t\t\t\n\t\t\t\n<ul>\n<li>Supporti <a href=\"https:\/\/www.telaled.com\/it\/fabrica\/painel-de-led-para-manutencao-frontal-serie-tib\/\">manutenzione frontale<\/a> Completo, offre accesso diretto a tutti i componenti dalla parte anteriore del monitor. Questo design semplifica l&#039;installazione, velocizza le riparazioni e riduce i tempi di fermo. Consentendo una manutenzione pi\u00f9 rapida, riduce al minimo le interruzioni operative, rendendolo la scelta ideale per le sedi in cui la rapidit\u00e0 di manutenzione \u00e8 una priorit\u00e0.<\/li>\n<\/ul>\n\t<div class=\"img has-hover x md-x lg-x y md-y lg-y\" id=\"image_308199370\">\n\t\t\t\t\t\t\t\t<div class=\"img-inner dark\" >\n\t\t\t<img loading=\"lazy\" decoding=\"async\" width=\"660\" height=\"440\" src=\"https:\/\/www.telaled.com\/wp-content\/uploads\/2025\/08\/Manutencao-Frontal-Completa-3.webp\" class=\"attachment-large size-large\" alt=\"\" srcset=\"https:\/\/www.telaled.com\/wp-content\/uploads\/2025\/08\/Manutencao-Frontal-Completa-3.webp 660w, https:\/\/www.telaled.com\/wp-content\/uploads\/2025\/08\/Manutencao-Frontal-Completa-3-300x200.webp 300w, https:\/\/www.telaled.com\/wp-content\/uploads\/2025\/08\/Manutencao-Frontal-Completa-3-18x12.webp 18w, https:\/\/www.telaled.com\/wp-content\/uploads\/2025\/08\/Manutencao-Frontal-Completa-3-600x400.webp 600w\" sizes=\"auto, (max-width: 660px) 100vw, 660px\" \/>\t\t\t\t\t\t\n\t\t\t\t\t<\/div>\n\t\t\t\t\t\t\t\t\n<style>\n#image_308199370 {\n  width: 95%;\n}\n<\/style>\n\t<\/div>\n\t\n<ul>\n<li>Per la massima affidabilit\u00e0, include doppi sistemi di backup per alimentazione e segnale. Questa configurazione protegge da potenziali guasti, garantendo un funzionamento ininterrotto. La trasmissione continua di alimentazione e segnale lo rende adatto ad ambienti mission-critical come sale di controllo, studi di trasmissione ed eventi su larga scala.<\/li>\n<\/ul>\n\t<div class=\"img has-hover x md-x lg-x y md-y lg-y\" id=\"image_896269262\">\n\t\t\t\t\t\t\t\t<div class=\"img-inner dark\" >\n\t\t\t<img loading=\"lazy\" decoding=\"async\" width=\"660\" height=\"440\" src=\"https:\/\/www.telaled.com\/wp-content\/uploads\/2025\/08\/Energia-redundante-e-backup-de-sinal.jpg\" class=\"attachment-large size-large\" alt=\"Alimentazione ridondante e backup del segnale\" srcset=\"https:\/\/www.telaled.com\/wp-content\/uploads\/2025\/08\/Energia-redundante-e-backup-de-sinal.jpg 660w, https:\/\/www.telaled.com\/wp-content\/uploads\/2025\/08\/Energia-redundante-e-backup-de-sinal-300x200.jpg 300w, https:\/\/www.telaled.com\/wp-content\/uploads\/2025\/08\/Energia-redundante-e-backup-de-sinal-18x12.jpg 18w, https:\/\/www.telaled.com\/wp-content\/uploads\/2025\/08\/Energia-redundante-e-backup-de-sinal-600x400.jpg 600w\" sizes=\"auto, (max-width: 660px) 100vw, 660px\" \/>\t\t\t\t\t\t\n\t\t\t\t\t<\/div>\n\t\t\t\t\t\t\t\t\n<style>\n#image_896269262 {\n  width: 95%;\n}\n<\/style>\n\t<\/div>\n\t\n\t\t<\/div>\n\t\t\t\t\t<\/div>\n\n\t\n\n\t<div id=\"col-895681173\" class=\"col medium-10 small-12 large-10\"  >\n\t\t\t\t<div class=\"col-inner text-left\"  >\n\t\t\t\n\t\t\t\n<ul>\n<li>Il nostro <a href=\"https:\/\/www.telaled.com\/it\/?attachment_id=2919\">display a LED<\/a> Vengono imballati in base alla tipologia e all&#039;uso previsto. Le unit\u00e0 correttamente assemblate vengono imballate in casse di legno o scatole di cartone rinforzate per garantirne la stabilit\u00e0 durante il trasporto. I moduli LED ricevono cure particolari, spesso imballati in scatole di cartone rinforzate o casse ermetiche con un&#039;ulteriore struttura in legno per una maggiore protezione.<\/li>\n<\/ul>\n\t<div class=\"img has-hover x md-x lg-x y md-y lg-y\" id=\"image_50026115\">\n\t\t\t\t\t\t\t\t<div class=\"img-inner dark\" >\n\t\t\t<img loading=\"lazy\" decoding=\"async\" width=\"760\" height=\"1024\" src=\"https:\/\/www.telaled.com\/wp-content\/uploads\/2025\/06\/Embalagem-760x1024.webp\" class=\"attachment-large size-large\" alt=\"Confezione\" srcset=\"https:\/\/www.telaled.com\/wp-content\/uploads\/2025\/06\/Embalagem-760x1024.webp 760w, https:\/\/www.telaled.com\/wp-content\/uploads\/2025\/06\/Embalagem-223x300.webp 223w, https:\/\/www.telaled.com\/wp-content\/uploads\/2025\/06\/Embalagem-768x1035.webp 768w, https:\/\/www.telaled.com\/wp-content\/uploads\/2025\/06\/Embalagem-9x12.webp 9w, https:\/\/www.telaled.com\/wp-content\/uploads\/2025\/06\/Embalagem-600x808.webp 600w, https:\/\/www.telaled.com\/wp-content\/uploads\/2025\/06\/Embalagem.webp 795w\" sizes=\"auto, (max-width: 760px) 100vw, 760px\" \/>\t\t\t\t\t\t\n\t\t\t\t\t<\/div>\n\t\t\t\t\t\t\t\t\n<style>\n#image_50026115 {\n  width: 95%;\n}\n<\/style>\n\t<\/div>\n\t\n\t\t<\/div>\n\t\t\t\t\t<\/div>\n\n\t\n<\/div>\n\t\t<\/div>\n\t\t\t\t\t<\/div>\n\n\t\n\n\t<div id=\"col-2043104991\" class=\"col small-12 large-12\"  >\n\t\t\t\t<div class=\"col-inner\"  >\n\t\t\t\n\t\t\t\n<div class=\"row\"  id=\"row-1077484387\">\n\n\t<div id=\"col-594053535\" class=\"col medium-10 small-12 large-10\"  >\n\t\t\t\t<div class=\"col-inner\"  >\n\t\t\t\n\t\t\t\n\n<table id=\"tablepress-57\" class=\"tablepress tablepress-id-57\">\n<thead>\n<tr class=\"row-1\">\n\t<th class=\"column-1\">Parametro<\/th><th class=\"column-2\">IL 06<\/th><th class=\"column-3\">IL 07<\/th><th class=\"column-4\">IL 09<\/th><th class=\"column-5\">IL 12<\/th><th class=\"column-6\">IL 15<\/th>\n<\/tr>\n<\/thead>\n<tbody class=\"row-striping row-hover\">\n<tr class=\"row-2\">\n\t<td class=\"column-1\">Passo pixel (mm)<\/td><td class=\"column-2\">P0.625<\/td><td class=\"column-3\">P0.78125<\/td><td class=\"column-4\">P0.9375<\/td><td class=\"column-5\">P1.25<\/td><td class=\"column-6\">P1.5625<\/td>\n<\/tr>\n<tr class=\"row-3\">\n\t<td class=\"column-1\">Densit\u00e0 di pixel (punti\/m\u00b2)<\/td><td class=\"column-2\">2,560,000<\/td><td class=\"column-3\">1,638,400<\/td><td class=\"column-4\">1,137,778<\/td><td class=\"column-5\">640,000<\/td><td class=\"column-6\">409,600<\/td>\n<\/tr>\n<tr class=\"row-4\">\n\t<td class=\"column-1\">Risoluzione del cabinet (mm) (L\u00d7A)<\/td><td class=\"column-2\">960\u00d7540<\/td><td class=\"column-3\">768\u00d7432<\/td><td class=\"column-4\">640\u00d7360<\/td><td class=\"column-5\">480\u00d7270<\/td><td class=\"column-6\">384\u00d7216<\/td>\n<\/tr>\n<tr class=\"row-5\">\n\t<td class=\"column-1\">Configurazione dei pixel<\/td><td class=\"column-2\">PANNOCCHIA<\/td><td class=\"column-3\">PANNOCCHIA<\/td><td class=\"column-4\">PANNOCCHIA<\/td><td class=\"column-5\">PANNOCCHIA<\/td><td class=\"column-6\">PANNOCCHIA<\/td>\n<\/tr>\n<tr class=\"row-6\">\n\t<td class=\"column-1\">Luminosit\u00e0 (nits)<\/td><td class=\"column-2\">200~1000 (regolabile)<\/td><td class=\"column-3\">200~1000 (regolabile)<\/td><td class=\"column-4\">200~1000 (regolabile)<\/td><td class=\"column-5\">200~1000 (regolabile)<\/td><td class=\"column-6\">200~1000 (regolabile)<\/td>\n<\/tr>\n<tr class=\"row-7\">\n\t<td class=\"column-1\">Dimensioni del mobile (mm) (L\u00d7A\u00d7P)<\/td><td class=\"column-2\">600\u00d7337,5\u00d745<\/td><td class=\"column-3\">600\u00d7337,5\u00d745<\/td><td class=\"column-4\">600\u00d7337,5\u00d745<\/td><td class=\"column-5\">600\u00d7337,5\u00d745<\/td><td class=\"column-6\">600\u00d7337,5\u00d745<\/td>\n<\/tr>\n<tr class=\"row-8\">\n\t<td class=\"column-1\">Calibrazione dei pixel<\/td><td class=\"column-2\">Supporto per la calibrazione della luminosit\u00e0 e del colore<\/td><td class=\"column-3\">Supporto per la calibrazione della luminosit\u00e0 e del colore<\/td><td class=\"column-4\">Supporto per la calibrazione della luminosit\u00e0 e del colore<\/td><td class=\"column-5\">Supporto per la calibrazione della luminosit\u00e0 e del colore<\/td><td class=\"column-6\">Supporto per la calibrazione della luminosit\u00e0 e del colore<\/td>\n<\/tr>\n<tr class=\"row-9\">\n\t<td class=\"column-1\">Scala di grigi (bit)<\/td><td class=\"column-2\">14~16<\/td><td class=\"column-3\">14~16<\/td><td class=\"column-4\">14~16<\/td><td class=\"column-5\">14~16<\/td><td class=\"column-6\">14~16<\/td>\n<\/tr>\n<tr class=\"row-10\">\n\t<td class=\"column-1\">Temperatura del colore (K)<\/td><td class=\"column-2\">2000~12000 (regolabile)<\/td><td class=\"column-3\">2000~12000 (regolabile)<\/td><td class=\"column-4\">2000~12000 (regolabile)<\/td><td class=\"column-5\">2000~12000 (regolabile)<\/td><td class=\"column-6\">2000~12000 (regolabile)<\/td>\n<\/tr>\n<tr class=\"row-11\">\n\t<td class=\"column-1\">Unit\u00e0 CI<\/td><td class=\"column-2\">ICN \/ MBI \/ Xm-Plus<\/td><td class=\"column-3\">ICN \/ MBI \/ Xm-Plus<\/td><td class=\"column-4\">ICN \/ MBI \/ Xm-Plus<\/td><td class=\"column-5\">ICN \/ MBI \/ Xm-Plus<\/td><td class=\"column-6\">ICN \/ MBI \/ Xm-Plus<\/td>\n<\/tr>\n<tr class=\"row-12\">\n\t<td class=\"column-1\">Frequenza dei fotogrammi (Hz)<\/td><td class=\"column-2\">60 \/ 120 \/ 240<\/td><td class=\"column-3\">60 \/ 120 \/ 240<\/td><td class=\"column-4\">60 \/ 120 \/ 240<\/td><td class=\"column-5\">60 \/ 120 \/ 240<\/td><td class=\"column-6\">60 \/ 120 \/ 240<\/td>\n<\/tr>\n<tr class=\"row-13\">\n\t<td class=\"column-1\">Frequenza di aggiornamento (Hz)<\/td><td class=\"column-2\">3840~7680<\/td><td class=\"column-3\">3840~7680<\/td><td class=\"column-4\">3840~7680<\/td><td class=\"column-5\">3840~7680<\/td><td class=\"column-6\">3840~7680<\/td>\n<\/tr>\n<tr class=\"row-14\">\n\t<td class=\"column-1\">Tensione di lavoro (V)<\/td><td class=\"column-2\">CA: 100 V 240 V, 5060 Hz<\/td><td class=\"column-3\">CA: 100 V 240 V, 5060 Hz<\/td><td class=\"column-4\">CA: 100 V 240 V, 5060 Hz<\/td><td class=\"column-5\">CA: 100 V 240 V, 5060 Hz<\/td><td class=\"column-6\">CA: 100 V 240 V, 5060 Hz<\/td>\n<\/tr>\n<tr class=\"row-15\">\n\t<td class=\"column-1\">Vita utile (H)<\/td><td class=\"column-2\">100000<\/td><td class=\"column-3\">100000<\/td><td class=\"column-4\">100000<\/td><td class=\"column-5\">100000<\/td><td class=\"column-6\">100000<\/td>\n<\/tr>\n<tr class=\"row-16\">\n\t<td class=\"column-1\">Temperatura di esercizio (\u00b0C)<\/td><td class=\"column-2\">-10~40<\/td><td class=\"column-3\">-10~40<\/td><td class=\"column-4\">-10~40<\/td><td class=\"column-5\">-10~40<\/td><td class=\"column-6\">-10~40<\/td>\n<\/tr>\n<tr class=\"row-17\">\n\t<td class=\"column-1\">Temperatura di conservazione (\u00b0C)<\/td><td class=\"column-2\">-20~60<\/td><td class=\"column-3\">-20~60<\/td><td class=\"column-4\">-20~60<\/td><td class=\"column-5\">-20~60<\/td><td class=\"column-6\">-20~60<\/td>\n<\/tr>\n<tr class=\"row-18\">\n\t<td class=\"column-1\">Umidit\u00e0 di esercizio (RH)<\/td><td class=\"column-2\">10%~80%, senza condensa<\/td><td class=\"column-3\">10%~80%, senza condensa<\/td><td class=\"column-4\">10%~80%, senza condensa<\/td><td class=\"column-5\">10%~80%, senza condensa<\/td><td class=\"column-6\">10%~80%, senza condensa<\/td>\n<\/tr>\n<tr class=\"row-19\">\n\t<td class=\"column-1\">Peso del mobile (kg)<\/td><td class=\"column-2\">5.5<\/td><td class=\"column-3\">5.5<\/td><td class=\"column-4\">5.5<\/td><td class=\"column-5\">5.5<\/td><td class=\"column-6\">5.5<\/td>\n<\/tr>\n<\/tbody>\n<\/table>\n\n\t\t<\/div>\n\t\t\t\t\t<\/div>\n\n\t\n<\/div>\n\t\t<\/div>\n\t\t\t\t\t<\/div>\n\n\t\n<\/div>","protected":false},"excerpt":{"rendered":"<p><strong>Display LED Full HD della serie THE: per display visivi professionali, per uso interno ed esterno<\/strong><\/p>\n<p>Progettato per immagini di livello professionale, questo <strong><em>Pannello LED Full HD<\/em><\/strong> Offre un pixel pitch ridotto, un&#039;elevata luminosit\u00e0 e una qualit\u00e0 d&#039;immagine impeccabile. La sua struttura robusta lo rende ideale per applicazioni impegnative in ambienti interni ed esterni.<\/p>\n<p><strong>Caratteristiche principali:<\/strong><\/p>\n<ul>\n<li><strong>Risoluzione Full HD 1080p:<\/strong> Offre immagini nitide e dettagliate che migliorano l&#039;impatto visivo di presentazioni, pubblicit\u00e0 e... <a href=\"https:\/\/www.telaled.com\/it\/painel-de-led-para-eventos\/\">eventi<\/a> vivere.<\/li>\n<li><strong>Applicazione versatile in ambienti interni ed esterni:<\/strong> perfetto per <a href=\"https:\/\/www.telaled.com\/it\/painel-de-led-para-palco\/\">fasi dell&#039;evento<\/a>, spazi commerciali, impianti sportivi, nodi di trasporto e fiere aziendali.<\/li>\n<li><strong>Funzionamento a risparmio energetico:<\/strong> <a href=\"https:\/\/www.telaled.com\/it\/entendendo-o-consumo-de-energia-painel-de-led-quao-eficientes-sao-os-displays-de-led-modernos\/\">consumo di energia<\/a> ottimizzato senza compromettere le prestazioni di <a href=\"https:\/\/www.telaled.com\/it\/monitor-video-wall\/\">monitorare<\/a>.<\/li>\n<\/ul>\n<p>Offriamo assistenza remota 24 ore su 24, 7 giorni su 7 e una garanzia di 3 anni. Contattaci oggi stesso per un preventivo personalizzato.<\/p>","protected":false},"featured_media":2914,"template":"","meta":[],"product_brand":[],"product_cat":[40,46],"product_tag":[],"class_list":{"0":"post-2913","1":"product","2":"type-product","3":"status-publish","4":"has-post-thumbnail","6":"product_cat-painel-de-led","7":"product_cat-painel-de-video","9":"first","10":"instock","11":"shipping-taxable","12":"product-type-simple"},"yoast_head":"<!-- This site is optimized with the Yoast SEO plugin v27.5 - https:\/\/yoast.com\/product\/yoast-seo-wordpress\/ -->\n<title>Painel de LED Full HD S\u00e9rie THE | Tela de 1080p com Passo Fino para Ambientes Internos e Externos | |TELALED<\/title>\n<meta name=\"description\" content=\"Nossos Painel LED Full HD da s\u00e9rie THE oferecem resolu\u00e7\u00e3o n\u00edtida de 1080p, pixel pitch fino e brilho de mais de 5.000 nits. Constru\u00eddos com gabinetes dur\u00e1veis de alum\u00ednio fundido para visuais est\u00e1veis e cont\u00ednuos.\" \/>\n<meta name=\"robots\" content=\"index, follow, max-snippet:-1, max-image-preview:large, max-video-preview:-1\" \/>\n<link rel=\"canonical\" href=\"https:\/\/www.telaled.com\/it\/fabrica\/painel-led-full-hd-da-serie-the\/\" \/>\n<meta property=\"og:locale\" content=\"it_IT\" \/>\n<meta property=\"og:type\" content=\"article\" \/>\n<meta property=\"og:title\" content=\"Painel de LED Full HD S\u00e9rie THE | Tela de 1080p com Passo Fino para Ambientes Internos e Externos | |TELALED\" \/>\n<meta property=\"og:description\" content=\"Nossos Painel LED Full HD da s\u00e9rie THE oferecem resolu\u00e7\u00e3o n\u00edtida de 1080p, pixel pitch fino e brilho de mais de 5.000 nits. Constru\u00eddos com gabinetes dur\u00e1veis de alum\u00ednio fundido para visuais est\u00e1veis e cont\u00ednuos.\" \/>\n<meta property=\"og:url\" content=\"https:\/\/www.telaled.com\/it\/fabrica\/painel-led-full-hd-da-serie-the\/\" \/>\n<meta property=\"og:site_name\" content=\"TELALED\" \/>\n<meta property=\"article:modified_time\" content=\"2026-01-05T04:15:53+00:00\" \/>\n<meta property=\"og:image\" content=\"https:\/\/www.telaled.com\/wp-content\/uploads\/2025\/08\/Painel-LED-Full-HD-da-serie-THE.webp\" \/>\n\t<meta property=\"og:image:width\" content=\"500\" \/>\n\t<meta property=\"og:image:height\" content=\"500\" \/>\n\t<meta property=\"og:image:type\" content=\"image\/webp\" \/>\n<meta name=\"twitter:card\" content=\"summary_large_image\" \/>\n<meta name=\"twitter:label1\" content=\"Tempo di lettura stimato\" \/>\n\t<meta name=\"twitter:data1\" content=\"3 minuti\" \/>\n<script type=\"application\/ld+json\" class=\"yoast-schema-graph\">{\"@context\":\"https:\\\/\\\/schema.org\",\"@graph\":[{\"@type\":\"WebPage\",\"@id\":\"https:\\\/\\\/www.telaled.com\\\/fabrica\\\/painel-led-full-hd-da-serie-the\\\/\",\"url\":\"https:\\\/\\\/www.telaled.com\\\/fabrica\\\/painel-led-full-hd-da-serie-the\\\/\",\"name\":\"Painel de LED Full HD S\u00e9rie THE | Tela de 1080p com Passo Fino para Ambientes Internos e Externos | |TELALED\",\"isPartOf\":{\"@id\":\"https:\\\/\\\/www.telaled.com\\\/#website\"},\"primaryImageOfPage\":{\"@id\":\"https:\\\/\\\/www.telaled.com\\\/fabrica\\\/painel-led-full-hd-da-serie-the\\\/#primaryimage\"},\"image\":{\"@id\":\"https:\\\/\\\/www.telaled.com\\\/fabrica\\\/painel-led-full-hd-da-serie-the\\\/#primaryimage\"},\"thumbnailUrl\":\"https:\\\/\\\/www.telaled.com\\\/wp-content\\\/uploads\\\/2025\\\/08\\\/Painel-LED-Full-HD-da-serie-THE.webp\",\"datePublished\":\"2025-08-11T01:33:20+00:00\",\"dateModified\":\"2026-01-05T04:15:53+00:00\",\"description\":\"Nossos Painel LED Full HD da s\u00e9rie THE oferecem resolu\u00e7\u00e3o n\u00edtida de 1080p, pixel pitch fino e brilho de mais de 5.000 nits. Constru\u00eddos com gabinetes dur\u00e1veis de alum\u00ednio fundido para visuais est\u00e1veis e cont\u00ednuos.\",\"breadcrumb\":{\"@id\":\"https:\\\/\\\/www.telaled.com\\\/fabrica\\\/painel-led-full-hd-da-serie-the\\\/#breadcrumb\"},\"inLanguage\":\"it-IT\",\"potentialAction\":[{\"@type\":\"ReadAction\",\"target\":[\"https:\\\/\\\/www.telaled.com\\\/fabrica\\\/painel-led-full-hd-da-serie-the\\\/\"]}]},{\"@type\":\"ImageObject\",\"inLanguage\":\"it-IT\",\"@id\":\"https:\\\/\\\/www.telaled.com\\\/fabrica\\\/painel-led-full-hd-da-serie-the\\\/#primaryimage\",\"url\":\"https:\\\/\\\/www.telaled.com\\\/wp-content\\\/uploads\\\/2025\\\/08\\\/Painel-LED-Full-HD-da-serie-THE.webp\",\"contentUrl\":\"https:\\\/\\\/www.telaled.com\\\/wp-content\\\/uploads\\\/2025\\\/08\\\/Painel-LED-Full-HD-da-serie-THE.webp\",\"width\":500,\"height\":500,\"caption\":\"Painel-LED-Full-HD-da-s\u00e9rie-THE\"},{\"@type\":\"BreadcrumbList\",\"@id\":\"https:\\\/\\\/www.telaled.com\\\/fabrica\\\/painel-led-full-hd-da-serie-the\\\/#breadcrumb\",\"itemListElement\":[{\"@type\":\"ListItem\",\"position\":1,\"name\":\"Home\",\"item\":\"https:\\\/\\\/www.telaled.com\\\/\"},{\"@type\":\"ListItem\",\"position\":2,\"name\":\"Produtos\",\"item\":\"https:\\\/\\\/www.telaled.com\\\/shop\\\/\"},{\"@type\":\"ListItem\",\"position\":3,\"name\":\"Painel de LED Full HD S\u00e9rie THE\"}]},{\"@type\":\"WebSite\",\"@id\":\"https:\\\/\\\/www.telaled.com\\\/#website\",\"url\":\"https:\\\/\\\/www.telaled.com\\\/\",\"name\":\"TELALED\",\"description\":\"\",\"potentialAction\":[{\"@type\":\"SearchAction\",\"target\":{\"@type\":\"EntryPoint\",\"urlTemplate\":\"https:\\\/\\\/www.telaled.com\\\/?s={search_term_string}\"},\"query-input\":{\"@type\":\"PropertyValueSpecification\",\"valueRequired\":true,\"valueName\":\"search_term_string\"}}],\"inLanguage\":\"it-IT\"}]}<\/script>\n<!-- \/ Yoast SEO plugin. -->","yoast_head_json":{"title":"Pannello LED Full HD della serie THE | Schermo 1080p con passo fine per ambienti interni ed esterni | |TELALED","description":"I nostri pannelli LED Full HD della serie THE offrono una nitida risoluzione 1080p, un pixel pitch ridotto e una luminosit\u00e0 di oltre 5.000 nit. Realizzati con robusti contenitori in alluminio pressofuso, garantiscono immagini stabili e senza interruzioni.","robots":{"index":"index","follow":"follow","max-snippet":"max-snippet:-1","max-image-preview":"max-image-preview:large","max-video-preview":"max-video-preview:-1"},"canonical":"https:\/\/www.telaled.com\/it\/fabrica\/painel-led-full-hd-da-serie-the\/","og_locale":"it_IT","og_type":"article","og_title":"Painel de LED Full HD S\u00e9rie THE | Tela de 1080p com Passo Fino para Ambientes Internos e Externos | |TELALED","og_description":"Nossos Painel LED Full HD da s\u00e9rie THE oferecem resolu\u00e7\u00e3o n\u00edtida de 1080p, pixel pitch fino e brilho de mais de 5.000 nits. Constru\u00eddos com gabinetes dur\u00e1veis de alum\u00ednio fundido para visuais est\u00e1veis e cont\u00ednuos.","og_url":"https:\/\/www.telaled.com\/it\/fabrica\/painel-led-full-hd-da-serie-the\/","og_site_name":"TELALED","article_modified_time":"2026-01-05T04:15:53+00:00","og_image":[{"width":500,"height":500,"url":"https:\/\/www.telaled.com\/wp-content\/uploads\/2025\/08\/Painel-LED-Full-HD-da-serie-THE.webp","type":"image\/webp"}],"twitter_card":"summary_large_image","twitter_misc":{"Tempo di lettura stimato":"3 minuti"},"schema":{"@context":"https:\/\/schema.org","@graph":[{"@type":"WebPage","@id":"https:\/\/www.telaled.com\/fabrica\/painel-led-full-hd-da-serie-the\/","url":"https:\/\/www.telaled.com\/fabrica\/painel-led-full-hd-da-serie-the\/","name":"Pannello LED Full HD della serie THE | Schermo 1080p con passo fine per ambienti interni ed esterni | |TELALED","isPartOf":{"@id":"https:\/\/www.telaled.com\/#website"},"primaryImageOfPage":{"@id":"https:\/\/www.telaled.com\/fabrica\/painel-led-full-hd-da-serie-the\/#primaryimage"},"image":{"@id":"https:\/\/www.telaled.com\/fabrica\/painel-led-full-hd-da-serie-the\/#primaryimage"},"thumbnailUrl":"https:\/\/www.telaled.com\/wp-content\/uploads\/2025\/08\/Painel-LED-Full-HD-da-serie-THE.webp","datePublished":"2025-08-11T01:33:20+00:00","dateModified":"2026-01-05T04:15:53+00:00","description":"I nostri pannelli LED Full HD della serie THE offrono una nitida risoluzione 1080p, un pixel pitch ridotto e una luminosit\u00e0 di oltre 5.000 nit. Realizzati con robusti contenitori in alluminio pressofuso, garantiscono immagini stabili e senza interruzioni.","breadcrumb":{"@id":"https:\/\/www.telaled.com\/fabrica\/painel-led-full-hd-da-serie-the\/#breadcrumb"},"inLanguage":"it-IT","potentialAction":[{"@type":"ReadAction","target":["https:\/\/www.telaled.com\/fabrica\/painel-led-full-hd-da-serie-the\/"]}]},{"@type":"ImageObject","inLanguage":"it-IT","@id":"https:\/\/www.telaled.com\/fabrica\/painel-led-full-hd-da-serie-the\/#primaryimage","url":"https:\/\/www.telaled.com\/wp-content\/uploads\/2025\/08\/Painel-LED-Full-HD-da-serie-THE.webp","contentUrl":"https:\/\/www.telaled.com\/wp-content\/uploads\/2025\/08\/Painel-LED-Full-HD-da-serie-THE.webp","width":500,"height":500,"caption":"Painel-LED-Full-HD-da-s\u00e9rie-THE"},{"@type":"BreadcrumbList","@id":"https:\/\/www.telaled.com\/fabrica\/painel-led-full-hd-da-serie-the\/#breadcrumb","itemListElement":[{"@type":"ListItem","position":1,"name":"Home","item":"https:\/\/www.telaled.com\/"},{"@type":"ListItem","position":2,"name":"Produtos","item":"https:\/\/www.telaled.com\/shop\/"},{"@type":"ListItem","position":3,"name":"Painel de LED Full HD S\u00e9rie THE"}]},{"@type":"WebSite","@id":"https:\/\/www.telaled.com\/#website","url":"https:\/\/www.telaled.com\/","name":"schermo LED","description":"","potentialAction":[{"@type":"SearchAction","target":{"@type":"EntryPoint","urlTemplate":"https:\/\/www.telaled.com\/?s={search_term_string}"},"query-input":{"@type":"PropertyValueSpecification","valueRequired":true,"valueName":"search_term_string"}}],"inLanguage":"it-IT"}]}},"_links":{"self":[{"href":"https:\/\/www.telaled.com\/it\/wp-json\/wp\/v2\/product\/2913","targetHints":{"allow":["GET"]}}],"collection":[{"href":"https:\/\/www.telaled.com\/it\/wp-json\/wp\/v2\/product"}],"about":[{"href":"https:\/\/www.telaled.com\/it\/wp-json\/wp\/v2\/types\/product"}],"wp:featuredmedia":[{"embeddable":true,"href":"https:\/\/www.telaled.com\/it\/wp-json\/wp\/v2\/media\/2914"}],"wp:attachment":[{"href":"https:\/\/www.telaled.com\/it\/wp-json\/wp\/v2\/media?parent=2913"}],"wp:term":[{"taxonomy":"product_brand","embeddable":true,"href":"https:\/\/www.telaled.com\/it\/wp-json\/wp\/v2\/product_brand?post=2913"},{"taxonomy":"product_cat","embeddable":true,"href":"https:\/\/www.telaled.com\/it\/wp-json\/wp\/v2\/product_cat?post=2913"},{"taxonomy":"product_tag","embeddable":true,"href":"https:\/\/www.telaled.com\/it\/wp-json\/wp\/v2\/product_tag?post=2913"}],"curies":[{"name":"parola chiave","href":"https:\/\/api.w.org\/{rel}","templated":true}]}}