{"id":2877,"date":"2025-08-06T02:44:14","date_gmt":"2025-08-06T02:44:14","guid":{"rendered":"https:\/\/www.telaled.com\/?post_type=product&#038;p=2877"},"modified":"2026-01-05T03:21:25","modified_gmt":"2026-01-05T03:21:25","slug":"painel-de-led-para-sala-de-conferencia-serie-tid","status":"publish","type":"product","link":"https:\/\/www.telaled.com\/it\/fabrica\/painel-de-led-para-sala-de-conferencia-serie-tid\/","title":{"rendered":"Pannello LED per sale conferenze serie TID"},"content":{"rendered":"<div class=\"row\"  id=\"row-343547827\">\n\n\t<div id=\"col-1727999537\" class=\"col small-12 large-12\"  >\n\t\t\t\t<div class=\"col-inner\"  >\n\t\t\t\n\t\t\t\n<h2>Vantaggi esclusivi del display LED per sale conferenze della serie TID<\/h2>\n<h3><strong>Durata superiore<\/strong><\/h3>\n<ul>\n<li>Involucro in lega di magnesio con parte posteriore completamente sigillata per resistenza alla polvere e affidabilit\u00e0 a lungo termine.<\/li>\n<li>I moduli LED di alta qualit\u00e0 con un design di collegamento rigido e stabile garantiscono prestazioni costanti e ridotte esigenze di manutenzione.<\/li>\n<\/ul>\n<h3><strong>Qualit\u00e0 visiva eccezionale<\/strong><\/h3>\n<ul>\n<li>La frequenza di aggiornamento di 3840 Hz e il rapporto di contrasto di 6000:1 garantiscono una riproduzione fluida e senza sfarfallio, con neri profondi e colori vividi per un&#039;esperienza visiva professionale.<\/li>\n<li>Gli ampi angoli di visione orizzontali di 160\u00b0 e verticali di 140\u00b0 mantengono le immagini nitide e precise da praticamente qualsiasi posizione nella stanza.<\/li>\n<\/ul>\n<h3><strong>Completa adattabilit\u00e0<\/strong><\/h3>\n<ul>\n<li>Il formato dello schermo 4:3 supporta configurazioni dello schermo 4:3 e 16:9 per diverse disposizioni della stanza.<\/li>\n<li>Diverse opzioni di pixel pitch (P1.23-P4.0) per soddisfare le esigenze di distanza di visualizzazione e risoluzione.<\/li>\n<\/ul>\n<h3><strong>Supporto completo<\/strong><\/h3>\n<ul>\n<li>Supporto tecnico remoto 24 ore su 24, 7 giorni su 7: ricevi assistenza quando ne hai bisogno, ovunque tu sia.<\/li>\n<li>5% di pezzi di ricambio forniti: ogni spedizione include componenti extra per una maggiore affidabilit\u00e0 e tranquillit\u00e0.<\/li>\n<li>Garanzia estesa di 3 anni: beneficia di una protezione a lungo termine per prestazioni migliori e un supporto affidabile.<\/li>\n<\/ul>\n<h2>Dettagli del prodotto<\/h2>\n<div class=\"row\"  id=\"row-873643071\">\n\n\t<div id=\"col-1223397072\" class=\"col medium-10 small-12 large-10\"  >\n\t\t\t\t<div class=\"col-inner text-left\"  >\n\t\t\t\n\t\t\t\n<ul>\n<li>Il case in lega di magnesio da 640 x 480 mm \u00e8 leggero, pesa 7,5 kg e ha uno spessore di soli 48 mm. Il meccanismo di bloccaggio rapido e preciso garantisce un allineamento perfetto, mentre le maniglie ergonomiche rendono l&#039;installazione e il trasporto rapidi e sicuri.<\/li>\n<\/ul>\n\t<div class=\"img has-hover x md-x lg-x y md-y lg-y\" id=\"image_239734901\">\n\t\t\t\t\t\t\t\t<div class=\"img-inner dark\" >\n\t\t\t<img loading=\"lazy\" decoding=\"async\" width=\"800\" height=\"404\" src=\"https:\/\/www.telaled.com\/wp-content\/uploads\/2025\/08\/Design-de-gabinete-ideal.webp\" class=\"attachment-original size-original\" alt=\"Design ideale del mobile\" srcset=\"https:\/\/www.telaled.com\/wp-content\/uploads\/2025\/08\/Design-de-gabinete-ideal.webp 800w, https:\/\/www.telaled.com\/wp-content\/uploads\/2025\/08\/Design-de-gabinete-ideal-300x152.webp 300w, https:\/\/www.telaled.com\/wp-content\/uploads\/2025\/08\/Design-de-gabinete-ideal-768x388.webp 768w, https:\/\/www.telaled.com\/wp-content\/uploads\/2025\/08\/Design-de-gabinete-ideal-18x9.webp 18w, https:\/\/www.telaled.com\/wp-content\/uploads\/2025\/08\/Design-de-gabinete-ideal-600x303.webp 600w\" sizes=\"auto, (max-width: 800px) 100vw, 800px\" \/>\t\t\t\t\t\t\n\t\t\t\t\t<\/div>\n\t\t\t\t\t\t\t\t\n<style>\n#image_239734901 {\n  width: 95%;\n}\n<\/style>\n\t<\/div>\n\t\n\t\t<\/div>\n\t\t\t\t\t<\/div>\n\n\t\n\n\t<div id=\"col-310943624\" class=\"col medium-10 small-12 large-10\"  >\n\t\t\t\t<div class=\"col-inner text-left\"  >\n\t\t\t\n\t\t\t\n<ul>\n<li>I moduli LED magnetici si staccano in meno di 5 secondi per un rapido accesso frontale a tutti i componenti, risparmiando tempo ed eliminando la necessit\u00e0 di un accesso posteriore.<\/li>\n<\/ul>\n\t<div class=\"img has-hover x md-x lg-x y md-y lg-y\" id=\"image_2079597663\">\n\t\t\t\t\t\t\t\t<div class=\"img-inner dark\" >\n\t\t\t<img loading=\"lazy\" decoding=\"async\" width=\"800\" height=\"500\" src=\"https:\/\/www.telaled.com\/wp-content\/uploads\/2025\/08\/Manutencao-Frontal-Completa-2.webp\" class=\"attachment-large size-large\" alt=\"Manutenzione completa della parte anteriore\" srcset=\"https:\/\/www.telaled.com\/wp-content\/uploads\/2025\/08\/Manutencao-Frontal-Completa-2.webp 800w, https:\/\/www.telaled.com\/wp-content\/uploads\/2025\/08\/Manutencao-Frontal-Completa-2-300x188.webp 300w, https:\/\/www.telaled.com\/wp-content\/uploads\/2025\/08\/Manutencao-Frontal-Completa-2-768x480.webp 768w, https:\/\/www.telaled.com\/wp-content\/uploads\/2025\/08\/Manutencao-Frontal-Completa-2-18x12.webp 18w, https:\/\/www.telaled.com\/wp-content\/uploads\/2025\/08\/Manutencao-Frontal-Completa-2-600x375.webp 600w\" sizes=\"auto, (max-width: 800px) 100vw, 800px\" \/>\t\t\t\t\t\t\n\t\t\t\t\t<\/div>\n\t\t\t\t\t\t\t\t\n<style>\n#image_2079597663 {\n  width: 95%;\n}\n<\/style>\n\t<\/div>\n\t\n<ul>\n<li>Utilizza chiusure a sgancio rapido di precisione e cablaggio interno per garantire un allineamento perfetto. I cabinet si collegano senza problemi, offrendo una superficie ultrapiatta e un&#039;esperienza visiva impeccabile.<\/li>\n<\/ul>\n\t<div class=\"img has-hover x md-x lg-x y md-y lg-y\" id=\"image_127632912\">\n\t\t\t\t\t\t\t\t<div class=\"img-inner dark\" >\n\t\t\t<img loading=\"lazy\" decoding=\"async\" width=\"660\" height=\"440\" src=\"https:\/\/www.telaled.com\/wp-content\/uploads\/2025\/08\/Emenda-perfeita-para-uma-exibicao-excepcional.webp\" class=\"attachment-large size-large\" alt=\"\" srcset=\"https:\/\/www.telaled.com\/wp-content\/uploads\/2025\/08\/Emenda-perfeita-para-uma-exibicao-excepcional.webp 660w, https:\/\/www.telaled.com\/wp-content\/uploads\/2025\/08\/Emenda-perfeita-para-uma-exibicao-excepcional-300x200.webp 300w, https:\/\/www.telaled.com\/wp-content\/uploads\/2025\/08\/Emenda-perfeita-para-uma-exibicao-excepcional-18x12.webp 18w, https:\/\/www.telaled.com\/wp-content\/uploads\/2025\/08\/Emenda-perfeita-para-uma-exibicao-excepcional-600x400.webp 600w\" sizes=\"auto, (max-width: 660px) 100vw, 660px\" \/>\t\t\t\t\t\t\n\t\t\t\t\t<\/div>\n\t\t\t\t\t\t\t\t\n<style>\n#image_127632912 {\n  width: 95%;\n}\n<\/style>\n\t<\/div>\n\t\n\t\t<\/div>\n\t\t\t\t\t<\/div>\n\n\t\n\n\t<div id=\"col-380233771\" class=\"col medium-10 small-12 large-10\"  >\n\t\t\t\t<div class=\"col-inner text-left\"  >\n\t\t\t\n\t\t\t\n<ul>\n<li>I display a LED vengono imballati in base alla tipologia e all&#039;applicazione. Le unit\u00e0 espositive complete vengono imballate in casse di legno per la massima stabilit\u00e0, mentre i moduli LED vengono spediti in scatole di cartone. I display a noleggio ricevono un trattamento speciale, solitamente imballati in casse per il trasporto aereo o in semplici scatole rinforzate con telai in legno per una maggiore protezione.<\/li>\n<\/ul>\n\t<div class=\"img has-hover x md-x lg-x y md-y lg-y\" id=\"image_2099946185\">\n\t\t\t\t\t\t\t\t<div class=\"img-inner dark\" >\n\t\t\t<img loading=\"lazy\" decoding=\"async\" width=\"760\" height=\"1024\" src=\"https:\/\/www.telaled.com\/wp-content\/uploads\/2025\/06\/Embalagem-760x1024.webp\" class=\"attachment-large size-large\" alt=\"Confezione\" srcset=\"https:\/\/www.telaled.com\/wp-content\/uploads\/2025\/06\/Embalagem-760x1024.webp 760w, https:\/\/www.telaled.com\/wp-content\/uploads\/2025\/06\/Embalagem-223x300.webp 223w, https:\/\/www.telaled.com\/wp-content\/uploads\/2025\/06\/Embalagem-768x1035.webp 768w, https:\/\/www.telaled.com\/wp-content\/uploads\/2025\/06\/Embalagem-9x12.webp 9w, https:\/\/www.telaled.com\/wp-content\/uploads\/2025\/06\/Embalagem-600x808.webp 600w, https:\/\/www.telaled.com\/wp-content\/uploads\/2025\/06\/Embalagem.webp 795w\" sizes=\"auto, (max-width: 760px) 100vw, 760px\" \/>\t\t\t\t\t\t\n\t\t\t\t\t<\/div>\n\t\t\t\t\t\t\t\t\n<style>\n#image_2099946185 {\n  width: 95%;\n}\n<\/style>\n\t<\/div>\n\t\n\t\t<\/div>\n\t\t\t\t\t<\/div>\n\n\t\n<\/div>\n\t\t<\/div>\n\t\t\t\t\t<\/div>\n\n\t\n\n\t<div id=\"col-1978379630\" class=\"col small-12 large-12\"  >\n\t\t\t\t<div class=\"col-inner\"  >\n\t\t\t\n\t\t\t\n<div class=\"row\"  id=\"row-2056316395\">\n\n\t<div id=\"col-1093587963\" class=\"col medium-10 small-12 large-10\"  >\n\t\t\t\t<div class=\"col-inner\"  >\n\t\t\t\n\t\t\t\n\n<table id=\"tablepress-54\" class=\"tablepress tablepress-id-54\">\n<thead>\n<tr class=\"row-1\">\n\t<th class=\"column-1\">Articolo<\/th><th class=\"column-2\">TID 1,25<\/th><th class=\"column-3\">TID 1.53<\/th><th class=\"column-4\">TID 1.86<\/th><th class=\"column-5\">TID 2.5<\/th>\n<\/tr>\n<\/thead>\n<tbody class=\"row-striping row-hover\">\n<tr class=\"row-2\">\n\t<td class=\"column-1\">Passo pixel (mm)<\/td><td class=\"column-2\">P1,25 mm<\/td><td class=\"column-3\">P1,53 mm<\/td><td class=\"column-4\">P1,86 mm<\/td><td class=\"column-5\">P2,5 mm<\/td>\n<\/tr>\n<tr class=\"row-3\">\n\t<td class=\"column-1\">GUIDATO<\/td><td class=\"column-2\">SMD1010<\/td><td class=\"column-3\">SMD1212<\/td><td class=\"column-4\">SMD1515<\/td><td class=\"column-5\">SMD2020<\/td>\n<\/tr>\n<tr class=\"row-4\">\n\t<td class=\"column-1\">Risoluzione del modulo (punti)<\/td><td class=\"column-2\">256*128<\/td><td class=\"column-3\">208*104<\/td><td class=\"column-4\">172*86<\/td><td class=\"column-5\">128*64<\/td>\n<\/tr>\n<tr class=\"row-5\">\n\t<td class=\"column-1\">Dimensioni del modulo (mm)<\/td><td class=\"column-2\">320*160<\/td><td class=\"column-3\">320*160<\/td><td class=\"column-4\">320*160<\/td><td class=\"column-5\">320*160<\/td>\n<\/tr>\n<tr class=\"row-6\">\n\t<td class=\"column-1\">Risoluzione del Consiglio dei Ministri (punti)<\/td><td class=\"column-2\">512*384<\/td><td class=\"column-3\">416*312<\/td><td class=\"column-4\">344*258<\/td><td class=\"column-5\">256*192<\/td>\n<\/tr>\n<tr class=\"row-7\">\n\t<td class=\"column-1\">Dimensioni del mobile (mm)<\/td><td class=\"column-2\">640 mm*480 mm*(LxA)<\/td><td class=\"column-3\">640 mm*480 mm*(LxA)<\/td><td class=\"column-4\">640 mm*480 mm*(LxA)<\/td><td class=\"column-5\">640 mm*480 mm*(LxA)<\/td>\n<\/tr>\n<tr class=\"row-8\">\n\t<td class=\"column-1\">Densit\u00e0 di pixel (punti\/pc)<\/td><td class=\"column-2\">196608<\/td><td class=\"column-3\">129792<\/td><td class=\"column-4\">88752<\/td><td class=\"column-5\">49152<\/td>\n<\/tr>\n<tr class=\"row-9\">\n\t<td class=\"column-1\">Facilit\u00e0 di manutenzione<\/td><td class=\"column-2\">Servizio front-end completo<\/td><td class=\"column-3\">Servizio front-end completo<\/td><td class=\"column-4\">Servizio front-end completo<\/td><td class=\"column-5\">Servizio front-end completo<\/td>\n<\/tr>\n<tr class=\"row-10\">\n\t<td class=\"column-1\">Livello di protezione (anteriore\/posteriore)<\/td><td class=\"column-2\">IP50<\/td><td class=\"column-3\">IP50<\/td><td class=\"column-4\">IP50<\/td><td class=\"column-5\">IP50<\/td>\n<\/tr>\n<tr class=\"row-11\">\n\t<td class=\"column-1\">Peso<\/td><td class=\"column-2\">7,5 kg<\/td><td class=\"column-3\">7,5 kg<\/td><td class=\"column-4\">7,5 kg<\/td><td class=\"column-5\">7,5 kg<\/td>\n<\/tr>\n<tr class=\"row-12\">\n\t<td class=\"column-1\">Livello di grigio (bit)<\/td><td class=\"column-2\">14<\/td><td class=\"column-3\">14<\/td><td class=\"column-4\">14<\/td><td class=\"column-5\">14<\/td>\n<\/tr>\n<tr class=\"row-13\">\n\t<td class=\"column-1\">Luminosit\u00e0 (cd\/\u33a1)<\/td><td class=\"column-2\">650<\/td><td class=\"column-3\">650<\/td><td class=\"column-4\">750<\/td><td class=\"column-5\">800<\/td>\n<\/tr>\n<tr class=\"row-14\">\n\t<td class=\"column-1\">Contrasto<\/td><td class=\"column-2\">6000:1<\/td><td class=\"column-3\">6000:1<\/td><td class=\"column-4\">6000:1<\/td><td class=\"column-5\">6000:1<\/td>\n<\/tr>\n<tr class=\"row-15\">\n\t<td class=\"column-1\">Gamma di colori<\/td><td class=\"column-2\">\u226590% NTSC<\/td><td class=\"column-3\">\u226590% NTSC<\/td><td class=\"column-4\">\u226590% NTSC<\/td><td class=\"column-5\">\u226590% NTSC<\/td>\n<\/tr>\n<tr class=\"row-16\">\n\t<td class=\"column-1\">Frequenza di aggiornamento (Hz)<\/td><td class=\"column-2\">3840<\/td><td class=\"column-3\">3840<\/td><td class=\"column-4\">3840<\/td><td class=\"column-5\">3840<\/td>\n<\/tr>\n<tr class=\"row-17\">\n\t<td class=\"column-1\">Angolo di visione verticale<\/td><td class=\"column-2\">140\u00b0<\/td><td class=\"column-3\">140\u00b0<\/td><td class=\"column-4\">140\u00b0<\/td><td class=\"column-5\">140\u00b0<\/td>\n<\/tr>\n<tr class=\"row-18\">\n\t<td class=\"column-1\">Uniformit\u00e0 della luminosit\u00e0<\/td><td class=\"column-2\">\u226595%<\/td><td class=\"column-3\">\u226595%<\/td><td class=\"column-4\">\u226595%<\/td><td class=\"column-5\">\u226595%<\/td>\n<\/tr>\n<\/tbody>\n<\/table>\n\n\t\t<\/div>\n\t\t\t\t\t<\/div>\n\n\t\n<\/div>\n\t\t<\/div>\n\t\t\t\t\t<\/div>\n\n\t\n<\/div>","protected":false},"excerpt":{"rendered":"<p><strong>Display LED per sale conferenze serie TID: soluzioni di visualizzazione per interni ad alta definizione<\/strong><\/p>\n<p>IL <strong><em>Pannello LED per sale conferenze serie TID<\/em><\/strong> Offre immagini nitide e vivide e una facile manutenzione grazie al design sottile, alle cuciture senza soluzione di continuit\u00e0 e al rapido accesso per la manutenzione frontale.<\/p>\n<p><strong>Caratteristiche principali:<\/strong><\/p>\n<ul>\n<li><strong>Immagini nitide e ad alta risoluzione:<\/strong> I pixel pitch da 1,35 a 4,0 mm garantiscono testi nitidi e immagini vivide, ideali per presentazioni e videoconferenze.<\/li>\n<li><strong>Emendamento perfetto:<\/strong> Gli involucri da 640\u00d7480 mm con blocchi di precisione a sgancio rapido garantiscono un allineamento perfetto e un&#039;uniformit\u00e0 di luminosit\u00e0 \u226595%.<\/li>\n<li><strong>Rapporti di visualizzazione flessibili:<\/strong> Il formato 4:3 supporta sia le configurazioni 4:3 che 16:9, consentendo configurazioni scalabili per qualsiasi sala conferenze.<\/li>\n<\/ul>\n<p>Assistenza remota online 24 ore su 24, 7 giorni su 7 e garanzia di 3 anni inclusa. Contattaci subito per un preventivo personalizzato.<\/p>","protected":false},"featured_media":2878,"template":"","meta":[],"product_brand":[],"product_cat":[40,46],"product_tag":[],"class_list":{"0":"post-2877","1":"product","2":"type-product","3":"status-publish","4":"has-post-thumbnail","6":"product_cat-painel-de-led","7":"product_cat-painel-de-video","9":"first","10":"instock","11":"shipping-taxable","12":"product-type-simple"},"yoast_head":"<!-- This site is optimized with the Yoast SEO plugin v27.5 - https:\/\/yoast.com\/product\/yoast-seo-wordpress\/ -->\n<title>Painel de LED Para Sala de Confer\u00eancia S\u00e9rie TID | Telas de Alta Resolu\u00e7\u00e3o para Reuni\u00f5e | TELALED<\/title>\n<meta name=\"description\" content=\"Atualize sua sala de confer\u00eancias com os Painel de LED Para Sala de Confer\u00eancia S\u00e9rie TID. Ofere\u00e7a visuais n\u00edtidos e apresenta\u00e7\u00f5es claras para reuni\u00f5es produtivas. Entre em contato conosco hoje mesmo para um or\u00e7amento.\" \/>\n<meta name=\"robots\" content=\"index, follow, max-snippet:-1, max-image-preview:large, max-video-preview:-1\" \/>\n<link rel=\"canonical\" href=\"https:\/\/www.telaled.com\/it\/fabrica\/painel-de-led-para-sala-de-conferencia-serie-tid\/\" \/>\n<meta property=\"og:locale\" content=\"it_IT\" \/>\n<meta property=\"og:type\" content=\"article\" \/>\n<meta property=\"og:title\" content=\"Painel de LED Para Sala de Confer\u00eancia S\u00e9rie TID | Telas de Alta Resolu\u00e7\u00e3o para Reuni\u00f5e | TELALED\" \/>\n<meta property=\"og:description\" content=\"Atualize sua sala de confer\u00eancias com os Painel de LED Para Sala de Confer\u00eancia S\u00e9rie TID. Ofere\u00e7a visuais n\u00edtidos e apresenta\u00e7\u00f5es claras para reuni\u00f5es produtivas. Entre em contato conosco hoje mesmo para um or\u00e7amento.\" \/>\n<meta property=\"og:url\" content=\"https:\/\/www.telaled.com\/it\/fabrica\/painel-de-led-para-sala-de-conferencia-serie-tid\/\" \/>\n<meta property=\"og:site_name\" content=\"TELALED\" \/>\n<meta property=\"article:modified_time\" content=\"2026-01-05T03:21:25+00:00\" \/>\n<meta property=\"og:image\" content=\"https:\/\/www.telaled.com\/wp-content\/uploads\/2025\/08\/Painel-de-LED-Para-Sala-de-Conferencia.webp\" \/>\n\t<meta property=\"og:image:width\" content=\"500\" \/>\n\t<meta property=\"og:image:height\" content=\"500\" \/>\n\t<meta property=\"og:image:type\" content=\"image\/webp\" \/>\n<meta name=\"twitter:card\" content=\"summary_large_image\" \/>\n<meta name=\"twitter:label1\" content=\"Tempo di lettura stimato\" \/>\n\t<meta name=\"twitter:data1\" content=\"3 minuti\" \/>\n<script type=\"application\/ld+json\" class=\"yoast-schema-graph\">{\"@context\":\"https:\\\/\\\/schema.org\",\"@graph\":[{\"@type\":\"WebPage\",\"@id\":\"https:\\\/\\\/www.telaled.com\\\/fabrica\\\/painel-de-led-para-sala-de-conferencia-serie-tid\\\/\",\"url\":\"https:\\\/\\\/www.telaled.com\\\/fabrica\\\/painel-de-led-para-sala-de-conferencia-serie-tid\\\/\",\"name\":\"Painel de LED Para Sala de Confer\u00eancia S\u00e9rie TID | Telas de Alta Resolu\u00e7\u00e3o para Reuni\u00f5e | TELALED\",\"isPartOf\":{\"@id\":\"https:\\\/\\\/www.telaled.com\\\/#website\"},\"primaryImageOfPage\":{\"@id\":\"https:\\\/\\\/www.telaled.com\\\/fabrica\\\/painel-de-led-para-sala-de-conferencia-serie-tid\\\/#primaryimage\"},\"image\":{\"@id\":\"https:\\\/\\\/www.telaled.com\\\/fabrica\\\/painel-de-led-para-sala-de-conferencia-serie-tid\\\/#primaryimage\"},\"thumbnailUrl\":\"https:\\\/\\\/www.telaled.com\\\/wp-content\\\/uploads\\\/2025\\\/08\\\/Painel-de-LED-Para-Sala-de-Conferencia.webp\",\"datePublished\":\"2025-08-06T02:44:14+00:00\",\"dateModified\":\"2026-01-05T03:21:25+00:00\",\"description\":\"Atualize sua sala de confer\u00eancias com os Painel de LED Para Sala de Confer\u00eancia S\u00e9rie TID. Ofere\u00e7a visuais n\u00edtidos e apresenta\u00e7\u00f5es claras para reuni\u00f5es produtivas. Entre em contato conosco hoje mesmo para um or\u00e7amento.\",\"breadcrumb\":{\"@id\":\"https:\\\/\\\/www.telaled.com\\\/fabrica\\\/painel-de-led-para-sala-de-conferencia-serie-tid\\\/#breadcrumb\"},\"inLanguage\":\"it-IT\",\"potentialAction\":[{\"@type\":\"ReadAction\",\"target\":[\"https:\\\/\\\/www.telaled.com\\\/fabrica\\\/painel-de-led-para-sala-de-conferencia-serie-tid\\\/\"]}]},{\"@type\":\"ImageObject\",\"inLanguage\":\"it-IT\",\"@id\":\"https:\\\/\\\/www.telaled.com\\\/fabrica\\\/painel-de-led-para-sala-de-conferencia-serie-tid\\\/#primaryimage\",\"url\":\"https:\\\/\\\/www.telaled.com\\\/wp-content\\\/uploads\\\/2025\\\/08\\\/Painel-de-LED-Para-Sala-de-Conferencia.webp\",\"contentUrl\":\"https:\\\/\\\/www.telaled.com\\\/wp-content\\\/uploads\\\/2025\\\/08\\\/Painel-de-LED-Para-Sala-de-Conferencia.webp\",\"width\":500,\"height\":500,\"caption\":\"Painel-de-LED-Para-Sala-de-Confer\u00eancia\"},{\"@type\":\"BreadcrumbList\",\"@id\":\"https:\\\/\\\/www.telaled.com\\\/fabrica\\\/painel-de-led-para-sala-de-conferencia-serie-tid\\\/#breadcrumb\",\"itemListElement\":[{\"@type\":\"ListItem\",\"position\":1,\"name\":\"Home\",\"item\":\"https:\\\/\\\/www.telaled.com\\\/\"},{\"@type\":\"ListItem\",\"position\":2,\"name\":\"Produtos\",\"item\":\"https:\\\/\\\/www.telaled.com\\\/shop\\\/\"},{\"@type\":\"ListItem\",\"position\":3,\"name\":\"Painel de LED Para Sala de Confer\u00eancia S\u00e9rie TID\"}]},{\"@type\":\"WebSite\",\"@id\":\"https:\\\/\\\/www.telaled.com\\\/#website\",\"url\":\"https:\\\/\\\/www.telaled.com\\\/\",\"name\":\"TELALED\",\"description\":\"\",\"potentialAction\":[{\"@type\":\"SearchAction\",\"target\":{\"@type\":\"EntryPoint\",\"urlTemplate\":\"https:\\\/\\\/www.telaled.com\\\/?s={search_term_string}\"},\"query-input\":{\"@type\":\"PropertyValueSpecification\",\"valueRequired\":true,\"valueName\":\"search_term_string\"}}],\"inLanguage\":\"it-IT\"}]}<\/script>\n<!-- \/ Yoast SEO plugin. -->","yoast_head_json":{"title":"Display LED per sale conferenze serie TID | Schermi per riunioni ad alta risoluzione | TELALED","description":"Aggiorna la tua sala conferenze con i display LED per sale conferenze della serie TID. Offri immagini nitide e presentazioni chiare per riunioni produttive. Contattaci oggi stesso per un preventivo.","robots":{"index":"index","follow":"follow","max-snippet":"max-snippet:-1","max-image-preview":"max-image-preview:large","max-video-preview":"max-video-preview:-1"},"canonical":"https:\/\/www.telaled.com\/it\/fabrica\/painel-de-led-para-sala-de-conferencia-serie-tid\/","og_locale":"it_IT","og_type":"article","og_title":"Painel de LED Para Sala de Confer\u00eancia S\u00e9rie TID | Telas de Alta Resolu\u00e7\u00e3o para Reuni\u00f5e | TELALED","og_description":"Atualize sua sala de confer\u00eancias com os Painel de LED Para Sala de Confer\u00eancia S\u00e9rie TID. Ofere\u00e7a visuais n\u00edtidos e apresenta\u00e7\u00f5es claras para reuni\u00f5es produtivas. Entre em contato conosco hoje mesmo para um or\u00e7amento.","og_url":"https:\/\/www.telaled.com\/it\/fabrica\/painel-de-led-para-sala-de-conferencia-serie-tid\/","og_site_name":"TELALED","article_modified_time":"2026-01-05T03:21:25+00:00","og_image":[{"width":500,"height":500,"url":"https:\/\/www.telaled.com\/wp-content\/uploads\/2025\/08\/Painel-de-LED-Para-Sala-de-Conferencia.webp","type":"image\/webp"}],"twitter_card":"summary_large_image","twitter_misc":{"Tempo di lettura stimato":"3 minuti"},"schema":{"@context":"https:\/\/schema.org","@graph":[{"@type":"WebPage","@id":"https:\/\/www.telaled.com\/fabrica\/painel-de-led-para-sala-de-conferencia-serie-tid\/","url":"https:\/\/www.telaled.com\/fabrica\/painel-de-led-para-sala-de-conferencia-serie-tid\/","name":"Display LED per sale conferenze serie TID | Schermi per riunioni ad alta risoluzione | TELALED","isPartOf":{"@id":"https:\/\/www.telaled.com\/#website"},"primaryImageOfPage":{"@id":"https:\/\/www.telaled.com\/fabrica\/painel-de-led-para-sala-de-conferencia-serie-tid\/#primaryimage"},"image":{"@id":"https:\/\/www.telaled.com\/fabrica\/painel-de-led-para-sala-de-conferencia-serie-tid\/#primaryimage"},"thumbnailUrl":"https:\/\/www.telaled.com\/wp-content\/uploads\/2025\/08\/Painel-de-LED-Para-Sala-de-Conferencia.webp","datePublished":"2025-08-06T02:44:14+00:00","dateModified":"2026-01-05T03:21:25+00:00","description":"Aggiorna la tua sala conferenze con i display LED per sale conferenze della serie TID. Offri immagini nitide e presentazioni chiare per riunioni produttive. Contattaci oggi stesso per un preventivo.","breadcrumb":{"@id":"https:\/\/www.telaled.com\/fabrica\/painel-de-led-para-sala-de-conferencia-serie-tid\/#breadcrumb"},"inLanguage":"it-IT","potentialAction":[{"@type":"ReadAction","target":["https:\/\/www.telaled.com\/fabrica\/painel-de-led-para-sala-de-conferencia-serie-tid\/"]}]},{"@type":"ImageObject","inLanguage":"it-IT","@id":"https:\/\/www.telaled.com\/fabrica\/painel-de-led-para-sala-de-conferencia-serie-tid\/#primaryimage","url":"https:\/\/www.telaled.com\/wp-content\/uploads\/2025\/08\/Painel-de-LED-Para-Sala-de-Conferencia.webp","contentUrl":"https:\/\/www.telaled.com\/wp-content\/uploads\/2025\/08\/Painel-de-LED-Para-Sala-de-Conferencia.webp","width":500,"height":500,"caption":"Painel-de-LED-Para-Sala-de-Confer\u00eancia"},{"@type":"BreadcrumbList","@id":"https:\/\/www.telaled.com\/fabrica\/painel-de-led-para-sala-de-conferencia-serie-tid\/#breadcrumb","itemListElement":[{"@type":"ListItem","position":1,"name":"Home","item":"https:\/\/www.telaled.com\/"},{"@type":"ListItem","position":2,"name":"Produtos","item":"https:\/\/www.telaled.com\/shop\/"},{"@type":"ListItem","position":3,"name":"Painel de LED Para Sala de Confer\u00eancia S\u00e9rie TID"}]},{"@type":"WebSite","@id":"https:\/\/www.telaled.com\/#website","url":"https:\/\/www.telaled.com\/","name":"schermo LED","description":"","potentialAction":[{"@type":"SearchAction","target":{"@type":"EntryPoint","urlTemplate":"https:\/\/www.telaled.com\/?s={search_term_string}"},"query-input":{"@type":"PropertyValueSpecification","valueRequired":true,"valueName":"search_term_string"}}],"inLanguage":"it-IT"}]}},"_links":{"self":[{"href":"https:\/\/www.telaled.com\/it\/wp-json\/wp\/v2\/product\/2877","targetHints":{"allow":["GET"]}}],"collection":[{"href":"https:\/\/www.telaled.com\/it\/wp-json\/wp\/v2\/product"}],"about":[{"href":"https:\/\/www.telaled.com\/it\/wp-json\/wp\/v2\/types\/product"}],"wp:featuredmedia":[{"embeddable":true,"href":"https:\/\/www.telaled.com\/it\/wp-json\/wp\/v2\/media\/2878"}],"wp:attachment":[{"href":"https:\/\/www.telaled.com\/it\/wp-json\/wp\/v2\/media?parent=2877"}],"wp:term":[{"taxonomy":"product_brand","embeddable":true,"href":"https:\/\/www.telaled.com\/it\/wp-json\/wp\/v2\/product_brand?post=2877"},{"taxonomy":"product_cat","embeddable":true,"href":"https:\/\/www.telaled.com\/it\/wp-json\/wp\/v2\/product_cat?post=2877"},{"taxonomy":"product_tag","embeddable":true,"href":"https:\/\/www.telaled.com\/it\/wp-json\/wp\/v2\/product_tag?post=2877"}],"curies":[{"name":"parola chiave","href":"https:\/\/api.w.org\/{rel}","templated":true}]}}