{"id":2792,"date":"2025-07-29T08:46:16","date_gmt":"2025-07-29T08:46:16","guid":{"rendered":"https:\/\/www.telaled.com\/?post_type=product&#038;p=2792"},"modified":"2026-01-05T01:57:39","modified_gmt":"2026-01-05T01:57:39","slug":"paineis-de-led-outdoor-serie-tod","status":"publish","type":"product","link":"https:\/\/www.telaled.com\/it\/fabrica\/paineis-de-led-outdoor-serie-tod\/","title":{"rendered":"Pannelli LED per esterni serie TOD"},"content":{"rendered":"<div class=\"row\"  id=\"row-433484583\">\n\n\t<div id=\"col-884081981\" class=\"col small-12 large-12\"  >\n\t\t\t\t<div class=\"col-inner\"  >\n\t\t\t\n\t\t\t\n<h2>Vantaggi esclusivi dei pannelli LED per esterni della serie TOD<\/h2>\n<h3><strong>Durata superiore<\/strong><\/h3>\n<ul>\n<li>Realizzato con un telaio posteriore in alluminio pressofuso, progettato per resistere alle alte temperature e prevenire l&#039;accensione, garantendo una rapida dissipazione del calore. Il telaio \u00e8 realizzato in un materiale ignifugo standard, in grado di funzionare ad alte temperature senza il rischio di combustione spontanea.<\/li>\n<li>Utilizzare alimentatori separati, riducendo l&#039; <a href=\"https:\/\/www.telaled.com\/it\/entendendo-o-consumo-de-energia-painel-de-led-quao-eficientes-sao-os-displays-de-led-modernos\/\">consumo di energia<\/a> e generazione di calore. I moduli in alluminio garantiscono un&#039;eccellente dissipazione del calore, consentendo di ottenere fino a 75% di risparmio energetico e riduzione dei costi.<\/li>\n<\/ul>\n<h3><strong>Qualit\u00e0 visiva eccezionale<\/strong><\/h3>\n<ul>\n<li>Elevata frequenza di aggiornamento fino a 1920\/3840 Hz<\/li>\n<li>Ampio angolo di visione 160\u00b0\/140\u00b0<\/li>\n<\/ul>\n<h3><strong>Completa adattabilit\u00e0<\/strong><\/h3>\n<ul>\n<li>Durata di vita di 100.000.<\/li>\n<li>Luminosit\u00e0 fino a 6.000~10.000 cd\/m2<\/li>\n<\/ul>\n<h3><strong>Supporto completo<\/strong><\/h3>\n<ul>\n<li>Supporto tecnico remoto 24 ore su 24, 7 giorni su 7: disponibile ogni volta che hai bisogno di assistenza.<\/li>\n<li>5% di pezzi di ricambio inclusi: goditi una maggiore tranquillit\u00e0.<\/li>\n<li>Garanzia estesa di 3 anni: beneficia di affidabilit\u00e0 a lungo termine e supporto completo.<\/li>\n<\/ul>\n<h2>Dettagli del prodotto<\/h2>\n<div class=\"row\"  id=\"row-1868764726\">\n\n\t<div id=\"col-41594616\" class=\"col medium-10 small-12 large-10\"  >\n\t\t\t\t<div class=\"col-inner text-left\"  >\n\t\t\t\n\t\t\t\n<ul>\n<li>La protezione di grado IP65 garantisce un funzionamento stabile del display anche in condizioni meteorologiche estreme, come ad esempio: alte temperature, basse temperature ed elevata umidit\u00e0.<\/li>\n<\/ul>\n\t<div class=\"img has-hover x md-x lg-x y md-y lg-y\" id=\"image_1202614406\">\n\t\t\t\t\t\t\t\t<div class=\"img-inner dark\" >\n\t\t\t<img loading=\"lazy\" decoding=\"async\" width=\"1440\" height=\"500\" src=\"https:\/\/www.telaled.com\/wp-content\/uploads\/2025\/07\/Nivel-de-protecao-IP65.webp\" class=\"attachment-original size-original\" alt=\"Livello di protezione IP65\" srcset=\"https:\/\/www.telaled.com\/wp-content\/uploads\/2025\/07\/Nivel-de-protecao-IP65.webp 1440w, https:\/\/www.telaled.com\/wp-content\/uploads\/2025\/07\/Nivel-de-protecao-IP65-300x104.webp 300w, https:\/\/www.telaled.com\/wp-content\/uploads\/2025\/07\/Nivel-de-protecao-IP65-1024x356.webp 1024w, https:\/\/www.telaled.com\/wp-content\/uploads\/2025\/07\/Nivel-de-protecao-IP65-768x267.webp 768w, https:\/\/www.telaled.com\/wp-content\/uploads\/2025\/07\/Nivel-de-protecao-IP65-18x6.webp 18w, https:\/\/www.telaled.com\/wp-content\/uploads\/2025\/07\/Nivel-de-protecao-IP65-600x208.webp 600w\" sizes=\"auto, (max-width: 1440px) 100vw, 1440px\" \/>\t\t\t\t\t\t\n\t\t\t\t\t<\/div>\n\t\t\t\t\t\t\t\t\n<style>\n#image_1202614406 {\n  width: 95%;\n}\n<\/style>\n\t<\/div>\n\t\n\t\t<\/div>\n\t\t\t\t\t<\/div>\n\n\t\n\n\t<div id=\"col-44606613\" class=\"col medium-10 small-12 large-10\"  >\n\t\t\t\t<div class=\"col-inner text-left\"  >\n\t\t\t\n\t\t\t\n<ul>\n<li>Piedini della lampada riempiti con doppia colla liquida, garantendo protezione e durata superiori<\/li>\n<\/ul>\n\t<div class=\"img has-hover x md-x lg-x y md-y lg-y\" id=\"image_1209603537\">\n\t\t\t\t\t\t\t\t<div class=\"img-inner dark\" >\n\t\t\t<img loading=\"lazy\" decoding=\"async\" width=\"640\" height=\"430\" src=\"https:\/\/www.telaled.com\/wp-content\/uploads\/2025\/07\/Base-para-lampada-com-dupla-cola-liquida.webp\" class=\"attachment-large size-large\" alt=\"\" srcset=\"https:\/\/www.telaled.com\/wp-content\/uploads\/2025\/07\/Base-para-lampada-com-dupla-cola-liquida.webp 640w, https:\/\/www.telaled.com\/wp-content\/uploads\/2025\/07\/Base-para-lampada-com-dupla-cola-liquida-300x202.webp 300w, https:\/\/www.telaled.com\/wp-content\/uploads\/2025\/07\/Base-para-lampada-com-dupla-cola-liquida-18x12.webp 18w, https:\/\/www.telaled.com\/wp-content\/uploads\/2025\/07\/Base-para-lampada-com-dupla-cola-liquida-600x403.webp 600w\" sizes=\"auto, (max-width: 640px) 100vw, 640px\" \/>\t\t\t\t\t\t\n\t\t\t\t\t<\/div>\n\t\t\t\t\t\t\t\t\n<style>\n#image_1209603537 {\n  width: 95%;\n}\n<\/style>\n\t<\/div>\n\t\n<ul>\n<li>Dimensioni resistenti e versatili<\/li>\n<\/ul>\n\t<div class=\"img has-hover x md-x lg-x y md-y lg-y\" id=\"image_347138608\">\n\t\t\t\t\t\t\t\t<div class=\"img-inner dark\" >\n\t\t\t<img loading=\"lazy\" decoding=\"async\" width=\"1020\" height=\"283\" src=\"https:\/\/www.telaled.com\/wp-content\/uploads\/2025\/07\/Tamanhos-duraveis-e-versateis-1024x284.webp\" class=\"attachment-large size-large\" alt=\"Dimensioni resistenti e versatili\" srcset=\"https:\/\/www.telaled.com\/wp-content\/uploads\/2025\/07\/Tamanhos-duraveis-e-versateis-1024x284.webp 1024w, https:\/\/www.telaled.com\/wp-content\/uploads\/2025\/07\/Tamanhos-duraveis-e-versateis-300x83.webp 300w, https:\/\/www.telaled.com\/wp-content\/uploads\/2025\/07\/Tamanhos-duraveis-e-versateis-768x213.webp 768w, https:\/\/www.telaled.com\/wp-content\/uploads\/2025\/07\/Tamanhos-duraveis-e-versateis-18x5.webp 18w, https:\/\/www.telaled.com\/wp-content\/uploads\/2025\/07\/Tamanhos-duraveis-e-versateis-600x167.webp 600w, https:\/\/www.telaled.com\/wp-content\/uploads\/2025\/07\/Tamanhos-duraveis-e-versateis.webp 1440w\" sizes=\"auto, (max-width: 1020px) 100vw, 1020px\" \/>\t\t\t\t\t\t\n\t\t\t\t\t<\/div>\n\t\t\t\t\t\t\t\t\n<style>\n#image_347138608 {\n  width: 95%;\n}\n<\/style>\n\t<\/div>\n\t\n\t\t<\/div>\n\t\t\t\t\t<\/div>\n\n\t\n\n\t<div id=\"col-448192776\" class=\"col medium-10 small-12 large-10\"  >\n\t\t\t\t<div class=\"col-inner text-left\"  >\n\t\t\t\n\t\t\t\n<ul>\n<li>I display LED vengono imballati in base alla tipologia e all&#039;uso previsto, garantendo un trasporto sicuro. I sistemi completi vengono imballati in casse di legno per una maggiore stabilit\u00e0, mentre i singoli moduli LED sono imballati in robuste scatole di cartone. I display a noleggio vengono spediti in speciali scatole per il trasporto aereo per una maggiore protezione. Alcuni articoli vengono imballati anche in scatole semplici, ma includono casse di legno per una maggiore sicurezza.<\/li>\n<\/ul>\n\t<div class=\"img has-hover x md-x lg-x y md-y lg-y\" id=\"image_67350231\">\n\t\t\t\t\t\t\t\t<div class=\"img-inner dark\" >\n\t\t\t<img loading=\"lazy\" decoding=\"async\" width=\"760\" height=\"1024\" src=\"https:\/\/www.telaled.com\/wp-content\/uploads\/2025\/06\/Embalagem-760x1024.webp\" class=\"attachment-large size-large\" alt=\"Confezione\" srcset=\"https:\/\/www.telaled.com\/wp-content\/uploads\/2025\/06\/Embalagem-760x1024.webp 760w, https:\/\/www.telaled.com\/wp-content\/uploads\/2025\/06\/Embalagem-223x300.webp 223w, https:\/\/www.telaled.com\/wp-content\/uploads\/2025\/06\/Embalagem-768x1035.webp 768w, https:\/\/www.telaled.com\/wp-content\/uploads\/2025\/06\/Embalagem-9x12.webp 9w, https:\/\/www.telaled.com\/wp-content\/uploads\/2025\/06\/Embalagem-600x808.webp 600w, https:\/\/www.telaled.com\/wp-content\/uploads\/2025\/06\/Embalagem.webp 795w\" sizes=\"auto, (max-width: 760px) 100vw, 760px\" \/>\t\t\t\t\t\t\n\t\t\t\t\t<\/div>\n\t\t\t\t\t\t\t\t\n<style>\n#image_67350231 {\n  width: 95%;\n}\n<\/style>\n\t<\/div>\n\t\n\t\t<\/div>\n\t\t\t\t\t<\/div>\n\n\t\n<\/div>\n\t\t<\/div>\n\t\t\t\t\t<\/div>\n\n\t\n\n\t<div id=\"col-511464644\" class=\"col small-12 large-12\"  >\n\t\t\t\t<div class=\"col-inner\"  >\n\t\t\t\n\t\t\t\n<div class=\"row\"  id=\"row-1385106030\">\n\n\t<div id=\"col-1465579261\" class=\"col medium-10 small-12 large-10\"  >\n\t\t\t\t<div class=\"col-inner\"  >\n\t\t\t\n\t\t\t\n\n<table id=\"tablepress-49\" class=\"tablepress tablepress-id-49\">\n<thead>\n<tr class=\"row-1\">\n\t<th class=\"column-1\">Modello<\/th><th class=\"column-2\">TOD - 3.8<\/th><th class=\"column-3\">TOD - 5.3<\/th><th class=\"column-4\">TOD - 6.67<\/th><th class=\"column-5\">OGGI - 8<\/th><th class=\"column-6\">TOD - 10<\/th>\n<\/tr>\n<\/thead>\n<tbody class=\"row-striping row-hover\">\n<tr class=\"row-2\">\n\t<td class=\"column-1\">Passo pixel (mm)<\/td><td class=\"column-2\">3.8<\/td><td class=\"column-3\">5.33<\/td><td class=\"column-4\">6.67<\/td><td class=\"column-5\">8<\/td><td class=\"column-6\">10<\/td>\n<\/tr>\n<tr class=\"row-3\">\n\t<td class=\"column-1\">Dimensioni del modulo (mm)<\/td><td class=\"column-2\">320\u00d7320<\/td><td class=\"column-3\">320\u00d7320<\/td><td class=\"column-4\">320\u00d7320<\/td><td class=\"column-5\">320\u00d7320<\/td><td class=\"column-6\">320\u00d7320<\/td>\n<\/tr>\n<tr class=\"row-4\">\n\t<td class=\"column-1\">Risoluzione del modulo (punti)<\/td><td class=\"column-2\">84\u00d784<\/td><td class=\"column-3\">60\u00d760<br \/>\n<\/td><td class=\"column-4\">48\u00d748<\/td><td class=\"column-5\">40\u00d740<\/td><td class=\"column-6\">32\u00d732<\/td>\n<\/tr>\n<tr class=\"row-5\">\n\t<td class=\"column-1\">Dimensioni del mobile (mm)<\/td><td class=\"column-2\">960\u00d7960<\/td><td class=\"column-3\">960\u00d7960<\/td><td class=\"column-4\">960\u00d7960<\/td><td class=\"column-5\">960\u00d7960<\/td><td class=\"column-6\">960\u00d7960<\/td>\n<\/tr>\n<tr class=\"row-6\">\n\t<td class=\"column-1\">Risoluzione del Consiglio dei Ministri (punti)<\/td><td class=\"column-2\">252\u00d7252<\/td><td class=\"column-3\">180\u00d7180<\/td><td class=\"column-4\">144\u00d7144<\/td><td class=\"column-5\">120\u00d7120<\/td><td class=\"column-6\">96\u00d796<\/td>\n<\/tr>\n<tr class=\"row-7\">\n\t<td class=\"column-1\">Peso del mobile (kg)<\/td><td class=\"column-2\">32<\/td><td class=\"column-3\">32<\/td><td class=\"column-4\">32<\/td><td class=\"column-5\">32<\/td><td class=\"column-6\">32<\/td>\n<\/tr>\n<tr class=\"row-8\">\n\t<td class=\"column-1\">Densit\u00e0 pixel (Pixel\/\u33a1)<\/td><td class=\"column-2\">69,696<\/td><td class=\"column-3\">35,344<\/td><td class=\"column-4\">22,500<\/td><td class=\"column-5\">15,625<\/td><td class=\"column-6\">10,000<\/td>\n<\/tr>\n<tr class=\"row-9\">\n\t<td class=\"column-1\">Lucentezza (lendini)<\/td><td class=\"column-2\">6,000~ 10,000<\/td><td class=\"column-3\">6,000~ 10,000<\/td><td class=\"column-4\">6,000~ 10,000<\/td><td class=\"column-5\">6,000~ 10,000<\/td><td class=\"column-6\">6,000~ 10,000<\/td>\n<\/tr>\n<tr class=\"row-10\">\n\t<td class=\"column-1\">Temperatura del colore (K)<\/td><td class=\"column-2\">3,000~ 10,000<\/td><td class=\"column-3\">3,000~ 10,000<\/td><td class=\"column-4\">3,000~ 10,000<\/td><td class=\"column-5\">3,000~ 10,000<\/td><td class=\"column-6\">3,000~ 10,000<\/td>\n<\/tr>\n<tr class=\"row-11\">\n\t<td class=\"column-1\">Angolo di visione (L\/A)<\/td><td class=\"column-2\">160\/140<\/td><td class=\"column-3\">160\/140<\/td><td class=\"column-4\">160\/140<\/td><td class=\"column-5\">160\/140<\/td><td class=\"column-6\">160\/140<\/td>\n<\/tr>\n<tr class=\"row-12\">\n\t<td class=\"column-1\">Rapporto di contrasto<\/td><td class=\"column-2\">5000:1<\/td><td class=\"column-3\">5000:1<\/td><td class=\"column-4\">5000:1<\/td><td class=\"column-5\">5000:1<\/td><td class=\"column-6\">5000:1<\/td>\n<\/tr>\n<tr class=\"row-13\">\n\t<td class=\"column-1\">Frequenza di aggiornamento (Hz)<\/td><td class=\"column-2\">1920\/3840<\/td><td class=\"column-3\">1920\/3840<\/td><td class=\"column-4\">1920\/3840<\/td><td class=\"column-5\">1920\/3840<\/td><td class=\"column-6\">1920\/3840<\/td>\n<\/tr>\n<tr class=\"row-14\">\n\t<td class=\"column-1\">Frequenza dei fotogrammi<\/td><td class=\"column-2\">50\/60 Hz<\/td><td class=\"column-3\">50\/60 Hz<\/td><td class=\"column-4\">50\/60 Hz<\/td><td class=\"column-5\">50\/60 Hz<\/td><td class=\"column-6\">50\/60 Hz<\/td>\n<\/tr>\n<tr class=\"row-15\">\n\t<td class=\"column-1\">Consumo energetico (W\/\u33a1)<\/td><td class=\"column-2\">Massimo: 600; Media: 200<\/td><td class=\"column-3\">Massimo: 600; Media: 200<\/td><td class=\"column-4\">Massimo: 600; Media: 200<\/td><td class=\"column-5\">Massimo: 600; Media: 200<\/td><td class=\"column-6\">Massimo: 600; Media: 200<\/td>\n<\/tr>\n<tr class=\"row-16\">\n\t<td class=\"column-1\">Accesso al servizio<\/td><td class=\"column-2\">Anteriore Posteriore<\/td><td class=\"column-3\">Anteriore Posteriore<\/td><td class=\"column-4\">Anteriore Posteriore<\/td><td class=\"column-5\">Anteriore Posteriore<\/td><td class=\"column-6\">Anteriore Posteriore<\/td>\n<\/tr>\n<tr class=\"row-17\">\n\t<td class=\"column-1\">Durata della vita (ore)<\/td><td class=\"column-2\">100,000<\/td><td class=\"column-3\">100,000<\/td><td class=\"column-4\">100,000<\/td><td class=\"column-5\">100,000<\/td><td class=\"column-6\">100,000<\/td>\n<\/tr>\n<tr class=\"row-18\">\n\t<td class=\"column-1\">Temperatura di lavoro (\u2103)<\/td><td class=\"column-2\"><br \/>\n-40~70<\/td><td class=\"column-3\"><br \/>\n-40~70<\/td><td class=\"column-4\"><br \/>\n-40~70<\/td><td class=\"column-5\"><br \/>\n-40~70<\/td><td class=\"column-6\"><br \/>\n-40~70<\/td>\n<\/tr>\n<tr class=\"row-19\">\n\t<td class=\"column-1\">Umidit\u00e0 di lavoro (%)<\/td><td class=\"column-2\">0~90<\/td><td class=\"column-3\">0~90<\/td><td class=\"column-4\">0~90<\/td><td class=\"column-5\">0~90<\/td><td class=\"column-6\">0~90<\/td>\n<\/tr>\n<\/tbody>\n<\/table>\n\n\t\t<\/div>\n\t\t\t\t\t<\/div>\n\n\t\n<\/div>\n\t\t<\/div>\n\t\t\t\t\t<\/div>\n\n\t\n<\/div>","protected":false},"excerpt":{"rendered":"<p><strong>Insegne LED per esterni della serie TOD: progettate per condizioni difficili, pronte a fare la differenza<\/strong><\/p>\n<p>IL <em><strong>Pannello LED per esterni serie TOD<\/strong><\/em> Progettato per ambienti difficili, offre un&#039;elevata resistenza agli agenti atmosferici e prestazioni visive stabili. Disponibile in diverse dimensioni e conteggi di pixel per un&#039;installazione flessibile.<\/p>\n<p><strong>Caratteristiche principali:<\/strong><\/p>\n<ul>\n<li><strong>Varie dimensioni di armadietto:<\/strong> Le opzioni includono 960 x 960, 640 x 960, 640 x 640 e 960 x 640 mm per configurazioni flessibili.<\/li>\n<li><strong>Rapida dissipazione del calore<\/strong>Resistenza alle alte temperature con efficiente dissipazione del calore, prevenendo guasti.<\/li>\n<li><strong>Output visivo coerente:<\/strong> Mantiene luminosit\u00e0 e nitidezza anche sotto la luce diretta del sole e in condizioni meteorologiche variabili.<\/li>\n<\/ul>\n<p>Installazione e sostituzione rapide, i moduli standardizzati da 320 x 320 mm consentono un facile assemblaggio e una rapida manutenzione in loco.<\/p>\n<p>Offriamo assistenza remota 24 ore su 24, 7 giorni su 7 e una garanzia standard di 3 anni. Contattaci subito per un preventivo personalizzato.<\/p>","protected":false},"featured_media":2793,"template":"","meta":[],"product_brand":[],"product_cat":[40,46],"product_tag":[],"class_list":{"0":"post-2792","1":"product","2":"type-product","3":"status-publish","4":"has-post-thumbnail","6":"product_cat-painel-de-led","7":"product_cat-painel-de-video","9":"first","10":"instock","11":"shipping-taxable","12":"product-type-simple"},"yoast_head":"<!-- This site is optimized with the Yoast SEO plugin v27.5 - https:\/\/yoast.com\/product\/yoast-seo-wordpress\/ -->\n<title>Pain\u00e9is de LED Outdoor de Alta Qualidade para Displays Claros e de Alta Visibilidade em Todas as Condi\u00e7\u00f5es Clim\u00e1ticas | TELALED<\/title>\n<meta name=\"description\" content=\"Obtenha visuais n\u00edtidos e vibrantes com nossos Pain\u00e9is de LED Outdoor, resistentes \u00e0s intemp\u00e9ries. Perfeitos para publicidade e exibi\u00e7\u00f5es p\u00fablicas. Compre agora solu\u00e7\u00f5es confi\u00e1veis e com efici\u00eancia energ\u00e9tica.\" \/>\n<meta name=\"robots\" content=\"index, follow, max-snippet:-1, max-image-preview:large, max-video-preview:-1\" \/>\n<link rel=\"canonical\" href=\"https:\/\/www.telaled.com\/it\/fabrica\/paineis-de-led-outdoor-serie-tod\/\" \/>\n<meta property=\"og:locale\" content=\"it_IT\" \/>\n<meta property=\"og:type\" content=\"article\" \/>\n<meta property=\"og:title\" content=\"Pain\u00e9is de LED Outdoor de Alta Qualidade para Displays Claros e de Alta Visibilidade em Todas as Condi\u00e7\u00f5es Clim\u00e1ticas | TELALED\" \/>\n<meta property=\"og:description\" content=\"Obtenha visuais n\u00edtidos e vibrantes com nossos Pain\u00e9is de LED Outdoor, resistentes \u00e0s intemp\u00e9ries. Perfeitos para publicidade e exibi\u00e7\u00f5es p\u00fablicas. Compre agora solu\u00e7\u00f5es confi\u00e1veis e com efici\u00eancia energ\u00e9tica.\" \/>\n<meta property=\"og:url\" content=\"https:\/\/www.telaled.com\/it\/fabrica\/paineis-de-led-outdoor-serie-tod\/\" \/>\n<meta property=\"og:site_name\" content=\"TELALED\" \/>\n<meta property=\"article:modified_time\" content=\"2026-01-05T01:57:39+00:00\" \/>\n<meta property=\"og:image\" content=\"https:\/\/www.telaled.com\/wp-content\/uploads\/2025\/07\/Paineis-de-LED-Outdoor-Serie-TOD.webp\" \/>\n\t<meta property=\"og:image:width\" content=\"500\" \/>\n\t<meta property=\"og:image:height\" content=\"500\" \/>\n\t<meta property=\"og:image:type\" content=\"image\/webp\" \/>\n<meta name=\"twitter:card\" content=\"summary_large_image\" \/>\n<meta name=\"twitter:label1\" content=\"Tempo di lettura stimato\" \/>\n\t<meta name=\"twitter:data1\" content=\"2 minuti\" \/>\n<script type=\"application\/ld+json\" class=\"yoast-schema-graph\">{\"@context\":\"https:\\\/\\\/schema.org\",\"@graph\":[{\"@type\":\"WebPage\",\"@id\":\"https:\\\/\\\/www.telaled.com\\\/fabrica\\\/paineis-de-led-outdoor-serie-tod\\\/\",\"url\":\"https:\\\/\\\/www.telaled.com\\\/fabrica\\\/paineis-de-led-outdoor-serie-tod\\\/\",\"name\":\"Pain\u00e9is de LED Outdoor de Alta Qualidade para Displays Claros e de Alta Visibilidade em Todas as Condi\u00e7\u00f5es Clim\u00e1ticas | TELALED\",\"isPartOf\":{\"@id\":\"https:\\\/\\\/www.telaled.com\\\/#website\"},\"primaryImageOfPage\":{\"@id\":\"https:\\\/\\\/www.telaled.com\\\/fabrica\\\/paineis-de-led-outdoor-serie-tod\\\/#primaryimage\"},\"image\":{\"@id\":\"https:\\\/\\\/www.telaled.com\\\/fabrica\\\/paineis-de-led-outdoor-serie-tod\\\/#primaryimage\"},\"thumbnailUrl\":\"https:\\\/\\\/www.telaled.com\\\/wp-content\\\/uploads\\\/2025\\\/07\\\/Paineis-de-LED-Outdoor-Serie-TOD.webp\",\"datePublished\":\"2025-07-29T08:46:16+00:00\",\"dateModified\":\"2026-01-05T01:57:39+00:00\",\"description\":\"Obtenha visuais n\u00edtidos e vibrantes com nossos Pain\u00e9is de LED Outdoor, resistentes \u00e0s intemp\u00e9ries. Perfeitos para publicidade e exibi\u00e7\u00f5es p\u00fablicas. Compre agora solu\u00e7\u00f5es confi\u00e1veis e com efici\u00eancia energ\u00e9tica.\",\"breadcrumb\":{\"@id\":\"https:\\\/\\\/www.telaled.com\\\/fabrica\\\/paineis-de-led-outdoor-serie-tod\\\/#breadcrumb\"},\"inLanguage\":\"it-IT\",\"potentialAction\":[{\"@type\":\"ReadAction\",\"target\":[\"https:\\\/\\\/www.telaled.com\\\/fabrica\\\/paineis-de-led-outdoor-serie-tod\\\/\"]}]},{\"@type\":\"ImageObject\",\"inLanguage\":\"it-IT\",\"@id\":\"https:\\\/\\\/www.telaled.com\\\/fabrica\\\/paineis-de-led-outdoor-serie-tod\\\/#primaryimage\",\"url\":\"https:\\\/\\\/www.telaled.com\\\/wp-content\\\/uploads\\\/2025\\\/07\\\/Paineis-de-LED-Outdoor-Serie-TOD.webp\",\"contentUrl\":\"https:\\\/\\\/www.telaled.com\\\/wp-content\\\/uploads\\\/2025\\\/07\\\/Paineis-de-LED-Outdoor-Serie-TOD.webp\",\"width\":500,\"height\":500,\"caption\":\"Pain\u00e9is-de-LED-Outdoor-S\u00e9rie-TOD\"},{\"@type\":\"BreadcrumbList\",\"@id\":\"https:\\\/\\\/www.telaled.com\\\/fabrica\\\/paineis-de-led-outdoor-serie-tod\\\/#breadcrumb\",\"itemListElement\":[{\"@type\":\"ListItem\",\"position\":1,\"name\":\"Home\",\"item\":\"https:\\\/\\\/www.telaled.com\\\/\"},{\"@type\":\"ListItem\",\"position\":2,\"name\":\"Produtos\",\"item\":\"https:\\\/\\\/www.telaled.com\\\/shop\\\/\"},{\"@type\":\"ListItem\",\"position\":3,\"name\":\"Pain\u00e9is de LED Outdoor S\u00e9rie TOD\"}]},{\"@type\":\"WebSite\",\"@id\":\"https:\\\/\\\/www.telaled.com\\\/#website\",\"url\":\"https:\\\/\\\/www.telaled.com\\\/\",\"name\":\"TELALED\",\"description\":\"\",\"potentialAction\":[{\"@type\":\"SearchAction\",\"target\":{\"@type\":\"EntryPoint\",\"urlTemplate\":\"https:\\\/\\\/www.telaled.com\\\/?s={search_term_string}\"},\"query-input\":{\"@type\":\"PropertyValueSpecification\",\"valueRequired\":true,\"valueName\":\"search_term_string\"}}],\"inLanguage\":\"it-IT\"}]}<\/script>\n<!-- \/ Yoast SEO plugin. -->","yoast_head_json":{"title":"Segnaletica LED per esterni di alta qualit\u00e0 per display chiari e ad alta visibilit\u00e0 in tutte le condizioni atmosferiche | TELALED","description":"Ottieni immagini nitide e vivaci con le nostre insegne LED per esterni resistenti alle intemperie. Perfette per la pubblicit\u00e0 e le esposizioni pubbliche. Acquista subito soluzioni affidabili ed efficienti dal punto di vista energetico.","robots":{"index":"index","follow":"follow","max-snippet":"max-snippet:-1","max-image-preview":"max-image-preview:large","max-video-preview":"max-video-preview:-1"},"canonical":"https:\/\/www.telaled.com\/it\/fabrica\/paineis-de-led-outdoor-serie-tod\/","og_locale":"it_IT","og_type":"article","og_title":"Pain\u00e9is de LED Outdoor de Alta Qualidade para Displays Claros e de Alta Visibilidade em Todas as Condi\u00e7\u00f5es Clim\u00e1ticas | TELALED","og_description":"Obtenha visuais n\u00edtidos e vibrantes com nossos Pain\u00e9is de LED Outdoor, resistentes \u00e0s intemp\u00e9ries. Perfeitos para publicidade e exibi\u00e7\u00f5es p\u00fablicas. Compre agora solu\u00e7\u00f5es confi\u00e1veis e com efici\u00eancia energ\u00e9tica.","og_url":"https:\/\/www.telaled.com\/it\/fabrica\/paineis-de-led-outdoor-serie-tod\/","og_site_name":"TELALED","article_modified_time":"2026-01-05T01:57:39+00:00","og_image":[{"width":500,"height":500,"url":"https:\/\/www.telaled.com\/wp-content\/uploads\/2025\/07\/Paineis-de-LED-Outdoor-Serie-TOD.webp","type":"image\/webp"}],"twitter_card":"summary_large_image","twitter_misc":{"Tempo di lettura stimato":"2 minuti"},"schema":{"@context":"https:\/\/schema.org","@graph":[{"@type":"WebPage","@id":"https:\/\/www.telaled.com\/fabrica\/paineis-de-led-outdoor-serie-tod\/","url":"https:\/\/www.telaled.com\/fabrica\/paineis-de-led-outdoor-serie-tod\/","name":"Segnaletica LED per esterni di alta qualit\u00e0 per display chiari e ad alta visibilit\u00e0 in tutte le condizioni atmosferiche | TELALED","isPartOf":{"@id":"https:\/\/www.telaled.com\/#website"},"primaryImageOfPage":{"@id":"https:\/\/www.telaled.com\/fabrica\/paineis-de-led-outdoor-serie-tod\/#primaryimage"},"image":{"@id":"https:\/\/www.telaled.com\/fabrica\/paineis-de-led-outdoor-serie-tod\/#primaryimage"},"thumbnailUrl":"https:\/\/www.telaled.com\/wp-content\/uploads\/2025\/07\/Paineis-de-LED-Outdoor-Serie-TOD.webp","datePublished":"2025-07-29T08:46:16+00:00","dateModified":"2026-01-05T01:57:39+00:00","description":"Ottieni immagini nitide e vivaci con le nostre insegne LED per esterni resistenti alle intemperie. Perfette per la pubblicit\u00e0 e le esposizioni pubbliche. Acquista subito soluzioni affidabili ed efficienti dal punto di vista energetico.","breadcrumb":{"@id":"https:\/\/www.telaled.com\/fabrica\/paineis-de-led-outdoor-serie-tod\/#breadcrumb"},"inLanguage":"it-IT","potentialAction":[{"@type":"ReadAction","target":["https:\/\/www.telaled.com\/fabrica\/paineis-de-led-outdoor-serie-tod\/"]}]},{"@type":"ImageObject","inLanguage":"it-IT","@id":"https:\/\/www.telaled.com\/fabrica\/paineis-de-led-outdoor-serie-tod\/#primaryimage","url":"https:\/\/www.telaled.com\/wp-content\/uploads\/2025\/07\/Paineis-de-LED-Outdoor-Serie-TOD.webp","contentUrl":"https:\/\/www.telaled.com\/wp-content\/uploads\/2025\/07\/Paineis-de-LED-Outdoor-Serie-TOD.webp","width":500,"height":500,"caption":"Pain\u00e9is-de-LED-Outdoor-S\u00e9rie-TOD"},{"@type":"BreadcrumbList","@id":"https:\/\/www.telaled.com\/fabrica\/paineis-de-led-outdoor-serie-tod\/#breadcrumb","itemListElement":[{"@type":"ListItem","position":1,"name":"Home","item":"https:\/\/www.telaled.com\/"},{"@type":"ListItem","position":2,"name":"Produtos","item":"https:\/\/www.telaled.com\/shop\/"},{"@type":"ListItem","position":3,"name":"Pain\u00e9is de LED Outdoor S\u00e9rie TOD"}]},{"@type":"WebSite","@id":"https:\/\/www.telaled.com\/#website","url":"https:\/\/www.telaled.com\/","name":"schermo LED","description":"","potentialAction":[{"@type":"SearchAction","target":{"@type":"EntryPoint","urlTemplate":"https:\/\/www.telaled.com\/?s={search_term_string}"},"query-input":{"@type":"PropertyValueSpecification","valueRequired":true,"valueName":"search_term_string"}}],"inLanguage":"it-IT"}]}},"_links":{"self":[{"href":"https:\/\/www.telaled.com\/it\/wp-json\/wp\/v2\/product\/2792","targetHints":{"allow":["GET"]}}],"collection":[{"href":"https:\/\/www.telaled.com\/it\/wp-json\/wp\/v2\/product"}],"about":[{"href":"https:\/\/www.telaled.com\/it\/wp-json\/wp\/v2\/types\/product"}],"wp:featuredmedia":[{"embeddable":true,"href":"https:\/\/www.telaled.com\/it\/wp-json\/wp\/v2\/media\/2793"}],"wp:attachment":[{"href":"https:\/\/www.telaled.com\/it\/wp-json\/wp\/v2\/media?parent=2792"}],"wp:term":[{"taxonomy":"product_brand","embeddable":true,"href":"https:\/\/www.telaled.com\/it\/wp-json\/wp\/v2\/product_brand?post=2792"},{"taxonomy":"product_cat","embeddable":true,"href":"https:\/\/www.telaled.com\/it\/wp-json\/wp\/v2\/product_cat?post=2792"},{"taxonomy":"product_tag","embeddable":true,"href":"https:\/\/www.telaled.com\/it\/wp-json\/wp\/v2\/product_tag?post=2792"}],"curies":[{"name":"parola chiave","href":"https:\/\/api.w.org\/{rel}","templated":true}]}}