{"id":2749,"date":"2025-07-28T02:20:18","date_gmt":"2025-07-28T02:20:18","guid":{"rendered":"https:\/\/www.telaled.com\/?post_type=product&#038;p=2749"},"modified":"2025-12-24T04:48:05","modified_gmt":"2025-12-24T04:48:05","slug":"painel-de-led-externo-serie-tob","status":"publish","type":"product","link":"https:\/\/www.telaled.com\/it\/fabrica\/painel-de-led-externo-serie-tob\/","title":{"rendered":"Pannello LED per esterni serie TOB"},"content":{"rendered":"<div class=\"row\"  id=\"row-963590139\">\n\n\t<div id=\"col-1004416844\" class=\"col small-12 large-12\"  >\n\t\t\t\t<div class=\"col-inner\"  >\n\t\t\t\n\t\t\t\n<h2>Vantaggi esclusivi del pannello LED per esterni della serie TOB<\/h2>\n<h3><strong>Durata superiore<\/strong><\/h3>\n<ul>\n<li>La serie TOB di display LED per esterni utilizza involucri leggeri in alluminio pressofuso con angoli rinforzati e rivestimento anticorrosivo. Progettati per resistere a vibrazioni, calore ed esposizione all&#039;esterno senza deformarsi o arrugginirsi.<\/li>\n<li>Dotato di LED SMD di alta qualit\u00e0 con superficie nera, ogni modulo \u00e8 sigillato ermeticamente per resistere ad acqua e polvere. Mantiene luminosit\u00e0, contrasto e stabilit\u00e0 del colore anche in condizioni meteorologiche estreme.<\/li>\n<\/ul>\n<h3><strong>Qualit\u00e0 visiva eccezionale<\/strong><\/h3>\n<ul>\n<li>Elevata frequenza di aggiornamento fino a 3840 Hz<\/li>\n<li>Ampio angolo di visione di 120\u00b0-160\u00b0<\/li>\n<\/ul>\n<h3><strong>Completa adattabilit\u00e0<\/strong><\/h3>\n<ul>\n<li>Protezione IP65 da pioggia\/polvere per uso interno\/esterno<\/li>\n<li>Temperatura di lavoro: -20~60\u00b0C\/10%~85%<\/li>\n<\/ul>\n<h3><strong>Supporto completo<\/strong><\/h3>\n<ul>\n<li>Supporto tecnico remoto online 24 ore su 24, 7 giorni su 7: assistenza ogni volta che ne hai bisogno.<\/li>\n<li>5% di pezzi di ricambio inclusi: pezzi extra forniti con ogni consegna per una maggiore tranquillit\u00e0.<\/li>\n<li>Garanzia estesa di 3 anni: goditi una copertura a lungo termine per maggiore affidabilit\u00e0 e supporto.<\/li>\n<\/ul>\n<h2>Dettagli del prodotto<\/h2>\n<div class=\"row\"  id=\"row-465787707\">\n\n\t<div id=\"col-792767708\" class=\"col medium-10 small-12 large-10\"  >\n\t\t\t\t<div class=\"col-inner text-left\"  >\n\t\t\t\n\t\t\t\n<ul>\n<li>Elevata frequenza di aggiornamento e alta scala di grigi: offre un&#039;elevata frequenza di aggiornamento e un&#039;elevata scala di grigi, garantendo immagini fluide e senza sfarfallio con dettagli e profondit\u00e0 eccezionali<\/li>\n<\/ul>\n\t<div class=\"img has-hover x md-x lg-x y md-y lg-y\" id=\"image_177761188\">\n\t\t\t\t\t\t\t\t<div class=\"img-inner dark\" >\n\t\t\t<img loading=\"lazy\" decoding=\"async\" width=\"968\" height=\"500\" src=\"https:\/\/www.telaled.com\/wp-content\/uploads\/2025\/07\/Alta-taxa-de-atualizacao-e-alta-escala-de-cinza.webp\" class=\"attachment-original size-original\" alt=\"Alta frequenza di aggiornamento e alta scala di grigi\" srcset=\"https:\/\/www.telaled.com\/wp-content\/uploads\/2025\/07\/Alta-taxa-de-atualizacao-e-alta-escala-de-cinza.webp 968w, https:\/\/www.telaled.com\/wp-content\/uploads\/2025\/07\/Alta-taxa-de-atualizacao-e-alta-escala-de-cinza-300x155.webp 300w, https:\/\/www.telaled.com\/wp-content\/uploads\/2025\/07\/Alta-taxa-de-atualizacao-e-alta-escala-de-cinza-768x397.webp 768w, https:\/\/www.telaled.com\/wp-content\/uploads\/2025\/07\/Alta-taxa-de-atualizacao-e-alta-escala-de-cinza-18x9.webp 18w, https:\/\/www.telaled.com\/wp-content\/uploads\/2025\/07\/Alta-taxa-de-atualizacao-e-alta-escala-de-cinza-600x310.webp 600w\" sizes=\"auto, (max-width: 968px) 100vw, 968px\" \/>\t\t\t\t\t\t\n\t\t\t\t\t<\/div>\n\t\t\t\t\t\t\t\t\n<style>\n#image_177761188 {\n  width: 95%;\n}\n<\/style>\n\t<\/div>\n\t\n\t\t<\/div>\n\t\t\t\t\t<\/div>\n\n\t\n\n\t<div id=\"col-1863305002\" class=\"col medium-10 small-12 large-10\"  >\n\t\t\t\t<div class=\"col-inner text-left\"  >\n\t\t\t\n\t\t\t\n<ul>\n<li>Durata di 100.000 ore e minore manutenzione<\/li>\n<\/ul>\n\t<div class=\"img has-hover x md-x lg-x y md-y lg-y\" id=\"image_499226425\">\n\t\t\t\t\t\t\t\t<div class=\"img-inner dark\" >\n\t\t\t<img loading=\"lazy\" decoding=\"async\" width=\"900\" height=\"540\" src=\"https:\/\/www.telaled.com\/wp-content\/uploads\/2025\/07\/Vida-util-de-100.000-horas-e-menos-manutencao.webp\" class=\"attachment-large size-large\" alt=\"Durata di 100.000 ore e minore manutenzione\" srcset=\"https:\/\/www.telaled.com\/wp-content\/uploads\/2025\/07\/Vida-util-de-100.000-horas-e-menos-manutencao.webp 900w, https:\/\/www.telaled.com\/wp-content\/uploads\/2025\/07\/Vida-util-de-100.000-horas-e-menos-manutencao-300x180.webp 300w, https:\/\/www.telaled.com\/wp-content\/uploads\/2025\/07\/Vida-util-de-100.000-horas-e-menos-manutencao-768x461.webp 768w, https:\/\/www.telaled.com\/wp-content\/uploads\/2025\/07\/Vida-util-de-100.000-horas-e-menos-manutencao-18x12.webp 18w, https:\/\/www.telaled.com\/wp-content\/uploads\/2025\/07\/Vida-util-de-100.000-horas-e-menos-manutencao-600x360.webp 600w\" sizes=\"auto, (max-width: 900px) 100vw, 900px\" \/>\t\t\t\t\t\t\n\t\t\t\t\t<\/div>\n\t\t\t\t\t\t\t\t\n<style>\n#image_499226425 {\n  width: 95%;\n}\n<\/style>\n\t<\/div>\n\t\n<ul>\n<li>Progettato per una manutenzione completa sia anteriore che posteriore, garantendo facile accesso e manutenzione.<\/li>\n<\/ul>\n\t<div class=\"img has-hover x md-x lg-x y md-y lg-y\" id=\"image_1310854415\">\n\t\t\t\t\t\t\t\t<div class=\"img-inner dark\" >\n\t\t\t<img loading=\"lazy\" decoding=\"async\" width=\"640\" height=\"430\" src=\"https:\/\/www.telaled.com\/wp-content\/uploads\/2025\/07\/Manutencao-completa-frontal-e-traseira.webp\" class=\"attachment-large size-large\" alt=\"Manutenzione completa anteriore e posteriore\" srcset=\"https:\/\/www.telaled.com\/wp-content\/uploads\/2025\/07\/Manutencao-completa-frontal-e-traseira.webp 640w, https:\/\/www.telaled.com\/wp-content\/uploads\/2025\/07\/Manutencao-completa-frontal-e-traseira-300x202.webp 300w, https:\/\/www.telaled.com\/wp-content\/uploads\/2025\/07\/Manutencao-completa-frontal-e-traseira-18x12.webp 18w, https:\/\/www.telaled.com\/wp-content\/uploads\/2025\/07\/Manutencao-completa-frontal-e-traseira-600x403.webp 600w\" sizes=\"auto, (max-width: 640px) 100vw, 640px\" \/>\t\t\t\t\t\t\n\t\t\t\t\t<\/div>\n\t\t\t\t\t\t\t\t\n<style>\n#image_1310854415 {\n  width: 95%;\n}\n<\/style>\n\t<\/div>\n\t\n\t\t<\/div>\n\t\t\t\t\t<\/div>\n\n\t\n\n\t<div id=\"col-1847719938\" class=\"col medium-10 small-12 large-10\"  >\n\t\t\t\t<div class=\"col-inner text-left\"  >\n\t\t\t\n\t\t\t\n<ul>\n<li>I display a LED vengono imballati in base alla tipologia e all&#039;utilizzo. I display completi vengono riposti in casse di legno per un migliore supporto. I moduli LED vengono spediti in scatole di cartone. I display a noleggio vengono gestiti in modo diverso: vengono imballati in casse per il trasporto aereo. Alcuni articoli vengono riposti in casse semplici, ma rinforzate con cornici di legno per una maggiore protezione.<\/li>\n<\/ul>\n\t<div class=\"img has-hover x md-x lg-x y md-y lg-y\" id=\"image_2013276264\">\n\t\t\t\t\t\t\t\t<div class=\"img-inner dark\" >\n\t\t\t<img loading=\"lazy\" decoding=\"async\" width=\"760\" height=\"1024\" src=\"https:\/\/www.telaled.com\/wp-content\/uploads\/2025\/06\/Embalagem-760x1024.webp\" class=\"attachment-large size-large\" alt=\"Confezione\" srcset=\"https:\/\/www.telaled.com\/wp-content\/uploads\/2025\/06\/Embalagem-760x1024.webp 760w, https:\/\/www.telaled.com\/wp-content\/uploads\/2025\/06\/Embalagem-223x300.webp 223w, https:\/\/www.telaled.com\/wp-content\/uploads\/2025\/06\/Embalagem-768x1035.webp 768w, https:\/\/www.telaled.com\/wp-content\/uploads\/2025\/06\/Embalagem-9x12.webp 9w, https:\/\/www.telaled.com\/wp-content\/uploads\/2025\/06\/Embalagem-600x808.webp 600w, https:\/\/www.telaled.com\/wp-content\/uploads\/2025\/06\/Embalagem.webp 795w\" sizes=\"auto, (max-width: 760px) 100vw, 760px\" \/>\t\t\t\t\t\t\n\t\t\t\t\t<\/div>\n\t\t\t\t\t\t\t\t\n<style>\n#image_2013276264 {\n  width: 95%;\n}\n<\/style>\n\t<\/div>\n\t\n\t\t<\/div>\n\t\t\t\t\t<\/div>\n\n\t\n<\/div>\n\t\t<\/div>\n\t\t\t\t\t<\/div>\n\n\t\n\n\t<div id=\"col-1504014620\" class=\"col small-12 large-12\"  >\n\t\t\t\t<div class=\"col-inner\"  >\n\t\t\t\n\t\t\t\n<div class=\"row\"  id=\"row-897198026\">\n\n\t<div id=\"col-1641333562\" class=\"col medium-10 small-12 large-10\"  >\n\t\t\t\t<div class=\"col-inner\"  >\n\t\t\t\n\t\t\t\n\n<table id=\"tablepress-47\" class=\"tablepress tablepress-id-47\">\n<thead>\n<tr class=\"row-1\">\n\t<th class=\"column-1\">Modello<\/th><th class=\"column-2\">TOB - 3.91<\/th><th class=\"column-3\">TOB - 4.81<\/th><th class=\"column-4\">TOB - 6.25<\/th><th class=\"column-5\">TOB - 7.81<\/th><th class=\"column-6\">TOB - 10.42<\/th>\n<\/tr>\n<\/thead>\n<tbody class=\"row-striping row-hover\">\n<tr class=\"row-2\">\n\t<td class=\"column-1\">Passo dei pixel<\/td><td class=\"column-2\">3,91 mm<\/td><td class=\"column-3\">4,81 mm<\/td><td class=\"column-4\">6,25 mm<\/td><td class=\"column-5\">7,81 mm<\/td><td class=\"column-6\">10,42 mm<\/td>\n<\/tr>\n<tr class=\"row-3\">\n\t<td class=\"column-1\">Tipo SMD<\/td><td class=\"column-2\">SMD1921<\/td><td class=\"column-3\">SMD1921<\/td><td class=\"column-4\">SMD2727<\/td><td class=\"column-5\">SMD2727<\/td><td class=\"column-6\">SMD2727<\/td>\n<\/tr>\n<tr class=\"row-4\">\n\t<td class=\"column-1\">Densit\u00e0 fisica (punti\/m\u00b2)<\/td><td class=\"column-2\"><br \/>\n65536<\/td><td class=\"column-3\"><br \/>\n43264<\/td><td class=\"column-4\"><br \/>\n25600<\/td><td class=\"column-5\"><br \/>\n16384<\/td><td class=\"column-6\"><br \/>\n9216<\/td>\n<\/tr>\n<tr class=\"row-5\">\n\t<td class=\"column-1\">Risoluzione del modulo<\/td><td class=\"column-2\">128x64<\/td><td class=\"column-3\">104x52<\/td><td class=\"column-4\">80x40<\/td><td class=\"column-5\">64x32<\/td><td class=\"column-6\">48x24<\/td>\n<\/tr>\n<tr class=\"row-6\">\n\t<td class=\"column-1\">Dimensioni del pannello (LxA\/mm)<\/td><td class=\"column-2\"><br \/>\n500x250<\/td><td class=\"column-3\"><br \/>\n500x250<\/td><td class=\"column-4\"><br \/>\n500x250<\/td><td class=\"column-5\"><br \/>\n500x250<\/td><td class=\"column-6\"><br \/>\n500x250<\/td>\n<\/tr>\n<tr class=\"row-7\">\n\t<td class=\"column-1\">Dimensioni del modulo (mm)<\/td><td class=\"column-2\">1000x1000x83<\/td><td class=\"column-3\">1000x1000x83<\/td><td class=\"column-4\">1000x1000x83<\/td><td class=\"column-5\">1000x1000x83<\/td><td class=\"column-6\">1000x1000x83<\/td>\n<\/tr>\n<tr class=\"row-8\">\n\t<td class=\"column-1\">Risoluzione del pannello<\/td><td class=\"column-2\">256x256<\/td><td class=\"column-3\">208x208<\/td><td class=\"column-4\">160x160<\/td><td class=\"column-5\">128x128<\/td><td class=\"column-6\">96x96<\/td>\n<\/tr>\n<tr class=\"row-9\">\n\t<td class=\"column-1\">Numero di moduli (LxA)<\/td><td class=\"column-2\"><br \/>\n2x4<\/td><td class=\"column-3\"><br \/>\n2x4<\/td><td class=\"column-4\"><br \/>\n2x4<\/td><td class=\"column-5\"><br \/>\n2x4<\/td><td class=\"column-6\"><br \/>\n2x4<\/td>\n<\/tr>\n<tr class=\"row-10\">\n\t<td class=\"column-1\">Peso del pannello (kg)<\/td><td class=\"column-2\">22.5<\/td><td class=\"column-3\">22.5<\/td><td class=\"column-4\">22.5<\/td><td class=\"column-5\">22.5<\/td><td class=\"column-6\">22.5<\/td>\n<\/tr>\n<tr class=\"row-11\">\n\t<td class=\"column-1\">Modalit\u00e0 di manutenzione<\/td><td class=\"column-2\">Anteriore e posteriore<\/td><td class=\"column-3\">Anteriore e posteriore<\/td><td class=\"column-4\">Anteriore e posteriore<\/td><td class=\"column-5\">Anteriore e posteriore<\/td><td class=\"column-6\">Anteriore e posteriore<\/td>\n<\/tr>\n<tr class=\"row-12\">\n\t<td class=\"column-1\">Lucentezza (lendini)<\/td><td class=\"column-2\">6000<\/td><td class=\"column-3\">6000<\/td><td class=\"column-4\">6000<\/td><td class=\"column-5\">6000<\/td><td class=\"column-6\">6000<\/td>\n<\/tr>\n<tr class=\"row-13\">\n\t<td class=\"column-1\">Temperatura del colore (K)<\/td><td class=\"column-2\">1000-18500 Regolabile<\/td><td class=\"column-3\">1000-18500 Regolabile<\/td><td class=\"column-4\">1000-18500 Regolabile<\/td><td class=\"column-5\">1000-18500 Regolabile<\/td><td class=\"column-6\">1000-18500 Regolabile<\/td>\n<\/tr>\n<tr class=\"row-14\">\n\t<td class=\"column-1\">Angolo di visione (H\/V)<\/td><td class=\"column-2\">140\u00b0\/160\u00b0<\/td><td class=\"column-3\">140\u00b0\/160\u00b0<\/td><td class=\"column-4\">140\u00b0\/160\u00b0<\/td><td class=\"column-5\">140\u00b0\/160\u00b0<\/td><td class=\"column-6\">140\u00b0\/160\u00b0<\/td>\n<\/tr>\n<tr class=\"row-15\">\n\t<td class=\"column-1\">Distanza di visione migliore<\/td><td class=\"column-2\"><br \/>\n4-100 metri<\/td><td class=\"column-3\"><br \/>\n4-100 metri<\/td><td class=\"column-4\"><br \/>\n6-150 metri<\/td><td class=\"column-5\"><br \/>\n8-150 metri<\/td><td class=\"column-6\"><br \/>\n10-200 metri<\/td>\n<\/tr>\n<tr class=\"row-16\">\n\t<td class=\"column-1\">Rapporto di contrasto<\/td><td class=\"column-2\">10000:1<\/td><td class=\"column-3\">10000:1<\/td><td class=\"column-4\">10000:1<\/td><td class=\"column-5\">10000:1<\/td><td class=\"column-6\">10000:1<\/td>\n<\/tr>\n<tr class=\"row-17\">\n\t<td class=\"column-1\">Frequenza di cambio frame (Hz)<\/td><td class=\"column-2\">50\/60<\/td><td class=\"column-3\">50\/60<\/td><td class=\"column-4\">50\/60<\/td><td class=\"column-5\">50\/60<\/td><td class=\"column-6\">50\/60<\/td>\n<\/tr>\n<tr class=\"row-18\">\n\t<td class=\"column-1\">Modalit\u00e0 di guida<\/td><td class=\"column-2\">Corrente costante 1\/16<\/td><td class=\"column-3\">Corrente costante 1\/13<\/td><td class=\"column-4\">Corrente costante 1\/8<\/td><td class=\"column-5\">Corrente costante 1\/8<\/td><td class=\"column-6\">Corrente costante 1\/8<\/td>\n<\/tr>\n<tr class=\"row-19\">\n\t<td class=\"column-1\">Livello di grigio<\/td><td class=\"column-2\">16 bit<\/td><td class=\"column-3\">16 bit<\/td><td class=\"column-4\">16 bit<\/td><td class=\"column-5\">16 bit<\/td><td class=\"column-6\">16 bit<\/td>\n<\/tr>\n<tr class=\"row-20\">\n\t<td class=\"column-1\">Frequenza di aggiornamento (Hz)<\/td><td class=\"column-2\">3840<\/td><td class=\"column-3\">3840<\/td><td class=\"column-4\">3840<\/td><td class=\"column-5\">3840<\/td><td class=\"column-6\">3840<\/td>\n<\/tr>\n<tr class=\"row-21\">\n\t<td class=\"column-1\">Temperatura\/umidit\u00e0 di lavoro (\u00b0C\/RH)<\/td><td class=\"column-2\"><br \/>\n-20~60\u00b0C\/10%~85%<\/td><td class=\"column-3\"><br \/>\n-20~60\u00b0C\/10%~85%<\/td><td class=\"column-4\"><br \/>\n-20~60\u00b0C\/10%~85%<\/td><td class=\"column-5\"><br \/>\n-20~60\u00b0C\/10%~85%<\/td><td class=\"column-6\"><br \/>\n-20~60\u00b0C\/10%~85%<\/td>\n<\/tr>\n<\/tbody>\n<\/table>\n\n\t\t<\/div>\n\t\t\t\t\t<\/div>\n\n\t\n<\/div>\n\t\t<\/div>\n\t\t\t\t\t<\/div>\n\n\t\n<\/div>","protected":false},"excerpt":{"rendered":"<p><span style=\"font-size: 14.4px;\"><b>Display LED per esterni serie TOB: display leggero, impermeabile e a risparmio energetico<\/b><\/span><\/p>\n<p><span style=\"font-size: 14.4px;\">Nostro <strong><em>Pannello LED per esterni serie TOB<\/em><\/strong> Offre una soluzione leggera ed economica con elevate frequenze di aggiornamento e protezione completa dalle intemperie. Progettato per offrire immagini nitide e facile manutenzione.<\/span><\/p>\n<p><strong>Caratteristiche principali:<\/strong><\/p>\n<ul>\n<li><span style=\"font-size: 14.4px;\"><strong>Efficienza energetica:<\/strong> Consuma meno energia rispetto al 30%. <a href=\"https:\/\/www.telaled.com\/it\/?attachment_id=2760\">Pannelli LED<\/a> standard senza compromettere la luminosit\u00e0.<\/span><\/li>\n<li><span style=\"font-size: 14.4px;\"><strong>Alta frequenza di aggiornamento:<\/strong> La frequenza di 3840 Hz garantisce immagini fluide per una migliore esperienza del pubblico.<\/span><\/li>\n<li><span style=\"font-size: 14.4px;\"><strong>Sottile e leggero:<\/strong> Il modello 35% \u00e8 pi\u00f9 leggero dei tradizionali contenitori, il che lo rende facile da maneggiare e assemblare.<\/span><\/li>\n<li><span style=\"font-size: 14.4px;\"><strong>Facile manutenzione:<\/strong> <a href=\"https:\/\/www.telaled.com\/it\/fabrica\/painel-de-led-para-manutencao-frontal-serie-tib\/\">Servizio di front office<\/a> e rivolto all&#039;indietro per riparazioni pi\u00f9 rapide e tempi di fermo minimi.<\/span><\/li>\n<\/ul>\n<p>Disponibile con pixel pitch da 3,91 mm a 10,42 mm per soddisfare le vostre esigenze di distanza di visione. Dimensioni standard del cabinet (1000 x 1000 mm) per una rapida installazione.<\/p>\n<p>Assistenza remota 24 ore su 24, 7 giorni su 7 e garanzia di 3 anni sono inclusi di serie. Contattaci oggi stesso per un preventivo personalizzato.<\/p>","protected":false},"featured_media":2752,"template":"","meta":[],"product_brand":[],"product_cat":[40,46],"product_tag":[],"class_list":{"0":"post-2749","1":"product","2":"type-product","3":"status-publish","4":"has-post-thumbnail","6":"product_cat-painel-de-led","7":"product_cat-painel-de-video","9":"first","10":"instock","11":"shipping-taxable","12":"product-type-simple"},"yoast_head":"<!-- This site is optimized with the Yoast SEO plugin v27.5 - https:\/\/yoast.com\/product\/yoast-seo-wordpress\/ -->\n<title>Painel de LED Externo S\u00e9rie TOB | Tela \u00e0 Prova de Intemp\u00e9ries para Publicidade e Eventos | TELALED<\/title>\n<meta name=\"description\" content=\"O painel LED para exterior foi concebido para proporcionar imagens brilhantes e de alta resolu\u00e7\u00e3o em qualquer condi\u00e7\u00e3o. Ideal para outdoors, est\u00e1dios e sinaliza\u00e7\u00e3o p\u00fablica. Pe\u00e7a j\u00e1 um or\u00e7amento!\" \/>\n<meta name=\"robots\" content=\"index, follow, max-snippet:-1, max-image-preview:large, max-video-preview:-1\" \/>\n<link rel=\"canonical\" href=\"https:\/\/www.telaled.com\/it\/fabrica\/painel-de-led-externo-serie-tob\/\" \/>\n<meta property=\"og:locale\" content=\"it_IT\" \/>\n<meta property=\"og:type\" content=\"article\" \/>\n<meta property=\"og:title\" content=\"Painel de LED Externo S\u00e9rie TOB | Tela \u00e0 Prova de Intemp\u00e9ries para Publicidade e Eventos | TELALED\" \/>\n<meta property=\"og:description\" content=\"O painel LED para exterior foi concebido para proporcionar imagens brilhantes e de alta resolu\u00e7\u00e3o em qualquer condi\u00e7\u00e3o. Ideal para outdoors, est\u00e1dios e sinaliza\u00e7\u00e3o p\u00fablica. Pe\u00e7a j\u00e1 um or\u00e7amento!\" \/>\n<meta property=\"og:url\" content=\"https:\/\/www.telaled.com\/it\/fabrica\/painel-de-led-externo-serie-tob\/\" \/>\n<meta property=\"og:site_name\" content=\"TELALED\" \/>\n<meta property=\"article:modified_time\" content=\"2025-12-24T04:48:05+00:00\" \/>\n<meta property=\"og:image\" content=\"https:\/\/www.telaled.com\/wp-content\/uploads\/2025\/07\/Painel-de-LED-Externo.webp\" \/>\n\t<meta property=\"og:image:width\" content=\"500\" \/>\n\t<meta property=\"og:image:height\" content=\"500\" \/>\n\t<meta property=\"og:image:type\" content=\"image\/webp\" \/>\n<meta name=\"twitter:card\" content=\"summary_large_image\" \/>\n<meta name=\"twitter:label1\" content=\"Tempo di lettura stimato\" \/>\n\t<meta name=\"twitter:data1\" content=\"2 minuti\" \/>\n<script type=\"application\/ld+json\" class=\"yoast-schema-graph\">{\"@context\":\"https:\\\/\\\/schema.org\",\"@graph\":[{\"@type\":\"WebPage\",\"@id\":\"https:\\\/\\\/www.telaled.com\\\/fabrica\\\/painel-de-led-externo-serie-tob\\\/\",\"url\":\"https:\\\/\\\/www.telaled.com\\\/fabrica\\\/painel-de-led-externo-serie-tob\\\/\",\"name\":\"Painel de LED Externo S\u00e9rie TOB | Tela \u00e0 Prova de Intemp\u00e9ries para Publicidade e Eventos | TELALED\",\"isPartOf\":{\"@id\":\"https:\\\/\\\/www.telaled.com\\\/#website\"},\"primaryImageOfPage\":{\"@id\":\"https:\\\/\\\/www.telaled.com\\\/fabrica\\\/painel-de-led-externo-serie-tob\\\/#primaryimage\"},\"image\":{\"@id\":\"https:\\\/\\\/www.telaled.com\\\/fabrica\\\/painel-de-led-externo-serie-tob\\\/#primaryimage\"},\"thumbnailUrl\":\"https:\\\/\\\/www.telaled.com\\\/wp-content\\\/uploads\\\/2025\\\/07\\\/Painel-de-LED-Externo.webp\",\"datePublished\":\"2025-07-28T02:20:18+00:00\",\"dateModified\":\"2025-12-24T04:48:05+00:00\",\"description\":\"O painel LED para exterior foi concebido para proporcionar imagens brilhantes e de alta resolu\u00e7\u00e3o em qualquer condi\u00e7\u00e3o. Ideal para outdoors, est\u00e1dios e sinaliza\u00e7\u00e3o p\u00fablica. Pe\u00e7a j\u00e1 um or\u00e7amento!\",\"breadcrumb\":{\"@id\":\"https:\\\/\\\/www.telaled.com\\\/fabrica\\\/painel-de-led-externo-serie-tob\\\/#breadcrumb\"},\"inLanguage\":\"it-IT\",\"potentialAction\":[{\"@type\":\"ReadAction\",\"target\":[\"https:\\\/\\\/www.telaled.com\\\/fabrica\\\/painel-de-led-externo-serie-tob\\\/\"]}]},{\"@type\":\"ImageObject\",\"inLanguage\":\"it-IT\",\"@id\":\"https:\\\/\\\/www.telaled.com\\\/fabrica\\\/painel-de-led-externo-serie-tob\\\/#primaryimage\",\"url\":\"https:\\\/\\\/www.telaled.com\\\/wp-content\\\/uploads\\\/2025\\\/07\\\/Painel-de-LED-Externo.webp\",\"contentUrl\":\"https:\\\/\\\/www.telaled.com\\\/wp-content\\\/uploads\\\/2025\\\/07\\\/Painel-de-LED-Externo.webp\",\"width\":500,\"height\":500,\"caption\":\"Painel-de-LED-Externo\"},{\"@type\":\"BreadcrumbList\",\"@id\":\"https:\\\/\\\/www.telaled.com\\\/fabrica\\\/painel-de-led-externo-serie-tob\\\/#breadcrumb\",\"itemListElement\":[{\"@type\":\"ListItem\",\"position\":1,\"name\":\"Home\",\"item\":\"https:\\\/\\\/www.telaled.com\\\/\"},{\"@type\":\"ListItem\",\"position\":2,\"name\":\"Produtos\",\"item\":\"https:\\\/\\\/www.telaled.com\\\/shop\\\/\"},{\"@type\":\"ListItem\",\"position\":3,\"name\":\"Painel de LED Externo S\u00e9rie TOB\"}]},{\"@type\":\"WebSite\",\"@id\":\"https:\\\/\\\/www.telaled.com\\\/#website\",\"url\":\"https:\\\/\\\/www.telaled.com\\\/\",\"name\":\"TELALED\",\"description\":\"\",\"potentialAction\":[{\"@type\":\"SearchAction\",\"target\":{\"@type\":\"EntryPoint\",\"urlTemplate\":\"https:\\\/\\\/www.telaled.com\\\/?s={search_term_string}\"},\"query-input\":{\"@type\":\"PropertyValueSpecification\",\"valueRequired\":true,\"valueName\":\"search_term_string\"}}],\"inLanguage\":\"it-IT\"}]}<\/script>\n<!-- \/ Yoast SEO plugin. -->","yoast_head_json":{"title":"Display LED per esterni serie TOB | Schermo resistente alle intemperie per pubblicit\u00e0 ed eventi | TELALED","description":"Il display LED per esterni \u00e8 progettato per offrire immagini luminose e ad alta risoluzione in qualsiasi condizione. Ideale per cartelloni pubblicitari, stadi e segnaletica pubblica. Richiedi subito un preventivo!","robots":{"index":"index","follow":"follow","max-snippet":"max-snippet:-1","max-image-preview":"max-image-preview:large","max-video-preview":"max-video-preview:-1"},"canonical":"https:\/\/www.telaled.com\/it\/fabrica\/painel-de-led-externo-serie-tob\/","og_locale":"it_IT","og_type":"article","og_title":"Painel de LED Externo S\u00e9rie TOB | Tela \u00e0 Prova de Intemp\u00e9ries para Publicidade e Eventos | TELALED","og_description":"O painel LED para exterior foi concebido para proporcionar imagens brilhantes e de alta resolu\u00e7\u00e3o em qualquer condi\u00e7\u00e3o. Ideal para outdoors, est\u00e1dios e sinaliza\u00e7\u00e3o p\u00fablica. Pe\u00e7a j\u00e1 um or\u00e7amento!","og_url":"https:\/\/www.telaled.com\/it\/fabrica\/painel-de-led-externo-serie-tob\/","og_site_name":"TELALED","article_modified_time":"2025-12-24T04:48:05+00:00","og_image":[{"width":500,"height":500,"url":"https:\/\/www.telaled.com\/wp-content\/uploads\/2025\/07\/Painel-de-LED-Externo.webp","type":"image\/webp"}],"twitter_card":"summary_large_image","twitter_misc":{"Tempo di lettura stimato":"2 minuti"},"schema":{"@context":"https:\/\/schema.org","@graph":[{"@type":"WebPage","@id":"https:\/\/www.telaled.com\/fabrica\/painel-de-led-externo-serie-tob\/","url":"https:\/\/www.telaled.com\/fabrica\/painel-de-led-externo-serie-tob\/","name":"Display LED per esterni serie TOB | Schermo resistente alle intemperie per pubblicit\u00e0 ed eventi | TELALED","isPartOf":{"@id":"https:\/\/www.telaled.com\/#website"},"primaryImageOfPage":{"@id":"https:\/\/www.telaled.com\/fabrica\/painel-de-led-externo-serie-tob\/#primaryimage"},"image":{"@id":"https:\/\/www.telaled.com\/fabrica\/painel-de-led-externo-serie-tob\/#primaryimage"},"thumbnailUrl":"https:\/\/www.telaled.com\/wp-content\/uploads\/2025\/07\/Painel-de-LED-Externo.webp","datePublished":"2025-07-28T02:20:18+00:00","dateModified":"2025-12-24T04:48:05+00:00","description":"Il display LED per esterni \u00e8 progettato per offrire immagini luminose e ad alta risoluzione in qualsiasi condizione. Ideale per cartelloni pubblicitari, stadi e segnaletica pubblica. Richiedi subito un preventivo!","breadcrumb":{"@id":"https:\/\/www.telaled.com\/fabrica\/painel-de-led-externo-serie-tob\/#breadcrumb"},"inLanguage":"it-IT","potentialAction":[{"@type":"ReadAction","target":["https:\/\/www.telaled.com\/fabrica\/painel-de-led-externo-serie-tob\/"]}]},{"@type":"ImageObject","inLanguage":"it-IT","@id":"https:\/\/www.telaled.com\/fabrica\/painel-de-led-externo-serie-tob\/#primaryimage","url":"https:\/\/www.telaled.com\/wp-content\/uploads\/2025\/07\/Painel-de-LED-Externo.webp","contentUrl":"https:\/\/www.telaled.com\/wp-content\/uploads\/2025\/07\/Painel-de-LED-Externo.webp","width":500,"height":500,"caption":"Painel-de-LED-Externo"},{"@type":"BreadcrumbList","@id":"https:\/\/www.telaled.com\/fabrica\/painel-de-led-externo-serie-tob\/#breadcrumb","itemListElement":[{"@type":"ListItem","position":1,"name":"Home","item":"https:\/\/www.telaled.com\/"},{"@type":"ListItem","position":2,"name":"Produtos","item":"https:\/\/www.telaled.com\/shop\/"},{"@type":"ListItem","position":3,"name":"Painel de LED Externo S\u00e9rie TOB"}]},{"@type":"WebSite","@id":"https:\/\/www.telaled.com\/#website","url":"https:\/\/www.telaled.com\/","name":"schermo LED","description":"","potentialAction":[{"@type":"SearchAction","target":{"@type":"EntryPoint","urlTemplate":"https:\/\/www.telaled.com\/?s={search_term_string}"},"query-input":{"@type":"PropertyValueSpecification","valueRequired":true,"valueName":"search_term_string"}}],"inLanguage":"it-IT"}]}},"_links":{"self":[{"href":"https:\/\/www.telaled.com\/it\/wp-json\/wp\/v2\/product\/2749","targetHints":{"allow":["GET"]}}],"collection":[{"href":"https:\/\/www.telaled.com\/it\/wp-json\/wp\/v2\/product"}],"about":[{"href":"https:\/\/www.telaled.com\/it\/wp-json\/wp\/v2\/types\/product"}],"wp:featuredmedia":[{"embeddable":true,"href":"https:\/\/www.telaled.com\/it\/wp-json\/wp\/v2\/media\/2752"}],"wp:attachment":[{"href":"https:\/\/www.telaled.com\/it\/wp-json\/wp\/v2\/media?parent=2749"}],"wp:term":[{"taxonomy":"product_brand","embeddable":true,"href":"https:\/\/www.telaled.com\/it\/wp-json\/wp\/v2\/product_brand?post=2749"},{"taxonomy":"product_cat","embeddable":true,"href":"https:\/\/www.telaled.com\/it\/wp-json\/wp\/v2\/product_cat?post=2749"},{"taxonomy":"product_tag","embeddable":true,"href":"https:\/\/www.telaled.com\/it\/wp-json\/wp\/v2\/product_tag?post=2749"}],"curies":[{"name":"parola chiave","href":"https:\/\/api.w.org\/{rel}","templated":true}]}}