{"id":2717,"date":"2025-07-23T07:41:55","date_gmt":"2025-07-23T07:41:55","guid":{"rendered":"https:\/\/www.telaled.com\/?post_type=product&#038;p=2717"},"modified":"2026-01-03T08:52:48","modified_gmt":"2026-01-03T08:52:48","slug":"piso-de-led-interativo-serie-tri","status":"publish","type":"product","link":"https:\/\/www.telaled.com\/it\/fabrica\/piso-de-led-interativo-serie-tri\/","title":{"rendered":"Pavimento LED interattivo serie TRI"},"content":{"rendered":"<div class=\"row\"  id=\"row-246719691\">\n\n\t<div id=\"col-755883947\" class=\"col small-12 large-12\"  >\n\t\t\t\t<div class=\"col-inner\"  >\n\t\t\t\n\t\t\t\n<h2>Vantaggi unici della serie TRI di pavimenti LED interattivi<\/h2>\n<h3><strong>Durata superiore<\/strong><\/h3>\n<ul>\n<li>Il case \u00e8 realizzato in lega di alluminio per garantire durevolezza e leggerezza, offrendo resistenza alla corrosione e agli urti. Inoltre, \u00e8 protetto da una finitura verniciata a polvere, che garantisce resistenza a graffi, scolorimento e condizioni difficili per un utilizzo prolungato. \u00c8 dotato di maschere in PC ad alta resistenza e di un involucro metallico resistente agli urti. Con una capacit\u00e0 di carico fino a 2 tonnellate.<\/li>\n<li>Il modulo LED utilizza LED. <a href=\"https:\/\/www.telaled.com\/it\/led-smd\/\">SMD<\/a> Per offrire immagini vivide e un&#039;elevata efficienza energetica. Garantisce immagini chiare, luminose e nitide con un&#039;eccellente riproduzione dei colori. Progettato con PCB in rame per un&#039;efficiente dissipazione del calore, prevenendo il surriscaldamento.<\/li>\n<\/ul>\n<h3><strong>Qualit\u00e0 visiva eccezionale<\/strong><\/h3>\n<ul>\n<li>Elevata frequenza di aggiornamento fino a 1920-3840 Hz<\/li>\n<li>Ampio angolo di visione di 120\u00b0<\/li>\n<\/ul>\n<h3><strong>Completa adattabilit\u00e0<\/strong><\/h3>\n<ul>\n<li>Protezione da pioggia\/polvere IP65 per uso interno\/esterno (da -20\u00b0C a 50\u00b0C)<\/li>\n<\/ul>\n<h3><strong>Supporto completo<\/strong><\/h3>\n<ul>\n<li>Supporto tecnico remoto online 24 ore su 24, 7 giorni su 7: assistenza ogni volta che ne hai bisogno.<\/li>\n<li>5% di pezzi di ricambio inclusi: pezzi extra forniti con ogni consegna per una maggiore tranquillit\u00e0.<\/li>\n<li>Garanzia estesa di 3 anni.<\/li>\n<\/ul>\n<h2>Dettagli del prodotto<\/h2>\n<div class=\"row\"  id=\"row-1965763174\">\n\n\t<div id=\"col-350095739\" class=\"col medium-10 small-12 large-10\"  >\n\t\t\t\t<div class=\"col-inner text-left\"  >\n\t\t\t\n\t\t\t\n<ul>\n<li>Specifiche <a href=\"https:\/\/www.telaled.com\/it\/parede-interativa\/\">pavimento LED interattivo<\/a><\/li>\n<\/ul>\n\t<div class=\"img has-hover x md-x lg-x y md-y lg-y\" id=\"image_1356433542\">\n\t\t\t\t\t\t\t\t<div class=\"img-inner dark\" >\n\t\t\t<img loading=\"lazy\" decoding=\"async\" width=\"1300\" height=\"560\" src=\"https:\/\/www.telaled.com\/wp-content\/uploads\/2025\/07\/Especificacoes-do-LED-interativo-para-piso.jpg\" class=\"attachment-original size-original\" alt=\"Specifiche della luce LED interattiva da pavimento\" srcset=\"https:\/\/www.telaled.com\/wp-content\/uploads\/2025\/07\/Especificacoes-do-LED-interativo-para-piso.jpg 1300w, https:\/\/www.telaled.com\/wp-content\/uploads\/2025\/07\/Especificacoes-do-LED-interativo-para-piso-300x129.jpg 300w, https:\/\/www.telaled.com\/wp-content\/uploads\/2025\/07\/Especificacoes-do-LED-interativo-para-piso-1024x441.jpg 1024w, https:\/\/www.telaled.com\/wp-content\/uploads\/2025\/07\/Especificacoes-do-LED-interativo-para-piso-768x331.jpg 768w, https:\/\/www.telaled.com\/wp-content\/uploads\/2025\/07\/Especificacoes-do-LED-interativo-para-piso-18x8.jpg 18w, https:\/\/www.telaled.com\/wp-content\/uploads\/2025\/07\/Especificacoes-do-LED-interativo-para-piso-600x258.jpg 600w\" sizes=\"auto, (max-width: 1300px) 100vw, 1300px\" \/>\t\t\t\t\t\t\n\t\t\t\t\t<\/div>\n\t\t\t\t\t\t\t\t\n<style>\n#image_1356433542 {\n  width: 95%;\n}\n<\/style>\n\t<\/div>\n\t\n\t\t<\/div>\n\t\t\t\t\t<\/div>\n\n\t\n\n\t<div id=\"col-1455366937\" class=\"col medium-10 small-12 large-10\"  >\n\t\t\t\t<div class=\"col-inner text-left\"  >\n\t\t\t\n\t\t\t\n<ul>\n<li>Diverse modalit\u00e0 di installazione della pavimentazione LED interattiva<\/li>\n<\/ul>\n\t<div class=\"img has-hover x md-x lg-x y md-y lg-y\" id=\"image_531991339\">\n\t\t\t\t\t\t\t\t<div class=\"img-inner dark\" >\n\t\t\t<img loading=\"lazy\" decoding=\"async\" width=\"1020\" height=\"319\" src=\"https:\/\/www.telaled.com\/wp-content\/uploads\/2025\/07\/Varios-modos-de-instalacao-do-piso-LED-interativo-1024x320.webp\" class=\"attachment-large size-large\" alt=\"\" srcset=\"https:\/\/www.telaled.com\/wp-content\/uploads\/2025\/07\/Varios-modos-de-instalacao-do-piso-LED-interativo-1024x320.webp 1024w, https:\/\/www.telaled.com\/wp-content\/uploads\/2025\/07\/Varios-modos-de-instalacao-do-piso-LED-interativo-300x94.webp 300w, https:\/\/www.telaled.com\/wp-content\/uploads\/2025\/07\/Varios-modos-de-instalacao-do-piso-LED-interativo-768x240.webp 768w, https:\/\/www.telaled.com\/wp-content\/uploads\/2025\/07\/Varios-modos-de-instalacao-do-piso-LED-interativo-1536x480.webp 1536w, https:\/\/www.telaled.com\/wp-content\/uploads\/2025\/07\/Varios-modos-de-instalacao-do-piso-LED-interativo-18x6.webp 18w, https:\/\/www.telaled.com\/wp-content\/uploads\/2025\/07\/Varios-modos-de-instalacao-do-piso-LED-interativo-600x188.webp 600w, https:\/\/www.telaled.com\/wp-content\/uploads\/2025\/07\/Varios-modos-de-instalacao-do-piso-LED-interativo.webp 1920w\" sizes=\"auto, (max-width: 1020px) 100vw, 1020px\" \/>\t\t\t\t\t\t\n\t\t\t\t\t<\/div>\n\t\t\t\t\t\t\t\t\n<style>\n#image_531991339 {\n  width: 95%;\n}\n<\/style>\n\t<\/div>\n\t\n<ul>\n<li>Processo di installazione del pavimento LED interattivo<\/li>\n<\/ul>\n\t<div class=\"img has-hover x md-x lg-x y md-y lg-y\" id=\"image_934535150\">\n\t\t\t\t\t\t\t\t<div class=\"img-inner dark\" >\n\t\t\t<img loading=\"lazy\" decoding=\"async\" width=\"1020\" height=\"492\" src=\"https:\/\/www.telaled.com\/wp-content\/uploads\/2025\/07\/Processo-de-instalacao-do-piso-LED-interativo-1024x494.webp\" class=\"attachment-large size-large\" alt=\"Processo di installazione del pavimento LED interattivo\" srcset=\"https:\/\/www.telaled.com\/wp-content\/uploads\/2025\/07\/Processo-de-instalacao-do-piso-LED-interativo-1024x494.webp 1024w, https:\/\/www.telaled.com\/wp-content\/uploads\/2025\/07\/Processo-de-instalacao-do-piso-LED-interativo-300x145.webp 300w, https:\/\/www.telaled.com\/wp-content\/uploads\/2025\/07\/Processo-de-instalacao-do-piso-LED-interativo-768x371.webp 768w, https:\/\/www.telaled.com\/wp-content\/uploads\/2025\/07\/Processo-de-instalacao-do-piso-LED-interativo-18x9.webp 18w, https:\/\/www.telaled.com\/wp-content\/uploads\/2025\/07\/Processo-de-instalacao-do-piso-LED-interativo-600x290.webp 600w, https:\/\/www.telaled.com\/wp-content\/uploads\/2025\/07\/Processo-de-instalacao-do-piso-LED-interativo.webp 1036w\" sizes=\"auto, (max-width: 1020px) 100vw, 1020px\" \/>\t\t\t\t\t\t\n\t\t\t\t\t<\/div>\n\t\t\t\t\t\t\t\t\n<style>\n#image_934535150 {\n  width: 95%;\n}\n<\/style>\n\t<\/div>\n\t\n<ul>\n<li>Schema del sistema LED interattivo per pavimenti<\/li>\n<\/ul>\n\t\t<\/div>\n\t\t\t\t\t<\/div>\n\n\t\n\n\t<div id=\"col-840611155\" class=\"col medium-10 small-12 large-10\"  >\n\t\t\t\t<div class=\"col-inner text-left\"  >\n\t\t\t\n\t\t\t\n\t<div class=\"img has-hover x md-x lg-x y md-y lg-y\" id=\"image_1315657006\">\n\t\t\t\t\t\t\t\t<div class=\"img-inner dark\" >\n\t\t\t<img loading=\"lazy\" decoding=\"async\" width=\"1020\" height=\"403\" src=\"https:\/\/www.telaled.com\/wp-content\/uploads\/2025\/07\/Diagrama-do-sistema-interativo-de-exibicao-no-piso-1024x405.webp\" class=\"attachment-large size-large\" alt=\"\" srcset=\"https:\/\/www.telaled.com\/wp-content\/uploads\/2025\/07\/Diagrama-do-sistema-interativo-de-exibicao-no-piso-1024x405.webp 1024w, https:\/\/www.telaled.com\/wp-content\/uploads\/2025\/07\/Diagrama-do-sistema-interativo-de-exibicao-no-piso-300x119.webp 300w, https:\/\/www.telaled.com\/wp-content\/uploads\/2025\/07\/Diagrama-do-sistema-interativo-de-exibicao-no-piso-768x304.webp 768w, https:\/\/www.telaled.com\/wp-content\/uploads\/2025\/07\/Diagrama-do-sistema-interativo-de-exibicao-no-piso-18x7.webp 18w, https:\/\/www.telaled.com\/wp-content\/uploads\/2025\/07\/Diagrama-do-sistema-interativo-de-exibicao-no-piso-600x237.webp 600w, https:\/\/www.telaled.com\/wp-content\/uploads\/2025\/07\/Diagrama-do-sistema-interativo-de-exibicao-no-piso.webp 1280w\" sizes=\"auto, (max-width: 1020px) 100vw, 1020px\" \/>\t\t\t\t\t\t\n\t\t\t\t\t<\/div>\n\t\t\t\t\t\t\t\t\n<style>\n#image_1315657006 {\n  width: 95%;\n}\n<\/style>\n\t<\/div>\n\t\n<ul>\n<li>I display a LED vengono imballati in base alla tipologia e all&#039;utilizzo. I display completi vengono riposti in casse di legno per un migliore supporto. I moduli LED vengono spediti in scatole di cartone. I display a noleggio vengono gestiti in modo diverso: vengono imballati in casse per il trasporto aereo. Alcuni articoli vengono riposti in casse semplici, ma rinforzate con cornici di legno per una maggiore protezione.<\/li>\n<\/ul>\n\t<div class=\"img has-hover x md-x lg-x y md-y lg-y\" id=\"image_1333157981\">\n\t\t\t\t\t\t\t\t<div class=\"img-inner dark\" >\n\t\t\t<img loading=\"lazy\" decoding=\"async\" width=\"760\" height=\"1024\" src=\"https:\/\/www.telaled.com\/wp-content\/uploads\/2025\/06\/Embalagem-760x1024.webp\" class=\"attachment-large size-large\" alt=\"Confezione\" srcset=\"https:\/\/www.telaled.com\/wp-content\/uploads\/2025\/06\/Embalagem-760x1024.webp 760w, https:\/\/www.telaled.com\/wp-content\/uploads\/2025\/06\/Embalagem-223x300.webp 223w, https:\/\/www.telaled.com\/wp-content\/uploads\/2025\/06\/Embalagem-768x1035.webp 768w, https:\/\/www.telaled.com\/wp-content\/uploads\/2025\/06\/Embalagem-9x12.webp 9w, https:\/\/www.telaled.com\/wp-content\/uploads\/2025\/06\/Embalagem-600x808.webp 600w, https:\/\/www.telaled.com\/wp-content\/uploads\/2025\/06\/Embalagem.webp 795w\" sizes=\"auto, (max-width: 760px) 100vw, 760px\" \/>\t\t\t\t\t\t\n\t\t\t\t\t<\/div>\n\t\t\t\t\t\t\t\t\n<style>\n#image_1333157981 {\n  width: 95%;\n}\n<\/style>\n\t<\/div>\n\t\n\t\t<\/div>\n\t\t\t\t\t<\/div>\n\n\t\n<\/div>\n\t\t<\/div>\n\t\t\t\t\t<\/div>\n\n\t\n\n\t<div id=\"col-631704431\" class=\"col small-12 large-12\"  >\n\t\t\t\t<div class=\"col-inner\"  >\n\t\t\t\n\t\t\t\n<div class=\"row\"  id=\"row-299422477\">\n\n\t<div id=\"col-1217357852\" class=\"col medium-10 small-12 large-10\"  >\n\t\t\t\t<div class=\"col-inner\"  >\n\t\t\t\n\t\t\t\n\n<table id=\"tablepress-45\" class=\"tablepress tablepress-id-45\">\n<thead>\n<tr class=\"row-1\">\n\t<th class=\"column-1\">Modello<\/th><th class=\"column-2\">TRI - 2.976<\/th><th class=\"column-3\">TRI - 3.91<\/th><th class=\"column-4\">TRI - 5.2<\/th><th class=\"column-5\">TRI - 6.25<\/th>\n<\/tr>\n<\/thead>\n<tbody class=\"row-striping row-hover\">\n<tr class=\"row-2\">\n\t<td class=\"column-1\">Passo pixel (mm)<\/td><td class=\"column-2\">Pagina 2.976<\/td><td class=\"column-3\">Pagina 3.91<\/td><td class=\"column-4\">Pagina 5.2<\/td><td class=\"column-5\">Pagina 6.25<\/td>\n<\/tr>\n<tr class=\"row-3\">\n\t<td class=\"column-1\">Configurazione LED<\/td><td class=\"column-2\">1R1G1B<\/td><td class=\"column-3\">1R1G1B<\/td><td class=\"column-4\">1R1G1B<\/td><td class=\"column-5\">1R1G1B<\/td>\n<\/tr>\n<tr class=\"row-4\">\n\t<td class=\"column-1\">Tipo di LED<\/td><td class=\"column-2\">SMD1415<\/td><td class=\"column-3\">SMD1921<\/td><td class=\"column-4\">SMD1921<\/td><td class=\"column-5\">SMD1921<\/td>\n<\/tr>\n<tr class=\"row-5\">\n\t<td class=\"column-1\">Risoluzione del modulo<\/td><td class=\"column-2\">84\u00d784<\/td><td class=\"column-3\">64\u00d764<\/td><td class=\"column-4\">48\u00d748<\/td><td class=\"column-5\">40\u00d740<\/td>\n<\/tr>\n<tr class=\"row-6\">\n\t<td class=\"column-1\">Dimensioni del modulo (mm)<\/td><td class=\"column-2\"><br \/>\n250\u00d7250<\/td><td class=\"column-3\"><br \/>\n250\u00d7250<\/td><td class=\"column-4\"><br \/>\n250\u00d7250<\/td><td class=\"column-5\"><br \/>\n250\u00d7250<\/td>\n<\/tr>\n<tr class=\"row-7\">\n\t<td class=\"column-1\">Dimensioni del mobile (mm)<\/td><td class=\"column-2\"><br \/>\n500\u00d71000<\/td><td class=\"column-3\"><br \/>\n500\u00d71000<\/td><td class=\"column-4\"><br \/>\n500\u00d71000<\/td><td class=\"column-5\"><br \/>\n500\u00d71000<\/td>\n<\/tr>\n<tr class=\"row-8\">\n\t<td class=\"column-1\">Peso del mobile (kg)<\/td><td class=\"column-2\"><br \/>\n25<\/td><td class=\"column-3\"><br \/>\n25<\/td><td class=\"column-4\"><br \/>\n25<\/td><td class=\"column-5\"><br \/>\n25<\/td>\n<\/tr>\n<tr class=\"row-9\">\n\t<td class=\"column-1\">Temperatura di lavoro (\u2103)<\/td><td class=\"column-2\"><br \/>\n-20~60<\/td><td class=\"column-3\"><br \/>\n-20~60<\/td><td class=\"column-4\"><br \/>\n-20~60<\/td><td class=\"column-5\"><br \/>\n-20~60<\/td>\n<\/tr>\n<tr class=\"row-10\">\n\t<td class=\"column-1\">Grado di protezione<\/td><td class=\"column-2\"><br \/>\nSia la parte anteriore che quella posteriore sono IP65<\/td><td class=\"column-3\"><br \/>\nSia la parte anteriore che quella posteriore sono IP65<\/td><td class=\"column-4\"><br \/>\nSia la parte anteriore che quella posteriore sono IP65<\/td><td class=\"column-5\"><br \/>\nSia la parte anteriore che quella posteriore sono IP65<\/td>\n<\/tr>\n<tr class=\"row-11\">\n\t<td class=\"column-1\">Certificazione<\/td><td class=\"column-2\">ROHS\/FCC\/CE<\/td><td class=\"column-3\">ROHS\/FCC\/CE<\/td><td class=\"column-4\">ROHS\/FCC\/CE<\/td><td class=\"column-5\">ROHS\/FCC\/CE<\/td>\n<\/tr>\n<\/tbody>\n<\/table>\n\n\t\t<\/div>\n\t\t\t\t\t<\/div>\n\n\t\n<\/div>\n\t\t<\/div>\n\t\t\t\t\t<\/div>\n\n\t\n<\/div>","protected":false},"excerpt":{"rendered":"<p><strong>Pavimento LED interattivo serie TRI: resistente, impermeabile e antiscivolo per un coinvolgimento maggiore<\/strong><\/p>\n<p>IL <strong>Pavimento LED interattivo serie TRI<\/strong> Offre schermi resistenti e di alta qualit\u00e0 con caratteristiche anticollisione, anti-attrito e impermeabilit\u00e0 IP65. La superficie antiscivolo garantisce sicurezza, rendendolo perfetto per eventi indoor e outdoor. Facile da installare e personalizzare.<\/p>\n<p><strong>Caratteristiche principali:<\/strong><\/p>\n<ul>\n<li><strong>Anti-collisione e anti-attrito:<\/strong> Costruzione durevole per un uso prolungato in aree ad alto traffico.<\/li>\n<li><strong>Impermeabile e antiscivolo:<\/strong> Grado di impermeabilit\u00e0 IP65 e superficie antiscivolo per la sicurezza in vari ambienti.<\/li>\n<li><strong>Schermo di alta qualit\u00e0<\/strong>Disponibili in vari pixel pitch (2,9 mm, 3,91 mm, 5,2 mm e 6,25 mm) per immagini vivide.<\/li>\n<li><strong>Installazione semplice:<\/strong> Design modulare con dimensioni della custodia flessibili per un&#039;installazione rapida e semplice.<\/li>\n<\/ul>\n<p>\u00c8 dotato di contenitori che misurano 500 mm x 1000 mm e pesano circa 25 kg ciascuno, offrendo flessibilit\u00e0 per varie configurazioni di visualizzazione.<\/p>\n<p>Ottieni supporto tecnico remoto 24 ore su 24, 7 giorni su 7 e una garanzia di 3 anni. Contattaci subito per un preventivo personalizzato!<\/p>","protected":false},"featured_media":2718,"template":"","meta":[],"product_brand":[],"product_cat":[50,40,52],"product_tag":[],"class_list":{"0":"post-2717","1":"product","2":"type-product","3":"status-publish","4":"has-post-thumbnail","6":"product_cat-aluguel-de-painel-de-led","7":"product_cat-painel-de-led","8":"product_cat-piso-de-led","10":"first","11":"instock","12":"shipping-taxable","13":"product-type-simple"},"yoast_head":"<!-- This site is optimized with the Yoast SEO plugin v27.5 - https:\/\/yoast.com\/product\/yoast-seo-wordpress\/ -->\n<title>Piso interativo de LED da s\u00e9rie TRI: Experi\u00eancia de Toque Envolvente e de Alta Qualidade para Eventos e Exposi\u00e7\u00f5es | TELALED<\/title>\n<meta name=\"description\" content=\"O piso interativo de LED da s\u00e9rie TRI oferece pain\u00e9is de alta resolu\u00e7\u00e3o e sens\u00edveis ao toque para intera\u00e7\u00e3o din\u00e2mica em eventos e exposi\u00e7\u00f5es. Dur\u00e1vel, \u00e1gil e eficiente em termos de energia. Fa\u00e7a uma cota\u00e7\u00e3o agora!\" \/>\n<meta name=\"robots\" content=\"index, follow, max-snippet:-1, max-image-preview:large, max-video-preview:-1\" \/>\n<link rel=\"canonical\" href=\"https:\/\/www.telaled.com\/it\/fabrica\/piso-de-led-interativo-serie-tri\/\" \/>\n<meta property=\"og:locale\" content=\"it_IT\" \/>\n<meta property=\"og:type\" content=\"article\" \/>\n<meta property=\"og:title\" content=\"Piso interativo de LED da s\u00e9rie TRI: Experi\u00eancia de Toque Envolvente e de Alta Qualidade para Eventos e Exposi\u00e7\u00f5es | TELALED\" \/>\n<meta property=\"og:description\" content=\"O piso interativo de LED da s\u00e9rie TRI oferece pain\u00e9is de alta resolu\u00e7\u00e3o e sens\u00edveis ao toque para intera\u00e7\u00e3o din\u00e2mica em eventos e exposi\u00e7\u00f5es. Dur\u00e1vel, \u00e1gil e eficiente em termos de energia. Fa\u00e7a uma cota\u00e7\u00e3o agora!\" \/>\n<meta property=\"og:url\" content=\"https:\/\/www.telaled.com\/it\/fabrica\/piso-de-led-interativo-serie-tri\/\" \/>\n<meta property=\"og:site_name\" content=\"TELALED\" \/>\n<meta property=\"article:modified_time\" content=\"2026-01-03T08:52:48+00:00\" \/>\n<meta property=\"og:image\" content=\"https:\/\/www.telaled.com\/wp-content\/uploads\/2025\/07\/piso-de-led-interativo.webp\" \/>\n\t<meta property=\"og:image:width\" content=\"500\" \/>\n\t<meta property=\"og:image:height\" content=\"500\" \/>\n\t<meta property=\"og:image:type\" content=\"image\/webp\" \/>\n<meta name=\"twitter:card\" content=\"summary_large_image\" \/>\n<meta name=\"twitter:label1\" content=\"Tempo di lettura stimato\" \/>\n\t<meta name=\"twitter:data1\" content=\"3 minuti\" \/>\n<script type=\"application\/ld+json\" class=\"yoast-schema-graph\">{\"@context\":\"https:\\\/\\\/schema.org\",\"@graph\":[{\"@type\":\"WebPage\",\"@id\":\"https:\\\/\\\/www.telaled.com\\\/fabrica\\\/piso-de-led-interativo-serie-tri\\\/\",\"url\":\"https:\\\/\\\/www.telaled.com\\\/fabrica\\\/piso-de-led-interativo-serie-tri\\\/\",\"name\":\"Piso interativo de LED da s\u00e9rie TRI: Experi\u00eancia de Toque Envolvente e de Alta Qualidade para Eventos e Exposi\u00e7\u00f5es | TELALED\",\"isPartOf\":{\"@id\":\"https:\\\/\\\/www.telaled.com\\\/#website\"},\"primaryImageOfPage\":{\"@id\":\"https:\\\/\\\/www.telaled.com\\\/fabrica\\\/piso-de-led-interativo-serie-tri\\\/#primaryimage\"},\"image\":{\"@id\":\"https:\\\/\\\/www.telaled.com\\\/fabrica\\\/piso-de-led-interativo-serie-tri\\\/#primaryimage\"},\"thumbnailUrl\":\"https:\\\/\\\/www.telaled.com\\\/wp-content\\\/uploads\\\/2025\\\/07\\\/piso-de-led-interativo.webp\",\"datePublished\":\"2025-07-23T07:41:55+00:00\",\"dateModified\":\"2026-01-03T08:52:48+00:00\",\"description\":\"O piso interativo de LED da s\u00e9rie TRI oferece pain\u00e9is de alta resolu\u00e7\u00e3o e sens\u00edveis ao toque para intera\u00e7\u00e3o din\u00e2mica em eventos e exposi\u00e7\u00f5es. Dur\u00e1vel, \u00e1gil e eficiente em termos de energia. Fa\u00e7a uma cota\u00e7\u00e3o agora!\",\"breadcrumb\":{\"@id\":\"https:\\\/\\\/www.telaled.com\\\/fabrica\\\/piso-de-led-interativo-serie-tri\\\/#breadcrumb\"},\"inLanguage\":\"it-IT\",\"potentialAction\":[{\"@type\":\"ReadAction\",\"target\":[\"https:\\\/\\\/www.telaled.com\\\/fabrica\\\/piso-de-led-interativo-serie-tri\\\/\"]}]},{\"@type\":\"ImageObject\",\"inLanguage\":\"it-IT\",\"@id\":\"https:\\\/\\\/www.telaled.com\\\/fabrica\\\/piso-de-led-interativo-serie-tri\\\/#primaryimage\",\"url\":\"https:\\\/\\\/www.telaled.com\\\/wp-content\\\/uploads\\\/2025\\\/07\\\/piso-de-led-interativo.webp\",\"contentUrl\":\"https:\\\/\\\/www.telaled.com\\\/wp-content\\\/uploads\\\/2025\\\/07\\\/piso-de-led-interativo.webp\",\"width\":500,\"height\":500,\"caption\":\"piso-de-led-interativo\"},{\"@type\":\"BreadcrumbList\",\"@id\":\"https:\\\/\\\/www.telaled.com\\\/fabrica\\\/piso-de-led-interativo-serie-tri\\\/#breadcrumb\",\"itemListElement\":[{\"@type\":\"ListItem\",\"position\":1,\"name\":\"Home\",\"item\":\"https:\\\/\\\/www.telaled.com\\\/\"},{\"@type\":\"ListItem\",\"position\":2,\"name\":\"Produtos\",\"item\":\"https:\\\/\\\/www.telaled.com\\\/shop\\\/\"},{\"@type\":\"ListItem\",\"position\":3,\"name\":\"Piso de LED Interativo S\u00e9rie TRI\"}]},{\"@type\":\"WebSite\",\"@id\":\"https:\\\/\\\/www.telaled.com\\\/#website\",\"url\":\"https:\\\/\\\/www.telaled.com\\\/\",\"name\":\"TELALED\",\"description\":\"\",\"potentialAction\":[{\"@type\":\"SearchAction\",\"target\":{\"@type\":\"EntryPoint\",\"urlTemplate\":\"https:\\\/\\\/www.telaled.com\\\/?s={search_term_string}\"},\"query-input\":{\"@type\":\"PropertyValueSpecification\",\"valueRequired\":true,\"valueName\":\"search_term_string\"}}],\"inLanguage\":\"it-IT\"}]}<\/script>\n<!-- \/ Yoast SEO plugin. -->","yoast_head_json":{"title":"Pavimento LED interattivo della serie TRI: esperienza touch immersiva e di alta qualit\u00e0 per eventi e mostre | TELALED","description":"Il pavimento LED interattivo della serie TRI offre pannelli touch ad alta risoluzione per un&#039;interazione dinamica durante eventi e fiere. Resistente, reattivo ed efficiente dal punto di vista energetico. Richiedi subito un preventivo!","robots":{"index":"index","follow":"follow","max-snippet":"max-snippet:-1","max-image-preview":"max-image-preview:large","max-video-preview":"max-video-preview:-1"},"canonical":"https:\/\/www.telaled.com\/it\/fabrica\/piso-de-led-interativo-serie-tri\/","og_locale":"it_IT","og_type":"article","og_title":"Piso interativo de LED da s\u00e9rie TRI: Experi\u00eancia de Toque Envolvente e de Alta Qualidade para Eventos e Exposi\u00e7\u00f5es | TELALED","og_description":"O piso interativo de LED da s\u00e9rie TRI oferece pain\u00e9is de alta resolu\u00e7\u00e3o e sens\u00edveis ao toque para intera\u00e7\u00e3o din\u00e2mica em eventos e exposi\u00e7\u00f5es. Dur\u00e1vel, \u00e1gil e eficiente em termos de energia. Fa\u00e7a uma cota\u00e7\u00e3o agora!","og_url":"https:\/\/www.telaled.com\/it\/fabrica\/piso-de-led-interativo-serie-tri\/","og_site_name":"TELALED","article_modified_time":"2026-01-03T08:52:48+00:00","og_image":[{"width":500,"height":500,"url":"https:\/\/www.telaled.com\/wp-content\/uploads\/2025\/07\/piso-de-led-interativo.webp","type":"image\/webp"}],"twitter_card":"summary_large_image","twitter_misc":{"Tempo di lettura stimato":"3 minuti"},"schema":{"@context":"https:\/\/schema.org","@graph":[{"@type":"WebPage","@id":"https:\/\/www.telaled.com\/fabrica\/piso-de-led-interativo-serie-tri\/","url":"https:\/\/www.telaled.com\/fabrica\/piso-de-led-interativo-serie-tri\/","name":"Pavimento LED interattivo della serie TRI: esperienza touch immersiva e di alta qualit\u00e0 per eventi e mostre | TELALED","isPartOf":{"@id":"https:\/\/www.telaled.com\/#website"},"primaryImageOfPage":{"@id":"https:\/\/www.telaled.com\/fabrica\/piso-de-led-interativo-serie-tri\/#primaryimage"},"image":{"@id":"https:\/\/www.telaled.com\/fabrica\/piso-de-led-interativo-serie-tri\/#primaryimage"},"thumbnailUrl":"https:\/\/www.telaled.com\/wp-content\/uploads\/2025\/07\/piso-de-led-interativo.webp","datePublished":"2025-07-23T07:41:55+00:00","dateModified":"2026-01-03T08:52:48+00:00","description":"Il pavimento LED interattivo della serie TRI offre pannelli touch ad alta risoluzione per un&#039;interazione dinamica durante eventi e fiere. Resistente, reattivo ed efficiente dal punto di vista energetico. Richiedi subito un preventivo!","breadcrumb":{"@id":"https:\/\/www.telaled.com\/fabrica\/piso-de-led-interativo-serie-tri\/#breadcrumb"},"inLanguage":"it-IT","potentialAction":[{"@type":"ReadAction","target":["https:\/\/www.telaled.com\/fabrica\/piso-de-led-interativo-serie-tri\/"]}]},{"@type":"ImageObject","inLanguage":"it-IT","@id":"https:\/\/www.telaled.com\/fabrica\/piso-de-led-interativo-serie-tri\/#primaryimage","url":"https:\/\/www.telaled.com\/wp-content\/uploads\/2025\/07\/piso-de-led-interativo.webp","contentUrl":"https:\/\/www.telaled.com\/wp-content\/uploads\/2025\/07\/piso-de-led-interativo.webp","width":500,"height":500,"caption":"piso-de-led-interativo"},{"@type":"BreadcrumbList","@id":"https:\/\/www.telaled.com\/fabrica\/piso-de-led-interativo-serie-tri\/#breadcrumb","itemListElement":[{"@type":"ListItem","position":1,"name":"Home","item":"https:\/\/www.telaled.com\/"},{"@type":"ListItem","position":2,"name":"Produtos","item":"https:\/\/www.telaled.com\/shop\/"},{"@type":"ListItem","position":3,"name":"Piso de LED Interativo S\u00e9rie TRI"}]},{"@type":"WebSite","@id":"https:\/\/www.telaled.com\/#website","url":"https:\/\/www.telaled.com\/","name":"schermo LED","description":"","potentialAction":[{"@type":"SearchAction","target":{"@type":"EntryPoint","urlTemplate":"https:\/\/www.telaled.com\/?s={search_term_string}"},"query-input":{"@type":"PropertyValueSpecification","valueRequired":true,"valueName":"search_term_string"}}],"inLanguage":"it-IT"}]}},"_links":{"self":[{"href":"https:\/\/www.telaled.com\/it\/wp-json\/wp\/v2\/product\/2717","targetHints":{"allow":["GET"]}}],"collection":[{"href":"https:\/\/www.telaled.com\/it\/wp-json\/wp\/v2\/product"}],"about":[{"href":"https:\/\/www.telaled.com\/it\/wp-json\/wp\/v2\/types\/product"}],"wp:featuredmedia":[{"embeddable":true,"href":"https:\/\/www.telaled.com\/it\/wp-json\/wp\/v2\/media\/2718"}],"wp:attachment":[{"href":"https:\/\/www.telaled.com\/it\/wp-json\/wp\/v2\/media?parent=2717"}],"wp:term":[{"taxonomy":"product_brand","embeddable":true,"href":"https:\/\/www.telaled.com\/it\/wp-json\/wp\/v2\/product_brand?post=2717"},{"taxonomy":"product_cat","embeddable":true,"href":"https:\/\/www.telaled.com\/it\/wp-json\/wp\/v2\/product_cat?post=2717"},{"taxonomy":"product_tag","embeddable":true,"href":"https:\/\/www.telaled.com\/it\/wp-json\/wp\/v2\/product_tag?post=2717"}],"curies":[{"name":"parola chiave","href":"https:\/\/api.w.org\/{rel}","templated":true}]}}