{"id":2588,"date":"2025-07-16T09:39:44","date_gmt":"2025-07-16T09:39:44","guid":{"rendered":"https:\/\/www.telaled.com\/?post_type=product&#038;p=2588"},"modified":"2026-01-02T09:32:42","modified_gmt":"2026-01-02T09:32:42","slug":"modulo-painel-de-led-p5-exteriores","status":"publish","type":"product","link":"https:\/\/www.telaled.com\/it\/fabrica\/modulo-painel-de-led-p5-exteriores\/","title":{"rendered":"Modulo pannello LED per esterni P5"},"content":{"rendered":"<div id=\"featurebullets_feature_div\" class=\"celwidget\" data-feature-name=\"featurebullets\" data-csa-c-type=\"widget\" data-csa-c-content-id=\"featurebullets\" data-csa-c-slot-id=\"featurebullets_feature_div\" data-csa-c-asin=\"B07DF32D6Q\" data-csa-c-is-in-initial-active-row=\"false\" data-csa-c-id=\"3j0pnl-7cjnp-9t8psx-tspeog\">\n<div id=\"feature-bullets\" class=\"a-section a-spacing-medium a-spacing-top-small\">\n<div data-zone-id=\"0\" data-line-index=\"0\" data-line=\"true\">\n<p><strong>Applicazioni principali:<\/strong><\/p>\n<ul>\n<li><strong>Pubblicit\u00e0 esterna:<\/strong> Ideale per cartelloni pubblicitari e segnaletica digitale in aree ad alto traffico come strade, autostrade e centri commerciali. Supporta contenuti statici e dinamici per annunci coinvolgenti.<\/li>\n<li><strong>Eventi visualizzati:<\/strong> Perfetto per concerti, festival, eventi sportivi e fiere, offre un&#039;eccellente visibilit\u00e0 e immagini di alta qualit\u00e0 da pi\u00f9 angolazioni.<\/li>\n<li><strong>Schermi informativi pubblici:<\/strong> Utilizzato in aeroporti, stazioni ferroviarie e centri commerciali per informazioni in tempo reale, avvisi di emergenza e mappe digitali.<\/li>\n<li><strong>Espositori commerciali e al dettaglio<\/strong>: Migliora l&#039;esperienza in negozio mostrando dettagli sui prodotti, promozioni e annunci digitali in ambienti di vendita al dettaglio ad alto traffico.<\/li>\n<\/ul>\n<p><strong>Tecnologia comprovata:<\/strong><\/p>\n<ul>\n<li>IP65 \u2013 Resistenza alla polvere e all\u2019umidit\u00e0.<\/li>\n<li>Gradiente a 16 bit (281 trilioni di colori). \u2013 Fotorealistico.<\/li>\n<li>Certificazione CE\/RoHS\/ISO9001 \u2013 Qualit\u00e0 industriale garantita.<\/li>\n<\/ul>\n<p><img loading=\"lazy\" decoding=\"async\" class=\"alignnone wp-image-2017 size-full\" src=\"https:\/\/www.telaled.com\/wp-content\/uploads\/2023\/06\/quality-led-module-materials-1.webp\" alt=\"materiali di qualit\u00e0 per moduli LED\" width=\"768\" height=\"555\" srcset=\"https:\/\/www.telaled.com\/wp-content\/uploads\/2023\/06\/quality-led-module-materials-1.webp 768w, https:\/\/www.telaled.com\/wp-content\/uploads\/2023\/06\/quality-led-module-materials-1-300x217.webp 300w, https:\/\/www.telaled.com\/wp-content\/uploads\/2023\/06\/quality-led-module-materials-1-18x12.webp 18w, https:\/\/www.telaled.com\/wp-content\/uploads\/2023\/06\/quality-led-module-materials-1-600x434.webp 600w\" sizes=\"auto, (max-width: 768px) 100vw, 768px\" \/><\/p>\n<\/div>\n<\/div>\n<\/div>\n<div data-feature-name=\"acf-carousel\" data-csa-c-type=\"widget\" data-csa-c-content-id=\"acf-carousel\" data-csa-c-slot-id=\"acf-carousel_feature_div\" data-csa-c-asin=\"B07DF32D6Q\" data-csa-c-is-in-initial-active-row=\"false\" data-csa-c-id=\"oqpgyr-mh4egp-nntzd2-kyiiqq\">\n<table id=\"tablepress-37\" class=\"tablepress tablepress-id-37\">\n<thead>\n<tr class=\"row-1\">\n\t<th colspan=\"4\" class=\"column-1\">Dettagli tecnici<\/th>\n<\/tr>\n<\/thead>\n<tbody class=\"row-striping row-hover\">\n<tr class=\"row-2\">\n\t<td class=\"column-1\">Numero di modello<\/td><td class=\"column-2\">TL \u2013 Modulo pannello LED per esterni P5<\/td><td class=\"column-3\"><\/td><td class=\"column-4\"><\/td>\n<\/tr>\n<tr class=\"row-3\">\n\t<td class=\"column-1\">Nome del marchio<\/td><td class=\"column-2\">Produttore di TELALED<\/td><td class=\"column-3\">Planarit\u00e0 dello schermo<\/td><td class=\"column-4\">&lt;\u00b11mm<\/td>\n<\/tr>\n<tr class=\"row-4\">\n\t<td class=\"column-1\">Luogo di origine<\/td><td class=\"column-2\">Guangdong, Cina<\/td><td class=\"column-3\">Tempo medio tra guasti (MTBF)<\/td><td class=\"column-4\">10.000 ore<\/td>\n<\/tr>\n<tr class=\"row-5\">\n\t<td class=\"column-1\">Distanza in pixel<\/td><td class=\"column-2\">P5<\/td><td class=\"column-3\">Vita utile<\/td><td class=\"column-4\">100.000 ore<\/td>\n<\/tr>\n<tr class=\"row-6\">\n\t<td class=\"column-1\">Distanza minima di visione<\/td><td class=\"column-2\">5 metri<\/td><td class=\"column-3\">Tensione di funzionamento del display<\/td><td class=\"column-4\">AC46\uff5e54HZ, 220V\u00b115%\/110V\u00b115%<\/td>\n<\/tr>\n<tr class=\"row-7\">\n\t<td class=\"column-1\">Configurazione LED<\/td><td class=\"column-2\">SMD2727<\/td><td class=\"column-3\">Attenuazione della luce<\/td><td class=\"column-4\">\uff1c3%<\/td>\n<\/tr>\n<tr class=\"row-8\">\n\t<td class=\"column-1\">Risoluzione del modulo<\/td><td class=\"column-2\">64\u00d732 pixel<\/td><td class=\"column-3\">Corrente di dispersione<\/td><td class=\"column-4\">&lt;3mA<\/td>\n<\/tr>\n<tr class=\"row-9\">\n\t<td class=\"column-1\">Pixel del modulo<\/td><td class=\"column-2\">2048 pixel<\/td><td class=\"column-3\">5408 pixel<\/td><td class=\"column-4\">IP65<\/td>\n<\/tr>\n<tr class=\"row-10\">\n\t<td class=\"column-1\">Dimensione del modulo<\/td><td class=\"column-2\">\tL320mm*A160mm*T17<\/td><td class=\"column-3\">Temperatura e umidit\u00e0 dell&#039;ambiente di lavoro<\/td><td class=\"column-4\">Temp.: -20\u00b0C~+60\u00b0C \/ Umidit\u00e0: 10%~90% RH<\/td>\n<\/tr>\n<tr class=\"row-11\">\n\t<td class=\"column-1\">Dimensioni del mobile<\/td><td class=\"column-2\">640mm*640mm<\/td><td class=\"column-3\">Supporti multimediali supportati<\/td><td class=\"column-4\">Dati tecnici, foto, modelli CAD, video<\/td>\n<\/tr>\n<tr class=\"row-12\">\n\t<td class=\"column-1\">Configurazione dei pixel<\/td><td class=\"column-2\">SMD3in1, colori completi R\/G\/B 1:1:1<\/td><td class=\"column-3\">Funzione<\/td><td class=\"column-4\">Kit di sviluppo software<\/td>\n<\/tr>\n<tr class=\"row-13\">\n\t<td class=\"column-1\">Lucentezza equilibrata<\/td><td class=\"column-2\">7000 cd\/m\u00b2 (interno)<\/td><td class=\"column-3\">Modalit\u00e0 di controllo<\/td><td class=\"column-4\">Sincronizzazione tramite DVI con PC di controllo<\/td>\n<\/tr>\n<tr class=\"row-14\">\n\t<td class=\"column-1\">Metodo di guida<\/td><td class=\"column-2\">scansione 1\/8<\/td><td class=\"column-3\">Software supportato<\/td><td class=\"column-4\">Windows XP\/W7\/Vista<\/td>\n<\/tr>\n<tr class=\"row-15\">\n\t<td class=\"column-1\">Frequenza di aggiornamento<\/td><td class=\"column-2\">\u22651920 Hz<\/td><td class=\"column-3\">Sistema di controllo<\/td><td class=\"column-4\">Scheda DVI + controller full color + fibra ottica (opzionale)<\/td>\n<\/tr>\n<tr class=\"row-16\">\n\t<td class=\"column-1\">Frequenza di rilevamento delle modifiche<\/td><td class=\"column-2\">50-60 Hz<\/td><td class=\"column-3\">Marchio del sistema di controllo principale<\/td><td class=\"column-4\">Novastar, Linsn, Huidu, Colorlight<\/td>\n<\/tr>\n<tr class=\"row-17\">\n\t<td class=\"column-1\">Angolo di visione<\/td><td class=\"column-2\">H140\u00b0 V120\u00b0<\/td><td class=\"column-3\">Interfaccia<\/td><td class=\"column-4\">Ethernet standard<\/td>\n<\/tr>\n<tr class=\"row-18\">\n\t<td class=\"column-1\">Tasso di luce inattiva<\/td><td class=\"column-2\">\u22641%<\/td><td class=\"column-3\">Distanza di trasmissione<\/td><td class=\"column-4\">Fibra multimodale <500m >\n<\/tr>\n<tr class=\"row-19\">\n\t<td class=\"column-1\">Spreco di energia<\/td><td class=\"column-2\">700*1000 W\/M2<\/td><td class=\"column-3\">Garanzia<\/td><td class=\"column-4\">5 anni<\/td>\n<\/tr>\n<tr class=\"row-20\">\n\t<td class=\"column-1\">Consumo energetico medio<\/td><td class=\"column-2\">550 W\/m2<\/td><td class=\"column-3\">Tipo di fornitore<\/td><td class=\"column-4\">Produttore originale\/ODM\/OEM<\/td>\n<\/tr>\n<tr class=\"row-21\">\n\t<td class=\"column-1\">Livello di grigio<\/td><td class=\"column-2\">16 bit (281 trilioni di colori) \/ 65.536 sfumature per colore primario<\/td><td class=\"column-3\">Tempi di consegna<\/td><td class=\"column-4\">25 (o trattabile)<\/td>\n<\/tr>\n<tr class=\"row-22\">\n\t<td class=\"column-1\">Colore dello schermo<\/td><td class=\"column-2\">16 milioni<\/td><td class=\"column-3\">Applicazione<\/td><td class=\"column-4\">Pubblicit\u00e0\/Interni\/Esterni<\/td>\n<\/tr>\n<tr class=\"row-23\">\n\t<td class=\"column-1\">Orario di lavoro ininterrotto<\/td><td class=\"column-2\">\u226572 ore<\/td><td class=\"column-3\">Utilizzo<\/td><td class=\"column-4\">Pubblicit\u00e0 digitale, centri commerciali, espositori di benvenuto, sale espositive, aeroporti, chiese, sport, eventi, riunioni, noleggi, palchi, automotive, vendita al dettaglio, matrimoni<\/td>\n<\/tr>\n<tr class=\"row-24\">\n\t<td class=\"column-1\">Tasso di punti ciechi discreti<\/td><td class=\"column-2\"><1><td class=\"column-3\">Dettagli sulla confezione<\/td><td class=\"column-4\">Scatola di cartone rinforzata + legno<\/td>\n<\/tr>\n<tr class=\"row-25\">\n\t<td class=\"column-1\">Tasso di punto cieco continuo<\/td><td class=\"column-2\">Nessuno<\/td><td class=\"column-3\">Capacit\u00e0 di fornitura<\/td><td class=\"column-4\">5.000 unit\u00e0\/mese<\/td>\n<\/tr>\n<tr class=\"row-26\">\n\t<td class=\"column-1\">Tasso di punti ciechi<\/td><td class=\"column-2\"><1><td class=\"column-3\">Porto<\/td><td class=\"column-4\">Shenzhen<\/td>\n<\/tr>\n<\/tbody>\n<\/table>\n<\/div>\n<div id=\"provenanceCertifications_feature_div\" class=\"celwidget\" data-feature-name=\"provenanceCertifications\" data-csa-c-type=\"widget\" data-csa-c-content-id=\"provenanceCertifications\" data-csa-c-slot-id=\"provenanceCertifications_feature_div\" data-csa-c-asin=\"B07DF32D6Q\" data-csa-c-is-in-initial-active-row=\"false\" data-csa-c-id=\"6t8ho-xbknmj-nqaso5-ne24gd\">\n<div id=\"provenance-certifications\" class=\"a-section a-spacing-medium a-spacing-top-micro\">\u00a0<\/div>\n<\/div>","protected":false},"excerpt":{"rendered":"<p><strong>Modulo pannello LED per esterni P5: schermo per esterni durevole e ad alta risoluzione<\/strong><\/p>\n<p>IL <strong>Modulo pannello LED per esterni P5<\/strong> Offre immagini vivide con un pixel pitch di 5 mm, perfetto per la pubblicit\u00e0 esterna e... <a href=\"https:\/\/www.telaled.com\/it\/painel-de-led-para-eventos\/\">eventi<\/a>. \u00c8 dotato di un design resistente alle intemperie con protezione IP65, che garantisce durata in condizioni difficili. Con basso <a href=\"https:\/\/www.telaled.com\/it\/entendendo-o-consumo-de-energia-painel-de-led-quao-eficientes-sao-os-displays-de-led-modernos\/\">consumo di energia<\/a> Facile da installare, questo modulo offre immagini nitide e luminose anche in presenza di luce solare diretta.<\/p>\n<p><strong>Principali vantaggi:<\/strong><br \/>\n<strong><br \/>\n\u2714 Schermo ad alta risoluzione:<\/strong> Pixel pitch di 5 mm per immagini nitide e dettagliate. Supporta la riproduzione di video HD, 720P, 1080P, 2K e 4K per contenuti dinamici.<strong><br \/>\n<\/strong><\/p>\n<p><strong>\u2714 Robusta resistenza alle intemperie: <\/strong>Il grado di protezione IP65 garantisce una protezione completa contro polvere e getti d&#039;acqua, rendendolo ideale per tutti gli ambienti esterni.<strong><br \/>\n<\/strong><\/p>\n<p><strong>\u2714 <a href=\"https:\/\/www.telaled.com\/it\/fabrica\/painel-led-economizador-de-energia-serie-toc\/\">Efficienza energetica<\/a>: <\/strong>Consumo energetico medio di 550 W\/m2, ottimizzando l&#039;uso dell&#039;energia senza sacrificare le prestazioni.<strong><br \/>\n<\/strong><\/p>\n<p><strong>\u2714 Ampio angolo di visione:<\/strong> Angoli di visione orizzontali e verticali di 120 e 140\u00b0, che garantiscono un&#039;eccellente visibilit\u00e0 da pi\u00f9 prospettive in ampi spazi esterni.<\/p>","protected":false},"featured_media":2706,"template":"","meta":[],"product_brand":[],"product_cat":[41],"product_tag":[],"class_list":{"0":"post-2588","1":"product","2":"type-product","3":"status-publish","4":"has-post-thumbnail","6":"product_cat-modulo-painel-de-led","8":"first","9":"instock","10":"shipping-taxable","11":"product-type-simple"},"yoast_head":"<!-- This site is optimized with the Yoast SEO plugin v27.5 - https:\/\/yoast.com\/product\/yoast-seo-wordpress\/ -->\n<title>Modulo Painel de LED P5 Exteriores | Tela de Alta Qualidade para Publicidade Externa |TELALED<\/title>\n<meta name=\"description\" content=\"Compre o Modulo Painel de LED P5 Exteriores para ambientes externos P5 para obter telas externas impressionantes e de alta resolu\u00e7\u00e3o. Dur\u00e1vel e eficiente em termos de energia para todas as suas necessidades de publicidade. Fa\u00e7a uma cota\u00e7\u00e3o agora!\" \/>\n<meta name=\"robots\" content=\"index, follow, max-snippet:-1, max-image-preview:large, max-video-preview:-1\" \/>\n<link rel=\"canonical\" href=\"https:\/\/www.telaled.com\/it\/fabrica\/modulo-painel-de-led-p5-exteriores\/\" \/>\n<meta property=\"og:locale\" content=\"it_IT\" \/>\n<meta property=\"og:type\" content=\"article\" \/>\n<meta property=\"og:title\" content=\"Modulo Painel de LED P5 Exteriores | Tela de Alta Qualidade para Publicidade Externa |TELALED\" \/>\n<meta property=\"og:description\" content=\"Compre o Modulo Painel de LED P5 Exteriores para ambientes externos P5 para obter telas externas impressionantes e de alta resolu\u00e7\u00e3o. Dur\u00e1vel e eficiente em termos de energia para todas as suas necessidades de publicidade. Fa\u00e7a uma cota\u00e7\u00e3o agora!\" \/>\n<meta property=\"og:url\" content=\"https:\/\/www.telaled.com\/it\/fabrica\/modulo-painel-de-led-p5-exteriores\/\" \/>\n<meta property=\"og:site_name\" content=\"TELALED\" \/>\n<meta property=\"article:modified_time\" content=\"2026-01-02T09:32:42+00:00\" \/>\n<meta property=\"og:image\" content=\"https:\/\/www.telaled.com\/wp-content\/uploads\/2025\/07\/Modulo-Painel-de-LED-P5-Exteriores-1-1.webp\" \/>\n\t<meta property=\"og:image:width\" content=\"500\" \/>\n\t<meta property=\"og:image:height\" content=\"500\" \/>\n\t<meta property=\"og:image:type\" content=\"image\/webp\" \/>\n<meta name=\"twitter:card\" content=\"summary_large_image\" \/>\n<meta name=\"twitter:label1\" content=\"Tempo di lettura stimato\" \/>\n\t<meta name=\"twitter:data1\" content=\"2 minuti\" \/>\n<script type=\"application\/ld+json\" class=\"yoast-schema-graph\">{\"@context\":\"https:\\\/\\\/schema.org\",\"@graph\":[{\"@type\":\"WebPage\",\"@id\":\"https:\\\/\\\/www.telaled.com\\\/fabrica\\\/modulo-painel-de-led-p5-exteriores\\\/\",\"url\":\"https:\\\/\\\/www.telaled.com\\\/fabrica\\\/modulo-painel-de-led-p5-exteriores\\\/\",\"name\":\"Modulo Painel de LED P5 Exteriores | Tela de Alta Qualidade para Publicidade Externa |TELALED\",\"isPartOf\":{\"@id\":\"https:\\\/\\\/www.telaled.com\\\/#website\"},\"primaryImageOfPage\":{\"@id\":\"https:\\\/\\\/www.telaled.com\\\/fabrica\\\/modulo-painel-de-led-p5-exteriores\\\/#primaryimage\"},\"image\":{\"@id\":\"https:\\\/\\\/www.telaled.com\\\/fabrica\\\/modulo-painel-de-led-p5-exteriores\\\/#primaryimage\"},\"thumbnailUrl\":\"https:\\\/\\\/www.telaled.com\\\/wp-content\\\/uploads\\\/2025\\\/07\\\/Modulo-Painel-de-LED-P5-Exteriores-1-1.webp\",\"datePublished\":\"2025-07-16T09:39:44+00:00\",\"dateModified\":\"2026-01-02T09:32:42+00:00\",\"description\":\"Compre o Modulo Painel de LED P5 Exteriores para ambientes externos P5 para obter telas externas impressionantes e de alta resolu\u00e7\u00e3o. Dur\u00e1vel e eficiente em termos de energia para todas as suas necessidades de publicidade. Fa\u00e7a uma cota\u00e7\u00e3o agora!\",\"breadcrumb\":{\"@id\":\"https:\\\/\\\/www.telaled.com\\\/fabrica\\\/modulo-painel-de-led-p5-exteriores\\\/#breadcrumb\"},\"inLanguage\":\"it-IT\",\"potentialAction\":[{\"@type\":\"ReadAction\",\"target\":[\"https:\\\/\\\/www.telaled.com\\\/fabrica\\\/modulo-painel-de-led-p5-exteriores\\\/\"]}]},{\"@type\":\"ImageObject\",\"inLanguage\":\"it-IT\",\"@id\":\"https:\\\/\\\/www.telaled.com\\\/fabrica\\\/modulo-painel-de-led-p5-exteriores\\\/#primaryimage\",\"url\":\"https:\\\/\\\/www.telaled.com\\\/wp-content\\\/uploads\\\/2025\\\/07\\\/Modulo-Painel-de-LED-P5-Exteriores-1-1.webp\",\"contentUrl\":\"https:\\\/\\\/www.telaled.com\\\/wp-content\\\/uploads\\\/2025\\\/07\\\/Modulo-Painel-de-LED-P5-Exteriores-1-1.webp\",\"width\":500,\"height\":500,\"caption\":\"Modulo-Painel-de-LED-P5-Exteriores (1)\"},{\"@type\":\"BreadcrumbList\",\"@id\":\"https:\\\/\\\/www.telaled.com\\\/fabrica\\\/modulo-painel-de-led-p5-exteriores\\\/#breadcrumb\",\"itemListElement\":[{\"@type\":\"ListItem\",\"position\":1,\"name\":\"Home\",\"item\":\"https:\\\/\\\/www.telaled.com\\\/\"},{\"@type\":\"ListItem\",\"position\":2,\"name\":\"Produtos\",\"item\":\"https:\\\/\\\/www.telaled.com\\\/shop\\\/\"},{\"@type\":\"ListItem\",\"position\":3,\"name\":\"Modulo Painel de LED P5 Exteriores\"}]},{\"@type\":\"WebSite\",\"@id\":\"https:\\\/\\\/www.telaled.com\\\/#website\",\"url\":\"https:\\\/\\\/www.telaled.com\\\/\",\"name\":\"TELALED\",\"description\":\"\",\"potentialAction\":[{\"@type\":\"SearchAction\",\"target\":{\"@type\":\"EntryPoint\",\"urlTemplate\":\"https:\\\/\\\/www.telaled.com\\\/?s={search_term_string}\"},\"query-input\":{\"@type\":\"PropertyValueSpecification\",\"valueRequired\":true,\"valueName\":\"search_term_string\"}}],\"inLanguage\":\"it-IT\"}]}<\/script>\n<!-- \/ Yoast SEO plugin. -->","yoast_head_json":{"title":"Modulo pannello LED per esterni P5 | Schermo di alta qualit\u00e0 per pubblicit\u00e0 esterna |TELALED","description":"Acquista il modulo LED P5 per esterni per display ad alta risoluzione e di grande impatto. Resistente ed efficiente dal punto di vista energetico, \u00e8 perfetto per tutte le tue esigenze pubblicitarie. Richiedi subito un preventivo!","robots":{"index":"index","follow":"follow","max-snippet":"max-snippet:-1","max-image-preview":"max-image-preview:large","max-video-preview":"max-video-preview:-1"},"canonical":"https:\/\/www.telaled.com\/it\/fabrica\/modulo-painel-de-led-p5-exteriores\/","og_locale":"it_IT","og_type":"article","og_title":"Modulo Painel de LED P5 Exteriores | Tela de Alta Qualidade para Publicidade Externa |TELALED","og_description":"Compre o Modulo Painel de LED P5 Exteriores para ambientes externos P5 para obter telas externas impressionantes e de alta resolu\u00e7\u00e3o. Dur\u00e1vel e eficiente em termos de energia para todas as suas necessidades de publicidade. Fa\u00e7a uma cota\u00e7\u00e3o agora!","og_url":"https:\/\/www.telaled.com\/it\/fabrica\/modulo-painel-de-led-p5-exteriores\/","og_site_name":"TELALED","article_modified_time":"2026-01-02T09:32:42+00:00","og_image":[{"width":500,"height":500,"url":"https:\/\/www.telaled.com\/wp-content\/uploads\/2025\/07\/Modulo-Painel-de-LED-P5-Exteriores-1-1.webp","type":"image\/webp"}],"twitter_card":"summary_large_image","twitter_misc":{"Tempo di lettura stimato":"2 minuti"},"schema":{"@context":"https:\/\/schema.org","@graph":[{"@type":"WebPage","@id":"https:\/\/www.telaled.com\/fabrica\/modulo-painel-de-led-p5-exteriores\/","url":"https:\/\/www.telaled.com\/fabrica\/modulo-painel-de-led-p5-exteriores\/","name":"Modulo pannello LED per esterni P5 | Schermo di alta qualit\u00e0 per pubblicit\u00e0 esterna |TELALED","isPartOf":{"@id":"https:\/\/www.telaled.com\/#website"},"primaryImageOfPage":{"@id":"https:\/\/www.telaled.com\/fabrica\/modulo-painel-de-led-p5-exteriores\/#primaryimage"},"image":{"@id":"https:\/\/www.telaled.com\/fabrica\/modulo-painel-de-led-p5-exteriores\/#primaryimage"},"thumbnailUrl":"https:\/\/www.telaled.com\/wp-content\/uploads\/2025\/07\/Modulo-Painel-de-LED-P5-Exteriores-1-1.webp","datePublished":"2025-07-16T09:39:44+00:00","dateModified":"2026-01-02T09:32:42+00:00","description":"Acquista il modulo LED P5 per esterni per display ad alta risoluzione e di grande impatto. Resistente ed efficiente dal punto di vista energetico, \u00e8 perfetto per tutte le tue esigenze pubblicitarie. Richiedi subito un preventivo!","breadcrumb":{"@id":"https:\/\/www.telaled.com\/fabrica\/modulo-painel-de-led-p5-exteriores\/#breadcrumb"},"inLanguage":"it-IT","potentialAction":[{"@type":"ReadAction","target":["https:\/\/www.telaled.com\/fabrica\/modulo-painel-de-led-p5-exteriores\/"]}]},{"@type":"ImageObject","inLanguage":"it-IT","@id":"https:\/\/www.telaled.com\/fabrica\/modulo-painel-de-led-p5-exteriores\/#primaryimage","url":"https:\/\/www.telaled.com\/wp-content\/uploads\/2025\/07\/Modulo-Painel-de-LED-P5-Exteriores-1-1.webp","contentUrl":"https:\/\/www.telaled.com\/wp-content\/uploads\/2025\/07\/Modulo-Painel-de-LED-P5-Exteriores-1-1.webp","width":500,"height":500,"caption":"Modulo-Painel-de-LED-P5-Exteriores (1)"},{"@type":"BreadcrumbList","@id":"https:\/\/www.telaled.com\/fabrica\/modulo-painel-de-led-p5-exteriores\/#breadcrumb","itemListElement":[{"@type":"ListItem","position":1,"name":"Home","item":"https:\/\/www.telaled.com\/"},{"@type":"ListItem","position":2,"name":"Produtos","item":"https:\/\/www.telaled.com\/shop\/"},{"@type":"ListItem","position":3,"name":"Modulo Painel de LED P5 Exteriores"}]},{"@type":"WebSite","@id":"https:\/\/www.telaled.com\/#website","url":"https:\/\/www.telaled.com\/","name":"schermo LED","description":"","potentialAction":[{"@type":"SearchAction","target":{"@type":"EntryPoint","urlTemplate":"https:\/\/www.telaled.com\/?s={search_term_string}"},"query-input":{"@type":"PropertyValueSpecification","valueRequired":true,"valueName":"search_term_string"}}],"inLanguage":"it-IT"}]}},"_links":{"self":[{"href":"https:\/\/www.telaled.com\/it\/wp-json\/wp\/v2\/product\/2588","targetHints":{"allow":["GET"]}}],"collection":[{"href":"https:\/\/www.telaled.com\/it\/wp-json\/wp\/v2\/product"}],"about":[{"href":"https:\/\/www.telaled.com\/it\/wp-json\/wp\/v2\/types\/product"}],"wp:featuredmedia":[{"embeddable":true,"href":"https:\/\/www.telaled.com\/it\/wp-json\/wp\/v2\/media\/2706"}],"wp:attachment":[{"href":"https:\/\/www.telaled.com\/it\/wp-json\/wp\/v2\/media?parent=2588"}],"wp:term":[{"taxonomy":"product_brand","embeddable":true,"href":"https:\/\/www.telaled.com\/it\/wp-json\/wp\/v2\/product_brand?post=2588"},{"taxonomy":"product_cat","embeddable":true,"href":"https:\/\/www.telaled.com\/it\/wp-json\/wp\/v2\/product_cat?post=2588"},{"taxonomy":"product_tag","embeddable":true,"href":"https:\/\/www.telaled.com\/it\/wp-json\/wp\/v2\/product_tag?post=2588"}],"curies":[{"name":"parola chiave","href":"https:\/\/api.w.org\/{rel}","templated":true}]}}