{"id":2572,"date":"2025-07-16T02:57:31","date_gmt":"2025-07-16T02:57:31","guid":{"rendered":"https:\/\/www.telaled.com\/?post_type=product&#038;p=2572"},"modified":"2026-01-02T08:59:09","modified_gmt":"2026-01-02T08:59:09","slug":"modulo-painel-de-led-p4-81","status":"publish","type":"product","link":"https:\/\/www.telaled.com\/it\/fabrica\/modulo-painel-de-led-p4-81\/","title":{"rendered":"Modulo pannello LED P4.81"},"content":{"rendered":"<div id=\"featurebullets_feature_div\" class=\"celwidget\" data-feature-name=\"featurebullets\" data-csa-c-type=\"widget\" data-csa-c-content-id=\"featurebullets\" data-csa-c-slot-id=\"featurebullets_feature_div\" data-csa-c-asin=\"B07DF32D6Q\" data-csa-c-is-in-initial-active-row=\"false\" data-csa-c-id=\"3j0pnl-7cjnp-9t8psx-tspeog\">\n<div id=\"feature-bullets\" class=\"a-section a-spacing-medium a-spacing-top-small\">\n<div data-zone-id=\"0\" data-line-index=\"0\" data-line=\"true\">\n<p><strong>Applicazioni principali:<\/strong><\/p>\n<ul>\n<li><strong>Segnaletica digitale e pubblicit\u00e0:<\/strong> Ideale per spazi commerciali, centri commerciali e aeroporti, per esporre annunci pubblicitari e promozioni altamente visibili.<\/li>\n<li><strong>Esposizioni aziendali:<\/strong> Ideale per <a href=\"https:\/\/www.telaled.com\/it\/fabrica\/painel-de-led-para-sala-de-conferencia-serie-tid\/\">sale conferenze<\/a>, lobby e riunioni, esponendo in modo chiaro le presentazioni e i messaggi aziendali.<\/li>\n<li><strong>Mostre e fiere:<\/strong> Adattabile per creare display grandi e accattivanti in occasione di mostre, convegni e fiere.<\/li>\n<li><strong>Luoghi di intrattenimento e sport:<\/strong> Utilizzato negli stadi e nelle sale da concerto per visualizzare in modo chiaro e vivido i risultati delle partite in diretta, i contenuti degli eventi e le pubblicit\u00e0.<\/li>\n<li><strong>Sale di trasmissione e controllo:<\/strong> Fornisce feed video e contenuti nitidi e in tempo reale agli studi di trasmissione e alle sale di controllo.<\/li>\n<\/ul>\n<p><strong>Tecnologia comprovata:<\/strong><\/p>\n<ul>\n<li>IP40\/IP50 \u2013 Resistenza alla polvere e all\u2019umidit\u00e0.<\/li>\n<li>Gradiente a 16 bit (281 trilioni di colori). \u2013 Fotorealistico.<\/li>\n<li>Certificazione CE\/RoHS\/ISO9001 \u2013 Qualit\u00e0 industriale garantita.<\/li>\n<\/ul>\n<p><img loading=\"lazy\" decoding=\"async\" class=\"alignnone wp-image-2017 size-full\" src=\"https:\/\/www.telaled.com\/wp-content\/uploads\/2023\/06\/quality-led-module-materials-1.webp\" alt=\"materiali di qualit\u00e0 per moduli LED\" width=\"768\" height=\"555\" srcset=\"https:\/\/www.telaled.com\/wp-content\/uploads\/2023\/06\/quality-led-module-materials-1.webp 768w, https:\/\/www.telaled.com\/wp-content\/uploads\/2023\/06\/quality-led-module-materials-1-300x217.webp 300w, https:\/\/www.telaled.com\/wp-content\/uploads\/2023\/06\/quality-led-module-materials-1-18x12.webp 18w, https:\/\/www.telaled.com\/wp-content\/uploads\/2023\/06\/quality-led-module-materials-1-600x434.webp 600w\" sizes=\"auto, (max-width: 768px) 100vw, 768px\" \/><\/p>\n<\/div>\n<\/div>\n<\/div>\n<div data-feature-name=\"acf-carousel\" data-csa-c-type=\"widget\" data-csa-c-content-id=\"acf-carousel\" data-csa-c-slot-id=\"acf-carousel_feature_div\" data-csa-c-asin=\"B07DF32D6Q\" data-csa-c-is-in-initial-active-row=\"false\" data-csa-c-id=\"oqpgyr-mh4egp-nntzd2-kyiiqq\">\n<table id=\"tablepress-36\" class=\"tablepress tablepress-id-36\">\n<thead>\n<tr class=\"row-1\">\n\t<th colspan=\"4\" class=\"column-1\">Dettagli tecnici<\/th>\n<\/tr>\n<\/thead>\n<tbody class=\"row-striping row-hover\">\n<tr class=\"row-2\">\n\t<td class=\"column-1\">Numero di modello<\/td><td class=\"column-2\">TL \u2013 Modulo pannello LED P4.81<\/td><td class=\"column-3\"><\/td><td class=\"column-4\"><\/td>\n<\/tr>\n<tr class=\"row-3\">\n\t<td class=\"column-1\">Nome del marchio<\/td><td class=\"column-2\">Produttore di TELALED<\/td><td class=\"column-3\">Planarit\u00e0 dello schermo<\/td><td class=\"column-4\">&lt;\u00b11mm<\/td>\n<\/tr>\n<tr class=\"row-4\">\n\t<td class=\"column-1\">Luogo di origine<\/td><td class=\"column-2\">Guangdong, Cina<\/td><td class=\"column-3\">Tempo medio tra guasti (MTBF)<\/td><td class=\"column-4\">10.000 ore<\/td>\n<\/tr>\n<tr class=\"row-5\">\n\t<td class=\"column-1\">Distanza in pixel<\/td><td class=\"column-2\">P4.81<\/td><td class=\"column-3\">Vita utile<\/td><td class=\"column-4\">100.000 ore<\/td>\n<\/tr>\n<tr class=\"row-6\">\n\t<td class=\"column-1\">Distanza minima di visione<\/td><td class=\"column-2\">4,8 milioni<\/td><td class=\"column-3\">Tensione di funzionamento del display<\/td><td class=\"column-4\">AC46\uff5e54HZ, 220V\u00b115%\/110V\u00b115%<\/td>\n<\/tr>\n<tr class=\"row-7\">\n\t<td class=\"column-1\">Configurazione LED<\/td><td class=\"column-2\">SMD2121<\/td><td class=\"column-3\">Attenuazione della luce<\/td><td class=\"column-4\">\uff1c3%<\/td>\n<\/tr>\n<tr class=\"row-8\">\n\t<td class=\"column-1\">Risoluzione del modulo<\/td><td class=\"column-2\">52\u00d752 pixel<\/td><td class=\"column-3\">Corrente di dispersione<\/td><td class=\"column-4\">&lt;3mA<\/td>\n<\/tr>\n<tr class=\"row-9\">\n\t<td class=\"column-1\">Pixel del modulo<\/td><td class=\"column-2\">2704 pixel<\/td><td class=\"column-3\">5408 pixel<\/td><td class=\"column-4\">Posteriore: IP40 \/ Anteriore: IP50<\/td>\n<\/tr>\n<tr class=\"row-10\">\n\t<td class=\"column-1\">Dimensione del modulo<\/td><td class=\"column-2\">L250mm*A250mm*T14<\/td><td class=\"column-3\">Temperatura e umidit\u00e0 dell&#039;ambiente di lavoro<\/td><td class=\"column-4\">Temp.: -20\u00b0C~+60\u00b0C \/ Umidit\u00e0: 10%~90% RH<\/td>\n<\/tr>\n<tr class=\"row-11\">\n\t<td class=\"column-1\">Dimensioni del mobile<\/td><td class=\"column-2\">500mm*500mm<\/td><td class=\"column-3\">Supporti multimediali supportati<\/td><td class=\"column-4\">Dati tecnici, foto, modelli CAD, video<\/td>\n<\/tr>\n<tr class=\"row-12\">\n\t<td class=\"column-1\">Configurazione dei pixel<\/td><td class=\"column-2\">SMD3in1, colori completi R\/G\/B 1:1:1<\/td><td class=\"column-3\">Funzione<\/td><td class=\"column-4\">Kit di sviluppo software<\/td>\n<\/tr>\n<tr class=\"row-13\">\n\t<td class=\"column-1\">Lucentezza equilibrata<\/td><td class=\"column-2\">1000 cd\/m\u00b2 (interno)<\/td><td class=\"column-3\">Modalit\u00e0 di controllo<\/td><td class=\"column-4\">Sincronizzazione tramite DVI con PC di controllo<\/td>\n<\/tr>\n<tr class=\"row-14\">\n\t<td class=\"column-1\">Metodo di guida<\/td><td class=\"column-2\">scansione 1\/13<\/td><td class=\"column-3\">Software supportato<\/td><td class=\"column-4\">Windows XP\/W7\/Vista<\/td>\n<\/tr>\n<tr class=\"row-15\">\n\t<td class=\"column-1\">Frequenza di aggiornamento<\/td><td class=\"column-2\">\u22651920 Hz<\/td><td class=\"column-3\">Sistema di controllo<\/td><td class=\"column-4\">Scheda DVI + controller full color + fibra ottica (opzionale)<\/td>\n<\/tr>\n<tr class=\"row-16\">\n\t<td class=\"column-1\">Frequenza di rilevamento delle modifiche<\/td><td class=\"column-2\">50-60 Hz<\/td><td class=\"column-3\">Marchio del sistema di controllo principale<\/td><td class=\"column-4\">Novastar, Linsn, Huidu, Colorlight<\/td>\n<\/tr>\n<tr class=\"row-17\">\n\t<td class=\"column-1\">Angolo di visione<\/td><td class=\"column-2\">H140\u00b0 V120\u00b0<\/td><td class=\"column-3\">Interfaccia<\/td><td class=\"column-4\">Ethernet standard<\/td>\n<\/tr>\n<tr class=\"row-18\">\n\t<td class=\"column-1\">Tasso di luce inattiva<\/td><td class=\"column-2\">\u22641%<\/td><td class=\"column-3\">Distanza di trasmissione<\/td><td class=\"column-4\">Fibra multimodale <500m >\n<\/tr>\n<tr class=\"row-19\">\n\t<td class=\"column-1\">Spreco di energia<\/td><td class=\"column-2\">700*1000 W\/M2<\/td><td class=\"column-3\">Garanzia<\/td><td class=\"column-4\">5 anni<\/td>\n<\/tr>\n<tr class=\"row-20\">\n\t<td class=\"column-1\">Consumo energetico medio<\/td><td class=\"column-2\">420 W\/m2<\/td><td class=\"column-3\">Tipo di fornitore<\/td><td class=\"column-4\">Produttore originale\/ODM\/OEM<\/td>\n<\/tr>\n<tr class=\"row-21\">\n\t<td class=\"column-1\">Livello di grigio<\/td><td class=\"column-2\">16 bit (281 trilioni di colori) \/ 65.536 sfumature per colore primario<\/td><td class=\"column-3\">Tempi di consegna<\/td><td class=\"column-4\">25 (o trattabile)<\/td>\n<\/tr>\n<tr class=\"row-22\">\n\t<td class=\"column-1\">Colore dello schermo<\/td><td class=\"column-2\">16 milioni<\/td><td class=\"column-3\">Applicazione<\/td><td class=\"column-4\">Pubblicit\u00e0\/Interni\/Esterni<\/td>\n<\/tr>\n<tr class=\"row-23\">\n\t<td class=\"column-1\">Orario di lavoro ininterrotto<\/td><td class=\"column-2\">\u226572 ore<\/td><td class=\"column-3\">Utilizzo<\/td><td class=\"column-4\">Pubblicit\u00e0 digitale, centri commerciali, espositori di benvenuto, sale espositive, aeroporti, chiese, sport, eventi, riunioni, noleggi, palchi, automotive, vendita al dettaglio, matrimoni<\/td>\n<\/tr>\n<tr class=\"row-24\">\n\t<td class=\"column-1\">Tasso di punti ciechi discreti<\/td><td class=\"column-2\"><1><td class=\"column-3\">Dettagli sulla confezione<\/td><td class=\"column-4\">Scatola di cartone rinforzata + legno<\/td>\n<\/tr>\n<tr class=\"row-25\">\n\t<td class=\"column-1\">Tasso di punto cieco continuo<\/td><td class=\"column-2\">Nessuno<\/td><td class=\"column-3\">Capacit\u00e0 di fornitura<\/td><td class=\"column-4\">5.000 unit\u00e0\/mese<\/td>\n<\/tr>\n<tr class=\"row-26\">\n\t<td class=\"column-1\">Tasso di punti ciechi<\/td><td class=\"column-2\"><1><td class=\"column-3\">Porto<\/td><td class=\"column-4\">Shenzhen<\/td>\n<\/tr>\n<\/tbody>\n<\/table>\n<\/div>\n<div id=\"provenanceCertifications_feature_div\" class=\"celwidget\" data-feature-name=\"provenanceCertifications\" data-csa-c-type=\"widget\" data-csa-c-content-id=\"provenanceCertifications\" data-csa-c-slot-id=\"provenanceCertifications_feature_div\" data-csa-c-asin=\"B07DF32D6Q\" data-csa-c-is-in-initial-active-row=\"false\" data-csa-c-id=\"6t8ho-xbknmj-nqaso5-ne24gd\">\n<div id=\"provenance-certifications\" class=\"a-section a-spacing-medium a-spacing-top-micro\">\u00a0<\/div>\n<\/div>","protected":false},"excerpt":{"rendered":"<p><strong>Modulo pannello LED P4.81: soluzione di visualizzazione scalabile e ad alta risoluzione<\/strong><\/p>\n<p>IL <strong>Modulo pannello LED P4.81<\/strong> Progettato per l&#039;uso in ambienti interni, offre display vivaci e di alta qualit\u00e0 con un pixel pitch di 4,81 mm. Offre una nitidezza delle immagini e una precisione dei colori superiori. Grazie all&#039;efficienza energetica e alla flessibilit\u00e0 modulare, questo modulo garantisce prestazioni eccezionali, lunga durata e facile scalabilit\u00e0.<\/p>\n<p><strong>Principali vantaggi:<\/strong><br \/>\n<strong><br \/>\n\u2714Alto <a href=\"https:\/\/www.telaled.com\/it\/densidade-de-pixels-em-telas-de-led-e-lcd\/\">densit\u00e0 di pixel<\/a> (passo 4,81 mm): <\/strong>Raggiunge un equilibrio tra risoluzione e distanza di visione, offrendo immagini nitide con un&#039;eccellente chiarezza.<strong><br \/>\n<\/strong><\/p>\n<p><strong>\u2714 Riproduzione dei colori vivida e precisa: <\/strong>Eccelle nel riprodurre colori vividi e brillanti con contrasti elevati, garantendo che i tuoi contenuti si distinguano.<strong><br \/>\n<\/strong><\/p>\n<p><strong>\u2714 <a href=\"https:\/\/www.telaled.com\/it\/fabrica\/painel-led-economizador-de-energia-serie-toc\/\">Efficienza energetica<\/a>: <\/strong>Progettato con tecnologia a risparmio energetico, il pannello aiuta le aziende a ridurre i costi operativi.<strong><br \/>\n<\/strong><\/p>\n<p><strong>\u2714 Flessibilit\u00e0 e scalabilit\u00e0 modulari:<\/strong> Consente di creare dimensioni dello schermo personalizzate per spazi diversi.<\/p>","protected":false},"featured_media":2703,"template":"","meta":[],"product_brand":[],"product_cat":[41],"product_tag":[],"class_list":{"0":"post-2572","1":"product","2":"type-product","3":"status-publish","4":"has-post-thumbnail","6":"product_cat-modulo-painel-de-led","8":"first","9":"instock","10":"shipping-taxable","11":"product-type-simple"},"yoast_head":"<!-- This site is optimized with the Yoast SEO plugin v27.5 - https:\/\/yoast.com\/product\/yoast-seo-wordpress\/ -->\n<title>Modulo Painel de LED P4.81 | Tela de Exibi\u00e7\u00e3o Interna de Alta Resolu\u00e7\u00e3o |TELALED<\/title>\n<meta name=\"description\" content=\"Descubra o Modulo Painel de LED P4.81, que oferece brilho e precis\u00e3o de cores superiores para projetos de exibi\u00e7\u00e3o e sinaliza\u00e7\u00e3o digital. Adquira o seu hoje mesmo e eleve sua experi\u00eancia de exibi\u00e7\u00e3o!\" \/>\n<meta name=\"robots\" content=\"index, follow, max-snippet:-1, max-image-preview:large, max-video-preview:-1\" \/>\n<link rel=\"canonical\" href=\"https:\/\/www.telaled.com\/it\/fabrica\/modulo-painel-de-led-p4-81\/\" \/>\n<meta property=\"og:locale\" content=\"it_IT\" \/>\n<meta property=\"og:type\" content=\"article\" \/>\n<meta property=\"og:title\" content=\"Modulo Painel de LED P4.81 | Tela de Exibi\u00e7\u00e3o Interna de Alta Resolu\u00e7\u00e3o |TELALED\" \/>\n<meta property=\"og:description\" content=\"Descubra o Modulo Painel de LED P4.81, que oferece brilho e precis\u00e3o de cores superiores para projetos de exibi\u00e7\u00e3o e sinaliza\u00e7\u00e3o digital. Adquira o seu hoje mesmo e eleve sua experi\u00eancia de exibi\u00e7\u00e3o!\" \/>\n<meta property=\"og:url\" content=\"https:\/\/www.telaled.com\/it\/fabrica\/modulo-painel-de-led-p4-81\/\" \/>\n<meta property=\"og:site_name\" content=\"TELALED\" \/>\n<meta property=\"article:modified_time\" content=\"2026-01-02T08:59:09+00:00\" \/>\n<meta property=\"og:image\" content=\"https:\/\/www.telaled.com\/wp-content\/uploads\/2025\/07\/Modulo-Painel-de-LED-P4.81.jpg\" \/>\n\t<meta property=\"og:image:width\" content=\"500\" \/>\n\t<meta property=\"og:image:height\" content=\"500\" \/>\n\t<meta property=\"og:image:type\" content=\"image\/jpeg\" \/>\n<meta name=\"twitter:card\" content=\"summary_large_image\" \/>\n<meta name=\"twitter:label1\" content=\"Tempo di lettura stimato\" \/>\n\t<meta name=\"twitter:data1\" content=\"2 minuti\" \/>\n<script type=\"application\/ld+json\" class=\"yoast-schema-graph\">{\"@context\":\"https:\\\/\\\/schema.org\",\"@graph\":[{\"@type\":\"WebPage\",\"@id\":\"https:\\\/\\\/www.telaled.com\\\/fabrica\\\/modulo-painel-de-led-p4-81\\\/\",\"url\":\"https:\\\/\\\/www.telaled.com\\\/fabrica\\\/modulo-painel-de-led-p4-81\\\/\",\"name\":\"Modulo Painel de LED P4.81 | Tela de Exibi\u00e7\u00e3o Interna de Alta Resolu\u00e7\u00e3o |TELALED\",\"isPartOf\":{\"@id\":\"https:\\\/\\\/www.telaled.com\\\/#website\"},\"primaryImageOfPage\":{\"@id\":\"https:\\\/\\\/www.telaled.com\\\/fabrica\\\/modulo-painel-de-led-p4-81\\\/#primaryimage\"},\"image\":{\"@id\":\"https:\\\/\\\/www.telaled.com\\\/fabrica\\\/modulo-painel-de-led-p4-81\\\/#primaryimage\"},\"thumbnailUrl\":\"https:\\\/\\\/www.telaled.com\\\/wp-content\\\/uploads\\\/2025\\\/07\\\/Modulo-Painel-de-LED-P4.81.jpg\",\"datePublished\":\"2025-07-16T02:57:31+00:00\",\"dateModified\":\"2026-01-02T08:59:09+00:00\",\"description\":\"Descubra o Modulo Painel de LED P4.81, que oferece brilho e precis\u00e3o de cores superiores para projetos de exibi\u00e7\u00e3o e sinaliza\u00e7\u00e3o digital. Adquira o seu hoje mesmo e eleve sua experi\u00eancia de exibi\u00e7\u00e3o!\",\"breadcrumb\":{\"@id\":\"https:\\\/\\\/www.telaled.com\\\/fabrica\\\/modulo-painel-de-led-p4-81\\\/#breadcrumb\"},\"inLanguage\":\"it-IT\",\"potentialAction\":[{\"@type\":\"ReadAction\",\"target\":[\"https:\\\/\\\/www.telaled.com\\\/fabrica\\\/modulo-painel-de-led-p4-81\\\/\"]}]},{\"@type\":\"ImageObject\",\"inLanguage\":\"it-IT\",\"@id\":\"https:\\\/\\\/www.telaled.com\\\/fabrica\\\/modulo-painel-de-led-p4-81\\\/#primaryimage\",\"url\":\"https:\\\/\\\/www.telaled.com\\\/wp-content\\\/uploads\\\/2025\\\/07\\\/Modulo-Painel-de-LED-P4.81.jpg\",\"contentUrl\":\"https:\\\/\\\/www.telaled.com\\\/wp-content\\\/uploads\\\/2025\\\/07\\\/Modulo-Painel-de-LED-P4.81.jpg\",\"width\":500,\"height\":500,\"caption\":\"Modulo-Painel-de-LED-P4.81\"},{\"@type\":\"BreadcrumbList\",\"@id\":\"https:\\\/\\\/www.telaled.com\\\/fabrica\\\/modulo-painel-de-led-p4-81\\\/#breadcrumb\",\"itemListElement\":[{\"@type\":\"ListItem\",\"position\":1,\"name\":\"Home\",\"item\":\"https:\\\/\\\/www.telaled.com\\\/\"},{\"@type\":\"ListItem\",\"position\":2,\"name\":\"Produtos\",\"item\":\"https:\\\/\\\/www.telaled.com\\\/shop\\\/\"},{\"@type\":\"ListItem\",\"position\":3,\"name\":\"Modulo Painel de LED P4.81\"}]},{\"@type\":\"WebSite\",\"@id\":\"https:\\\/\\\/www.telaled.com\\\/#website\",\"url\":\"https:\\\/\\\/www.telaled.com\\\/\",\"name\":\"TELALED\",\"description\":\"\",\"potentialAction\":[{\"@type\":\"SearchAction\",\"target\":{\"@type\":\"EntryPoint\",\"urlTemplate\":\"https:\\\/\\\/www.telaled.com\\\/?s={search_term_string}\"},\"query-input\":{\"@type\":\"PropertyValueSpecification\",\"valueRequired\":true,\"valueName\":\"search_term_string\"}}],\"inLanguage\":\"it-IT\"}]}<\/script>\n<!-- \/ Yoast SEO plugin. -->","yoast_head_json":{"title":"Modulo pannello LED P4.81 | Schermo di visualizzazione per interni ad alta risoluzione |TELALED","description":"Scopri il modulo pannello LED P4.81, che offre luminosit\u00e0 e precisione cromatica superiori per progetti di display e digital signage. Acquistalo oggi stesso e migliora la tua esperienza di visualizzazione!","robots":{"index":"index","follow":"follow","max-snippet":"max-snippet:-1","max-image-preview":"max-image-preview:large","max-video-preview":"max-video-preview:-1"},"canonical":"https:\/\/www.telaled.com\/it\/fabrica\/modulo-painel-de-led-p4-81\/","og_locale":"it_IT","og_type":"article","og_title":"Modulo Painel de LED P4.81 | Tela de Exibi\u00e7\u00e3o Interna de Alta Resolu\u00e7\u00e3o |TELALED","og_description":"Descubra o Modulo Painel de LED P4.81, que oferece brilho e precis\u00e3o de cores superiores para projetos de exibi\u00e7\u00e3o e sinaliza\u00e7\u00e3o digital. Adquira o seu hoje mesmo e eleve sua experi\u00eancia de exibi\u00e7\u00e3o!","og_url":"https:\/\/www.telaled.com\/it\/fabrica\/modulo-painel-de-led-p4-81\/","og_site_name":"TELALED","article_modified_time":"2026-01-02T08:59:09+00:00","og_image":[{"width":500,"height":500,"url":"https:\/\/www.telaled.com\/wp-content\/uploads\/2025\/07\/Modulo-Painel-de-LED-P4.81.jpg","type":"image\/jpeg"}],"twitter_card":"summary_large_image","twitter_misc":{"Tempo di lettura stimato":"2 minuti"},"schema":{"@context":"https:\/\/schema.org","@graph":[{"@type":"WebPage","@id":"https:\/\/www.telaled.com\/fabrica\/modulo-painel-de-led-p4-81\/","url":"https:\/\/www.telaled.com\/fabrica\/modulo-painel-de-led-p4-81\/","name":"Modulo pannello LED P4.81 | Schermo di visualizzazione per interni ad alta risoluzione |TELALED","isPartOf":{"@id":"https:\/\/www.telaled.com\/#website"},"primaryImageOfPage":{"@id":"https:\/\/www.telaled.com\/fabrica\/modulo-painel-de-led-p4-81\/#primaryimage"},"image":{"@id":"https:\/\/www.telaled.com\/fabrica\/modulo-painel-de-led-p4-81\/#primaryimage"},"thumbnailUrl":"https:\/\/www.telaled.com\/wp-content\/uploads\/2025\/07\/Modulo-Painel-de-LED-P4.81.jpg","datePublished":"2025-07-16T02:57:31+00:00","dateModified":"2026-01-02T08:59:09+00:00","description":"Scopri il modulo pannello LED P4.81, che offre luminosit\u00e0 e precisione cromatica superiori per progetti di display e digital signage. Acquistalo oggi stesso e migliora la tua esperienza di visualizzazione!","breadcrumb":{"@id":"https:\/\/www.telaled.com\/fabrica\/modulo-painel-de-led-p4-81\/#breadcrumb"},"inLanguage":"it-IT","potentialAction":[{"@type":"ReadAction","target":["https:\/\/www.telaled.com\/fabrica\/modulo-painel-de-led-p4-81\/"]}]},{"@type":"ImageObject","inLanguage":"it-IT","@id":"https:\/\/www.telaled.com\/fabrica\/modulo-painel-de-led-p4-81\/#primaryimage","url":"https:\/\/www.telaled.com\/wp-content\/uploads\/2025\/07\/Modulo-Painel-de-LED-P4.81.jpg","contentUrl":"https:\/\/www.telaled.com\/wp-content\/uploads\/2025\/07\/Modulo-Painel-de-LED-P4.81.jpg","width":500,"height":500,"caption":"Modulo-Painel-de-LED-P4.81"},{"@type":"BreadcrumbList","@id":"https:\/\/www.telaled.com\/fabrica\/modulo-painel-de-led-p4-81\/#breadcrumb","itemListElement":[{"@type":"ListItem","position":1,"name":"Home","item":"https:\/\/www.telaled.com\/"},{"@type":"ListItem","position":2,"name":"Produtos","item":"https:\/\/www.telaled.com\/shop\/"},{"@type":"ListItem","position":3,"name":"Modulo Painel de LED P4.81"}]},{"@type":"WebSite","@id":"https:\/\/www.telaled.com\/#website","url":"https:\/\/www.telaled.com\/","name":"schermo LED","description":"","potentialAction":[{"@type":"SearchAction","target":{"@type":"EntryPoint","urlTemplate":"https:\/\/www.telaled.com\/?s={search_term_string}"},"query-input":{"@type":"PropertyValueSpecification","valueRequired":true,"valueName":"search_term_string"}}],"inLanguage":"it-IT"}]}},"_links":{"self":[{"href":"https:\/\/www.telaled.com\/it\/wp-json\/wp\/v2\/product\/2572","targetHints":{"allow":["GET"]}}],"collection":[{"href":"https:\/\/www.telaled.com\/it\/wp-json\/wp\/v2\/product"}],"about":[{"href":"https:\/\/www.telaled.com\/it\/wp-json\/wp\/v2\/types\/product"}],"wp:featuredmedia":[{"embeddable":true,"href":"https:\/\/www.telaled.com\/it\/wp-json\/wp\/v2\/media\/2703"}],"wp:attachment":[{"href":"https:\/\/www.telaled.com\/it\/wp-json\/wp\/v2\/media?parent=2572"}],"wp:term":[{"taxonomy":"product_brand","embeddable":true,"href":"https:\/\/www.telaled.com\/it\/wp-json\/wp\/v2\/product_brand?post=2572"},{"taxonomy":"product_cat","embeddable":true,"href":"https:\/\/www.telaled.com\/it\/wp-json\/wp\/v2\/product_cat?post=2572"},{"taxonomy":"product_tag","embeddable":true,"href":"https:\/\/www.telaled.com\/it\/wp-json\/wp\/v2\/product_tag?post=2572"}],"curies":[{"name":"parola chiave","href":"https:\/\/api.w.org\/{rel}","templated":true}]}}