{"id":1402,"date":"2023-06-08T08:15:42","date_gmt":"2023-06-08T08:15:42","guid":{"rendered":"https:\/\/plum-wolverine-723597.hostingersite.com\/?post_type=product&#038;p=1402"},"modified":"2026-01-02T03:41:52","modified_gmt":"2026-01-02T03:41:52","slug":"modulo-painel-de-led-p1","status":"publish","type":"product","link":"https:\/\/www.telaled.com\/it\/fabrica\/modulo-painel-de-led-p1\/","title":{"rendered":"Modulo pannello LED P1"},"content":{"rendered":"<h2>Perch\u00e9 scegliere il pannello LED P1?<\/h2>\n<p><strong>Alta definizione (HD eccezionale)<\/strong><br \/>\nPixel pitch di soli 1,0~1,5 mm, che garantisce immagini ultra nitide anche a brevi distanze. Ideale per <a href=\"https:\/\/www.telaled.com\/it\/led-para-vitrine-de-loja\/\">vetrine dei negozi<\/a>, sale di controllo e pubblicit\u00e0 premium.<\/p>\n<p><strong>Basso consumo energetico (economia intelligente)<\/strong><br \/>\nConsuma fino a 50% di energia in meno rispetto ai pannelli convenzionali, riducendo le bollette elettriche senza sacrificare la luminosit\u00e0 (900 nit).<\/p>\n<p><strong>Lunga durata (durata comprovata)<\/strong><br \/>\nOltre 100.000 ore di utilizzo continuo, con bassa degradazione della luminosit\u00e0 (&lt;3%), perfetta per applicazioni commerciali a lungo termine.<\/p>\n<p><strong>Facile installazione e manutenzione<\/strong><br \/>\nI moduli standardizzati (320x160mm) consentono un rapido assemblaggio e una sostituzione individuale, riducendo al minimo i tempi di fermo.<\/p>\n<p><strong>Compatibilit\u00e0 del controller (flessibilit\u00e0 totale)<\/strong><br \/>\nSi integra perfettamente con i sistemi Novastar, Huidu e Colorlight, offrendo un controllo preciso del colore e la sincronizzazione per video dinamici.<\/p>\n<p><strong style=\"color: #555555; font-size: 14.4px;\">Applicazioni ideali:<\/strong><\/p>\n<ul>\n<li>Finestre del centro commerciale (P1 interno: 900 nit)<\/li>\n<li>Studi televisivi (frequenza di aggiornamento \u22653840Hz)<\/li>\n<li>Segnaletica aziendale (modulo 320x160mm, 51200 pixel)<\/li>\n<\/ul>\n<p><img loading=\"lazy\" decoding=\"async\" class=\"alignnone wp-image-2017 size-full\" src=\"https:\/\/www.telaled.com\/wp-content\/uploads\/2023\/06\/quality-led-module-materials-1.webp\" alt=\"materiali di qualit\u00e0 per moduli LED\" width=\"768\" height=\"555\" srcset=\"https:\/\/www.telaled.com\/wp-content\/uploads\/2023\/06\/quality-led-module-materials-1.webp 768w, https:\/\/www.telaled.com\/wp-content\/uploads\/2023\/06\/quality-led-module-materials-1-300x217.webp 300w, https:\/\/www.telaled.com\/wp-content\/uploads\/2023\/06\/quality-led-module-materials-1-18x12.webp 18w, https:\/\/www.telaled.com\/wp-content\/uploads\/2023\/06\/quality-led-module-materials-1-600x434.webp 600w\" sizes=\"auto, (max-width: 768px) 100vw, 768px\" \/><\/p>\n\n<table id=\"tablepress-2\" class=\"tablepress tablepress-id-2\">\n<thead>\n<tr class=\"row-1\">\n\t<th colspan=\"4\" class=\"column-1\">Dettagli tecnici<\/th>\n<\/tr>\n<\/thead>\n<tbody class=\"row-striping row-hover\">\n<tr class=\"row-2\">\n\t<td class=\"column-1\">Numero di modello<\/td><td class=\"column-2\">TL \u2013 Modulo pannello LED interno P1<\/td><td class=\"column-3\"><\/td><td class=\"column-4\"><\/td>\n<\/tr>\n<tr class=\"row-3\">\n\t<td class=\"column-1\">Nome del marchio<\/td><td class=\"column-2\">Produttore di TELALED<\/td><td class=\"column-3\">Planarit\u00e0 dello schermo<\/td><td class=\"column-4\">&lt;\u00b11mm<\/td>\n<\/tr>\n<tr class=\"row-4\">\n\t<td class=\"column-1\">Luogo di origine<\/td><td class=\"column-2\">Guangdong, Cina<\/td><td class=\"column-3\">Tempo medio tra guasti (MTBF)<\/td><td class=\"column-4\">10.000 ore<\/td>\n<\/tr>\n<tr class=\"row-5\">\n\t<td class=\"column-1\">Distanza in pixel<\/td><td class=\"column-2\">P1<\/td><td class=\"column-3\">Vita utile<\/td><td class=\"column-4\">100.000 ore<\/td>\n<\/tr>\n<tr class=\"row-6\">\n\t<td class=\"column-1\">Distanza minima di visione<\/td><td class=\"column-2\">1 milione<\/td><td class=\"column-3\">Tensione di funzionamento del display<\/td><td class=\"column-4\">AC46\uff5e54HZ, 220V\u00b115%\/110V\u00b115%<\/td>\n<\/tr>\n<tr class=\"row-7\">\n\t<td class=\"column-1\">Configurazione LED<\/td><td class=\"column-2\">SMD0808<\/td><td class=\"column-3\">Attenuazione della luce<\/td><td class=\"column-4\">\uff1c3%<\/td>\n<\/tr>\n<tr class=\"row-8\">\n\t<td class=\"column-1\">Risoluzione del modulo<\/td><td class=\"column-2\">320\u00d7160 pixel<\/td><td class=\"column-3\">Corrente di dispersione<\/td><td class=\"column-4\">&lt;3mA<\/td>\n<\/tr>\n<tr class=\"row-9\">\n\t<td class=\"column-1\">Pixel del modulo<\/td><td class=\"column-2\">51200 pixel<\/td><td class=\"column-3\">Grado di protezione IP<\/td><td class=\"column-4\">Posteriore: IP40 \/ Anteriore: IP50<\/td>\n<\/tr>\n<tr class=\"row-10\">\n\t<td class=\"column-1\">Dimensione del modulo<\/td><td class=\"column-2\">L320mm*A160mm*T13<\/td><td class=\"column-3\">Temperatura e umidit\u00e0 dell&#039;ambiente di lavoro<\/td><td class=\"column-4\">Temp.: -20\u00b0C~+60\u00b0C \/ Umidit\u00e0: 10%~90% RH<\/td>\n<\/tr>\n<tr class=\"row-11\">\n\t<td class=\"column-1\">Dimensioni del mobile<\/td><td class=\"column-2\">640mm*640mm<\/td><td class=\"column-3\">Supporti multimediali supportati<\/td><td class=\"column-4\">Dati tecnici, foto, modelli CAD, video<\/td>\n<\/tr>\n<tr class=\"row-12\">\n\t<td class=\"column-1\">Configurazione dei pixel<\/td><td class=\"column-2\">SMD3in1, colori completi R\/G\/B 1:1:1<\/td><td class=\"column-3\">Funzione<\/td><td class=\"column-4\">Kit di sviluppo software<\/td>\n<\/tr>\n<tr class=\"row-13\">\n\t<td class=\"column-1\">Lucentezza equilibrata<\/td><td class=\"column-2\">1000 cd\/m\u00b2 (interno)<\/td><td class=\"column-3\">Modalit\u00e0 di controllo<\/td><td class=\"column-4\">Sincronizzazione tramite DVI con PC di controllo<\/td>\n<\/tr>\n<tr class=\"row-14\">\n\t<td class=\"column-1\">Metodo di guida<\/td><td class=\"column-2\">1\/40<\/td><td class=\"column-3\">Software supportato<\/td><td class=\"column-4\">Windows XP\/W7\/Vista<\/td>\n<\/tr>\n<tr class=\"row-15\">\n\t<td class=\"column-1\">Frequenza di aggiornamento<\/td><td class=\"column-2\">\u22651920 Hz<\/td><td class=\"column-3\">Sistema di controllo<\/td><td class=\"column-4\">Scheda DVI + controller full color + fibra ottica (opzionale)<\/td>\n<\/tr>\n<tr class=\"row-16\">\n\t<td class=\"column-1\">Frequenza di rilevamento delle modifiche<\/td><td class=\"column-2\">50-60 Hz<\/td><td class=\"column-3\">Marchio del sistema di controllo principale<\/td><td class=\"column-4\">Novastar, Linsn, Huidu, Colorlight<\/td>\n<\/tr>\n<tr class=\"row-17\">\n\t<td class=\"column-1\">Angolo di visione<\/td><td class=\"column-2\">H140\u00b0 V120\u00b0<\/td><td class=\"column-3\">Interfaccia<\/td><td class=\"column-4\">Ethernet standard<\/td>\n<\/tr>\n<tr class=\"row-18\">\n\t<td class=\"column-1\">Tasso di luce inattiva<\/td><td class=\"column-2\">\u22641%<\/td><td class=\"column-3\">Distanza di trasmissione<\/td><td class=\"column-4\">Fibra multimodale <500m >\n<\/tr>\n<tr class=\"row-19\">\n\t<td class=\"column-1\">Spreco di energia<\/td><td class=\"column-2\">700*1000 W\/M2<\/td><td class=\"column-3\">Garanzia<\/td><td class=\"column-4\">5 anni<\/td>\n<\/tr>\n<tr class=\"row-20\">\n\t<td class=\"column-1\">Consumo energetico medio<\/td><td class=\"column-2\">316 W\/M2<\/td><td class=\"column-3\">Tipo di fornitore<\/td><td class=\"column-4\">Produttore originale\/ODM\/OEM<\/td>\n<\/tr>\n<tr class=\"row-21\">\n\t<td class=\"column-1\">Livello di grigio<\/td><td class=\"column-2\">16 bit (4096 livelli) (212)<\/td><td class=\"column-3\">Tempi di consegna<\/td><td class=\"column-4\">25 (o trattabile)<\/td>\n<\/tr>\n<tr class=\"row-22\">\n\t<td class=\"column-1\">Colore dello schermo<\/td><td class=\"column-2\">16 milioni<\/td><td class=\"column-3\">Applicazione<\/td><td class=\"column-4\">Pubblicit\u00e0\/Interni\/Esterni<\/td>\n<\/tr>\n<tr class=\"row-23\">\n\t<td class=\"column-1\">Orario di lavoro ininterrotto<\/td><td class=\"column-2\">\u226572 ore<\/td><td class=\"column-3\">Utilizzo<\/td><td class=\"column-4\">Pubblicit\u00e0 digitale, centri commerciali, espositori di benvenuto, sale espositive, aeroporti, chiese, sport, eventi, riunioni, noleggi, palchi, automotive, vendita al dettaglio, matrimoni<\/td>\n<\/tr>\n<tr class=\"row-24\">\n\t<td class=\"column-1\">Tasso di punti ciechi discreti<\/td><td class=\"column-2\"><1><td class=\"column-3\">Dettagli sulla confezione<\/td><td class=\"column-4\">Scatola di cartone rinforzata + legno<\/td>\n<\/tr>\n<tr class=\"row-25\">\n\t<td class=\"column-1\">Tasso di punto cieco continuo<\/td><td class=\"column-2\">Nessuno<\/td><td class=\"column-3\">Capacit\u00e0 di fornitura<\/td><td class=\"column-4\">5.000 unit\u00e0\/mese<\/td>\n<\/tr>\n<tr class=\"row-26\">\n\t<td class=\"column-1\">Tasso di punti ciechi<\/td><td class=\"column-2\"><1><td class=\"column-3\">Porto<\/td><td class=\"column-4\">Shenzhen<\/td>\n<\/tr>\n<\/tbody>\n<\/table>","protected":false},"excerpt":{"rendered":"<p>Il modulo LED P1 \u00e8 dotato di <a href=\"https:\/\/www.telaled.com\/it\/pixel-pitch\/\">passo dei pixel<\/a> Ultracompatto con uno spessore di 1 mm, offre un&#039;elevata densit\u00e0 di pixel (1.000.000\/m\u00b2) per immagini nitide anche a breve distanza. Con luminosit\u00e0 regolabile da 600 a 1000 nit e un angolo di visione di 140\u00b0 (O)\/120\u00b0 (V), garantisce una visibilit\u00e0 perfetta in qualsiasi posizione.<\/p>\n<p><strong>Caratteristiche tecniche del P1 LED:<\/strong><\/p>\n<ul>\n<li>Tecnologia SMD 3 in 1: colori RGB puri con profondit\u00e0 a 16 bit (68 miliardi di colori)<\/li>\n<li>Efficienza energetica: consumo di soli 316W\/m\u00b2, 30% in meno rispetto ai moduli convenzionali<\/li>\n<li>Durata certificata: &gt;100.000 ore di durata con protezione anteriore IP50\/posteriore IP40<\/li>\n<li>Garanzia estesa: 3 anni per l&#039;intera macchina + manutenzione a vita con sostituzione dei pezzi di ricambio 5% inclusa<\/li>\n<\/ul>","protected":false},"featured_media":2005,"template":"","meta":[],"product_brand":[],"product_cat":[41],"product_tag":[],"class_list":{"0":"post-1402","1":"product","2":"type-product","3":"status-publish","4":"has-post-thumbnail","6":"product_cat-modulo-painel-de-led","8":"first","9":"instock","10":"shipping-taxable","11":"product-type-simple"},"yoast_head":"<!-- This site is optimized with the Yoast SEO plugin v27.5 - https:\/\/yoast.com\/product\/yoast-seo-wordpress\/ -->\n<title>Modulo Painel de LED P1 - F\u00e1brica Chinesa | TELALED<\/title>\n<meta name=\"description\" content=\"M\u00f3dulo LED P1 com pitch de 1mm para alta defini\u00e7\u00e3o. F\u00e1brica direta oferece 3 anos de garantia, ideal para est\u00e1dios e shows. Solicite or\u00e7amento personalizado!\" \/>\n<meta name=\"robots\" content=\"index, follow, max-snippet:-1, max-image-preview:large, max-video-preview:-1\" \/>\n<link rel=\"canonical\" href=\"https:\/\/www.telaled.com\/it\/fabrica\/modulo-painel-de-led-p1\/\" \/>\n<meta property=\"og:locale\" content=\"it_IT\" \/>\n<meta property=\"og:type\" content=\"article\" \/>\n<meta property=\"og:title\" content=\"Modulo Painel de LED P1 - F\u00e1brica Chinesa | TELALED\" \/>\n<meta property=\"og:description\" content=\"M\u00f3dulo LED P1 com pitch de 1mm para alta defini\u00e7\u00e3o. F\u00e1brica direta oferece 3 anos de garantia, ideal para est\u00e1dios e shows. Solicite or\u00e7amento personalizado!\" \/>\n<meta property=\"og:url\" content=\"https:\/\/www.telaled.com\/it\/fabrica\/modulo-painel-de-led-p1\/\" \/>\n<meta property=\"og:site_name\" content=\"TELALED\" \/>\n<meta property=\"article:modified_time\" content=\"2026-01-02T03:41:52+00:00\" \/>\n<meta property=\"og:image\" content=\"https:\/\/www.telaled.com\/wp-content\/uploads\/2023\/06\/Modulo-Painel-de-LED-P1_3.webp\" \/>\n\t<meta property=\"og:image:width\" content=\"500\" \/>\n\t<meta property=\"og:image:height\" content=\"500\" \/>\n\t<meta property=\"og:image:type\" content=\"image\/webp\" \/>\n<meta name=\"twitter:card\" content=\"summary_large_image\" \/>\n<meta name=\"twitter:label1\" content=\"Tempo di lettura stimato\" \/>\n\t<meta name=\"twitter:data1\" content=\"2 minuti\" \/>\n<script type=\"application\/ld+json\" class=\"yoast-schema-graph\">{\"@context\":\"https:\\\/\\\/schema.org\",\"@graph\":[{\"@type\":\"WebPage\",\"@id\":\"https:\\\/\\\/www.telaled.com\\\/fabrica\\\/modulo-painel-de-led-p1\\\/\",\"url\":\"https:\\\/\\\/www.telaled.com\\\/fabrica\\\/modulo-painel-de-led-p1\\\/\",\"name\":\"Modulo Painel de LED P1 - F\u00e1brica Chinesa | TELALED\",\"isPartOf\":{\"@id\":\"https:\\\/\\\/www.telaled.com\\\/#website\"},\"primaryImageOfPage\":{\"@id\":\"https:\\\/\\\/www.telaled.com\\\/fabrica\\\/modulo-painel-de-led-p1\\\/#primaryimage\"},\"image\":{\"@id\":\"https:\\\/\\\/www.telaled.com\\\/fabrica\\\/modulo-painel-de-led-p1\\\/#primaryimage\"},\"thumbnailUrl\":\"https:\\\/\\\/www.telaled.com\\\/wp-content\\\/uploads\\\/2023\\\/06\\\/Modulo-Painel-de-LED-P1_3.webp\",\"datePublished\":\"2023-06-08T08:15:42+00:00\",\"dateModified\":\"2026-01-02T03:41:52+00:00\",\"description\":\"M\u00f3dulo LED P1 com pitch de 1mm para alta defini\u00e7\u00e3o. F\u00e1brica direta oferece 3 anos de garantia, ideal para est\u00e1dios e shows. Solicite or\u00e7amento personalizado!\",\"breadcrumb\":{\"@id\":\"https:\\\/\\\/www.telaled.com\\\/fabrica\\\/modulo-painel-de-led-p1\\\/#breadcrumb\"},\"inLanguage\":\"it-IT\",\"potentialAction\":[{\"@type\":\"ReadAction\",\"target\":[\"https:\\\/\\\/www.telaled.com\\\/fabrica\\\/modulo-painel-de-led-p1\\\/\"]}]},{\"@type\":\"ImageObject\",\"inLanguage\":\"it-IT\",\"@id\":\"https:\\\/\\\/www.telaled.com\\\/fabrica\\\/modulo-painel-de-led-p1\\\/#primaryimage\",\"url\":\"https:\\\/\\\/www.telaled.com\\\/wp-content\\\/uploads\\\/2023\\\/06\\\/Modulo-Painel-de-LED-P1_3.webp\",\"contentUrl\":\"https:\\\/\\\/www.telaled.com\\\/wp-content\\\/uploads\\\/2023\\\/06\\\/Modulo-Painel-de-LED-P1_3.webp\",\"width\":500,\"height\":500,\"caption\":\"Modulo Painel de LED P1\"},{\"@type\":\"BreadcrumbList\",\"@id\":\"https:\\\/\\\/www.telaled.com\\\/fabrica\\\/modulo-painel-de-led-p1\\\/#breadcrumb\",\"itemListElement\":[{\"@type\":\"ListItem\",\"position\":1,\"name\":\"Home\",\"item\":\"https:\\\/\\\/www.telaled.com\\\/\"},{\"@type\":\"ListItem\",\"position\":2,\"name\":\"Produtos\",\"item\":\"https:\\\/\\\/www.telaled.com\\\/shop\\\/\"},{\"@type\":\"ListItem\",\"position\":3,\"name\":\"Modulo Painel de LED P1\"}]},{\"@type\":\"WebSite\",\"@id\":\"https:\\\/\\\/www.telaled.com\\\/#website\",\"url\":\"https:\\\/\\\/www.telaled.com\\\/\",\"name\":\"TELALED\",\"description\":\"\",\"potentialAction\":[{\"@type\":\"SearchAction\",\"target\":{\"@type\":\"EntryPoint\",\"urlTemplate\":\"https:\\\/\\\/www.telaled.com\\\/?s={search_term_string}\"},\"query-input\":{\"@type\":\"PropertyValueSpecification\",\"valueRequired\":true,\"valueName\":\"search_term_string\"}}],\"inLanguage\":\"it-IT\"}]}<\/script>\n<!-- \/ Yoast SEO plugin. -->","yoast_head_json":{"title":"Modulo pannello LED P1 - Fabbrica cinese | TELALED","description":"Modulo LED P1 con passo da 1 mm per alta definizione. Prodotto direttamente dalla fabbrica, con garanzia di 3 anni, ideale per stadi e concerti. Richiedi un preventivo personalizzato!","robots":{"index":"index","follow":"follow","max-snippet":"max-snippet:-1","max-image-preview":"max-image-preview:large","max-video-preview":"max-video-preview:-1"},"canonical":"https:\/\/www.telaled.com\/it\/fabrica\/modulo-painel-de-led-p1\/","og_locale":"it_IT","og_type":"article","og_title":"Modulo Painel de LED P1 - F\u00e1brica Chinesa | TELALED","og_description":"M\u00f3dulo LED P1 com pitch de 1mm para alta defini\u00e7\u00e3o. F\u00e1brica direta oferece 3 anos de garantia, ideal para est\u00e1dios e shows. Solicite or\u00e7amento personalizado!","og_url":"https:\/\/www.telaled.com\/it\/fabrica\/modulo-painel-de-led-p1\/","og_site_name":"TELALED","article_modified_time":"2026-01-02T03:41:52+00:00","og_image":[{"width":500,"height":500,"url":"https:\/\/www.telaled.com\/wp-content\/uploads\/2023\/06\/Modulo-Painel-de-LED-P1_3.webp","type":"image\/webp"}],"twitter_card":"summary_large_image","twitter_misc":{"Tempo di lettura stimato":"2 minuti"},"schema":{"@context":"https:\/\/schema.org","@graph":[{"@type":"WebPage","@id":"https:\/\/www.telaled.com\/fabrica\/modulo-painel-de-led-p1\/","url":"https:\/\/www.telaled.com\/fabrica\/modulo-painel-de-led-p1\/","name":"Modulo pannello LED P1 - Fabbrica cinese | TELALED","isPartOf":{"@id":"https:\/\/www.telaled.com\/#website"},"primaryImageOfPage":{"@id":"https:\/\/www.telaled.com\/fabrica\/modulo-painel-de-led-p1\/#primaryimage"},"image":{"@id":"https:\/\/www.telaled.com\/fabrica\/modulo-painel-de-led-p1\/#primaryimage"},"thumbnailUrl":"https:\/\/www.telaled.com\/wp-content\/uploads\/2023\/06\/Modulo-Painel-de-LED-P1_3.webp","datePublished":"2023-06-08T08:15:42+00:00","dateModified":"2026-01-02T03:41:52+00:00","description":"Modulo LED P1 con passo da 1 mm per alta definizione. Prodotto direttamente dalla fabbrica, con garanzia di 3 anni, ideale per stadi e concerti. Richiedi un preventivo personalizzato!","breadcrumb":{"@id":"https:\/\/www.telaled.com\/fabrica\/modulo-painel-de-led-p1\/#breadcrumb"},"inLanguage":"it-IT","potentialAction":[{"@type":"ReadAction","target":["https:\/\/www.telaled.com\/fabrica\/modulo-painel-de-led-p1\/"]}]},{"@type":"ImageObject","inLanguage":"it-IT","@id":"https:\/\/www.telaled.com\/fabrica\/modulo-painel-de-led-p1\/#primaryimage","url":"https:\/\/www.telaled.com\/wp-content\/uploads\/2023\/06\/Modulo-Painel-de-LED-P1_3.webp","contentUrl":"https:\/\/www.telaled.com\/wp-content\/uploads\/2023\/06\/Modulo-Painel-de-LED-P1_3.webp","width":500,"height":500,"caption":"Modulo Painel de LED P1"},{"@type":"BreadcrumbList","@id":"https:\/\/www.telaled.com\/fabrica\/modulo-painel-de-led-p1\/#breadcrumb","itemListElement":[{"@type":"ListItem","position":1,"name":"Home","item":"https:\/\/www.telaled.com\/"},{"@type":"ListItem","position":2,"name":"Produtos","item":"https:\/\/www.telaled.com\/shop\/"},{"@type":"ListItem","position":3,"name":"Modulo Painel de LED P1"}]},{"@type":"WebSite","@id":"https:\/\/www.telaled.com\/#website","url":"https:\/\/www.telaled.com\/","name":"schermo LED","description":"","potentialAction":[{"@type":"SearchAction","target":{"@type":"EntryPoint","urlTemplate":"https:\/\/www.telaled.com\/?s={search_term_string}"},"query-input":{"@type":"PropertyValueSpecification","valueRequired":true,"valueName":"search_term_string"}}],"inLanguage":"it-IT"}]}},"_links":{"self":[{"href":"https:\/\/www.telaled.com\/it\/wp-json\/wp\/v2\/product\/1402","targetHints":{"allow":["GET"]}}],"collection":[{"href":"https:\/\/www.telaled.com\/it\/wp-json\/wp\/v2\/product"}],"about":[{"href":"https:\/\/www.telaled.com\/it\/wp-json\/wp\/v2\/types\/product"}],"wp:featuredmedia":[{"embeddable":true,"href":"https:\/\/www.telaled.com\/it\/wp-json\/wp\/v2\/media\/2005"}],"wp:attachment":[{"href":"https:\/\/www.telaled.com\/it\/wp-json\/wp\/v2\/media?parent=1402"}],"wp:term":[{"taxonomy":"product_brand","embeddable":true,"href":"https:\/\/www.telaled.com\/it\/wp-json\/wp\/v2\/product_brand?post=1402"},{"taxonomy":"product_cat","embeddable":true,"href":"https:\/\/www.telaled.com\/it\/wp-json\/wp\/v2\/product_cat?post=1402"},{"taxonomy":"product_tag","embeddable":true,"href":"https:\/\/www.telaled.com\/it\/wp-json\/wp\/v2\/product_tag?post=1402"}],"curies":[{"name":"parola chiave","href":"https:\/\/api.w.org\/{rel}","templated":true}]}}