{"id":32,"date":"2023-03-05T10:42:28","date_gmt":"2023-03-05T10:42:28","guid":{"rendered":"https:\/\/plum-wolverine-723597.hostingersite.com\/?page_id=32"},"modified":"2025-07-18T10:27:51","modified_gmt":"2025-07-18T10:27:51","slug":"contato","status":"publish","type":"page","link":"https:\/\/www.telaled.com\/it\/contato\/","title":{"rendered":"Contatto"},"content":{"rendered":"<div class=\"banner has-hover\" id=\"banner-309199568\">\n          <div class=\"banner-inner fill\">\n        <div class=\"banner-bg fill\" >\n            <div class=\"bg fill bg-fill\"><\/div>\n                        <div class=\"overlay\"><\/div>            \n                    <\/div>\n\t\t\n        <div class=\"banner-layers container\">\n            <div class=\"fill banner-link\"><\/div>            \n   <div id=\"text-box-1695763246\" class=\"text-box banner-layer x50 md-x50 lg-x50 y50 md-y50 lg-y50 res-text\">\n                                <div class=\"text-box-content text dark\">\n              \n              <div class=\"text-inner text-center\">\n                  \n<h1><span style=\"font-size: 75%;\">Ottieni subito soluzioni espositive complete per il tuo progetto!<\/span><\/h1>\n              <\/div>\n           <\/div>\n                            \n<style>\n#text-box-1695763246 {\n  width: 80%;\n}\n#text-box-1695763246 .text-box-content {\n  font-size: 100%;\n}\n<\/style>\n    <\/div>\n \n        <\/div>\n      <\/div>\n\n            \n<style>\n#banner-309199568 {\n  padding-top: 50%;\n}\n#banner-309199568 .overlay {\n  background-color: rgba(0,0,0,.5);\n}\n@media (min-width:550px) {\n  #banner-309199568 {\n    padding-top: 30%;\n  }\n}\n<\/style>\n  <\/div>\n\n\n\t<section class=\"section\" id=\"section_291574815\">\n\t\t<div class=\"bg section-bg fill bg-fill  bg-loaded\" >\n\n\t\t\t\n\t\t\t\n\t\t\t\n\n\t\t<\/div>\n\n\t\t\n\n\t\t<div class=\"section-content relative\">\n\t\t\t\n<div class=\"row align-equal\"  id=\"row-114142008\">\n\n\t<div id=\"col-1184163505\" class=\"col small-12 large-12\"  >\n\t\t\t\t<div class=\"col-inner\"  >\n\t\t\t\n\t\t\t\n\t<div id=\"gap-1992229903\" class=\"gap-element clearfix\" style=\"display:block; height:auto;\">\n\t\t\n<style>\n#gap-1992229903 {\n  padding-top: 10px;\n}\n@media (min-width:550px) {\n  #gap-1992229903 {\n    padding-top: 50px;\n  }\n}\n<\/style>\n\t<\/div>\n\t\n<div class=\"container section-title-container\" ><h2 class=\"section-title section-title-center\"><b><\/b><span class=\"section-title-main\" style=\"color:rgb(38, 119, 11);\">Contattaci<\/span><b><\/b><\/h2><\/div>\n<div class=\"text-center\"><div class=\"is-divider divider clearfix\" style=\"max-width:100px;background-color:rgb(1, 112, 24);\"><\/div><\/div>\n\t\t<\/div>\n\t\t\t\t\t<\/div>\n\n\t\n<\/div>\n<div class=\"row row-small align-middle\"  id=\"row-1790944500\">\n\n\t<div id=\"col-1994182067\" class=\"col medium-5 small-12 large-5\"  >\n\t\t\t\t<div class=\"col-inner\"  >\n\t\t\t\n\t\t\t\n\t<div id=\"gap-1543074626\" class=\"gap-element clearfix\" style=\"display:block; height:auto;\">\n\t\t\n<style>\n#gap-1543074626 {\n  padding-top: 30px;\n}\n<\/style>\n\t<\/div>\n\t\n\n\t\t<div class=\"icon-box featured-box icon-box-center text-center\"  >\n\t\t\t\t\t<div class=\"icon-box-img\" style=\"width: 57px\">\n\t\t\t\t<div class=\"icon\">\n\t\t\t\t\t<div class=\"icon-inner\" >\n\t\t\t\t\t\t<img loading=\"lazy\" decoding=\"async\" width=\"300\" height=\"300\" src=\"https:\/\/www.telaled.com\/wp-content\/uploads\/2023\/04\/contact-us-2.webp\" class=\"attachment-medium size-medium\" alt=\"\" srcset=\"https:\/\/www.telaled.com\/wp-content\/uploads\/2023\/04\/contact-us-2.webp 300w, https:\/\/www.telaled.com\/wp-content\/uploads\/2023\/04\/contact-us-2-150x150.webp 150w, https:\/\/www.telaled.com\/wp-content\/uploads\/2023\/04\/contact-us-2-100x100.webp 100w\" sizes=\"auto, (max-width: 300px) 100vw, 300px\" \/>\t\t\t\t\t<\/div>\n\t\t\t\t<\/div>\n\t\t\t<\/div>\n\t\t\t\t<div class=\"icon-box-text last-reset\">\n\t\t\t\t\t\t\t\t\t\n<p>Indirizzo<br \/>\nNo.4, Zhengcheng 3rd Road, Comunit\u00e0 Xintian, Fuyong Street, distretto di Bao&#039;an, Shenzhen, Cina<\/p>\n\t\t<\/div>\n\t<\/div>\n\t\n\t\n\t<div id=\"gap-583457997\" class=\"gap-element clearfix\" style=\"display:block; height:auto;\">\n\t\t\n<style>\n#gap-583457997 {\n  padding-top: 30px;\n}\n<\/style>\n\t<\/div>\n\t\n\t\t<\/div>\n\t\t\t\t\t<\/div>\n\n\t\n\n\t<div id=\"col-1493943244\" class=\"col medium-2 small-12 large-2\"  >\n\t\t\t\t<div class=\"col-inner\"  >\n\t\t\t\n\t\t\t\n\t<div id=\"gap-1905050980\" class=\"gap-element clearfix\" style=\"display:block; height:auto;\">\n\t\t\n<style>\n#gap-1905050980 {\n  padding-top: 30px;\n}\n<\/style>\n\t<\/div>\n\t\n\t<div id=\"gap-768741527\" class=\"gap-element clearfix\" style=\"display:block; height:auto;\">\n\t\t\n<style>\n#gap-768741527 {\n  padding-top: 30px;\n}\n<\/style>\n\t<\/div>\n\t\n\t\t<\/div>\n\t\t\t\t\t<\/div>\n\n\t\n\n\t<div id=\"col-433284810\" class=\"col medium-5 small-12 large-5\"  >\n\t\t\t\t<div class=\"col-inner\"  >\n\t\t\t\n\t\t\t\n\t<div id=\"gap-2801895\" class=\"gap-element clearfix\" style=\"display:block; height:auto;\">\n\t\t\n<style>\n#gap-2801895 {\n  padding-top: 30px;\n}\n<\/style>\n\t<\/div>\n\t\n\n\t\t<div class=\"icon-box featured-box icon-box-center text-center\"  >\n\t\t\t\t\t<div class=\"icon-box-img\" style=\"width: 57px\">\n\t\t\t\t<div class=\"icon\">\n\t\t\t\t\t<div class=\"icon-inner\" >\n\t\t\t\t\t\t<img loading=\"lazy\" decoding=\"async\" width=\"300\" height=\"300\" src=\"https:\/\/www.telaled.com\/wp-content\/uploads\/2023\/04\/contact-us-1.webp\" class=\"attachment-medium size-medium\" alt=\"\" srcset=\"https:\/\/www.telaled.com\/wp-content\/uploads\/2023\/04\/contact-us-1.webp 300w, https:\/\/www.telaled.com\/wp-content\/uploads\/2023\/04\/contact-us-1-150x150.webp 150w, https:\/\/www.telaled.com\/wp-content\/uploads\/2023\/04\/contact-us-1-100x100.webp 100w\" sizes=\"auto, (max-width: 300px) 100vw, 300px\" \/>\t\t\t\t\t<\/div>\n\t\t\t\t<\/div>\n\t\t\t<\/div>\n\t\t\t\t<div class=\"icon-box-text last-reset\">\n\t\t\t\t\t\t\t\t\t\n<p>Inviaci un&#039;e-mail<br \/>\n<a href=\"mailto:info@telaled.com\">info@telaled.com<\/a><\/p>\n\t\t<\/div>\n\t<\/div>\n\t\n\t\n\t<div id=\"gap-1855094882\" class=\"gap-element clearfix\" style=\"display:block; height:auto;\">\n\t\t\n<style>\n#gap-1855094882 {\n  padding-top: 30px;\n}\n<\/style>\n\t<\/div>\n\t\n\t\t<\/div>\n\t\t\t\t\t<\/div>\n\n\t\n<\/div>\n\t\t<\/div>\n\n\t\t\n<style>\n#section_291574815 {\n  padding-top: 30px;\n  padding-bottom: 30px;\n}\n<\/style>\n\t<\/section>\n\t\n\t<section class=\"section\" id=\"section_366497214\">\n\t\t<div class=\"bg section-bg fill bg-fill  bg-loaded\" >\n\n\t\t\t\n\t\t\t<div class=\"section-bg-overlay absolute fill\"><\/div>\n\t\t\t\n\n\t\t<\/div>\n\n\t\t\n\n\t\t<div class=\"section-content relative\">\n\t\t\t\n<div class=\"row\"  id=\"row-1783796168\">\n\n\t<div id=\"col-202158099\" class=\"col small-12 large-12\"  >\n\t\t\t\t<div class=\"col-inner\"  >\n\t\t\t\n\t\t\t\n<div class=\"container section-title-container\" ><h2 class=\"section-title section-title-center\"><b><\/b><span class=\"section-title-main\" style=\"color:rgb(38, 119, 11);\">Contatta TELALED<\/span><b><\/b><\/h2><\/div>\n\n<div class=\"wpcf7 no-js\" id=\"wpcf7-f2073-o1\" lang=\"en-US\" dir=\"ltr\" data-wpcf7-id=\"2073\">\n<div class=\"screen-reader-response\"><p role=\"status\" aria-live=\"polite\" aria-atomic=\"true\"><\/p> <ul><\/ul><\/div>\n<form action=\"\/it\/wp-json\/wp\/v2\/pages\/32#wpcf7-f2073-o1\" method=\"post\" class=\"wpcf7-form init\" aria-label=\"Modulo di contatto\" enctype=\"multipart\/form-data\" novalidate=\"novalidate\" data-status=\"init\" data-trp-original-action=\"\/it\/wp-json\/wp\/v2\/pages\/32#wpcf7-f2073-o1\">\n<fieldset class=\"hidden-fields-container\"><input type=\"hidden\" name=\"_wpcf7\" value=\"2073\" \/><input type=\"hidden\" name=\"_wpcf7_version\" value=\"6.1.5\" \/><input type=\"hidden\" name=\"_wpcf7_locale\" value=\"en_US\" \/><input type=\"hidden\" name=\"_wpcf7_unit_tag\" value=\"wpcf7-f2073-o1\" \/><input type=\"hidden\" name=\"_wpcf7_container_post\" value=\"0\" \/><input type=\"hidden\" name=\"_wpcf7_posted_data_hash\" value=\"\" \/>\n<\/fieldset>\n<div class=\"telaled-uniform-form\">\n <!-- \u7b2c\u4e00\u884c - \u7edf\u4e00\u9ad8\u5ea6 -->\n\t<div class=\"form-row uniform-row\">\n\t\t<div class=\"form-col\">\n\t\t\t<p><label>DI CHE TIPO HAI BISOGNO?<\/label><br \/>\n<span class=\"wpcf7-form-control-wrap\" data-name=\"tipo-desejado\"><select class=\"wpcf7-form-control wpcf7-select wpcf7-validates-as-required uniform-field\" aria-required=\"true\" aria-invalid=\"false\" name=\"tipo-desejado\"><option value=\"Midia Outdoor\">Media all&#039;aperto<\/option><option value=\"Midia Indoor\">Media per interni<\/option><\/select><\/span>\n\t\t\t<\/p>\n\t\t<\/div>\n\t\t<div class=\"form-col\">\n\t\t\t<p><label>STATO DEL TUO PROGETTO<\/label><br \/>\n<span class=\"wpcf7-form-control-wrap\" data-name=\"status-projeto\"><select class=\"wpcf7-form-control wpcf7-select wpcf7-validates-as-required uniform-field\" aria-required=\"true\" aria-invalid=\"false\" name=\"status-projeto\"><option value=\"Comparando o custo, pronto para comprar\">Confrontando i costi, pronto per l&#039;acquisto<\/option><option value=\"Precisa instalar em at\u00e9 6 meses\">Deve essere installato entro 6 mesi<\/option><option value=\"Ainda confirme as informa\u00e7\u00f5es para escolher o produto correto\">Si prega di confermare le informazioni per scegliere il prodotto corretto.<\/option><option value=\"S\u00f3 estou interessado, sem projeto no momento\">Sono solo interessato, nessun progetto al momento<\/option><\/select><\/span>\n\t\t\t<\/p>\n\t\t<\/div>\n\t<\/div>\n\n <!-- \u7b2c\u4e8c\u884c - \u7edf\u4e00\u9ad8\u5ea6 -->\n\t<div class=\"form-row uniform-row\">\n\t\t<div class=\"form-col\">\n\t\t\t<p><label>INSTALLAZIONE<\/label><br \/>\n<span class=\"wpcf7-form-control-wrap\" data-name=\"tipo-instalacao\"><select class=\"wpcf7-form-control wpcf7-select wpcf7-validates-as-required uniform-field\" aria-required=\"true\" aria-invalid=\"false\" name=\"tipo-instalacao\"><option value=\"Fixo\">Fisso<\/option><option value=\"M\u00f3vel\">Mobile<\/option><\/select><\/span>\n\t\t\t<\/p>\n\t\t<\/div>\n\t\t<div class=\"form-col\">\n\t\t\t<p><label>DISTANZA DI VISUALIZZAZIONE (metri)<\/label><br \/>\n<span class=\"wpcf7-form-control-wrap\" data-name=\"distancia\"><input class=\"wpcf7-form-control wpcf7-number wpcf7-validates-as-number uniform-field\" min=\"0\" step=\"0.01\" aria-invalid=\"false\" value=\"\" type=\"number\" name=\"distancia\" \/><\/span>\n\t\t\t<\/p>\n\t\t<\/div>\n\t<\/div>\n\n <!-- \u7b2c\u4e09\u884c -->\n\t<div class=\"form-row uniform-row\">\n\t\t<div class=\"form-col\">\n\t\t\t<p><label>LARGHEZZA (metri)<\/label><br \/>\n<span class=\"wpcf7-form-control-wrap\" data-name=\"largura\"><input class=\"wpcf7-form-control wpcf7-number wpcf7-validates-as-number uniform-field\" min=\"0.1\" step=\"0.01\" aria-invalid=\"false\" value=\"\" type=\"number\" name=\"largura\" \/><\/span>\n\t\t\t<\/p>\n\t\t<\/div>\n\t\t<div class=\"form-col\">\n\t\t\t<p><label>ALTEZZA (metri)<\/label><br \/>\n<span class=\"wpcf7-form-control-wrap\" data-name=\"altura\"><input class=\"wpcf7-form-control wpcf7-number wpcf7-validates-as-number uniform-field\" min=\"0.1\" step=\"0.01\" aria-invalid=\"false\" value=\"\" type=\"number\" name=\"altura\" \/><\/span>\n\t\t\t<\/p>\n\t\t<\/div>\n\t<\/div>\n\n <!-- \u7b2c\u56db\u884c -->\n\t<div class=\"form-row uniform-row\">\n\t\t<div class=\"form-col\">\n\t\t\t<p><label>NOME E COGNOME *<\/label><br \/>\n<span class=\"wpcf7-form-control-wrap\" data-name=\"nome-completo\"><input size=\"40\" maxlength=\"400\" class=\"wpcf7-form-control wpcf7-text wpcf7-validates-as-required uniform-field\" aria-required=\"true\" aria-invalid=\"false\" value=\"\" type=\"text\" name=\"nome-completo\" \/><\/span>\n\t\t\t<\/p>\n\t\t<\/div>\n\t\t<div class=\"form-col\">\n\t\t\t<p><label>E-MAIL *<\/label><br \/>\n<span class=\"wpcf7-form-control-wrap\" data-name=\"seu-email\"><input size=\"40\" maxlength=\"400\" class=\"wpcf7-form-control wpcf7-email wpcf7-validates-as-required wpcf7-text wpcf7-validates-as-email uniform-field\" aria-required=\"true\" aria-invalid=\"false\" value=\"\" type=\"email\" name=\"seu-email\" \/><\/span>\n\t\t\t<\/p>\n\t\t<\/div>\n\t<\/div>\n\n <!-- \u7b2c\u4e94\u884c - \u5168\u5bbd\u6587\u672c\u57df -->\n\t<div class=\"form-full-row\">\n\t\t<p><label>MESSAGGIO<\/label><br \/>\n<span class=\"wpcf7-form-control-wrap\" data-name=\"mensagem\"><textarea cols=\"40\" rows=\"4\" maxlength=\"2000\" class=\"wpcf7-form-control wpcf7-textarea uniform-textarea\" aria-invalid=\"false\" name=\"mensagem\"><\/textarea><\/span>\n\t\t<\/p>\n\t<\/div>\n\n <!-- \u7b2c\u516d\u884c -->\n\t<div class=\"form-full-row\">\n\t\t<p><label>CARICAMENTO FILE (FACOLTATIVO)<\/label><br \/>\n<span class=\"wpcf7-form-control-wrap\" data-name=\"upload-arquivo\"><input size=\"40\" class=\"wpcf7-form-control wpcf7-file\" accept=\".jpg,.png,.pdf,.doc,.docx,.zip\" aria-invalid=\"false\" type=\"file\" name=\"upload-arquivo\" \/><\/span>\n\t\t<\/p>\n\t<\/div>\n\t<div style=\"margin-bottom:10px; style=\"width:100%\">\n\t\t<p><span class=\"wpcf7-form-control-wrap kc_captcha cf7ic-toggle\" data-name=\"kc_captcha\"><span class=\"wpcf7-form-control wpcf7-radio\"><span class=\"captcha-image\" style=\"display: none;\"><span class=\"cf7ic_instructions\">Dimostra di essere umano selezionando l&#039;icona<span> casa<\/span>.<\/span><label><input aria-label=\"1\" type=\"radio\" name=\"kc_captcha\" value=\"kc_human\" \/><svg aria-hidden=\"true\" role=\"img\" xmlns=\"http:\/\/www.w3.org\/2000\/svg\" viewbox=\"0 0 576 512\"><path fill=\"currentColor\" d=\"M488 313v143c0 13-11 24-24 24H348c-7 0-12-5-12-12V356c0-7-5-12-12-12h-72c-7 0-12 5-12 12v112c0 7-5 12-12 12H112c-13 0-24-11-24-24V313c0-4 2-7 4-10l188-154c5-4 11-4 16 0l188 154c2 3 4 6 4 10zm84-61l-84-69V44c0-6-5-12-12-12h-56c-7 0-12 6-12 12v73l-89-74a48 48 0 00-61 0L4 252c-5 4-5 12-1 17l25 31c5 5 12 5 17 1l235-193c5-4 11-4 16 0l235 193c5 5 13 4 17-1l25-31c4-6 4-13-1-17z\"\/><\/svg><\/label><label><input aria-label=\"2\" type=\"radio\" name=\"kc_captcha\" value=\"bot\" \/><svg aria-hidden=\"true\" role=\"img\" xmlns=\"http:\/\/www.w3.org\/2000\/svg\" viewbox=\"0 0 512 512\"><path fill=\"currentColor\" d=\"M512 176a176 176 0 01-209 173l-24 27a24 24 0 01-18 8h-37v40c0 13-11 24-24 24h-40v40c0 13-11 24-24 24H24c-13 0-24-11-24-24v-78c0-6 3-13 7-17l162-162a176 176 0 11343-55zm-176-48a48 48 0 1096 0 48 48 0 00-96 0z\"\/><\/svg><\/label><label><input aria-label=\"3\" type=\"radio\" name=\"kc_captcha\" value=\"bot\" \/><svg aria-hidden=\"true\" role=\"img\" xmlns=\"http:\/\/www.w3.org\/2000\/svg\" viewbox=\"0 0 640 512\"><path fill=\"currentColor\" d=\"M624 352h-16V244c0-13-5-25-14-34L494 110c-9-9-21-14-34-14h-44V48c0-26-21-48-48-48H48C22 0 0 22 0 48v320c0 27 22 48 48 48h16a96 96 0 00192 0h128a96 96 0 00192 0h48c9 0 16-7 16-16v-32c0-9-7-16-16-16zM160 464a48 48 0 110-96 48 48 0 010 96zm320 0a48 48 0 110-96 48 48 0 010 96zm80-208H416V144h44l100 100v12z\"\/><\/svg><\/label>\r\n    <\/span>\r\n    <span style=\"display:none\">\r\n        <input type=\"text\" name=\"kc_honeypot\">\r\n    <\/span><\/span><\/span>\n\t\t<\/p>\n\t<\/div>\n\n <!-- \u63d0\u4ea4\u6309\u94ae -->\n\t<div class=\"form-submit-row\">\n\t\t<p><input class=\"wpcf7-form-control wpcf7-submit has-spinner uniform-submit\" type=\"submit\" value=\"INVIA MESSAGGIO\" \/>\n\t\t<\/p>\n\t<\/div>\n<\/div><div class=\"wpcf7-response-output\" aria-hidden=\"true\"><\/div>\n<input type=\"hidden\" name=\"trp-form-language\" value=\"it\"\/><\/form>\n<\/div>\n\n\t\t<\/div>\n\t\t\t\t\t<\/div>\n\n\t\n<\/div>\n\t\t<\/div>\n\n\t\t\n<style>\n#section_366497214 {\n  padding-top: 60px;\n  padding-bottom: 60px;\n}\n#section_366497214 .section-bg-overlay {\n  background-color: rgb(242, 242, 242);\n}\n<\/style>\n\t<\/section>\n\t\n\t<section class=\"section\" id=\"section_969192080\">\n\t\t<div class=\"bg section-bg fill bg-fill  bg-loaded\" >\n\n\t\t\t\n\t\t\t\n\t\t\t\n\n\t\t<\/div>\n\n\t\t\n\n\t\t<div class=\"section-content relative\">\n\t\t\t\n<div class=\"row row-full-width align-center\"  id=\"row-1652061382\">\n\n\t<div id=\"col-2042826128\" class=\"col small-12 large-12\"  >\n\t\t\t\t<div class=\"col-inner text-center\"  >\n\t\t\t\n\t\t\t\n<div class=\"container section-title-container\" ><h2 class=\"section-title section-title-center\"><b><\/b><span class=\"section-title-main\" style=\"color:rgb(38, 119, 11);\">INDIRIZZO<\/span><b><\/b><\/h2><\/div>\n\n<p><iframe loading=\"lazy\" style=\"border: 0;\" src=\"https:\/\/www.google.com\/maps\/embed?pb=!1m14!1m12!1m3!1d570.5362371137569!2d113.82839247530629!3d22.68777560929496!2m3!1f0!2f0!3f0!3m2!1i1024!2i768!4f13.1!5e0!3m2!1sen!2s!4v1748515356905!5m2!1sen!2s\" width=\"1210\" height=\"450\" allowfullscreen=\"allowfullscreen\"><\/iframe><br \/>\n\n\t\t<\/div>\n\t\t\t\t\t<\/div>\n\n\t\n<\/div>\n\t\t<\/div>\n\n\t\t\n<style>\n#section_969192080 {\n  padding-top: 30px;\n  padding-bottom: 30px;\n}\n<\/style>\n\t<\/section>","protected":false},"excerpt":{"rendered":"","protected":false},"author":3,"featured_media":0,"parent":0,"menu_order":0,"comment_status":"closed","ping_status":"closed","template":"page-blank.php","meta":{"footnotes":""},"class_list":["post-32","page","type-page","status-publish","hentry"],"yoast_head":"<!-- This site is optimized with the Yoast SEO plugin v27.5 - https:\/\/yoast.com\/product\/yoast-seo-wordpress\/ -->\n<title>Fale com a TELALED - Fabricante de LED Profissional desde 2003 | Suporte 24\/7<\/title>\n<meta name=\"description\" content=\"Equipe t\u00e9cnica dispon\u00edvel 24 horas \u2713 Atendimento em 6 idiomas \u2713 Solicite or\u00e7amento para pain\u00e9is LED personalizados. Exportamos para 102+ pa\u00edses com certifica\u00e7\u00f5es internacionais!\" \/>\n<meta name=\"robots\" content=\"index, follow, max-snippet:-1, max-image-preview:large, max-video-preview:-1\" \/>\n<link rel=\"canonical\" href=\"https:\/\/www.telaled.com\/it\/contato\/\" \/>\n<meta property=\"og:locale\" content=\"it_IT\" \/>\n<meta property=\"og:type\" content=\"article\" \/>\n<meta property=\"og:title\" content=\"Fale com a TELALED - Fabricante de LED Profissional desde 2003 | Suporte 24\/7\" \/>\n<meta property=\"og:description\" content=\"Equipe t\u00e9cnica dispon\u00edvel 24 horas \u2713 Atendimento em 6 idiomas \u2713 Solicite or\u00e7amento para pain\u00e9is LED personalizados. Exportamos para 102+ pa\u00edses com certifica\u00e7\u00f5es internacionais!\" \/>\n<meta property=\"og:url\" content=\"https:\/\/www.telaled.com\/it\/contato\/\" \/>\n<meta property=\"og:site_name\" content=\"TELALED\" \/>\n<meta property=\"article:modified_time\" content=\"2025-07-18T10:27:51+00:00\" \/>\n<meta name=\"twitter:card\" content=\"summary_large_image\" \/>\n<meta name=\"twitter:label1\" content=\"Tempo di lettura stimato\" \/>\n\t<meta name=\"twitter:data1\" content=\"1 minuto\" \/>\n<script type=\"application\/ld+json\" class=\"yoast-schema-graph\">{\"@context\":\"https:\\\/\\\/schema.org\",\"@graph\":[{\"@type\":\"WebPage\",\"@id\":\"https:\\\/\\\/www.telaled.com\\\/contato\\\/\",\"url\":\"https:\\\/\\\/www.telaled.com\\\/contato\\\/\",\"name\":\"Fale com a TELALED - Fabricante de LED Profissional desde 2003 | Suporte 24\\\/7\",\"isPartOf\":{\"@id\":\"https:\\\/\\\/www.telaled.com\\\/#website\"},\"datePublished\":\"2023-03-05T10:42:28+00:00\",\"dateModified\":\"2025-07-18T10:27:51+00:00\",\"description\":\"Equipe t\u00e9cnica dispon\u00edvel 24 horas \u2713 Atendimento em 6 idiomas \u2713 Solicite or\u00e7amento para pain\u00e9is LED personalizados. Exportamos para 102+ pa\u00edses com certifica\u00e7\u00f5es internacionais!\",\"breadcrumb\":{\"@id\":\"https:\\\/\\\/www.telaled.com\\\/contato\\\/#breadcrumb\"},\"inLanguage\":\"it-IT\",\"potentialAction\":[{\"@type\":\"ReadAction\",\"target\":[\"https:\\\/\\\/www.telaled.com\\\/contato\\\/\"]}]},{\"@type\":\"BreadcrumbList\",\"@id\":\"https:\\\/\\\/www.telaled.com\\\/contato\\\/#breadcrumb\",\"itemListElement\":[{\"@type\":\"ListItem\",\"position\":1,\"name\":\"Home\",\"item\":\"https:\\\/\\\/www.telaled.com\\\/\"},{\"@type\":\"ListItem\",\"position\":2,\"name\":\"Contato\"}]},{\"@type\":\"WebSite\",\"@id\":\"https:\\\/\\\/www.telaled.com\\\/#website\",\"url\":\"https:\\\/\\\/www.telaled.com\\\/\",\"name\":\"TELALED\",\"description\":\"\",\"potentialAction\":[{\"@type\":\"SearchAction\",\"target\":{\"@type\":\"EntryPoint\",\"urlTemplate\":\"https:\\\/\\\/www.telaled.com\\\/?s={search_term_string}\"},\"query-input\":{\"@type\":\"PropertyValueSpecification\",\"valueRequired\":true,\"valueName\":\"search_term_string\"}}],\"inLanguage\":\"it-IT\"}]}<\/script>\n<!-- \/ Yoast SEO plugin. -->","yoast_head_json":{"title":"Contatta TELALED - Produttore professionale di LED dal 2003 | Assistenza 24 ore su 24, 7 giorni su 7","description":"Team tecnico disponibile 24 ore su 24 \u2713 Supporto in 6 lingue \u2713 Richiedi un preventivo per pannelli LED personalizzati. Esportiamo in oltre 102 paesi con certificazioni internazionali!","robots":{"index":"index","follow":"follow","max-snippet":"max-snippet:-1","max-image-preview":"max-image-preview:large","max-video-preview":"max-video-preview:-1"},"canonical":"https:\/\/www.telaled.com\/it\/contato\/","og_locale":"it_IT","og_type":"article","og_title":"Fale com a TELALED - Fabricante de LED Profissional desde 2003 | Suporte 24\/7","og_description":"Equipe t\u00e9cnica dispon\u00edvel 24 horas \u2713 Atendimento em 6 idiomas \u2713 Solicite or\u00e7amento para pain\u00e9is LED personalizados. Exportamos para 102+ pa\u00edses com certifica\u00e7\u00f5es internacionais!","og_url":"https:\/\/www.telaled.com\/it\/contato\/","og_site_name":"TELALED","article_modified_time":"2025-07-18T10:27:51+00:00","twitter_card":"summary_large_image","twitter_misc":{"Tempo di lettura stimato":"1 minuto"},"schema":{"@context":"https:\/\/schema.org","@graph":[{"@type":"WebPage","@id":"https:\/\/www.telaled.com\/contato\/","url":"https:\/\/www.telaled.com\/contato\/","name":"Contatta TELALED - Produttore professionale di LED dal 2003 | Assistenza 24 ore su 24, 7 giorni su 7","isPartOf":{"@id":"https:\/\/www.telaled.com\/#website"},"datePublished":"2023-03-05T10:42:28+00:00","dateModified":"2025-07-18T10:27:51+00:00","description":"Team tecnico disponibile 24 ore su 24 \u2713 Supporto in 6 lingue \u2713 Richiedi un preventivo per pannelli LED personalizzati. Esportiamo in oltre 102 paesi con certificazioni internazionali!","breadcrumb":{"@id":"https:\/\/www.telaled.com\/contato\/#breadcrumb"},"inLanguage":"it-IT","potentialAction":[{"@type":"ReadAction","target":["https:\/\/www.telaled.com\/contato\/"]}]},{"@type":"BreadcrumbList","@id":"https:\/\/www.telaled.com\/contato\/#breadcrumb","itemListElement":[{"@type":"ListItem","position":1,"name":"Home","item":"https:\/\/www.telaled.com\/"},{"@type":"ListItem","position":2,"name":"Contato"}]},{"@type":"WebSite","@id":"https:\/\/www.telaled.com\/#website","url":"https:\/\/www.telaled.com\/","name":"schermo LED","description":"","potentialAction":[{"@type":"SearchAction","target":{"@type":"EntryPoint","urlTemplate":"https:\/\/www.telaled.com\/?s={search_term_string}"},"query-input":{"@type":"PropertyValueSpecification","valueRequired":true,"valueName":"search_term_string"}}],"inLanguage":"it-IT"}]}},"_links":{"self":[{"href":"https:\/\/www.telaled.com\/it\/wp-json\/wp\/v2\/pages\/32","targetHints":{"allow":["GET"]}}],"collection":[{"href":"https:\/\/www.telaled.com\/it\/wp-json\/wp\/v2\/pages"}],"about":[{"href":"https:\/\/www.telaled.com\/it\/wp-json\/wp\/v2\/types\/page"}],"author":[{"embeddable":true,"href":"https:\/\/www.telaled.com\/it\/wp-json\/wp\/v2\/users\/3"}],"replies":[{"embeddable":true,"href":"https:\/\/www.telaled.com\/it\/wp-json\/wp\/v2\/comments?post=32"}],"version-history":[{"count":12,"href":"https:\/\/www.telaled.com\/it\/wp-json\/wp\/v2\/pages\/32\/revisions"}],"predecessor-version":[{"id":2653,"href":"https:\/\/www.telaled.com\/it\/wp-json\/wp\/v2\/pages\/32\/revisions\/2653"}],"wp:attachment":[{"href":"https:\/\/www.telaled.com\/it\/wp-json\/wp\/v2\/media?parent=32"}],"curies":[{"name":"parola chiave","href":"https:\/\/api.w.org\/{rel}","templated":true}]}}