{"id":3971,"date":"2025-10-09T13:35:49","date_gmt":"2025-10-09T13:35:49","guid":{"rendered":"https:\/\/www.telaled.com\/?post_type=product&#038;p=3971"},"modified":"2026-01-07T00:52:28","modified_gmt":"2026-01-07T00:52:28","slug":"cronometro-digital-para-basquete-serie-teg","status":"publish","type":"product","link":"https:\/\/www.telaled.com\/fr\/fabrica\/cronometro-digital-para-basquete-serie-teg\/","title":{"rendered":"Chronom\u00e8tre de basket-ball num\u00e9rique de la s\u00e9rie TEG"},"content":{"rendered":"<div class=\"row\"  id=\"row-952412524\">\n\n\t<div id=\"col-1967655312\" class=\"col small-12 large-12\"  >\n\t\t\t\t<div class=\"col-inner\"  >\n\t\t\t\n\t\t\t\n<h2><strong>Avantages uniques du chronom\u00e8tre de basket-ball num\u00e9rique de la s\u00e9rie TEG<\/strong><\/h2>\n<h3><strong>Technologie de contr\u00f4le intelligente<\/strong><\/h3>\n<ul>\n<li>\u00c9quip\u00e9 d&#039;une puce de contr\u00f4le avanc\u00e9e qui maintient la pr\u00e9cision de synchronisation et la r\u00e9ponse rapide du signal.<\/li>\n<li>Emp\u00eache les d\u00e9calages de fonctionnement et assure des performances stables tout au long du jeu.<\/li>\n<li>Con\u00e7u pour g\u00e9rer une utilisation continue sans surchauffe ni erreurs syst\u00e8me.<\/li>\n<\/ul>\n<h3><strong>Cadre en aluminium robuste<\/strong><\/h3>\n<ul>\n<li>Construit avec un bo\u00eetier en aluminium haute r\u00e9sistance qui r\u00e9siste aux chocs et \u00e0 la corrosion.<\/li>\n<li>Prot\u00e8ge les circuits internes contre les dommages lors de transports ou d&#039;installations fr\u00e9quents.<\/li>\n<li>Combine portabilit\u00e9 l\u00e9g\u00e8re et durabilit\u00e9 \u00e0 long terme.<\/li>\n<\/ul>\n<h3><strong>Syst\u00e8me de luminosit\u00e9 r\u00e9glable<\/strong><\/h3>\n<ul>\n<li>Ajustez automatiquement la luminosit\u00e9 des LED en fonction de l&#039;\u00e9clairage ambiant.<\/li>\n<li>Am\u00e9liore la visibilit\u00e9 dans les environnements int\u00e9rieurs et semi-ext\u00e9rieurs.<\/li>\n<li><a href=\"https:\/\/www.telaled.com\/fr\/entendendo-o-consumo-de-energia-painel-de-led-quao-eficientes-sao-os-displays-de-led-modernos\/\">Consommation d&#039;\u00e9nergie<\/a> Taille r\u00e9duite tout en conservant une qualit\u00e9 d&#039;affichage impeccable.<\/li>\n<\/ul>\n<h3><strong>Longue dur\u00e9e de vie de la batterie et flexibilit\u00e9 d&#039;alimentation<\/strong><\/h3>\n<ul>\n<li>Prend en charge l&#039;alimentation par prise directe et le fonctionnement sur batterie pour des performances ininterrompues.<\/li>\n<li>La conception \u00e9co\u00e9nerg\u00e9tique augmente la dur\u00e9e de fonctionnement entre les charges.<\/li>\n<li>Id\u00e9al pour les installations portables ou les emplacements avec un acc\u00e8s limit\u00e9 \u00e0 l&#039;alimentation \u00e9lectrique.<\/li>\n<\/ul>\n<h2><strong>D\u00e9tails du produit<\/strong><\/h2>\n<div class=\"row\"  id=\"row-232570854\">\n\n\t<div id=\"col-362808170\" class=\"col medium-10 small-12 large-10\"  >\n\t\t\t\t<div class=\"col-inner text-left\"  >\n\t\t\t\n\t\t\t\n<ul>\n<li><strong>Taille de l&#039;\u00e9cran<\/strong> - Le<strong> Minuteur de basket-ball num\u00e9rique s\u00e9rie TEG<\/strong> mesure 80 x 30 cm, avec une hauteur num\u00e9rique de 13 cm, assurant une visibilit\u00e9 claire sur tout le terrain pour les joueurs et les spectateurs.<\/li>\n<\/ul>\n\t<div class=\"img has-hover x md-x lg-x y md-y lg-y\" id=\"image_1966517928\">\n\t\t\t\t\t\t\t\t<div class=\"img-inner dark\" >\n\t\t\t<img loading=\"lazy\" decoding=\"async\" width=\"800\" height=\"800\" src=\"https:\/\/www.telaled.com\/wp-content\/uploads\/2025\/10\/Sizes.webp\" class=\"attachment-large size-large\" alt=\"Chronom\u00e8tre de basket-ball num\u00e9rique de taille\" srcset=\"https:\/\/www.telaled.com\/wp-content\/uploads\/2025\/10\/Sizes.webp 800w, https:\/\/www.telaled.com\/wp-content\/uploads\/2025\/10\/Sizes-300x300.webp 300w, https:\/\/www.telaled.com\/wp-content\/uploads\/2025\/10\/Sizes-150x150.webp 150w, https:\/\/www.telaled.com\/wp-content\/uploads\/2025\/10\/Sizes-768x768.webp 768w, https:\/\/www.telaled.com\/wp-content\/uploads\/2025\/10\/Sizes-12x12.webp 12w, https:\/\/www.telaled.com\/wp-content\/uploads\/2025\/10\/Sizes-600x600.webp 600w, https:\/\/www.telaled.com\/wp-content\/uploads\/2025\/10\/Sizes-100x100.webp 100w\" sizes=\"auto, (max-width: 800px) 100vw, 800px\" \/>\t\t\t\t\t\t\n\t\t\t\t\t<\/div>\n\t\t\t\t\t\t\t\t\n<style>\n#image_1966517928 {\n  width: 80%;\n}\n<\/style>\n\t<\/div>\n\t\n<ul>\n<li><strong>Options de couleur<\/strong> \u2013 Personnalisez l\u2019affichage de votre tableau de bord avec des chiffres LED rouges, bleus, jaunes, verts ou multicolores, vous permettant de correspondre au th\u00e8me de votre \u00e9quipe ou \u00e0 la conception du lieu.<\/li>\n<\/ul>\n\t<div class=\"img has-hover x md-x lg-x y md-y lg-y\" id=\"image_49998515\">\n\t\t\t\t\t\t\t\t<div class=\"img-inner dark\" >\n\t\t\t<img loading=\"lazy\" decoding=\"async\" width=\"800\" height=\"800\" src=\"https:\/\/www.telaled.com\/wp-content\/uploads\/2025\/10\/Customize.webp\" class=\"attachment-original size-original\" alt=\"\" srcset=\"https:\/\/www.telaled.com\/wp-content\/uploads\/2025\/10\/Customize.webp 800w, https:\/\/www.telaled.com\/wp-content\/uploads\/2025\/10\/Customize-300x300.webp 300w, https:\/\/www.telaled.com\/wp-content\/uploads\/2025\/10\/Customize-150x150.webp 150w, https:\/\/www.telaled.com\/wp-content\/uploads\/2025\/10\/Customize-768x768.webp 768w, https:\/\/www.telaled.com\/wp-content\/uploads\/2025\/10\/Customize-12x12.webp 12w, https:\/\/www.telaled.com\/wp-content\/uploads\/2025\/10\/Customize-600x600.webp 600w, https:\/\/www.telaled.com\/wp-content\/uploads\/2025\/10\/Customize-100x100.webp 100w\" sizes=\"auto, (max-width: 800px) 100vw, 800px\" \/>\t\t\t\t\t\t\n\t\t\t\t\t<\/div>\n\t\t\t\t\t\t\t\t\n<style>\n#image_49998515 {\n  width: 80%;\n}\n<\/style>\n\t<\/div>\n\t\n<ul>\n<li><strong>Large application<\/strong> \u2013 Parfait pour les matchs de basket-ball, les centres d\u2019entra\u00eenement, les gymnases scolaires et les ar\u00e8nes sportives int\u00e9rieures, offrant un chronom\u00e9trage pr\u00e9cis et un affichage clair du score pour chaque match.<\/li>\n<\/ul>\n\t<div class=\"img has-hover x md-x lg-x y md-y lg-y\" id=\"image_2132682802\">\n\t\t\t\t\t\t\t\t<div class=\"img-inner dark\" >\n\t\t\t<img loading=\"lazy\" decoding=\"async\" width=\"600\" height=\"400\" src=\"https:\/\/www.telaled.com\/wp-content\/uploads\/2025\/10\/Application.webp\" class=\"attachment-large size-large\" alt=\"Application\" srcset=\"https:\/\/www.telaled.com\/wp-content\/uploads\/2025\/10\/Application.webp 600w, https:\/\/www.telaled.com\/wp-content\/uploads\/2025\/10\/Application-300x200.webp 300w, https:\/\/www.telaled.com\/wp-content\/uploads\/2025\/10\/Application-18x12.webp 18w\" sizes=\"auto, (max-width: 600px) 100vw, 600px\" \/>\t\t\t\t\t\t\n\t\t\t\t\t<\/div>\n\t\t\t\t\t\t\t\t\n<style>\n#image_2132682802 {\n  width: 80%;\n}\n<\/style>\n\t<\/div>\n\t\n<ul>\n<li><strong>Conception conviviale<\/strong> \u2013 Dispose d&#039;une interface de contr\u00f4le simple, d&#039;un temps de r\u00e9ponse rapide et d&#039;une structure l\u00e9g\u00e8re, ce qui facilite l&#039;installation, l&#039;utilisation et le stockage, m\u00eame pour les utilisateurs non techniques.<\/li>\n<\/ul>\n\t<div class=\"img has-hover x md-x lg-x y md-y lg-y\" id=\"image_1511020466\">\n\t\t\t\t\t\t\t\t<div class=\"img-inner dark\" >\n\t\t\t<img loading=\"lazy\" decoding=\"async\" width=\"800\" height=\"800\" src=\"https:\/\/www.telaled.com\/wp-content\/uploads\/2025\/10\/User-Friendly.webp\" class=\"attachment-large size-large\" alt=\"\" srcset=\"https:\/\/www.telaled.com\/wp-content\/uploads\/2025\/10\/User-Friendly.webp 800w, https:\/\/www.telaled.com\/wp-content\/uploads\/2025\/10\/User-Friendly-300x300.webp 300w, https:\/\/www.telaled.com\/wp-content\/uploads\/2025\/10\/User-Friendly-150x150.webp 150w, https:\/\/www.telaled.com\/wp-content\/uploads\/2025\/10\/User-Friendly-768x768.webp 768w, https:\/\/www.telaled.com\/wp-content\/uploads\/2025\/10\/User-Friendly-12x12.webp 12w, https:\/\/www.telaled.com\/wp-content\/uploads\/2025\/10\/User-Friendly-600x600.webp 600w, https:\/\/www.telaled.com\/wp-content\/uploads\/2025\/10\/User-Friendly-100x100.webp 100w\" sizes=\"auto, (max-width: 800px) 100vw, 800px\" \/>\t\t\t\t\t\t\n\t\t\t\t\t<\/div>\n\t\t\t\t\t\t\t\t\n<style>\n#image_1511020466 {\n  width: 80%;\n}\n<\/style>\n\t<\/div>\n\t\n<ul>\n<li>Chaque <strong>Chronom\u00e8tre de basket-ball num\u00e9rique de la s\u00e9rie TEG<\/strong> Il est emball\u00e9 dans de solides caisses en bois, renforc\u00e9es pour r\u00e9sister aux longs transports. Chaque unit\u00e9 est solidement fix\u00e9e pour \u00e9viter les chocs et les d\u00e9g\u00e2ts caus\u00e9s par les nuisibles, garantissant ainsi une livraison en parfait \u00e9tat, pr\u00eate \u00e0 l&#039;emploi.<\/li>\n<\/ul>\n\t<div class=\"img has-hover x md-x lg-x y md-y lg-y\" id=\"image_1668888268\">\n\t\t\t\t\t\t\t\t<div class=\"img-inner dark\" >\n\t\t\t<img loading=\"lazy\" decoding=\"async\" width=\"760\" height=\"1024\" src=\"https:\/\/www.telaled.com\/wp-content\/uploads\/2025\/08\/36123f2c-de60-488d-af81-255cd4aee54a-760x1024.webp\" class=\"attachment-large size-large\" alt=\"\" srcset=\"https:\/\/www.telaled.com\/wp-content\/uploads\/2025\/08\/36123f2c-de60-488d-af81-255cd4aee54a-760x1024.webp 760w, https:\/\/www.telaled.com\/wp-content\/uploads\/2025\/08\/36123f2c-de60-488d-af81-255cd4aee54a-223x300.webp 223w, https:\/\/www.telaled.com\/wp-content\/uploads\/2025\/08\/36123f2c-de60-488d-af81-255cd4aee54a-768x1035.webp 768w, https:\/\/www.telaled.com\/wp-content\/uploads\/2025\/08\/36123f2c-de60-488d-af81-255cd4aee54a-9x12.webp 9w, https:\/\/www.telaled.com\/wp-content\/uploads\/2025\/08\/36123f2c-de60-488d-af81-255cd4aee54a-600x808.webp 600w, https:\/\/www.telaled.com\/wp-content\/uploads\/2025\/08\/36123f2c-de60-488d-af81-255cd4aee54a.webp 795w\" sizes=\"auto, (max-width: 760px) 100vw, 760px\" \/>\t\t\t\t\t\t\n\t\t\t\t\t<\/div>\n\t\t\t\t\t\t\t\t\n<style>\n#image_1668888268 {\n  width: 80%;\n}\n<\/style>\n\t<\/div>\n\t\n\n<table id=\"tablepress-103\" class=\"tablepress tablepress-id-103\">\n<thead>\n<tr class=\"row-1\">\n\t<th colspan=\"4\" class=\"column-1\">Description du produit<\/th>\n<\/tr>\n<\/thead>\n<tbody class=\"row-striping row-hover\">\n<tr class=\"row-2\">\n\t<td class=\"column-1\">Caract\u00e9ristiques<\/td><td class=\"column-2\">Chronom\u00e8tre de basket-ball num\u00e9rique de la s\u00e9rie TEG<\/td><td class=\"column-3\"><\/td><td class=\"column-4\"><\/td>\n<\/tr>\n<tr class=\"row-3\">\n\t<td class=\"column-1\">Couleur de la LED<\/td><td class=\"column-2\">Multicolore<\/td><td class=\"column-3\"><\/td><td class=\"column-4\"><\/td>\n<\/tr>\n<tr class=\"row-4\">\n\t<td class=\"column-1\">Hauteur des chiffres<\/td><td class=\"column-2\">5 pouces<\/td><td class=\"column-3\"><\/td><td class=\"column-4\"><\/td>\n<\/tr>\n<tr class=\"row-5\">\n\t<td class=\"column-1\">Dimension<\/td><td class=\"column-2\">800X300X60 mm (31,4x11,8x2,7 pouces)<\/td><td class=\"column-3\"><\/td><td class=\"column-4\"><\/td>\n<\/tr>\n<tr class=\"row-6\">\n\t<td class=\"column-1\">Op\u00e9ration<\/td><td class=\"column-2\">T\u00e9l\u00e9commande infrarouge<\/td><td class=\"column-3\"><\/td><td class=\"column-4\"><\/td>\n<\/tr>\n<tr class=\"row-7\">\n\t<td class=\"column-1\">Pouvoir<\/td><td class=\"column-2\">AC 110V-240V DC 5V 2A (diff\u00e9rentes prises disponibles pour chaque pays)<\/td><td class=\"column-3\"><\/td><td class=\"column-4\"><\/td>\n<\/tr>\n<tr class=\"row-8\">\n\t<td class=\"column-1\">Cas<\/td><td class=\"column-2\">Monture en alliage d&#039;aluminium durable, verre acrylique antireflet<\/td><td class=\"column-3\"><\/td><td class=\"column-4\"><\/td>\n<\/tr>\n<tr class=\"row-9\">\n\t<td class=\"column-1\">Poids<\/td><td class=\"column-2\">3,9 kg<\/td><td class=\"column-3\"><\/td><td class=\"column-4\"><\/td>\n<\/tr>\n<tr class=\"row-10\">\n\t<td class=\"column-1\">Fonction<\/td><td class=\"column-2\">Affichage du score, compte \u00e0 rebours\/affichage progressif MM:SS<\/td><td class=\"column-3\"><\/td><td class=\"column-4\"><\/td>\n<\/tr>\n<tr class=\"row-11\">\n\t<td class=\"column-1\">Appel<\/td><td class=\"column-2\">Prend en charge l&#039;alimentation par chargeur portable ou batterie rechargeable.<br \/>\nR\u00e9glage de la luminosit\u00e9 sur 5 niveaux.<br \/>\nLa minuterie peut \u00eatre fix\u00e9e directement au mur ou pos\u00e9e sur une table.<\/td><td class=\"column-3\"><\/td><td class=\"column-4\"><\/td>\n<\/tr>\n<\/tbody>\n<\/table>\n<!-- #tablepress-103 from cache -->\n\t\t<\/div>\n\t\t\t\t\t<\/div>\n\n\t\n<\/div>\n\t\t<\/div>\n\t\t\t\t\t<\/div>\n\n\t\n<\/div>","protected":false},"excerpt":{"rendered":"<p><strong>Chronom\u00e8tre num\u00e9rique de basket-ball s\u00e9rie TEG\u00a0: un chronom\u00e9trage pr\u00e9cis et simplifi\u00e9<\/strong><\/p>\n<p>LE <em><strong>Chronom\u00e8tre de basket-ball num\u00e9rique de la s\u00e9rie TEG<\/strong><\/em> Il fournit des scores pr\u00e9cis et faciles \u00e0 lire pour le basketball et d&#039;autres sports. Son \u00e9cran LED lumineux, ses multiples modes de score et sa conception portable en font un outil id\u00e9al pour les \u00e9coles., <a href=\"https:\/\/www.telaled.com\/fr\/cronometro-academia\/\">salles de sport<\/a> et les centres de formation.<\/p>\n<p><strong>Principaux avantages :<\/strong><\/p>\n<ul>\n<li><strong>Contr\u00f4le sans fil longue distance<\/strong> \u2013 G\u00e9rez les scores et le timing \u00e0 distance \u00e0 l\u2019aide de la console de contr\u00f4le pour plus de commodit\u00e9.<\/li>\n<li><strong>Un timing pr\u00e9cis<\/strong> \u2013 Suivez les matchs avec pr\u00e9cision pour maintenir un gameplay juste et professionnel.<\/li>\n<li><strong>Installation et fonctionnement rapides<\/strong> \u2013 Portable et facile \u00e0 utiliser, vous pouvez l\u2019installer en quelques minutes, aucune connaissance technique requise.<\/li>\n<li><strong>Durable et fiable<\/strong> \u2013 Construit avec des mat\u00e9riaux de haute qualit\u00e9 pour garantir des performances constantes et une longue dur\u00e9e de vie.<\/li>\n<\/ul>\n<p><span style=\"font-weight: 400;\">Notre \u00e9quipe offre une assistance \u00e0 distance 24h\/24 et 7j\/7 et une garantie de 3 ans. Contactez-nous d\u00e8s aujourd&#039;hui pour un devis personnalis\u00e9.<\/span><\/p>","protected":false},"featured_media":3975,"template":"","meta":[],"product_brand":[],"product_cat":[48,40,44,46],"product_tag":[],"class_list":{"0":"post-3971","1":"product","2":"type-product","3":"status-publish","4":"has-post-thumbnail","6":"product_cat-paineis-personalizados","7":"product_cat-painel-de-led","8":"product_cat-painel-de-led-flexivel","9":"product_cat-painel-de-video","11":"first","12":"instock","13":"shipping-taxable","14":"product-type-simple"},"yoast_head":"<!-- This site is optimized with the Yoast SEO plugin v27.5 - https:\/\/yoast.com\/product\/yoast-seo-wordpress\/ -->\n<title>Cronometro Digital Para Basquete S\u00e9rie TEG | TELALED<\/title>\n<meta name=\"description\" content=\"Melhore seu jogo com um cronometro digital para basquete. Placar LED multifuncional com visor n\u00edtido e design dur\u00e1vel para qualquer arena esportiva.\" \/>\n<meta name=\"robots\" content=\"index, follow, max-snippet:-1, max-image-preview:large, max-video-preview:-1\" \/>\n<link rel=\"canonical\" href=\"https:\/\/www.telaled.com\/fr\/fabrica\/cronometro-digital-para-basquete-serie-teg\/\" \/>\n<meta property=\"og:locale\" content=\"fr_FR\" \/>\n<meta property=\"og:type\" content=\"article\" \/>\n<meta property=\"og:title\" content=\"Cronometro Digital Para Basquete S\u00e9rie TEG | TELALED\" \/>\n<meta property=\"og:description\" content=\"Melhore seu jogo com um cronometro digital para basquete. Placar LED multifuncional com visor n\u00edtido e design dur\u00e1vel para qualquer arena esportiva.\" \/>\n<meta property=\"og:url\" content=\"https:\/\/www.telaled.com\/fr\/fabrica\/cronometro-digital-para-basquete-serie-teg\/\" \/>\n<meta property=\"og:site_name\" content=\"TELALED\" \/>\n<meta property=\"article:modified_time\" content=\"2026-01-07T00:52:28+00:00\" \/>\n<meta property=\"og:image\" content=\"https:\/\/www.telaled.com\/wp-content\/uploads\/2025\/10\/Digital-basketball-timer.webp\" \/>\n\t<meta property=\"og:image:width\" content=\"500\" \/>\n\t<meta property=\"og:image:height\" content=\"500\" \/>\n\t<meta property=\"og:image:type\" content=\"image\/webp\" \/>\n<meta name=\"twitter:card\" content=\"summary_large_image\" \/>\n<meta name=\"twitter:label1\" content=\"Dur\u00e9e de lecture estim\u00e9e\" \/>\n\t<meta name=\"twitter:data1\" content=\"3 minutes\" \/>\n<script type=\"application\/ld+json\" class=\"yoast-schema-graph\">{\"@context\":\"https:\\\/\\\/schema.org\",\"@graph\":[{\"@type\":\"WebPage\",\"@id\":\"https:\\\/\\\/www.telaled.com\\\/fabrica\\\/cronometro-digital-para-basquete-serie-teg\\\/\",\"url\":\"https:\\\/\\\/www.telaled.com\\\/fabrica\\\/cronometro-digital-para-basquete-serie-teg\\\/\",\"name\":\"Cronometro Digital Para Basquete S\u00e9rie TEG | TELALED\",\"isPartOf\":{\"@id\":\"https:\\\/\\\/www.telaled.com\\\/#website\"},\"primaryImageOfPage\":{\"@id\":\"https:\\\/\\\/www.telaled.com\\\/fabrica\\\/cronometro-digital-para-basquete-serie-teg\\\/#primaryimage\"},\"image\":{\"@id\":\"https:\\\/\\\/www.telaled.com\\\/fabrica\\\/cronometro-digital-para-basquete-serie-teg\\\/#primaryimage\"},\"thumbnailUrl\":\"https:\\\/\\\/www.telaled.com\\\/wp-content\\\/uploads\\\/2025\\\/10\\\/Digital-basketball-timer.webp\",\"datePublished\":\"2025-10-09T13:35:49+00:00\",\"dateModified\":\"2026-01-07T00:52:28+00:00\",\"description\":\"Melhore seu jogo com um cronometro digital para basquete. Placar LED multifuncional com visor n\u00edtido e design dur\u00e1vel para qualquer arena esportiva.\",\"breadcrumb\":{\"@id\":\"https:\\\/\\\/www.telaled.com\\\/fabrica\\\/cronometro-digital-para-basquete-serie-teg\\\/#breadcrumb\"},\"inLanguage\":\"fr-FR\",\"potentialAction\":[{\"@type\":\"ReadAction\",\"target\":[\"https:\\\/\\\/www.telaled.com\\\/fabrica\\\/cronometro-digital-para-basquete-serie-teg\\\/\"]}]},{\"@type\":\"ImageObject\",\"inLanguage\":\"fr-FR\",\"@id\":\"https:\\\/\\\/www.telaled.com\\\/fabrica\\\/cronometro-digital-para-basquete-serie-teg\\\/#primaryimage\",\"url\":\"https:\\\/\\\/www.telaled.com\\\/wp-content\\\/uploads\\\/2025\\\/10\\\/Digital-basketball-timer.webp\",\"contentUrl\":\"https:\\\/\\\/www.telaled.com\\\/wp-content\\\/uploads\\\/2025\\\/10\\\/Digital-basketball-timer.webp\",\"width\":500,\"height\":500,\"caption\":\"Cronometro digital para basquete\"},{\"@type\":\"BreadcrumbList\",\"@id\":\"https:\\\/\\\/www.telaled.com\\\/fabrica\\\/cronometro-digital-para-basquete-serie-teg\\\/#breadcrumb\",\"itemListElement\":[{\"@type\":\"ListItem\",\"position\":1,\"name\":\"Home\",\"item\":\"https:\\\/\\\/www.telaled.com\\\/\"},{\"@type\":\"ListItem\",\"position\":2,\"name\":\"Produtos\",\"item\":\"https:\\\/\\\/www.telaled.com\\\/shop\\\/\"},{\"@type\":\"ListItem\",\"position\":3,\"name\":\"Cronometro Digital Para Basquete S\u00e9rie TEG\"}]},{\"@type\":\"WebSite\",\"@id\":\"https:\\\/\\\/www.telaled.com\\\/#website\",\"url\":\"https:\\\/\\\/www.telaled.com\\\/\",\"name\":\"TELALED\",\"description\":\"\",\"potentialAction\":[{\"@type\":\"SearchAction\",\"target\":{\"@type\":\"EntryPoint\",\"urlTemplate\":\"https:\\\/\\\/www.telaled.com\\\/?s={search_term_string}\"},\"query-input\":{\"@type\":\"PropertyValueSpecification\",\"valueRequired\":true,\"valueName\":\"search_term_string\"}}],\"inLanguage\":\"fr-FR\"}]}<\/script>\n<!-- \/ Yoast SEO plugin. -->","yoast_head_json":{"title":"Chronom\u00e8tre de basket-ball num\u00e9rique s\u00e9rie TEG | \u00c9cran LED","description":"Am\u00e9liorez votre jeu avec un tableau d&#039;affichage num\u00e9rique de basketball. Ce tableau d&#039;affichage LED multifonctionnel offre un affichage clair et une conception robuste pour tous les stades.","robots":{"index":"index","follow":"follow","max-snippet":"max-snippet:-1","max-image-preview":"max-image-preview:large","max-video-preview":"max-video-preview:-1"},"canonical":"https:\/\/www.telaled.com\/fr\/fabrica\/cronometro-digital-para-basquete-serie-teg\/","og_locale":"fr_FR","og_type":"article","og_title":"Cronometro Digital Para Basquete S\u00e9rie TEG | TELALED","og_description":"Melhore seu jogo com um cronometro digital para basquete. Placar LED multifuncional com visor n\u00edtido e design dur\u00e1vel para qualquer arena esportiva.","og_url":"https:\/\/www.telaled.com\/fr\/fabrica\/cronometro-digital-para-basquete-serie-teg\/","og_site_name":"TELALED","article_modified_time":"2026-01-07T00:52:28+00:00","og_image":[{"width":500,"height":500,"url":"https:\/\/www.telaled.com\/wp-content\/uploads\/2025\/10\/Digital-basketball-timer.webp","type":"image\/webp"}],"twitter_card":"summary_large_image","twitter_misc":{"Dur\u00e9e de lecture estim\u00e9e":"3 minutes"},"schema":{"@context":"https:\/\/schema.org","@graph":[{"@type":"WebPage","@id":"https:\/\/www.telaled.com\/fabrica\/cronometro-digital-para-basquete-serie-teg\/","url":"https:\/\/www.telaled.com\/fabrica\/cronometro-digital-para-basquete-serie-teg\/","name":"Chronom\u00e8tre de basket-ball num\u00e9rique s\u00e9rie TEG | \u00c9cran LED","isPartOf":{"@id":"https:\/\/www.telaled.com\/#website"},"primaryImageOfPage":{"@id":"https:\/\/www.telaled.com\/fabrica\/cronometro-digital-para-basquete-serie-teg\/#primaryimage"},"image":{"@id":"https:\/\/www.telaled.com\/fabrica\/cronometro-digital-para-basquete-serie-teg\/#primaryimage"},"thumbnailUrl":"https:\/\/www.telaled.com\/wp-content\/uploads\/2025\/10\/Digital-basketball-timer.webp","datePublished":"2025-10-09T13:35:49+00:00","dateModified":"2026-01-07T00:52:28+00:00","description":"Am\u00e9liorez votre jeu avec un tableau d&#039;affichage num\u00e9rique de basketball. Ce tableau d&#039;affichage LED multifonctionnel offre un affichage clair et une conception robuste pour tous les stades.","breadcrumb":{"@id":"https:\/\/www.telaled.com\/fabrica\/cronometro-digital-para-basquete-serie-teg\/#breadcrumb"},"inLanguage":"fr-FR","potentialAction":[{"@type":"ReadAction","target":["https:\/\/www.telaled.com\/fabrica\/cronometro-digital-para-basquete-serie-teg\/"]}]},{"@type":"ImageObject","inLanguage":"fr-FR","@id":"https:\/\/www.telaled.com\/fabrica\/cronometro-digital-para-basquete-serie-teg\/#primaryimage","url":"https:\/\/www.telaled.com\/wp-content\/uploads\/2025\/10\/Digital-basketball-timer.webp","contentUrl":"https:\/\/www.telaled.com\/wp-content\/uploads\/2025\/10\/Digital-basketball-timer.webp","width":500,"height":500,"caption":"Cronometro digital para basquete"},{"@type":"BreadcrumbList","@id":"https:\/\/www.telaled.com\/fabrica\/cronometro-digital-para-basquete-serie-teg\/#breadcrumb","itemListElement":[{"@type":"ListItem","position":1,"name":"Home","item":"https:\/\/www.telaled.com\/"},{"@type":"ListItem","position":2,"name":"Produtos","item":"https:\/\/www.telaled.com\/shop\/"},{"@type":"ListItem","position":3,"name":"Cronometro Digital Para Basquete S\u00e9rie TEG"}]},{"@type":"WebSite","@id":"https:\/\/www.telaled.com\/#website","url":"https:\/\/www.telaled.com\/","name":"\u00e9cran LED","description":"","potentialAction":[{"@type":"SearchAction","target":{"@type":"EntryPoint","urlTemplate":"https:\/\/www.telaled.com\/?s={search_term_string}"},"query-input":{"@type":"PropertyValueSpecification","valueRequired":true,"valueName":"search_term_string"}}],"inLanguage":"fr-FR"}]}},"_links":{"self":[{"href":"https:\/\/www.telaled.com\/fr\/wp-json\/wp\/v2\/product\/3971","targetHints":{"allow":["GET"]}}],"collection":[{"href":"https:\/\/www.telaled.com\/fr\/wp-json\/wp\/v2\/product"}],"about":[{"href":"https:\/\/www.telaled.com\/fr\/wp-json\/wp\/v2\/types\/product"}],"wp:featuredmedia":[{"embeddable":true,"href":"https:\/\/www.telaled.com\/fr\/wp-json\/wp\/v2\/media\/3975"}],"wp:attachment":[{"href":"https:\/\/www.telaled.com\/fr\/wp-json\/wp\/v2\/media?parent=3971"}],"wp:term":[{"taxonomy":"product_brand","embeddable":true,"href":"https:\/\/www.telaled.com\/fr\/wp-json\/wp\/v2\/product_brand?post=3971"},{"taxonomy":"product_cat","embeddable":true,"href":"https:\/\/www.telaled.com\/fr\/wp-json\/wp\/v2\/product_cat?post=3971"},{"taxonomy":"product_tag","embeddable":true,"href":"https:\/\/www.telaled.com\/fr\/wp-json\/wp\/v2\/product_tag?post=3971"}],"curies":[{"name":"wp","href":"https:\/\/api.w.org\/{rel}","templated":true}]}}