{"id":3928,"date":"2025-10-09T02:28:13","date_gmt":"2025-10-09T02:28:13","guid":{"rendered":"https:\/\/www.telaled.com\/?post_type=product&#038;p=3928"},"modified":"2026-01-07T01:14:05","modified_gmt":"2026-01-07T01:14:05","slug":"electronic-gym-scoreboard-serie-tei","status":"publish","type":"product","link":"https:\/\/www.telaled.com\/fr\/fabrica\/electronic-gym-scoreboard-serie-tei\/","title":{"rendered":"Tableau d&#039;affichage \u00e9lectronique pour gymnase S\u00e9rie TEI"},"content":{"rendered":"<div class=\"row\"  id=\"row-886810224\">\n\n\t<div id=\"col-1486283885\" class=\"col small-12 large-12\"  >\n\t\t\t\t<div class=\"col-inner\"  >\n\t\t\t\n\t\t\t\n<h2>Tableau d&#039;affichage \u00e9lectronique pour gymnase S\u00e9rie TEI<\/h2>\n<h3><strong>Durabilit\u00e9 sup\u00e9rieure<\/strong><\/h3>\n<ul>\n<li>Bo\u00eetier en fer class\u00e9 IP65 r\u00e9sistant \u00e0 la poussi\u00e8re, \u00e0 la pluie et \u00e0 la chaleur.<\/li>\n<li>La structure de 960\u00d7960 mm et de 40 kg garantit la stabilit\u00e9 des marches mobiles.<\/li>\n<li>LED <a href=\"https:\/\/www.telaled.com\/fr\/led-smd\/\">CMS<\/a> Les batteries 1G1R1B ont une dur\u00e9e de vie sup\u00e9rieure \u00e0 100 000 heures.<\/li>\n<li>Pi\u00e8ces r\u00e9sistantes \u00e0 la corrosion avec refroidissement efficace.<\/li>\n<\/ul>\n<h3><strong>Qualit\u00e9 visuelle exceptionnelle<\/strong><\/h3>\n<ul>\n<li>Pas de pixel de 4 mm et densit\u00e9 de pixels de 62 500 points\/m\u00b2 pour des d\u00e9tails nets.<\/li>\n<li>Luminosit\u00e9 de 5 000 \u00e0 7 000 nits pour une visibilit\u00e9 au soleil.<\/li>\n<li>Rapport de contraste de 10 000:1 avec 68,7 milliards de couleurs.<\/li>\n<li>Taux de rafra\u00eechissement de 1920 \u00e0 3840 Hz pour une vid\u00e9o fluide.<\/li>\n<\/ul>\n<h3><strong>Adaptabilit\u00e9 compl\u00e8te<\/strong><\/h3>\n<ul>\n<li>Prise en charge du SDK pour les mises \u00e0 jour et le contr\u00f4le \u00e0 distance.<\/li>\n<li>Les angles de vision larges de 140\u00b0 maintiennent la clart\u00e9.<\/li>\n<li>Panneaux modulaires 250\u00d7250 mm pour une installation facile.<\/li>\n<li>Id\u00e9al pour les camions, les centres commerciaux, les a\u00e9roports et les \u00e9v\u00e9nements.<\/li>\n<\/ul>\n<h3><strong>Assistance compl\u00e8te<\/strong><\/h3>\n<ul>\n<li>Assistance technique experte 24h\/24 et 7j\/7, obtenez une assistance fiable \u00e0 tout moment et en tout lieu gr\u00e2ce \u00e0 notre \u00e9quipe d&#039;assistance \u00e0 distance 24h\/24 et 7j\/7.<\/li>\n<li>Pi\u00e8ces de rechange suppl\u00e9mentaires 5%, chaque commande est livr\u00e9e avec des composants de remplacement suppl\u00e9mentaires, garantissant une plus grande fiabilit\u00e9 et vous offrant plus de tranquillit\u00e9 d&#039;esprit.<\/li>\n<li>Garantie prolong\u00e9e de 3 ans Profitez de performances durables et d&#039;un service fiable soutenu par une garantie prolong\u00e9e de 3 ans pour une protection maximale.<\/li>\n<\/ul>\n<h2>D\u00e9tails du produit<\/h2>\n<div class=\"row\"  id=\"row-794902096\">\n\n\t<div id=\"col-655949117\" class=\"col medium-10 small-12 large-10\"  >\n\t\t\t\t<div class=\"col-inner text-left\"  >\n\t\t\t\n\t\t\t\n<ul>\n<li>Suivez chaque r\u00e9p\u00e9tition et chaque tour avec le <em><strong>Tableau d&#039;affichage \u00e9lectronique pour salle de sport<\/strong><\/em>Dot\u00e9 d&#039;une barre de progression verte et d&#039;un compte \u00e0 rebours LED, il fonctionne comme votre coach personnel et vous aide \u00e0 suivre vos intervalles, vos temps de repos et votre temps d&#039;entra\u00eenement total. Ce minuteur intelligent vous permet de suivre votre progression d&#039;un coup d&#039;\u0153il, pour une s\u00e9ance organis\u00e9e et efficace.<\/li>\n<\/ul>\n\t<div class=\"img has-hover x md-x lg-x y md-y lg-y\" id=\"image_554305613\">\n\t\t\t\t\t\t\t\t<div class=\"img-inner dark\" >\n\t\t\t<img loading=\"lazy\" decoding=\"async\" width=\"970\" height=\"600\" src=\"https:\/\/www.telaled.com\/wp-content\/uploads\/2025\/10\/Electronic-gym-scoreboard7.jpg\" class=\"attachment-original size-original\" alt=\"Tableau d&#039;affichage \u00e9lectronique de salle de sport7\" srcset=\"https:\/\/www.telaled.com\/wp-content\/uploads\/2025\/10\/Electronic-gym-scoreboard7.jpg 970w, https:\/\/www.telaled.com\/wp-content\/uploads\/2025\/10\/Electronic-gym-scoreboard7-300x186.jpg 300w, https:\/\/www.telaled.com\/wp-content\/uploads\/2025\/10\/Electronic-gym-scoreboard7-768x475.jpg 768w, https:\/\/www.telaled.com\/wp-content\/uploads\/2025\/10\/Electronic-gym-scoreboard7-18x12.jpg 18w, https:\/\/www.telaled.com\/wp-content\/uploads\/2025\/10\/Electronic-gym-scoreboard7-600x371.jpg 600w\" sizes=\"auto, (max-width: 970px) 100vw, 970px\" \/>\t\t\t\t\t\t\n\t\t\t\t\t<\/div>\n\t\t\t\t\t\t\t\t\n<style>\n#image_554305613 {\n  width: 80%;\n}\n<\/style>\n\t<\/div>\n\t\n<ul>\n<li>Un <em><strong>Tableau d&#039;affichage \u00e9lectronique pour salle de sport<\/strong><\/em> Il am\u00e9liore la s\u00e9curit\u00e9 et l&#039;efficacit\u00e9 de l&#039;entra\u00eenement gr\u00e2ce \u00e0 des minuteurs LED clairs et des indicateurs de progression. Il permet aux utilisateurs de suivre en temps r\u00e9el la dur\u00e9e de leurs exercices, leurs temps de repos et leurs performances. Les entra\u00eeneurs peuvent ainsi facilement suivre les progr\u00e8s et adapter les programmes. Id\u00e9al pour <a href=\"https:\/\/www.telaled.com\/fr\/cronometro-academia\/\">salles de sport<\/a> Dans ses studios, il garantit des s\u00e9ances d&#039;entra\u00eenement organis\u00e9es, r\u00e9guli\u00e8res et efficaces pour tous les niveaux de forme physique.<\/li>\n<\/ul>\n\t<div class=\"img has-hover x md-x lg-x y md-y lg-y\" id=\"image_1400577321\">\n\t\t\t\t\t\t\t\t<div class=\"img-inner dark\" >\n\t\t\t<img loading=\"lazy\" decoding=\"async\" width=\"568\" height=\"438\" src=\"https:\/\/www.telaled.com\/wp-content\/uploads\/2025\/10\/Electronic-gym-scoreboard8.webp\" class=\"attachment-large size-large\" alt=\"\" srcset=\"https:\/\/www.telaled.com\/wp-content\/uploads\/2025\/10\/Electronic-gym-scoreboard8.webp 568w, https:\/\/www.telaled.com\/wp-content\/uploads\/2025\/10\/Electronic-gym-scoreboard8-300x231.webp 300w, https:\/\/www.telaled.com\/wp-content\/uploads\/2025\/10\/Electronic-gym-scoreboard8-16x12.webp 16w\" sizes=\"auto, (max-width: 568px) 100vw, 568px\" \/>\t\t\t\t\t\t\n\t\t\t\t\t<\/div>\n\t\t\t\t\t\t\t\t\n<style>\n#image_1400577321 {\n  width: 80%;\n}\n<\/style>\n\t<\/div>\n\t\n<ul>\n<li><strong><em>Tableau d&#039;affichage \u00e9lectronique pour salle de sport<\/em> S\u00e9rie TEI<\/strong>\u00a0 Ils sont emball\u00e9s dans des caisses en bois renforc\u00e9es pour les prot\u00e9ger pendant le transport. Chaque unit\u00e9 est solidement emball\u00e9e pour la prot\u00e9ger des dommages caus\u00e9s par les nuisibles, les chocs et autres dangers. Cela garantit une durabilit\u00e9 et une livraison en toute s\u00e9curit\u00e9.<\/li>\n<\/ul>\n\t<div class=\"img has-hover x md-x lg-x y md-y lg-y\" id=\"image_301087820\">\n\t\t\t\t\t\t\t\t<div class=\"img-inner dark\" >\n\t\t\t<img loading=\"lazy\" decoding=\"async\" width=\"760\" height=\"1024\" src=\"https:\/\/www.telaled.com\/wp-content\/uploads\/2025\/08\/36123f2c-de60-488d-af81-255cd4aee54a-760x1024.webp\" class=\"attachment-large size-large\" alt=\"\" srcset=\"https:\/\/www.telaled.com\/wp-content\/uploads\/2025\/08\/36123f2c-de60-488d-af81-255cd4aee54a-760x1024.webp 760w, https:\/\/www.telaled.com\/wp-content\/uploads\/2025\/08\/36123f2c-de60-488d-af81-255cd4aee54a-223x300.webp 223w, https:\/\/www.telaled.com\/wp-content\/uploads\/2025\/08\/36123f2c-de60-488d-af81-255cd4aee54a-768x1035.webp 768w, https:\/\/www.telaled.com\/wp-content\/uploads\/2025\/08\/36123f2c-de60-488d-af81-255cd4aee54a-9x12.webp 9w, https:\/\/www.telaled.com\/wp-content\/uploads\/2025\/08\/36123f2c-de60-488d-af81-255cd4aee54a-600x808.webp 600w, https:\/\/www.telaled.com\/wp-content\/uploads\/2025\/08\/36123f2c-de60-488d-af81-255cd4aee54a.webp 795w\" sizes=\"auto, (max-width: 760px) 100vw, 760px\" \/>\t\t\t\t\t\t\n\t\t\t\t\t<\/div>\n\t\t\t\t\t\t\t\t\n<style>\n#image_301087820 {\n  width: 80%;\n}\n<\/style>\n\t<\/div>\n\t\n\n<table id=\"tablepress-102\" class=\"tablepress tablepress-id-102\">\n<thead>\n<tr class=\"row-1\">\n\t<th class=\"column-1\">Temps de pr\u00e9paration maximal<\/th><th class=\"column-2\">24 heures<\/th><th class=\"column-3\">Temps de pr\u00e9paration minimum<\/th><th class=\"column-4\">10 s<\/th>\n<\/tr>\n<\/thead>\n<tbody class=\"row-striping row-hover\">\n<tr class=\"row-2\">\n\t<td class=\"column-1\">Tension nominale<\/td><td class=\"column-2\">220 V<\/td><td class=\"column-3\">Num\u00e9ro de mod\u00e8le<\/td><td class=\"column-4\">S\u00e9rie TEI<\/td>\n<\/tr>\n<tr class=\"row-3\">\n\t<td class=\"column-1\">Marque<\/td><td class=\"column-2\">\u00e9cran LED<\/td><td class=\"column-3\">Lieu d&#039;origine<\/td><td class=\"column-4\">Shenzhen, Chine<\/td>\n<\/tr>\n<tr class=\"row-4\">\n\t<td class=\"column-1\">Contr\u00f4le<\/td><td class=\"column-2\">T\u00e9l\u00e9commande<\/td><td class=\"column-3\">Appel<\/td><td class=\"column-4\">Portable<\/td>\n<\/tr>\n<tr class=\"row-5\">\n\t<td class=\"column-1\">Fr\u00e9quence<\/td><td class=\"column-2\">50 Hz<\/td><td class=\"column-3\">Mat\u00e9riel<\/td><td class=\"column-4\">alliage d&#039;aluminium<\/td>\n<\/tr>\n<tr class=\"row-6\">\n\t<td class=\"column-1\">Th\u00e9orie<\/td><td class=\"column-2\">Num\u00e9rique<\/td><td class=\"column-3\">Taper<\/td><td class=\"column-4\">Compte \u00e0 rebours<\/td>\n<\/tr>\n<tr class=\"row-7\">\n\t<td class=\"column-1\">Application<\/td><td class=\"column-2\">Multifonctionnel<\/td><td class=\"column-3\">Op\u00e9ration<\/td><td class=\"column-4\">T\u00e9l\u00e9commande<\/td>\n<\/tr>\n<tr class=\"row-8\">\n\t<td class=\"column-1\">Hauteur des caract\u00e8res<\/td><td class=\"column-2\">4 pouces<\/td><td class=\"column-3\">Structure<\/td><td class=\"column-4\">alliage d&#039;aluminium<\/td>\n<\/tr>\n<tr class=\"row-9\">\n\t<td class=\"column-1\">Nom du produit<\/td><td class=\"column-2\">horloge, compte \u00e0 rebours, chronom\u00e8tre, entra\u00eenement\/repos par intervalles<\/td><td class=\"column-3\">Certification<\/td><td class=\"column-4\">CE, RoHS<\/td>\n<\/tr>\n<\/tbody>\n<\/table>\n\n\t\t<\/div>\n\t\t\t\t\t<\/div>\n\n\t\n<\/div>\n\t\t<\/div>\n\t\t\t\t\t<\/div>\n\n\t\n<\/div>","protected":false},"excerpt":{"rendered":"<p><em><strong>Tableau d&#039;affichage \u00e9lectronique pour gymnase S\u00e9rie TEI<\/strong><\/em> \u2013 Minuterie et chronom\u00e8tre LED multifonctionnel.<\/p>\n<p>LE <em><strong>Tableau d&#039;affichage \u00e9lectronique pour gymnase S\u00e9rie TEI<\/strong><\/em>\u00a0Il s&#039;agit d&#039;une minuterie num\u00e9rique 220 V dot\u00e9e d&#039;un \u00e9cran LED de 4 pouces et d&#039;un bo\u00eetier en alliage d&#039;aluminium. Elle prend en charge les modes comptage, compte \u00e0 rebours, chronom\u00e8tre et intervalles, tous contr\u00f4l\u00e9s par t\u00e9l\u00e9commande.<\/p>\n<p><strong>Caract\u00e9ristiques principales :<\/strong><\/p>\n<ul>\n<li><strong>Plage horaire pr\u00e9cise :<\/strong> R\u00e9glable de 10 secondes \u00e0 24 heures pour les entra\u00eenements., <a href=\"https:\/\/www.telaled.com\/fr\/telao-de-led-para-eventos\/\">\u00e9v\u00e9nements<\/a> ou \u00e0 usage industriel.<\/li>\n<li><strong>\u00c9cran LED Sharp 4\u2033 :<\/strong> Les chiffres lumineux assurent une visibilit\u00e9 m\u00eame dans les zones bien \u00e9clair\u00e9es.<\/li>\n<li><strong>Durable et pratique :<\/strong> Corps en aluminium avec commande \u00e0 distance et fiabilit\u00e9 certifi\u00e9e CE\/RoHS.<\/li>\n<\/ul>\n<p>Nos experts sont disponibles 24h\/24 et 7j\/7, jour et nuit, avec une assistance \u00e0 distance et une garantie produit de 3 ans. Demandez votre devis personnalis\u00e9 d\u00e8s aujourd&#039;hui.<\/p>","protected":false},"featured_media":3944,"template":"","meta":[],"product_brand":[],"product_cat":[48,40],"product_tag":[],"class_list":{"0":"post-3928","1":"product","2":"type-product","3":"status-publish","4":"has-post-thumbnail","6":"product_cat-paineis-personalizados","7":"product_cat-painel-de-led","9":"first","10":"instock","11":"shipping-taxable","12":"product-type-simple"},"yoast_head":"<!-- This site is optimized with the Yoast SEO plugin v27.4 - https:\/\/yoast.com\/product\/yoast-seo-wordpress\/ -->\n<title>Electronic Gym Scoreboard S\u00e9rie TEI | Temporizador digital LED para esportes e fitness | TELALED<\/title>\n<meta name=\"description\" content=\"Obtenha o Electronic Gym Scoreboard S\u00e9rie TEI com cron\u00f4metro, contagem regressiva e controle remoto sem fio; ideal para treinos e sess\u00f5es de treino.\" \/>\n<meta name=\"robots\" content=\"index, follow, max-snippet:-1, max-image-preview:large, max-video-preview:-1\" \/>\n<link rel=\"canonical\" href=\"https:\/\/www.telaled.com\/fr\/fabrica\/electronic-gym-scoreboard-serie-tei\/\" \/>\n<meta property=\"og:locale\" content=\"fr_FR\" \/>\n<meta property=\"og:type\" content=\"article\" \/>\n<meta property=\"og:title\" content=\"Electronic Gym Scoreboard S\u00e9rie TEI | Temporizador digital LED para esportes e fitness | TELALED\" \/>\n<meta property=\"og:description\" content=\"Obtenha o Electronic Gym Scoreboard S\u00e9rie TEI com cron\u00f4metro, contagem regressiva e controle remoto sem fio; ideal para treinos e sess\u00f5es de treino.\" \/>\n<meta property=\"og:url\" content=\"https:\/\/www.telaled.com\/fr\/fabrica\/electronic-gym-scoreboard-serie-tei\/\" \/>\n<meta property=\"og:site_name\" content=\"TELALED\" \/>\n<meta property=\"article:modified_time\" content=\"2026-01-07T01:14:05+00:00\" \/>\n<meta property=\"og:image\" content=\"https:\/\/www.telaled.com\/wp-content\/uploads\/2025\/10\/Electronic-gym-scoreboard.webp\" \/>\n\t<meta property=\"og:image:width\" content=\"500\" \/>\n\t<meta property=\"og:image:height\" content=\"500\" \/>\n\t<meta property=\"og:image:type\" content=\"image\/webp\" \/>\n<meta name=\"twitter:card\" content=\"summary_large_image\" \/>\n<meta name=\"twitter:label1\" content=\"Dur\u00e9e de lecture estim\u00e9e\" \/>\n\t<meta name=\"twitter:data1\" content=\"3 minutes\" \/>\n<script type=\"application\/ld+json\" class=\"yoast-schema-graph\">{\"@context\":\"https:\\\/\\\/schema.org\",\"@graph\":[{\"@type\":\"WebPage\",\"@id\":\"https:\\\/\\\/www.telaled.com\\\/fabrica\\\/electronic-gym-scoreboard-serie-tei\\\/\",\"url\":\"https:\\\/\\\/www.telaled.com\\\/fabrica\\\/electronic-gym-scoreboard-serie-tei\\\/\",\"name\":\"Electronic Gym Scoreboard S\u00e9rie TEI | Temporizador digital LED para esportes e fitness | TELALED\",\"isPartOf\":{\"@id\":\"https:\\\/\\\/www.telaled.com\\\/#website\"},\"primaryImageOfPage\":{\"@id\":\"https:\\\/\\\/www.telaled.com\\\/fabrica\\\/electronic-gym-scoreboard-serie-tei\\\/#primaryimage\"},\"image\":{\"@id\":\"https:\\\/\\\/www.telaled.com\\\/fabrica\\\/electronic-gym-scoreboard-serie-tei\\\/#primaryimage\"},\"thumbnailUrl\":\"https:\\\/\\\/www.telaled.com\\\/wp-content\\\/uploads\\\/2025\\\/10\\\/Electronic-gym-scoreboard.webp\",\"datePublished\":\"2025-10-09T02:28:13+00:00\",\"dateModified\":\"2026-01-07T01:14:05+00:00\",\"description\":\"Obtenha o Electronic Gym Scoreboard S\u00e9rie TEI com cron\u00f4metro, contagem regressiva e controle remoto sem fio; ideal para treinos e sess\u00f5es de treino.\",\"breadcrumb\":{\"@id\":\"https:\\\/\\\/www.telaled.com\\\/fabrica\\\/electronic-gym-scoreboard-serie-tei\\\/#breadcrumb\"},\"inLanguage\":\"fr-FR\",\"potentialAction\":[{\"@type\":\"ReadAction\",\"target\":[\"https:\\\/\\\/www.telaled.com\\\/fabrica\\\/electronic-gym-scoreboard-serie-tei\\\/\"]}]},{\"@type\":\"ImageObject\",\"inLanguage\":\"fr-FR\",\"@id\":\"https:\\\/\\\/www.telaled.com\\\/fabrica\\\/electronic-gym-scoreboard-serie-tei\\\/#primaryimage\",\"url\":\"https:\\\/\\\/www.telaled.com\\\/wp-content\\\/uploads\\\/2025\\\/10\\\/Electronic-gym-scoreboard.webp\",\"contentUrl\":\"https:\\\/\\\/www.telaled.com\\\/wp-content\\\/uploads\\\/2025\\\/10\\\/Electronic-gym-scoreboard.webp\",\"width\":500,\"height\":500,\"caption\":\"Electronic-gym-scoreboard\"},{\"@type\":\"BreadcrumbList\",\"@id\":\"https:\\\/\\\/www.telaled.com\\\/fabrica\\\/electronic-gym-scoreboard-serie-tei\\\/#breadcrumb\",\"itemListElement\":[{\"@type\":\"ListItem\",\"position\":1,\"name\":\"Home\",\"item\":\"https:\\\/\\\/www.telaled.com\\\/\"},{\"@type\":\"ListItem\",\"position\":2,\"name\":\"Produtos\",\"item\":\"https:\\\/\\\/www.telaled.com\\\/shop\\\/\"},{\"@type\":\"ListItem\",\"position\":3,\"name\":\"Electronic Gym Scoreboard S\u00e9rie TEI\"}]},{\"@type\":\"WebSite\",\"@id\":\"https:\\\/\\\/www.telaled.com\\\/#website\",\"url\":\"https:\\\/\\\/www.telaled.com\\\/\",\"name\":\"TELALED\",\"description\":\"\",\"potentialAction\":[{\"@type\":\"SearchAction\",\"target\":{\"@type\":\"EntryPoint\",\"urlTemplate\":\"https:\\\/\\\/www.telaled.com\\\/?s={search_term_string}\"},\"query-input\":{\"@type\":\"PropertyValueSpecification\",\"valueRequired\":true,\"valueName\":\"search_term_string\"}}],\"inLanguage\":\"fr-FR\"}]}<\/script>\n<!-- \/ Yoast SEO plugin. -->","yoast_head_json":{"title":"Tableau d&#039;affichage \u00e9lectronique pour salle de sport, s\u00e9rie TEI | Minuteur num\u00e9rique \u00e0 LED pour le sport et le fitness | \u00c9cran LED","description":"Procurez-vous le tableau d&#039;affichage \u00e9lectronique de la s\u00e9rie TEI avec chronom\u00e8tre, compte \u00e0 rebours et t\u00e9l\u00e9commande sans fil\u00a0; id\u00e9al pour les s\u00e9ances d&#039;entra\u00eenement et les s\u00e9ances d&#039;entra\u00eenement.","robots":{"index":"index","follow":"follow","max-snippet":"max-snippet:-1","max-image-preview":"max-image-preview:large","max-video-preview":"max-video-preview:-1"},"canonical":"https:\/\/www.telaled.com\/fr\/fabrica\/electronic-gym-scoreboard-serie-tei\/","og_locale":"fr_FR","og_type":"article","og_title":"Electronic Gym Scoreboard S\u00e9rie TEI | Temporizador digital LED para esportes e fitness | TELALED","og_description":"Obtenha o Electronic Gym Scoreboard S\u00e9rie TEI com cron\u00f4metro, contagem regressiva e controle remoto sem fio; ideal para treinos e sess\u00f5es de treino.","og_url":"https:\/\/www.telaled.com\/fr\/fabrica\/electronic-gym-scoreboard-serie-tei\/","og_site_name":"TELALED","article_modified_time":"2026-01-07T01:14:05+00:00","og_image":[{"width":500,"height":500,"url":"https:\/\/www.telaled.com\/wp-content\/uploads\/2025\/10\/Electronic-gym-scoreboard.webp","type":"image\/webp"}],"twitter_card":"summary_large_image","twitter_misc":{"Dur\u00e9e de lecture estim\u00e9e":"3 minutes"},"schema":{"@context":"https:\/\/schema.org","@graph":[{"@type":"WebPage","@id":"https:\/\/www.telaled.com\/fabrica\/electronic-gym-scoreboard-serie-tei\/","url":"https:\/\/www.telaled.com\/fabrica\/electronic-gym-scoreboard-serie-tei\/","name":"Tableau d&#039;affichage \u00e9lectronique pour salle de sport, s\u00e9rie TEI | Minuteur num\u00e9rique \u00e0 LED pour le sport et le fitness | \u00c9cran LED","isPartOf":{"@id":"https:\/\/www.telaled.com\/#website"},"primaryImageOfPage":{"@id":"https:\/\/www.telaled.com\/fabrica\/electronic-gym-scoreboard-serie-tei\/#primaryimage"},"image":{"@id":"https:\/\/www.telaled.com\/fabrica\/electronic-gym-scoreboard-serie-tei\/#primaryimage"},"thumbnailUrl":"https:\/\/www.telaled.com\/wp-content\/uploads\/2025\/10\/Electronic-gym-scoreboard.webp","datePublished":"2025-10-09T02:28:13+00:00","dateModified":"2026-01-07T01:14:05+00:00","description":"Procurez-vous le tableau d&#039;affichage \u00e9lectronique de la s\u00e9rie TEI avec chronom\u00e8tre, compte \u00e0 rebours et t\u00e9l\u00e9commande sans fil\u00a0; id\u00e9al pour les s\u00e9ances d&#039;entra\u00eenement et les s\u00e9ances d&#039;entra\u00eenement.","breadcrumb":{"@id":"https:\/\/www.telaled.com\/fabrica\/electronic-gym-scoreboard-serie-tei\/#breadcrumb"},"inLanguage":"fr-FR","potentialAction":[{"@type":"ReadAction","target":["https:\/\/www.telaled.com\/fabrica\/electronic-gym-scoreboard-serie-tei\/"]}]},{"@type":"ImageObject","inLanguage":"fr-FR","@id":"https:\/\/www.telaled.com\/fabrica\/electronic-gym-scoreboard-serie-tei\/#primaryimage","url":"https:\/\/www.telaled.com\/wp-content\/uploads\/2025\/10\/Electronic-gym-scoreboard.webp","contentUrl":"https:\/\/www.telaled.com\/wp-content\/uploads\/2025\/10\/Electronic-gym-scoreboard.webp","width":500,"height":500,"caption":"Electronic-gym-scoreboard"},{"@type":"BreadcrumbList","@id":"https:\/\/www.telaled.com\/fabrica\/electronic-gym-scoreboard-serie-tei\/#breadcrumb","itemListElement":[{"@type":"ListItem","position":1,"name":"Home","item":"https:\/\/www.telaled.com\/"},{"@type":"ListItem","position":2,"name":"Produtos","item":"https:\/\/www.telaled.com\/shop\/"},{"@type":"ListItem","position":3,"name":"Electronic Gym Scoreboard S\u00e9rie TEI"}]},{"@type":"WebSite","@id":"https:\/\/www.telaled.com\/#website","url":"https:\/\/www.telaled.com\/","name":"\u00e9cran LED","description":"","potentialAction":[{"@type":"SearchAction","target":{"@type":"EntryPoint","urlTemplate":"https:\/\/www.telaled.com\/?s={search_term_string}"},"query-input":{"@type":"PropertyValueSpecification","valueRequired":true,"valueName":"search_term_string"}}],"inLanguage":"fr-FR"}]}},"_links":{"self":[{"href":"https:\/\/www.telaled.com\/fr\/wp-json\/wp\/v2\/product\/3928","targetHints":{"allow":["GET"]}}],"collection":[{"href":"https:\/\/www.telaled.com\/fr\/wp-json\/wp\/v2\/product"}],"about":[{"href":"https:\/\/www.telaled.com\/fr\/wp-json\/wp\/v2\/types\/product"}],"wp:featuredmedia":[{"embeddable":true,"href":"https:\/\/www.telaled.com\/fr\/wp-json\/wp\/v2\/media\/3944"}],"wp:attachment":[{"href":"https:\/\/www.telaled.com\/fr\/wp-json\/wp\/v2\/media?parent=3928"}],"wp:term":[{"taxonomy":"product_brand","embeddable":true,"href":"https:\/\/www.telaled.com\/fr\/wp-json\/wp\/v2\/product_brand?post=3928"},{"taxonomy":"product_cat","embeddable":true,"href":"https:\/\/www.telaled.com\/fr\/wp-json\/wp\/v2\/product_cat?post=3928"},{"taxonomy":"product_tag","embeddable":true,"href":"https:\/\/www.telaled.com\/fr\/wp-json\/wp\/v2\/product_tag?post=3928"}],"curies":[{"name":"wp","href":"https:\/\/api.w.org\/{rel}","templated":true}]}}