{"id":3906,"date":"2025-10-08T14:42:58","date_gmt":"2025-10-08T14:42:58","guid":{"rendered":"https:\/\/www.telaled.com\/?post_type=product&#038;p=3906"},"modified":"2026-01-06T09:51:58","modified_gmt":"2026-01-06T09:51:58","slug":"placar-eletronico-de-futebol-serie-tef","status":"publish","type":"product","link":"https:\/\/www.telaled.com\/fr\/fabrica\/placar-eletronico-de-futebol-serie-tef\/","title":{"rendered":"Tableau d&#039;affichage \u00e9lectronique de football S\u00e9rie TEF"},"content":{"rendered":"<div class=\"row\"  id=\"row-1047991601\">\n\n\t<div id=\"col-1473642854\" class=\"col small-12 large-12\"  >\n\t\t\t\t<div class=\"col-inner\"  >\n\t\t\t\n\t\t\t\n<h2><strong>Avantages uniques du tableau d&#039;affichage \u00e9lectronique de football de la s\u00e9rie TEF<\/strong><\/h2>\n<h3><strong>Technologie LED professionnelle<\/strong><\/h3>\n<ul>\n<li>Les LED haute luminosit\u00e9 maintiennent la visibilit\u00e9 m\u00eame en plein soleil.<\/li>\n<li>La conception \u00e9conome en \u00e9nergie permet de longues heures d&#039;utilisation.<\/li>\n<li>Une luminosit\u00e9 constante assure une lecture claire pour les joueurs et les spectateurs.<\/li>\n<\/ul>\n<h3><strong>Syst\u00e8me int\u00e9gr\u00e9 de notation et de chronom\u00e9trage<\/strong><\/h3>\n<ul>\n<li>Combine le chronom\u00e9trage et le suivi des scores dans une seule unit\u00e9 compacte.<\/li>\n<li>Prend en charge le contr\u00f4le manuel ou sans fil pour un fonctionnement flexible.<\/li>\n<li>Id\u00e9al pour les terrains d&#039;\u00e9cole, les complexes sportifs et les jeux de club.<\/li>\n<\/ul>\n<h3><strong>Construction robuste et performances fiables<\/strong><\/h3>\n<ul>\n<li>Structure en alliage d&#039;aluminium r\u00e9sistant aux chocs et \u00e0 la corrosion.<\/li>\n<li>Le syst\u00e8me interne stable emp\u00eache la surchauffe pendant les longues parties.<\/li>\n<li>Con\u00e7u pour un fonctionnement ext\u00e9rieur continu par tous les temps.<\/li>\n<\/ul>\n<h3><strong>Installation flexible<\/strong><\/h3>\n<ul>\n<li>Prend en charge le montage mural, le montage sur tr\u00e9pied ou le placement sur le terrain.<\/li>\n<li>La structure l\u00e9g\u00e8re permet un assemblage et un transport rapides.<\/li>\n<li>Fonctionne parfaitement dans des emplacements permanents et temporaires.<\/li>\n<\/ul>\n<h2><strong>D\u00e9tails du produit<\/strong><\/h2>\n<div class=\"row\"  id=\"row-1616332197\">\n\n\t<div id=\"col-941549979\" class=\"col medium-10 small-12 large-10\"  >\n\t\t\t\t<div class=\"col-inner text-left\"  >\n\t\t\t\n\t\t\t\n<ul>\n<li><strong>Plusieurs modes de notation<\/strong> - Le <strong>Tableau d&#039;affichage \u00e9lectronique de football S\u00e9rie TEF<\/strong> Il soutient divers sports, notamment <a href=\"https:\/\/www.telaled.com\/fr\/fabrica\/placar-eletronico-para-basquete-serie-tee\/\">basket-ball<\/a>, football, <a href=\"https:\/\/www.telaled.com\/fr\/fabrica\/placar-eletronico-para-volei-serie-teb\/\">volley-ball<\/a> et <a href=\"https:\/\/www.telaled.com\/fr\/fabrica\/placar-eletronico-para-badminton-serie-ted\/\">badminton<\/a>. Sa programmation polyvalente en fait un outil id\u00e9al pour les \u00e9coles., <a href=\"https:\/\/www.telaled.com\/fr\/cronometro-academia\/\">salles de sport<\/a> et des installations sportives qui accueillent diff\u00e9rents sports.<\/li>\n<\/ul>\n\t<div class=\"img has-hover x md-x lg-x y md-y lg-y\" id=\"image_1772716114\">\n\t\t\t\t\t\t\t\t<div class=\"img-inner dark\" >\n\t\t\t<img loading=\"lazy\" decoding=\"async\" width=\"648\" height=\"1024\" src=\"https:\/\/www.telaled.com\/wp-content\/uploads\/2025\/10\/Multi-scoring-modes-648x1024.webp\" class=\"attachment-large size-large\" alt=\"Plusieurs modes de notation\" srcset=\"https:\/\/www.telaled.com\/wp-content\/uploads\/2025\/10\/Multi-scoring-modes-648x1024.webp 648w, https:\/\/www.telaled.com\/wp-content\/uploads\/2025\/10\/Multi-scoring-modes-190x300.webp 190w, https:\/\/www.telaled.com\/wp-content\/uploads\/2025\/10\/Multi-scoring-modes-768x1214.webp 768w, https:\/\/www.telaled.com\/wp-content\/uploads\/2025\/10\/Multi-scoring-modes-8x12.webp 8w, https:\/\/www.telaled.com\/wp-content\/uploads\/2025\/10\/Multi-scoring-modes-600x949.webp 600w, https:\/\/www.telaled.com\/wp-content\/uploads\/2025\/10\/Multi-scoring-modes.webp 790w\" sizes=\"auto, (max-width: 648px) 100vw, 648px\" \/>\t\t\t\t\t\t\n\t\t\t\t\t<\/div>\n\t\t\t\t\t\t\t\t\n<style>\n#image_1772716114 {\n  width: 80%;\n}\n<\/style>\n\t<\/div>\n\t\n<ul>\n<li><strong>Conception multifonctionnelle<\/strong> Ce tableau d&#039;affichage portable est \u00e9quip\u00e9 d&#039;un buzzer int\u00e9gr\u00e9, d&#039;un interrupteur, d&#039;un port de connexion pour console, d&#039;une interface d&#039;antenne et d&#039;un support extensible pour une installation facile. Chaque composant optimise la convivialit\u00e9, garantissant un fonctionnement fluide et fiable dans tous les environnements.<\/li>\n<\/ul>\n\t<div class=\"img has-hover x md-x lg-x y md-y lg-y\" id=\"image_2139844344\">\n\t\t\t\t\t\t\t\t<div class=\"img-inner dark\" >\n\t\t\t<img loading=\"lazy\" decoding=\"async\" width=\"790\" height=\"1646\" src=\"https:\/\/www.telaled.com\/wp-content\/uploads\/2025\/10\/Function.webp\" class=\"attachment-original size-original\" alt=\"Tableau d&#039;affichage \u00e9lectronique de football, s\u00e9rie TEF\" srcset=\"https:\/\/www.telaled.com\/wp-content\/uploads\/2025\/10\/Function.webp 790w, https:\/\/www.telaled.com\/wp-content\/uploads\/2025\/10\/Function-144x300.webp 144w, https:\/\/www.telaled.com\/wp-content\/uploads\/2025\/10\/Function-491x1024.webp 491w, https:\/\/www.telaled.com\/wp-content\/uploads\/2025\/10\/Function-768x1600.webp 768w, https:\/\/www.telaled.com\/wp-content\/uploads\/2025\/10\/Function-737x1536.webp 737w, https:\/\/www.telaled.com\/wp-content\/uploads\/2025\/10\/Function-6x12.webp 6w, https:\/\/www.telaled.com\/wp-content\/uploads\/2025\/10\/Function-600x1250.webp 600w\" sizes=\"auto, (max-width: 790px) 100vw, 790px\" \/>\t\t\t\t\t\t\n\t\t\t\t\t<\/div>\n\t\t\t\t\t\t\t\t\n<style>\n#image_2139844344 {\n  width: 79%;\n}\n<\/style>\n\t<\/div>\n\t\n<ul>\n<li><strong>Avec console de contr\u00f4le<\/strong> \u2013 La console de commande multifonctionnelle est dot\u00e9e d&#039;un \u00e9cran clair et d&#039;une batterie rechargeable int\u00e9gr\u00e9e. Elle offre une utilisation simple, une transmission du signal stable et un contr\u00f4le longue distance, offrant aux utilisateurs un contr\u00f4le total pendant le jeu.<\/li>\n<\/ul>\n\t<div class=\"img has-hover x md-x lg-x y md-y lg-y\" id=\"image_2029997136\">\n\t\t\t\t\t\t\t\t<div class=\"img-inner dark\" >\n\t\t\t<img loading=\"lazy\" decoding=\"async\" width=\"790\" height=\"926\" src=\"https:\/\/www.telaled.com\/wp-content\/uploads\/2025\/10\/Control-Console.webp\" class=\"attachment-large size-large\" alt=\"\" srcset=\"https:\/\/www.telaled.com\/wp-content\/uploads\/2025\/10\/Control-Console.webp 790w, https:\/\/www.telaled.com\/wp-content\/uploads\/2025\/10\/Control-Console-256x300.webp 256w, https:\/\/www.telaled.com\/wp-content\/uploads\/2025\/10\/Control-Console-768x900.webp 768w, https:\/\/www.telaled.com\/wp-content\/uploads\/2025\/10\/Control-Console-10x12.webp 10w, https:\/\/www.telaled.com\/wp-content\/uploads\/2025\/10\/Control-Console-600x703.webp 600w\" sizes=\"auto, (max-width: 790px) 100vw, 790px\" \/>\t\t\t\t\t\t\n\t\t\t\t\t<\/div>\n\t\t\t\t\t\t\t\t\n<style>\n#image_2029997136 {\n  width: 80%;\n}\n<\/style>\n\t<\/div>\n\t\n<ul>\n<li><strong>Taille compacte et positionnement facile<\/strong> - Le <strong>Tableau d&#039;affichage \u00e9lectronique de football S\u00e9rie TEF<\/strong> Le moniteur mesure 592 mm x 374 mm, tandis que la console de commande mesure 275 mm x 170 mm. L\u00e9gers et compacts, ces deux appareils sont faciles \u00e0 transporter, \u00e0 ranger et \u00e0 installer sur le terrain.<\/li>\n<\/ul>\n\t<div class=\"img has-hover x md-x lg-x y md-y lg-y\" id=\"image_1978430606\">\n\t\t\t\t\t\t\t\t<div class=\"img-inner dark\" >\n\t\t\t<img loading=\"lazy\" decoding=\"async\" width=\"790\" height=\"814\" src=\"https:\/\/www.telaled.com\/wp-content\/uploads\/2025\/10\/Size.webp\" class=\"attachment-large size-large\" alt=\"\" srcset=\"https:\/\/www.telaled.com\/wp-content\/uploads\/2025\/10\/Size.webp 790w, https:\/\/www.telaled.com\/wp-content\/uploads\/2025\/10\/Size-291x300.webp 291w, https:\/\/www.telaled.com\/wp-content\/uploads\/2025\/10\/Size-768x791.webp 768w, https:\/\/www.telaled.com\/wp-content\/uploads\/2025\/10\/Size-12x12.webp 12w, https:\/\/www.telaled.com\/wp-content\/uploads\/2025\/10\/Size-600x618.webp 600w\" sizes=\"auto, (max-width: 790px) 100vw, 790px\" \/>\t\t\t\t\t\t\n\t\t\t\t\t<\/div>\n\t\t\t\t\t\t\t\t\n<style>\n#image_1978430606 {\n  width: 80%;\n}\n<\/style>\n\t<\/div>\n\t\n<ul>\n<li>LE <strong>Tableau d&#039;affichage \u00e9lectronique de football S\u00e9rie TEF<\/strong>\u00a0Il est emball\u00e9 dans de solides caisses en bois, renforc\u00e9es pour r\u00e9sister aux longs transports. Chaque unit\u00e9 est solidement fix\u00e9e pour la prot\u00e9ger des dommages caus\u00e9s par les nuisibles et les chocs, garantissant ainsi une livraison en parfait \u00e9tat et pr\u00eate \u00e0 l&#039;emploi.<\/li>\n<\/ul>\n\t<div class=\"img has-hover x md-x lg-x y md-y lg-y\" id=\"image_942828027\">\n\t\t\t\t\t\t\t\t<div class=\"img-inner dark\" >\n\t\t\t<img loading=\"lazy\" decoding=\"async\" width=\"760\" height=\"1024\" src=\"https:\/\/www.telaled.com\/wp-content\/uploads\/2025\/08\/36123f2c-de60-488d-af81-255cd4aee54a-760x1024.webp\" class=\"attachment-large size-large\" alt=\"\" srcset=\"https:\/\/www.telaled.com\/wp-content\/uploads\/2025\/08\/36123f2c-de60-488d-af81-255cd4aee54a-760x1024.webp 760w, https:\/\/www.telaled.com\/wp-content\/uploads\/2025\/08\/36123f2c-de60-488d-af81-255cd4aee54a-223x300.webp 223w, https:\/\/www.telaled.com\/wp-content\/uploads\/2025\/08\/36123f2c-de60-488d-af81-255cd4aee54a-768x1035.webp 768w, https:\/\/www.telaled.com\/wp-content\/uploads\/2025\/08\/36123f2c-de60-488d-af81-255cd4aee54a-9x12.webp 9w, https:\/\/www.telaled.com\/wp-content\/uploads\/2025\/08\/36123f2c-de60-488d-af81-255cd4aee54a-600x808.webp 600w, https:\/\/www.telaled.com\/wp-content\/uploads\/2025\/08\/36123f2c-de60-488d-af81-255cd4aee54a.webp 795w\" sizes=\"auto, (max-width: 760px) 100vw, 760px\" \/>\t\t\t\t\t\t\n\t\t\t\t\t<\/div>\n\t\t\t\t\t\t\t\t\n<style>\n#image_942828027 {\n  width: 80%;\n}\n<\/style>\n\t<\/div>\n\t\n\n<table id=\"tablepress-101\" class=\"tablepress tablepress-id-101\">\n<thead>\n<tr class=\"row-1\">\n\t<th colspan=\"4\" class=\"column-1\">Principaux attributs<\/th>\n<\/tr>\n<\/thead>\n<tbody class=\"row-striping row-hover\">\n<tr class=\"row-2\">\n\t<td class=\"column-1\">Mat\u00e9riel<\/td><td class=\"column-2\">ABS<\/td><td class=\"column-3\"><\/td><td class=\"column-4\"><\/td>\n<\/tr>\n<tr class=\"row-3\">\n\t<td class=\"column-1\">Taille du panneau<\/td><td class=\"column-2\">59,2*37,4 cm<\/td><td class=\"column-3\"><\/td><td class=\"column-4\"><\/td>\n<\/tr>\n<tr class=\"row-4\">\n\t<td class=\"column-1\">Contr\u00f4le<\/td><td class=\"column-2\">Console<\/td><td class=\"column-3\"><\/td><td class=\"column-4\"><\/td>\n<\/tr>\n<tr class=\"row-5\">\n\t<td class=\"column-1\">Tension de sortie<\/td><td class=\"column-2\">12,6 V 1 A<\/td><td class=\"column-3\"><\/td><td class=\"column-4\"><\/td>\n<\/tr>\n<tr class=\"row-6\">\n\t<td class=\"column-1\">Distance visible<\/td><td class=\"column-2\">&lt;50 m<\/td><td class=\"column-3\"><\/td><td class=\"column-4\"><\/td>\n<\/tr>\n<tr class=\"row-7\">\n\t<td class=\"column-1\">Mat\u00e9riau du cadre<\/td><td class=\"column-2\">ABS<\/td><td class=\"column-3\"><\/td><td class=\"column-4\"><\/td>\n<\/tr>\n<tr class=\"row-8\">\n\t<td class=\"column-1\">Tension d&#039;entr\u00e9e<\/td><td class=\"column-2\">100-240 VCA 50\/60 Hz<\/td><td class=\"column-3\"><\/td><td class=\"column-4\"><\/td>\n<\/tr>\n<tr class=\"row-9\">\n\t<td class=\"column-1\">Pouvoir<\/td><td class=\"column-2\">&lt;7W<\/td><td class=\"column-3\"><\/td><td class=\"column-4\"><\/td>\n<\/tr>\n<\/tbody>\n<\/table>\n<!-- #tablepress-101 from cache -->\n\t\t<\/div>\n\t\t\t\t\t<\/div>\n\n\t\n<\/div>\n\t\t<\/div>\n\t\t\t\t\t<\/div>\n\n\t\n<\/div>","protected":false},"excerpt":{"rendered":"<p><strong> Tableau d&#039;affichage \u00e9lectronique de football S\u00e9rie TEF \u2013 Chronom\u00e9trage pr\u00e9cis pour chaque match<\/strong><\/p>\n<p>LE <em><strong>Tableau d&#039;affichage \u00e9lectronique de football S\u00e9rie TEF<\/strong><\/em> Offre un chronom\u00e9trage et un score pr\u00e9cis sur un seul \u00e9cran moderne. Con\u00e7u pour les entra\u00eenements et les matchs officiels, il garantit une visibilit\u00e9 optimale sur le terrain de chaque but, seconde et score.<\/p>\n<p><strong>4 avantages principaux :<\/strong><\/p>\n<ul>\n<li><strong>Timing de jeu pr\u00e9cis<\/strong> \u2013 Suivi pr\u00e9cis de la dur\u00e9e du match, aidant les arbitres et les joueurs \u00e0 respecter le calendrier.<\/li>\n<li><strong>Affichage haute visibilit\u00e9<\/strong> \u2013 Utilise des chiffres LED lumineux pour une visualisation claire sous n\u2019importe quel angle ou distance.<\/li>\n<li><strong>Durable pour une utilisation en ext\u00e9rieur<\/strong> \u2013 Construit avec des mat\u00e9riaux r\u00e9sistants aux intemp\u00e9ries pour faire face \u00e0 toutes les conditions de terrain.<\/li>\n<li><strong>Utilisation facile<\/strong> \u2013 Des commandes simples permettent aux utilisateurs de d\u00e9marrer, de mettre en pause et de red\u00e9marrer le chronom\u00e9trage sans d\u00e9lai.<\/li>\n<\/ul>\n<p><span style=\"font-weight: 400;\">Notre \u00e9quipe offre une assistance \u00e0 distance 24h\/24 et 7j\/7 et une garantie de 3 ans. Contactez-nous d\u00e8s aujourd&#039;hui pour un devis personnalis\u00e9.<\/span><\/p>","protected":false},"featured_media":3918,"template":"","meta":[],"product_brand":[],"product_cat":[48,40,44,46],"product_tag":[],"class_list":{"0":"post-3906","1":"product","2":"type-product","3":"status-publish","4":"has-post-thumbnail","6":"product_cat-paineis-personalizados","7":"product_cat-painel-de-led","8":"product_cat-painel-de-led-flexivel","9":"product_cat-painel-de-video","11":"first","12":"instock","13":"shipping-taxable","14":"product-type-simple"},"yoast_head":"<!-- This site is optimized with the Yoast SEO plugin v27.5 - https:\/\/yoast.com\/product\/yoast-seo-wordpress\/ -->\n<title>Placar Eletronico de Futebol S\u00e9rie TEF | TELALED<\/title>\n<meta name=\"description\" content=\"Placar Eletronico de Futebol S\u00e9rie TEF: um placar LED profissional com cronometragem precisa e exibi\u00e7\u00e3o de pontua\u00e7\u00e3o clara. Encomende agora!\" \/>\n<meta name=\"robots\" content=\"index, follow, max-snippet:-1, max-image-preview:large, max-video-preview:-1\" \/>\n<link rel=\"canonical\" href=\"https:\/\/www.telaled.com\/fr\/fabrica\/placar-eletronico-de-futebol-serie-tef\/\" \/>\n<meta property=\"og:locale\" content=\"fr_FR\" \/>\n<meta property=\"og:type\" content=\"article\" \/>\n<meta property=\"og:title\" content=\"Placar Eletronico de Futebol S\u00e9rie TEF | TELALED\" \/>\n<meta property=\"og:description\" content=\"Placar Eletronico de Futebol S\u00e9rie TEF: um placar LED profissional com cronometragem precisa e exibi\u00e7\u00e3o de pontua\u00e7\u00e3o clara. Encomende agora!\" \/>\n<meta property=\"og:url\" content=\"https:\/\/www.telaled.com\/fr\/fabrica\/placar-eletronico-de-futebol-serie-tef\/\" \/>\n<meta property=\"og:site_name\" content=\"TELALED\" \/>\n<meta property=\"article:modified_time\" content=\"2026-01-06T09:51:58+00:00\" \/>\n<meta property=\"og:image\" content=\"https:\/\/www.telaled.com\/wp-content\/uploads\/2025\/10\/Placar-eletronico-de-futebol.webp\" \/>\n\t<meta property=\"og:image:width\" content=\"500\" \/>\n\t<meta property=\"og:image:height\" content=\"500\" \/>\n\t<meta property=\"og:image:type\" content=\"image\/webp\" \/>\n<meta name=\"twitter:card\" content=\"summary_large_image\" \/>\n<meta name=\"twitter:label1\" content=\"Dur\u00e9e de lecture estim\u00e9e\" \/>\n\t<meta name=\"twitter:data1\" content=\"3 minutes\" \/>\n<script type=\"application\/ld+json\" class=\"yoast-schema-graph\">{\"@context\":\"https:\\\/\\\/schema.org\",\"@graph\":[{\"@type\":\"WebPage\",\"@id\":\"https:\\\/\\\/www.telaled.com\\\/fabrica\\\/placar-eletronico-de-futebol-serie-tef\\\/\",\"url\":\"https:\\\/\\\/www.telaled.com\\\/fabrica\\\/placar-eletronico-de-futebol-serie-tef\\\/\",\"name\":\"Placar Eletronico de Futebol S\u00e9rie TEF | TELALED\",\"isPartOf\":{\"@id\":\"https:\\\/\\\/www.telaled.com\\\/#website\"},\"primaryImageOfPage\":{\"@id\":\"https:\\\/\\\/www.telaled.com\\\/fabrica\\\/placar-eletronico-de-futebol-serie-tef\\\/#primaryimage\"},\"image\":{\"@id\":\"https:\\\/\\\/www.telaled.com\\\/fabrica\\\/placar-eletronico-de-futebol-serie-tef\\\/#primaryimage\"},\"thumbnailUrl\":\"https:\\\/\\\/www.telaled.com\\\/wp-content\\\/uploads\\\/2025\\\/10\\\/Placar-eletronico-de-futebol.webp\",\"datePublished\":\"2025-10-08T14:42:58+00:00\",\"dateModified\":\"2026-01-06T09:51:58+00:00\",\"description\":\"Placar Eletronico de Futebol S\u00e9rie TEF: um placar LED profissional com cronometragem precisa e exibi\u00e7\u00e3o de pontua\u00e7\u00e3o clara. Encomende agora!\",\"breadcrumb\":{\"@id\":\"https:\\\/\\\/www.telaled.com\\\/fabrica\\\/placar-eletronico-de-futebol-serie-tef\\\/#breadcrumb\"},\"inLanguage\":\"fr-FR\",\"potentialAction\":[{\"@type\":\"ReadAction\",\"target\":[\"https:\\\/\\\/www.telaled.com\\\/fabrica\\\/placar-eletronico-de-futebol-serie-tef\\\/\"]}]},{\"@type\":\"ImageObject\",\"inLanguage\":\"fr-FR\",\"@id\":\"https:\\\/\\\/www.telaled.com\\\/fabrica\\\/placar-eletronico-de-futebol-serie-tef\\\/#primaryimage\",\"url\":\"https:\\\/\\\/www.telaled.com\\\/wp-content\\\/uploads\\\/2025\\\/10\\\/Placar-eletronico-de-futebol.webp\",\"contentUrl\":\"https:\\\/\\\/www.telaled.com\\\/wp-content\\\/uploads\\\/2025\\\/10\\\/Placar-eletronico-de-futebol.webp\",\"width\":500,\"height\":500,\"caption\":\"Placar eletronico de futebol\"},{\"@type\":\"BreadcrumbList\",\"@id\":\"https:\\\/\\\/www.telaled.com\\\/fabrica\\\/placar-eletronico-de-futebol-serie-tef\\\/#breadcrumb\",\"itemListElement\":[{\"@type\":\"ListItem\",\"position\":1,\"name\":\"Home\",\"item\":\"https:\\\/\\\/www.telaled.com\\\/\"},{\"@type\":\"ListItem\",\"position\":2,\"name\":\"Produtos\",\"item\":\"https:\\\/\\\/www.telaled.com\\\/shop\\\/\"},{\"@type\":\"ListItem\",\"position\":3,\"name\":\"Placar Eletronico de Futebol S\u00e9rie TEF\"}]},{\"@type\":\"WebSite\",\"@id\":\"https:\\\/\\\/www.telaled.com\\\/#website\",\"url\":\"https:\\\/\\\/www.telaled.com\\\/\",\"name\":\"TELALED\",\"description\":\"\",\"potentialAction\":[{\"@type\":\"SearchAction\",\"target\":{\"@type\":\"EntryPoint\",\"urlTemplate\":\"https:\\\/\\\/www.telaled.com\\\/?s={search_term_string}\"},\"query-input\":{\"@type\":\"PropertyValueSpecification\",\"valueRequired\":true,\"valueName\":\"search_term_string\"}}],\"inLanguage\":\"fr-FR\"}]}<\/script>\n<!-- \/ Yoast SEO plugin. -->","yoast_head_json":{"title":"Tableau d&#039;affichage \u00e9lectronique de football s\u00e9rie TEF | TELALED","description":"Tableau d&#039;affichage \u00e9lectronique de football s\u00e9rie TEF\u00a0: un tableau d&#039;affichage LED professionnel avec chronom\u00e9trage pr\u00e9cis et affichage clair du score. Commandez d\u00e8s maintenant\u00a0!","robots":{"index":"index","follow":"follow","max-snippet":"max-snippet:-1","max-image-preview":"max-image-preview:large","max-video-preview":"max-video-preview:-1"},"canonical":"https:\/\/www.telaled.com\/fr\/fabrica\/placar-eletronico-de-futebol-serie-tef\/","og_locale":"fr_FR","og_type":"article","og_title":"Placar Eletronico de Futebol S\u00e9rie TEF | TELALED","og_description":"Placar Eletronico de Futebol S\u00e9rie TEF: um placar LED profissional com cronometragem precisa e exibi\u00e7\u00e3o de pontua\u00e7\u00e3o clara. Encomende agora!","og_url":"https:\/\/www.telaled.com\/fr\/fabrica\/placar-eletronico-de-futebol-serie-tef\/","og_site_name":"TELALED","article_modified_time":"2026-01-06T09:51:58+00:00","og_image":[{"width":500,"height":500,"url":"https:\/\/www.telaled.com\/wp-content\/uploads\/2025\/10\/Placar-eletronico-de-futebol.webp","type":"image\/webp"}],"twitter_card":"summary_large_image","twitter_misc":{"Dur\u00e9e de lecture estim\u00e9e":"3 minutes"},"schema":{"@context":"https:\/\/schema.org","@graph":[{"@type":"WebPage","@id":"https:\/\/www.telaled.com\/fabrica\/placar-eletronico-de-futebol-serie-tef\/","url":"https:\/\/www.telaled.com\/fabrica\/placar-eletronico-de-futebol-serie-tef\/","name":"Tableau d&#039;affichage \u00e9lectronique de football s\u00e9rie TEF | TELALED","isPartOf":{"@id":"https:\/\/www.telaled.com\/#website"},"primaryImageOfPage":{"@id":"https:\/\/www.telaled.com\/fabrica\/placar-eletronico-de-futebol-serie-tef\/#primaryimage"},"image":{"@id":"https:\/\/www.telaled.com\/fabrica\/placar-eletronico-de-futebol-serie-tef\/#primaryimage"},"thumbnailUrl":"https:\/\/www.telaled.com\/wp-content\/uploads\/2025\/10\/Placar-eletronico-de-futebol.webp","datePublished":"2025-10-08T14:42:58+00:00","dateModified":"2026-01-06T09:51:58+00:00","description":"Tableau d&#039;affichage \u00e9lectronique de football s\u00e9rie TEF\u00a0: un tableau d&#039;affichage LED professionnel avec chronom\u00e9trage pr\u00e9cis et affichage clair du score. Commandez d\u00e8s maintenant\u00a0!","breadcrumb":{"@id":"https:\/\/www.telaled.com\/fabrica\/placar-eletronico-de-futebol-serie-tef\/#breadcrumb"},"inLanguage":"fr-FR","potentialAction":[{"@type":"ReadAction","target":["https:\/\/www.telaled.com\/fabrica\/placar-eletronico-de-futebol-serie-tef\/"]}]},{"@type":"ImageObject","inLanguage":"fr-FR","@id":"https:\/\/www.telaled.com\/fabrica\/placar-eletronico-de-futebol-serie-tef\/#primaryimage","url":"https:\/\/www.telaled.com\/wp-content\/uploads\/2025\/10\/Placar-eletronico-de-futebol.webp","contentUrl":"https:\/\/www.telaled.com\/wp-content\/uploads\/2025\/10\/Placar-eletronico-de-futebol.webp","width":500,"height":500,"caption":"Placar eletronico de futebol"},{"@type":"BreadcrumbList","@id":"https:\/\/www.telaled.com\/fabrica\/placar-eletronico-de-futebol-serie-tef\/#breadcrumb","itemListElement":[{"@type":"ListItem","position":1,"name":"Home","item":"https:\/\/www.telaled.com\/"},{"@type":"ListItem","position":2,"name":"Produtos","item":"https:\/\/www.telaled.com\/shop\/"},{"@type":"ListItem","position":3,"name":"Placar Eletronico de Futebol S\u00e9rie TEF"}]},{"@type":"WebSite","@id":"https:\/\/www.telaled.com\/#website","url":"https:\/\/www.telaled.com\/","name":"\u00e9cran LED","description":"","potentialAction":[{"@type":"SearchAction","target":{"@type":"EntryPoint","urlTemplate":"https:\/\/www.telaled.com\/?s={search_term_string}"},"query-input":{"@type":"PropertyValueSpecification","valueRequired":true,"valueName":"search_term_string"}}],"inLanguage":"fr-FR"}]}},"_links":{"self":[{"href":"https:\/\/www.telaled.com\/fr\/wp-json\/wp\/v2\/product\/3906","targetHints":{"allow":["GET"]}}],"collection":[{"href":"https:\/\/www.telaled.com\/fr\/wp-json\/wp\/v2\/product"}],"about":[{"href":"https:\/\/www.telaled.com\/fr\/wp-json\/wp\/v2\/types\/product"}],"wp:featuredmedia":[{"embeddable":true,"href":"https:\/\/www.telaled.com\/fr\/wp-json\/wp\/v2\/media\/3918"}],"wp:attachment":[{"href":"https:\/\/www.telaled.com\/fr\/wp-json\/wp\/v2\/media?parent=3906"}],"wp:term":[{"taxonomy":"product_brand","embeddable":true,"href":"https:\/\/www.telaled.com\/fr\/wp-json\/wp\/v2\/product_brand?post=3906"},{"taxonomy":"product_cat","embeddable":true,"href":"https:\/\/www.telaled.com\/fr\/wp-json\/wp\/v2\/product_cat?post=3906"},{"taxonomy":"product_tag","embeddable":true,"href":"https:\/\/www.telaled.com\/fr\/wp-json\/wp\/v2\/product_tag?post=3906"}],"curies":[{"name":"wp","href":"https:\/\/api.w.org\/{rel}","templated":true}]}}