{"id":3843,"date":"2025-10-07T12:59:53","date_gmt":"2025-10-07T12:59:53","guid":{"rendered":"https:\/\/www.telaled.com\/?post_type=product&#038;p=3843"},"modified":"2026-01-07T02:11:30","modified_gmt":"2026-01-07T02:11:30","slug":"bus-led-display-serie-tcs","status":"publish","type":"product","link":"https:\/\/www.telaled.com\/fr\/fabrica\/bus-led-display-serie-tcs\/","title":{"rendered":"Affichage LED pour bus s\u00e9rie TCS"},"content":{"rendered":"<div class=\"row\"  id=\"row-1488765234\">\n\n\t<div id=\"col-2013962850\" class=\"col small-12 large-12\"  >\n\t\t\t\t<div class=\"col-inner\"  >\n\t\t\t\n\t\t\t\n<h2><strong>Avantages exclusifs de l&#039;affichage LED de bus de la s\u00e9rie TCS<\/strong><\/h2>\n<h3><strong>Conception ext\u00e9rieure durable<\/strong><\/h3>\n<ul>\n<li>Construit avec un bo\u00eetier \u00e9tanche et anti-poussi\u00e8re pour une utilisation ext\u00e9rieure \u00e0 long terme.<\/li>\n<li>R\u00e9sistant aux vibrations et aux variations de temp\u00e9rature pendant le voyage.<\/li>\n<li>Assure des performances constantes dans toutes les conditions m\u00e9t\u00e9orologiques.<\/li>\n<\/ul>\n<h3><strong>Syst\u00e8me de contr\u00f4le avanc\u00e9<\/strong><\/h3>\n<ul>\n<li>Prend en charge les mises \u00e0 jour GPS et sans fil pour l&#039;affichage automatique de l&#039;itin\u00e9raire.<\/li>\n<li>Permet la gestion de contenu \u00e0 distance pour la synchronisation \u00e0 l&#039;\u00e9chelle de la flotte.<\/li>\n<li>Prend en charge plusieurs formats d&#039;entr\u00e9e de donn\u00e9es pour une int\u00e9gration facile.<\/li>\n<\/ul>\n<h3><strong>Haute luminosit\u00e9 et clart\u00e9<\/strong><\/h3>\n<ul>\n<li>Utilise des modules LED haut de gamme pour une visibilit\u00e9 claire dans toutes les conditions d&#039;\u00e9clairage.<\/li>\n<li>La luminosit\u00e9 r\u00e9glable s&#039;adapte aux environnements de jour et de nuit.<\/li>\n<li>Un texte net et un d\u00e9filement fluide am\u00e9liorent la lisibilit\u00e9 pour les passagers.<\/li>\n<\/ul>\n<h3><strong>Options d&#039;installation flexibles<\/strong><\/h3>\n<ul>\n<li>Il peut \u00eatre mont\u00e9 \u00e0 l&#039;avant, \u00e0 l&#039;arri\u00e8re ou sur les c\u00f4t\u00e9s du bus.<\/li>\n<li>La conception compacte s&#039;adapte \u00e0 diff\u00e9rents mod\u00e8les et configurations de v\u00e9hicules.<\/li>\n<li>Un processus d&#039;installation et de maintenance simple r\u00e9duit les temps d&#039;arr\u00eat<\/li>\n<\/ul>\n<h2>D\u00e9tails du produit<\/h2>\n<div class=\"row\"  id=\"row-891762682\">\n\n\t<div id=\"col-295668805\" class=\"col medium-10 small-12 large-10\"  >\n\t\t\t\t<div class=\"col-inner text-left\"  >\n\t\t\t\n\t\t\t\n<ul>\n<li style=\"font-weight: 400;\" aria-level=\"1\"><strong>Longue dur\u00e9e de vie et int\u00e9gration intelligente<\/strong> \u2013 Construit avec des modules de matrice de points LED de haute qualit\u00e9, le <strong>Affichage LED pour bus s\u00e9rie TCS<\/strong> Sa dur\u00e9e de vie peut atteindre 100\u00a0000 heures. Il peut \u00eatre connect\u00e9 \u00e0 un syst\u00e8me de r\u00e9partition intelligent pour afficher des informations externes et m\u00eame ins\u00e9rer des annonces commerciales ou d&#039;int\u00e9r\u00eat public pour des fonctionnalit\u00e9s am\u00e9lior\u00e9es.<\/li>\n<\/ul>\n\t<div class=\"img has-hover x md-x lg-x y md-y lg-y\" id=\"image_344665230\">\n\t\t\t\t\t\t\t\t<div class=\"img-inner dark\" >\n\t\t\t<img loading=\"lazy\" decoding=\"async\" width=\"500\" height=\"500\" src=\"https:\/\/www.telaled.com\/wp-content\/uploads\/2025\/10\/Frente-Bus-LED-Display.webp\" class=\"attachment-large size-large\" alt=\"Affichage LED du bus avant\" srcset=\"https:\/\/www.telaled.com\/wp-content\/uploads\/2025\/10\/Frente-Bus-LED-Display.webp 500w, https:\/\/www.telaled.com\/wp-content\/uploads\/2025\/10\/Frente-Bus-LED-Display-300x300.webp 300w, https:\/\/www.telaled.com\/wp-content\/uploads\/2025\/10\/Frente-Bus-LED-Display-150x150.webp 150w, https:\/\/www.telaled.com\/wp-content\/uploads\/2025\/10\/Frente-Bus-LED-Display-12x12.webp 12w, https:\/\/www.telaled.com\/wp-content\/uploads\/2025\/10\/Frente-Bus-LED-Display-100x100.webp 100w\" sizes=\"auto, (max-width: 500px) 100vw, 500px\" \/>\t\t\t\t\t\t\n\t\t\t\t\t<\/div>\n\t\t\t\t\t\t\t\t\n<style>\n#image_344665230 {\n  width: 80%;\n}\n<\/style>\n\t<\/div>\n\t\n<ul>\n<li><strong>Affichage de l&#039;itin\u00e9raire en temps r\u00e9el<\/strong> \u2013 Le syst\u00e8me affiche clairement les lignes de bus, les noms des itin\u00e9raires et les informations de destination. Il se connecte en temps r\u00e9el au syst\u00e8me de contr\u00f4le int\u00e9gr\u00e9 du v\u00e9hicule et prend en charge les mises \u00e0 jour \u00e0 distance, permettant ainsi des modifications instantan\u00e9es des informations pendant vos d\u00e9placements.<\/li>\n<\/ul>\n\t<div class=\"img has-hover x md-x lg-x y md-y lg-y\" id=\"image_377706779\">\n\t\t\t\t\t\t\t\t<div class=\"img-inner dark\" >\n\t\t\t<img loading=\"lazy\" decoding=\"async\" width=\"2000\" height=\"1333\" src=\"https:\/\/www.telaled.com\/wp-content\/uploads\/2025\/10\/Bus-LED-Display-Details.webp\" class=\"attachment-original size-original\" alt=\"\" srcset=\"https:\/\/www.telaled.com\/wp-content\/uploads\/2025\/10\/Bus-LED-Display-Details.webp 2000w, https:\/\/www.telaled.com\/wp-content\/uploads\/2025\/10\/Bus-LED-Display-Details-300x200.webp 300w, https:\/\/www.telaled.com\/wp-content\/uploads\/2025\/10\/Bus-LED-Display-Details-1024x682.webp 1024w, https:\/\/www.telaled.com\/wp-content\/uploads\/2025\/10\/Bus-LED-Display-Details-768x512.webp 768w, https:\/\/www.telaled.com\/wp-content\/uploads\/2025\/10\/Bus-LED-Display-Details-1536x1024.webp 1536w, https:\/\/www.telaled.com\/wp-content\/uploads\/2025\/10\/Bus-LED-Display-Details-18x12.webp 18w, https:\/\/www.telaled.com\/wp-content\/uploads\/2025\/10\/Bus-LED-Display-Details-600x400.webp 600w\" sizes=\"auto, (max-width: 2000px) 100vw, 2000px\" \/>\t\t\t\t\t\t\n\t\t\t\t\t<\/div>\n\t\t\t\t\t\t\t\t\n<style>\n#image_377706779 {\n  width: 80%;\n}\n<\/style>\n\t<\/div>\n\t\n<ul>\n<li><strong>\u00c9cran haute r\u00e9solution<\/strong> Avec une r\u00e9solution de 144 x 16 pixels et une surface d&#039;affichage de 684 x 76 mm, l&#039;\u00e9cran affiche un texte net et lisible, ainsi qu&#039;un d\u00e9filement fluide. Son \u00e9clairage LED lumineux assure une visibilit\u00e9 optimale m\u00eame en plein soleil, am\u00e9liorant ainsi la lisibilit\u00e9 pour les passagers.<\/li>\n<\/ul>\n\t<div class=\"img has-hover x md-x lg-x y md-y lg-y\" id=\"image_233466154\">\n\t\t\t\t\t\t\t\t<div class=\"img-inner dark\" >\n\t\t\t<img loading=\"lazy\" decoding=\"async\" width=\"500\" height=\"500\" src=\"https:\/\/www.telaled.com\/wp-content\/uploads\/2025\/10\/Bus-LED-Display-Details-3.webp\" class=\"attachment-large size-large\" alt=\"\" srcset=\"https:\/\/www.telaled.com\/wp-content\/uploads\/2025\/10\/Bus-LED-Display-Details-3.webp 500w, https:\/\/www.telaled.com\/wp-content\/uploads\/2025\/10\/Bus-LED-Display-Details-3-300x300.webp 300w, https:\/\/www.telaled.com\/wp-content\/uploads\/2025\/10\/Bus-LED-Display-Details-3-150x150.webp 150w, https:\/\/www.telaled.com\/wp-content\/uploads\/2025\/10\/Bus-LED-Display-Details-3-12x12.webp 12w, https:\/\/www.telaled.com\/wp-content\/uploads\/2025\/10\/Bus-LED-Display-Details-3-100x100.webp 100w\" sizes=\"auto, (max-width: 500px) 100vw, 500px\" \/>\t\t\t\t\t\t\n\t\t\t\t\t<\/div>\n\t\t\t\t\t\t\t\t\n<style>\n#image_233466154 {\n  width: 80%;\n}\n<\/style>\n\t<\/div>\n\t\n<ul>\n<li><strong>Large compatibilit\u00e9 de tension<\/strong> \u2013 Fonctionnant entre 9 et 36 V avec une consommation \u00e9lectrique typique inf\u00e9rieure \u00e0 20 W, le <strong>Affichage LED pour bus s\u00e9rie TCS<\/strong> Il offre des performances stables avec une consommation d&#039;\u00e9nergie minimale. Cette efficacit\u00e9 le rend id\u00e9al pour une vari\u00e9t\u00e9 d&#039;achats, tout en contribuant \u00e0 r\u00e9duire les co\u00fbts d&#039;exploitation excessifs.<\/li>\n<\/ul>\n\t<div class=\"img has-hover x md-x lg-x y md-y lg-y\" id=\"image_907207639\">\n\t\t\t\t\t\t\t\t<div class=\"img-inner dark\" >\n\t\t\t<img loading=\"lazy\" decoding=\"async\" width=\"500\" height=\"500\" src=\"https:\/\/www.telaled.com\/wp-content\/uploads\/2025\/10\/Bus-LED-Display-1-1.webp\" class=\"attachment-large size-large\" alt=\"Affichage LED du bus\" srcset=\"https:\/\/www.telaled.com\/wp-content\/uploads\/2025\/10\/Bus-LED-Display-1-1.webp 500w, https:\/\/www.telaled.com\/wp-content\/uploads\/2025\/10\/Bus-LED-Display-1-1-300x300.webp 300w, https:\/\/www.telaled.com\/wp-content\/uploads\/2025\/10\/Bus-LED-Display-1-1-150x150.webp 150w, https:\/\/www.telaled.com\/wp-content\/uploads\/2025\/10\/Bus-LED-Display-1-1-12x12.webp 12w, https:\/\/www.telaled.com\/wp-content\/uploads\/2025\/10\/Bus-LED-Display-1-1-100x100.webp 100w\" sizes=\"auto, (max-width: 500px) 100vw, 500px\" \/>\t\t\t\t\t\t\n\t\t\t\t\t<\/div>\n\t\t\t\t\t\t\t\t\n<style>\n#image_907207639 {\n  width: 80%;\n}\n<\/style>\n\t<\/div>\n\t\n<ul>\n<li>LE <strong>Affichage LED pour bus s\u00e9rie TCS<\/strong> Emball\u00e9 dans des caisses en bois robustes et renforc\u00e9es pour un transport facile, chaque unit\u00e9 est solidement fix\u00e9e pour \u00e9viter les chocs et les dommages caus\u00e9s par les nuisibles, garantissant ainsi une livraison en parfait \u00e9tat et pr\u00eate \u00e0 \u00eatre install\u00e9e.<\/li>\n<\/ul>\n\t<div class=\"img has-hover x md-x lg-x y md-y lg-y\" id=\"image_1252864570\">\n\t\t\t\t\t\t\t\t<div class=\"img-inner dark\" >\n\t\t\t<img loading=\"lazy\" decoding=\"async\" width=\"760\" height=\"1024\" src=\"https:\/\/www.telaled.com\/wp-content\/uploads\/2025\/08\/36123f2c-de60-488d-af81-255cd4aee54a-760x1024.webp\" class=\"attachment-large size-large\" alt=\"\" srcset=\"https:\/\/www.telaled.com\/wp-content\/uploads\/2025\/08\/36123f2c-de60-488d-af81-255cd4aee54a-760x1024.webp 760w, https:\/\/www.telaled.com\/wp-content\/uploads\/2025\/08\/36123f2c-de60-488d-af81-255cd4aee54a-223x300.webp 223w, https:\/\/www.telaled.com\/wp-content\/uploads\/2025\/08\/36123f2c-de60-488d-af81-255cd4aee54a-768x1035.webp 768w, https:\/\/www.telaled.com\/wp-content\/uploads\/2025\/08\/36123f2c-de60-488d-af81-255cd4aee54a-9x12.webp 9w, https:\/\/www.telaled.com\/wp-content\/uploads\/2025\/08\/36123f2c-de60-488d-af81-255cd4aee54a-600x808.webp 600w, https:\/\/www.telaled.com\/wp-content\/uploads\/2025\/08\/36123f2c-de60-488d-af81-255cd4aee54a.webp 795w\" sizes=\"auto, (max-width: 760px) 100vw, 760px\" \/>\t\t\t\t\t\t\n\t\t\t\t\t<\/div>\n\t\t\t\t\t\t\t\t\n<style>\n#image_1252864570 {\n  width: 80%;\n}\n<\/style>\n\t<\/div>\n\t\n\n<table id=\"tablepress-98\" class=\"tablepress tablepress-id-98\">\n<thead>\n<tr class=\"row-1\">\n\t<th colspan=\"4\" class=\"column-1\">Principaux attributs<\/th>\n<\/tr>\n<\/thead>\n<tbody class=\"row-striping row-hover\">\n<tr class=\"row-2\">\n\t<td class=\"column-1\">Fonction<\/td><td class=\"column-2\">Affichage LED du bus<\/td><td class=\"column-3\">Fonction d&#039;affichage<\/td><td class=\"column-4\">Mots<\/td>\n<\/tr>\n<tr class=\"row-3\">\n\t<td class=\"column-1\">Garantie<\/td><td class=\"column-2\">1 an<\/td><td class=\"column-3\">Mat\u00e9riel<\/td><td class=\"column-4\">PCB+LED<\/td>\n<\/tr>\n<tr class=\"row-4\">\n\t<td class=\"column-1\">R\u00e9solution<\/td><td class=\"column-2\">16 points<\/td><td class=\"column-3\">Source d&#039;\u00e9nergie<\/td><td class=\"column-4\">12 V CC<\/td>\n<\/tr>\n<tr class=\"row-5\">\n\t<td class=\"column-1\">Tension<\/td><td class=\"column-2\">9-36 V<\/td><td class=\"column-3\">Angle optique<\/td><td class=\"column-4\">Horizontal 75-95\u00b0, Vertical 40\u00b0<\/td>\n<\/tr>\n<tr class=\"row-6\">\n\t<td class=\"column-1\">Couleur collo\u00efdale<\/td><td class=\"column-2\">Dispersion semblable \u00e0 un brouillard rouge<\/td><td class=\"column-3\">Taille du panneau<\/td><td class=\"column-4\">1194 m * 206 mm * 45 mm<\/td>\n<\/tr>\n<\/tbody>\n<\/table>\n\n\t\t<\/div>\n\t\t\t\t\t<\/div>\n\n\t\n<\/div>\n\t\t<\/div>\n\t\t\t\t\t<\/div>\n\n\t\n<\/div>","protected":false},"excerpt":{"rendered":"<p><strong>Affichage LED pour bus\u00a0: une signalisation plus intelligente pour les transports modernes<\/strong><\/p>\n<p>LE <em><strong>Affichage LED pour bus s\u00e9rie TCS<\/strong><\/em> apporte clart\u00e9 et communication aux transports publics. Con\u00e7u pour les bus et les flottes, il affiche les itin\u00e9raires, les arr\u00eats et les messages sur des LED lumineuses, am\u00e9liorant ainsi l&#039;exp\u00e9rience des passagers et l&#039;efficacit\u00e9 op\u00e9rationnelle sur la route.<\/p>\n<p><strong>Principaux avantages :<\/strong><\/p>\n<ul>\n<li><strong>Informations en temps r\u00e9el<\/strong> \u2013 Affichez instantan\u00e9ment les itin\u00e9raires, les destinations ou les messages de service.<\/li>\n<li><strong>Efficacit\u00e9 \u00e9nerg\u00e9tique<\/strong> - Faible <a href=\"https:\/\/www.telaled.com\/fr\/fabrica\/placar-eletronico-esportivo-serie-tea\/\">consommation d&#039;\u00e9nergie<\/a> pour un fonctionnement \u00e9conomique et durable.<\/li>\n<li><strong>Haute visibilit\u00e9<\/strong> \u2013 Les LED lumineuses garantissent un affichage clair m\u00eame en plein jour ou dans des conditions de faible luminosit\u00e9.<\/li>\n<li><strong>Messages personnalisables<\/strong> - Mettez facilement \u00e0 jour les textes, les itin\u00e9raires ou les annonces avec une planification flexible.<\/li>\n<\/ul>\n<p><span style=\"font-weight: 400;\">Notre \u00e9quipe offre une assistance \u00e0 distance 24h\/24 et 7j\/7 et une garantie de 3 ans. Contactez-nous d\u00e8s aujourd&#039;hui pour un devis personnalis\u00e9.<\/span><\/p>","protected":false},"featured_media":3849,"template":"","meta":[],"product_brand":[],"product_cat":[48,40,44,46],"product_tag":[],"class_list":{"0":"post-3843","1":"product","2":"type-product","3":"status-publish","4":"has-post-thumbnail","6":"product_cat-paineis-personalizados","7":"product_cat-painel-de-led","8":"product_cat-painel-de-led-flexivel","9":"product_cat-painel-de-video","11":"first","12":"instock","13":"shipping-taxable","14":"product-type-simple"},"yoast_head":"<!-- This site is optimized with the Yoast SEO plugin v27.5 - https:\/\/yoast.com\/product\/yoast-seo-wordpress\/ -->\n<title>Bus LED Display S\u00e9rie TCS | TELALED<\/title>\n<meta name=\"description\" content=\"Bus LED Display sinaliza\u00e7\u00e3o clara e din\u00e2mica para transporte p\u00fablico. Projetado para atualiza\u00e7\u00f5es de rotas, publicidade e informa\u00e7\u00f5es em tempo real.\" \/>\n<meta name=\"robots\" content=\"index, follow, max-snippet:-1, max-image-preview:large, max-video-preview:-1\" \/>\n<link rel=\"canonical\" href=\"https:\/\/www.telaled.com\/fr\/fabrica\/bus-led-display-serie-tcs\/\" \/>\n<meta property=\"og:locale\" content=\"fr_FR\" \/>\n<meta property=\"og:type\" content=\"article\" \/>\n<meta property=\"og:title\" content=\"Bus LED Display S\u00e9rie TCS | TELALED\" \/>\n<meta property=\"og:description\" content=\"Bus LED Display sinaliza\u00e7\u00e3o clara e din\u00e2mica para transporte p\u00fablico. Projetado para atualiza\u00e7\u00f5es de rotas, publicidade e informa\u00e7\u00f5es em tempo real.\" \/>\n<meta property=\"og:url\" content=\"https:\/\/www.telaled.com\/fr\/fabrica\/bus-led-display-serie-tcs\/\" \/>\n<meta property=\"og:site_name\" content=\"TELALED\" \/>\n<meta property=\"article:modified_time\" content=\"2026-01-07T02:11:30+00:00\" \/>\n<meta property=\"og:image\" content=\"https:\/\/www.telaled.com\/wp-content\/uploads\/2025\/10\/Bus-LED-Display-3.webp\" \/>\n\t<meta property=\"og:image:width\" content=\"500\" \/>\n\t<meta property=\"og:image:height\" content=\"500\" \/>\n\t<meta property=\"og:image:type\" content=\"image\/webp\" \/>\n<meta name=\"twitter:card\" content=\"summary_large_image\" \/>\n<meta name=\"twitter:label1\" content=\"Dur\u00e9e de lecture estim\u00e9e\" \/>\n\t<meta name=\"twitter:data1\" content=\"3 minutes\" \/>\n<script type=\"application\/ld+json\" class=\"yoast-schema-graph\">{\"@context\":\"https:\\\/\\\/schema.org\",\"@graph\":[{\"@type\":\"WebPage\",\"@id\":\"https:\\\/\\\/www.telaled.com\\\/fabrica\\\/bus-led-display-serie-tcs\\\/\",\"url\":\"https:\\\/\\\/www.telaled.com\\\/fabrica\\\/bus-led-display-serie-tcs\\\/\",\"name\":\"Bus LED Display S\u00e9rie TCS | TELALED\",\"isPartOf\":{\"@id\":\"https:\\\/\\\/www.telaled.com\\\/#website\"},\"primaryImageOfPage\":{\"@id\":\"https:\\\/\\\/www.telaled.com\\\/fabrica\\\/bus-led-display-serie-tcs\\\/#primaryimage\"},\"image\":{\"@id\":\"https:\\\/\\\/www.telaled.com\\\/fabrica\\\/bus-led-display-serie-tcs\\\/#primaryimage\"},\"thumbnailUrl\":\"https:\\\/\\\/www.telaled.com\\\/wp-content\\\/uploads\\\/2025\\\/10\\\/Bus-LED-Display-3.webp\",\"datePublished\":\"2025-10-07T12:59:53+00:00\",\"dateModified\":\"2026-01-07T02:11:30+00:00\",\"description\":\"Bus LED Display sinaliza\u00e7\u00e3o clara e din\u00e2mica para transporte p\u00fablico. Projetado para atualiza\u00e7\u00f5es de rotas, publicidade e informa\u00e7\u00f5es em tempo real.\",\"breadcrumb\":{\"@id\":\"https:\\\/\\\/www.telaled.com\\\/fabrica\\\/bus-led-display-serie-tcs\\\/#breadcrumb\"},\"inLanguage\":\"fr-FR\",\"potentialAction\":[{\"@type\":\"ReadAction\",\"target\":[\"https:\\\/\\\/www.telaled.com\\\/fabrica\\\/bus-led-display-serie-tcs\\\/\"]}]},{\"@type\":\"ImageObject\",\"inLanguage\":\"fr-FR\",\"@id\":\"https:\\\/\\\/www.telaled.com\\\/fabrica\\\/bus-led-display-serie-tcs\\\/#primaryimage\",\"url\":\"https:\\\/\\\/www.telaled.com\\\/wp-content\\\/uploads\\\/2025\\\/10\\\/Bus-LED-Display-3.webp\",\"contentUrl\":\"https:\\\/\\\/www.telaled.com\\\/wp-content\\\/uploads\\\/2025\\\/10\\\/Bus-LED-Display-3.webp\",\"width\":500,\"height\":500,\"caption\":\"Multiple Bus LED Display\"},{\"@type\":\"BreadcrumbList\",\"@id\":\"https:\\\/\\\/www.telaled.com\\\/fabrica\\\/bus-led-display-serie-tcs\\\/#breadcrumb\",\"itemListElement\":[{\"@type\":\"ListItem\",\"position\":1,\"name\":\"Home\",\"item\":\"https:\\\/\\\/www.telaled.com\\\/\"},{\"@type\":\"ListItem\",\"position\":2,\"name\":\"Produtos\",\"item\":\"https:\\\/\\\/www.telaled.com\\\/shop\\\/\"},{\"@type\":\"ListItem\",\"position\":3,\"name\":\"Bus LED Display S\u00e9rie TCS\"}]},{\"@type\":\"WebSite\",\"@id\":\"https:\\\/\\\/www.telaled.com\\\/#website\",\"url\":\"https:\\\/\\\/www.telaled.com\\\/\",\"name\":\"TELALED\",\"description\":\"\",\"potentialAction\":[{\"@type\":\"SearchAction\",\"target\":{\"@type\":\"EntryPoint\",\"urlTemplate\":\"https:\\\/\\\/www.telaled.com\\\/?s={search_term_string}\"},\"query-input\":{\"@type\":\"PropertyValueSpecification\",\"valueRequired\":true,\"valueName\":\"search_term_string\"}}],\"inLanguage\":\"fr-FR\"}]}<\/script>\n<!-- \/ Yoast SEO plugin. -->","yoast_head_json":{"title":"\u00c9cran LED pour bus s\u00e9rie TCS | \u00c9cran LED","description":"Affichage LED pour bus\u00a0: Signalisation claire et dynamique pour les transports en commun. Con\u00e7u pour les mises \u00e0 jour d&#039;itin\u00e9raires, la publicit\u00e9 et l&#039;information en temps r\u00e9el.","robots":{"index":"index","follow":"follow","max-snippet":"max-snippet:-1","max-image-preview":"max-image-preview:large","max-video-preview":"max-video-preview:-1"},"canonical":"https:\/\/www.telaled.com\/fr\/fabrica\/bus-led-display-serie-tcs\/","og_locale":"fr_FR","og_type":"article","og_title":"Bus LED Display S\u00e9rie TCS | TELALED","og_description":"Bus LED Display sinaliza\u00e7\u00e3o clara e din\u00e2mica para transporte p\u00fablico. Projetado para atualiza\u00e7\u00f5es de rotas, publicidade e informa\u00e7\u00f5es em tempo real.","og_url":"https:\/\/www.telaled.com\/fr\/fabrica\/bus-led-display-serie-tcs\/","og_site_name":"TELALED","article_modified_time":"2026-01-07T02:11:30+00:00","og_image":[{"width":500,"height":500,"url":"https:\/\/www.telaled.com\/wp-content\/uploads\/2025\/10\/Bus-LED-Display-3.webp","type":"image\/webp"}],"twitter_card":"summary_large_image","twitter_misc":{"Dur\u00e9e de lecture estim\u00e9e":"3 minutes"},"schema":{"@context":"https:\/\/schema.org","@graph":[{"@type":"WebPage","@id":"https:\/\/www.telaled.com\/fabrica\/bus-led-display-serie-tcs\/","url":"https:\/\/www.telaled.com\/fabrica\/bus-led-display-serie-tcs\/","name":"\u00c9cran LED pour bus s\u00e9rie TCS | \u00c9cran LED","isPartOf":{"@id":"https:\/\/www.telaled.com\/#website"},"primaryImageOfPage":{"@id":"https:\/\/www.telaled.com\/fabrica\/bus-led-display-serie-tcs\/#primaryimage"},"image":{"@id":"https:\/\/www.telaled.com\/fabrica\/bus-led-display-serie-tcs\/#primaryimage"},"thumbnailUrl":"https:\/\/www.telaled.com\/wp-content\/uploads\/2025\/10\/Bus-LED-Display-3.webp","datePublished":"2025-10-07T12:59:53+00:00","dateModified":"2026-01-07T02:11:30+00:00","description":"Affichage LED pour bus\u00a0: Signalisation claire et dynamique pour les transports en commun. Con\u00e7u pour les mises \u00e0 jour d&#039;itin\u00e9raires, la publicit\u00e9 et l&#039;information en temps r\u00e9el.","breadcrumb":{"@id":"https:\/\/www.telaled.com\/fabrica\/bus-led-display-serie-tcs\/#breadcrumb"},"inLanguage":"fr-FR","potentialAction":[{"@type":"ReadAction","target":["https:\/\/www.telaled.com\/fabrica\/bus-led-display-serie-tcs\/"]}]},{"@type":"ImageObject","inLanguage":"fr-FR","@id":"https:\/\/www.telaled.com\/fabrica\/bus-led-display-serie-tcs\/#primaryimage","url":"https:\/\/www.telaled.com\/wp-content\/uploads\/2025\/10\/Bus-LED-Display-3.webp","contentUrl":"https:\/\/www.telaled.com\/wp-content\/uploads\/2025\/10\/Bus-LED-Display-3.webp","width":500,"height":500,"caption":"Multiple Bus LED Display"},{"@type":"BreadcrumbList","@id":"https:\/\/www.telaled.com\/fabrica\/bus-led-display-serie-tcs\/#breadcrumb","itemListElement":[{"@type":"ListItem","position":1,"name":"Home","item":"https:\/\/www.telaled.com\/"},{"@type":"ListItem","position":2,"name":"Produtos","item":"https:\/\/www.telaled.com\/shop\/"},{"@type":"ListItem","position":3,"name":"Bus LED Display S\u00e9rie TCS"}]},{"@type":"WebSite","@id":"https:\/\/www.telaled.com\/#website","url":"https:\/\/www.telaled.com\/","name":"\u00e9cran LED","description":"","potentialAction":[{"@type":"SearchAction","target":{"@type":"EntryPoint","urlTemplate":"https:\/\/www.telaled.com\/?s={search_term_string}"},"query-input":{"@type":"PropertyValueSpecification","valueRequired":true,"valueName":"search_term_string"}}],"inLanguage":"fr-FR"}]}},"_links":{"self":[{"href":"https:\/\/www.telaled.com\/fr\/wp-json\/wp\/v2\/product\/3843","targetHints":{"allow":["GET"]}}],"collection":[{"href":"https:\/\/www.telaled.com\/fr\/wp-json\/wp\/v2\/product"}],"about":[{"href":"https:\/\/www.telaled.com\/fr\/wp-json\/wp\/v2\/types\/product"}],"wp:featuredmedia":[{"embeddable":true,"href":"https:\/\/www.telaled.com\/fr\/wp-json\/wp\/v2\/media\/3849"}],"wp:attachment":[{"href":"https:\/\/www.telaled.com\/fr\/wp-json\/wp\/v2\/media?parent=3843"}],"wp:term":[{"taxonomy":"product_brand","embeddable":true,"href":"https:\/\/www.telaled.com\/fr\/wp-json\/wp\/v2\/product_brand?post=3843"},{"taxonomy":"product_cat","embeddable":true,"href":"https:\/\/www.telaled.com\/fr\/wp-json\/wp\/v2\/product_cat?post=3843"},{"taxonomy":"product_tag","embeddable":true,"href":"https:\/\/www.telaled.com\/fr\/wp-json\/wp\/v2\/product_tag?post=3843"}],"curies":[{"name":"wp","href":"https:\/\/api.w.org\/{rel}","templated":true}]}}