{"id":3786,"date":"2025-10-03T18:46:32","date_gmt":"2025-10-03T18:46:32","guid":{"rendered":"https:\/\/www.telaled.com\/?post_type=product&#038;p=3786"},"modified":"2026-01-07T01:39:05","modified_gmt":"2026-01-07T01:39:05","slug":"led-display-trailer-serie-tcr","status":"publish","type":"product","link":"https:\/\/www.telaled.com\/fr\/fabrica\/led-display-trailer-serie-tcr\/","title":{"rendered":"Affichage LED pour remorque s\u00e9rie TCR"},"content":{"rendered":"<div class=\"row\"  id=\"row-821940899\">\n\n\t<div id=\"col-709317016\" class=\"col small-12 large-12\"  >\n\t\t\t\t<div class=\"col-inner\"  >\n\t\t\t\n\t\t\t\n<h2><strong>Avantages uniques de la s\u00e9rie TCR pour remorque \u00e0 affichage LED<\/strong><\/h2>\n<h3><strong>Le pouvoir de la publicit\u00e9 mobile<\/strong><\/h3>\n<ul>\n<li>La conception mont\u00e9e sur remorque permet un transport facile vers divers endroits.<\/li>\n<li>L&#039;installation et le d\u00e9montage rapides permettent d&#039;\u00e9conomiser du temps et des efforts.<\/li>\n<li>Id\u00e9al pour les campagnes \u00e0 court terme et les \u00e9v\u00e9nements r\u00e9currents.<\/li>\n<\/ul>\n<h3><strong>Construction durable pour les environnements ext\u00e9rieurs<\/strong><\/h3>\n<ul>\n<li>Panneaux LED r\u00e9sistants aux intemp\u00e9ries con\u00e7us pour des performances durables.<\/li>\n<li>Construction de remorque robuste con\u00e7ue pour g\u00e9rer des voyages fr\u00e9quents.<\/li>\n<li>Fonctionnement fiable m\u00eame dans des conditions ext\u00e9rieures difficiles.<\/li>\n<\/ul>\n<h3><strong>Affichage de contenu dynamique<\/strong><\/h3>\n<ul>\n<li>Prend en charge les vid\u00e9os, les animations et la diffusion en direct.<\/li>\n<li>Contenu facile \u00e0 mettre \u00e0 jour en temps r\u00e9el pour un engagement maximal.<\/li>\n<li>La visualisation multi-angles assure une visibilit\u00e9 pour les grandes foules.<\/li>\n<\/ul>\n<h3><strong>Fonctionnement \u00e9conome en \u00e9nergie<\/strong><\/h3>\n<ul>\n<li>La technologie LED maintient le <a href=\"https:\/\/www.telaled.com\/fr\/entendendo-o-consumo-de-energia-painel-de-led-quao-eficientes-sao-os-displays-de-led-modernos\/\">consommation d&#039;\u00e9nergie<\/a> Faible consommation tout en offrant des images exceptionnelles.<\/li>\n<li>Compatible avec un g\u00e9n\u00e9rateur ou une source d&#039;alimentation externe pour une utilisation flexible.<\/li>\n<li>Co\u00fbts d\u2019exploitation r\u00e9duits par rapport \u00e0 la m\u00e9thode d\u2019affichage traditionnelle.<\/li>\n<\/ul>\n<h2>D\u00e9tails du produit<\/h2>\n<ul>\n<li><strong>Haute luminosit\u00e9 avec efficacit\u00e9 \u00e9nerg\u00e9tique<\/strong> Aliment\u00e9 par un syst\u00e8me basse tension 3,2\/4,2 V, le <strong>Affichage LED pour remorque s\u00e9rie TCR<\/strong> Utilise 4535 LED 3-en-1 haute luminosit\u00e9 avec une consommation \u2265 10\u00a0000 CD\/m\u00b2. La luminosit\u00e9 s&#039;ajuste automatiquement, garantissant des images nettes de jour comme de nuit, tout en maintenant une faible consommation d&#039;\u00e9nergie.<\/li>\n<\/ul>\n<div class=\"row\"  id=\"row-1197228773\">\n\n\t<div id=\"col-1090786461\" class=\"col medium-10 small-12 large-10\"  >\n\t\t\t\t<div class=\"col-inner text-left\"  >\n\t\t\t\n\t\t\t\n\t<div class=\"img has-hover x md-x lg-x y md-y lg-y\" id=\"image_298201915\">\n\t\t\t\t\t\t\t\t<div class=\"img-inner dark\" >\n\t\t\t<img loading=\"lazy\" decoding=\"async\" width=\"788\" height=\"1024\" src=\"https:\/\/www.telaled.com\/wp-content\/uploads\/2025\/10\/High-Brightness-with-Energy-Efficiency-788x1024.webp\" class=\"attachment-large size-large\" alt=\"\" srcset=\"https:\/\/www.telaled.com\/wp-content\/uploads\/2025\/10\/High-Brightness-with-Energy-Efficiency-788x1024.webp 788w, https:\/\/www.telaled.com\/wp-content\/uploads\/2025\/10\/High-Brightness-with-Energy-Efficiency-231x300.webp 231w, https:\/\/www.telaled.com\/wp-content\/uploads\/2025\/10\/High-Brightness-with-Energy-Efficiency-768x998.webp 768w, https:\/\/www.telaled.com\/wp-content\/uploads\/2025\/10\/High-Brightness-with-Energy-Efficiency-9x12.webp 9w, https:\/\/www.telaled.com\/wp-content\/uploads\/2025\/10\/High-Brightness-with-Energy-Efficiency-600x780.webp 600w, https:\/\/www.telaled.com\/wp-content\/uploads\/2025\/10\/High-Brightness-with-Energy-Efficiency.webp 1000w\" sizes=\"auto, (max-width: 788px) 100vw, 788px\" \/>\t\t\t\t\t\t\n\t\t\t\t\t<\/div>\n\t\t\t\t\t\t\t\t\n<style>\n#image_298201915 {\n  width: 80%;\n}\n<\/style>\n\t<\/div>\n\t\n<ul>\n<li><strong>Alimentation solaire avec batterie de grande capacit\u00e9<\/strong> Dot\u00e9e d&#039;un syst\u00e8me de recharge solaire et d&#039;une batterie haute capacit\u00e9 de 9,6 kWh, la remorque peut maintenir l&#039;affichage LED allum\u00e9 en continu tout au long de l&#039;ann\u00e9e, offrant ainsi des performances fiables pendant 365 jours.<\/li>\n<\/ul>\n\t<div class=\"img has-hover x md-x lg-x y md-y lg-y\" id=\"image_2083130654\">\n\t\t\t\t\t\t\t\t<div class=\"img-inner dark\" >\n\t\t\t<img loading=\"lazy\" decoding=\"async\" width=\"1000\" height=\"1300\" src=\"https:\/\/www.telaled.com\/wp-content\/uploads\/2025\/10\/Solar-with-Large-Battery.webp\" class=\"attachment-original size-original\" alt=\"\" srcset=\"https:\/\/www.telaled.com\/wp-content\/uploads\/2025\/10\/Solar-with-Large-Battery.webp 1000w, https:\/\/www.telaled.com\/wp-content\/uploads\/2025\/10\/Solar-with-Large-Battery-231x300.webp 231w, https:\/\/www.telaled.com\/wp-content\/uploads\/2025\/10\/Solar-with-Large-Battery-788x1024.webp 788w, https:\/\/www.telaled.com\/wp-content\/uploads\/2025\/10\/Solar-with-Large-Battery-768x998.webp 768w, https:\/\/www.telaled.com\/wp-content\/uploads\/2025\/10\/Solar-with-Large-Battery-9x12.webp 9w, https:\/\/www.telaled.com\/wp-content\/uploads\/2025\/10\/Solar-with-Large-Battery-600x780.webp 600w\" sizes=\"auto, (max-width: 1000px) 100vw, 1000px\" \/>\t\t\t\t\t\t\n\t\t\t\t\t<\/div>\n\t\t\t\t\t\t\t\t\n<style>\n#image_2083130654 {\n  width: 80%;\n}\n<\/style>\n\t<\/div>\n\t\n<ul>\n<li><strong>Dissipation thermique avanc\u00e9e<\/strong> \u2013 Con\u00e7u avec un refroidissement \u00e0 pression n\u00e9gative \u00e0 haut d\u00e9bit \u00e0 l&#039;int\u00e9rieur du bo\u00eetier, le syst\u00e8me assure une dissipation thermique efficace. Cela permet de conserver <strong>Affichage LED pour remorque s\u00e9rie TCR<\/strong> fonctionne correctement et prolonge la dur\u00e9e de vie des composants.<\/li>\n<\/ul>\n\t<div class=\"img has-hover x md-x lg-x y md-y lg-y\" id=\"image_533357198\">\n\t\t\t\t\t\t\t\t<div class=\"img-inner dark\" >\n\t\t\t<img loading=\"lazy\" decoding=\"async\" width=\"788\" height=\"1024\" src=\"https:\/\/www.telaled.com\/wp-content\/uploads\/2025\/10\/Heat-Dissipation-788x1024.webp\" class=\"attachment-large size-large\" alt=\"Dissipation de chaleur\" srcset=\"https:\/\/www.telaled.com\/wp-content\/uploads\/2025\/10\/Heat-Dissipation-788x1024.webp 788w, https:\/\/www.telaled.com\/wp-content\/uploads\/2025\/10\/Heat-Dissipation-231x300.webp 231w, https:\/\/www.telaled.com\/wp-content\/uploads\/2025\/10\/Heat-Dissipation-768x998.webp 768w, https:\/\/www.telaled.com\/wp-content\/uploads\/2025\/10\/Heat-Dissipation-9x12.webp 9w, https:\/\/www.telaled.com\/wp-content\/uploads\/2025\/10\/Heat-Dissipation-600x780.webp 600w, https:\/\/www.telaled.com\/wp-content\/uploads\/2025\/10\/Heat-Dissipation.webp 1000w\" sizes=\"auto, (max-width: 788px) 100vw, 788px\" \/>\t\t\t\t\t\t\n\t\t\t\t\t<\/div>\n\t\t\t\t\t\t\t\t\n<style>\n#image_533357198 {\n  width: 80%;\n}\n<\/style>\n\t<\/div>\n\t\n<ul>\n<li><strong>Levage hydraulique et rotation \u00e0 360\u00b0<\/strong> \u2013 L\u2019\u00e9cran peut \u00eatre \u00e9lev\u00e9 jusqu\u2019\u00e0 1 m\u00e8tre et pivot\u00e9 \u00e0 360 degr\u00e9s, ce qui permet d\u2019afficher des messages \u00e0 n\u2019importe quelle hauteur et sous n\u2019importe quel angle pour une port\u00e9e maximale du public.<\/li>\n<\/ul>\n\t<div class=\"img has-hover x md-x lg-x y md-y lg-y\" id=\"image_318769094\">\n\t\t\t\t\t\t\t\t<div class=\"img-inner dark\" >\n\t\t\t<img loading=\"lazy\" decoding=\"async\" width=\"788\" height=\"1024\" src=\"https:\/\/www.telaled.com\/wp-content\/uploads\/2025\/10\/Hydraulic-Lift-788x1024.webp\" class=\"attachment-large size-large\" alt=\"\" srcset=\"https:\/\/www.telaled.com\/wp-content\/uploads\/2025\/10\/Hydraulic-Lift-788x1024.webp 788w, https:\/\/www.telaled.com\/wp-content\/uploads\/2025\/10\/Hydraulic-Lift-231x300.webp 231w, https:\/\/www.telaled.com\/wp-content\/uploads\/2025\/10\/Hydraulic-Lift-768x998.webp 768w, https:\/\/www.telaled.com\/wp-content\/uploads\/2025\/10\/Hydraulic-Lift-9x12.webp 9w, https:\/\/www.telaled.com\/wp-content\/uploads\/2025\/10\/Hydraulic-Lift-600x780.webp 600w, https:\/\/www.telaled.com\/wp-content\/uploads\/2025\/10\/Hydraulic-Lift.webp 1000w\" sizes=\"auto, (max-width: 788px) 100vw, 788px\" \/>\t\t\t\t\t\t\n\t\t\t\t\t<\/div>\n\t\t\t\t\t\t\t\t\n<style>\n#image_318769094 {\n  width: 80%;\n}\n<\/style>\n\t<\/div>\n\t\n<ul>\n<li>LE <strong>Affichage LED pour remorque s\u00e9rie TCR<\/strong> Il est emball\u00e9 dans de solides caisses en bois, renforc\u00e9es pour r\u00e9sister aux longs transports. Chaque unit\u00e9 est solidement fix\u00e9e pour \u00e9viter les dommages caus\u00e9s par les chocs ou les nuisibles, garantissant ainsi une livraison en parfait \u00e9tat de fonctionnement.<\/li>\n<\/ul>\n\t<div class=\"img has-hover x md-x lg-x y md-y lg-y\" id=\"image_413081866\">\n\t\t\t\t\t\t\t\t<div class=\"img-inner dark\" >\n\t\t\t<img loading=\"lazy\" decoding=\"async\" width=\"760\" height=\"1024\" src=\"https:\/\/www.telaled.com\/wp-content\/uploads\/2025\/08\/36123f2c-de60-488d-af81-255cd4aee54a-760x1024.webp\" class=\"attachment-large size-large\" alt=\"\" srcset=\"https:\/\/www.telaled.com\/wp-content\/uploads\/2025\/08\/36123f2c-de60-488d-af81-255cd4aee54a-760x1024.webp 760w, https:\/\/www.telaled.com\/wp-content\/uploads\/2025\/08\/36123f2c-de60-488d-af81-255cd4aee54a-223x300.webp 223w, https:\/\/www.telaled.com\/wp-content\/uploads\/2025\/08\/36123f2c-de60-488d-af81-255cd4aee54a-768x1035.webp 768w, https:\/\/www.telaled.com\/wp-content\/uploads\/2025\/08\/36123f2c-de60-488d-af81-255cd4aee54a-9x12.webp 9w, https:\/\/www.telaled.com\/wp-content\/uploads\/2025\/08\/36123f2c-de60-488d-af81-255cd4aee54a-600x808.webp 600w, https:\/\/www.telaled.com\/wp-content\/uploads\/2025\/08\/36123f2c-de60-488d-af81-255cd4aee54a.webp 795w\" sizes=\"auto, (max-width: 760px) 100vw, 760px\" \/>\t\t\t\t\t\t\n\t\t\t\t\t<\/div>\n\t\t\t\t\t\t\t\t\n<style>\n#image_413081866 {\n  width: 80%;\n}\n<\/style>\n\t<\/div>\n\t\n\n<table id=\"tablepress-97\" class=\"tablepress tablepress-id-97\">\n<thead>\n<tr class=\"row-1\">\n\t<th colspan=\"4\" class=\"column-1\">Param\u00e8tres du produit<\/th>\n<\/tr>\n<\/thead>\n<tbody class=\"row-striping row-hover\">\n<tr class=\"row-2\">\n\t<td class=\"column-1\">Pas de pixel (mm)<\/td><td class=\"column-2\">6,67<\/td><td class=\"column-3\"><\/td><td class=\"column-4\"><\/td>\n<\/tr>\n<tr class=\"row-3\">\n\t<td class=\"column-1\">Densit\u00e9 de pixels (points\/m\u00b2)<\/td><td class=\"column-2\">22478<\/td><td class=\"column-3\"><\/td><td class=\"column-4\"><\/td>\n<\/tr>\n<tr class=\"row-4\">\n\t<td class=\"column-1\">Encapsulation LED<\/td><td class=\"column-2\">CMS 4535<\/td><td class=\"column-3\"><\/td><td class=\"column-4\"><\/td>\n<\/tr>\n<tr class=\"row-5\">\n\t<td class=\"column-1\">M\u00e9thode de conduite<\/td><td class=\"column-2\">1\/8<\/td><td class=\"column-3\"><\/td><td class=\"column-4\"><\/td>\n<\/tr>\n<tr class=\"row-6\">\n\t<td class=\"column-1\">R\u00e9solution du module (point)<\/td><td class=\"column-2\">48*28<\/td><td class=\"column-3\"><\/td><td class=\"column-4\"><\/td>\n<\/tr>\n<tr class=\"row-7\">\n\t<td class=\"column-1\">Taille du module (mm)<\/td><td class=\"column-2\">320*160<\/td><td class=\"column-3\"><\/td><td class=\"column-4\"><\/td>\n<\/tr>\n<tr class=\"row-8\">\n\t<td class=\"column-1\">Consommation du module (W)<\/td><td class=\"column-2\">\u226418<\/td><td class=\"column-3\"><\/td><td class=\"column-4\"><\/td>\n<\/tr>\n<tr class=\"row-9\">\n\t<td class=\"column-1\">Tension de fonctionnement (V)<\/td><td class=\"column-2\">DC 3.2\/4.2<\/td><td class=\"column-3\"><\/td><td class=\"column-4\"><\/td>\n<\/tr>\n<tr class=\"row-10\">\n\t<td class=\"column-1\">Consommation max. (W\/m\u00b2)<\/td><td class=\"column-2\"><350<\/td><td class=\"column-3\"><\/td><td class=\"column-4\"><\/td>\n<\/tr>\n<tr class=\"row-11\">\n\t<td class=\"column-1\">Consommation moyenne (W\/m\u00b2)<\/td><td class=\"column-2\"><120<\/td><td class=\"column-3\"><\/td><td class=\"column-4\"><\/td>\n<\/tr>\n<tr class=\"row-12\">\n\t<td class=\"column-1\">Luminosit\u00e9 (CD\/m\u00b2)<\/td><td class=\"column-2\">10000<\/td><td class=\"column-3\"><\/td><td class=\"column-4\"><\/td>\n<\/tr>\n<tr class=\"row-13\">\n\t<td class=\"column-1\">Temp\u00e9rature de couleur (K)<\/td><td class=\"column-2\">6000~8000<\/td><td class=\"column-3\"><\/td><td class=\"column-4\"><\/td>\n<\/tr>\n<tr class=\"row-14\">\n\t<td class=\"column-1\">Voir Ange (H\/V)<\/td><td class=\"column-2\">120\u00b0<\/td><td class=\"column-3\"><\/td><td class=\"column-4\"><\/td>\n<\/tr>\n<tr class=\"row-15\">\n\t<td class=\"column-1\">Taux de rafra\u00eechissement (Hz)<\/td><td class=\"column-2\">3840<\/td><td class=\"column-3\"><\/td><td class=\"column-4\"><\/td>\n<\/tr>\n<tr class=\"row-16\">\n\t<td class=\"column-1\">Temp\u00e9rature de fonctionnement (\u00b0C)<\/td><td class=\"column-2\">-20~50<\/td><td class=\"column-3\"><\/td><td class=\"column-4\"><\/td>\n<\/tr>\n<tr class=\"row-17\">\n\t<td class=\"column-1\">Degr\u00e9 de protection (F\/B)<\/td><td class=\"column-2\">IP65|IP54<\/td><td class=\"column-3\"><\/td><td class=\"column-4\"><\/td>\n<\/tr>\n<tr class=\"row-18\">\n\t<td class=\"column-1\">Niveaux de gris (bits)<\/td><td class=\"column-2\">13<\/td><td class=\"column-3\"><\/td><td class=\"column-4\"><\/td>\n<\/tr>\n<\/tbody>\n<\/table>\n\n\t\t<\/div>\n\t\t\t\t\t<\/div>\n\n\t\n<\/div>\n\t\t<\/div>\n\t\t\t\t\t<\/div>\n\n\t\n<\/div>","protected":false},"excerpt":{"rendered":"<p><strong>Remorque \u00e0 \u00e9cran LED\u00a0: la publicit\u00e9 mobile simplifi\u00e9e<\/strong><\/p>\n<p><em><strong>Affichage LED pour remorque s\u00e9rie TCR<\/strong><\/em> Alliant mobilit\u00e9 et visuels percutants, cette solution unique est con\u00e7ue pour vous permettre de diffuser votre message partout et d&#039;atteindre votre public en temps r\u00e9el. Construite avec des panneaux LED haute qualit\u00e9 mont\u00e9s sur remorque, elle vous permet de diffuser votre message partout et d&#039;atteindre votre public en temps r\u00e9el.<\/p>\n<p><strong>4 avantages principaux :<\/strong><\/p>\n<ul>\n<li><strong>Mobilit\u00e9<\/strong> \u2013 Remorquez-le n\u2019importe o\u00f9 et installez-le rapidement pour une port\u00e9e publicitaire instantan\u00e9e.<\/li>\n<li><strong>Haute visibilit\u00e9<\/strong> \u2013 Les \u00e9crans LED lumineux garantissent que votre contenu se d\u00e9marque de jour comme de nuit.<\/li>\n<li><strong>Utilisation flexible<\/strong> Id\u00e9al pour <a href=\"https:\/\/www.telaled.com\/fr\/painel-de-led-para-eventos\/\">\u00e9v\u00e9nements<\/a> Op\u00e9rations de plein air, promotions, campagnes politiques et activations de marque.<\/li>\n<li><strong>\u00c9conomique<\/strong> \u2013 Offre une visibilit\u00e9 \u00e0 grande \u00e9chelle sans les co\u00fbts \u00e9lev\u00e9s des panneaux d\u2019affichage fixes.<\/li>\n<\/ul>\n<p><span style=\"font-weight: 400;\">Notre \u00e9quipe offre une assistance \u00e0 distance 24h\/24 et 7j\/7 et une garantie de 3 ans. Contactez-nous d\u00e8s aujourd&#039;hui pour un devis personnalis\u00e9.<\/span><\/p>","protected":false},"featured_media":3817,"template":"","meta":[],"product_brand":[],"product_cat":[48,40,44,46],"product_tag":[],"class_list":{"0":"post-3786","1":"product","2":"type-product","3":"status-publish","4":"has-post-thumbnail","6":"product_cat-paineis-personalizados","7":"product_cat-painel-de-led","8":"product_cat-painel-de-led-flexivel","9":"product_cat-painel-de-video","11":"first","12":"instock","13":"shipping-taxable","14":"product-type-simple"},"yoast_head":"<!-- This site is optimized with the Yoast SEO plugin v27.5 - https:\/\/yoast.com\/product\/yoast-seo-wordpress\/ -->\n<title>LED Display Trailer S\u00e9rie TCR | TELALED<\/title>\n<meta name=\"description\" content=\"LED Display Trailer S\u00e9rie TCR - um outdoor digital m\u00f3vel com telas de LED brilhantes, configura\u00e7\u00e3o flex\u00edvel e alta visibilidade para eventos ao ar livre.\" \/>\n<meta name=\"robots\" content=\"index, follow, max-snippet:-1, max-image-preview:large, max-video-preview:-1\" \/>\n<link rel=\"canonical\" href=\"https:\/\/www.telaled.com\/fr\/fabrica\/led-display-trailer-serie-tcr\/\" \/>\n<meta property=\"og:locale\" content=\"fr_FR\" \/>\n<meta property=\"og:type\" content=\"article\" \/>\n<meta property=\"og:title\" content=\"LED Display Trailer S\u00e9rie TCR | TELALED\" \/>\n<meta property=\"og:description\" content=\"LED Display Trailer S\u00e9rie TCR - um outdoor digital m\u00f3vel com telas de LED brilhantes, configura\u00e7\u00e3o flex\u00edvel e alta visibilidade para eventos ao ar livre.\" \/>\n<meta property=\"og:url\" content=\"https:\/\/www.telaled.com\/fr\/fabrica\/led-display-trailer-serie-tcr\/\" \/>\n<meta property=\"og:site_name\" content=\"TELALED\" \/>\n<meta property=\"article:modified_time\" content=\"2026-01-07T01:39:05+00:00\" \/>\n<meta property=\"og:image\" content=\"https:\/\/www.telaled.com\/wp-content\/uploads\/2025\/10\/LED-Display-Trailer-5.webp\" \/>\n\t<meta property=\"og:image:width\" content=\"500\" \/>\n\t<meta property=\"og:image:height\" content=\"500\" \/>\n\t<meta property=\"og:image:type\" content=\"image\/webp\" \/>\n<meta name=\"twitter:card\" content=\"summary_large_image\" \/>\n<meta name=\"twitter:label1\" content=\"Dur\u00e9e de lecture estim\u00e9e\" \/>\n\t<meta name=\"twitter:data1\" content=\"3 minutes\" \/>\n<script type=\"application\/ld+json\" class=\"yoast-schema-graph\">{\"@context\":\"https:\\\/\\\/schema.org\",\"@graph\":[{\"@type\":\"WebPage\",\"@id\":\"https:\\\/\\\/www.telaled.com\\\/fabrica\\\/led-display-trailer-serie-tcr\\\/\",\"url\":\"https:\\\/\\\/www.telaled.com\\\/fabrica\\\/led-display-trailer-serie-tcr\\\/\",\"name\":\"LED Display Trailer S\u00e9rie TCR | TELALED\",\"isPartOf\":{\"@id\":\"https:\\\/\\\/www.telaled.com\\\/#website\"},\"primaryImageOfPage\":{\"@id\":\"https:\\\/\\\/www.telaled.com\\\/fabrica\\\/led-display-trailer-serie-tcr\\\/#primaryimage\"},\"image\":{\"@id\":\"https:\\\/\\\/www.telaled.com\\\/fabrica\\\/led-display-trailer-serie-tcr\\\/#primaryimage\"},\"thumbnailUrl\":\"https:\\\/\\\/www.telaled.com\\\/wp-content\\\/uploads\\\/2025\\\/10\\\/LED-Display-Trailer-5.webp\",\"datePublished\":\"2025-10-03T18:46:32+00:00\",\"dateModified\":\"2026-01-07T01:39:05+00:00\",\"description\":\"LED Display Trailer S\u00e9rie TCR - um outdoor digital m\u00f3vel com telas de LED brilhantes, configura\u00e7\u00e3o flex\u00edvel e alta visibilidade para eventos ao ar livre.\",\"breadcrumb\":{\"@id\":\"https:\\\/\\\/www.telaled.com\\\/fabrica\\\/led-display-trailer-serie-tcr\\\/#breadcrumb\"},\"inLanguage\":\"fr-FR\",\"potentialAction\":[{\"@type\":\"ReadAction\",\"target\":[\"https:\\\/\\\/www.telaled.com\\\/fabrica\\\/led-display-trailer-serie-tcr\\\/\"]}]},{\"@type\":\"ImageObject\",\"inLanguage\":\"fr-FR\",\"@id\":\"https:\\\/\\\/www.telaled.com\\\/fabrica\\\/led-display-trailer-serie-tcr\\\/#primaryimage\",\"url\":\"https:\\\/\\\/www.telaled.com\\\/wp-content\\\/uploads\\\/2025\\\/10\\\/LED-Display-Trailer-5.webp\",\"contentUrl\":\"https:\\\/\\\/www.telaled.com\\\/wp-content\\\/uploads\\\/2025\\\/10\\\/LED-Display-Trailer-5.webp\",\"width\":500,\"height\":500,\"caption\":\"LED Display Trailer 5\"},{\"@type\":\"BreadcrumbList\",\"@id\":\"https:\\\/\\\/www.telaled.com\\\/fabrica\\\/led-display-trailer-serie-tcr\\\/#breadcrumb\",\"itemListElement\":[{\"@type\":\"ListItem\",\"position\":1,\"name\":\"Home\",\"item\":\"https:\\\/\\\/www.telaled.com\\\/\"},{\"@type\":\"ListItem\",\"position\":2,\"name\":\"Produtos\",\"item\":\"https:\\\/\\\/www.telaled.com\\\/shop\\\/\"},{\"@type\":\"ListItem\",\"position\":3,\"name\":\"LED Display Trailer S\u00e9rie TCR\"}]},{\"@type\":\"WebSite\",\"@id\":\"https:\\\/\\\/www.telaled.com\\\/#website\",\"url\":\"https:\\\/\\\/www.telaled.com\\\/\",\"name\":\"TELALED\",\"description\":\"\",\"potentialAction\":[{\"@type\":\"SearchAction\",\"target\":{\"@type\":\"EntryPoint\",\"urlTemplate\":\"https:\\\/\\\/www.telaled.com\\\/?s={search_term_string}\"},\"query-input\":{\"@type\":\"PropertyValueSpecification\",\"valueRequired\":true,\"valueName\":\"search_term_string\"}}],\"inLanguage\":\"fr-FR\"}]}<\/script>\n<!-- \/ Yoast SEO plugin. -->","yoast_head_json":{"title":"\u00c9cran LED pour remorque s\u00e9rie TCR | \u00c9cran LED","description":"Remorque d&#039;affichage LED s\u00e9rie TCR - un panneau d&#039;affichage num\u00e9rique mobile avec des \u00e9crans LED lumineux, une configuration flexible et une haute visibilit\u00e9 pour les \u00e9v\u00e9nements en ext\u00e9rieur.","robots":{"index":"index","follow":"follow","max-snippet":"max-snippet:-1","max-image-preview":"max-image-preview:large","max-video-preview":"max-video-preview:-1"},"canonical":"https:\/\/www.telaled.com\/fr\/fabrica\/led-display-trailer-serie-tcr\/","og_locale":"fr_FR","og_type":"article","og_title":"LED Display Trailer S\u00e9rie TCR | TELALED","og_description":"LED Display Trailer S\u00e9rie TCR - um outdoor digital m\u00f3vel com telas de LED brilhantes, configura\u00e7\u00e3o flex\u00edvel e alta visibilidade para eventos ao ar livre.","og_url":"https:\/\/www.telaled.com\/fr\/fabrica\/led-display-trailer-serie-tcr\/","og_site_name":"TELALED","article_modified_time":"2026-01-07T01:39:05+00:00","og_image":[{"width":500,"height":500,"url":"https:\/\/www.telaled.com\/wp-content\/uploads\/2025\/10\/LED-Display-Trailer-5.webp","type":"image\/webp"}],"twitter_card":"summary_large_image","twitter_misc":{"Dur\u00e9e de lecture estim\u00e9e":"3 minutes"},"schema":{"@context":"https:\/\/schema.org","@graph":[{"@type":"WebPage","@id":"https:\/\/www.telaled.com\/fabrica\/led-display-trailer-serie-tcr\/","url":"https:\/\/www.telaled.com\/fabrica\/led-display-trailer-serie-tcr\/","name":"\u00c9cran LED pour remorque s\u00e9rie TCR | \u00c9cran LED","isPartOf":{"@id":"https:\/\/www.telaled.com\/#website"},"primaryImageOfPage":{"@id":"https:\/\/www.telaled.com\/fabrica\/led-display-trailer-serie-tcr\/#primaryimage"},"image":{"@id":"https:\/\/www.telaled.com\/fabrica\/led-display-trailer-serie-tcr\/#primaryimage"},"thumbnailUrl":"https:\/\/www.telaled.com\/wp-content\/uploads\/2025\/10\/LED-Display-Trailer-5.webp","datePublished":"2025-10-03T18:46:32+00:00","dateModified":"2026-01-07T01:39:05+00:00","description":"Remorque d&#039;affichage LED s\u00e9rie TCR - un panneau d&#039;affichage num\u00e9rique mobile avec des \u00e9crans LED lumineux, une configuration flexible et une haute visibilit\u00e9 pour les \u00e9v\u00e9nements en ext\u00e9rieur.","breadcrumb":{"@id":"https:\/\/www.telaled.com\/fabrica\/led-display-trailer-serie-tcr\/#breadcrumb"},"inLanguage":"fr-FR","potentialAction":[{"@type":"ReadAction","target":["https:\/\/www.telaled.com\/fabrica\/led-display-trailer-serie-tcr\/"]}]},{"@type":"ImageObject","inLanguage":"fr-FR","@id":"https:\/\/www.telaled.com\/fabrica\/led-display-trailer-serie-tcr\/#primaryimage","url":"https:\/\/www.telaled.com\/wp-content\/uploads\/2025\/10\/LED-Display-Trailer-5.webp","contentUrl":"https:\/\/www.telaled.com\/wp-content\/uploads\/2025\/10\/LED-Display-Trailer-5.webp","width":500,"height":500,"caption":"LED Display Trailer 5"},{"@type":"BreadcrumbList","@id":"https:\/\/www.telaled.com\/fabrica\/led-display-trailer-serie-tcr\/#breadcrumb","itemListElement":[{"@type":"ListItem","position":1,"name":"Home","item":"https:\/\/www.telaled.com\/"},{"@type":"ListItem","position":2,"name":"Produtos","item":"https:\/\/www.telaled.com\/shop\/"},{"@type":"ListItem","position":3,"name":"LED Display Trailer S\u00e9rie TCR"}]},{"@type":"WebSite","@id":"https:\/\/www.telaled.com\/#website","url":"https:\/\/www.telaled.com\/","name":"\u00e9cran LED","description":"","potentialAction":[{"@type":"SearchAction","target":{"@type":"EntryPoint","urlTemplate":"https:\/\/www.telaled.com\/?s={search_term_string}"},"query-input":{"@type":"PropertyValueSpecification","valueRequired":true,"valueName":"search_term_string"}}],"inLanguage":"fr-FR"}]}},"_links":{"self":[{"href":"https:\/\/www.telaled.com\/fr\/wp-json\/wp\/v2\/product\/3786","targetHints":{"allow":["GET"]}}],"collection":[{"href":"https:\/\/www.telaled.com\/fr\/wp-json\/wp\/v2\/product"}],"about":[{"href":"https:\/\/www.telaled.com\/fr\/wp-json\/wp\/v2\/types\/product"}],"wp:featuredmedia":[{"embeddable":true,"href":"https:\/\/www.telaled.com\/fr\/wp-json\/wp\/v2\/media\/3817"}],"wp:attachment":[{"href":"https:\/\/www.telaled.com\/fr\/wp-json\/wp\/v2\/media?parent=3786"}],"wp:term":[{"taxonomy":"product_brand","embeddable":true,"href":"https:\/\/www.telaled.com\/fr\/wp-json\/wp\/v2\/product_brand?post=3786"},{"taxonomy":"product_cat","embeddable":true,"href":"https:\/\/www.telaled.com\/fr\/wp-json\/wp\/v2\/product_cat?post=3786"},{"taxonomy":"product_tag","embeddable":true,"href":"https:\/\/www.telaled.com\/fr\/wp-json\/wp\/v2\/product_tag?post=3786"}],"curies":[{"name":"wp","href":"https:\/\/api.w.org\/{rel}","templated":true}]}}