{"id":3751,"date":"2025-10-02T18:10:45","date_gmt":"2025-10-02T18:10:45","guid":{"rendered":"https:\/\/www.telaled.com\/?post_type=product&#038;p=3751"},"modified":"2025-12-27T08:01:12","modified_gmt":"2025-12-27T08:01:12","slug":"placar-eletronico-para-basquete-serie-tee","status":"publish","type":"product","link":"https:\/\/www.telaled.com\/fr\/fabrica\/placar-eletronico-para-basquete-serie-tee\/","title":{"rendered":"Tableau d&#039;affichage \u00e9lectronique de basket-ball s\u00e9rie TEE"},"content":{"rendered":"<div class=\"row\"  id=\"row-1907010826\">\n\n\t<div id=\"col-104434914\" class=\"col small-12 large-12\"  >\n\t\t\t\t<div class=\"col-inner\"  >\n\t\t\t\n\t\t\t\n<h2><strong>Avantages exclusifs du tableau d&#039;affichage \u00e9lectronique de basket-ball de la s\u00e9rie TEE<\/strong><\/h2>\n<h3><strong>Carte m\u00e8re professionnelle<\/strong><\/h3>\n<ul>\n<li>La conception multicouche stable garantit des performances de jeu constantes.<\/li>\n<li>La disposition optimis\u00e9e \u00e9vite la surchauffe et les dysfonctionnements.<\/li>\n<li>Longue dur\u00e9e de vie avec un entretien minimal requis.<\/li>\n<\/ul>\n<h3><strong>T\u00e9l\u00e9commande sans fil<\/strong><\/h3>\n<ul>\n<li>R\u00e9glage facile du score et du tempo par simple pression sur un bouton.<\/li>\n<li>Port\u00e9e de fonctionnement efficace jusqu&#039;\u00e0 30 m\u00e8tres.<\/li>\n<li>Fonctions d&#039;\u00e9dition flexibles pour une gestion rapide des correspondances.<\/li>\n<\/ul>\n<h3><strong>Cadre en alliage durable<\/strong><\/h3>\n<ul>\n<li>Cadre solide et l\u00e9ger pour plus de stabilit\u00e9 et de portabilit\u00e9.<\/li>\n<li>R\u00e9sistant aux chocs et \u00e0 l&#039;usure quotidienne lors de jeux intenses.<\/li>\n<li>Con\u00e7u pour durer plusieurs saisons.<\/li>\n<\/ul>\n<h3><strong>\u00c9cran LED haute d\u00e9finition<\/strong><\/h3>\n<ul>\n<li>De grands chiffres lumineux, visibles m\u00eame dans les grandes ar\u00e8nes.<\/li>\n<li>Surveillez avec pr\u00e9cision les points, les absences, les p\u00e9riodes et le temps.<\/li>\n<li>Engagez le public en gardant les partitions claires sous tous les angles.<\/li>\n<\/ul>\n<h2><strong>D\u00e9tails du produit<\/strong><\/h2>\n<div class=\"row\"  id=\"row-418020585\">\n\n\t<div id=\"col-701306368\" class=\"col medium-10 small-12 large-10\"  >\n\t\t\t\t<div class=\"col-inner text-left\"  >\n\t\t\t\n\t\t\t\n<ul>\n<li><strong>Panneau de jeu complet<\/strong> - Le <strong>Tableau d&#039;affichage \u00e9lectronique de basket-ball s\u00e9rie TEE<\/strong> Affiche les pauses, les fautes, les scores \u00e0 domicile et \u00e0 l&#039;ext\u00e9rieur, ainsi qu&#039;un chronom\u00e8tre de tir de 14 et 24 secondes. Il est \u00e9quip\u00e9 d&#039;une manette de jeu d\u00e9di\u00e9e pour une utilisation fluide et d&#039;un buzzer int\u00e9gr\u00e9 pour signaler les moments cl\u00e9s, garantissant une gestion pr\u00e9cise et professionnelle du match.<\/li>\n<\/ul>\n\t<div class=\"img has-hover x md-x lg-x y md-y lg-y\" id=\"image_1191682686\">\n\t\t\t\t\t\t\t\t<div class=\"img-inner dark\" >\n\t\t\t<img loading=\"lazy\" decoding=\"async\" width=\"800\" height=\"800\" src=\"https:\/\/www.telaled.com\/wp-content\/uploads\/2025\/10\/Scoreboard-Features-Game-Display.webp\" class=\"attachment-large size-large\" alt=\"Tableau d&#039;affichage \u00e9lectronique pour les matchs de basket-ball\" srcset=\"https:\/\/www.telaled.com\/wp-content\/uploads\/2025\/10\/Scoreboard-Features-Game-Display.webp 800w, https:\/\/www.telaled.com\/wp-content\/uploads\/2025\/10\/Scoreboard-Features-Game-Display-300x300.webp 300w, https:\/\/www.telaled.com\/wp-content\/uploads\/2025\/10\/Scoreboard-Features-Game-Display-150x150.webp 150w, https:\/\/www.telaled.com\/wp-content\/uploads\/2025\/10\/Scoreboard-Features-Game-Display-768x768.webp 768w, https:\/\/www.telaled.com\/wp-content\/uploads\/2025\/10\/Scoreboard-Features-Game-Display-12x12.webp 12w, https:\/\/www.telaled.com\/wp-content\/uploads\/2025\/10\/Scoreboard-Features-Game-Display-600x600.webp 600w, https:\/\/www.telaled.com\/wp-content\/uploads\/2025\/10\/Scoreboard-Features-Game-Display-100x100.webp 100w\" sizes=\"auto, (max-width: 800px) 100vw, 800px\" \/>\t\t\t\t\t\t\n\t\t\t\t\t<\/div>\n\t\t\t\t\t\t\t\t\n<style>\n#image_1191682686 {\n  width: 80%;\n}\n<\/style>\n\t<\/div>\n\t\n<ul>\n<li><strong>Taille compacte, mais visible<\/strong> Le tableau d&#039;affichage principal mesure 58 cm x 35 cm (22,8 po x 13,8 po), tandis que le chronom\u00e8tre des tirs mesure 33 cm x 25 cm (13 po x 9,8 po). Con\u00e7u pour une lecture claire et efficace, ses dimensions globales offrent un \u00e9quilibre parfait entre portabilit\u00e9 et haute visibilit\u00e9, ce qui le rend id\u00e9al pour diff\u00e9rents terrains de basket.<\/li>\n<\/ul>\n\t<div class=\"img has-hover x md-x lg-x y md-y lg-y\" id=\"image_1640391304\">\n\t\t\t\t\t\t\t\t<div class=\"img-inner dark\" >\n\t\t\t<img loading=\"lazy\" decoding=\"async\" width=\"1080\" height=\"1080\" src=\"https:\/\/www.telaled.com\/wp-content\/uploads\/2025\/10\/Sizing.webp\" class=\"attachment-original size-original\" alt=\"\" srcset=\"https:\/\/www.telaled.com\/wp-content\/uploads\/2025\/10\/Sizing.webp 1080w, https:\/\/www.telaled.com\/wp-content\/uploads\/2025\/10\/Sizing-300x300.webp 300w, https:\/\/www.telaled.com\/wp-content\/uploads\/2025\/10\/Sizing-1024x1024.webp 1024w, https:\/\/www.telaled.com\/wp-content\/uploads\/2025\/10\/Sizing-150x150.webp 150w, https:\/\/www.telaled.com\/wp-content\/uploads\/2025\/10\/Sizing-768x768.webp 768w, https:\/\/www.telaled.com\/wp-content\/uploads\/2025\/10\/Sizing-12x12.webp 12w, https:\/\/www.telaled.com\/wp-content\/uploads\/2025\/10\/Sizing-600x600.webp 600w, https:\/\/www.telaled.com\/wp-content\/uploads\/2025\/10\/Sizing-100x100.webp 100w\" sizes=\"auto, (max-width: 1080px) 100vw, 1080px\" \/>\t\t\t\t\t\t\n\t\t\t\t\t<\/div>\n\t\t\t\t\t\t\t\t\n<style>\n#image_1640391304 {\n  width: 80%;\n}\n<\/style>\n\t<\/div>\n\t\n<ul>\n<li><strong>Console avec \u00e9cran tactile LCD<\/strong> \u2013 Con\u00e7u pour le <strong>Tableau d&#039;affichage \u00e9lectronique de basket-ball s\u00e9rie TEE<\/strong>Cette console est \u00e9quip\u00e9e d&#039;une antenne, d&#039;un port de charge Type-C, d&#039;un \u00e9cran tactile et d&#039;un \u00e9cran r\u00e9actif. Elle permet aux op\u00e9rateurs de mettre \u00e0 jour les scores, de contr\u00f4ler le chronom\u00e8tre des tirs et d&#039;enregistrer les fautes ou les temps morts rapidement et avec pr\u00e9cision.<\/li>\n<\/ul>\n\t<div class=\"img has-hover x md-x lg-x y md-y lg-y\" id=\"image_910645410\">\n\t\t\t\t\t\t\t\t<div class=\"img-inner dark\" >\n\t\t\t<img loading=\"lazy\" decoding=\"async\" width=\"750\" height=\"750\" src=\"https:\/\/www.telaled.com\/wp-content\/uploads\/2025\/10\/Controller.webp\" class=\"attachment-large size-large\" alt=\"\" srcset=\"https:\/\/www.telaled.com\/wp-content\/uploads\/2025\/10\/Controller.webp 750w, https:\/\/www.telaled.com\/wp-content\/uploads\/2025\/10\/Controller-300x300.webp 300w, https:\/\/www.telaled.com\/wp-content\/uploads\/2025\/10\/Controller-150x150.webp 150w, https:\/\/www.telaled.com\/wp-content\/uploads\/2025\/10\/Controller-12x12.webp 12w, https:\/\/www.telaled.com\/wp-content\/uploads\/2025\/10\/Controller-600x600.webp 600w, https:\/\/www.telaled.com\/wp-content\/uploads\/2025\/10\/Controller-100x100.webp 100w\" sizes=\"auto, (max-width: 750px) 100vw, 750px\" \/>\t\t\t\t\t\t\n\t\t\t\t\t<\/div>\n\t\t\t\t\t\t\t\t\n<style>\n#image_910645410 {\n  width: 80%;\n}\n<\/style>\n\t<\/div>\n\t\n<ul>\n<li><strong>Options d&#039;alimentation et de connectivit\u00e9<\/strong> Le tableau d&#039;affichage et l&#039;horloge antichoc sont tous deux compatibles avec la recharge Type-C pour une alimentation rapide et fiable. Compatibles avec les batteries rechargeables, ils offrent une grande flexibilit\u00e9 d&#039;utilisation, que ce soit lors des entra\u00eenements ou des matchs officiels.<\/li>\n<\/ul>\n\t<div class=\"img has-hover x md-x lg-x y md-y lg-y\" id=\"image_1604368473\">\n\t\t\t\t\t\t\t\t<div class=\"img-inner dark\" >\n\t\t\t<img loading=\"lazy\" decoding=\"async\" width=\"800\" height=\"694\" src=\"https:\/\/www.telaled.com\/wp-content\/uploads\/2025\/10\/Other-Details.webp\" class=\"attachment-large size-large\" alt=\"\" srcset=\"https:\/\/www.telaled.com\/wp-content\/uploads\/2025\/10\/Other-Details.webp 800w, https:\/\/www.telaled.com\/wp-content\/uploads\/2025\/10\/Other-Details-300x260.webp 300w, https:\/\/www.telaled.com\/wp-content\/uploads\/2025\/10\/Other-Details-768x666.webp 768w, https:\/\/www.telaled.com\/wp-content\/uploads\/2025\/10\/Other-Details-14x12.webp 14w, https:\/\/www.telaled.com\/wp-content\/uploads\/2025\/10\/Other-Details-600x521.webp 600w\" sizes=\"auto, (max-width: 800px) 100vw, 800px\" \/>\t\t\t\t\t\t\n\t\t\t\t\t<\/div>\n\t\t\t\t\t\t\t\t\n<style>\n#image_1604368473 {\n  width: 80%;\n}\n<\/style>\n\t<\/div>\n\t\n<ul>\n<li><strong>Tableau d&#039;affichage \u00e9lectronique de basket-ball s\u00e9rie TEE <\/strong>Ils sont emball\u00e9s dans des caisses en bois renforc\u00e9es pour garantir un transport en toute s\u00e9curit\u00e9. Chaque unit\u00e9 est solidement fix\u00e9e pour la prot\u00e9ger des chocs et des nuisibles, garantissant ainsi une livraison intacte et une longue dur\u00e9e de conservation.<\/li>\n<\/ul>\n\t<div class=\"img has-hover x md-x lg-x y md-y lg-y\" id=\"image_1437858500\">\n\t\t\t\t\t\t\t\t<div class=\"img-inner dark\" >\n\t\t\t<img loading=\"lazy\" decoding=\"async\" width=\"760\" height=\"1024\" src=\"https:\/\/www.telaled.com\/wp-content\/uploads\/2025\/08\/36123f2c-de60-488d-af81-255cd4aee54a-760x1024.webp\" class=\"attachment-large size-large\" alt=\"\" srcset=\"https:\/\/www.telaled.com\/wp-content\/uploads\/2025\/08\/36123f2c-de60-488d-af81-255cd4aee54a-760x1024.webp 760w, https:\/\/www.telaled.com\/wp-content\/uploads\/2025\/08\/36123f2c-de60-488d-af81-255cd4aee54a-223x300.webp 223w, https:\/\/www.telaled.com\/wp-content\/uploads\/2025\/08\/36123f2c-de60-488d-af81-255cd4aee54a-768x1035.webp 768w, https:\/\/www.telaled.com\/wp-content\/uploads\/2025\/08\/36123f2c-de60-488d-af81-255cd4aee54a-9x12.webp 9w, https:\/\/www.telaled.com\/wp-content\/uploads\/2025\/08\/36123f2c-de60-488d-af81-255cd4aee54a-600x808.webp 600w, https:\/\/www.telaled.com\/wp-content\/uploads\/2025\/08\/36123f2c-de60-488d-af81-255cd4aee54a.webp 795w\" sizes=\"auto, (max-width: 760px) 100vw, 760px\" \/>\t\t\t\t\t\t\n\t\t\t\t\t<\/div>\n\t\t\t\t\t\t\t\t\n<style>\n#image_1437858500 {\n  width: 80%;\n}\n<\/style>\n\t<\/div>\n\t\n\n<table id=\"tablepress-94\" class=\"tablepress tablepress-id-94\">\n<thead>\n<tr class=\"row-1\">\n\t<th colspan=\"4\" class=\"column-1\">Pr\u00e9sentation du produit<\/th>\n<\/tr>\n<\/thead>\n<tbody class=\"row-striping row-hover\">\n<tr class=\"row-2\">\n\t<td class=\"column-1\">D\u00e9finir y compris<\/td><td class=\"column-2\">1*Tableau d&#039;affichage, 2*Chronom\u00e8tre, 1*Console de jeu, 1*Possession de balle, 1*Corne<\/td><td class=\"column-3\"><\/td><td class=\"column-4\"><\/td>\n<\/tr>\n<tr class=\"row-3\">\n\t<td class=\"column-1\">Taille du produit<\/td><td class=\"column-2\">Tableau d&#039;affichage : 58 x 35 x 2,3 cm (22,8 x 13,8 x 0,9 pouces)<br \/>\nHorloge 24 secondes\u00a0: 33\u00a0x\u00a025\u00a0x\u00a02,3\u00a0cm (13\u00a0x\u00a09,8\u00a0x\u00a00,9\u00a0pouces)<br \/>\nPossession du ballon : 48 x 18 x 2,3 cm (18,9 x 7,1 x 0,9 pouces)<br \/>\nConsole de jeu : 18,7 x 13 x 3 cm (7,36 x 5,1 x 1,18 pouces)<\/td><td class=\"column-3\"><\/td><td class=\"column-4\"><\/td>\n<\/tr>\n<tr class=\"row-4\">\n\t<td class=\"column-1\">Source d&#039;\u00e9nergie<\/td><td class=\"column-2\">1 \u00e0 3 piles 18650 pour tableau d&#039;affichage\/chronom\u00e8tre\/poss (piles non incluses)<br \/>\n3 piles AA pour le klaxon (piles non incluses)<br \/>\nAlimentation de type C pour console de jeu<\/td><td class=\"column-3\"><\/td><td class=\"column-4\"><\/td>\n<\/tr>\n<tr class=\"row-5\">\n\t<td class=\"column-1\">Appel<\/td><td class=\"column-2\">Portable, professionnel, synchronisable<\/td><td class=\"column-3\"><\/td><td class=\"column-4\"><\/td>\n<\/tr>\n<tr class=\"row-6\">\n\t<td class=\"column-1\">Application<\/td><td class=\"column-2\">Terrain de basket int\u00e9rieur et ext\u00e9rieur, affichage des scores des matchs de balle<\/td><td class=\"column-3\"><\/td><td class=\"column-4\"><\/td>\n<\/tr>\n<\/tbody>\n<\/table>\n<!-- #tablepress-94 from cache -->\n\t\t<\/div>\n\t\t\t\t\t<\/div>\n\n\t\n<\/div>\n\t\t<\/div>\n\t\t\t\t\t<\/div>\n\n\t\n<\/div>","protected":false},"excerpt":{"rendered":"<p><strong>Tableau d&#039;affichage \u00e9lectronique de basket-ball de la s\u00e9rie TEE \u2013 Score pr\u00e9cis pour chaque match<\/strong><\/p>\n<p>LE <em><strong>Tableau d&#039;affichage \u00e9lectronique de basket-ball s\u00e9rie TEE<\/strong><\/em> Con\u00e7u pour que chaque point, quart-temps et temps mort technique soit clair pour les joueurs et les supporters. Avec ses chiffres LED lumineux, ses performances fiables et ses commandes intuitives, il offre un score de qualit\u00e9 professionnelle pour les \u00e9coles, les gymnases et les ar\u00e9nas.<\/p>\n<p><strong>Principaux avantages :<\/strong><\/p>\n<ul>\n<li><strong>Mises \u00e0 jour instantan\u00e9es des scores<\/strong> \u2013 Affiche les points, les fautes et les quarts-temps en temps r\u00e9el pour un d\u00e9roulement de jeu fluide.<\/li>\n<li><strong>LED haute visibilit\u00e9<\/strong> \u2013 De grands chiffres lumineux rendent le score clair depuis n\u2019importe quel coin du terrain.<\/li>\n<li><strong>Construction durable<\/strong> \u2013 Con\u00e7u pour g\u00e9rer le rythme rapide des jeux avec des composants durables.<\/li>\n<li><strong>Facile \u00e0 utiliser<\/strong> \u2013 Le syst\u00e8me de contr\u00f4le simple garantit que les arbitres et les officiels peuvent mettre \u00e0 jour les scores rapidement.<\/li>\n<\/ul>\n<p><span style=\"font-weight: 400;\">Notre \u00e9quipe offre une assistance \u00e0 distance 24h\/24 et 7j\/7 et une garantie de 3 ans. Contactez-nous d\u00e8s aujourd&#039;hui pour un devis personnalis\u00e9.<\/span><\/p>","protected":false},"featured_media":3756,"template":"","meta":[],"product_brand":[],"product_cat":[48,40,44,46],"product_tag":[],"class_list":{"0":"post-3751","1":"product","2":"type-product","3":"status-publish","4":"has-post-thumbnail","6":"product_cat-paineis-personalizados","7":"product_cat-painel-de-led","8":"product_cat-painel-de-led-flexivel","9":"product_cat-painel-de-video","11":"first","12":"instock","13":"shipping-taxable","14":"product-type-simple"},"yoast_head":"<!-- This site is optimized with the Yoast SEO plugin v27.5 - https:\/\/yoast.com\/product\/yoast-seo-wordpress\/ -->\n<title>Placar Eletr\u00f4nico Para Basquete S\u00e9rie TEE | TELALED<\/title>\n<meta name=\"description\" content=\"O placar eletr\u00f4nico para basquete s\u00e9rie TEE mant\u00e9m cada jogo preciso e emocionante com pontua\u00e7\u00e3o em LED brilhante. Pe\u00e7a j\u00e1!\" \/>\n<meta name=\"robots\" content=\"index, follow, max-snippet:-1, max-image-preview:large, max-video-preview:-1\" \/>\n<link rel=\"canonical\" href=\"https:\/\/www.telaled.com\/fr\/fabrica\/placar-eletronico-para-basquete-serie-tee\/\" \/>\n<meta property=\"og:locale\" content=\"fr_FR\" \/>\n<meta property=\"og:type\" content=\"article\" \/>\n<meta property=\"og:title\" content=\"Placar Eletr\u00f4nico Para Basquete S\u00e9rie TEE | TELALED\" \/>\n<meta property=\"og:description\" content=\"O placar eletr\u00f4nico para basquete s\u00e9rie TEE mant\u00e9m cada jogo preciso e emocionante com pontua\u00e7\u00e3o em LED brilhante. Pe\u00e7a j\u00e1!\" \/>\n<meta property=\"og:url\" content=\"https:\/\/www.telaled.com\/fr\/fabrica\/placar-eletronico-para-basquete-serie-tee\/\" \/>\n<meta property=\"og:site_name\" content=\"TELALED\" \/>\n<meta property=\"article:modified_time\" content=\"2025-12-27T08:01:12+00:00\" \/>\n<meta property=\"og:image\" content=\"https:\/\/www.telaled.com\/wp-content\/uploads\/2025\/10\/Electronic-Basketball-Scoreboard-2.webp\" \/>\n\t<meta property=\"og:image:width\" content=\"500\" \/>\n\t<meta property=\"og:image:height\" content=\"500\" \/>\n\t<meta property=\"og:image:type\" content=\"image\/webp\" \/>\n<meta name=\"twitter:card\" content=\"summary_large_image\" \/>\n<meta name=\"twitter:label1\" content=\"Dur\u00e9e de lecture estim\u00e9e\" \/>\n\t<meta name=\"twitter:data1\" content=\"3 minutes\" \/>\n<script type=\"application\/ld+json\" class=\"yoast-schema-graph\">{\"@context\":\"https:\\\/\\\/schema.org\",\"@graph\":[{\"@type\":\"WebPage\",\"@id\":\"https:\\\/\\\/www.telaled.com\\\/fabrica\\\/placar-eletronico-para-basquete-serie-tee\\\/\",\"url\":\"https:\\\/\\\/www.telaled.com\\\/fabrica\\\/placar-eletronico-para-basquete-serie-tee\\\/\",\"name\":\"Placar Eletr\u00f4nico Para Basquete S\u00e9rie TEE | TELALED\",\"isPartOf\":{\"@id\":\"https:\\\/\\\/www.telaled.com\\\/#website\"},\"primaryImageOfPage\":{\"@id\":\"https:\\\/\\\/www.telaled.com\\\/fabrica\\\/placar-eletronico-para-basquete-serie-tee\\\/#primaryimage\"},\"image\":{\"@id\":\"https:\\\/\\\/www.telaled.com\\\/fabrica\\\/placar-eletronico-para-basquete-serie-tee\\\/#primaryimage\"},\"thumbnailUrl\":\"https:\\\/\\\/www.telaled.com\\\/wp-content\\\/uploads\\\/2025\\\/10\\\/Electronic-Basketball-Scoreboard-2.webp\",\"datePublished\":\"2025-10-02T18:10:45+00:00\",\"dateModified\":\"2025-12-27T08:01:12+00:00\",\"description\":\"O placar eletr\u00f4nico para basquete s\u00e9rie TEE mant\u00e9m cada jogo preciso e emocionante com pontua\u00e7\u00e3o em LED brilhante. Pe\u00e7a j\u00e1!\",\"breadcrumb\":{\"@id\":\"https:\\\/\\\/www.telaled.com\\\/fabrica\\\/placar-eletronico-para-basquete-serie-tee\\\/#breadcrumb\"},\"inLanguage\":\"fr-FR\",\"potentialAction\":[{\"@type\":\"ReadAction\",\"target\":[\"https:\\\/\\\/www.telaled.com\\\/fabrica\\\/placar-eletronico-para-basquete-serie-tee\\\/\"]}]},{\"@type\":\"ImageObject\",\"inLanguage\":\"fr-FR\",\"@id\":\"https:\\\/\\\/www.telaled.com\\\/fabrica\\\/placar-eletronico-para-basquete-serie-tee\\\/#primaryimage\",\"url\":\"https:\\\/\\\/www.telaled.com\\\/wp-content\\\/uploads\\\/2025\\\/10\\\/Electronic-Basketball-Scoreboard-2.webp\",\"contentUrl\":\"https:\\\/\\\/www.telaled.com\\\/wp-content\\\/uploads\\\/2025\\\/10\\\/Electronic-Basketball-Scoreboard-2.webp\",\"width\":500,\"height\":500,\"caption\":\"Placar Eletr\u00f4nico Para Basquete S\u00e9rie TEE\"},{\"@type\":\"BreadcrumbList\",\"@id\":\"https:\\\/\\\/www.telaled.com\\\/fabrica\\\/placar-eletronico-para-basquete-serie-tee\\\/#breadcrumb\",\"itemListElement\":[{\"@type\":\"ListItem\",\"position\":1,\"name\":\"Home\",\"item\":\"https:\\\/\\\/www.telaled.com\\\/\"},{\"@type\":\"ListItem\",\"position\":2,\"name\":\"Produtos\",\"item\":\"https:\\\/\\\/www.telaled.com\\\/shop\\\/\"},{\"@type\":\"ListItem\",\"position\":3,\"name\":\"Placar Eletr\u00f4nico Para Basquete S\u00e9rie TEE\"}]},{\"@type\":\"WebSite\",\"@id\":\"https:\\\/\\\/www.telaled.com\\\/#website\",\"url\":\"https:\\\/\\\/www.telaled.com\\\/\",\"name\":\"TELALED\",\"description\":\"\",\"potentialAction\":[{\"@type\":\"SearchAction\",\"target\":{\"@type\":\"EntryPoint\",\"urlTemplate\":\"https:\\\/\\\/www.telaled.com\\\/?s={search_term_string}\"},\"query-input\":{\"@type\":\"PropertyValueSpecification\",\"valueRequired\":true,\"valueName\":\"search_term_string\"}}],\"inLanguage\":\"fr-FR\"}]}<\/script>\n<!-- \/ Yoast SEO plugin. -->","yoast_head_json":{"title":"Tableau d&#039;affichage \u00e9lectronique de basket-ball s\u00e9rie TEE | TELALED","description":"Le tableau d&#039;affichage \u00e9lectronique de basket-ball TEE Series garantit la pr\u00e9cision et le suspense de chaque match gr\u00e2ce \u00e0 un affichage LED lumineux. Commandez d\u00e8s maintenant\u00a0!","robots":{"index":"index","follow":"follow","max-snippet":"max-snippet:-1","max-image-preview":"max-image-preview:large","max-video-preview":"max-video-preview:-1"},"canonical":"https:\/\/www.telaled.com\/fr\/fabrica\/placar-eletronico-para-basquete-serie-tee\/","og_locale":"fr_FR","og_type":"article","og_title":"Placar Eletr\u00f4nico Para Basquete S\u00e9rie TEE | TELALED","og_description":"O placar eletr\u00f4nico para basquete s\u00e9rie TEE mant\u00e9m cada jogo preciso e emocionante com pontua\u00e7\u00e3o em LED brilhante. Pe\u00e7a j\u00e1!","og_url":"https:\/\/www.telaled.com\/fr\/fabrica\/placar-eletronico-para-basquete-serie-tee\/","og_site_name":"TELALED","article_modified_time":"2025-12-27T08:01:12+00:00","og_image":[{"width":500,"height":500,"url":"https:\/\/www.telaled.com\/wp-content\/uploads\/2025\/10\/Electronic-Basketball-Scoreboard-2.webp","type":"image\/webp"}],"twitter_card":"summary_large_image","twitter_misc":{"Dur\u00e9e de lecture estim\u00e9e":"3 minutes"},"schema":{"@context":"https:\/\/schema.org","@graph":[{"@type":"WebPage","@id":"https:\/\/www.telaled.com\/fabrica\/placar-eletronico-para-basquete-serie-tee\/","url":"https:\/\/www.telaled.com\/fabrica\/placar-eletronico-para-basquete-serie-tee\/","name":"Tableau d&#039;affichage \u00e9lectronique de basket-ball s\u00e9rie TEE | TELALED","isPartOf":{"@id":"https:\/\/www.telaled.com\/#website"},"primaryImageOfPage":{"@id":"https:\/\/www.telaled.com\/fabrica\/placar-eletronico-para-basquete-serie-tee\/#primaryimage"},"image":{"@id":"https:\/\/www.telaled.com\/fabrica\/placar-eletronico-para-basquete-serie-tee\/#primaryimage"},"thumbnailUrl":"https:\/\/www.telaled.com\/wp-content\/uploads\/2025\/10\/Electronic-Basketball-Scoreboard-2.webp","datePublished":"2025-10-02T18:10:45+00:00","dateModified":"2025-12-27T08:01:12+00:00","description":"Le tableau d&#039;affichage \u00e9lectronique de basket-ball TEE Series garantit la pr\u00e9cision et le suspense de chaque match gr\u00e2ce \u00e0 un affichage LED lumineux. Commandez d\u00e8s maintenant\u00a0!","breadcrumb":{"@id":"https:\/\/www.telaled.com\/fabrica\/placar-eletronico-para-basquete-serie-tee\/#breadcrumb"},"inLanguage":"fr-FR","potentialAction":[{"@type":"ReadAction","target":["https:\/\/www.telaled.com\/fabrica\/placar-eletronico-para-basquete-serie-tee\/"]}]},{"@type":"ImageObject","inLanguage":"fr-FR","@id":"https:\/\/www.telaled.com\/fabrica\/placar-eletronico-para-basquete-serie-tee\/#primaryimage","url":"https:\/\/www.telaled.com\/wp-content\/uploads\/2025\/10\/Electronic-Basketball-Scoreboard-2.webp","contentUrl":"https:\/\/www.telaled.com\/wp-content\/uploads\/2025\/10\/Electronic-Basketball-Scoreboard-2.webp","width":500,"height":500,"caption":"Placar Eletr\u00f4nico Para Basquete S\u00e9rie TEE"},{"@type":"BreadcrumbList","@id":"https:\/\/www.telaled.com\/fabrica\/placar-eletronico-para-basquete-serie-tee\/#breadcrumb","itemListElement":[{"@type":"ListItem","position":1,"name":"Home","item":"https:\/\/www.telaled.com\/"},{"@type":"ListItem","position":2,"name":"Produtos","item":"https:\/\/www.telaled.com\/shop\/"},{"@type":"ListItem","position":3,"name":"Placar Eletr\u00f4nico Para Basquete S\u00e9rie TEE"}]},{"@type":"WebSite","@id":"https:\/\/www.telaled.com\/#website","url":"https:\/\/www.telaled.com\/","name":"\u00e9cran LED","description":"","potentialAction":[{"@type":"SearchAction","target":{"@type":"EntryPoint","urlTemplate":"https:\/\/www.telaled.com\/?s={search_term_string}"},"query-input":{"@type":"PropertyValueSpecification","valueRequired":true,"valueName":"search_term_string"}}],"inLanguage":"fr-FR"}]}},"_links":{"self":[{"href":"https:\/\/www.telaled.com\/fr\/wp-json\/wp\/v2\/product\/3751","targetHints":{"allow":["GET"]}}],"collection":[{"href":"https:\/\/www.telaled.com\/fr\/wp-json\/wp\/v2\/product"}],"about":[{"href":"https:\/\/www.telaled.com\/fr\/wp-json\/wp\/v2\/types\/product"}],"wp:featuredmedia":[{"embeddable":true,"href":"https:\/\/www.telaled.com\/fr\/wp-json\/wp\/v2\/media\/3756"}],"wp:attachment":[{"href":"https:\/\/www.telaled.com\/fr\/wp-json\/wp\/v2\/media?parent=3751"}],"wp:term":[{"taxonomy":"product_brand","embeddable":true,"href":"https:\/\/www.telaled.com\/fr\/wp-json\/wp\/v2\/product_brand?post=3751"},{"taxonomy":"product_cat","embeddable":true,"href":"https:\/\/www.telaled.com\/fr\/wp-json\/wp\/v2\/product_cat?post=3751"},{"taxonomy":"product_tag","embeddable":true,"href":"https:\/\/www.telaled.com\/fr\/wp-json\/wp\/v2\/product_tag?post=3751"}],"curies":[{"name":"wp","href":"https:\/\/api.w.org\/{rel}","templated":true}]}}