{"id":3735,"date":"2025-10-02T10:10:21","date_gmt":"2025-10-02T10:10:21","guid":{"rendered":"https:\/\/www.telaled.com\/?post_type=product&#038;p=3735"},"modified":"2026-01-06T09:43:41","modified_gmt":"2026-01-06T09:43:41","slug":"placar-eletronico-para-badminton-serie-ted","status":"publish","type":"product","link":"https:\/\/www.telaled.com\/fr\/fabrica\/placar-eletronico-para-badminton-serie-ted\/","title":{"rendered":"Tableau d&#039;affichage \u00e9lectronique pour la s\u00e9rie TED de badminton"},"content":{"rendered":"<div class=\"row\"  id=\"row-1408732515\">\n\n\t<div id=\"col-1828485283\" class=\"col small-12 large-12\"  >\n\t\t\t\t<div class=\"col-inner\"  >\n\t\t\t\n\t\t\t\n<h2><span data-sheets-root=\"1\">Tableau d&#039;affichage \u00e9lectronique pour le badminton<\/span> S\u00e9rie TED<\/h2>\n<h3><strong>Durabilit\u00e9 sup\u00e9rieure<\/strong><\/h3>\n<ul>\n<li>Fabriqu\u00e9 en alliage d&#039;aluminium haute r\u00e9sistance pour une structure solide et l\u00e9g\u00e8re.<\/li>\n<li>Bo\u00eetier r\u00e9sistant \u00e0 la corrosion et aux chocs con\u00e7u pour une utilisation int\u00e9rieure \u00e0 long terme.<\/li>\n<li>Certifi\u00e9 CE et RoHS pour r\u00e9pondre aux normes internationales de s\u00e9curit\u00e9 et de qualit\u00e9.<\/li>\n<li>La structure scell\u00e9e emp\u00eache la poussi\u00e8re et les d\u00e9bris d\u2019affecter les composants internes.<\/li>\n<li>Performances stables lors d&#039;un fonctionnement continu dans les installations sportives.<\/li>\n<\/ul>\n<h3><strong>Qualit\u00e9 visuelle exceptionnelle<\/strong><\/h3>\n<ul>\n<li>Il est dot\u00e9 de 22 chiffres rouges lumineux \u00e0 LED, avec des caract\u00e8res de 1,8 pouce de hauteur.<\/li>\n<li>Visible jusqu&#039;\u00e0 30 m\u00e8tres avec un contraste net et un \u00e9clairage uniforme.<\/li>\n<li>Cinq niveaux de luminosit\u00e9 r\u00e9glables pour un affichage clair dans toutes les conditions d&#039;\u00e9clairage.<\/li>\n<li>La sortie LED sans scintillement garantit une visibilit\u00e9 fluide et continue pendant le jeu.<\/li>\n<li>Les chiffres larges et bien espac\u00e9s rendent les partitions faciles \u00e0 lire sous n&#039;importe quel angle de vue.<\/li>\n<\/ul>\n<h3><strong>Adaptabilit\u00e9 compl\u00e8te<\/strong><\/h3>\n<ul>\n<li>Prend en charge le montage mural, sur table ou sur tr\u00e9pied (tr\u00e9pied vendu s\u00e9par\u00e9ment)<\/li>\n<li>Double option d&#039;alimentation\u00a0; entr\u00e9e CA ou CC 5\u00a0V pour une compatibilit\u00e9 \u00e9lectrique optimale. <a href=\"https:\/\/www.telaled.com\/fr\/o-guia-definitivo-para-painels-de-led-flexiveis\/\">flexible<\/a>.<\/li>\n<li>Fonctionne via une t\u00e9l\u00e9commande sans fil 2,4G avec une port\u00e9e allant jusqu&#039;\u00e0 30 m\u00e8tres.<\/li>\n<li>Les fonctionnalit\u00e9s incluent le score \u00e0 domicile\/\u00e0 l&#039;ext\u00e9rieur et l&#039;affichage de 5 manches avec des sons en option.<\/li>\n<li>Adapt\u00e9 aux \u00e9v\u00e9nements de badminton., <a href=\"https:\/\/www.telaled.com\/fr\/fabrica\/placar-eletronico-para-volei-serie-teb\/\">volley-ball<\/a>, <a href=\"https:\/\/www.telaled.com\/fr\/fabrica\/placar-eletronico-para-tenis-serie-tec\/\">tennis<\/a> et le tennis de table.<\/li>\n<\/ul>\n<h3><strong>Assistance compl\u00e8te<\/strong><\/h3>\n<ul>\n<li>Assistance technique experte 24h\/24 et 7j\/7, obtenez une assistance fiable \u00e0 tout moment et en tout lieu gr\u00e2ce \u00e0 notre \u00e9quipe d&#039;assistance \u00e0 distance 24h\/24 et 7j\/7.<\/li>\n<li>Pi\u00e8ces de rechange suppl\u00e9mentaires 5%, chaque commande est livr\u00e9e avec des composants de remplacement suppl\u00e9mentaires, garantissant une plus grande fiabilit\u00e9 et vous offrant plus de tranquillit\u00e9 d&#039;esprit.<\/li>\n<li>Garantie prolong\u00e9e de 3 ans Profitez de performances durables et d&#039;un service fiable soutenu par une garantie prolong\u00e9e de 3 ans pour une protection maximale.<\/li>\n<\/ul>\n<h2>D\u00e9tails du produit<\/h2>\n<div class=\"row\"  id=\"row-1585569855\">\n\n\t<div id=\"col-885146140\" class=\"col medium-10 small-12 large-10\"  >\n\t\t\t\t<div class=\"col-inner text-left\"  >\n\t\t\t\n\t\t\t\n<ul>\n<li>Les tableaux d&#039;affichage de badminton int\u00e9rieurs et ext\u00e9rieurs offrent un score fiable et pr\u00e9cis, tout en garantissant une excellente visibilit\u00e9. Ils affichent clairement les sets, les jeux et les points, tandis qu&#039;un indicateur lumineux indique l&#039;\u00e9quipe qui a le service. Con\u00e7u pour durer et performer, ce tableau d&#039;affichage est id\u00e9al pour les \u00e9coles, les clubs et les installations sportives qui souhaitent am\u00e9liorer l&#039;exp\u00e9rience d&#039;entra\u00eenement et de comp\u00e9tition.<\/li>\n<\/ul>\n\t<div class=\"img has-hover x md-x lg-x y md-y lg-y\" id=\"image_1152358776\">\n\t\t\t\t\t\t\t\t<div class=\"img-inner dark\" >\n\t\t\t<img loading=\"lazy\" decoding=\"async\" width=\"877\" height=\"431\" src=\"https:\/\/www.telaled.com\/wp-content\/uploads\/2025\/10\/Placar-eletronico-para-badminton6.webp\" class=\"attachment-original size-original\" alt=\"Tableau d&#039;affichage \u00e9lectronique pour badminton6\" srcset=\"https:\/\/www.telaled.com\/wp-content\/uploads\/2025\/10\/Placar-eletronico-para-badminton6.webp 877w, https:\/\/www.telaled.com\/wp-content\/uploads\/2025\/10\/Placar-eletronico-para-badminton6-300x147.webp 300w, https:\/\/www.telaled.com\/wp-content\/uploads\/2025\/10\/Placar-eletronico-para-badminton6-768x377.webp 768w, https:\/\/www.telaled.com\/wp-content\/uploads\/2025\/10\/Placar-eletronico-para-badminton6-18x9.webp 18w, https:\/\/www.telaled.com\/wp-content\/uploads\/2025\/10\/Placar-eletronico-para-badminton6-600x295.webp 600w\" sizes=\"auto, (max-width: 877px) 100vw, 877px\" \/>\t\t\t\t\t\t\n\t\t\t\t\t<\/div>\n\t\t\t\t\t\t\t\t\n<style>\n#image_1152358776 {\n  width: 80%;\n}\n<\/style>\n\t<\/div>\n\t\n<ul>\n<li>LE <em><strong>Tableau d&#039;affichage \u00e9lectronique de badminton<\/strong><\/em> Met en valeur chaque instant avec clart\u00e9. Propose des packages pr\u00eats \u00e0 l&#039;emploi qui am\u00e9liorent l&#039;exp\u00e9rience des supporters, constituant ainsi un investissement durable pour les \u00e9v\u00e9nements et comp\u00e9titions sportives.<\/li>\n<\/ul>\n\t<div class=\"img has-hover x md-x lg-x y md-y lg-y\" id=\"image_513695412\">\n\t\t\t\t\t\t\t\t<div class=\"img-inner dark\" >\n\t\t\t<img loading=\"lazy\" decoding=\"async\" width=\"1020\" height=\"1020\" src=\"https:\/\/www.telaled.com\/wp-content\/uploads\/2025\/10\/Placar-eletronico-para-badminton7-1024x1024.webp\" class=\"attachment-large size-large\" alt=\"\" srcset=\"https:\/\/www.telaled.com\/wp-content\/uploads\/2025\/10\/Placar-eletronico-para-badminton7-1024x1024.webp 1024w, https:\/\/www.telaled.com\/wp-content\/uploads\/2025\/10\/Placar-eletronico-para-badminton7-300x300.webp 300w, https:\/\/www.telaled.com\/wp-content\/uploads\/2025\/10\/Placar-eletronico-para-badminton7-150x150.webp 150w, https:\/\/www.telaled.com\/wp-content\/uploads\/2025\/10\/Placar-eletronico-para-badminton7-768x768.webp 768w, https:\/\/www.telaled.com\/wp-content\/uploads\/2025\/10\/Placar-eletronico-para-badminton7-1536x1536.webp 1536w, https:\/\/www.telaled.com\/wp-content\/uploads\/2025\/10\/Placar-eletronico-para-badminton7-12x12.webp 12w, https:\/\/www.telaled.com\/wp-content\/uploads\/2025\/10\/Placar-eletronico-para-badminton7-600x600.webp 600w, https:\/\/www.telaled.com\/wp-content\/uploads\/2025\/10\/Placar-eletronico-para-badminton7-100x100.webp 100w, https:\/\/www.telaled.com\/wp-content\/uploads\/2025\/10\/Placar-eletronico-para-badminton7.webp 1600w\" sizes=\"auto, (max-width: 1020px) 100vw, 1020px\" \/>\t\t\t\t\t\t\n\t\t\t\t\t<\/div>\n\t\t\t\t\t\t\t\t\n<style>\n#image_513695412 {\n  width: 80%;\n}\n<\/style>\n\t<\/div>\n\t\n\t\t<\/div>\n\t\t\t\t\t<\/div>\n\n\t\n\n\t<div id=\"col-1370190049\" class=\"col medium-10 small-12 large-10\"  >\n\t\t\t\t<div class=\"col-inner text-left\"  >\n\t\t\t\n\t\t\t\n<ul>\n<li><strong>Tableau d&#039;affichage \u00e9lectronique pour la s\u00e9rie TED de badminton<\/strong>\u00a0 Ils sont emball\u00e9s dans des caisses en bois renforc\u00e9es pour les prot\u00e9ger pendant le transport. Chaque unit\u00e9 est solidement emball\u00e9e pour la prot\u00e9ger des dommages caus\u00e9s par les nuisibles, les chocs et autres dangers. Cela garantit une durabilit\u00e9 et une livraison en toute s\u00e9curit\u00e9.<\/li>\n<\/ul>\n\t<div class=\"img has-hover x md-x lg-x y md-y lg-y\" id=\"image_281709213\">\n\t\t\t\t\t\t\t\t<div class=\"img-inner dark\" >\n\t\t\t<img loading=\"lazy\" decoding=\"async\" width=\"760\" height=\"1024\" src=\"https:\/\/www.telaled.com\/wp-content\/uploads\/2025\/08\/36123f2c-de60-488d-af81-255cd4aee54a-760x1024.webp\" class=\"attachment-large size-large\" alt=\"\" srcset=\"https:\/\/www.telaled.com\/wp-content\/uploads\/2025\/08\/36123f2c-de60-488d-af81-255cd4aee54a-760x1024.webp 760w, https:\/\/www.telaled.com\/wp-content\/uploads\/2025\/08\/36123f2c-de60-488d-af81-255cd4aee54a-223x300.webp 223w, https:\/\/www.telaled.com\/wp-content\/uploads\/2025\/08\/36123f2c-de60-488d-af81-255cd4aee54a-768x1035.webp 768w, https:\/\/www.telaled.com\/wp-content\/uploads\/2025\/08\/36123f2c-de60-488d-af81-255cd4aee54a-9x12.webp 9w, https:\/\/www.telaled.com\/wp-content\/uploads\/2025\/08\/36123f2c-de60-488d-af81-255cd4aee54a-600x808.webp 600w, https:\/\/www.telaled.com\/wp-content\/uploads\/2025\/08\/36123f2c-de60-488d-af81-255cd4aee54a.webp 795w\" sizes=\"auto, (max-width: 760px) 100vw, 760px\" \/>\t\t\t\t\t\t\n\t\t\t\t\t<\/div>\n\t\t\t\t\t\t\t\t\n<style>\n#image_281709213 {\n  width: 80%;\n}\n<\/style>\n\t<\/div>\n\t\n\n<table id=\"tablepress-93\" class=\"tablepress tablepress-id-93\">\n<thead>\n<tr class=\"row-1\">\n\t<th class=\"column-1\">Taper<\/th><th class=\"column-2\">Tableau d&#039;affichage de badminton, tableau d&#039;affichage de volley-ball<\/th><th class=\"column-3\">Appel<\/th><th class=\"column-4\">Affichage du score, affichage de la manche<\/th>\n<\/tr>\n<\/thead>\n<tbody class=\"row-striping row-hover\">\n<tr class=\"row-2\">\n\t<td class=\"column-1\">Lieu d&#039;origine<\/td><td class=\"column-2\">Shenzhen, Chine<\/td><td class=\"column-3\">Marque<\/td><td class=\"column-4\">\u00e9cran LED<\/td>\n<\/tr>\n<tr class=\"row-3\">\n\t<td class=\"column-1\">Num\u00e9ro de mod\u00e8le<\/td><td class=\"column-2\">S\u00e9rie TED<\/td><td class=\"column-3\">Mat\u00e9riel<\/td><td class=\"column-4\">alliage d&#039;aluminium<\/td>\n<\/tr>\n<tr class=\"row-4\">\n\t<td class=\"column-1\">Mat\u00e9riau du cadre<\/td><td class=\"column-2\">alliage d&#039;aluminium<\/td><td class=\"column-3\">Taille<\/td><td class=\"column-4\">790 mm x 255 mm x 55 mm (31,1&quot; x 10,0&quot; x 2,2&quot;)<\/td>\n<\/tr>\n<tr class=\"row-5\">\n\t<td class=\"column-1\">Hauteur des caract\u00e8res<\/td><td class=\"column-2\">1,8 pouces - 22 chiffres<\/td><td class=\"column-3\">Fonction<\/td><td class=\"column-4\">Scores \u00e0 domicile et \u00e0 l&#039;ext\u00e9rieur, affichage de 5 manches<\/td>\n<\/tr>\n<tr class=\"row-6\">\n\t<td class=\"column-1\">Contr\u00f4le<\/td><td class=\"column-2\">T\u00e9l\u00e9commande<\/td><td class=\"column-3\">Installation<\/td><td class=\"column-4\">Montage mural<\/td>\n<\/tr>\n<tr class=\"row-7\">\n\t<td class=\"column-1\">Certificat<\/td><td class=\"column-2\">CE, RoHS<\/td><td class=\"column-3\"><\/td><td class=\"column-4\"><\/td>\n<\/tr>\n<\/tbody>\n<\/table>\n<!-- #tablepress-93 from cache -->\n\t\t<\/div>\n\t\t\t\t\t<\/div>\n\n\t\n<\/div>\n\t\t<\/div>\n\t\t\t\t\t<\/div>\n\n\t\n<\/div>","protected":false},"excerpt":{"rendered":"<p><strong>Tableau d&#039;affichage \u00e9lectronique pour la s\u00e9rie TED de badminton<\/strong> \u2013 Affichage du score LED en temps r\u00e9el pour les clubs et les tournois.<\/p>\n<p>Un <em><strong>tableau d&#039;affichage \u00e9lectronique de badminton<\/strong><\/em> Permet de suivre facilement chaque match gr\u00e2ce \u00e0 l&#039;affichage pr\u00e9cis des r\u00e9sultats en temps r\u00e9el et \u00e0 la visibilit\u00e9 optimale des LED. Id\u00e9al pour les entra\u00eenements, les tournois ou les matchs de club.<\/p>\n<p><strong>Caract\u00e9ristiques principales :<\/strong><\/p>\n<ul>\n<li>La structure rigide en alliage d&#039;aluminium avec certification CE et RoHS garantit une longue dur\u00e9e de vie.<\/li>\n<li>Les chiffres rouge vif de 1,8 pouce avec 5 niveaux de luminosit\u00e9 offrent une visibilit\u00e9 claire jusqu&#039;\u00e0 30 m.<\/li>\n<li>Il fonctionne sur alimentation AC ou 5V DC et prend en charge le montage mural, sur table ou sur tr\u00e9pied avec une t\u00e9l\u00e9commande sans fil 2,4G.<\/li>\n<\/ul>\n<p>Nos experts sont disponibles 24h\/24 et 7j\/7, jour et nuit, avec une assistance \u00e0 distance et une garantie produit de 3 ans. Demandez votre devis personnalis\u00e9 d\u00e8s aujourd&#039;hui.<\/p>","protected":false},"featured_media":3736,"template":"","meta":[],"product_brand":[],"product_cat":[48,40],"product_tag":[],"class_list":{"0":"post-3735","1":"product","2":"type-product","3":"status-publish","4":"has-post-thumbnail","6":"product_cat-paineis-personalizados","7":"product_cat-painel-de-led","9":"first","10":"instock","11":"shipping-taxable","12":"product-type-simple"},"yoast_head":"<!-- This site is optimized with the Yoast SEO plugin v27.5 - https:\/\/yoast.com\/product\/yoast-seo-wordpress\/ -->\n<title>Placar Eletr\u00f4nico de Badminton S\u00e9rie TED | Solu\u00e7\u00f5es de pontua\u00e7\u00e3o digital para clubes e torneios | TELALED<\/title>\n<meta name=\"description\" content=\"Descubra o Placar Eletr\u00f4nico de Badminton S\u00e9rie TED projetado para precis\u00e3o e praticidade. Perfeito para clubes, escolas e competi\u00e7\u00f5es, com displays de LED, controles de \u00e1rbitro e aplicativos de auto\u00e1rbitro.\" \/>\n<meta name=\"robots\" content=\"index, follow, max-snippet:-1, max-image-preview:large, max-video-preview:-1\" \/>\n<link rel=\"canonical\" href=\"https:\/\/www.telaled.com\/fr\/fabrica\/placar-eletronico-para-badminton-serie-ted\/\" \/>\n<meta property=\"og:locale\" content=\"fr_FR\" \/>\n<meta property=\"og:type\" content=\"article\" \/>\n<meta property=\"og:title\" content=\"Placar Eletr\u00f4nico de Badminton S\u00e9rie TED | Solu\u00e7\u00f5es de pontua\u00e7\u00e3o digital para clubes e torneios | TELALED\" \/>\n<meta property=\"og:description\" content=\"Descubra o Placar Eletr\u00f4nico de Badminton S\u00e9rie TED projetado para precis\u00e3o e praticidade. Perfeito para clubes, escolas e competi\u00e7\u00f5es, com displays de LED, controles de \u00e1rbitro e aplicativos de auto\u00e1rbitro.\" \/>\n<meta property=\"og:url\" content=\"https:\/\/www.telaled.com\/fr\/fabrica\/placar-eletronico-para-badminton-serie-ted\/\" \/>\n<meta property=\"og:site_name\" content=\"TELALED\" \/>\n<meta property=\"article:modified_time\" content=\"2026-01-06T09:43:41+00:00\" \/>\n<meta property=\"og:image\" content=\"https:\/\/www.telaled.com\/wp-content\/uploads\/2025\/10\/Placar-eletronico-para-badminton.webp\" \/>\n\t<meta property=\"og:image:width\" content=\"500\" \/>\n\t<meta property=\"og:image:height\" content=\"500\" \/>\n\t<meta property=\"og:image:type\" content=\"image\/webp\" \/>\n<meta name=\"twitter:card\" content=\"summary_large_image\" \/>\n<meta name=\"twitter:label1\" content=\"Dur\u00e9e de lecture estim\u00e9e\" \/>\n\t<meta name=\"twitter:data1\" content=\"3 minutes\" \/>\n<script type=\"application\/ld+json\" class=\"yoast-schema-graph\">{\"@context\":\"https:\\\/\\\/schema.org\",\"@graph\":[{\"@type\":\"WebPage\",\"@id\":\"https:\\\/\\\/www.telaled.com\\\/fabrica\\\/placar-eletronico-para-badminton-serie-ted\\\/\",\"url\":\"https:\\\/\\\/www.telaled.com\\\/fabrica\\\/placar-eletronico-para-badminton-serie-ted\\\/\",\"name\":\"Placar Eletr\u00f4nico de Badminton S\u00e9rie TED | Solu\u00e7\u00f5es de pontua\u00e7\u00e3o digital para clubes e torneios | TELALED\",\"isPartOf\":{\"@id\":\"https:\\\/\\\/www.telaled.com\\\/#website\"},\"primaryImageOfPage\":{\"@id\":\"https:\\\/\\\/www.telaled.com\\\/fabrica\\\/placar-eletronico-para-badminton-serie-ted\\\/#primaryimage\"},\"image\":{\"@id\":\"https:\\\/\\\/www.telaled.com\\\/fabrica\\\/placar-eletronico-para-badminton-serie-ted\\\/#primaryimage\"},\"thumbnailUrl\":\"https:\\\/\\\/www.telaled.com\\\/wp-content\\\/uploads\\\/2025\\\/10\\\/Placar-eletronico-para-badminton.webp\",\"datePublished\":\"2025-10-02T10:10:21+00:00\",\"dateModified\":\"2026-01-06T09:43:41+00:00\",\"description\":\"Descubra o Placar Eletr\u00f4nico de Badminton S\u00e9rie TED projetado para precis\u00e3o e praticidade. Perfeito para clubes, escolas e competi\u00e7\u00f5es, com displays de LED, controles de \u00e1rbitro e aplicativos de auto\u00e1rbitro.\",\"breadcrumb\":{\"@id\":\"https:\\\/\\\/www.telaled.com\\\/fabrica\\\/placar-eletronico-para-badminton-serie-ted\\\/#breadcrumb\"},\"inLanguage\":\"fr-FR\",\"potentialAction\":[{\"@type\":\"ReadAction\",\"target\":[\"https:\\\/\\\/www.telaled.com\\\/fabrica\\\/placar-eletronico-para-badminton-serie-ted\\\/\"]}]},{\"@type\":\"ImageObject\",\"inLanguage\":\"fr-FR\",\"@id\":\"https:\\\/\\\/www.telaled.com\\\/fabrica\\\/placar-eletronico-para-badminton-serie-ted\\\/#primaryimage\",\"url\":\"https:\\\/\\\/www.telaled.com\\\/wp-content\\\/uploads\\\/2025\\\/10\\\/Placar-eletronico-para-badminton.webp\",\"contentUrl\":\"https:\\\/\\\/www.telaled.com\\\/wp-content\\\/uploads\\\/2025\\\/10\\\/Placar-eletronico-para-badminton.webp\",\"width\":500,\"height\":500,\"caption\":\"Placar-eletronico-para-badminton\"},{\"@type\":\"BreadcrumbList\",\"@id\":\"https:\\\/\\\/www.telaled.com\\\/fabrica\\\/placar-eletronico-para-badminton-serie-ted\\\/#breadcrumb\",\"itemListElement\":[{\"@type\":\"ListItem\",\"position\":1,\"name\":\"Home\",\"item\":\"https:\\\/\\\/www.telaled.com\\\/\"},{\"@type\":\"ListItem\",\"position\":2,\"name\":\"Produtos\",\"item\":\"https:\\\/\\\/www.telaled.com\\\/shop\\\/\"},{\"@type\":\"ListItem\",\"position\":3,\"name\":\"Placar Eletronico para Badminton S\u00e9rie TED\"}]},{\"@type\":\"WebSite\",\"@id\":\"https:\\\/\\\/www.telaled.com\\\/#website\",\"url\":\"https:\\\/\\\/www.telaled.com\\\/\",\"name\":\"TELALED\",\"description\":\"\",\"potentialAction\":[{\"@type\":\"SearchAction\",\"target\":{\"@type\":\"EntryPoint\",\"urlTemplate\":\"https:\\\/\\\/www.telaled.com\\\/?s={search_term_string}\"},\"query-input\":{\"@type\":\"PropertyValueSpecification\",\"valueRequired\":true,\"valueName\":\"search_term_string\"}}],\"inLanguage\":\"fr-FR\"}]}<\/script>\n<!-- \/ Yoast SEO plugin. -->","yoast_head_json":{"title":"Tableau d&#039;affichage \u00e9lectronique de badminton TED Series | Solutions de score num\u00e9rique pour clubs et tournois | TELALED","description":"D\u00e9couvrez le tableau d&#039;affichage \u00e9lectronique de badminton de la s\u00e9rie TED, con\u00e7u pour la pr\u00e9cision et la praticit\u00e9. Id\u00e9al pour les clubs, les \u00e9coles et les comp\u00e9titions, il est \u00e9quip\u00e9 d&#039;\u00e9crans LED, de commandes d&#039;arbitrage et d&#039;applications d&#039;auto-arbitrage.","robots":{"index":"index","follow":"follow","max-snippet":"max-snippet:-1","max-image-preview":"max-image-preview:large","max-video-preview":"max-video-preview:-1"},"canonical":"https:\/\/www.telaled.com\/fr\/fabrica\/placar-eletronico-para-badminton-serie-ted\/","og_locale":"fr_FR","og_type":"article","og_title":"Placar Eletr\u00f4nico de Badminton S\u00e9rie TED | Solu\u00e7\u00f5es de pontua\u00e7\u00e3o digital para clubes e torneios | TELALED","og_description":"Descubra o Placar Eletr\u00f4nico de Badminton S\u00e9rie TED projetado para precis\u00e3o e praticidade. Perfeito para clubes, escolas e competi\u00e7\u00f5es, com displays de LED, controles de \u00e1rbitro e aplicativos de auto\u00e1rbitro.","og_url":"https:\/\/www.telaled.com\/fr\/fabrica\/placar-eletronico-para-badminton-serie-ted\/","og_site_name":"TELALED","article_modified_time":"2026-01-06T09:43:41+00:00","og_image":[{"width":500,"height":500,"url":"https:\/\/www.telaled.com\/wp-content\/uploads\/2025\/10\/Placar-eletronico-para-badminton.webp","type":"image\/webp"}],"twitter_card":"summary_large_image","twitter_misc":{"Dur\u00e9e de lecture estim\u00e9e":"3 minutes"},"schema":{"@context":"https:\/\/schema.org","@graph":[{"@type":"WebPage","@id":"https:\/\/www.telaled.com\/fabrica\/placar-eletronico-para-badminton-serie-ted\/","url":"https:\/\/www.telaled.com\/fabrica\/placar-eletronico-para-badminton-serie-ted\/","name":"Tableau d&#039;affichage \u00e9lectronique de badminton TED Series | Solutions de score num\u00e9rique pour clubs et tournois | TELALED","isPartOf":{"@id":"https:\/\/www.telaled.com\/#website"},"primaryImageOfPage":{"@id":"https:\/\/www.telaled.com\/fabrica\/placar-eletronico-para-badminton-serie-ted\/#primaryimage"},"image":{"@id":"https:\/\/www.telaled.com\/fabrica\/placar-eletronico-para-badminton-serie-ted\/#primaryimage"},"thumbnailUrl":"https:\/\/www.telaled.com\/wp-content\/uploads\/2025\/10\/Placar-eletronico-para-badminton.webp","datePublished":"2025-10-02T10:10:21+00:00","dateModified":"2026-01-06T09:43:41+00:00","description":"D\u00e9couvrez le tableau d&#039;affichage \u00e9lectronique de badminton de la s\u00e9rie TED, con\u00e7u pour la pr\u00e9cision et la praticit\u00e9. Id\u00e9al pour les clubs, les \u00e9coles et les comp\u00e9titions, il est \u00e9quip\u00e9 d&#039;\u00e9crans LED, de commandes d&#039;arbitrage et d&#039;applications d&#039;auto-arbitrage.","breadcrumb":{"@id":"https:\/\/www.telaled.com\/fabrica\/placar-eletronico-para-badminton-serie-ted\/#breadcrumb"},"inLanguage":"fr-FR","potentialAction":[{"@type":"ReadAction","target":["https:\/\/www.telaled.com\/fabrica\/placar-eletronico-para-badminton-serie-ted\/"]}]},{"@type":"ImageObject","inLanguage":"fr-FR","@id":"https:\/\/www.telaled.com\/fabrica\/placar-eletronico-para-badminton-serie-ted\/#primaryimage","url":"https:\/\/www.telaled.com\/wp-content\/uploads\/2025\/10\/Placar-eletronico-para-badminton.webp","contentUrl":"https:\/\/www.telaled.com\/wp-content\/uploads\/2025\/10\/Placar-eletronico-para-badminton.webp","width":500,"height":500,"caption":"Placar-eletronico-para-badminton"},{"@type":"BreadcrumbList","@id":"https:\/\/www.telaled.com\/fabrica\/placar-eletronico-para-badminton-serie-ted\/#breadcrumb","itemListElement":[{"@type":"ListItem","position":1,"name":"Home","item":"https:\/\/www.telaled.com\/"},{"@type":"ListItem","position":2,"name":"Produtos","item":"https:\/\/www.telaled.com\/shop\/"},{"@type":"ListItem","position":3,"name":"Placar Eletronico para Badminton S\u00e9rie TED"}]},{"@type":"WebSite","@id":"https:\/\/www.telaled.com\/#website","url":"https:\/\/www.telaled.com\/","name":"\u00e9cran LED","description":"","potentialAction":[{"@type":"SearchAction","target":{"@type":"EntryPoint","urlTemplate":"https:\/\/www.telaled.com\/?s={search_term_string}"},"query-input":{"@type":"PropertyValueSpecification","valueRequired":true,"valueName":"search_term_string"}}],"inLanguage":"fr-FR"}]}},"_links":{"self":[{"href":"https:\/\/www.telaled.com\/fr\/wp-json\/wp\/v2\/product\/3735","targetHints":{"allow":["GET"]}}],"collection":[{"href":"https:\/\/www.telaled.com\/fr\/wp-json\/wp\/v2\/product"}],"about":[{"href":"https:\/\/www.telaled.com\/fr\/wp-json\/wp\/v2\/types\/product"}],"wp:featuredmedia":[{"embeddable":true,"href":"https:\/\/www.telaled.com\/fr\/wp-json\/wp\/v2\/media\/3736"}],"wp:attachment":[{"href":"https:\/\/www.telaled.com\/fr\/wp-json\/wp\/v2\/media?parent=3735"}],"wp:term":[{"taxonomy":"product_brand","embeddable":true,"href":"https:\/\/www.telaled.com\/fr\/wp-json\/wp\/v2\/product_brand?post=3735"},{"taxonomy":"product_cat","embeddable":true,"href":"https:\/\/www.telaled.com\/fr\/wp-json\/wp\/v2\/product_cat?post=3735"},{"taxonomy":"product_tag","embeddable":true,"href":"https:\/\/www.telaled.com\/fr\/wp-json\/wp\/v2\/product_tag?post=3735"}],"curies":[{"name":"wp","href":"https:\/\/api.w.org\/{rel}","templated":true}]}}