{"id":3661,"date":"2025-09-30T03:19:49","date_gmt":"2025-09-30T03:19:49","guid":{"rendered":"https:\/\/www.telaled.com\/?post_type=product&#038;p=3661"},"modified":"2026-01-06T09:11:26","modified_gmt":"2026-01-06T09:11:26","slug":"placar-eletronico-esportivo-serie-tea","status":"publish","type":"product","link":"https:\/\/www.telaled.com\/fr\/fabrica\/placar-eletronico-esportivo-serie-tea\/","title":{"rendered":"Tableau d&#039;affichage sportif \u00e9lectronique s\u00e9rie TEA"},"content":{"rendered":"<div class=\"row\"  id=\"row-267001019\">\n\n\t<div id=\"col-1898783666\" class=\"col small-12 large-12\"  >\n\t\t\t\t<div class=\"col-inner\"  >\n\t\t\t\n\t\t\t\n<h2><span data-sheets-root=\"1\">Tableau d&#039;affichage \u00e9lectronique des sports<\/span> S\u00e9rie TEA<\/h2>\n<h3><strong>Durabilit\u00e9 sup\u00e9rieure<\/strong><\/h3>\n<ul>\n<li>Construit avec un bo\u00eetier en aluminium ou en fer et des modules LED scell\u00e9s \u00e0 7 segments avec indice de protection IP65 pour une protection ext\u00e9rieure.<\/li>\n<li>Fonctionne de mani\u00e8re fiable de -40\u00b0C \u00e0 75\u00b0C avec une dur\u00e9e de vie de plus de 100 000 heures.<\/li>\n<li>Le variateur LED \u00e0 courant constant garantit des performances stables et \u00e9vite l&#039;\u00e9puisement au fil du temps.<\/li>\n<\/ul>\n<h3><strong>Qualit\u00e9 visuelle exceptionnelle<\/strong><\/h3>\n<ul>\n<li>Le syst\u00e8me de gradation automatique \u00e0 8 niveaux ajuste la luminosit\u00e9 pour une utilisation de jour comme de nuit.<\/li>\n<li>Les puces LED haute luminosit\u00e9 jusqu&#039;\u00e0 12 000 mcd offrent une visibilit\u00e9 claire m\u00eame en plein soleil.<\/li>\n<li>Les angles de vision larges de 60\u00b0 \u00e0 120\u00b0 maintiennent une lisibilit\u00e9 claire sur tout le champ.<\/li>\n<\/ul>\n<h3><strong>Adaptabilit\u00e9 compl\u00e8te<\/strong><\/h3>\n<ul>\n<li>Prend en charge l&#039;affichage simple ou double face avec acc\u00e8s avant ou arri\u00e8re.<\/li>\n<li>Plusieurs options de montage : mural, suspendu ou autoportant.<\/li>\n<li>Compatible avec les syst\u00e8mes de contr\u00f4le \u00e0 distance RF, RS232\/485 et TCP\/IP pour un fonctionnement flexible.<\/li>\n<\/ul>\n<h3><strong>Assistance compl\u00e8te<\/strong><\/h3>\n<ul>\n<li><strong>Assistance d&#039;experts 24h\/24 et 7j\/7 :<\/strong> Acc\u00e9dez \u00e0 une assistance professionnelle 24h\/24 et 7j\/7 pour maintenir votre syst\u00e8me \u00e0 des performances optimales.<\/li>\n<li><strong>Pi\u00e8ces de rechange int\u00e9gr\u00e9es :<\/strong> Chaque commande comprend 5% de pi\u00e8ces suppl\u00e9mentaires pour assurer une utilisation fluide et ininterrompue.<\/li>\n<li><strong>Fiabilit\u00e9 maximale :<\/strong> Les composants ajout\u00e9s r\u00e9duisent les d\u00e9lais de maintenance et prolongent la dur\u00e9e de vie de votre \u00e9quipement.<\/li>\n<li><strong>Garantie sans souci :<\/strong> b\u00e9n\u00e9ficiez d&#039;une garantie de 3 ans qui prot\u00e8ge votre investissement avec une couverture fiable.<\/li>\n<\/ul>\n<h2>D\u00e9tails du produit<\/h2>\n<div class=\"row\"  id=\"row-351124903\">\n\n\t<div id=\"col-1489200894\" class=\"col medium-10 small-12 large-10\"  >\n\t\t\t\t<div class=\"col-inner text-left\"  >\n\t\t\t\n\t\t\t\n<ul>\n<li>Notre <strong><em>Tableau d&#039;affichage sportif \u00e9lectronique s\u00e9rie TEA<\/em>\u00a0<\/strong> Affichez les scores et le chronom\u00e9trage en temps r\u00e9el, informant les joueurs et les supporters de chaque instant du match. Enti\u00e8rement personnalisables pour s&#039;adapter \u00e0 tous les sports et \u00e0 tous les lieux, ces tableaux d&#039;affichage \u00e9lectroniques robustes sont con\u00e7us pour une utilisation en int\u00e9rieur comme en ext\u00e9rieur. Avec leurs affichages nets et leurs performances fiables, ils constituent la solution id\u00e9ale pour les \u00e9coles, les stades et les installations sportives.<\/li>\n<\/ul>\n\t<div class=\"img has-hover x md-x lg-x y md-y lg-y\" id=\"image_1195154519\">\n\t\t\t\t\t\t\t\t<div class=\"img-inner dark\" >\n\t\t\t<img loading=\"lazy\" decoding=\"async\" width=\"1536\" height=\"1152\" src=\"https:\/\/www.telaled.com\/wp-content\/uploads\/2025\/10\/Placar-Eeletronico-Esportivo-Serie-TEA6-1.webp\" class=\"attachment-original size-original\" alt=\"Tableau d&#039;affichage sportif \u00e9lectronique s\u00e9rie TEA6 (1)\" srcset=\"https:\/\/www.telaled.com\/wp-content\/uploads\/2025\/10\/Placar-Eeletronico-Esportivo-Serie-TEA6-1.webp 1536w, https:\/\/www.telaled.com\/wp-content\/uploads\/2025\/10\/Placar-Eeletronico-Esportivo-Serie-TEA6-1-300x225.webp 300w, https:\/\/www.telaled.com\/wp-content\/uploads\/2025\/10\/Placar-Eeletronico-Esportivo-Serie-TEA6-1-1024x768.webp 1024w, https:\/\/www.telaled.com\/wp-content\/uploads\/2025\/10\/Placar-Eeletronico-Esportivo-Serie-TEA6-1-768x576.webp 768w, https:\/\/www.telaled.com\/wp-content\/uploads\/2025\/10\/Placar-Eeletronico-Esportivo-Serie-TEA6-1-16x12.webp 16w, https:\/\/www.telaled.com\/wp-content\/uploads\/2025\/10\/Placar-Eeletronico-Esportivo-Serie-TEA6-1-600x450.webp 600w\" sizes=\"auto, (max-width: 1536px) 100vw, 1536px\" \/>\t\t\t\t\t\t\n\t\t\t\t\t<\/div>\n\t\t\t\t\t\t\t\t\n<style>\n#image_1195154519 {\n  width: 80%;\n}\n<\/style>\n\t<\/div>\n\t\n<ul>\n<li>La n\u00f4tre <em><strong>Tableaux d&#039;affichage sportifs \u00e9lectroniques<\/strong> <strong>S\u00e9rie TEA<\/strong><\/em>\u00a0Con\u00e7us pour une durabilit\u00e9 maximale, ils r\u00e9sistent \u00e0 la pluie, au vent, \u00e0 la neige et \u00e0 la lumi\u00e8re directe du soleil sans compromettre leurs performances. De conception robuste, ils durent plus longtemps que les tableaux d&#039;affichage sportifs \u00e9lectroniques et supportent une utilisation intensive sans difficult\u00e9, offrant des performances fiables et une valeur durable pour les installations sportives et les stades.<\/li>\n<\/ul>\n\t<div class=\"img has-hover x md-x lg-x y md-y lg-y\" id=\"image_1756238346\">\n\t\t\t\t\t\t\t\t<div class=\"img-inner dark\" >\n\t\t\t<img loading=\"lazy\" decoding=\"async\" width=\"1020\" height=\"938\" src=\"https:\/\/www.telaled.com\/wp-content\/uploads\/2025\/10\/Placar-Eeletronico-Esportivo-Serie-TEA7-1024x942.webp\" class=\"attachment-large size-large\" alt=\"\" srcset=\"https:\/\/www.telaled.com\/wp-content\/uploads\/2025\/10\/Placar-Eeletronico-Esportivo-Serie-TEA7-1024x942.webp 1024w, https:\/\/www.telaled.com\/wp-content\/uploads\/2025\/10\/Placar-Eeletronico-Esportivo-Serie-TEA7-300x276.webp 300w, https:\/\/www.telaled.com\/wp-content\/uploads\/2025\/10\/Placar-Eeletronico-Esportivo-Serie-TEA7-768x706.webp 768w, https:\/\/www.telaled.com\/wp-content\/uploads\/2025\/10\/Placar-Eeletronico-Esportivo-Serie-TEA7-1536x1413.webp 1536w, https:\/\/www.telaled.com\/wp-content\/uploads\/2025\/10\/Placar-Eeletronico-Esportivo-Serie-TEA7-13x12.webp 13w, https:\/\/www.telaled.com\/wp-content\/uploads\/2025\/10\/Placar-Eeletronico-Esportivo-Serie-TEA7-600x552.webp 600w, https:\/\/www.telaled.com\/wp-content\/uploads\/2025\/10\/Placar-Eeletronico-Esportivo-Serie-TEA7.webp 1920w\" sizes=\"auto, (max-width: 1020px) 100vw, 1020px\" \/>\t\t\t\t\t\t\n\t\t\t\t\t<\/div>\n\t\t\t\t\t\t\t\t\n<style>\n#image_1756238346 {\n  width: 80%;\n}\n<\/style>\n\t<\/div>\n\t\n<ul>\n<li>Choisissez le <em><strong>Tableau d&#039;affichage sportif \u00e9lectronique s\u00e9rie TEA<\/strong><\/em> Un score pr\u00e9cis est essentiel pour tout gymnase, \u00e9cole ou ar\u00e9na. Nos tableaux d&#039;affichage sportifs \u00e9lectroniques sont con\u00e7us pour les \u00e9coles primaires, les lyc\u00e9es, les universit\u00e9s et les stades professionnels. Des tableaux d&#039;affichage aux tableaux d&#039;affichage num\u00e9riques, nous proposons des solutions de score compl\u00e8tes et personnalisables. Faites appel \u00e0 nous et obtenez un tableau d&#039;affichage sportif \u00e9lectronique durable et de haute qualit\u00e9, con\u00e7u pour allier pr\u00e9cision, visibilit\u00e9 et performance durable.<\/li>\n<\/ul>\n\t<div class=\"img has-hover x md-x lg-x y md-y lg-y\" id=\"image_1320299412\">\n\t\t\t\t\t\t\t\t<div class=\"img-inner dark\" >\n\t\t\t<img loading=\"lazy\" decoding=\"async\" width=\"1020\" height=\"790\" src=\"https:\/\/www.telaled.com\/wp-content\/uploads\/2025\/10\/Placar-Eeletronico-Esportivo-Serie-TEA8-1024x793.webp\" class=\"attachment-large size-large\" alt=\"\" srcset=\"https:\/\/www.telaled.com\/wp-content\/uploads\/2025\/10\/Placar-Eeletronico-Esportivo-Serie-TEA8-1024x793.webp 1024w, https:\/\/www.telaled.com\/wp-content\/uploads\/2025\/10\/Placar-Eeletronico-Esportivo-Serie-TEA8-300x232.webp 300w, https:\/\/www.telaled.com\/wp-content\/uploads\/2025\/10\/Placar-Eeletronico-Esportivo-Serie-TEA8-768x595.webp 768w, https:\/\/www.telaled.com\/wp-content\/uploads\/2025\/10\/Placar-Eeletronico-Esportivo-Serie-TEA8-1536x1190.webp 1536w, https:\/\/www.telaled.com\/wp-content\/uploads\/2025\/10\/Placar-Eeletronico-Esportivo-Serie-TEA8-15x12.webp 15w, https:\/\/www.telaled.com\/wp-content\/uploads\/2025\/10\/Placar-Eeletronico-Esportivo-Serie-TEA8-600x465.webp 600w, https:\/\/www.telaled.com\/wp-content\/uploads\/2025\/10\/Placar-Eeletronico-Esportivo-Serie-TEA8.webp 1590w\" sizes=\"auto, (max-width: 1020px) 100vw, 1020px\" \/>\t\t\t\t\t\t\n\t\t\t\t\t<\/div>\n\t\t\t\t\t\t\t\t\n<style>\n#image_1320299412 {\n  width: 80%;\n}\n<\/style>\n\t<\/div>\n\t\n<ul>\n<li><strong>Tableau d&#039;affichage sportif \u00e9lectronique s\u00e9rie TEA<\/strong> Ils sont emball\u00e9s dans des caisses en bois renforc\u00e9es pour les prot\u00e9ger pendant le transport. Chaque unit\u00e9 est solidement emball\u00e9e pour la prot\u00e9ger des dommages caus\u00e9s par les nuisibles, les chocs et autres dangers. Cela garantit une durabilit\u00e9 et une livraison en toute s\u00e9curit\u00e9.<\/li>\n<\/ul>\n\t<div class=\"img has-hover x md-x lg-x y md-y lg-y\" id=\"image_606344554\">\n\t\t\t\t\t\t\t\t<div class=\"img-inner dark\" >\n\t\t\t<img loading=\"lazy\" decoding=\"async\" width=\"760\" height=\"1024\" src=\"https:\/\/www.telaled.com\/wp-content\/uploads\/2025\/08\/36123f2c-de60-488d-af81-255cd4aee54a-760x1024.webp\" class=\"attachment-large size-large\" alt=\"\" srcset=\"https:\/\/www.telaled.com\/wp-content\/uploads\/2025\/08\/36123f2c-de60-488d-af81-255cd4aee54a-760x1024.webp 760w, https:\/\/www.telaled.com\/wp-content\/uploads\/2025\/08\/36123f2c-de60-488d-af81-255cd4aee54a-223x300.webp 223w, https:\/\/www.telaled.com\/wp-content\/uploads\/2025\/08\/36123f2c-de60-488d-af81-255cd4aee54a-768x1035.webp 768w, https:\/\/www.telaled.com\/wp-content\/uploads\/2025\/08\/36123f2c-de60-488d-af81-255cd4aee54a-9x12.webp 9w, https:\/\/www.telaled.com\/wp-content\/uploads\/2025\/08\/36123f2c-de60-488d-af81-255cd4aee54a-600x808.webp 600w, https:\/\/www.telaled.com\/wp-content\/uploads\/2025\/08\/36123f2c-de60-488d-af81-255cd4aee54a.webp 795w\" sizes=\"auto, (max-width: 760px) 100vw, 760px\" \/>\t\t\t\t\t\t\n\t\t\t\t\t<\/div>\n\t\t\t\t\t\t\t\t\n<style>\n#image_606344554 {\n  width: 80%;\n}\n<\/style>\n\t<\/div>\n\t\n\n<table id=\"tablepress-90\" class=\"tablepress tablepress-id-90\">\n<thead>\n<tr class=\"row-1\">\n\t<th class=\"column-1\">Article<\/th><th class=\"column-2\">Param\u00e8tres techniques<\/th>\n<\/tr>\n<\/thead>\n<tbody class=\"row-striping row-hover\">\n<tr class=\"row-2\">\n\t<td class=\"column-1\">Couleur:<\/td><td class=\"column-2\">Rouge, Ambre, Vert, Bleu, Blanc<\/td>\n<\/tr>\n<tr class=\"row-3\">\n\t<td class=\"column-1\">Hauteur des chiffres :<\/td><td class=\"column-2\">6'', 8'', 10'', 12'', 15'', 18'', 20'', 22'', 24'', 32'', 64'', 72''<\/td>\n<\/tr>\n<tr class=\"row-4\">\n\t<td class=\"column-1\">Conception num\u00e9rique :<\/td><td class=\"column-2\">Les modules \u00e0 7 segments sont scell\u00e9s avec de la colle, atteignent un indice d&#039;\u00e9tanch\u00e9it\u00e9 IP67, avec une protection contre la poussi\u00e8re qui permet aux LED de fonctionner normalement tout le temps.<\/td>\n<\/tr>\n<tr class=\"row-5\">\n\t<td class=\"column-1\">Contr\u00f4le de la luminosit\u00e9 :<\/td><td class=\"column-2\">Gradation automatique par capteur de luminosit\u00e9<\/td>\n<\/tr>\n<tr class=\"row-6\">\n\t<td class=\"column-1\">Att\u00e9nuation de l&#039;\u00e9cran :<\/td><td class=\"column-2\">Plus de 8 niveaux de r\u00e9glage automatique de l&#039;intensit\u00e9<\/td>\n<\/tr>\n<tr class=\"row-7\">\n\t<td class=\"column-1\">Angle de vision :<\/td><td class=\"column-2\">Horizontal : 60\u00b0-120\u00b0, Vertical : 60\u00b0-120\u00b0 ou personnalis\u00e9<\/td>\n<\/tr>\n<tr class=\"row-8\">\n\t<td class=\"column-1\">Acc\u00e8s au service :<\/td><td class=\"column-2\">Ouverture avant ou arri\u00e8re<\/td>\n<\/tr>\n<tr class=\"row-9\">\n\t<td class=\"column-1\">Ma\u00eetre\/esclave :<\/td><td class=\"column-2\">Simple ou double face, ma\u00eetre\/esclave disponible<\/td>\n<\/tr>\n<tr class=\"row-10\">\n\t<td class=\"column-1\">Mat\u00e9riau du meuble :<\/td><td class=\"column-2\">Armoire en fer ou cadre en alliage d&#039;aluminium<\/td>\n<\/tr>\n<tr class=\"row-11\">\n\t<td class=\"column-1\">Niveau d&#039;imperm\u00e9abilit\u00e9 :<\/td><td class=\"column-2\">IP53 avec cadre en alliage d&#039;aluminium, IP65 avec bo\u00eetier en fer<\/td>\n<\/tr>\n<tr class=\"row-12\">\n\t<td class=\"column-1\">Mode de conduite LED :<\/td><td class=\"column-2\">Courant constant<\/td>\n<\/tr>\n<tr class=\"row-13\">\n\t<td class=\"column-1\">Puissance d&#039;entr\u00e9e :<\/td><td class=\"column-2\">110\/220 V CA, 50-60 Hz<\/td>\n<\/tr>\n<tr class=\"row-14\">\n\t<td class=\"column-1\">Communication avec le PC :<\/td><td class=\"column-2\">RS232\/485 ; LAN (TCP\/IP) filaire ou sans fil, le client peut choisir<\/td>\n<\/tr>\n<tr class=\"row-15\">\n\t<td class=\"column-1\">Type de t\u00e9l\u00e9commande :<\/td><td class=\"column-2\">T\u00e9l\u00e9commande RF (t\u00e9l\u00e9commande normale \u00e0 6 boutons ou LCD)<\/td>\n<\/tr>\n<tr class=\"row-16\">\n\t<td class=\"column-1\">Temps de travail continu :<\/td><td class=\"column-2\">Illimit\u00e9<\/td>\n<\/tr>\n<tr class=\"row-17\">\n\t<td class=\"column-1\">Dur\u00e9e de vie des LED :<\/td><td class=\"column-2\">&gt;100 000 heures<\/td>\n<\/tr>\n<tr class=\"row-18\">\n\t<td class=\"column-1\">M\u00e9thode d&#039;installation :<\/td><td class=\"column-2\">Suspendu, mont\u00e9 ou selon conception personnalis\u00e9e<\/td>\n<\/tr>\n<tr class=\"row-19\">\n\t<td class=\"column-1\">Temp\u00e9rature de fonctionnement :<\/td><td class=\"column-2\">-40\u2103~75\u2103<\/td>\n<\/tr>\n<\/tbody>\n<\/table>\n<!-- #tablepress-90 from cache -->\n\t\t<\/div>\n\t\t\t\t\t<\/div>\n\n\t\n<\/div>\n\t\t<\/div>\n\t\t\t\t\t<\/div>\n\n\t\n<\/div>","protected":false},"excerpt":{"rendered":"<p><strong><span data-sheets-root=\"1\">Tableau d&#039;affichage \u00e9lectronique des sports<\/span> S\u00e9rie TEA \u2013 \u00c9cran LED pour tous les jeux<\/strong><\/p>\n<p>Ce <strong><span data-sheets-root=\"1\">Tableau d&#039;affichage \u00e9lectronique des sports<\/span> S\u00e9rie TEA <\/strong>TELALED propose des chiffres LED nets et haute luminosit\u00e9 pour les espaces ext\u00e9rieurs. Dot\u00e9 d&#039;un affichage infrarouge, d&#039;un cadre en aluminium ou en fer et d&#039;un contr\u00f4le automatique de la luminosit\u00e9, il offre un affichage pr\u00e9cis en temps r\u00e9el et une fiabilit\u00e9 \u00e0 long terme quelles que soient les conditions m\u00e9t\u00e9orologiques.<\/p>\n<p><strong>Caract\u00e9ristiques principales :<\/strong><\/p>\n<ul>\n<li><strong>Structure durable :<\/strong> Bo\u00eetier \u00e9tanche \u00e0 l&#039;eau et \u00e0 la poussi\u00e8re IP65 avec modules LED scell\u00e9s \u00e9valu\u00e9s pour plus de 100 000 heures d&#039;utilisation \u00e0 des temp\u00e9ratures de -40 \u00b0C \u00e0 75 \u00b0C.<\/li>\n<li><strong>Visibilit\u00e9 claire :<\/strong> Des puces LED haute intensit\u00e9 jusqu&#039;\u00e0 12 000 mcd et un large angle de vision de 60\u00b0 \u00e0 120\u00b0 garantissent que les scores restent lisibles \u00e0 la lumi\u00e8re du soleil ou sous les projecteurs.<\/li>\n<li><strong>Contr\u00f4le flexible :<\/strong> Prend en charge la t\u00e9l\u00e9commande RF, RS232\/485 et TCP\/IP, avec plusieurs options d&#039;installation\u00a0; montage mural, suspendu ou autonome pour diff\u00e9rentes applications sportives.<\/li>\n<\/ul>\n<p>B\u00e9n\u00e9ficiez d&#039;une assistance \u00e0 distance fiable 24h\/24 et 7j\/7, avec une garantie compl\u00e8te de 3 ans. Contactez-nous d\u00e8s aujourd&#039;hui pour obtenir un devis gratuit et personnalis\u00e9, adapt\u00e9 \u00e0 vos besoins sp\u00e9cifiques.<\/p>","protected":false},"featured_media":3662,"template":"","meta":[],"product_brand":[],"product_cat":[50,48,40,15],"product_tag":[],"class_list":{"0":"post-3661","1":"product","2":"type-product","3":"status-publish","4":"has-post-thumbnail","6":"product_cat-aluguel-de-painel-de-led","7":"product_cat-paineis-personalizados","8":"product_cat-painel-de-led","9":"product_cat-sem-categoria","11":"first","12":"instock","13":"shipping-taxable","14":"product-type-simple"},"yoast_head":"<!-- This site is optimized with the Yoast SEO plugin v27.5 - https:\/\/yoast.com\/product\/yoast-seo-wordpress\/ -->\n<title>Placar Esportivo Eletr\u00f4nico S\u00e9rie TEA | Placares de LED para ambientes internos e externos. | TELALED<\/title>\n<meta name=\"description\" content=\"Placar Esportivo Eletr\u00f4nicos S\u00e9rie TEA com displays de LED coloridos. Melhore a experi\u00eancia dos f\u00e3s, exiba an\u00fancios e mantenha os placares claros em qualquer condi\u00e7\u00e3o clim\u00e1tica.\" \/>\n<meta name=\"robots\" content=\"index, follow, max-snippet:-1, max-image-preview:large, max-video-preview:-1\" \/>\n<link rel=\"canonical\" href=\"https:\/\/www.telaled.com\/fr\/fabrica\/placar-eletronico-esportivo-serie-tea\/\" \/>\n<meta property=\"og:locale\" content=\"fr_FR\" \/>\n<meta property=\"og:type\" content=\"article\" \/>\n<meta property=\"og:title\" content=\"Placar Esportivo Eletr\u00f4nico S\u00e9rie TEA | Placares de LED para ambientes internos e externos. | TELALED\" \/>\n<meta property=\"og:description\" content=\"Placar Esportivo Eletr\u00f4nicos S\u00e9rie TEA com displays de LED coloridos. Melhore a experi\u00eancia dos f\u00e3s, exiba an\u00fancios e mantenha os placares claros em qualquer condi\u00e7\u00e3o clim\u00e1tica.\" \/>\n<meta property=\"og:url\" content=\"https:\/\/www.telaled.com\/fr\/fabrica\/placar-eletronico-esportivo-serie-tea\/\" \/>\n<meta property=\"og:site_name\" content=\"TELALED\" \/>\n<meta property=\"article:modified_time\" content=\"2026-01-06T09:11:26+00:00\" \/>\n<meta property=\"og:image\" content=\"https:\/\/www.telaled.com\/wp-content\/uploads\/2025\/09\/Placar-Eeletronico-Esportivo-Serie-TEA.jpg\" \/>\n\t<meta property=\"og:image:width\" content=\"500\" \/>\n\t<meta property=\"og:image:height\" content=\"500\" \/>\n\t<meta property=\"og:image:type\" content=\"image\/jpeg\" \/>\n<meta name=\"twitter:card\" content=\"summary_large_image\" \/>\n<meta name=\"twitter:label1\" content=\"Dur\u00e9e de lecture estim\u00e9e\" \/>\n\t<meta name=\"twitter:data1\" content=\"3 minutes\" \/>\n<script type=\"application\/ld+json\" class=\"yoast-schema-graph\">{\"@context\":\"https:\\\/\\\/schema.org\",\"@graph\":[{\"@type\":\"WebPage\",\"@id\":\"https:\\\/\\\/www.telaled.com\\\/fabrica\\\/placar-eletronico-esportivo-serie-tea\\\/\",\"url\":\"https:\\\/\\\/www.telaled.com\\\/fabrica\\\/placar-eletronico-esportivo-serie-tea\\\/\",\"name\":\"Placar Esportivo Eletr\u00f4nico S\u00e9rie TEA | Placares de LED para ambientes internos e externos. | TELALED\",\"isPartOf\":{\"@id\":\"https:\\\/\\\/www.telaled.com\\\/#website\"},\"primaryImageOfPage\":{\"@id\":\"https:\\\/\\\/www.telaled.com\\\/fabrica\\\/placar-eletronico-esportivo-serie-tea\\\/#primaryimage\"},\"image\":{\"@id\":\"https:\\\/\\\/www.telaled.com\\\/fabrica\\\/placar-eletronico-esportivo-serie-tea\\\/#primaryimage\"},\"thumbnailUrl\":\"https:\\\/\\\/www.telaled.com\\\/wp-content\\\/uploads\\\/2025\\\/09\\\/Placar-Eeletronico-Esportivo-Serie-TEA.jpg\",\"datePublished\":\"2025-09-30T03:19:49+00:00\",\"dateModified\":\"2026-01-06T09:11:26+00:00\",\"description\":\"Placar Esportivo Eletr\u00f4nicos S\u00e9rie TEA com displays de LED coloridos. Melhore a experi\u00eancia dos f\u00e3s, exiba an\u00fancios e mantenha os placares claros em qualquer condi\u00e7\u00e3o clim\u00e1tica.\",\"breadcrumb\":{\"@id\":\"https:\\\/\\\/www.telaled.com\\\/fabrica\\\/placar-eletronico-esportivo-serie-tea\\\/#breadcrumb\"},\"inLanguage\":\"fr-FR\",\"potentialAction\":[{\"@type\":\"ReadAction\",\"target\":[\"https:\\\/\\\/www.telaled.com\\\/fabrica\\\/placar-eletronico-esportivo-serie-tea\\\/\"]}]},{\"@type\":\"ImageObject\",\"inLanguage\":\"fr-FR\",\"@id\":\"https:\\\/\\\/www.telaled.com\\\/fabrica\\\/placar-eletronico-esportivo-serie-tea\\\/#primaryimage\",\"url\":\"https:\\\/\\\/www.telaled.com\\\/wp-content\\\/uploads\\\/2025\\\/09\\\/Placar-Eeletronico-Esportivo-Serie-TEA.jpg\",\"contentUrl\":\"https:\\\/\\\/www.telaled.com\\\/wp-content\\\/uploads\\\/2025\\\/09\\\/Placar-Eeletronico-Esportivo-Serie-TEA.jpg\",\"width\":500,\"height\":500,\"caption\":\"Placar-Eeletr\u00f4nico-Esportivo-S\u00e9rie-TEA\"},{\"@type\":\"BreadcrumbList\",\"@id\":\"https:\\\/\\\/www.telaled.com\\\/fabrica\\\/placar-eletronico-esportivo-serie-tea\\\/#breadcrumb\",\"itemListElement\":[{\"@type\":\"ListItem\",\"position\":1,\"name\":\"Home\",\"item\":\"https:\\\/\\\/www.telaled.com\\\/\"},{\"@type\":\"ListItem\",\"position\":2,\"name\":\"Produtos\",\"item\":\"https:\\\/\\\/www.telaled.com\\\/shop\\\/\"},{\"@type\":\"ListItem\",\"position\":3,\"name\":\"Placar Eletr\u00f4nico Esportivo S\u00e9rie TEA\"}]},{\"@type\":\"WebSite\",\"@id\":\"https:\\\/\\\/www.telaled.com\\\/#website\",\"url\":\"https:\\\/\\\/www.telaled.com\\\/\",\"name\":\"TELALED\",\"description\":\"\",\"potentialAction\":[{\"@type\":\"SearchAction\",\"target\":{\"@type\":\"EntryPoint\",\"urlTemplate\":\"https:\\\/\\\/www.telaled.com\\\/?s={search_term_string}\"},\"query-input\":{\"@type\":\"PropertyValueSpecification\",\"valueRequired\":true,\"valueName\":\"search_term_string\"}}],\"inLanguage\":\"fr-FR\"}]}<\/script>\n<!-- \/ Yoast SEO plugin. -->","yoast_head_json":{"title":"Tableau d&#039;affichage sportif \u00e9lectronique s\u00e9rie TEA | Tableaux d&#039;affichage LED pour int\u00e9rieur et ext\u00e9rieur. | TELALED","description":"Tableaux d&#039;affichage sportifs \u00e9lectroniques de la s\u00e9rie TEA avec \u00e9crans LED couleur. Am\u00e9liorez l&#039;exp\u00e9rience des supporters, diffusez des publicit\u00e9s et gardez les tableaux d&#039;affichage bien visibles quelles que soient les conditions m\u00e9t\u00e9orologiques.","robots":{"index":"index","follow":"follow","max-snippet":"max-snippet:-1","max-image-preview":"max-image-preview:large","max-video-preview":"max-video-preview:-1"},"canonical":"https:\/\/www.telaled.com\/fr\/fabrica\/placar-eletronico-esportivo-serie-tea\/","og_locale":"fr_FR","og_type":"article","og_title":"Placar Esportivo Eletr\u00f4nico S\u00e9rie TEA | Placares de LED para ambientes internos e externos. | TELALED","og_description":"Placar Esportivo Eletr\u00f4nicos S\u00e9rie TEA com displays de LED coloridos. Melhore a experi\u00eancia dos f\u00e3s, exiba an\u00fancios e mantenha os placares claros em qualquer condi\u00e7\u00e3o clim\u00e1tica.","og_url":"https:\/\/www.telaled.com\/fr\/fabrica\/placar-eletronico-esportivo-serie-tea\/","og_site_name":"TELALED","article_modified_time":"2026-01-06T09:11:26+00:00","og_image":[{"width":500,"height":500,"url":"https:\/\/www.telaled.com\/wp-content\/uploads\/2025\/09\/Placar-Eeletronico-Esportivo-Serie-TEA.jpg","type":"image\/jpeg"}],"twitter_card":"summary_large_image","twitter_misc":{"Dur\u00e9e de lecture estim\u00e9e":"3 minutes"},"schema":{"@context":"https:\/\/schema.org","@graph":[{"@type":"WebPage","@id":"https:\/\/www.telaled.com\/fabrica\/placar-eletronico-esportivo-serie-tea\/","url":"https:\/\/www.telaled.com\/fabrica\/placar-eletronico-esportivo-serie-tea\/","name":"Tableau d&#039;affichage sportif \u00e9lectronique s\u00e9rie TEA | Tableaux d&#039;affichage LED pour int\u00e9rieur et ext\u00e9rieur. | TELALED","isPartOf":{"@id":"https:\/\/www.telaled.com\/#website"},"primaryImageOfPage":{"@id":"https:\/\/www.telaled.com\/fabrica\/placar-eletronico-esportivo-serie-tea\/#primaryimage"},"image":{"@id":"https:\/\/www.telaled.com\/fabrica\/placar-eletronico-esportivo-serie-tea\/#primaryimage"},"thumbnailUrl":"https:\/\/www.telaled.com\/wp-content\/uploads\/2025\/09\/Placar-Eeletronico-Esportivo-Serie-TEA.jpg","datePublished":"2025-09-30T03:19:49+00:00","dateModified":"2026-01-06T09:11:26+00:00","description":"Tableaux d&#039;affichage sportifs \u00e9lectroniques de la s\u00e9rie TEA avec \u00e9crans LED couleur. Am\u00e9liorez l&#039;exp\u00e9rience des supporters, diffusez des publicit\u00e9s et gardez les tableaux d&#039;affichage bien visibles quelles que soient les conditions m\u00e9t\u00e9orologiques.","breadcrumb":{"@id":"https:\/\/www.telaled.com\/fabrica\/placar-eletronico-esportivo-serie-tea\/#breadcrumb"},"inLanguage":"fr-FR","potentialAction":[{"@type":"ReadAction","target":["https:\/\/www.telaled.com\/fabrica\/placar-eletronico-esportivo-serie-tea\/"]}]},{"@type":"ImageObject","inLanguage":"fr-FR","@id":"https:\/\/www.telaled.com\/fabrica\/placar-eletronico-esportivo-serie-tea\/#primaryimage","url":"https:\/\/www.telaled.com\/wp-content\/uploads\/2025\/09\/Placar-Eeletronico-Esportivo-Serie-TEA.jpg","contentUrl":"https:\/\/www.telaled.com\/wp-content\/uploads\/2025\/09\/Placar-Eeletronico-Esportivo-Serie-TEA.jpg","width":500,"height":500,"caption":"Placar-Eeletr\u00f4nico-Esportivo-S\u00e9rie-TEA"},{"@type":"BreadcrumbList","@id":"https:\/\/www.telaled.com\/fabrica\/placar-eletronico-esportivo-serie-tea\/#breadcrumb","itemListElement":[{"@type":"ListItem","position":1,"name":"Home","item":"https:\/\/www.telaled.com\/"},{"@type":"ListItem","position":2,"name":"Produtos","item":"https:\/\/www.telaled.com\/shop\/"},{"@type":"ListItem","position":3,"name":"Placar Eletr\u00f4nico Esportivo S\u00e9rie TEA"}]},{"@type":"WebSite","@id":"https:\/\/www.telaled.com\/#website","url":"https:\/\/www.telaled.com\/","name":"\u00e9cran LED","description":"","potentialAction":[{"@type":"SearchAction","target":{"@type":"EntryPoint","urlTemplate":"https:\/\/www.telaled.com\/?s={search_term_string}"},"query-input":{"@type":"PropertyValueSpecification","valueRequired":true,"valueName":"search_term_string"}}],"inLanguage":"fr-FR"}]}},"_links":{"self":[{"href":"https:\/\/www.telaled.com\/fr\/wp-json\/wp\/v2\/product\/3661","targetHints":{"allow":["GET"]}}],"collection":[{"href":"https:\/\/www.telaled.com\/fr\/wp-json\/wp\/v2\/product"}],"about":[{"href":"https:\/\/www.telaled.com\/fr\/wp-json\/wp\/v2\/types\/product"}],"wp:featuredmedia":[{"embeddable":true,"href":"https:\/\/www.telaled.com\/fr\/wp-json\/wp\/v2\/media\/3662"}],"wp:attachment":[{"href":"https:\/\/www.telaled.com\/fr\/wp-json\/wp\/v2\/media?parent=3661"}],"wp:term":[{"taxonomy":"product_brand","embeddable":true,"href":"https:\/\/www.telaled.com\/fr\/wp-json\/wp\/v2\/product_brand?post=3661"},{"taxonomy":"product_cat","embeddable":true,"href":"https:\/\/www.telaled.com\/fr\/wp-json\/wp\/v2\/product_cat?post=3661"},{"taxonomy":"product_tag","embeddable":true,"href":"https:\/\/www.telaled.com\/fr\/wp-json\/wp\/v2\/product_tag?post=3661"}],"curies":[{"name":"wp","href":"https:\/\/api.w.org\/{rel}","templated":true}]}}