{"id":3624,"date":"2025-09-29T06:06:11","date_gmt":"2025-09-29T06:06:11","guid":{"rendered":"https:\/\/www.telaled.com\/?post_type=product&#038;p=3624"},"modified":"2026-01-06T08:56:07","modified_gmt":"2026-01-06T08:56:07","slug":"totem-led-vertical-serie-twc","status":"publish","type":"product","link":"https:\/\/www.telaled.com\/fr\/fabrica\/totem-led-vertical-serie-twc\/","title":{"rendered":"Totem LED vertical s\u00e9rie TWC"},"content":{"rendered":"<div class=\"row\"  id=\"row-766667541\">\n\n\t<div id=\"col-1694230208\" class=\"col small-12 large-12\"  >\n\t\t\t\t<div class=\"col-inner\"  >\n\t\t\t\n\t\t\t\n<h2>Avantages exclusifs du Totem LED vertical de la s\u00e9rie TWC<\/h2>\n<h3><strong>Durabilit\u00e9 sup\u00e9rieure<\/strong><\/h3>\n<ul>\n<li>Con\u00e7u pour une utilisation continue sans perte de performances.<\/li>\n<li>R\u00e9sistant \u00e0 l&#039;usure, garantissant une longue dur\u00e9e de vie.<\/li>\n<li>Construit avec des modules LED de haute qualit\u00e9 pour plus de stabilit\u00e9.<\/li>\n<\/ul>\n<h3><strong>Qualit\u00e9 visuelle exceptionnelle<\/strong><\/h3>\n<ul>\n<li>Haute luminosit\u00e9 jusqu&#039;\u00e0 7500 cd\/m\u00b2 pour des affichages \u00e9clatants.<\/li>\n<li>Pas de pixels fins (aussi bas que <a href=\"https:\/\/www.telaled.com\/fr\/painel-de-led-p2-5\/\">P2 mm<\/a>).<\/li>\n<li>Des couleurs r\u00e9alistes qui captent instantan\u00e9ment l\u2019attention.<\/li>\n<\/ul>\n<h3><strong>Adaptabilit\u00e9 compl\u00e8te<\/strong><\/h3>\n<ul>\n<li>Disponible en diff\u00e9rentes tailles et proportions.<\/li>\n<li>Options d&#039;affichage simple ou double face.<\/li>\n<li>Personnalisable pour s&#039;adapter \u00e0 diff\u00e9rents environnements int\u00e9rieurs.<\/li>\n<\/ul>\n<h3><strong>Assistance compl\u00e8te<\/strong><\/h3>\n<ul>\n<li><strong>Assistance sp\u00e9cialis\u00e9e 24h\/24 et 7j\/7 : <\/strong>Obtenez une aide professionnelle \u00e0 tout moment et en tout lieu pour assurer le bon fonctionnement de votre syst\u00e8me.<strong>.<\/strong><\/li>\n<li><strong>Pi\u00e8ces de rechange incluses : <\/strong>Chaque commande est livr\u00e9e avec 5% de pi\u00e8ces de rechange pour garantir des performances constantes.<\/li>\n<li><strong>Augmenter la fiabilit\u00e9 :\u00a0<\/strong>Les composants suppl\u00e9mentaires r\u00e9duisent les interruptions de service et augmentent la dur\u00e9e de vie de l&#039;\u00e9quipement.<\/li>\n<li><strong>Garantie de tranquillit\u00e9 d&#039;esprit :\u00a0<\/strong>B\u00e9n\u00e9ficiez d&#039;une garantie de 3 ans avec un service fiable et une protection durable pour votre investissement.<\/li>\n<\/ul>\n<h2>D\u00e9tails du produit<\/h2>\n<div class=\"row\"  id=\"row-400515238\">\n\n\t<div id=\"col-1081223058\" class=\"col medium-10 small-12 large-10\"  >\n\t\t\t\t<div class=\"col-inner text-left\"  >\n\t\t\t\n\t\t\t\n<ul>\n<li>Les totems LED verticaux sont des \u00e9crans num\u00e9riques mobiles et \u00e9l\u00e9gants, disponibles dans une vari\u00e9t\u00e9 de tailles et de r\u00e9solutions. Pr\u00eats \u00e0 l&#039;emploi d\u00e8s leur livraison, ils offrent des images nettes et lumineuses sans configuration complexe. Parfaits pour les centres commerciaux, les espaces de vente et les conf\u00e9rences, leur format d&#039;image unique les distingue des \u00e9crans LCD standard et offre une personnalisation flexible pour toutes les marques.<\/li>\n<\/ul>\n\t<div class=\"img has-hover x md-x lg-x y md-y lg-y\" id=\"image_1133735688\">\n\t\t\t\t\t\t\t\t<div class=\"img-inner dark\" >\n\t\t\t<img loading=\"lazy\" decoding=\"async\" width=\"1500\" height=\"841\" src=\"https:\/\/www.telaled.com\/wp-content\/uploads\/2025\/09\/vertical-led-totem8.webp\" class=\"attachment-original size-original\" alt=\"totem vertical \u00e0 LED8\" srcset=\"https:\/\/www.telaled.com\/wp-content\/uploads\/2025\/09\/vertical-led-totem8.webp 1500w, https:\/\/www.telaled.com\/wp-content\/uploads\/2025\/09\/vertical-led-totem8-300x168.webp 300w, https:\/\/www.telaled.com\/wp-content\/uploads\/2025\/09\/vertical-led-totem8-1024x574.webp 1024w, https:\/\/www.telaled.com\/wp-content\/uploads\/2025\/09\/vertical-led-totem8-768x431.webp 768w, https:\/\/www.telaled.com\/wp-content\/uploads\/2025\/09\/vertical-led-totem8-18x10.webp 18w, https:\/\/www.telaled.com\/wp-content\/uploads\/2025\/09\/vertical-led-totem8-600x336.webp 600w\" sizes=\"auto, (max-width: 1500px) 100vw, 1500px\" \/>\t\t\t\t\t\t\n\t\t\t\t\t<\/div>\n\t\t\t\t\t\t\t\t\n<style>\n#image_1133735688 {\n  width: 80%;\n}\n<\/style>\n\t<\/div>\n\t\n<ul>\n<li>LE <em><strong>Totem LED vertical s\u00e9rie TWC<\/strong><\/em> Ils peuvent \u00eatre connect\u00e9s c\u00f4te \u00e0 c\u00f4te pour afficher une image plus grande ou r\u00e9p\u00e9ter le m\u00eame contenu sur plusieurs \u00e9crans. Vous pouvez connecter jusqu&#039;\u00e0 5 totems en cascade, adapt\u00e9s aux installations sur pied ou suspendues.<\/li>\n<\/ul>\n\t<div class=\"img has-hover x md-x lg-x y md-y lg-y\" id=\"image_984044734\">\n\t\t\t\t\t\t\t\t<div class=\"img-inner dark\" >\n\t\t\t<img loading=\"lazy\" decoding=\"async\" width=\"675\" height=\"675\" src=\"https:\/\/www.telaled.com\/wp-content\/uploads\/2025\/09\/Configuracao-em-cascata.webp\" class=\"attachment-large size-large\" alt=\"Configuration en cascade\" srcset=\"https:\/\/www.telaled.com\/wp-content\/uploads\/2025\/09\/Configuracao-em-cascata.webp 675w, https:\/\/www.telaled.com\/wp-content\/uploads\/2025\/09\/Configuracao-em-cascata-300x300.webp 300w, https:\/\/www.telaled.com\/wp-content\/uploads\/2025\/09\/Configuracao-em-cascata-150x150.webp 150w, https:\/\/www.telaled.com\/wp-content\/uploads\/2025\/09\/Configuracao-em-cascata-12x12.webp 12w, https:\/\/www.telaled.com\/wp-content\/uploads\/2025\/09\/Configuracao-em-cascata-600x600.webp 600w, https:\/\/www.telaled.com\/wp-content\/uploads\/2025\/09\/Configuracao-em-cascata-100x100.webp 100w\" sizes=\"auto, (max-width: 675px) 100vw, 675px\" \/>\t\t\t\t\t\t\n\t\t\t\t\t<\/div>\n\t\t\t\t\t\t\t\t\n<style>\n#image_984044734 {\n  width: 80%;\n}\n<\/style>\n\t<\/div>\n\t\n<ul>\n<li>Il est livr\u00e9 avec plusieurs options d&#039;interface, rendant les mises \u00e0 jour de contenu simples et efficaces.<\/li>\n<\/ul>\n\t<div class=\"img has-hover x md-x lg-x y md-y lg-y\" id=\"image_608330307\">\n\t\t\t\t\t\t\t\t<div class=\"img-inner dark\" >\n\t\t\t<img loading=\"lazy\" decoding=\"async\" width=\"675\" height=\"675\" src=\"https:\/\/www.telaled.com\/wp-content\/uploads\/2025\/09\/Metodos-de-controle-1.webp\" class=\"attachment-large size-large\" alt=\"M\u00e9thodes de contr\u00f4le (1)\" srcset=\"https:\/\/www.telaled.com\/wp-content\/uploads\/2025\/09\/Metodos-de-controle-1.webp 675w, https:\/\/www.telaled.com\/wp-content\/uploads\/2025\/09\/Metodos-de-controle-1-300x300.webp 300w, https:\/\/www.telaled.com\/wp-content\/uploads\/2025\/09\/Metodos-de-controle-1-150x150.webp 150w, https:\/\/www.telaled.com\/wp-content\/uploads\/2025\/09\/Metodos-de-controle-1-12x12.webp 12w, https:\/\/www.telaled.com\/wp-content\/uploads\/2025\/09\/Metodos-de-controle-1-600x600.webp 600w, https:\/\/www.telaled.com\/wp-content\/uploads\/2025\/09\/Metodos-de-controle-1-100x100.webp 100w\" sizes=\"auto, (max-width: 675px) 100vw, 675px\" \/>\t\t\t\t\t\t\n\t\t\t\t\t<\/div>\n\t\t\t\t\t\t\t\t\n<style>\n#image_608330307 {\n  width: 80%;\n}\n<\/style>\n\t<\/div>\n\t\n\t\t<\/div>\n\t\t\t\t\t<\/div>\n\n\t\n\n\t<div id=\"col-377714394\" class=\"col medium-10 small-12 large-10\"  >\n\t\t\t\t<div class=\"col-inner text-left\"  >\n\t\t\t\n\t\t\t\n<ul>\n<li>D\u00e9marquez-vous avec un totem LED vertical accrocheur. Am\u00e9liorez la visibilit\u00e9 de votre marque gr\u00e2ce \u00e0 des solutions visuelles percutantes con\u00e7ues pour captiver votre public. Des \u00e9crans LCD simple face aux doubles faces, en passant par les totems LED verticaux, nos \u00e9crans diffusent un message clair et percutant. Racontez votre histoire avec impact, touchez vos clients exactement l\u00e0 o\u00f9 ils se trouvent et interagissez avec eux au moment opportun.<\/li>\n<\/ul>\n\t<div class=\"img has-hover x md-x lg-x y md-y lg-y\" id=\"image_2064323189\">\n\t\t\t\t\t\t\t\t<div class=\"img-inner dark\" >\n\t\t\t<img loading=\"lazy\" decoding=\"async\" width=\"675\" height=\"675\" src=\"https:\/\/www.telaled.com\/wp-content\/uploads\/2025\/09\/vertical-led-totem12.webp\" class=\"attachment-large size-large\" alt=\"totem-vertical-led-12\" srcset=\"https:\/\/www.telaled.com\/wp-content\/uploads\/2025\/09\/vertical-led-totem12.webp 675w, https:\/\/www.telaled.com\/wp-content\/uploads\/2025\/09\/vertical-led-totem12-300x300.webp 300w, https:\/\/www.telaled.com\/wp-content\/uploads\/2025\/09\/vertical-led-totem12-150x150.webp 150w, https:\/\/www.telaled.com\/wp-content\/uploads\/2025\/09\/vertical-led-totem12-12x12.webp 12w, https:\/\/www.telaled.com\/wp-content\/uploads\/2025\/09\/vertical-led-totem12-600x600.webp 600w, https:\/\/www.telaled.com\/wp-content\/uploads\/2025\/09\/vertical-led-totem12-100x100.webp 100w\" sizes=\"auto, (max-width: 675px) 100vw, 675px\" \/>\t\t\t\t\t\t\n\t\t\t\t\t<\/div>\n\t\t\t\t\t\t\t\t\n<style>\n#image_2064323189 {\n  width: 80%;\n}\n<\/style>\n\t<\/div>\n\t\n<ul>\n<li>Les totems LED verticaux de la s\u00e9rie TWC sont emball\u00e9s dans des caisses en bois renforc\u00e9es pour les prot\u00e9ger pendant le transport. Chaque unit\u00e9 est soigneusement emball\u00e9e pour la prot\u00e9ger des dommages caus\u00e9s par les nuisibles, les chocs et autres dangers. Cela garantit durabilit\u00e9 et s\u00e9curit\u00e9 lors de la livraison.<\/li>\n<\/ul>\n\t<div class=\"img has-hover x md-x lg-x y md-y lg-y\" id=\"image_520241117\">\n\t\t\t\t\t\t\t\t<div class=\"img-inner dark\" >\n\t\t\t<img loading=\"lazy\" decoding=\"async\" width=\"760\" height=\"1024\" src=\"https:\/\/www.telaled.com\/wp-content\/uploads\/2025\/08\/36123f2c-de60-488d-af81-255cd4aee54a-760x1024.webp\" class=\"attachment-large size-large\" alt=\"\" srcset=\"https:\/\/www.telaled.com\/wp-content\/uploads\/2025\/08\/36123f2c-de60-488d-af81-255cd4aee54a-760x1024.webp 760w, https:\/\/www.telaled.com\/wp-content\/uploads\/2025\/08\/36123f2c-de60-488d-af81-255cd4aee54a-223x300.webp 223w, https:\/\/www.telaled.com\/wp-content\/uploads\/2025\/08\/36123f2c-de60-488d-af81-255cd4aee54a-768x1035.webp 768w, https:\/\/www.telaled.com\/wp-content\/uploads\/2025\/08\/36123f2c-de60-488d-af81-255cd4aee54a-9x12.webp 9w, https:\/\/www.telaled.com\/wp-content\/uploads\/2025\/08\/36123f2c-de60-488d-af81-255cd4aee54a-600x808.webp 600w, https:\/\/www.telaled.com\/wp-content\/uploads\/2025\/08\/36123f2c-de60-488d-af81-255cd4aee54a.webp 795w\" sizes=\"auto, (max-width: 760px) 100vw, 760px\" \/>\t\t\t\t\t\t\n\t\t\t\t\t<\/div>\n\t\t\t\t\t\t\t\t\n<style>\n#image_520241117 {\n  width: 80%;\n}\n<\/style>\n\t<\/div>\n\t\n\n<table id=\"tablepress-88\" class=\"tablepress tablepress-id-88\">\n<thead>\n<tr class=\"row-1\">\n\t<th class=\"column-1\">Type de mod\u00e8le<\/th><th class=\"column-2\">TWC-P2.5<\/th><th class=\"column-3\">TWC-P3<\/th><th class=\"column-4\">TWC-P4<\/th><th class=\"column-5\">TWC-P4<\/th>\n<\/tr>\n<\/thead>\n<tbody class=\"row-striping row-hover\">\n<tr class=\"row-2\">\n\t<td class=\"column-1\">Pas de pixel <\/td><td class=\"column-2\">2,5 mm<\/td><td class=\"column-3\">3 mm<\/td><td class=\"column-4\">4 mm<\/td><td class=\"column-5\">4 mm<\/td>\n<\/tr>\n<tr class=\"row-3\">\n\t<td class=\"column-1\">Type de LED<\/td><td class=\"column-2\">SMD2121 (noir)<\/td><td class=\"column-3\">SMD2121 (noir)<\/td><td class=\"column-4\">SMD2121 (noir)<\/td><td class=\"column-5\">SMD1921<\/td>\n<\/tr>\n<tr class=\"row-4\">\n\t<td class=\"column-1\">R\u00e9solution du module<\/td><td class=\"column-2\">64 * 32 points<\/td><td class=\"column-3\">64 * 64 points<\/td><td class=\"column-4\">64 * 32 points<\/td><td class=\"column-5\">64 * 32 points<\/td>\n<\/tr>\n<tr class=\"row-5\">\n\t<td class=\"column-1\">Taille de l&#039;\u00e9cran (H*L)<\/td><td class=\"column-2\">800*1600mm<\/td><td class=\"column-3\">960*1920mm<\/td><td class=\"column-4\">1024*1536mm<\/td><td class=\"column-5\">1024*2048mm<\/td>\n<\/tr>\n<tr class=\"row-6\">\n\t<td class=\"column-1\">Taille du pied<\/td><td class=\"column-2\">2,62*5,25 pieds<\/td><td class=\"column-3\">3,15*6,30 pieds<\/td><td class=\"column-4\">3,36*6,72 pieds<\/td><td class=\"column-5\">3,36*6,72 pieds<\/td>\n<\/tr>\n<tr class=\"row-7\">\n\t<td class=\"column-1\">R\u00e9solution de l&#039;\u00e9cran<\/td><td class=\"column-2\">320 * 640 pixels<\/td><td class=\"column-3\">320 * 640 pixels<\/td><td class=\"column-4\">256 * 512 pixels<\/td><td class=\"column-5\">256 * 512 pixels<\/td>\n<\/tr>\n<tr class=\"row-8\">\n\t<td class=\"column-1\">Armoire \u00e0 mat\u00e9riaux<\/td><td class=\"column-2\">Aluminium<\/td><td class=\"column-3\">Aluminium<\/td><td class=\"column-4\">Aluminium<\/td><td class=\"column-5\">Aluminium<\/td>\n<\/tr>\n<tr class=\"row-9\">\n\t<td class=\"column-1\">Poids de l&#039;armoire<\/td><td class=\"column-2\">100 kg<\/td><td class=\"column-3\">140 kg<\/td><td class=\"column-4\">115 kg<\/td><td class=\"column-5\">170 kg<\/td>\n<\/tr>\n<tr class=\"row-10\">\n\t<td class=\"column-1\">Proc\u00e9dure de conduite<\/td><td class=\"column-2\">\u2265 3 m<\/td><td class=\"column-3\">\u2265 3 m<\/td><td class=\"column-4\">&gt; 4 m<\/td><td class=\"column-5\">&gt; 4 m<\/td>\n<\/tr>\n<tr class=\"row-11\">\n\t<td class=\"column-1\">Lumi\u00e8re<\/td><td class=\"column-2\">\u2265 1000 nits<\/td><td class=\"column-3\">\u2265 1000 nits<\/td><td class=\"column-4\">\u2265 1000 nits<\/td><td class=\"column-5\">\u2265 5000 nits<\/td>\n<\/tr>\n<tr class=\"row-12\">\n\t<td class=\"column-1\">Angle de vision<\/td><td class=\"column-2\">140\u00b0 (H)\/140\u00b0(V)<\/td><td class=\"column-3\">140\u00b0 (H)\/140\u00b0(V)<\/td><td class=\"column-4\">140\u00b0 (H)\/140\u00b0(V)<\/td><td class=\"column-5\">140\u00b0 (H)\/140\u00b0(V)<\/td>\n<\/tr>\n<tr class=\"row-13\">\n\t<td class=\"column-1\">Taux de rafra\u00eechissement<\/td><td class=\"column-2\">1920 Hz<\/td><td class=\"column-3\">1920 Hz<\/td><td class=\"column-4\">1920 Hz<\/td><td class=\"column-5\">1920 Hz<\/td>\n<\/tr>\n<tr class=\"row-14\">\n\t<td class=\"column-1\">Tension d&#039;entr\u00e9e<\/td><td class=\"column-2\">CA 220\/110 \u00b1 15%<\/td><td class=\"column-3\">CA 220\/110 \u00b1 15%<\/td><td class=\"column-4\">CA 220\/110 \u00b1 15%<\/td><td class=\"column-5\">CA 220\/110 \u00b1 15%<\/td>\n<\/tr>\n<tr class=\"row-15\">\n\t<td class=\"column-1\">Consommation \u00e9lectrique maximale<\/td><td class=\"column-2\">1000W<\/td><td class=\"column-3\">1100 W<\/td><td class=\"column-4\">860 W<\/td><td class=\"column-5\">1200 W<\/td>\n<\/tr>\n<tr class=\"row-16\">\n\t<td class=\"column-1\">Temp\u00e9rature de fonctionnement (\u2103)<\/td><td class=\"column-2\">-30\u2103 \u00e0 60\u2103<\/td><td class=\"column-3\">-30\u2103 \u00e0 60\u2103<\/td><td class=\"column-4\">-30\u2103 \u00e0 60\u2103<\/td><td class=\"column-5\">-30\u2103 \u00e0 60\u2103<\/td>\n<\/tr>\n<tr class=\"row-17\">\n\t<td class=\"column-1\">Production d&#039;humidit\u00e9<\/td><td class=\"column-2\">10% ~ 75%<\/td><td class=\"column-3\">10% ~ 75%<\/td><td class=\"column-4\">10% ~ 75%<\/td><td class=\"column-5\">10% ~ 75%<\/td>\n<\/tr>\n<tr class=\"row-18\">\n\t<td class=\"column-1\">Certificat<\/td><td class=\"column-2\">CE, ROHS<\/td><td class=\"column-3\">CE, ROHS<\/td><td class=\"column-4\">CE, ROHS<\/td><td class=\"column-5\">CE, ROHS<\/td>\n<\/tr>\n<\/tbody>\n<\/table>\n\n\t\t<\/div>\n\t\t\t\t\t<\/div>\n\n\t\n<\/div>\n\t\t<\/div>\n\t\t\t\t\t<\/div>\n\n\t\n<\/div>","protected":false},"excerpt":{"rendered":"<p><strong>Totem LED vertical s\u00e9rie TWC \u2013 Affichage num\u00e9rique intelligent pour une publicit\u00e9 24h\/24 et 7j\/7<\/strong><\/p>\n<p>La n\u00f4tre <strong>Totem LED vertical s\u00e9rie TWC<\/strong> Ces \u00e9crans num\u00e9riques polyvalents permettent un fonctionnement continu dans tous les environnements. Gr\u00e2ce \u00e0 une vari\u00e9t\u00e9 de mod\u00e8les, des options d&#039;installation faciles et des m\u00e9thodes de contr\u00f4le flexibles, ils offrent des images \u00e9clatantes et lumineuses pour optimiser votre retour sur investissement en publicit\u00e9 int\u00e9rieure et ext\u00e9rieure.<\/p>\n<p><strong>Caract\u00e9ristiques principales :<\/strong><\/p>\n<ul>\n<li>Il fonctionne 24h\/24 et 7j\/7 avec une luminosit\u00e9 \u00e9lev\u00e9e qui prot\u00e8ge de la pluie, du brouillard ou de la lumi\u00e8re directe du soleil.<\/li>\n<li>Mettez \u00e0 jour le contenu via 4G, WiFi, USB, Bluetooth ou Ethernet.<\/li>\n<li>Installations autonomes, sur roues, murales ou suspendues pour s&#039;adapter \u00e0 n&#039;importe quel emplacement.<\/li>\n<li>Construit avec des composants haut de gamme, une protection en verre tremp\u00e9 et des param\u00e8tres personnalisables.<\/li>\n<\/ul>\n<p>B\u00e9n\u00e9ficiez d&#039;une assistance \u00e0 distance fiable 24h\/24 et 7j\/7, avec une garantie compl\u00e8te de 3 ans. Contactez-nous d\u00e8s aujourd&#039;hui pour obtenir un devis gratuit et personnalis\u00e9, adapt\u00e9 \u00e0 vos besoins sp\u00e9cifiques.<\/p>","protected":false},"featured_media":3625,"template":"","meta":[],"product_brand":[],"product_cat":[50,48,40,43],"product_tag":[],"class_list":{"0":"post-3624","1":"product","2":"type-product","3":"status-publish","4":"has-post-thumbnail","6":"product_cat-aluguel-de-painel-de-led","7":"product_cat-paineis-personalizados","8":"product_cat-painel-de-led","9":"product_cat-totem-de-led","11":"first","12":"instock","13":"shipping-taxable","14":"product-type-simple"},"yoast_head":"<!-- This site is optimized with the Yoast SEO plugin v27.5 - https:\/\/yoast.com\/product\/yoast-seo-wordpress\/ -->\n<title>Totem LED Vertical S\u00e9rie TWC | Displays Digitais Atraentes para An\u00fancios Internos e Externos | TELALED<\/title>\n<meta name=\"description\" content=\"Aprimore sua publicidade com um Totem LED Vertical S\u00e9rie TWC. Telas finas, m\u00f3veis e de alto brilho para shoppings, lojas e eventos. Solicite um or\u00e7amento hoje mesmo!\" \/>\n<meta name=\"robots\" content=\"index, follow, max-snippet:-1, max-image-preview:large, max-video-preview:-1\" \/>\n<link rel=\"canonical\" href=\"https:\/\/www.telaled.com\/fr\/fabrica\/totem-led-vertical-serie-twc\/\" \/>\n<meta property=\"og:locale\" content=\"fr_FR\" \/>\n<meta property=\"og:type\" content=\"article\" \/>\n<meta property=\"og:title\" content=\"Totem LED Vertical S\u00e9rie TWC | Displays Digitais Atraentes para An\u00fancios Internos e Externos | TELALED\" \/>\n<meta property=\"og:description\" content=\"Aprimore sua publicidade com um Totem LED Vertical S\u00e9rie TWC. Telas finas, m\u00f3veis e de alto brilho para shoppings, lojas e eventos. Solicite um or\u00e7amento hoje mesmo!\" \/>\n<meta property=\"og:url\" content=\"https:\/\/www.telaled.com\/fr\/fabrica\/totem-led-vertical-serie-twc\/\" \/>\n<meta property=\"og:site_name\" content=\"TELALED\" \/>\n<meta property=\"article:modified_time\" content=\"2026-01-06T08:56:07+00:00\" \/>\n<meta property=\"og:image\" content=\"https:\/\/www.telaled.com\/wp-content\/uploads\/2025\/09\/vertical-led-totem.webp\" \/>\n\t<meta property=\"og:image:width\" content=\"500\" \/>\n\t<meta property=\"og:image:height\" content=\"500\" \/>\n\t<meta property=\"og:image:type\" content=\"image\/webp\" \/>\n<meta name=\"twitter:card\" content=\"summary_large_image\" \/>\n<meta name=\"twitter:label1\" content=\"Dur\u00e9e de lecture estim\u00e9e\" \/>\n\t<meta name=\"twitter:data1\" content=\"3 minutes\" \/>\n<script type=\"application\/ld+json\" class=\"yoast-schema-graph\">{\"@context\":\"https:\\\/\\\/schema.org\",\"@graph\":[{\"@type\":\"WebPage\",\"@id\":\"https:\\\/\\\/www.telaled.com\\\/fabrica\\\/totem-led-vertical-serie-twc\\\/\",\"url\":\"https:\\\/\\\/www.telaled.com\\\/fabrica\\\/totem-led-vertical-serie-twc\\\/\",\"name\":\"Totem LED Vertical S\u00e9rie TWC | Displays Digitais Atraentes para An\u00fancios Internos e Externos | TELALED\",\"isPartOf\":{\"@id\":\"https:\\\/\\\/www.telaled.com\\\/#website\"},\"primaryImageOfPage\":{\"@id\":\"https:\\\/\\\/www.telaled.com\\\/fabrica\\\/totem-led-vertical-serie-twc\\\/#primaryimage\"},\"image\":{\"@id\":\"https:\\\/\\\/www.telaled.com\\\/fabrica\\\/totem-led-vertical-serie-twc\\\/#primaryimage\"},\"thumbnailUrl\":\"https:\\\/\\\/www.telaled.com\\\/wp-content\\\/uploads\\\/2025\\\/09\\\/vertical-led-totem.webp\",\"datePublished\":\"2025-09-29T06:06:11+00:00\",\"dateModified\":\"2026-01-06T08:56:07+00:00\",\"description\":\"Aprimore sua publicidade com um Totem LED Vertical S\u00e9rie TWC. Telas finas, m\u00f3veis e de alto brilho para shoppings, lojas e eventos. Solicite um or\u00e7amento hoje mesmo!\",\"breadcrumb\":{\"@id\":\"https:\\\/\\\/www.telaled.com\\\/fabrica\\\/totem-led-vertical-serie-twc\\\/#breadcrumb\"},\"inLanguage\":\"fr-FR\",\"potentialAction\":[{\"@type\":\"ReadAction\",\"target\":[\"https:\\\/\\\/www.telaled.com\\\/fabrica\\\/totem-led-vertical-serie-twc\\\/\"]}]},{\"@type\":\"ImageObject\",\"inLanguage\":\"fr-FR\",\"@id\":\"https:\\\/\\\/www.telaled.com\\\/fabrica\\\/totem-led-vertical-serie-twc\\\/#primaryimage\",\"url\":\"https:\\\/\\\/www.telaled.com\\\/wp-content\\\/uploads\\\/2025\\\/09\\\/vertical-led-totem.webp\",\"contentUrl\":\"https:\\\/\\\/www.telaled.com\\\/wp-content\\\/uploads\\\/2025\\\/09\\\/vertical-led-totem.webp\",\"width\":500,\"height\":500,\"caption\":\"vertical-led-totem\"},{\"@type\":\"BreadcrumbList\",\"@id\":\"https:\\\/\\\/www.telaled.com\\\/fabrica\\\/totem-led-vertical-serie-twc\\\/#breadcrumb\",\"itemListElement\":[{\"@type\":\"ListItem\",\"position\":1,\"name\":\"Home\",\"item\":\"https:\\\/\\\/www.telaled.com\\\/\"},{\"@type\":\"ListItem\",\"position\":2,\"name\":\"Produtos\",\"item\":\"https:\\\/\\\/www.telaled.com\\\/shop\\\/\"},{\"@type\":\"ListItem\",\"position\":3,\"name\":\"Totem LED Vertical S\u00e9rie TWC\"}]},{\"@type\":\"WebSite\",\"@id\":\"https:\\\/\\\/www.telaled.com\\\/#website\",\"url\":\"https:\\\/\\\/www.telaled.com\\\/\",\"name\":\"TELALED\",\"description\":\"\",\"potentialAction\":[{\"@type\":\"SearchAction\",\"target\":{\"@type\":\"EntryPoint\",\"urlTemplate\":\"https:\\\/\\\/www.telaled.com\\\/?s={search_term_string}\"},\"query-input\":{\"@type\":\"PropertyValueSpecification\",\"valueRequired\":true,\"valueName\":\"search_term_string\"}}],\"inLanguage\":\"fr-FR\"}]}<\/script>\n<!-- \/ Yoast SEO plugin. -->","yoast_head_json":{"title":"Totem LED vertical s\u00e9rie TWC | Affichages num\u00e9riques attractifs pour la publicit\u00e9 int\u00e9rieure et ext\u00e9rieure | TELALED","description":"Sublimez votre publicit\u00e9 avec un totem LED vertical de la s\u00e9rie TWC. Des affichages fins, mobiles et haute luminosit\u00e9 pour centres commerciaux, magasins et \u00e9v\u00e9nements. Demandez un devis d\u00e8s aujourd&#039;hui\u00a0!","robots":{"index":"index","follow":"follow","max-snippet":"max-snippet:-1","max-image-preview":"max-image-preview:large","max-video-preview":"max-video-preview:-1"},"canonical":"https:\/\/www.telaled.com\/fr\/fabrica\/totem-led-vertical-serie-twc\/","og_locale":"fr_FR","og_type":"article","og_title":"Totem LED Vertical S\u00e9rie TWC | Displays Digitais Atraentes para An\u00fancios Internos e Externos | TELALED","og_description":"Aprimore sua publicidade com um Totem LED Vertical S\u00e9rie TWC. Telas finas, m\u00f3veis e de alto brilho para shoppings, lojas e eventos. Solicite um or\u00e7amento hoje mesmo!","og_url":"https:\/\/www.telaled.com\/fr\/fabrica\/totem-led-vertical-serie-twc\/","og_site_name":"TELALED","article_modified_time":"2026-01-06T08:56:07+00:00","og_image":[{"width":500,"height":500,"url":"https:\/\/www.telaled.com\/wp-content\/uploads\/2025\/09\/vertical-led-totem.webp","type":"image\/webp"}],"twitter_card":"summary_large_image","twitter_misc":{"Dur\u00e9e de lecture estim\u00e9e":"3 minutes"},"schema":{"@context":"https:\/\/schema.org","@graph":[{"@type":"WebPage","@id":"https:\/\/www.telaled.com\/fabrica\/totem-led-vertical-serie-twc\/","url":"https:\/\/www.telaled.com\/fabrica\/totem-led-vertical-serie-twc\/","name":"Totem LED vertical s\u00e9rie TWC | Affichages num\u00e9riques attractifs pour la publicit\u00e9 int\u00e9rieure et ext\u00e9rieure | TELALED","isPartOf":{"@id":"https:\/\/www.telaled.com\/#website"},"primaryImageOfPage":{"@id":"https:\/\/www.telaled.com\/fabrica\/totem-led-vertical-serie-twc\/#primaryimage"},"image":{"@id":"https:\/\/www.telaled.com\/fabrica\/totem-led-vertical-serie-twc\/#primaryimage"},"thumbnailUrl":"https:\/\/www.telaled.com\/wp-content\/uploads\/2025\/09\/vertical-led-totem.webp","datePublished":"2025-09-29T06:06:11+00:00","dateModified":"2026-01-06T08:56:07+00:00","description":"Sublimez votre publicit\u00e9 avec un totem LED vertical de la s\u00e9rie TWC. Des affichages fins, mobiles et haute luminosit\u00e9 pour centres commerciaux, magasins et \u00e9v\u00e9nements. Demandez un devis d\u00e8s aujourd&#039;hui\u00a0!","breadcrumb":{"@id":"https:\/\/www.telaled.com\/fabrica\/totem-led-vertical-serie-twc\/#breadcrumb"},"inLanguage":"fr-FR","potentialAction":[{"@type":"ReadAction","target":["https:\/\/www.telaled.com\/fabrica\/totem-led-vertical-serie-twc\/"]}]},{"@type":"ImageObject","inLanguage":"fr-FR","@id":"https:\/\/www.telaled.com\/fabrica\/totem-led-vertical-serie-twc\/#primaryimage","url":"https:\/\/www.telaled.com\/wp-content\/uploads\/2025\/09\/vertical-led-totem.webp","contentUrl":"https:\/\/www.telaled.com\/wp-content\/uploads\/2025\/09\/vertical-led-totem.webp","width":500,"height":500,"caption":"vertical-led-totem"},{"@type":"BreadcrumbList","@id":"https:\/\/www.telaled.com\/fabrica\/totem-led-vertical-serie-twc\/#breadcrumb","itemListElement":[{"@type":"ListItem","position":1,"name":"Home","item":"https:\/\/www.telaled.com\/"},{"@type":"ListItem","position":2,"name":"Produtos","item":"https:\/\/www.telaled.com\/shop\/"},{"@type":"ListItem","position":3,"name":"Totem LED Vertical S\u00e9rie TWC"}]},{"@type":"WebSite","@id":"https:\/\/www.telaled.com\/#website","url":"https:\/\/www.telaled.com\/","name":"\u00e9cran LED","description":"","potentialAction":[{"@type":"SearchAction","target":{"@type":"EntryPoint","urlTemplate":"https:\/\/www.telaled.com\/?s={search_term_string}"},"query-input":{"@type":"PropertyValueSpecification","valueRequired":true,"valueName":"search_term_string"}}],"inLanguage":"fr-FR"}]}},"_links":{"self":[{"href":"https:\/\/www.telaled.com\/fr\/wp-json\/wp\/v2\/product\/3624","targetHints":{"allow":["GET"]}}],"collection":[{"href":"https:\/\/www.telaled.com\/fr\/wp-json\/wp\/v2\/product"}],"about":[{"href":"https:\/\/www.telaled.com\/fr\/wp-json\/wp\/v2\/types\/product"}],"wp:featuredmedia":[{"embeddable":true,"href":"https:\/\/www.telaled.com\/fr\/wp-json\/wp\/v2\/media\/3625"}],"wp:attachment":[{"href":"https:\/\/www.telaled.com\/fr\/wp-json\/wp\/v2\/media?parent=3624"}],"wp:term":[{"taxonomy":"product_brand","embeddable":true,"href":"https:\/\/www.telaled.com\/fr\/wp-json\/wp\/v2\/product_brand?post=3624"},{"taxonomy":"product_cat","embeddable":true,"href":"https:\/\/www.telaled.com\/fr\/wp-json\/wp\/v2\/product_cat?post=3624"},{"taxonomy":"product_tag","embeddable":true,"href":"https:\/\/www.telaled.com\/fr\/wp-json\/wp\/v2\/product_tag?post=3624"}],"curies":[{"name":"wp","href":"https:\/\/api.w.org\/{rel}","templated":true}]}}