{"id":3604,"date":"2025-09-26T19:34:34","date_gmt":"2025-09-26T19:34:34","guid":{"rendered":"https:\/\/www.telaled.com\/?post_type=product&#038;p=3604"},"modified":"2026-01-06T08:35:10","modified_gmt":"2026-01-06T08:35:10","slug":"totem-de-rua-propaganda-serie-twa","status":"publish","type":"product","link":"https:\/\/www.telaled.com\/fr\/fabrica\/totem-de-rua-propaganda-serie-twa\/","title":{"rendered":"Publicit\u00e9 de rue Totem S\u00e9rie TWA"},"content":{"rendered":"<div class=\"row\"  id=\"row-770451039\">\n\n\t<div id=\"col-955881372\" class=\"col small-12 large-12\"  >\n\t\t\t\t<div class=\"col-inner\"  >\n\t\t\t\n\t\t\t\n<h2><strong>Avantages exclusifs du totem publicitaire de rue de la s\u00e9rie TWA<\/strong><\/h2>\n<h3><strong>Visibilit\u00e9 au niveau des yeux<\/strong><\/h3>\n<ul>\n<li>Attire l\u2019attention l\u00e0 o\u00f9 les gens regardent naturellement.<\/li>\n<li>Se distingue dans les environnements urbains surpeupl\u00e9s.<\/li>\n<li>Offre un meilleur rappel que les panneaux d&#039;affichage suspendus.<\/li>\n<\/ul>\n<h3><strong>Un fort impact local<\/strong><\/h3>\n<ul>\n<li>Plac\u00e9 dans des zones \u00e0 fort trafic pi\u00e9tonnier pour une exposition maximale.<\/li>\n<li>Cela concerne \u00e0 la fois les pi\u00e9tons et la circulation des v\u00e9hicules \u00e0 proximit\u00e9.<\/li>\n<li>Suscite une action imm\u00e9diate en atteignant les publics proches du point de vente.<\/li>\n<\/ul>\n<h3><strong>Con\u00e7u pour les performances en ext\u00e9rieur<\/strong><\/h3>\n<ul>\n<li>R\u00e9sistant aux intemp\u00e9ries et \u00e0 la poussi\u00e8re pour une utilisation toute l&#039;ann\u00e9e.<\/li>\n<li>Les mat\u00e9riaux de qualit\u00e9 industrielle emp\u00eachent les dommages et l\u2019usure.<\/li>\n<li>La conception n\u00e9cessitant peu d\u2019entretien r\u00e9duit les co\u00fbts \u00e0 long terme.<\/li>\n<\/ul>\n<h3><strong>Contr\u00f4le du contenu en temps r\u00e9el<\/strong><\/h3>\n<ul>\n<li>Mettez \u00e0 jour vos campagnes pour que le message de votre marque reste visible aupr\u00e8s des usagers quotidiens.<\/li>\n<li>Lancez de nouvelles promotions sans d\u00e9lais d\u2019impression.<\/li>\n<li>Gardez les messages opportuns et pertinents pour votre public.<\/li>\n<\/ul>\n<h2>D\u00e9tails du produit<\/h2>\n<div class=\"row\"  id=\"row-1035606997\">\n\n\t<div id=\"col-1083742736\" class=\"col medium-10 small-12 large-10\"  >\n\t\t\t\t<div class=\"col-inner text-left\"  >\n\t\t\t\n\t\t\t\n<ul>\n<li><strong>Structure durable<\/strong> \u2013 L\u2019acier de qualit\u00e9 industrielle et le verre tremp\u00e9 prot\u00e8gent l\u2019unit\u00e9 contre l\u2019usure, les chocs et le vandalisme.<\/li>\n<\/ul>\n\t<div class=\"img has-hover x md-x lg-x y md-y lg-y\" id=\"image_1954529795\">\n\t\t\t\t\t\t\t\t<div class=\"img-inner dark\" >\n\t\t\t<img loading=\"lazy\" decoding=\"async\" width=\"750\" height=\"492\" src=\"https:\/\/www.telaled.com\/wp-content\/uploads\/2025\/09\/Durable-Build-1.webp\" class=\"attachment-large size-large\" alt=\"Construction durable\" srcset=\"https:\/\/www.telaled.com\/wp-content\/uploads\/2025\/09\/Durable-Build-1.webp 750w, https:\/\/www.telaled.com\/wp-content\/uploads\/2025\/09\/Durable-Build-1-300x197.webp 300w, https:\/\/www.telaled.com\/wp-content\/uploads\/2025\/09\/Durable-Build-1-18x12.webp 18w, https:\/\/www.telaled.com\/wp-content\/uploads\/2025\/09\/Durable-Build-1-600x394.webp 600w\" sizes=\"auto, (max-width: 750px) 100vw, 750px\" \/>\t\t\t\t\t\t\n\t\t\t\t\t<\/div>\n\t\t\t\t\t\t\t\t\n<style>\n#image_1954529795 {\n  width: 80%;\n}\n<\/style>\n\t<\/div>\n\t\n<ul>\n<li><strong>Options personnalisables<\/strong> - Choisissez parmi plusieurs tailles, orientations et finitions pour correspondre \u00e0 l&#039;identit\u00e9 de votre marque.<\/li>\n<\/ul>\n\t<div class=\"img has-hover x md-x lg-x y md-y lg-y\" id=\"image_990980295\">\n\t\t\t\t\t\t\t\t<div class=\"img-inner dark\" >\n\t\t\t<img loading=\"lazy\" decoding=\"async\" width=\"750\" height=\"492\" src=\"https:\/\/www.telaled.com\/wp-content\/uploads\/2025\/09\/Customizable-Options-1.webp\" class=\"attachment-original size-original\" alt=\"\" srcset=\"https:\/\/www.telaled.com\/wp-content\/uploads\/2025\/09\/Customizable-Options-1.webp 750w, https:\/\/www.telaled.com\/wp-content\/uploads\/2025\/09\/Customizable-Options-1-300x197.webp 300w, https:\/\/www.telaled.com\/wp-content\/uploads\/2025\/09\/Customizable-Options-1-18x12.webp 18w, https:\/\/www.telaled.com\/wp-content\/uploads\/2025\/09\/Customizable-Options-1-600x394.webp 600w\" sizes=\"auto, (max-width: 750px) 100vw, 750px\" \/>\t\t\t\t\t\t\n\t\t\t\t\t<\/div>\n\t\t\t\t\t\t\t\t\n<style>\n#image_990980295 {\n  width: 80%;\n}\n<\/style>\n\t<\/div>\n\t\n<ul>\n<li><strong>Installation flexible<\/strong> \u2013 peut \u00eatre mont\u00e9 au sol, autoportant ou int\u00e9gr\u00e9 dans une structure ext\u00e9rieure existante.<\/li>\n<\/ul>\n\t<div class=\"img has-hover x md-x lg-x y md-y lg-y\" id=\"image_279448347\">\n\t\t\t\t\t\t\t\t<div class=\"img-inner dark\" >\n\t\t\t<img loading=\"lazy\" decoding=\"async\" width=\"750\" height=\"492\" src=\"https:\/\/www.telaled.com\/wp-content\/uploads\/2025\/09\/Flexible-Installation-1.webp\" class=\"attachment-large size-large\" alt=\"Totem publicitaire de rue \u00e0 installation flexible s\u00e9rie TWA\" srcset=\"https:\/\/www.telaled.com\/wp-content\/uploads\/2025\/09\/Flexible-Installation-1.webp 750w, https:\/\/www.telaled.com\/wp-content\/uploads\/2025\/09\/Flexible-Installation-1-300x197.webp 300w, https:\/\/www.telaled.com\/wp-content\/uploads\/2025\/09\/Flexible-Installation-1-18x12.webp 18w, https:\/\/www.telaled.com\/wp-content\/uploads\/2025\/09\/Flexible-Installation-1-600x394.webp 600w\" sizes=\"auto, (max-width: 750px) 100vw, 750px\" \/>\t\t\t\t\t\t\n\t\t\t\t\t<\/div>\n\t\t\t\t\t\t\t\t\n<style>\n#image_279448347 {\n  width: 80%;\n}\n<\/style>\n\t<\/div>\n\t\n<ul>\n<li><strong>Applications multiples<\/strong> Id\u00e9al pour <a href=\"https:\/\/www.telaled.com\/fr\/painel-de-led-para-loja\/\">magasins de d\u00e9tail<\/a>, les p\u00f4les de transport, les espaces publics et les zones commerciales o\u00f9 un trafic pi\u00e9tonnier important assure une visibilit\u00e9 et une interaction maximales.<\/li>\n<\/ul>\n\t<div class=\"img has-hover x md-x lg-x y md-y lg-y\" id=\"image_1462016096\">\n\t\t\t\t\t\t\t\t<div class=\"img-inner dark\" >\n\t\t\t<img loading=\"lazy\" decoding=\"async\" width=\"450\" height=\"1024\" src=\"https:\/\/www.telaled.com\/wp-content\/uploads\/2025\/09\/totem-de-rua-propaganda-Aplicativo-1-450x1024.webp\" class=\"attachment-large size-large\" alt=\"Application de publicit\u00e9 par totem de rue\" srcset=\"https:\/\/www.telaled.com\/wp-content\/uploads\/2025\/09\/totem-de-rua-propaganda-Aplicativo-1-450x1024.webp 450w, https:\/\/www.telaled.com\/wp-content\/uploads\/2025\/09\/totem-de-rua-propaganda-Aplicativo-1-132x300.webp 132w, https:\/\/www.telaled.com\/wp-content\/uploads\/2025\/09\/totem-de-rua-propaganda-Aplicativo-1-5x12.webp 5w, https:\/\/www.telaled.com\/wp-content\/uploads\/2025\/09\/totem-de-rua-propaganda-Aplicativo-1-600x1366.webp 600w, https:\/\/www.telaled.com\/wp-content\/uploads\/2025\/09\/totem-de-rua-propaganda-Aplicativo-1.webp 750w\" sizes=\"auto, (max-width: 450px) 100vw, 450px\" \/>\t\t\t\t\t\t\n\t\t\t\t\t<\/div>\n\t\t\t\t\t\t\t\t\n<style>\n#image_1462016096 {\n  width: 80%;\n}\n<\/style>\n\t<\/div>\n\t\n<ul>\n<li><span style=\"font-weight: 400;\">Les totems publicitaires de la s\u00e9rie TWA sont exp\u00e9di\u00e9s dans des caisses en bois robustes, soigneusement renforc\u00e9es pour r\u00e9sister au transport. Chaque pr\u00e9sentoir est solidement fix\u00e9 pour le prot\u00e9ger des nuisibles et des chocs, et arrive intact et durable.<\/span><\/li>\n<\/ul>\n\t<div class=\"img has-hover x md-x lg-x y md-y lg-y\" id=\"image_1324669416\">\n\t\t\t\t\t\t\t\t<div class=\"img-inner dark\" >\n\t\t\t<img loading=\"lazy\" decoding=\"async\" width=\"760\" height=\"1024\" src=\"https:\/\/www.telaled.com\/wp-content\/uploads\/2025\/08\/36123f2c-de60-488d-af81-255cd4aee54a-760x1024.webp\" class=\"attachment-large size-large\" alt=\"\" srcset=\"https:\/\/www.telaled.com\/wp-content\/uploads\/2025\/08\/36123f2c-de60-488d-af81-255cd4aee54a-760x1024.webp 760w, https:\/\/www.telaled.com\/wp-content\/uploads\/2025\/08\/36123f2c-de60-488d-af81-255cd4aee54a-223x300.webp 223w, https:\/\/www.telaled.com\/wp-content\/uploads\/2025\/08\/36123f2c-de60-488d-af81-255cd4aee54a-768x1035.webp 768w, https:\/\/www.telaled.com\/wp-content\/uploads\/2025\/08\/36123f2c-de60-488d-af81-255cd4aee54a-9x12.webp 9w, https:\/\/www.telaled.com\/wp-content\/uploads\/2025\/08\/36123f2c-de60-488d-af81-255cd4aee54a-600x808.webp 600w, https:\/\/www.telaled.com\/wp-content\/uploads\/2025\/08\/36123f2c-de60-488d-af81-255cd4aee54a.webp 795w\" sizes=\"auto, (max-width: 760px) 100vw, 760px\" \/>\t\t\t\t\t\t\n\t\t\t\t\t<\/div>\n\t\t\t\t\t\t\t\t\n<style>\n#image_1324669416 {\n  width: 80%;\n}\n<\/style>\n\t<\/div>\n\t\n\n<table id=\"tablepress-89\" class=\"tablepress tablepress-id-89\">\n<thead>\n<tr class=\"row-1\">\n\t<th colspan=\"4\" class=\"column-1\">Principaux attributs<\/th>\n<\/tr>\n<\/thead>\n<tbody class=\"row-striping row-hover\">\n<tr class=\"row-2\">\n\t<td class=\"column-1\">R\u00e9solution<\/td><td class=\"column-2\">4096*2160<\/td><td class=\"column-3\"><\/td><td class=\"column-4\"><\/td>\n<\/tr>\n<tr class=\"row-3\">\n\t<td class=\"column-1\">Format d&#039;\u00e9cran<\/td><td class=\"column-2\">Autre<\/td><td class=\"column-3\"><\/td><td class=\"column-4\"><\/td>\n<\/tr>\n<tr class=\"row-4\">\n\t<td class=\"column-1\">Application<\/td><td class=\"column-2\">Int\u00e9rieur, ext\u00e9rieur<\/td><td class=\"column-3\"><\/td><td class=\"column-4\"><\/td>\n<\/tr>\n<tr class=\"row-5\">\n\t<td class=\"column-1\">Briller<\/td><td class=\"column-2\">\u22655000 cd\/m2 ou \u22656000 cd\/m2<\/td><td class=\"column-3\"><\/td><td class=\"column-4\"><\/td>\n<\/tr>\n<tr class=\"row-6\">\n\t<td class=\"column-1\">Indice de protection IP<\/td><td class=\"column-2\">IP65<\/td><td class=\"column-3\"><\/td><td class=\"column-4\"><\/td>\n<\/tr>\n<tr class=\"row-7\">\n\t<td class=\"column-1\">Pixels<\/td><td class=\"column-2\">3 millim\u00e8tres<\/td><td class=\"column-3\"><\/td><td class=\"column-4\"><\/td>\n<\/tr>\n<tr class=\"row-8\">\n\t<td class=\"column-1\">Garantie<\/td><td class=\"column-2\">5 ans<\/td><td class=\"column-3\"><\/td><td class=\"column-4\"><\/td>\n<\/tr>\n<tr class=\"row-9\">\n\t<td class=\"column-1\">Type d&#039;\u00e9cran<\/td><td class=\"column-2\">Autre<\/td><td class=\"column-3\"><\/td><td class=\"column-4\"><\/td>\n<\/tr>\n<tr class=\"row-10\">\n\t<td class=\"column-1\">Fonction<\/td><td class=\"column-2\">SDK<\/td><td class=\"column-3\"><\/td><td class=\"column-4\"><\/td>\n<\/tr>\n<tr class=\"row-11\">\n\t<td class=\"column-1\">Sp\u00e9cification<\/td><td class=\"column-2\">Affiche num\u00e9rique, kiosque<\/td><td class=\"column-3\"><\/td><td class=\"column-4\"><\/td>\n<\/tr>\n<tr class=\"row-12\">\n\t<td class=\"column-1\">Type de fournisseur<\/td><td class=\"column-2\">Fabricant d&#039;origine, ODM, Agence, D\u00e9taillant, OEM, Autre<\/td><td class=\"column-3\"><\/td><td class=\"column-4\"><\/td>\n<\/tr>\n<tr class=\"row-13\">\n\t<td class=\"column-1\">M\u00e9dias disponibles<\/td><td class=\"column-2\">fiche technique, photo, mod\u00e8les EDA\/CAD<\/td><td class=\"column-3\"><\/td><td class=\"column-4\"><\/td>\n<\/tr>\n<tr class=\"row-14\">\n\t<td class=\"column-1\">\u00c0 utiliser<\/td><td class=\"column-2\">Publicit\u00e9, Commerce de d\u00e9tail, Centre commercial, Pr\u00e9sentoir de vaisselle, Pr\u00e9sentoir de bienvenue, Libre-service, Salle d&#039;exposition, Signal\u00e9tique, A\u00e9roport, M\u00e9tro, Ascenseur, Fournitures pour restaurants et h\u00f4tels, \u00c9ducation, Soins m\u00e9dicaux<\/td><td class=\"column-3\"><\/td><td class=\"column-4\"><\/td>\n<\/tr>\n<tr class=\"row-15\">\n\t<td class=\"column-1\">Densit\u00e9 de pixels<\/td><td class=\"column-2\">105625 points\/m2<\/td><td class=\"column-3\"><\/td><td class=\"column-4\"><\/td>\n<\/tr>\n<tr class=\"row-16\">\n\t<td class=\"column-1\">Lieu d&#039;origine<\/td><td class=\"column-2\">SHENZHEN<\/td><td class=\"column-3\"><\/td><td class=\"column-4\"><\/td>\n<\/tr>\n<tr class=\"row-17\">\n\t<td class=\"column-1\">Couleur<\/td><td class=\"column-2\">couleurs compl\u00e8tes<\/td><td class=\"column-3\"><\/td><td class=\"column-4\"><\/td>\n<\/tr>\n<tr class=\"row-18\">\n\t<td class=\"column-1\">Dur\u00e9e de vie (heures)<\/td><td class=\"column-2\">100 000 heures<\/td><td class=\"column-3\"><\/td><td class=\"column-4\"><\/td>\n<\/tr>\n<tr class=\"row-19\">\n\t<td class=\"column-1\">angle de vision (h\/v)<\/td><td class=\"column-2\">120\u00b0\/120\u00b0<\/td><td class=\"column-3\"><\/td><td class=\"column-4\"><\/td>\n<\/tr>\n<tr class=\"row-20\">\n\t<td class=\"column-1\">Taille du placard<\/td><td class=\"column-2\">1140*2230 mm<\/td><td class=\"column-3\"><\/td><td class=\"column-4\"><\/td>\n<\/tr>\n<tr class=\"row-21\">\n\t<td class=\"column-1\">\u00c9paisseur<\/td><td class=\"column-2\">17 cm<\/td><td class=\"column-3\"><\/td><td class=\"column-4\"><\/td>\n<\/tr>\n<tr class=\"row-22\">\n\t<td class=\"column-1\">Poids<\/td><td class=\"column-2\">147 kg<\/td><td class=\"column-3\"><\/td><td class=\"column-4\"><\/td>\n<\/tr>\n<tr class=\"row-23\">\n\t<td class=\"column-1\">Pixels<\/td><td class=\"column-2\">P3 P4 P5<\/td><td class=\"column-3\"><\/td><td class=\"column-4\"><\/td>\n<\/tr>\n<tr class=\"row-24\">\n\t<td class=\"column-1\">Taper<\/td><td class=\"column-2\">Affiche ext\u00e9rieure<\/td><td class=\"column-3\"><\/td><td class=\"column-4\"><\/td>\n<\/tr>\n<tr class=\"row-25\">\n\t<td class=\"column-1\">Taille du module<\/td><td class=\"column-2\">320*160 mm<\/td><td class=\"column-3\"><\/td><td class=\"column-4\"><\/td>\n<\/tr>\n<tr class=\"row-26\">\n\t<td class=\"column-1\">Briller<\/td><td class=\"column-2\">6000 cd\/\u33a1<\/td><td class=\"column-3\"><\/td><td class=\"column-4\"><\/td>\n<\/tr>\n<tr class=\"row-27\">\n\t<td class=\"column-1\">Niveaux de gris<\/td><td class=\"column-2\">14 bits<\/td><td class=\"column-3\"><\/td><td class=\"column-4\"><\/td>\n<\/tr>\n<tr class=\"row-28\">\n\t<td class=\"column-1\">Angle de vision<\/td><td class=\"column-2\">120\u00b0\/120\u00b0<\/td><td class=\"column-3\"><\/td><td class=\"column-4\"><\/td>\n<\/tr>\n<\/tbody>\n<\/table>\n<!-- #tablepress-89 from cache -->\n\t\t<\/div>\n\t\t\t\t\t<\/div>\n\n\t\n<\/div>\n\t\t<\/div>\n\t\t\t\t\t<\/div>\n\n\t\n<\/div>","protected":false},"excerpt":{"rendered":"<p><strong>Totem publicitaire de rue de la s\u00e9rie TWA \u2013 Affichage ext\u00e9rieur durable pour un impact maximal<\/strong><\/p>\n<p>LE <strong>Publicit\u00e9 de rue Totem S\u00e9rie TWA<\/strong> Con\u00e7u pour attirer l&#039;attention dans les espaces ext\u00e9rieurs tr\u00e8s fr\u00e9quent\u00e9s, il offre une visibilit\u00e9 optimale, de jour comme de nuit. Id\u00e9al pour les marques, les commer\u00e7ants et les espaces publics, il permet \u00e0 votre message de se d\u00e9marquer l\u00e0 o\u00f9 il compte le plus.<\/p>\n<p><strong>Principaux avantages :<\/strong><\/p>\n<ul>\n<li><strong>Visibilit\u00e9 24 heures sur 24\u00a0:<\/strong> 7 jours sur 7 : des \u00e9crans lumineux et haute r\u00e9solution maintiennent vos annonces claires et visibles, m\u00eame en plein soleil ou la nuit.<\/li>\n<li><strong>Conception r\u00e9sistante aux intemp\u00e9ries :<\/strong> con\u00e7u pour r\u00e9sister \u00e0 la pluie, \u00e0 la chaleur et \u00e0 la poussi\u00e8re, garantissant des performances durables dans les environnements ext\u00e9rieurs.<\/li>\n<li><strong>Options personnalisables :<\/strong> disponible en diff\u00e9rentes tailles, finitions et types d&#039;affichage pour r\u00e9pondre \u00e0 vos besoins de marque.<\/li>\n<li><strong>Augmenter l&#039;engagement :<\/strong> Les totems plac\u00e9s strat\u00e9giquement attirent la circulation pi\u00e9tonni\u00e8re et augmentent la reconnaissance de la marque dans les zones \u00e0 fort trafic.<\/li>\n<\/ul>\n<p><span style=\"font-weight: 400;\">Notre \u00e9quipe offre une assistance \u00e0 distance 24h\/24 et 7j\/7 et une garantie de 3 ans. Contactez-nous d\u00e8s aujourd&#039;hui pour un devis personnalis\u00e9.<\/span><\/p>","protected":false},"featured_media":3607,"template":"","meta":[],"product_brand":[],"product_cat":[48,40,44,46],"product_tag":[],"class_list":{"0":"post-3604","1":"product","2":"type-product","3":"status-publish","4":"has-post-thumbnail","6":"product_cat-paineis-personalizados","7":"product_cat-painel-de-led","8":"product_cat-painel-de-led-flexivel","9":"product_cat-painel-de-video","11":"first","12":"instock","13":"shipping-taxable","14":"product-type-simple"},"yoast_head":"<!-- This site is optimized with the Yoast SEO plugin v27.5 - https:\/\/yoast.com\/product\/yoast-seo-wordpress\/ -->\n<title>Totem De Rua Propaganda S\u00e9rie TWA | TELALED<\/title>\n<meta name=\"description\" content=\"O Totem De Rua Propaganda S\u00e9rie TWA \u00e9 um totem externo de alto impacto e resistente \u00e0s intemp\u00e9ries que aumenta a visibilidade da marca. Solicite um or\u00e7amento.\" \/>\n<meta name=\"robots\" content=\"index, follow, max-snippet:-1, max-image-preview:large, max-video-preview:-1\" \/>\n<link rel=\"canonical\" href=\"https:\/\/www.telaled.com\/fr\/fabrica\/totem-de-rua-propaganda-serie-twa\/\" \/>\n<meta property=\"og:locale\" content=\"fr_FR\" \/>\n<meta property=\"og:type\" content=\"article\" \/>\n<meta property=\"og:title\" content=\"Totem De Rua Propaganda S\u00e9rie TWA | TELALED\" \/>\n<meta property=\"og:description\" content=\"O Totem De Rua Propaganda S\u00e9rie TWA \u00e9 um totem externo de alto impacto e resistente \u00e0s intemp\u00e9ries que aumenta a visibilidade da marca. Solicite um or\u00e7amento.\" \/>\n<meta property=\"og:url\" content=\"https:\/\/www.telaled.com\/fr\/fabrica\/totem-de-rua-propaganda-serie-twa\/\" \/>\n<meta property=\"og:site_name\" content=\"TELALED\" \/>\n<meta property=\"article:modified_time\" content=\"2026-01-06T08:35:10+00:00\" \/>\n<meta property=\"og:image\" content=\"https:\/\/www.telaled.com\/wp-content\/uploads\/2025\/09\/Totem-De-Rua-Propaganda.webp\" \/>\n\t<meta property=\"og:image:width\" content=\"500\" \/>\n\t<meta property=\"og:image:height\" content=\"500\" \/>\n\t<meta property=\"og:image:type\" content=\"image\/webp\" \/>\n<meta name=\"twitter:card\" content=\"summary_large_image\" \/>\n<meta name=\"twitter:label1\" content=\"Dur\u00e9e de lecture estim\u00e9e\" \/>\n\t<meta name=\"twitter:data1\" content=\"2 minutes\" \/>\n<script type=\"application\/ld+json\" class=\"yoast-schema-graph\">{\"@context\":\"https:\\\/\\\/schema.org\",\"@graph\":[{\"@type\":\"WebPage\",\"@id\":\"https:\\\/\\\/www.telaled.com\\\/fabrica\\\/totem-de-rua-propaganda-serie-twa\\\/\",\"url\":\"https:\\\/\\\/www.telaled.com\\\/fabrica\\\/totem-de-rua-propaganda-serie-twa\\\/\",\"name\":\"Totem De Rua Propaganda S\u00e9rie TWA | TELALED\",\"isPartOf\":{\"@id\":\"https:\\\/\\\/www.telaled.com\\\/#website\"},\"primaryImageOfPage\":{\"@id\":\"https:\\\/\\\/www.telaled.com\\\/fabrica\\\/totem-de-rua-propaganda-serie-twa\\\/#primaryimage\"},\"image\":{\"@id\":\"https:\\\/\\\/www.telaled.com\\\/fabrica\\\/totem-de-rua-propaganda-serie-twa\\\/#primaryimage\"},\"thumbnailUrl\":\"https:\\\/\\\/www.telaled.com\\\/wp-content\\\/uploads\\\/2025\\\/09\\\/Totem-De-Rua-Propaganda.webp\",\"datePublished\":\"2025-09-26T19:34:34+00:00\",\"dateModified\":\"2026-01-06T08:35:10+00:00\",\"description\":\"O Totem De Rua Propaganda S\u00e9rie TWA \u00e9 um totem externo de alto impacto e resistente \u00e0s intemp\u00e9ries que aumenta a visibilidade da marca. Solicite um or\u00e7amento.\",\"breadcrumb\":{\"@id\":\"https:\\\/\\\/www.telaled.com\\\/fabrica\\\/totem-de-rua-propaganda-serie-twa\\\/#breadcrumb\"},\"inLanguage\":\"fr-FR\",\"potentialAction\":[{\"@type\":\"ReadAction\",\"target\":[\"https:\\\/\\\/www.telaled.com\\\/fabrica\\\/totem-de-rua-propaganda-serie-twa\\\/\"]}]},{\"@type\":\"ImageObject\",\"inLanguage\":\"fr-FR\",\"@id\":\"https:\\\/\\\/www.telaled.com\\\/fabrica\\\/totem-de-rua-propaganda-serie-twa\\\/#primaryimage\",\"url\":\"https:\\\/\\\/www.telaled.com\\\/wp-content\\\/uploads\\\/2025\\\/09\\\/Totem-De-Rua-Propaganda.webp\",\"contentUrl\":\"https:\\\/\\\/www.telaled.com\\\/wp-content\\\/uploads\\\/2025\\\/09\\\/Totem-De-Rua-Propaganda.webp\",\"width\":500,\"height\":500,\"caption\":\"Totem De Rua Propaganda\"},{\"@type\":\"BreadcrumbList\",\"@id\":\"https:\\\/\\\/www.telaled.com\\\/fabrica\\\/totem-de-rua-propaganda-serie-twa\\\/#breadcrumb\",\"itemListElement\":[{\"@type\":\"ListItem\",\"position\":1,\"name\":\"Home\",\"item\":\"https:\\\/\\\/www.telaled.com\\\/\"},{\"@type\":\"ListItem\",\"position\":2,\"name\":\"Produtos\",\"item\":\"https:\\\/\\\/www.telaled.com\\\/shop\\\/\"},{\"@type\":\"ListItem\",\"position\":3,\"name\":\"Totem De Rua Propaganda S\u00e9rie TWA\"}]},{\"@type\":\"WebSite\",\"@id\":\"https:\\\/\\\/www.telaled.com\\\/#website\",\"url\":\"https:\\\/\\\/www.telaled.com\\\/\",\"name\":\"TELALED\",\"description\":\"\",\"potentialAction\":[{\"@type\":\"SearchAction\",\"target\":{\"@type\":\"EntryPoint\",\"urlTemplate\":\"https:\\\/\\\/www.telaled.com\\\/?s={search_term_string}\"},\"query-input\":{\"@type\":\"PropertyValueSpecification\",\"valueRequired\":true,\"valueName\":\"search_term_string\"}}],\"inLanguage\":\"fr-FR\"}]}<\/script>\n<!-- \/ Yoast SEO plugin. -->","yoast_head_json":{"title":"Totem publicitaire de rue, s\u00e9rie TWA | TELALED","description":"Le totem publicitaire de rue de la s\u00e9rie TWA est un totem ext\u00e9rieur \u00e0 fort impact et r\u00e9sistant aux intemp\u00e9ries qui renforce la visibilit\u00e9 de votre marque. Demandez un devis.","robots":{"index":"index","follow":"follow","max-snippet":"max-snippet:-1","max-image-preview":"max-image-preview:large","max-video-preview":"max-video-preview:-1"},"canonical":"https:\/\/www.telaled.com\/fr\/fabrica\/totem-de-rua-propaganda-serie-twa\/","og_locale":"fr_FR","og_type":"article","og_title":"Totem De Rua Propaganda S\u00e9rie TWA | TELALED","og_description":"O Totem De Rua Propaganda S\u00e9rie TWA \u00e9 um totem externo de alto impacto e resistente \u00e0s intemp\u00e9ries que aumenta a visibilidade da marca. Solicite um or\u00e7amento.","og_url":"https:\/\/www.telaled.com\/fr\/fabrica\/totem-de-rua-propaganda-serie-twa\/","og_site_name":"TELALED","article_modified_time":"2026-01-06T08:35:10+00:00","og_image":[{"width":500,"height":500,"url":"https:\/\/www.telaled.com\/wp-content\/uploads\/2025\/09\/Totem-De-Rua-Propaganda.webp","type":"image\/webp"}],"twitter_card":"summary_large_image","twitter_misc":{"Dur\u00e9e de lecture estim\u00e9e":"2 minutes"},"schema":{"@context":"https:\/\/schema.org","@graph":[{"@type":"WebPage","@id":"https:\/\/www.telaled.com\/fabrica\/totem-de-rua-propaganda-serie-twa\/","url":"https:\/\/www.telaled.com\/fabrica\/totem-de-rua-propaganda-serie-twa\/","name":"Totem publicitaire de rue, s\u00e9rie TWA | TELALED","isPartOf":{"@id":"https:\/\/www.telaled.com\/#website"},"primaryImageOfPage":{"@id":"https:\/\/www.telaled.com\/fabrica\/totem-de-rua-propaganda-serie-twa\/#primaryimage"},"image":{"@id":"https:\/\/www.telaled.com\/fabrica\/totem-de-rua-propaganda-serie-twa\/#primaryimage"},"thumbnailUrl":"https:\/\/www.telaled.com\/wp-content\/uploads\/2025\/09\/Totem-De-Rua-Propaganda.webp","datePublished":"2025-09-26T19:34:34+00:00","dateModified":"2026-01-06T08:35:10+00:00","description":"Le totem publicitaire de rue de la s\u00e9rie TWA est un totem ext\u00e9rieur \u00e0 fort impact et r\u00e9sistant aux intemp\u00e9ries qui renforce la visibilit\u00e9 de votre marque. Demandez un devis.","breadcrumb":{"@id":"https:\/\/www.telaled.com\/fabrica\/totem-de-rua-propaganda-serie-twa\/#breadcrumb"},"inLanguage":"fr-FR","potentialAction":[{"@type":"ReadAction","target":["https:\/\/www.telaled.com\/fabrica\/totem-de-rua-propaganda-serie-twa\/"]}]},{"@type":"ImageObject","inLanguage":"fr-FR","@id":"https:\/\/www.telaled.com\/fabrica\/totem-de-rua-propaganda-serie-twa\/#primaryimage","url":"https:\/\/www.telaled.com\/wp-content\/uploads\/2025\/09\/Totem-De-Rua-Propaganda.webp","contentUrl":"https:\/\/www.telaled.com\/wp-content\/uploads\/2025\/09\/Totem-De-Rua-Propaganda.webp","width":500,"height":500,"caption":"Totem De Rua Propaganda"},{"@type":"BreadcrumbList","@id":"https:\/\/www.telaled.com\/fabrica\/totem-de-rua-propaganda-serie-twa\/#breadcrumb","itemListElement":[{"@type":"ListItem","position":1,"name":"Home","item":"https:\/\/www.telaled.com\/"},{"@type":"ListItem","position":2,"name":"Produtos","item":"https:\/\/www.telaled.com\/shop\/"},{"@type":"ListItem","position":3,"name":"Totem De Rua Propaganda S\u00e9rie TWA"}]},{"@type":"WebSite","@id":"https:\/\/www.telaled.com\/#website","url":"https:\/\/www.telaled.com\/","name":"\u00e9cran LED","description":"","potentialAction":[{"@type":"SearchAction","target":{"@type":"EntryPoint","urlTemplate":"https:\/\/www.telaled.com\/?s={search_term_string}"},"query-input":{"@type":"PropertyValueSpecification","valueRequired":true,"valueName":"search_term_string"}}],"inLanguage":"fr-FR"}]}},"_links":{"self":[{"href":"https:\/\/www.telaled.com\/fr\/wp-json\/wp\/v2\/product\/3604","targetHints":{"allow":["GET"]}}],"collection":[{"href":"https:\/\/www.telaled.com\/fr\/wp-json\/wp\/v2\/product"}],"about":[{"href":"https:\/\/www.telaled.com\/fr\/wp-json\/wp\/v2\/types\/product"}],"wp:featuredmedia":[{"embeddable":true,"href":"https:\/\/www.telaled.com\/fr\/wp-json\/wp\/v2\/media\/3607"}],"wp:attachment":[{"href":"https:\/\/www.telaled.com\/fr\/wp-json\/wp\/v2\/media?parent=3604"}],"wp:term":[{"taxonomy":"product_brand","embeddable":true,"href":"https:\/\/www.telaled.com\/fr\/wp-json\/wp\/v2\/product_brand?post=3604"},{"taxonomy":"product_cat","embeddable":true,"href":"https:\/\/www.telaled.com\/fr\/wp-json\/wp\/v2\/product_cat?post=3604"},{"taxonomy":"product_tag","embeddable":true,"href":"https:\/\/www.telaled.com\/fr\/wp-json\/wp\/v2\/product_tag?post=3604"}],"curies":[{"name":"wp","href":"https:\/\/api.w.org\/{rel}","templated":true}]}}